{"id":719467,"date":"2026-05-08T11:39:44","date_gmt":"2026-05-08T10:39:44","guid":{"rendered":"https:\/\/droix.eu\/product\/carregador-de-parede-usb-c-droix-140w\/"},"modified":"2026-05-13T12:25:50","modified_gmt":"2026-05-13T11:25:50","slug":"carregador-de-parede-usb-c-droix-140w","status":"publish","type":"product","link":"https:\/\/droix.eu\/pt-pt\/product\/carregador-de-parede-usb-c-droix-140w\/","title":{"rendered":"Carregador de parede USB-C DROIX 140W"},"content":{"rendered":"\n<div class=\"wp-block-columns is-layout-flex wp-container-core-columns-is-layout-28f84493 wp-block-columns-is-layout-flex\">\n<div class=\"wp-block-column is-layout-flow wp-block-column-is-layout-flow\" style=\"flex-basis:33.33%\">\n<figure class=\"wp-block-image size-large\"><a href=\"https:\/\/droix.eu\/wp-content\/uploads\/2026\/05\/DROIX-140W-BLACK-DONE-01.png\"><img fetchpriority=\"high\" decoding=\"async\" width=\"1024\" height=\"1024\" src=\"https:\/\/droix.eu\/wp-content\/uploads\/2026\/05\/DROIX-140W-BLACK-DONE-01-1024x1024.png\" alt=\"Uma representa&#xE7;&#xE3;o detalhada do produto de dois carregadores de parede DROIX 140W GaN de diferentes perspectivas, apresentados num fundo preto. O carregador em primeiro plano est&#xE1; numa vista frontal de tr&#xEA;s quartos. &#xC9; um bloco preto mate com a ficha dobr&#xE1;vel americana parcialmente estendida no lado esquerdo. De lado, um texto branco proeminente diz &quot;CHARGER 140W&quot; com um &quot;O&quot; grande e um &quot;140&quot; pequeno por cima do &quot;O&quot;, e o log&#xF3;tipo DROIX por baixo. A face frontal em preto brilhante apresenta um ecr&#xE3; circular central com um anel din&#xE2;mico com as cores do arco-&#xED;ris &#xE0; volta do texto branco &quot;140 W&quot; e um pequeno &#xED;cone de carregamento verde. Por baixo do ecr&#xE3; encontra-se um bot&#xE3;o ou um indicador LED. O carregador de fundo &#xE9; apresentado numa vista traseira a tr&#xEA;s quartos, mostrando as portas e os pormenores do texto. Enumera extensas especifica&#xE7;&#xF5;es t&#xE9;cnicas de v&#xE1;rias linhas e certifica&#xE7;&#xF5;es de seguran&#xE7;a em pequeno texto branco (tais como n&#xFA;meros de modelo, classifica&#xE7;&#xF5;es de tens&#xE3;o\/corrente e marcas CE, FCC, UKCA). Esta unidade apresenta as suas quatro portas de sa&#xED;da: de cima para baixo, uma porta USB-A com um toque de cor de laranja e o pequeno texto &quot;22.5W Max&quot;, seguido de tr&#xEA;s portas USB-C com as etiquetas &quot;40W&quot;, &quot;100W&quot; e &quot;140W&quot;. Ambas as unidades apresentam grelhas de ventila&#xE7;&#xE3;o superiores. Esta composi&#xE7;&#xE3;o oferece uma vis&#xE3;o abrangente da marca, do ecr&#xE3; e das capacidades das portas do carregador.          \" class=\"wp-image-719285\" srcset=\"https:\/\/droix.eu\/wp-content\/uploads\/2026\/05\/DROIX-140W-BLACK-DONE-01-1024x1024.png 1024w, https:\/\/droix.eu\/wp-content\/uploads\/2026\/05\/DROIX-140W-BLACK-DONE-01-300x300.png 300w, https:\/\/droix.eu\/wp-content\/uploads\/2026\/05\/DROIX-140W-BLACK-DONE-01-768x768.png 768w, https:\/\/droix.eu\/wp-content\/uploads\/2026\/05\/DROIX-140W-BLACK-DONE-01-990x990.png 990w, https:\/\/droix.eu\/wp-content\/uploads\/2026\/05\/DROIX-140W-BLACK-DONE-01-441x441.png 441w, https:\/\/droix.eu\/wp-content\/uploads\/2026\/05\/DROIX-140W-BLACK-DONE-01-100x100.png 100w, https:\/\/droix.eu\/wp-content\/uploads\/2026\/05\/DROIX-140W-BLACK-DONE-01-1000x1000.png 1000w, https:\/\/droix.eu\/wp-content\/uploads\/2026\/05\/DROIX-140W-BLACK-DONE-01-150x150.png 150w, https:\/\/droix.eu\/wp-content\/uploads\/2026\/05\/DROIX-140W-BLACK-DONE-01.png 1500w\" sizes=\"(max-width: 1024px) 100vw, 1024px\" \/><\/a><\/figure>\n<\/div>\n\n\n\n<div class=\"wp-block-column is-layout-flow wp-block-column-is-layout-flow\" style=\"flex-basis:66.66%\">\n<h2 class=\"wp-block-heading\"><strong><strong><strong>Carregador de parede DROIX 140W USB-C GaN: O derradeiro hub de viagem de alto desempenho<\/strong><\/strong><\/strong><\/h2>\n\n\n\n<p>O carregador de parede USB-C de 140 W da DROIX representa a pr\u00f3xima gera\u00e7\u00e3o de energia port\u00e1til, concebida especificamente para utilizadores que exigem efici\u00eancia sem volume. Ao integrar a tecnologia de ponta GaN (nitreto de g\u00e1lio), cri\u00e1mos um carregador que fornece a enorme margem de manobra necess\u00e1ria para um desempenho m\u00e1ximo em tudo, desde o mais recente iPhone 17 at\u00e9 \u00e0s consolas de jogos topo de gama. Consequentemente, elimina a necessidade de v\u00e1rios adaptadores volumosos ao consolidar as suas necessidades de carregamento numa \u00fanica unidade de alimenta\u00e7\u00e3o elegante e de elevada efici\u00eancia.  <\/p>\n<\/div>\n<\/div>\n\n<h2 class=\"wp-block-heading has-text-align-center\"><strong><strong><strong>Porque \u00e9 que o carregador DROIX 140W USB-C GaN \u00e9 o seu novo essencial de viagem<\/strong><\/strong><\/strong><\/h2>\n\n<div class=\"wp-block-columns is-layout-flex wp-container-core-columns-is-layout-28f84493 wp-block-columns-is-layout-flex\">\n<div class=\"wp-block-column is-layout-flow wp-block-column-is-layout-flow\">\n<figure class=\"wp-block-image size-large\"><a href=\"https:\/\/droix.eu\/wp-content\/uploads\/2026\/05\/DROIX-140W-MARKETING-DONE-05.jpg\"><img decoding=\"async\" width=\"1024\" height=\"1024\" src=\"https:\/\/droix.eu\/wp-content\/uploads\/2026\/05\/DROIX-140W-MARKETING-DONE-05-1024x1024.jpg\" alt=\"Carregador Droix 140W com op&#xE7;&#xF5;es de ficha dobr&#xE1;vel UE\/EUA e dimens&#xF5;es apresentadas num fundo branco\" class=\"wp-image-719286\" srcset=\"https:\/\/droix.eu\/wp-content\/uploads\/2026\/05\/DROIX-140W-MARKETING-DONE-05-1024x1024.jpg 1024w, https:\/\/droix.eu\/wp-content\/uploads\/2026\/05\/DROIX-140W-MARKETING-DONE-05-300x300.jpg 300w, https:\/\/droix.eu\/wp-content\/uploads\/2026\/05\/DROIX-140W-MARKETING-DONE-05-768x768.jpg 768w, https:\/\/droix.eu\/wp-content\/uploads\/2026\/05\/DROIX-140W-MARKETING-DONE-05-990x990.jpg 990w, https:\/\/droix.eu\/wp-content\/uploads\/2026\/05\/DROIX-140W-MARKETING-DONE-05-441x441.jpg 441w, https:\/\/droix.eu\/wp-content\/uploads\/2026\/05\/DROIX-140W-MARKETING-DONE-05-100x100.jpg 100w, https:\/\/droix.eu\/wp-content\/uploads\/2026\/05\/DROIX-140W-MARKETING-DONE-05-1000x1000.jpg 1000w, https:\/\/droix.eu\/wp-content\/uploads\/2026\/05\/DROIX-140W-MARKETING-DONE-05-150x150.jpg 150w, https:\/\/droix.eu\/wp-content\/uploads\/2026\/05\/DROIX-140W-MARKETING-DONE-05.jpg 1500w\" sizes=\"(max-width: 1024px) 100vw, 1024px\" \/><\/a><\/figure>\n<\/div>\n\n\n\n<div class=\"wp-block-column is-layout-flow wp-block-column-is-layout-flow\">\n<figure class=\"wp-block-image size-large\"><a href=\"https:\/\/droix.eu\/wp-content\/uploads\/2026\/05\/DROIX-140W-MARKETING-DONE-012.jpg\"><img decoding=\"async\" width=\"1024\" height=\"1024\" src=\"https:\/\/droix.eu\/wp-content\/uploads\/2026\/05\/DROIX-140W-MARKETING-DONE-012-1024x1024.jpg\" alt=\"Um carregador de parede USB-C de 140 W da DROIX ligado a uma tomada de parede, carregando simultaneamente quatro dispositivos, incluindo um port&#xE1;til, um tablet, um smartphone e um smartwatch. A imagem destaca a capacidade de &quot;Carregamento simult&#xE2;neo de 4 dispositivos&quot; com quatro cabos ligados &#xE0; parte inferior da unidade. \" class=\"wp-image-719287\" srcset=\"https:\/\/droix.eu\/wp-content\/uploads\/2026\/05\/DROIX-140W-MARKETING-DONE-012-1024x1024.jpg 1024w, https:\/\/droix.eu\/wp-content\/uploads\/2026\/05\/DROIX-140W-MARKETING-DONE-012-300x300.jpg 300w, https:\/\/droix.eu\/wp-content\/uploads\/2026\/05\/DROIX-140W-MARKETING-DONE-012-768x768.jpg 768w, https:\/\/droix.eu\/wp-content\/uploads\/2026\/05\/DROIX-140W-MARKETING-DONE-012-990x990.jpg 990w, https:\/\/droix.eu\/wp-content\/uploads\/2026\/05\/DROIX-140W-MARKETING-DONE-012-441x441.jpg 441w, https:\/\/droix.eu\/wp-content\/uploads\/2026\/05\/DROIX-140W-MARKETING-DONE-012-100x100.jpg 100w, https:\/\/droix.eu\/wp-content\/uploads\/2026\/05\/DROIX-140W-MARKETING-DONE-012-1000x1000.jpg 1000w, https:\/\/droix.eu\/wp-content\/uploads\/2026\/05\/DROIX-140W-MARKETING-DONE-012-150x150.jpg 150w, https:\/\/droix.eu\/wp-content\/uploads\/2026\/05\/DROIX-140W-MARKETING-DONE-012.jpg 1500w\" sizes=\"(max-width: 1024px) 100vw, 1024px\" \/><\/a><\/figure>\n<\/div>\n<\/div>\n\n<p class=\"has-text-align-left\">A portabilidade est\u00e1 no centro deste design. Medindo apenas 71 mm, o carregador DROIX 140W \u00e9 significativamente mais pequeno do que um carregador de port\u00e1til normal. Apesar do seu tamanho compacto, continua a ser suficientemente potente para carregar um MacBook Pro 16&#8243; ou um <a href=\"https:\/\/droix.eu\/pt-pt\/product\/gpd-win-max-2-2025\/\" target=\"_blank\" rel=\"noopener\" title=\"\">GPD WIN MAX 2<\/a> a toda a velocidade.  <\/p>\n\n<p class=\"has-text-align-left\">Al\u00e9m disso, a inclus\u00e3o de um sistema de encaixe perfeito permite-lhe trocar facilmente entre fichas do Reino Unido, UE, EUA e AUS. Isto torna-o um companheiro verdadeiramente global para o n\u00f3mada digital moderno. Uma vez que se adapta a v\u00e1rias tomadas internacionais, pode viajar com confian\u00e7a sabendo que o seu equipamento &#8211; desde o iPhone 16 \u00e0 Nintendo Switch 2 &#8211; permanecer\u00e1 ligado.  <\/p>\n\n<h2 class=\"wp-block-heading has-text-align-center\"><strong><strong><strong>Fornecimento de energia GaN avan\u00e7ado e normas PD 3.1<\/strong><\/strong><\/strong><\/h2>\n\n<div class=\"wp-block-columns is-layout-flex wp-container-core-columns-is-layout-28f84493 wp-block-columns-is-layout-flex\">\n<div class=\"wp-block-column is-layout-flow wp-block-column-is-layout-flow\">\n<figure class=\"wp-block-image size-large\"><a href=\"https:\/\/droix.eu\/wp-content\/uploads\/2026\/05\/DROIX-140W-MARKETING-DONE-011.jpg\"><img loading=\"lazy\" decoding=\"async\" width=\"1024\" height=\"1024\" src=\"https:\/\/droix.eu\/wp-content\/uploads\/2026\/05\/DROIX-140W-MARKETING-DONE-011-1024x1024.jpg\" alt=\"Um grande plano do carregador prateado DROIX 140W mostrando as suas quatro portas e o ecr&#xE3; visual integrado. O texto real&#xE7;a a tecnologia &quot;140W PD 3.1&quot;, destacando a sua capacidade de adapta&#xE7;&#xE3;o autom&#xE1;tica e carregamento r&#xE1;pido de computadores port&#xE1;teis de elevado desempenho. \" class=\"wp-image-719288\" srcset=\"https:\/\/droix.eu\/wp-content\/uploads\/2026\/05\/DROIX-140W-MARKETING-DONE-011-1024x1024.jpg 1024w, https:\/\/droix.eu\/wp-content\/uploads\/2026\/05\/DROIX-140W-MARKETING-DONE-011-300x300.jpg 300w, https:\/\/droix.eu\/wp-content\/uploads\/2026\/05\/DROIX-140W-MARKETING-DONE-011-768x768.jpg 768w, https:\/\/droix.eu\/wp-content\/uploads\/2026\/05\/DROIX-140W-MARKETING-DONE-011-990x990.jpg 990w, https:\/\/droix.eu\/wp-content\/uploads\/2026\/05\/DROIX-140W-MARKETING-DONE-011-441x441.jpg 441w, https:\/\/droix.eu\/wp-content\/uploads\/2026\/05\/DROIX-140W-MARKETING-DONE-011-100x100.jpg 100w, https:\/\/droix.eu\/wp-content\/uploads\/2026\/05\/DROIX-140W-MARKETING-DONE-011-1000x1000.jpg 1000w, https:\/\/droix.eu\/wp-content\/uploads\/2026\/05\/DROIX-140W-MARKETING-DONE-011-150x150.jpg 150w, https:\/\/droix.eu\/wp-content\/uploads\/2026\/05\/DROIX-140W-MARKETING-DONE-011.jpg 1500w\" sizes=\"(max-width: 1024px) 100vw, 1024px\" \/><\/a><\/figure>\n<\/div>\n\n\n\n<div class=\"wp-block-column is-layout-flow wp-block-column-is-layout-flow\">\n<figure class=\"wp-block-image size-large\"><a href=\"https:\/\/droix.eu\/wp-content\/uploads\/2026\/05\/DROIX-140W-MARKETING-DONE-09.jpg\"><img loading=\"lazy\" decoding=\"async\" width=\"1024\" height=\"1024\" src=\"https:\/\/droix.eu\/wp-content\/uploads\/2026\/05\/DROIX-140W-MARKETING-DONE-09-1024x1024.jpg\" alt=\"Uma infografia intitulada &quot;Carregador visual inteligente&quot; que apresenta os v&#xE1;rios modos de visualiza&#xE7;&#xE3;o em tempo real do carregador DROIX 140W. Detalha os ecr&#xE3;s de interface para a sa&#xED;da de energia por porta, tempo total de utiliza&#xE7;&#xE3;o (88H), estado de sa&#xFA;de t&#xE9;rmica e &#xED;cones de carregamento din&#xE2;mico. \" class=\"wp-image-719289\" srcset=\"https:\/\/droix.eu\/wp-content\/uploads\/2026\/05\/DROIX-140W-MARKETING-DONE-09-1024x1024.jpg 1024w, https:\/\/droix.eu\/wp-content\/uploads\/2026\/05\/DROIX-140W-MARKETING-DONE-09-300x300.jpg 300w, https:\/\/droix.eu\/wp-content\/uploads\/2026\/05\/DROIX-140W-MARKETING-DONE-09-768x768.jpg 768w, https:\/\/droix.eu\/wp-content\/uploads\/2026\/05\/DROIX-140W-MARKETING-DONE-09-990x990.jpg 990w, https:\/\/droix.eu\/wp-content\/uploads\/2026\/05\/DROIX-140W-MARKETING-DONE-09-441x441.jpg 441w, https:\/\/droix.eu\/wp-content\/uploads\/2026\/05\/DROIX-140W-MARKETING-DONE-09-100x100.jpg 100w, https:\/\/droix.eu\/wp-content\/uploads\/2026\/05\/DROIX-140W-MARKETING-DONE-09-1000x1000.jpg 1000w, https:\/\/droix.eu\/wp-content\/uploads\/2026\/05\/DROIX-140W-MARKETING-DONE-09-150x150.jpg 150w, https:\/\/droix.eu\/wp-content\/uploads\/2026\/05\/DROIX-140W-MARKETING-DONE-09.jpg 1500w\" sizes=\"(max-width: 1024px) 100vw, 1024px\" \/><\/a><\/figure>\n<\/div>\n<\/div>\n\n<p>Ao utilizar a avan\u00e7ada tecnologia de semicondutores GaN, este melhor carregador usb c de 140 watts consegue uma maior efici\u00eancia e uma menor produ\u00e7\u00e3o de calor em compara\u00e7\u00e3o com os carregadores de sil\u00edcio tradicionais. Especificamente, suporta a norma PD 3.1, garantindo total compatibilidade com os dispositivos que mais consomem energia no mercado, incluindo o <a href=\"https:\/\/droix.eu\/pt-pt\/product\/gpd-ganha-5\/\" target=\"_blank\" rel=\"noopener\" title=\"\">GPD WIN 5<\/a> e o <a href=\"https:\/\/droix.eu\/pt-pt\/product\/gpd-g2\/\" target=\"_blank\" rel=\"noopener\" title=\"\">GPD G2<\/a>. <\/p>\n\n<p>Carregamento por gotejamento inteligente: Protege a longevidade da bateria, mudando automaticamente de modo quando o dispositivo atinge 80% da capacidade.<\/p>\n\n<p>Gest\u00e3o t\u00e9rmica: A assinatura de calor reduzida evita o stress t\u00e9rmico no seu hardware dispendioso, assegurando que os seus MacBooks e dispositivos m\u00f3veis permanecem em condi\u00e7\u00f5es ideais durante mais tempo.<\/p>\n\n<h2 class=\"wp-block-heading has-text-align-center\"><strong><strong><strong>Especifica\u00e7\u00f5es t\u00e9cnicas e compatibilidade universal<\/strong><\/strong><\/strong><\/h2>\n\n<div class=\"wp-block-columns is-layout-flex wp-container-core-columns-is-layout-28f84493 wp-block-columns-is-layout-flex\">\n<div class=\"wp-block-column is-layout-flow wp-block-column-is-layout-flow\">\n<figure class=\"wp-block-image size-large\"><a href=\"https:\/\/droix.eu\/wp-content\/uploads\/2026\/05\/DROIX-140W-MARKETING-DONE-07.jpg\"><img loading=\"lazy\" decoding=\"async\" width=\"1024\" height=\"1024\" src=\"https:\/\/droix.eu\/wp-content\/uploads\/2026\/05\/DROIX-140W-MARKETING-DONE-07-1024x1024.jpg\" alt=\"Uma infografia t&#xE9;cnica abrangente que detalha a pot&#xEA;ncia de sa&#xED;da e a distribui&#xE7;&#xE3;o do carregador DROIX 140W. A sec&#xE7;&#xE3;o superior lista a pot&#xEA;ncia m&#xE1;xima individual e as especifica&#xE7;&#xF5;es de tens&#xE3;o\/amperagem para as portas C1 (140W), C2 (100W), C3 (40W) e USB-A (22,5W). As sec&#xE7;&#xF5;es inferiores apresentam dez diagramas que mostram exatamente como a pot&#xEA;ncia &#xE9; partilhada e dividida em v&#xE1;rias configura&#xE7;&#xF5;es de portas duplas, triplas e qu&#xE1;druplas.  \" class=\"wp-image-719290\" srcset=\"https:\/\/droix.eu\/wp-content\/uploads\/2026\/05\/DROIX-140W-MARKETING-DONE-07-1024x1024.jpg 1024w, https:\/\/droix.eu\/wp-content\/uploads\/2026\/05\/DROIX-140W-MARKETING-DONE-07-300x300.jpg 300w, https:\/\/droix.eu\/wp-content\/uploads\/2026\/05\/DROIX-140W-MARKETING-DONE-07-768x768.jpg 768w, https:\/\/droix.eu\/wp-content\/uploads\/2026\/05\/DROIX-140W-MARKETING-DONE-07-990x990.jpg 990w, https:\/\/droix.eu\/wp-content\/uploads\/2026\/05\/DROIX-140W-MARKETING-DONE-07-441x441.jpg 441w, https:\/\/droix.eu\/wp-content\/uploads\/2026\/05\/DROIX-140W-MARKETING-DONE-07-100x100.jpg 100w, https:\/\/droix.eu\/wp-content\/uploads\/2026\/05\/DROIX-140W-MARKETING-DONE-07-1000x1000.jpg 1000w, https:\/\/droix.eu\/wp-content\/uploads\/2026\/05\/DROIX-140W-MARKETING-DONE-07-150x150.jpg 150w, https:\/\/droix.eu\/wp-content\/uploads\/2026\/05\/DROIX-140W-MARKETING-DONE-07.jpg 1500w\" sizes=\"(max-width: 1024px) 100vw, 1024px\" \/><\/a><\/figure>\n<\/div>\n\n\n\n<div class=\"wp-block-column is-layout-flow wp-block-column-is-layout-flow\">\n<figure class=\"wp-block-image size-large\"><a href=\"https:\/\/droix.eu\/wp-content\/uploads\/2026\/05\/DROIX-140W-MARKETING-DONE-010.jpg\"><img loading=\"lazy\" decoding=\"async\" width=\"1024\" height=\"1024\" src=\"https:\/\/droix.eu\/wp-content\/uploads\/2026\/05\/DROIX-140W-MARKETING-DONE-010-1024x1024.jpg\" alt=\"Gr&#xE1;fico de marketing intitulado &quot;Compreende as suas necessidades de carregamento&quot;, destacando as 4 portas de sa&#xED;da da unidade (3 USB-C e 1 USB-A). A imagem apresenta uma cole&#xE7;&#xE3;o diversificada de aparelhos electr&#xF3;nicos compat&#xED;veis, incluindo um port&#xE1;til, tablets, uma Nintendo Switch, smartphones, auriculares sem fios, um drone e uma c&#xE2;mara gimbal, demonstrando a versatilidade do carregador. \" class=\"wp-image-719291\" srcset=\"https:\/\/droix.eu\/wp-content\/uploads\/2026\/05\/DROIX-140W-MARKETING-DONE-010-1024x1024.jpg 1024w, https:\/\/droix.eu\/wp-content\/uploads\/2026\/05\/DROIX-140W-MARKETING-DONE-010-300x300.jpg 300w, https:\/\/droix.eu\/wp-content\/uploads\/2026\/05\/DROIX-140W-MARKETING-DONE-010-768x768.jpg 768w, https:\/\/droix.eu\/wp-content\/uploads\/2026\/05\/DROIX-140W-MARKETING-DONE-010-990x990.jpg 990w, https:\/\/droix.eu\/wp-content\/uploads\/2026\/05\/DROIX-140W-MARKETING-DONE-010-441x441.jpg 441w, https:\/\/droix.eu\/wp-content\/uploads\/2026\/05\/DROIX-140W-MARKETING-DONE-010-100x100.jpg 100w, https:\/\/droix.eu\/wp-content\/uploads\/2026\/05\/DROIX-140W-MARKETING-DONE-010-1000x1000.jpg 1000w, https:\/\/droix.eu\/wp-content\/uploads\/2026\/05\/DROIX-140W-MARKETING-DONE-010-150x150.jpg 150w, https:\/\/droix.eu\/wp-content\/uploads\/2026\/05\/DROIX-140W-MARKETING-DONE-010.jpg 1500w\" sizes=\"(max-width: 1024px) 100vw, 1024px\" \/><\/a><\/figure>\n<\/div>\n<\/div>\n\n<p>O carregador de parede USB-C de 140 W da DROIX apresenta uma configura\u00e7\u00e3o de portas altamente vers\u00e1til, concebida para lidar com v\u00e1rias necessidades de energia em simult\u00e2neo. Em primeiro lugar, a porta USB-C1 principal \u00e9 capaz de fornecer uns enormes 140W. Este desempenho m\u00e1ximo \u00e9 totalmente suportado pelos mais recentes protocolos PD 3.1 e PPS. Al\u00e9m disso, a segunda porta USB-C2 fornece uma sa\u00edda substancial de 100 W para computadores port\u00e1teis de elevado desempenho.   <\/p>\n\n<p>Em contrapartida, a porta USB-C3 oferece uma pot\u00eancia dedicada de 40 W para tablets ou consolas port\u00e1teis. Al\u00e9m disso, a porta USB-A assegura que os acess\u00f3rios antigos s\u00e3o carregados at\u00e9 22,5 W. Especificamente, esta porta utiliza as normas QC 3.0 e SCP para m\u00e1xima compatibilidade. Por fim, estas quatro portas s\u00e3o geridas por circuitos inteligentes para garantir que o seu hardware \u00e9 alimentado em seguran\u00e7a. Consequentemente, esta unidade continua a ser a escolha mais eficiente para utilizadores de v\u00e1rios dispositivos.    <\/p>\n\n<h2 class=\"wp-block-heading has-text-align-center\"><strong><strong><strong>Monitoriza\u00e7\u00e3o de precis\u00e3o: Ecr\u00e3 visual integrado<\/strong><\/strong><\/strong><\/h2>\n\n<p>Informa\u00e7\u00e3o \u00e9 poder, e o carregador DROIX 140W fornece-a em tempo real. O ecr\u00e3 visual inteligente integrado permite-lhe monitorizar a sa\u00edda por porta, a pot\u00eancia total e o estado t\u00e9rmico num relance. Al\u00e9m disso, o monitor de &#8220;Tempo de utiliza\u00e7\u00e3o&#8221; fornece informa\u00e7\u00f5es sobre os seus h\u00e1bitos de carregamento. Porque a seguran\u00e7a \u00e9 fundamental, o ecr\u00e3 tamb\u00e9m destaca quando a unidade est\u00e1 em zonas t\u00e9rmicas &#8220;Excelentes&#8221;, garantindo que carrega sempre com absoluta tranquilidade.   <\/p>\n\n<h2 class=\"wp-block-heading has-text-align-center\"><strong>Seguran\u00e7a incorporada e prote\u00e7\u00e3o multi-camadas<\/strong><\/h2>\n\n<p>A seguran\u00e7a n\u00e3o foi esquecida durante o desenvolvimento deste hardware. O chassis \u00e9 constru\u00eddo a partir de material PC retardador de fogo e apresenta um design de prote\u00e7\u00e3o contra quedas. Internamente, a unidade est\u00e1 equipada com:  <\/p>\n\n<ul class=\"wp-block-list\">\n<li>Prote\u00e7\u00e3o contra sobreintensidades e sobretens\u00f5es<\/li>\n\n\n\n<li>Prote\u00e7\u00e3o contra curto-circuitos e sobreaquecimento<\/li>\n\n\n\n<li>Prote\u00e7\u00e3o do campo eletromagn\u00e9tico<\/li>\n<\/ul>\n\n<p>Consequentemente, o seu dispendioso iPhone 17 e as consolas de jogos GPD est\u00e3o protegidos contra irregularidades el\u00e9ctricas. A constru\u00e7\u00e3o leve em GaN e a sa\u00edda de baixa ondula\u00e7\u00e3o garantem ainda que os seus componentes electr\u00f3nicos recebem sempre energia limpa e est\u00e1vel. <\/p>\n\n<h2 class=\"wp-block-heading has-text-align-center\"><strong>Garanta j\u00e1 o seu carregador de parede USB-C DROIX 140W<\/strong><\/h2>\n\n<p>Pare de carregar uma bolsa cheia de cabos incompat\u00edveis e adaptadores pesados. O carregador de parede USB-C de 140 W da DROIX \u00e9 a \u00fanica ferramenta de que precisa para manter o seu escrit\u00f3rio m\u00f3vel ou equipamento de jogos a funcionar com a capacidade m\u00e1xima. Devido \u00e0 elevada procura desta solu\u00e7\u00e3o GaN &#8220;tudo em um&#8221;, o stock move-se rapidamente.  <\/p>\n\n<p>Descubra como o carregador de parede DROIX 140W USB-C GaN est\u00e1 a mudar o jogo<strong><a href=\"https:\/\/droix.net\/blogs\/pre-order-the-droix-140w-usb-c-wall-charger\/\" target=\"_blank\" rel=\"noopener\" title=\"\">Saiba mais no nosso blogue!<\/a><\/strong><\/p>\n\n<p><\/p>\n","protected":false},"excerpt":{"rendered":"<ul>\n<li><strong>Pot\u00eancia PD 3.1 de 140 W<\/strong> &#8211; Carrega rapidamente computadores port\u00e1teis de elevado desempenho e dispositivos port\u00e1teis para jogos \u00e0 velocidade m\u00e1xima.<\/li>\n<li><strong>Versatilidade de quatro portas<\/strong> &#8211; Alimente simultaneamente quatro dispositivos atrav\u00e9s de tr\u00eas portas USB-C e uma porta USB-A.<\/li>\n<li><strong>Ecr\u00e3 visual em tempo real<\/strong> &#8211; Monitorize a pot\u00eancia em tempo real, o estado t\u00e9rmico e os modos de carregamento num relance.<\/li>\n<li><strong>Global Travel System<\/strong> &#8211; Inclui adaptadores de ficha de encaixe intercambi\u00e1veis para o Reino Unido, UE, EUA e AUS.<\/li>\n<li><strong>IC de seguran\u00e7a avan\u00e7ado<\/strong> &#8211; A prote\u00e7\u00e3o multi-camada assegura uma alimenta\u00e7\u00e3o est\u00e1vel e regulada pelo calor para o seu hardware.<\/li>\n<\/ul>\n[droix_global_accordions]\n[cg_accordion title=\"O pacote inclui\"]<\/p>\n<ul>\n<li>1x Carregador de parede USB-C DROIX 140W<\/li>\n<li>1x Adaptador de ficha do Reino Unido<\/li>\n<li>1x Adaptador de ficha UE<\/li>\n<li>1x Manual do utilizador<\/li>\n<\/ul>\n<p>[\/cg_accordion]\n","protected":false},"featured_media":719468,"template":"","meta":{"_acf_changed":false},"product_brand":[],"product_cat":[39667,40181,39670,39671],"product_tag":[],"woo-feed-brand":[],"key-features":[],"class_list":{"0":"post-719467","1":"product","2":"type-product","3":"status-publish","4":"has-post-thumbnail","6":"product_cat-acessorios","7":"product_cat-acessorios-para-computador","8":"product_cat-acessorios-para-computadores-portateis","9":"product_cat-acessorios-para-jogos","10":"product_shipping_class-standard","12":"first","13":"onbackorder","14":"sale","15":"taxable","16":"shipping-taxable","17":"product-type-variable","18":"has-default-attributes"},"acf":[],"aioseo_notices":[],"_links":{"self":[{"href":"https:\/\/droix.eu\/pt-pt\/wp-json\/wp\/v2\/product\/719467","targetHints":{"allow":["GET"]}}],"collection":[{"href":"https:\/\/droix.eu\/pt-pt\/wp-json\/wp\/v2\/product"}],"about":[{"href":"https:\/\/droix.eu\/pt-pt\/wp-json\/wp\/v2\/types\/product"}],"version-history":[{"count":0,"href":"https:\/\/droix.eu\/pt-pt\/wp-json\/wp\/v2\/product\/719467\/revisions"}],"wp:featuredmedia":[{"embeddable":true,"href":"https:\/\/droix.eu\/pt-pt\/wp-json\/wp\/v2\/media\/719468"}],"wp:attachment":[{"href":"https:\/\/droix.eu\/pt-pt\/wp-json\/wp\/v2\/media?parent=719467"}],"wp:term":[{"taxonomy":"product_brand","embeddable":true,"href":"https:\/\/droix.eu\/pt-pt\/wp-json\/wp\/v2\/product_brand?post=719467"},{"taxonomy":"product_cat","embeddable":true,"href":"https:\/\/droix.eu\/pt-pt\/wp-json\/wp\/v2\/product_cat?post=719467"},{"taxonomy":"product_tag","embeddable":true,"href":"https:\/\/droix.eu\/pt-pt\/wp-json\/wp\/v2\/product_tag?post=719467"},{"taxonomy":"woo-feed-brand","embeddable":true,"href":"https:\/\/droix.eu\/pt-pt\/wp-json\/wp\/v2\/woo-feed-brand?post=719467"},{"taxonomy":"key-features","embeddable":true,"href":"https:\/\/droix.eu\/pt-pt\/wp-json\/wp\/v2\/key-features?post=719467"}],"curies":[{"name":"wp","href":"https:\/\/api.w.org\/{rel}","templated":true}]}}