{"id":717999,"date":"2026-04-27T12:23:57","date_gmt":"2026-04-27T11:23:57","guid":{"rendered":"https:\/\/droix.eu\/product\/protetor-de-ecra-retroid-pocket-5\/"},"modified":"2026-04-27T12:23:57","modified_gmt":"2026-04-27T11:23:57","slug":"protetor-de-ecra-retroid-pocket-5","status":"publish","type":"product","link":"https:\/\/droix.eu\/pt-pt\/product\/protetor-de-ecra-retroid-pocket-5\/","title":{"rendered":"Protetor de ecr\u00e3 Retroid Pocket 5"},"content":{"rendered":"","protected":false},"excerpt":{"rendered":"<ul>\n<li><strong>Ajuste perfeito<\/strong> para as dimens\u00f5es de borda a borda do <strong>protetor de ecr\u00e3 Retroid Pocket 5<\/strong> de 5,5 polegadas.<\/li>\n<li>Vidro temperado 9H <strong>resistente a riscos<\/strong> para uma prote\u00e7\u00e3o duradoura contra o desgaste di\u00e1rio.<\/li>\n<li>Material ultra-claro para preservar os <strong>visuais de jogo imaculados<\/strong> do ecr\u00e3 AMOLED de 1080p.<\/li>\n<li>O processo de instala\u00e7\u00e3o f\u00e1cil garante uma <strong>aplica\u00e7\u00e3o sem bolhas<\/strong> para a <strong>consola de jogos port\u00e1til retroid pocket 5<\/strong>.<\/li>\n<li><strong>Revestimento oleof\u00f3bico \u00e0 prova de manchas<\/strong> para manter o ecr\u00e3 limpo e n\u00edtido durante sess\u00f5es de jogo intensas.<\/li>\n<\/ul>\n","protected":false},"featured_media":718003,"template":"","meta":{"_acf_changed":false},"product_brand":[],"product_cat":[39667,39671],"product_tag":[],"woo-feed-brand":[],"key-features":[],"class_list":{"0":"post-717999","1":"product","2":"type-product","3":"status-publish","4":"has-post-thumbnail","6":"product_cat-acessorios","7":"product_cat-acessorios-para-jogos","8":"product_shipping_class-low-end","9":"pa_accessory-type-screen-protector","10":"pa_brands-retroid","12":"first","13":"onbackorder","14":"taxable","15":"shipping-taxable","16":"product-type-simple"},"acf":[],"aioseo_notices":[],"aioseo_head":"\n\t\t<!-- All in One SEO Pro 4.9.6.2 - aioseo.com -->\n\t<meta name=\"description\" content=\"Proteja a sua consola de jogos port\u00e1til Retroid Pocket 5 com o nosso protetor de ecr\u00e3 de vidro temperado 9H! Claridade cristalina de 1080p e ajuste sem bolhas. \ud83d\udee1\ufe0f Compre agora e mantenha o seu ecr\u00e3 AMOLED impec\u00e1vel! \u2728\" \/>\n\t<meta name=\"robots\" content=\"max-image-preview:large\" \/>\n\t<link rel=\"canonical\" href=\"https:\/\/droix.eu\/pt-pt\/product\/protetor-de-ecra-retroid-pocket-5\/\" \/>\n\t<meta name=\"generator\" content=\"All in One SEO Pro (AIOSEO) 4.9.6.2\" \/>\n\t\t<meta property=\"og:locale\" content=\"pt_PT\" \/>\n\t\t<meta property=\"og:site_name\" content=\"DROIX EU - Get the latest Mini PCs, Ultrabook, PC Gaming Handhelds and more!\" \/>\n\t\t<meta property=\"og:type\" content=\"article\" \/>\n\t\t<meta property=\"og:title\" content=\"Protetor de ecr\u00e3 Retroid Pocket 5 | Escudo de vidro temperado 9H \ud83d\udee1\ufe0f\" \/>\n\t\t<meta property=\"og:description\" content=\"Proteja a sua consola de jogos port\u00e1til Retroid Pocket 5 com o nosso protetor de ecr\u00e3 de vidro temperado 9H! Claridade cristalina de 1080p e ajuste sem bolhas. \ud83d\udee1\ufe0f Compre agora e mantenha o seu ecr\u00e3 AMOLED impec\u00e1vel! \u2728\" \/>\n\t\t<meta property=\"og:url\" content=\"https:\/\/droix.eu\/pt-pt\/product\/protetor-de-ecra-retroid-pocket-5\/\" \/>\n\t\t<meta property=\"og:image\" content=\"https:\/\/droix.eu\/wp-content\/uploads\/2024\/06\/droix-v2-light-logo.png\" \/>\n\t\t<meta property=\"og:image:secure_url\" content=\"https:\/\/droix.eu\/wp-content\/uploads\/2024\/06\/droix-v2-light-logo.png\" \/>\n\t\t<meta property=\"og:image:width\" content=\"380\" \/>\n\t\t<meta property=\"og:image:height\" content=\"118\" \/>\n\t\t<meta property=\"article:published_time\" content=\"2026-04-27T11:23:57+00:00\" \/>\n\t\t<meta property=\"article:modified_time\" content=\"2026-04-27T11:23:57+00:00\" \/>\n\t\t<meta property=\"article:publisher\" content=\"https:\/\/www.facebook.com\/DroiX.Store\" \/>\n\t\t<meta name=\"twitter:card\" content=\"summary_large_image\" \/>\n\t\t<meta name=\"twitter:site\" content=\"@DroiX_Store\" \/>\n\t\t<meta name=\"twitter:title\" content=\"Protetor de ecr\u00e3 Retroid Pocket 5 | Escudo de vidro temperado 9H \ud83d\udee1\ufe0f\" \/>\n\t\t<meta name=\"twitter:description\" content=\"Proteja a sua consola de jogos port\u00e1til Retroid Pocket 5 com o nosso protetor de ecr\u00e3 de vidro temperado 9H! Claridade cristalina de 1080p e ajuste sem bolhas. \ud83d\udee1\ufe0f Compre agora e mantenha o seu ecr\u00e3 AMOLED impec\u00e1vel! \u2728\" \/>\n\t\t<meta name=\"twitter:image\" content=\"https:\/\/droix.eu\/wp-content\/uploads\/2024\/06\/droix-v2-light-logo.png\" \/>\n\t\t<script type=\"application\/ld+json\" class=\"aioseo-schema\">\n\t\t\t{\"@context\":\"https:\\\/\\\/schema.org\",\"@graph\":[{\"@type\":\"BreadcrumbList\",\"@id\":\"https:\\\/\\\/droix.eu\\\/pt-pt\\\/product\\\/protetor-de-ecra-retroid-pocket-5\\\/#breadcrumblist\",\"itemListElement\":[{\"@type\":\"ListItem\",\"@id\":\"https:\\\/\\\/droix.eu\\\/pt-pt\\\/#listItem\",\"position\":1,\"name\":\"Home\",\"item\":\"https:\\\/\\\/droix.eu\\\/pt-pt\\\/\",\"nextItem\":{\"@type\":\"ListItem\",\"@id\":\"https:\\\/\\\/droix.eu\\\/pt-pt\\\/product-category\\\/acessorios\\\/#listItem\",\"name\":\"Acess\\u00f3rios\"}},{\"@type\":\"ListItem\",\"@id\":\"https:\\\/\\\/droix.eu\\\/pt-pt\\\/product-category\\\/acessorios\\\/#listItem\",\"position\":2,\"name\":\"Acess\\u00f3rios\",\"item\":\"https:\\\/\\\/droix.eu\\\/pt-pt\\\/product-category\\\/acessorios\\\/\",\"nextItem\":{\"@type\":\"ListItem\",\"@id\":\"https:\\\/\\\/droix.eu\\\/pt-pt\\\/product-category\\\/acessorios\\\/acessorios-para-jogos\\\/#listItem\",\"name\":\"Acess\\u00f3rios para jogos\"},\"previousItem\":{\"@type\":\"ListItem\",\"@id\":\"https:\\\/\\\/droix.eu\\\/pt-pt\\\/#listItem\",\"name\":\"Home\"}},{\"@type\":\"ListItem\",\"@id\":\"https:\\\/\\\/droix.eu\\\/pt-pt\\\/product-category\\\/acessorios\\\/acessorios-para-jogos\\\/#listItem\",\"position\":3,\"name\":\"Acess\\u00f3rios para jogos\",\"item\":\"https:\\\/\\\/droix.eu\\\/pt-pt\\\/product-category\\\/acessorios\\\/acessorios-para-jogos\\\/\",\"nextItem\":{\"@type\":\"ListItem\",\"@id\":\"https:\\\/\\\/droix.eu\\\/pt-pt\\\/product\\\/protetor-de-ecra-retroid-pocket-5\\\/#listItem\",\"name\":\"Protetor de ecr\\u00e3 Retroid Pocket 5\"},\"previousItem\":{\"@type\":\"ListItem\",\"@id\":\"https:\\\/\\\/droix.eu\\\/pt-pt\\\/product-category\\\/acessorios\\\/#listItem\",\"name\":\"Acess\\u00f3rios\"}},{\"@type\":\"ListItem\",\"@id\":\"https:\\\/\\\/droix.eu\\\/pt-pt\\\/product\\\/protetor-de-ecra-retroid-pocket-5\\\/#listItem\",\"position\":4,\"name\":\"Protetor de ecr\\u00e3 Retroid Pocket 5\",\"previousItem\":{\"@type\":\"ListItem\",\"@id\":\"https:\\\/\\\/droix.eu\\\/pt-pt\\\/product-category\\\/acessorios\\\/acessorios-para-jogos\\\/#listItem\",\"name\":\"Acess\\u00f3rios para jogos\"}}]},{\"@type\":\"Organization\",\"@id\":\"https:\\\/\\\/droix.eu\\\/pt-pt\\\/#organization\",\"name\":\"DroiX \\u2013 Trusted EU Tech Retailer with 12+ Years Experience\",\"description\":\"DroiX is a leading European technology retailer with over 12 years of experience, offering quality mini PCs, handheld gaming consoles, and tech accessories. We provide hassle-free EU delivery with all taxes included, ensuring a smooth and reliable shopping experience for our customers across Europe.\",\"url\":\"https:\\\/\\\/droix.eu\\\/pt-pt\\\/\",\"logo\":{\"@type\":\"ImageObject\",\"url\":\"https:\\\/\\\/droix.eu\\\/wp-content\\\/uploads\\\/2024\\\/06\\\/droix-v2-light-logo.png\",\"@id\":\"https:\\\/\\\/droix.eu\\\/pt-pt\\\/product\\\/protetor-de-ecra-retroid-pocket-5\\\/#organizationLogo\",\"width\":380,\"height\":118},\"image\":{\"@id\":\"https:\\\/\\\/droix.eu\\\/pt-pt\\\/product\\\/protetor-de-ecra-retroid-pocket-5\\\/#organizationLogo\"},\"sameAs\":[\"https:\\\/\\\/www.facebook.com\\\/DroiX.Store\",\"https:\\\/\\\/twitter.com\\\/DroiX_Store\",\"https:\\\/\\\/www.instagram.com\\\/droix.store\\\/\",\"https:\\\/\\\/www.tiktok.com\\\/@droix.store\",\"https:\\\/\\\/www.youtube.com\\\/c\\\/DroiX_Store\",\"https:\\\/\\\/uk.linkedin.com\\\/company\\\/droix\"]},{\"@type\":\"Product\",\"@id\":\"https:\\\/\\\/droix.eu\\\/pt-pt\\\/product\\\/protetor-de-ecra-retroid-pocket-5\\\/#wooCommerceProduct\",\"name\":\"Protetor de ecr\\u00e3 Retroid Pocket 5\",\"description\":\"Ajuste perfeito para as dimens\\u00f5es de borda a borda do protetor de ecr\\u00e3 Retroid Pocket 5 de 5,5 polegadas.\\n  Vidro temperado 9H resistente a riscos para uma prote\\u00e7\\u00e3o duradoura contra o desgaste di\\u00e1rio.\\n  Material ultra-claro para preservar os visuais de jogo imaculados do ecr\\u00e3 AMOLED de 1080p.\\n  O processo de instala\\u00e7\\u00e3o f\\u00e1cil garante uma aplica\\u00e7\\u00e3o sem bolhas para a consola de jogos port\\u00e1til retroid pocket 5.\\n  Revestimento oleof\\u00f3bico \\u00e0 prova de manchas para manter o ecr\\u00e3 limpo e n\\u00edtido durante sess\\u00f5es de jogo intensas.\",\"url\":\"https:\\\/\\\/droix.eu\\\/pt-pt\\\/product\\\/protetor-de-ecra-retroid-pocket-5\\\/\",\"sku\":\"RETROID-POCKET-5-SCREEN_PROTECTOR\",\"gtin\":\"5061077633817\",\"image\":{\"@type\":\"ImageObject\",\"url\":\"https:\\\/\\\/droix.eu\\\/wp-content\\\/uploads\\\/2026\\\/04\\\/RETROID-POCKET-5-SCREEN-PROTECTOR-LISTING-DONE-01.png\",\"@id\":\"https:\\\/\\\/droix.eu\\\/pt-pt\\\/product\\\/protetor-de-ecra-retroid-pocket-5\\\/#productImage\",\"width\":1500,\"height\":1500},\"offers\":{\"@type\":\"Offer\",\"url\":\"https:\\\/\\\/droix.eu\\\/pt-pt\\\/product\\\/protetor-de-ecra-retroid-pocket-5\\\/#wooCommerceOffer\",\"price\":0,\"priceCurrency\":\"EUR\",\"category\":\"Acess\\u00f3rios\",\"availability\":\"https:\\\/\\\/schema.org\\\/PreOrder\",\"seller\":{\"@type\":\"Organization\",\"@id\":\"https:\\\/\\\/droix.eu\\\/pt-pt\\\/#organization\"}}},{\"@type\":\"WebPage\",\"@id\":\"https:\\\/\\\/droix.eu\\\/pt-pt\\\/product\\\/protetor-de-ecra-retroid-pocket-5\\\/#webpage\",\"url\":\"https:\\\/\\\/droix.eu\\\/pt-pt\\\/product\\\/protetor-de-ecra-retroid-pocket-5\\\/\",\"name\":\"Protetor de ecr\\u00e3 Retroid Pocket 5 | Escudo de vidro temperado 9H \\ud83d\\udee1\\ufe0f\",\"description\":\"Proteja a sua consola de jogos port\\u00e1til Retroid Pocket 5 com o nosso protetor de ecr\\u00e3 de vidro temperado 9H! Claridade cristalina de 1080p e ajuste sem bolhas. \\ud83d\\udee1\\ufe0f Compre agora e mantenha o seu ecr\\u00e3 AMOLED impec\\u00e1vel! \\u2728\",\"inLanguage\":\"pt-PT\",\"isPartOf\":{\"@id\":\"https:\\\/\\\/droix.eu\\\/pt-pt\\\/#website\"},\"breadcrumb\":{\"@id\":\"https:\\\/\\\/droix.eu\\\/pt-pt\\\/product\\\/protetor-de-ecra-retroid-pocket-5\\\/#breadcrumblist\"},\"image\":{\"@type\":\"ImageObject\",\"url\":\"https:\\\/\\\/droix.eu\\\/wp-content\\\/uploads\\\/2026\\\/04\\\/RETROID-POCKET-5-SCREEN-PROTECTOR-LISTING-DONE-01.png\",\"@id\":\"https:\\\/\\\/droix.eu\\\/pt-pt\\\/product\\\/protetor-de-ecra-retroid-pocket-5\\\/#mainImage\",\"width\":1500,\"height\":1500},\"primaryImageOfPage\":{\"@id\":\"https:\\\/\\\/droix.eu\\\/pt-pt\\\/product\\\/protetor-de-ecra-retroid-pocket-5\\\/#mainImage\"},\"datePublished\":\"2026-04-27T12:23:57+01:00\",\"dateModified\":\"2026-04-27T12:23:57+01:00\"},{\"@type\":\"WebSite\",\"@id\":\"https:\\\/\\\/droix.eu\\\/pt-pt\\\/#website\",\"url\":\"https:\\\/\\\/droix.eu\\\/pt-pt\\\/\",\"name\":\"DROIX EU\",\"description\":\"Get the latest Mini PCs, Ultrabook, PC Gaming Handhelds and more!\",\"inLanguage\":\"pt-PT\",\"publisher\":{\"@id\":\"https:\\\/\\\/droix.eu\\\/pt-pt\\\/#organization\"}}]}\n\t\t<\/script>\n\t\t<!-- All in One SEO Pro -->\r\n\t\t<title>Protetor de ecr\u00e3 Retroid Pocket 5 | Escudo de vidro temperado 9H \ud83d\udee1\ufe0f<\/title>\n\n","aioseo_head_json":{"title":"Protetor de ecr\u00e3 Retroid Pocket 5 | Escudo de vidro temperado 9H \ud83d\udee1\ufe0f","description":"Proteja a sua consola de jogos port\u00e1til Retroid Pocket 5 com o nosso protetor de ecr\u00e3 de vidro temperado 9H! Claridade cristalina de 1080p e ajuste sem bolhas. \ud83d\udee1\ufe0f Compre agora e mantenha o seu ecr\u00e3 AMOLED impec\u00e1vel! \u2728","canonical_url":"https:\/\/droix.eu\/pt-pt\/product\/protetor-de-ecra-retroid-pocket-5\/","robots":"max-image-preview:large","keywords":"","webmasterTools":{"miscellaneous":""},"schema":{"@context":"https:\/\/schema.org","@graph":[{"@type":"BreadcrumbList","@id":"https:\/\/droix.eu\/pt-pt\/product\/protetor-de-ecra-retroid-pocket-5\/#breadcrumblist","itemListElement":[{"@type":"ListItem","@id":"https:\/\/droix.eu\/pt-pt\/#listItem","position":1,"name":"Home","item":"https:\/\/droix.eu\/pt-pt\/","nextItem":{"@type":"ListItem","@id":"https:\/\/droix.eu\/pt-pt\/product-category\/acessorios\/#listItem","name":"Acess\u00f3rios"}},{"@type":"ListItem","@id":"https:\/\/droix.eu\/pt-pt\/product-category\/acessorios\/#listItem","position":2,"name":"Acess\u00f3rios","item":"https:\/\/droix.eu\/pt-pt\/product-category\/acessorios\/","nextItem":{"@type":"ListItem","@id":"https:\/\/droix.eu\/pt-pt\/product-category\/acessorios\/acessorios-para-jogos\/#listItem","name":"Acess\u00f3rios para jogos"},"previousItem":{"@type":"ListItem","@id":"https:\/\/droix.eu\/pt-pt\/#listItem","name":"Home"}},{"@type":"ListItem","@id":"https:\/\/droix.eu\/pt-pt\/product-category\/acessorios\/acessorios-para-jogos\/#listItem","position":3,"name":"Acess\u00f3rios para jogos","item":"https:\/\/droix.eu\/pt-pt\/product-category\/acessorios\/acessorios-para-jogos\/","nextItem":{"@type":"ListItem","@id":"https:\/\/droix.eu\/pt-pt\/product\/protetor-de-ecra-retroid-pocket-5\/#listItem","name":"Protetor de ecr\u00e3 Retroid Pocket 5"},"previousItem":{"@type":"ListItem","@id":"https:\/\/droix.eu\/pt-pt\/product-category\/acessorios\/#listItem","name":"Acess\u00f3rios"}},{"@type":"ListItem","@id":"https:\/\/droix.eu\/pt-pt\/product\/protetor-de-ecra-retroid-pocket-5\/#listItem","position":4,"name":"Protetor de ecr\u00e3 Retroid Pocket 5","previousItem":{"@type":"ListItem","@id":"https:\/\/droix.eu\/pt-pt\/product-category\/acessorios\/acessorios-para-jogos\/#listItem","name":"Acess\u00f3rios para jogos"}}]},{"@type":"Organization","@id":"https:\/\/droix.eu\/pt-pt\/#organization","name":"DroiX \u2013 Trusted EU Tech Retailer with 12+ Years Experience","description":"DroiX is a leading European technology retailer with over 12 years of experience, offering quality mini PCs, handheld gaming consoles, and tech accessories. We provide hassle-free EU delivery with all taxes included, ensuring a smooth and reliable shopping experience for our customers across Europe.","url":"https:\/\/droix.eu\/pt-pt\/","logo":{"@type":"ImageObject","url":"https:\/\/droix.eu\/wp-content\/uploads\/2024\/06\/droix-v2-light-logo.png","@id":"https:\/\/droix.eu\/pt-pt\/product\/protetor-de-ecra-retroid-pocket-5\/#organizationLogo","width":380,"height":118},"image":{"@id":"https:\/\/droix.eu\/pt-pt\/product\/protetor-de-ecra-retroid-pocket-5\/#organizationLogo"},"sameAs":["https:\/\/www.facebook.com\/DroiX.Store","https:\/\/twitter.com\/DroiX_Store","https:\/\/www.instagram.com\/droix.store\/","https:\/\/www.tiktok.com\/@droix.store","https:\/\/www.youtube.com\/c\/DroiX_Store","https:\/\/uk.linkedin.com\/company\/droix"]},{"@type":"Product","@id":"https:\/\/droix.eu\/pt-pt\/product\/protetor-de-ecra-retroid-pocket-5\/#wooCommerceProduct","name":"Protetor de ecr\u00e3 Retroid Pocket 5","description":"Ajuste perfeito para as dimens\u00f5es de borda a borda do protetor de ecr\u00e3 Retroid Pocket 5 de 5,5 polegadas.\n  Vidro temperado 9H resistente a riscos para uma prote\u00e7\u00e3o duradoura contra o desgaste di\u00e1rio.\n  Material ultra-claro para preservar os visuais de jogo imaculados do ecr\u00e3 AMOLED de 1080p.\n  O processo de instala\u00e7\u00e3o f\u00e1cil garante uma aplica\u00e7\u00e3o sem bolhas para a consola de jogos port\u00e1til retroid pocket 5.\n  Revestimento oleof\u00f3bico \u00e0 prova de manchas para manter o ecr\u00e3 limpo e n\u00edtido durante sess\u00f5es de jogo intensas.","url":"https:\/\/droix.eu\/pt-pt\/product\/protetor-de-ecra-retroid-pocket-5\/","sku":"RETROID-POCKET-5-SCREEN_PROTECTOR","gtin":"5061077633817","image":{"@type":"ImageObject","url":"https:\/\/droix.eu\/wp-content\/uploads\/2026\/04\/RETROID-POCKET-5-SCREEN-PROTECTOR-LISTING-DONE-01.png","@id":"https:\/\/droix.eu\/pt-pt\/product\/protetor-de-ecra-retroid-pocket-5\/#productImage","width":1500,"height":1500},"offers":{"@type":"Offer","url":"https:\/\/droix.eu\/pt-pt\/product\/protetor-de-ecra-retroid-pocket-5\/#wooCommerceOffer","price":0,"priceCurrency":"EUR","category":"Acess\u00f3rios","availability":"https:\/\/schema.org\/PreOrder","seller":{"@type":"Organization","@id":"https:\/\/droix.eu\/pt-pt\/#organization"}}},{"@type":"WebPage","@id":"https:\/\/droix.eu\/pt-pt\/product\/protetor-de-ecra-retroid-pocket-5\/#webpage","url":"https:\/\/droix.eu\/pt-pt\/product\/protetor-de-ecra-retroid-pocket-5\/","name":"Protetor de ecr\u00e3 Retroid Pocket 5 | Escudo de vidro temperado 9H \ud83d\udee1\ufe0f","description":"Proteja a sua consola de jogos port\u00e1til Retroid Pocket 5 com o nosso protetor de ecr\u00e3 de vidro temperado 9H! Claridade cristalina de 1080p e ajuste sem bolhas. \ud83d\udee1\ufe0f Compre agora e mantenha o seu ecr\u00e3 AMOLED impec\u00e1vel! \u2728","inLanguage":"pt-PT","isPartOf":{"@id":"https:\/\/droix.eu\/pt-pt\/#website"},"breadcrumb":{"@id":"https:\/\/droix.eu\/pt-pt\/product\/protetor-de-ecra-retroid-pocket-5\/#breadcrumblist"},"image":{"@type":"ImageObject","url":"https:\/\/droix.eu\/wp-content\/uploads\/2026\/04\/RETROID-POCKET-5-SCREEN-PROTECTOR-LISTING-DONE-01.png","@id":"https:\/\/droix.eu\/pt-pt\/product\/protetor-de-ecra-retroid-pocket-5\/#mainImage","width":1500,"height":1500},"primaryImageOfPage":{"@id":"https:\/\/droix.eu\/pt-pt\/product\/protetor-de-ecra-retroid-pocket-5\/#mainImage"},"datePublished":"2026-04-27T12:23:57+01:00","dateModified":"2026-04-27T12:23:57+01:00"},{"@type":"WebSite","@id":"https:\/\/droix.eu\/pt-pt\/#website","url":"https:\/\/droix.eu\/pt-pt\/","name":"DROIX EU","description":"Get the latest Mini PCs, Ultrabook, PC Gaming Handhelds and more!","inLanguage":"pt-PT","publisher":{"@id":"https:\/\/droix.eu\/pt-pt\/#organization"}}]},"og:locale":"pt_PT","og:site_name":"DROIX EU - Get the latest Mini PCs, Ultrabook, PC Gaming Handhelds and more!","og:type":"article","og:title":"Protetor de ecr\u00e3 Retroid Pocket 5 | Escudo de vidro temperado 9H \ud83d\udee1\ufe0f","og:description":"Proteja a sua consola de jogos port\u00e1til Retroid Pocket 5 com o nosso protetor de ecr\u00e3 de vidro temperado 9H! Claridade cristalina de 1080p e ajuste sem bolhas. \ud83d\udee1\ufe0f Compre agora e mantenha o seu ecr\u00e3 AMOLED impec\u00e1vel! \u2728","og:url":"https:\/\/droix.eu\/pt-pt\/product\/protetor-de-ecra-retroid-pocket-5\/","og:image":"https:\/\/droix.eu\/wp-content\/uploads\/2024\/06\/droix-v2-light-logo.png","og:image:secure_url":"https:\/\/droix.eu\/wp-content\/uploads\/2024\/06\/droix-v2-light-logo.png","og:image:width":380,"og:image:height":118,"article:published_time":"2026-04-27T11:23:57+00:00","article:modified_time":"2026-04-27T11:23:57+00:00","article:publisher":"https:\/\/www.facebook.com\/DroiX.Store","twitter:card":"summary_large_image","twitter:site":"@DroiX_Store","twitter:title":"Protetor de ecr\u00e3 Retroid Pocket 5 | Escudo de vidro temperado 9H \ud83d\udee1\ufe0f","twitter:description":"Proteja a sua consola de jogos port\u00e1til Retroid Pocket 5 com o nosso protetor de ecr\u00e3 de vidro temperado 9H! Claridade cristalina de 1080p e ajuste sem bolhas. \ud83d\udee1\ufe0f Compre agora e mantenha o seu ecr\u00e3 AMOLED impec\u00e1vel! \u2728","twitter:image":"https:\/\/droix.eu\/wp-content\/uploads\/2024\/06\/droix-v2-light-logo.png"},"aioseo_meta_data":{"post_id":"717999","title":"Protetor de ecr\u00e3 Retroid Pocket 5 | Escudo de vidro temperado 9H \ud83d\udee1\ufe0f","description":"Proteja a sua consola de jogos port\u00e1til Retroid Pocket 5 com o nosso protetor de ecr\u00e3 de vidro temperado 9H! Claridade cristalina de 1080p e ajuste sem bolhas. \ud83d\udee1\ufe0f Compre agora e mantenha o seu ecr\u00e3 AMOLED impec\u00e1vel! \u2728","keywords":null,"keyphrases":{"focus":{"keyphrase":"","score":0,"analysis":{"keyphraseInTitle":{"score":0,"maxScore":9,"error":1}}},"additional":[]},"primary_term":{"product_cat":32},"canonical_url":null,"og_title":null,"og_description":null,"og_object_type":"default","og_image_type":"default","og_image_url":null,"og_image_width":null,"og_image_height":null,"og_image_custom_url":null,"og_image_custom_fields":null,"og_video":"","og_custom_url":null,"og_article_section":null,"og_article_tags":null,"twitter_use_og":true,"twitter_card":"default","twitter_image_type":"default","twitter_image_url":null,"twitter_image_custom_url":null,"twitter_image_custom_fields":null,"twitter_title":null,"twitter_description":null,"schema":{"blockGraphs":[],"customGraphs":[],"default":{"data":{"Article":[],"Course":[],"Dataset":[],"FAQPage":[],"Movie":[],"Person":[],"Product":[],"ProductReview":[],"Car":[],"Recipe":[],"Service":[],"SoftwareApplication":[],"WebPage":[]},"graphName":"Product","isEnabled":true},"graphs":[]},"schema_type":"default","schema_type_options":null,"pillar_content":false,"robots_default":true,"robots_noindex":false,"robots_noarchive":false,"robots_nosnippet":false,"robots_nofollow":false,"robots_noimageindex":false,"robots_noodp":false,"robots_notranslate":false,"robots_max_snippet":"-1","robots_max_videopreview":"-1","robots_max_imagepreview":"large","priority":null,"frequency":"default","local_seo":null,"seo_analyzer_scan_date":null,"breadcrumb_settings":null,"limit_modified_date":false,"reviewed_by":null,"open_ai":null,"ai":{"faqs":[],"keyPoints":[],"schemas":[],"titles":[],"descriptions":[],"socialPosts":{"email":[],"linkedin":[],"twitter":[],"facebook":[],"instagram":[]}},"created":"2026-04-27 14:04:53","updated":"2026-04-27 14:04:56"},"aioseo_breadcrumb":"<div class=\"aioseo-breadcrumbs\"><span class=\"aioseo-breadcrumb\">\n\t<a href=\"https:\/\/droix.eu\/pt-pt\/\" title=\"Home\">Home<\/a>\n<\/span><span class=\"aioseo-breadcrumb-separator\">&raquo;<\/span><span class=\"aioseo-breadcrumb\">\n\t<a href=\"https:\/\/droix.eu\/pt-pt\/product-category\/acessorios\/\" title=\"Acess\u00f3rios\">Acess\u00f3rios<\/a>\n<\/span><span class=\"aioseo-breadcrumb-separator\">&raquo;<\/span><span class=\"aioseo-breadcrumb\">\n\t<a href=\"https:\/\/droix.eu\/pt-pt\/product-category\/acessorios\/acessorios-para-jogos\/\" title=\"Acess\u00f3rios para jogos\">Acess\u00f3rios para jogos<\/a>\n<\/span><span class=\"aioseo-breadcrumb-separator\">&raquo;<\/span><span class=\"aioseo-breadcrumb\">\n\tProtetor de ecr\u00e3 Retroid Pocket 5\n<\/span><\/div>","aioseo_breadcrumb_json":[{"label":"Home","link":"https:\/\/droix.eu\/pt-pt\/"},{"label":"Acess\u00f3rios","link":"https:\/\/droix.eu\/pt-pt\/product-category\/acessorios\/"},{"label":"Acess\u00f3rios para jogos","link":"https:\/\/droix.eu\/pt-pt\/product-category\/acessorios\/acessorios-para-jogos\/"},{"label":"Protetor de ecr\u00e3 Retroid Pocket 5","link":"https:\/\/droix.eu\/pt-pt\/product\/protetor-de-ecra-retroid-pocket-5\/"}],"_links":{"self":[{"href":"https:\/\/droix.eu\/pt-pt\/wp-json\/wp\/v2\/product\/717999","targetHints":{"allow":["GET"]}}],"collection":[{"href":"https:\/\/droix.eu\/pt-pt\/wp-json\/wp\/v2\/product"}],"about":[{"href":"https:\/\/droix.eu\/pt-pt\/wp-json\/wp\/v2\/types\/product"}],"version-history":[{"count":0,"href":"https:\/\/droix.eu\/pt-pt\/wp-json\/wp\/v2\/product\/717999\/revisions"}],"wp:featuredmedia":[{"embeddable":true,"href":"https:\/\/droix.eu\/pt-pt\/wp-json\/wp\/v2\/media\/718003"}],"wp:attachment":[{"href":"https:\/\/droix.eu\/pt-pt\/wp-json\/wp\/v2\/media?parent=717999"}],"wp:term":[{"taxonomy":"product_brand","embeddable":true,"href":"https:\/\/droix.eu\/pt-pt\/wp-json\/wp\/v2\/product_brand?post=717999"},{"taxonomy":"product_cat","embeddable":true,"href":"https:\/\/droix.eu\/pt-pt\/wp-json\/wp\/v2\/product_cat?post=717999"},{"taxonomy":"product_tag","embeddable":true,"href":"https:\/\/droix.eu\/pt-pt\/wp-json\/wp\/v2\/product_tag?post=717999"},{"taxonomy":"woo-feed-brand","embeddable":true,"href":"https:\/\/droix.eu\/pt-pt\/wp-json\/wp\/v2\/woo-feed-brand?post=717999"},{"taxonomy":"key-features","embeddable":true,"href":"https:\/\/droix.eu\/pt-pt\/wp-json\/wp\/v2\/key-features?post=717999"}],"curies":[{"name":"wp","href":"https:\/\/api.w.org\/{rel}","templated":true}]}}