{"id":572751,"date":"2022-11-11T11:44:32","date_gmt":"2022-11-11T11:44:32","guid":{"rendered":"https:\/\/droix.eu\/product\/tampas-de-aperto-de-polegar-com-tema-de-animais\/"},"modified":"2026-03-28T08:31:01","modified_gmt":"2026-03-28T08:31:01","slug":"tampas-de-aperto-de-polegar-com-tema-de-animais","status":"publish","type":"product","link":"https:\/\/droix.eu\/pt-pt\/product\/tampas-de-aperto-de-polegar-com-tema-de-animais\/","title":{"rendered":"Tampas de aperto de polegar com tema de animais"},"content":{"rendered":"&#13;\n<p>As bonitas capas para o polegar com tema de animais acrescentam gra\u00e7a e vitalidade \u00e0 tua consola port\u00e1til, tornando-a mais apelativa. Feito de material de silicone macio, que pode proteger os man\u00edpulos anal\u00f3gicos de riscos e sujidade, e \u00e9 muito confort\u00e1vel ao toque!<\/p>&#13;\n&#13;\n<h5 class=\"wp-block-heading\">\u00a0<\/h5>&#13;\n&#13;\n<h5 class=\"wp-block-heading\">N\u00c3O \u00e9 compat\u00edvel com o comando da PS4, Switch Pro ou Xbox One.<\/h5>&#13;\n","protected":false},"excerpt":{"rendered":"<ul>\n<li>Feito de material de silicone macio<\/li>\n<li>Protege o man\u00edpulo anal\u00f3gico<\/li>\n<li>Muito confort\u00e1vel ao toque<\/li>\n<li>N\u00e3o se deforma facilmente<\/li>\n<li>N\u00e3o t\u00f3xico e n\u00e3o se desvanece facilmente<\/li>\n<\/ul>\n[droix_global_accordions]\n","protected":false},"featured_media":702984,"template":"","meta":{"_acf_changed":false},"product_brand":[],"product_cat":[39667,39671],"product_tag":[],"woo-feed-brand":[],"key-features":[],"class_list":{"0":"post-572751","1":"product","2":"type-product","3":"status-publish","4":"has-post-thumbnail","6":"product_cat-acessorios","7":"product_cat-acessorios-para-jogos","8":"product_shipping_class-low-end","9":"pa_compatibility-ayaneo-2-pt-pt","10":"pa_compatibility-ayaneo-2021-pt-pt","11":"pa_compatibility-ayaneo-ar","12":"pa_compatibility-ayaneo-cromo","14":"first","15":"instock","16":"sale","17":"taxable","18":"shipping-taxable","19":"purchasable","20":"product-type-simple"},"acf":[],"aioseo_notices":[],"aioseo_head":"\n\t\t<!-- All in One SEO Pro 4.9.5.2 - aioseo.com -->\n\t<meta name=\"description\" content=\"Feito de material de silicone macio Protege o man\u00edpulo anal\u00f3gico Muito confort\u00e1vel ao toque N\u00e3o se deforma facilmente N\u00e3o t\u00f3xico e n\u00e3o se desvanece facilmente\" \/>\n\t<meta name=\"robots\" content=\"max-image-preview:large\" \/>\n\t<link rel=\"canonical\" href=\"https:\/\/droix.eu\/pt-pt\/product\/tampas-de-aperto-de-polegar-com-tema-de-animais\/\" \/>\n\t<meta name=\"generator\" content=\"All in One SEO Pro (AIOSEO) 4.9.5.2\" \/>\n\t\t<meta property=\"og:locale\" content=\"pt_PT\" \/>\n\t\t<meta property=\"og:site_name\" content=\"DROIX EU - Get the latest Mini PCs, Ultrabook, PC Gaming Handhelds and more!\" \/>\n\t\t<meta property=\"og:type\" content=\"article\" \/>\n\t\t<meta property=\"og:title\" content=\"Tampas de aperto de polegar com tema de animais - DROIX EU\" \/>\n\t\t<meta property=\"og:description\" content=\"Feito de material de silicone macio Protege o man\u00edpulo anal\u00f3gico Muito confort\u00e1vel ao toque N\u00e3o se deforma facilmente N\u00e3o t\u00f3xico e n\u00e3o se desvanece facilmente\" \/>\n\t\t<meta property=\"og:url\" content=\"https:\/\/droix.eu\/pt-pt\/product\/tampas-de-aperto-de-polegar-com-tema-de-animais\/\" \/>\n\t\t<meta property=\"og:image\" content=\"https:\/\/droix.eu\/wp-content\/uploads\/2024\/06\/droix-v2-light-logo.png\" \/>\n\t\t<meta property=\"og:image:secure_url\" content=\"https:\/\/droix.eu\/wp-content\/uploads\/2024\/06\/droix-v2-light-logo.png\" \/>\n\t\t<meta property=\"og:image:width\" content=\"380\" \/>\n\t\t<meta property=\"og:image:height\" content=\"118\" \/>\n\t\t<meta property=\"article:published_time\" content=\"2022-11-11T11:44:32+00:00\" \/>\n\t\t<meta property=\"article:modified_time\" content=\"2026-03-28T08:31:01+00:00\" \/>\n\t\t<meta property=\"article:publisher\" content=\"https:\/\/www.facebook.com\/DroiX.Store\" \/>\n\t\t<meta name=\"twitter:card\" content=\"summary_large_image\" \/>\n\t\t<meta name=\"twitter:site\" content=\"@DroiX_Store\" \/>\n\t\t<meta name=\"twitter:title\" content=\"Tampas de aperto de polegar com tema de animais - DROIX EU\" \/>\n\t\t<meta name=\"twitter:description\" content=\"Feito de material de silicone macio Protege o man\u00edpulo anal\u00f3gico Muito confort\u00e1vel ao toque N\u00e3o se deforma facilmente N\u00e3o t\u00f3xico e n\u00e3o se desvanece facilmente\" \/>\n\t\t<meta name=\"twitter:image\" content=\"https:\/\/droix.eu\/wp-content\/uploads\/2024\/06\/droix-v2-light-logo.png\" \/>\n\t\t<script type=\"application\/ld+json\" class=\"aioseo-schema\">\n\t\t\t{\"@context\":\"https:\\\/\\\/schema.org\",\"@graph\":[{\"@type\":\"BreadcrumbList\",\"@id\":\"https:\\\/\\\/droix.eu\\\/pt-pt\\\/product\\\/tampas-de-aperto-de-polegar-com-tema-de-animais\\\/#breadcrumblist\",\"itemListElement\":[{\"@type\":\"ListItem\",\"@id\":\"https:\\\/\\\/droix.eu\\\/pt-pt\\\/#listItem\",\"position\":1,\"name\":\"Home\",\"item\":\"https:\\\/\\\/droix.eu\\\/pt-pt\\\/\",\"nextItem\":{\"@type\":\"ListItem\",\"@id\":\"https:\\\/\\\/droix.eu\\\/pt-pt\\\/product-category\\\/acessorios\\\/#listItem\",\"name\":\"Acess\\u00f3rios\"}},{\"@type\":\"ListItem\",\"@id\":\"https:\\\/\\\/droix.eu\\\/pt-pt\\\/product-category\\\/acessorios\\\/#listItem\",\"position\":2,\"name\":\"Acess\\u00f3rios\",\"item\":\"https:\\\/\\\/droix.eu\\\/pt-pt\\\/product-category\\\/acessorios\\\/\",\"nextItem\":{\"@type\":\"ListItem\",\"@id\":\"https:\\\/\\\/droix.eu\\\/pt-pt\\\/product-category\\\/acessorios\\\/acessorios-para-jogos\\\/#listItem\",\"name\":\"Acess\\u00f3rios para jogos\"},\"previousItem\":{\"@type\":\"ListItem\",\"@id\":\"https:\\\/\\\/droix.eu\\\/pt-pt\\\/#listItem\",\"name\":\"Home\"}},{\"@type\":\"ListItem\",\"@id\":\"https:\\\/\\\/droix.eu\\\/pt-pt\\\/product-category\\\/acessorios\\\/acessorios-para-jogos\\\/#listItem\",\"position\":3,\"name\":\"Acess\\u00f3rios para jogos\",\"item\":\"https:\\\/\\\/droix.eu\\\/pt-pt\\\/product-category\\\/acessorios\\\/acessorios-para-jogos\\\/\",\"nextItem\":{\"@type\":\"ListItem\",\"@id\":\"https:\\\/\\\/droix.eu\\\/pt-pt\\\/product\\\/tampas-de-aperto-de-polegar-com-tema-de-animais\\\/#listItem\",\"name\":\"Tampas de aperto de polegar com tema de animais\"},\"previousItem\":{\"@type\":\"ListItem\",\"@id\":\"https:\\\/\\\/droix.eu\\\/pt-pt\\\/product-category\\\/acessorios\\\/#listItem\",\"name\":\"Acess\\u00f3rios\"}},{\"@type\":\"ListItem\",\"@id\":\"https:\\\/\\\/droix.eu\\\/pt-pt\\\/product\\\/tampas-de-aperto-de-polegar-com-tema-de-animais\\\/#listItem\",\"position\":4,\"name\":\"Tampas de aperto de polegar com tema de animais\",\"previousItem\":{\"@type\":\"ListItem\",\"@id\":\"https:\\\/\\\/droix.eu\\\/pt-pt\\\/product-category\\\/acessorios\\\/acessorios-para-jogos\\\/#listItem\",\"name\":\"Acess\\u00f3rios para jogos\"}}]},{\"@type\":\"Organization\",\"@id\":\"https:\\\/\\\/droix.eu\\\/pt-pt\\\/#organization\",\"name\":\"DroiX \\u2013 Trusted EU Tech Retailer with 12+ Years Experience\",\"description\":\"DroiX is a leading European technology retailer with over 12 years of experience, offering quality mini PCs, handheld gaming consoles, and tech accessories. We provide hassle-free EU delivery with all taxes included, ensuring a smooth and reliable shopping experience for our customers across Europe.\",\"url\":\"https:\\\/\\\/droix.eu\\\/pt-pt\\\/\",\"logo\":{\"@type\":\"ImageObject\",\"url\":\"https:\\\/\\\/droix.eu\\\/wp-content\\\/uploads\\\/2024\\\/06\\\/droix-v2-light-logo.png\",\"@id\":\"https:\\\/\\\/droix.eu\\\/pt-pt\\\/product\\\/tampas-de-aperto-de-polegar-com-tema-de-animais\\\/#organizationLogo\",\"width\":380,\"height\":118},\"image\":{\"@id\":\"https:\\\/\\\/droix.eu\\\/pt-pt\\\/product\\\/tampas-de-aperto-de-polegar-com-tema-de-animais\\\/#organizationLogo\"},\"sameAs\":[\"https:\\\/\\\/www.facebook.com\\\/DroiX.Store\",\"https:\\\/\\\/twitter.com\\\/DroiX_Store\",\"https:\\\/\\\/www.instagram.com\\\/droix.store\\\/\",\"https:\\\/\\\/www.tiktok.com\\\/@droix.store\",\"https:\\\/\\\/www.youtube.com\\\/c\\\/DroiX_Store\",\"https:\\\/\\\/uk.linkedin.com\\\/company\\\/droix\"]},{\"@type\":\"Product\",\"@id\":\"https:\\\/\\\/droix.eu\\\/pt-pt\\\/product\\\/tampas-de-aperto-de-polegar-com-tema-de-animais\\\/#wooCommerceProduct\",\"name\":\"Tampas de aperto de polegar com tema de animais\",\"description\":\"Feito de material de silicone macio\\n \\tProtege o man\\u00edpulo anal\\u00f3gico\\n \\tMuito confort\\u00e1vel ao toque\\n \\tN\\u00e3o se deforma facilmente\\n \\tN\\u00e3o t\\u00f3xico e n\\u00e3o se desvanece facilmente\",\"url\":\"https:\\\/\\\/droix.eu\\\/pt-pt\\\/product\\\/tampas-de-aperto-de-polegar-com-tema-de-animais\\\/\",\"sku\":\"ANIMAL-THUMB-STICK-CAPS\",\"gtin\":\"5060763673601\",\"image\":{\"@type\":\"ImageObject\",\"url\":\"https:\\\/\\\/droix.eu\\\/wp-content\\\/uploads\\\/2022\\\/11\\\/ANIMAL-THUMB-STICK-CAPS-IMAGE-1.png\",\"@id\":\"https:\\\/\\\/droix.eu\\\/pt-pt\\\/product\\\/tampas-de-aperto-de-polegar-com-tema-de-animais\\\/#productImage\",\"width\":900,\"height\":1200},\"offers\":{\"@type\":\"Offer\",\"url\":\"https:\\\/\\\/droix.eu\\\/pt-pt\\\/product\\\/tampas-de-aperto-de-polegar-com-tema-de-animais\\\/#wooCommerceOffer\",\"price\":94.05,\"priceCurrency\":\"HRK\",\"category\":\"Acess\\u00f3rios\",\"availability\":\"https:\\\/\\\/schema.org\\\/InStock\",\"priceSpecification\":{\"@type\":\"PriceSpecification\",\"price\":94.05,\"priceCurrency\":\"HRK\",\"valueAddedTaxIncluded\":\"true\"},\"seller\":{\"@type\":\"Organization\",\"@id\":\"https:\\\/\\\/droix.eu\\\/pt-pt\\\/#organization\"}}},{\"@type\":\"WebPage\",\"@id\":\"https:\\\/\\\/droix.eu\\\/pt-pt\\\/product\\\/tampas-de-aperto-de-polegar-com-tema-de-animais\\\/#webpage\",\"url\":\"https:\\\/\\\/droix.eu\\\/pt-pt\\\/product\\\/tampas-de-aperto-de-polegar-com-tema-de-animais\\\/\",\"name\":\"Tampas de aperto de polegar com tema de animais - DROIX EU\",\"description\":\"Feito de material de silicone macio Protege o man\\u00edpulo anal\\u00f3gico Muito confort\\u00e1vel ao toque N\\u00e3o se deforma facilmente N\\u00e3o t\\u00f3xico e n\\u00e3o se desvanece facilmente\",\"inLanguage\":\"pt-PT\",\"isPartOf\":{\"@id\":\"https:\\\/\\\/droix.eu\\\/pt-pt\\\/#website\"},\"breadcrumb\":{\"@id\":\"https:\\\/\\\/droix.eu\\\/pt-pt\\\/product\\\/tampas-de-aperto-de-polegar-com-tema-de-animais\\\/#breadcrumblist\"},\"image\":{\"@type\":\"ImageObject\",\"url\":\"https:\\\/\\\/droix.eu\\\/wp-content\\\/uploads\\\/2022\\\/11\\\/ANIMAL-THUMB-STICK-CAPS-IMAGE-1.png\",\"@id\":\"https:\\\/\\\/droix.eu\\\/pt-pt\\\/product\\\/tampas-de-aperto-de-polegar-com-tema-de-animais\\\/#mainImage\",\"width\":900,\"height\":1200},\"primaryImageOfPage\":{\"@id\":\"https:\\\/\\\/droix.eu\\\/pt-pt\\\/product\\\/tampas-de-aperto-de-polegar-com-tema-de-animais\\\/#mainImage\"},\"datePublished\":\"2022-11-11T11:44:32+00:00\",\"dateModified\":\"2026-03-28T08:31:01+00:00\"},{\"@type\":\"WebSite\",\"@id\":\"https:\\\/\\\/droix.eu\\\/pt-pt\\\/#website\",\"url\":\"https:\\\/\\\/droix.eu\\\/pt-pt\\\/\",\"name\":\"DROIX EU\",\"description\":\"Get the latest Mini PCs, Ultrabook, PC Gaming Handhelds and more!\",\"inLanguage\":\"pt-PT\",\"publisher\":{\"@id\":\"https:\\\/\\\/droix.eu\\\/pt-pt\\\/#organization\"}}]}\n\t\t<\/script>\n\t\t<!-- All in One SEO Pro -->\r\n\t\t<title>Tampas de aperto de polegar com tema de animais - DROIX EU<\/title>\n\n","aioseo_head_json":{"title":"Tampas de aperto de polegar com tema de animais - DROIX EU","description":"Feito de material de silicone macio Protege o man\u00edpulo anal\u00f3gico Muito confort\u00e1vel ao toque N\u00e3o se deforma facilmente N\u00e3o t\u00f3xico e n\u00e3o se desvanece facilmente","canonical_url":"https:\/\/droix.eu\/pt-pt\/product\/tampas-de-aperto-de-polegar-com-tema-de-animais\/","robots":"max-image-preview:large","keywords":"","webmasterTools":{"miscellaneous":""},"schema":{"@context":"https:\/\/schema.org","@graph":[{"@type":"BreadcrumbList","@id":"https:\/\/droix.eu\/pt-pt\/product\/tampas-de-aperto-de-polegar-com-tema-de-animais\/#breadcrumblist","itemListElement":[{"@type":"ListItem","@id":"https:\/\/droix.eu\/pt-pt\/#listItem","position":1,"name":"Home","item":"https:\/\/droix.eu\/pt-pt\/","nextItem":{"@type":"ListItem","@id":"https:\/\/droix.eu\/pt-pt\/product-category\/acessorios\/#listItem","name":"Acess\u00f3rios"}},{"@type":"ListItem","@id":"https:\/\/droix.eu\/pt-pt\/product-category\/acessorios\/#listItem","position":2,"name":"Acess\u00f3rios","item":"https:\/\/droix.eu\/pt-pt\/product-category\/acessorios\/","nextItem":{"@type":"ListItem","@id":"https:\/\/droix.eu\/pt-pt\/product-category\/acessorios\/acessorios-para-jogos\/#listItem","name":"Acess\u00f3rios para jogos"},"previousItem":{"@type":"ListItem","@id":"https:\/\/droix.eu\/pt-pt\/#listItem","name":"Home"}},{"@type":"ListItem","@id":"https:\/\/droix.eu\/pt-pt\/product-category\/acessorios\/acessorios-para-jogos\/#listItem","position":3,"name":"Acess\u00f3rios para jogos","item":"https:\/\/droix.eu\/pt-pt\/product-category\/acessorios\/acessorios-para-jogos\/","nextItem":{"@type":"ListItem","@id":"https:\/\/droix.eu\/pt-pt\/product\/tampas-de-aperto-de-polegar-com-tema-de-animais\/#listItem","name":"Tampas de aperto de polegar com tema de animais"},"previousItem":{"@type":"ListItem","@id":"https:\/\/droix.eu\/pt-pt\/product-category\/acessorios\/#listItem","name":"Acess\u00f3rios"}},{"@type":"ListItem","@id":"https:\/\/droix.eu\/pt-pt\/product\/tampas-de-aperto-de-polegar-com-tema-de-animais\/#listItem","position":4,"name":"Tampas de aperto de polegar com tema de animais","previousItem":{"@type":"ListItem","@id":"https:\/\/droix.eu\/pt-pt\/product-category\/acessorios\/acessorios-para-jogos\/#listItem","name":"Acess\u00f3rios para jogos"}}]},{"@type":"Organization","@id":"https:\/\/droix.eu\/pt-pt\/#organization","name":"DroiX \u2013 Trusted EU Tech Retailer with 12+ Years Experience","description":"DroiX is a leading European technology retailer with over 12 years of experience, offering quality mini PCs, handheld gaming consoles, and tech accessories. We provide hassle-free EU delivery with all taxes included, ensuring a smooth and reliable shopping experience for our customers across Europe.","url":"https:\/\/droix.eu\/pt-pt\/","logo":{"@type":"ImageObject","url":"https:\/\/droix.eu\/wp-content\/uploads\/2024\/06\/droix-v2-light-logo.png","@id":"https:\/\/droix.eu\/pt-pt\/product\/tampas-de-aperto-de-polegar-com-tema-de-animais\/#organizationLogo","width":380,"height":118},"image":{"@id":"https:\/\/droix.eu\/pt-pt\/product\/tampas-de-aperto-de-polegar-com-tema-de-animais\/#organizationLogo"},"sameAs":["https:\/\/www.facebook.com\/DroiX.Store","https:\/\/twitter.com\/DroiX_Store","https:\/\/www.instagram.com\/droix.store\/","https:\/\/www.tiktok.com\/@droix.store","https:\/\/www.youtube.com\/c\/DroiX_Store","https:\/\/uk.linkedin.com\/company\/droix"]},{"@type":"Product","@id":"https:\/\/droix.eu\/pt-pt\/product\/tampas-de-aperto-de-polegar-com-tema-de-animais\/#wooCommerceProduct","name":"Tampas de aperto de polegar com tema de animais","description":"Feito de material de silicone macio\n \tProtege o man\u00edpulo anal\u00f3gico\n \tMuito confort\u00e1vel ao toque\n \tN\u00e3o se deforma facilmente\n \tN\u00e3o t\u00f3xico e n\u00e3o se desvanece facilmente","url":"https:\/\/droix.eu\/pt-pt\/product\/tampas-de-aperto-de-polegar-com-tema-de-animais\/","sku":"ANIMAL-THUMB-STICK-CAPS","gtin":"5060763673601","image":{"@type":"ImageObject","url":"https:\/\/droix.eu\/wp-content\/uploads\/2022\/11\/ANIMAL-THUMB-STICK-CAPS-IMAGE-1.png","@id":"https:\/\/droix.eu\/pt-pt\/product\/tampas-de-aperto-de-polegar-com-tema-de-animais\/#productImage","width":900,"height":1200},"offers":{"@type":"Offer","url":"https:\/\/droix.eu\/pt-pt\/product\/tampas-de-aperto-de-polegar-com-tema-de-animais\/#wooCommerceOffer","price":94.05,"priceCurrency":"HRK","category":"Acess\u00f3rios","availability":"https:\/\/schema.org\/InStock","priceSpecification":{"@type":"PriceSpecification","price":94.05,"priceCurrency":"HRK","valueAddedTaxIncluded":"true"},"seller":{"@type":"Organization","@id":"https:\/\/droix.eu\/pt-pt\/#organization"}}},{"@type":"WebPage","@id":"https:\/\/droix.eu\/pt-pt\/product\/tampas-de-aperto-de-polegar-com-tema-de-animais\/#webpage","url":"https:\/\/droix.eu\/pt-pt\/product\/tampas-de-aperto-de-polegar-com-tema-de-animais\/","name":"Tampas de aperto de polegar com tema de animais - DROIX EU","description":"Feito de material de silicone macio Protege o man\u00edpulo anal\u00f3gico Muito confort\u00e1vel ao toque N\u00e3o se deforma facilmente N\u00e3o t\u00f3xico e n\u00e3o se desvanece facilmente","inLanguage":"pt-PT","isPartOf":{"@id":"https:\/\/droix.eu\/pt-pt\/#website"},"breadcrumb":{"@id":"https:\/\/droix.eu\/pt-pt\/product\/tampas-de-aperto-de-polegar-com-tema-de-animais\/#breadcrumblist"},"image":{"@type":"ImageObject","url":"https:\/\/droix.eu\/wp-content\/uploads\/2022\/11\/ANIMAL-THUMB-STICK-CAPS-IMAGE-1.png","@id":"https:\/\/droix.eu\/pt-pt\/product\/tampas-de-aperto-de-polegar-com-tema-de-animais\/#mainImage","width":900,"height":1200},"primaryImageOfPage":{"@id":"https:\/\/droix.eu\/pt-pt\/product\/tampas-de-aperto-de-polegar-com-tema-de-animais\/#mainImage"},"datePublished":"2022-11-11T11:44:32+00:00","dateModified":"2026-03-28T08:31:01+00:00"},{"@type":"WebSite","@id":"https:\/\/droix.eu\/pt-pt\/#website","url":"https:\/\/droix.eu\/pt-pt\/","name":"DROIX EU","description":"Get the latest Mini PCs, Ultrabook, PC Gaming Handhelds and more!","inLanguage":"pt-PT","publisher":{"@id":"https:\/\/droix.eu\/pt-pt\/#organization"}}]},"og:locale":"pt_PT","og:site_name":"DROIX EU - Get the latest Mini PCs, Ultrabook, PC Gaming Handhelds and more!","og:type":"article","og:title":"Tampas de aperto de polegar com tema de animais - DROIX EU","og:description":"Feito de material de silicone macio Protege o man\u00edpulo anal\u00f3gico Muito confort\u00e1vel ao toque N\u00e3o se deforma facilmente N\u00e3o t\u00f3xico e n\u00e3o se desvanece facilmente","og:url":"https:\/\/droix.eu\/pt-pt\/product\/tampas-de-aperto-de-polegar-com-tema-de-animais\/","og:image":"https:\/\/droix.eu\/wp-content\/uploads\/2024\/06\/droix-v2-light-logo.png","og:image:secure_url":"https:\/\/droix.eu\/wp-content\/uploads\/2024\/06\/droix-v2-light-logo.png","og:image:width":380,"og:image:height":118,"article:published_time":"2022-11-11T11:44:32+00:00","article:modified_time":"2026-03-28T08:31:01+00:00","article:publisher":"https:\/\/www.facebook.com\/DroiX.Store","twitter:card":"summary_large_image","twitter:site":"@DroiX_Store","twitter:title":"Tampas de aperto de polegar com tema de animais - DROIX EU","twitter:description":"Feito de material de silicone macio Protege o man\u00edpulo anal\u00f3gico Muito confort\u00e1vel ao toque N\u00e3o se deforma facilmente N\u00e3o t\u00f3xico e n\u00e3o se desvanece facilmente","twitter:image":"https:\/\/droix.eu\/wp-content\/uploads\/2024\/06\/droix-v2-light-logo.png"},"aioseo_meta_data":{"post_id":"572751","title":null,"description":null,"keywords":null,"keyphrases":{"focus":{"keyphrase":"","score":0,"analysis":{"keyphraseInTitle":{"score":0,"maxScore":9,"error":1}}},"additional":[]},"primary_term":null,"canonical_url":null,"og_title":null,"og_description":null,"og_object_type":"default","og_image_type":"default","og_image_url":null,"og_image_width":null,"og_image_height":null,"og_image_custom_url":null,"og_image_custom_fields":null,"og_video":"","og_custom_url":null,"og_article_section":null,"og_article_tags":null,"twitter_use_og":true,"twitter_card":"default","twitter_image_type":"default","twitter_image_url":null,"twitter_image_custom_url":null,"twitter_image_custom_fields":null,"twitter_title":null,"twitter_description":null,"schema":{"blockGraphs":[],"customGraphs":[],"default":{"data":{"Article":[],"Course":[],"Dataset":[],"FAQPage":[],"Movie":[],"Person":[],"Product":[],"ProductReview":[],"Car":[],"Recipe":[],"Service":[],"SoftwareApplication":[],"WebPage":[]},"graphName":"Product","isEnabled":true},"graphs":[]},"schema_type":"default","schema_type_options":null,"pillar_content":false,"robots_default":true,"robots_noindex":false,"robots_noarchive":false,"robots_nosnippet":false,"robots_nofollow":false,"robots_noimageindex":false,"robots_noodp":false,"robots_notranslate":false,"robots_max_snippet":"-1","robots_max_videopreview":"-1","robots_max_imagepreview":"large","priority":null,"frequency":"default","local_seo":null,"seo_analyzer_scan_date":null,"breadcrumb_settings":null,"limit_modified_date":false,"reviewed_by":null,"open_ai":null,"ai":{"faqs":[],"keyPoints":[],"titles":[],"descriptions":[],"socialPosts":{"email":[],"linkedin":[],"twitter":[],"facebook":[],"instagram":[]}},"created":"2025-10-09 04:04:14","updated":"2026-03-28 13:58:12"},"aioseo_breadcrumb":"<div class=\"aioseo-breadcrumbs\"><span class=\"aioseo-breadcrumb\">\n\t<a href=\"https:\/\/droix.eu\/pt-pt\/\" title=\"Home\">Home<\/a>\n<\/span><span class=\"aioseo-breadcrumb-separator\">&raquo;<\/span><span class=\"aioseo-breadcrumb\">\n\t<a href=\"https:\/\/droix.eu\/pt-pt\/product-category\/acessorios\/\" title=\"Acess\u00f3rios\">Acess\u00f3rios<\/a>\n<\/span><span class=\"aioseo-breadcrumb-separator\">&raquo;<\/span><span class=\"aioseo-breadcrumb\">\n\t<a href=\"https:\/\/droix.eu\/pt-pt\/product-category\/acessorios\/acessorios-para-jogos\/\" title=\"Acess\u00f3rios para jogos\">Acess\u00f3rios para jogos<\/a>\n<\/span><span class=\"aioseo-breadcrumb-separator\">&raquo;<\/span><span class=\"aioseo-breadcrumb\">\n\tTampas de aperto de polegar com tema de animais\n<\/span><\/div>","aioseo_breadcrumb_json":[{"label":"Home","link":"https:\/\/droix.eu\/pt-pt\/"},{"label":"Acess\u00f3rios","link":"https:\/\/droix.eu\/pt-pt\/product-category\/acessorios\/"},{"label":"Acess\u00f3rios para jogos","link":"https:\/\/droix.eu\/pt-pt\/product-category\/acessorios\/acessorios-para-jogos\/"},{"label":"Tampas de aperto de polegar com tema de animais","link":"https:\/\/droix.eu\/pt-pt\/product\/tampas-de-aperto-de-polegar-com-tema-de-animais\/"}],"_links":{"self":[{"href":"https:\/\/droix.eu\/pt-pt\/wp-json\/wp\/v2\/product\/572751","targetHints":{"allow":["GET"]}}],"collection":[{"href":"https:\/\/droix.eu\/pt-pt\/wp-json\/wp\/v2\/product"}],"about":[{"href":"https:\/\/droix.eu\/pt-pt\/wp-json\/wp\/v2\/types\/product"}],"version-history":[{"count":0,"href":"https:\/\/droix.eu\/pt-pt\/wp-json\/wp\/v2\/product\/572751\/revisions"}],"wp:featuredmedia":[{"embeddable":true,"href":"https:\/\/droix.eu\/pt-pt\/wp-json\/wp\/v2\/media\/702984"}],"wp:attachment":[{"href":"https:\/\/droix.eu\/pt-pt\/wp-json\/wp\/v2\/media?parent=572751"}],"wp:term":[{"taxonomy":"product_brand","embeddable":true,"href":"https:\/\/droix.eu\/pt-pt\/wp-json\/wp\/v2\/product_brand?post=572751"},{"taxonomy":"product_cat","embeddable":true,"href":"https:\/\/droix.eu\/pt-pt\/wp-json\/wp\/v2\/product_cat?post=572751"},{"taxonomy":"product_tag","embeddable":true,"href":"https:\/\/droix.eu\/pt-pt\/wp-json\/wp\/v2\/product_tag?post=572751"},{"taxonomy":"woo-feed-brand","embeddable":true,"href":"https:\/\/droix.eu\/pt-pt\/wp-json\/wp\/v2\/woo-feed-brand?post=572751"},{"taxonomy":"key-features","embeddable":true,"href":"https:\/\/droix.eu\/pt-pt\/wp-json\/wp\/v2\/key-features?post=572751"}],"curies":[{"name":"wp","href":"https:\/\/api.w.org\/{rel}","templated":true}]}}