{"id":567600,"date":"2022-12-20T15:00:27","date_gmt":"2022-12-20T15:00:27","guid":{"rendered":"https:\/\/droix.eu\/product\/kingspec-2230-steam-deck-armazenamento-nvme\/"},"modified":"2025-09-05T15:02:05","modified_gmt":"2025-09-05T14:02:05","slug":"kingspec-2230-steam-deck-armazenamento-nvme","status":"publish","type":"product","link":"https:\/\/droix.eu\/pt-pt\/product\/kingspec-2230-steam-deck-armazenamento-nvme\/","title":{"rendered":"KingSpec 2230 Steam Deck Armazenamento NVMe"},"content":{"rendered":"&#13;\n<p>A Unidade de Estado <strong>S\u00f3lido KingSpec NVMe 22*30<\/strong>\u00e9 capaz de atingir velocidades de leitura de at\u00e9 3621,35 MB\/s e velocidades de grava\u00e7\u00e3o de at\u00e9 2314,32 MB\/s. Estas velocidades s\u00e3o significativamente mais r\u00e1pidas do que as de um disco r\u00edgido tradicional, que normalmente pode atingir velocidades de cerca de 100 MB\/s. Isto significa que a unidade KingSpec NVMe \u00e9 capaz de aceder e transferir dados muito mais rapidamente, resultando em tempos de arranque mais r\u00e1pidos e lan\u00e7amento mais r\u00e1pido de software.  <\/p>&#13;\n&#13;\n<p>Por exemplo, digamos que tens uma grande aplica\u00e7\u00e3o de software que tens de instalar. Com um disco r\u00edgido tradicional, pode levar v\u00e1rios minutos para concluir o processo de instala\u00e7\u00e3o. Com a unidade KingSpec NVMe, no entanto, o processo de instala\u00e7\u00e3o seria muito mais r\u00e1pido, pois a unidade \u00e9 capaz de acessar e transferir os dados necess\u00e1rios a velocidades muito mais altas.  <\/p>&#13;\n&#13;\n<p>Em geral, as velocidades de leitura e escrita mais r\u00e1pidas da unidade <strong>KingSpec NVMe<\/strong> fazem dela uma excelente escolha para quem pretende melhorar o desempenho geral do seu computador. Quer sejas um jogador que pretende carregar n\u00edveis mais rapidamente, um profissional criativo que trabalha com ficheiros grandes ou apenas algu\u00e9m que pretende uma experi\u00eancia de computa\u00e7\u00e3o mais suave e mais reactiva, esta unidade ir\u00e1 certamente proporcionar-te isso. <\/p>&#13;\n&#13;\n<p>V\u00ea os resultados abaixo para <strong>Steam Deck<\/strong> usando o armazenamento <strong>KingSpec 2230 NVMe 1TB<\/strong>:<\/p>&#13;\n&#13;\n<p>Velocidade de leitura: <strong>3621,35 MB\/s<\/strong><br\/>Velocidade de escrita:<strong> 2314,32 MB\/s<\/strong><\/p>&#13;\n&#13;\n<p>O software de benchmark <strong>CrystalDiskMark<\/strong> executa uma s\u00e9rie de testes no armazenamento para ver o seu desempenho em diferentes padr\u00f5es de leitura\/escrita. Os resultados mostram as velocidades m\u00e1ximas ideais de leitura e escrita na primeira linha. <\/p>&#13;\n&#13;\n<figure class=\"wp-block-image aligncenter\"><img fetchpriority=\"high\" decoding=\"async\" width=\"601\" height=\"438\" src=\"https:\/\/droix.eu\/wp-content\/uploads\/2022\/12\/r-w-speed-kigspec2230-steam-deck.png\" alt=\"Velocidade de leitura e escrita do SD KingSpec 2230\" class=\"wp-image-94989\" srcset=\"https:\/\/droix.eu\/wp-content\/uploads\/2022\/12\/r-w-speed-kigspec2230-steam-deck.png 601w, https:\/\/droix.eu\/wp-content\/uploads\/2022\/12\/r-w-speed-kigspec2230-steam-deck-300x219.png 300w, https:\/\/droix.eu\/wp-content\/uploads\/2022\/12\/r-w-speed-kigspec2230-steam-deck-441x321.png 441w\" sizes=\"(max-width: 601px) 100vw, 601px\" \/><\/figure>&#13;\n&#13;\n<figure class=\"wp-block-image aligncenter\"><img decoding=\"async\" width=\"1500\" height=\"1500\" src=\"https:\/\/droix.eu\/wp-content\/uploads\/2022\/12\/SSD-EXPLINATION.png\" alt=\"ssd-explanation-tool\" class=\"wp-image-105048\" srcset=\"https:\/\/droix.eu\/wp-content\/uploads\/2022\/12\/SSD-EXPLINATION.png 1500w, https:\/\/droix.eu\/wp-content\/uploads\/2022\/12\/SSD-EXPLINATION-300x300.png 300w, https:\/\/droix.eu\/wp-content\/uploads\/2022\/12\/SSD-EXPLINATION-100x100.png 100w, https:\/\/droix.eu\/wp-content\/uploads\/2022\/12\/SSD-EXPLINATION-1000x1000.png 1000w, https:\/\/droix.eu\/wp-content\/uploads\/2022\/12\/SSD-EXPLINATION-1024x1024.png 1024w, https:\/\/droix.eu\/wp-content\/uploads\/2022\/12\/SSD-EXPLINATION-768x768.png 768w, https:\/\/droix.eu\/wp-content\/uploads\/2022\/12\/SSD-EXPLINATION-990x990.png 990w, https:\/\/droix.eu\/wp-content\/uploads\/2022\/12\/SSD-EXPLINATION-441x441.png 441w\" sizes=\"(max-width: 1500px) 100vw, 1500px\" \/><\/figure>&#13;\n","protected":false},"excerpt":{"rendered":"<ul>\n<li>Velocidades NVMe r\u00e1pidas<\/li>\n<li>Compat\u00edvel com o SteamDeck e o GPD WIN Max 2  <\/li>\n<li>3 anos de garantia<\/li>\n<\/ul>\n[droix_global_accordions]\n[cg_accordion title=\"O pacote inclui\"]<\/p>\n<ul>\n<li>1x 22*30 NVMe SSD<\/li>\n<\/ul>\n<p>[\/cg_accordion]\n","protected":false},"featured_media":567601,"template":"","meta":{"_acf_changed":false},"product_brand":[],"product_cat":[41445,41535,41536],"product_tag":[],"woo-feed-brand":[],"key-features":[],"class_list":{"0":"post-567600","1":"product","2":"type-product","3":"status-publish","4":"has-post-thumbnail","6":"product_cat-hardware-pt-pt","7":"product_cat-hardware-de-computador","8":"product_cat-hardware-para-computadores-portateis","9":"product_shipping_class-low-end","10":"pa_brands-kingspec-pt-pt","12":"first","13":"instock","14":"taxable","15":"shipping-taxable","16":"purchasable","17":"product-type-variable","18":"has-default-attributes"},"acf":[],"aioseo_notices":[],"aioseo_head":"\n\t\t<!-- All in One SEO Pro 4.9.6.2 - aioseo.com -->\n\t<meta name=\"description\" content=\"Velocidades NVMe r\u00e1pidas Compat\u00edvel com o SteamDeck e o GPD WIN Max 2 3 anos de garantia O pacote inclui 1x 22*30 NVMe SSD\" \/>\n\t<meta name=\"robots\" content=\"max-image-preview:large\" \/>\n\t<link rel=\"canonical\" href=\"https:\/\/droix.eu\/pt-pt\/product\/kingspec-2230-steam-deck-armazenamento-nvme\/\" \/>\n\t<meta name=\"generator\" content=\"All in One SEO Pro (AIOSEO) 4.9.6.2\" \/>\n\t\t<meta property=\"og:locale\" content=\"pt_PT\" \/>\n\t\t<meta property=\"og:site_name\" content=\"DROIX EU - Get the latest Mini PCs, Ultrabook, PC Gaming Handhelds and more!\" \/>\n\t\t<meta property=\"og:type\" content=\"article\" \/>\n\t\t<meta property=\"og:title\" content=\"KingSpec 2230 Steam Deck Armazenamento NVMe - DROIX EU\" \/>\n\t\t<meta property=\"og:description\" content=\"Velocidades NVMe r\u00e1pidas Compat\u00edvel com o SteamDeck e o GPD WIN Max 2 3 anos de garantia O pacote inclui 1x 22*30 NVMe SSD\" \/>\n\t\t<meta property=\"og:url\" content=\"https:\/\/droix.eu\/pt-pt\/product\/kingspec-2230-steam-deck-armazenamento-nvme\/\" \/>\n\t\t<meta property=\"og:image\" content=\"https:\/\/droix.eu\/wp-content\/uploads\/2024\/06\/droix-v2-light-logo.png\" \/>\n\t\t<meta property=\"og:image:secure_url\" content=\"https:\/\/droix.eu\/wp-content\/uploads\/2024\/06\/droix-v2-light-logo.png\" \/>\n\t\t<meta property=\"og:image:width\" content=\"380\" \/>\n\t\t<meta property=\"og:image:height\" content=\"118\" \/>\n\t\t<meta property=\"article:published_time\" content=\"2022-12-20T15:00:27+00:00\" \/>\n\t\t<meta property=\"article:modified_time\" content=\"2025-09-05T14:02:05+00:00\" \/>\n\t\t<meta property=\"article:publisher\" content=\"https:\/\/www.facebook.com\/DroiX.Store\" \/>\n\t\t<meta name=\"twitter:card\" content=\"summary_large_image\" \/>\n\t\t<meta name=\"twitter:site\" content=\"@DroiX_Store\" \/>\n\t\t<meta name=\"twitter:title\" content=\"KingSpec 2230 Steam Deck Armazenamento NVMe - DROIX EU\" \/>\n\t\t<meta name=\"twitter:description\" content=\"Velocidades NVMe r\u00e1pidas Compat\u00edvel com o SteamDeck e o GPD WIN Max 2 3 anos de garantia O pacote inclui 1x 22*30 NVMe SSD\" \/>\n\t\t<meta name=\"twitter:image\" content=\"https:\/\/droix.eu\/wp-content\/uploads\/2024\/06\/droix-v2-light-logo.png\" \/>\n\t\t<script type=\"application\/ld+json\" class=\"aioseo-schema\">\n\t\t\t{\"@context\":\"https:\\\/\\\/schema.org\",\"@graph\":[{\"@type\":\"BreadcrumbList\",\"@id\":\"https:\\\/\\\/droix.eu\\\/pt-pt\\\/product\\\/kingspec-2230-steam-deck-armazenamento-nvme\\\/#breadcrumblist\",\"itemListElement\":[{\"@type\":\"ListItem\",\"@id\":\"https:\\\/\\\/droix.eu\\\/pt-pt\\\/#listItem\",\"position\":1,\"name\":\"Home\",\"item\":\"https:\\\/\\\/droix.eu\\\/pt-pt\\\/\",\"nextItem\":{\"@type\":\"ListItem\",\"@id\":\"https:\\\/\\\/droix.eu\\\/pt-pt\\\/product-category\\\/hardware-pt-pt\\\/#listItem\",\"name\":\"Hardware\"}},{\"@type\":\"ListItem\",\"@id\":\"https:\\\/\\\/droix.eu\\\/pt-pt\\\/product-category\\\/hardware-pt-pt\\\/#listItem\",\"position\":2,\"name\":\"Hardware\",\"item\":\"https:\\\/\\\/droix.eu\\\/pt-pt\\\/product-category\\\/hardware-pt-pt\\\/\",\"nextItem\":{\"@type\":\"ListItem\",\"@id\":\"https:\\\/\\\/droix.eu\\\/pt-pt\\\/product-category\\\/hardware-pt-pt\\\/hardware-de-computador\\\/#listItem\",\"name\":\"Hardware de computador\"},\"previousItem\":{\"@type\":\"ListItem\",\"@id\":\"https:\\\/\\\/droix.eu\\\/pt-pt\\\/#listItem\",\"name\":\"Home\"}},{\"@type\":\"ListItem\",\"@id\":\"https:\\\/\\\/droix.eu\\\/pt-pt\\\/product-category\\\/hardware-pt-pt\\\/hardware-de-computador\\\/#listItem\",\"position\":3,\"name\":\"Hardware de computador\",\"item\":\"https:\\\/\\\/droix.eu\\\/pt-pt\\\/product-category\\\/hardware-pt-pt\\\/hardware-de-computador\\\/\",\"nextItem\":{\"@type\":\"ListItem\",\"@id\":\"https:\\\/\\\/droix.eu\\\/pt-pt\\\/product\\\/kingspec-2230-steam-deck-armazenamento-nvme\\\/#listItem\",\"name\":\"KingSpec 2230 Steam Deck Armazenamento NVMe\"},\"previousItem\":{\"@type\":\"ListItem\",\"@id\":\"https:\\\/\\\/droix.eu\\\/pt-pt\\\/product-category\\\/hardware-pt-pt\\\/#listItem\",\"name\":\"Hardware\"}},{\"@type\":\"ListItem\",\"@id\":\"https:\\\/\\\/droix.eu\\\/pt-pt\\\/product\\\/kingspec-2230-steam-deck-armazenamento-nvme\\\/#listItem\",\"position\":4,\"name\":\"KingSpec 2230 Steam Deck Armazenamento NVMe\",\"previousItem\":{\"@type\":\"ListItem\",\"@id\":\"https:\\\/\\\/droix.eu\\\/pt-pt\\\/product-category\\\/hardware-pt-pt\\\/hardware-de-computador\\\/#listItem\",\"name\":\"Hardware de computador\"}}]},{\"@type\":\"Organization\",\"@id\":\"https:\\\/\\\/droix.eu\\\/pt-pt\\\/#organization\",\"name\":\"DroiX \\u2013 Trusted EU Tech Retailer with 12+ Years Experience\",\"description\":\"DroiX is a leading European technology retailer with over 12 years of experience, offering quality mini PCs, handheld gaming consoles, and tech accessories. We provide hassle-free EU delivery with all taxes included, ensuring a smooth and reliable shopping experience for our customers across Europe.\",\"url\":\"https:\\\/\\\/droix.eu\\\/pt-pt\\\/\",\"logo\":{\"@type\":\"ImageObject\",\"url\":\"https:\\\/\\\/droix.eu\\\/wp-content\\\/uploads\\\/2024\\\/06\\\/droix-v2-light-logo.png\",\"@id\":\"https:\\\/\\\/droix.eu\\\/pt-pt\\\/product\\\/kingspec-2230-steam-deck-armazenamento-nvme\\\/#organizationLogo\",\"width\":380,\"height\":118},\"image\":{\"@id\":\"https:\\\/\\\/droix.eu\\\/pt-pt\\\/product\\\/kingspec-2230-steam-deck-armazenamento-nvme\\\/#organizationLogo\"},\"sameAs\":[\"https:\\\/\\\/www.facebook.com\\\/DroiX.Store\",\"https:\\\/\\\/twitter.com\\\/DroiX_Store\",\"https:\\\/\\\/www.instagram.com\\\/droix.store\\\/\",\"https:\\\/\\\/www.tiktok.com\\\/@droix.store\",\"https:\\\/\\\/www.youtube.com\\\/c\\\/DroiX_Store\",\"https:\\\/\\\/uk.linkedin.com\\\/company\\\/droix\"]},{\"@type\":\"ProductGroup\",\"@id\":\"https:\\\/\\\/droix.eu\\\/pt-pt\\\/product\\\/kingspec-2230-steam-deck-armazenamento-nvme\\\/#wooCommerceProduct\",\"name\":\"KingSpec 2230 Steam Deck Armazenamento NVMe\",\"description\":\"Velocidades NVMe r\\u00e1pidas\\n \\tCompat\\u00edvel com o SteamDeck e o GPD WIN Max 2  \\n \\t3 anos de garantia\",\"url\":\"https:\\\/\\\/droix.eu\\\/pt-pt\\\/product\\\/kingspec-2230-steam-deck-armazenamento-nvme\\\/\",\"image\":{\"@type\":\"ImageObject\",\"url\":\"https:\\\/\\\/droix.eu\\\/wp-content\\\/uploads\\\/2022\\\/12\\\/22_30NVME-LISTING-PICTURE-1TB-1.png\",\"@id\":\"https:\\\/\\\/droix.eu\\\/pt-pt\\\/product\\\/kingspec-2230-steam-deck-armazenamento-nvme\\\/#productImage\",\"width\":1500,\"height\":1500,\"caption\":\"Armazenamento KingSpec 1TB NVME 2230\"},\"productGroupID\":567600,\"hasVariant\":[{\"@type\":\"Product\",\"@id\":\"https:\\\/\\\/droix.eu\\\/pt-pt\\\/product\\\/kingspec-2230-steam-deck-armazenamento-nvme\\\/#wooCommerceProduct\",\"name\":\"KingSpec 2230 Steam Deck Armazenamento NVMe - 512gb\",\"description\":\"Velocidades NVMe r\\u00e1pidas\\n \\tCompat\\u00edvel com o SteamDeck e o GPD WIN Max 2  \\n \\t3 anos de garantia\",\"url\":\"https:\\\/\\\/droix.eu\\\/pt-pt\\\/product\\\/kingspec-2230-steam-deck-armazenamento-nvme\\\/\",\"sku\":\"KINGSPEC-NVME-2230-512GB\",\"image\":{\"@type\":\"ImageObject\",\"url\":\"https:\\\/\\\/droix.eu\\\/wp-content\\\/uploads\\\/2022\\\/12\\\/22_30NVME-LISTING-PICTURE-512GB-1.png\",\"@id\":\"https:\\\/\\\/droix.eu\\\/pt-pt\\\/product\\\/kingspec-2230-steam-deck-armazenamento-nvme\\\/#productImage\",\"width\":1500,\"height\":1500,\"caption\":\"Armazenamento KingSpec 512GB NVME 2230\"},\"offers\":{\"@type\":\"Offer\",\"url\":\"https:\\\/\\\/droix.eu\\\/pt-pt\\\/product\\\/kingspec-2230-steam-deck-armazenamento-nvme\\\/#wooCommerceOffer\",\"price\":\"660.95\",\"priceCurrency\":\"SEK\",\"category\":\"Hardware\",\"availability\":\"https:\\\/\\\/schema.org\\\/OutOfStock\",\"priceSpecification\":{\"@type\":\"PriceSpecification\",\"price\":660.95,\"priceCurrency\":\"SEK\",\"valueAddedTaxIncluded\":\"true\"}}}]},{\"@type\":\"WebPage\",\"@id\":\"https:\\\/\\\/droix.eu\\\/pt-pt\\\/product\\\/kingspec-2230-steam-deck-armazenamento-nvme\\\/#webpage\",\"url\":\"https:\\\/\\\/droix.eu\\\/pt-pt\\\/product\\\/kingspec-2230-steam-deck-armazenamento-nvme\\\/\",\"name\":\"KingSpec 2230 Steam Deck Armazenamento NVMe - DROIX EU\",\"description\":\"Velocidades NVMe r\\u00e1pidas Compat\\u00edvel com o SteamDeck e o GPD WIN Max 2 3 anos de garantia O pacote inclui 1x 22*30 NVMe SSD\",\"inLanguage\":\"pt-PT\",\"isPartOf\":{\"@id\":\"https:\\\/\\\/droix.eu\\\/pt-pt\\\/#website\"},\"breadcrumb\":{\"@id\":\"https:\\\/\\\/droix.eu\\\/pt-pt\\\/product\\\/kingspec-2230-steam-deck-armazenamento-nvme\\\/#breadcrumblist\"},\"image\":{\"@type\":\"ImageObject\",\"url\":\"https:\\\/\\\/droix.eu\\\/wp-content\\\/uploads\\\/2022\\\/12\\\/22_30NVME-LISTING-PICTURE-1TB-1.png\",\"@id\":\"https:\\\/\\\/droix.eu\\\/pt-pt\\\/product\\\/kingspec-2230-steam-deck-armazenamento-nvme\\\/#mainImage\",\"width\":1500,\"height\":1500,\"caption\":\"Armazenamento KingSpec 1TB NVME 2230\"},\"primaryImageOfPage\":{\"@id\":\"https:\\\/\\\/droix.eu\\\/pt-pt\\\/product\\\/kingspec-2230-steam-deck-armazenamento-nvme\\\/#mainImage\"},\"datePublished\":\"2022-12-20T15:00:27+00:00\",\"dateModified\":\"2025-09-05T15:02:05+01:00\"},{\"@type\":\"WebSite\",\"@id\":\"https:\\\/\\\/droix.eu\\\/pt-pt\\\/#website\",\"url\":\"https:\\\/\\\/droix.eu\\\/pt-pt\\\/\",\"name\":\"DROIX EU\",\"description\":\"Get the latest Mini PCs, Ultrabook, PC Gaming Handhelds and more!\",\"inLanguage\":\"pt-PT\",\"publisher\":{\"@id\":\"https:\\\/\\\/droix.eu\\\/pt-pt\\\/#organization\"}}]}\n\t\t<\/script>\n\t\t<!-- All in One SEO Pro -->\r\n\t\t<title>KingSpec 2230 Steam Deck Armazenamento NVMe - DROIX EU<\/title>\n\n","aioseo_head_json":{"title":"KingSpec 2230 Steam Deck Armazenamento NVMe - DROIX EU","description":"Velocidades NVMe r\u00e1pidas Compat\u00edvel com o SteamDeck e o GPD WIN Max 2 3 anos de garantia O pacote inclui 1x 22*30 NVMe SSD","canonical_url":"https:\/\/droix.eu\/pt-pt\/product\/kingspec-2230-steam-deck-armazenamento-nvme\/","robots":"max-image-preview:large","keywords":"","webmasterTools":{"miscellaneous":""},"schema":{"@context":"https:\/\/schema.org","@graph":[{"@type":"BreadcrumbList","@id":"https:\/\/droix.eu\/pt-pt\/product\/kingspec-2230-steam-deck-armazenamento-nvme\/#breadcrumblist","itemListElement":[{"@type":"ListItem","@id":"https:\/\/droix.eu\/pt-pt\/#listItem","position":1,"name":"Home","item":"https:\/\/droix.eu\/pt-pt\/","nextItem":{"@type":"ListItem","@id":"https:\/\/droix.eu\/pt-pt\/product-category\/hardware-pt-pt\/#listItem","name":"Hardware"}},{"@type":"ListItem","@id":"https:\/\/droix.eu\/pt-pt\/product-category\/hardware-pt-pt\/#listItem","position":2,"name":"Hardware","item":"https:\/\/droix.eu\/pt-pt\/product-category\/hardware-pt-pt\/","nextItem":{"@type":"ListItem","@id":"https:\/\/droix.eu\/pt-pt\/product-category\/hardware-pt-pt\/hardware-de-computador\/#listItem","name":"Hardware de computador"},"previousItem":{"@type":"ListItem","@id":"https:\/\/droix.eu\/pt-pt\/#listItem","name":"Home"}},{"@type":"ListItem","@id":"https:\/\/droix.eu\/pt-pt\/product-category\/hardware-pt-pt\/hardware-de-computador\/#listItem","position":3,"name":"Hardware de computador","item":"https:\/\/droix.eu\/pt-pt\/product-category\/hardware-pt-pt\/hardware-de-computador\/","nextItem":{"@type":"ListItem","@id":"https:\/\/droix.eu\/pt-pt\/product\/kingspec-2230-steam-deck-armazenamento-nvme\/#listItem","name":"KingSpec 2230 Steam Deck Armazenamento NVMe"},"previousItem":{"@type":"ListItem","@id":"https:\/\/droix.eu\/pt-pt\/product-category\/hardware-pt-pt\/#listItem","name":"Hardware"}},{"@type":"ListItem","@id":"https:\/\/droix.eu\/pt-pt\/product\/kingspec-2230-steam-deck-armazenamento-nvme\/#listItem","position":4,"name":"KingSpec 2230 Steam Deck Armazenamento NVMe","previousItem":{"@type":"ListItem","@id":"https:\/\/droix.eu\/pt-pt\/product-category\/hardware-pt-pt\/hardware-de-computador\/#listItem","name":"Hardware de computador"}}]},{"@type":"Organization","@id":"https:\/\/droix.eu\/pt-pt\/#organization","name":"DroiX \u2013 Trusted EU Tech Retailer with 12+ Years Experience","description":"DroiX is a leading European technology retailer with over 12 years of experience, offering quality mini PCs, handheld gaming consoles, and tech accessories. We provide hassle-free EU delivery with all taxes included, ensuring a smooth and reliable shopping experience for our customers across Europe.","url":"https:\/\/droix.eu\/pt-pt\/","logo":{"@type":"ImageObject","url":"https:\/\/droix.eu\/wp-content\/uploads\/2024\/06\/droix-v2-light-logo.png","@id":"https:\/\/droix.eu\/pt-pt\/product\/kingspec-2230-steam-deck-armazenamento-nvme\/#organizationLogo","width":380,"height":118},"image":{"@id":"https:\/\/droix.eu\/pt-pt\/product\/kingspec-2230-steam-deck-armazenamento-nvme\/#organizationLogo"},"sameAs":["https:\/\/www.facebook.com\/DroiX.Store","https:\/\/twitter.com\/DroiX_Store","https:\/\/www.instagram.com\/droix.store\/","https:\/\/www.tiktok.com\/@droix.store","https:\/\/www.youtube.com\/c\/DroiX_Store","https:\/\/uk.linkedin.com\/company\/droix"]},{"@type":"ProductGroup","@id":"https:\/\/droix.eu\/pt-pt\/product\/kingspec-2230-steam-deck-armazenamento-nvme\/#wooCommerceProduct","name":"KingSpec 2230 Steam Deck Armazenamento NVMe","description":"Velocidades NVMe r\u00e1pidas\n \tCompat\u00edvel com o SteamDeck e o GPD WIN Max 2  \n \t3 anos de garantia","url":"https:\/\/droix.eu\/pt-pt\/product\/kingspec-2230-steam-deck-armazenamento-nvme\/","image":{"@type":"ImageObject","url":"https:\/\/droix.eu\/wp-content\/uploads\/2022\/12\/22_30NVME-LISTING-PICTURE-1TB-1.png","@id":"https:\/\/droix.eu\/pt-pt\/product\/kingspec-2230-steam-deck-armazenamento-nvme\/#productImage","width":1500,"height":1500,"caption":"Armazenamento KingSpec 1TB NVME 2230"},"productGroupID":567600,"hasVariant":[{"@type":"Product","@id":"https:\/\/droix.eu\/pt-pt\/product\/kingspec-2230-steam-deck-armazenamento-nvme\/#wooCommerceProduct","name":"KingSpec 2230 Steam Deck Armazenamento NVMe - 512gb","description":"Velocidades NVMe r\u00e1pidas\n \tCompat\u00edvel com o SteamDeck e o GPD WIN Max 2  \n \t3 anos de garantia","url":"https:\/\/droix.eu\/pt-pt\/product\/kingspec-2230-steam-deck-armazenamento-nvme\/","sku":"KINGSPEC-NVME-2230-512GB","image":{"@type":"ImageObject","url":"https:\/\/droix.eu\/wp-content\/uploads\/2022\/12\/22_30NVME-LISTING-PICTURE-512GB-1.png","@id":"https:\/\/droix.eu\/pt-pt\/product\/kingspec-2230-steam-deck-armazenamento-nvme\/#productImage","width":1500,"height":1500,"caption":"Armazenamento KingSpec 512GB NVME 2230"},"offers":{"@type":"Offer","url":"https:\/\/droix.eu\/pt-pt\/product\/kingspec-2230-steam-deck-armazenamento-nvme\/#wooCommerceOffer","price":"660.95","priceCurrency":"SEK","category":"Hardware","availability":"https:\/\/schema.org\/OutOfStock","priceSpecification":{"@type":"PriceSpecification","price":660.95,"priceCurrency":"SEK","valueAddedTaxIncluded":"true"}}}]},{"@type":"WebPage","@id":"https:\/\/droix.eu\/pt-pt\/product\/kingspec-2230-steam-deck-armazenamento-nvme\/#webpage","url":"https:\/\/droix.eu\/pt-pt\/product\/kingspec-2230-steam-deck-armazenamento-nvme\/","name":"KingSpec 2230 Steam Deck Armazenamento NVMe - DROIX EU","description":"Velocidades NVMe r\u00e1pidas Compat\u00edvel com o SteamDeck e o GPD WIN Max 2 3 anos de garantia O pacote inclui 1x 22*30 NVMe SSD","inLanguage":"pt-PT","isPartOf":{"@id":"https:\/\/droix.eu\/pt-pt\/#website"},"breadcrumb":{"@id":"https:\/\/droix.eu\/pt-pt\/product\/kingspec-2230-steam-deck-armazenamento-nvme\/#breadcrumblist"},"image":{"@type":"ImageObject","url":"https:\/\/droix.eu\/wp-content\/uploads\/2022\/12\/22_30NVME-LISTING-PICTURE-1TB-1.png","@id":"https:\/\/droix.eu\/pt-pt\/product\/kingspec-2230-steam-deck-armazenamento-nvme\/#mainImage","width":1500,"height":1500,"caption":"Armazenamento KingSpec 1TB NVME 2230"},"primaryImageOfPage":{"@id":"https:\/\/droix.eu\/pt-pt\/product\/kingspec-2230-steam-deck-armazenamento-nvme\/#mainImage"},"datePublished":"2022-12-20T15:00:27+00:00","dateModified":"2025-09-05T15:02:05+01:00"},{"@type":"WebSite","@id":"https:\/\/droix.eu\/pt-pt\/#website","url":"https:\/\/droix.eu\/pt-pt\/","name":"DROIX EU","description":"Get the latest Mini PCs, Ultrabook, PC Gaming Handhelds and more!","inLanguage":"pt-PT","publisher":{"@id":"https:\/\/droix.eu\/pt-pt\/#organization"}}]},"og:locale":"pt_PT","og:site_name":"DROIX EU - Get the latest Mini PCs, Ultrabook, PC Gaming Handhelds and more!","og:type":"article","og:title":"KingSpec 2230 Steam Deck Armazenamento NVMe - DROIX EU","og:description":"Velocidades NVMe r\u00e1pidas Compat\u00edvel com o SteamDeck e o GPD WIN Max 2 3 anos de garantia O pacote inclui 1x 22*30 NVMe SSD","og:url":"https:\/\/droix.eu\/pt-pt\/product\/kingspec-2230-steam-deck-armazenamento-nvme\/","og:image":"https:\/\/droix.eu\/wp-content\/uploads\/2024\/06\/droix-v2-light-logo.png","og:image:secure_url":"https:\/\/droix.eu\/wp-content\/uploads\/2024\/06\/droix-v2-light-logo.png","og:image:width":380,"og:image:height":118,"article:published_time":"2022-12-20T15:00:27+00:00","article:modified_time":"2025-09-05T14:02:05+00:00","article:publisher":"https:\/\/www.facebook.com\/DroiX.Store","twitter:card":"summary_large_image","twitter:site":"@DroiX_Store","twitter:title":"KingSpec 2230 Steam Deck Armazenamento NVMe - DROIX EU","twitter:description":"Velocidades NVMe r\u00e1pidas Compat\u00edvel com o SteamDeck e o GPD WIN Max 2 3 anos de garantia O pacote inclui 1x 22*30 NVMe SSD","twitter:image":"https:\/\/droix.eu\/wp-content\/uploads\/2024\/06\/droix-v2-light-logo.png"},"aioseo_meta_data":{"post_id":"567600","title":null,"description":null,"keywords":null,"keyphrases":null,"primary_term":null,"canonical_url":null,"og_title":null,"og_description":null,"og_object_type":"default","og_image_type":"default","og_image_url":null,"og_image_width":null,"og_image_height":null,"og_image_custom_url":null,"og_image_custom_fields":null,"og_video":null,"og_custom_url":null,"og_article_section":null,"og_article_tags":null,"twitter_use_og":true,"twitter_card":"default","twitter_image_type":"default","twitter_image_url":null,"twitter_image_custom_url":null,"twitter_image_custom_fields":null,"twitter_title":null,"twitter_description":null,"schema":{"blockGraphs":[],"customGraphs":[],"default":{"data":{"Article":[],"Course":[],"Dataset":[],"FAQPage":[],"Movie":[],"Person":[],"Product":[],"ProductReview":[],"Car":[],"Recipe":[],"Service":[],"SoftwareApplication":[],"WebPage":[]},"graphName":"","isEnabled":true},"graphs":[]},"schema_type":"default","schema_type_options":null,"pillar_content":false,"robots_default":true,"robots_noindex":false,"robots_noarchive":false,"robots_nosnippet":false,"robots_nofollow":false,"robots_noimageindex":false,"robots_noodp":false,"robots_notranslate":false,"robots_max_snippet":null,"robots_max_videopreview":null,"robots_max_imagepreview":"large","priority":null,"frequency":null,"local_seo":null,"seo_analyzer_scan_date":"2025-10-24 12:05:41","breadcrumb_settings":null,"limit_modified_date":false,"reviewed_by":null,"open_ai":null,"ai":null,"created":"2025-10-09 04:06:35","updated":"2025-11-27 02:13:15"},"aioseo_breadcrumb":"<div class=\"aioseo-breadcrumbs\"><span class=\"aioseo-breadcrumb\">\n\t<a href=\"https:\/\/droix.eu\/pt-pt\/\" title=\"Home\">Home<\/a>\n<\/span><span class=\"aioseo-breadcrumb-separator\">&raquo;<\/span><span class=\"aioseo-breadcrumb\">\n\t<a href=\"https:\/\/droix.eu\/pt-pt\/product-category\/hardware-pt-pt\/\" title=\"Hardware\">Hardware<\/a>\n<\/span><span class=\"aioseo-breadcrumb-separator\">&raquo;<\/span><span class=\"aioseo-breadcrumb\">\n\t<a href=\"https:\/\/droix.eu\/pt-pt\/product-category\/hardware-pt-pt\/hardware-de-computador\/\" title=\"Hardware de computador\">Hardware de computador<\/a>\n<\/span><span class=\"aioseo-breadcrumb-separator\">&raquo;<\/span><span class=\"aioseo-breadcrumb\">\n\tKingSpec 2230 Steam Deck Armazenamento NVMe\n<\/span><\/div>","aioseo_breadcrumb_json":[{"label":"Home","link":"https:\/\/droix.eu\/pt-pt\/"},{"label":"Hardware","link":"https:\/\/droix.eu\/pt-pt\/product-category\/hardware-pt-pt\/"},{"label":"Hardware de computador","link":"https:\/\/droix.eu\/pt-pt\/product-category\/hardware-pt-pt\/hardware-de-computador\/"},{"label":"KingSpec 2230 Steam Deck Armazenamento NVMe","link":"https:\/\/droix.eu\/pt-pt\/product\/kingspec-2230-steam-deck-armazenamento-nvme\/"}],"_links":{"self":[{"href":"https:\/\/droix.eu\/pt-pt\/wp-json\/wp\/v2\/product\/567600","targetHints":{"allow":["GET"]}}],"collection":[{"href":"https:\/\/droix.eu\/pt-pt\/wp-json\/wp\/v2\/product"}],"about":[{"href":"https:\/\/droix.eu\/pt-pt\/wp-json\/wp\/v2\/types\/product"}],"version-history":[{"count":0,"href":"https:\/\/droix.eu\/pt-pt\/wp-json\/wp\/v2\/product\/567600\/revisions"}],"wp:featuredmedia":[{"embeddable":true,"href":"https:\/\/droix.eu\/pt-pt\/wp-json\/wp\/v2\/media\/567601"}],"wp:attachment":[{"href":"https:\/\/droix.eu\/pt-pt\/wp-json\/wp\/v2\/media?parent=567600"}],"wp:term":[{"taxonomy":"product_brand","embeddable":true,"href":"https:\/\/droix.eu\/pt-pt\/wp-json\/wp\/v2\/product_brand?post=567600"},{"taxonomy":"product_cat","embeddable":true,"href":"https:\/\/droix.eu\/pt-pt\/wp-json\/wp\/v2\/product_cat?post=567600"},{"taxonomy":"product_tag","embeddable":true,"href":"https:\/\/droix.eu\/pt-pt\/wp-json\/wp\/v2\/product_tag?post=567600"},{"taxonomy":"woo-feed-brand","embeddable":true,"href":"https:\/\/droix.eu\/pt-pt\/wp-json\/wp\/v2\/woo-feed-brand?post=567600"},{"taxonomy":"key-features","embeddable":true,"href":"https:\/\/droix.eu\/pt-pt\/wp-json\/wp\/v2\/key-features?post=567600"}],"curies":[{"name":"wp","href":"https:\/\/api.w.org\/{rel}","templated":true}]}}