{"id":566954,"date":"2023-05-25T09:22:48","date_gmt":"2023-05-25T09:22:48","guid":{"rendered":"https:\/\/droix.eu\/product\/gpd-win-4-mala-rigida\/"},"modified":"2026-01-22T14:38:11","modified_gmt":"2026-01-22T14:38:11","slug":"gpd-win-4-mala-rigida","status":"publish","type":"product","link":"https:\/\/droix.eu\/pt-pt\/product\/gpd-win-4-mala-rigida\/","title":{"rendered":"Estojo GPD WIN 4 Hardshell"},"content":{"rendered":"<p>Os <strong>GPD WIN 4<\/strong> s\u00e3o poderosos PC&#8217;s port\u00e1teis para jogos, concebidos para proporcionar uma experi\u00eancia de jogo envolvente em movimento. Para proteger estes dispositivos de topo de arranh\u00f5es, choques e outros danos externos, uma  <strong>estojo de prote\u00e7\u00e3o r\u00edgido<\/strong>  \u00e9 necess\u00e1rio. A capa protetora r\u00edgida GPD Win 4 \u00e9 uma capa duradoura, leve e elegante, concebida especificamente para se adaptar a estas consolas de jogos. A capa \u00e9 fabricada com materiais de alta qualidade, como policarbonato e pl\u00e1stico ABS, que proporcionam uma prote\u00e7\u00e3o superior contra impactos, riscos e outros danos externos. O interior da capa \u00e9 forrado com um tecido macio e suave que proporciona uma prote\u00e7\u00e3o adicional contra riscos e poeiras. O estojo tamb\u00e9m inclui um fecho de correr seguro que garante que a unidade port\u00e1til se mant\u00e9m no lugar durante o transporte.<\/p>\n","protected":false},"excerpt":{"rendered":"<ul>\n<li>Capa protetora <strong>oficial<\/strong> da GPD para o GPD Win 4<\/li>\n<li>Concha exterior de pol\u00edmero sint\u00e9tico <strong>dur\u00e1vel<\/strong> <\/li>\n<li>Forro em tecido macio para <strong>maior prote\u00e7\u00e3o<\/strong>.<\/li>\n<li><strong>Compartimento separado<\/strong> para perif\u00e9ricos.<\/li>\n<li>Design elegante com fecho de correr seguro.<\/li>\n<\/ul>\n<p>[droix_global_accordions]<br \/>\n[cg_accordion title=\"O pacote inclui\"]<\/p>\n<ul>\n<li>1x Mala r\u00edgida GPD WIN 4<\/li>\n<\/ul>\n<p>[\/cg_accordion]<\/p>\n","protected":false},"featured_media":566973,"template":"","meta":{"_acf_changed":false},"product_brand":[],"product_cat":[39667,39671],"product_tag":[],"woo-feed-brand":[2198],"key-features":[],"class_list":{"0":"post-566954","1":"product","2":"type-product","3":"status-publish","4":"has-post-thumbnail","6":"product_cat-acessorios","7":"product_cat-acessorios-para-jogos","8":"product_shipping_class-low-end","9":"pa_accessory-type-protective-case","10":"pa_brands-gpd-pt-pt","11":"woo-feed-brand-gpd","13":"first","14":"outofstock","15":"sale","16":"taxable","17":"shipping-taxable","18":"purchasable","19":"product-type-simple"},"acf":[],"aioseo_notices":[],"aioseo_head":"\n\t\t<!-- All in One SEO Pro 4.9.6.2 - aioseo.com -->\n\t<meta name=\"description\" content=\"Capa protetora oficial da GPD para o GPD Win 4 Concha exterior de pol\u00edmero sint\u00e9tico dur\u00e1vel Forro em tecido macio para maior prote\u00e7\u00e3o. Compartimento separado para perif\u00e9ricos. Design elegante com fecho de correr seguro. O pacote inclui 1x Mala r\u00edgida GPD WIN 4\" \/>\n\t<meta name=\"robots\" content=\"max-image-preview:large\" \/>\n\t<link rel=\"canonical\" href=\"https:\/\/droix.eu\/pt-pt\/product\/gpd-win-4-mala-rigida\/\" \/>\n\t<meta name=\"generator\" content=\"All in One SEO Pro (AIOSEO) 4.9.6.2\" \/>\n\t\t<meta property=\"og:locale\" content=\"pt_PT\" \/>\n\t\t<meta property=\"og:site_name\" content=\"DROIX EU - Get the latest Mini PCs, Ultrabook, PC Gaming Handhelds and more!\" \/>\n\t\t<meta property=\"og:type\" content=\"article\" \/>\n\t\t<meta property=\"og:title\" content=\"Estojo GPD WIN 4 Hardshell - DROIX EU\" \/>\n\t\t<meta property=\"og:description\" content=\"Capa protetora oficial da GPD para o GPD Win 4 Concha exterior de pol\u00edmero sint\u00e9tico dur\u00e1vel Forro em tecido macio para maior prote\u00e7\u00e3o. Compartimento separado para perif\u00e9ricos. Design elegante com fecho de correr seguro. O pacote inclui 1x Mala r\u00edgida GPD WIN 4\" \/>\n\t\t<meta property=\"og:url\" content=\"https:\/\/droix.eu\/pt-pt\/product\/gpd-win-4-mala-rigida\/\" \/>\n\t\t<meta property=\"og:image\" content=\"https:\/\/droix.eu\/wp-content\/uploads\/2024\/06\/droix-v2-light-logo.png\" \/>\n\t\t<meta property=\"og:image:secure_url\" content=\"https:\/\/droix.eu\/wp-content\/uploads\/2024\/06\/droix-v2-light-logo.png\" \/>\n\t\t<meta property=\"og:image:width\" content=\"380\" \/>\n\t\t<meta property=\"og:image:height\" content=\"118\" \/>\n\t\t<meta property=\"article:published_time\" content=\"2023-05-25T09:22:48+00:00\" \/>\n\t\t<meta property=\"article:modified_time\" content=\"2026-01-22T14:38:11+00:00\" \/>\n\t\t<meta property=\"article:publisher\" content=\"https:\/\/www.facebook.com\/DroiX.Store\" \/>\n\t\t<meta name=\"twitter:card\" content=\"summary_large_image\" \/>\n\t\t<meta name=\"twitter:site\" content=\"@DroiX_Store\" \/>\n\t\t<meta name=\"twitter:title\" content=\"Estojo GPD WIN 4 Hardshell - DROIX EU\" \/>\n\t\t<meta name=\"twitter:description\" content=\"Capa protetora oficial da GPD para o GPD Win 4 Concha exterior de pol\u00edmero sint\u00e9tico dur\u00e1vel Forro em tecido macio para maior prote\u00e7\u00e3o. Compartimento separado para perif\u00e9ricos. Design elegante com fecho de correr seguro. O pacote inclui 1x Mala r\u00edgida GPD WIN 4\" \/>\n\t\t<meta name=\"twitter:image\" content=\"https:\/\/droix.eu\/wp-content\/uploads\/2024\/06\/droix-v2-light-logo.png\" \/>\n\t\t<script type=\"application\/ld+json\" class=\"aioseo-schema\">\n\t\t\t{\"@context\":\"https:\\\/\\\/schema.org\",\"@graph\":[{\"@type\":\"BreadcrumbList\",\"@id\":\"https:\\\/\\\/droix.eu\\\/pt-pt\\\/product\\\/gpd-win-4-mala-rigida\\\/#breadcrumblist\",\"itemListElement\":[{\"@type\":\"ListItem\",\"@id\":\"https:\\\/\\\/droix.eu\\\/pt-pt\\\/#listItem\",\"position\":1,\"name\":\"Home\",\"item\":\"https:\\\/\\\/droix.eu\\\/pt-pt\\\/\",\"nextItem\":{\"@type\":\"ListItem\",\"@id\":\"https:\\\/\\\/droix.eu\\\/pt-pt\\\/product-category\\\/acessorios\\\/#listItem\",\"name\":\"Acess\\u00f3rios\"}},{\"@type\":\"ListItem\",\"@id\":\"https:\\\/\\\/droix.eu\\\/pt-pt\\\/product-category\\\/acessorios\\\/#listItem\",\"position\":2,\"name\":\"Acess\\u00f3rios\",\"item\":\"https:\\\/\\\/droix.eu\\\/pt-pt\\\/product-category\\\/acessorios\\\/\",\"nextItem\":{\"@type\":\"ListItem\",\"@id\":\"https:\\\/\\\/droix.eu\\\/pt-pt\\\/product-category\\\/acessorios\\\/acessorios-para-jogos\\\/#listItem\",\"name\":\"Acess\\u00f3rios para jogos\"},\"previousItem\":{\"@type\":\"ListItem\",\"@id\":\"https:\\\/\\\/droix.eu\\\/pt-pt\\\/#listItem\",\"name\":\"Home\"}},{\"@type\":\"ListItem\",\"@id\":\"https:\\\/\\\/droix.eu\\\/pt-pt\\\/product-category\\\/acessorios\\\/acessorios-para-jogos\\\/#listItem\",\"position\":3,\"name\":\"Acess\\u00f3rios para jogos\",\"item\":\"https:\\\/\\\/droix.eu\\\/pt-pt\\\/product-category\\\/acessorios\\\/acessorios-para-jogos\\\/\",\"nextItem\":{\"@type\":\"ListItem\",\"@id\":\"https:\\\/\\\/droix.eu\\\/pt-pt\\\/product\\\/gpd-win-4-mala-rigida\\\/#listItem\",\"name\":\"Estojo GPD WIN 4 Hardshell\"},\"previousItem\":{\"@type\":\"ListItem\",\"@id\":\"https:\\\/\\\/droix.eu\\\/pt-pt\\\/product-category\\\/acessorios\\\/#listItem\",\"name\":\"Acess\\u00f3rios\"}},{\"@type\":\"ListItem\",\"@id\":\"https:\\\/\\\/droix.eu\\\/pt-pt\\\/product\\\/gpd-win-4-mala-rigida\\\/#listItem\",\"position\":4,\"name\":\"Estojo GPD WIN 4 Hardshell\",\"previousItem\":{\"@type\":\"ListItem\",\"@id\":\"https:\\\/\\\/droix.eu\\\/pt-pt\\\/product-category\\\/acessorios\\\/acessorios-para-jogos\\\/#listItem\",\"name\":\"Acess\\u00f3rios para jogos\"}}]},{\"@type\":\"Organization\",\"@id\":\"https:\\\/\\\/droix.eu\\\/pt-pt\\\/#organization\",\"name\":\"DroiX \\u2013 Trusted EU Tech Retailer with 12+ Years Experience\",\"description\":\"DroiX is a leading European technology retailer with over 12 years of experience, offering quality mini PCs, handheld gaming consoles, and tech accessories. We provide hassle-free EU delivery with all taxes included, ensuring a smooth and reliable shopping experience for our customers across Europe.\",\"url\":\"https:\\\/\\\/droix.eu\\\/pt-pt\\\/\",\"logo\":{\"@type\":\"ImageObject\",\"url\":\"https:\\\/\\\/droix.eu\\\/wp-content\\\/uploads\\\/2024\\\/06\\\/droix-v2-light-logo.png\",\"@id\":\"https:\\\/\\\/droix.eu\\\/pt-pt\\\/product\\\/gpd-win-4-mala-rigida\\\/#organizationLogo\",\"width\":380,\"height\":118},\"image\":{\"@id\":\"https:\\\/\\\/droix.eu\\\/pt-pt\\\/product\\\/gpd-win-4-mala-rigida\\\/#organizationLogo\"},\"sameAs\":[\"https:\\\/\\\/www.facebook.com\\\/DroiX.Store\",\"https:\\\/\\\/twitter.com\\\/DroiX_Store\",\"https:\\\/\\\/www.instagram.com\\\/droix.store\\\/\",\"https:\\\/\\\/www.tiktok.com\\\/@droix.store\",\"https:\\\/\\\/www.youtube.com\\\/c\\\/DroiX_Store\",\"https:\\\/\\\/uk.linkedin.com\\\/company\\\/droix\"]},{\"@type\":\"Product\",\"@id\":\"https:\\\/\\\/droix.eu\\\/pt-pt\\\/product\\\/gpd-win-4-mala-rigida\\\/#wooCommerceProduct\",\"name\":\"Estojo GPD WIN 4 Hardshell\",\"description\":\"Capa protetora oficial da GPD para o GPD Win 4\\n \\tConcha exterior de pol\\u00edmero sint\\u00e9tico dur\\u00e1vel \\n \\tForro em tecido macio para maior prote\\u00e7\\u00e3o.\\n \\tCompartimento separado para perif\\u00e9ricos.\\n \\tDesign elegante com fecho de correr seguro.\",\"url\":\"https:\\\/\\\/droix.eu\\\/pt-pt\\\/product\\\/gpd-win-4-mala-rigida\\\/\",\"sku\":\"GPD-WIN_4-CASE\",\"gtin\":\"5060763675322\",\"image\":{\"@type\":\"ImageObject\",\"url\":\"https:\\\/\\\/droix.eu\\\/wp-content\\\/uploads\\\/2023\\\/05\\\/51y5P54tgzLready-gpd-4.png\",\"@id\":\"https:\\\/\\\/droix.eu\\\/pt-pt\\\/product\\\/gpd-win-4-mala-rigida\\\/#productImage\",\"width\":1000,\"height\":1000},\"offers\":{\"@type\":\"Offer\",\"url\":\"https:\\\/\\\/droix.eu\\\/pt-pt\\\/product\\\/gpd-win-4-mala-rigida\\\/#wooCommerceOffer\",\"price\":27,\"priceCurrency\":\"EUR\",\"category\":\"Acess\\u00f3rios\",\"availability\":\"https:\\\/\\\/schema.org\\\/OutOfStock\",\"priceSpecification\":{\"@type\":\"PriceSpecification\",\"price\":27,\"priceCurrency\":\"EUR\",\"valueAddedTaxIncluded\":\"true\"},\"seller\":{\"@type\":\"Organization\",\"@id\":\"https:\\\/\\\/droix.eu\\\/pt-pt\\\/#organization\"}}},{\"@type\":\"WebPage\",\"@id\":\"https:\\\/\\\/droix.eu\\\/pt-pt\\\/product\\\/gpd-win-4-mala-rigida\\\/#webpage\",\"url\":\"https:\\\/\\\/droix.eu\\\/pt-pt\\\/product\\\/gpd-win-4-mala-rigida\\\/\",\"name\":\"Estojo GPD WIN 4 Hardshell - DROIX EU\",\"description\":\"Capa protetora oficial da GPD para o GPD Win 4 Concha exterior de pol\\u00edmero sint\\u00e9tico dur\\u00e1vel Forro em tecido macio para maior prote\\u00e7\\u00e3o. Compartimento separado para perif\\u00e9ricos. Design elegante com fecho de correr seguro. O pacote inclui 1x Mala r\\u00edgida GPD WIN 4\",\"inLanguage\":\"pt-PT\",\"isPartOf\":{\"@id\":\"https:\\\/\\\/droix.eu\\\/pt-pt\\\/#website\"},\"breadcrumb\":{\"@id\":\"https:\\\/\\\/droix.eu\\\/pt-pt\\\/product\\\/gpd-win-4-mala-rigida\\\/#breadcrumblist\"},\"image\":{\"@type\":\"ImageObject\",\"url\":\"https:\\\/\\\/droix.eu\\\/wp-content\\\/uploads\\\/2023\\\/05\\\/51y5P54tgzLready-gpd-4.png\",\"@id\":\"https:\\\/\\\/droix.eu\\\/pt-pt\\\/product\\\/gpd-win-4-mala-rigida\\\/#mainImage\",\"width\":1000,\"height\":1000},\"primaryImageOfPage\":{\"@id\":\"https:\\\/\\\/droix.eu\\\/pt-pt\\\/product\\\/gpd-win-4-mala-rigida\\\/#mainImage\"},\"datePublished\":\"2023-05-25T09:22:48+01:00\",\"dateModified\":\"2026-01-22T14:38:11+00:00\"},{\"@type\":\"WebSite\",\"@id\":\"https:\\\/\\\/droix.eu\\\/pt-pt\\\/#website\",\"url\":\"https:\\\/\\\/droix.eu\\\/pt-pt\\\/\",\"name\":\"DROIX EU\",\"description\":\"Get the latest Mini PCs, Ultrabook, PC Gaming Handhelds and more!\",\"inLanguage\":\"pt-PT\",\"publisher\":{\"@id\":\"https:\\\/\\\/droix.eu\\\/pt-pt\\\/#organization\"}}]}\n\t\t<\/script>\n\t\t<!-- All in One SEO Pro -->\r\n\t\t<title>Estojo GPD WIN 4 Hardshell - DROIX EU<\/title>\n\n","aioseo_head_json":{"title":"Estojo GPD WIN 4 Hardshell - DROIX EU","description":"Capa protetora oficial da GPD para o GPD Win 4 Concha exterior de pol\u00edmero sint\u00e9tico dur\u00e1vel Forro em tecido macio para maior prote\u00e7\u00e3o. Compartimento separado para perif\u00e9ricos. Design elegante com fecho de correr seguro. O pacote inclui 1x Mala r\u00edgida GPD WIN 4","canonical_url":"https:\/\/droix.eu\/pt-pt\/product\/gpd-win-4-mala-rigida\/","robots":"max-image-preview:large","keywords":"","webmasterTools":{"miscellaneous":""},"schema":{"@context":"https:\/\/schema.org","@graph":[{"@type":"BreadcrumbList","@id":"https:\/\/droix.eu\/pt-pt\/product\/gpd-win-4-mala-rigida\/#breadcrumblist","itemListElement":[{"@type":"ListItem","@id":"https:\/\/droix.eu\/pt-pt\/#listItem","position":1,"name":"Home","item":"https:\/\/droix.eu\/pt-pt\/","nextItem":{"@type":"ListItem","@id":"https:\/\/droix.eu\/pt-pt\/product-category\/acessorios\/#listItem","name":"Acess\u00f3rios"}},{"@type":"ListItem","@id":"https:\/\/droix.eu\/pt-pt\/product-category\/acessorios\/#listItem","position":2,"name":"Acess\u00f3rios","item":"https:\/\/droix.eu\/pt-pt\/product-category\/acessorios\/","nextItem":{"@type":"ListItem","@id":"https:\/\/droix.eu\/pt-pt\/product-category\/acessorios\/acessorios-para-jogos\/#listItem","name":"Acess\u00f3rios para jogos"},"previousItem":{"@type":"ListItem","@id":"https:\/\/droix.eu\/pt-pt\/#listItem","name":"Home"}},{"@type":"ListItem","@id":"https:\/\/droix.eu\/pt-pt\/product-category\/acessorios\/acessorios-para-jogos\/#listItem","position":3,"name":"Acess\u00f3rios para jogos","item":"https:\/\/droix.eu\/pt-pt\/product-category\/acessorios\/acessorios-para-jogos\/","nextItem":{"@type":"ListItem","@id":"https:\/\/droix.eu\/pt-pt\/product\/gpd-win-4-mala-rigida\/#listItem","name":"Estojo GPD WIN 4 Hardshell"},"previousItem":{"@type":"ListItem","@id":"https:\/\/droix.eu\/pt-pt\/product-category\/acessorios\/#listItem","name":"Acess\u00f3rios"}},{"@type":"ListItem","@id":"https:\/\/droix.eu\/pt-pt\/product\/gpd-win-4-mala-rigida\/#listItem","position":4,"name":"Estojo GPD WIN 4 Hardshell","previousItem":{"@type":"ListItem","@id":"https:\/\/droix.eu\/pt-pt\/product-category\/acessorios\/acessorios-para-jogos\/#listItem","name":"Acess\u00f3rios para jogos"}}]},{"@type":"Organization","@id":"https:\/\/droix.eu\/pt-pt\/#organization","name":"DroiX \u2013 Trusted EU Tech Retailer with 12+ Years Experience","description":"DroiX is a leading European technology retailer with over 12 years of experience, offering quality mini PCs, handheld gaming consoles, and tech accessories. We provide hassle-free EU delivery with all taxes included, ensuring a smooth and reliable shopping experience for our customers across Europe.","url":"https:\/\/droix.eu\/pt-pt\/","logo":{"@type":"ImageObject","url":"https:\/\/droix.eu\/wp-content\/uploads\/2024\/06\/droix-v2-light-logo.png","@id":"https:\/\/droix.eu\/pt-pt\/product\/gpd-win-4-mala-rigida\/#organizationLogo","width":380,"height":118},"image":{"@id":"https:\/\/droix.eu\/pt-pt\/product\/gpd-win-4-mala-rigida\/#organizationLogo"},"sameAs":["https:\/\/www.facebook.com\/DroiX.Store","https:\/\/twitter.com\/DroiX_Store","https:\/\/www.instagram.com\/droix.store\/","https:\/\/www.tiktok.com\/@droix.store","https:\/\/www.youtube.com\/c\/DroiX_Store","https:\/\/uk.linkedin.com\/company\/droix"]},{"@type":"Product","@id":"https:\/\/droix.eu\/pt-pt\/product\/gpd-win-4-mala-rigida\/#wooCommerceProduct","name":"Estojo GPD WIN 4 Hardshell","description":"Capa protetora oficial da GPD para o GPD Win 4\n \tConcha exterior de pol\u00edmero sint\u00e9tico dur\u00e1vel \n \tForro em tecido macio para maior prote\u00e7\u00e3o.\n \tCompartimento separado para perif\u00e9ricos.\n \tDesign elegante com fecho de correr seguro.","url":"https:\/\/droix.eu\/pt-pt\/product\/gpd-win-4-mala-rigida\/","sku":"GPD-WIN_4-CASE","gtin":"5060763675322","image":{"@type":"ImageObject","url":"https:\/\/droix.eu\/wp-content\/uploads\/2023\/05\/51y5P54tgzLready-gpd-4.png","@id":"https:\/\/droix.eu\/pt-pt\/product\/gpd-win-4-mala-rigida\/#productImage","width":1000,"height":1000},"offers":{"@type":"Offer","url":"https:\/\/droix.eu\/pt-pt\/product\/gpd-win-4-mala-rigida\/#wooCommerceOffer","price":27,"priceCurrency":"EUR","category":"Acess\u00f3rios","availability":"https:\/\/schema.org\/OutOfStock","priceSpecification":{"@type":"PriceSpecification","price":27,"priceCurrency":"EUR","valueAddedTaxIncluded":"true"},"seller":{"@type":"Organization","@id":"https:\/\/droix.eu\/pt-pt\/#organization"}}},{"@type":"WebPage","@id":"https:\/\/droix.eu\/pt-pt\/product\/gpd-win-4-mala-rigida\/#webpage","url":"https:\/\/droix.eu\/pt-pt\/product\/gpd-win-4-mala-rigida\/","name":"Estojo GPD WIN 4 Hardshell - DROIX EU","description":"Capa protetora oficial da GPD para o GPD Win 4 Concha exterior de pol\u00edmero sint\u00e9tico dur\u00e1vel Forro em tecido macio para maior prote\u00e7\u00e3o. Compartimento separado para perif\u00e9ricos. Design elegante com fecho de correr seguro. O pacote inclui 1x Mala r\u00edgida GPD WIN 4","inLanguage":"pt-PT","isPartOf":{"@id":"https:\/\/droix.eu\/pt-pt\/#website"},"breadcrumb":{"@id":"https:\/\/droix.eu\/pt-pt\/product\/gpd-win-4-mala-rigida\/#breadcrumblist"},"image":{"@type":"ImageObject","url":"https:\/\/droix.eu\/wp-content\/uploads\/2023\/05\/51y5P54tgzLready-gpd-4.png","@id":"https:\/\/droix.eu\/pt-pt\/product\/gpd-win-4-mala-rigida\/#mainImage","width":1000,"height":1000},"primaryImageOfPage":{"@id":"https:\/\/droix.eu\/pt-pt\/product\/gpd-win-4-mala-rigida\/#mainImage"},"datePublished":"2023-05-25T09:22:48+01:00","dateModified":"2026-01-22T14:38:11+00:00"},{"@type":"WebSite","@id":"https:\/\/droix.eu\/pt-pt\/#website","url":"https:\/\/droix.eu\/pt-pt\/","name":"DROIX EU","description":"Get the latest Mini PCs, Ultrabook, PC Gaming Handhelds and more!","inLanguage":"pt-PT","publisher":{"@id":"https:\/\/droix.eu\/pt-pt\/#organization"}}]},"og:locale":"pt_PT","og:site_name":"DROIX EU - Get the latest Mini PCs, Ultrabook, PC Gaming Handhelds and more!","og:type":"article","og:title":"Estojo GPD WIN 4 Hardshell - DROIX EU","og:description":"Capa protetora oficial da GPD para o GPD Win 4 Concha exterior de pol\u00edmero sint\u00e9tico dur\u00e1vel Forro em tecido macio para maior prote\u00e7\u00e3o. Compartimento separado para perif\u00e9ricos. Design elegante com fecho de correr seguro. O pacote inclui 1x Mala r\u00edgida GPD WIN 4","og:url":"https:\/\/droix.eu\/pt-pt\/product\/gpd-win-4-mala-rigida\/","og:image":"https:\/\/droix.eu\/wp-content\/uploads\/2024\/06\/droix-v2-light-logo.png","og:image:secure_url":"https:\/\/droix.eu\/wp-content\/uploads\/2024\/06\/droix-v2-light-logo.png","og:image:width":380,"og:image:height":118,"article:published_time":"2023-05-25T09:22:48+00:00","article:modified_time":"2026-01-22T14:38:11+00:00","article:publisher":"https:\/\/www.facebook.com\/DroiX.Store","twitter:card":"summary_large_image","twitter:site":"@DroiX_Store","twitter:title":"Estojo GPD WIN 4 Hardshell - DROIX EU","twitter:description":"Capa protetora oficial da GPD para o GPD Win 4 Concha exterior de pol\u00edmero sint\u00e9tico dur\u00e1vel Forro em tecido macio para maior prote\u00e7\u00e3o. Compartimento separado para perif\u00e9ricos. Design elegante com fecho de correr seguro. O pacote inclui 1x Mala r\u00edgida GPD WIN 4","twitter:image":"https:\/\/droix.eu\/wp-content\/uploads\/2024\/06\/droix-v2-light-logo.png"},"aioseo_meta_data":{"post_id":"566954","title":null,"description":null,"keywords":null,"keyphrases":null,"primary_term":null,"canonical_url":null,"og_title":null,"og_description":null,"og_object_type":"default","og_image_type":"default","og_image_url":null,"og_image_width":null,"og_image_height":null,"og_image_custom_url":null,"og_image_custom_fields":null,"og_video":null,"og_custom_url":null,"og_article_section":null,"og_article_tags":null,"twitter_use_og":true,"twitter_card":"default","twitter_image_type":"default","twitter_image_url":null,"twitter_image_custom_url":null,"twitter_image_custom_fields":null,"twitter_title":null,"twitter_description":null,"schema":{"blockGraphs":[],"customGraphs":[],"default":{"data":{"Article":[],"Course":[],"Dataset":[],"FAQPage":[],"Movie":[],"Person":[],"Product":[],"ProductReview":[],"Car":[],"Recipe":[],"Service":[],"SoftwareApplication":[],"WebPage":[]},"graphName":"","isEnabled":true},"graphs":[]},"schema_type":"default","schema_type_options":null,"pillar_content":false,"robots_default":true,"robots_noindex":false,"robots_noarchive":false,"robots_nosnippet":false,"robots_nofollow":false,"robots_noimageindex":false,"robots_noodp":false,"robots_notranslate":false,"robots_max_snippet":null,"robots_max_videopreview":null,"robots_max_imagepreview":"large","priority":null,"frequency":null,"local_seo":null,"seo_analyzer_scan_date":"2025-10-24 13:11:33","breadcrumb_settings":null,"limit_modified_date":false,"reviewed_by":null,"open_ai":null,"ai":null,"created":"2025-10-09 04:26:06","updated":"2026-01-24 09:27:28"},"aioseo_breadcrumb":"<div class=\"aioseo-breadcrumbs\"><span class=\"aioseo-breadcrumb\">\n\t<a href=\"https:\/\/droix.eu\/pt-pt\/\" title=\"Home\">Home<\/a>\n<\/span><span class=\"aioseo-breadcrumb-separator\">&raquo;<\/span><span class=\"aioseo-breadcrumb\">\n\t<a href=\"https:\/\/droix.eu\/pt-pt\/product-category\/acessorios\/\" title=\"Acess\u00f3rios\">Acess\u00f3rios<\/a>\n<\/span><span class=\"aioseo-breadcrumb-separator\">&raquo;<\/span><span class=\"aioseo-breadcrumb\">\n\t<a href=\"https:\/\/droix.eu\/pt-pt\/product-category\/acessorios\/acessorios-para-jogos\/\" title=\"Acess\u00f3rios para jogos\">Acess\u00f3rios para jogos<\/a>\n<\/span><span class=\"aioseo-breadcrumb-separator\">&raquo;<\/span><span class=\"aioseo-breadcrumb\">\n\tEstojo GPD WIN 4 Hardshell\n<\/span><\/div>","aioseo_breadcrumb_json":[{"label":"Home","link":"https:\/\/droix.eu\/pt-pt\/"},{"label":"Acess\u00f3rios","link":"https:\/\/droix.eu\/pt-pt\/product-category\/acessorios\/"},{"label":"Acess\u00f3rios para jogos","link":"https:\/\/droix.eu\/pt-pt\/product-category\/acessorios\/acessorios-para-jogos\/"},{"label":"Estojo GPD WIN 4 Hardshell","link":"https:\/\/droix.eu\/pt-pt\/product\/gpd-win-4-mala-rigida\/"}],"_links":{"self":[{"href":"https:\/\/droix.eu\/pt-pt\/wp-json\/wp\/v2\/product\/566954","targetHints":{"allow":["GET"]}}],"collection":[{"href":"https:\/\/droix.eu\/pt-pt\/wp-json\/wp\/v2\/product"}],"about":[{"href":"https:\/\/droix.eu\/pt-pt\/wp-json\/wp\/v2\/types\/product"}],"version-history":[{"count":0,"href":"https:\/\/droix.eu\/pt-pt\/wp-json\/wp\/v2\/product\/566954\/revisions"}],"wp:featuredmedia":[{"embeddable":true,"href":"https:\/\/droix.eu\/pt-pt\/wp-json\/wp\/v2\/media\/566973"}],"wp:attachment":[{"href":"https:\/\/droix.eu\/pt-pt\/wp-json\/wp\/v2\/media?parent=566954"}],"wp:term":[{"taxonomy":"product_brand","embeddable":true,"href":"https:\/\/droix.eu\/pt-pt\/wp-json\/wp\/v2\/product_brand?post=566954"},{"taxonomy":"product_cat","embeddable":true,"href":"https:\/\/droix.eu\/pt-pt\/wp-json\/wp\/v2\/product_cat?post=566954"},{"taxonomy":"product_tag","embeddable":true,"href":"https:\/\/droix.eu\/pt-pt\/wp-json\/wp\/v2\/product_tag?post=566954"},{"taxonomy":"woo-feed-brand","embeddable":true,"href":"https:\/\/droix.eu\/pt-pt\/wp-json\/wp\/v2\/woo-feed-brand?post=566954"},{"taxonomy":"key-features","embeddable":true,"href":"https:\/\/droix.eu\/pt-pt\/wp-json\/wp\/v2\/key-features?post=566954"}],"curies":[{"name":"wp","href":"https:\/\/api.w.org\/{rel}","templated":true}]}}