{"id":566436,"date":"2023-11-21T11:50:59","date_gmt":"2023-11-21T11:50:59","guid":{"rendered":"https:\/\/droix.eu\/product\/gpd-win-mini-estojo\/"},"modified":"2025-11-14T12:15:58","modified_gmt":"2025-11-14T12:15:58","slug":"gpd-win-mini-estojo","status":"publish","type":"product","link":"https:\/\/droix.eu\/pt-pt\/product\/gpd-win-mini-estojo\/","title":{"rendered":"Mala GPD WIN Mini"},"content":{"rendered":"<p><b><span data-contrast=\"none\">Mala GPD WIN Mini &#8211; Melhore a sua experi\u00eancia de jogo<\/span><\/b><span data-ccp-props=\"{\"201341983\":0,\"335559738\":120,\"335559739\":120,\"335559740\":192}\"> <\/span><\/p>\n<p><span data-contrast=\"none\">Leve o seu <\/span><a href=\"https:\/\/droix.eu\/pt-pt\/product\/gpd-win-mini\/\"><span data-contrast=\"none\">GPD WIN Mini<\/span><\/a><span data-contrast=\"none\">  As sess\u00f5es de jogo passam para o n\u00edvel seguinte com o estojo oficial GPD. Constru\u00eddo para complementar o design elegante do GPD WIN Mini.<\/span><\/p>\n","protected":false},"excerpt":{"rendered":"<ul>\n<li><strong>Mala oficial GPD:<\/strong> adaptada ao GPD WIN Mini<\/li>\n<li><strong>Fixa\u00e7\u00e3o superior:<\/strong> Correia interior para fixar o seu GPD WIN Mini<\/li>\n<li><strong>Design confort\u00e1vel:<\/strong> Forro macio e seguro<\/li>\n<li><strong>Design elegante:<\/strong> Inclui uma correia de m\u00e3o<\/li>\n<li><strong>Concha dur\u00e1vel:<\/strong> Diz adeus aos riscos<\/li>\n<\/ul>\n[cg_accordion title=\"Garantia de 2 anos para todos os produtos GPD\"]<\/p>\n<p>Todos os produtos GPD v\u00eam com uma garantia de 2 anos e s\u00e3o apoiados por mais de 13 anos de servi\u00e7o de confian\u00e7a. Junte-se \u00e0 nossa comunidade de mais de 500.000 clientes satisfeitos e sinta-se confiante na sua compra. [\/cg_accordion]\n[cg_accordion title=\"Garantia de qualidade e testes pr\u00e9-expedi\u00e7\u00e3o\"]<\/p>\n<p>Garantir a satisfa\u00e7\u00e3o do cliente ao mais alto n\u00edvel: Cada dispositivo \u00e9 submetido a testes rigorosos e a uma verifica\u00e7\u00e3o de garantia de qualidade multiponto antes de ser enviado. A nossa equipa dedicada verifica o desempenho, a funcionalidade e a integridade dos componentes para garantir que o seu dispositivo GPD est\u00e1 em perfeitas condi\u00e7\u00f5es de funcionamento \u00e0 chegada, proporcionando-lhe confian\u00e7a e paz de esp\u00edrito. [\/cg_accordion]\n[cg_accordion title=\"Op\u00e7\u00f5es de pagamento flex\u00edveis e seguras\"]<\/p>\n<p>Desfrute de paz de esp\u00edrito com o nosso sistema de pagamento seguro. Suportamos todos os principais m\u00e9todos de pagamento, incluindo cart\u00f5es de d\u00e9bito\/cr\u00e9dito, PayPal, Apple Pay, Google Pay, Klarna, Afterpay e Affirm &#8211; dando-lhe a liberdade de pagar \u00e0 sua maneira, seja \u00e0 cabe\u00e7a ou em presta\u00e7\u00f5es f\u00e1ceis. [\/cg_accordion]\n[cg_accordion title=\"Impostos\"]<\/p>\n<p>Os pre\u00e7os incluem o IVA aplic\u00e1vel, que pode ascender a 25% consoante o pa\u00eds. O montante exato \u00e9 indicado durante o checkout para garantir total transpar\u00eancia. [\/cg_accordion]\n[cg_accordion title=\"Envios e devolu\u00e7\u00f5es\"]<\/p>\n<p>Trabalhamos com mais de 10 parceiros de envio de confian\u00e7a para garantir que a sua encomenda chega rapidamente, em seguran\u00e7a e de forma fi\u00e1vel.<\/p>\n<p>Utilizamos o envio expresso DDP (Delivered Duty Paid). Isto significa que: <\/p>\n<li>Todos os direitos aduaneiros e impostos j\u00e1 est\u00e3o inclu\u00eddos no pre\u00e7o do produto apresentado.<\/li>\n<li>N\u00e3o ter\u00e1 de enfrentar quaisquer encargos inesperados aquando da entrega.<\/li>\n<li>No caso raro de atrasos na alf\u00e2ndega, a nossa equipa gere o processo de desalfandegamento para garantir uma entrega sem problemas.<\/li>\n<p>Informa\u00e7\u00f5es importantes sobre devolu\u00e7\u00f5es:<\/p>\n<li>Se devolver a sua encomenda ou solicitar um reembolso, tenha em aten\u00e7\u00e3o que os impostos e direitos pagos em seu nome ao abrigo das condi\u00e7\u00f5es DDP n\u00e3o s\u00e3o reembols\u00e1veis.<\/li>\n<p>Consulta os nossos <a href=\"https:\/\/droix.eu\/pt-pt\/termos-e-condicoes\/\" target=\"_blank\" rel=\"nofollow noopener\">Termos e Condi\u00e7\u00f5es<\/a> para obteres informa\u00e7\u00f5es detalhadas.\n<\/ul>\n<p>[\/cg_accordion]\n[cg_accordion title=\"Apoio ao cliente\"]<\/p>\n<p>Tens uma pergunta? Estamos a uma curta mensagem de texto de ter o teu problema resolvido! [\/cg_accordion]\n[cg_accordion title=\"O pacote inclui\"]<\/p>\n<ul>\n<li>1x Mala GPD WIN Mini<\/li>\n<\/ul>\n<p>[\/cg_accordion]\n","protected":false},"featured_media":566437,"template":"","meta":{"_acf_changed":false},"product_brand":[],"product_cat":[39667,39670,39671],"product_tag":[],"woo-feed-brand":[],"key-features":[],"class_list":{"0":"post-566436","1":"product","2":"type-product","3":"status-publish","4":"has-post-thumbnail","6":"product_cat-acessorios","7":"product_cat-acessorios-para-computadores-portateis","8":"product_cat-acessorios-para-jogos","9":"product_shipping_class-low-end","10":"pa_accessory-type-protective-case","11":"pa_brands-gpd-pt-pt","12":"pa_compatibility-gpd-win-mini-pt-pt","14":"first","15":"instock","16":"sale","17":"taxable","18":"shipping-taxable","19":"purchasable","20":"product-type-variable","21":"has-default-attributes"},"acf":[],"aioseo_notices":[],"aioseo_head":"\n\t\t<!-- All in One SEO Pro 4.9.5.2 - aioseo.com -->\n\t<meta name=\"description\" content=\"Mala oficial GPD: adaptada ao GPD WIN Mini Fixa\u00e7\u00e3o superior: Correia interior para fixar o seu GPD WIN Mini Design confort\u00e1vel: Forro macio e seguro Design elegante: Inclui uma correia de m\u00e3o Concha dur\u00e1vel: Diz adeus aos riscos\" \/>\n\t<meta name=\"robots\" content=\"max-image-preview:large\" \/>\n\t<link rel=\"canonical\" href=\"https:\/\/droix.eu\/pt-pt\/product\/gpd-win-mini-estojo\/\" \/>\n\t<meta name=\"generator\" content=\"All in One SEO Pro (AIOSEO) 4.9.5.2\" \/>\n\t\t<meta property=\"og:locale\" content=\"pt_PT\" \/>\n\t\t<meta property=\"og:site_name\" content=\"DROIX EU - Get the latest Mini PCs, Ultrabook, PC Gaming Handhelds and more!\" \/>\n\t\t<meta property=\"og:type\" content=\"article\" \/>\n\t\t<meta property=\"og:title\" content=\"Mala GPD WIN Mini - DROIX EU\" \/>\n\t\t<meta property=\"og:description\" content=\"Mala oficial GPD: adaptada ao GPD WIN Mini Fixa\u00e7\u00e3o superior: Correia interior para fixar o seu GPD WIN Mini Design confort\u00e1vel: Forro macio e seguro Design elegante: Inclui uma correia de m\u00e3o Concha dur\u00e1vel: Diz adeus aos riscos\" \/>\n\t\t<meta property=\"og:url\" content=\"https:\/\/droix.eu\/pt-pt\/product\/gpd-win-mini-estojo\/\" \/>\n\t\t<meta property=\"og:image\" content=\"https:\/\/droix.eu\/wp-content\/uploads\/2024\/06\/droix-v2-light-logo.png\" \/>\n\t\t<meta property=\"og:image:secure_url\" content=\"https:\/\/droix.eu\/wp-content\/uploads\/2024\/06\/droix-v2-light-logo.png\" \/>\n\t\t<meta property=\"og:image:width\" content=\"380\" \/>\n\t\t<meta property=\"og:image:height\" content=\"118\" \/>\n\t\t<meta property=\"article:published_time\" content=\"2023-11-21T11:50:59+00:00\" \/>\n\t\t<meta property=\"article:modified_time\" content=\"2025-11-14T12:15:58+00:00\" \/>\n\t\t<meta property=\"article:publisher\" content=\"https:\/\/www.facebook.com\/DroiX.Store\" \/>\n\t\t<meta name=\"twitter:card\" content=\"summary_large_image\" \/>\n\t\t<meta name=\"twitter:site\" content=\"@DroiX_Store\" \/>\n\t\t<meta name=\"twitter:title\" content=\"Mala GPD WIN Mini - DROIX EU\" \/>\n\t\t<meta name=\"twitter:description\" content=\"Mala oficial GPD: adaptada ao GPD WIN Mini Fixa\u00e7\u00e3o superior: Correia interior para fixar o seu GPD WIN Mini Design confort\u00e1vel: Forro macio e seguro Design elegante: Inclui uma correia de m\u00e3o Concha dur\u00e1vel: Diz adeus aos riscos\" \/>\n\t\t<meta name=\"twitter:image\" content=\"https:\/\/droix.eu\/wp-content\/uploads\/2024\/06\/droix-v2-light-logo.png\" \/>\n\t\t<script type=\"application\/ld+json\" class=\"aioseo-schema\">\n\t\t\t{\"@context\":\"https:\\\/\\\/schema.org\",\"@graph\":[{\"@type\":\"BreadcrumbList\",\"@id\":\"https:\\\/\\\/droix.eu\\\/pt-pt\\\/product\\\/gpd-win-mini-estojo\\\/#breadcrumblist\",\"itemListElement\":[{\"@type\":\"ListItem\",\"@id\":\"https:\\\/\\\/droix.eu\\\/pt-pt\\\/#listItem\",\"position\":1,\"name\":\"Home\",\"item\":\"https:\\\/\\\/droix.eu\\\/pt-pt\\\/\",\"nextItem\":{\"@type\":\"ListItem\",\"@id\":\"https:\\\/\\\/droix.eu\\\/pt-pt\\\/product-category\\\/acessorios\\\/#listItem\",\"name\":\"Acess\\u00f3rios\"}},{\"@type\":\"ListItem\",\"@id\":\"https:\\\/\\\/droix.eu\\\/pt-pt\\\/product-category\\\/acessorios\\\/#listItem\",\"position\":2,\"name\":\"Acess\\u00f3rios\",\"item\":\"https:\\\/\\\/droix.eu\\\/pt-pt\\\/product-category\\\/acessorios\\\/\",\"nextItem\":{\"@type\":\"ListItem\",\"@id\":\"https:\\\/\\\/droix.eu\\\/pt-pt\\\/product-category\\\/acessorios\\\/acessorios-para-computadores-portateis\\\/#listItem\",\"name\":\"Acess\\u00f3rios para computadores port\\u00e1teis\"},\"previousItem\":{\"@type\":\"ListItem\",\"@id\":\"https:\\\/\\\/droix.eu\\\/pt-pt\\\/#listItem\",\"name\":\"Home\"}},{\"@type\":\"ListItem\",\"@id\":\"https:\\\/\\\/droix.eu\\\/pt-pt\\\/product-category\\\/acessorios\\\/acessorios-para-computadores-portateis\\\/#listItem\",\"position\":3,\"name\":\"Acess\\u00f3rios para computadores port\\u00e1teis\",\"item\":\"https:\\\/\\\/droix.eu\\\/pt-pt\\\/product-category\\\/acessorios\\\/acessorios-para-computadores-portateis\\\/\",\"nextItem\":{\"@type\":\"ListItem\",\"@id\":\"https:\\\/\\\/droix.eu\\\/pt-pt\\\/product\\\/gpd-win-mini-estojo\\\/#listItem\",\"name\":\"Mala GPD WIN Mini\"},\"previousItem\":{\"@type\":\"ListItem\",\"@id\":\"https:\\\/\\\/droix.eu\\\/pt-pt\\\/product-category\\\/acessorios\\\/#listItem\",\"name\":\"Acess\\u00f3rios\"}},{\"@type\":\"ListItem\",\"@id\":\"https:\\\/\\\/droix.eu\\\/pt-pt\\\/product\\\/gpd-win-mini-estojo\\\/#listItem\",\"position\":4,\"name\":\"Mala GPD WIN Mini\",\"previousItem\":{\"@type\":\"ListItem\",\"@id\":\"https:\\\/\\\/droix.eu\\\/pt-pt\\\/product-category\\\/acessorios\\\/acessorios-para-computadores-portateis\\\/#listItem\",\"name\":\"Acess\\u00f3rios para computadores port\\u00e1teis\"}}]},{\"@type\":\"Organization\",\"@id\":\"https:\\\/\\\/droix.eu\\\/pt-pt\\\/#organization\",\"name\":\"DroiX \\u2013 Trusted EU Tech Retailer with 12+ Years Experience\",\"description\":\"DroiX is a leading European technology retailer with over 12 years of experience, offering quality mini PCs, handheld gaming consoles, and tech accessories. We provide hassle-free EU delivery with all taxes included, ensuring a smooth and reliable shopping experience for our customers across Europe.\",\"url\":\"https:\\\/\\\/droix.eu\\\/pt-pt\\\/\",\"logo\":{\"@type\":\"ImageObject\",\"url\":\"https:\\\/\\\/droix.eu\\\/wp-content\\\/uploads\\\/2024\\\/06\\\/droix-v2-light-logo.png\",\"@id\":\"https:\\\/\\\/droix.eu\\\/pt-pt\\\/product\\\/gpd-win-mini-estojo\\\/#organizationLogo\",\"width\":380,\"height\":118},\"image\":{\"@id\":\"https:\\\/\\\/droix.eu\\\/pt-pt\\\/product\\\/gpd-win-mini-estojo\\\/#organizationLogo\"},\"sameAs\":[\"https:\\\/\\\/www.facebook.com\\\/DroiX.Store\",\"https:\\\/\\\/twitter.com\\\/DroiX_Store\",\"https:\\\/\\\/www.instagram.com\\\/droix.store\\\/\",\"https:\\\/\\\/www.tiktok.com\\\/@droix.store\",\"https:\\\/\\\/www.youtube.com\\\/c\\\/DroiX_Store\",\"https:\\\/\\\/uk.linkedin.com\\\/company\\\/droix\"]},{\"@type\":\"ProductGroup\",\"@id\":\"https:\\\/\\\/droix.eu\\\/pt-pt\\\/product\\\/gpd-win-mini-estojo\\\/#wooCommerceProduct\",\"name\":\"Mala GPD WIN Mini\",\"description\":\"Mala oficial GPD: adaptada ao GPD WIN Mini\\n \\tFixa\\u00e7\\u00e3o superior: Correia interior para fixar o seu GPD WIN Mini\\n \\tDesign confort\\u00e1vel: Forro macio e seguro\\n \\tDesign elegante: Inclui uma correia de m\\u00e3o\\n \\tConcha dur\\u00e1vel: Diz adeus aos riscos\",\"url\":\"https:\\\/\\\/droix.eu\\\/pt-pt\\\/product\\\/gpd-win-mini-estojo\\\/\",\"image\":{\"@type\":\"ImageObject\",\"url\":\"https:\\\/\\\/droix.eu\\\/wp-content\\\/uploads\\\/2023\\\/11\\\/GPD-WIN-MINI-CASE-1.png\",\"@id\":\"https:\\\/\\\/droix.eu\\\/pt-pt\\\/product\\\/gpd-win-mini-estojo\\\/#productImage\",\"width\":960,\"height\":960,\"caption\":\"Mala GPD WIN Mini\"},\"productGroupID\":566436,\"hasVariant\":[{\"@type\":\"Product\",\"@id\":\"https:\\\/\\\/droix.eu\\\/pt-pt\\\/product\\\/gpd-win-mini-estojo\\\/#wooCommerceProduct\",\"name\":\"Mala GPD WIN Mini - new\",\"description\":\"Mala oficial GPD: adaptada ao GPD WIN Mini\\n \\tFixa\\u00e7\\u00e3o superior: Correia interior para fixar o seu GPD WIN Mini\\n \\tDesign confort\\u00e1vel: Forro macio e seguro\\n \\tDesign elegante: Inclui uma correia de m\\u00e3o\\n \\tConcha dur\\u00e1vel: Diz adeus aos riscos\",\"url\":\"https:\\\/\\\/droix.eu\\\/pt-pt\\\/product\\\/gpd-win-mini-estojo\\\/\",\"sku\":\"GPD-WIN-MINI-CASE\",\"gtin\":\"5060763677142\",\"image\":{\"@type\":\"ImageObject\",\"url\":\"https:\\\/\\\/droix.eu\\\/wp-content\\\/uploads\\\/2023\\\/11\\\/GPD-WIN-MINI-CASE-1.png\",\"@id\":\"https:\\\/\\\/droix.eu\\\/pt-pt\\\/product\\\/gpd-win-mini-estojo\\\/#productImage\",\"width\":960,\"height\":960,\"caption\":\"Mala GPD WIN Mini\"},\"offers\":{\"@type\":\"Offer\",\"url\":\"https:\\\/\\\/droix.eu\\\/pt-pt\\\/product\\\/gpd-win-mini-estojo\\\/#wooCommerceOffer\",\"price\":\"18.95\",\"priceCurrency\":\"EUR\",\"category\":\"Acess\\u00f3rios\",\"availability\":\"https:\\\/\\\/schema.org\\\/InStock\",\"priceSpecification\":{\"@type\":\"PriceSpecification\",\"price\":18.95,\"priceCurrency\":\"EUR\",\"valueAddedTaxIncluded\":\"true\"}}}]},{\"@type\":\"WebPage\",\"@id\":\"https:\\\/\\\/droix.eu\\\/pt-pt\\\/product\\\/gpd-win-mini-estojo\\\/#webpage\",\"url\":\"https:\\\/\\\/droix.eu\\\/pt-pt\\\/product\\\/gpd-win-mini-estojo\\\/\",\"name\":\"Mala GPD WIN Mini - DROIX EU\",\"description\":\"Mala oficial GPD: adaptada ao GPD WIN Mini Fixa\\u00e7\\u00e3o superior: Correia interior para fixar o seu GPD WIN Mini Design confort\\u00e1vel: Forro macio e seguro Design elegante: Inclui uma correia de m\\u00e3o Concha dur\\u00e1vel: Diz adeus aos riscos\",\"inLanguage\":\"pt-PT\",\"isPartOf\":{\"@id\":\"https:\\\/\\\/droix.eu\\\/pt-pt\\\/#website\"},\"breadcrumb\":{\"@id\":\"https:\\\/\\\/droix.eu\\\/pt-pt\\\/product\\\/gpd-win-mini-estojo\\\/#breadcrumblist\"},\"image\":{\"@type\":\"ImageObject\",\"url\":\"https:\\\/\\\/droix.eu\\\/wp-content\\\/uploads\\\/2023\\\/11\\\/GPD-WIN-MINI-CASE-1.png\",\"@id\":\"https:\\\/\\\/droix.eu\\\/pt-pt\\\/product\\\/gpd-win-mini-estojo\\\/#mainImage\",\"width\":960,\"height\":960,\"caption\":\"Mala GPD WIN Mini\"},\"primaryImageOfPage\":{\"@id\":\"https:\\\/\\\/droix.eu\\\/pt-pt\\\/product\\\/gpd-win-mini-estojo\\\/#mainImage\"},\"datePublished\":\"2023-11-21T11:50:59+00:00\",\"dateModified\":\"2025-11-14T12:15:58+00:00\"},{\"@type\":\"WebSite\",\"@id\":\"https:\\\/\\\/droix.eu\\\/pt-pt\\\/#website\",\"url\":\"https:\\\/\\\/droix.eu\\\/pt-pt\\\/\",\"name\":\"DROIX EU\",\"description\":\"Get the latest Mini PCs, Ultrabook, PC Gaming Handhelds and more!\",\"inLanguage\":\"pt-PT\",\"publisher\":{\"@id\":\"https:\\\/\\\/droix.eu\\\/pt-pt\\\/#organization\"}}]}\n\t\t<\/script>\n\t\t<!-- All in One SEO Pro -->\r\n\t\t<title>Mala GPD WIN Mini - DROIX EU<\/title>\n\n","aioseo_head_json":{"title":"Mala GPD WIN Mini - DROIX EU","description":"Mala oficial GPD: adaptada ao GPD WIN Mini Fixa\u00e7\u00e3o superior: Correia interior para fixar o seu GPD WIN Mini Design confort\u00e1vel: Forro macio e seguro Design elegante: Inclui uma correia de m\u00e3o Concha dur\u00e1vel: Diz adeus aos riscos","canonical_url":"https:\/\/droix.eu\/pt-pt\/product\/gpd-win-mini-estojo\/","robots":"max-image-preview:large","keywords":"","webmasterTools":{"miscellaneous":""},"schema":{"@context":"https:\/\/schema.org","@graph":[{"@type":"BreadcrumbList","@id":"https:\/\/droix.eu\/pt-pt\/product\/gpd-win-mini-estojo\/#breadcrumblist","itemListElement":[{"@type":"ListItem","@id":"https:\/\/droix.eu\/pt-pt\/#listItem","position":1,"name":"Home","item":"https:\/\/droix.eu\/pt-pt\/","nextItem":{"@type":"ListItem","@id":"https:\/\/droix.eu\/pt-pt\/product-category\/acessorios\/#listItem","name":"Acess\u00f3rios"}},{"@type":"ListItem","@id":"https:\/\/droix.eu\/pt-pt\/product-category\/acessorios\/#listItem","position":2,"name":"Acess\u00f3rios","item":"https:\/\/droix.eu\/pt-pt\/product-category\/acessorios\/","nextItem":{"@type":"ListItem","@id":"https:\/\/droix.eu\/pt-pt\/product-category\/acessorios\/acessorios-para-computadores-portateis\/#listItem","name":"Acess\u00f3rios para computadores port\u00e1teis"},"previousItem":{"@type":"ListItem","@id":"https:\/\/droix.eu\/pt-pt\/#listItem","name":"Home"}},{"@type":"ListItem","@id":"https:\/\/droix.eu\/pt-pt\/product-category\/acessorios\/acessorios-para-computadores-portateis\/#listItem","position":3,"name":"Acess\u00f3rios para computadores port\u00e1teis","item":"https:\/\/droix.eu\/pt-pt\/product-category\/acessorios\/acessorios-para-computadores-portateis\/","nextItem":{"@type":"ListItem","@id":"https:\/\/droix.eu\/pt-pt\/product\/gpd-win-mini-estojo\/#listItem","name":"Mala GPD WIN Mini"},"previousItem":{"@type":"ListItem","@id":"https:\/\/droix.eu\/pt-pt\/product-category\/acessorios\/#listItem","name":"Acess\u00f3rios"}},{"@type":"ListItem","@id":"https:\/\/droix.eu\/pt-pt\/product\/gpd-win-mini-estojo\/#listItem","position":4,"name":"Mala GPD WIN Mini","previousItem":{"@type":"ListItem","@id":"https:\/\/droix.eu\/pt-pt\/product-category\/acessorios\/acessorios-para-computadores-portateis\/#listItem","name":"Acess\u00f3rios para computadores port\u00e1teis"}}]},{"@type":"Organization","@id":"https:\/\/droix.eu\/pt-pt\/#organization","name":"DroiX \u2013 Trusted EU Tech Retailer with 12+ Years Experience","description":"DroiX is a leading European technology retailer with over 12 years of experience, offering quality mini PCs, handheld gaming consoles, and tech accessories. We provide hassle-free EU delivery with all taxes included, ensuring a smooth and reliable shopping experience for our customers across Europe.","url":"https:\/\/droix.eu\/pt-pt\/","logo":{"@type":"ImageObject","url":"https:\/\/droix.eu\/wp-content\/uploads\/2024\/06\/droix-v2-light-logo.png","@id":"https:\/\/droix.eu\/pt-pt\/product\/gpd-win-mini-estojo\/#organizationLogo","width":380,"height":118},"image":{"@id":"https:\/\/droix.eu\/pt-pt\/product\/gpd-win-mini-estojo\/#organizationLogo"},"sameAs":["https:\/\/www.facebook.com\/DroiX.Store","https:\/\/twitter.com\/DroiX_Store","https:\/\/www.instagram.com\/droix.store\/","https:\/\/www.tiktok.com\/@droix.store","https:\/\/www.youtube.com\/c\/DroiX_Store","https:\/\/uk.linkedin.com\/company\/droix"]},{"@type":"ProductGroup","@id":"https:\/\/droix.eu\/pt-pt\/product\/gpd-win-mini-estojo\/#wooCommerceProduct","name":"Mala GPD WIN Mini","description":"Mala oficial GPD: adaptada ao GPD WIN Mini\n \tFixa\u00e7\u00e3o superior: Correia interior para fixar o seu GPD WIN Mini\n \tDesign confort\u00e1vel: Forro macio e seguro\n \tDesign elegante: Inclui uma correia de m\u00e3o\n \tConcha dur\u00e1vel: Diz adeus aos riscos","url":"https:\/\/droix.eu\/pt-pt\/product\/gpd-win-mini-estojo\/","image":{"@type":"ImageObject","url":"https:\/\/droix.eu\/wp-content\/uploads\/2023\/11\/GPD-WIN-MINI-CASE-1.png","@id":"https:\/\/droix.eu\/pt-pt\/product\/gpd-win-mini-estojo\/#productImage","width":960,"height":960,"caption":"Mala GPD WIN Mini"},"productGroupID":566436,"hasVariant":[{"@type":"Product","@id":"https:\/\/droix.eu\/pt-pt\/product\/gpd-win-mini-estojo\/#wooCommerceProduct","name":"Mala GPD WIN Mini - new","description":"Mala oficial GPD: adaptada ao GPD WIN Mini\n \tFixa\u00e7\u00e3o superior: Correia interior para fixar o seu GPD WIN Mini\n \tDesign confort\u00e1vel: Forro macio e seguro\n \tDesign elegante: Inclui uma correia de m\u00e3o\n \tConcha dur\u00e1vel: Diz adeus aos riscos","url":"https:\/\/droix.eu\/pt-pt\/product\/gpd-win-mini-estojo\/","sku":"GPD-WIN-MINI-CASE","gtin":"5060763677142","image":{"@type":"ImageObject","url":"https:\/\/droix.eu\/wp-content\/uploads\/2023\/11\/GPD-WIN-MINI-CASE-1.png","@id":"https:\/\/droix.eu\/pt-pt\/product\/gpd-win-mini-estojo\/#productImage","width":960,"height":960,"caption":"Mala GPD WIN Mini"},"offers":{"@type":"Offer","url":"https:\/\/droix.eu\/pt-pt\/product\/gpd-win-mini-estojo\/#wooCommerceOffer","price":"18.95","priceCurrency":"EUR","category":"Acess\u00f3rios","availability":"https:\/\/schema.org\/InStock","priceSpecification":{"@type":"PriceSpecification","price":18.95,"priceCurrency":"EUR","valueAddedTaxIncluded":"true"}}}]},{"@type":"WebPage","@id":"https:\/\/droix.eu\/pt-pt\/product\/gpd-win-mini-estojo\/#webpage","url":"https:\/\/droix.eu\/pt-pt\/product\/gpd-win-mini-estojo\/","name":"Mala GPD WIN Mini - DROIX EU","description":"Mala oficial GPD: adaptada ao GPD WIN Mini Fixa\u00e7\u00e3o superior: Correia interior para fixar o seu GPD WIN Mini Design confort\u00e1vel: Forro macio e seguro Design elegante: Inclui uma correia de m\u00e3o Concha dur\u00e1vel: Diz adeus aos riscos","inLanguage":"pt-PT","isPartOf":{"@id":"https:\/\/droix.eu\/pt-pt\/#website"},"breadcrumb":{"@id":"https:\/\/droix.eu\/pt-pt\/product\/gpd-win-mini-estojo\/#breadcrumblist"},"image":{"@type":"ImageObject","url":"https:\/\/droix.eu\/wp-content\/uploads\/2023\/11\/GPD-WIN-MINI-CASE-1.png","@id":"https:\/\/droix.eu\/pt-pt\/product\/gpd-win-mini-estojo\/#mainImage","width":960,"height":960,"caption":"Mala GPD WIN Mini"},"primaryImageOfPage":{"@id":"https:\/\/droix.eu\/pt-pt\/product\/gpd-win-mini-estojo\/#mainImage"},"datePublished":"2023-11-21T11:50:59+00:00","dateModified":"2025-11-14T12:15:58+00:00"},{"@type":"WebSite","@id":"https:\/\/droix.eu\/pt-pt\/#website","url":"https:\/\/droix.eu\/pt-pt\/","name":"DROIX EU","description":"Get the latest Mini PCs, Ultrabook, PC Gaming Handhelds and more!","inLanguage":"pt-PT","publisher":{"@id":"https:\/\/droix.eu\/pt-pt\/#organization"}}]},"og:locale":"pt_PT","og:site_name":"DROIX EU - Get the latest Mini PCs, Ultrabook, PC Gaming Handhelds and more!","og:type":"article","og:title":"Mala GPD WIN Mini - DROIX EU","og:description":"Mala oficial GPD: adaptada ao GPD WIN Mini Fixa\u00e7\u00e3o superior: Correia interior para fixar o seu GPD WIN Mini Design confort\u00e1vel: Forro macio e seguro Design elegante: Inclui uma correia de m\u00e3o Concha dur\u00e1vel: Diz adeus aos riscos","og:url":"https:\/\/droix.eu\/pt-pt\/product\/gpd-win-mini-estojo\/","og:image":"https:\/\/droix.eu\/wp-content\/uploads\/2024\/06\/droix-v2-light-logo.png","og:image:secure_url":"https:\/\/droix.eu\/wp-content\/uploads\/2024\/06\/droix-v2-light-logo.png","og:image:width":380,"og:image:height":118,"article:published_time":"2023-11-21T11:50:59+00:00","article:modified_time":"2025-11-14T12:15:58+00:00","article:publisher":"https:\/\/www.facebook.com\/DroiX.Store","twitter:card":"summary_large_image","twitter:site":"@DroiX_Store","twitter:title":"Mala GPD WIN Mini - DROIX EU","twitter:description":"Mala oficial GPD: adaptada ao GPD WIN Mini Fixa\u00e7\u00e3o superior: Correia interior para fixar o seu GPD WIN Mini Design confort\u00e1vel: Forro macio e seguro Design elegante: Inclui uma correia de m\u00e3o Concha dur\u00e1vel: Diz adeus aos riscos","twitter:image":"https:\/\/droix.eu\/wp-content\/uploads\/2024\/06\/droix-v2-light-logo.png"},"aioseo_meta_data":{"post_id":"566436","title":null,"description":null,"keywords":null,"keyphrases":{"focus":{"keyphrase":"","score":0,"analysis":{"keyphraseInTitle":{"score":0,"maxScore":9,"error":1}}},"additional":[]},"primary_term":null,"canonical_url":null,"og_title":null,"og_description":null,"og_object_type":"default","og_image_type":"default","og_image_url":null,"og_image_width":null,"og_image_height":null,"og_image_custom_url":null,"og_image_custom_fields":null,"og_video":"","og_custom_url":null,"og_article_section":null,"og_article_tags":null,"twitter_use_og":true,"twitter_card":"default","twitter_image_type":"default","twitter_image_url":null,"twitter_image_custom_url":null,"twitter_image_custom_fields":null,"twitter_title":null,"twitter_description":null,"schema":{"blockGraphs":[],"customGraphs":[],"default":{"data":{"Article":[],"Course":[],"Dataset":[],"FAQPage":[],"Movie":[],"Person":[],"Product":[],"ProductReview":[],"Car":[],"Recipe":[],"Service":[],"SoftwareApplication":[],"WebPage":[]},"graphName":"Product","isEnabled":true},"graphs":[]},"schema_type":"default","schema_type_options":null,"pillar_content":false,"robots_default":true,"robots_noindex":false,"robots_noarchive":false,"robots_nosnippet":false,"robots_nofollow":false,"robots_noimageindex":false,"robots_noodp":false,"robots_notranslate":false,"robots_max_snippet":"-1","robots_max_videopreview":"-1","robots_max_imagepreview":"large","priority":null,"frequency":"default","local_seo":null,"seo_analyzer_scan_date":"2025-10-24 16:05:11","breadcrumb_settings":null,"limit_modified_date":false,"reviewed_by":null,"open_ai":null,"ai":{"faqs":[],"keyPoints":[],"titles":[],"descriptions":[],"socialPosts":{"email":[],"linkedin":[],"twitter":[],"facebook":[],"instagram":[]}},"created":"2025-10-09 05:06:15","updated":"2025-11-27 03:22:11"},"aioseo_breadcrumb":"<div class=\"aioseo-breadcrumbs\"><span class=\"aioseo-breadcrumb\">\n\t<a href=\"https:\/\/droix.eu\/pt-pt\/\" title=\"Home\">Home<\/a>\n<\/span><span class=\"aioseo-breadcrumb-separator\">&raquo;<\/span><span class=\"aioseo-breadcrumb\">\n\t<a href=\"https:\/\/droix.eu\/pt-pt\/product-category\/acessorios\/\" title=\"Acess\u00f3rios\">Acess\u00f3rios<\/a>\n<\/span><span class=\"aioseo-breadcrumb-separator\">&raquo;<\/span><span class=\"aioseo-breadcrumb\">\n\t<a href=\"https:\/\/droix.eu\/pt-pt\/product-category\/acessorios\/acessorios-para-computadores-portateis\/\" title=\"Acess\u00f3rios para computadores port\u00e1teis\">Acess\u00f3rios para computadores port\u00e1teis<\/a>\n<\/span><span class=\"aioseo-breadcrumb-separator\">&raquo;<\/span><span class=\"aioseo-breadcrumb\">\n\tMala GPD WIN Mini\n<\/span><\/div>","aioseo_breadcrumb_json":[{"label":"Home","link":"https:\/\/droix.eu\/pt-pt\/"},{"label":"Acess\u00f3rios","link":"https:\/\/droix.eu\/pt-pt\/product-category\/acessorios\/"},{"label":"Acess\u00f3rios para computadores port\u00e1teis","link":"https:\/\/droix.eu\/pt-pt\/product-category\/acessorios\/acessorios-para-computadores-portateis\/"},{"label":"Mala GPD WIN Mini","link":"https:\/\/droix.eu\/pt-pt\/product\/gpd-win-mini-estojo\/"}],"_links":{"self":[{"href":"https:\/\/droix.eu\/pt-pt\/wp-json\/wp\/v2\/product\/566436","targetHints":{"allow":["GET"]}}],"collection":[{"href":"https:\/\/droix.eu\/pt-pt\/wp-json\/wp\/v2\/product"}],"about":[{"href":"https:\/\/droix.eu\/pt-pt\/wp-json\/wp\/v2\/types\/product"}],"version-history":[{"count":0,"href":"https:\/\/droix.eu\/pt-pt\/wp-json\/wp\/v2\/product\/566436\/revisions"}],"wp:featuredmedia":[{"embeddable":true,"href":"https:\/\/droix.eu\/pt-pt\/wp-json\/wp\/v2\/media\/566437"}],"wp:attachment":[{"href":"https:\/\/droix.eu\/pt-pt\/wp-json\/wp\/v2\/media?parent=566436"}],"wp:term":[{"taxonomy":"product_brand","embeddable":true,"href":"https:\/\/droix.eu\/pt-pt\/wp-json\/wp\/v2\/product_brand?post=566436"},{"taxonomy":"product_cat","embeddable":true,"href":"https:\/\/droix.eu\/pt-pt\/wp-json\/wp\/v2\/product_cat?post=566436"},{"taxonomy":"product_tag","embeddable":true,"href":"https:\/\/droix.eu\/pt-pt\/wp-json\/wp\/v2\/product_tag?post=566436"},{"taxonomy":"woo-feed-brand","embeddable":true,"href":"https:\/\/droix.eu\/pt-pt\/wp-json\/wp\/v2\/woo-feed-brand?post=566436"},{"taxonomy":"key-features","embeddable":true,"href":"https:\/\/droix.eu\/pt-pt\/wp-json\/wp\/v2\/key-features?post=566436"}],"curies":[{"name":"wp","href":"https:\/\/api.w.org\/{rel}","templated":true}]}}