{"id":566366,"date":"2024-01-19T16:43:31","date_gmt":"2024-01-19T16:43:31","guid":{"rendered":"https:\/\/droix.eu\/product\/protetor-de-ecra-ayn-odin-2\/"},"modified":"2026-01-20T05:42:51","modified_gmt":"2026-01-20T05:42:51","slug":"protetor-de-ecra-ayn-odin-2","status":"publish","type":"product","link":"https:\/\/droix.eu\/pt-pt\/product\/protetor-de-ecra-ayn-odin-2\/","title":{"rendered":"Protetor de ecr\u00e3 AYN Odin 2"},"content":{"rendered":"<h2><strong>Apresentamos-te o protetor de ecr\u00e3 AYN Odin 2: A melhor prote\u00e7\u00e3o para o teu dispositivo<\/strong><\/h2>\n<p>Aumente a prote\u00e7\u00e3o do seu dispositivo com o protetor de ecr\u00e3 AYN Odin 2. Concebido para satisfazer as exig\u00eancias dos estilos de vida modernos, este protetor de ecr\u00e3 oferece uma combina\u00e7\u00e3o perfeita de durabilidade e funcionalidade.<\/p>\n<h2><strong>Carater\u00edsticas principais:<\/strong><\/h2>\n<h2><strong>Materiais de qualidade superior:<\/strong><\/h2>\n<p>Fabricado com materiais de alta qualidade, o protetor de ecr\u00e3 AYN Odin 2 foi concebido para resistir ao desgaste di\u00e1rio.<\/p>\n<h2><strong>Ajuste preciso:<\/strong><\/h2>\n<p>Feito \u00e0 medida para o AYN Odin 2, o protetor de ecr\u00e3 do AYN Odin 2 garante um ajuste elegante.<\/p>\n","protected":false},"excerpt":{"rendered":"<ul>\n<li>Protetor de ecr\u00e3 <strong>oficial<\/strong> AYN Odin 2<\/li>\n<li>Prote\u00e7\u00e3o <strong> transparente<\/strong> duradoura<\/li>\n<li>Adapta\u00e7\u00e3o perfeita para o AYN Odin 2<\/li>\n<\/ul>\n[droix_global_accordions]\n[cg_accordion title=\"O pacote inclui\"]<\/p>\n<ul>\n<li>1x Protetor de ecr\u00e3 AYN Odin 2<\/li>\n<\/ul>\n<p>[\/cg_accordion]\n","protected":false},"featured_media":566368,"template":"","meta":{"_acf_changed":false},"product_brand":[],"product_cat":[39667,39671],"product_tag":[],"woo-feed-brand":[],"key-features":[],"class_list":{"0":"post-566366","1":"product","2":"type-product","3":"status-publish","4":"has-post-thumbnail","6":"product_cat-acessorios","7":"product_cat-acessorios-para-jogos","8":"product_shipping_class-low-end","9":"pa_accessory-type-screen-protector","10":"pa_brands-ayn-pt-pt","12":"first","13":"instock","14":"taxable","15":"shipping-taxable","16":"purchasable","17":"product-type-simple"},"acf":[],"aioseo_notices":[],"aioseo_head":"\n\t\t<!-- All in One SEO Pro 4.9.5.2 - aioseo.com -->\n\t<meta name=\"description\" content=\"Protetor de ecr\u00e3 oficial AYN Odin 2 Prote\u00e7\u00e3o transparente duradoura Adapta\u00e7\u00e3o perfeita para o AYN Odin 2 O pacote inclui 1x Protetor de ecr\u00e3 AYN Odin 2\" \/>\n\t<meta name=\"robots\" content=\"max-image-preview:large\" \/>\n\t<link rel=\"canonical\" href=\"https:\/\/droix.eu\/pt-pt\/product\/protetor-de-ecra-ayn-odin-2\/\" \/>\n\t<meta name=\"generator\" content=\"All in One SEO Pro (AIOSEO) 4.9.5.2\" \/>\n\t\t<meta property=\"og:locale\" content=\"pt_PT\" \/>\n\t\t<meta property=\"og:site_name\" content=\"DROIX EU - Get the latest Mini PCs, Ultrabook, PC Gaming Handhelds and more!\" \/>\n\t\t<meta property=\"og:type\" content=\"article\" \/>\n\t\t<meta property=\"og:title\" content=\"Protetor de ecr\u00e3 AYN Odin 2 - DROIX EU\" \/>\n\t\t<meta property=\"og:description\" content=\"Protetor de ecr\u00e3 oficial AYN Odin 2 Prote\u00e7\u00e3o transparente duradoura Adapta\u00e7\u00e3o perfeita para o AYN Odin 2 O pacote inclui 1x Protetor de ecr\u00e3 AYN Odin 2\" \/>\n\t\t<meta property=\"og:url\" content=\"https:\/\/droix.eu\/pt-pt\/product\/protetor-de-ecra-ayn-odin-2\/\" \/>\n\t\t<meta property=\"og:image\" content=\"https:\/\/droix.eu\/wp-content\/uploads\/2024\/06\/droix-v2-light-logo.png\" \/>\n\t\t<meta property=\"og:image:secure_url\" content=\"https:\/\/droix.eu\/wp-content\/uploads\/2024\/06\/droix-v2-light-logo.png\" \/>\n\t\t<meta property=\"og:image:width\" content=\"380\" \/>\n\t\t<meta property=\"og:image:height\" content=\"118\" \/>\n\t\t<meta property=\"article:published_time\" content=\"2024-01-19T16:43:31+00:00\" \/>\n\t\t<meta property=\"article:modified_time\" content=\"2026-01-20T05:42:51+00:00\" \/>\n\t\t<meta property=\"article:publisher\" content=\"https:\/\/www.facebook.com\/DroiX.Store\" \/>\n\t\t<meta name=\"twitter:card\" content=\"summary_large_image\" \/>\n\t\t<meta name=\"twitter:site\" content=\"@DroiX_Store\" \/>\n\t\t<meta name=\"twitter:title\" content=\"Protetor de ecr\u00e3 AYN Odin 2 - DROIX EU\" \/>\n\t\t<meta name=\"twitter:description\" content=\"Protetor de ecr\u00e3 oficial AYN Odin 2 Prote\u00e7\u00e3o transparente duradoura Adapta\u00e7\u00e3o perfeita para o AYN Odin 2 O pacote inclui 1x Protetor de ecr\u00e3 AYN Odin 2\" \/>\n\t\t<meta name=\"twitter:image\" content=\"https:\/\/droix.eu\/wp-content\/uploads\/2024\/06\/droix-v2-light-logo.png\" \/>\n\t\t<script type=\"application\/ld+json\" class=\"aioseo-schema\">\n\t\t\t{\"@context\":\"https:\\\/\\\/schema.org\",\"@graph\":[{\"@type\":\"BreadcrumbList\",\"@id\":\"https:\\\/\\\/droix.eu\\\/pt-pt\\\/product\\\/protetor-de-ecra-ayn-odin-2\\\/#breadcrumblist\",\"itemListElement\":[{\"@type\":\"ListItem\",\"@id\":\"https:\\\/\\\/droix.eu\\\/pt-pt\\\/#listItem\",\"position\":1,\"name\":\"Home\",\"item\":\"https:\\\/\\\/droix.eu\\\/pt-pt\\\/\",\"nextItem\":{\"@type\":\"ListItem\",\"@id\":\"https:\\\/\\\/droix.eu\\\/pt-pt\\\/product-category\\\/acessorios\\\/#listItem\",\"name\":\"Acess\\u00f3rios\"}},{\"@type\":\"ListItem\",\"@id\":\"https:\\\/\\\/droix.eu\\\/pt-pt\\\/product-category\\\/acessorios\\\/#listItem\",\"position\":2,\"name\":\"Acess\\u00f3rios\",\"item\":\"https:\\\/\\\/droix.eu\\\/pt-pt\\\/product-category\\\/acessorios\\\/\",\"nextItem\":{\"@type\":\"ListItem\",\"@id\":\"https:\\\/\\\/droix.eu\\\/pt-pt\\\/product-category\\\/acessorios\\\/acessorios-para-jogos\\\/#listItem\",\"name\":\"Acess\\u00f3rios para jogos\"},\"previousItem\":{\"@type\":\"ListItem\",\"@id\":\"https:\\\/\\\/droix.eu\\\/pt-pt\\\/#listItem\",\"name\":\"Home\"}},{\"@type\":\"ListItem\",\"@id\":\"https:\\\/\\\/droix.eu\\\/pt-pt\\\/product-category\\\/acessorios\\\/acessorios-para-jogos\\\/#listItem\",\"position\":3,\"name\":\"Acess\\u00f3rios para jogos\",\"item\":\"https:\\\/\\\/droix.eu\\\/pt-pt\\\/product-category\\\/acessorios\\\/acessorios-para-jogos\\\/\",\"nextItem\":{\"@type\":\"ListItem\",\"@id\":\"https:\\\/\\\/droix.eu\\\/pt-pt\\\/product\\\/protetor-de-ecra-ayn-odin-2\\\/#listItem\",\"name\":\"Protetor de ecr\\u00e3 AYN Odin 2\"},\"previousItem\":{\"@type\":\"ListItem\",\"@id\":\"https:\\\/\\\/droix.eu\\\/pt-pt\\\/product-category\\\/acessorios\\\/#listItem\",\"name\":\"Acess\\u00f3rios\"}},{\"@type\":\"ListItem\",\"@id\":\"https:\\\/\\\/droix.eu\\\/pt-pt\\\/product\\\/protetor-de-ecra-ayn-odin-2\\\/#listItem\",\"position\":4,\"name\":\"Protetor de ecr\\u00e3 AYN Odin 2\",\"previousItem\":{\"@type\":\"ListItem\",\"@id\":\"https:\\\/\\\/droix.eu\\\/pt-pt\\\/product-category\\\/acessorios\\\/acessorios-para-jogos\\\/#listItem\",\"name\":\"Acess\\u00f3rios para jogos\"}}]},{\"@type\":\"Organization\",\"@id\":\"https:\\\/\\\/droix.eu\\\/pt-pt\\\/#organization\",\"name\":\"DroiX \\u2013 Trusted EU Tech Retailer with 12+ Years Experience\",\"description\":\"DroiX is a leading European technology retailer with over 12 years of experience, offering quality mini PCs, handheld gaming consoles, and tech accessories. We provide hassle-free EU delivery with all taxes included, ensuring a smooth and reliable shopping experience for our customers across Europe.\",\"url\":\"https:\\\/\\\/droix.eu\\\/pt-pt\\\/\",\"logo\":{\"@type\":\"ImageObject\",\"url\":\"https:\\\/\\\/droix.eu\\\/wp-content\\\/uploads\\\/2024\\\/06\\\/droix-v2-light-logo.png\",\"@id\":\"https:\\\/\\\/droix.eu\\\/pt-pt\\\/product\\\/protetor-de-ecra-ayn-odin-2\\\/#organizationLogo\",\"width\":380,\"height\":118},\"image\":{\"@id\":\"https:\\\/\\\/droix.eu\\\/pt-pt\\\/product\\\/protetor-de-ecra-ayn-odin-2\\\/#organizationLogo\"},\"sameAs\":[\"https:\\\/\\\/www.facebook.com\\\/DroiX.Store\",\"https:\\\/\\\/twitter.com\\\/DroiX_Store\",\"https:\\\/\\\/www.instagram.com\\\/droix.store\\\/\",\"https:\\\/\\\/www.tiktok.com\\\/@droix.store\",\"https:\\\/\\\/www.youtube.com\\\/c\\\/DroiX_Store\",\"https:\\\/\\\/uk.linkedin.com\\\/company\\\/droix\"]},{\"@type\":\"Product\",\"@id\":\"https:\\\/\\\/droix.eu\\\/pt-pt\\\/product\\\/protetor-de-ecra-ayn-odin-2\\\/#wooCommerceProduct\",\"name\":\"Protetor de ecr\\u00e3 AYN Odin 2\",\"description\":\"Protetor de ecr\\u00e3 oficial AYN Odin 2\\n \\tProte\\u00e7\\u00e3o  transparente duradoura\\n \\tAdapta\\u00e7\\u00e3o perfeita para o AYN Odin 2\",\"url\":\"https:\\\/\\\/droix.eu\\\/pt-pt\\\/product\\\/protetor-de-ecra-ayn-odin-2\\\/\",\"sku\":\"AYN-ODIN-2-SCREEN-PROTECTOR\",\"gtin\":\"5060763677845\",\"image\":{\"@type\":\"ImageObject\",\"url\":\"https:\\\/\\\/droix.eu\\\/wp-content\\\/uploads\\\/2024\\\/01\\\/AYN-ODIN-2-SCREEN-PROTECTOR-DONE-01.png\",\"@id\":\"https:\\\/\\\/droix.eu\\\/pt-pt\\\/product\\\/protetor-de-ecra-ayn-odin-2\\\/#productImage\",\"width\":1500,\"height\":1500,\"caption\":\"Protetor de ecr\\u00e3 AYN Odin 2\"},\"offers\":{\"@type\":\"Offer\",\"url\":\"https:\\\/\\\/droix.eu\\\/pt-pt\\\/product\\\/protetor-de-ecra-ayn-odin-2\\\/#wooCommerceOffer\",\"price\":3.63,\"priceCurrency\":\"EUR\",\"category\":\"Acess\\u00f3rios\",\"availability\":\"https:\\\/\\\/schema.org\\\/InStock\",\"priceSpecification\":{\"@type\":\"PriceSpecification\",\"price\":3.63,\"priceCurrency\":\"EUR\",\"valueAddedTaxIncluded\":\"true\"},\"seller\":{\"@type\":\"Organization\",\"@id\":\"https:\\\/\\\/droix.eu\\\/pt-pt\\\/#organization\"}}},{\"@type\":\"WebPage\",\"@id\":\"https:\\\/\\\/droix.eu\\\/pt-pt\\\/product\\\/protetor-de-ecra-ayn-odin-2\\\/#webpage\",\"url\":\"https:\\\/\\\/droix.eu\\\/pt-pt\\\/product\\\/protetor-de-ecra-ayn-odin-2\\\/\",\"name\":\"Protetor de ecr\\u00e3 AYN Odin 2 - DROIX EU\",\"description\":\"Protetor de ecr\\u00e3 oficial AYN Odin 2 Prote\\u00e7\\u00e3o transparente duradoura Adapta\\u00e7\\u00e3o perfeita para o AYN Odin 2 O pacote inclui 1x Protetor de ecr\\u00e3 AYN Odin 2\",\"inLanguage\":\"pt-PT\",\"isPartOf\":{\"@id\":\"https:\\\/\\\/droix.eu\\\/pt-pt\\\/#website\"},\"breadcrumb\":{\"@id\":\"https:\\\/\\\/droix.eu\\\/pt-pt\\\/product\\\/protetor-de-ecra-ayn-odin-2\\\/#breadcrumblist\"},\"image\":{\"@type\":\"ImageObject\",\"url\":\"https:\\\/\\\/droix.eu\\\/wp-content\\\/uploads\\\/2024\\\/01\\\/AYN-ODIN-2-SCREEN-PROTECTOR-DONE-01.png\",\"@id\":\"https:\\\/\\\/droix.eu\\\/pt-pt\\\/product\\\/protetor-de-ecra-ayn-odin-2\\\/#mainImage\",\"width\":1500,\"height\":1500,\"caption\":\"Protetor de ecr\\u00e3 AYN Odin 2\"},\"primaryImageOfPage\":{\"@id\":\"https:\\\/\\\/droix.eu\\\/pt-pt\\\/product\\\/protetor-de-ecra-ayn-odin-2\\\/#mainImage\"},\"datePublished\":\"2024-01-19T16:43:31+00:00\",\"dateModified\":\"2026-01-20T05:42:51+00:00\"},{\"@type\":\"WebSite\",\"@id\":\"https:\\\/\\\/droix.eu\\\/pt-pt\\\/#website\",\"url\":\"https:\\\/\\\/droix.eu\\\/pt-pt\\\/\",\"name\":\"DROIX EU\",\"description\":\"Get the latest Mini PCs, Ultrabook, PC Gaming Handhelds and more!\",\"inLanguage\":\"pt-PT\",\"publisher\":{\"@id\":\"https:\\\/\\\/droix.eu\\\/pt-pt\\\/#organization\"}}]}\n\t\t<\/script>\n\t\t<!-- All in One SEO Pro -->\r\n\t\t<title>Protetor de ecr\u00e3 AYN Odin 2 - DROIX EU<\/title>\n\n","aioseo_head_json":{"title":"Protetor de ecr\u00e3 AYN Odin 2 - DROIX EU","description":"Protetor de ecr\u00e3 oficial AYN Odin 2 Prote\u00e7\u00e3o transparente duradoura Adapta\u00e7\u00e3o perfeita para o AYN Odin 2 O pacote inclui 1x Protetor de ecr\u00e3 AYN Odin 2","canonical_url":"https:\/\/droix.eu\/pt-pt\/product\/protetor-de-ecra-ayn-odin-2\/","robots":"max-image-preview:large","keywords":"","webmasterTools":{"miscellaneous":""},"schema":{"@context":"https:\/\/schema.org","@graph":[{"@type":"BreadcrumbList","@id":"https:\/\/droix.eu\/pt-pt\/product\/protetor-de-ecra-ayn-odin-2\/#breadcrumblist","itemListElement":[{"@type":"ListItem","@id":"https:\/\/droix.eu\/pt-pt\/#listItem","position":1,"name":"Home","item":"https:\/\/droix.eu\/pt-pt\/","nextItem":{"@type":"ListItem","@id":"https:\/\/droix.eu\/pt-pt\/product-category\/acessorios\/#listItem","name":"Acess\u00f3rios"}},{"@type":"ListItem","@id":"https:\/\/droix.eu\/pt-pt\/product-category\/acessorios\/#listItem","position":2,"name":"Acess\u00f3rios","item":"https:\/\/droix.eu\/pt-pt\/product-category\/acessorios\/","nextItem":{"@type":"ListItem","@id":"https:\/\/droix.eu\/pt-pt\/product-category\/acessorios\/acessorios-para-jogos\/#listItem","name":"Acess\u00f3rios para jogos"},"previousItem":{"@type":"ListItem","@id":"https:\/\/droix.eu\/pt-pt\/#listItem","name":"Home"}},{"@type":"ListItem","@id":"https:\/\/droix.eu\/pt-pt\/product-category\/acessorios\/acessorios-para-jogos\/#listItem","position":3,"name":"Acess\u00f3rios para jogos","item":"https:\/\/droix.eu\/pt-pt\/product-category\/acessorios\/acessorios-para-jogos\/","nextItem":{"@type":"ListItem","@id":"https:\/\/droix.eu\/pt-pt\/product\/protetor-de-ecra-ayn-odin-2\/#listItem","name":"Protetor de ecr\u00e3 AYN Odin 2"},"previousItem":{"@type":"ListItem","@id":"https:\/\/droix.eu\/pt-pt\/product-category\/acessorios\/#listItem","name":"Acess\u00f3rios"}},{"@type":"ListItem","@id":"https:\/\/droix.eu\/pt-pt\/product\/protetor-de-ecra-ayn-odin-2\/#listItem","position":4,"name":"Protetor de ecr\u00e3 AYN Odin 2","previousItem":{"@type":"ListItem","@id":"https:\/\/droix.eu\/pt-pt\/product-category\/acessorios\/acessorios-para-jogos\/#listItem","name":"Acess\u00f3rios para jogos"}}]},{"@type":"Organization","@id":"https:\/\/droix.eu\/pt-pt\/#organization","name":"DroiX \u2013 Trusted EU Tech Retailer with 12+ Years Experience","description":"DroiX is a leading European technology retailer with over 12 years of experience, offering quality mini PCs, handheld gaming consoles, and tech accessories. We provide hassle-free EU delivery with all taxes included, ensuring a smooth and reliable shopping experience for our customers across Europe.","url":"https:\/\/droix.eu\/pt-pt\/","logo":{"@type":"ImageObject","url":"https:\/\/droix.eu\/wp-content\/uploads\/2024\/06\/droix-v2-light-logo.png","@id":"https:\/\/droix.eu\/pt-pt\/product\/protetor-de-ecra-ayn-odin-2\/#organizationLogo","width":380,"height":118},"image":{"@id":"https:\/\/droix.eu\/pt-pt\/product\/protetor-de-ecra-ayn-odin-2\/#organizationLogo"},"sameAs":["https:\/\/www.facebook.com\/DroiX.Store","https:\/\/twitter.com\/DroiX_Store","https:\/\/www.instagram.com\/droix.store\/","https:\/\/www.tiktok.com\/@droix.store","https:\/\/www.youtube.com\/c\/DroiX_Store","https:\/\/uk.linkedin.com\/company\/droix"]},{"@type":"Product","@id":"https:\/\/droix.eu\/pt-pt\/product\/protetor-de-ecra-ayn-odin-2\/#wooCommerceProduct","name":"Protetor de ecr\u00e3 AYN Odin 2","description":"Protetor de ecr\u00e3 oficial AYN Odin 2\n \tProte\u00e7\u00e3o  transparente duradoura\n \tAdapta\u00e7\u00e3o perfeita para o AYN Odin 2","url":"https:\/\/droix.eu\/pt-pt\/product\/protetor-de-ecra-ayn-odin-2\/","sku":"AYN-ODIN-2-SCREEN-PROTECTOR","gtin":"5060763677845","image":{"@type":"ImageObject","url":"https:\/\/droix.eu\/wp-content\/uploads\/2024\/01\/AYN-ODIN-2-SCREEN-PROTECTOR-DONE-01.png","@id":"https:\/\/droix.eu\/pt-pt\/product\/protetor-de-ecra-ayn-odin-2\/#productImage","width":1500,"height":1500,"caption":"Protetor de ecr\u00e3 AYN Odin 2"},"offers":{"@type":"Offer","url":"https:\/\/droix.eu\/pt-pt\/product\/protetor-de-ecra-ayn-odin-2\/#wooCommerceOffer","price":3.63,"priceCurrency":"EUR","category":"Acess\u00f3rios","availability":"https:\/\/schema.org\/InStock","priceSpecification":{"@type":"PriceSpecification","price":3.63,"priceCurrency":"EUR","valueAddedTaxIncluded":"true"},"seller":{"@type":"Organization","@id":"https:\/\/droix.eu\/pt-pt\/#organization"}}},{"@type":"WebPage","@id":"https:\/\/droix.eu\/pt-pt\/product\/protetor-de-ecra-ayn-odin-2\/#webpage","url":"https:\/\/droix.eu\/pt-pt\/product\/protetor-de-ecra-ayn-odin-2\/","name":"Protetor de ecr\u00e3 AYN Odin 2 - DROIX EU","description":"Protetor de ecr\u00e3 oficial AYN Odin 2 Prote\u00e7\u00e3o transparente duradoura Adapta\u00e7\u00e3o perfeita para o AYN Odin 2 O pacote inclui 1x Protetor de ecr\u00e3 AYN Odin 2","inLanguage":"pt-PT","isPartOf":{"@id":"https:\/\/droix.eu\/pt-pt\/#website"},"breadcrumb":{"@id":"https:\/\/droix.eu\/pt-pt\/product\/protetor-de-ecra-ayn-odin-2\/#breadcrumblist"},"image":{"@type":"ImageObject","url":"https:\/\/droix.eu\/wp-content\/uploads\/2024\/01\/AYN-ODIN-2-SCREEN-PROTECTOR-DONE-01.png","@id":"https:\/\/droix.eu\/pt-pt\/product\/protetor-de-ecra-ayn-odin-2\/#mainImage","width":1500,"height":1500,"caption":"Protetor de ecr\u00e3 AYN Odin 2"},"primaryImageOfPage":{"@id":"https:\/\/droix.eu\/pt-pt\/product\/protetor-de-ecra-ayn-odin-2\/#mainImage"},"datePublished":"2024-01-19T16:43:31+00:00","dateModified":"2026-01-20T05:42:51+00:00"},{"@type":"WebSite","@id":"https:\/\/droix.eu\/pt-pt\/#website","url":"https:\/\/droix.eu\/pt-pt\/","name":"DROIX EU","description":"Get the latest Mini PCs, Ultrabook, PC Gaming Handhelds and more!","inLanguage":"pt-PT","publisher":{"@id":"https:\/\/droix.eu\/pt-pt\/#organization"}}]},"og:locale":"pt_PT","og:site_name":"DROIX EU - Get the latest Mini PCs, Ultrabook, PC Gaming Handhelds and more!","og:type":"article","og:title":"Protetor de ecr\u00e3 AYN Odin 2 - DROIX EU","og:description":"Protetor de ecr\u00e3 oficial AYN Odin 2 Prote\u00e7\u00e3o transparente duradoura Adapta\u00e7\u00e3o perfeita para o AYN Odin 2 O pacote inclui 1x Protetor de ecr\u00e3 AYN Odin 2","og:url":"https:\/\/droix.eu\/pt-pt\/product\/protetor-de-ecra-ayn-odin-2\/","og:image":"https:\/\/droix.eu\/wp-content\/uploads\/2024\/06\/droix-v2-light-logo.png","og:image:secure_url":"https:\/\/droix.eu\/wp-content\/uploads\/2024\/06\/droix-v2-light-logo.png","og:image:width":380,"og:image:height":118,"article:published_time":"2024-01-19T16:43:31+00:00","article:modified_time":"2026-01-20T05:42:51+00:00","article:publisher":"https:\/\/www.facebook.com\/DroiX.Store","twitter:card":"summary_large_image","twitter:site":"@DroiX_Store","twitter:title":"Protetor de ecr\u00e3 AYN Odin 2 - DROIX EU","twitter:description":"Protetor de ecr\u00e3 oficial AYN Odin 2 Prote\u00e7\u00e3o transparente duradoura Adapta\u00e7\u00e3o perfeita para o AYN Odin 2 O pacote inclui 1x Protetor de ecr\u00e3 AYN Odin 2","twitter:image":"https:\/\/droix.eu\/wp-content\/uploads\/2024\/06\/droix-v2-light-logo.png"},"aioseo_meta_data":{"post_id":"566366","title":null,"description":null,"keywords":null,"keyphrases":null,"primary_term":null,"canonical_url":null,"og_title":null,"og_description":null,"og_object_type":"default","og_image_type":"default","og_image_url":null,"og_image_width":null,"og_image_height":null,"og_image_custom_url":null,"og_image_custom_fields":null,"og_video":null,"og_custom_url":null,"og_article_section":null,"og_article_tags":null,"twitter_use_og":true,"twitter_card":"default","twitter_image_type":"default","twitter_image_url":null,"twitter_image_custom_url":null,"twitter_image_custom_fields":null,"twitter_title":null,"twitter_description":null,"schema":{"blockGraphs":[],"customGraphs":[],"default":{"data":{"Article":[],"Course":[],"Dataset":[],"FAQPage":[],"Movie":[],"Person":[],"Product":[],"ProductReview":[],"Car":[],"Recipe":[],"Service":[],"SoftwareApplication":[],"WebPage":[]},"graphName":"Product","isEnabled":true},"graphs":[]},"schema_type":"default","schema_type_options":null,"pillar_content":false,"robots_default":true,"robots_noindex":false,"robots_noarchive":false,"robots_nosnippet":false,"robots_nofollow":false,"robots_noimageindex":false,"robots_noodp":false,"robots_notranslate":false,"robots_max_snippet":null,"robots_max_videopreview":null,"robots_max_imagepreview":"large","priority":null,"frequency":null,"local_seo":null,"seo_analyzer_scan_date":"2025-10-24 16:32:35","breadcrumb_settings":null,"limit_modified_date":false,"reviewed_by":null,"open_ai":null,"ai":null,"created":"2025-10-09 05:12:53","updated":"2026-01-24 09:22:09"},"aioseo_breadcrumb":"<div class=\"aioseo-breadcrumbs\"><span class=\"aioseo-breadcrumb\">\n\t<a href=\"https:\/\/droix.eu\/pt-pt\/\" title=\"Home\">Home<\/a>\n<\/span><span class=\"aioseo-breadcrumb-separator\">&raquo;<\/span><span class=\"aioseo-breadcrumb\">\n\t<a href=\"https:\/\/droix.eu\/pt-pt\/product-category\/acessorios\/\" title=\"Acess\u00f3rios\">Acess\u00f3rios<\/a>\n<\/span><span class=\"aioseo-breadcrumb-separator\">&raquo;<\/span><span class=\"aioseo-breadcrumb\">\n\t<a href=\"https:\/\/droix.eu\/pt-pt\/product-category\/acessorios\/acessorios-para-jogos\/\" title=\"Acess\u00f3rios para jogos\">Acess\u00f3rios para jogos<\/a>\n<\/span><span class=\"aioseo-breadcrumb-separator\">&raquo;<\/span><span class=\"aioseo-breadcrumb\">\n\tProtetor de ecr\u00e3 AYN Odin 2\n<\/span><\/div>","aioseo_breadcrumb_json":[{"label":"Home","link":"https:\/\/droix.eu\/pt-pt\/"},{"label":"Acess\u00f3rios","link":"https:\/\/droix.eu\/pt-pt\/product-category\/acessorios\/"},{"label":"Acess\u00f3rios para jogos","link":"https:\/\/droix.eu\/pt-pt\/product-category\/acessorios\/acessorios-para-jogos\/"},{"label":"Protetor de ecr\u00e3 AYN Odin 2","link":"https:\/\/droix.eu\/pt-pt\/product\/protetor-de-ecra-ayn-odin-2\/"}],"_links":{"self":[{"href":"https:\/\/droix.eu\/pt-pt\/wp-json\/wp\/v2\/product\/566366","targetHints":{"allow":["GET"]}}],"collection":[{"href":"https:\/\/droix.eu\/pt-pt\/wp-json\/wp\/v2\/product"}],"about":[{"href":"https:\/\/droix.eu\/pt-pt\/wp-json\/wp\/v2\/types\/product"}],"version-history":[{"count":0,"href":"https:\/\/droix.eu\/pt-pt\/wp-json\/wp\/v2\/product\/566366\/revisions"}],"wp:featuredmedia":[{"embeddable":true,"href":"https:\/\/droix.eu\/pt-pt\/wp-json\/wp\/v2\/media\/566368"}],"wp:attachment":[{"href":"https:\/\/droix.eu\/pt-pt\/wp-json\/wp\/v2\/media?parent=566366"}],"wp:term":[{"taxonomy":"product_brand","embeddable":true,"href":"https:\/\/droix.eu\/pt-pt\/wp-json\/wp\/v2\/product_brand?post=566366"},{"taxonomy":"product_cat","embeddable":true,"href":"https:\/\/droix.eu\/pt-pt\/wp-json\/wp\/v2\/product_cat?post=566366"},{"taxonomy":"product_tag","embeddable":true,"href":"https:\/\/droix.eu\/pt-pt\/wp-json\/wp\/v2\/product_tag?post=566366"},{"taxonomy":"woo-feed-brand","embeddable":true,"href":"https:\/\/droix.eu\/pt-pt\/wp-json\/wp\/v2\/woo-feed-brand?post=566366"},{"taxonomy":"key-features","embeddable":true,"href":"https:\/\/droix.eu\/pt-pt\/wp-json\/wp\/v2\/key-features?post=566366"}],"curies":[{"name":"wp","href":"https:\/\/api.w.org\/{rel}","templated":true}]}}