{"id":564987,"date":"2020-11-27T15:45:33","date_gmt":"2020-11-27T15:45:33","guid":{"rendered":"https:\/\/droix.eu\/product\/capa-protetora-gpd-para-p2-max-pocket-3-e-win-max\/"},"modified":"2025-08-18T15:05:29","modified_gmt":"2025-08-18T14:05:29","slug":"capa-protetora-gpd-para-p2-max-pocket-3-e-win-max","status":"publish","type":"product","link":"https:\/\/droix.eu\/pt-pt\/product\/capa-protetora-gpd-para-p2-max-pocket-3-e-win-max\/","title":{"rendered":"Capa protetora GPD POCKET para P2 Max , Pocket 3 e Win Max"},"content":{"rendered":"<p>Concebida pela GPD para o GPD P2 Max , Pocket 3 e GPD WIN Max, esta capa protetora \u00e9 elegante e moderna.<\/p>\n","protected":false},"excerpt":{"rendered":"<ul>\n<li>Produto oficial do GPD<\/li>\n<li>Concebido para o P2 Max, Pocket 3 e WIN Max<\/li>\n<li>Textura suave<\/li>\n<\/ul>\n[cg_accordion title=\"Garantia de 2 anos para todos os produtos GPD\"]<\/p>\n<p>Todos os produtos GPD v\u00eam com uma garantia de 2 anos e s\u00e3o apoiados por mais de 13 anos de servi\u00e7o de confian\u00e7a. Junte-se \u00e0 nossa comunidade de mais de 500.000 clientes satisfeitos e sinta-se confiante na sua compra. [\/cg_accordion]\n[cg_accordion title=\"Op\u00e7\u00f5es de pagamento flex\u00edveis e seguras\"]<\/p>\n<p>Desfrute de paz de esp\u00edrito com o nosso sistema de pagamento seguro. Suportamos todos os principais m\u00e9todos de pagamento, incluindo cart\u00f5es de d\u00e9bito\/cr\u00e9dito, PayPal, Apple Pay, Google Pay, Klarna, Afterpay e Affirm &#8211; dando-lhe a liberdade de pagar \u00e0 sua maneira, seja \u00e0 cabe\u00e7a ou em presta\u00e7\u00f5es f\u00e1ceis. [\/cg_accordion]\n[cg_accordion title=\"Impostos\"]<\/p>\n<p>Os pre\u00e7os incluem o IVA aplic\u00e1vel, que pode ascender a 25% consoante o pa\u00eds. O montante exato \u00e9 indicado durante o checkout para garantir total transpar\u00eancia. [\/cg_accordion]\n[cg_accordion title=\"Envios e devolu\u00e7\u00f5es\"]<\/p>\n<p>Trabalhamos com mais de 10 parceiros de envio de confian\u00e7a para garantir que a sua encomenda chega rapidamente, em seguran\u00e7a e de forma fi\u00e1vel.<\/p>\n<p>Utilizamos o envio expresso DDP (Delivered Duty Paid). Isto significa que: <\/p>\n<li>Todos os direitos aduaneiros e impostos j\u00e1 est\u00e3o inclu\u00eddos no pre\u00e7o do produto apresentado.<\/li>\n<li>N\u00e3o ter\u00e1 de enfrentar quaisquer encargos inesperados aquando da entrega.<\/li>\n<li>No caso raro de atrasos na alf\u00e2ndega, a nossa equipa gere o processo de desalfandegamento para garantir uma entrega sem problemas.<\/li>\n<p>Informa\u00e7\u00f5es importantes sobre devolu\u00e7\u00f5es:<\/p>\n<li>Se devolver a sua encomenda ou solicitar um reembolso, tenha em aten\u00e7\u00e3o que os impostos e direitos pagos em seu nome ao abrigo das condi\u00e7\u00f5es DDP n\u00e3o s\u00e3o reembols\u00e1veis.<\/li>\n<p>Consulta os nossos <a href=\"https:\/\/droix.eu\/pt-pt\/termos-e-condicoes\/\" target=\"_blank\" rel=\"nofollow noopener\">Termos e Condi\u00e7\u00f5es<\/a> para obteres informa\u00e7\u00f5es detalhadas.\n<\/ul>\n<p>[\/cg_accordion]\n[cg_accordion title=\"Apoio ao cliente\"]<\/p>\n<p>Tem uma pergunta? Estamos a uma curta mensagem de texto de ter o seu problema resolvido![\/cg_accordion]\n[cg_accordion title=\"O pacote inclui\"]<\/p>\n<ul>\n<li>1x Estojo GPD<\/li>\n<\/ul>\n<p>[\/cg_accordion]\n","protected":false},"featured_media":564988,"template":"","meta":{"_acf_changed":false},"product_brand":[],"product_cat":[39667,39670,39671],"product_tag":[],"woo-feed-brand":[2198],"key-features":[],"class_list":{"0":"post-564987","1":"product","2":"type-product","3":"status-publish","4":"has-post-thumbnail","6":"product_cat-acessorios","7":"product_cat-acessorios-para-computadores-portateis","8":"product_cat-acessorios-para-jogos","9":"product_shipping_class-low-end","10":"pa_accessory-type-protective-case","11":"pa_brands-gpd-pt-pt","12":"woo-feed-brand-gpd","14":"first","15":"outofstock","16":"taxable","17":"shipping-taxable","18":"purchasable","19":"product-type-simple"},"acf":[],"aioseo_notices":[],"aioseo_head":"\n\t\t<!-- All in One SEO Pro 4.9.5.2 - aioseo.com -->\n\t<meta name=\"description\" content=\"Produto oficial do GPD Concebido para o P2 Max, Pocket 3 e WIN Max Textura suave\" \/>\n\t<meta name=\"robots\" content=\"max-image-preview:large\" \/>\n\t<link rel=\"canonical\" href=\"https:\/\/droix.eu\/pt-pt\/product\/capa-protetora-gpd-para-p2-max-pocket-3-e-win-max\/\" \/>\n\t<meta name=\"generator\" content=\"All in One SEO Pro (AIOSEO) 4.9.5.2\" \/>\n\t\t<meta property=\"og:locale\" content=\"pt_PT\" \/>\n\t\t<meta property=\"og:site_name\" content=\"DROIX EU - Get the latest Mini PCs, Ultrabook, PC Gaming Handhelds and more!\" \/>\n\t\t<meta property=\"og:type\" content=\"article\" \/>\n\t\t<meta property=\"og:title\" content=\"Capa protetora GPD POCKET para P2 Max , Pocket 3 e Win Max - DROIX EU\" \/>\n\t\t<meta property=\"og:description\" content=\"Produto oficial do GPD Concebido para o P2 Max, Pocket 3 e WIN Max Textura suave\" \/>\n\t\t<meta property=\"og:url\" content=\"https:\/\/droix.eu\/pt-pt\/product\/capa-protetora-gpd-para-p2-max-pocket-3-e-win-max\/\" \/>\n\t\t<meta property=\"og:image\" content=\"https:\/\/droix.eu\/wp-content\/uploads\/2024\/06\/droix-v2-light-logo.png\" \/>\n\t\t<meta property=\"og:image:secure_url\" content=\"https:\/\/droix.eu\/wp-content\/uploads\/2024\/06\/droix-v2-light-logo.png\" \/>\n\t\t<meta property=\"og:image:width\" content=\"380\" \/>\n\t\t<meta property=\"og:image:height\" content=\"118\" \/>\n\t\t<meta property=\"article:published_time\" content=\"2020-11-27T15:45:33+00:00\" \/>\n\t\t<meta property=\"article:modified_time\" content=\"2025-08-18T14:05:29+00:00\" \/>\n\t\t<meta property=\"article:publisher\" content=\"https:\/\/www.facebook.com\/DroiX.Store\" \/>\n\t\t<meta name=\"twitter:card\" content=\"summary_large_image\" \/>\n\t\t<meta name=\"twitter:site\" content=\"@DroiX_Store\" \/>\n\t\t<meta name=\"twitter:title\" content=\"Capa protetora GPD POCKET para P2 Max , Pocket 3 e Win Max - DROIX EU\" \/>\n\t\t<meta name=\"twitter:description\" content=\"Produto oficial do GPD Concebido para o P2 Max, Pocket 3 e WIN Max Textura suave\" \/>\n\t\t<meta name=\"twitter:image\" content=\"https:\/\/droix.eu\/wp-content\/uploads\/2024\/06\/droix-v2-light-logo.png\" \/>\n\t\t<script type=\"application\/ld+json\" class=\"aioseo-schema\">\n\t\t\t{\"@context\":\"https:\\\/\\\/schema.org\",\"@graph\":[{\"@type\":\"BreadcrumbList\",\"@id\":\"https:\\\/\\\/droix.eu\\\/pt-pt\\\/product\\\/capa-protetora-gpd-para-p2-max-pocket-3-e-win-max\\\/#breadcrumblist\",\"itemListElement\":[{\"@type\":\"ListItem\",\"@id\":\"https:\\\/\\\/droix.eu\\\/pt-pt\\\/#listItem\",\"position\":1,\"name\":\"Home\",\"item\":\"https:\\\/\\\/droix.eu\\\/pt-pt\\\/\",\"nextItem\":{\"@type\":\"ListItem\",\"@id\":\"https:\\\/\\\/droix.eu\\\/pt-pt\\\/product-category\\\/acessorios\\\/#listItem\",\"name\":\"Acess\\u00f3rios\"}},{\"@type\":\"ListItem\",\"@id\":\"https:\\\/\\\/droix.eu\\\/pt-pt\\\/product-category\\\/acessorios\\\/#listItem\",\"position\":2,\"name\":\"Acess\\u00f3rios\",\"item\":\"https:\\\/\\\/droix.eu\\\/pt-pt\\\/product-category\\\/acessorios\\\/\",\"nextItem\":{\"@type\":\"ListItem\",\"@id\":\"https:\\\/\\\/droix.eu\\\/pt-pt\\\/product-category\\\/acessorios\\\/acessorios-para-computadores-portateis\\\/#listItem\",\"name\":\"Acess\\u00f3rios para computadores port\\u00e1teis\"},\"previousItem\":{\"@type\":\"ListItem\",\"@id\":\"https:\\\/\\\/droix.eu\\\/pt-pt\\\/#listItem\",\"name\":\"Home\"}},{\"@type\":\"ListItem\",\"@id\":\"https:\\\/\\\/droix.eu\\\/pt-pt\\\/product-category\\\/acessorios\\\/acessorios-para-computadores-portateis\\\/#listItem\",\"position\":3,\"name\":\"Acess\\u00f3rios para computadores port\\u00e1teis\",\"item\":\"https:\\\/\\\/droix.eu\\\/pt-pt\\\/product-category\\\/acessorios\\\/acessorios-para-computadores-portateis\\\/\",\"nextItem\":{\"@type\":\"ListItem\",\"@id\":\"https:\\\/\\\/droix.eu\\\/pt-pt\\\/product\\\/capa-protetora-gpd-para-p2-max-pocket-3-e-win-max\\\/#listItem\",\"name\":\"Capa protetora GPD POCKET para P2 Max , Pocket 3 e Win Max\"},\"previousItem\":{\"@type\":\"ListItem\",\"@id\":\"https:\\\/\\\/droix.eu\\\/pt-pt\\\/product-category\\\/acessorios\\\/#listItem\",\"name\":\"Acess\\u00f3rios\"}},{\"@type\":\"ListItem\",\"@id\":\"https:\\\/\\\/droix.eu\\\/pt-pt\\\/product\\\/capa-protetora-gpd-para-p2-max-pocket-3-e-win-max\\\/#listItem\",\"position\":4,\"name\":\"Capa protetora GPD POCKET para P2 Max , Pocket 3 e Win Max\",\"previousItem\":{\"@type\":\"ListItem\",\"@id\":\"https:\\\/\\\/droix.eu\\\/pt-pt\\\/product-category\\\/acessorios\\\/acessorios-para-computadores-portateis\\\/#listItem\",\"name\":\"Acess\\u00f3rios para computadores port\\u00e1teis\"}}]},{\"@type\":\"Organization\",\"@id\":\"https:\\\/\\\/droix.eu\\\/pt-pt\\\/#organization\",\"name\":\"DroiX \\u2013 Trusted EU Tech Retailer with 12+ Years Experience\",\"description\":\"DroiX is a leading European technology retailer with over 12 years of experience, offering quality mini PCs, handheld gaming consoles, and tech accessories. We provide hassle-free EU delivery with all taxes included, ensuring a smooth and reliable shopping experience for our customers across Europe.\",\"url\":\"https:\\\/\\\/droix.eu\\\/pt-pt\\\/\",\"logo\":{\"@type\":\"ImageObject\",\"url\":\"https:\\\/\\\/droix.eu\\\/wp-content\\\/uploads\\\/2024\\\/06\\\/droix-v2-light-logo.png\",\"@id\":\"https:\\\/\\\/droix.eu\\\/pt-pt\\\/product\\\/capa-protetora-gpd-para-p2-max-pocket-3-e-win-max\\\/#organizationLogo\",\"width\":380,\"height\":118},\"image\":{\"@id\":\"https:\\\/\\\/droix.eu\\\/pt-pt\\\/product\\\/capa-protetora-gpd-para-p2-max-pocket-3-e-win-max\\\/#organizationLogo\"},\"sameAs\":[\"https:\\\/\\\/www.facebook.com\\\/DroiX.Store\",\"https:\\\/\\\/twitter.com\\\/DroiX_Store\",\"https:\\\/\\\/www.instagram.com\\\/droix.store\\\/\",\"https:\\\/\\\/www.tiktok.com\\\/@droix.store\",\"https:\\\/\\\/www.youtube.com\\\/c\\\/DroiX_Store\",\"https:\\\/\\\/uk.linkedin.com\\\/company\\\/droix\"]},{\"@type\":\"Product\",\"@id\":\"https:\\\/\\\/droix.eu\\\/pt-pt\\\/product\\\/capa-protetora-gpd-para-p2-max-pocket-3-e-win-max\\\/#wooCommerceProduct\",\"name\":\"Capa protetora GPD POCKET para P2 Max , Pocket 3 e Win Max\",\"description\":\"Produto oficial do GPD\\n \\tConcebido para o P2 Max, Pocket 3 e WIN Max\\n \\tTextura suave\",\"url\":\"https:\\\/\\\/droix.eu\\\/pt-pt\\\/product\\\/capa-protetora-gpd-para-p2-max-pocket-3-e-win-max\\\/\",\"sku\":\"GPD-PROTECTIVE-CASE-P2-MAX-WIN-MAX\",\"gtin\":\"5060763670358\",\"image\":{\"@type\":\"ImageObject\",\"url\":\"https:\\\/\\\/droix.eu\\\/wp-content\\\/uploads\\\/2021\\\/12\\\/GPD-P2-MAX-CASE-LISTING-PICTURE-1.png\",\"@id\":\"https:\\\/\\\/droix.eu\\\/pt-pt\\\/product\\\/capa-protetora-gpd-para-p2-max-pocket-3-e-win-max\\\/#productImage\",\"width\":700,\"height\":700,\"caption\":\"GPD P2 Max Estojo de prote\\u00e7\\u00e3o\"},\"offers\":{\"@type\":\"Offer\",\"url\":\"https:\\\/\\\/droix.eu\\\/pt-pt\\\/product\\\/capa-protetora-gpd-para-p2-max-pocket-3-e-win-max\\\/#wooCommerceOffer\",\"price\":27.63,\"priceCurrency\":\"EUR\",\"category\":\"Acess\\u00f3rios\",\"availability\":\"https:\\\/\\\/schema.org\\\/OutOfStock\",\"priceSpecification\":{\"@type\":\"PriceSpecification\",\"price\":27.63,\"priceCurrency\":\"EUR\",\"valueAddedTaxIncluded\":\"true\"},\"seller\":{\"@type\":\"Organization\",\"@id\":\"https:\\\/\\\/droix.eu\\\/pt-pt\\\/#organization\"}}},{\"@type\":\"WebPage\",\"@id\":\"https:\\\/\\\/droix.eu\\\/pt-pt\\\/product\\\/capa-protetora-gpd-para-p2-max-pocket-3-e-win-max\\\/#webpage\",\"url\":\"https:\\\/\\\/droix.eu\\\/pt-pt\\\/product\\\/capa-protetora-gpd-para-p2-max-pocket-3-e-win-max\\\/\",\"name\":\"Capa protetora GPD POCKET para P2 Max , Pocket 3 e Win Max - DROIX EU\",\"description\":\"Produto oficial do GPD Concebido para o P2 Max, Pocket 3 e WIN Max Textura suave\",\"inLanguage\":\"pt-PT\",\"isPartOf\":{\"@id\":\"https:\\\/\\\/droix.eu\\\/pt-pt\\\/#website\"},\"breadcrumb\":{\"@id\":\"https:\\\/\\\/droix.eu\\\/pt-pt\\\/product\\\/capa-protetora-gpd-para-p2-max-pocket-3-e-win-max\\\/#breadcrumblist\"},\"image\":{\"@type\":\"ImageObject\",\"url\":\"https:\\\/\\\/droix.eu\\\/wp-content\\\/uploads\\\/2021\\\/12\\\/GPD-P2-MAX-CASE-LISTING-PICTURE-1.png\",\"@id\":\"https:\\\/\\\/droix.eu\\\/pt-pt\\\/product\\\/capa-protetora-gpd-para-p2-max-pocket-3-e-win-max\\\/#mainImage\",\"width\":700,\"height\":700,\"caption\":\"GPD P2 Max Estojo de prote\\u00e7\\u00e3o\"},\"primaryImageOfPage\":{\"@id\":\"https:\\\/\\\/droix.eu\\\/pt-pt\\\/product\\\/capa-protetora-gpd-para-p2-max-pocket-3-e-win-max\\\/#mainImage\"},\"datePublished\":\"2020-11-27T15:45:33+00:00\",\"dateModified\":\"2025-08-18T15:05:29+01:00\"},{\"@type\":\"WebSite\",\"@id\":\"https:\\\/\\\/droix.eu\\\/pt-pt\\\/#website\",\"url\":\"https:\\\/\\\/droix.eu\\\/pt-pt\\\/\",\"name\":\"DROIX EU\",\"description\":\"Get the latest Mini PCs, Ultrabook, PC Gaming Handhelds and more!\",\"inLanguage\":\"pt-PT\",\"publisher\":{\"@id\":\"https:\\\/\\\/droix.eu\\\/pt-pt\\\/#organization\"}}]}\n\t\t<\/script>\n\t\t<!-- All in One SEO Pro -->\r\n\t\t<title>Capa protetora GPD POCKET para P2 Max , Pocket 3 e Win Max - DROIX EU<\/title>\n\n","aioseo_head_json":{"title":"Capa protetora GPD POCKET para P2 Max , Pocket 3 e Win Max - DROIX EU","description":"Produto oficial do GPD Concebido para o P2 Max, Pocket 3 e WIN Max Textura suave","canonical_url":"https:\/\/droix.eu\/pt-pt\/product\/capa-protetora-gpd-para-p2-max-pocket-3-e-win-max\/","robots":"max-image-preview:large","keywords":"","webmasterTools":{"miscellaneous":""},"schema":{"@context":"https:\/\/schema.org","@graph":[{"@type":"BreadcrumbList","@id":"https:\/\/droix.eu\/pt-pt\/product\/capa-protetora-gpd-para-p2-max-pocket-3-e-win-max\/#breadcrumblist","itemListElement":[{"@type":"ListItem","@id":"https:\/\/droix.eu\/pt-pt\/#listItem","position":1,"name":"Home","item":"https:\/\/droix.eu\/pt-pt\/","nextItem":{"@type":"ListItem","@id":"https:\/\/droix.eu\/pt-pt\/product-category\/acessorios\/#listItem","name":"Acess\u00f3rios"}},{"@type":"ListItem","@id":"https:\/\/droix.eu\/pt-pt\/product-category\/acessorios\/#listItem","position":2,"name":"Acess\u00f3rios","item":"https:\/\/droix.eu\/pt-pt\/product-category\/acessorios\/","nextItem":{"@type":"ListItem","@id":"https:\/\/droix.eu\/pt-pt\/product-category\/acessorios\/acessorios-para-computadores-portateis\/#listItem","name":"Acess\u00f3rios para computadores port\u00e1teis"},"previousItem":{"@type":"ListItem","@id":"https:\/\/droix.eu\/pt-pt\/#listItem","name":"Home"}},{"@type":"ListItem","@id":"https:\/\/droix.eu\/pt-pt\/product-category\/acessorios\/acessorios-para-computadores-portateis\/#listItem","position":3,"name":"Acess\u00f3rios para computadores port\u00e1teis","item":"https:\/\/droix.eu\/pt-pt\/product-category\/acessorios\/acessorios-para-computadores-portateis\/","nextItem":{"@type":"ListItem","@id":"https:\/\/droix.eu\/pt-pt\/product\/capa-protetora-gpd-para-p2-max-pocket-3-e-win-max\/#listItem","name":"Capa protetora GPD POCKET para P2 Max , Pocket 3 e Win Max"},"previousItem":{"@type":"ListItem","@id":"https:\/\/droix.eu\/pt-pt\/product-category\/acessorios\/#listItem","name":"Acess\u00f3rios"}},{"@type":"ListItem","@id":"https:\/\/droix.eu\/pt-pt\/product\/capa-protetora-gpd-para-p2-max-pocket-3-e-win-max\/#listItem","position":4,"name":"Capa protetora GPD POCKET para P2 Max , Pocket 3 e Win Max","previousItem":{"@type":"ListItem","@id":"https:\/\/droix.eu\/pt-pt\/product-category\/acessorios\/acessorios-para-computadores-portateis\/#listItem","name":"Acess\u00f3rios para computadores port\u00e1teis"}}]},{"@type":"Organization","@id":"https:\/\/droix.eu\/pt-pt\/#organization","name":"DroiX \u2013 Trusted EU Tech Retailer with 12+ Years Experience","description":"DroiX is a leading European technology retailer with over 12 years of experience, offering quality mini PCs, handheld gaming consoles, and tech accessories. We provide hassle-free EU delivery with all taxes included, ensuring a smooth and reliable shopping experience for our customers across Europe.","url":"https:\/\/droix.eu\/pt-pt\/","logo":{"@type":"ImageObject","url":"https:\/\/droix.eu\/wp-content\/uploads\/2024\/06\/droix-v2-light-logo.png","@id":"https:\/\/droix.eu\/pt-pt\/product\/capa-protetora-gpd-para-p2-max-pocket-3-e-win-max\/#organizationLogo","width":380,"height":118},"image":{"@id":"https:\/\/droix.eu\/pt-pt\/product\/capa-protetora-gpd-para-p2-max-pocket-3-e-win-max\/#organizationLogo"},"sameAs":["https:\/\/www.facebook.com\/DroiX.Store","https:\/\/twitter.com\/DroiX_Store","https:\/\/www.instagram.com\/droix.store\/","https:\/\/www.tiktok.com\/@droix.store","https:\/\/www.youtube.com\/c\/DroiX_Store","https:\/\/uk.linkedin.com\/company\/droix"]},{"@type":"Product","@id":"https:\/\/droix.eu\/pt-pt\/product\/capa-protetora-gpd-para-p2-max-pocket-3-e-win-max\/#wooCommerceProduct","name":"Capa protetora GPD POCKET para P2 Max , Pocket 3 e Win Max","description":"Produto oficial do GPD\n \tConcebido para o P2 Max, Pocket 3 e WIN Max\n \tTextura suave","url":"https:\/\/droix.eu\/pt-pt\/product\/capa-protetora-gpd-para-p2-max-pocket-3-e-win-max\/","sku":"GPD-PROTECTIVE-CASE-P2-MAX-WIN-MAX","gtin":"5060763670358","image":{"@type":"ImageObject","url":"https:\/\/droix.eu\/wp-content\/uploads\/2021\/12\/GPD-P2-MAX-CASE-LISTING-PICTURE-1.png","@id":"https:\/\/droix.eu\/pt-pt\/product\/capa-protetora-gpd-para-p2-max-pocket-3-e-win-max\/#productImage","width":700,"height":700,"caption":"GPD P2 Max Estojo de prote\u00e7\u00e3o"},"offers":{"@type":"Offer","url":"https:\/\/droix.eu\/pt-pt\/product\/capa-protetora-gpd-para-p2-max-pocket-3-e-win-max\/#wooCommerceOffer","price":27.63,"priceCurrency":"EUR","category":"Acess\u00f3rios","availability":"https:\/\/schema.org\/OutOfStock","priceSpecification":{"@type":"PriceSpecification","price":27.63,"priceCurrency":"EUR","valueAddedTaxIncluded":"true"},"seller":{"@type":"Organization","@id":"https:\/\/droix.eu\/pt-pt\/#organization"}}},{"@type":"WebPage","@id":"https:\/\/droix.eu\/pt-pt\/product\/capa-protetora-gpd-para-p2-max-pocket-3-e-win-max\/#webpage","url":"https:\/\/droix.eu\/pt-pt\/product\/capa-protetora-gpd-para-p2-max-pocket-3-e-win-max\/","name":"Capa protetora GPD POCKET para P2 Max , Pocket 3 e Win Max - DROIX EU","description":"Produto oficial do GPD Concebido para o P2 Max, Pocket 3 e WIN Max Textura suave","inLanguage":"pt-PT","isPartOf":{"@id":"https:\/\/droix.eu\/pt-pt\/#website"},"breadcrumb":{"@id":"https:\/\/droix.eu\/pt-pt\/product\/capa-protetora-gpd-para-p2-max-pocket-3-e-win-max\/#breadcrumblist"},"image":{"@type":"ImageObject","url":"https:\/\/droix.eu\/wp-content\/uploads\/2021\/12\/GPD-P2-MAX-CASE-LISTING-PICTURE-1.png","@id":"https:\/\/droix.eu\/pt-pt\/product\/capa-protetora-gpd-para-p2-max-pocket-3-e-win-max\/#mainImage","width":700,"height":700,"caption":"GPD P2 Max Estojo de prote\u00e7\u00e3o"},"primaryImageOfPage":{"@id":"https:\/\/droix.eu\/pt-pt\/product\/capa-protetora-gpd-para-p2-max-pocket-3-e-win-max\/#mainImage"},"datePublished":"2020-11-27T15:45:33+00:00","dateModified":"2025-08-18T15:05:29+01:00"},{"@type":"WebSite","@id":"https:\/\/droix.eu\/pt-pt\/#website","url":"https:\/\/droix.eu\/pt-pt\/","name":"DROIX EU","description":"Get the latest Mini PCs, Ultrabook, PC Gaming Handhelds and more!","inLanguage":"pt-PT","publisher":{"@id":"https:\/\/droix.eu\/pt-pt\/#organization"}}]},"og:locale":"pt_PT","og:site_name":"DROIX EU - Get the latest Mini PCs, Ultrabook, PC Gaming Handhelds and more!","og:type":"article","og:title":"Capa protetora GPD POCKET para P2 Max , Pocket 3 e Win Max - DROIX EU","og:description":"Produto oficial do GPD Concebido para o P2 Max, Pocket 3 e WIN Max Textura suave","og:url":"https:\/\/droix.eu\/pt-pt\/product\/capa-protetora-gpd-para-p2-max-pocket-3-e-win-max\/","og:image":"https:\/\/droix.eu\/wp-content\/uploads\/2024\/06\/droix-v2-light-logo.png","og:image:secure_url":"https:\/\/droix.eu\/wp-content\/uploads\/2024\/06\/droix-v2-light-logo.png","og:image:width":380,"og:image:height":118,"article:published_time":"2020-11-27T15:45:33+00:00","article:modified_time":"2025-08-18T14:05:29+00:00","article:publisher":"https:\/\/www.facebook.com\/DroiX.Store","twitter:card":"summary_large_image","twitter:site":"@DroiX_Store","twitter:title":"Capa protetora GPD POCKET para P2 Max , Pocket 3 e Win Max - DROIX EU","twitter:description":"Produto oficial do GPD Concebido para o P2 Max, Pocket 3 e WIN Max Textura suave","twitter:image":"https:\/\/droix.eu\/wp-content\/uploads\/2024\/06\/droix-v2-light-logo.png"},"aioseo_meta_data":{"post_id":"564987","title":null,"description":null,"keywords":null,"keyphrases":null,"primary_term":null,"canonical_url":null,"og_title":null,"og_description":null,"og_object_type":"default","og_image_type":"default","og_image_url":null,"og_image_width":null,"og_image_height":null,"og_image_custom_url":null,"og_image_custom_fields":null,"og_video":null,"og_custom_url":null,"og_article_section":null,"og_article_tags":null,"twitter_use_og":true,"twitter_card":"default","twitter_image_type":"default","twitter_image_url":null,"twitter_image_custom_url":null,"twitter_image_custom_fields":null,"twitter_title":null,"twitter_description":null,"schema":{"blockGraphs":[],"customGraphs":[],"default":{"data":{"Article":[],"Course":[],"Dataset":[],"FAQPage":[],"Movie":[],"Person":[],"Product":[],"ProductReview":[],"Car":[],"Recipe":[],"Service":[],"SoftwareApplication":[],"WebPage":[]},"graphName":"","isEnabled":true},"graphs":[]},"schema_type":"default","schema_type_options":null,"pillar_content":false,"robots_default":true,"robots_noindex":false,"robots_noarchive":false,"robots_nosnippet":false,"robots_nofollow":false,"robots_noimageindex":false,"robots_noodp":false,"robots_notranslate":false,"robots_max_snippet":null,"robots_max_videopreview":null,"robots_max_imagepreview":"large","priority":null,"frequency":null,"local_seo":null,"seo_analyzer_scan_date":"2025-10-24 08:24:00","breadcrumb_settings":null,"limit_modified_date":false,"reviewed_by":null,"open_ai":null,"ai":null,"created":"2025-10-09 03:37:05","updated":"2025-11-27 01:44:17"},"aioseo_breadcrumb":"<div class=\"aioseo-breadcrumbs\"><span class=\"aioseo-breadcrumb\">\n\t<a href=\"https:\/\/droix.eu\/pt-pt\/\" title=\"Home\">Home<\/a>\n<\/span><span class=\"aioseo-breadcrumb-separator\">&raquo;<\/span><span class=\"aioseo-breadcrumb\">\n\t<a href=\"https:\/\/droix.eu\/pt-pt\/product-category\/acessorios\/\" title=\"Acess\u00f3rios\">Acess\u00f3rios<\/a>\n<\/span><span class=\"aioseo-breadcrumb-separator\">&raquo;<\/span><span class=\"aioseo-breadcrumb\">\n\t<a href=\"https:\/\/droix.eu\/pt-pt\/product-category\/acessorios\/acessorios-para-computadores-portateis\/\" title=\"Acess\u00f3rios para computadores port\u00e1teis\">Acess\u00f3rios para computadores port\u00e1teis<\/a>\n<\/span><span class=\"aioseo-breadcrumb-separator\">&raquo;<\/span><span class=\"aioseo-breadcrumb\">\n\tCapa protetora GPD POCKET para P2 Max , Pocket 3 e Win Max\n<\/span><\/div>","aioseo_breadcrumb_json":[{"label":"Home","link":"https:\/\/droix.eu\/pt-pt\/"},{"label":"Acess\u00f3rios","link":"https:\/\/droix.eu\/pt-pt\/product-category\/acessorios\/"},{"label":"Acess\u00f3rios para computadores port\u00e1teis","link":"https:\/\/droix.eu\/pt-pt\/product-category\/acessorios\/acessorios-para-computadores-portateis\/"},{"label":"Capa protetora GPD POCKET para P2 Max , Pocket 3 e Win Max","link":"https:\/\/droix.eu\/pt-pt\/product\/capa-protetora-gpd-para-p2-max-pocket-3-e-win-max\/"}],"_links":{"self":[{"href":"https:\/\/droix.eu\/pt-pt\/wp-json\/wp\/v2\/product\/564987","targetHints":{"allow":["GET"]}}],"collection":[{"href":"https:\/\/droix.eu\/pt-pt\/wp-json\/wp\/v2\/product"}],"about":[{"href":"https:\/\/droix.eu\/pt-pt\/wp-json\/wp\/v2\/types\/product"}],"version-history":[{"count":0,"href":"https:\/\/droix.eu\/pt-pt\/wp-json\/wp\/v2\/product\/564987\/revisions"}],"wp:featuredmedia":[{"embeddable":true,"href":"https:\/\/droix.eu\/pt-pt\/wp-json\/wp\/v2\/media\/564988"}],"wp:attachment":[{"href":"https:\/\/droix.eu\/pt-pt\/wp-json\/wp\/v2\/media?parent=564987"}],"wp:term":[{"taxonomy":"product_brand","embeddable":true,"href":"https:\/\/droix.eu\/pt-pt\/wp-json\/wp\/v2\/product_brand?post=564987"},{"taxonomy":"product_cat","embeddable":true,"href":"https:\/\/droix.eu\/pt-pt\/wp-json\/wp\/v2\/product_cat?post=564987"},{"taxonomy":"product_tag","embeddable":true,"href":"https:\/\/droix.eu\/pt-pt\/wp-json\/wp\/v2\/product_tag?post=564987"},{"taxonomy":"woo-feed-brand","embeddable":true,"href":"https:\/\/droix.eu\/pt-pt\/wp-json\/wp\/v2\/woo-feed-brand?post=564987"},{"taxonomy":"key-features","embeddable":true,"href":"https:\/\/droix.eu\/pt-pt\/wp-json\/wp\/v2\/key-features?post=564987"}],"curies":[{"name":"wp","href":"https:\/\/api.w.org\/{rel}","templated":true}]}}