{"id":564973,"date":"2020-11-20T10:02:39","date_gmt":"2020-11-20T10:02:39","guid":{"rendered":"https:\/\/droix.eu\/product\/hub-usb-tipo-c-fx8s\/"},"modified":"2025-09-05T15:01:21","modified_gmt":"2025-09-05T14:01:21","slug":"hub-usb-tipo-c-fx8s","status":"publish","type":"product","link":"https:\/\/droix.eu\/pt-pt\/product\/hub-usb-tipo-c-fx8s\/","title":{"rendered":"Hub USB tipo C FX8S"},"content":{"rendered":"<p>O <strong>adaptador<\/strong> FX8s <strong>USB-C Hub 8 em 1<\/strong> re\u00fane as portas mais necess\u00e1rias num <strong>Hub USB-C<\/strong> compacto e de elevado desempenho.<\/p>\n<p>O <strong>hub USB-C<\/strong> FX8s liga-se \u00e0 tua porta USB Type-C e \u00e9 tamb\u00e9m compat\u00edvel com <a href=\"https:\/\/www.pocket-lint.com\/laptops\/news\/139323-thunderbolt-3-explained-the-one-port-to-rule-them-all\">Thunderbolt 3<\/a>. Fornece um gateway de alta velocidade do teu dispositivo, como um PC ou port\u00e1til, para o hub, e tamb\u00e9m permite o carregamento durante a utiliza\u00e7\u00e3o. <\/p>\n<p>A porta <strong>HDMI do concentrador USB-C<\/strong> suporta at\u00e9 <strong>4K*2K UHD<\/strong> (3840&#215;2160) a 60Hz para liga\u00e7\u00e3o a dispositivos de visualiza\u00e7\u00e3o, como televisores, monitores ou projectores. Basta ligar um cabo HDMI ao hub e ao teu ecr\u00e3 e est\u00e1s pronto para come\u00e7ar. <\/p>\n<p>Duas <strong>portas USB 3.0<\/strong> de alta velocidade est\u00e3o localizadas na parte lateral e permitem ligar dispositivos como um rato ou teclado ou perif\u00e9ricos de alta velocidade, como cart\u00f5es de mem\u00f3ria USB e discos r\u00edgidos externos. Fornece at\u00e9 4,5 W de pot\u00eancia m\u00e1xima. <\/p>\n<p>A <strong>porta USB Type-C<\/strong> f\u00eamea suporta adaptadores de corrente at\u00e9 87 W e tamb\u00e9m pode produzir 20 V a 3 A. A funcionalidade dupla permite-te carregar o teu dispositivo atrav\u00e9s do hub enquanto o utilizas, o que \u00e9 uma solu\u00e7\u00e3o perfeita se o teu dispositivo s\u00f3 tiver uma porta Tipo C. Tamb\u00e9m podes ligar <a href=\"https:\/\/www.computerworld.com\/article\/2488194\/usb-c-explained-how-to-get-the-most-from-it-and-why-its-great.html\">perif\u00e9ricos Type-C<\/a> compat\u00edveis ao hub atrav\u00e9s desta porta.  <\/p>\n<p>Muitos dispositivos port\u00e1teis t\u00eam agora apenas conetividade sem fios e, muitas vezes, esta pode n\u00e3o ser suficientemente r\u00e1pida ou fi\u00e1vel. A porta RJ45 <strong>ethernet do concentrador USB-C<\/strong> suporta at\u00e9 100 Mbps para uma transfer\u00eancia de dados com fios r\u00e1pida e est\u00e1vel. <\/p>\n<p>O hub FX8s tamb\u00e9m tem um <strong>leitor de cart\u00f5es<\/strong> SD e Micro SD <strong>USB-C<\/strong> que proporciona uma escrita e leitura fi\u00e1veis e de alta velocidade de e para os cart\u00f5es no teu dispositivo.<\/p>\n","protected":false},"excerpt":{"rendered":"<ul>\n<li>Adaptador USB tipo C <strong>de alta velocidade<\/strong> <\/li>\n<li>Sa\u00edda HDMI <strong>4K<\/strong> <\/li>\n<li>Porta Ethernet RJ45 <strong>100M\/s<\/strong> <\/li>\n<li>Ranhura para cart\u00e3o SD\/MicroSD<\/li>\n<li>Compat\u00edvel com <strong>Windows<\/strong><strong>, Mac<\/strong> e <strong>Android<\/strong><\/li>\n<\/ul>\n[droix_global_accordions]\n[cg_accordion title=\"Package Includes\"]<\/p>\n<ul>\n<li>1x Hub USB Tipo C FX8S<\/li>\n<\/ul>\n<p>[\/cg_accordion]\n","protected":false},"featured_media":564975,"template":"","meta":{"_acf_changed":false},"product_brand":[],"product_cat":[39667,40181,39670,39671],"product_tag":[],"woo-feed-brand":[],"key-features":[],"class_list":{"0":"post-564973","1":"product","2":"type-product","3":"status-publish","4":"has-post-thumbnail","6":"product_cat-acessorios","7":"product_cat-acessorios-para-computador","8":"product_cat-acessorios-para-computadores-portateis","9":"product_cat-acessorios-para-jogos","10":"product_shipping_class-low-end","11":"pa_accessory-type-docking-station","12":"pa_brands-droix-pt-pt","14":"first","15":"outofstock","16":"taxable","17":"shipping-taxable","18":"purchasable","19":"product-type-simple"},"acf":[],"aioseo_notices":[],"aioseo_head":"\n\t\t<!-- All in One SEO Pro 4.9.6.2 - aioseo.com -->\n\t<meta name=\"description\" content=\"Adaptador USB tipo C de alta velocidade Sa\u00edda HDMI 4K Porta Ethernet RJ45 100M\/s Ranhura para cart\u00e3o SD\/MicroSD Compat\u00edvel com Windows, Mac e Android Package Includes 1x Hub USB Tipo C FX8S\" \/>\n\t<meta name=\"robots\" content=\"max-image-preview:large\" \/>\n\t<link rel=\"canonical\" href=\"https:\/\/droix.eu\/pt-pt\/product\/hub-usb-tipo-c-fx8s\/\" \/>\n\t<meta name=\"generator\" content=\"All in One SEO Pro (AIOSEO) 4.9.6.2\" \/>\n\t\t<meta property=\"og:locale\" content=\"pt_PT\" \/>\n\t\t<meta property=\"og:site_name\" content=\"DROIX EU - Get the latest Mini PCs, Ultrabook, PC Gaming Handhelds and more!\" \/>\n\t\t<meta property=\"og:type\" content=\"article\" \/>\n\t\t<meta property=\"og:title\" content=\"Hub USB tipo C FX8S - DROIX EU\" \/>\n\t\t<meta property=\"og:description\" content=\"Adaptador USB tipo C de alta velocidade Sa\u00edda HDMI 4K Porta Ethernet RJ45 100M\/s Ranhura para cart\u00e3o SD\/MicroSD Compat\u00edvel com Windows, Mac e Android Package Includes 1x Hub USB Tipo C FX8S\" \/>\n\t\t<meta property=\"og:url\" content=\"https:\/\/droix.eu\/pt-pt\/product\/hub-usb-tipo-c-fx8s\/\" \/>\n\t\t<meta property=\"og:image\" content=\"https:\/\/droix.eu\/wp-content\/uploads\/2024\/06\/droix-v2-light-logo.png\" \/>\n\t\t<meta property=\"og:image:secure_url\" content=\"https:\/\/droix.eu\/wp-content\/uploads\/2024\/06\/droix-v2-light-logo.png\" \/>\n\t\t<meta property=\"og:image:width\" content=\"380\" \/>\n\t\t<meta property=\"og:image:height\" content=\"118\" \/>\n\t\t<meta property=\"article:published_time\" content=\"2020-11-20T10:02:39+00:00\" \/>\n\t\t<meta property=\"article:modified_time\" content=\"2025-09-05T14:01:21+00:00\" \/>\n\t\t<meta property=\"article:publisher\" content=\"https:\/\/www.facebook.com\/DroiX.Store\" \/>\n\t\t<meta name=\"twitter:card\" content=\"summary_large_image\" \/>\n\t\t<meta name=\"twitter:site\" content=\"@DroiX_Store\" \/>\n\t\t<meta name=\"twitter:title\" content=\"Hub USB tipo C FX8S - DROIX EU\" \/>\n\t\t<meta name=\"twitter:description\" content=\"Adaptador USB tipo C de alta velocidade Sa\u00edda HDMI 4K Porta Ethernet RJ45 100M\/s Ranhura para cart\u00e3o SD\/MicroSD Compat\u00edvel com Windows, Mac e Android Package Includes 1x Hub USB Tipo C FX8S\" \/>\n\t\t<meta name=\"twitter:image\" content=\"https:\/\/droix.eu\/wp-content\/uploads\/2024\/06\/droix-v2-light-logo.png\" \/>\n\t\t<script type=\"application\/ld+json\" class=\"aioseo-schema\">\n\t\t\t{\"@context\":\"https:\\\/\\\/schema.org\",\"@graph\":[{\"@type\":\"BreadcrumbList\",\"@id\":\"https:\\\/\\\/droix.eu\\\/pt-pt\\\/product\\\/hub-usb-tipo-c-fx8s\\\/#breadcrumblist\",\"itemListElement\":[{\"@type\":\"ListItem\",\"@id\":\"https:\\\/\\\/droix.eu\\\/pt-pt\\\/#listItem\",\"position\":1,\"name\":\"Home\",\"item\":\"https:\\\/\\\/droix.eu\\\/pt-pt\\\/\",\"nextItem\":{\"@type\":\"ListItem\",\"@id\":\"https:\\\/\\\/droix.eu\\\/pt-pt\\\/product-category\\\/acessorios\\\/#listItem\",\"name\":\"Acess\\u00f3rios\"}},{\"@type\":\"ListItem\",\"@id\":\"https:\\\/\\\/droix.eu\\\/pt-pt\\\/product-category\\\/acessorios\\\/#listItem\",\"position\":2,\"name\":\"Acess\\u00f3rios\",\"item\":\"https:\\\/\\\/droix.eu\\\/pt-pt\\\/product-category\\\/acessorios\\\/\",\"nextItem\":{\"@type\":\"ListItem\",\"@id\":\"https:\\\/\\\/droix.eu\\\/pt-pt\\\/product-category\\\/acessorios\\\/acessorios-para-computadores-portateis\\\/#listItem\",\"name\":\"Acess\\u00f3rios para computadores port\\u00e1teis\"},\"previousItem\":{\"@type\":\"ListItem\",\"@id\":\"https:\\\/\\\/droix.eu\\\/pt-pt\\\/#listItem\",\"name\":\"Home\"}},{\"@type\":\"ListItem\",\"@id\":\"https:\\\/\\\/droix.eu\\\/pt-pt\\\/product-category\\\/acessorios\\\/acessorios-para-computadores-portateis\\\/#listItem\",\"position\":3,\"name\":\"Acess\\u00f3rios para computadores port\\u00e1teis\",\"item\":\"https:\\\/\\\/droix.eu\\\/pt-pt\\\/product-category\\\/acessorios\\\/acessorios-para-computadores-portateis\\\/\",\"nextItem\":{\"@type\":\"ListItem\",\"@id\":\"https:\\\/\\\/droix.eu\\\/pt-pt\\\/product\\\/hub-usb-tipo-c-fx8s\\\/#listItem\",\"name\":\"Hub USB tipo C FX8S\"},\"previousItem\":{\"@type\":\"ListItem\",\"@id\":\"https:\\\/\\\/droix.eu\\\/pt-pt\\\/product-category\\\/acessorios\\\/#listItem\",\"name\":\"Acess\\u00f3rios\"}},{\"@type\":\"ListItem\",\"@id\":\"https:\\\/\\\/droix.eu\\\/pt-pt\\\/product\\\/hub-usb-tipo-c-fx8s\\\/#listItem\",\"position\":4,\"name\":\"Hub USB tipo C FX8S\",\"previousItem\":{\"@type\":\"ListItem\",\"@id\":\"https:\\\/\\\/droix.eu\\\/pt-pt\\\/product-category\\\/acessorios\\\/acessorios-para-computadores-portateis\\\/#listItem\",\"name\":\"Acess\\u00f3rios para computadores port\\u00e1teis\"}}]},{\"@type\":\"Organization\",\"@id\":\"https:\\\/\\\/droix.eu\\\/pt-pt\\\/#organization\",\"name\":\"DroiX \\u2013 Trusted EU Tech Retailer with 12+ Years Experience\",\"description\":\"DroiX is a leading European technology retailer with over 12 years of experience, offering quality mini PCs, handheld gaming consoles, and tech accessories. We provide hassle-free EU delivery with all taxes included, ensuring a smooth and reliable shopping experience for our customers across Europe.\",\"url\":\"https:\\\/\\\/droix.eu\\\/pt-pt\\\/\",\"logo\":{\"@type\":\"ImageObject\",\"url\":\"https:\\\/\\\/droix.eu\\\/wp-content\\\/uploads\\\/2024\\\/06\\\/droix-v2-light-logo.png\",\"@id\":\"https:\\\/\\\/droix.eu\\\/pt-pt\\\/product\\\/hub-usb-tipo-c-fx8s\\\/#organizationLogo\",\"width\":380,\"height\":118},\"image\":{\"@id\":\"https:\\\/\\\/droix.eu\\\/pt-pt\\\/product\\\/hub-usb-tipo-c-fx8s\\\/#organizationLogo\"},\"sameAs\":[\"https:\\\/\\\/www.facebook.com\\\/DroiX.Store\",\"https:\\\/\\\/twitter.com\\\/DroiX_Store\",\"https:\\\/\\\/www.instagram.com\\\/droix.store\\\/\",\"https:\\\/\\\/www.tiktok.com\\\/@droix.store\",\"https:\\\/\\\/www.youtube.com\\\/c\\\/DroiX_Store\",\"https:\\\/\\\/uk.linkedin.com\\\/company\\\/droix\"]},{\"@type\":\"Product\",\"@id\":\"https:\\\/\\\/droix.eu\\\/pt-pt\\\/product\\\/hub-usb-tipo-c-fx8s\\\/#wooCommerceProduct\",\"name\":\"Hub USB tipo C FX8S\",\"description\":\"Adaptador USB tipo C de alta velocidade \\n \\tSa\\u00edda HDMI 4K \\n \\tPorta Ethernet RJ45 100M\\\/s \\n \\tRanhura para cart\\u00e3o SD\\\/MicroSD\\n \\tCompat\\u00edvel com Windows, Mac e Android\",\"url\":\"https:\\\/\\\/droix.eu\\\/pt-pt\\\/product\\\/hub-usb-tipo-c-fx8s\\\/\",\"sku\":\"DX-FX8-S-USB-TYPE-C-ADAPTER\",\"image\":{\"@type\":\"ImageObject\",\"url\":\"https:\\\/\\\/droix.eu\\\/wp-content\\\/uploads\\\/2021\\\/12\\\/1-2.png\",\"@id\":\"https:\\\/\\\/droix.eu\\\/pt-pt\\\/product\\\/hub-usb-tipo-c-fx8s\\\/#productImage\",\"width\":670,\"height\":840,\"caption\":\"DroiX FX8s - Apresenta 2 portas USB Tipo C, 1 HDMI, 2 USB Tipo A, 1 porta para cart\\u00e3o SD e 1 porta MicroSD\"},\"offers\":{\"@type\":\"Offer\",\"url\":\"https:\\\/\\\/droix.eu\\\/pt-pt\\\/product\\\/hub-usb-tipo-c-fx8s\\\/#wooCommerceOffer\",\"price\":33.2,\"priceCurrency\":\"EUR\",\"category\":\"Acess\\u00f3rios\",\"priceValidUntil\":\"2024-05-26\",\"availability\":\"https:\\\/\\\/schema.org\\\/OutOfStock\",\"priceSpecification\":{\"@type\":\"PriceSpecification\",\"price\":33.2,\"priceCurrency\":\"EUR\",\"valueAddedTaxIncluded\":\"true\"},\"seller\":{\"@type\":\"Organization\",\"@id\":\"https:\\\/\\\/droix.eu\\\/pt-pt\\\/#organization\"}}},{\"@type\":\"WebPage\",\"@id\":\"https:\\\/\\\/droix.eu\\\/pt-pt\\\/product\\\/hub-usb-tipo-c-fx8s\\\/#webpage\",\"url\":\"https:\\\/\\\/droix.eu\\\/pt-pt\\\/product\\\/hub-usb-tipo-c-fx8s\\\/\",\"name\":\"Hub USB tipo C FX8S - DROIX EU\",\"description\":\"Adaptador USB tipo C de alta velocidade Sa\\u00edda HDMI 4K Porta Ethernet RJ45 100M\\\/s Ranhura para cart\\u00e3o SD\\\/MicroSD Compat\\u00edvel com Windows, Mac e Android Package Includes 1x Hub USB Tipo C FX8S\",\"inLanguage\":\"pt-PT\",\"isPartOf\":{\"@id\":\"https:\\\/\\\/droix.eu\\\/pt-pt\\\/#website\"},\"breadcrumb\":{\"@id\":\"https:\\\/\\\/droix.eu\\\/pt-pt\\\/product\\\/hub-usb-tipo-c-fx8s\\\/#breadcrumblist\"},\"image\":{\"@type\":\"ImageObject\",\"url\":\"https:\\\/\\\/droix.eu\\\/wp-content\\\/uploads\\\/2021\\\/12\\\/1-2.png\",\"@id\":\"https:\\\/\\\/droix.eu\\\/pt-pt\\\/product\\\/hub-usb-tipo-c-fx8s\\\/#mainImage\",\"width\":670,\"height\":840,\"caption\":\"DroiX FX8s - Apresenta 2 portas USB Tipo C, 1 HDMI, 2 USB Tipo A, 1 porta para cart\\u00e3o SD e 1 porta MicroSD\"},\"primaryImageOfPage\":{\"@id\":\"https:\\\/\\\/droix.eu\\\/pt-pt\\\/product\\\/hub-usb-tipo-c-fx8s\\\/#mainImage\"},\"datePublished\":\"2020-11-20T10:02:39+00:00\",\"dateModified\":\"2025-09-05T15:01:21+01:00\"},{\"@type\":\"WebSite\",\"@id\":\"https:\\\/\\\/droix.eu\\\/pt-pt\\\/#website\",\"url\":\"https:\\\/\\\/droix.eu\\\/pt-pt\\\/\",\"name\":\"DROIX EU\",\"description\":\"Get the latest Mini PCs, Ultrabook, PC Gaming Handhelds and more!\",\"inLanguage\":\"pt-PT\",\"publisher\":{\"@id\":\"https:\\\/\\\/droix.eu\\\/pt-pt\\\/#organization\"}}]}\n\t\t<\/script>\n\t\t<!-- All in One SEO Pro -->\r\n\t\t<title>Hub USB tipo C FX8S - DROIX EU<\/title>\n\n","aioseo_head_json":{"title":"Hub USB tipo C FX8S - DROIX EU","description":"Adaptador USB tipo C de alta velocidade Sa\u00edda HDMI 4K Porta Ethernet RJ45 100M\/s Ranhura para cart\u00e3o SD\/MicroSD Compat\u00edvel com Windows, Mac e Android Package Includes 1x Hub USB Tipo C FX8S","canonical_url":"https:\/\/droix.eu\/pt-pt\/product\/hub-usb-tipo-c-fx8s\/","robots":"max-image-preview:large","keywords":"","webmasterTools":{"miscellaneous":""},"schema":{"@context":"https:\/\/schema.org","@graph":[{"@type":"BreadcrumbList","@id":"https:\/\/droix.eu\/pt-pt\/product\/hub-usb-tipo-c-fx8s\/#breadcrumblist","itemListElement":[{"@type":"ListItem","@id":"https:\/\/droix.eu\/pt-pt\/#listItem","position":1,"name":"Home","item":"https:\/\/droix.eu\/pt-pt\/","nextItem":{"@type":"ListItem","@id":"https:\/\/droix.eu\/pt-pt\/product-category\/acessorios\/#listItem","name":"Acess\u00f3rios"}},{"@type":"ListItem","@id":"https:\/\/droix.eu\/pt-pt\/product-category\/acessorios\/#listItem","position":2,"name":"Acess\u00f3rios","item":"https:\/\/droix.eu\/pt-pt\/product-category\/acessorios\/","nextItem":{"@type":"ListItem","@id":"https:\/\/droix.eu\/pt-pt\/product-category\/acessorios\/acessorios-para-computadores-portateis\/#listItem","name":"Acess\u00f3rios para computadores port\u00e1teis"},"previousItem":{"@type":"ListItem","@id":"https:\/\/droix.eu\/pt-pt\/#listItem","name":"Home"}},{"@type":"ListItem","@id":"https:\/\/droix.eu\/pt-pt\/product-category\/acessorios\/acessorios-para-computadores-portateis\/#listItem","position":3,"name":"Acess\u00f3rios para computadores port\u00e1teis","item":"https:\/\/droix.eu\/pt-pt\/product-category\/acessorios\/acessorios-para-computadores-portateis\/","nextItem":{"@type":"ListItem","@id":"https:\/\/droix.eu\/pt-pt\/product\/hub-usb-tipo-c-fx8s\/#listItem","name":"Hub USB tipo C FX8S"},"previousItem":{"@type":"ListItem","@id":"https:\/\/droix.eu\/pt-pt\/product-category\/acessorios\/#listItem","name":"Acess\u00f3rios"}},{"@type":"ListItem","@id":"https:\/\/droix.eu\/pt-pt\/product\/hub-usb-tipo-c-fx8s\/#listItem","position":4,"name":"Hub USB tipo C FX8S","previousItem":{"@type":"ListItem","@id":"https:\/\/droix.eu\/pt-pt\/product-category\/acessorios\/acessorios-para-computadores-portateis\/#listItem","name":"Acess\u00f3rios para computadores port\u00e1teis"}}]},{"@type":"Organization","@id":"https:\/\/droix.eu\/pt-pt\/#organization","name":"DroiX \u2013 Trusted EU Tech Retailer with 12+ Years Experience","description":"DroiX is a leading European technology retailer with over 12 years of experience, offering quality mini PCs, handheld gaming consoles, and tech accessories. We provide hassle-free EU delivery with all taxes included, ensuring a smooth and reliable shopping experience for our customers across Europe.","url":"https:\/\/droix.eu\/pt-pt\/","logo":{"@type":"ImageObject","url":"https:\/\/droix.eu\/wp-content\/uploads\/2024\/06\/droix-v2-light-logo.png","@id":"https:\/\/droix.eu\/pt-pt\/product\/hub-usb-tipo-c-fx8s\/#organizationLogo","width":380,"height":118},"image":{"@id":"https:\/\/droix.eu\/pt-pt\/product\/hub-usb-tipo-c-fx8s\/#organizationLogo"},"sameAs":["https:\/\/www.facebook.com\/DroiX.Store","https:\/\/twitter.com\/DroiX_Store","https:\/\/www.instagram.com\/droix.store\/","https:\/\/www.tiktok.com\/@droix.store","https:\/\/www.youtube.com\/c\/DroiX_Store","https:\/\/uk.linkedin.com\/company\/droix"]},{"@type":"Product","@id":"https:\/\/droix.eu\/pt-pt\/product\/hub-usb-tipo-c-fx8s\/#wooCommerceProduct","name":"Hub USB tipo C FX8S","description":"Adaptador USB tipo C de alta velocidade \n \tSa\u00edda HDMI 4K \n \tPorta Ethernet RJ45 100M\/s \n \tRanhura para cart\u00e3o SD\/MicroSD\n \tCompat\u00edvel com Windows, Mac e Android","url":"https:\/\/droix.eu\/pt-pt\/product\/hub-usb-tipo-c-fx8s\/","sku":"DX-FX8-S-USB-TYPE-C-ADAPTER","image":{"@type":"ImageObject","url":"https:\/\/droix.eu\/wp-content\/uploads\/2021\/12\/1-2.png","@id":"https:\/\/droix.eu\/pt-pt\/product\/hub-usb-tipo-c-fx8s\/#productImage","width":670,"height":840,"caption":"DroiX FX8s - Apresenta 2 portas USB Tipo C, 1 HDMI, 2 USB Tipo A, 1 porta para cart\u00e3o SD e 1 porta MicroSD"},"offers":{"@type":"Offer","url":"https:\/\/droix.eu\/pt-pt\/product\/hub-usb-tipo-c-fx8s\/#wooCommerceOffer","price":33.2,"priceCurrency":"EUR","category":"Acess\u00f3rios","priceValidUntil":"2024-05-26","availability":"https:\/\/schema.org\/OutOfStock","priceSpecification":{"@type":"PriceSpecification","price":33.2,"priceCurrency":"EUR","valueAddedTaxIncluded":"true"},"seller":{"@type":"Organization","@id":"https:\/\/droix.eu\/pt-pt\/#organization"}}},{"@type":"WebPage","@id":"https:\/\/droix.eu\/pt-pt\/product\/hub-usb-tipo-c-fx8s\/#webpage","url":"https:\/\/droix.eu\/pt-pt\/product\/hub-usb-tipo-c-fx8s\/","name":"Hub USB tipo C FX8S - DROIX EU","description":"Adaptador USB tipo C de alta velocidade Sa\u00edda HDMI 4K Porta Ethernet RJ45 100M\/s Ranhura para cart\u00e3o SD\/MicroSD Compat\u00edvel com Windows, Mac e Android Package Includes 1x Hub USB Tipo C FX8S","inLanguage":"pt-PT","isPartOf":{"@id":"https:\/\/droix.eu\/pt-pt\/#website"},"breadcrumb":{"@id":"https:\/\/droix.eu\/pt-pt\/product\/hub-usb-tipo-c-fx8s\/#breadcrumblist"},"image":{"@type":"ImageObject","url":"https:\/\/droix.eu\/wp-content\/uploads\/2021\/12\/1-2.png","@id":"https:\/\/droix.eu\/pt-pt\/product\/hub-usb-tipo-c-fx8s\/#mainImage","width":670,"height":840,"caption":"DroiX FX8s - Apresenta 2 portas USB Tipo C, 1 HDMI, 2 USB Tipo A, 1 porta para cart\u00e3o SD e 1 porta MicroSD"},"primaryImageOfPage":{"@id":"https:\/\/droix.eu\/pt-pt\/product\/hub-usb-tipo-c-fx8s\/#mainImage"},"datePublished":"2020-11-20T10:02:39+00:00","dateModified":"2025-09-05T15:01:21+01:00"},{"@type":"WebSite","@id":"https:\/\/droix.eu\/pt-pt\/#website","url":"https:\/\/droix.eu\/pt-pt\/","name":"DROIX EU","description":"Get the latest Mini PCs, Ultrabook, PC Gaming Handhelds and more!","inLanguage":"pt-PT","publisher":{"@id":"https:\/\/droix.eu\/pt-pt\/#organization"}}]},"og:locale":"pt_PT","og:site_name":"DROIX EU - Get the latest Mini PCs, Ultrabook, PC Gaming Handhelds and more!","og:type":"article","og:title":"Hub USB tipo C FX8S - DROIX EU","og:description":"Adaptador USB tipo C de alta velocidade Sa\u00edda HDMI 4K Porta Ethernet RJ45 100M\/s Ranhura para cart\u00e3o SD\/MicroSD Compat\u00edvel com Windows, Mac e Android Package Includes 1x Hub USB Tipo C FX8S","og:url":"https:\/\/droix.eu\/pt-pt\/product\/hub-usb-tipo-c-fx8s\/","og:image":"https:\/\/droix.eu\/wp-content\/uploads\/2024\/06\/droix-v2-light-logo.png","og:image:secure_url":"https:\/\/droix.eu\/wp-content\/uploads\/2024\/06\/droix-v2-light-logo.png","og:image:width":380,"og:image:height":118,"article:published_time":"2020-11-20T10:02:39+00:00","article:modified_time":"2025-09-05T14:01:21+00:00","article:publisher":"https:\/\/www.facebook.com\/DroiX.Store","twitter:card":"summary_large_image","twitter:site":"@DroiX_Store","twitter:title":"Hub USB tipo C FX8S - DROIX EU","twitter:description":"Adaptador USB tipo C de alta velocidade Sa\u00edda HDMI 4K Porta Ethernet RJ45 100M\/s Ranhura para cart\u00e3o SD\/MicroSD Compat\u00edvel com Windows, Mac e Android Package Includes 1x Hub USB Tipo C FX8S","twitter:image":"https:\/\/droix.eu\/wp-content\/uploads\/2024\/06\/droix-v2-light-logo.png"},"aioseo_meta_data":{"post_id":"564973","title":null,"description":null,"keywords":null,"keyphrases":null,"primary_term":null,"canonical_url":null,"og_title":null,"og_description":null,"og_object_type":"default","og_image_type":"default","og_image_url":null,"og_image_width":null,"og_image_height":null,"og_image_custom_url":null,"og_image_custom_fields":null,"og_video":null,"og_custom_url":null,"og_article_section":null,"og_article_tags":null,"twitter_use_og":true,"twitter_card":"default","twitter_image_type":"default","twitter_image_url":null,"twitter_image_custom_url":null,"twitter_image_custom_fields":null,"twitter_title":null,"twitter_description":null,"schema":{"blockGraphs":[],"customGraphs":[],"default":{"data":{"Article":[],"Course":[],"Dataset":[],"FAQPage":[],"Movie":[],"Person":[],"Product":[],"ProductReview":[],"Car":[],"Recipe":[],"Service":[],"SoftwareApplication":[],"WebPage":[]},"graphName":"","isEnabled":true},"graphs":[]},"schema_type":"default","schema_type_options":null,"pillar_content":false,"robots_default":true,"robots_noindex":false,"robots_noarchive":false,"robots_nosnippet":false,"robots_nofollow":false,"robots_noimageindex":false,"robots_noodp":false,"robots_notranslate":false,"robots_max_snippet":null,"robots_max_videopreview":null,"robots_max_imagepreview":"large","priority":null,"frequency":null,"local_seo":null,"seo_analyzer_scan_date":"2025-10-24 08:03:33","breadcrumb_settings":null,"limit_modified_date":false,"reviewed_by":null,"open_ai":null,"ai":null,"created":"2025-10-09 03:30:41","updated":"2025-11-27 01:41:44"},"aioseo_breadcrumb":"<div class=\"aioseo-breadcrumbs\"><span class=\"aioseo-breadcrumb\">\n\t<a href=\"https:\/\/droix.eu\/pt-pt\/\" title=\"Home\">Home<\/a>\n<\/span><span class=\"aioseo-breadcrumb-separator\">&raquo;<\/span><span class=\"aioseo-breadcrumb\">\n\t<a href=\"https:\/\/droix.eu\/pt-pt\/product-category\/acessorios\/\" title=\"Acess\u00f3rios\">Acess\u00f3rios<\/a>\n<\/span><span class=\"aioseo-breadcrumb-separator\">&raquo;<\/span><span class=\"aioseo-breadcrumb\">\n\t<a href=\"https:\/\/droix.eu\/pt-pt\/product-category\/acessorios\/acessorios-para-computadores-portateis\/\" title=\"Acess\u00f3rios para computadores port\u00e1teis\">Acess\u00f3rios para computadores port\u00e1teis<\/a>\n<\/span><span class=\"aioseo-breadcrumb-separator\">&raquo;<\/span><span class=\"aioseo-breadcrumb\">\n\tHub USB tipo C FX8S\n<\/span><\/div>","aioseo_breadcrumb_json":[{"label":"Home","link":"https:\/\/droix.eu\/pt-pt\/"},{"label":"Acess\u00f3rios","link":"https:\/\/droix.eu\/pt-pt\/product-category\/acessorios\/"},{"label":"Acess\u00f3rios para computadores port\u00e1teis","link":"https:\/\/droix.eu\/pt-pt\/product-category\/acessorios\/acessorios-para-computadores-portateis\/"},{"label":"Hub USB tipo C FX8S","link":"https:\/\/droix.eu\/pt-pt\/product\/hub-usb-tipo-c-fx8s\/"}],"_links":{"self":[{"href":"https:\/\/droix.eu\/pt-pt\/wp-json\/wp\/v2\/product\/564973","targetHints":{"allow":["GET"]}}],"collection":[{"href":"https:\/\/droix.eu\/pt-pt\/wp-json\/wp\/v2\/product"}],"about":[{"href":"https:\/\/droix.eu\/pt-pt\/wp-json\/wp\/v2\/types\/product"}],"version-history":[{"count":0,"href":"https:\/\/droix.eu\/pt-pt\/wp-json\/wp\/v2\/product\/564973\/revisions"}],"wp:featuredmedia":[{"embeddable":true,"href":"https:\/\/droix.eu\/pt-pt\/wp-json\/wp\/v2\/media\/564975"}],"wp:attachment":[{"href":"https:\/\/droix.eu\/pt-pt\/wp-json\/wp\/v2\/media?parent=564973"}],"wp:term":[{"taxonomy":"product_brand","embeddable":true,"href":"https:\/\/droix.eu\/pt-pt\/wp-json\/wp\/v2\/product_brand?post=564973"},{"taxonomy":"product_cat","embeddable":true,"href":"https:\/\/droix.eu\/pt-pt\/wp-json\/wp\/v2\/product_cat?post=564973"},{"taxonomy":"product_tag","embeddable":true,"href":"https:\/\/droix.eu\/pt-pt\/wp-json\/wp\/v2\/product_tag?post=564973"},{"taxonomy":"woo-feed-brand","embeddable":true,"href":"https:\/\/droix.eu\/pt-pt\/wp-json\/wp\/v2\/woo-feed-brand?post=564973"},{"taxonomy":"key-features","embeddable":true,"href":"https:\/\/droix.eu\/pt-pt\/wp-json\/wp\/v2\/key-features?post=564973"}],"curies":[{"name":"wp","href":"https:\/\/api.w.org\/{rel}","templated":true}]}}