{"id":559150,"date":"2024-07-16T11:40:59","date_gmt":"2024-07-16T10:40:59","guid":{"rendered":"https:\/\/droix.eu\/product\/anbernic-rg-cube-saco\/"},"modified":"2026-03-27T12:33:53","modified_gmt":"2026-03-27T12:33:53","slug":"anbernic-rg-cube-saco","status":"publish","type":"product","link":"https:\/\/droix.eu\/pt-pt\/product\/anbernic-rg-cube-saco\/","title":{"rendered":"ANBERNIC RG Cube Saco"},"content":{"rendered":"\n<p>Nome do produto: Saco de armazenamento para consolas de jogos<br\/><br\/>Cor do produto: preto<br\/><br\/>Material do produto: tecido imperme\u00e1vel de alta qualidade<br\/><br\/>Modelo aplic\u00e1vel: para ANBERNIC RG Cube<\/p>\n\n<h3 class=\"wp-block-heading\">Carater\u00edsticas do produto:<\/h3>\n\n<p><br\/>1. Multifuncional: N\u00e3o s\u00f3 pode transportar a sua consola de jogos, como tamb\u00e9m pode guardar acess\u00f3rios como carregadores, auscultadores, cabos de dados, etc. Esta bolsa tem v\u00e1rias fun\u00e7\u00f5es para proteger melhor a sua consola de jogos e os seus acess\u00f3rios.<br\/><br\/>2. Leve e port\u00e1til: Adopta um design leve e \u00e9 muito pr\u00e1tico de transportar. Quer esteja a sair ou a utiliz\u00e1-la em casa, pode sempre colocar a consola de jogos e os acess\u00f3rios na mala de m\u00e3o, proporcionando uma prote\u00e7\u00e3o abrangente e um transporte pr\u00e1tico.<br\/><br\/>3. Garantia de qualidade: Fabricado com materiais de alta qualidade, \u00e9 mais duradouro e pode ser utilizado durante muito tempo sem desgaste e danos. Esta bolsa \u00e9 o melhor parceiro de prote\u00e7\u00e3o para a sua consola de jogos, proporcionando-lhe uma experi\u00eancia de jogo confort\u00e1vel e segura.<br\/><br\/>4. Apar\u00eancia moderna: O aspeto \u00e9 elegante e simples, o que n\u00e3o s\u00f3 protege a consola de jogos e os acess\u00f3rios, como tamb\u00e9m melhora o teu sentido de moda, fazendo com que te sintas confiante e encantador em qualquer ocasi\u00e3o.<br\/><br\/>5. Design port\u00e1til: O design tipo mala de m\u00e3o \u00e9 adequado para ser transportado em v\u00e1rios cen\u00e1rios, permitindo-te transportar a consola de jogos sem ocupar muito espa\u00e7o na m\u00e3o.<br\/><br\/>Peso bruto do produto: 130g<br\/><br\/>O pacote inclui: Saco de armazenamento para consola de jogos * 1<\/p>\n\n<figure class=\"wp-block-image\"><img decoding=\"async\" src=\"https:\/\/ae01.alicdn.com\/kf\/S47af09c6805345fab0667f4210505b64g.jpg\" alt=\"Mala Anbernic RG Cube - Mala preta port&#xE1;til para consolas port&#xE1;teis Anbernic, com um design elegante, bolsa de rede interna para acess&#xF3;rios e qualidade de constru&#xE7;&#xE3;o robusta para jogos em movimento.\"\/><\/figure>\n\n<figure class=\"wp-block-image\"><img decoding=\"async\" src=\"https:\/\/ae01.alicdn.com\/kf\/S2785b70135a540c583158fcc5a78dc5b7.jpg\" alt=\"Mala Anbernic RG Cube - Mala de transporte preta protetora para consolas de jogos Anbernic, inclui um interior almofadado macio, revestimento exterior dur&#xE1;vel e design compacto para f&#xE1;cil transporte\"\/><\/figure>\n\n<figure class=\"wp-block-image\"><img decoding=\"async\" src=\"https:\/\/ae01.alicdn.com\/kf\/S091362331cd549caa28e2cf13f83d019s.jpg\" alt=\"Capa Anbernic RG Cube - Capa protetora preta com fecho de correr seguro, adaptada aos dispositivos de jogos Anbernic, proporcionando uma prote&#xE7;&#xE3;o superior contra riscos e impactos.\"\/><\/figure>\n\n<figure class=\"wp-block-image\"><img decoding=\"async\" src=\"https:\/\/ae01.alicdn.com\/kf\/Sc0cb06fe4efa49a985b944aa17d27d29S.jpg\" alt=\"Capa Anbernic RG Cube - Capa protetora preta com fecho de correr seguro, adaptada aos dispositivos de jogos Anbernic, proporcionando uma prote&#xE7;&#xE3;o superior contra riscos e impactos.\"\/><\/figure>\n\n<figure class=\"wp-block-image\"><img decoding=\"async\" src=\"https:\/\/ae01.alicdn.com\/kf\/Sca5337fc1adf4aa094209058e7fc98b9j.jpg\" alt=\"Mala Anbernic Cube em preto, com um design compacto e elegante e um exterior dur&#xE1;vel e texturado para maior ader&#xEA;ncia. A mala inclui inser&#xE7;&#xF5;es de espuma personalizadas para segurar firmemente a consola de jogos Anbernic e os acess&#xF3;rios, garantindo prote&#xE7;&#xE3;o durante a viagem.\"\/><\/figure>\n\n<figure class=\"wp-block-image\"><img decoding=\"async\" src=\"https:\/\/ae01.alicdn.com\/kf\/S3b16c1675638498f9fd6dbc53a777f85c.jpg\" alt=\"Mala Anbernic RG Cube - Mala preta port&#xE1;til para consolas port&#xE1;teis Anbernic, com um design elegante, bolsa de rede interna para acess&#xF3;rios e qualidade de constru&#xE7;&#xE3;o robusta para jogos em movimento.\"\/><\/figure>\n","protected":false},"excerpt":{"rendered":"<ul>\n<li>Acess\u00f3rio <strong>oficial<\/strong> ANBERNIC<\/li>\n<li><strong>Prote\u00e7\u00e3o superior<\/strong> Fabricada em couro de primeira qualidade<\/li>\n<li>Forro em tecido macio para <strong>maior prote\u00e7\u00e3o<\/strong>.<\/li>\n<\/ul>\n[droix_global_accordions]\n[cg_accordion title=\"O pacote inclui\"]<\/p>\n<ul>\n<li>1x Estojo<\/li>\n<\/ul>\n<p>[\/cg_accordion]\n","protected":false},"featured_media":559151,"template":"","meta":{"_acf_changed":false},"product_brand":[],"product_cat":[39667,39671],"product_tag":[],"woo-feed-brand":[],"key-features":[],"class_list":{"0":"post-559150","1":"product","2":"type-product","3":"status-publish","4":"has-post-thumbnail","6":"product_cat-acessorios","7":"product_cat-acessorios-para-jogos","8":"product_shipping_class-low-end","9":"pa_accessory-type-protective-case","10":"pa_brands-anbernic-pt-pt","11":"pa_compatibility-cubo-rg-anbernic","13":"first","14":"outofstock","15":"sale","16":"taxable","17":"shipping-taxable","18":"purchasable","19":"product-type-simple"},"acf":[],"aioseo_notices":[],"aioseo_head":"\n\t\t<!-- All in One SEO Pro 4.9.6.2 - aioseo.com -->\n\t<meta name=\"description\" content=\"Acess\u00f3rio oficial ANBERNIC Prote\u00e7\u00e3o superior Fabricada em couro de primeira qualidade Forro em tecido macio para maior prote\u00e7\u00e3o. O pacote inclui 1x Estojo\" \/>\n\t<meta name=\"robots\" content=\"max-image-preview:large\" \/>\n\t<link rel=\"canonical\" href=\"https:\/\/droix.eu\/pt-pt\/product\/anbernic-rg-cube-saco\/\" \/>\n\t<meta name=\"generator\" content=\"All in One SEO Pro (AIOSEO) 4.9.6.2\" \/>\n\t\t<meta property=\"og:locale\" content=\"pt_PT\" \/>\n\t\t<meta property=\"og:site_name\" content=\"DROIX EU - Get the latest Mini PCs, Ultrabook, PC Gaming Handhelds and more!\" \/>\n\t\t<meta property=\"og:type\" content=\"article\" \/>\n\t\t<meta property=\"og:title\" content=\"ANBERNIC RG Cube Saco - DROIX EU\" \/>\n\t\t<meta property=\"og:description\" content=\"Acess\u00f3rio oficial ANBERNIC Prote\u00e7\u00e3o superior Fabricada em couro de primeira qualidade Forro em tecido macio para maior prote\u00e7\u00e3o. O pacote inclui 1x Estojo\" \/>\n\t\t<meta property=\"og:url\" content=\"https:\/\/droix.eu\/pt-pt\/product\/anbernic-rg-cube-saco\/\" \/>\n\t\t<meta property=\"og:image\" content=\"https:\/\/droix.eu\/wp-content\/uploads\/2024\/06\/droix-v2-light-logo.png\" \/>\n\t\t<meta property=\"og:image:secure_url\" content=\"https:\/\/droix.eu\/wp-content\/uploads\/2024\/06\/droix-v2-light-logo.png\" \/>\n\t\t<meta property=\"og:image:width\" content=\"380\" \/>\n\t\t<meta property=\"og:image:height\" content=\"118\" \/>\n\t\t<meta property=\"article:published_time\" content=\"2024-07-16T10:40:59+00:00\" \/>\n\t\t<meta property=\"article:modified_time\" content=\"2026-03-27T12:33:53+00:00\" \/>\n\t\t<meta property=\"article:publisher\" content=\"https:\/\/www.facebook.com\/DroiX.Store\" \/>\n\t\t<meta name=\"twitter:card\" content=\"summary_large_image\" \/>\n\t\t<meta name=\"twitter:site\" content=\"@DroiX_Store\" \/>\n\t\t<meta name=\"twitter:title\" content=\"ANBERNIC RG Cube Saco - DROIX EU\" \/>\n\t\t<meta name=\"twitter:description\" content=\"Acess\u00f3rio oficial ANBERNIC Prote\u00e7\u00e3o superior Fabricada em couro de primeira qualidade Forro em tecido macio para maior prote\u00e7\u00e3o. O pacote inclui 1x Estojo\" \/>\n\t\t<meta name=\"twitter:image\" content=\"https:\/\/droix.eu\/wp-content\/uploads\/2024\/06\/droix-v2-light-logo.png\" \/>\n\t\t<script type=\"application\/ld+json\" class=\"aioseo-schema\">\n\t\t\t{\"@context\":\"https:\\\/\\\/schema.org\",\"@graph\":[{\"@type\":\"BreadcrumbList\",\"@id\":\"https:\\\/\\\/droix.eu\\\/pt-pt\\\/product\\\/anbernic-rg-cube-saco\\\/#breadcrumblist\",\"itemListElement\":[{\"@type\":\"ListItem\",\"@id\":\"https:\\\/\\\/droix.eu\\\/pt-pt\\\/#listItem\",\"position\":1,\"name\":\"Home\",\"item\":\"https:\\\/\\\/droix.eu\\\/pt-pt\\\/\",\"nextItem\":{\"@type\":\"ListItem\",\"@id\":\"https:\\\/\\\/droix.eu\\\/pt-pt\\\/product-category\\\/acessorios\\\/#listItem\",\"name\":\"Acess\\u00f3rios\"}},{\"@type\":\"ListItem\",\"@id\":\"https:\\\/\\\/droix.eu\\\/pt-pt\\\/product-category\\\/acessorios\\\/#listItem\",\"position\":2,\"name\":\"Acess\\u00f3rios\",\"item\":\"https:\\\/\\\/droix.eu\\\/pt-pt\\\/product-category\\\/acessorios\\\/\",\"nextItem\":{\"@type\":\"ListItem\",\"@id\":\"https:\\\/\\\/droix.eu\\\/pt-pt\\\/product-category\\\/acessorios\\\/acessorios-para-jogos\\\/#listItem\",\"name\":\"Acess\\u00f3rios para jogos\"},\"previousItem\":{\"@type\":\"ListItem\",\"@id\":\"https:\\\/\\\/droix.eu\\\/pt-pt\\\/#listItem\",\"name\":\"Home\"}},{\"@type\":\"ListItem\",\"@id\":\"https:\\\/\\\/droix.eu\\\/pt-pt\\\/product-category\\\/acessorios\\\/acessorios-para-jogos\\\/#listItem\",\"position\":3,\"name\":\"Acess\\u00f3rios para jogos\",\"item\":\"https:\\\/\\\/droix.eu\\\/pt-pt\\\/product-category\\\/acessorios\\\/acessorios-para-jogos\\\/\",\"nextItem\":{\"@type\":\"ListItem\",\"@id\":\"https:\\\/\\\/droix.eu\\\/pt-pt\\\/product\\\/anbernic-rg-cube-saco\\\/#listItem\",\"name\":\"ANBERNIC RG Cube Saco\"},\"previousItem\":{\"@type\":\"ListItem\",\"@id\":\"https:\\\/\\\/droix.eu\\\/pt-pt\\\/product-category\\\/acessorios\\\/#listItem\",\"name\":\"Acess\\u00f3rios\"}},{\"@type\":\"ListItem\",\"@id\":\"https:\\\/\\\/droix.eu\\\/pt-pt\\\/product\\\/anbernic-rg-cube-saco\\\/#listItem\",\"position\":4,\"name\":\"ANBERNIC RG Cube Saco\",\"previousItem\":{\"@type\":\"ListItem\",\"@id\":\"https:\\\/\\\/droix.eu\\\/pt-pt\\\/product-category\\\/acessorios\\\/acessorios-para-jogos\\\/#listItem\",\"name\":\"Acess\\u00f3rios para jogos\"}}]},{\"@type\":\"Organization\",\"@id\":\"https:\\\/\\\/droix.eu\\\/pt-pt\\\/#organization\",\"name\":\"DroiX \\u2013 Trusted EU Tech Retailer with 12+ Years Experience\",\"description\":\"DroiX is a leading European technology retailer with over 12 years of experience, offering quality mini PCs, handheld gaming consoles, and tech accessories. We provide hassle-free EU delivery with all taxes included, ensuring a smooth and reliable shopping experience for our customers across Europe.\",\"url\":\"https:\\\/\\\/droix.eu\\\/pt-pt\\\/\",\"logo\":{\"@type\":\"ImageObject\",\"url\":\"https:\\\/\\\/droix.eu\\\/wp-content\\\/uploads\\\/2024\\\/06\\\/droix-v2-light-logo.png\",\"@id\":\"https:\\\/\\\/droix.eu\\\/pt-pt\\\/product\\\/anbernic-rg-cube-saco\\\/#organizationLogo\",\"width\":380,\"height\":118},\"image\":{\"@id\":\"https:\\\/\\\/droix.eu\\\/pt-pt\\\/product\\\/anbernic-rg-cube-saco\\\/#organizationLogo\"},\"sameAs\":[\"https:\\\/\\\/www.facebook.com\\\/DroiX.Store\",\"https:\\\/\\\/twitter.com\\\/DroiX_Store\",\"https:\\\/\\\/www.instagram.com\\\/droix.store\\\/\",\"https:\\\/\\\/www.tiktok.com\\\/@droix.store\",\"https:\\\/\\\/www.youtube.com\\\/c\\\/DroiX_Store\",\"https:\\\/\\\/uk.linkedin.com\\\/company\\\/droix\"]},{\"@type\":\"Product\",\"@id\":\"https:\\\/\\\/droix.eu\\\/pt-pt\\\/product\\\/anbernic-rg-cube-saco\\\/#wooCommerceProduct\",\"name\":\"ANBERNIC RG Cube Saco\",\"description\":\"Acess\\u00f3rio oficial ANBERNIC\\nProte\\u00e7\\u00e3o superior Fabricada em couro de primeira qualidade\\nForro em tecido macio para maior prote\\u00e7\\u00e3o.\",\"url\":\"https:\\\/\\\/droix.eu\\\/pt-pt\\\/product\\\/anbernic-rg-cube-saco\\\/\",\"sku\":\"RG-CUBE-BAG\",\"gtin\":\"5060763679351\",\"image\":{\"@type\":\"ImageObject\",\"url\":\"https:\\\/\\\/droix.eu\\\/wp-content\\\/uploads\\\/2024\\\/07\\\/CUBE-CASE.png\",\"@id\":\"https:\\\/\\\/droix.eu\\\/pt-pt\\\/product\\\/anbernic-rg-cube-saco\\\/#productImage\",\"width\":1001,\"height\":1001,\"caption\":\"Mala Anbernic Cube em preto, com um design compacto e elegante e um exterior dur\\u00e1vel e texturado para maior ader\\u00eancia. A mala inclui inser\\u00e7\\u00f5es de espuma personalizadas para segurar firmemente a consola de jogos Anbernic e os acess\\u00f3rios, garantindo prote\\u00e7\\u00e3o durante a viagem.\"},\"offers\":{\"@type\":\"Offer\",\"url\":\"https:\\\/\\\/droix.eu\\\/pt-pt\\\/product\\\/anbernic-rg-cube-saco\\\/#wooCommerceOffer\",\"price\":6.09,\"priceCurrency\":\"EUR\",\"category\":\"Acess\\u00f3rios\",\"availability\":\"https:\\\/\\\/schema.org\\\/OutOfStock\",\"priceSpecification\":{\"@type\":\"PriceSpecification\",\"price\":6.09,\"priceCurrency\":\"EUR\",\"valueAddedTaxIncluded\":\"true\"},\"seller\":{\"@type\":\"Organization\",\"@id\":\"https:\\\/\\\/droix.eu\\\/pt-pt\\\/#organization\"}}},{\"@type\":\"WebPage\",\"@id\":\"https:\\\/\\\/droix.eu\\\/pt-pt\\\/product\\\/anbernic-rg-cube-saco\\\/#webpage\",\"url\":\"https:\\\/\\\/droix.eu\\\/pt-pt\\\/product\\\/anbernic-rg-cube-saco\\\/\",\"name\":\"ANBERNIC RG Cube Saco - DROIX EU\",\"description\":\"Acess\\u00f3rio oficial ANBERNIC Prote\\u00e7\\u00e3o superior Fabricada em couro de primeira qualidade Forro em tecido macio para maior prote\\u00e7\\u00e3o. O pacote inclui 1x Estojo\",\"inLanguage\":\"pt-PT\",\"isPartOf\":{\"@id\":\"https:\\\/\\\/droix.eu\\\/pt-pt\\\/#website\"},\"breadcrumb\":{\"@id\":\"https:\\\/\\\/droix.eu\\\/pt-pt\\\/product\\\/anbernic-rg-cube-saco\\\/#breadcrumblist\"},\"image\":{\"@type\":\"ImageObject\",\"url\":\"https:\\\/\\\/droix.eu\\\/wp-content\\\/uploads\\\/2024\\\/07\\\/CUBE-CASE.png\",\"@id\":\"https:\\\/\\\/droix.eu\\\/pt-pt\\\/product\\\/anbernic-rg-cube-saco\\\/#mainImage\",\"width\":1001,\"height\":1001,\"caption\":\"Mala Anbernic Cube em preto, com um design compacto e elegante e um exterior dur\\u00e1vel e texturado para maior ader\\u00eancia. A mala inclui inser\\u00e7\\u00f5es de espuma personalizadas para segurar firmemente a consola de jogos Anbernic e os acess\\u00f3rios, garantindo prote\\u00e7\\u00e3o durante a viagem.\"},\"primaryImageOfPage\":{\"@id\":\"https:\\\/\\\/droix.eu\\\/pt-pt\\\/product\\\/anbernic-rg-cube-saco\\\/#mainImage\"},\"datePublished\":\"2024-07-16T11:40:59+01:00\",\"dateModified\":\"2026-03-27T12:33:53+00:00\"},{\"@type\":\"WebSite\",\"@id\":\"https:\\\/\\\/droix.eu\\\/pt-pt\\\/#website\",\"url\":\"https:\\\/\\\/droix.eu\\\/pt-pt\\\/\",\"name\":\"DROIX EU\",\"description\":\"Get the latest Mini PCs, Ultrabook, PC Gaming Handhelds and more!\",\"inLanguage\":\"pt-PT\",\"publisher\":{\"@id\":\"https:\\\/\\\/droix.eu\\\/pt-pt\\\/#organization\"}}]}\n\t\t<\/script>\n\t\t<!-- All in One SEO Pro -->\r\n\t\t<title>ANBERNIC RG Cube Saco - DROIX EU<\/title>\n\n","aioseo_head_json":{"title":"ANBERNIC RG Cube Saco - DROIX EU","description":"Acess\u00f3rio oficial ANBERNIC Prote\u00e7\u00e3o superior Fabricada em couro de primeira qualidade Forro em tecido macio para maior prote\u00e7\u00e3o. O pacote inclui 1x Estojo","canonical_url":"https:\/\/droix.eu\/pt-pt\/product\/anbernic-rg-cube-saco\/","robots":"max-image-preview:large","keywords":"","webmasterTools":{"miscellaneous":""},"schema":{"@context":"https:\/\/schema.org","@graph":[{"@type":"BreadcrumbList","@id":"https:\/\/droix.eu\/pt-pt\/product\/anbernic-rg-cube-saco\/#breadcrumblist","itemListElement":[{"@type":"ListItem","@id":"https:\/\/droix.eu\/pt-pt\/#listItem","position":1,"name":"Home","item":"https:\/\/droix.eu\/pt-pt\/","nextItem":{"@type":"ListItem","@id":"https:\/\/droix.eu\/pt-pt\/product-category\/acessorios\/#listItem","name":"Acess\u00f3rios"}},{"@type":"ListItem","@id":"https:\/\/droix.eu\/pt-pt\/product-category\/acessorios\/#listItem","position":2,"name":"Acess\u00f3rios","item":"https:\/\/droix.eu\/pt-pt\/product-category\/acessorios\/","nextItem":{"@type":"ListItem","@id":"https:\/\/droix.eu\/pt-pt\/product-category\/acessorios\/acessorios-para-jogos\/#listItem","name":"Acess\u00f3rios para jogos"},"previousItem":{"@type":"ListItem","@id":"https:\/\/droix.eu\/pt-pt\/#listItem","name":"Home"}},{"@type":"ListItem","@id":"https:\/\/droix.eu\/pt-pt\/product-category\/acessorios\/acessorios-para-jogos\/#listItem","position":3,"name":"Acess\u00f3rios para jogos","item":"https:\/\/droix.eu\/pt-pt\/product-category\/acessorios\/acessorios-para-jogos\/","nextItem":{"@type":"ListItem","@id":"https:\/\/droix.eu\/pt-pt\/product\/anbernic-rg-cube-saco\/#listItem","name":"ANBERNIC RG Cube Saco"},"previousItem":{"@type":"ListItem","@id":"https:\/\/droix.eu\/pt-pt\/product-category\/acessorios\/#listItem","name":"Acess\u00f3rios"}},{"@type":"ListItem","@id":"https:\/\/droix.eu\/pt-pt\/product\/anbernic-rg-cube-saco\/#listItem","position":4,"name":"ANBERNIC RG Cube Saco","previousItem":{"@type":"ListItem","@id":"https:\/\/droix.eu\/pt-pt\/product-category\/acessorios\/acessorios-para-jogos\/#listItem","name":"Acess\u00f3rios para jogos"}}]},{"@type":"Organization","@id":"https:\/\/droix.eu\/pt-pt\/#organization","name":"DroiX \u2013 Trusted EU Tech Retailer with 12+ Years Experience","description":"DroiX is a leading European technology retailer with over 12 years of experience, offering quality mini PCs, handheld gaming consoles, and tech accessories. We provide hassle-free EU delivery with all taxes included, ensuring a smooth and reliable shopping experience for our customers across Europe.","url":"https:\/\/droix.eu\/pt-pt\/","logo":{"@type":"ImageObject","url":"https:\/\/droix.eu\/wp-content\/uploads\/2024\/06\/droix-v2-light-logo.png","@id":"https:\/\/droix.eu\/pt-pt\/product\/anbernic-rg-cube-saco\/#organizationLogo","width":380,"height":118},"image":{"@id":"https:\/\/droix.eu\/pt-pt\/product\/anbernic-rg-cube-saco\/#organizationLogo"},"sameAs":["https:\/\/www.facebook.com\/DroiX.Store","https:\/\/twitter.com\/DroiX_Store","https:\/\/www.instagram.com\/droix.store\/","https:\/\/www.tiktok.com\/@droix.store","https:\/\/www.youtube.com\/c\/DroiX_Store","https:\/\/uk.linkedin.com\/company\/droix"]},{"@type":"Product","@id":"https:\/\/droix.eu\/pt-pt\/product\/anbernic-rg-cube-saco\/#wooCommerceProduct","name":"ANBERNIC RG Cube Saco","description":"Acess\u00f3rio oficial ANBERNIC\nProte\u00e7\u00e3o superior Fabricada em couro de primeira qualidade\nForro em tecido macio para maior prote\u00e7\u00e3o.","url":"https:\/\/droix.eu\/pt-pt\/product\/anbernic-rg-cube-saco\/","sku":"RG-CUBE-BAG","gtin":"5060763679351","image":{"@type":"ImageObject","url":"https:\/\/droix.eu\/wp-content\/uploads\/2024\/07\/CUBE-CASE.png","@id":"https:\/\/droix.eu\/pt-pt\/product\/anbernic-rg-cube-saco\/#productImage","width":1001,"height":1001,"caption":"Mala Anbernic Cube em preto, com um design compacto e elegante e um exterior dur\u00e1vel e texturado para maior ader\u00eancia. A mala inclui inser\u00e7\u00f5es de espuma personalizadas para segurar firmemente a consola de jogos Anbernic e os acess\u00f3rios, garantindo prote\u00e7\u00e3o durante a viagem."},"offers":{"@type":"Offer","url":"https:\/\/droix.eu\/pt-pt\/product\/anbernic-rg-cube-saco\/#wooCommerceOffer","price":6.09,"priceCurrency":"EUR","category":"Acess\u00f3rios","availability":"https:\/\/schema.org\/OutOfStock","priceSpecification":{"@type":"PriceSpecification","price":6.09,"priceCurrency":"EUR","valueAddedTaxIncluded":"true"},"seller":{"@type":"Organization","@id":"https:\/\/droix.eu\/pt-pt\/#organization"}}},{"@type":"WebPage","@id":"https:\/\/droix.eu\/pt-pt\/product\/anbernic-rg-cube-saco\/#webpage","url":"https:\/\/droix.eu\/pt-pt\/product\/anbernic-rg-cube-saco\/","name":"ANBERNIC RG Cube Saco - DROIX EU","description":"Acess\u00f3rio oficial ANBERNIC Prote\u00e7\u00e3o superior Fabricada em couro de primeira qualidade Forro em tecido macio para maior prote\u00e7\u00e3o. O pacote inclui 1x Estojo","inLanguage":"pt-PT","isPartOf":{"@id":"https:\/\/droix.eu\/pt-pt\/#website"},"breadcrumb":{"@id":"https:\/\/droix.eu\/pt-pt\/product\/anbernic-rg-cube-saco\/#breadcrumblist"},"image":{"@type":"ImageObject","url":"https:\/\/droix.eu\/wp-content\/uploads\/2024\/07\/CUBE-CASE.png","@id":"https:\/\/droix.eu\/pt-pt\/product\/anbernic-rg-cube-saco\/#mainImage","width":1001,"height":1001,"caption":"Mala Anbernic Cube em preto, com um design compacto e elegante e um exterior dur\u00e1vel e texturado para maior ader\u00eancia. A mala inclui inser\u00e7\u00f5es de espuma personalizadas para segurar firmemente a consola de jogos Anbernic e os acess\u00f3rios, garantindo prote\u00e7\u00e3o durante a viagem."},"primaryImageOfPage":{"@id":"https:\/\/droix.eu\/pt-pt\/product\/anbernic-rg-cube-saco\/#mainImage"},"datePublished":"2024-07-16T11:40:59+01:00","dateModified":"2026-03-27T12:33:53+00:00"},{"@type":"WebSite","@id":"https:\/\/droix.eu\/pt-pt\/#website","url":"https:\/\/droix.eu\/pt-pt\/","name":"DROIX EU","description":"Get the latest Mini PCs, Ultrabook, PC Gaming Handhelds and more!","inLanguage":"pt-PT","publisher":{"@id":"https:\/\/droix.eu\/pt-pt\/#organization"}}]},"og:locale":"pt_PT","og:site_name":"DROIX EU - Get the latest Mini PCs, Ultrabook, PC Gaming Handhelds and more!","og:type":"article","og:title":"ANBERNIC RG Cube Saco - DROIX EU","og:description":"Acess\u00f3rio oficial ANBERNIC Prote\u00e7\u00e3o superior Fabricada em couro de primeira qualidade Forro em tecido macio para maior prote\u00e7\u00e3o. O pacote inclui 1x Estojo","og:url":"https:\/\/droix.eu\/pt-pt\/product\/anbernic-rg-cube-saco\/","og:image":"https:\/\/droix.eu\/wp-content\/uploads\/2024\/06\/droix-v2-light-logo.png","og:image:secure_url":"https:\/\/droix.eu\/wp-content\/uploads\/2024\/06\/droix-v2-light-logo.png","og:image:width":380,"og:image:height":118,"article:published_time":"2024-07-16T10:40:59+00:00","article:modified_time":"2026-03-27T12:33:53+00:00","article:publisher":"https:\/\/www.facebook.com\/DroiX.Store","twitter:card":"summary_large_image","twitter:site":"@DroiX_Store","twitter:title":"ANBERNIC RG Cube Saco - DROIX EU","twitter:description":"Acess\u00f3rio oficial ANBERNIC Prote\u00e7\u00e3o superior Fabricada em couro de primeira qualidade Forro em tecido macio para maior prote\u00e7\u00e3o. O pacote inclui 1x Estojo","twitter:image":"https:\/\/droix.eu\/wp-content\/uploads\/2024\/06\/droix-v2-light-logo.png"},"aioseo_meta_data":{"post_id":"559150","title":null,"description":null,"keywords":null,"keyphrases":null,"primary_term":null,"canonical_url":null,"og_title":null,"og_description":null,"og_object_type":"default","og_image_type":"default","og_image_url":null,"og_image_width":null,"og_image_height":null,"og_image_custom_url":null,"og_image_custom_fields":null,"og_video":null,"og_custom_url":null,"og_article_section":null,"og_article_tags":null,"twitter_use_og":true,"twitter_card":"default","twitter_image_type":"default","twitter_image_url":null,"twitter_image_custom_url":null,"twitter_image_custom_fields":null,"twitter_title":null,"twitter_description":null,"schema":{"blockGraphs":[],"customGraphs":[],"default":{"data":{"Article":[],"Course":[],"Dataset":[],"FAQPage":[],"Movie":[],"Person":[],"Product":[],"ProductReview":[],"Car":[],"Recipe":[],"Service":[],"SoftwareApplication":[],"WebPage":[]},"graphName":"Product","isEnabled":true},"graphs":[]},"schema_type":"default","schema_type_options":null,"pillar_content":false,"robots_default":true,"robots_noindex":false,"robots_noarchive":false,"robots_nosnippet":false,"robots_nofollow":false,"robots_noimageindex":false,"robots_noodp":false,"robots_notranslate":false,"robots_max_snippet":null,"robots_max_videopreview":null,"robots_max_imagepreview":"large","priority":null,"frequency":null,"local_seo":null,"seo_analyzer_scan_date":"2026-03-27 14:00:19","breadcrumb_settings":null,"limit_modified_date":false,"reviewed_by":null,"open_ai":null,"ai":null,"created":"2025-10-09 05:50:53","updated":"2026-03-27 16:08:24"},"aioseo_breadcrumb":"<div class=\"aioseo-breadcrumbs\"><span class=\"aioseo-breadcrumb\">\n\t<a href=\"https:\/\/droix.eu\/pt-pt\/\" title=\"Home\">Home<\/a>\n<\/span><span class=\"aioseo-breadcrumb-separator\">&raquo;<\/span><span class=\"aioseo-breadcrumb\">\n\t<a href=\"https:\/\/droix.eu\/pt-pt\/product-category\/acessorios\/\" title=\"Acess\u00f3rios\">Acess\u00f3rios<\/a>\n<\/span><span class=\"aioseo-breadcrumb-separator\">&raquo;<\/span><span class=\"aioseo-breadcrumb\">\n\t<a href=\"https:\/\/droix.eu\/pt-pt\/product-category\/acessorios\/acessorios-para-jogos\/\" title=\"Acess\u00f3rios para jogos\">Acess\u00f3rios para jogos<\/a>\n<\/span><span class=\"aioseo-breadcrumb-separator\">&raquo;<\/span><span class=\"aioseo-breadcrumb\">\n\tANBERNIC RG Cube Saco\n<\/span><\/div>","aioseo_breadcrumb_json":[{"label":"Home","link":"https:\/\/droix.eu\/pt-pt\/"},{"label":"Acess\u00f3rios","link":"https:\/\/droix.eu\/pt-pt\/product-category\/acessorios\/"},{"label":"Acess\u00f3rios para jogos","link":"https:\/\/droix.eu\/pt-pt\/product-category\/acessorios\/acessorios-para-jogos\/"},{"label":"ANBERNIC RG Cube Saco","link":"https:\/\/droix.eu\/pt-pt\/product\/anbernic-rg-cube-saco\/"}],"_links":{"self":[{"href":"https:\/\/droix.eu\/pt-pt\/wp-json\/wp\/v2\/product\/559150","targetHints":{"allow":["GET"]}}],"collection":[{"href":"https:\/\/droix.eu\/pt-pt\/wp-json\/wp\/v2\/product"}],"about":[{"href":"https:\/\/droix.eu\/pt-pt\/wp-json\/wp\/v2\/types\/product"}],"version-history":[{"count":0,"href":"https:\/\/droix.eu\/pt-pt\/wp-json\/wp\/v2\/product\/559150\/revisions"}],"wp:featuredmedia":[{"embeddable":true,"href":"https:\/\/droix.eu\/pt-pt\/wp-json\/wp\/v2\/media\/559151"}],"wp:attachment":[{"href":"https:\/\/droix.eu\/pt-pt\/wp-json\/wp\/v2\/media?parent=559150"}],"wp:term":[{"taxonomy":"product_brand","embeddable":true,"href":"https:\/\/droix.eu\/pt-pt\/wp-json\/wp\/v2\/product_brand?post=559150"},{"taxonomy":"product_cat","embeddable":true,"href":"https:\/\/droix.eu\/pt-pt\/wp-json\/wp\/v2\/product_cat?post=559150"},{"taxonomy":"product_tag","embeddable":true,"href":"https:\/\/droix.eu\/pt-pt\/wp-json\/wp\/v2\/product_tag?post=559150"},{"taxonomy":"woo-feed-brand","embeddable":true,"href":"https:\/\/droix.eu\/pt-pt\/wp-json\/wp\/v2\/woo-feed-brand?post=559150"},{"taxonomy":"key-features","embeddable":true,"href":"https:\/\/droix.eu\/pt-pt\/wp-json\/wp\/v2\/key-features?post=559150"}],"curies":[{"name":"wp","href":"https:\/\/api.w.org\/{rel}","templated":true}]}}