{"id":554660,"date":"2021-12-23T11:49:46","date_gmt":"2021-12-23T11:49:46","guid":{"rendered":"https:\/\/droix.eu\/politica-de-cookies\/"},"modified":"2025-05-27T14:21:50","modified_gmt":"2025-05-27T13:21:50","slug":"politica-de-cookies","status":"publish","type":"page","link":"https:\/\/droix.eu\/pt-pt\/politica-de-cookies\/","title":{"rendered":"Pol\u00edtica de cookies"},"content":{"rendered":"\n<p>A seguinte Pol\u00edtica de Cookies deve ser considerada em conson\u00e2ncia com (emparelhada com), \u201ccomo um s\u00f3\u201d com os <a href=\"https:\/\/droix.eu\/pt-pt\/termos-e-condicoes\/\" target=\"_blank\" rel=\"noreferrer noopener\">Termos e Condi\u00e7\u00f5es<\/a> e <a href=\"https:\/\/droix.eu\/pt-pt\/politica-de-privacidade\/\" target=\"_blank\" rel=\"noreferrer noopener\">a Pol\u00edtica de Privacidade<\/a><\/p>\n\n<ol class=\"wp-block-list\">\n<li>As presentes condi\u00e7\u00f5es de venda aplicam-se a todos os bens fornecidos pela DROIX, com sede social em 54C Expressway, N Woolwich Rd, Londres, E16 2AA, Reino Unido).\n<ol class=\"wp-block-list\">\n<li>No contrato estabelecido, as refer\u00eancias s\u00e3o para: N\u00f3s (DROIX) somos o Fornecedor, e tu (o Cliente)<\/li>\n<\/ol>\n<\/li>\n<\/ol>\n\n<ol class=\"wp-block-list\">\n<li>O site do Fornecedor utiliza cookies para distinguir o cliente, ou seja, Tu, de outros utilizadores do site. Isto ajuda o Fornecedor a proporcionar-te uma boa experi\u00eancia quando navegas no site do Fornecedor e tamb\u00e9m permite que o Fornecedor melhore o nosso site. Ao continuar a navegar no site, est\u00e1s a concordar com o uso de cookies pelo Fornecedor.  <\/li>\n\n\n\n<li>Um cookie \u00e9 um pequeno ficheiro de letras e n\u00fameros que o Fornecedor armazena no teu browser ou no disco r\u00edgido do teu computador ou telem\u00f3vel, se concordares. Os cookies cont\u00eam informa\u00e7\u00f5es que s\u00e3o transferidas para o disco r\u00edgido do teu computador. <\/li>\n\n\n\n<li>O Fornecedor utiliza os seguintes cookies:\n<ol class=\"wp-block-list\">\n<li>Cookies estritamente necess\u00e1rios. Trata-se de cookies que s\u00e3o necess\u00e1rios para o funcionamento do s\u00edtio Web do Fornecedor. Incluem, por exemplo, cookies que te permitem entrar em \u00e1reas seguras do website do Fornecedor e efetuar transac\u00e7\u00f5es.  <\/li>\n\n\n\n<li>Cookies anal\u00edticos\/de desempenho. Permitem que o Fornecedor reconhe\u00e7a e conte o n\u00famero de visitantes e veja como os visitantes se movimentam no site do Fornecedor quando o est\u00e3o a utilizar. Isto ajuda o Fornecedor a melhorar a forma como o site funciona, por exemplo, garantindo que os utilizadores encontram o que procuram facilmente e sem problemas.  <\/li>\n\n\n\n<li>O Fornecedor utiliza cookies do Google Analytics. O Google Analytics recolhe informa\u00e7\u00f5es de forma an\u00f3nima. Relata as tend\u00eancias do site sem identificar os visitantes individuais. Podes optar por sair do Google Analytics sem afetar a forma como visitas este s\u00edtio. Para mais informa\u00e7\u00f5es sobre o Google Analytics, clica aqui.    <\/li>\n\n\n\n<li>Cookies de direcionamento. Estes cookies registam a tua visita ao s\u00edtio Web do Fornecedor, as p\u00e1ginas que visitaste e as liga\u00e7\u00f5es que seguiste. O Fornecedor utiliza esta informa\u00e7\u00e3o para tornar o website e a publicidade nele apresentada mais relevantes para os teus interesses. O Fornecedor pode tamb\u00e9m partilhar esta informa\u00e7\u00e3o com terceiros para este fim.   <\/li>\n<\/ol>\n<\/li>\n\n\n\n<li>Tem em aten\u00e7\u00e3o que terceiros (incluindo, por exemplo, redes de publicidade e fornecedores de servi\u00e7os externos, como servi\u00e7os de an\u00e1lise de tr\u00e1fego web) tamb\u00e9m podem utilizar cookies, sobre os quais o Fornecedor n\u00e3o tem qualquer controlo. \u00c9 prov\u00e1vel que estes cookies sejam cookies de an\u00e1lise\/desempenho ou cookies de segmenta\u00e7\u00e3o. <\/li>\n\n\n\n<li>Podes bloquear os cookies activando a defini\u00e7\u00e3o no teu browser que te permite recusar a defini\u00e7\u00e3o de todos ou alguns cookies. No entanto, se utilizares as defini\u00e7\u00f5es do teu browser para bloquear todos os cookies (incluindo os cookies essenciais), poder\u00e1s n\u00e3o conseguir aceder \u00e0 totalidade ou a partes do website do Fornecedor. <\/li>\n<\/ol>\n\n<h2 class=\"wp-block-heading\" id=\"h-cookie-description\">DESCRI\u00c7\u00c3O DO COOKIE<\/h2>\n<p><script type=\"text\/javascript\" charset=\"UTF-8\" data-cookiescriptreport=\"report\" src=\"\/\/report.cookie-script.com\/r\/21c7c108a50ee55d6c4ed24051df0334.js\"><\/script><\/p>\n\n<p class=\"has-text-align-center\">\u00daltima atualiza\u00e7\u00e3o da Pol\u00edtica de Cookies: 12 outubro, 2022 &#8211; 02:29AM.<\/p>\n","protected":false},"excerpt":{"rendered":"<p>A seguinte Pol\u00edtica de Cookies deve ser considerada em conson\u00e2ncia com (emparelhada com), \u201ccomo um s\u00f3\u201d com os Termos e Condi\u00e7\u00f5es e a Pol\u00edtica de Privacidade DESCRI\u00c7\u00c3O DO COOKIE \u00daltima atualiza\u00e7\u00e3o da Pol\u00edtica de Cookies: 12 outubro, 2022 &#8211; 02:29AM.<\/p>\n","protected":false},"author":1,"featured_media":0,"parent":0,"menu_order":0,"comment_status":"closed","ping_status":"closed","template":"","meta":{"_acf_changed":false,"footnotes":""},"class_list":["post-554660","page","type-page","status-publish","hentry"],"acf":[],"aioseo_notices":[],"aioseo_head":"\n\t\t<!-- All in One SEO Pro 4.9.6.2 - aioseo.com -->\n\t<meta name=\"description\" content=\"A seguinte Pol\u00edtica de Cookies deve ser considerada em conson\u00e2ncia com (emparelhada com), \u201ccomo um s\u00f3\u201d com os Termos e Condi\u00e7\u00f5es e a Pol\u00edtica de Privacidade As presentes condi\u00e7\u00f5es de venda aplicam-se a todos os bens fornecidos pela DROIX, com sede social em 54C Expressway, N Woolwich Rd, Londres, E16 2AA, Reino Unido). No contrato\" \/>\n\t<meta name=\"robots\" content=\"max-image-preview:large\" \/>\n\t<link rel=\"canonical\" href=\"https:\/\/droix.eu\/pt-pt\/politica-de-cookies\/\" \/>\n\t<meta name=\"generator\" content=\"All in One SEO Pro (AIOSEO) 4.9.6.2\" \/>\n\t\t<meta property=\"og:locale\" content=\"pt_PT\" \/>\n\t\t<meta property=\"og:site_name\" content=\"DROIX EU - Get the latest Mini PCs, Ultrabook, PC Gaming Handhelds and more!\" \/>\n\t\t<meta property=\"og:type\" content=\"article\" \/>\n\t\t<meta property=\"og:title\" content=\"Pol\u00edtica de cookies - DROIX EU\" \/>\n\t\t<meta property=\"og:description\" content=\"A seguinte Pol\u00edtica de Cookies deve ser considerada em conson\u00e2ncia com (emparelhada com), \u201ccomo um s\u00f3\u201d com os Termos e Condi\u00e7\u00f5es e a Pol\u00edtica de Privacidade As presentes condi\u00e7\u00f5es de venda aplicam-se a todos os bens fornecidos pela DROIX, com sede social em 54C Expressway, N Woolwich Rd, Londres, E16 2AA, Reino Unido). No contrato\" \/>\n\t\t<meta property=\"og:url\" content=\"https:\/\/droix.eu\/pt-pt\/politica-de-cookies\/\" \/>\n\t\t<meta property=\"og:image\" content=\"https:\/\/droix.eu\/wp-content\/uploads\/2024\/06\/droix-v2-light-logo.png\" \/>\n\t\t<meta property=\"og:image:secure_url\" content=\"https:\/\/droix.eu\/wp-content\/uploads\/2024\/06\/droix-v2-light-logo.png\" \/>\n\t\t<meta property=\"og:image:width\" content=\"380\" \/>\n\t\t<meta property=\"og:image:height\" content=\"118\" \/>\n\t\t<meta property=\"article:published_time\" content=\"2021-12-23T11:49:46+00:00\" \/>\n\t\t<meta property=\"article:modified_time\" content=\"2025-05-27T13:21:50+00:00\" \/>\n\t\t<meta property=\"article:publisher\" content=\"https:\/\/www.facebook.com\/DroiX.Store\" \/>\n\t\t<meta name=\"twitter:card\" content=\"summary_large_image\" \/>\n\t\t<meta name=\"twitter:site\" content=\"@DroiX_Store\" \/>\n\t\t<meta name=\"twitter:title\" content=\"Pol\u00edtica de cookies - DROIX EU\" \/>\n\t\t<meta name=\"twitter:description\" content=\"A seguinte Pol\u00edtica de Cookies deve ser considerada em conson\u00e2ncia com (emparelhada com), \u201ccomo um s\u00f3\u201d com os Termos e Condi\u00e7\u00f5es e a Pol\u00edtica de Privacidade As presentes condi\u00e7\u00f5es de venda aplicam-se a todos os bens fornecidos pela DROIX, com sede social em 54C Expressway, N Woolwich Rd, Londres, E16 2AA, Reino Unido). No contrato\" \/>\n\t\t<meta name=\"twitter:creator\" content=\"@DroiX_Store\" \/>\n\t\t<meta name=\"twitter:image\" content=\"https:\/\/droix.eu\/wp-content\/uploads\/2024\/06\/droix-v2-light-logo.png\" \/>\n\t\t<script type=\"application\/ld+json\" class=\"aioseo-schema\">\n\t\t\t{\"@context\":\"https:\\\/\\\/schema.org\",\"@graph\":[{\"@type\":\"BreadcrumbList\",\"@id\":\"https:\\\/\\\/droix.eu\\\/pt-pt\\\/politica-de-cookies\\\/#breadcrumblist\",\"itemListElement\":[{\"@type\":\"ListItem\",\"@id\":\"https:\\\/\\\/droix.eu\\\/pt-pt\\\/#listItem\",\"position\":1,\"name\":\"Home\",\"item\":\"https:\\\/\\\/droix.eu\\\/pt-pt\\\/\",\"nextItem\":{\"@type\":\"ListItem\",\"@id\":\"https:\\\/\\\/droix.eu\\\/pt-pt\\\/politica-de-cookies\\\/#listItem\",\"name\":\"Pol\\u00edtica de cookies\"}},{\"@type\":\"ListItem\",\"@id\":\"https:\\\/\\\/droix.eu\\\/pt-pt\\\/politica-de-cookies\\\/#listItem\",\"position\":2,\"name\":\"Pol\\u00edtica de cookies\",\"previousItem\":{\"@type\":\"ListItem\",\"@id\":\"https:\\\/\\\/droix.eu\\\/pt-pt\\\/#listItem\",\"name\":\"Home\"}}]},{\"@type\":\"Organization\",\"@id\":\"https:\\\/\\\/droix.eu\\\/pt-pt\\\/#organization\",\"name\":\"DroiX \\u2013 Trusted EU Tech Retailer with 12+ Years Experience\",\"description\":\"DroiX is a leading European technology retailer with over 12 years of experience, offering quality mini PCs, handheld gaming consoles, and tech accessories. We provide hassle-free EU delivery with all taxes included, ensuring a smooth and reliable shopping experience for our customers across Europe.\",\"url\":\"https:\\\/\\\/droix.eu\\\/pt-pt\\\/\",\"logo\":{\"@type\":\"ImageObject\",\"url\":\"https:\\\/\\\/droix.eu\\\/wp-content\\\/uploads\\\/2024\\\/06\\\/droix-v2-light-logo.png\",\"@id\":\"https:\\\/\\\/droix.eu\\\/pt-pt\\\/politica-de-cookies\\\/#organizationLogo\",\"width\":380,\"height\":118},\"image\":{\"@id\":\"https:\\\/\\\/droix.eu\\\/pt-pt\\\/politica-de-cookies\\\/#organizationLogo\"},\"sameAs\":[\"https:\\\/\\\/www.facebook.com\\\/DroiX.Store\",\"https:\\\/\\\/twitter.com\\\/DroiX_Store\",\"https:\\\/\\\/www.instagram.com\\\/droix.store\\\/\",\"https:\\\/\\\/www.tiktok.com\\\/@droix.store\",\"https:\\\/\\\/www.youtube.com\\\/c\\\/DroiX_Store\",\"https:\\\/\\\/uk.linkedin.com\\\/company\\\/droix\"]},{\"@type\":\"WebPage\",\"@id\":\"https:\\\/\\\/droix.eu\\\/pt-pt\\\/politica-de-cookies\\\/#webpage\",\"url\":\"https:\\\/\\\/droix.eu\\\/pt-pt\\\/politica-de-cookies\\\/\",\"name\":\"Pol\\u00edtica de cookies - DROIX EU\",\"description\":\"A seguinte Pol\\u00edtica de Cookies deve ser considerada em conson\\u00e2ncia com (emparelhada com), \\u201ccomo um s\\u00f3\\u201d com os Termos e Condi\\u00e7\\u00f5es e a Pol\\u00edtica de Privacidade As presentes condi\\u00e7\\u00f5es de venda aplicam-se a todos os bens fornecidos pela DROIX, com sede social em 54C Expressway, N Woolwich Rd, Londres, E16 2AA, Reino Unido). No contrato\",\"inLanguage\":\"pt-PT\",\"isPartOf\":{\"@id\":\"https:\\\/\\\/droix.eu\\\/pt-pt\\\/#website\"},\"breadcrumb\":{\"@id\":\"https:\\\/\\\/droix.eu\\\/pt-pt\\\/politica-de-cookies\\\/#breadcrumblist\"},\"datePublished\":\"2021-12-23T11:49:46+00:00\",\"dateModified\":\"2025-05-27T14:21:50+01:00\"},{\"@type\":\"WebSite\",\"@id\":\"https:\\\/\\\/droix.eu\\\/pt-pt\\\/#website\",\"url\":\"https:\\\/\\\/droix.eu\\\/pt-pt\\\/\",\"name\":\"DROIX EU\",\"description\":\"Get the latest Mini PCs, Ultrabook, PC Gaming Handhelds and more!\",\"inLanguage\":\"pt-PT\",\"publisher\":{\"@id\":\"https:\\\/\\\/droix.eu\\\/pt-pt\\\/#organization\"}}]}\n\t\t<\/script>\n\t\t<!-- All in One SEO Pro -->\r\n\t\t<title>Pol\u00edtica de cookies - DROIX EU<\/title>\n\n","aioseo_head_json":{"title":"Pol\u00edtica de cookies - DROIX EU","description":"A seguinte Pol\u00edtica de Cookies deve ser considerada em conson\u00e2ncia com (emparelhada com), \u201ccomo um s\u00f3\u201d com os Termos e Condi\u00e7\u00f5es e a Pol\u00edtica de Privacidade As presentes condi\u00e7\u00f5es de venda aplicam-se a todos os bens fornecidos pela DROIX, com sede social em 54C Expressway, N Woolwich Rd, Londres, E16 2AA, Reino Unido). No contrato","canonical_url":"https:\/\/droix.eu\/pt-pt\/politica-de-cookies\/","robots":"max-image-preview:large","keywords":"","webmasterTools":{"miscellaneous":""},"schema":{"@context":"https:\/\/schema.org","@graph":[{"@type":"BreadcrumbList","@id":"https:\/\/droix.eu\/pt-pt\/politica-de-cookies\/#breadcrumblist","itemListElement":[{"@type":"ListItem","@id":"https:\/\/droix.eu\/pt-pt\/#listItem","position":1,"name":"Home","item":"https:\/\/droix.eu\/pt-pt\/","nextItem":{"@type":"ListItem","@id":"https:\/\/droix.eu\/pt-pt\/politica-de-cookies\/#listItem","name":"Pol\u00edtica de cookies"}},{"@type":"ListItem","@id":"https:\/\/droix.eu\/pt-pt\/politica-de-cookies\/#listItem","position":2,"name":"Pol\u00edtica de cookies","previousItem":{"@type":"ListItem","@id":"https:\/\/droix.eu\/pt-pt\/#listItem","name":"Home"}}]},{"@type":"Organization","@id":"https:\/\/droix.eu\/pt-pt\/#organization","name":"DroiX \u2013 Trusted EU Tech Retailer with 12+ Years Experience","description":"DroiX is a leading European technology retailer with over 12 years of experience, offering quality mini PCs, handheld gaming consoles, and tech accessories. We provide hassle-free EU delivery with all taxes included, ensuring a smooth and reliable shopping experience for our customers across Europe.","url":"https:\/\/droix.eu\/pt-pt\/","logo":{"@type":"ImageObject","url":"https:\/\/droix.eu\/wp-content\/uploads\/2024\/06\/droix-v2-light-logo.png","@id":"https:\/\/droix.eu\/pt-pt\/politica-de-cookies\/#organizationLogo","width":380,"height":118},"image":{"@id":"https:\/\/droix.eu\/pt-pt\/politica-de-cookies\/#organizationLogo"},"sameAs":["https:\/\/www.facebook.com\/DroiX.Store","https:\/\/twitter.com\/DroiX_Store","https:\/\/www.instagram.com\/droix.store\/","https:\/\/www.tiktok.com\/@droix.store","https:\/\/www.youtube.com\/c\/DroiX_Store","https:\/\/uk.linkedin.com\/company\/droix"]},{"@type":"WebPage","@id":"https:\/\/droix.eu\/pt-pt\/politica-de-cookies\/#webpage","url":"https:\/\/droix.eu\/pt-pt\/politica-de-cookies\/","name":"Pol\u00edtica de cookies - DROIX EU","description":"A seguinte Pol\u00edtica de Cookies deve ser considerada em conson\u00e2ncia com (emparelhada com), \u201ccomo um s\u00f3\u201d com os Termos e Condi\u00e7\u00f5es e a Pol\u00edtica de Privacidade As presentes condi\u00e7\u00f5es de venda aplicam-se a todos os bens fornecidos pela DROIX, com sede social em 54C Expressway, N Woolwich Rd, Londres, E16 2AA, Reino Unido). No contrato","inLanguage":"pt-PT","isPartOf":{"@id":"https:\/\/droix.eu\/pt-pt\/#website"},"breadcrumb":{"@id":"https:\/\/droix.eu\/pt-pt\/politica-de-cookies\/#breadcrumblist"},"datePublished":"2021-12-23T11:49:46+00:00","dateModified":"2025-05-27T14:21:50+01:00"},{"@type":"WebSite","@id":"https:\/\/droix.eu\/pt-pt\/#website","url":"https:\/\/droix.eu\/pt-pt\/","name":"DROIX EU","description":"Get the latest Mini PCs, Ultrabook, PC Gaming Handhelds and more!","inLanguage":"pt-PT","publisher":{"@id":"https:\/\/droix.eu\/pt-pt\/#organization"}}]},"og:locale":"pt_PT","og:site_name":"DROIX EU - Get the latest Mini PCs, Ultrabook, PC Gaming Handhelds and more!","og:type":"article","og:title":"Pol\u00edtica de cookies - DROIX EU","og:description":"A seguinte Pol\u00edtica de Cookies deve ser considerada em conson\u00e2ncia com (emparelhada com), \u201ccomo um s\u00f3\u201d com os Termos e Condi\u00e7\u00f5es e a Pol\u00edtica de Privacidade As presentes condi\u00e7\u00f5es de venda aplicam-se a todos os bens fornecidos pela DROIX, com sede social em 54C Expressway, N Woolwich Rd, Londres, E16 2AA, Reino Unido). No contrato","og:url":"https:\/\/droix.eu\/pt-pt\/politica-de-cookies\/","og:image":"https:\/\/droix.eu\/wp-content\/uploads\/2024\/06\/droix-v2-light-logo.png","og:image:secure_url":"https:\/\/droix.eu\/wp-content\/uploads\/2024\/06\/droix-v2-light-logo.png","og:image:width":380,"og:image:height":118,"article:published_time":"2021-12-23T11:49:46+00:00","article:modified_time":"2025-05-27T13:21:50+00:00","article:publisher":"https:\/\/www.facebook.com\/DroiX.Store","twitter:card":"summary_large_image","twitter:site":"@DroiX_Store","twitter:title":"Pol\u00edtica de cookies - DROIX EU","twitter:description":"A seguinte Pol\u00edtica de Cookies deve ser considerada em conson\u00e2ncia com (emparelhada com), \u201ccomo um s\u00f3\u201d com os Termos e Condi\u00e7\u00f5es e a Pol\u00edtica de Privacidade As presentes condi\u00e7\u00f5es de venda aplicam-se a todos os bens fornecidos pela DROIX, com sede social em 54C Expressway, N Woolwich Rd, Londres, E16 2AA, Reino Unido). No contrato","twitter:creator":"@DroiX_Store","twitter:image":"https:\/\/droix.eu\/wp-content\/uploads\/2024\/06\/droix-v2-light-logo.png"},"aioseo_meta_data":{"post_id":"554660","title":null,"description":null,"keywords":null,"keyphrases":null,"primary_term":null,"canonical_url":null,"og_title":null,"og_description":null,"og_object_type":"default","og_image_type":"default","og_image_url":null,"og_image_width":null,"og_image_height":null,"og_image_custom_url":null,"og_image_custom_fields":null,"og_video":null,"og_custom_url":null,"og_article_section":null,"og_article_tags":null,"twitter_use_og":true,"twitter_card":"default","twitter_image_type":"default","twitter_image_url":null,"twitter_image_custom_url":null,"twitter_image_custom_fields":null,"twitter_title":null,"twitter_description":null,"schema":{"blockGraphs":[],"customGraphs":[],"default":{"data":{"Article":[],"Course":[],"Dataset":[],"FAQPage":[],"Movie":[],"Person":[],"Product":[],"ProductReview":[],"Car":[],"Recipe":[],"Service":[],"SoftwareApplication":[],"WebPage":[]},"graphName":"","isEnabled":true},"graphs":[]},"schema_type":"default","schema_type_options":null,"pillar_content":false,"robots_default":true,"robots_noindex":false,"robots_noarchive":false,"robots_nosnippet":false,"robots_nofollow":false,"robots_noimageindex":false,"robots_noodp":false,"robots_notranslate":false,"robots_max_snippet":null,"robots_max_videopreview":null,"robots_max_imagepreview":"large","priority":null,"frequency":null,"local_seo":null,"seo_analyzer_scan_date":"2025-09-16 22:54:09","breadcrumb_settings":null,"limit_modified_date":false,"reviewed_by":null,"open_ai":null,"ai":null,"created":"2025-09-16 22:54:09","updated":"2025-11-27 00:06:40"},"aioseo_breadcrumb":"<div class=\"aioseo-breadcrumbs\"><span class=\"aioseo-breadcrumb\">\n\t<a href=\"https:\/\/droix.eu\/pt-pt\/\" title=\"Home\">Home<\/a>\n<\/span><span class=\"aioseo-breadcrumb-separator\">&raquo;<\/span><span class=\"aioseo-breadcrumb\">\n\tPol\u00edtica de cookies\n<\/span><\/div>","aioseo_breadcrumb_json":[{"label":"Home","link":"https:\/\/droix.eu\/pt-pt\/"},{"label":"Pol\u00edtica de cookies","link":"https:\/\/droix.eu\/pt-pt\/politica-de-cookies\/"}],"_links":{"self":[{"href":"https:\/\/droix.eu\/pt-pt\/wp-json\/wp\/v2\/pages\/554660","targetHints":{"allow":["GET"]}}],"collection":[{"href":"https:\/\/droix.eu\/pt-pt\/wp-json\/wp\/v2\/pages"}],"about":[{"href":"https:\/\/droix.eu\/pt-pt\/wp-json\/wp\/v2\/types\/page"}],"author":[{"embeddable":true,"href":"https:\/\/droix.eu\/pt-pt\/wp-json\/wp\/v2\/users\/1"}],"replies":[{"embeddable":true,"href":"https:\/\/droix.eu\/pt-pt\/wp-json\/wp\/v2\/comments?post=554660"}],"version-history":[{"count":0,"href":"https:\/\/droix.eu\/pt-pt\/wp-json\/wp\/v2\/pages\/554660\/revisions"}],"wp:attachment":[{"href":"https:\/\/droix.eu\/pt-pt\/wp-json\/wp\/v2\/media?parent=554660"}],"curies":[{"name":"wp","href":"https:\/\/api.w.org\/{rel}","templated":true}]}}