{"id":552854,"date":"2021-12-22T12:20:12","date_gmt":"2021-12-22T12:20:12","guid":{"rendered":"https:\/\/droix.eu\/contacta-nos\/"},"modified":"2025-12-17T14:26:35","modified_gmt":"2025-12-17T14:26:35","slug":"contacta-nos","status":"publish","type":"page","link":"https:\/\/droix.eu\/pt-pt\/contacta-nos\/","title":{"rendered":"Contacta-nos"},"content":{"rendered":"\t\t<div data-elementor-type=\"wp-page\" data-elementor-id=\"552854\" class=\"elementor elementor-552854 elementor-10257\" data-elementor-post-type=\"page\">\n\t\t\t\t<div class=\"elementor-element elementor-element-c2c2cfc e-con-full e-flex e-con e-parent\" data-id=\"c2c2cfc\" data-element_type=\"container\">\n\t\t<div class=\"elementor-element elementor-element-8148d8e e-con-full e-flex e-con e-child\" data-id=\"8148d8e\" data-element_type=\"container\">\n\t\t\t\t<div class=\"elementor-element elementor-element-db7023d elementor-widget elementor-widget-heading\" data-id=\"db7023d\" data-element_type=\"widget\" data-widget_type=\"heading.default\">\n\t\t\t\t<div class=\"elementor-widget-container\">\n\t\t\t\t\t<h2 class=\"elementor-heading-title elementor-size-default\">Envia-nos um e-mail<\/h2>\t\t\t\t<\/div>\n\t\t\t\t<\/div>\n\t\t\t\t<div class=\"elementor-element elementor-element-3cc244c elementor-widget elementor-widget-shortcode\" data-id=\"3cc244c\" data-element_type=\"widget\" data-widget_type=\"shortcode.default\">\n\t\t\t\t<div class=\"elementor-widget-container\">\n\t\t\t\t\t\t\t<div class=\"elementor-shortcode\">\n<div class=\"wpcf7 no-js\" id=\"wpcf7-f555004-o1\" lang=\"pt-PT\" dir=\"ltr\" data-wpcf7-id=\"555004\">\n<div class=\"screen-reader-response\"><p role=\"status\" aria-live=\"polite\" aria-atomic=\"true\"><\/p> <ul><\/ul><\/div>\n<form action=\"\/pt-pt\/wp-json\/wp\/v2\/pages\/552854#wpcf7-f555004-o1\" method=\"post\" class=\"wpcf7-form init\" aria-label=\"Formul\u00e1rio de contacto\" novalidate=\"novalidate\" data-status=\"init\">\n<fieldset class=\"hidden-fields-container\"><input type=\"hidden\" name=\"_wpcf7\" value=\"555004\" \/><input type=\"hidden\" name=\"_wpcf7_version\" value=\"6.1\" \/><input type=\"hidden\" name=\"_wpcf7_locale\" value=\"pt_PT\" \/><input type=\"hidden\" name=\"_wpcf7_unit_tag\" value=\"wpcf7-f555004-o1\" \/><input type=\"hidden\" name=\"_wpcf7_container_post\" value=\"0\" \/><input type=\"hidden\" name=\"_wpcf7_posted_data_hash\" value=\"\" \/>\n<\/fieldset>\n<div class=\"contact-form-container\">\n <!-- Contact Form Header -->\n\t<div class=\"contact-form-header\">\n\t\t<h2>Contacta-nos\n\t\t<\/h2>\n\t\t<p>Gostar\u00edamos de o ouvir. Envie-nos uma mensagem e responderemos o mais rapidamente poss\u00edvel.\n\t\t<\/p>\n\t<\/div>\n\n <!-- Personal Information Section -->\n\t<div class=\"form-section\">\n\t\t<h4>Informa\u00e7\u00f5es pessoais\n\t\t<\/h4>\n\t\t<div class=\"row\">\n\t\t\t<div class=\"col-lg-6\">\n\t\t\t\t<div class=\"form-group\">\n\t\t\t\t\t<p><label for=\"name\">Nome completo <span class=\"required\">*<\/span><\/label><br \/>\n<span class=\"wpcf7-form-control-wrap\" data-name=\"text-639\"><input size=\"40\" maxlength=\"400\" class=\"wpcf7-form-control wpcf7-text wpcf7-validates-as-required form-control\" id=\"name\" aria-required=\"true\" aria-invalid=\"false\" placeholder=\"Introduza o seu nome completo\" value=\"\" type=\"text\" name=\"text-639\" \/><\/span>\n\t\t\t\t\t<\/p>\n\t\t\t\t<\/div>\n\t\t\t<\/div>\n\t\t\t<div class=\"col-lg-6\">\n\t\t\t\t<div class=\"form-group\">\n\t\t\t\t\t<p><label for=\"email\">Endere\u00e7o de correio eletr\u00f3nico <span class=\"required\">*<\/span><\/label><br \/>\n<span class=\"wpcf7-form-control-wrap\" data-name=\"email-824\"><input size=\"40\" maxlength=\"400\" class=\"wpcf7-form-control wpcf7-email wpcf7-validates-as-required wpcf7-text wpcf7-validates-as-email form-control\" id=\"email\" aria-required=\"true\" aria-invalid=\"false\" placeholder=\"your.email@example.com\" value=\"\" type=\"email\" name=\"email-824\" \/><\/span>\n\t\t\t\t\t<\/p>\n\t\t\t\t<\/div>\n\t\t\t<\/div>\n\t\t<\/div>\n\t<\/div>\n\n <!-- Order Information Section -->\n\t<div class=\"form-section\">\n\t\t<h4>Informa\u00e7\u00f5es sobre a encomenda\n\t\t<\/h4>\n\t\t<p>Se o pedido disser respeito a uma encomenda existente\n\t\t<\/p>\n\t\t<div class=\"row\">\n\t\t\t<div class=\"col-lg-6\">\n\t\t\t\t<div class=\"form-group\">\n\t\t\t\t\t<p><label for=\"order-number\">N\u00famero de ordem<\/label><br \/>\n<span class=\"wpcf7-form-control-wrap\" data-name=\"Order-Number\"><input size=\"40\" maxlength=\"400\" class=\"wpcf7-form-control wpcf7-text form-control\" id=\"order-number\" aria-invalid=\"false\" placeholder=\"por exemplo, ORD-12345\" value=\"\" type=\"text\" name=\"Order-Number\" \/><\/span>\n\t\t\t\t\t<\/p>\n\t\t\t\t<\/div>\n\t\t\t<\/div>\n\t\t<\/div>\n\t<\/div>\n\n <!-- Inquiry Details Section -->\n\t<div class=\"form-section\">\n\t\t<h4>Detalhes da consulta\n\t\t<\/h4>\n\t\t<div class=\"row\">\n\t\t\t<div class=\"col-lg-12\">\n\t\t\t\t<div class=\"form-group\">\n\t\t\t\t\t<p><label for=\"question-category\">A sua pergunta est\u00e1 relacionada com o qu\u00ea? <span class=\"required\">*<\/span><\/label><br \/>\n<span class=\"wpcf7-form-control-wrap\" data-name=\"Pergunta\"><select class=\"wpcf7-form-control wpcf7-select wpcf7-validates-as-required form-control form-question\" aria-required=\"true\" aria-invalid=\"false\" name=\"Pergunta\"><option value=\"Geral\">Geral<\/option><option value=\"Produto\">Produto<\/option><option value=\"Envio\">Envio<\/option><option value=\"Pre\u00e7o\">Pre\u00e7o<\/option><option value=\"Disponibilidade\">Disponibilidade<\/option><option value=\"Personaliza\u00e7\u00e3o\">Personaliza\u00e7\u00e3o<\/option><\/select><\/span>\n\t\t\t\t\t<\/p>\n\t\t\t\t<\/div>\n\t\t\t<\/div>\n\t\t<\/div>\n\t\t<div class=\"row\">\n\t\t\t<div class=\"col-lg-12\">\n\t\t\t\t<div class=\"form-group\">\n\t\t\t\t\t<p><label for=\"message\">A sua mensagem <span class=\"required\">*<\/span><\/label><br \/>\n<span class=\"wpcf7-form-control-wrap\" data-name=\"Message\"><textarea cols=\"40\" rows=\"6\" maxlength=\"2000\" class=\"wpcf7-form-control wpcf7-textarea wpcf7-validates-as-required form-control\" id=\"message\" aria-required=\"true\" aria-invalid=\"false\" placeholder=\"Por favor, forne\u00e7a detalhes sobre o seu pedido. Quanto mais informa\u00e7\u00f5es partilhar, melhor o poderemos ajudar.\" name=\"Message\"><\/textarea><\/span>\n\t\t\t\t\t<\/p>\n\t\t\t\t<\/div>\n\t\t\t<\/div>\n\t\t<\/div>\n\t<\/div>\n\n <!-- Security & Terms Section -->\n\t<div class=\"form-section\">\n\t\t<h4>Verifica\u00e7\u00e3o de seguran\u00e7a\n\t\t<\/h4>\n\t\t<p><div class=\"cf7-cf-turnstile\" style=\"margin-top: 0px; margin-bottom: -15px;\"> <div id=\"cf-turnstile-cf7-3494709810\" class=\"cf-turnstile\" data-sitekey=\"0x4AAAAAABhVXQTqdAhmLj9D\" data-theme=\"light\" data-language=\"auto\" data-size=\"normal\" data-retry=\"auto\" data-retry-interval=\"1000\" data-action=\"contact-form-7\" data-appearance=\"always\"><\/div> <script>document.addEventListener(\"DOMContentLoaded\", function() { setTimeout(function(){ var e=document.getElementById(\"cf-turnstile-cf7-3494709810\"); e&&!e.innerHTML.trim()&&(turnstile.remove(\"#cf-turnstile-cf7-3494709810\"), turnstile.render(\"#cf-turnstile-cf7-3494709810\", {sitekey:\"0x4AAAAAABhVXQTqdAhmLj9D\"})); }, 0); });<\/script> <br class=\"cf-turnstile-br cf-turnstile-br-cf7-3494709810\"> <style>#cf-turnstile-cf7-3494709810 { margin-left: -15px; }<\/style> <script>document.addEventListener(\"DOMContentLoaded\",function(){document.querySelectorAll('.wpcf7-form').forEach(function(e){e.addEventListener('submit',function(){if(document.getElementById('cf-turnstile-cf7-3494709810')){setTimeout(function(){turnstile.reset('#cf-turnstile-cf7-3494709810');},1000)}})})});<\/script> <\/div>\n\t\t<\/p>\n\t\t<div class=\"form-group\">\n\t\t\t<p><span class=\"wpcf7-form-control-wrap\" data-name=\"accept-this-2\"><span class=\"wpcf7-form-control wpcf7-acceptance\"><span class=\"wpcf7-list-item\"><label><input type=\"checkbox\" name=\"accept-this-2\" value=\"1\" aria-invalid=\"false\" \/><span class=\"wpcf7-list-item-label\"><label for=\"accept-this-2\">\n  Aceito os <a href=\"#\" target=\"_blank\">Termos e Condi\u00e7\u00f5es<\/a> e a <a href=\"#\" target=\"_blank\">Pol\u00edtica de Privacidade<\/a>\n <span class=\"required\">*<\/span>\n      <\/label><\/span><\/label><\/span><\/span><\/span>\n\t\t\t<\/p>\n\t\t<\/div>\n\t<\/div>\n\n <!-- Submit Section -->\n\t<div class=\"form-submit-section\">\n\t\t<p><input class=\"wpcf7-form-control wpcf7-submit has-spinner button btn btn-primary\" type=\"submit\" value=\"Enviar mensagem\" \/>\n\t\t<\/p>\n\t\t<p><small>Normalmente, respondemos no prazo de 24 horas<\/small>\n\t\t<\/p>\n\t<\/div>\n<\/div>\n<style>\n.contact-form-container {\n max-width: 800px;\n margin: 0 auto;\n padding: 30px;\n background: #fff;\n border-radius: 4px;\n box-shadow: 0 1px 15px rgba(0, 0, 0, 0.08);\n}\n\n.contact-form-header {\n text-align: center;\n margin-bottom: 40px;\n padding-bottom: 20px;\n border-bottom: 1px solid #eee;\n}\n\n.contact-form-header h2 {\n color: #131315;\n margin-bottom: 10px;\n}\n\n.contact-form-header p {\n color: #555;\n font-size: 16px;\n}\n\n.form-section {\n margin-bottom: 35px;\n}\n\n.form-section h4 {\n color: #131315;\n margin-bottom: 15px;\n font-size: 1.2em;\n}\n\n.form-section > p {\n color: #718096;\n font-size: 14px;\n margin-bottom: 20px;\n}\n\n.form-group {\n margin-bottom: 20px;\n}\n\n.form-group label {\n display: block;\n margin-bottom: 8px;\n font-weight: 600;\n color: #4a5568;\n font-size: 14px;\n}\n\n.form-submit-section {\n text-align: center;\n padding-top: 20px;\n border-top: 1px solid #eee;\n}\n\n.form-submit-section p {\n margin-top: 15px;\n color: #718096;\n}\n\n.form-submit-section small {\n font-size: 14px;\n}\n\n.row {\n display: flex;\n flex-wrap: wrap;\n margin-left: -15px;\n margin-right: -15px;\n}\n\n.col-lg-6 {\n flex: 0 0 50%;\n max-width: 50%;\n padding-left: 15px;\n padding-right: 15px;\n}\n\n.col-lg-12 {\n flex: 0 0 100%;\n max-width: 100%;\n padding-left: 15px;\n padding-right: 15px;\n}\n\n@media (max-width: 768px) {\n .col-lg-6 {\n flex: 0 0 100%;\n max-width: 100%;\n }\n \n .contact-form-container {\n padding: 20px;\n }\n \n .row {\n margin-left: -10px;\n margin-right: -10px;\n }\n \n .col-lg-6,\n .col-lg-12 {\n padding-left: 10px;\n padding-right: 10px;\n }\n}\n<\/style><div class=\"wpcf7-response-output\" aria-hidden=\"true\"><\/div>\n<\/form>\n<\/div>\n<\/div>\n\t\t\t\t\t\t<\/div>\n\t\t\t\t<\/div>\n\t\t\t\t<\/div>\n\t\t\t\t<\/div>\n\t\t\t\t<\/div>\n\t\t","protected":false},"excerpt":{"rendered":"<p>Envia-nos um e-mail<\/p>\n","protected":false},"author":2,"featured_media":0,"parent":0,"menu_order":0,"comment_status":"closed","ping_status":"closed","template":"","meta":{"_acf_changed":false,"footnotes":""},"class_list":["post-552854","page","type-page","status-publish","hentry"],"acf":[],"aioseo_notices":[],"aioseo_head":"\n\t\t<!-- All in One SEO Pro 4.9.5.2 - aioseo.com -->\n\t<meta name=\"description\" content=\"Envia-nos um e-mail Contacta-nos Gostar\u00edamos de o ouvir. Envie-nos uma mensagem e responderemos o mais rapidamente poss\u00edvel. Informa\u00e7\u00f5es pessoais Nome completo * Endere\u00e7o de correio eletr\u00f3nico * Informa\u00e7\u00f5es sobre a encomenda Se o pedido disser respeito a uma encomenda existente N\u00famero de ordem Detalhes da consulta A sua pergunta est\u00e1 relacionada com o qu\u00ea? *\" \/>\n\t<meta name=\"robots\" content=\"max-image-preview:large\" \/>\n\t<link rel=\"canonical\" href=\"https:\/\/droix.eu\/pt-pt\/contacta-nos\/\" \/>\n\t<meta name=\"generator\" content=\"All in One SEO Pro (AIOSEO) 4.9.5.2\" \/>\n\t\t<meta property=\"og:locale\" content=\"pt_PT\" \/>\n\t\t<meta property=\"og:site_name\" content=\"DROIX EU - Get the latest Mini PCs, Ultrabook, PC Gaming Handhelds and more!\" \/>\n\t\t<meta property=\"og:type\" content=\"article\" \/>\n\t\t<meta property=\"og:title\" content=\"Contacta-nos - DROIX EU\" \/>\n\t\t<meta property=\"og:description\" content=\"Envia-nos um e-mail Contacta-nos Gostar\u00edamos de o ouvir. Envie-nos uma mensagem e responderemos o mais rapidamente poss\u00edvel. Informa\u00e7\u00f5es pessoais Nome completo * Endere\u00e7o de correio eletr\u00f3nico * Informa\u00e7\u00f5es sobre a encomenda Se o pedido disser respeito a uma encomenda existente N\u00famero de ordem Detalhes da consulta A sua pergunta est\u00e1 relacionada com o qu\u00ea? *\" \/>\n\t\t<meta property=\"og:url\" content=\"https:\/\/droix.eu\/pt-pt\/contacta-nos\/\" \/>\n\t\t<meta property=\"og:image\" content=\"https:\/\/droix.eu\/wp-content\/uploads\/2024\/06\/droix-v2-light-logo.png\" \/>\n\t\t<meta property=\"og:image:secure_url\" content=\"https:\/\/droix.eu\/wp-content\/uploads\/2024\/06\/droix-v2-light-logo.png\" \/>\n\t\t<meta property=\"og:image:width\" content=\"380\" \/>\n\t\t<meta property=\"og:image:height\" content=\"118\" \/>\n\t\t<meta property=\"article:published_time\" content=\"2021-12-22T12:20:12+00:00\" \/>\n\t\t<meta property=\"article:modified_time\" content=\"2025-12-17T14:26:35+00:00\" \/>\n\t\t<meta property=\"article:publisher\" content=\"https:\/\/www.facebook.com\/DroiX.Store\" \/>\n\t\t<meta name=\"twitter:card\" content=\"summary_large_image\" \/>\n\t\t<meta name=\"twitter:site\" content=\"@DroiX_Store\" \/>\n\t\t<meta name=\"twitter:title\" content=\"Contacta-nos - DROIX EU\" \/>\n\t\t<meta name=\"twitter:description\" content=\"Envia-nos um e-mail Contacta-nos Gostar\u00edamos de o ouvir. Envie-nos uma mensagem e responderemos o mais rapidamente poss\u00edvel. Informa\u00e7\u00f5es pessoais Nome completo * Endere\u00e7o de correio eletr\u00f3nico * Informa\u00e7\u00f5es sobre a encomenda Se o pedido disser respeito a uma encomenda existente N\u00famero de ordem Detalhes da consulta A sua pergunta est\u00e1 relacionada com o qu\u00ea? *\" \/>\n\t\t<meta name=\"twitter:creator\" content=\"@DroiX_Store\" \/>\n\t\t<meta name=\"twitter:image\" content=\"https:\/\/droix.eu\/wp-content\/uploads\/2024\/06\/droix-v2-light-logo.png\" \/>\n\t\t<script type=\"application\/ld+json\" class=\"aioseo-schema\">\n\t\t\t{\"@context\":\"https:\\\/\\\/schema.org\",\"@graph\":[{\"@type\":\"BreadcrumbList\",\"@id\":\"https:\\\/\\\/droix.eu\\\/pt-pt\\\/contacta-nos\\\/#breadcrumblist\",\"itemListElement\":[{\"@type\":\"ListItem\",\"@id\":\"https:\\\/\\\/droix.eu\\\/pt-pt\\\/#listItem\",\"position\":1,\"name\":\"Home\",\"item\":\"https:\\\/\\\/droix.eu\\\/pt-pt\\\/\",\"nextItem\":{\"@type\":\"ListItem\",\"@id\":\"https:\\\/\\\/droix.eu\\\/pt-pt\\\/contacta-nos\\\/#listItem\",\"name\":\"Contacta-nos\"}},{\"@type\":\"ListItem\",\"@id\":\"https:\\\/\\\/droix.eu\\\/pt-pt\\\/contacta-nos\\\/#listItem\",\"position\":2,\"name\":\"Contacta-nos\",\"previousItem\":{\"@type\":\"ListItem\",\"@id\":\"https:\\\/\\\/droix.eu\\\/pt-pt\\\/#listItem\",\"name\":\"Home\"}}]},{\"@type\":\"Organization\",\"@id\":\"https:\\\/\\\/droix.eu\\\/pt-pt\\\/#organization\",\"name\":\"DroiX \\u2013 Trusted EU Tech Retailer with 12+ Years Experience\",\"description\":\"DroiX is a leading European technology retailer with over 12 years of experience, offering quality mini PCs, handheld gaming consoles, and tech accessories. We provide hassle-free EU delivery with all taxes included, ensuring a smooth and reliable shopping experience for our customers across Europe.\",\"url\":\"https:\\\/\\\/droix.eu\\\/pt-pt\\\/\",\"logo\":{\"@type\":\"ImageObject\",\"url\":\"https:\\\/\\\/droix.eu\\\/wp-content\\\/uploads\\\/2024\\\/06\\\/droix-v2-light-logo.png\",\"@id\":\"https:\\\/\\\/droix.eu\\\/pt-pt\\\/contacta-nos\\\/#organizationLogo\",\"width\":380,\"height\":118},\"image\":{\"@id\":\"https:\\\/\\\/droix.eu\\\/pt-pt\\\/contacta-nos\\\/#organizationLogo\"},\"sameAs\":[\"https:\\\/\\\/www.facebook.com\\\/DroiX.Store\",\"https:\\\/\\\/twitter.com\\\/DroiX_Store\",\"https:\\\/\\\/www.instagram.com\\\/droix.store\\\/\",\"https:\\\/\\\/www.tiktok.com\\\/@droix.store\",\"https:\\\/\\\/www.youtube.com\\\/c\\\/DroiX_Store\",\"https:\\\/\\\/uk.linkedin.com\\\/company\\\/droix\"]},{\"@type\":\"WebPage\",\"@id\":\"https:\\\/\\\/droix.eu\\\/pt-pt\\\/contacta-nos\\\/#webpage\",\"url\":\"https:\\\/\\\/droix.eu\\\/pt-pt\\\/contacta-nos\\\/\",\"name\":\"Contacta-nos - DROIX EU\",\"description\":\"Envia-nos um e-mail Contacta-nos Gostar\\u00edamos de o ouvir. Envie-nos uma mensagem e responderemos o mais rapidamente poss\\u00edvel. Informa\\u00e7\\u00f5es pessoais Nome completo * Endere\\u00e7o de correio eletr\\u00f3nico * Informa\\u00e7\\u00f5es sobre a encomenda Se o pedido disser respeito a uma encomenda existente N\\u00famero de ordem Detalhes da consulta A sua pergunta est\\u00e1 relacionada com o qu\\u00ea? *\",\"inLanguage\":\"pt-PT\",\"isPartOf\":{\"@id\":\"https:\\\/\\\/droix.eu\\\/pt-pt\\\/#website\"},\"breadcrumb\":{\"@id\":\"https:\\\/\\\/droix.eu\\\/pt-pt\\\/contacta-nos\\\/#breadcrumblist\"},\"datePublished\":\"2021-12-22T12:20:12+00:00\",\"dateModified\":\"2025-12-17T14:26:35+00:00\"},{\"@type\":\"WebSite\",\"@id\":\"https:\\\/\\\/droix.eu\\\/pt-pt\\\/#website\",\"url\":\"https:\\\/\\\/droix.eu\\\/pt-pt\\\/\",\"name\":\"DROIX EU\",\"description\":\"Get the latest Mini PCs, Ultrabook, PC Gaming Handhelds and more!\",\"inLanguage\":\"pt-PT\",\"publisher\":{\"@id\":\"https:\\\/\\\/droix.eu\\\/pt-pt\\\/#organization\"}}]}\n\t\t<\/script>\n\t\t<!-- All in One SEO Pro -->\r\n\t\t<title>Contacta-nos - DROIX EU<\/title>\n\n","aioseo_head_json":{"title":"Contacta-nos - DROIX EU","description":"Envia-nos um e-mail Contacta-nos Gostar\u00edamos de o ouvir. Envie-nos uma mensagem e responderemos o mais rapidamente poss\u00edvel. Informa\u00e7\u00f5es pessoais Nome completo * Endere\u00e7o de correio eletr\u00f3nico * Informa\u00e7\u00f5es sobre a encomenda Se o pedido disser respeito a uma encomenda existente N\u00famero de ordem Detalhes da consulta A sua pergunta est\u00e1 relacionada com o qu\u00ea? *","canonical_url":"https:\/\/droix.eu\/pt-pt\/contacta-nos\/","robots":"max-image-preview:large","keywords":"","webmasterTools":{"miscellaneous":""},"schema":{"@context":"https:\/\/schema.org","@graph":[{"@type":"BreadcrumbList","@id":"https:\/\/droix.eu\/pt-pt\/contacta-nos\/#breadcrumblist","itemListElement":[{"@type":"ListItem","@id":"https:\/\/droix.eu\/pt-pt\/#listItem","position":1,"name":"Home","item":"https:\/\/droix.eu\/pt-pt\/","nextItem":{"@type":"ListItem","@id":"https:\/\/droix.eu\/pt-pt\/contacta-nos\/#listItem","name":"Contacta-nos"}},{"@type":"ListItem","@id":"https:\/\/droix.eu\/pt-pt\/contacta-nos\/#listItem","position":2,"name":"Contacta-nos","previousItem":{"@type":"ListItem","@id":"https:\/\/droix.eu\/pt-pt\/#listItem","name":"Home"}}]},{"@type":"Organization","@id":"https:\/\/droix.eu\/pt-pt\/#organization","name":"DroiX \u2013 Trusted EU Tech Retailer with 12+ Years Experience","description":"DroiX is a leading European technology retailer with over 12 years of experience, offering quality mini PCs, handheld gaming consoles, and tech accessories. We provide hassle-free EU delivery with all taxes included, ensuring a smooth and reliable shopping experience for our customers across Europe.","url":"https:\/\/droix.eu\/pt-pt\/","logo":{"@type":"ImageObject","url":"https:\/\/droix.eu\/wp-content\/uploads\/2024\/06\/droix-v2-light-logo.png","@id":"https:\/\/droix.eu\/pt-pt\/contacta-nos\/#organizationLogo","width":380,"height":118},"image":{"@id":"https:\/\/droix.eu\/pt-pt\/contacta-nos\/#organizationLogo"},"sameAs":["https:\/\/www.facebook.com\/DroiX.Store","https:\/\/twitter.com\/DroiX_Store","https:\/\/www.instagram.com\/droix.store\/","https:\/\/www.tiktok.com\/@droix.store","https:\/\/www.youtube.com\/c\/DroiX_Store","https:\/\/uk.linkedin.com\/company\/droix"]},{"@type":"WebPage","@id":"https:\/\/droix.eu\/pt-pt\/contacta-nos\/#webpage","url":"https:\/\/droix.eu\/pt-pt\/contacta-nos\/","name":"Contacta-nos - DROIX EU","description":"Envia-nos um e-mail Contacta-nos Gostar\u00edamos de o ouvir. Envie-nos uma mensagem e responderemos o mais rapidamente poss\u00edvel. Informa\u00e7\u00f5es pessoais Nome completo * Endere\u00e7o de correio eletr\u00f3nico * Informa\u00e7\u00f5es sobre a encomenda Se o pedido disser respeito a uma encomenda existente N\u00famero de ordem Detalhes da consulta A sua pergunta est\u00e1 relacionada com o qu\u00ea? *","inLanguage":"pt-PT","isPartOf":{"@id":"https:\/\/droix.eu\/pt-pt\/#website"},"breadcrumb":{"@id":"https:\/\/droix.eu\/pt-pt\/contacta-nos\/#breadcrumblist"},"datePublished":"2021-12-22T12:20:12+00:00","dateModified":"2025-12-17T14:26:35+00:00"},{"@type":"WebSite","@id":"https:\/\/droix.eu\/pt-pt\/#website","url":"https:\/\/droix.eu\/pt-pt\/","name":"DROIX EU","description":"Get the latest Mini PCs, Ultrabook, PC Gaming Handhelds and more!","inLanguage":"pt-PT","publisher":{"@id":"https:\/\/droix.eu\/pt-pt\/#organization"}}]},"og:locale":"pt_PT","og:site_name":"DROIX EU - Get the latest Mini PCs, Ultrabook, PC Gaming Handhelds and more!","og:type":"article","og:title":"Contacta-nos - DROIX EU","og:description":"Envia-nos um e-mail Contacta-nos Gostar\u00edamos de o ouvir. Envie-nos uma mensagem e responderemos o mais rapidamente poss\u00edvel. Informa\u00e7\u00f5es pessoais Nome completo * Endere\u00e7o de correio eletr\u00f3nico * Informa\u00e7\u00f5es sobre a encomenda Se o pedido disser respeito a uma encomenda existente N\u00famero de ordem Detalhes da consulta A sua pergunta est\u00e1 relacionada com o qu\u00ea? *","og:url":"https:\/\/droix.eu\/pt-pt\/contacta-nos\/","og:image":"https:\/\/droix.eu\/wp-content\/uploads\/2024\/06\/droix-v2-light-logo.png","og:image:secure_url":"https:\/\/droix.eu\/wp-content\/uploads\/2024\/06\/droix-v2-light-logo.png","og:image:width":380,"og:image:height":118,"article:published_time":"2021-12-22T12:20:12+00:00","article:modified_time":"2025-12-17T14:26:35+00:00","article:publisher":"https:\/\/www.facebook.com\/DroiX.Store","twitter:card":"summary_large_image","twitter:site":"@DroiX_Store","twitter:title":"Contacta-nos - DROIX EU","twitter:description":"Envia-nos um e-mail Contacta-nos Gostar\u00edamos de o ouvir. Envie-nos uma mensagem e responderemos o mais rapidamente poss\u00edvel. Informa\u00e7\u00f5es pessoais Nome completo * Endere\u00e7o de correio eletr\u00f3nico * Informa\u00e7\u00f5es sobre a encomenda Se o pedido disser respeito a uma encomenda existente N\u00famero de ordem Detalhes da consulta A sua pergunta est\u00e1 relacionada com o qu\u00ea? *","twitter:creator":"@DroiX_Store","twitter:image":"https:\/\/droix.eu\/wp-content\/uploads\/2024\/06\/droix-v2-light-logo.png"},"aioseo_meta_data":{"post_id":"552854","title":null,"description":null,"keywords":null,"keyphrases":{"focus":{"keyphrase":"","score":0,"analysis":{"keyphraseInTitle":{"score":0,"maxScore":9,"error":1}}},"additional":[]},"primary_term":null,"canonical_url":null,"og_title":null,"og_description":null,"og_object_type":"default","og_image_type":"default","og_image_url":null,"og_image_width":null,"og_image_height":null,"og_image_custom_url":null,"og_image_custom_fields":null,"og_video":"","og_custom_url":null,"og_article_section":null,"og_article_tags":null,"twitter_use_og":true,"twitter_card":"default","twitter_image_type":"default","twitter_image_url":null,"twitter_image_custom_url":null,"twitter_image_custom_fields":null,"twitter_title":null,"twitter_description":null,"schema":{"blockGraphs":[],"customGraphs":[],"default":{"data":{"Article":[],"Course":[],"Dataset":[],"FAQPage":[],"Movie":[],"Person":[],"Product":[],"ProductReview":[],"Car":[],"Recipe":[],"Service":[],"SoftwareApplication":[],"WebPage":[]},"graphName":"WebPage","isEnabled":true},"graphs":[]},"schema_type":"default","schema_type_options":null,"pillar_content":false,"robots_default":true,"robots_noindex":false,"robots_noarchive":false,"robots_nosnippet":false,"robots_nofollow":false,"robots_noimageindex":false,"robots_noodp":false,"robots_notranslate":false,"robots_max_snippet":"-1","robots_max_videopreview":"-1","robots_max_imagepreview":"large","priority":null,"frequency":"default","local_seo":null,"seo_analyzer_scan_date":"2025-12-17 15:40:05","breadcrumb_settings":null,"limit_modified_date":false,"reviewed_by":null,"open_ai":null,"ai":{"faqs":[],"keyPoints":[],"titles":[],"descriptions":[],"socialPosts":{"email":[],"linkedin":[],"twitter":[],"facebook":[],"instagram":[]}},"created":"2025-09-16 22:43:58","updated":"2026-01-24 08:27:01"},"aioseo_breadcrumb":"<div class=\"aioseo-breadcrumbs\"><span class=\"aioseo-breadcrumb\">\n\t<a href=\"https:\/\/droix.eu\/pt-pt\/\" title=\"Home\">Home<\/a>\n<\/span><span class=\"aioseo-breadcrumb-separator\">&raquo;<\/span><span class=\"aioseo-breadcrumb\">\n\tContacta-nos\n<\/span><\/div>","aioseo_breadcrumb_json":[{"label":"Home","link":"https:\/\/droix.eu\/pt-pt\/"},{"label":"Contacta-nos","link":"https:\/\/droix.eu\/pt-pt\/contacta-nos\/"}],"_links":{"self":[{"href":"https:\/\/droix.eu\/pt-pt\/wp-json\/wp\/v2\/pages\/552854","targetHints":{"allow":["GET"]}}],"collection":[{"href":"https:\/\/droix.eu\/pt-pt\/wp-json\/wp\/v2\/pages"}],"about":[{"href":"https:\/\/droix.eu\/pt-pt\/wp-json\/wp\/v2\/types\/page"}],"author":[{"embeddable":true,"href":"https:\/\/droix.eu\/pt-pt\/wp-json\/wp\/v2\/users\/2"}],"replies":[{"embeddable":true,"href":"https:\/\/droix.eu\/pt-pt\/wp-json\/wp\/v2\/comments?post=552854"}],"version-history":[{"count":0,"href":"https:\/\/droix.eu\/pt-pt\/wp-json\/wp\/v2\/pages\/552854\/revisions"}],"wp:attachment":[{"href":"https:\/\/droix.eu\/pt-pt\/wp-json\/wp\/v2\/media?parent=552854"}],"curies":[{"name":"wp","href":"https:\/\/api.w.org\/{rel}","templated":true}]}}