{"id":552802,"date":"2023-05-02T16:38:01","date_gmt":"2023-05-02T15:38:01","guid":{"rendered":"https:\/\/droix.eu\/stock-pagamento-e-entrega\/"},"modified":"2025-05-27T14:16:34","modified_gmt":"2025-05-27T13:16:34","slug":"stock-pagamento-e-entrega","status":"publish","type":"page","link":"https:\/\/droix.eu\/pt-pt\/stock-pagamento-e-entrega\/","title":{"rendered":"Stock, pagamento e entrega"},"content":{"rendered":"\n<p>Temos o prazer de anunciar que <strong>a DROIX <\/strong>est\u00e1 agora a oferecer op\u00e7\u00f5es de envio ainda mais r\u00e1pidas e acess\u00edveis para todas as tuas necessidades electr\u00f3nicas. O nosso compromisso em fornecer-te um servi\u00e7o excecional ao cliente estende-se a garantir que recebes as tuas encomendas da forma mais r\u00e1pida e eficiente poss\u00edvel, sem gastar muito. <\/p>\n\n<p>Na <strong>DROIX<\/strong>, entendemos a import\u00e2ncia da flexibilidade quando se trata de pagamento. \u00c9 por isso que nos orgulhamos de aceitar pagamentos em todas as principais moedas e m\u00e9todos, incluindo cart\u00f5es de cr\u00e9dito, cart\u00f5es de d\u00e9bito, PayPal, esquemas BNPL e muito mais, para tornar a tua experi\u00eancia de compra perfeita e conveniente. <\/p>\n\n<p>Para melhorar ainda mais o nosso servi\u00e7o, enviamos as encomendas a partir dos nossos armaz\u00e9ns estrategicamente localizados no Reino Unido, na Europa e nos EUA. Isto permite-nos entregar as tuas compras no mais curto espa\u00e7o de tempo poss\u00edvel, minimizando os custos de envio. <\/p>\n\n<p>Al\u00e9m disso, estamos constantemente a trabalhar para expandir as nossas op\u00e7\u00f5es de envio e a negociar melhores acordos com os nossos parceiros de envio para reduzir os custos. O nosso objetivo \u00e9 passar estas poupan\u00e7as para ti e tornar os nossos produtos ainda mais acess\u00edveis a clientes de todo o mundo. <\/p>\n\n<h2 class=\"wp-block-heading\">Informa\u00e7\u00f5es sobre ac\u00e7\u00f5es<\/h2>\n\n<p>Na <strong>DROIX<\/strong>, esfor\u00e7amo-nos por te manter informado sobre a disponibilidade dos nossos produtos. Para te ajudar a compreender melhor os diferentes estados de stock no nosso site, fornecemos uma breve explica\u00e7\u00e3o para cada um deles: <\/p>\n\n<ul class=\"wp-block-list\">\n<li><strong>Em stock:<\/strong> Quando um produto est\u00e1 marcado como \u201cEm stock\u201d, significa que temos o artigo no nosso invent\u00e1rio e que est\u00e1 pronto para ser enviado. As encomendas de artigos em stock s\u00e3o normalmente processadas e enviadas num curto espa\u00e7o de tempo, garantindo que recebes os teus produtos o mais rapidamente poss\u00edvel. <\/li>\n\n\n\n<li><strong>Em espera:<\/strong> Se um produto estiver listado como \u201cEm espera\u201d, isso indica que o item foi lan\u00e7ado oficialmente, mas n\u00e3o temos stock. Fica descansado, enviaremos a tua encomenda assim que recebermos novo stock dos fabricantes. A data de reposi\u00e7\u00e3o de stock \u00e9 normalmente indicada na p\u00e1gina do produto, dando-te uma estimativa de quando podes esperar que a tua encomenda seja enviada.  <\/li>\n\n\n\n<li><strong>Pr\u00e9-encomenda:<\/strong> Quando v\u00eas um produto marcado como \u201cPr\u00e9-encomenda\u201d, isso significa que o artigo ainda n\u00e3o foi lan\u00e7ado oficialmente. Ao fazeres uma pr\u00e9-encomenda, reservas o produto e garantes que ser\u00e1s dos primeiros a receb\u00ea-lo assim que for lan\u00e7ado e tivermos stock nos nossos armaz\u00e9ns.  Enviaremos os artigos pr\u00e9-encomendados aos clientes assim que o produto estiver dispon\u00edvel.<\/li>\n<\/ul>\n\n<p>Se tiveres alguma d\u00favida sobre se o artigo est\u00e1 em stock, basta acederes ao nosso <strong>Live Chat<\/strong> ou enviar-nos um e-mail para <strong><a>support@droix.co.uk<\/a><\/strong>e teremos todo o gosto em ajudar-te.<\/p>\n\n<h2 class=\"wp-block-heading\">Pagamento<\/h2>\n\n<p>Na <strong>DROIX<\/strong>, compreendemos a import\u00e2ncia de oferecer op\u00e7\u00f5es de pagamento flex\u00edveis e seguras para uma experi\u00eancia de compra sem problemas. \u00c9 por isso que nos orgulhamos de aceitar uma ampla gama de m\u00e9todos de pagamento, atendendo \u00e0s tuas prefer\u00eancias individuais e garantindo um processo de checkout sem complica\u00e7\u00f5es. <\/p>\n\n<p>Aceitamos de bom grado todos os principais cart\u00f5es de d\u00e9bito e cr\u00e9dito, incluindo:<\/p>\n\n<ul class=\"wp-block-list\">\n<li><strong>Apple Pay:<\/strong> Efectua pagamentos seguros e sem contacto utilizando os teus dispositivos Apple.<\/li>\n\n\n\n<li><strong>Mastercard:<\/strong> Paga com confian\u00e7a utilizando o teu cart\u00e3o de d\u00e9bito ou cr\u00e9dito Mastercard de confian\u00e7a.<\/li>\n\n\n\n<li><strong>Visa:<\/strong> Confia no alcance global e na seguran\u00e7a do teu cart\u00e3o de d\u00e9bito ou cr\u00e9dito Visa.<\/li>\n<\/ul>\n\n<p>Para al\u00e9m dos cart\u00f5es de d\u00e9bito e cr\u00e9dito, tamb\u00e9m aceitamos <strong>PayPal<\/strong>, uma plataforma de pagamento online segura e amplamente reconhecida. O PayPal permite-te fazer compras com confian\u00e7a, sabendo que as tuas informa\u00e7\u00f5es financeiras est\u00e3o protegidas com tecnologia de encripta\u00e7\u00e3o avan\u00e7ada. <\/p>\n\n<p>Ao oferecer v\u00e1rias op\u00e7\u00f5es de pagamento, pretendemos proporcionar-te a flexibilidade e a conveni\u00eancia que mereces quando fazes compras na <strong>DROIX<\/strong>. Se tiveres alguma d\u00favida ou precisares de ajuda com o processo de pagamento, n\u00e3o hesites em contactar a nossa equipa dedicada de apoio ao cliente. <\/p>\n\n<h2 class=\"wp-block-heading\">Expedi\u00e7\u00e3o e impostos<\/h2>\n\n<p>Temos o prazer de te informar que todas as encomendas <strong>DROIX <\/strong>s\u00e3o enviadas exclusivamente a partir do nosso armaz\u00e9m no Reino Unido, localizado em 54C Expressway, N Woolwich Rd, Londres, E16 2AA, Reino Unido. Embora as p\u00e1ginas dos produtos possam fazer refer\u00eancia \u00e0 disponibilidade de entrega internacional, tem em aten\u00e7\u00e3o que <strong>todos os artigos s\u00e3o enviados a partir do Reino Unido<\/strong>, independentemente do destino. N\u00e3o dispomos de centros de distribui\u00e7\u00e3o na UE ou nos EUA. Todas as encomendas internacionais s\u00e3o enviadas a partir do Reino Unido e podem estar sujeitas a taxas e impostos de importa\u00e7\u00e3o, que s\u00e3o calculados no checkout (quando aplic\u00e1vel). A nossa equipa de log\u00edstica est\u00e1 empenhada em garantir um envio eficiente e atempado para todo o mundo a partir da nossa base no Reino Unido.    <\/p>\n\n<ul class=\"wp-block-list\">\n<li><strong>Impostos inclu\u00eddos:<\/strong> Todos os pre\u00e7os indicados no nosso site incluem os impostos aplic\u00e1veis, tornando a tua experi\u00eancia de compra transparente e sem preocupa\u00e7\u00f5es.<\/li>\n\n\n\n<li><strong>Impostos de importa\u00e7\u00e3o:<\/strong> Os clientes do Reino Unido e dos Estados Unidos n\u00e3o incorrer\u00e3o em quaisquer impostos de importa\u00e7\u00e3o adicionais. Para os clientes fora destas regi\u00f5es, a maioria dos artigos tamb\u00e9m ser\u00e1 enviada com os impostos pagos. Isto ser\u00e1 mencionado na p\u00e1gina de cada produto, para que n\u00e3o haja surpresas ocultas durante a entrega.  \n<ul class=\"wp-block-list\">\n<li>Ao completar a tua compra, autorizas a DROIX a pagar estes impostos e taxas de importa\u00e7\u00e3o em teu nome no ponto de entrada. Estes montantes s\u00e3o pagos diretamente \u00e0 autoridade alfandeg\u00e1ria do teu pa\u00eds e, portanto, n\u00e3o s\u00e3o reembols\u00e1veis em qualquer circunst\u00e2ncia, incluindo encomendas recusadas ou devolvidas. <\/li>\n\n\n\n<li>Certifica-te de que est\u00e1s familiarizado com as regras de importa\u00e7\u00e3o do teu pa\u00eds antes de fazeres uma encomenda, uma vez que n\u00e3o podemos recuperar ou reembolsar as taxas de importa\u00e7\u00e3o depois de submetidas \u00e0 alf\u00e2ndega.<\/li>\n<\/ul>\n<\/li>\n<\/ul>\n\n<p><strong>A DROIX <\/strong>envia orgulhosamente para os seguintes pa\u00edses:<\/p>\n\n<ul class=\"wp-block-list\">\n<li>Reino Unido<\/li>\n\n\n\n<li>Alb\u00e2nia<\/li>\n\n\n\n<li>Andorra<\/li>\n\n\n\n<li>\u00c1ustria<\/li>\n\n\n\n<li>B\u00e9lgica<\/li>\n\n\n\n<li>B\u00f3snia e Herzegovina<\/li>\n\n\n\n<li>Bulg\u00e1ria<\/li>\n\n\n\n<li>Canad\u00e1<\/li>\n\n\n\n<li>Cro\u00e1cia<\/li>\n\n\n\n<li>Rep\u00fablica Checa<\/li>\n\n\n\n<li>Dinamarca<\/li>\n\n\n\n<li>Est\u00f3nia<\/li>\n\n\n\n<li>Finl\u00e2ndia<\/li>\n\n\n\n<li>Fran\u00e7a<\/li>\n\n\n\n<li>Alemanha<\/li>\n\n\n\n<li>Gr\u00e9cia<\/li>\n\n\n\n<li>Hungria<\/li>\n\n\n\n<li>Isl\u00e2ndia<\/li>\n\n\n\n<li>Irlanda<\/li>\n\n\n\n<li>It\u00e1lia<\/li>\n\n\n\n<li>Let\u00f3nia<\/li>\n\n\n\n<li>Litu\u00e2nia<\/li>\n\n\n\n<li>Luxemburgo<\/li>\n\n\n\n<li>Malta<\/li>\n\n\n\n<li>Mold\u00e1via<\/li>\n\n\n\n<li>Montenegro<\/li>\n\n\n\n<li>Pa\u00edses Baixos<\/li>\n\n\n\n<li>Noruega<\/li>\n\n\n\n<li>Pol\u00f3nia<\/li>\n\n\n\n<li>Portugal<\/li>\n\n\n\n<li>Rom\u00e9nia<\/li>\n\n\n\n<li>S\u00e9rvia<\/li>\n\n\n\n<li>Eslov\u00e1quia<\/li>\n\n\n\n<li>Eslov\u00e9nia<\/li>\n\n\n\n<li>Espanha<\/li>\n\n\n\n<li>Su\u00e9cia<\/li>\n\n\n\n<li>Su\u00ed\u00e7a<\/li>\n\n\n\n<li>EUA<\/li>\n<\/ul>\n\n<p>Oferecemos v\u00e1rios m\u00e9todos de envio com base na classe do artigo. Os produtos topo de gama s\u00f3 podem ser enviados atrav\u00e9s da <strong>DHL Express<\/strong> para garantir uma entrega segura e r\u00e1pida. As nossas op\u00e7\u00f5es de envio dispon\u00edveis incluem <strong>DHL Express<\/strong>, <strong>DPD<\/strong>, <strong>GlobalMail<\/strong> e <strong>Royal Mail<\/strong>.  <\/p>\n\n<p>Esperamos que esta informa\u00e7\u00e3o esclare\u00e7a as nossas pol\u00edticas e procedimentos de envio. Se tiveres mais perguntas ou d\u00favidas, contacta a nossa equipa de apoio ao cliente para obteres assist\u00eancia. <\/p>\n\n<h4 class=\"wp-block-heading\"><strong>Custo de envio e rastreio<\/strong><\/h4>\n\n<p><strong>Seguimento da encomenda:<\/strong> Enviamos todas as nossas encomendas atrav\u00e9s de m\u00e9todos de rastreio, e um e-mail com o teu n\u00famero de rastreio ser\u00e1 enviado depois de enviarmos a tua encomenda.<\/p>\n\n<p><strong>Custos de envio:<\/strong> Os custos de envio s\u00e3o calculados com base no peso, valor e destino do artigo, com um custo m\u00ednimo de envio de 10,11 \u00a4. Para um c\u00e1lculo exato, adiciona o artigo que pretendes comprar ao teu carrinho e introduz a tua morada durante o checkout. <\/p>\n\n<p>Se tiveres alguma d\u00favida em rela\u00e7\u00e3o \u00e0 tua encomenda ou ao teu seguimento, n\u00e3o hesites em <a href=\"https:\/\/droix.eu\/pt-pt\/contacta-nos\/\" target=\"_blank\" rel=\"noreferrer noopener\" data-type=\"page\" data-id=\"10257\">contactar-nos<\/a><\/p>\n","protected":false},"excerpt":{"rendered":"<p>Temos o prazer de anunciar que a DROIX est\u00e1 agora a oferecer op\u00e7\u00f5es de envio ainda mais r\u00e1pidas e acess\u00edveis para todas as tuas necessidades electr\u00f3nicas. O nosso compromisso em fornecer-te um servi\u00e7o excecional ao cliente estende-se a garantir que recebes as tuas encomendas da forma mais r\u00e1pida e eficiente poss\u00edvel, sem gastar muito. Na [&hellip;]<\/p>\n","protected":false},"author":2,"featured_media":0,"parent":0,"menu_order":0,"comment_status":"closed","ping_status":"closed","template":"","meta":{"_acf_changed":false,"footnotes":""},"class_list":["post-552802","page","type-page","status-publish","hentry"],"acf":[],"aioseo_notices":[],"aioseo_head":"\n\t\t<!-- All in One SEO Pro 4.9.5.2 - aioseo.com -->\n\t<meta name=\"description\" content=\"Temos o prazer de anunciar que a DROIX est\u00e1 agora a oferecer op\u00e7\u00f5es de envio ainda mais r\u00e1pidas e acess\u00edveis para todas as tuas necessidades electr\u00f3nicas. O nosso compromisso em fornecer-te um servi\u00e7o excecional ao cliente estende-se a garantir que recebes as tuas encomendas da forma mais r\u00e1pida e eficiente poss\u00edvel, sem gastar muito. Na\" \/>\n\t<meta name=\"robots\" content=\"max-image-preview:large\" \/>\n\t<link rel=\"canonical\" href=\"https:\/\/droix.eu\/pt-pt\/stock-pagamento-e-entrega\/\" \/>\n\t<meta name=\"generator\" content=\"All in One SEO Pro (AIOSEO) 4.9.5.2\" \/>\n\t\t<meta property=\"og:locale\" content=\"pt_PT\" \/>\n\t\t<meta property=\"og:site_name\" content=\"DROIX EU - Get the latest Mini PCs, Ultrabook, PC Gaming Handhelds and more!\" \/>\n\t\t<meta property=\"og:type\" content=\"article\" \/>\n\t\t<meta property=\"og:title\" content=\"Stock, pagamento e entrega - DROIX EU\" \/>\n\t\t<meta property=\"og:description\" content=\"Temos o prazer de anunciar que a DROIX est\u00e1 agora a oferecer op\u00e7\u00f5es de envio ainda mais r\u00e1pidas e acess\u00edveis para todas as tuas necessidades electr\u00f3nicas. O nosso compromisso em fornecer-te um servi\u00e7o excecional ao cliente estende-se a garantir que recebes as tuas encomendas da forma mais r\u00e1pida e eficiente poss\u00edvel, sem gastar muito. Na\" \/>\n\t\t<meta property=\"og:url\" content=\"https:\/\/droix.eu\/pt-pt\/stock-pagamento-e-entrega\/\" \/>\n\t\t<meta property=\"og:image\" content=\"https:\/\/droix.eu\/wp-content\/uploads\/2024\/06\/droix-v2-light-logo.png\" \/>\n\t\t<meta property=\"og:image:secure_url\" content=\"https:\/\/droix.eu\/wp-content\/uploads\/2024\/06\/droix-v2-light-logo.png\" \/>\n\t\t<meta property=\"og:image:width\" content=\"380\" \/>\n\t\t<meta property=\"og:image:height\" content=\"118\" \/>\n\t\t<meta property=\"article:published_time\" content=\"2023-05-02T15:38:01+00:00\" \/>\n\t\t<meta property=\"article:modified_time\" content=\"2025-05-27T13:16:34+00:00\" \/>\n\t\t<meta property=\"article:publisher\" content=\"https:\/\/www.facebook.com\/DroiX.Store\" \/>\n\t\t<meta name=\"twitter:card\" content=\"summary_large_image\" \/>\n\t\t<meta name=\"twitter:site\" content=\"@DroiX_Store\" \/>\n\t\t<meta name=\"twitter:title\" content=\"Stock, pagamento e entrega - DROIX EU\" \/>\n\t\t<meta name=\"twitter:description\" content=\"Temos o prazer de anunciar que a DROIX est\u00e1 agora a oferecer op\u00e7\u00f5es de envio ainda mais r\u00e1pidas e acess\u00edveis para todas as tuas necessidades electr\u00f3nicas. O nosso compromisso em fornecer-te um servi\u00e7o excecional ao cliente estende-se a garantir que recebes as tuas encomendas da forma mais r\u00e1pida e eficiente poss\u00edvel, sem gastar muito. Na\" \/>\n\t\t<meta name=\"twitter:creator\" content=\"@DroiX_Store\" \/>\n\t\t<meta name=\"twitter:image\" content=\"https:\/\/droix.eu\/wp-content\/uploads\/2024\/06\/droix-v2-light-logo.png\" \/>\n\t\t<script type=\"application\/ld+json\" class=\"aioseo-schema\">\n\t\t\t{\"@context\":\"https:\\\/\\\/schema.org\",\"@graph\":[{\"@type\":\"BreadcrumbList\",\"@id\":\"https:\\\/\\\/droix.eu\\\/pt-pt\\\/stock-pagamento-e-entrega\\\/#breadcrumblist\",\"itemListElement\":[{\"@type\":\"ListItem\",\"@id\":\"https:\\\/\\\/droix.eu\\\/pt-pt\\\/#listItem\",\"position\":1,\"name\":\"Home\",\"item\":\"https:\\\/\\\/droix.eu\\\/pt-pt\\\/\",\"nextItem\":{\"@type\":\"ListItem\",\"@id\":\"https:\\\/\\\/droix.eu\\\/pt-pt\\\/stock-pagamento-e-entrega\\\/#listItem\",\"name\":\"Stock, pagamento e entrega\"}},{\"@type\":\"ListItem\",\"@id\":\"https:\\\/\\\/droix.eu\\\/pt-pt\\\/stock-pagamento-e-entrega\\\/#listItem\",\"position\":2,\"name\":\"Stock, pagamento e entrega\",\"previousItem\":{\"@type\":\"ListItem\",\"@id\":\"https:\\\/\\\/droix.eu\\\/pt-pt\\\/#listItem\",\"name\":\"Home\"}}]},{\"@type\":\"Organization\",\"@id\":\"https:\\\/\\\/droix.eu\\\/pt-pt\\\/#organization\",\"name\":\"DroiX \\u2013 Trusted EU Tech Retailer with 12+ Years Experience\",\"description\":\"DroiX is a leading European technology retailer with over 12 years of experience, offering quality mini PCs, handheld gaming consoles, and tech accessories. We provide hassle-free EU delivery with all taxes included, ensuring a smooth and reliable shopping experience for our customers across Europe.\",\"url\":\"https:\\\/\\\/droix.eu\\\/pt-pt\\\/\",\"logo\":{\"@type\":\"ImageObject\",\"url\":\"https:\\\/\\\/droix.eu\\\/wp-content\\\/uploads\\\/2024\\\/06\\\/droix-v2-light-logo.png\",\"@id\":\"https:\\\/\\\/droix.eu\\\/pt-pt\\\/stock-pagamento-e-entrega\\\/#organizationLogo\",\"width\":380,\"height\":118},\"image\":{\"@id\":\"https:\\\/\\\/droix.eu\\\/pt-pt\\\/stock-pagamento-e-entrega\\\/#organizationLogo\"},\"sameAs\":[\"https:\\\/\\\/www.facebook.com\\\/DroiX.Store\",\"https:\\\/\\\/twitter.com\\\/DroiX_Store\",\"https:\\\/\\\/www.instagram.com\\\/droix.store\\\/\",\"https:\\\/\\\/www.tiktok.com\\\/@droix.store\",\"https:\\\/\\\/www.youtube.com\\\/c\\\/DroiX_Store\",\"https:\\\/\\\/uk.linkedin.com\\\/company\\\/droix\"]},{\"@type\":\"WebPage\",\"@id\":\"https:\\\/\\\/droix.eu\\\/pt-pt\\\/stock-pagamento-e-entrega\\\/#webpage\",\"url\":\"https:\\\/\\\/droix.eu\\\/pt-pt\\\/stock-pagamento-e-entrega\\\/\",\"name\":\"Stock, pagamento e entrega - DROIX EU\",\"description\":\"Temos o prazer de anunciar que a DROIX est\\u00e1 agora a oferecer op\\u00e7\\u00f5es de envio ainda mais r\\u00e1pidas e acess\\u00edveis para todas as tuas necessidades electr\\u00f3nicas. O nosso compromisso em fornecer-te um servi\\u00e7o excecional ao cliente estende-se a garantir que recebes as tuas encomendas da forma mais r\\u00e1pida e eficiente poss\\u00edvel, sem gastar muito. Na\",\"inLanguage\":\"pt-PT\",\"isPartOf\":{\"@id\":\"https:\\\/\\\/droix.eu\\\/pt-pt\\\/#website\"},\"breadcrumb\":{\"@id\":\"https:\\\/\\\/droix.eu\\\/pt-pt\\\/stock-pagamento-e-entrega\\\/#breadcrumblist\"},\"datePublished\":\"2023-05-02T16:38:01+01:00\",\"dateModified\":\"2025-05-27T14:16:34+01:00\"},{\"@type\":\"WebSite\",\"@id\":\"https:\\\/\\\/droix.eu\\\/pt-pt\\\/#website\",\"url\":\"https:\\\/\\\/droix.eu\\\/pt-pt\\\/\",\"name\":\"DROIX EU\",\"description\":\"Get the latest Mini PCs, Ultrabook, PC Gaming Handhelds and more!\",\"inLanguage\":\"pt-PT\",\"publisher\":{\"@id\":\"https:\\\/\\\/droix.eu\\\/pt-pt\\\/#organization\"}}]}\n\t\t<\/script>\n\t\t<!-- All in One SEO Pro -->\r\n\t\t<title>Stock, pagamento e entrega - DROIX EU<\/title>\n\n","aioseo_head_json":{"title":"Stock, pagamento e entrega - DROIX EU","description":"Temos o prazer de anunciar que a DROIX est\u00e1 agora a oferecer op\u00e7\u00f5es de envio ainda mais r\u00e1pidas e acess\u00edveis para todas as tuas necessidades electr\u00f3nicas. O nosso compromisso em fornecer-te um servi\u00e7o excecional ao cliente estende-se a garantir que recebes as tuas encomendas da forma mais r\u00e1pida e eficiente poss\u00edvel, sem gastar muito. Na","canonical_url":"https:\/\/droix.eu\/pt-pt\/stock-pagamento-e-entrega\/","robots":"max-image-preview:large","keywords":"","webmasterTools":{"miscellaneous":""},"schema":{"@context":"https:\/\/schema.org","@graph":[{"@type":"BreadcrumbList","@id":"https:\/\/droix.eu\/pt-pt\/stock-pagamento-e-entrega\/#breadcrumblist","itemListElement":[{"@type":"ListItem","@id":"https:\/\/droix.eu\/pt-pt\/#listItem","position":1,"name":"Home","item":"https:\/\/droix.eu\/pt-pt\/","nextItem":{"@type":"ListItem","@id":"https:\/\/droix.eu\/pt-pt\/stock-pagamento-e-entrega\/#listItem","name":"Stock, pagamento e entrega"}},{"@type":"ListItem","@id":"https:\/\/droix.eu\/pt-pt\/stock-pagamento-e-entrega\/#listItem","position":2,"name":"Stock, pagamento e entrega","previousItem":{"@type":"ListItem","@id":"https:\/\/droix.eu\/pt-pt\/#listItem","name":"Home"}}]},{"@type":"Organization","@id":"https:\/\/droix.eu\/pt-pt\/#organization","name":"DroiX \u2013 Trusted EU Tech Retailer with 12+ Years Experience","description":"DroiX is a leading European technology retailer with over 12 years of experience, offering quality mini PCs, handheld gaming consoles, and tech accessories. We provide hassle-free EU delivery with all taxes included, ensuring a smooth and reliable shopping experience for our customers across Europe.","url":"https:\/\/droix.eu\/pt-pt\/","logo":{"@type":"ImageObject","url":"https:\/\/droix.eu\/wp-content\/uploads\/2024\/06\/droix-v2-light-logo.png","@id":"https:\/\/droix.eu\/pt-pt\/stock-pagamento-e-entrega\/#organizationLogo","width":380,"height":118},"image":{"@id":"https:\/\/droix.eu\/pt-pt\/stock-pagamento-e-entrega\/#organizationLogo"},"sameAs":["https:\/\/www.facebook.com\/DroiX.Store","https:\/\/twitter.com\/DroiX_Store","https:\/\/www.instagram.com\/droix.store\/","https:\/\/www.tiktok.com\/@droix.store","https:\/\/www.youtube.com\/c\/DroiX_Store","https:\/\/uk.linkedin.com\/company\/droix"]},{"@type":"WebPage","@id":"https:\/\/droix.eu\/pt-pt\/stock-pagamento-e-entrega\/#webpage","url":"https:\/\/droix.eu\/pt-pt\/stock-pagamento-e-entrega\/","name":"Stock, pagamento e entrega - DROIX EU","description":"Temos o prazer de anunciar que a DROIX est\u00e1 agora a oferecer op\u00e7\u00f5es de envio ainda mais r\u00e1pidas e acess\u00edveis para todas as tuas necessidades electr\u00f3nicas. O nosso compromisso em fornecer-te um servi\u00e7o excecional ao cliente estende-se a garantir que recebes as tuas encomendas da forma mais r\u00e1pida e eficiente poss\u00edvel, sem gastar muito. Na","inLanguage":"pt-PT","isPartOf":{"@id":"https:\/\/droix.eu\/pt-pt\/#website"},"breadcrumb":{"@id":"https:\/\/droix.eu\/pt-pt\/stock-pagamento-e-entrega\/#breadcrumblist"},"datePublished":"2023-05-02T16:38:01+01:00","dateModified":"2025-05-27T14:16:34+01:00"},{"@type":"WebSite","@id":"https:\/\/droix.eu\/pt-pt\/#website","url":"https:\/\/droix.eu\/pt-pt\/","name":"DROIX EU","description":"Get the latest Mini PCs, Ultrabook, PC Gaming Handhelds and more!","inLanguage":"pt-PT","publisher":{"@id":"https:\/\/droix.eu\/pt-pt\/#organization"}}]},"og:locale":"pt_PT","og:site_name":"DROIX EU - Get the latest Mini PCs, Ultrabook, PC Gaming Handhelds and more!","og:type":"article","og:title":"Stock, pagamento e entrega - DROIX EU","og:description":"Temos o prazer de anunciar que a DROIX est\u00e1 agora a oferecer op\u00e7\u00f5es de envio ainda mais r\u00e1pidas e acess\u00edveis para todas as tuas necessidades electr\u00f3nicas. O nosso compromisso em fornecer-te um servi\u00e7o excecional ao cliente estende-se a garantir que recebes as tuas encomendas da forma mais r\u00e1pida e eficiente poss\u00edvel, sem gastar muito. Na","og:url":"https:\/\/droix.eu\/pt-pt\/stock-pagamento-e-entrega\/","og:image":"https:\/\/droix.eu\/wp-content\/uploads\/2024\/06\/droix-v2-light-logo.png","og:image:secure_url":"https:\/\/droix.eu\/wp-content\/uploads\/2024\/06\/droix-v2-light-logo.png","og:image:width":380,"og:image:height":118,"article:published_time":"2023-05-02T15:38:01+00:00","article:modified_time":"2025-05-27T13:16:34+00:00","article:publisher":"https:\/\/www.facebook.com\/DroiX.Store","twitter:card":"summary_large_image","twitter:site":"@DroiX_Store","twitter:title":"Stock, pagamento e entrega - DROIX EU","twitter:description":"Temos o prazer de anunciar que a DROIX est\u00e1 agora a oferecer op\u00e7\u00f5es de envio ainda mais r\u00e1pidas e acess\u00edveis para todas as tuas necessidades electr\u00f3nicas. O nosso compromisso em fornecer-te um servi\u00e7o excecional ao cliente estende-se a garantir que recebes as tuas encomendas da forma mais r\u00e1pida e eficiente poss\u00edvel, sem gastar muito. Na","twitter:creator":"@DroiX_Store","twitter:image":"https:\/\/droix.eu\/wp-content\/uploads\/2024\/06\/droix-v2-light-logo.png"},"aioseo_meta_data":{"post_id":"552802","title":null,"description":null,"keywords":null,"keyphrases":null,"primary_term":null,"canonical_url":null,"og_title":null,"og_description":null,"og_object_type":"default","og_image_type":"default","og_image_url":null,"og_image_width":null,"og_image_height":null,"og_image_custom_url":null,"og_image_custom_fields":null,"og_video":null,"og_custom_url":null,"og_article_section":null,"og_article_tags":null,"twitter_use_og":true,"twitter_card":"default","twitter_image_type":"default","twitter_image_url":null,"twitter_image_custom_url":null,"twitter_image_custom_fields":null,"twitter_title":null,"twitter_description":null,"schema":{"blockGraphs":[],"customGraphs":[],"default":{"data":{"Article":[],"Course":[],"Dataset":[],"FAQPage":[],"Movie":[],"Person":[],"Product":[],"ProductReview":[],"Car":[],"Recipe":[],"Service":[],"SoftwareApplication":[],"WebPage":[]},"graphName":"","isEnabled":true},"graphs":[]},"schema_type":"default","schema_type_options":null,"pillar_content":false,"robots_default":true,"robots_noindex":false,"robots_noarchive":false,"robots_nosnippet":false,"robots_nofollow":false,"robots_noimageindex":false,"robots_noodp":false,"robots_notranslate":false,"robots_max_snippet":null,"robots_max_videopreview":null,"robots_max_imagepreview":"large","priority":null,"frequency":null,"local_seo":null,"seo_analyzer_scan_date":"2025-09-17 00:22:24","breadcrumb_settings":null,"limit_modified_date":false,"reviewed_by":null,"open_ai":null,"ai":null,"created":"2025-09-17 00:22:24","updated":"2025-11-27 01:28:09"},"aioseo_breadcrumb":"<div class=\"aioseo-breadcrumbs\"><span class=\"aioseo-breadcrumb\">\n\t<a href=\"https:\/\/droix.eu\/pt-pt\/\" title=\"Home\">Home<\/a>\n<\/span><span class=\"aioseo-breadcrumb-separator\">&raquo;<\/span><span class=\"aioseo-breadcrumb\">\n\tStock, pagamento e entrega\n<\/span><\/div>","aioseo_breadcrumb_json":[{"label":"Home","link":"https:\/\/droix.eu\/pt-pt\/"},{"label":"Stock, pagamento e entrega","link":"https:\/\/droix.eu\/pt-pt\/stock-pagamento-e-entrega\/"}],"_links":{"self":[{"href":"https:\/\/droix.eu\/pt-pt\/wp-json\/wp\/v2\/pages\/552802","targetHints":{"allow":["GET"]}}],"collection":[{"href":"https:\/\/droix.eu\/pt-pt\/wp-json\/wp\/v2\/pages"}],"about":[{"href":"https:\/\/droix.eu\/pt-pt\/wp-json\/wp\/v2\/types\/page"}],"author":[{"embeddable":true,"href":"https:\/\/droix.eu\/pt-pt\/wp-json\/wp\/v2\/users\/2"}],"replies":[{"embeddable":true,"href":"https:\/\/droix.eu\/pt-pt\/wp-json\/wp\/v2\/comments?post=552802"}],"version-history":[{"count":0,"href":"https:\/\/droix.eu\/pt-pt\/wp-json\/wp\/v2\/pages\/552802\/revisions"}],"wp:attachment":[{"href":"https:\/\/droix.eu\/pt-pt\/wp-json\/wp\/v2\/media?parent=552802"}],"curies":[{"name":"wp","href":"https:\/\/api.w.org\/{rel}","templated":true}]}}