{"id":719773,"date":"2026-05-08T11:39:44","date_gmt":"2026-05-08T10:39:44","guid":{"rendered":"https:\/\/droix.eu\/product\/ladowarka-sieciowa-usb-c-droix-140w\/"},"modified":"2026-05-13T12:27:57","modified_gmt":"2026-05-13T11:27:57","slug":"ladowarka-sieciowa-usb-c-droix-140w","status":"publish","type":"product","link":"https:\/\/droix.eu\/pl\/product\/ladowarka-sieciowa-usb-c-droix-140w\/","title":{"rendered":"\u0141adowarka sieciowa USB-C DROIX 140W"},"content":{"rendered":"\n<div class=\"wp-block-columns is-layout-flex wp-container-core-columns-is-layout-28f84493 wp-block-columns-is-layout-flex\">\n<div class=\"wp-block-column is-layout-flow wp-block-column-is-layout-flow\" style=\"flex-basis:33.33%\">\n<figure class=\"wp-block-image size-large\"><a href=\"https:\/\/droix.eu\/wp-content\/uploads\/2026\/05\/DROIX-140W-BLACK-DONE-01.png\"><img fetchpriority=\"high\" decoding=\"async\" width=\"1024\" height=\"1024\" src=\"https:\/\/droix.eu\/wp-content\/uploads\/2026\/05\/DROIX-140W-BLACK-DONE-01-1024x1024.png\" alt=\"Szczeg&#xF3;&#x142;owy render produktu przedstawiaj&#x105;cy dwie &#x142;adowarki &#x15B;cienne DROIX 140W GaN z r&#xF3;&#x17C;nych perspektyw, wy&#x15B;wietlane na czarnym tle. &#x141;adowarka na pierwszym planie znajduje si&#x119; w widoku z przodu w trzech czwartych. Jest to matowy czarny blok ze sk&#x142;adan&#x105; wtyczk&#x105; US cz&#x119;&#x15B;ciowo wysuni&#x119;t&#x105; po lewej stronie. Z boku widoczny jest bia&#x142;y napis &quot;CHARGER 140W&quot; z du&#x17C;ym &quot;O&quot; i ma&#x142;ym &quot;140&quot; nad &quot;O&quot; oraz logo DROIX poni&#x17C;ej. Na przedniej b&#x142;yszcz&#x105;cej czarnej powierzchni znajduje si&#x119; centralny okr&#x105;g&#x142;y wy&#x15B;wietlacz z dynamicznym t&#x119;czowym pier&#x15B;cieniem wok&#xF3;&#x142; bia&#x142;ego tekstu &quot;140 W&quot; i ma&#x142;&#x105; zielon&#x105; ikon&#x105; &#x142;adowania. Poni&#x17C;ej wy&#x15B;wietlacza znajduje si&#x119; przycisk lub wska&#x17A;nik LED. T&#x142;o &#x142;adowarki znajduje si&#x119; w widoku z ty&#x142;u w trzech czwartych, pokazuj&#x105;c porty i szczeg&#xF3;&#x142;y tekstu. Zawiera on obszern&#x105; wielowierszow&#x105; specyfikacj&#x119; techniczn&#x105; i certyfikaty bezpiecze&#x144;stwa w ma&#x142;ym bia&#x142;ym tek&#x15B;cie (takie jak numery modeli, warto&#x15B;ci znamionowe napi&#x119;cia \/ pr&#x105;du oraz znaki CE, FCC, UKCA). To urz&#x105;dzenie wy&#x15B;wietla cztery porty wyj&#x15B;ciowe: od g&#xF3;ry do do&#x142;u, jeden port USB-A z pomara&#x144;czowym akcentem oznaczony ma&#x142;ym tekstem &quot;22.5W Max&quot;, a nast&#x119;pnie trzy porty USB-C oznaczone kolejno &quot;40W&quot;, &quot;100W&quot; i &quot;140W&quot;. Obie jednostki maj&#x105; g&#xF3;rne kratki wentylacyjne. Ta kompozycja zapewnia kompleksowy widok marki &#x142;adowarki, wy&#x15B;wietlacza i mo&#x17C;liwo&#x15B;ci port&#xF3;w.          \" class=\"wp-image-719285\" srcset=\"https:\/\/droix.eu\/wp-content\/uploads\/2026\/05\/DROIX-140W-BLACK-DONE-01-1024x1024.png 1024w, https:\/\/droix.eu\/wp-content\/uploads\/2026\/05\/DROIX-140W-BLACK-DONE-01-300x300.png 300w, https:\/\/droix.eu\/wp-content\/uploads\/2026\/05\/DROIX-140W-BLACK-DONE-01-768x768.png 768w, https:\/\/droix.eu\/wp-content\/uploads\/2026\/05\/DROIX-140W-BLACK-DONE-01-990x990.png 990w, https:\/\/droix.eu\/wp-content\/uploads\/2026\/05\/DROIX-140W-BLACK-DONE-01-441x441.png 441w, https:\/\/droix.eu\/wp-content\/uploads\/2026\/05\/DROIX-140W-BLACK-DONE-01-100x100.png 100w, https:\/\/droix.eu\/wp-content\/uploads\/2026\/05\/DROIX-140W-BLACK-DONE-01-1000x1000.png 1000w, https:\/\/droix.eu\/wp-content\/uploads\/2026\/05\/DROIX-140W-BLACK-DONE-01-150x150.png 150w, https:\/\/droix.eu\/wp-content\/uploads\/2026\/05\/DROIX-140W-BLACK-DONE-01.png 1500w\" sizes=\"(max-width: 1024px) 100vw, 1024px\" \/><\/a><\/figure>\n<\/div>\n\n\n\n<div class=\"wp-block-column is-layout-flow wp-block-column-is-layout-flow\" style=\"flex-basis:66.66%\">\n<h2 class=\"wp-block-heading\"><strong><strong><strong>\u0141adowarka sieciowa DROIX 140W USB-C GaN: Najbardziej wydajny koncentrator podr\u00f3\u017cny<\/strong><\/strong><\/strong><\/h2>\n\n\n\n<p>\u0141adowarka sieciowa USB-C DROIX 140W reprezentuje now\u0105 generacj\u0119 przeno\u015bnego zasilania, zaprojektowan\u0105 specjalnie dla u\u017cytkownik\u00f3w, kt\u00f3rzy wymagaj\u0105 wydajno\u015bci bez du\u017cych rozmiar\u00f3w. Integruj\u0105c najnowocze\u015bniejsz\u0105 technologi\u0119 GaN (azotek galu), stworzyli\u015bmy \u0142adowark\u0119, kt\u00f3ra zapewnia ogromny zapas mocy wymagany do uzyskania szczytowej wydajno\u015bci we wszystkim, od najnowszego iPhone&#8217;a 17 po wysokiej klasy urz\u0105dzenia przeno\u015bne do gier. W rezultacie eliminuje potrzeb\u0119 stosowania wielu niepor\u0119cznych adapter\u00f3w, konsoliduj\u0105c potrzeby \u0142adowania w jednej eleganckiej, wysokowydajnej jednostce zasilaj\u0105cej.  <\/p>\n<\/div>\n<\/div>\n\n<h2 class=\"wp-block-heading has-text-align-center\"><strong><strong><strong>Dlaczego \u0142adowarka DROIX 140W USB-C GaN jest niezb\u0119dna w podr\u00f3\u017cy?<\/strong><\/strong><\/strong><\/h2>\n\n<div class=\"wp-block-columns is-layout-flex wp-container-core-columns-is-layout-28f84493 wp-block-columns-is-layout-flex\">\n<div class=\"wp-block-column is-layout-flow wp-block-column-is-layout-flow\">\n<figure class=\"wp-block-image size-large\"><a href=\"https:\/\/droix.eu\/wp-content\/uploads\/2026\/05\/DROIX-140W-MARKETING-DONE-05.jpg\"><img decoding=\"async\" width=\"1024\" height=\"1024\" src=\"https:\/\/droix.eu\/wp-content\/uploads\/2026\/05\/DROIX-140W-MARKETING-DONE-05-1024x1024.jpg\" alt=\"&#x141;adowarka Droix 140W ze sk&#x142;adan&#x105; wtyczk&#x105; UE\/USA i wymiarami pokazanymi na bia&#x142;ym tle\" class=\"wp-image-719286\" srcset=\"https:\/\/droix.eu\/wp-content\/uploads\/2026\/05\/DROIX-140W-MARKETING-DONE-05-1024x1024.jpg 1024w, https:\/\/droix.eu\/wp-content\/uploads\/2026\/05\/DROIX-140W-MARKETING-DONE-05-300x300.jpg 300w, https:\/\/droix.eu\/wp-content\/uploads\/2026\/05\/DROIX-140W-MARKETING-DONE-05-768x768.jpg 768w, https:\/\/droix.eu\/wp-content\/uploads\/2026\/05\/DROIX-140W-MARKETING-DONE-05-990x990.jpg 990w, https:\/\/droix.eu\/wp-content\/uploads\/2026\/05\/DROIX-140W-MARKETING-DONE-05-441x441.jpg 441w, https:\/\/droix.eu\/wp-content\/uploads\/2026\/05\/DROIX-140W-MARKETING-DONE-05-100x100.jpg 100w, https:\/\/droix.eu\/wp-content\/uploads\/2026\/05\/DROIX-140W-MARKETING-DONE-05-1000x1000.jpg 1000w, https:\/\/droix.eu\/wp-content\/uploads\/2026\/05\/DROIX-140W-MARKETING-DONE-05-150x150.jpg 150w, https:\/\/droix.eu\/wp-content\/uploads\/2026\/05\/DROIX-140W-MARKETING-DONE-05.jpg 1500w\" sizes=\"(max-width: 1024px) 100vw, 1024px\" \/><\/a><\/figure>\n<\/div>\n\n\n\n<div class=\"wp-block-column is-layout-flow wp-block-column-is-layout-flow\">\n<figure class=\"wp-block-image size-large\"><a href=\"https:\/\/droix.eu\/wp-content\/uploads\/2026\/05\/DROIX-140W-MARKETING-DONE-012.jpg\"><img decoding=\"async\" width=\"1024\" height=\"1024\" src=\"https:\/\/droix.eu\/wp-content\/uploads\/2026\/05\/DROIX-140W-MARKETING-DONE-012-1024x1024.jpg\" alt=\"&#x141;adowarka &#x15B;cienna DROIX 140W USB-C pod&#x142;&#x105;czona do gniazdka &#x15B;ciennego, &#x142;aduj&#x105;ca jednocze&#x15B;nie cztery urz&#x105;dzenia, w tym laptop, tablet, smartfon i smartwatch. Obraz podkre&#x15B;la funkcj&#x119; &quot;jednoczesnego &#x142;adowania 4 urz&#x105;dze&#x144;&quot; z czterema kablami pod&#x142;&#x105;czonymi do dolnej cz&#x119;&#x15B;ci urz&#x105;dzenia. \" class=\"wp-image-719287\" srcset=\"https:\/\/droix.eu\/wp-content\/uploads\/2026\/05\/DROIX-140W-MARKETING-DONE-012-1024x1024.jpg 1024w, https:\/\/droix.eu\/wp-content\/uploads\/2026\/05\/DROIX-140W-MARKETING-DONE-012-300x300.jpg 300w, https:\/\/droix.eu\/wp-content\/uploads\/2026\/05\/DROIX-140W-MARKETING-DONE-012-768x768.jpg 768w, https:\/\/droix.eu\/wp-content\/uploads\/2026\/05\/DROIX-140W-MARKETING-DONE-012-990x990.jpg 990w, https:\/\/droix.eu\/wp-content\/uploads\/2026\/05\/DROIX-140W-MARKETING-DONE-012-441x441.jpg 441w, https:\/\/droix.eu\/wp-content\/uploads\/2026\/05\/DROIX-140W-MARKETING-DONE-012-100x100.jpg 100w, https:\/\/droix.eu\/wp-content\/uploads\/2026\/05\/DROIX-140W-MARKETING-DONE-012-1000x1000.jpg 1000w, https:\/\/droix.eu\/wp-content\/uploads\/2026\/05\/DROIX-140W-MARKETING-DONE-012-150x150.jpg 150w, https:\/\/droix.eu\/wp-content\/uploads\/2026\/05\/DROIX-140W-MARKETING-DONE-012.jpg 1500w\" sizes=\"(max-width: 1024px) 100vw, 1024px\" \/><\/a><\/figure>\n<\/div>\n<\/div>\n\n<p class=\"has-text-align-left\">Sercem tej konstrukcji jest przeno\u015bno\u015b\u0107. Mierz\u0105c zaledwie 71 mm, \u0142adowarka DROIX 140W jest znacznie mniejsza ni\u017c standardowa \u0142adowarka do laptopa. Pomimo niewielkich rozmiar\u00f3w, pozostaje wystarczaj\u0105co mocna, aby na\u0142adowa\u0107 MacBooka Pro 16&#8243; lub <a href=\"https:\/\/droix.eu\/pl\/product\/gpd-win-max-2-2025\/\" target=\"_blank\" rel=\"noopener\" title=\"\">GPD WIN MAX 2<\/a> z pe\u0142n\u0105 pr\u0119dko\u015bci\u0105.  <\/p>\n\n<p class=\"has-text-align-left\">Co wi\u0119cej, w\u0142\u0105czenie bezproblemowego systemu zatrzaskowego pozwala na \u0142atw\u0105 wymian\u0119 mi\u0119dzy wtyczkami UK, EU, US i AUS. To sprawia, \u017ce jest to prawdziwie globalny towarzysz dla nowoczesnego cyfrowego nomada. Poniewa\u017c dostosowuje si\u0119 do r\u00f3\u017cnych mi\u0119dzynarodowych gniazdek, mo\u017cesz podr\u00f3\u017cowa\u0107 z pewno\u015bci\u0105, wiedz\u0105c, \u017ce Tw\u00f3j sprz\u0119t &#8211; od iPhone&#8217;a 16 po Nintendo Switch 2 &#8211; pozostanie zasilany.  <\/p>\n\n<h2 class=\"wp-block-heading has-text-align-center\"><strong><strong><strong>Zaawansowane zasilanie GaN i standardy PD 3.1<\/strong><\/strong><\/strong><\/h2>\n\n<div class=\"wp-block-columns is-layout-flex wp-container-core-columns-is-layout-28f84493 wp-block-columns-is-layout-flex\">\n<div class=\"wp-block-column is-layout-flow wp-block-column-is-layout-flow\">\n<figure class=\"wp-block-image size-large\"><a href=\"https:\/\/droix.eu\/wp-content\/uploads\/2026\/05\/DROIX-140W-MARKETING-DONE-011.jpg\"><img loading=\"lazy\" decoding=\"async\" width=\"1024\" height=\"1024\" src=\"https:\/\/droix.eu\/wp-content\/uploads\/2026\/05\/DROIX-140W-MARKETING-DONE-011-1024x1024.jpg\" alt=\"Zbli&#x17C;enie na srebrn&#x105; &#x142;adowark&#x119; DROIX 140W z czterema portami i zintegrowanym wy&#x15B;wietlaczem. Tekst podkre&#x15B;la technologi&#x119; &quot;140W PD 3.1&quot;, podkre&#x15B;laj&#x105;c jej zdolno&#x15B;&#x107; do automatycznej adaptacji i szybkiego &#x142;adowania laptop&#xF3;w o wysokiej wydajno&#x15B;ci. \" class=\"wp-image-719288\" srcset=\"https:\/\/droix.eu\/wp-content\/uploads\/2026\/05\/DROIX-140W-MARKETING-DONE-011-1024x1024.jpg 1024w, https:\/\/droix.eu\/wp-content\/uploads\/2026\/05\/DROIX-140W-MARKETING-DONE-011-300x300.jpg 300w, https:\/\/droix.eu\/wp-content\/uploads\/2026\/05\/DROIX-140W-MARKETING-DONE-011-768x768.jpg 768w, https:\/\/droix.eu\/wp-content\/uploads\/2026\/05\/DROIX-140W-MARKETING-DONE-011-990x990.jpg 990w, https:\/\/droix.eu\/wp-content\/uploads\/2026\/05\/DROIX-140W-MARKETING-DONE-011-441x441.jpg 441w, https:\/\/droix.eu\/wp-content\/uploads\/2026\/05\/DROIX-140W-MARKETING-DONE-011-100x100.jpg 100w, https:\/\/droix.eu\/wp-content\/uploads\/2026\/05\/DROIX-140W-MARKETING-DONE-011-1000x1000.jpg 1000w, https:\/\/droix.eu\/wp-content\/uploads\/2026\/05\/DROIX-140W-MARKETING-DONE-011-150x150.jpg 150w, https:\/\/droix.eu\/wp-content\/uploads\/2026\/05\/DROIX-140W-MARKETING-DONE-011.jpg 1500w\" sizes=\"(max-width: 1024px) 100vw, 1024px\" \/><\/a><\/figure>\n<\/div>\n\n\n\n<div class=\"wp-block-column is-layout-flow wp-block-column-is-layout-flow\">\n<figure class=\"wp-block-image size-large\"><a href=\"https:\/\/droix.eu\/wp-content\/uploads\/2026\/05\/DROIX-140W-MARKETING-DONE-09.jpg\"><img loading=\"lazy\" decoding=\"async\" width=\"1024\" height=\"1024\" src=\"https:\/\/droix.eu\/wp-content\/uploads\/2026\/05\/DROIX-140W-MARKETING-DONE-09-1024x1024.jpg\" alt=\"Infografika zatytu&#x142;owana &quot;Smart Visual Charger&quot; prezentuje r&#xF3;&#x17C;ne tryby wy&#x15B;wietlania w czasie rzeczywistym &#x142;adowarki DROIX 140W. Zawiera ona szczeg&#xF3;&#x142;owe informacje na temat ekran&#xF3;w interfejsu dla mocy wyj&#x15B;ciowej ka&#x17C;dego portu, ca&#x142;kowitego czasu u&#x17C;ytkowania (88H), stanu termicznego i ikon &#x142;adowania dynamicznego. \" class=\"wp-image-719289\" srcset=\"https:\/\/droix.eu\/wp-content\/uploads\/2026\/05\/DROIX-140W-MARKETING-DONE-09-1024x1024.jpg 1024w, https:\/\/droix.eu\/wp-content\/uploads\/2026\/05\/DROIX-140W-MARKETING-DONE-09-300x300.jpg 300w, https:\/\/droix.eu\/wp-content\/uploads\/2026\/05\/DROIX-140W-MARKETING-DONE-09-768x768.jpg 768w, https:\/\/droix.eu\/wp-content\/uploads\/2026\/05\/DROIX-140W-MARKETING-DONE-09-990x990.jpg 990w, https:\/\/droix.eu\/wp-content\/uploads\/2026\/05\/DROIX-140W-MARKETING-DONE-09-441x441.jpg 441w, https:\/\/droix.eu\/wp-content\/uploads\/2026\/05\/DROIX-140W-MARKETING-DONE-09-100x100.jpg 100w, https:\/\/droix.eu\/wp-content\/uploads\/2026\/05\/DROIX-140W-MARKETING-DONE-09-1000x1000.jpg 1000w, https:\/\/droix.eu\/wp-content\/uploads\/2026\/05\/DROIX-140W-MARKETING-DONE-09-150x150.jpg 150w, https:\/\/droix.eu\/wp-content\/uploads\/2026\/05\/DROIX-140W-MARKETING-DONE-09.jpg 1500w\" sizes=\"(max-width: 1024px) 100vw, 1024px\" \/><\/a><\/figure>\n<\/div>\n<\/div>\n\n<p>Dzi\u0119ki wykorzystaniu zaawansowanej technologii p\u00f3\u0142przewodnikowej GaN, ta najlepsza \u0142adowarka usb c o mocy 140 W osi\u0105ga wy\u017csz\u0105 wydajno\u015b\u0107 i ni\u017csze wytwarzanie ciep\u0142a w por\u00f3wnaniu do tradycyjnych \u0142adowarek krzemowych. W szczeg\u00f3lno\u015bci obs\u0142uguje standard PD 3.1, zapewniaj\u0105c pe\u0142n\u0105 kompatybilno\u015b\u0107 z najbardziej energoch\u0142onnymi urz\u0105dzeniami na rynku, w tym <a href=\"https:\/\/droix.eu\/pl\/product\/gpd-win-5\/\" target=\"_blank\" rel=\"noopener\" title=\"\">GPD WIN 5<\/a> i <a href=\"https:\/\/droix.eu\/pl\/product\/gpd-g2\/\" target=\"_blank\" rel=\"noopener\" title=\"\">GPD G2<\/a>. <\/p>\n\n<p>Inteligentne \u0142adowanie podtrzymuj\u0105ce: Chroni \u017cywotno\u015b\u0107 baterii, automatycznie prze\u0142\u0105czaj\u0105c tryby, gdy urz\u0105dzenie osi\u0105gnie 80% pojemno\u015bci.<\/p>\n\n<p>Zarz\u0105dzanie ciep\u0142em: Zmniejszona sygnatura cieplna zapobiega obci\u0105\u017ceniom termicznym drogiego sprz\u0119tu, zapewniaj\u0105c, \u017ce MacBooki i urz\u0105dzenia mobilne pozostan\u0105 w szczytowej kondycji przez d\u0142u\u017cszy czas.<\/p>\n\n<h2 class=\"wp-block-heading has-text-align-center\"><strong><strong><strong>Specyfikacja techniczna i uniwersalna kompatybilno\u015b\u0107<\/strong><\/strong><\/strong><\/h2>\n\n<div class=\"wp-block-columns is-layout-flex wp-container-core-columns-is-layout-28f84493 wp-block-columns-is-layout-flex\">\n<div class=\"wp-block-column is-layout-flow wp-block-column-is-layout-flow\">\n<figure class=\"wp-block-image size-large\"><a href=\"https:\/\/droix.eu\/wp-content\/uploads\/2026\/05\/DROIX-140W-MARKETING-DONE-07.jpg\"><img loading=\"lazy\" decoding=\"async\" width=\"1024\" height=\"1024\" src=\"https:\/\/droix.eu\/wp-content\/uploads\/2026\/05\/DROIX-140W-MARKETING-DONE-07-1024x1024.jpg\" alt=\"Kompleksowa infografika techniczna przedstawiaj&#x105;ca moc wyj&#x15B;ciow&#x105; i rozk&#x142;ad mocy &#x142;adowarki DROIX 140W. G&#xF3;rna sekcja zawiera list&#x119; maksymalnych indywidualnych mocy i specyfikacji napi&#x119;cia\/ampera&#x17C;u dla port&#xF3;w C1 (140 W), C2 (100 W), C3 (40 W) i USB-A (22,5 W). Dolne sekcje zawieraj&#x105; dziesi&#x119;&#x107; diagram&#xF3;w pokazuj&#x105;cych dok&#x142;adnie, w jaki spos&#xF3;b moc jest wsp&#xF3;&#x142;dzielona i dzielona w r&#xF3;&#x17C;nych konfiguracjach z dwoma, trzema i czterema portami.  \" class=\"wp-image-719290\" srcset=\"https:\/\/droix.eu\/wp-content\/uploads\/2026\/05\/DROIX-140W-MARKETING-DONE-07-1024x1024.jpg 1024w, https:\/\/droix.eu\/wp-content\/uploads\/2026\/05\/DROIX-140W-MARKETING-DONE-07-300x300.jpg 300w, https:\/\/droix.eu\/wp-content\/uploads\/2026\/05\/DROIX-140W-MARKETING-DONE-07-768x768.jpg 768w, https:\/\/droix.eu\/wp-content\/uploads\/2026\/05\/DROIX-140W-MARKETING-DONE-07-990x990.jpg 990w, https:\/\/droix.eu\/wp-content\/uploads\/2026\/05\/DROIX-140W-MARKETING-DONE-07-441x441.jpg 441w, https:\/\/droix.eu\/wp-content\/uploads\/2026\/05\/DROIX-140W-MARKETING-DONE-07-100x100.jpg 100w, https:\/\/droix.eu\/wp-content\/uploads\/2026\/05\/DROIX-140W-MARKETING-DONE-07-1000x1000.jpg 1000w, https:\/\/droix.eu\/wp-content\/uploads\/2026\/05\/DROIX-140W-MARKETING-DONE-07-150x150.jpg 150w, https:\/\/droix.eu\/wp-content\/uploads\/2026\/05\/DROIX-140W-MARKETING-DONE-07.jpg 1500w\" sizes=\"(max-width: 1024px) 100vw, 1024px\" \/><\/a><\/figure>\n<\/div>\n\n\n\n<div class=\"wp-block-column is-layout-flow wp-block-column-is-layout-flow\">\n<figure class=\"wp-block-image size-large\"><a href=\"https:\/\/droix.eu\/wp-content\/uploads\/2026\/05\/DROIX-140W-MARKETING-DONE-010.jpg\"><img loading=\"lazy\" decoding=\"async\" width=\"1024\" height=\"1024\" src=\"https:\/\/droix.eu\/wp-content\/uploads\/2026\/05\/DROIX-140W-MARKETING-DONE-010-1024x1024.jpg\" alt=\"Grafika marketingowa zatytu&#x142;owana &quot;Understands your charging needs&quot;, podkre&#x15B;laj&#x105;ca 4 porty wyj&#x15B;ciowe urz&#x105;dzenia (3 USB-C i 1 USB-A). Obraz przedstawia r&#xF3;&#x17C;norodn&#x105; kolekcj&#x119; kompatybilnej elektroniki, w tym laptopa, tablety, Nintendo Switch, smartfony, bezprzewodowe s&#x142;uchawki douszne, drona i kamer&#x119; gimbal, demonstruj&#x105;c wszechstronno&#x15B;&#x107; &#x142;adowarki. \" class=\"wp-image-719291\" srcset=\"https:\/\/droix.eu\/wp-content\/uploads\/2026\/05\/DROIX-140W-MARKETING-DONE-010-1024x1024.jpg 1024w, https:\/\/droix.eu\/wp-content\/uploads\/2026\/05\/DROIX-140W-MARKETING-DONE-010-300x300.jpg 300w, https:\/\/droix.eu\/wp-content\/uploads\/2026\/05\/DROIX-140W-MARKETING-DONE-010-768x768.jpg 768w, https:\/\/droix.eu\/wp-content\/uploads\/2026\/05\/DROIX-140W-MARKETING-DONE-010-990x990.jpg 990w, https:\/\/droix.eu\/wp-content\/uploads\/2026\/05\/DROIX-140W-MARKETING-DONE-010-441x441.jpg 441w, https:\/\/droix.eu\/wp-content\/uploads\/2026\/05\/DROIX-140W-MARKETING-DONE-010-100x100.jpg 100w, https:\/\/droix.eu\/wp-content\/uploads\/2026\/05\/DROIX-140W-MARKETING-DONE-010-1000x1000.jpg 1000w, https:\/\/droix.eu\/wp-content\/uploads\/2026\/05\/DROIX-140W-MARKETING-DONE-010-150x150.jpg 150w, https:\/\/droix.eu\/wp-content\/uploads\/2026\/05\/DROIX-140W-MARKETING-DONE-010.jpg 1500w\" sizes=\"(max-width: 1024px) 100vw, 1024px\" \/><\/a><\/figure>\n<\/div>\n<\/div>\n\n<p>\u0141adowarka sieciowa DROIX 140W USB-C Wall Charger posiada bardzo wszechstronn\u0105 konfiguracj\u0119 port\u00f3w zaprojektowan\u0105 do jednoczesnej obs\u0142ugi wielu wymaga\u0144 dotycz\u0105cych zasilania. Po pierwsze, g\u0142\u00f3wny port USB-C1 jest w stanie dostarczy\u0107 ogromn\u0105 moc 140W. Ta szczytowa wydajno\u015b\u0107 jest w pe\u0142ni obs\u0142ugiwana przez najnowsze protoko\u0142y PD 3.1 i PPS. Co wi\u0119cej, drugi port USB-C2 zapewnia znaczn\u0105 moc wyj\u015bciow\u0105 100 W dla wydajnych laptop\u00f3w.   <\/p>\n\n<p>Z kolei port USB-C3 oferuje dedykowan\u0105 moc 40 W dla tablet\u00f3w lub konsol przeno\u015bnych. Dodatkowo, port USB-A zapewnia \u0142adowanie starszych akcesori\u00f3w z moc\u0105 do 22,5W. W szczeg\u00f3lno\u015bci, port ten wykorzystuje standardy QC 3.0 i SCP dla maksymalnej kompatybilno\u015bci. Wreszcie, te cztery porty s\u0105 zarz\u0105dzane przez inteligentne obwody, aby zapewni\u0107 bezpieczne zasilanie sprz\u0119tu. W rezultacie, to urz\u0105dzenie pozostaje najbardziej wydajnym wyborem dla u\u017cytkownik\u00f3w wielu urz\u0105dze\u0144.    <\/p>\n\n<h2 class=\"wp-block-heading has-text-align-center\"><strong><strong><strong>Precyzyjne monitorowanie: Zintegrowany wy\u015bwietlacz wizualny<\/strong><\/strong><\/strong><\/h2>\n\n<p>Informacja to pot\u0119ga, a \u0142adowarka DROIX 140W dostarcza j\u0105 w czasie rzeczywistym. Zintegrowany inteligentny wy\u015bwietlacz wizualny umo\u017cliwia monitorowanie mocy wyj\u015bciowej ka\u017cdego portu, ca\u0142kowitej mocy i stanu termicznego na pierwszy rzut oka. Dodatkowo, funkcja \u015bledzenia czasu u\u017cytkowania zapewnia wgl\u0105d w nawyki \u0142adowania. Poniewa\u017c bezpiecze\u0144stwo jest najwa\u017cniejsze, wy\u015bwietlacz podkre\u015bla r\u00f3wnie\u017c, kiedy urz\u0105dzenie znajduje si\u0119 w &#8220;doskona\u0142ych&#8221; strefach termicznych, zapewniaj\u0105c zawsze \u0142adowanie z absolutnym spokojem.   <\/p>\n\n<h2 class=\"wp-block-heading has-text-align-center\"><strong>Wbudowane zabezpieczenia i wielowarstwowa ochrona<\/strong><\/h2>\n\n<p>Podczas projektowania tego sprz\u0119tu nie zapomniano o bezpiecze\u0144stwie. Obudowa jest wykonana z ognioodpornego materia\u0142u PC i posiada konstrukcj\u0119 chroni\u0105c\u0105 przed upadkiem. Wewn\u0105trz urz\u0105dzenie jest wyposa\u017cone w:  <\/p>\n\n<ul class=\"wp-block-list\">\n<li>Zabezpieczenie nadpr\u0105dowe i przepi\u0119ciowe<\/li>\n\n\n\n<li>Zabezpieczenia przed zwarciem i przegrzaniem<\/li>\n\n\n\n<li>Ochrona przed polem elektromagnetycznym<\/li>\n<\/ul>\n\n<p>W rezultacie, drogi iPhone 17 i handheldy do gier GPD s\u0105 chronione przed zak\u0142\u00f3ceniami elektrycznymi. Lekka konstrukcja GaN i niski poziom t\u0119tnie\u0144 na wyj\u015bciu dodatkowo gwarantuj\u0105, \u017ce elektronika otrzymuje czyste, stabilne zasilanie przez ca\u0142y czas. <\/p>\n\n<h2 class=\"wp-block-heading has-text-align-center\"><strong>Zabezpiecz swoj\u0105 \u0142adowark\u0119 \u015bcienn\u0105 USB-C DROIX 140W ju\u017c dzi\u015b<\/strong><\/h2>\n\n<p>Przesta\u0144 nosi\u0107 torb\u0119 pe\u0142n\u0105 niedopasowanych kabli i ci\u0119\u017ckich adapter\u00f3w. DROIX 140W USB-C Wall Charger to jedyne narz\u0119dzie, kt\u00f3rego potrzebujesz, aby Twoje mobilne biuro lub platforma do gier dzia\u0142a\u0142y z maksymaln\u0105 wydajno\u015bci\u0105. Ze wzgl\u0119du na wysoki popyt na to rozwi\u0105zanie GaN &#8220;wszystko w jednym&#8221;, zapasy szybko si\u0119 zmieniaj\u0105.  <\/p>\n\n<p>Odkryj, jak \u0142adowarka sieciowa DROIX 140W USB-C GaN zmienia \u015bwiat gier.<strong><a href=\"https:\/\/droix.net\/blogs\/pre-order-the-droix-140w-usb-c-wall-charger\/\" target=\"_blank\" rel=\"noopener\" title=\"\">Dowiedz si\u0119 wi\u0119cej na naszym blogu!<\/a><\/strong><\/p>\n\n<p><\/p>\n","protected":false},"excerpt":{"rendered":"<ul>\n<li><strong>Moc 140 W PD 3.1<\/strong> &#8211; szybkie \u0142adowanie wydajnych laptop\u00f3w i urz\u0105dze\u0144 przeno\u015bnych do gier z maksymaln\u0105 pr\u0119dko\u015bci\u0105.<\/li>\n<li><strong>Wszechstronno\u015b\u0107 czterech port\u00f3w<\/strong> &#8211; jednoczesne zasilanie czterech urz\u0105dze\u0144 przez trzy porty USB-C i jeden port USB-A.<\/li>\n<li><strong>Wy\u015bwietlacz wizualny<\/strong> na \u017cywo &#8211; monitorowanie w czasie rzeczywistym mocy, stanu termicznego i tryb\u00f3w \u0142adowania na pierwszy rzut oka.<\/li>\n<li><strong>Global Travel System<\/strong> &#8211; zawiera wymienne adaptery wtyczek UK, EU, US i AUS.<\/li>\n<li><strong>Zaawansowany uk\u0142ad zabezpieczaj\u0105cy<\/strong> &#8211; wielowarstwowa ochrona zapewnia stabilne zasilanie sprz\u0119tu z regulacj\u0105 temperatury.<\/li>\n<\/ul>\n[droix_global_accordions]\n[cg_accordion title=\"Pakiet zawiera\"]<\/p>\n<ul>\n<li>1x \u0141adowarka sieciowa USB-C DROIX 140W<\/li>\n<li>1x Adapter wtyczki UK<\/li>\n<li>1x Adapter wtyczki UE<\/li>\n<li>1x Instrukcja obs\u0142ugi<\/li>\n<\/ul>\n<p>[\/cg_accordion]\n","protected":false},"featured_media":719774,"template":"","meta":{"_acf_changed":false},"product_brand":[],"product_cat":[13349,13350,13389,16926],"product_tag":[],"woo-feed-brand":[],"key-features":[],"class_list":{"0":"post-719773","1":"product","2":"type-product","3":"status-publish","4":"has-post-thumbnail","6":"product_cat-akcesoria","7":"product_cat-akcesoria-do-gier","8":"product_cat-akcesoria-do-laptopow","9":"product_cat-akcesoria-komputerowe","10":"product_shipping_class-standard","12":"first","13":"onbackorder","14":"sale","15":"taxable","16":"shipping-taxable","17":"product-type-variable","18":"has-default-attributes"},"acf":[],"aioseo_notices":[],"_links":{"self":[{"href":"https:\/\/droix.eu\/pl\/wp-json\/wp\/v2\/product\/719773","targetHints":{"allow":["GET"]}}],"collection":[{"href":"https:\/\/droix.eu\/pl\/wp-json\/wp\/v2\/product"}],"about":[{"href":"https:\/\/droix.eu\/pl\/wp-json\/wp\/v2\/types\/product"}],"version-history":[{"count":0,"href":"https:\/\/droix.eu\/pl\/wp-json\/wp\/v2\/product\/719773\/revisions"}],"wp:featuredmedia":[{"embeddable":true,"href":"https:\/\/droix.eu\/pl\/wp-json\/wp\/v2\/media\/719774"}],"wp:attachment":[{"href":"https:\/\/droix.eu\/pl\/wp-json\/wp\/v2\/media?parent=719773"}],"wp:term":[{"taxonomy":"product_brand","embeddable":true,"href":"https:\/\/droix.eu\/pl\/wp-json\/wp\/v2\/product_brand?post=719773"},{"taxonomy":"product_cat","embeddable":true,"href":"https:\/\/droix.eu\/pl\/wp-json\/wp\/v2\/product_cat?post=719773"},{"taxonomy":"product_tag","embeddable":true,"href":"https:\/\/droix.eu\/pl\/wp-json\/wp\/v2\/product_tag?post=719773"},{"taxonomy":"woo-feed-brand","embeddable":true,"href":"https:\/\/droix.eu\/pl\/wp-json\/wp\/v2\/woo-feed-brand?post=719773"},{"taxonomy":"key-features","embeddable":true,"href":"https:\/\/droix.eu\/pl\/wp-json\/wp\/v2\/key-features?post=719773"}],"curies":[{"name":"wp","href":"https:\/\/api.w.org\/{rel}","templated":true}]}}