{"id":716457,"date":"2026-03-26T11:22:04","date_gmt":"2026-03-26T11:22:04","guid":{"rendered":"https:\/\/droix.eu\/product\/etui-onexplayer-apex\/"},"modified":"2026-04-24T10:44:01","modified_gmt":"2026-04-24T09:44:01","slug":"etui-onexplayer-apex","status":"publish","type":"product","link":"https:\/\/droix.eu\/pl\/product\/etui-onexplayer-apex\/","title":{"rendered":"Etui ONEXPLAYER APEX"},"content":{"rendered":"\n<h2 class=\"wp-block-heading\">Etui ONEXPLAYER APEX: Najlepsza ochrona dla przeno\u015bnego komputera PC<\/h2>\n\n<p>Ochrona wysokiej klasy sprz\u0119tu do gier jest niezb\u0119dna, a etui ONEXPLAYER APEX Case zapewnia ostateczne rozwi\u0105zanie dla graczy w ruchu. Ta skrojona na miar\u0119 pow\u0142oka ochronna zosta\u0142a skrupulatnie zaprojektowana, aby idealnie pasowa\u0107 do unikalnych kontur\u00f3w handhelda APEX. Poniewa\u017c to akcesorium jest wykonane z wysokiej jako\u015bci materia\u0142u TPU, oferuje po\u0142\u0105czenie elastyczno\u015bci i odporno\u015bci, kt\u00f3ra chroni urz\u0105dzenie przed codziennym zu\u017cyciem.  <\/p>\n\n<h2 class=\"wp-block-heading\">Precyzyjna in\u017cynieria i niezr\u00f3wnana ochrona<\/h2>\n\n<p>Etui ONEXPLAYER APEX ma ulepszon\u0105, pogrubion\u0105 konstrukcj\u0119, kt\u00f3ra zapewnia kompleksowe 360-stopniowe pokrycie. Podczas gdy wiele og\u00f3lnych pokrowc\u00f3w dodaje niepotrzebnej obj\u0119to\u015bci, ta konstrukcja pozostaje niezwykle elegancka, aby zapewni\u0107 przeno\u015bno\u015b\u0107 urz\u0105dzenia. Ka\u017cdy port i przycisk pozostaje w pe\u0142ni dost\u0119pny dzi\u0119ki precyzyjnym wyci\u0119ciom, co oznacza, \u017ce nigdy nie musisz po\u015bwi\u0119ca\u0107 funkcjonalno\u015bci na rzecz bezpiecze\u0144stwa.  <\/p>\n\n<h2 class=\"wp-block-heading\">Ergonomiczny komfort podczas d\u0142ugich sesji gamingowych<\/h2>\n\n<p>D\u0142u\u017csze maratony gamingowe wymagaj\u0105 wygodnego chwytu, dlatego etui ONEXPLAYER APEX Case ma wyprofilowany kszta\u0142t \u0142uku. Ten ergonomiczny r\u0119kaw ze sk\u00f3ry naturalnie dopasowuje si\u0119 do d\u0142oni, aby zmniejszy\u0107 zm\u0119czenie d\u0142oni podczas intensywnych sesji. Co wi\u0119cej, wydr\u0105\u017cona tylna konstrukcja zosta\u0142a zaimplementowana w celu optymalizacji przep\u0142ywu powietrza, zapobiegaj\u0105c przegrzaniu procesora Ryzen AI Max podczas gry.  <\/p>\n\n<h2 class=\"wp-block-heading\">Taktyczna wytrzyma\u0142o\u015b\u0107 na \u017cyciowe upadki<\/h2>\n\n<p>Wypadki si\u0119 zdarzaj\u0105, ale etui ONEXPLAYER APEX Case jest zbudowane tak, aby absorbowa\u0107 uderzenia spowodowane przypadkowymi upadkami i wstrz\u0105sami. Specjalnie opracowana powierzchnia jest r\u00f3wnie\u017c odporna na pot i zarysowania, utrzymuj\u0105c urz\u0105dzenie w nieskazitelnym stanie. Poniewa\u017c wzmocnione kraw\u0119dzie zapewniaj\u0105 dodatkow\u0105 warstw\u0119 ochronn\u0105, Twoja inwestycja jest chroniona pod ka\u017cdym k\u0105tem przed kurzem, wod\u0105 i zadrapaniami.  <\/p>\n\n<h2 class=\"wp-block-heading\">Zabezpiecz swoj\u0105 obudow\u0119 ONEXPLAYER APEX ju\u017c dzi\u015b<\/h2>\n\n<p>Nie ryzykuj uszkodzenia swojego flagowego handhelda podczas transportu lub gor\u0105cej rozgrywki. Ju\u017c teraz mo\u017cesz ulepszy\u0107 swoj\u0105 konfiguracj\u0119 dzi\u0119ki etui ONEXPLAYER APEX, aby zagwarantowa\u0107, \u017ce Twoje urz\u0105dzenie pozostanie tak nieskazitelne, jak w dniu rozpakowania. Zapasy tego akcesorium premium szybko si\u0119 wyczerpuj\u0105 &#8211; kup swoje ju\u017c dzi\u015b w naszym sklepie, aby zapewni\u0107 natychmiastow\u0105 wysy\u0142k\u0119 i ca\u0142kowity spok\u00f3j ducha!  <\/p>\n","protected":false},"excerpt":{"rendered":"<ul>\n<li><strong>Oficjalne dopasowanie:<\/strong> Ten model zosta\u0142 zaprojektowany specjalnie dla komputera kieszonkowego ONEXPLAYER APEX, aby zapewni\u0107 precyzyjne wra\u017cenia bez grzechotania.<\/li>\n<li><strong>Bezpieczne paski:<\/strong> Wewn\u0119trzne elastyczne paski utrzymuj\u0105 urz\u0105dzenie i ma\u0142e urz\u0105dzenia peryferyjne na miejscu podczas transportu.<\/li>\n<li><strong>Mi\u0119kka wy\u015bci\u00f3\u0142ka:<\/strong> Wysokiej jako\u015bci, nie\u015bcieralne wn\u0119trze zapobiega zarysowaniom i chroni rozleg\u0142y wy\u015bwietlacz o wysokiej rozdzielczo\u015bci przed mikrozarysowaniami.<\/li>\n<li><strong>Pasek na r\u0119k\u0119:<\/strong> Zintegrowana, wzmocniona p\u0119tla umo\u017cliwia \u0142atwe i bezpieczne przenoszenie w podr\u00f3\u017cy bez ryzyka przypadkowego upuszczenia.<\/li>\n<li><strong>Twarda obudowa:<\/strong> Wzmocniona obudowa zapewnia trwa\u0142\u0105 i sztywn\u0105 ochron\u0119 dla wydajnego komputera do gier Strix Halo.<\/li>\n<\/ul>\n[droix_global_accordions]\n[cg_accordion title=\"Pakiet zawiera\"]<\/p>\n<ul>\n<li>1x Obudowa ONEXPLAYER APEX<\/li>\n<\/ul>\n<p>[\/cg_accordion]\n","protected":false},"featured_media":712732,"template":"","meta":{"_acf_changed":false},"product_brand":[],"product_cat":[13349,13350],"product_tag":[],"woo-feed-brand":[2199],"key-features":[],"class_list":{"0":"post-716457","1":"product","2":"type-product","3":"status-publish","4":"has-post-thumbnail","6":"product_cat-akcesoria","7":"product_cat-akcesoria-do-gier","8":"product_shipping_class-low-end","9":"pa_accessory-type-protective-case","10":"pa_brands-onexplayer-pl","11":"pa_compatibility-onexplayer-onexfly-apex","12":"woo-feed-brand-onexplayer","14":"first","15":"instock","16":"taxable","17":"shipping-taxable","18":"purchasable","19":"product-type-simple"},"acf":[],"aioseo_notices":[],"aioseo_head":"\n\t\t<!-- All in One SEO Pro 4.9.6.2 - aioseo.com -->\n\t<meta name=\"description\" content=\"Chro\u0144 sw\u00f3j handheld Strix Halo za pomoc\u0105 etui ONEXPLAYER APEX. Posiada sztywn\u0105 tward\u0105 skorup\u0119, bezpieczne paski i mi\u0119kk\u0105 wy\u015bci\u00f3\u0142k\u0119 chroni\u0105c\u0105 wy\u015bwietlacz VRR. \ud83d\udee1\ufe0f\ud83d\ude80\" \/>\n\t<meta name=\"robots\" content=\"max-image-preview:large\" \/>\n\t<link rel=\"canonical\" href=\"https:\/\/droix.eu\/pl\/product\/etui-onexplayer-apex\/\" \/>\n\t<meta name=\"generator\" content=\"All in One SEO Pro (AIOSEO) 4.9.6.2\" \/>\n\t\t<meta property=\"og:locale\" content=\"pl_PL\" \/>\n\t\t<meta property=\"og:site_name\" content=\"DROIX EU - Get the latest Mini PCs, Ultrabook, PC Gaming Handhelds and more!\" \/>\n\t\t<meta property=\"og:type\" content=\"article\" \/>\n\t\t<meta property=\"og:title\" content=\"ONEXPLAYER APEX Case | Oficjalna zbroja r\u0119czna z tward\u0105 skorup\u0105 \ud83c\udfae\" \/>\n\t\t<meta property=\"og:description\" content=\"Chro\u0144 sw\u00f3j handheld Strix Halo za pomoc\u0105 etui ONEXPLAYER APEX. Posiada sztywn\u0105 tward\u0105 skorup\u0119, bezpieczne paski i mi\u0119kk\u0105 wy\u015bci\u00f3\u0142k\u0119 chroni\u0105c\u0105 wy\u015bwietlacz VRR. \ud83d\udee1\ufe0f\ud83d\ude80\" \/>\n\t\t<meta property=\"og:url\" content=\"https:\/\/droix.eu\/pl\/product\/etui-onexplayer-apex\/\" \/>\n\t\t<meta property=\"og:image\" content=\"https:\/\/droix.eu\/wp-content\/uploads\/2024\/06\/droix-v2-light-logo.png\" \/>\n\t\t<meta property=\"og:image:secure_url\" content=\"https:\/\/droix.eu\/wp-content\/uploads\/2024\/06\/droix-v2-light-logo.png\" \/>\n\t\t<meta property=\"og:image:width\" content=\"380\" \/>\n\t\t<meta property=\"og:image:height\" content=\"118\" \/>\n\t\t<meta property=\"article:published_time\" content=\"2026-03-26T11:22:04+00:00\" \/>\n\t\t<meta property=\"article:modified_time\" content=\"2026-04-24T09:44:01+00:00\" \/>\n\t\t<meta property=\"article:publisher\" content=\"https:\/\/www.facebook.com\/DroiX.Store\" \/>\n\t\t<meta name=\"twitter:card\" content=\"summary_large_image\" \/>\n\t\t<meta name=\"twitter:site\" content=\"@DroiX_Store\" \/>\n\t\t<meta name=\"twitter:title\" content=\"ONEXPLAYER APEX Case | Oficjalna zbroja r\u0119czna z tward\u0105 skorup\u0105 \ud83c\udfae\" \/>\n\t\t<meta name=\"twitter:description\" content=\"Chro\u0144 sw\u00f3j handheld Strix Halo za pomoc\u0105 etui ONEXPLAYER APEX. Posiada sztywn\u0105 tward\u0105 skorup\u0119, bezpieczne paski i mi\u0119kk\u0105 wy\u015bci\u00f3\u0142k\u0119 chroni\u0105c\u0105 wy\u015bwietlacz VRR. \ud83d\udee1\ufe0f\ud83d\ude80\" \/>\n\t\t<meta name=\"twitter:image\" content=\"https:\/\/droix.eu\/wp-content\/uploads\/2024\/06\/droix-v2-light-logo.png\" \/>\n\t\t<script type=\"application\/ld+json\" class=\"aioseo-schema\">\n\t\t\t{\"@context\":\"https:\\\/\\\/schema.org\",\"@graph\":[{\"@type\":\"BreadcrumbList\",\"@id\":\"https:\\\/\\\/droix.eu\\\/pl\\\/product\\\/etui-onexplayer-apex\\\/#breadcrumblist\",\"itemListElement\":[{\"@type\":\"ListItem\",\"@id\":\"https:\\\/\\\/droix.eu\\\/pl\\\/#listItem\",\"position\":1,\"name\":\"Home\",\"item\":\"https:\\\/\\\/droix.eu\\\/pl\\\/\",\"nextItem\":{\"@type\":\"ListItem\",\"@id\":\"https:\\\/\\\/droix.eu\\\/pl\\\/product-category\\\/akcesoria\\\/#listItem\",\"name\":\"Akcesoria\"}},{\"@type\":\"ListItem\",\"@id\":\"https:\\\/\\\/droix.eu\\\/pl\\\/product-category\\\/akcesoria\\\/#listItem\",\"position\":2,\"name\":\"Akcesoria\",\"item\":\"https:\\\/\\\/droix.eu\\\/pl\\\/product-category\\\/akcesoria\\\/\",\"nextItem\":{\"@type\":\"ListItem\",\"@id\":\"https:\\\/\\\/droix.eu\\\/pl\\\/product-category\\\/akcesoria\\\/akcesoria-do-gier\\\/#listItem\",\"name\":\"Akcesoria do gier\"},\"previousItem\":{\"@type\":\"ListItem\",\"@id\":\"https:\\\/\\\/droix.eu\\\/pl\\\/#listItem\",\"name\":\"Home\"}},{\"@type\":\"ListItem\",\"@id\":\"https:\\\/\\\/droix.eu\\\/pl\\\/product-category\\\/akcesoria\\\/akcesoria-do-gier\\\/#listItem\",\"position\":3,\"name\":\"Akcesoria do gier\",\"item\":\"https:\\\/\\\/droix.eu\\\/pl\\\/product-category\\\/akcesoria\\\/akcesoria-do-gier\\\/\",\"nextItem\":{\"@type\":\"ListItem\",\"@id\":\"https:\\\/\\\/droix.eu\\\/pl\\\/product\\\/etui-onexplayer-apex\\\/#listItem\",\"name\":\"Etui ONEXPLAYER APEX\"},\"previousItem\":{\"@type\":\"ListItem\",\"@id\":\"https:\\\/\\\/droix.eu\\\/pl\\\/product-category\\\/akcesoria\\\/#listItem\",\"name\":\"Akcesoria\"}},{\"@type\":\"ListItem\",\"@id\":\"https:\\\/\\\/droix.eu\\\/pl\\\/product\\\/etui-onexplayer-apex\\\/#listItem\",\"position\":4,\"name\":\"Etui ONEXPLAYER APEX\",\"previousItem\":{\"@type\":\"ListItem\",\"@id\":\"https:\\\/\\\/droix.eu\\\/pl\\\/product-category\\\/akcesoria\\\/akcesoria-do-gier\\\/#listItem\",\"name\":\"Akcesoria do gier\"}}]},{\"@type\":\"Organization\",\"@id\":\"https:\\\/\\\/droix.eu\\\/pl\\\/#organization\",\"name\":\"DroiX \\u2013 Trusted EU Tech Retailer with 12+ Years Experience\",\"description\":\"DroiX is a leading European technology retailer with over 12 years of experience, offering quality mini PCs, handheld gaming consoles, and tech accessories. We provide hassle-free EU delivery with all taxes included, ensuring a smooth and reliable shopping experience for our customers across Europe.\",\"url\":\"https:\\\/\\\/droix.eu\\\/pl\\\/\",\"logo\":{\"@type\":\"ImageObject\",\"url\":\"https:\\\/\\\/droix.eu\\\/wp-content\\\/uploads\\\/2024\\\/06\\\/droix-v2-light-logo.png\",\"@id\":\"https:\\\/\\\/droix.eu\\\/pl\\\/product\\\/etui-onexplayer-apex\\\/#organizationLogo\",\"width\":380,\"height\":118},\"image\":{\"@id\":\"https:\\\/\\\/droix.eu\\\/pl\\\/product\\\/etui-onexplayer-apex\\\/#organizationLogo\"},\"sameAs\":[\"https:\\\/\\\/www.facebook.com\\\/DroiX.Store\",\"https:\\\/\\\/twitter.com\\\/DroiX_Store\",\"https:\\\/\\\/www.instagram.com\\\/droix.store\\\/\",\"https:\\\/\\\/www.tiktok.com\\\/@droix.store\",\"https:\\\/\\\/www.youtube.com\\\/c\\\/DroiX_Store\",\"https:\\\/\\\/uk.linkedin.com\\\/company\\\/droix\"]},{\"@type\":\"Product\",\"@id\":\"https:\\\/\\\/droix.eu\\\/pl\\\/product\\\/etui-onexplayer-apex\\\/#wooCommerceProduct\",\"name\":\"Etui ONEXPLAYER APEX\",\"description\":\"Oficjalne dopasowanie: Ten model zosta\\u0142 zaprojektowany specjalnie dla komputera kieszonkowego ONEXPLAYER APEX, aby zapewni\\u0107 precyzyjne wra\\u017cenia bez grzechotania.\\n    Bezpieczne paski: Wewn\\u0119trzne elastyczne paski utrzymuj\\u0105 urz\\u0105dzenie i ma\\u0142e urz\\u0105dzenia peryferyjne na miejscu podczas transportu.\\n    Mi\\u0119kka wy\\u015bci\\u00f3\\u0142ka: Wysokiej jako\\u015bci, nie\\u015bcieralne wn\\u0119trze zapobiega zarysowaniom i chroni rozleg\\u0142y wy\\u015bwietlacz o wysokiej rozdzielczo\\u015bci przed mikrozarysowaniami.\\n    Pasek na r\\u0119k\\u0119: Zintegrowana, wzmocniona p\\u0119tla umo\\u017cliwia \\u0142atwe i bezpieczne przenoszenie w podr\\u00f3\\u017cy bez ryzyka przypadkowego upuszczenia.\\n    Twarda obudowa: Wzmocniona obudowa zapewnia trwa\\u0142\\u0105 i sztywn\\u0105 ochron\\u0119 dla wydajnego komputera do gier Strix Halo.\",\"url\":\"https:\\\/\\\/droix.eu\\\/pl\\\/product\\\/etui-onexplayer-apex\\\/\",\"image\":{\"@type\":\"ImageObject\",\"url\":\"https:\\\/\\\/droix.eu\\\/wp-content\\\/uploads\\\/2026\\\/03\\\/ONEXPLAYER-APEX-CASE-LISTING-DONE-01.png\",\"@id\":\"https:\\\/\\\/droix.eu\\\/pl\\\/product\\\/etui-onexplayer-apex\\\/#productImage\",\"width\":1500,\"height\":1500},\"offers\":{\"@type\":\"Offer\",\"url\":\"https:\\\/\\\/droix.eu\\\/pl\\\/product\\\/etui-onexplayer-apex\\\/#wooCommerceOffer\",\"price\":31.92,\"priceCurrency\":\"EUR\",\"category\":\"Akcesoria\",\"availability\":\"https:\\\/\\\/schema.org\\\/InStock\",\"priceSpecification\":{\"@type\":\"PriceSpecification\",\"price\":31.92,\"priceCurrency\":\"EUR\",\"valueAddedTaxIncluded\":\"true\"},\"seller\":{\"@type\":\"Organization\",\"@id\":\"https:\\\/\\\/droix.eu\\\/pl\\\/#organization\"}}},{\"@type\":\"WebPage\",\"@id\":\"https:\\\/\\\/droix.eu\\\/pl\\\/product\\\/etui-onexplayer-apex\\\/#webpage\",\"url\":\"https:\\\/\\\/droix.eu\\\/pl\\\/product\\\/etui-onexplayer-apex\\\/\",\"name\":\"ONEXPLAYER APEX Case | Oficjalna zbroja r\\u0119czna z tward\\u0105 skorup\\u0105 \\ud83c\\udfae\",\"description\":\"Chro\\u0144 sw\\u00f3j handheld Strix Halo za pomoc\\u0105 etui ONEXPLAYER APEX. Posiada sztywn\\u0105 tward\\u0105 skorup\\u0119, bezpieczne paski i mi\\u0119kk\\u0105 wy\\u015bci\\u00f3\\u0142k\\u0119 chroni\\u0105c\\u0105 wy\\u015bwietlacz VRR. \\ud83d\\udee1\\ufe0f\\ud83d\\ude80\",\"inLanguage\":\"pl-PL\",\"isPartOf\":{\"@id\":\"https:\\\/\\\/droix.eu\\\/pl\\\/#website\"},\"breadcrumb\":{\"@id\":\"https:\\\/\\\/droix.eu\\\/pl\\\/product\\\/etui-onexplayer-apex\\\/#breadcrumblist\"},\"image\":{\"@type\":\"ImageObject\",\"url\":\"https:\\\/\\\/droix.eu\\\/wp-content\\\/uploads\\\/2026\\\/03\\\/ONEXPLAYER-APEX-CASE-LISTING-DONE-01.png\",\"@id\":\"https:\\\/\\\/droix.eu\\\/pl\\\/product\\\/etui-onexplayer-apex\\\/#mainImage\",\"width\":1500,\"height\":1500},\"primaryImageOfPage\":{\"@id\":\"https:\\\/\\\/droix.eu\\\/pl\\\/product\\\/etui-onexplayer-apex\\\/#mainImage\"},\"datePublished\":\"2026-03-26T11:22:04+00:00\",\"dateModified\":\"2026-04-24T10:44:01+01:00\"},{\"@type\":\"WebSite\",\"@id\":\"https:\\\/\\\/droix.eu\\\/pl\\\/#website\",\"url\":\"https:\\\/\\\/droix.eu\\\/pl\\\/\",\"name\":\"DROIX EU\",\"description\":\"Get the latest Mini PCs, Ultrabook, PC Gaming Handhelds and more!\",\"inLanguage\":\"pl-PL\",\"publisher\":{\"@id\":\"https:\\\/\\\/droix.eu\\\/pl\\\/#organization\"}}]}\n\t\t<\/script>\n\t\t<!-- All in One SEO Pro -->\r\n\t\t<title>ONEXPLAYER APEX Case | Oficjalna zbroja r\u0119czna z tward\u0105 skorup\u0105 \ud83c\udfae<\/title>\n\n","aioseo_head_json":{"title":"ONEXPLAYER APEX Case | Oficjalna zbroja r\u0119czna z tward\u0105 skorup\u0105 \ud83c\udfae","description":"Chro\u0144 sw\u00f3j handheld Strix Halo za pomoc\u0105 etui ONEXPLAYER APEX. Posiada sztywn\u0105 tward\u0105 skorup\u0119, bezpieczne paski i mi\u0119kk\u0105 wy\u015bci\u00f3\u0142k\u0119 chroni\u0105c\u0105 wy\u015bwietlacz VRR. \ud83d\udee1\ufe0f\ud83d\ude80","canonical_url":"https:\/\/droix.eu\/pl\/product\/etui-onexplayer-apex\/","robots":"max-image-preview:large","keywords":"","webmasterTools":{"miscellaneous":""},"schema":{"@context":"https:\/\/schema.org","@graph":[{"@type":"BreadcrumbList","@id":"https:\/\/droix.eu\/pl\/product\/etui-onexplayer-apex\/#breadcrumblist","itemListElement":[{"@type":"ListItem","@id":"https:\/\/droix.eu\/pl\/#listItem","position":1,"name":"Home","item":"https:\/\/droix.eu\/pl\/","nextItem":{"@type":"ListItem","@id":"https:\/\/droix.eu\/pl\/product-category\/akcesoria\/#listItem","name":"Akcesoria"}},{"@type":"ListItem","@id":"https:\/\/droix.eu\/pl\/product-category\/akcesoria\/#listItem","position":2,"name":"Akcesoria","item":"https:\/\/droix.eu\/pl\/product-category\/akcesoria\/","nextItem":{"@type":"ListItem","@id":"https:\/\/droix.eu\/pl\/product-category\/akcesoria\/akcesoria-do-gier\/#listItem","name":"Akcesoria do gier"},"previousItem":{"@type":"ListItem","@id":"https:\/\/droix.eu\/pl\/#listItem","name":"Home"}},{"@type":"ListItem","@id":"https:\/\/droix.eu\/pl\/product-category\/akcesoria\/akcesoria-do-gier\/#listItem","position":3,"name":"Akcesoria do gier","item":"https:\/\/droix.eu\/pl\/product-category\/akcesoria\/akcesoria-do-gier\/","nextItem":{"@type":"ListItem","@id":"https:\/\/droix.eu\/pl\/product\/etui-onexplayer-apex\/#listItem","name":"Etui ONEXPLAYER APEX"},"previousItem":{"@type":"ListItem","@id":"https:\/\/droix.eu\/pl\/product-category\/akcesoria\/#listItem","name":"Akcesoria"}},{"@type":"ListItem","@id":"https:\/\/droix.eu\/pl\/product\/etui-onexplayer-apex\/#listItem","position":4,"name":"Etui ONEXPLAYER APEX","previousItem":{"@type":"ListItem","@id":"https:\/\/droix.eu\/pl\/product-category\/akcesoria\/akcesoria-do-gier\/#listItem","name":"Akcesoria do gier"}}]},{"@type":"Organization","@id":"https:\/\/droix.eu\/pl\/#organization","name":"DroiX \u2013 Trusted EU Tech Retailer with 12+ Years Experience","description":"DroiX is a leading European technology retailer with over 12 years of experience, offering quality mini PCs, handheld gaming consoles, and tech accessories. We provide hassle-free EU delivery with all taxes included, ensuring a smooth and reliable shopping experience for our customers across Europe.","url":"https:\/\/droix.eu\/pl\/","logo":{"@type":"ImageObject","url":"https:\/\/droix.eu\/wp-content\/uploads\/2024\/06\/droix-v2-light-logo.png","@id":"https:\/\/droix.eu\/pl\/product\/etui-onexplayer-apex\/#organizationLogo","width":380,"height":118},"image":{"@id":"https:\/\/droix.eu\/pl\/product\/etui-onexplayer-apex\/#organizationLogo"},"sameAs":["https:\/\/www.facebook.com\/DroiX.Store","https:\/\/twitter.com\/DroiX_Store","https:\/\/www.instagram.com\/droix.store\/","https:\/\/www.tiktok.com\/@droix.store","https:\/\/www.youtube.com\/c\/DroiX_Store","https:\/\/uk.linkedin.com\/company\/droix"]},{"@type":"Product","@id":"https:\/\/droix.eu\/pl\/product\/etui-onexplayer-apex\/#wooCommerceProduct","name":"Etui ONEXPLAYER APEX","description":"Oficjalne dopasowanie: Ten model zosta\u0142 zaprojektowany specjalnie dla komputera kieszonkowego ONEXPLAYER APEX, aby zapewni\u0107 precyzyjne wra\u017cenia bez grzechotania.\n    Bezpieczne paski: Wewn\u0119trzne elastyczne paski utrzymuj\u0105 urz\u0105dzenie i ma\u0142e urz\u0105dzenia peryferyjne na miejscu podczas transportu.\n    Mi\u0119kka wy\u015bci\u00f3\u0142ka: Wysokiej jako\u015bci, nie\u015bcieralne wn\u0119trze zapobiega zarysowaniom i chroni rozleg\u0142y wy\u015bwietlacz o wysokiej rozdzielczo\u015bci przed mikrozarysowaniami.\n    Pasek na r\u0119k\u0119: Zintegrowana, wzmocniona p\u0119tla umo\u017cliwia \u0142atwe i bezpieczne przenoszenie w podr\u00f3\u017cy bez ryzyka przypadkowego upuszczenia.\n    Twarda obudowa: Wzmocniona obudowa zapewnia trwa\u0142\u0105 i sztywn\u0105 ochron\u0119 dla wydajnego komputera do gier Strix Halo.","url":"https:\/\/droix.eu\/pl\/product\/etui-onexplayer-apex\/","image":{"@type":"ImageObject","url":"https:\/\/droix.eu\/wp-content\/uploads\/2026\/03\/ONEXPLAYER-APEX-CASE-LISTING-DONE-01.png","@id":"https:\/\/droix.eu\/pl\/product\/etui-onexplayer-apex\/#productImage","width":1500,"height":1500},"offers":{"@type":"Offer","url":"https:\/\/droix.eu\/pl\/product\/etui-onexplayer-apex\/#wooCommerceOffer","price":31.92,"priceCurrency":"EUR","category":"Akcesoria","availability":"https:\/\/schema.org\/InStock","priceSpecification":{"@type":"PriceSpecification","price":31.92,"priceCurrency":"EUR","valueAddedTaxIncluded":"true"},"seller":{"@type":"Organization","@id":"https:\/\/droix.eu\/pl\/#organization"}}},{"@type":"WebPage","@id":"https:\/\/droix.eu\/pl\/product\/etui-onexplayer-apex\/#webpage","url":"https:\/\/droix.eu\/pl\/product\/etui-onexplayer-apex\/","name":"ONEXPLAYER APEX Case | Oficjalna zbroja r\u0119czna z tward\u0105 skorup\u0105 \ud83c\udfae","description":"Chro\u0144 sw\u00f3j handheld Strix Halo za pomoc\u0105 etui ONEXPLAYER APEX. Posiada sztywn\u0105 tward\u0105 skorup\u0119, bezpieczne paski i mi\u0119kk\u0105 wy\u015bci\u00f3\u0142k\u0119 chroni\u0105c\u0105 wy\u015bwietlacz VRR. \ud83d\udee1\ufe0f\ud83d\ude80","inLanguage":"pl-PL","isPartOf":{"@id":"https:\/\/droix.eu\/pl\/#website"},"breadcrumb":{"@id":"https:\/\/droix.eu\/pl\/product\/etui-onexplayer-apex\/#breadcrumblist"},"image":{"@type":"ImageObject","url":"https:\/\/droix.eu\/wp-content\/uploads\/2026\/03\/ONEXPLAYER-APEX-CASE-LISTING-DONE-01.png","@id":"https:\/\/droix.eu\/pl\/product\/etui-onexplayer-apex\/#mainImage","width":1500,"height":1500},"primaryImageOfPage":{"@id":"https:\/\/droix.eu\/pl\/product\/etui-onexplayer-apex\/#mainImage"},"datePublished":"2026-03-26T11:22:04+00:00","dateModified":"2026-04-24T10:44:01+01:00"},{"@type":"WebSite","@id":"https:\/\/droix.eu\/pl\/#website","url":"https:\/\/droix.eu\/pl\/","name":"DROIX EU","description":"Get the latest Mini PCs, Ultrabook, PC Gaming Handhelds and more!","inLanguage":"pl-PL","publisher":{"@id":"https:\/\/droix.eu\/pl\/#organization"}}]},"og:locale":"pl_PL","og:site_name":"DROIX EU - Get the latest Mini PCs, Ultrabook, PC Gaming Handhelds and more!","og:type":"article","og:title":"ONEXPLAYER APEX Case | Oficjalna zbroja r\u0119czna z tward\u0105 skorup\u0105 \ud83c\udfae","og:description":"Chro\u0144 sw\u00f3j handheld Strix Halo za pomoc\u0105 etui ONEXPLAYER APEX. Posiada sztywn\u0105 tward\u0105 skorup\u0119, bezpieczne paski i mi\u0119kk\u0105 wy\u015bci\u00f3\u0142k\u0119 chroni\u0105c\u0105 wy\u015bwietlacz VRR. \ud83d\udee1\ufe0f\ud83d\ude80","og:url":"https:\/\/droix.eu\/pl\/product\/etui-onexplayer-apex\/","og:image":"https:\/\/droix.eu\/wp-content\/uploads\/2024\/06\/droix-v2-light-logo.png","og:image:secure_url":"https:\/\/droix.eu\/wp-content\/uploads\/2024\/06\/droix-v2-light-logo.png","og:image:width":380,"og:image:height":118,"article:published_time":"2026-03-26T11:22:04+00:00","article:modified_time":"2026-04-24T09:44:01+00:00","article:publisher":"https:\/\/www.facebook.com\/DroiX.Store","twitter:card":"summary_large_image","twitter:site":"@DroiX_Store","twitter:title":"ONEXPLAYER APEX Case | Oficjalna zbroja r\u0119czna z tward\u0105 skorup\u0105 \ud83c\udfae","twitter:description":"Chro\u0144 sw\u00f3j handheld Strix Halo za pomoc\u0105 etui ONEXPLAYER APEX. Posiada sztywn\u0105 tward\u0105 skorup\u0119, bezpieczne paski i mi\u0119kk\u0105 wy\u015bci\u00f3\u0142k\u0119 chroni\u0105c\u0105 wy\u015bwietlacz VRR. \ud83d\udee1\ufe0f\ud83d\ude80","twitter:image":"https:\/\/droix.eu\/wp-content\/uploads\/2024\/06\/droix-v2-light-logo.png"},"aioseo_meta_data":{"post_id":"716457","title":"ONEXPLAYER APEX Case | Oficjalna zbroja r\u0119czna z tward\u0105 skorup\u0105 \ud83c\udfae","description":"Chro\u0144 sw\u00f3j handheld Strix Halo za pomoc\u0105 etui ONEXPLAYER APEX. Posiada sztywn\u0105 tward\u0105 skorup\u0119, bezpieczne paski i mi\u0119kk\u0105 wy\u015bci\u00f3\u0142k\u0119 chroni\u0105c\u0105 wy\u015bwietlacz VRR. \ud83d\udee1\ufe0f\ud83d\ude80  ","keywords":null,"keyphrases":{"focus":{"keyphrase":"","score":0,"analysis":{"keyphraseInTitle":{"score":0,"maxScore":9,"error":1}}},"additional":[]},"primary_term":null,"canonical_url":null,"og_title":null,"og_description":null,"og_object_type":"default","og_image_type":"default","og_image_url":null,"og_image_width":null,"og_image_height":null,"og_image_custom_url":null,"og_image_custom_fields":null,"og_video":"","og_custom_url":null,"og_article_section":null,"og_article_tags":null,"twitter_use_og":true,"twitter_card":"default","twitter_image_type":"default","twitter_image_url":null,"twitter_image_custom_url":null,"twitter_image_custom_fields":null,"twitter_title":null,"twitter_description":null,"schema":{"blockGraphs":[],"customGraphs":[],"default":{"data":{"Article":[],"Course":[],"Dataset":[],"FAQPage":[],"Movie":[],"Person":[],"Product":[],"ProductReview":[],"Car":[],"Recipe":[],"Service":[],"SoftwareApplication":[],"WebPage":[]},"graphName":"Product","isEnabled":true},"graphs":[]},"schema_type":"default","schema_type_options":null,"pillar_content":false,"robots_default":true,"robots_noindex":false,"robots_noarchive":false,"robots_nosnippet":false,"robots_nofollow":false,"robots_noimageindex":false,"robots_noodp":false,"robots_notranslate":false,"robots_max_snippet":"-1","robots_max_videopreview":"-1","robots_max_imagepreview":"large","priority":null,"frequency":"default","local_seo":null,"seo_analyzer_scan_date":null,"breadcrumb_settings":null,"limit_modified_date":false,"reviewed_by":null,"open_ai":null,"ai":{"faqs":[],"keyPoints":[],"titles":[],"descriptions":[],"socialPosts":{"email":[],"linkedin":[],"twitter":[],"facebook":[],"instagram":[]}},"created":"2026-04-24 09:43:32","updated":"2026-04-24 10:45:32"},"aioseo_breadcrumb":"<div class=\"aioseo-breadcrumbs\"><span class=\"aioseo-breadcrumb\">\n\t<a href=\"https:\/\/droix.eu\/pl\/\" title=\"Home\">Home<\/a>\n<\/span><span class=\"aioseo-breadcrumb-separator\">&raquo;<\/span><span class=\"aioseo-breadcrumb\">\n\t<a href=\"https:\/\/droix.eu\/pl\/product-category\/akcesoria\/\" title=\"Akcesoria\">Akcesoria<\/a>\n<\/span><span class=\"aioseo-breadcrumb-separator\">&raquo;<\/span><span class=\"aioseo-breadcrumb\">\n\t<a href=\"https:\/\/droix.eu\/pl\/product-category\/akcesoria\/akcesoria-do-gier\/\" title=\"Akcesoria do gier\">Akcesoria do gier<\/a>\n<\/span><span class=\"aioseo-breadcrumb-separator\">&raquo;<\/span><span class=\"aioseo-breadcrumb\">\n\tEtui ONEXPLAYER APEX\n<\/span><\/div>","aioseo_breadcrumb_json":[{"label":"Home","link":"https:\/\/droix.eu\/pl\/"},{"label":"Akcesoria","link":"https:\/\/droix.eu\/pl\/product-category\/akcesoria\/"},{"label":"Akcesoria do gier","link":"https:\/\/droix.eu\/pl\/product-category\/akcesoria\/akcesoria-do-gier\/"},{"label":"Etui ONEXPLAYER APEX","link":"https:\/\/droix.eu\/pl\/product\/etui-onexplayer-apex\/"}],"_links":{"self":[{"href":"https:\/\/droix.eu\/pl\/wp-json\/wp\/v2\/product\/716457","targetHints":{"allow":["GET"]}}],"collection":[{"href":"https:\/\/droix.eu\/pl\/wp-json\/wp\/v2\/product"}],"about":[{"href":"https:\/\/droix.eu\/pl\/wp-json\/wp\/v2\/types\/product"}],"version-history":[{"count":1,"href":"https:\/\/droix.eu\/pl\/wp-json\/wp\/v2\/product\/716457\/revisions"}],"predecessor-version":[{"id":716461,"href":"https:\/\/droix.eu\/pl\/wp-json\/wp\/v2\/product\/716457\/revisions\/716461"}],"wp:featuredmedia":[{"embeddable":true,"href":"https:\/\/droix.eu\/pl\/wp-json\/wp\/v2\/media\/712732"}],"wp:attachment":[{"href":"https:\/\/droix.eu\/pl\/wp-json\/wp\/v2\/media?parent=716457"}],"wp:term":[{"taxonomy":"product_brand","embeddable":true,"href":"https:\/\/droix.eu\/pl\/wp-json\/wp\/v2\/product_brand?post=716457"},{"taxonomy":"product_cat","embeddable":true,"href":"https:\/\/droix.eu\/pl\/wp-json\/wp\/v2\/product_cat?post=716457"},{"taxonomy":"product_tag","embeddable":true,"href":"https:\/\/droix.eu\/pl\/wp-json\/wp\/v2\/product_tag?post=716457"},{"taxonomy":"woo-feed-brand","embeddable":true,"href":"https:\/\/droix.eu\/pl\/wp-json\/wp\/v2\/woo-feed-brand?post=716457"},{"taxonomy":"key-features","embeddable":true,"href":"https:\/\/droix.eu\/pl\/wp-json\/wp\/v2\/key-features?post=716457"}],"curies":[{"name":"wp","href":"https:\/\/api.w.org\/{rel}","templated":true}]}}