{"id":706988,"date":"2026-02-10T11:27:40","date_gmt":"2026-02-10T11:27:40","guid":{"rendered":"https:\/\/droix.eu\/product\/bateria-onexplayer-apex\/"},"modified":"2026-02-12T10:10:30","modified_gmt":"2026-02-12T10:10:30","slug":"bateria-onexplayer-apex","status":"publish","type":"product","link":"https:\/\/droix.eu\/pl\/product\/bateria-onexplayer-apex\/","title":{"rendered":"Bateria ONEXPLAYER APEX"},"content":{"rendered":"\n<h2 class=\"wp-block-heading\">OneXPlayer Apex Battery: Podnie\u015b poziom rozgrywki dzi\u0119ki wymiennemu zestawowi zasilaj\u0105cemu 85 Wh<\/h2>\n\n<p id=\"p-rc_b05a515aa78bffb9-171\">Bateria onexplayer apex to rewolucyjne akcesorium zaprojektowane, aby zmieni\u0107 spos\u00f3b, w jaki entuzja\u015bci handheld\u00f3w zarz\u0105dzaj\u0105 swoim zapotrzebowaniem na energi\u0119 podczas d\u0142ugich sesji grania. Ta jednostka o du\u017cej pojemno\u015bci 85 Wh zapewnia p\u0142ynne rozwi\u0105zanie zasilania dla OneXFly Apex, zapewniaj\u0105c, \u017ce u\u017cytkownicy nigdy nie b\u0119d\u0105 musieli pod\u0142\u0105cza\u0107 si\u0119 do gniazdka \u015bciennego w trakcie gry. Poniewa\u017c dostawy maj\u0105 rozpocz\u0105\u0107 si\u0119 w czerwcu 2026 r., ta aktualizacja reprezentuje przysz\u0142o\u015b\u0107 wytrzyma\u0142o\u015bci przeno\u015bnych gier.  <\/p>\n\n<h2 class=\"wp-block-heading\">Dlaczego bateria OneXFly Apex zmienia zasady gry w zakresie przeno\u015bno\u015bci?<\/h2>\n\n<p id=\"p-rc_b05a515aa78bffb9-172\">Zasilanie przyjazne w podr\u00f3\u017cy to podstawowa filozofia stoj\u0105ca za bateri\u0105 onexfly apex. Poniewa\u017c granie w podr\u00f3\u017cy cz\u0119sto prowadzi do niepokoju o bateri\u0119, ten wymienny system zosta\u0142 opracowany w celu zapewnienia natychmiastowej ulgi. Zatrzaskowa konstrukcja pozwala na szybkie i \u0142atwe pod\u0142\u0105czenie, co oznacza, \u017ce mo\u017cesz podwoi\u0107 czas gry bez konieczno\u015bci ponownego uruchamiania systemu.  <\/p>\n\n<h2 class=\"wp-block-heading\">Specyfikacje techniczne i konstrukcja Snap-On<\/h2>\n\n<p id=\"p-rc_b05a515aa78bffb9-173\">Zaprojektowana z imponuj\u0105c\u0105 pojemno\u015bci\u0105 85 Wh, bateria OneXFly Apex oferuje jedn\u0105 z najwy\u017cszych g\u0119sto\u015bci energii dost\u0119pnych dla r\u0119cznych urz\u0105dze\u0144 peryferyjnych.<sup><\/sup>  Ka\u017cdej jednostce towarzyszy dedykowany kabel \u0142\u0105cz\u0105cy bateri\u0119 z urz\u0105dzeniem, aby zapewni\u0107 stabilny i wydajny przep\u0142yw energii. W rezultacie sprz\u0119t pozostaje smuk\u0142y, podczas gdy bateria zapewnia mocn\u0105 energi\u0119 wymagan\u0105 dla tytu\u0142\u00f3w AAA. <\/p>\n\n<h2 class=\"wp-block-heading\">Zapewnienie najwy\u017cszej wydajno\u015bci dzi\u0119ki Onexplayer Apex Battery<\/h2>\n\n<p>Technologia natychmiastowej wymiany u\u0142atwia optymalizacj\u0119 korzystania z urz\u0105dzenia przeno\u015bnego. Podczas gdy wewn\u0119trzne baterie w ko\u0144cu ulegaj\u0105 degradacji, posiadanie wymiennej baterii onexplayer apex zapewnia funkcjonalno\u015b\u0107 urz\u0105dzenia przez wiele lat. Po\u0142\u0105czenie jest zabezpieczone za pomoc\u0105 solidnego mechanizmu zatrzaskowego, kt\u00f3ry zosta\u0142 rygorystycznie przetestowany pod k\u0105tem trwa\u0142o\u015bci i \u0142atwo\u015bci u\u017cytkowania podczas podr\u00f3\u017cy.  <\/p>\n\n<h2 class=\"wp-block-heading\">Zabezpiecz sw\u00f3j sprz\u0119t i sprawd\u017a cen\u0119 baterii Apex<\/h2>\n\n<p>Oczekuje si\u0119, \u017ce popyt na to wysokowydajne akcesorium b\u0119dzie znaczny w miar\u0119 zbli\u017cania si\u0119 do premiery w czerwcu 2026 roku. Sprawdzaj\u0105c aktualn\u0105 cen\u0119 baterii apex i sk\u0142adaj\u0105c zam\u00f3wienie w przedsprzeda\u017cy w naszym sklepie, gwarantujesz, \u017ce Twoja jednostka jest zarezerwowana z pierwszej partii produkcyjnej. Nie ryzykuj przegapienia tego niezb\u0119dnego uaktualnienia; odwied\u017a nasz\u0105 stron\u0119 produktu ju\u017c dzi\u015b, aby dowiedzie\u0107 si\u0119 wi\u0119cej i zapewni\u0107 sobie OneXFly Apex Battery, aby Twoje sesje gamingowe nigdy nie musia\u0142y ko\u0144czy\u0107 si\u0119 przedwcze\u015bnie!  <\/p>\n","protected":false},"excerpt":{"rendered":"<ul>\n<li><strong>Pojemno\u015b\u0107 85 Wh:<\/strong> Zapewnia wyd\u0142u\u017cony czas grania z du\u017c\u0105 moc\u0105.<\/li>\n<li><strong>Pojemno\u015b\u0107 znamionowa 5519 mAh:<\/strong> Zapewnia d\u0142ugotrwa\u0142e, niezawodne u\u017cytkowanie w podr\u00f3\u017cy.<\/li>\n<li><strong>Modu\u0142owa konstrukcja:<\/strong> Mechanizm szybkiego monta\u017cu u\u0142atwiaj\u0105cy wymian\u0119 i demonta\u017c.<\/li>\n<li><strong>Zasilanie wysokonapi\u0119ciowe:<\/strong> stworzone do obs\u0142ugi pot\u0119\u017cnego APU ONEXFLY APEX.<\/li>\n<li><strong>Oficjalne akcesorium ONEXPLAYER:<\/strong> Gwarantuje idealne dopasowanie, kompatybilno\u015b\u0107 i bezpiecze\u0144stwo.<\/li>\n<\/ul>\n<pre><b>Pozycja w przedsprzeda\u017cy<\/b>\n<ul>\n<li>Przewidywana data premiery: 26 czerwca 2026 r.<\/li><\/pre>\n<\/ul>\n[droix_global_accordions]\n[cg_accordion title=\"Pakiet zawiera\"]<\/p>\n<ul>\n<li>1x Bateria ONEXPLAYER APEX<\/li>\n<\/ul>\n<p>[\/cg_accordion]\n","protected":false},"featured_media":706989,"template":"","meta":{"_acf_changed":false},"product_brand":[],"product_cat":[13349,13350],"product_tag":[],"woo-feed-brand":[2199],"key-features":[],"class_list":{"0":"post-706988","1":"product","2":"type-product","3":"status-publish","4":"has-post-thumbnail","6":"product_cat-akcesoria","7":"product_cat-akcesoria-do-gier","8":"product_shipping_class-low-end","9":"pa_accessory-type-add-ons","10":"pa_brands-onexplayer-pl","11":"pa_compatibility-onexplayer-onexfly-apex","12":"woo-feed-brand-onexplayer","14":"first","15":"onbackorder","16":"taxable","17":"shipping-taxable","18":"purchasable","19":"product-type-variable","20":"has-default-attributes"},"acf":[],"aioseo_notices":[],"_links":{"self":[{"href":"https:\/\/droix.eu\/pl\/wp-json\/wp\/v2\/product\/706988","targetHints":{"allow":["GET"]}}],"collection":[{"href":"https:\/\/droix.eu\/pl\/wp-json\/wp\/v2\/product"}],"about":[{"href":"https:\/\/droix.eu\/pl\/wp-json\/wp\/v2\/types\/product"}],"version-history":[{"count":0,"href":"https:\/\/droix.eu\/pl\/wp-json\/wp\/v2\/product\/706988\/revisions"}],"wp:featuredmedia":[{"embeddable":true,"href":"https:\/\/droix.eu\/pl\/wp-json\/wp\/v2\/media\/706989"}],"wp:attachment":[{"href":"https:\/\/droix.eu\/pl\/wp-json\/wp\/v2\/media?parent=706988"}],"wp:term":[{"taxonomy":"product_brand","embeddable":true,"href":"https:\/\/droix.eu\/pl\/wp-json\/wp\/v2\/product_brand?post=706988"},{"taxonomy":"product_cat","embeddable":true,"href":"https:\/\/droix.eu\/pl\/wp-json\/wp\/v2\/product_cat?post=706988"},{"taxonomy":"product_tag","embeddable":true,"href":"https:\/\/droix.eu\/pl\/wp-json\/wp\/v2\/product_tag?post=706988"},{"taxonomy":"woo-feed-brand","embeddable":true,"href":"https:\/\/droix.eu\/pl\/wp-json\/wp\/v2\/woo-feed-brand?post=706988"},{"taxonomy":"key-features","embeddable":true,"href":"https:\/\/droix.eu\/pl\/wp-json\/wp\/v2\/key-features?post=706988"}],"curies":[{"name":"wp","href":"https:\/\/api.w.org\/{rel}","templated":true}]}}