{"id":551473,"date":"2020-11-20T10:02:39","date_gmt":"2020-11-20T10:02:39","guid":{"rendered":"https:\/\/droix.eu\/product\/fx8s-hub-usb-typu-c\/"},"modified":"2025-09-05T15:32:15","modified_gmt":"2025-09-05T14:32:15","slug":"fx8s-hub-usb-typu-c","status":"publish","type":"product","link":"https:\/\/droix.eu\/pl\/product\/fx8s-hub-usb-typu-c\/","title":{"rendered":"FX8S Hub USB typu C"},"content":{"rendered":"<p><strong>Adapter<\/strong> FX8s <strong>USB-C Hub 8 w 1<\/strong> \u0142\u0105czy powszechnie wymagane porty w jednym kompaktowym i wydajnym <strong>hubie USB-C<\/strong>.<\/p>\n<p><strong>Hub USB-C<\/strong> FX8s \u0142\u0105czy si\u0119 z portem USB typu C i jest kompatybilny z <a href=\"https:\/\/www.pocket-lint.com\/laptops\/news\/139323-thunderbolt-3-explained-the-one-port-to-rule-them-all\">Thunderbolt 3<\/a>. Zapewnia szybk\u0105 \u0142\u0105czno\u015b\u0107 mi\u0119dzy urz\u0105dzeniem, takim jak komputer PC lub laptop, a hubem, a tak\u017ce umo\u017cliwia \u0142adowanie podczas u\u017cytkowania. <\/p>\n<p>Port <strong>HDMI huba USB-C<\/strong> obs\u0142uguje rozdzielczo\u015b\u0107 do <strong>4K*2K UHD<\/strong> (3840&#215;2160) przy 60 Hz, umo\u017cliwiaj\u0105c pod\u0142\u0105czenie do urz\u0105dze\u0144 wy\u015bwietlaj\u0105cych, takich jak telewizory, monitory lub projektory. Wystarczy pod\u0142\u0105czy\u0107 kabel HDMI do koncentratora i wy\u015bwietlacza, aby rozpocz\u0105\u0107 prac\u0119. <\/p>\n<p>Dwa superszybkie <strong>porty USB 3.0<\/strong> znajduj\u0105 si\u0119 z boku i umo\u017cliwiaj\u0105 pod\u0142\u0105czenie urz\u0105dze\u0144 takich jak mysz lub klawiatura lub szybkich urz\u0105dze\u0144 peryferyjnych, takich jak pami\u0119ci USB i zewn\u0119trzne dyski twarde. Dostarczaj\u0105 one do 4,5W maksymalnej mocy. <\/p>\n<p>\u017be\u0144ski <strong>port USB typu C<\/strong> obs\u0142uguje zasilacze o mocy do 87 W, a tak\u017ce mo\u017ce wyprowadza\u0107 napi\u0119cie 20 V przy 3 A. Podw\u00f3jna funkcjonalno\u015b\u0107 umo\u017cliwia \u0142adowanie urz\u0105dzenia za po\u015brednictwem huba podczas korzystania z niego, jest to idealne rozwi\u0105zanie, je\u015bli urz\u0105dzenie ma tylko jeden port typu C. Mo\u017cesz tak\u017ce pod\u0142\u0105czy\u0107 kompatybilne <a href=\"https:\/\/www.computerworld.com\/article\/2488194\/usb-c-explained-how-to-get-the-most-from-it-and-why-its-great.html\">urz\u0105dzenia peryferyjne typu C<\/a> do huba za po\u015brednictwem tego portu.  <\/p>\n<p>Wiele urz\u0105dze\u0144 przeno\u015bnych ma obecnie tylko \u0142\u0105czno\u015b\u0107 bezprzewodow\u0105, kt\u00f3ra cz\u0119sto nie jest wystarczaj\u0105co szybka lub niezawodna. Port <strong>ethernet<\/strong> RJ45 <strong>koncentratora USB-C<\/strong> obs\u0142uguje pr\u0119dko\u015b\u0107 do 100 Mb\/s, zapewniaj\u0105c szybki i stabilny przewodowy transfer danych. <\/p>\n<p>Hub FX8s posiada r\u00f3wnie\u017c <strong>czytnik kart<\/strong> SD i Micro SD <strong>USB-C<\/strong>, kt\u00f3ry zapewnia niezawodny, szybki zapis i odczyt kart na urz\u0105dzeniu.<\/p>\n","protected":false},"excerpt":{"rendered":"<ul>\n<li><strong>Szybki<\/strong> adapter USB typu C<\/li>\n<li>Wyj\u015bcie HDMI <strong>4K<\/strong> <\/li>\n<li>Port Ethernet RJ45 <strong>100 M\/s<\/strong> <\/li>\n<li>Gniazdo kart SD\/MicroSD<\/li>\n<li>Zgodno\u015b\u0107 z systemami <strong>Windows<\/strong><strong>, Mac<\/strong> i <strong>Android<\/strong><\/li>\n<\/ul>\n[droix_global_accordions]\n[cg_accordion title=\"Package Includes\"]<\/p>\n<ul>\n<li>1x FX8S Hub USB typu C<\/li>\n<\/ul>\n<p>[\/cg_accordion]\n","protected":false},"featured_media":221131,"template":"","meta":{"_acf_changed":false},"product_brand":[],"product_cat":[13349,13350,13389,16926],"product_tag":[],"woo-feed-brand":[],"key-features":[],"class_list":{"0":"post-551473","1":"product","2":"type-product","3":"status-publish","4":"has-post-thumbnail","6":"product_cat-akcesoria","7":"product_cat-akcesoria-do-gier","8":"product_cat-akcesoria-do-laptopow","9":"product_cat-akcesoria-komputerowe","10":"product_shipping_class-low-end","11":"pa_accessory-type-docking-station","12":"pa_brands-droix-pl","14":"first","15":"outofstock","16":"taxable","17":"shipping-taxable","18":"purchasable","19":"product-type-simple"},"acf":[],"aioseo_notices":[],"aioseo_head":"\n\t\t<!-- All in One SEO Pro 4.9.6.2 - aioseo.com -->\n\t<meta name=\"description\" content=\"Szybki adapter USB typu C Wyj\u015bcie HDMI 4K Port Ethernet RJ45 100 M\/s Gniazdo kart SD\/MicroSD Zgodno\u015b\u0107 z systemami Windows, Mac i Android Package Includes 1x FX8S Hub USB typu C\" \/>\n\t<meta name=\"robots\" content=\"max-image-preview:large\" \/>\n\t<link rel=\"canonical\" href=\"https:\/\/droix.eu\/pl\/product\/fx8s-hub-usb-typu-c\/\" \/>\n\t<meta name=\"generator\" content=\"All in One SEO Pro (AIOSEO) 4.9.6.2\" \/>\n\t\t<meta property=\"og:locale\" content=\"pl_PL\" \/>\n\t\t<meta property=\"og:site_name\" content=\"DROIX EU - Get the latest Mini PCs, Ultrabook, PC Gaming Handhelds and more!\" \/>\n\t\t<meta property=\"og:type\" content=\"article\" \/>\n\t\t<meta property=\"og:title\" content=\"FX8S Hub USB typu C - DROIX EU\" \/>\n\t\t<meta property=\"og:description\" content=\"Szybki adapter USB typu C Wyj\u015bcie HDMI 4K Port Ethernet RJ45 100 M\/s Gniazdo kart SD\/MicroSD Zgodno\u015b\u0107 z systemami Windows, Mac i Android Package Includes 1x FX8S Hub USB typu C\" \/>\n\t\t<meta property=\"og:url\" content=\"https:\/\/droix.eu\/pl\/product\/fx8s-hub-usb-typu-c\/\" \/>\n\t\t<meta property=\"og:image\" content=\"https:\/\/droix.eu\/wp-content\/uploads\/2024\/06\/droix-v2-light-logo.png\" \/>\n\t\t<meta property=\"og:image:secure_url\" content=\"https:\/\/droix.eu\/wp-content\/uploads\/2024\/06\/droix-v2-light-logo.png\" \/>\n\t\t<meta property=\"og:image:width\" content=\"380\" \/>\n\t\t<meta property=\"og:image:height\" content=\"118\" \/>\n\t\t<meta property=\"article:published_time\" content=\"2020-11-20T10:02:39+00:00\" \/>\n\t\t<meta property=\"article:modified_time\" content=\"2025-09-05T14:32:15+00:00\" \/>\n\t\t<meta property=\"article:publisher\" content=\"https:\/\/www.facebook.com\/DroiX.Store\" \/>\n\t\t<meta name=\"twitter:card\" content=\"summary_large_image\" \/>\n\t\t<meta name=\"twitter:site\" content=\"@DroiX_Store\" \/>\n\t\t<meta name=\"twitter:title\" content=\"FX8S Hub USB typu C - DROIX EU\" \/>\n\t\t<meta name=\"twitter:description\" content=\"Szybki adapter USB typu C Wyj\u015bcie HDMI 4K Port Ethernet RJ45 100 M\/s Gniazdo kart SD\/MicroSD Zgodno\u015b\u0107 z systemami Windows, Mac i Android Package Includes 1x FX8S Hub USB typu C\" \/>\n\t\t<meta name=\"twitter:image\" content=\"https:\/\/droix.eu\/wp-content\/uploads\/2024\/06\/droix-v2-light-logo.png\" \/>\n\t\t<script type=\"application\/ld+json\" class=\"aioseo-schema\">\n\t\t\t{\"@context\":\"https:\\\/\\\/schema.org\",\"@graph\":[{\"@type\":\"BreadcrumbList\",\"@id\":\"https:\\\/\\\/droix.eu\\\/pl\\\/product\\\/fx8s-hub-usb-typu-c\\\/#breadcrumblist\",\"itemListElement\":[{\"@type\":\"ListItem\",\"@id\":\"https:\\\/\\\/droix.eu\\\/pl\\\/#listItem\",\"position\":1,\"name\":\"Home\",\"item\":\"https:\\\/\\\/droix.eu\\\/pl\\\/\",\"nextItem\":{\"@type\":\"ListItem\",\"@id\":\"https:\\\/\\\/droix.eu\\\/pl\\\/product-category\\\/akcesoria\\\/#listItem\",\"name\":\"Akcesoria\"}},{\"@type\":\"ListItem\",\"@id\":\"https:\\\/\\\/droix.eu\\\/pl\\\/product-category\\\/akcesoria\\\/#listItem\",\"position\":2,\"name\":\"Akcesoria\",\"item\":\"https:\\\/\\\/droix.eu\\\/pl\\\/product-category\\\/akcesoria\\\/\",\"nextItem\":{\"@type\":\"ListItem\",\"@id\":\"https:\\\/\\\/droix.eu\\\/pl\\\/product-category\\\/akcesoria\\\/akcesoria-do-gier\\\/#listItem\",\"name\":\"Akcesoria do gier\"},\"previousItem\":{\"@type\":\"ListItem\",\"@id\":\"https:\\\/\\\/droix.eu\\\/pl\\\/#listItem\",\"name\":\"Home\"}},{\"@type\":\"ListItem\",\"@id\":\"https:\\\/\\\/droix.eu\\\/pl\\\/product-category\\\/akcesoria\\\/akcesoria-do-gier\\\/#listItem\",\"position\":3,\"name\":\"Akcesoria do gier\",\"item\":\"https:\\\/\\\/droix.eu\\\/pl\\\/product-category\\\/akcesoria\\\/akcesoria-do-gier\\\/\",\"nextItem\":{\"@type\":\"ListItem\",\"@id\":\"https:\\\/\\\/droix.eu\\\/pl\\\/product\\\/fx8s-hub-usb-typu-c\\\/#listItem\",\"name\":\"FX8S Hub USB typu C\"},\"previousItem\":{\"@type\":\"ListItem\",\"@id\":\"https:\\\/\\\/droix.eu\\\/pl\\\/product-category\\\/akcesoria\\\/#listItem\",\"name\":\"Akcesoria\"}},{\"@type\":\"ListItem\",\"@id\":\"https:\\\/\\\/droix.eu\\\/pl\\\/product\\\/fx8s-hub-usb-typu-c\\\/#listItem\",\"position\":4,\"name\":\"FX8S Hub USB typu C\",\"previousItem\":{\"@type\":\"ListItem\",\"@id\":\"https:\\\/\\\/droix.eu\\\/pl\\\/product-category\\\/akcesoria\\\/akcesoria-do-gier\\\/#listItem\",\"name\":\"Akcesoria do gier\"}}]},{\"@type\":\"Organization\",\"@id\":\"https:\\\/\\\/droix.eu\\\/pl\\\/#organization\",\"name\":\"DroiX \\u2013 Trusted EU Tech Retailer with 12+ Years Experience\",\"description\":\"DroiX is a leading European technology retailer with over 12 years of experience, offering quality mini PCs, handheld gaming consoles, and tech accessories. We provide hassle-free EU delivery with all taxes included, ensuring a smooth and reliable shopping experience for our customers across Europe.\",\"url\":\"https:\\\/\\\/droix.eu\\\/pl\\\/\",\"logo\":{\"@type\":\"ImageObject\",\"url\":\"https:\\\/\\\/droix.eu\\\/wp-content\\\/uploads\\\/2024\\\/06\\\/droix-v2-light-logo.png\",\"@id\":\"https:\\\/\\\/droix.eu\\\/pl\\\/product\\\/fx8s-hub-usb-typu-c\\\/#organizationLogo\",\"width\":380,\"height\":118},\"image\":{\"@id\":\"https:\\\/\\\/droix.eu\\\/pl\\\/product\\\/fx8s-hub-usb-typu-c\\\/#organizationLogo\"},\"sameAs\":[\"https:\\\/\\\/www.facebook.com\\\/DroiX.Store\",\"https:\\\/\\\/twitter.com\\\/DroiX_Store\",\"https:\\\/\\\/www.instagram.com\\\/droix.store\\\/\",\"https:\\\/\\\/www.tiktok.com\\\/@droix.store\",\"https:\\\/\\\/www.youtube.com\\\/c\\\/DroiX_Store\",\"https:\\\/\\\/uk.linkedin.com\\\/company\\\/droix\"]},{\"@type\":\"Product\",\"@id\":\"https:\\\/\\\/droix.eu\\\/pl\\\/product\\\/fx8s-hub-usb-typu-c\\\/#wooCommerceProduct\",\"name\":\"FX8S Hub USB typu C\",\"description\":\"Szybki adapter USB typu C\\n \\tWyj\\u015bcie HDMI 4K \\n \\tPort Ethernet RJ45 100 M\\\/s \\n \\tGniazdo kart SD\\\/MicroSD\\n \\tZgodno\\u015b\\u0107 z systemami Windows, Mac i Android\",\"url\":\"https:\\\/\\\/droix.eu\\\/pl\\\/product\\\/fx8s-hub-usb-typu-c\\\/\",\"sku\":\"DX-FX8-S-USB-TYPE-C-ADAPTER\",\"image\":{\"@type\":\"ImageObject\",\"url\":\"https:\\\/\\\/droix.eu\\\/wp-content\\\/uploads\\\/2021\\\/12\\\/1-2.png\",\"@id\":\"https:\\\/\\\/droix.eu\\\/pl\\\/product\\\/fx8s-hub-usb-typu-c\\\/#productImage\",\"width\":670,\"height\":840,\"caption\":\"DroiX FX8s - 2 porty USB typu C, 1 port HDMI, 2 porty USB typu A, 1 port kart SD i 1 port MicroSD\"},\"offers\":{\"@type\":\"Offer\",\"url\":\"https:\\\/\\\/droix.eu\\\/pl\\\/product\\\/fx8s-hub-usb-typu-c\\\/#wooCommerceOffer\",\"price\":33.2,\"priceCurrency\":\"EUR\",\"category\":\"Akcesoria\",\"priceValidUntil\":\"2024-05-26\",\"availability\":\"https:\\\/\\\/schema.org\\\/OutOfStock\",\"priceSpecification\":{\"@type\":\"PriceSpecification\",\"price\":33.2,\"priceCurrency\":\"EUR\",\"valueAddedTaxIncluded\":\"true\"},\"seller\":{\"@type\":\"Organization\",\"@id\":\"https:\\\/\\\/droix.eu\\\/pl\\\/#organization\"}}},{\"@type\":\"WebPage\",\"@id\":\"https:\\\/\\\/droix.eu\\\/pl\\\/product\\\/fx8s-hub-usb-typu-c\\\/#webpage\",\"url\":\"https:\\\/\\\/droix.eu\\\/pl\\\/product\\\/fx8s-hub-usb-typu-c\\\/\",\"name\":\"FX8S Hub USB typu C - DROIX EU\",\"description\":\"Szybki adapter USB typu C Wyj\\u015bcie HDMI 4K Port Ethernet RJ45 100 M\\\/s Gniazdo kart SD\\\/MicroSD Zgodno\\u015b\\u0107 z systemami Windows, Mac i Android Package Includes 1x FX8S Hub USB typu C\",\"inLanguage\":\"pl-PL\",\"isPartOf\":{\"@id\":\"https:\\\/\\\/droix.eu\\\/pl\\\/#website\"},\"breadcrumb\":{\"@id\":\"https:\\\/\\\/droix.eu\\\/pl\\\/product\\\/fx8s-hub-usb-typu-c\\\/#breadcrumblist\"},\"image\":{\"@type\":\"ImageObject\",\"url\":\"https:\\\/\\\/droix.eu\\\/wp-content\\\/uploads\\\/2021\\\/12\\\/1-2.png\",\"@id\":\"https:\\\/\\\/droix.eu\\\/pl\\\/product\\\/fx8s-hub-usb-typu-c\\\/#mainImage\",\"width\":670,\"height\":840,\"caption\":\"DroiX FX8s - 2 porty USB typu C, 1 port HDMI, 2 porty USB typu A, 1 port kart SD i 1 port MicroSD\"},\"primaryImageOfPage\":{\"@id\":\"https:\\\/\\\/droix.eu\\\/pl\\\/product\\\/fx8s-hub-usb-typu-c\\\/#mainImage\"},\"datePublished\":\"2020-11-20T10:02:39+00:00\",\"dateModified\":\"2025-09-05T15:32:15+01:00\"},{\"@type\":\"WebSite\",\"@id\":\"https:\\\/\\\/droix.eu\\\/pl\\\/#website\",\"url\":\"https:\\\/\\\/droix.eu\\\/pl\\\/\",\"name\":\"DROIX EU\",\"description\":\"Get the latest Mini PCs, Ultrabook, PC Gaming Handhelds and more!\",\"inLanguage\":\"pl-PL\",\"publisher\":{\"@id\":\"https:\\\/\\\/droix.eu\\\/pl\\\/#organization\"}}]}\n\t\t<\/script>\n\t\t<!-- All in One SEO Pro -->\r\n\t\t<title>FX8S Hub USB typu C - DROIX EU<\/title>\n\n","aioseo_head_json":{"title":"FX8S Hub USB typu C - DROIX EU","description":"Szybki adapter USB typu C Wyj\u015bcie HDMI 4K Port Ethernet RJ45 100 M\/s Gniazdo kart SD\/MicroSD Zgodno\u015b\u0107 z systemami Windows, Mac i Android Package Includes 1x FX8S Hub USB typu C","canonical_url":"https:\/\/droix.eu\/pl\/product\/fx8s-hub-usb-typu-c\/","robots":"max-image-preview:large","keywords":"","webmasterTools":{"miscellaneous":""},"schema":{"@context":"https:\/\/schema.org","@graph":[{"@type":"BreadcrumbList","@id":"https:\/\/droix.eu\/pl\/product\/fx8s-hub-usb-typu-c\/#breadcrumblist","itemListElement":[{"@type":"ListItem","@id":"https:\/\/droix.eu\/pl\/#listItem","position":1,"name":"Home","item":"https:\/\/droix.eu\/pl\/","nextItem":{"@type":"ListItem","@id":"https:\/\/droix.eu\/pl\/product-category\/akcesoria\/#listItem","name":"Akcesoria"}},{"@type":"ListItem","@id":"https:\/\/droix.eu\/pl\/product-category\/akcesoria\/#listItem","position":2,"name":"Akcesoria","item":"https:\/\/droix.eu\/pl\/product-category\/akcesoria\/","nextItem":{"@type":"ListItem","@id":"https:\/\/droix.eu\/pl\/product-category\/akcesoria\/akcesoria-do-gier\/#listItem","name":"Akcesoria do gier"},"previousItem":{"@type":"ListItem","@id":"https:\/\/droix.eu\/pl\/#listItem","name":"Home"}},{"@type":"ListItem","@id":"https:\/\/droix.eu\/pl\/product-category\/akcesoria\/akcesoria-do-gier\/#listItem","position":3,"name":"Akcesoria do gier","item":"https:\/\/droix.eu\/pl\/product-category\/akcesoria\/akcesoria-do-gier\/","nextItem":{"@type":"ListItem","@id":"https:\/\/droix.eu\/pl\/product\/fx8s-hub-usb-typu-c\/#listItem","name":"FX8S Hub USB typu C"},"previousItem":{"@type":"ListItem","@id":"https:\/\/droix.eu\/pl\/product-category\/akcesoria\/#listItem","name":"Akcesoria"}},{"@type":"ListItem","@id":"https:\/\/droix.eu\/pl\/product\/fx8s-hub-usb-typu-c\/#listItem","position":4,"name":"FX8S Hub USB typu C","previousItem":{"@type":"ListItem","@id":"https:\/\/droix.eu\/pl\/product-category\/akcesoria\/akcesoria-do-gier\/#listItem","name":"Akcesoria do gier"}}]},{"@type":"Organization","@id":"https:\/\/droix.eu\/pl\/#organization","name":"DroiX \u2013 Trusted EU Tech Retailer with 12+ Years Experience","description":"DroiX is a leading European technology retailer with over 12 years of experience, offering quality mini PCs, handheld gaming consoles, and tech accessories. We provide hassle-free EU delivery with all taxes included, ensuring a smooth and reliable shopping experience for our customers across Europe.","url":"https:\/\/droix.eu\/pl\/","logo":{"@type":"ImageObject","url":"https:\/\/droix.eu\/wp-content\/uploads\/2024\/06\/droix-v2-light-logo.png","@id":"https:\/\/droix.eu\/pl\/product\/fx8s-hub-usb-typu-c\/#organizationLogo","width":380,"height":118},"image":{"@id":"https:\/\/droix.eu\/pl\/product\/fx8s-hub-usb-typu-c\/#organizationLogo"},"sameAs":["https:\/\/www.facebook.com\/DroiX.Store","https:\/\/twitter.com\/DroiX_Store","https:\/\/www.instagram.com\/droix.store\/","https:\/\/www.tiktok.com\/@droix.store","https:\/\/www.youtube.com\/c\/DroiX_Store","https:\/\/uk.linkedin.com\/company\/droix"]},{"@type":"Product","@id":"https:\/\/droix.eu\/pl\/product\/fx8s-hub-usb-typu-c\/#wooCommerceProduct","name":"FX8S Hub USB typu C","description":"Szybki adapter USB typu C\n \tWyj\u015bcie HDMI 4K \n \tPort Ethernet RJ45 100 M\/s \n \tGniazdo kart SD\/MicroSD\n \tZgodno\u015b\u0107 z systemami Windows, Mac i Android","url":"https:\/\/droix.eu\/pl\/product\/fx8s-hub-usb-typu-c\/","sku":"DX-FX8-S-USB-TYPE-C-ADAPTER","image":{"@type":"ImageObject","url":"https:\/\/droix.eu\/wp-content\/uploads\/2021\/12\/1-2.png","@id":"https:\/\/droix.eu\/pl\/product\/fx8s-hub-usb-typu-c\/#productImage","width":670,"height":840,"caption":"DroiX FX8s - 2 porty USB typu C, 1 port HDMI, 2 porty USB typu A, 1 port kart SD i 1 port MicroSD"},"offers":{"@type":"Offer","url":"https:\/\/droix.eu\/pl\/product\/fx8s-hub-usb-typu-c\/#wooCommerceOffer","price":33.2,"priceCurrency":"EUR","category":"Akcesoria","priceValidUntil":"2024-05-26","availability":"https:\/\/schema.org\/OutOfStock","priceSpecification":{"@type":"PriceSpecification","price":33.2,"priceCurrency":"EUR","valueAddedTaxIncluded":"true"},"seller":{"@type":"Organization","@id":"https:\/\/droix.eu\/pl\/#organization"}}},{"@type":"WebPage","@id":"https:\/\/droix.eu\/pl\/product\/fx8s-hub-usb-typu-c\/#webpage","url":"https:\/\/droix.eu\/pl\/product\/fx8s-hub-usb-typu-c\/","name":"FX8S Hub USB typu C - DROIX EU","description":"Szybki adapter USB typu C Wyj\u015bcie HDMI 4K Port Ethernet RJ45 100 M\/s Gniazdo kart SD\/MicroSD Zgodno\u015b\u0107 z systemami Windows, Mac i Android Package Includes 1x FX8S Hub USB typu C","inLanguage":"pl-PL","isPartOf":{"@id":"https:\/\/droix.eu\/pl\/#website"},"breadcrumb":{"@id":"https:\/\/droix.eu\/pl\/product\/fx8s-hub-usb-typu-c\/#breadcrumblist"},"image":{"@type":"ImageObject","url":"https:\/\/droix.eu\/wp-content\/uploads\/2021\/12\/1-2.png","@id":"https:\/\/droix.eu\/pl\/product\/fx8s-hub-usb-typu-c\/#mainImage","width":670,"height":840,"caption":"DroiX FX8s - 2 porty USB typu C, 1 port HDMI, 2 porty USB typu A, 1 port kart SD i 1 port MicroSD"},"primaryImageOfPage":{"@id":"https:\/\/droix.eu\/pl\/product\/fx8s-hub-usb-typu-c\/#mainImage"},"datePublished":"2020-11-20T10:02:39+00:00","dateModified":"2025-09-05T15:32:15+01:00"},{"@type":"WebSite","@id":"https:\/\/droix.eu\/pl\/#website","url":"https:\/\/droix.eu\/pl\/","name":"DROIX EU","description":"Get the latest Mini PCs, Ultrabook, PC Gaming Handhelds and more!","inLanguage":"pl-PL","publisher":{"@id":"https:\/\/droix.eu\/pl\/#organization"}}]},"og:locale":"pl_PL","og:site_name":"DROIX EU - Get the latest Mini PCs, Ultrabook, PC Gaming Handhelds and more!","og:type":"article","og:title":"FX8S Hub USB typu C - DROIX EU","og:description":"Szybki adapter USB typu C Wyj\u015bcie HDMI 4K Port Ethernet RJ45 100 M\/s Gniazdo kart SD\/MicroSD Zgodno\u015b\u0107 z systemami Windows, Mac i Android Package Includes 1x FX8S Hub USB typu C","og:url":"https:\/\/droix.eu\/pl\/product\/fx8s-hub-usb-typu-c\/","og:image":"https:\/\/droix.eu\/wp-content\/uploads\/2024\/06\/droix-v2-light-logo.png","og:image:secure_url":"https:\/\/droix.eu\/wp-content\/uploads\/2024\/06\/droix-v2-light-logo.png","og:image:width":380,"og:image:height":118,"article:published_time":"2020-11-20T10:02:39+00:00","article:modified_time":"2025-09-05T14:32:15+00:00","article:publisher":"https:\/\/www.facebook.com\/DroiX.Store","twitter:card":"summary_large_image","twitter:site":"@DroiX_Store","twitter:title":"FX8S Hub USB typu C - DROIX EU","twitter:description":"Szybki adapter USB typu C Wyj\u015bcie HDMI 4K Port Ethernet RJ45 100 M\/s Gniazdo kart SD\/MicroSD Zgodno\u015b\u0107 z systemami Windows, Mac i Android Package Includes 1x FX8S Hub USB typu C","twitter:image":"https:\/\/droix.eu\/wp-content\/uploads\/2024\/06\/droix-v2-light-logo.png"},"aioseo_meta_data":{"post_id":"551473","title":null,"description":null,"keywords":null,"keyphrases":null,"primary_term":null,"canonical_url":null,"og_title":null,"og_description":null,"og_object_type":"default","og_image_type":"default","og_image_url":null,"og_image_width":null,"og_image_height":null,"og_image_custom_url":null,"og_image_custom_fields":null,"og_video":null,"og_custom_url":null,"og_article_section":null,"og_article_tags":null,"twitter_use_og":true,"twitter_card":"default","twitter_image_type":"default","twitter_image_url":null,"twitter_image_custom_url":null,"twitter_image_custom_fields":null,"twitter_title":null,"twitter_description":null,"schema":{"blockGraphs":[],"customGraphs":[],"default":{"data":{"Article":[],"Course":[],"Dataset":[],"FAQPage":[],"Movie":[],"Person":[],"Product":[],"ProductReview":[],"Car":[],"Recipe":[],"Service":[],"SoftwareApplication":[],"WebPage":[]},"graphName":"","isEnabled":true},"graphs":[]},"schema_type":"default","schema_type_options":null,"pillar_content":false,"robots_default":true,"robots_noindex":false,"robots_noarchive":false,"robots_nosnippet":false,"robots_nofollow":false,"robots_noimageindex":false,"robots_noodp":false,"robots_notranslate":false,"robots_max_snippet":null,"robots_max_videopreview":null,"robots_max_imagepreview":"large","priority":null,"frequency":null,"local_seo":null,"seo_analyzer_scan_date":"2025-10-24 07:59:50","breadcrumb_settings":null,"limit_modified_date":false,"reviewed_by":null,"open_ai":null,"ai":null,"created":"2025-10-09 03:29:38","updated":"2025-11-27 01:40:54"},"aioseo_breadcrumb":"<div class=\"aioseo-breadcrumbs\"><span class=\"aioseo-breadcrumb\">\n\t<a href=\"https:\/\/droix.eu\/pl\/\" title=\"Home\">Home<\/a>\n<\/span><span class=\"aioseo-breadcrumb-separator\">&raquo;<\/span><span class=\"aioseo-breadcrumb\">\n\t<a href=\"https:\/\/droix.eu\/pl\/product-category\/akcesoria\/\" title=\"Akcesoria\">Akcesoria<\/a>\n<\/span><span class=\"aioseo-breadcrumb-separator\">&raquo;<\/span><span class=\"aioseo-breadcrumb\">\n\t<a href=\"https:\/\/droix.eu\/pl\/product-category\/akcesoria\/akcesoria-do-gier\/\" title=\"Akcesoria do gier\">Akcesoria do gier<\/a>\n<\/span><span class=\"aioseo-breadcrumb-separator\">&raquo;<\/span><span class=\"aioseo-breadcrumb\">\n\tFX8S Hub USB typu C\n<\/span><\/div>","aioseo_breadcrumb_json":[{"label":"Home","link":"https:\/\/droix.eu\/pl\/"},{"label":"Akcesoria","link":"https:\/\/droix.eu\/pl\/product-category\/akcesoria\/"},{"label":"Akcesoria do gier","link":"https:\/\/droix.eu\/pl\/product-category\/akcesoria\/akcesoria-do-gier\/"},{"label":"FX8S Hub USB typu C","link":"https:\/\/droix.eu\/pl\/product\/fx8s-hub-usb-typu-c\/"}],"_links":{"self":[{"href":"https:\/\/droix.eu\/pl\/wp-json\/wp\/v2\/product\/551473","targetHints":{"allow":["GET"]}}],"collection":[{"href":"https:\/\/droix.eu\/pl\/wp-json\/wp\/v2\/product"}],"about":[{"href":"https:\/\/droix.eu\/pl\/wp-json\/wp\/v2\/types\/product"}],"version-history":[{"count":0,"href":"https:\/\/droix.eu\/pl\/wp-json\/wp\/v2\/product\/551473\/revisions"}],"wp:featuredmedia":[{"embeddable":true,"href":"https:\/\/droix.eu\/pl\/wp-json\/wp\/v2\/media\/221131"}],"wp:attachment":[{"href":"https:\/\/droix.eu\/pl\/wp-json\/wp\/v2\/media?parent=551473"}],"wp:term":[{"taxonomy":"product_brand","embeddable":true,"href":"https:\/\/droix.eu\/pl\/wp-json\/wp\/v2\/product_brand?post=551473"},{"taxonomy":"product_cat","embeddable":true,"href":"https:\/\/droix.eu\/pl\/wp-json\/wp\/v2\/product_cat?post=551473"},{"taxonomy":"product_tag","embeddable":true,"href":"https:\/\/droix.eu\/pl\/wp-json\/wp\/v2\/product_tag?post=551473"},{"taxonomy":"woo-feed-brand","embeddable":true,"href":"https:\/\/droix.eu\/pl\/wp-json\/wp\/v2\/woo-feed-brand?post=551473"},{"taxonomy":"key-features","embeddable":true,"href":"https:\/\/droix.eu\/pl\/wp-json\/wp\/v2\/key-features?post=551473"}],"curies":[{"name":"wp","href":"https:\/\/api.w.org\/{rel}","templated":true}]}}