{"id":551451,"date":"2020-11-17T11:23:03","date_gmt":"2020-11-17T11:23:03","guid":{"rendered":"https:\/\/droix.eu\/product\/podswietlana-mysz-droix-g10s-z-funkcja-sterowania-glosowego\/"},"modified":"2026-01-22T14:32:57","modified_gmt":"2026-01-22T14:32:57","slug":"podswietlana-mysz-droix-g10s-z-funkcja-sterowania-glosowego","status":"publish","type":"product","link":"https:\/\/droix.eu\/pl\/product\/podswietlana-mysz-droix-g10s-z-funkcja-sterowania-glosowego\/","title":{"rendered":"Pod\u015bwietlana mysz DroiX G10S z funkcj\u0105 sterowania g\u0142osowego"},"content":{"rendered":"<p><span data-contrast=\"none\">Popularna mysz DroiX G10 powraca w swojej najnowszej ods\u0142onie &#8211; <strong>G10S<\/strong>!<\/span><span data-ccp-props=\"{\">&nbsp;<\/span><\/p>\n<p><span data-contrast=\"none\">Korzystaj\u0105c z wbudowanego czujnika <strong>\u017cyroskopowego<\/strong> wysokiej jako\u015bci, mo\u017cesz precyzyjnie i \u0142atwo sterowa\u0107 mysz\u0105 na swoim urz\u0105dzeniu z odleg\u0142o\u015bci kilku metr\u00f3w!<\/span><span data-ccp-props=\"{\">&nbsp;<\/span><\/p>\n<p><span data-contrast=\"none\">Nie masz ochoty macha\u0107 r\u0119k\u0105? \u017baden problem! Z&nbsp;<\/span><strong>wbudowany mikrofon<\/strong><span data-contrast=\"none\"><strong> mikrofon<\/strong>, dyktuj swoje s\u0142owa zamiast wpisywa\u0107 je za pomoc\u0105 r\u00f3\u017cnych aplikacji obs\u0142uguj\u0105cych g\u0142os!<\/span><span data-ccp-props=\"{\">&nbsp;<\/span><\/p>\n<p><span data-contrast=\"none\">G10S ma tak\u0105 sam\u0105 obudow\u0119 jak jego poprzednik i mierzy zaledwie 143*45*29 mm, dzi\u0119ki czemu dos\u0142ownie mie\u015bci si\u0119 w d\u0142oni!<\/span><span data-ccp-props=\"{\">&nbsp;<\/span><\/p>\n<p><span data-contrast=\"none\">Cech\u0105 wyr\u00f3\u017cniaj\u0105c\u0105 G10S jest w\u0142\u0105czenie <strong>pod\u015bwietlenia<\/strong> pod przyciskami, co znacznie u\u0142atwia korzystanie z niego w warunkach s\u0142abego o\u015bwietlenia!<\/span><span data-ccp-props=\"{\">&nbsp;<\/span><\/p>\n","protected":false},"excerpt":{"rendered":"<ul>\n<li>\u0141\u0105czno\u015b\u0107 <strong>bezprzewodowa<\/strong> 2,4 GHz<\/li>\n<li>Dzia\u0142a na baterie AAA.<\/li>\n<li><strong>Pod\u015bwietlane<\/strong> przyciski<\/li>\n<li><strong>Wbudowany mikrofon<\/strong><\/li>\n<li>Lekka, ergonomiczna konstrukcja.<\/li>\n<\/ul>\n[droix_global_accordions]\n[cg_accordion title=\"Pakiet zawiera\"]<\/p>\n<ul>\n<li>1x DroiX G10S Air-Mouse\/li&gt;\n<li>1x Klucz sprz\u0119towy USB 2,4 GHz RF<\/li>\n<li>1x Instrukcja obs\u0142ugi<\/li>\n<\/ul>\n<p>[\/cg_accordion]\n","protected":false},"featured_media":220349,"template":"","meta":{"_acf_changed":false},"product_brand":[],"product_cat":[13349,39296],"product_tag":[],"woo-feed-brand":[],"key-features":[],"class_list":{"0":"post-551451","1":"product","2":"type-product","3":"status-publish","4":"has-post-thumbnail","6":"product_cat-akcesoria","7":"product_cat-akcesoria-do-android-tv-box","8":"product_shipping_class-low-end","9":"pa_brands-droix-pl","10":"pa_compatibility-android-pl","11":"pa_compatibility-windows-pl","13":"first","14":"outofstock","15":"sale","16":"taxable","17":"shipping-taxable","18":"purchasable","19":"product-type-simple"},"acf":[],"aioseo_notices":[],"aioseo_head":"\n\t\t<!-- All in One SEO Pro 4.9.5.2 - aioseo.com -->\n\t<meta name=\"description\" content=\"\u0141\u0105czno\u015b\u0107 bezprzewodowa 2,4 GHz Dzia\u0142a na baterie AAA. Pod\u015bwietlane przyciski Wbudowany mikrofon Lekka, ergonomiczna konstrukcja. Pakiet zawiera 1x DroiX G10S Air-Mouse\/li&gt; 1x Klucz sprz\u0119towy USB 2,4 GHz RF 1x Instrukcja obs\u0142ugi\" \/>\n\t<meta name=\"robots\" content=\"max-image-preview:large\" \/>\n\t<link rel=\"canonical\" href=\"https:\/\/droix.eu\/pl\/product\/podswietlana-mysz-droix-g10s-z-funkcja-sterowania-glosowego\/\" \/>\n\t<meta name=\"generator\" content=\"All in One SEO Pro (AIOSEO) 4.9.5.2\" \/>\n\t\t<meta property=\"og:locale\" content=\"pl_PL\" \/>\n\t\t<meta property=\"og:site_name\" content=\"DROIX EU - Get the latest Mini PCs, Ultrabook, PC Gaming Handhelds and more!\" \/>\n\t\t<meta property=\"og:type\" content=\"article\" \/>\n\t\t<meta property=\"og:title\" content=\"Pod\u015bwietlana mysz DroiX G10S z funkcj\u0105 sterowania g\u0142osowego - DROIX EU\" \/>\n\t\t<meta property=\"og:description\" content=\"\u0141\u0105czno\u015b\u0107 bezprzewodowa 2,4 GHz Dzia\u0142a na baterie AAA. Pod\u015bwietlane przyciski Wbudowany mikrofon Lekka, ergonomiczna konstrukcja. Pakiet zawiera 1x DroiX G10S Air-Mouse\/li&gt; 1x Klucz sprz\u0119towy USB 2,4 GHz RF 1x Instrukcja obs\u0142ugi\" \/>\n\t\t<meta property=\"og:url\" content=\"https:\/\/droix.eu\/pl\/product\/podswietlana-mysz-droix-g10s-z-funkcja-sterowania-glosowego\/\" \/>\n\t\t<meta property=\"og:image\" content=\"https:\/\/droix.eu\/wp-content\/uploads\/2024\/06\/droix-v2-light-logo.png\" \/>\n\t\t<meta property=\"og:image:secure_url\" content=\"https:\/\/droix.eu\/wp-content\/uploads\/2024\/06\/droix-v2-light-logo.png\" \/>\n\t\t<meta property=\"og:image:width\" content=\"380\" \/>\n\t\t<meta property=\"og:image:height\" content=\"118\" \/>\n\t\t<meta property=\"article:published_time\" content=\"2020-11-17T11:23:03+00:00\" \/>\n\t\t<meta property=\"article:modified_time\" content=\"2026-01-22T14:32:57+00:00\" \/>\n\t\t<meta property=\"article:publisher\" content=\"https:\/\/www.facebook.com\/DroiX.Store\" \/>\n\t\t<meta name=\"twitter:card\" content=\"summary_large_image\" \/>\n\t\t<meta name=\"twitter:site\" content=\"@DroiX_Store\" \/>\n\t\t<meta name=\"twitter:title\" content=\"Pod\u015bwietlana mysz DroiX G10S z funkcj\u0105 sterowania g\u0142osowego - DROIX EU\" \/>\n\t\t<meta name=\"twitter:description\" content=\"\u0141\u0105czno\u015b\u0107 bezprzewodowa 2,4 GHz Dzia\u0142a na baterie AAA. Pod\u015bwietlane przyciski Wbudowany mikrofon Lekka, ergonomiczna konstrukcja. Pakiet zawiera 1x DroiX G10S Air-Mouse\/li&gt; 1x Klucz sprz\u0119towy USB 2,4 GHz RF 1x Instrukcja obs\u0142ugi\" \/>\n\t\t<meta name=\"twitter:image\" content=\"https:\/\/droix.eu\/wp-content\/uploads\/2024\/06\/droix-v2-light-logo.png\" \/>\n\t\t<script type=\"application\/ld+json\" class=\"aioseo-schema\">\n\t\t\t{\"@context\":\"https:\\\/\\\/schema.org\",\"@graph\":[{\"@type\":\"BreadcrumbList\",\"@id\":\"https:\\\/\\\/droix.eu\\\/pl\\\/product\\\/podswietlana-mysz-droix-g10s-z-funkcja-sterowania-glosowego\\\/#breadcrumblist\",\"itemListElement\":[{\"@type\":\"ListItem\",\"@id\":\"https:\\\/\\\/droix.eu\\\/pl\\\/#listItem\",\"position\":1,\"name\":\"Home\",\"item\":\"https:\\\/\\\/droix.eu\\\/pl\\\/\",\"nextItem\":{\"@type\":\"ListItem\",\"@id\":\"https:\\\/\\\/droix.eu\\\/pl\\\/product-category\\\/akcesoria\\\/#listItem\",\"name\":\"Akcesoria\"}},{\"@type\":\"ListItem\",\"@id\":\"https:\\\/\\\/droix.eu\\\/pl\\\/product-category\\\/akcesoria\\\/#listItem\",\"position\":2,\"name\":\"Akcesoria\",\"item\":\"https:\\\/\\\/droix.eu\\\/pl\\\/product-category\\\/akcesoria\\\/\",\"nextItem\":{\"@type\":\"ListItem\",\"@id\":\"https:\\\/\\\/droix.eu\\\/pl\\\/product-category\\\/akcesoria\\\/akcesoria-do-android-tv-box\\\/#listItem\",\"name\":\"Akcesoria do Android TV Box\"},\"previousItem\":{\"@type\":\"ListItem\",\"@id\":\"https:\\\/\\\/droix.eu\\\/pl\\\/#listItem\",\"name\":\"Home\"}},{\"@type\":\"ListItem\",\"@id\":\"https:\\\/\\\/droix.eu\\\/pl\\\/product-category\\\/akcesoria\\\/akcesoria-do-android-tv-box\\\/#listItem\",\"position\":3,\"name\":\"Akcesoria do Android TV Box\",\"item\":\"https:\\\/\\\/droix.eu\\\/pl\\\/product-category\\\/akcesoria\\\/akcesoria-do-android-tv-box\\\/\",\"nextItem\":{\"@type\":\"ListItem\",\"@id\":\"https:\\\/\\\/droix.eu\\\/pl\\\/product\\\/podswietlana-mysz-droix-g10s-z-funkcja-sterowania-glosowego\\\/#listItem\",\"name\":\"Pod\\u015bwietlana mysz DroiX G10S z funkcj\\u0105 sterowania g\\u0142osowego\"},\"previousItem\":{\"@type\":\"ListItem\",\"@id\":\"https:\\\/\\\/droix.eu\\\/pl\\\/product-category\\\/akcesoria\\\/#listItem\",\"name\":\"Akcesoria\"}},{\"@type\":\"ListItem\",\"@id\":\"https:\\\/\\\/droix.eu\\\/pl\\\/product\\\/podswietlana-mysz-droix-g10s-z-funkcja-sterowania-glosowego\\\/#listItem\",\"position\":4,\"name\":\"Pod\\u015bwietlana mysz DroiX G10S z funkcj\\u0105 sterowania g\\u0142osowego\",\"previousItem\":{\"@type\":\"ListItem\",\"@id\":\"https:\\\/\\\/droix.eu\\\/pl\\\/product-category\\\/akcesoria\\\/akcesoria-do-android-tv-box\\\/#listItem\",\"name\":\"Akcesoria do Android TV Box\"}}]},{\"@type\":\"Organization\",\"@id\":\"https:\\\/\\\/droix.eu\\\/pl\\\/#organization\",\"name\":\"DroiX \\u2013 Trusted EU Tech Retailer with 12+ Years Experience\",\"description\":\"DroiX is a leading European technology retailer with over 12 years of experience, offering quality mini PCs, handheld gaming consoles, and tech accessories. We provide hassle-free EU delivery with all taxes included, ensuring a smooth and reliable shopping experience for our customers across Europe.\",\"url\":\"https:\\\/\\\/droix.eu\\\/pl\\\/\",\"logo\":{\"@type\":\"ImageObject\",\"url\":\"https:\\\/\\\/droix.eu\\\/wp-content\\\/uploads\\\/2024\\\/06\\\/droix-v2-light-logo.png\",\"@id\":\"https:\\\/\\\/droix.eu\\\/pl\\\/product\\\/podswietlana-mysz-droix-g10s-z-funkcja-sterowania-glosowego\\\/#organizationLogo\",\"width\":380,\"height\":118},\"image\":{\"@id\":\"https:\\\/\\\/droix.eu\\\/pl\\\/product\\\/podswietlana-mysz-droix-g10s-z-funkcja-sterowania-glosowego\\\/#organizationLogo\"},\"sameAs\":[\"https:\\\/\\\/www.facebook.com\\\/DroiX.Store\",\"https:\\\/\\\/twitter.com\\\/DroiX_Store\",\"https:\\\/\\\/www.instagram.com\\\/droix.store\\\/\",\"https:\\\/\\\/www.tiktok.com\\\/@droix.store\",\"https:\\\/\\\/www.youtube.com\\\/c\\\/DroiX_Store\",\"https:\\\/\\\/uk.linkedin.com\\\/company\\\/droix\"]},{\"@type\":\"Product\",\"@id\":\"https:\\\/\\\/droix.eu\\\/pl\\\/product\\\/podswietlana-mysz-droix-g10s-z-funkcja-sterowania-glosowego\\\/#wooCommerceProduct\",\"name\":\"Pod\\u015bwietlana mysz DroiX G10S z funkcj\\u0105 sterowania g\\u0142osowego\",\"description\":\"\\u0141\\u0105czno\\u015b\\u0107 bezprzewodowa 2,4 GHz\\n \\tDzia\\u0142a na baterie AAA.\\n \\tPod\\u015bwietlane przyciski\\n \\tWbudowany mikrofon\\n \\tLekka, ergonomiczna konstrukcja.\",\"url\":\"https:\\\/\\\/droix.eu\\\/pl\\\/product\\\/podswietlana-mysz-droix-g10s-z-funkcja-sterowania-glosowego\\\/\",\"sku\":\"DROIX-G10S\",\"gtin\":\"5060763670440\",\"image\":{\"@type\":\"ImageObject\",\"url\":\"https:\\\/\\\/droix.eu\\\/wp-content\\\/uploads\\\/2021\\\/12\\\/G10S-LISTING-PICTURE-1.png\",\"@id\":\"https:\\\/\\\/droix.eu\\\/pl\\\/product\\\/podswietlana-mysz-droix-g10s-z-funkcja-sterowania-glosowego\\\/#productImage\",\"width\":1000,\"height\":1000,\"caption\":\"Pod\\u015bwietlana mysz DroiX G10S - pokazana od przodu\"},\"offers\":{\"@type\":\"Offer\",\"url\":\"https:\\\/\\\/droix.eu\\\/pl\\\/product\\\/podswietlana-mysz-droix-g10s-z-funkcja-sterowania-glosowego\\\/#wooCommerceOffer\",\"price\":11.01,\"priceCurrency\":\"EUR\",\"category\":\"Akcesoria\",\"availability\":\"https:\\\/\\\/schema.org\\\/OutOfStock\",\"priceSpecification\":{\"@type\":\"PriceSpecification\",\"price\":11.01,\"priceCurrency\":\"EUR\",\"valueAddedTaxIncluded\":\"true\"},\"seller\":{\"@type\":\"Organization\",\"@id\":\"https:\\\/\\\/droix.eu\\\/pl\\\/#organization\"}}},{\"@type\":\"WebPage\",\"@id\":\"https:\\\/\\\/droix.eu\\\/pl\\\/product\\\/podswietlana-mysz-droix-g10s-z-funkcja-sterowania-glosowego\\\/#webpage\",\"url\":\"https:\\\/\\\/droix.eu\\\/pl\\\/product\\\/podswietlana-mysz-droix-g10s-z-funkcja-sterowania-glosowego\\\/\",\"name\":\"Pod\\u015bwietlana mysz DroiX G10S z funkcj\\u0105 sterowania g\\u0142osowego - DROIX EU\",\"description\":\"\\u0141\\u0105czno\\u015b\\u0107 bezprzewodowa 2,4 GHz Dzia\\u0142a na baterie AAA. Pod\\u015bwietlane przyciski Wbudowany mikrofon Lekka, ergonomiczna konstrukcja. Pakiet zawiera 1x DroiX G10S Air-Mouse\\\/li> 1x Klucz sprz\\u0119towy USB 2,4 GHz RF 1x Instrukcja obs\\u0142ugi\",\"inLanguage\":\"pl-PL\",\"isPartOf\":{\"@id\":\"https:\\\/\\\/droix.eu\\\/pl\\\/#website\"},\"breadcrumb\":{\"@id\":\"https:\\\/\\\/droix.eu\\\/pl\\\/product\\\/podswietlana-mysz-droix-g10s-z-funkcja-sterowania-glosowego\\\/#breadcrumblist\"},\"image\":{\"@type\":\"ImageObject\",\"url\":\"https:\\\/\\\/droix.eu\\\/wp-content\\\/uploads\\\/2021\\\/12\\\/G10S-LISTING-PICTURE-1.png\",\"@id\":\"https:\\\/\\\/droix.eu\\\/pl\\\/product\\\/podswietlana-mysz-droix-g10s-z-funkcja-sterowania-glosowego\\\/#mainImage\",\"width\":1000,\"height\":1000,\"caption\":\"Pod\\u015bwietlana mysz DroiX G10S - pokazana od przodu\"},\"primaryImageOfPage\":{\"@id\":\"https:\\\/\\\/droix.eu\\\/pl\\\/product\\\/podswietlana-mysz-droix-g10s-z-funkcja-sterowania-glosowego\\\/#mainImage\"},\"datePublished\":\"2020-11-17T11:23:03+00:00\",\"dateModified\":\"2026-01-22T14:32:57+00:00\"},{\"@type\":\"WebSite\",\"@id\":\"https:\\\/\\\/droix.eu\\\/pl\\\/#website\",\"url\":\"https:\\\/\\\/droix.eu\\\/pl\\\/\",\"name\":\"DROIX EU\",\"description\":\"Get the latest Mini PCs, Ultrabook, PC Gaming Handhelds and more!\",\"inLanguage\":\"pl-PL\",\"publisher\":{\"@id\":\"https:\\\/\\\/droix.eu\\\/pl\\\/#organization\"}}]}\n\t\t<\/script>\n\t\t<!-- All in One SEO Pro -->\r\n\t\t<title>Pod\u015bwietlana mysz DroiX G10S z funkcj\u0105 sterowania g\u0142osowego - DROIX EU<\/title>\n\n","aioseo_head_json":{"title":"Pod\u015bwietlana mysz DroiX G10S z funkcj\u0105 sterowania g\u0142osowego - DROIX EU","description":"\u0141\u0105czno\u015b\u0107 bezprzewodowa 2,4 GHz Dzia\u0142a na baterie AAA. Pod\u015bwietlane przyciski Wbudowany mikrofon Lekka, ergonomiczna konstrukcja. Pakiet zawiera 1x DroiX G10S Air-Mouse\/li> 1x Klucz sprz\u0119towy USB 2,4 GHz RF 1x Instrukcja obs\u0142ugi","canonical_url":"https:\/\/droix.eu\/pl\/product\/podswietlana-mysz-droix-g10s-z-funkcja-sterowania-glosowego\/","robots":"max-image-preview:large","keywords":"","webmasterTools":{"miscellaneous":""},"schema":{"@context":"https:\/\/schema.org","@graph":[{"@type":"BreadcrumbList","@id":"https:\/\/droix.eu\/pl\/product\/podswietlana-mysz-droix-g10s-z-funkcja-sterowania-glosowego\/#breadcrumblist","itemListElement":[{"@type":"ListItem","@id":"https:\/\/droix.eu\/pl\/#listItem","position":1,"name":"Home","item":"https:\/\/droix.eu\/pl\/","nextItem":{"@type":"ListItem","@id":"https:\/\/droix.eu\/pl\/product-category\/akcesoria\/#listItem","name":"Akcesoria"}},{"@type":"ListItem","@id":"https:\/\/droix.eu\/pl\/product-category\/akcesoria\/#listItem","position":2,"name":"Akcesoria","item":"https:\/\/droix.eu\/pl\/product-category\/akcesoria\/","nextItem":{"@type":"ListItem","@id":"https:\/\/droix.eu\/pl\/product-category\/akcesoria\/akcesoria-do-android-tv-box\/#listItem","name":"Akcesoria do Android TV Box"},"previousItem":{"@type":"ListItem","@id":"https:\/\/droix.eu\/pl\/#listItem","name":"Home"}},{"@type":"ListItem","@id":"https:\/\/droix.eu\/pl\/product-category\/akcesoria\/akcesoria-do-android-tv-box\/#listItem","position":3,"name":"Akcesoria do Android TV Box","item":"https:\/\/droix.eu\/pl\/product-category\/akcesoria\/akcesoria-do-android-tv-box\/","nextItem":{"@type":"ListItem","@id":"https:\/\/droix.eu\/pl\/product\/podswietlana-mysz-droix-g10s-z-funkcja-sterowania-glosowego\/#listItem","name":"Pod\u015bwietlana mysz DroiX G10S z funkcj\u0105 sterowania g\u0142osowego"},"previousItem":{"@type":"ListItem","@id":"https:\/\/droix.eu\/pl\/product-category\/akcesoria\/#listItem","name":"Akcesoria"}},{"@type":"ListItem","@id":"https:\/\/droix.eu\/pl\/product\/podswietlana-mysz-droix-g10s-z-funkcja-sterowania-glosowego\/#listItem","position":4,"name":"Pod\u015bwietlana mysz DroiX G10S z funkcj\u0105 sterowania g\u0142osowego","previousItem":{"@type":"ListItem","@id":"https:\/\/droix.eu\/pl\/product-category\/akcesoria\/akcesoria-do-android-tv-box\/#listItem","name":"Akcesoria do Android TV Box"}}]},{"@type":"Organization","@id":"https:\/\/droix.eu\/pl\/#organization","name":"DroiX \u2013 Trusted EU Tech Retailer with 12+ Years Experience","description":"DroiX is a leading European technology retailer with over 12 years of experience, offering quality mini PCs, handheld gaming consoles, and tech accessories. We provide hassle-free EU delivery with all taxes included, ensuring a smooth and reliable shopping experience for our customers across Europe.","url":"https:\/\/droix.eu\/pl\/","logo":{"@type":"ImageObject","url":"https:\/\/droix.eu\/wp-content\/uploads\/2024\/06\/droix-v2-light-logo.png","@id":"https:\/\/droix.eu\/pl\/product\/podswietlana-mysz-droix-g10s-z-funkcja-sterowania-glosowego\/#organizationLogo","width":380,"height":118},"image":{"@id":"https:\/\/droix.eu\/pl\/product\/podswietlana-mysz-droix-g10s-z-funkcja-sterowania-glosowego\/#organizationLogo"},"sameAs":["https:\/\/www.facebook.com\/DroiX.Store","https:\/\/twitter.com\/DroiX_Store","https:\/\/www.instagram.com\/droix.store\/","https:\/\/www.tiktok.com\/@droix.store","https:\/\/www.youtube.com\/c\/DroiX_Store","https:\/\/uk.linkedin.com\/company\/droix"]},{"@type":"Product","@id":"https:\/\/droix.eu\/pl\/product\/podswietlana-mysz-droix-g10s-z-funkcja-sterowania-glosowego\/#wooCommerceProduct","name":"Pod\u015bwietlana mysz DroiX G10S z funkcj\u0105 sterowania g\u0142osowego","description":"\u0141\u0105czno\u015b\u0107 bezprzewodowa 2,4 GHz\n \tDzia\u0142a na baterie AAA.\n \tPod\u015bwietlane przyciski\n \tWbudowany mikrofon\n \tLekka, ergonomiczna konstrukcja.","url":"https:\/\/droix.eu\/pl\/product\/podswietlana-mysz-droix-g10s-z-funkcja-sterowania-glosowego\/","sku":"DROIX-G10S","gtin":"5060763670440","image":{"@type":"ImageObject","url":"https:\/\/droix.eu\/wp-content\/uploads\/2021\/12\/G10S-LISTING-PICTURE-1.png","@id":"https:\/\/droix.eu\/pl\/product\/podswietlana-mysz-droix-g10s-z-funkcja-sterowania-glosowego\/#productImage","width":1000,"height":1000,"caption":"Pod\u015bwietlana mysz DroiX G10S - pokazana od przodu"},"offers":{"@type":"Offer","url":"https:\/\/droix.eu\/pl\/product\/podswietlana-mysz-droix-g10s-z-funkcja-sterowania-glosowego\/#wooCommerceOffer","price":11.01,"priceCurrency":"EUR","category":"Akcesoria","availability":"https:\/\/schema.org\/OutOfStock","priceSpecification":{"@type":"PriceSpecification","price":11.01,"priceCurrency":"EUR","valueAddedTaxIncluded":"true"},"seller":{"@type":"Organization","@id":"https:\/\/droix.eu\/pl\/#organization"}}},{"@type":"WebPage","@id":"https:\/\/droix.eu\/pl\/product\/podswietlana-mysz-droix-g10s-z-funkcja-sterowania-glosowego\/#webpage","url":"https:\/\/droix.eu\/pl\/product\/podswietlana-mysz-droix-g10s-z-funkcja-sterowania-glosowego\/","name":"Pod\u015bwietlana mysz DroiX G10S z funkcj\u0105 sterowania g\u0142osowego - DROIX EU","description":"\u0141\u0105czno\u015b\u0107 bezprzewodowa 2,4 GHz Dzia\u0142a na baterie AAA. Pod\u015bwietlane przyciski Wbudowany mikrofon Lekka, ergonomiczna konstrukcja. Pakiet zawiera 1x DroiX G10S Air-Mouse\/li> 1x Klucz sprz\u0119towy USB 2,4 GHz RF 1x Instrukcja obs\u0142ugi","inLanguage":"pl-PL","isPartOf":{"@id":"https:\/\/droix.eu\/pl\/#website"},"breadcrumb":{"@id":"https:\/\/droix.eu\/pl\/product\/podswietlana-mysz-droix-g10s-z-funkcja-sterowania-glosowego\/#breadcrumblist"},"image":{"@type":"ImageObject","url":"https:\/\/droix.eu\/wp-content\/uploads\/2021\/12\/G10S-LISTING-PICTURE-1.png","@id":"https:\/\/droix.eu\/pl\/product\/podswietlana-mysz-droix-g10s-z-funkcja-sterowania-glosowego\/#mainImage","width":1000,"height":1000,"caption":"Pod\u015bwietlana mysz DroiX G10S - pokazana od przodu"},"primaryImageOfPage":{"@id":"https:\/\/droix.eu\/pl\/product\/podswietlana-mysz-droix-g10s-z-funkcja-sterowania-glosowego\/#mainImage"},"datePublished":"2020-11-17T11:23:03+00:00","dateModified":"2026-01-22T14:32:57+00:00"},{"@type":"WebSite","@id":"https:\/\/droix.eu\/pl\/#website","url":"https:\/\/droix.eu\/pl\/","name":"DROIX EU","description":"Get the latest Mini PCs, Ultrabook, PC Gaming Handhelds and more!","inLanguage":"pl-PL","publisher":{"@id":"https:\/\/droix.eu\/pl\/#organization"}}]},"og:locale":"pl_PL","og:site_name":"DROIX EU - Get the latest Mini PCs, Ultrabook, PC Gaming Handhelds and more!","og:type":"article","og:title":"Pod\u015bwietlana mysz DroiX G10S z funkcj\u0105 sterowania g\u0142osowego - DROIX EU","og:description":"\u0141\u0105czno\u015b\u0107 bezprzewodowa 2,4 GHz Dzia\u0142a na baterie AAA. Pod\u015bwietlane przyciski Wbudowany mikrofon Lekka, ergonomiczna konstrukcja. Pakiet zawiera 1x DroiX G10S Air-Mouse\/li&gt; 1x Klucz sprz\u0119towy USB 2,4 GHz RF 1x Instrukcja obs\u0142ugi","og:url":"https:\/\/droix.eu\/pl\/product\/podswietlana-mysz-droix-g10s-z-funkcja-sterowania-glosowego\/","og:image":"https:\/\/droix.eu\/wp-content\/uploads\/2024\/06\/droix-v2-light-logo.png","og:image:secure_url":"https:\/\/droix.eu\/wp-content\/uploads\/2024\/06\/droix-v2-light-logo.png","og:image:width":380,"og:image:height":118,"article:published_time":"2020-11-17T11:23:03+00:00","article:modified_time":"2026-01-22T14:32:57+00:00","article:publisher":"https:\/\/www.facebook.com\/DroiX.Store","twitter:card":"summary_large_image","twitter:site":"@DroiX_Store","twitter:title":"Pod\u015bwietlana mysz DroiX G10S z funkcj\u0105 sterowania g\u0142osowego - DROIX EU","twitter:description":"\u0141\u0105czno\u015b\u0107 bezprzewodowa 2,4 GHz Dzia\u0142a na baterie AAA. Pod\u015bwietlane przyciski Wbudowany mikrofon Lekka, ergonomiczna konstrukcja. Pakiet zawiera 1x DroiX G10S Air-Mouse\/li&gt; 1x Klucz sprz\u0119towy USB 2,4 GHz RF 1x Instrukcja obs\u0142ugi","twitter:image":"https:\/\/droix.eu\/wp-content\/uploads\/2024\/06\/droix-v2-light-logo.png"},"aioseo_meta_data":{"post_id":"551451","title":null,"description":null,"keywords":null,"keyphrases":null,"primary_term":null,"canonical_url":null,"og_title":null,"og_description":null,"og_object_type":"default","og_image_type":"default","og_image_url":null,"og_image_width":null,"og_image_height":null,"og_image_custom_url":null,"og_image_custom_fields":null,"og_video":null,"og_custom_url":null,"og_article_section":null,"og_article_tags":null,"twitter_use_og":true,"twitter_card":"default","twitter_image_type":"default","twitter_image_url":null,"twitter_image_custom_url":null,"twitter_image_custom_fields":null,"twitter_title":null,"twitter_description":null,"schema":{"blockGraphs":[],"customGraphs":[],"default":{"data":{"Article":[],"Course":[],"Dataset":[],"FAQPage":[],"Movie":[],"Person":[],"Product":[],"ProductReview":[],"Car":[],"Recipe":[],"Service":[],"SoftwareApplication":[],"WebPage":[]},"graphName":"","isEnabled":true},"graphs":[]},"schema_type":"default","schema_type_options":null,"pillar_content":false,"robots_default":true,"robots_noindex":false,"robots_noarchive":false,"robots_nosnippet":false,"robots_nofollow":false,"robots_noimageindex":false,"robots_noodp":false,"robots_notranslate":false,"robots_max_snippet":null,"robots_max_videopreview":null,"robots_max_imagepreview":"large","priority":null,"frequency":null,"local_seo":null,"seo_analyzer_scan_date":"2025-10-24 07:50:03","breadcrumb_settings":null,"limit_modified_date":false,"reviewed_by":null,"open_ai":null,"ai":null,"created":"2025-10-09 03:26:55","updated":"2026-01-24 09:15:58"},"aioseo_breadcrumb":"<div class=\"aioseo-breadcrumbs\"><span class=\"aioseo-breadcrumb\">\n\t<a href=\"https:\/\/droix.eu\/pl\/\" title=\"Home\">Home<\/a>\n<\/span><span class=\"aioseo-breadcrumb-separator\">&raquo;<\/span><span class=\"aioseo-breadcrumb\">\n\t<a href=\"https:\/\/droix.eu\/pl\/product-category\/akcesoria\/\" title=\"Akcesoria\">Akcesoria<\/a>\n<\/span><span class=\"aioseo-breadcrumb-separator\">&raquo;<\/span><span class=\"aioseo-breadcrumb\">\n\t<a href=\"https:\/\/droix.eu\/pl\/product-category\/akcesoria\/akcesoria-do-android-tv-box\/\" title=\"Akcesoria do Android TV Box\">Akcesoria do Android TV Box<\/a>\n<\/span><span class=\"aioseo-breadcrumb-separator\">&raquo;<\/span><span class=\"aioseo-breadcrumb\">\n\tPod\u015bwietlana mysz DroiX G10S z funkcj\u0105 sterowania g\u0142osowego\n<\/span><\/div>","aioseo_breadcrumb_json":[{"label":"Home","link":"https:\/\/droix.eu\/pl\/"},{"label":"Akcesoria","link":"https:\/\/droix.eu\/pl\/product-category\/akcesoria\/"},{"label":"Akcesoria do Android TV Box","link":"https:\/\/droix.eu\/pl\/product-category\/akcesoria\/akcesoria-do-android-tv-box\/"},{"label":"Pod\u015bwietlana mysz DroiX G10S z funkcj\u0105 sterowania g\u0142osowego","link":"https:\/\/droix.eu\/pl\/product\/podswietlana-mysz-droix-g10s-z-funkcja-sterowania-glosowego\/"}],"_links":{"self":[{"href":"https:\/\/droix.eu\/pl\/wp-json\/wp\/v2\/product\/551451","targetHints":{"allow":["GET"]}}],"collection":[{"href":"https:\/\/droix.eu\/pl\/wp-json\/wp\/v2\/product"}],"about":[{"href":"https:\/\/droix.eu\/pl\/wp-json\/wp\/v2\/types\/product"}],"version-history":[{"count":0,"href":"https:\/\/droix.eu\/pl\/wp-json\/wp\/v2\/product\/551451\/revisions"}],"wp:featuredmedia":[{"embeddable":true,"href":"https:\/\/droix.eu\/pl\/wp-json\/wp\/v2\/media\/220349"}],"wp:attachment":[{"href":"https:\/\/droix.eu\/pl\/wp-json\/wp\/v2\/media?parent=551451"}],"wp:term":[{"taxonomy":"product_brand","embeddable":true,"href":"https:\/\/droix.eu\/pl\/wp-json\/wp\/v2\/product_brand?post=551451"},{"taxonomy":"product_cat","embeddable":true,"href":"https:\/\/droix.eu\/pl\/wp-json\/wp\/v2\/product_cat?post=551451"},{"taxonomy":"product_tag","embeddable":true,"href":"https:\/\/droix.eu\/pl\/wp-json\/wp\/v2\/product_tag?post=551451"},{"taxonomy":"woo-feed-brand","embeddable":true,"href":"https:\/\/droix.eu\/pl\/wp-json\/wp\/v2\/woo-feed-brand?post=551451"},{"taxonomy":"key-features","embeddable":true,"href":"https:\/\/droix.eu\/pl\/wp-json\/wp\/v2\/key-features?post=551451"}],"curies":[{"name":"wp","href":"https:\/\/api.w.org\/{rel}","templated":true}]}}