{"id":531508,"date":"2024-07-16T11:40:59","date_gmt":"2024-07-16T10:40:59","guid":{"rendered":"https:\/\/droix.eu\/product\/anbernic-rg-cube-bag\/"},"modified":"2026-03-27T12:33:51","modified_gmt":"2026-03-27T12:33:51","slug":"anbernic-rg-cube-bag","status":"publish","type":"product","link":"https:\/\/droix.eu\/pl\/product\/anbernic-rg-cube-bag\/","title":{"rendered":"ANBERNIC RG Cube Bag"},"content":{"rendered":"\n<p>Nazwa produktu: Torba do przechowywania konsoli do gier<br\/><br\/>Kolor produktu: czarny<br\/><br\/>Materia\u0142 produktu: wysokiej jako\u015bci wodoodporna tkanina<br\/><br\/>Odpowiedni model: dla ANBERNIC RG Cube<\/p>\n\n<h3 class=\"wp-block-heading\">Cechy produktu:<\/h3>\n\n<p><br\/>1. Wielofunkcyjno\u015b\u0107: Mo\u017cna w nim nie tylko przenosi\u0107 konsol\u0119 do gier, ale tak\u017ce przechowywa\u0107 akcesoria, takie jak \u0142adowarki, s\u0142uchawki, kable do transmisji danych itp. Ta torba ma wiele funkcji, aby lepiej chroni\u0107 konsol\u0119 do gier i akcesoria.<br\/><br\/>2. Lekki i przeno\u015bny: Ma lekk\u0105 konstrukcj\u0119 i jest bardzo wygodny do przenoszenia. Niezale\u017cnie od tego, czy wychodzisz z domu, czy u\u017cywasz go w domu, zawsze mo\u017cesz umie\u015bci\u0107 konsol\u0119 do gier i akcesoria w torbie podr\u0119cznej, zapewniaj\u0105c kompleksow\u0105 ochron\u0119 i wygodne przenoszenie.<br\/><br\/>3. Gwarancja jako\u015bci: Wykonany z wysokiej jako\u015bci materia\u0142\u00f3w, jest trwalszy i mo\u017ce by\u0107 u\u017cywany przez d\u0142ugi czas bez zu\u017cycia i uszkodze\u0144. Ta torba jest najlepszym partnerem ochronnym dla konsoli do gier, zapewniaj\u0105c wygodne i bezpieczne wra\u017cenia z gry.<br\/><br\/>4. Modny wygl\u0105d: Wygl\u0105d jest stylowy i prosty, co nie tylko chroni konsol\u0119 do gier i akcesoria, ale tak\u017ce zwi\u0119ksza wyczucie mody, sprawiaj\u0105c, \u017ce czujesz si\u0119 pewnie i czaruj\u0105co w ka\u017cdej okazji.<br\/><br\/>5. Przeno\u015bna konstrukcja: Konstrukcja w stylu torebki nadaje si\u0119 do przenoszenia w r\u00f3\u017cnych scenariuszach, umo\u017cliwiaj\u0105c przenoszenie konsoli do gier bez zajmowania zbyt du\u017cej ilo\u015bci miejsca w d\u0142oni.<br\/><br\/>Waga brutto produktu: 130 g<br\/><br\/>Opakowanie zawiera: Torba do przechowywania konsoli do gier * 1<\/p>\n\n<figure class=\"wp-block-image\"><img decoding=\"async\" src=\"https:\/\/ae01.alicdn.com\/kf\/S47af09c6805345fab0667f4210505b64g.jpg\" alt=\"Anbernic RG Cube Case - przeno&#x15B;ny czarny futera&#x142; na konsole przeno&#x15B;ne Anbernic, charakteryzuj&#x105;cy si&#x119; eleganckim wygl&#x105;dem, wewn&#x119;trzn&#x105; kieszeni&#x105; z siatki na akcesoria i solidn&#x105; jako&#x15B;ci&#x105; wykonania do gier w podr&#xF3;&#x17C;y.\"\/><\/figure>\n\n<figure class=\"wp-block-image\"><img decoding=\"async\" src=\"https:\/\/ae01.alicdn.com\/kf\/S2785b70135a540c583158fcc5a78dc5b7.jpg\" alt=\"Anbernic RG Cube Case - czarny futera&#x142; ochronny na konsole do gier Anbernic, z mi&#x119;kko wy&#x15B;cie&#x142;anym wn&#x119;trzem, wytrzyma&#x142;&#x105; pow&#x142;ok&#x105; zewn&#x119;trzn&#x105; i kompaktow&#x105; konstrukcj&#x105; u&#x142;atwiaj&#x105;c&#x105; transport.\"\/><\/figure>\n\n<figure class=\"wp-block-image\"><img decoding=\"async\" src=\"https:\/\/ae01.alicdn.com\/kf\/S091362331cd549caa28e2cf13f83d019s.jpg\" alt=\"Anbernic RG Cube Case - czarne etui ochronne z bezpiecznym zamkiem b&#x142;yskawicznym, dopasowane do urz&#x105;dze&#x144; do gier Anbernic, zapewniaj&#x105;ce doskona&#x142;&#x105; ochron&#x119; przed zadrapaniami i uderzeniami.\"\/><\/figure>\n\n<figure class=\"wp-block-image\"><img decoding=\"async\" src=\"https:\/\/ae01.alicdn.com\/kf\/Sc0cb06fe4efa49a985b944aa17d27d29S.jpg\" alt=\"Anbernic RG Cube Case - czarne etui ochronne z bezpiecznym zamkiem b&#x142;yskawicznym, dopasowane do urz&#x105;dze&#x144; do gier Anbernic, zapewniaj&#x105;ce doskona&#x142;&#x105; ochron&#x119; przed zadrapaniami i uderzeniami.\"\/><\/figure>\n\n<figure class=\"wp-block-image\"><img decoding=\"async\" src=\"https:\/\/ae01.alicdn.com\/kf\/Sca5337fc1adf4aa094209058e7fc98b9j.jpg\" alt=\"Etui Anbernic Cube w kolorze czarnym, charakteryzuj&#x105;ce si&#x119; kompaktow&#x105; i eleganck&#x105; konstrukcj&#x105; z wytrzyma&#x142;&#x105;, teksturowan&#x105; powierzchni&#x105; zewn&#x119;trzn&#x105; dla lepszej przyczepno&#x15B;ci. Etui zawiera dopasowane piankowe wk&#x142;adki, kt&#xF3;re bezpiecznie utrzymuj&#x105; konsol&#x119; do gier Anbernic i akcesoria, zapewniaj&#x105;c ochron&#x119; podczas podr&#xF3;&#x17C;y.\"\/><\/figure>\n\n<figure class=\"wp-block-image\"><img decoding=\"async\" src=\"https:\/\/ae01.alicdn.com\/kf\/S3b16c1675638498f9fd6dbc53a777f85c.jpg\" alt=\"Anbernic RG Cube Case - przeno&#x15B;ny czarny futera&#x142; na konsole przeno&#x15B;ne Anbernic, charakteryzuj&#x105;cy si&#x119; eleganckim wygl&#x105;dem, wewn&#x119;trzn&#x105; kieszeni&#x105; z siatki na akcesoria i solidn&#x105; jako&#x15B;ci&#x105; wykonania do gier w podr&#xF3;&#x17C;y.\"\/><\/figure>\n","protected":false},"excerpt":{"rendered":"<ul>\n<li><strong>Oficjalne<\/strong> akcesorium ANBERNIC<\/li>\n<li><strong>Doskona\u0142a ochrona<\/strong> Wykonane z najwy\u017cszej jako\u015bci sk\u00f3ry<\/li>\n<li>Podszewka z mi\u0119kkiego materia\u0142u dla <strong>dodatkowej ochrony<\/strong>.<\/li>\n<\/ul>\n[droix_global_accordions]\n[cg_accordion title=\"Pakiet zawiera\"]<\/p>\n<ul>\n<li>1x etui<\/li>\n<\/ul>\n<p>[\/cg_accordion]\n","protected":false},"featured_media":486296,"template":"","meta":{"_acf_changed":false},"product_brand":[],"product_cat":[13349,13350],"product_tag":[],"woo-feed-brand":[],"key-features":[],"class_list":{"0":"post-531508","1":"product","2":"type-product","3":"status-publish","4":"has-post-thumbnail","6":"product_cat-akcesoria","7":"product_cat-akcesoria-do-gier","8":"product_shipping_class-low-end","9":"pa_accessory-type-protective-case","10":"pa_brands-anbernic-pl","11":"pa_compatibility-anbernic-rg-cube-pl","13":"first","14":"outofstock","15":"sale","16":"taxable","17":"shipping-taxable","18":"purchasable","19":"product-type-simple"},"acf":[],"aioseo_notices":[],"aioseo_head":"\n\t\t<!-- All in One SEO Pro 4.9.6.2 - aioseo.com -->\n\t<meta name=\"description\" content=\"Oficjalne akcesorium ANBERNIC Doskona\u0142a ochrona Wykonane z najwy\u017cszej jako\u015bci sk\u00f3ry Podszewka z mi\u0119kkiego materia\u0142u dla dodatkowej ochrony. Pakiet zawiera 1x etui\" \/>\n\t<meta name=\"robots\" content=\"max-image-preview:large\" \/>\n\t<link rel=\"canonical\" href=\"https:\/\/droix.eu\/pl\/product\/anbernic-rg-cube-bag\/\" \/>\n\t<meta name=\"generator\" content=\"All in One SEO Pro (AIOSEO) 4.9.6.2\" \/>\n\t\t<meta property=\"og:locale\" content=\"pl_PL\" \/>\n\t\t<meta property=\"og:site_name\" content=\"DROIX EU - Get the latest Mini PCs, Ultrabook, PC Gaming Handhelds and more!\" \/>\n\t\t<meta property=\"og:type\" content=\"article\" \/>\n\t\t<meta property=\"og:title\" content=\"ANBERNIC RG Cube Bag - DROIX EU\" \/>\n\t\t<meta property=\"og:description\" content=\"Oficjalne akcesorium ANBERNIC Doskona\u0142a ochrona Wykonane z najwy\u017cszej jako\u015bci sk\u00f3ry Podszewka z mi\u0119kkiego materia\u0142u dla dodatkowej ochrony. Pakiet zawiera 1x etui\" \/>\n\t\t<meta property=\"og:url\" content=\"https:\/\/droix.eu\/pl\/product\/anbernic-rg-cube-bag\/\" \/>\n\t\t<meta property=\"og:image\" content=\"https:\/\/droix.eu\/wp-content\/uploads\/2024\/06\/droix-v2-light-logo.png\" \/>\n\t\t<meta property=\"og:image:secure_url\" content=\"https:\/\/droix.eu\/wp-content\/uploads\/2024\/06\/droix-v2-light-logo.png\" \/>\n\t\t<meta property=\"og:image:width\" content=\"380\" \/>\n\t\t<meta property=\"og:image:height\" content=\"118\" \/>\n\t\t<meta property=\"article:published_time\" content=\"2024-07-16T10:40:59+00:00\" \/>\n\t\t<meta property=\"article:modified_time\" content=\"2026-03-27T12:33:51+00:00\" \/>\n\t\t<meta property=\"article:publisher\" content=\"https:\/\/www.facebook.com\/DroiX.Store\" \/>\n\t\t<meta name=\"twitter:card\" content=\"summary_large_image\" \/>\n\t\t<meta name=\"twitter:site\" content=\"@DroiX_Store\" \/>\n\t\t<meta name=\"twitter:title\" content=\"ANBERNIC RG Cube Bag - DROIX EU\" \/>\n\t\t<meta name=\"twitter:description\" content=\"Oficjalne akcesorium ANBERNIC Doskona\u0142a ochrona Wykonane z najwy\u017cszej jako\u015bci sk\u00f3ry Podszewka z mi\u0119kkiego materia\u0142u dla dodatkowej ochrony. Pakiet zawiera 1x etui\" \/>\n\t\t<meta name=\"twitter:image\" content=\"https:\/\/droix.eu\/wp-content\/uploads\/2024\/06\/droix-v2-light-logo.png\" \/>\n\t\t<script type=\"application\/ld+json\" class=\"aioseo-schema\">\n\t\t\t{\"@context\":\"https:\\\/\\\/schema.org\",\"@graph\":[{\"@type\":\"BreadcrumbList\",\"@id\":\"https:\\\/\\\/droix.eu\\\/pl\\\/product\\\/anbernic-rg-cube-bag\\\/#breadcrumblist\",\"itemListElement\":[{\"@type\":\"ListItem\",\"@id\":\"https:\\\/\\\/droix.eu\\\/pl\\\/#listItem\",\"position\":1,\"name\":\"Home\",\"item\":\"https:\\\/\\\/droix.eu\\\/pl\\\/\",\"nextItem\":{\"@type\":\"ListItem\",\"@id\":\"https:\\\/\\\/droix.eu\\\/pl\\\/product-category\\\/akcesoria\\\/#listItem\",\"name\":\"Akcesoria\"}},{\"@type\":\"ListItem\",\"@id\":\"https:\\\/\\\/droix.eu\\\/pl\\\/product-category\\\/akcesoria\\\/#listItem\",\"position\":2,\"name\":\"Akcesoria\",\"item\":\"https:\\\/\\\/droix.eu\\\/pl\\\/product-category\\\/akcesoria\\\/\",\"nextItem\":{\"@type\":\"ListItem\",\"@id\":\"https:\\\/\\\/droix.eu\\\/pl\\\/product-category\\\/akcesoria\\\/akcesoria-do-gier\\\/#listItem\",\"name\":\"Akcesoria do gier\"},\"previousItem\":{\"@type\":\"ListItem\",\"@id\":\"https:\\\/\\\/droix.eu\\\/pl\\\/#listItem\",\"name\":\"Home\"}},{\"@type\":\"ListItem\",\"@id\":\"https:\\\/\\\/droix.eu\\\/pl\\\/product-category\\\/akcesoria\\\/akcesoria-do-gier\\\/#listItem\",\"position\":3,\"name\":\"Akcesoria do gier\",\"item\":\"https:\\\/\\\/droix.eu\\\/pl\\\/product-category\\\/akcesoria\\\/akcesoria-do-gier\\\/\",\"nextItem\":{\"@type\":\"ListItem\",\"@id\":\"https:\\\/\\\/droix.eu\\\/pl\\\/product\\\/anbernic-rg-cube-bag\\\/#listItem\",\"name\":\"ANBERNIC RG Cube Bag\"},\"previousItem\":{\"@type\":\"ListItem\",\"@id\":\"https:\\\/\\\/droix.eu\\\/pl\\\/product-category\\\/akcesoria\\\/#listItem\",\"name\":\"Akcesoria\"}},{\"@type\":\"ListItem\",\"@id\":\"https:\\\/\\\/droix.eu\\\/pl\\\/product\\\/anbernic-rg-cube-bag\\\/#listItem\",\"position\":4,\"name\":\"ANBERNIC RG Cube Bag\",\"previousItem\":{\"@type\":\"ListItem\",\"@id\":\"https:\\\/\\\/droix.eu\\\/pl\\\/product-category\\\/akcesoria\\\/akcesoria-do-gier\\\/#listItem\",\"name\":\"Akcesoria do gier\"}}]},{\"@type\":\"Organization\",\"@id\":\"https:\\\/\\\/droix.eu\\\/pl\\\/#organization\",\"name\":\"DroiX \\u2013 Trusted EU Tech Retailer with 12+ Years Experience\",\"description\":\"DroiX is a leading European technology retailer with over 12 years of experience, offering quality mini PCs, handheld gaming consoles, and tech accessories. We provide hassle-free EU delivery with all taxes included, ensuring a smooth and reliable shopping experience for our customers across Europe.\",\"url\":\"https:\\\/\\\/droix.eu\\\/pl\\\/\",\"logo\":{\"@type\":\"ImageObject\",\"url\":\"https:\\\/\\\/droix.eu\\\/wp-content\\\/uploads\\\/2024\\\/06\\\/droix-v2-light-logo.png\",\"@id\":\"https:\\\/\\\/droix.eu\\\/pl\\\/product\\\/anbernic-rg-cube-bag\\\/#organizationLogo\",\"width\":380,\"height\":118},\"image\":{\"@id\":\"https:\\\/\\\/droix.eu\\\/pl\\\/product\\\/anbernic-rg-cube-bag\\\/#organizationLogo\"},\"sameAs\":[\"https:\\\/\\\/www.facebook.com\\\/DroiX.Store\",\"https:\\\/\\\/twitter.com\\\/DroiX_Store\",\"https:\\\/\\\/www.instagram.com\\\/droix.store\\\/\",\"https:\\\/\\\/www.tiktok.com\\\/@droix.store\",\"https:\\\/\\\/www.youtube.com\\\/c\\\/DroiX_Store\",\"https:\\\/\\\/uk.linkedin.com\\\/company\\\/droix\"]},{\"@type\":\"Product\",\"@id\":\"https:\\\/\\\/droix.eu\\\/pl\\\/product\\\/anbernic-rg-cube-bag\\\/#wooCommerceProduct\",\"name\":\"ANBERNIC RG Cube Bag\",\"description\":\"Oficjalne akcesorium ANBERNIC\\nDoskona\\u0142a ochrona Wykonane z najwy\\u017cszej jako\\u015bci sk\\u00f3ry\\nPodszewka z mi\\u0119kkiego materia\\u0142u dla dodatkowej ochrony.\",\"url\":\"https:\\\/\\\/droix.eu\\\/pl\\\/product\\\/anbernic-rg-cube-bag\\\/\",\"sku\":\"RG-CUBE-BAG\",\"gtin\":\"5060763679351\",\"image\":{\"@type\":\"ImageObject\",\"url\":\"https:\\\/\\\/droix.eu\\\/wp-content\\\/uploads\\\/2024\\\/07\\\/CUBE-CASE.png\",\"@id\":\"https:\\\/\\\/droix.eu\\\/pl\\\/product\\\/anbernic-rg-cube-bag\\\/#productImage\",\"width\":1001,\"height\":1001,\"caption\":\"Etui Anbernic Cube w kolorze czarnym, charakteryzuj\\u0105ce si\\u0119 kompaktow\\u0105 i eleganck\\u0105 konstrukcj\\u0105 z wytrzyma\\u0142\\u0105, teksturowan\\u0105 powierzchni\\u0105 zewn\\u0119trzn\\u0105 dla lepszej przyczepno\\u015bci. Etui zawiera dopasowane piankowe wk\\u0142adki, kt\\u00f3re bezpiecznie utrzymuj\\u0105 konsol\\u0119 do gier Anbernic i akcesoria, zapewniaj\\u0105c ochron\\u0119 podczas podr\\u00f3\\u017cy.\"},\"offers\":{\"@type\":\"Offer\",\"url\":\"https:\\\/\\\/droix.eu\\\/pl\\\/product\\\/anbernic-rg-cube-bag\\\/#wooCommerceOffer\",\"price\":6.09,\"priceCurrency\":\"EUR\",\"category\":\"Akcesoria\",\"availability\":\"https:\\\/\\\/schema.org\\\/OutOfStock\",\"priceSpecification\":{\"@type\":\"PriceSpecification\",\"price\":6.09,\"priceCurrency\":\"EUR\",\"valueAddedTaxIncluded\":\"true\"},\"seller\":{\"@type\":\"Organization\",\"@id\":\"https:\\\/\\\/droix.eu\\\/pl\\\/#organization\"}}},{\"@type\":\"WebPage\",\"@id\":\"https:\\\/\\\/droix.eu\\\/pl\\\/product\\\/anbernic-rg-cube-bag\\\/#webpage\",\"url\":\"https:\\\/\\\/droix.eu\\\/pl\\\/product\\\/anbernic-rg-cube-bag\\\/\",\"name\":\"ANBERNIC RG Cube Bag - DROIX EU\",\"description\":\"Oficjalne akcesorium ANBERNIC Doskona\\u0142a ochrona Wykonane z najwy\\u017cszej jako\\u015bci sk\\u00f3ry Podszewka z mi\\u0119kkiego materia\\u0142u dla dodatkowej ochrony. Pakiet zawiera 1x etui\",\"inLanguage\":\"pl-PL\",\"isPartOf\":{\"@id\":\"https:\\\/\\\/droix.eu\\\/pl\\\/#website\"},\"breadcrumb\":{\"@id\":\"https:\\\/\\\/droix.eu\\\/pl\\\/product\\\/anbernic-rg-cube-bag\\\/#breadcrumblist\"},\"image\":{\"@type\":\"ImageObject\",\"url\":\"https:\\\/\\\/droix.eu\\\/wp-content\\\/uploads\\\/2024\\\/07\\\/CUBE-CASE.png\",\"@id\":\"https:\\\/\\\/droix.eu\\\/pl\\\/product\\\/anbernic-rg-cube-bag\\\/#mainImage\",\"width\":1001,\"height\":1001,\"caption\":\"Etui Anbernic Cube w kolorze czarnym, charakteryzuj\\u0105ce si\\u0119 kompaktow\\u0105 i eleganck\\u0105 konstrukcj\\u0105 z wytrzyma\\u0142\\u0105, teksturowan\\u0105 powierzchni\\u0105 zewn\\u0119trzn\\u0105 dla lepszej przyczepno\\u015bci. Etui zawiera dopasowane piankowe wk\\u0142adki, kt\\u00f3re bezpiecznie utrzymuj\\u0105 konsol\\u0119 do gier Anbernic i akcesoria, zapewniaj\\u0105c ochron\\u0119 podczas podr\\u00f3\\u017cy.\"},\"primaryImageOfPage\":{\"@id\":\"https:\\\/\\\/droix.eu\\\/pl\\\/product\\\/anbernic-rg-cube-bag\\\/#mainImage\"},\"datePublished\":\"2024-07-16T11:40:59+01:00\",\"dateModified\":\"2026-03-27T12:33:51+00:00\"},{\"@type\":\"WebSite\",\"@id\":\"https:\\\/\\\/droix.eu\\\/pl\\\/#website\",\"url\":\"https:\\\/\\\/droix.eu\\\/pl\\\/\",\"name\":\"DROIX EU\",\"description\":\"Get the latest Mini PCs, Ultrabook, PC Gaming Handhelds and more!\",\"inLanguage\":\"pl-PL\",\"publisher\":{\"@id\":\"https:\\\/\\\/droix.eu\\\/pl\\\/#organization\"}}]}\n\t\t<\/script>\n\t\t<!-- All in One SEO Pro -->\r\n\t\t<title>ANBERNIC RG Cube Bag - DROIX EU<\/title>\n\n","aioseo_head_json":{"title":"ANBERNIC RG Cube Bag - DROIX EU","description":"Oficjalne akcesorium ANBERNIC Doskona\u0142a ochrona Wykonane z najwy\u017cszej jako\u015bci sk\u00f3ry Podszewka z mi\u0119kkiego materia\u0142u dla dodatkowej ochrony. Pakiet zawiera 1x etui","canonical_url":"https:\/\/droix.eu\/pl\/product\/anbernic-rg-cube-bag\/","robots":"max-image-preview:large","keywords":"","webmasterTools":{"miscellaneous":""},"schema":{"@context":"https:\/\/schema.org","@graph":[{"@type":"BreadcrumbList","@id":"https:\/\/droix.eu\/pl\/product\/anbernic-rg-cube-bag\/#breadcrumblist","itemListElement":[{"@type":"ListItem","@id":"https:\/\/droix.eu\/pl\/#listItem","position":1,"name":"Home","item":"https:\/\/droix.eu\/pl\/","nextItem":{"@type":"ListItem","@id":"https:\/\/droix.eu\/pl\/product-category\/akcesoria\/#listItem","name":"Akcesoria"}},{"@type":"ListItem","@id":"https:\/\/droix.eu\/pl\/product-category\/akcesoria\/#listItem","position":2,"name":"Akcesoria","item":"https:\/\/droix.eu\/pl\/product-category\/akcesoria\/","nextItem":{"@type":"ListItem","@id":"https:\/\/droix.eu\/pl\/product-category\/akcesoria\/akcesoria-do-gier\/#listItem","name":"Akcesoria do gier"},"previousItem":{"@type":"ListItem","@id":"https:\/\/droix.eu\/pl\/#listItem","name":"Home"}},{"@type":"ListItem","@id":"https:\/\/droix.eu\/pl\/product-category\/akcesoria\/akcesoria-do-gier\/#listItem","position":3,"name":"Akcesoria do gier","item":"https:\/\/droix.eu\/pl\/product-category\/akcesoria\/akcesoria-do-gier\/","nextItem":{"@type":"ListItem","@id":"https:\/\/droix.eu\/pl\/product\/anbernic-rg-cube-bag\/#listItem","name":"ANBERNIC RG Cube Bag"},"previousItem":{"@type":"ListItem","@id":"https:\/\/droix.eu\/pl\/product-category\/akcesoria\/#listItem","name":"Akcesoria"}},{"@type":"ListItem","@id":"https:\/\/droix.eu\/pl\/product\/anbernic-rg-cube-bag\/#listItem","position":4,"name":"ANBERNIC RG Cube Bag","previousItem":{"@type":"ListItem","@id":"https:\/\/droix.eu\/pl\/product-category\/akcesoria\/akcesoria-do-gier\/#listItem","name":"Akcesoria do gier"}}]},{"@type":"Organization","@id":"https:\/\/droix.eu\/pl\/#organization","name":"DroiX \u2013 Trusted EU Tech Retailer with 12+ Years Experience","description":"DroiX is a leading European technology retailer with over 12 years of experience, offering quality mini PCs, handheld gaming consoles, and tech accessories. We provide hassle-free EU delivery with all taxes included, ensuring a smooth and reliable shopping experience for our customers across Europe.","url":"https:\/\/droix.eu\/pl\/","logo":{"@type":"ImageObject","url":"https:\/\/droix.eu\/wp-content\/uploads\/2024\/06\/droix-v2-light-logo.png","@id":"https:\/\/droix.eu\/pl\/product\/anbernic-rg-cube-bag\/#organizationLogo","width":380,"height":118},"image":{"@id":"https:\/\/droix.eu\/pl\/product\/anbernic-rg-cube-bag\/#organizationLogo"},"sameAs":["https:\/\/www.facebook.com\/DroiX.Store","https:\/\/twitter.com\/DroiX_Store","https:\/\/www.instagram.com\/droix.store\/","https:\/\/www.tiktok.com\/@droix.store","https:\/\/www.youtube.com\/c\/DroiX_Store","https:\/\/uk.linkedin.com\/company\/droix"]},{"@type":"Product","@id":"https:\/\/droix.eu\/pl\/product\/anbernic-rg-cube-bag\/#wooCommerceProduct","name":"ANBERNIC RG Cube Bag","description":"Oficjalne akcesorium ANBERNIC\nDoskona\u0142a ochrona Wykonane z najwy\u017cszej jako\u015bci sk\u00f3ry\nPodszewka z mi\u0119kkiego materia\u0142u dla dodatkowej ochrony.","url":"https:\/\/droix.eu\/pl\/product\/anbernic-rg-cube-bag\/","sku":"RG-CUBE-BAG","gtin":"5060763679351","image":{"@type":"ImageObject","url":"https:\/\/droix.eu\/wp-content\/uploads\/2024\/07\/CUBE-CASE.png","@id":"https:\/\/droix.eu\/pl\/product\/anbernic-rg-cube-bag\/#productImage","width":1001,"height":1001,"caption":"Etui Anbernic Cube w kolorze czarnym, charakteryzuj\u0105ce si\u0119 kompaktow\u0105 i eleganck\u0105 konstrukcj\u0105 z wytrzyma\u0142\u0105, teksturowan\u0105 powierzchni\u0105 zewn\u0119trzn\u0105 dla lepszej przyczepno\u015bci. Etui zawiera dopasowane piankowe wk\u0142adki, kt\u00f3re bezpiecznie utrzymuj\u0105 konsol\u0119 do gier Anbernic i akcesoria, zapewniaj\u0105c ochron\u0119 podczas podr\u00f3\u017cy."},"offers":{"@type":"Offer","url":"https:\/\/droix.eu\/pl\/product\/anbernic-rg-cube-bag\/#wooCommerceOffer","price":6.09,"priceCurrency":"EUR","category":"Akcesoria","availability":"https:\/\/schema.org\/OutOfStock","priceSpecification":{"@type":"PriceSpecification","price":6.09,"priceCurrency":"EUR","valueAddedTaxIncluded":"true"},"seller":{"@type":"Organization","@id":"https:\/\/droix.eu\/pl\/#organization"}}},{"@type":"WebPage","@id":"https:\/\/droix.eu\/pl\/product\/anbernic-rg-cube-bag\/#webpage","url":"https:\/\/droix.eu\/pl\/product\/anbernic-rg-cube-bag\/","name":"ANBERNIC RG Cube Bag - DROIX EU","description":"Oficjalne akcesorium ANBERNIC Doskona\u0142a ochrona Wykonane z najwy\u017cszej jako\u015bci sk\u00f3ry Podszewka z mi\u0119kkiego materia\u0142u dla dodatkowej ochrony. Pakiet zawiera 1x etui","inLanguage":"pl-PL","isPartOf":{"@id":"https:\/\/droix.eu\/pl\/#website"},"breadcrumb":{"@id":"https:\/\/droix.eu\/pl\/product\/anbernic-rg-cube-bag\/#breadcrumblist"},"image":{"@type":"ImageObject","url":"https:\/\/droix.eu\/wp-content\/uploads\/2024\/07\/CUBE-CASE.png","@id":"https:\/\/droix.eu\/pl\/product\/anbernic-rg-cube-bag\/#mainImage","width":1001,"height":1001,"caption":"Etui Anbernic Cube w kolorze czarnym, charakteryzuj\u0105ce si\u0119 kompaktow\u0105 i eleganck\u0105 konstrukcj\u0105 z wytrzyma\u0142\u0105, teksturowan\u0105 powierzchni\u0105 zewn\u0119trzn\u0105 dla lepszej przyczepno\u015bci. Etui zawiera dopasowane piankowe wk\u0142adki, kt\u00f3re bezpiecznie utrzymuj\u0105 konsol\u0119 do gier Anbernic i akcesoria, zapewniaj\u0105c ochron\u0119 podczas podr\u00f3\u017cy."},"primaryImageOfPage":{"@id":"https:\/\/droix.eu\/pl\/product\/anbernic-rg-cube-bag\/#mainImage"},"datePublished":"2024-07-16T11:40:59+01:00","dateModified":"2026-03-27T12:33:51+00:00"},{"@type":"WebSite","@id":"https:\/\/droix.eu\/pl\/#website","url":"https:\/\/droix.eu\/pl\/","name":"DROIX EU","description":"Get the latest Mini PCs, Ultrabook, PC Gaming Handhelds and more!","inLanguage":"pl-PL","publisher":{"@id":"https:\/\/droix.eu\/pl\/#organization"}}]},"og:locale":"pl_PL","og:site_name":"DROIX EU - Get the latest Mini PCs, Ultrabook, PC Gaming Handhelds and more!","og:type":"article","og:title":"ANBERNIC RG Cube Bag - DROIX EU","og:description":"Oficjalne akcesorium ANBERNIC Doskona\u0142a ochrona Wykonane z najwy\u017cszej jako\u015bci sk\u00f3ry Podszewka z mi\u0119kkiego materia\u0142u dla dodatkowej ochrony. Pakiet zawiera 1x etui","og:url":"https:\/\/droix.eu\/pl\/product\/anbernic-rg-cube-bag\/","og:image":"https:\/\/droix.eu\/wp-content\/uploads\/2024\/06\/droix-v2-light-logo.png","og:image:secure_url":"https:\/\/droix.eu\/wp-content\/uploads\/2024\/06\/droix-v2-light-logo.png","og:image:width":380,"og:image:height":118,"article:published_time":"2024-07-16T10:40:59+00:00","article:modified_time":"2026-03-27T12:33:51+00:00","article:publisher":"https:\/\/www.facebook.com\/DroiX.Store","twitter:card":"summary_large_image","twitter:site":"@DroiX_Store","twitter:title":"ANBERNIC RG Cube Bag - DROIX EU","twitter:description":"Oficjalne akcesorium ANBERNIC Doskona\u0142a ochrona Wykonane z najwy\u017cszej jako\u015bci sk\u00f3ry Podszewka z mi\u0119kkiego materia\u0142u dla dodatkowej ochrony. Pakiet zawiera 1x etui","twitter:image":"https:\/\/droix.eu\/wp-content\/uploads\/2024\/06\/droix-v2-light-logo.png"},"aioseo_meta_data":{"post_id":"531508","title":null,"description":null,"keywords":null,"keyphrases":null,"primary_term":null,"canonical_url":null,"og_title":null,"og_description":null,"og_object_type":"default","og_image_type":"default","og_image_url":null,"og_image_width":null,"og_image_height":null,"og_image_custom_url":null,"og_image_custom_fields":null,"og_video":null,"og_custom_url":null,"og_article_section":null,"og_article_tags":null,"twitter_use_og":true,"twitter_card":"default","twitter_image_type":"default","twitter_image_url":null,"twitter_image_custom_url":null,"twitter_image_custom_fields":null,"twitter_title":null,"twitter_description":null,"schema":{"blockGraphs":[],"customGraphs":[],"default":{"data":{"Article":[],"Course":[],"Dataset":[],"FAQPage":[],"Movie":[],"Person":[],"Product":[],"ProductReview":[],"Car":[],"Recipe":[],"Service":[],"SoftwareApplication":[],"WebPage":[]},"graphName":"Product","isEnabled":true},"graphs":[]},"schema_type":"default","schema_type_options":null,"pillar_content":false,"robots_default":true,"robots_noindex":false,"robots_noarchive":false,"robots_nosnippet":false,"robots_nofollow":false,"robots_noimageindex":false,"robots_noodp":false,"robots_notranslate":false,"robots_max_snippet":null,"robots_max_videopreview":null,"robots_max_imagepreview":"large","priority":null,"frequency":null,"local_seo":null,"seo_analyzer_scan_date":"2026-03-27 13:01:02","breadcrumb_settings":null,"limit_modified_date":false,"reviewed_by":null,"open_ai":null,"ai":null,"created":"2025-10-09 05:50:18","updated":"2026-03-27 15:04:41"},"aioseo_breadcrumb":"<div class=\"aioseo-breadcrumbs\"><span class=\"aioseo-breadcrumb\">\n\t<a href=\"https:\/\/droix.eu\/pl\/\" title=\"Home\">Home<\/a>\n<\/span><span class=\"aioseo-breadcrumb-separator\">&raquo;<\/span><span class=\"aioseo-breadcrumb\">\n\t<a href=\"https:\/\/droix.eu\/pl\/product-category\/akcesoria\/\" title=\"Akcesoria\">Akcesoria<\/a>\n<\/span><span class=\"aioseo-breadcrumb-separator\">&raquo;<\/span><span class=\"aioseo-breadcrumb\">\n\t<a href=\"https:\/\/droix.eu\/pl\/product-category\/akcesoria\/akcesoria-do-gier\/\" title=\"Akcesoria do gier\">Akcesoria do gier<\/a>\n<\/span><span class=\"aioseo-breadcrumb-separator\">&raquo;<\/span><span class=\"aioseo-breadcrumb\">\n\tANBERNIC RG Cube Bag\n<\/span><\/div>","aioseo_breadcrumb_json":[{"label":"Home","link":"https:\/\/droix.eu\/pl\/"},{"label":"Akcesoria","link":"https:\/\/droix.eu\/pl\/product-category\/akcesoria\/"},{"label":"Akcesoria do gier","link":"https:\/\/droix.eu\/pl\/product-category\/akcesoria\/akcesoria-do-gier\/"},{"label":"ANBERNIC RG Cube Bag","link":"https:\/\/droix.eu\/pl\/product\/anbernic-rg-cube-bag\/"}],"_links":{"self":[{"href":"https:\/\/droix.eu\/pl\/wp-json\/wp\/v2\/product\/531508","targetHints":{"allow":["GET"]}}],"collection":[{"href":"https:\/\/droix.eu\/pl\/wp-json\/wp\/v2\/product"}],"about":[{"href":"https:\/\/droix.eu\/pl\/wp-json\/wp\/v2\/types\/product"}],"version-history":[{"count":0,"href":"https:\/\/droix.eu\/pl\/wp-json\/wp\/v2\/product\/531508\/revisions"}],"wp:featuredmedia":[{"embeddable":true,"href":"https:\/\/droix.eu\/pl\/wp-json\/wp\/v2\/media\/486296"}],"wp:attachment":[{"href":"https:\/\/droix.eu\/pl\/wp-json\/wp\/v2\/media?parent=531508"}],"wp:term":[{"taxonomy":"product_brand","embeddable":true,"href":"https:\/\/droix.eu\/pl\/wp-json\/wp\/v2\/product_brand?post=531508"},{"taxonomy":"product_cat","embeddable":true,"href":"https:\/\/droix.eu\/pl\/wp-json\/wp\/v2\/product_cat?post=531508"},{"taxonomy":"product_tag","embeddable":true,"href":"https:\/\/droix.eu\/pl\/wp-json\/wp\/v2\/product_tag?post=531508"},{"taxonomy":"woo-feed-brand","embeddable":true,"href":"https:\/\/droix.eu\/pl\/wp-json\/wp\/v2\/woo-feed-brand?post=531508"},{"taxonomy":"key-features","embeddable":true,"href":"https:\/\/droix.eu\/pl\/wp-json\/wp\/v2\/key-features?post=531508"}],"curies":[{"name":"wp","href":"https:\/\/api.w.org\/{rel}","templated":true}]}}