{"id":526896,"date":"2022-05-12T22:03:45","date_gmt":"2022-05-12T21:03:45","guid":{"rendered":"https:\/\/droix.eu\/product\/gpd-hardshell-case-dla-micro-pc\/"},"modified":"2026-03-28T08:16:47","modified_gmt":"2026-03-28T08:16:47","slug":"gpd-hardshell-case-dla-micro-pc","status":"publish","type":"product","link":"https:\/\/droix.eu\/pl\/product\/gpd-hardshell-case-dla-micro-pc\/","title":{"rendered":"GPD Hardshell Case dla Micro PC"},"content":{"rendered":"&#13;\n<p>Wyposa\u017c i chro\u0144 sw\u00f3j komputer GPD Micro PC za pomoc\u0105 oficjalnego etui podr\u00f3\u017cnego GPD Hardshell.<\/p>&#13;\n&#13;\n<p>Zosta\u0142 zaprojektowany tak, aby chroni\u0107 urz\u0105dzenie za pomoc\u0105 dw\u00f3ch elastycznych pask\u00f3w i drugiej komory na inne akcesoria.<\/p>&#13;\n","protected":false},"excerpt":{"rendered":"<ul data-children-count=\"0\">\n<li><strong>Oficjalny<\/strong> produkt <strong>GPD<\/strong> <\/li>\n<li>Zaprojektowany dla <strong>GPD XD Plus<\/strong> i GPD WIN 2<\/li>\n<li>Przedzia\u0142 na akcesoria<\/li>\n<\/ul>\n[cg_accordion title=\"2-letnia gwarancja na wszystkie produkty GPD\"]<\/p>\n<p>Wszystkie produkty GPD s\u0105 obj\u0119te 2-letni\u0105 gwarancj\u0105 i s\u0105 wspierane przez ponad 13 lat zaufanej obs\u0142ugi. Do\u0142\u0105cz do naszej spo\u0142eczno\u015bci ponad 500 000 zadowolonych klient\u00f3w i b\u0105d\u017a pewny swojego zakupu. [\/cg_accordion]\n[cg_accordion title=\"Elastyczne i bezpieczne opcje p\u0142atno\u015bci\"]<\/p>\n<p>Ciesz si\u0119 spokojem dzi\u0119ki naszemu bezpiecznemu systemowi p\u0142atno\u015bci. Obs\u0142ugujemy wszystkie g\u0142\u00f3wne metody p\u0142atno\u015bci, w tym karty debetowe\/kredytowe, PayPal, Apple Pay, Google Pay, Klarna, Afterpay i Affirm &#8211; daj\u0105c ci swobod\u0119 p\u0142acenia z g\u00f3ry lub w \u0142atwych ratach. [\/cg_accordion]\n[cg_accordion title=\"Podatki\"]<\/p>\n<p>Ceny zawieraj\u0105 obowi\u0105zuj\u0105cy podatek VAT, kt\u00f3ry mo\u017ce wynosi\u0107 do 25% w zale\u017cno\u015bci od kraju. Dok\u0142adna kwota jest wy\u015bwietlana podczas p\u0142atno\u015bci, aby zapewni\u0107 pe\u0142n\u0105 przejrzysto\u015b\u0107. [\/cg_accordion]\n[cg_accordion title=\"Wysy\u0142ka i zwroty\"]<\/p>\n<p>Wsp\u00f3\u0142pracujemy z ponad 10 zaufanymi partnerami wysy\u0142kowymi, aby zapewni\u0107, \u017ce Twoje zam\u00f3wienie dotrze szybko, bezpiecznie i niezawodnie.<\/p>\n<p>Korzystamy z ekspresowej wysy\u0142ki DDP (Delivered Duty Paid). Oznacza to: <\/p>\n<li>Wszystkie c\u0142a i podatki s\u0105 ju\u017c wliczone w podan\u0105 cen\u0119 produktu.<\/li>\n<li>Przy dostawie nie zostan\u0105 naliczone \u017cadne niespodziewane op\u0142aty.<\/li>\n<li>W rzadkich przypadkach op\u00f3\u017anie\u0144 celnych nasz zesp\u00f3\u0142 b\u0119dzie zarz\u0105dza\u0142 procesem odprawy celnej, aby zapewni\u0107 sprawn\u0105 dostaw\u0119.<\/li>\n<p>Wa\u017cne informacje dotycz\u0105ce zwrot\u00f3w:<\/p>\n<li>W przypadku zwrotu zam\u00f3wienia lub \u017c\u0105dania zwrotu pieni\u0119dzy nale\u017cy pami\u0119ta\u0107, \u017ce wszelkie podatki i c\u0142a zap\u0142acone w imieniu u\u017cytkownika zgodnie z warunkami DDP nie podlegaj\u0105 zwrotowi.<\/li>\n<p>Szczeg\u00f3\u0142owe informacje mo\u017cna znale\u017a\u0107 w naszym <a href=\"https:\/\/droix.eu\/pl\/zasady-i-warunki\/\" target=\"_blank\" rel=\"nofollow noopener\">Regulaminie<\/a>.\n<\/ul>\n<p>[\/cg_accordion]\n[cg_accordion title=\"Obs\u0142uga klienta\"]<\/p>\n<p>Masz pytanie? Wystarczy kr\u00f3tka wiadomo\u015b\u0107 tekstowa, aby rozwi\u0105za\u0107 Tw\u00f3j problem! [\/cg_accordion]\n[cg_accordion title=\"Pakiet zawiera\"]<\/p>\n<ul>\n<li>1x Etui GPD Hardshell<\/li>\n<\/ul>\n<p>[\/cg_accordion]\n","protected":false},"featured_media":207629,"template":"","meta":{"_acf_changed":false},"product_brand":[],"product_cat":[32,62],"product_tag":[],"woo-feed-brand":[],"key-features":[],"class_list":{"0":"post-526896","1":"product","2":"type-product","3":"status-publish","4":"has-post-thumbnail","6":"product_cat-accessories","7":"product_cat-laptop-accessories","8":"product_shipping_class-low-end","9":"pa_accessory-type-protective-case","10":"pa_brands-gpd","11":"pa_compatibility-gpd-micro-pc","13":"first","14":"outofstock","15":"sale","16":"taxable","17":"shipping-taxable","18":"purchasable","19":"product-type-simple"},"acf":[],"aioseo_notices":[],"aioseo_head":"\n\t\t<!-- All in One SEO Pro 4.9.5.2 - aioseo.com -->\n\t<meta name=\"description\" content=\"Oficjalny produkt GPD Zaprojektowany dla GPD XD Plus i GPD WIN 2 Przedzia\u0142 na akcesoria\" \/>\n\t<meta name=\"robots\" content=\"max-image-preview:large\" \/>\n\t<link rel=\"canonical\" href=\"https:\/\/droix.eu\/pl\/product\/gpd-hardshell-case-dla-micro-pc\/\" \/>\n\t<meta name=\"generator\" content=\"All in One SEO Pro (AIOSEO) 4.9.5.2\" \/>\n\t\t<meta property=\"og:locale\" content=\"pl_PL\" \/>\n\t\t<meta property=\"og:site_name\" content=\"DROIX EU - Get the latest Mini PCs, Ultrabook, PC Gaming Handhelds and more!\" \/>\n\t\t<meta property=\"og:type\" content=\"article\" \/>\n\t\t<meta property=\"og:title\" content=\"GPD Hardshell Case dla Micro PC - DROIX EU\" \/>\n\t\t<meta property=\"og:description\" content=\"Oficjalny produkt GPD Zaprojektowany dla GPD XD Plus i GPD WIN 2 Przedzia\u0142 na akcesoria\" \/>\n\t\t<meta property=\"og:url\" content=\"https:\/\/droix.eu\/pl\/product\/gpd-hardshell-case-dla-micro-pc\/\" \/>\n\t\t<meta property=\"og:image\" content=\"https:\/\/droix.eu\/wp-content\/uploads\/2024\/06\/droix-v2-light-logo.png\" \/>\n\t\t<meta property=\"og:image:secure_url\" content=\"https:\/\/droix.eu\/wp-content\/uploads\/2024\/06\/droix-v2-light-logo.png\" \/>\n\t\t<meta property=\"og:image:width\" content=\"380\" \/>\n\t\t<meta property=\"og:image:height\" content=\"118\" \/>\n\t\t<meta property=\"article:published_time\" content=\"2022-05-12T21:03:45+00:00\" \/>\n\t\t<meta property=\"article:modified_time\" content=\"2026-03-28T08:16:47+00:00\" \/>\n\t\t<meta property=\"article:publisher\" content=\"https:\/\/www.facebook.com\/DroiX.Store\" \/>\n\t\t<meta name=\"twitter:card\" content=\"summary_large_image\" \/>\n\t\t<meta name=\"twitter:site\" content=\"@DroiX_Store\" \/>\n\t\t<meta name=\"twitter:title\" content=\"GPD Hardshell Case dla Micro PC - DROIX EU\" \/>\n\t\t<meta name=\"twitter:description\" content=\"Oficjalny produkt GPD Zaprojektowany dla GPD XD Plus i GPD WIN 2 Przedzia\u0142 na akcesoria\" \/>\n\t\t<meta name=\"twitter:image\" content=\"https:\/\/droix.eu\/wp-content\/uploads\/2024\/06\/droix-v2-light-logo.png\" \/>\n\t\t<script type=\"application\/ld+json\" class=\"aioseo-schema\">\n\t\t\t{\"@context\":\"https:\\\/\\\/schema.org\",\"@graph\":[{\"@type\":\"BreadcrumbList\",\"@id\":\"https:\\\/\\\/droix.eu\\\/pl\\\/product\\\/gpd-hardshell-case-dla-micro-pc\\\/#breadcrumblist\",\"itemListElement\":[{\"@type\":\"ListItem\",\"@id\":\"https:\\\/\\\/droix.eu\\\/pl\\\/#listItem\",\"position\":1,\"name\":\"Home\",\"item\":\"https:\\\/\\\/droix.eu\\\/pl\\\/\",\"nextItem\":{\"@type\":\"ListItem\",\"@id\":\"https:\\\/\\\/droix.eu\\\/pl\\\/product-category\\\/akcesoria\\\/#listItem\",\"name\":\"Akcesoria\"}},{\"@type\":\"ListItem\",\"@id\":\"https:\\\/\\\/droix.eu\\\/pl\\\/product-category\\\/akcesoria\\\/#listItem\",\"position\":2,\"name\":\"Akcesoria\",\"item\":\"https:\\\/\\\/droix.eu\\\/pl\\\/product-category\\\/akcesoria\\\/\",\"nextItem\":{\"@type\":\"ListItem\",\"@id\":\"https:\\\/\\\/droix.eu\\\/pl\\\/product-category\\\/akcesoria\\\/akcesoria-do-laptopow\\\/#listItem\",\"name\":\"Akcesoria do laptop\\u00f3w\"},\"previousItem\":{\"@type\":\"ListItem\",\"@id\":\"https:\\\/\\\/droix.eu\\\/pl\\\/#listItem\",\"name\":\"Home\"}},{\"@type\":\"ListItem\",\"@id\":\"https:\\\/\\\/droix.eu\\\/pl\\\/product-category\\\/akcesoria\\\/akcesoria-do-laptopow\\\/#listItem\",\"position\":3,\"name\":\"Akcesoria do laptop\\u00f3w\",\"item\":\"https:\\\/\\\/droix.eu\\\/pl\\\/product-category\\\/akcesoria\\\/akcesoria-do-laptopow\\\/\",\"nextItem\":{\"@type\":\"ListItem\",\"@id\":\"https:\\\/\\\/droix.eu\\\/pl\\\/product\\\/gpd-hardshell-case-dla-micro-pc\\\/#listItem\",\"name\":\"GPD Hardshell Case dla Micro PC\"},\"previousItem\":{\"@type\":\"ListItem\",\"@id\":\"https:\\\/\\\/droix.eu\\\/pl\\\/product-category\\\/akcesoria\\\/#listItem\",\"name\":\"Akcesoria\"}},{\"@type\":\"ListItem\",\"@id\":\"https:\\\/\\\/droix.eu\\\/pl\\\/product\\\/gpd-hardshell-case-dla-micro-pc\\\/#listItem\",\"position\":4,\"name\":\"GPD Hardshell Case dla Micro PC\",\"previousItem\":{\"@type\":\"ListItem\",\"@id\":\"https:\\\/\\\/droix.eu\\\/pl\\\/product-category\\\/akcesoria\\\/akcesoria-do-laptopow\\\/#listItem\",\"name\":\"Akcesoria do laptop\\u00f3w\"}}]},{\"@type\":\"Organization\",\"@id\":\"https:\\\/\\\/droix.eu\\\/pl\\\/#organization\",\"name\":\"DroiX \\u2013 Trusted EU Tech Retailer with 12+ Years Experience\",\"description\":\"DroiX is a leading European technology retailer with over 12 years of experience, offering quality mini PCs, handheld gaming consoles, and tech accessories. We provide hassle-free EU delivery with all taxes included, ensuring a smooth and reliable shopping experience for our customers across Europe.\",\"url\":\"https:\\\/\\\/droix.eu\\\/pl\\\/\",\"logo\":{\"@type\":\"ImageObject\",\"url\":\"https:\\\/\\\/droix.eu\\\/wp-content\\\/uploads\\\/2024\\\/06\\\/droix-v2-light-logo.png\",\"@id\":\"https:\\\/\\\/droix.eu\\\/pl\\\/product\\\/gpd-hardshell-case-dla-micro-pc\\\/#organizationLogo\",\"width\":380,\"height\":118},\"image\":{\"@id\":\"https:\\\/\\\/droix.eu\\\/pl\\\/product\\\/gpd-hardshell-case-dla-micro-pc\\\/#organizationLogo\"},\"sameAs\":[\"https:\\\/\\\/www.facebook.com\\\/DroiX.Store\",\"https:\\\/\\\/twitter.com\\\/DroiX_Store\",\"https:\\\/\\\/www.instagram.com\\\/droix.store\\\/\",\"https:\\\/\\\/www.tiktok.com\\\/@droix.store\",\"https:\\\/\\\/www.youtube.com\\\/c\\\/DroiX_Store\",\"https:\\\/\\\/uk.linkedin.com\\\/company\\\/droix\"]},{\"@type\":\"Product\",\"@id\":\"https:\\\/\\\/droix.eu\\\/pl\\\/product\\\/gpd-hardshell-case-dla-micro-pc\\\/#wooCommerceProduct\",\"name\":\"GPD Hardshell Case dla Micro PC\",\"description\":\"Oficjalny produkt GPD \\nZaprojektowany dla GPD XD Plus i GPD WIN 2\\nPrzedzia\\u0142 na akcesoria\",\"url\":\"https:\\\/\\\/droix.eu\\\/pl\\\/product\\\/gpd-hardshell-case-dla-micro-pc\\\/\",\"sku\":\"GPD-HARDSHELL-MICRO-PC\",\"gtin\":\"712971998360\",\"image\":{\"@type\":\"ImageObject\",\"url\":\"https:\\\/\\\/droix.eu\\\/wp-content\\\/uploads\\\/2021\\\/12\\\/41ubjjbd1al.jpg\",\"@id\":\"https:\\\/\\\/droix.eu\\\/pl\\\/product\\\/gpd-hardshell-case-dla-micro-pc\\\/#productImage\",\"width\":500,\"height\":500},\"offers\":{\"@type\":\"Offer\",\"url\":\"https:\\\/\\\/droix.eu\\\/pl\\\/product\\\/gpd-hardshell-case-dla-micro-pc\\\/#wooCommerceOffer\",\"price\":42.67,\"priceCurrency\":\"PLN\",\"category\":\"Akcesoria\",\"availability\":\"https:\\\/\\\/schema.org\\\/OutOfStock\",\"priceSpecification\":{\"@type\":\"PriceSpecification\",\"price\":42.67,\"priceCurrency\":\"PLN\",\"valueAddedTaxIncluded\":\"true\"},\"seller\":{\"@type\":\"Organization\",\"@id\":\"https:\\\/\\\/droix.eu\\\/pl\\\/#organization\"}}},{\"@type\":\"WebPage\",\"@id\":\"https:\\\/\\\/droix.eu\\\/pl\\\/product\\\/gpd-hardshell-case-dla-micro-pc\\\/#webpage\",\"url\":\"https:\\\/\\\/droix.eu\\\/pl\\\/product\\\/gpd-hardshell-case-dla-micro-pc\\\/\",\"name\":\"GPD Hardshell Case dla Micro PC - DROIX EU\",\"description\":\"Oficjalny produkt GPD Zaprojektowany dla GPD XD Plus i GPD WIN 2 Przedzia\\u0142 na akcesoria\",\"inLanguage\":\"pl-PL\",\"isPartOf\":{\"@id\":\"https:\\\/\\\/droix.eu\\\/pl\\\/#website\"},\"breadcrumb\":{\"@id\":\"https:\\\/\\\/droix.eu\\\/pl\\\/product\\\/gpd-hardshell-case-dla-micro-pc\\\/#breadcrumblist\"},\"image\":{\"@type\":\"ImageObject\",\"url\":\"https:\\\/\\\/droix.eu\\\/wp-content\\\/uploads\\\/2021\\\/12\\\/41ubjjbd1al.jpg\",\"@id\":\"https:\\\/\\\/droix.eu\\\/pl\\\/product\\\/gpd-hardshell-case-dla-micro-pc\\\/#mainImage\",\"width\":500,\"height\":500},\"primaryImageOfPage\":{\"@id\":\"https:\\\/\\\/droix.eu\\\/pl\\\/product\\\/gpd-hardshell-case-dla-micro-pc\\\/#mainImage\"},\"datePublished\":\"2022-05-12T22:03:45+01:00\",\"dateModified\":\"2026-03-28T08:16:47+00:00\"},{\"@type\":\"WebSite\",\"@id\":\"https:\\\/\\\/droix.eu\\\/pl\\\/#website\",\"url\":\"https:\\\/\\\/droix.eu\\\/pl\\\/\",\"name\":\"DROIX EU\",\"description\":\"Get the latest Mini PCs, Ultrabook, PC Gaming Handhelds and more!\",\"inLanguage\":\"pl-PL\",\"publisher\":{\"@id\":\"https:\\\/\\\/droix.eu\\\/pl\\\/#organization\"}}]}\n\t\t<\/script>\n\t\t<!-- All in One SEO Pro -->\r\n\t\t<title>GPD Hardshell Case dla Micro PC - DROIX EU<\/title>\n\n","aioseo_head_json":{"title":"GPD Hardshell Case dla Micro PC - DROIX EU","description":"Oficjalny produkt GPD Zaprojektowany dla GPD XD Plus i GPD WIN 2 Przedzia\u0142 na akcesoria","canonical_url":"https:\/\/droix.eu\/pl\/product\/gpd-hardshell-case-dla-micro-pc\/","robots":"max-image-preview:large","keywords":"","webmasterTools":{"miscellaneous":""},"schema":{"@context":"https:\/\/schema.org","@graph":[{"@type":"BreadcrumbList","@id":"https:\/\/droix.eu\/pl\/product\/gpd-hardshell-case-dla-micro-pc\/#breadcrumblist","itemListElement":[{"@type":"ListItem","@id":"https:\/\/droix.eu\/pl\/#listItem","position":1,"name":"Home","item":"https:\/\/droix.eu\/pl\/","nextItem":{"@type":"ListItem","@id":"https:\/\/droix.eu\/pl\/product-category\/akcesoria\/#listItem","name":"Akcesoria"}},{"@type":"ListItem","@id":"https:\/\/droix.eu\/pl\/product-category\/akcesoria\/#listItem","position":2,"name":"Akcesoria","item":"https:\/\/droix.eu\/pl\/product-category\/akcesoria\/","nextItem":{"@type":"ListItem","@id":"https:\/\/droix.eu\/pl\/product-category\/akcesoria\/akcesoria-do-laptopow\/#listItem","name":"Akcesoria do laptop\u00f3w"},"previousItem":{"@type":"ListItem","@id":"https:\/\/droix.eu\/pl\/#listItem","name":"Home"}},{"@type":"ListItem","@id":"https:\/\/droix.eu\/pl\/product-category\/akcesoria\/akcesoria-do-laptopow\/#listItem","position":3,"name":"Akcesoria do laptop\u00f3w","item":"https:\/\/droix.eu\/pl\/product-category\/akcesoria\/akcesoria-do-laptopow\/","nextItem":{"@type":"ListItem","@id":"https:\/\/droix.eu\/pl\/product\/gpd-hardshell-case-dla-micro-pc\/#listItem","name":"GPD Hardshell Case dla Micro PC"},"previousItem":{"@type":"ListItem","@id":"https:\/\/droix.eu\/pl\/product-category\/akcesoria\/#listItem","name":"Akcesoria"}},{"@type":"ListItem","@id":"https:\/\/droix.eu\/pl\/product\/gpd-hardshell-case-dla-micro-pc\/#listItem","position":4,"name":"GPD Hardshell Case dla Micro PC","previousItem":{"@type":"ListItem","@id":"https:\/\/droix.eu\/pl\/product-category\/akcesoria\/akcesoria-do-laptopow\/#listItem","name":"Akcesoria do laptop\u00f3w"}}]},{"@type":"Organization","@id":"https:\/\/droix.eu\/pl\/#organization","name":"DroiX \u2013 Trusted EU Tech Retailer with 12+ Years Experience","description":"DroiX is a leading European technology retailer with over 12 years of experience, offering quality mini PCs, handheld gaming consoles, and tech accessories. We provide hassle-free EU delivery with all taxes included, ensuring a smooth and reliable shopping experience for our customers across Europe.","url":"https:\/\/droix.eu\/pl\/","logo":{"@type":"ImageObject","url":"https:\/\/droix.eu\/wp-content\/uploads\/2024\/06\/droix-v2-light-logo.png","@id":"https:\/\/droix.eu\/pl\/product\/gpd-hardshell-case-dla-micro-pc\/#organizationLogo","width":380,"height":118},"image":{"@id":"https:\/\/droix.eu\/pl\/product\/gpd-hardshell-case-dla-micro-pc\/#organizationLogo"},"sameAs":["https:\/\/www.facebook.com\/DroiX.Store","https:\/\/twitter.com\/DroiX_Store","https:\/\/www.instagram.com\/droix.store\/","https:\/\/www.tiktok.com\/@droix.store","https:\/\/www.youtube.com\/c\/DroiX_Store","https:\/\/uk.linkedin.com\/company\/droix"]},{"@type":"Product","@id":"https:\/\/droix.eu\/pl\/product\/gpd-hardshell-case-dla-micro-pc\/#wooCommerceProduct","name":"GPD Hardshell Case dla Micro PC","description":"Oficjalny produkt GPD \nZaprojektowany dla GPD XD Plus i GPD WIN 2\nPrzedzia\u0142 na akcesoria","url":"https:\/\/droix.eu\/pl\/product\/gpd-hardshell-case-dla-micro-pc\/","sku":"GPD-HARDSHELL-MICRO-PC","gtin":"712971998360","image":{"@type":"ImageObject","url":"https:\/\/droix.eu\/wp-content\/uploads\/2021\/12\/41ubjjbd1al.jpg","@id":"https:\/\/droix.eu\/pl\/product\/gpd-hardshell-case-dla-micro-pc\/#productImage","width":500,"height":500},"offers":{"@type":"Offer","url":"https:\/\/droix.eu\/pl\/product\/gpd-hardshell-case-dla-micro-pc\/#wooCommerceOffer","price":42.67,"priceCurrency":"PLN","category":"Akcesoria","availability":"https:\/\/schema.org\/OutOfStock","priceSpecification":{"@type":"PriceSpecification","price":42.67,"priceCurrency":"PLN","valueAddedTaxIncluded":"true"},"seller":{"@type":"Organization","@id":"https:\/\/droix.eu\/pl\/#organization"}}},{"@type":"WebPage","@id":"https:\/\/droix.eu\/pl\/product\/gpd-hardshell-case-dla-micro-pc\/#webpage","url":"https:\/\/droix.eu\/pl\/product\/gpd-hardshell-case-dla-micro-pc\/","name":"GPD Hardshell Case dla Micro PC - DROIX EU","description":"Oficjalny produkt GPD Zaprojektowany dla GPD XD Plus i GPD WIN 2 Przedzia\u0142 na akcesoria","inLanguage":"pl-PL","isPartOf":{"@id":"https:\/\/droix.eu\/pl\/#website"},"breadcrumb":{"@id":"https:\/\/droix.eu\/pl\/product\/gpd-hardshell-case-dla-micro-pc\/#breadcrumblist"},"image":{"@type":"ImageObject","url":"https:\/\/droix.eu\/wp-content\/uploads\/2021\/12\/41ubjjbd1al.jpg","@id":"https:\/\/droix.eu\/pl\/product\/gpd-hardshell-case-dla-micro-pc\/#mainImage","width":500,"height":500},"primaryImageOfPage":{"@id":"https:\/\/droix.eu\/pl\/product\/gpd-hardshell-case-dla-micro-pc\/#mainImage"},"datePublished":"2022-05-12T22:03:45+01:00","dateModified":"2026-03-28T08:16:47+00:00"},{"@type":"WebSite","@id":"https:\/\/droix.eu\/pl\/#website","url":"https:\/\/droix.eu\/pl\/","name":"DROIX EU","description":"Get the latest Mini PCs, Ultrabook, PC Gaming Handhelds and more!","inLanguage":"pl-PL","publisher":{"@id":"https:\/\/droix.eu\/pl\/#organization"}}]},"og:locale":"pl_PL","og:site_name":"DROIX EU - Get the latest Mini PCs, Ultrabook, PC Gaming Handhelds and more!","og:type":"article","og:title":"GPD Hardshell Case dla Micro PC - DROIX EU","og:description":"Oficjalny produkt GPD Zaprojektowany dla GPD XD Plus i GPD WIN 2 Przedzia\u0142 na akcesoria","og:url":"https:\/\/droix.eu\/pl\/product\/gpd-hardshell-case-dla-micro-pc\/","og:image":"https:\/\/droix.eu\/wp-content\/uploads\/2024\/06\/droix-v2-light-logo.png","og:image:secure_url":"https:\/\/droix.eu\/wp-content\/uploads\/2024\/06\/droix-v2-light-logo.png","og:image:width":380,"og:image:height":118,"article:published_time":"2022-05-12T21:03:45+00:00","article:modified_time":"2026-03-28T08:16:47+00:00","article:publisher":"https:\/\/www.facebook.com\/DroiX.Store","twitter:card":"summary_large_image","twitter:site":"@DroiX_Store","twitter:title":"GPD Hardshell Case dla Micro PC - DROIX EU","twitter:description":"Oficjalny produkt GPD Zaprojektowany dla GPD XD Plus i GPD WIN 2 Przedzia\u0142 na akcesoria","twitter:image":"https:\/\/droix.eu\/wp-content\/uploads\/2024\/06\/droix-v2-light-logo.png"},"aioseo_meta_data":{"post_id":"526896","title":null,"description":null,"keywords":null,"keyphrases":null,"primary_term":null,"canonical_url":null,"og_title":null,"og_description":null,"og_object_type":"default","og_image_type":"default","og_image_url":null,"og_image_width":null,"og_image_height":null,"og_image_custom_url":null,"og_image_custom_fields":null,"og_video":null,"og_custom_url":null,"og_article_section":null,"og_article_tags":null,"twitter_use_og":true,"twitter_card":"default","twitter_image_type":"default","twitter_image_url":null,"twitter_image_custom_url":null,"twitter_image_custom_fields":null,"twitter_title":null,"twitter_description":null,"schema":{"blockGraphs":[],"customGraphs":[],"default":{"data":{"Article":[],"Course":[],"Dataset":[],"FAQPage":[],"Movie":[],"Person":[],"Product":[],"ProductReview":[],"Car":[],"Recipe":[],"Service":[],"SoftwareApplication":[],"WebPage":[]},"graphName":"Product","isEnabled":true},"graphs":[]},"schema_type":"default","schema_type_options":null,"pillar_content":false,"robots_default":true,"robots_noindex":false,"robots_noarchive":false,"robots_nosnippet":false,"robots_nofollow":false,"robots_noimageindex":false,"robots_noodp":false,"robots_notranslate":false,"robots_max_snippet":null,"robots_max_videopreview":null,"robots_max_imagepreview":"large","priority":null,"frequency":null,"local_seo":null,"seo_analyzer_scan_date":null,"breadcrumb_settings":null,"limit_modified_date":false,"reviewed_by":null,"open_ai":null,"ai":null,"created":"2025-10-09 03:53:21","updated":"2026-03-28 11:32:38"},"aioseo_breadcrumb":"<div class=\"aioseo-breadcrumbs\"><span class=\"aioseo-breadcrumb\">\n\t<a href=\"https:\/\/droix.eu\/pl\/\" title=\"Home\">Home<\/a>\n<\/span><span class=\"aioseo-breadcrumb-separator\">&raquo;<\/span><span class=\"aioseo-breadcrumb\">\n\t<a href=\"https:\/\/droix.eu\/pl\/product-category\/akcesoria\/\" title=\"Akcesoria\">Akcesoria<\/a>\n<\/span><span class=\"aioseo-breadcrumb-separator\">&raquo;<\/span><span class=\"aioseo-breadcrumb\">\n\t<a href=\"https:\/\/droix.eu\/pl\/product-category\/akcesoria\/akcesoria-do-laptopow\/\" title=\"Akcesoria do laptop\u00f3w\">Akcesoria do laptop\u00f3w<\/a>\n<\/span><span class=\"aioseo-breadcrumb-separator\">&raquo;<\/span><span class=\"aioseo-breadcrumb\">\n\tGPD Hardshell Case dla Micro PC\n<\/span><\/div>","aioseo_breadcrumb_json":[{"label":"Home","link":"https:\/\/droix.eu\/pl\/"},{"label":"Akcesoria","link":"https:\/\/droix.eu\/pl\/product-category\/akcesoria\/"},{"label":"Akcesoria do laptop\u00f3w","link":"https:\/\/droix.eu\/pl\/product-category\/akcesoria\/akcesoria-do-laptopow\/"},{"label":"GPD Hardshell Case dla Micro PC","link":"https:\/\/droix.eu\/pl\/product\/gpd-hardshell-case-dla-micro-pc\/"}],"_links":{"self":[{"href":"https:\/\/droix.eu\/pl\/wp-json\/wp\/v2\/product\/526896","targetHints":{"allow":["GET"]}}],"collection":[{"href":"https:\/\/droix.eu\/pl\/wp-json\/wp\/v2\/product"}],"about":[{"href":"https:\/\/droix.eu\/pl\/wp-json\/wp\/v2\/types\/product"}],"version-history":[{"count":0,"href":"https:\/\/droix.eu\/pl\/wp-json\/wp\/v2\/product\/526896\/revisions"}],"wp:featuredmedia":[{"embeddable":true,"href":"https:\/\/droix.eu\/pl\/wp-json\/wp\/v2\/media\/207629"}],"wp:attachment":[{"href":"https:\/\/droix.eu\/pl\/wp-json\/wp\/v2\/media?parent=526896"}],"wp:term":[{"taxonomy":"product_brand","embeddable":true,"href":"https:\/\/droix.eu\/pl\/wp-json\/wp\/v2\/product_brand?post=526896"},{"taxonomy":"product_cat","embeddable":true,"href":"https:\/\/droix.eu\/pl\/wp-json\/wp\/v2\/product_cat?post=526896"},{"taxonomy":"product_tag","embeddable":true,"href":"https:\/\/droix.eu\/pl\/wp-json\/wp\/v2\/product_tag?post=526896"},{"taxonomy":"woo-feed-brand","embeddable":true,"href":"https:\/\/droix.eu\/pl\/wp-json\/wp\/v2\/woo-feed-brand?post=526896"},{"taxonomy":"key-features","embeddable":true,"href":"https:\/\/droix.eu\/pl\/wp-json\/wp\/v2\/key-features?post=526896"}],"curies":[{"name":"wp","href":"https:\/\/api.w.org\/{rel}","templated":true}]}}