{"id":523608,"date":"2022-11-11T11:44:32","date_gmt":"2022-11-11T11:44:32","guid":{"rendered":"https:\/\/droix.eu\/product\/nakladki-na-kciuk-z-motywem-zwierzecym\/"},"modified":"2026-03-28T08:30:59","modified_gmt":"2026-03-28T08:30:59","slug":"nakladki-na-kciuk-z-motywem-zwierzecym","status":"publish","type":"product","link":"https:\/\/droix.eu\/pl\/product\/nakladki-na-kciuk-z-motywem-zwierzecym\/","title":{"rendered":"Nak\u0142adki na kciuk z motywem zwierz\u0119cym"},"content":{"rendered":"&#13;\n<p>Wykonane z mi\u0119kkiego materia\u0142u silikonowego, kt\u00f3ry mo\u017ce chroni\u0107 dr\u0105\u017cki analogowe przed zadrapaniami i zabrudzeniami oraz jest bardzo wygodny w dotyku!<\/p>&#13;\n&#13;\n<h5 class=\"wp-block-heading\">\u00a0<\/h5>&#13;\n&#13;\n<h5 class=\"wp-block-heading\">NIE jest kompatybilny z kontrolerem PS4, Switch Pro lub Xbox One.<\/h5>&#13;\n","protected":false},"excerpt":{"rendered":"<ul>\n<li>Wykonany z mi\u0119kkiego materia\u0142u silikonowego<\/li>\n<li>Ochrona dr\u0105\u017cka analogowego<\/li>\n<li>Bardzo przyjemny w dotyku<\/li>\n<li>Nie\u0142atwe do odkszta\u0142cenia<\/li>\n<li>Nietoksyczny i nie\u0142atwy do wyblakni\u0119cia<\/li>\n<\/ul>\n[droix_global_accordions]\n","protected":false},"featured_media":702983,"template":"","meta":{"_acf_changed":false},"product_brand":[],"product_cat":[13349,13350],"product_tag":[],"woo-feed-brand":[],"key-features":[],"class_list":{"0":"post-523608","1":"product","2":"type-product","3":"status-publish","4":"has-post-thumbnail","6":"product_cat-akcesoria","7":"product_cat-akcesoria-do-gier","8":"product_shipping_class-low-end","9":"pa_compatibility-ayaneo-2-pl","10":"pa_compatibility-ayaneo-2021-pl","11":"pa_compatibility-ayaneo-air-pl","12":"pa_compatibility-ayaneo-geek-pl","14":"first","15":"instock","16":"sale","17":"taxable","18":"shipping-taxable","19":"purchasable","20":"product-type-simple"},"acf":[],"aioseo_notices":[],"aioseo_head":"\n\t\t<!-- All in One SEO Pro 4.9.5.2 - aioseo.com -->\n\t<meta name=\"description\" content=\"Wykonany z mi\u0119kkiego materia\u0142u silikonowego Ochrona dr\u0105\u017cka analogowego Bardzo przyjemny w dotyku Nie\u0142atwe do odkszta\u0142cenia Nietoksyczny i nie\u0142atwy do wyblakni\u0119cia\" \/>\n\t<meta name=\"robots\" content=\"max-image-preview:large\" \/>\n\t<link rel=\"canonical\" href=\"https:\/\/droix.eu\/pl\/product\/nakladki-na-kciuk-z-motywem-zwierzecym\/\" \/>\n\t<meta name=\"generator\" content=\"All in One SEO Pro (AIOSEO) 4.9.5.2\" \/>\n\t\t<meta property=\"og:locale\" content=\"pl_PL\" \/>\n\t\t<meta property=\"og:site_name\" content=\"DROIX EU - Get the latest Mini PCs, Ultrabook, PC Gaming Handhelds and more!\" \/>\n\t\t<meta property=\"og:type\" content=\"article\" \/>\n\t\t<meta property=\"og:title\" content=\"Nak\u0142adki na kciuk z motywem zwierz\u0119cym - DROIX EU\" \/>\n\t\t<meta property=\"og:description\" content=\"Wykonany z mi\u0119kkiego materia\u0142u silikonowego Ochrona dr\u0105\u017cka analogowego Bardzo przyjemny w dotyku Nie\u0142atwe do odkszta\u0142cenia Nietoksyczny i nie\u0142atwy do wyblakni\u0119cia\" \/>\n\t\t<meta property=\"og:url\" content=\"https:\/\/droix.eu\/pl\/product\/nakladki-na-kciuk-z-motywem-zwierzecym\/\" \/>\n\t\t<meta property=\"og:image\" content=\"https:\/\/droix.eu\/wp-content\/uploads\/2024\/06\/droix-v2-light-logo.png\" \/>\n\t\t<meta property=\"og:image:secure_url\" content=\"https:\/\/droix.eu\/wp-content\/uploads\/2024\/06\/droix-v2-light-logo.png\" \/>\n\t\t<meta property=\"og:image:width\" content=\"380\" \/>\n\t\t<meta property=\"og:image:height\" content=\"118\" \/>\n\t\t<meta property=\"article:published_time\" content=\"2022-11-11T11:44:32+00:00\" \/>\n\t\t<meta property=\"article:modified_time\" content=\"2026-03-28T08:30:59+00:00\" \/>\n\t\t<meta property=\"article:publisher\" content=\"https:\/\/www.facebook.com\/DroiX.Store\" \/>\n\t\t<meta name=\"twitter:card\" content=\"summary_large_image\" \/>\n\t\t<meta name=\"twitter:site\" content=\"@DroiX_Store\" \/>\n\t\t<meta name=\"twitter:title\" content=\"Nak\u0142adki na kciuk z motywem zwierz\u0119cym - DROIX EU\" \/>\n\t\t<meta name=\"twitter:description\" content=\"Wykonany z mi\u0119kkiego materia\u0142u silikonowego Ochrona dr\u0105\u017cka analogowego Bardzo przyjemny w dotyku Nie\u0142atwe do odkszta\u0142cenia Nietoksyczny i nie\u0142atwy do wyblakni\u0119cia\" \/>\n\t\t<meta name=\"twitter:image\" content=\"https:\/\/droix.eu\/wp-content\/uploads\/2024\/06\/droix-v2-light-logo.png\" \/>\n\t\t<script type=\"application\/ld+json\" class=\"aioseo-schema\">\n\t\t\t{\"@context\":\"https:\\\/\\\/schema.org\",\"@graph\":[{\"@type\":\"BreadcrumbList\",\"@id\":\"https:\\\/\\\/droix.eu\\\/pl\\\/product\\\/nakladki-na-kciuk-z-motywem-zwierzecym\\\/#breadcrumblist\",\"itemListElement\":[{\"@type\":\"ListItem\",\"@id\":\"https:\\\/\\\/droix.eu\\\/pl\\\/#listItem\",\"position\":1,\"name\":\"Home\",\"item\":\"https:\\\/\\\/droix.eu\\\/pl\\\/\",\"nextItem\":{\"@type\":\"ListItem\",\"@id\":\"https:\\\/\\\/droix.eu\\\/pl\\\/product-category\\\/akcesoria\\\/#listItem\",\"name\":\"Akcesoria\"}},{\"@type\":\"ListItem\",\"@id\":\"https:\\\/\\\/droix.eu\\\/pl\\\/product-category\\\/akcesoria\\\/#listItem\",\"position\":2,\"name\":\"Akcesoria\",\"item\":\"https:\\\/\\\/droix.eu\\\/pl\\\/product-category\\\/akcesoria\\\/\",\"nextItem\":{\"@type\":\"ListItem\",\"@id\":\"https:\\\/\\\/droix.eu\\\/pl\\\/product-category\\\/akcesoria\\\/akcesoria-do-gier\\\/#listItem\",\"name\":\"Akcesoria do gier\"},\"previousItem\":{\"@type\":\"ListItem\",\"@id\":\"https:\\\/\\\/droix.eu\\\/pl\\\/#listItem\",\"name\":\"Home\"}},{\"@type\":\"ListItem\",\"@id\":\"https:\\\/\\\/droix.eu\\\/pl\\\/product-category\\\/akcesoria\\\/akcesoria-do-gier\\\/#listItem\",\"position\":3,\"name\":\"Akcesoria do gier\",\"item\":\"https:\\\/\\\/droix.eu\\\/pl\\\/product-category\\\/akcesoria\\\/akcesoria-do-gier\\\/\",\"nextItem\":{\"@type\":\"ListItem\",\"@id\":\"https:\\\/\\\/droix.eu\\\/pl\\\/product\\\/nakladki-na-kciuk-z-motywem-zwierzecym\\\/#listItem\",\"name\":\"Nak\\u0142adki na kciuk z motywem zwierz\\u0119cym\"},\"previousItem\":{\"@type\":\"ListItem\",\"@id\":\"https:\\\/\\\/droix.eu\\\/pl\\\/product-category\\\/akcesoria\\\/#listItem\",\"name\":\"Akcesoria\"}},{\"@type\":\"ListItem\",\"@id\":\"https:\\\/\\\/droix.eu\\\/pl\\\/product\\\/nakladki-na-kciuk-z-motywem-zwierzecym\\\/#listItem\",\"position\":4,\"name\":\"Nak\\u0142adki na kciuk z motywem zwierz\\u0119cym\",\"previousItem\":{\"@type\":\"ListItem\",\"@id\":\"https:\\\/\\\/droix.eu\\\/pl\\\/product-category\\\/akcesoria\\\/akcesoria-do-gier\\\/#listItem\",\"name\":\"Akcesoria do gier\"}}]},{\"@type\":\"Organization\",\"@id\":\"https:\\\/\\\/droix.eu\\\/pl\\\/#organization\",\"name\":\"DroiX \\u2013 Trusted EU Tech Retailer with 12+ Years Experience\",\"description\":\"DroiX is a leading European technology retailer with over 12 years of experience, offering quality mini PCs, handheld gaming consoles, and tech accessories. We provide hassle-free EU delivery with all taxes included, ensuring a smooth and reliable shopping experience for our customers across Europe.\",\"url\":\"https:\\\/\\\/droix.eu\\\/pl\\\/\",\"logo\":{\"@type\":\"ImageObject\",\"url\":\"https:\\\/\\\/droix.eu\\\/wp-content\\\/uploads\\\/2024\\\/06\\\/droix-v2-light-logo.png\",\"@id\":\"https:\\\/\\\/droix.eu\\\/pl\\\/product\\\/nakladki-na-kciuk-z-motywem-zwierzecym\\\/#organizationLogo\",\"width\":380,\"height\":118},\"image\":{\"@id\":\"https:\\\/\\\/droix.eu\\\/pl\\\/product\\\/nakladki-na-kciuk-z-motywem-zwierzecym\\\/#organizationLogo\"},\"sameAs\":[\"https:\\\/\\\/www.facebook.com\\\/DroiX.Store\",\"https:\\\/\\\/twitter.com\\\/DroiX_Store\",\"https:\\\/\\\/www.instagram.com\\\/droix.store\\\/\",\"https:\\\/\\\/www.tiktok.com\\\/@droix.store\",\"https:\\\/\\\/www.youtube.com\\\/c\\\/DroiX_Store\",\"https:\\\/\\\/uk.linkedin.com\\\/company\\\/droix\"]},{\"@type\":\"Product\",\"@id\":\"https:\\\/\\\/droix.eu\\\/pl\\\/product\\\/nakladki-na-kciuk-z-motywem-zwierzecym\\\/#wooCommerceProduct\",\"name\":\"Nak\\u0142adki na kciuk z motywem zwierz\\u0119cym\",\"description\":\"Wykonany z mi\\u0119kkiego materia\\u0142u silikonowego\\n \\tOchrona dr\\u0105\\u017cka analogowego\\n \\tBardzo przyjemny w dotyku\\n \\tNie\\u0142atwe do odkszta\\u0142cenia\\n \\tNietoksyczny i nie\\u0142atwy do wyblakni\\u0119cia\",\"url\":\"https:\\\/\\\/droix.eu\\\/pl\\\/product\\\/nakladki-na-kciuk-z-motywem-zwierzecym\\\/\",\"sku\":\"ANIMAL-THUMB-STICK-CAPS\",\"gtin\":\"5060763673601\",\"image\":{\"@type\":\"ImageObject\",\"url\":\"https:\\\/\\\/droix.eu\\\/wp-content\\\/uploads\\\/2022\\\/11\\\/ANIMAL-THUMB-STICK-CAPS-IMAGE-1.png\",\"@id\":\"https:\\\/\\\/droix.eu\\\/pl\\\/product\\\/nakladki-na-kciuk-z-motywem-zwierzecym\\\/#productImage\",\"width\":900,\"height\":1200},\"offers\":{\"@type\":\"Offer\",\"url\":\"https:\\\/\\\/droix.eu\\\/pl\\\/product\\\/nakladki-na-kciuk-z-motywem-zwierzecym\\\/#wooCommerceOffer\",\"price\":12.24,\"priceCurrency\":\"EUR\",\"category\":\"Akcesoria\",\"availability\":\"https:\\\/\\\/schema.org\\\/InStock\",\"priceSpecification\":{\"@type\":\"PriceSpecification\",\"price\":12.24,\"priceCurrency\":\"EUR\",\"valueAddedTaxIncluded\":\"true\"},\"seller\":{\"@type\":\"Organization\",\"@id\":\"https:\\\/\\\/droix.eu\\\/pl\\\/#organization\"}}},{\"@type\":\"WebPage\",\"@id\":\"https:\\\/\\\/droix.eu\\\/pl\\\/product\\\/nakladki-na-kciuk-z-motywem-zwierzecym\\\/#webpage\",\"url\":\"https:\\\/\\\/droix.eu\\\/pl\\\/product\\\/nakladki-na-kciuk-z-motywem-zwierzecym\\\/\",\"name\":\"Nak\\u0142adki na kciuk z motywem zwierz\\u0119cym - DROIX EU\",\"description\":\"Wykonany z mi\\u0119kkiego materia\\u0142u silikonowego Ochrona dr\\u0105\\u017cka analogowego Bardzo przyjemny w dotyku Nie\\u0142atwe do odkszta\\u0142cenia Nietoksyczny i nie\\u0142atwy do wyblakni\\u0119cia\",\"inLanguage\":\"pl-PL\",\"isPartOf\":{\"@id\":\"https:\\\/\\\/droix.eu\\\/pl\\\/#website\"},\"breadcrumb\":{\"@id\":\"https:\\\/\\\/droix.eu\\\/pl\\\/product\\\/nakladki-na-kciuk-z-motywem-zwierzecym\\\/#breadcrumblist\"},\"image\":{\"@type\":\"ImageObject\",\"url\":\"https:\\\/\\\/droix.eu\\\/wp-content\\\/uploads\\\/2022\\\/11\\\/ANIMAL-THUMB-STICK-CAPS-IMAGE-1.png\",\"@id\":\"https:\\\/\\\/droix.eu\\\/pl\\\/product\\\/nakladki-na-kciuk-z-motywem-zwierzecym\\\/#mainImage\",\"width\":900,\"height\":1200},\"primaryImageOfPage\":{\"@id\":\"https:\\\/\\\/droix.eu\\\/pl\\\/product\\\/nakladki-na-kciuk-z-motywem-zwierzecym\\\/#mainImage\"},\"datePublished\":\"2022-11-11T11:44:32+00:00\",\"dateModified\":\"2026-03-28T08:30:59+00:00\"},{\"@type\":\"WebSite\",\"@id\":\"https:\\\/\\\/droix.eu\\\/pl\\\/#website\",\"url\":\"https:\\\/\\\/droix.eu\\\/pl\\\/\",\"name\":\"DROIX EU\",\"description\":\"Get the latest Mini PCs, Ultrabook, PC Gaming Handhelds and more!\",\"inLanguage\":\"pl-PL\",\"publisher\":{\"@id\":\"https:\\\/\\\/droix.eu\\\/pl\\\/#organization\"}}]}\n\t\t<\/script>\n\t\t<!-- All in One SEO Pro -->\r\n\t\t<title>Nak\u0142adki na kciuk z motywem zwierz\u0119cym - DROIX EU<\/title>\n\n","aioseo_head_json":{"title":"Nak\u0142adki na kciuk z motywem zwierz\u0119cym - DROIX EU","description":"Wykonany z mi\u0119kkiego materia\u0142u silikonowego Ochrona dr\u0105\u017cka analogowego Bardzo przyjemny w dotyku Nie\u0142atwe do odkszta\u0142cenia Nietoksyczny i nie\u0142atwy do wyblakni\u0119cia","canonical_url":"https:\/\/droix.eu\/pl\/product\/nakladki-na-kciuk-z-motywem-zwierzecym\/","robots":"max-image-preview:large","keywords":"","webmasterTools":{"miscellaneous":""},"schema":{"@context":"https:\/\/schema.org","@graph":[{"@type":"BreadcrumbList","@id":"https:\/\/droix.eu\/pl\/product\/nakladki-na-kciuk-z-motywem-zwierzecym\/#breadcrumblist","itemListElement":[{"@type":"ListItem","@id":"https:\/\/droix.eu\/pl\/#listItem","position":1,"name":"Home","item":"https:\/\/droix.eu\/pl\/","nextItem":{"@type":"ListItem","@id":"https:\/\/droix.eu\/pl\/product-category\/akcesoria\/#listItem","name":"Akcesoria"}},{"@type":"ListItem","@id":"https:\/\/droix.eu\/pl\/product-category\/akcesoria\/#listItem","position":2,"name":"Akcesoria","item":"https:\/\/droix.eu\/pl\/product-category\/akcesoria\/","nextItem":{"@type":"ListItem","@id":"https:\/\/droix.eu\/pl\/product-category\/akcesoria\/akcesoria-do-gier\/#listItem","name":"Akcesoria do gier"},"previousItem":{"@type":"ListItem","@id":"https:\/\/droix.eu\/pl\/#listItem","name":"Home"}},{"@type":"ListItem","@id":"https:\/\/droix.eu\/pl\/product-category\/akcesoria\/akcesoria-do-gier\/#listItem","position":3,"name":"Akcesoria do gier","item":"https:\/\/droix.eu\/pl\/product-category\/akcesoria\/akcesoria-do-gier\/","nextItem":{"@type":"ListItem","@id":"https:\/\/droix.eu\/pl\/product\/nakladki-na-kciuk-z-motywem-zwierzecym\/#listItem","name":"Nak\u0142adki na kciuk z motywem zwierz\u0119cym"},"previousItem":{"@type":"ListItem","@id":"https:\/\/droix.eu\/pl\/product-category\/akcesoria\/#listItem","name":"Akcesoria"}},{"@type":"ListItem","@id":"https:\/\/droix.eu\/pl\/product\/nakladki-na-kciuk-z-motywem-zwierzecym\/#listItem","position":4,"name":"Nak\u0142adki na kciuk z motywem zwierz\u0119cym","previousItem":{"@type":"ListItem","@id":"https:\/\/droix.eu\/pl\/product-category\/akcesoria\/akcesoria-do-gier\/#listItem","name":"Akcesoria do gier"}}]},{"@type":"Organization","@id":"https:\/\/droix.eu\/pl\/#organization","name":"DroiX \u2013 Trusted EU Tech Retailer with 12+ Years Experience","description":"DroiX is a leading European technology retailer with over 12 years of experience, offering quality mini PCs, handheld gaming consoles, and tech accessories. We provide hassle-free EU delivery with all taxes included, ensuring a smooth and reliable shopping experience for our customers across Europe.","url":"https:\/\/droix.eu\/pl\/","logo":{"@type":"ImageObject","url":"https:\/\/droix.eu\/wp-content\/uploads\/2024\/06\/droix-v2-light-logo.png","@id":"https:\/\/droix.eu\/pl\/product\/nakladki-na-kciuk-z-motywem-zwierzecym\/#organizationLogo","width":380,"height":118},"image":{"@id":"https:\/\/droix.eu\/pl\/product\/nakladki-na-kciuk-z-motywem-zwierzecym\/#organizationLogo"},"sameAs":["https:\/\/www.facebook.com\/DroiX.Store","https:\/\/twitter.com\/DroiX_Store","https:\/\/www.instagram.com\/droix.store\/","https:\/\/www.tiktok.com\/@droix.store","https:\/\/www.youtube.com\/c\/DroiX_Store","https:\/\/uk.linkedin.com\/company\/droix"]},{"@type":"Product","@id":"https:\/\/droix.eu\/pl\/product\/nakladki-na-kciuk-z-motywem-zwierzecym\/#wooCommerceProduct","name":"Nak\u0142adki na kciuk z motywem zwierz\u0119cym","description":"Wykonany z mi\u0119kkiego materia\u0142u silikonowego\n \tOchrona dr\u0105\u017cka analogowego\n \tBardzo przyjemny w dotyku\n \tNie\u0142atwe do odkszta\u0142cenia\n \tNietoksyczny i nie\u0142atwy do wyblakni\u0119cia","url":"https:\/\/droix.eu\/pl\/product\/nakladki-na-kciuk-z-motywem-zwierzecym\/","sku":"ANIMAL-THUMB-STICK-CAPS","gtin":"5060763673601","image":{"@type":"ImageObject","url":"https:\/\/droix.eu\/wp-content\/uploads\/2022\/11\/ANIMAL-THUMB-STICK-CAPS-IMAGE-1.png","@id":"https:\/\/droix.eu\/pl\/product\/nakladki-na-kciuk-z-motywem-zwierzecym\/#productImage","width":900,"height":1200},"offers":{"@type":"Offer","url":"https:\/\/droix.eu\/pl\/product\/nakladki-na-kciuk-z-motywem-zwierzecym\/#wooCommerceOffer","price":12.24,"priceCurrency":"EUR","category":"Akcesoria","availability":"https:\/\/schema.org\/InStock","priceSpecification":{"@type":"PriceSpecification","price":12.24,"priceCurrency":"EUR","valueAddedTaxIncluded":"true"},"seller":{"@type":"Organization","@id":"https:\/\/droix.eu\/pl\/#organization"}}},{"@type":"WebPage","@id":"https:\/\/droix.eu\/pl\/product\/nakladki-na-kciuk-z-motywem-zwierzecym\/#webpage","url":"https:\/\/droix.eu\/pl\/product\/nakladki-na-kciuk-z-motywem-zwierzecym\/","name":"Nak\u0142adki na kciuk z motywem zwierz\u0119cym - DROIX EU","description":"Wykonany z mi\u0119kkiego materia\u0142u silikonowego Ochrona dr\u0105\u017cka analogowego Bardzo przyjemny w dotyku Nie\u0142atwe do odkszta\u0142cenia Nietoksyczny i nie\u0142atwy do wyblakni\u0119cia","inLanguage":"pl-PL","isPartOf":{"@id":"https:\/\/droix.eu\/pl\/#website"},"breadcrumb":{"@id":"https:\/\/droix.eu\/pl\/product\/nakladki-na-kciuk-z-motywem-zwierzecym\/#breadcrumblist"},"image":{"@type":"ImageObject","url":"https:\/\/droix.eu\/wp-content\/uploads\/2022\/11\/ANIMAL-THUMB-STICK-CAPS-IMAGE-1.png","@id":"https:\/\/droix.eu\/pl\/product\/nakladki-na-kciuk-z-motywem-zwierzecym\/#mainImage","width":900,"height":1200},"primaryImageOfPage":{"@id":"https:\/\/droix.eu\/pl\/product\/nakladki-na-kciuk-z-motywem-zwierzecym\/#mainImage"},"datePublished":"2022-11-11T11:44:32+00:00","dateModified":"2026-03-28T08:30:59+00:00"},{"@type":"WebSite","@id":"https:\/\/droix.eu\/pl\/#website","url":"https:\/\/droix.eu\/pl\/","name":"DROIX EU","description":"Get the latest Mini PCs, Ultrabook, PC Gaming Handhelds and more!","inLanguage":"pl-PL","publisher":{"@id":"https:\/\/droix.eu\/pl\/#organization"}}]},"og:locale":"pl_PL","og:site_name":"DROIX EU - Get the latest Mini PCs, Ultrabook, PC Gaming Handhelds and more!","og:type":"article","og:title":"Nak\u0142adki na kciuk z motywem zwierz\u0119cym - DROIX EU","og:description":"Wykonany z mi\u0119kkiego materia\u0142u silikonowego Ochrona dr\u0105\u017cka analogowego Bardzo przyjemny w dotyku Nie\u0142atwe do odkszta\u0142cenia Nietoksyczny i nie\u0142atwy do wyblakni\u0119cia","og:url":"https:\/\/droix.eu\/pl\/product\/nakladki-na-kciuk-z-motywem-zwierzecym\/","og:image":"https:\/\/droix.eu\/wp-content\/uploads\/2024\/06\/droix-v2-light-logo.png","og:image:secure_url":"https:\/\/droix.eu\/wp-content\/uploads\/2024\/06\/droix-v2-light-logo.png","og:image:width":380,"og:image:height":118,"article:published_time":"2022-11-11T11:44:32+00:00","article:modified_time":"2026-03-28T08:30:59+00:00","article:publisher":"https:\/\/www.facebook.com\/DroiX.Store","twitter:card":"summary_large_image","twitter:site":"@DroiX_Store","twitter:title":"Nak\u0142adki na kciuk z motywem zwierz\u0119cym - DROIX EU","twitter:description":"Wykonany z mi\u0119kkiego materia\u0142u silikonowego Ochrona dr\u0105\u017cka analogowego Bardzo przyjemny w dotyku Nie\u0142atwe do odkszta\u0142cenia Nietoksyczny i nie\u0142atwy do wyblakni\u0119cia","twitter:image":"https:\/\/droix.eu\/wp-content\/uploads\/2024\/06\/droix-v2-light-logo.png"},"aioseo_meta_data":{"post_id":"523608","title":null,"description":null,"keywords":null,"keyphrases":{"focus":{"keyphrase":"","score":0,"analysis":{"keyphraseInTitle":{"score":0,"maxScore":9,"error":1}}},"additional":[]},"primary_term":null,"canonical_url":null,"og_title":null,"og_description":null,"og_object_type":"default","og_image_type":"default","og_image_url":null,"og_image_width":null,"og_image_height":null,"og_image_custom_url":null,"og_image_custom_fields":null,"og_video":"","og_custom_url":null,"og_article_section":null,"og_article_tags":null,"twitter_use_og":true,"twitter_card":"default","twitter_image_type":"default","twitter_image_url":null,"twitter_image_custom_url":null,"twitter_image_custom_fields":null,"twitter_title":null,"twitter_description":null,"schema":{"blockGraphs":[],"customGraphs":[],"default":{"data":{"Article":[],"Course":[],"Dataset":[],"FAQPage":[],"Movie":[],"Person":[],"Product":[],"ProductReview":[],"Car":[],"Recipe":[],"Service":[],"SoftwareApplication":[],"WebPage":[]},"graphName":"Product","isEnabled":true},"graphs":[]},"schema_type":"default","schema_type_options":null,"pillar_content":false,"robots_default":true,"robots_noindex":false,"robots_noarchive":false,"robots_nosnippet":false,"robots_nofollow":false,"robots_noimageindex":false,"robots_noodp":false,"robots_notranslate":false,"robots_max_snippet":"-1","robots_max_videopreview":"-1","robots_max_imagepreview":"large","priority":null,"frequency":"default","local_seo":null,"seo_analyzer_scan_date":null,"breadcrumb_settings":null,"limit_modified_date":false,"reviewed_by":null,"open_ai":null,"ai":{"faqs":[],"keyPoints":[],"titles":[],"descriptions":[],"socialPosts":{"email":[],"linkedin":[],"twitter":[],"facebook":[],"instagram":[]}},"created":"2025-10-09 04:02:58","updated":"2026-03-28 11:26:08"},"aioseo_breadcrumb":"<div class=\"aioseo-breadcrumbs\"><span class=\"aioseo-breadcrumb\">\n\t<a href=\"https:\/\/droix.eu\/pl\/\" title=\"Home\">Home<\/a>\n<\/span><span class=\"aioseo-breadcrumb-separator\">&raquo;<\/span><span class=\"aioseo-breadcrumb\">\n\t<a href=\"https:\/\/droix.eu\/pl\/product-category\/akcesoria\/\" title=\"Akcesoria\">Akcesoria<\/a>\n<\/span><span class=\"aioseo-breadcrumb-separator\">&raquo;<\/span><span class=\"aioseo-breadcrumb\">\n\t<a href=\"https:\/\/droix.eu\/pl\/product-category\/akcesoria\/akcesoria-do-gier\/\" title=\"Akcesoria do gier\">Akcesoria do gier<\/a>\n<\/span><span class=\"aioseo-breadcrumb-separator\">&raquo;<\/span><span class=\"aioseo-breadcrumb\">\n\tNak\u0142adki na kciuk z motywem zwierz\u0119cym\n<\/span><\/div>","aioseo_breadcrumb_json":[{"label":"Home","link":"https:\/\/droix.eu\/pl\/"},{"label":"Akcesoria","link":"https:\/\/droix.eu\/pl\/product-category\/akcesoria\/"},{"label":"Akcesoria do gier","link":"https:\/\/droix.eu\/pl\/product-category\/akcesoria\/akcesoria-do-gier\/"},{"label":"Nak\u0142adki na kciuk z motywem zwierz\u0119cym","link":"https:\/\/droix.eu\/pl\/product\/nakladki-na-kciuk-z-motywem-zwierzecym\/"}],"_links":{"self":[{"href":"https:\/\/droix.eu\/pl\/wp-json\/wp\/v2\/product\/523608","targetHints":{"allow":["GET"]}}],"collection":[{"href":"https:\/\/droix.eu\/pl\/wp-json\/wp\/v2\/product"}],"about":[{"href":"https:\/\/droix.eu\/pl\/wp-json\/wp\/v2\/types\/product"}],"version-history":[{"count":0,"href":"https:\/\/droix.eu\/pl\/wp-json\/wp\/v2\/product\/523608\/revisions"}],"wp:featuredmedia":[{"embeddable":true,"href":"https:\/\/droix.eu\/pl\/wp-json\/wp\/v2\/media\/702983"}],"wp:attachment":[{"href":"https:\/\/droix.eu\/pl\/wp-json\/wp\/v2\/media?parent=523608"}],"wp:term":[{"taxonomy":"product_brand","embeddable":true,"href":"https:\/\/droix.eu\/pl\/wp-json\/wp\/v2\/product_brand?post=523608"},{"taxonomy":"product_cat","embeddable":true,"href":"https:\/\/droix.eu\/pl\/wp-json\/wp\/v2\/product_cat?post=523608"},{"taxonomy":"product_tag","embeddable":true,"href":"https:\/\/droix.eu\/pl\/wp-json\/wp\/v2\/product_tag?post=523608"},{"taxonomy":"woo-feed-brand","embeddable":true,"href":"https:\/\/droix.eu\/pl\/wp-json\/wp\/v2\/woo-feed-brand?post=523608"},{"taxonomy":"key-features","embeddable":true,"href":"https:\/\/droix.eu\/pl\/wp-json\/wp\/v2\/key-features?post=523608"}],"curies":[{"name":"wp","href":"https:\/\/api.w.org\/{rel}","templated":true}]}}