{"id":523495,"date":"2022-11-08T16:39:00","date_gmt":"2022-11-08T16:39:00","guid":{"rendered":"https:\/\/droix.eu\/product\/gpd-win-max-2-2024-4g-lte-add-on\/"},"modified":"2025-12-15T00:04:12","modified_gmt":"2025-12-15T00:04:12","slug":"gpd-win-max-2-2024-4g-lte-add-on","status":"publish","type":"product","link":"https:\/\/droix.eu\/pl\/product\/gpd-win-max-2-2024-4g-lte-add-on\/","title":{"rendered":"GPD WIN MAX 2 \/ 2024 4G LTE Add-on"},"content":{"rendered":"&#13;\n<p>Przedstawiamy najnowszy modu\u0142 4G LTE dla <a href=\"https:\/\/droix.eu\/pl\/product\/gpd-win-max-2\/\">GPD WIN MAX 2<\/a> \/ <a href=\"https:\/\/droix.eu\/pl\/product\/gpd-win-max-2-2024\/\">GPD WIN MAX 2 2024<\/a>. Ten rewolucyjny dodatek pozwala entuzjastom gier cieszy\u0107 si\u0119 nieprzerwanymi sesjami gamingowymi w dowolnym miejscu i czasie, dzi\u0119ki p\u0142ynnej \u0142\u0105czno\u015bci 4G i wsparciu operatora. <\/p>&#13;\n&#13;\n<p>Opracowany w odpowiedzi na potrzeby u\u017cytkownik\u00f3w i skrupulatnie zaprojektowany w celu przezwyci\u0119\u017cenia ogranicze\u0144 technicznych, ten modu\u0142 4G LTE obs\u0142uguje sieci 4G TD-LTE, FDD-LTE i 3G CDMA, zapewniaj\u0105c wydajno\u015b\u0107 por\u00f3wnywaln\u0105 z g\u0142\u00f3wnymi laptopami. Jego integracja z seri\u0105 WIN Max 2 2024 otwiera \u015bwiat z\u0142o\u017conych scenariuszy gier, wcze\u015bniej niedost\u0119pnych na urz\u0105dzeniach przeno\u015bnych. <\/p>&#13;\n","protected":false},"excerpt":{"rendered":"<ul>\n<li><strong>P\u0142ynna \u0142\u0105czno\u015b\u0107 4G:<\/strong> Graj w dowolnym miejscu i czasie.<\/li>\n<li><strong>Zaawansowana obs\u0142uga sieci:<\/strong> 4G TD-LTE, FDD-LTE, 3G CDMA.<\/li>\n<li><strong>Oficjalny:<\/strong> Zaprojektowane przez GPD dla Win Max 2 i Win Max 2 2024<\/li>\n<li><strong>Model:<\/strong> Quectel EG25-G<\/li>\n<\/ul>\n<pre>\n<b>IMPORTANT<\/b>\nINSTALATION REQUIRES OPENING DEVICE\nCOMPONENTS ARE SMALL &amp; DELICATE\nWE ARE NOT RESPONSIBLE FOR ANY CUSTOMER DAMAGE<\/pre>\n[droix_global_accordions]\n[cg_accordion title=\"Pakiet zawiera\"]<\/p>\n<ul>\n<li>1x Modu\u0142 GPD WIN MAX 2 4G LTE<\/li>\n<li>3x \u015aruby<\/li>\n<li>2x Anteny<\/li>\n<li>1x Kabel<\/li>\n<\/ul>\n<p>[\/cg_accordion]\n","protected":false},"featured_media":439050,"template":"","meta":{"_acf_changed":false},"product_brand":[],"product_cat":[13349,13350,13389],"product_tag":[],"woo-feed-brand":[],"key-features":[],"class_list":{"0":"post-523495","1":"product","2":"type-product","3":"status-publish","4":"has-post-thumbnail","6":"product_cat-akcesoria","7":"product_cat-akcesoria-do-gier","8":"product_cat-akcesoria-do-laptopow","9":"product_shipping_class-low-end","10":"pa_accessory-type-add-ons","11":"pa_brands-gpd-pl","12":"pa_compatibility-gpd-win-max-2-pl","14":"first","15":"outofstock","16":"sale","17":"taxable","18":"shipping-taxable","19":"purchasable","20":"product-type-simple"},"acf":[],"aioseo_notices":[],"aioseo_head":"\n\t\t<!-- All in One SEO Pro 4.9.6.2 - aioseo.com -->\n\t<meta name=\"description\" content=\"P\u0142ynna \u0142\u0105czno\u015b\u0107 4G: Graj w dowolnym miejscu i czasie. Zaawansowana obs\u0142uga sieci: 4G TD-LTE, FDD-LTE, 3G CDMA. Oficjalny: Zaprojektowane przez GPD dla Win Max 2 i Win Max 2 2024 Model: Quectel EG25-G IMPORTANT INSTALATION REQUIRES OPENING DEVICE COMPONENTS ARE SMALL &amp; DELICATE WE ARE NOT RESPONSIBLE FOR ANY CUSTOMER DAMAGE Pakiet zawiera 1x Modu\u0142 GPD WIN MAX 2 4G LTE 3x \u015aruby 2x Anteny 1x Kabel\" \/>\n\t<meta name=\"robots\" content=\"max-image-preview:large\" \/>\n\t<link rel=\"canonical\" href=\"https:\/\/droix.eu\/pl\/product\/gpd-win-max-2-2024-4g-lte-add-on\/\" \/>\n\t<meta name=\"generator\" content=\"All in One SEO Pro (AIOSEO) 4.9.6.2\" \/>\n\t\t<meta property=\"og:locale\" content=\"pl_PL\" \/>\n\t\t<meta property=\"og:site_name\" content=\"DROIX EU - Get the latest Mini PCs, Ultrabook, PC Gaming Handhelds and more!\" \/>\n\t\t<meta property=\"og:type\" content=\"article\" \/>\n\t\t<meta property=\"og:title\" content=\"GPD WIN MAX 2 \/ 2024 4G LTE Add-on - DROIX EU\" \/>\n\t\t<meta property=\"og:description\" content=\"P\u0142ynna \u0142\u0105czno\u015b\u0107 4G: Graj w dowolnym miejscu i czasie. Zaawansowana obs\u0142uga sieci: 4G TD-LTE, FDD-LTE, 3G CDMA. Oficjalny: Zaprojektowane przez GPD dla Win Max 2 i Win Max 2 2024 Model: Quectel EG25-G IMPORTANT INSTALATION REQUIRES OPENING DEVICE COMPONENTS ARE SMALL &amp; DELICATE WE ARE NOT RESPONSIBLE FOR ANY CUSTOMER DAMAGE Pakiet zawiera 1x Modu\u0142 GPD WIN MAX 2 4G LTE 3x \u015aruby 2x Anteny 1x Kabel\" \/>\n\t\t<meta property=\"og:url\" content=\"https:\/\/droix.eu\/pl\/product\/gpd-win-max-2-2024-4g-lte-add-on\/\" \/>\n\t\t<meta property=\"og:image\" content=\"https:\/\/droix.eu\/wp-content\/uploads\/2024\/06\/droix-v2-light-logo.png\" \/>\n\t\t<meta property=\"og:image:secure_url\" content=\"https:\/\/droix.eu\/wp-content\/uploads\/2024\/06\/droix-v2-light-logo.png\" \/>\n\t\t<meta property=\"og:image:width\" content=\"380\" \/>\n\t\t<meta property=\"og:image:height\" content=\"118\" \/>\n\t\t<meta property=\"article:published_time\" content=\"2022-11-08T16:39:00+00:00\" \/>\n\t\t<meta property=\"article:modified_time\" content=\"2025-12-15T00:04:12+00:00\" \/>\n\t\t<meta property=\"article:publisher\" content=\"https:\/\/www.facebook.com\/DroiX.Store\" \/>\n\t\t<meta name=\"twitter:card\" content=\"summary_large_image\" \/>\n\t\t<meta name=\"twitter:site\" content=\"@DroiX_Store\" \/>\n\t\t<meta name=\"twitter:title\" content=\"GPD WIN MAX 2 \/ 2024 4G LTE Add-on - DROIX EU\" \/>\n\t\t<meta name=\"twitter:description\" content=\"P\u0142ynna \u0142\u0105czno\u015b\u0107 4G: Graj w dowolnym miejscu i czasie. Zaawansowana obs\u0142uga sieci: 4G TD-LTE, FDD-LTE, 3G CDMA. Oficjalny: Zaprojektowane przez GPD dla Win Max 2 i Win Max 2 2024 Model: Quectel EG25-G IMPORTANT INSTALATION REQUIRES OPENING DEVICE COMPONENTS ARE SMALL &amp; DELICATE WE ARE NOT RESPONSIBLE FOR ANY CUSTOMER DAMAGE Pakiet zawiera 1x Modu\u0142 GPD WIN MAX 2 4G LTE 3x \u015aruby 2x Anteny 1x Kabel\" \/>\n\t\t<meta name=\"twitter:image\" content=\"https:\/\/droix.eu\/wp-content\/uploads\/2024\/06\/droix-v2-light-logo.png\" \/>\n\t\t<script type=\"application\/ld+json\" class=\"aioseo-schema\">\n\t\t\t{\"@context\":\"https:\\\/\\\/schema.org\",\"@graph\":[{\"@type\":\"BreadcrumbList\",\"@id\":\"https:\\\/\\\/droix.eu\\\/pl\\\/product\\\/gpd-win-max-2-2024-4g-lte-add-on\\\/#breadcrumblist\",\"itemListElement\":[{\"@type\":\"ListItem\",\"@id\":\"https:\\\/\\\/droix.eu\\\/pl\\\/#listItem\",\"position\":1,\"name\":\"Home\",\"item\":\"https:\\\/\\\/droix.eu\\\/pl\\\/\",\"nextItem\":{\"@type\":\"ListItem\",\"@id\":\"https:\\\/\\\/droix.eu\\\/pl\\\/product-category\\\/akcesoria\\\/#listItem\",\"name\":\"Akcesoria\"}},{\"@type\":\"ListItem\",\"@id\":\"https:\\\/\\\/droix.eu\\\/pl\\\/product-category\\\/akcesoria\\\/#listItem\",\"position\":2,\"name\":\"Akcesoria\",\"item\":\"https:\\\/\\\/droix.eu\\\/pl\\\/product-category\\\/akcesoria\\\/\",\"nextItem\":{\"@type\":\"ListItem\",\"@id\":\"https:\\\/\\\/droix.eu\\\/pl\\\/product-category\\\/akcesoria\\\/akcesoria-do-gier\\\/#listItem\",\"name\":\"Akcesoria do gier\"},\"previousItem\":{\"@type\":\"ListItem\",\"@id\":\"https:\\\/\\\/droix.eu\\\/pl\\\/#listItem\",\"name\":\"Home\"}},{\"@type\":\"ListItem\",\"@id\":\"https:\\\/\\\/droix.eu\\\/pl\\\/product-category\\\/akcesoria\\\/akcesoria-do-gier\\\/#listItem\",\"position\":3,\"name\":\"Akcesoria do gier\",\"item\":\"https:\\\/\\\/droix.eu\\\/pl\\\/product-category\\\/akcesoria\\\/akcesoria-do-gier\\\/\",\"nextItem\":{\"@type\":\"ListItem\",\"@id\":\"https:\\\/\\\/droix.eu\\\/pl\\\/product\\\/gpd-win-max-2-2024-4g-lte-add-on\\\/#listItem\",\"name\":\"GPD WIN MAX 2 \\\/ 2024 4G LTE Add-on\"},\"previousItem\":{\"@type\":\"ListItem\",\"@id\":\"https:\\\/\\\/droix.eu\\\/pl\\\/product-category\\\/akcesoria\\\/#listItem\",\"name\":\"Akcesoria\"}},{\"@type\":\"ListItem\",\"@id\":\"https:\\\/\\\/droix.eu\\\/pl\\\/product\\\/gpd-win-max-2-2024-4g-lte-add-on\\\/#listItem\",\"position\":4,\"name\":\"GPD WIN MAX 2 \\\/ 2024 4G LTE Add-on\",\"previousItem\":{\"@type\":\"ListItem\",\"@id\":\"https:\\\/\\\/droix.eu\\\/pl\\\/product-category\\\/akcesoria\\\/akcesoria-do-gier\\\/#listItem\",\"name\":\"Akcesoria do gier\"}}]},{\"@type\":\"Organization\",\"@id\":\"https:\\\/\\\/droix.eu\\\/pl\\\/#organization\",\"name\":\"DroiX \\u2013 Trusted EU Tech Retailer with 12+ Years Experience\",\"description\":\"DroiX is a leading European technology retailer with over 12 years of experience, offering quality mini PCs, handheld gaming consoles, and tech accessories. We provide hassle-free EU delivery with all taxes included, ensuring a smooth and reliable shopping experience for our customers across Europe.\",\"url\":\"https:\\\/\\\/droix.eu\\\/pl\\\/\",\"logo\":{\"@type\":\"ImageObject\",\"url\":\"https:\\\/\\\/droix.eu\\\/wp-content\\\/uploads\\\/2024\\\/06\\\/droix-v2-light-logo.png\",\"@id\":\"https:\\\/\\\/droix.eu\\\/pl\\\/product\\\/gpd-win-max-2-2024-4g-lte-add-on\\\/#organizationLogo\",\"width\":380,\"height\":118},\"image\":{\"@id\":\"https:\\\/\\\/droix.eu\\\/pl\\\/product\\\/gpd-win-max-2-2024-4g-lte-add-on\\\/#organizationLogo\"},\"sameAs\":[\"https:\\\/\\\/www.facebook.com\\\/DroiX.Store\",\"https:\\\/\\\/twitter.com\\\/DroiX_Store\",\"https:\\\/\\\/www.instagram.com\\\/droix.store\\\/\",\"https:\\\/\\\/www.tiktok.com\\\/@droix.store\",\"https:\\\/\\\/www.youtube.com\\\/c\\\/DroiX_Store\",\"https:\\\/\\\/uk.linkedin.com\\\/company\\\/droix\"]},{\"@type\":\"Product\",\"@id\":\"https:\\\/\\\/droix.eu\\\/pl\\\/product\\\/gpd-win-max-2-2024-4g-lte-add-on\\\/#wooCommerceProduct\",\"name\":\"GPD WIN MAX 2 \\\/ 2024 4G LTE Add-on\",\"description\":\"P\\u0142ynna \\u0142\\u0105czno\\u015b\\u0107 4G: Graj w dowolnym miejscu i czasie.\\n \\tZaawansowana obs\\u0142uga sieci: 4G TD-LTE, FDD-LTE, 3G CDMA.\\n \\tOficjalny: Zaprojektowane przez GPD dla Win Max 2 i Win Max 2 2024\\n \\tModel: Quectel EG25-G\\n\\n\\n\\nIMPORTANT\\nINSTALATION REQUIRES OPENING DEVICE\\nCOMPONENTS ARE SMALL &amp; DELICATE\\nWE ARE NOT RESPONSIBLE FOR ANY CUSTOMER DAMAGE\",\"url\":\"https:\\\/\\\/droix.eu\\\/pl\\\/product\\\/gpd-win-max-2-2024-4g-lte-add-on\\\/\",\"sku\":\"GPD-WIN_MAX_2-4G_LTE_Module\",\"gtin\":\"5060763673656\",\"image\":{\"@type\":\"ImageObject\",\"url\":\"https:\\\/\\\/droix.eu\\\/wp-content\\\/uploads\\\/2022\\\/11\\\/GPD-WIN-MAX-2-LTE-1.png\",\"@id\":\"https:\\\/\\\/droix.eu\\\/pl\\\/product\\\/gpd-win-max-2-2024-4g-lte-add-on\\\/#productImage\",\"width\":622,\"height\":622,\"caption\":\"GPD WIN MAX 2 4G LTE Add-on\"},\"offers\":{\"@type\":\"Offer\",\"url\":\"https:\\\/\\\/droix.eu\\\/pl\\\/product\\\/gpd-win-max-2-2024-4g-lte-add-on\\\/#wooCommerceOffer\",\"price\":97.11,\"priceCurrency\":\"EUR\",\"category\":\"Akcesoria\",\"availability\":\"https:\\\/\\\/schema.org\\\/OutOfStock\",\"priceSpecification\":{\"@type\":\"PriceSpecification\",\"price\":97.11,\"priceCurrency\":\"EUR\",\"valueAddedTaxIncluded\":\"true\"},\"seller\":{\"@type\":\"Organization\",\"@id\":\"https:\\\/\\\/droix.eu\\\/pl\\\/#organization\"}}},{\"@type\":\"WebPage\",\"@id\":\"https:\\\/\\\/droix.eu\\\/pl\\\/product\\\/gpd-win-max-2-2024-4g-lte-add-on\\\/#webpage\",\"url\":\"https:\\\/\\\/droix.eu\\\/pl\\\/product\\\/gpd-win-max-2-2024-4g-lte-add-on\\\/\",\"name\":\"GPD WIN MAX 2 \\\/ 2024 4G LTE Add-on - DROIX EU\",\"description\":\"P\\u0142ynna \\u0142\\u0105czno\\u015b\\u0107 4G: Graj w dowolnym miejscu i czasie. Zaawansowana obs\\u0142uga sieci: 4G TD-LTE, FDD-LTE, 3G CDMA. Oficjalny: Zaprojektowane przez GPD dla Win Max 2 i Win Max 2 2024 Model: Quectel EG25-G IMPORTANT INSTALATION REQUIRES OPENING DEVICE COMPONENTS ARE SMALL & DELICATE WE ARE NOT RESPONSIBLE FOR ANY CUSTOMER DAMAGE Pakiet zawiera 1x Modu\\u0142 GPD WIN MAX 2 4G LTE 3x \\u015aruby 2x Anteny 1x Kabel\",\"inLanguage\":\"pl-PL\",\"isPartOf\":{\"@id\":\"https:\\\/\\\/droix.eu\\\/pl\\\/#website\"},\"breadcrumb\":{\"@id\":\"https:\\\/\\\/droix.eu\\\/pl\\\/product\\\/gpd-win-max-2-2024-4g-lte-add-on\\\/#breadcrumblist\"},\"image\":{\"@type\":\"ImageObject\",\"url\":\"https:\\\/\\\/droix.eu\\\/wp-content\\\/uploads\\\/2022\\\/11\\\/GPD-WIN-MAX-2-LTE-1.png\",\"@id\":\"https:\\\/\\\/droix.eu\\\/pl\\\/product\\\/gpd-win-max-2-2024-4g-lte-add-on\\\/#mainImage\",\"width\":622,\"height\":622,\"caption\":\"GPD WIN MAX 2 4G LTE Add-on\"},\"primaryImageOfPage\":{\"@id\":\"https:\\\/\\\/droix.eu\\\/pl\\\/product\\\/gpd-win-max-2-2024-4g-lte-add-on\\\/#mainImage\"},\"datePublished\":\"2022-11-08T16:39:00+00:00\",\"dateModified\":\"2025-12-15T00:04:12+00:00\"},{\"@type\":\"WebSite\",\"@id\":\"https:\\\/\\\/droix.eu\\\/pl\\\/#website\",\"url\":\"https:\\\/\\\/droix.eu\\\/pl\\\/\",\"name\":\"DROIX EU\",\"description\":\"Get the latest Mini PCs, Ultrabook, PC Gaming Handhelds and more!\",\"inLanguage\":\"pl-PL\",\"publisher\":{\"@id\":\"https:\\\/\\\/droix.eu\\\/pl\\\/#organization\"}}]}\n\t\t<\/script>\n\t\t<!-- All in One SEO Pro -->\r\n\t\t<title>GPD WIN MAX 2 \/ 2024 4G LTE Add-on - DROIX EU<\/title>\n\n","aioseo_head_json":{"title":"GPD WIN MAX 2 \/ 2024 4G LTE Add-on - DROIX EU","description":"P\u0142ynna \u0142\u0105czno\u015b\u0107 4G: Graj w dowolnym miejscu i czasie. Zaawansowana obs\u0142uga sieci: 4G TD-LTE, FDD-LTE, 3G CDMA. Oficjalny: Zaprojektowane przez GPD dla Win Max 2 i Win Max 2 2024 Model: Quectel EG25-G IMPORTANT INSTALATION REQUIRES OPENING DEVICE COMPONENTS ARE SMALL & DELICATE WE ARE NOT RESPONSIBLE FOR ANY CUSTOMER DAMAGE Pakiet zawiera 1x Modu\u0142 GPD WIN MAX 2 4G LTE 3x \u015aruby 2x Anteny 1x Kabel","canonical_url":"https:\/\/droix.eu\/pl\/product\/gpd-win-max-2-2024-4g-lte-add-on\/","robots":"max-image-preview:large","keywords":"","webmasterTools":{"miscellaneous":""},"schema":{"@context":"https:\/\/schema.org","@graph":[{"@type":"BreadcrumbList","@id":"https:\/\/droix.eu\/pl\/product\/gpd-win-max-2-2024-4g-lte-add-on\/#breadcrumblist","itemListElement":[{"@type":"ListItem","@id":"https:\/\/droix.eu\/pl\/#listItem","position":1,"name":"Home","item":"https:\/\/droix.eu\/pl\/","nextItem":{"@type":"ListItem","@id":"https:\/\/droix.eu\/pl\/product-category\/akcesoria\/#listItem","name":"Akcesoria"}},{"@type":"ListItem","@id":"https:\/\/droix.eu\/pl\/product-category\/akcesoria\/#listItem","position":2,"name":"Akcesoria","item":"https:\/\/droix.eu\/pl\/product-category\/akcesoria\/","nextItem":{"@type":"ListItem","@id":"https:\/\/droix.eu\/pl\/product-category\/akcesoria\/akcesoria-do-gier\/#listItem","name":"Akcesoria do gier"},"previousItem":{"@type":"ListItem","@id":"https:\/\/droix.eu\/pl\/#listItem","name":"Home"}},{"@type":"ListItem","@id":"https:\/\/droix.eu\/pl\/product-category\/akcesoria\/akcesoria-do-gier\/#listItem","position":3,"name":"Akcesoria do gier","item":"https:\/\/droix.eu\/pl\/product-category\/akcesoria\/akcesoria-do-gier\/","nextItem":{"@type":"ListItem","@id":"https:\/\/droix.eu\/pl\/product\/gpd-win-max-2-2024-4g-lte-add-on\/#listItem","name":"GPD WIN MAX 2 \/ 2024 4G LTE Add-on"},"previousItem":{"@type":"ListItem","@id":"https:\/\/droix.eu\/pl\/product-category\/akcesoria\/#listItem","name":"Akcesoria"}},{"@type":"ListItem","@id":"https:\/\/droix.eu\/pl\/product\/gpd-win-max-2-2024-4g-lte-add-on\/#listItem","position":4,"name":"GPD WIN MAX 2 \/ 2024 4G LTE Add-on","previousItem":{"@type":"ListItem","@id":"https:\/\/droix.eu\/pl\/product-category\/akcesoria\/akcesoria-do-gier\/#listItem","name":"Akcesoria do gier"}}]},{"@type":"Organization","@id":"https:\/\/droix.eu\/pl\/#organization","name":"DroiX \u2013 Trusted EU Tech Retailer with 12+ Years Experience","description":"DroiX is a leading European technology retailer with over 12 years of experience, offering quality mini PCs, handheld gaming consoles, and tech accessories. We provide hassle-free EU delivery with all taxes included, ensuring a smooth and reliable shopping experience for our customers across Europe.","url":"https:\/\/droix.eu\/pl\/","logo":{"@type":"ImageObject","url":"https:\/\/droix.eu\/wp-content\/uploads\/2024\/06\/droix-v2-light-logo.png","@id":"https:\/\/droix.eu\/pl\/product\/gpd-win-max-2-2024-4g-lte-add-on\/#organizationLogo","width":380,"height":118},"image":{"@id":"https:\/\/droix.eu\/pl\/product\/gpd-win-max-2-2024-4g-lte-add-on\/#organizationLogo"},"sameAs":["https:\/\/www.facebook.com\/DroiX.Store","https:\/\/twitter.com\/DroiX_Store","https:\/\/www.instagram.com\/droix.store\/","https:\/\/www.tiktok.com\/@droix.store","https:\/\/www.youtube.com\/c\/DroiX_Store","https:\/\/uk.linkedin.com\/company\/droix"]},{"@type":"Product","@id":"https:\/\/droix.eu\/pl\/product\/gpd-win-max-2-2024-4g-lte-add-on\/#wooCommerceProduct","name":"GPD WIN MAX 2 \/ 2024 4G LTE Add-on","description":"P\u0142ynna \u0142\u0105czno\u015b\u0107 4G: Graj w dowolnym miejscu i czasie.\n \tZaawansowana obs\u0142uga sieci: 4G TD-LTE, FDD-LTE, 3G CDMA.\n \tOficjalny: Zaprojektowane przez GPD dla Win Max 2 i Win Max 2 2024\n \tModel: Quectel EG25-G\n\n\n\nIMPORTANT\nINSTALATION REQUIRES OPENING DEVICE\nCOMPONENTS ARE SMALL &amp; DELICATE\nWE ARE NOT RESPONSIBLE FOR ANY CUSTOMER DAMAGE","url":"https:\/\/droix.eu\/pl\/product\/gpd-win-max-2-2024-4g-lte-add-on\/","sku":"GPD-WIN_MAX_2-4G_LTE_Module","gtin":"5060763673656","image":{"@type":"ImageObject","url":"https:\/\/droix.eu\/wp-content\/uploads\/2022\/11\/GPD-WIN-MAX-2-LTE-1.png","@id":"https:\/\/droix.eu\/pl\/product\/gpd-win-max-2-2024-4g-lte-add-on\/#productImage","width":622,"height":622,"caption":"GPD WIN MAX 2 4G LTE Add-on"},"offers":{"@type":"Offer","url":"https:\/\/droix.eu\/pl\/product\/gpd-win-max-2-2024-4g-lte-add-on\/#wooCommerceOffer","price":97.11,"priceCurrency":"EUR","category":"Akcesoria","availability":"https:\/\/schema.org\/OutOfStock","priceSpecification":{"@type":"PriceSpecification","price":97.11,"priceCurrency":"EUR","valueAddedTaxIncluded":"true"},"seller":{"@type":"Organization","@id":"https:\/\/droix.eu\/pl\/#organization"}}},{"@type":"WebPage","@id":"https:\/\/droix.eu\/pl\/product\/gpd-win-max-2-2024-4g-lte-add-on\/#webpage","url":"https:\/\/droix.eu\/pl\/product\/gpd-win-max-2-2024-4g-lte-add-on\/","name":"GPD WIN MAX 2 \/ 2024 4G LTE Add-on - DROIX EU","description":"P\u0142ynna \u0142\u0105czno\u015b\u0107 4G: Graj w dowolnym miejscu i czasie. Zaawansowana obs\u0142uga sieci: 4G TD-LTE, FDD-LTE, 3G CDMA. Oficjalny: Zaprojektowane przez GPD dla Win Max 2 i Win Max 2 2024 Model: Quectel EG25-G IMPORTANT INSTALATION REQUIRES OPENING DEVICE COMPONENTS ARE SMALL & DELICATE WE ARE NOT RESPONSIBLE FOR ANY CUSTOMER DAMAGE Pakiet zawiera 1x Modu\u0142 GPD WIN MAX 2 4G LTE 3x \u015aruby 2x Anteny 1x Kabel","inLanguage":"pl-PL","isPartOf":{"@id":"https:\/\/droix.eu\/pl\/#website"},"breadcrumb":{"@id":"https:\/\/droix.eu\/pl\/product\/gpd-win-max-2-2024-4g-lte-add-on\/#breadcrumblist"},"image":{"@type":"ImageObject","url":"https:\/\/droix.eu\/wp-content\/uploads\/2022\/11\/GPD-WIN-MAX-2-LTE-1.png","@id":"https:\/\/droix.eu\/pl\/product\/gpd-win-max-2-2024-4g-lte-add-on\/#mainImage","width":622,"height":622,"caption":"GPD WIN MAX 2 4G LTE Add-on"},"primaryImageOfPage":{"@id":"https:\/\/droix.eu\/pl\/product\/gpd-win-max-2-2024-4g-lte-add-on\/#mainImage"},"datePublished":"2022-11-08T16:39:00+00:00","dateModified":"2025-12-15T00:04:12+00:00"},{"@type":"WebSite","@id":"https:\/\/droix.eu\/pl\/#website","url":"https:\/\/droix.eu\/pl\/","name":"DROIX EU","description":"Get the latest Mini PCs, Ultrabook, PC Gaming Handhelds and more!","inLanguage":"pl-PL","publisher":{"@id":"https:\/\/droix.eu\/pl\/#organization"}}]},"og:locale":"pl_PL","og:site_name":"DROIX EU - Get the latest Mini PCs, Ultrabook, PC Gaming Handhelds and more!","og:type":"article","og:title":"GPD WIN MAX 2 \/ 2024 4G LTE Add-on - DROIX EU","og:description":"P\u0142ynna \u0142\u0105czno\u015b\u0107 4G: Graj w dowolnym miejscu i czasie. Zaawansowana obs\u0142uga sieci: 4G TD-LTE, FDD-LTE, 3G CDMA. Oficjalny: Zaprojektowane przez GPD dla Win Max 2 i Win Max 2 2024 Model: Quectel EG25-G IMPORTANT INSTALATION REQUIRES OPENING DEVICE COMPONENTS ARE SMALL &amp; DELICATE WE ARE NOT RESPONSIBLE FOR ANY CUSTOMER DAMAGE Pakiet zawiera 1x Modu\u0142 GPD WIN MAX 2 4G LTE 3x \u015aruby 2x Anteny 1x Kabel","og:url":"https:\/\/droix.eu\/pl\/product\/gpd-win-max-2-2024-4g-lte-add-on\/","og:image":"https:\/\/droix.eu\/wp-content\/uploads\/2024\/06\/droix-v2-light-logo.png","og:image:secure_url":"https:\/\/droix.eu\/wp-content\/uploads\/2024\/06\/droix-v2-light-logo.png","og:image:width":380,"og:image:height":118,"article:published_time":"2022-11-08T16:39:00+00:00","article:modified_time":"2025-12-15T00:04:12+00:00","article:publisher":"https:\/\/www.facebook.com\/DroiX.Store","twitter:card":"summary_large_image","twitter:site":"@DroiX_Store","twitter:title":"GPD WIN MAX 2 \/ 2024 4G LTE Add-on - DROIX EU","twitter:description":"P\u0142ynna \u0142\u0105czno\u015b\u0107 4G: Graj w dowolnym miejscu i czasie. Zaawansowana obs\u0142uga sieci: 4G TD-LTE, FDD-LTE, 3G CDMA. Oficjalny: Zaprojektowane przez GPD dla Win Max 2 i Win Max 2 2024 Model: Quectel EG25-G IMPORTANT INSTALATION REQUIRES OPENING DEVICE COMPONENTS ARE SMALL &amp; DELICATE WE ARE NOT RESPONSIBLE FOR ANY CUSTOMER DAMAGE Pakiet zawiera 1x Modu\u0142 GPD WIN MAX 2 4G LTE 3x \u015aruby 2x Anteny 1x Kabel","twitter:image":"https:\/\/droix.eu\/wp-content\/uploads\/2024\/06\/droix-v2-light-logo.png"},"aioseo_meta_data":{"post_id":"523495","title":null,"description":null,"keywords":null,"keyphrases":null,"primary_term":null,"canonical_url":null,"og_title":null,"og_description":null,"og_object_type":"default","og_image_type":"default","og_image_url":null,"og_image_width":null,"og_image_height":null,"og_image_custom_url":null,"og_image_custom_fields":null,"og_video":null,"og_custom_url":null,"og_article_section":null,"og_article_tags":null,"twitter_use_og":true,"twitter_card":"default","twitter_image_type":"default","twitter_image_url":null,"twitter_image_custom_url":null,"twitter_image_custom_fields":null,"twitter_title":null,"twitter_description":null,"schema":{"blockGraphs":[],"customGraphs":[],"default":{"data":{"Article":[],"Course":[],"Dataset":[],"FAQPage":[],"Movie":[],"Person":[],"Product":[],"ProductReview":[],"Car":[],"Recipe":[],"Service":[],"SoftwareApplication":[],"WebPage":[]},"graphName":"","isEnabled":true},"graphs":[]},"schema_type":"default","schema_type_options":null,"pillar_content":false,"robots_default":true,"robots_noindex":false,"robots_noarchive":false,"robots_nosnippet":false,"robots_nofollow":false,"robots_noimageindex":false,"robots_noodp":false,"robots_notranslate":false,"robots_max_snippet":null,"robots_max_videopreview":null,"robots_max_imagepreview":"large","priority":null,"frequency":null,"local_seo":null,"seo_analyzer_scan_date":"2025-10-24 11:43:08","breadcrumb_settings":null,"limit_modified_date":false,"reviewed_by":null,"open_ai":null,"ai":null,"created":"2025-10-09 04:01:02","updated":"2026-01-24 09:04:07"},"aioseo_breadcrumb":"<div class=\"aioseo-breadcrumbs\"><span class=\"aioseo-breadcrumb\">\n\t<a href=\"https:\/\/droix.eu\/pl\/\" title=\"Home\">Home<\/a>\n<\/span><span class=\"aioseo-breadcrumb-separator\">&raquo;<\/span><span class=\"aioseo-breadcrumb\">\n\t<a href=\"https:\/\/droix.eu\/pl\/product-category\/akcesoria\/\" title=\"Akcesoria\">Akcesoria<\/a>\n<\/span><span class=\"aioseo-breadcrumb-separator\">&raquo;<\/span><span class=\"aioseo-breadcrumb\">\n\t<a href=\"https:\/\/droix.eu\/pl\/product-category\/akcesoria\/akcesoria-do-gier\/\" title=\"Akcesoria do gier\">Akcesoria do gier<\/a>\n<\/span><span class=\"aioseo-breadcrumb-separator\">&raquo;<\/span><span class=\"aioseo-breadcrumb\">\n\tGPD WIN MAX 2 \/ 2024 4G LTE Add-on\n<\/span><\/div>","aioseo_breadcrumb_json":[{"label":"Home","link":"https:\/\/droix.eu\/pl\/"},{"label":"Akcesoria","link":"https:\/\/droix.eu\/pl\/product-category\/akcesoria\/"},{"label":"Akcesoria do gier","link":"https:\/\/droix.eu\/pl\/product-category\/akcesoria\/akcesoria-do-gier\/"},{"label":"GPD WIN MAX 2 \/ 2024 4G LTE Add-on","link":"https:\/\/droix.eu\/pl\/product\/gpd-win-max-2-2024-4g-lte-add-on\/"}],"_links":{"self":[{"href":"https:\/\/droix.eu\/pl\/wp-json\/wp\/v2\/product\/523495","targetHints":{"allow":["GET"]}}],"collection":[{"href":"https:\/\/droix.eu\/pl\/wp-json\/wp\/v2\/product"}],"about":[{"href":"https:\/\/droix.eu\/pl\/wp-json\/wp\/v2\/types\/product"}],"version-history":[{"count":0,"href":"https:\/\/droix.eu\/pl\/wp-json\/wp\/v2\/product\/523495\/revisions"}],"wp:featuredmedia":[{"embeddable":true,"href":"https:\/\/droix.eu\/pl\/wp-json\/wp\/v2\/media\/439050"}],"wp:attachment":[{"href":"https:\/\/droix.eu\/pl\/wp-json\/wp\/v2\/media?parent=523495"}],"wp:term":[{"taxonomy":"product_brand","embeddable":true,"href":"https:\/\/droix.eu\/pl\/wp-json\/wp\/v2\/product_brand?post=523495"},{"taxonomy":"product_cat","embeddable":true,"href":"https:\/\/droix.eu\/pl\/wp-json\/wp\/v2\/product_cat?post=523495"},{"taxonomy":"product_tag","embeddable":true,"href":"https:\/\/droix.eu\/pl\/wp-json\/wp\/v2\/product_tag?post=523495"},{"taxonomy":"woo-feed-brand","embeddable":true,"href":"https:\/\/droix.eu\/pl\/wp-json\/wp\/v2\/woo-feed-brand?post=523495"},{"taxonomy":"key-features","embeddable":true,"href":"https:\/\/droix.eu\/pl\/wp-json\/wp\/v2\/key-features?post=523495"}],"curies":[{"name":"wp","href":"https:\/\/api.w.org\/{rel}","templated":true}]}}