{"id":518495,"date":"2023-05-25T09:22:48","date_gmt":"2023-05-25T08:22:48","guid":{"rendered":"https:\/\/droix.eu\/product\/gpd-win-4-hardshell-case\/"},"modified":"2026-01-22T14:38:17","modified_gmt":"2026-01-22T14:38:17","slug":"gpd-win-4-hardshell-case","status":"publish","type":"product","link":"https:\/\/droix.eu\/pl\/product\/gpd-win-4-hardshell-case\/","title":{"rendered":"GPD WIN 4 Hardshell Case"},"content":{"rendered":"<p><strong>GPD WIN 4<\/strong> to pot\u0119\u017cne komputery do gier, kt\u00f3re zosta\u0142y zaprojektowane, aby zapewni\u0107 wci\u0105gaj\u0105ce wra\u017cenia z gry w podr\u00f3\u017cy. Aby chroni\u0107 te wysokiej klasy urz\u0105dzenia przed zadrapaniami, uderzeniami i innymi uszkodzeniami zewn\u0119trznymi  <strong>etui ochronne typu hardshell<\/strong>  jest konieczne. Etui ochronne GPD WIN 4 hardshell to wytrzyma\u0142e, lekkie i stylowe etui, kt\u00f3re zosta\u0142o zaprojektowane specjalnie z my\u015bl\u0105 o tych gamingowych handheldach. Etui jest wykonane z wysokiej jako\u015bci materia\u0142\u00f3w, takich jak poliw\u0119glan i plastik ABS, kt\u00f3re zapewniaj\u0105 doskona\u0142\u0105 ochron\u0119 przed uderzeniami, zadrapaniami i innymi uszkodzeniami zewn\u0119trznymi. Wn\u0119trze etui jest wy\u0142o\u017cone mi\u0119kk\u0105 i g\u0142adk\u0105 tkanin\u0105, kt\u00f3ra zapewnia dodatkow\u0105 ochron\u0119 przed zadrapaniami i kurzem. Etui posiada r\u00f3wnie\u017c bezpieczne zamkni\u0119cie na zamek b\u0142yskawiczny, kt\u00f3re zapewnia, \u017ce handheld pozostanie na swoim miejscu podczas transportu.<\/p>\n","protected":false},"excerpt":{"rendered":"<ul>\n<li><strong>Oficjalne<\/strong> etui ochronne GPD dla Win 4<\/li>\n<li><strong>Wytrzyma\u0142a<\/strong> zewn\u0119trzna pow\u0142oka z polimeru syntetycznego<\/li>\n<li>Podszewka z mi\u0119kkiego materia\u0142u dla <strong>dodatkowej ochrony<\/strong>.<\/li>\n<li><strong>Oddzielna komora<\/strong> na urz\u0105dzenia peryferyjne.<\/li>\n<li>Elegancka konstrukcja z bezpiecznym zapi\u0119ciem na suwak.<\/li>\n<\/ul>\n<p>[droix_global_accordions]<br \/>\n[cg_accordion title=\"Pakiet zawiera\"]<\/p>\n<ul>\n<li>1x Etui z tward\u0105 pow\u0142ok\u0105 GPD WIN 4<\/li>\n<\/ul>\n<p>[\/cg_accordion]<\/p>\n","protected":false},"featured_media":409299,"template":"","meta":{"_acf_changed":false},"product_brand":[],"product_cat":[13349,13350],"product_tag":[],"woo-feed-brand":[2198],"key-features":[],"class_list":{"0":"post-518495","1":"product","2":"type-product","3":"status-publish","4":"has-post-thumbnail","6":"product_cat-akcesoria","7":"product_cat-akcesoria-do-gier","8":"product_shipping_class-low-end","9":"pa_accessory-type-protective-case","10":"pa_brands-gpd-pl","11":"woo-feed-brand-gpd","13":"first","14":"outofstock","15":"sale","16":"taxable","17":"shipping-taxable","18":"purchasable","19":"product-type-simple"},"acf":[],"aioseo_notices":[],"aioseo_head":"\n\t\t<!-- All in One SEO Pro 4.9.6.2 - aioseo.com -->\n\t<meta name=\"description\" content=\"Oficjalne etui ochronne GPD dla Win 4 Wytrzyma\u0142a zewn\u0119trzna pow\u0142oka z polimeru syntetycznego Podszewka z mi\u0119kkiego materia\u0142u dla dodatkowej ochrony. Oddzielna komora na urz\u0105dzenia peryferyjne. Elegancka konstrukcja z bezpiecznym zapi\u0119ciem na suwak. Pakiet zawiera 1x Etui z tward\u0105 pow\u0142ok\u0105 GPD WIN 4\" \/>\n\t<meta name=\"robots\" content=\"max-image-preview:large\" \/>\n\t<link rel=\"canonical\" href=\"https:\/\/droix.eu\/pl\/product\/gpd-win-4-hardshell-case\/\" \/>\n\t<meta name=\"generator\" content=\"All in One SEO Pro (AIOSEO) 4.9.6.2\" \/>\n\t\t<meta property=\"og:locale\" content=\"pl_PL\" \/>\n\t\t<meta property=\"og:site_name\" content=\"DROIX EU - Get the latest Mini PCs, Ultrabook, PC Gaming Handhelds and more!\" \/>\n\t\t<meta property=\"og:type\" content=\"article\" \/>\n\t\t<meta property=\"og:title\" content=\"GPD WIN 4 Hardshell Case - DROIX EU\" \/>\n\t\t<meta property=\"og:description\" content=\"Oficjalne etui ochronne GPD dla Win 4 Wytrzyma\u0142a zewn\u0119trzna pow\u0142oka z polimeru syntetycznego Podszewka z mi\u0119kkiego materia\u0142u dla dodatkowej ochrony. Oddzielna komora na urz\u0105dzenia peryferyjne. Elegancka konstrukcja z bezpiecznym zapi\u0119ciem na suwak. Pakiet zawiera 1x Etui z tward\u0105 pow\u0142ok\u0105 GPD WIN 4\" \/>\n\t\t<meta property=\"og:url\" content=\"https:\/\/droix.eu\/pl\/product\/gpd-win-4-hardshell-case\/\" \/>\n\t\t<meta property=\"og:image\" content=\"https:\/\/droix.eu\/wp-content\/uploads\/2024\/06\/droix-v2-light-logo.png\" \/>\n\t\t<meta property=\"og:image:secure_url\" content=\"https:\/\/droix.eu\/wp-content\/uploads\/2024\/06\/droix-v2-light-logo.png\" \/>\n\t\t<meta property=\"og:image:width\" content=\"380\" \/>\n\t\t<meta property=\"og:image:height\" content=\"118\" \/>\n\t\t<meta property=\"article:published_time\" content=\"2023-05-25T08:22:48+00:00\" \/>\n\t\t<meta property=\"article:modified_time\" content=\"2026-01-22T14:38:17+00:00\" \/>\n\t\t<meta property=\"article:publisher\" content=\"https:\/\/www.facebook.com\/DroiX.Store\" \/>\n\t\t<meta name=\"twitter:card\" content=\"summary_large_image\" \/>\n\t\t<meta name=\"twitter:site\" content=\"@DroiX_Store\" \/>\n\t\t<meta name=\"twitter:title\" content=\"GPD WIN 4 Hardshell Case - DROIX EU\" \/>\n\t\t<meta name=\"twitter:description\" content=\"Oficjalne etui ochronne GPD dla Win 4 Wytrzyma\u0142a zewn\u0119trzna pow\u0142oka z polimeru syntetycznego Podszewka z mi\u0119kkiego materia\u0142u dla dodatkowej ochrony. Oddzielna komora na urz\u0105dzenia peryferyjne. Elegancka konstrukcja z bezpiecznym zapi\u0119ciem na suwak. Pakiet zawiera 1x Etui z tward\u0105 pow\u0142ok\u0105 GPD WIN 4\" \/>\n\t\t<meta name=\"twitter:image\" content=\"https:\/\/droix.eu\/wp-content\/uploads\/2024\/06\/droix-v2-light-logo.png\" \/>\n\t\t<script type=\"application\/ld+json\" class=\"aioseo-schema\">\n\t\t\t{\"@context\":\"https:\\\/\\\/schema.org\",\"@graph\":[{\"@type\":\"BreadcrumbList\",\"@id\":\"https:\\\/\\\/droix.eu\\\/pl\\\/product\\\/gpd-win-4-hardshell-case\\\/#breadcrumblist\",\"itemListElement\":[{\"@type\":\"ListItem\",\"@id\":\"https:\\\/\\\/droix.eu\\\/pl\\\/#listItem\",\"position\":1,\"name\":\"Home\",\"item\":\"https:\\\/\\\/droix.eu\\\/pl\\\/\",\"nextItem\":{\"@type\":\"ListItem\",\"@id\":\"https:\\\/\\\/droix.eu\\\/pl\\\/product-category\\\/akcesoria\\\/#listItem\",\"name\":\"Akcesoria\"}},{\"@type\":\"ListItem\",\"@id\":\"https:\\\/\\\/droix.eu\\\/pl\\\/product-category\\\/akcesoria\\\/#listItem\",\"position\":2,\"name\":\"Akcesoria\",\"item\":\"https:\\\/\\\/droix.eu\\\/pl\\\/product-category\\\/akcesoria\\\/\",\"nextItem\":{\"@type\":\"ListItem\",\"@id\":\"https:\\\/\\\/droix.eu\\\/pl\\\/product-category\\\/akcesoria\\\/akcesoria-do-gier\\\/#listItem\",\"name\":\"Akcesoria do gier\"},\"previousItem\":{\"@type\":\"ListItem\",\"@id\":\"https:\\\/\\\/droix.eu\\\/pl\\\/#listItem\",\"name\":\"Home\"}},{\"@type\":\"ListItem\",\"@id\":\"https:\\\/\\\/droix.eu\\\/pl\\\/product-category\\\/akcesoria\\\/akcesoria-do-gier\\\/#listItem\",\"position\":3,\"name\":\"Akcesoria do gier\",\"item\":\"https:\\\/\\\/droix.eu\\\/pl\\\/product-category\\\/akcesoria\\\/akcesoria-do-gier\\\/\",\"nextItem\":{\"@type\":\"ListItem\",\"@id\":\"https:\\\/\\\/droix.eu\\\/pl\\\/product\\\/gpd-win-4-hardshell-case\\\/#listItem\",\"name\":\"GPD WIN 4 Hardshell Case\"},\"previousItem\":{\"@type\":\"ListItem\",\"@id\":\"https:\\\/\\\/droix.eu\\\/pl\\\/product-category\\\/akcesoria\\\/#listItem\",\"name\":\"Akcesoria\"}},{\"@type\":\"ListItem\",\"@id\":\"https:\\\/\\\/droix.eu\\\/pl\\\/product\\\/gpd-win-4-hardshell-case\\\/#listItem\",\"position\":4,\"name\":\"GPD WIN 4 Hardshell Case\",\"previousItem\":{\"@type\":\"ListItem\",\"@id\":\"https:\\\/\\\/droix.eu\\\/pl\\\/product-category\\\/akcesoria\\\/akcesoria-do-gier\\\/#listItem\",\"name\":\"Akcesoria do gier\"}}]},{\"@type\":\"Organization\",\"@id\":\"https:\\\/\\\/droix.eu\\\/pl\\\/#organization\",\"name\":\"DroiX \\u2013 Trusted EU Tech Retailer with 12+ Years Experience\",\"description\":\"DroiX is a leading European technology retailer with over 12 years of experience, offering quality mini PCs, handheld gaming consoles, and tech accessories. We provide hassle-free EU delivery with all taxes included, ensuring a smooth and reliable shopping experience for our customers across Europe.\",\"url\":\"https:\\\/\\\/droix.eu\\\/pl\\\/\",\"logo\":{\"@type\":\"ImageObject\",\"url\":\"https:\\\/\\\/droix.eu\\\/wp-content\\\/uploads\\\/2024\\\/06\\\/droix-v2-light-logo.png\",\"@id\":\"https:\\\/\\\/droix.eu\\\/pl\\\/product\\\/gpd-win-4-hardshell-case\\\/#organizationLogo\",\"width\":380,\"height\":118},\"image\":{\"@id\":\"https:\\\/\\\/droix.eu\\\/pl\\\/product\\\/gpd-win-4-hardshell-case\\\/#organizationLogo\"},\"sameAs\":[\"https:\\\/\\\/www.facebook.com\\\/DroiX.Store\",\"https:\\\/\\\/twitter.com\\\/DroiX_Store\",\"https:\\\/\\\/www.instagram.com\\\/droix.store\\\/\",\"https:\\\/\\\/www.tiktok.com\\\/@droix.store\",\"https:\\\/\\\/www.youtube.com\\\/c\\\/DroiX_Store\",\"https:\\\/\\\/uk.linkedin.com\\\/company\\\/droix\"]},{\"@type\":\"Product\",\"@id\":\"https:\\\/\\\/droix.eu\\\/pl\\\/product\\\/gpd-win-4-hardshell-case\\\/#wooCommerceProduct\",\"name\":\"GPD WIN 4 Hardshell Case\",\"description\":\"Oficjalne etui ochronne GPD dla Win 4\\n \\tWytrzyma\\u0142a zewn\\u0119trzna pow\\u0142oka z polimeru syntetycznego\\n \\tPodszewka z mi\\u0119kkiego materia\\u0142u dla dodatkowej ochrony.\\n \\tOddzielna komora na urz\\u0105dzenia peryferyjne.\\n \\tElegancka konstrukcja z bezpiecznym zapi\\u0119ciem na suwak.\",\"url\":\"https:\\\/\\\/droix.eu\\\/pl\\\/product\\\/gpd-win-4-hardshell-case\\\/\",\"sku\":\"GPD-WIN_4-CASE\",\"gtin\":\"5060763675322\",\"image\":{\"@type\":\"ImageObject\",\"url\":\"https:\\\/\\\/droix.eu\\\/wp-content\\\/uploads\\\/2023\\\/05\\\/51y5P54tgzLready-gpd-4.png\",\"@id\":\"https:\\\/\\\/droix.eu\\\/pl\\\/product\\\/gpd-win-4-hardshell-case\\\/#productImage\",\"width\":1000,\"height\":1000},\"offers\":{\"@type\":\"Offer\",\"url\":\"https:\\\/\\\/droix.eu\\\/pl\\\/product\\\/gpd-win-4-hardshell-case\\\/#wooCommerceOffer\",\"price\":27,\"priceCurrency\":\"EUR\",\"category\":\"Akcesoria\",\"availability\":\"https:\\\/\\\/schema.org\\\/OutOfStock\",\"priceSpecification\":{\"@type\":\"PriceSpecification\",\"price\":27,\"priceCurrency\":\"EUR\",\"valueAddedTaxIncluded\":\"true\"},\"seller\":{\"@type\":\"Organization\",\"@id\":\"https:\\\/\\\/droix.eu\\\/pl\\\/#organization\"}}},{\"@type\":\"WebPage\",\"@id\":\"https:\\\/\\\/droix.eu\\\/pl\\\/product\\\/gpd-win-4-hardshell-case\\\/#webpage\",\"url\":\"https:\\\/\\\/droix.eu\\\/pl\\\/product\\\/gpd-win-4-hardshell-case\\\/\",\"name\":\"GPD WIN 4 Hardshell Case - DROIX EU\",\"description\":\"Oficjalne etui ochronne GPD dla Win 4 Wytrzyma\\u0142a zewn\\u0119trzna pow\\u0142oka z polimeru syntetycznego Podszewka z mi\\u0119kkiego materia\\u0142u dla dodatkowej ochrony. Oddzielna komora na urz\\u0105dzenia peryferyjne. Elegancka konstrukcja z bezpiecznym zapi\\u0119ciem na suwak. Pakiet zawiera 1x Etui z tward\\u0105 pow\\u0142ok\\u0105 GPD WIN 4\",\"inLanguage\":\"pl-PL\",\"isPartOf\":{\"@id\":\"https:\\\/\\\/droix.eu\\\/pl\\\/#website\"},\"breadcrumb\":{\"@id\":\"https:\\\/\\\/droix.eu\\\/pl\\\/product\\\/gpd-win-4-hardshell-case\\\/#breadcrumblist\"},\"image\":{\"@type\":\"ImageObject\",\"url\":\"https:\\\/\\\/droix.eu\\\/wp-content\\\/uploads\\\/2023\\\/05\\\/51y5P54tgzLready-gpd-4.png\",\"@id\":\"https:\\\/\\\/droix.eu\\\/pl\\\/product\\\/gpd-win-4-hardshell-case\\\/#mainImage\",\"width\":1000,\"height\":1000},\"primaryImageOfPage\":{\"@id\":\"https:\\\/\\\/droix.eu\\\/pl\\\/product\\\/gpd-win-4-hardshell-case\\\/#mainImage\"},\"datePublished\":\"2023-05-25T09:22:48+01:00\",\"dateModified\":\"2026-01-22T14:38:17+00:00\"},{\"@type\":\"WebSite\",\"@id\":\"https:\\\/\\\/droix.eu\\\/pl\\\/#website\",\"url\":\"https:\\\/\\\/droix.eu\\\/pl\\\/\",\"name\":\"DROIX EU\",\"description\":\"Get the latest Mini PCs, Ultrabook, PC Gaming Handhelds and more!\",\"inLanguage\":\"pl-PL\",\"publisher\":{\"@id\":\"https:\\\/\\\/droix.eu\\\/pl\\\/#organization\"}}]}\n\t\t<\/script>\n\t\t<!-- All in One SEO Pro -->\r\n\t\t<title>GPD WIN 4 Hardshell Case - DROIX EU<\/title>\n\n","aioseo_head_json":{"title":"GPD WIN 4 Hardshell Case - DROIX EU","description":"Oficjalne etui ochronne GPD dla Win 4 Wytrzyma\u0142a zewn\u0119trzna pow\u0142oka z polimeru syntetycznego Podszewka z mi\u0119kkiego materia\u0142u dla dodatkowej ochrony. Oddzielna komora na urz\u0105dzenia peryferyjne. Elegancka konstrukcja z bezpiecznym zapi\u0119ciem na suwak. Pakiet zawiera 1x Etui z tward\u0105 pow\u0142ok\u0105 GPD WIN 4","canonical_url":"https:\/\/droix.eu\/pl\/product\/gpd-win-4-hardshell-case\/","robots":"max-image-preview:large","keywords":"","webmasterTools":{"miscellaneous":""},"schema":{"@context":"https:\/\/schema.org","@graph":[{"@type":"BreadcrumbList","@id":"https:\/\/droix.eu\/pl\/product\/gpd-win-4-hardshell-case\/#breadcrumblist","itemListElement":[{"@type":"ListItem","@id":"https:\/\/droix.eu\/pl\/#listItem","position":1,"name":"Home","item":"https:\/\/droix.eu\/pl\/","nextItem":{"@type":"ListItem","@id":"https:\/\/droix.eu\/pl\/product-category\/akcesoria\/#listItem","name":"Akcesoria"}},{"@type":"ListItem","@id":"https:\/\/droix.eu\/pl\/product-category\/akcesoria\/#listItem","position":2,"name":"Akcesoria","item":"https:\/\/droix.eu\/pl\/product-category\/akcesoria\/","nextItem":{"@type":"ListItem","@id":"https:\/\/droix.eu\/pl\/product-category\/akcesoria\/akcesoria-do-gier\/#listItem","name":"Akcesoria do gier"},"previousItem":{"@type":"ListItem","@id":"https:\/\/droix.eu\/pl\/#listItem","name":"Home"}},{"@type":"ListItem","@id":"https:\/\/droix.eu\/pl\/product-category\/akcesoria\/akcesoria-do-gier\/#listItem","position":3,"name":"Akcesoria do gier","item":"https:\/\/droix.eu\/pl\/product-category\/akcesoria\/akcesoria-do-gier\/","nextItem":{"@type":"ListItem","@id":"https:\/\/droix.eu\/pl\/product\/gpd-win-4-hardshell-case\/#listItem","name":"GPD WIN 4 Hardshell Case"},"previousItem":{"@type":"ListItem","@id":"https:\/\/droix.eu\/pl\/product-category\/akcesoria\/#listItem","name":"Akcesoria"}},{"@type":"ListItem","@id":"https:\/\/droix.eu\/pl\/product\/gpd-win-4-hardshell-case\/#listItem","position":4,"name":"GPD WIN 4 Hardshell Case","previousItem":{"@type":"ListItem","@id":"https:\/\/droix.eu\/pl\/product-category\/akcesoria\/akcesoria-do-gier\/#listItem","name":"Akcesoria do gier"}}]},{"@type":"Organization","@id":"https:\/\/droix.eu\/pl\/#organization","name":"DroiX \u2013 Trusted EU Tech Retailer with 12+ Years Experience","description":"DroiX is a leading European technology retailer with over 12 years of experience, offering quality mini PCs, handheld gaming consoles, and tech accessories. We provide hassle-free EU delivery with all taxes included, ensuring a smooth and reliable shopping experience for our customers across Europe.","url":"https:\/\/droix.eu\/pl\/","logo":{"@type":"ImageObject","url":"https:\/\/droix.eu\/wp-content\/uploads\/2024\/06\/droix-v2-light-logo.png","@id":"https:\/\/droix.eu\/pl\/product\/gpd-win-4-hardshell-case\/#organizationLogo","width":380,"height":118},"image":{"@id":"https:\/\/droix.eu\/pl\/product\/gpd-win-4-hardshell-case\/#organizationLogo"},"sameAs":["https:\/\/www.facebook.com\/DroiX.Store","https:\/\/twitter.com\/DroiX_Store","https:\/\/www.instagram.com\/droix.store\/","https:\/\/www.tiktok.com\/@droix.store","https:\/\/www.youtube.com\/c\/DroiX_Store","https:\/\/uk.linkedin.com\/company\/droix"]},{"@type":"Product","@id":"https:\/\/droix.eu\/pl\/product\/gpd-win-4-hardshell-case\/#wooCommerceProduct","name":"GPD WIN 4 Hardshell Case","description":"Oficjalne etui ochronne GPD dla Win 4\n \tWytrzyma\u0142a zewn\u0119trzna pow\u0142oka z polimeru syntetycznego\n \tPodszewka z mi\u0119kkiego materia\u0142u dla dodatkowej ochrony.\n \tOddzielna komora na urz\u0105dzenia peryferyjne.\n \tElegancka konstrukcja z bezpiecznym zapi\u0119ciem na suwak.","url":"https:\/\/droix.eu\/pl\/product\/gpd-win-4-hardshell-case\/","sku":"GPD-WIN_4-CASE","gtin":"5060763675322","image":{"@type":"ImageObject","url":"https:\/\/droix.eu\/wp-content\/uploads\/2023\/05\/51y5P54tgzLready-gpd-4.png","@id":"https:\/\/droix.eu\/pl\/product\/gpd-win-4-hardshell-case\/#productImage","width":1000,"height":1000},"offers":{"@type":"Offer","url":"https:\/\/droix.eu\/pl\/product\/gpd-win-4-hardshell-case\/#wooCommerceOffer","price":27,"priceCurrency":"EUR","category":"Akcesoria","availability":"https:\/\/schema.org\/OutOfStock","priceSpecification":{"@type":"PriceSpecification","price":27,"priceCurrency":"EUR","valueAddedTaxIncluded":"true"},"seller":{"@type":"Organization","@id":"https:\/\/droix.eu\/pl\/#organization"}}},{"@type":"WebPage","@id":"https:\/\/droix.eu\/pl\/product\/gpd-win-4-hardshell-case\/#webpage","url":"https:\/\/droix.eu\/pl\/product\/gpd-win-4-hardshell-case\/","name":"GPD WIN 4 Hardshell Case - DROIX EU","description":"Oficjalne etui ochronne GPD dla Win 4 Wytrzyma\u0142a zewn\u0119trzna pow\u0142oka z polimeru syntetycznego Podszewka z mi\u0119kkiego materia\u0142u dla dodatkowej ochrony. Oddzielna komora na urz\u0105dzenia peryferyjne. Elegancka konstrukcja z bezpiecznym zapi\u0119ciem na suwak. Pakiet zawiera 1x Etui z tward\u0105 pow\u0142ok\u0105 GPD WIN 4","inLanguage":"pl-PL","isPartOf":{"@id":"https:\/\/droix.eu\/pl\/#website"},"breadcrumb":{"@id":"https:\/\/droix.eu\/pl\/product\/gpd-win-4-hardshell-case\/#breadcrumblist"},"image":{"@type":"ImageObject","url":"https:\/\/droix.eu\/wp-content\/uploads\/2023\/05\/51y5P54tgzLready-gpd-4.png","@id":"https:\/\/droix.eu\/pl\/product\/gpd-win-4-hardshell-case\/#mainImage","width":1000,"height":1000},"primaryImageOfPage":{"@id":"https:\/\/droix.eu\/pl\/product\/gpd-win-4-hardshell-case\/#mainImage"},"datePublished":"2023-05-25T09:22:48+01:00","dateModified":"2026-01-22T14:38:17+00:00"},{"@type":"WebSite","@id":"https:\/\/droix.eu\/pl\/#website","url":"https:\/\/droix.eu\/pl\/","name":"DROIX EU","description":"Get the latest Mini PCs, Ultrabook, PC Gaming Handhelds and more!","inLanguage":"pl-PL","publisher":{"@id":"https:\/\/droix.eu\/pl\/#organization"}}]},"og:locale":"pl_PL","og:site_name":"DROIX EU - Get the latest Mini PCs, Ultrabook, PC Gaming Handhelds and more!","og:type":"article","og:title":"GPD WIN 4 Hardshell Case - DROIX EU","og:description":"Oficjalne etui ochronne GPD dla Win 4 Wytrzyma\u0142a zewn\u0119trzna pow\u0142oka z polimeru syntetycznego Podszewka z mi\u0119kkiego materia\u0142u dla dodatkowej ochrony. Oddzielna komora na urz\u0105dzenia peryferyjne. Elegancka konstrukcja z bezpiecznym zapi\u0119ciem na suwak. Pakiet zawiera 1x Etui z tward\u0105 pow\u0142ok\u0105 GPD WIN 4","og:url":"https:\/\/droix.eu\/pl\/product\/gpd-win-4-hardshell-case\/","og:image":"https:\/\/droix.eu\/wp-content\/uploads\/2024\/06\/droix-v2-light-logo.png","og:image:secure_url":"https:\/\/droix.eu\/wp-content\/uploads\/2024\/06\/droix-v2-light-logo.png","og:image:width":380,"og:image:height":118,"article:published_time":"2023-05-25T08:22:48+00:00","article:modified_time":"2026-01-22T14:38:17+00:00","article:publisher":"https:\/\/www.facebook.com\/DroiX.Store","twitter:card":"summary_large_image","twitter:site":"@DroiX_Store","twitter:title":"GPD WIN 4 Hardshell Case - DROIX EU","twitter:description":"Oficjalne etui ochronne GPD dla Win 4 Wytrzyma\u0142a zewn\u0119trzna pow\u0142oka z polimeru syntetycznego Podszewka z mi\u0119kkiego materia\u0142u dla dodatkowej ochrony. Oddzielna komora na urz\u0105dzenia peryferyjne. Elegancka konstrukcja z bezpiecznym zapi\u0119ciem na suwak. Pakiet zawiera 1x Etui z tward\u0105 pow\u0142ok\u0105 GPD WIN 4","twitter:image":"https:\/\/droix.eu\/wp-content\/uploads\/2024\/06\/droix-v2-light-logo.png"},"aioseo_meta_data":{"post_id":"518495","title":null,"description":null,"keywords":null,"keyphrases":null,"primary_term":null,"canonical_url":null,"og_title":null,"og_description":null,"og_object_type":"default","og_image_type":"default","og_image_url":null,"og_image_width":null,"og_image_height":null,"og_image_custom_url":null,"og_image_custom_fields":null,"og_video":null,"og_custom_url":null,"og_article_section":null,"og_article_tags":null,"twitter_use_og":true,"twitter_card":"default","twitter_image_type":"default","twitter_image_url":null,"twitter_image_custom_url":null,"twitter_image_custom_fields":null,"twitter_title":null,"twitter_description":null,"schema":{"blockGraphs":[],"customGraphs":[],"default":{"data":{"Article":[],"Course":[],"Dataset":[],"FAQPage":[],"Movie":[],"Person":[],"Product":[],"ProductReview":[],"Car":[],"Recipe":[],"Service":[],"SoftwareApplication":[],"WebPage":[]},"graphName":"","isEnabled":true},"graphs":[]},"schema_type":"default","schema_type_options":null,"pillar_content":false,"robots_default":true,"robots_noindex":false,"robots_noarchive":false,"robots_nosnippet":false,"robots_nofollow":false,"robots_noimageindex":false,"robots_noodp":false,"robots_notranslate":false,"robots_max_snippet":null,"robots_max_videopreview":null,"robots_max_imagepreview":"large","priority":null,"frequency":null,"local_seo":null,"seo_analyzer_scan_date":"2025-10-24 13:11:33","breadcrumb_settings":null,"limit_modified_date":false,"reviewed_by":null,"open_ai":null,"ai":null,"created":"2025-10-09 04:25:34","updated":"2026-01-24 08:57:40"},"aioseo_breadcrumb":"<div class=\"aioseo-breadcrumbs\"><span class=\"aioseo-breadcrumb\">\n\t<a href=\"https:\/\/droix.eu\/pl\/\" title=\"Home\">Home<\/a>\n<\/span><span class=\"aioseo-breadcrumb-separator\">&raquo;<\/span><span class=\"aioseo-breadcrumb\">\n\t<a href=\"https:\/\/droix.eu\/pl\/product-category\/akcesoria\/\" title=\"Akcesoria\">Akcesoria<\/a>\n<\/span><span class=\"aioseo-breadcrumb-separator\">&raquo;<\/span><span class=\"aioseo-breadcrumb\">\n\t<a href=\"https:\/\/droix.eu\/pl\/product-category\/akcesoria\/akcesoria-do-gier\/\" title=\"Akcesoria do gier\">Akcesoria do gier<\/a>\n<\/span><span class=\"aioseo-breadcrumb-separator\">&raquo;<\/span><span class=\"aioseo-breadcrumb\">\n\tGPD WIN 4 Hardshell Case\n<\/span><\/div>","aioseo_breadcrumb_json":[{"label":"Home","link":"https:\/\/droix.eu\/pl\/"},{"label":"Akcesoria","link":"https:\/\/droix.eu\/pl\/product-category\/akcesoria\/"},{"label":"Akcesoria do gier","link":"https:\/\/droix.eu\/pl\/product-category\/akcesoria\/akcesoria-do-gier\/"},{"label":"GPD WIN 4 Hardshell Case","link":"https:\/\/droix.eu\/pl\/product\/gpd-win-4-hardshell-case\/"}],"_links":{"self":[{"href":"https:\/\/droix.eu\/pl\/wp-json\/wp\/v2\/product\/518495","targetHints":{"allow":["GET"]}}],"collection":[{"href":"https:\/\/droix.eu\/pl\/wp-json\/wp\/v2\/product"}],"about":[{"href":"https:\/\/droix.eu\/pl\/wp-json\/wp\/v2\/types\/product"}],"version-history":[{"count":0,"href":"https:\/\/droix.eu\/pl\/wp-json\/wp\/v2\/product\/518495\/revisions"}],"wp:featuredmedia":[{"embeddable":true,"href":"https:\/\/droix.eu\/pl\/wp-json\/wp\/v2\/media\/409299"}],"wp:attachment":[{"href":"https:\/\/droix.eu\/pl\/wp-json\/wp\/v2\/media?parent=518495"}],"wp:term":[{"taxonomy":"product_brand","embeddable":true,"href":"https:\/\/droix.eu\/pl\/wp-json\/wp\/v2\/product_brand?post=518495"},{"taxonomy":"product_cat","embeddable":true,"href":"https:\/\/droix.eu\/pl\/wp-json\/wp\/v2\/product_cat?post=518495"},{"taxonomy":"product_tag","embeddable":true,"href":"https:\/\/droix.eu\/pl\/wp-json\/wp\/v2\/product_tag?post=518495"},{"taxonomy":"woo-feed-brand","embeddable":true,"href":"https:\/\/droix.eu\/pl\/wp-json\/wp\/v2\/woo-feed-brand?post=518495"},{"taxonomy":"key-features","embeddable":true,"href":"https:\/\/droix.eu\/pl\/wp-json\/wp\/v2\/key-features?post=518495"}],"curies":[{"name":"wp","href":"https:\/\/api.w.org\/{rel}","templated":true}]}}