{"id":516931,"date":"2024-01-12T14:13:19","date_gmt":"2024-01-12T14:13:19","guid":{"rendered":"https:\/\/droix.eu\/product\/etui-ayn-odin-2\/"},"modified":"2026-01-20T05:42:31","modified_gmt":"2026-01-20T05:42:31","slug":"etui-ayn-odin-2","status":"publish","type":"product","link":"https:\/\/droix.eu\/pl\/product\/etui-ayn-odin-2\/","title":{"rendered":"Etui AYN Odin 2"},"content":{"rendered":"<h2><strong>Przedstawiamy etui AYN Odin 2: Najwy\u017csza ochrona i styl dla Twojego urz\u0105dzenia<\/strong><\/h2>\n<p>Zwi\u0119ksz ochron\u0119 i styl swojego urz\u0105dzenia dzi\u0119ki etui AYN Odin 2. Zaprojektowana, aby sprosta\u0107 wymaganiom nowoczesnego stylu \u017cycia, obudowa ta oferuje idealne po\u0142\u0105czenie trwa\u0142o\u015bci, funkcjonalno\u015bci i estetyki.<\/p>\n<h2><strong>Kluczowe cechy:<\/strong><\/h2>\n<h2><strong>Materia\u0142y najwy\u017cszej jako\u015bci:<\/strong><\/h2>\n<p>Wykonane z wysokiej jako\u015bci materia\u0142\u00f3w etui AYN Odin 2 jest odporne na codzienne zu\u017cycie, zachowuj\u0105c jednocze\u015bnie elegancki wygl\u0105d.<\/p>\n<h2><strong>Ochrona 360\u00b0:<\/strong><\/h2>\n<p>Etui AYN Odin zapewnia kompleksow\u0105 ochron\u0119 urz\u0105dzenia. Os\u0142ania wszystkie kraw\u0119dzie i naro\u017cniki, chroni\u0105c przed upadkami, uderzeniami i zadrapaniami.<\/p>\n<h2><strong>Smuk\u0142y i lekki:<\/strong><\/h2>\n<p>Pomimo solidnej ochrony, etui pozostaje smuk\u0142e i lekkie, zachowuj\u0105c smuk\u0142y profil urz\u0105dzenia bez dodawania niepotrzebnej masy.<\/p>\n<h2><strong>Precyzyjne dopasowanie:<\/strong><\/h2>\n<p>Etui AYN Odin 2, wykonane na zam\u00f3wienie dla AYN Odin 2, zapewnia dok\u0142adne i bezpieczne dopasowanie.<\/p>\n","protected":false},"excerpt":{"rendered":"<ul>\n<li><strong>Oficjalne<\/strong> etui AYN Odin 2<\/li>\n<li>Podszewka z mi\u0119kkiego materia\u0142u dla <strong>dodatkowej ochrony<\/strong>.<\/li>\n<li>Elegancka konstrukcja z bezpiecznym zapi\u0119ciem na suwak.<\/li>\n<\/ul>\n[droix_global_accordions]\n[cg_accordion title=\"Pakiet zawiera\"]<\/p>\n<ul>\n<li>1x Etui AYN Odin 2<\/li>\n<\/ul>\n<p>[\/cg_accordion]\n","protected":false},"featured_media":454113,"template":"","meta":{"_acf_changed":false},"product_brand":[],"product_cat":[13349,13350],"product_tag":[],"woo-feed-brand":[],"key-features":[],"class_list":{"0":"post-516931","1":"product","2":"type-product","3":"status-publish","4":"has-post-thumbnail","6":"product_cat-akcesoria","7":"product_cat-akcesoria-do-gier","8":"product_shipping_class-low-end","9":"pa_accessory-type-protective-case","10":"pa_brands-ayn-pl","12":"first","13":"instock","14":"sale","15":"taxable","16":"shipping-taxable","17":"purchasable","18":"product-type-simple"},"acf":[],"aioseo_notices":[],"aioseo_head":"\n\t\t<!-- All in One SEO Pro 4.9.5.2 - aioseo.com -->\n\t<meta name=\"description\" content=\"Oficjalne etui AYN Odin 2 Podszewka z mi\u0119kkiego materia\u0142u dla dodatkowej ochrony. Elegancka konstrukcja z bezpiecznym zapi\u0119ciem na suwak. Pakiet zawiera 1x Etui AYN Odin 2\" \/>\n\t<meta name=\"robots\" content=\"max-image-preview:large\" \/>\n\t<link rel=\"canonical\" href=\"https:\/\/droix.eu\/pl\/product\/etui-ayn-odin-2\/\" \/>\n\t<meta name=\"generator\" content=\"All in One SEO Pro (AIOSEO) 4.9.5.2\" \/>\n\t\t<meta property=\"og:locale\" content=\"pl_PL\" \/>\n\t\t<meta property=\"og:site_name\" content=\"DROIX EU - Get the latest Mini PCs, Ultrabook, PC Gaming Handhelds and more!\" \/>\n\t\t<meta property=\"og:type\" content=\"article\" \/>\n\t\t<meta property=\"og:title\" content=\"Etui AYN Odin 2 - DROIX EU\" \/>\n\t\t<meta property=\"og:description\" content=\"Oficjalne etui AYN Odin 2 Podszewka z mi\u0119kkiego materia\u0142u dla dodatkowej ochrony. Elegancka konstrukcja z bezpiecznym zapi\u0119ciem na suwak. Pakiet zawiera 1x Etui AYN Odin 2\" \/>\n\t\t<meta property=\"og:url\" content=\"https:\/\/droix.eu\/pl\/product\/etui-ayn-odin-2\/\" \/>\n\t\t<meta property=\"og:image\" content=\"https:\/\/droix.eu\/wp-content\/uploads\/2024\/06\/droix-v2-light-logo.png\" \/>\n\t\t<meta property=\"og:image:secure_url\" content=\"https:\/\/droix.eu\/wp-content\/uploads\/2024\/06\/droix-v2-light-logo.png\" \/>\n\t\t<meta property=\"og:image:width\" content=\"380\" \/>\n\t\t<meta property=\"og:image:height\" content=\"118\" \/>\n\t\t<meta property=\"article:published_time\" content=\"2024-01-12T14:13:19+00:00\" \/>\n\t\t<meta property=\"article:modified_time\" content=\"2026-01-20T05:42:31+00:00\" \/>\n\t\t<meta property=\"article:publisher\" content=\"https:\/\/www.facebook.com\/DroiX.Store\" \/>\n\t\t<meta name=\"twitter:card\" content=\"summary_large_image\" \/>\n\t\t<meta name=\"twitter:site\" content=\"@DroiX_Store\" \/>\n\t\t<meta name=\"twitter:title\" content=\"Etui AYN Odin 2 - DROIX EU\" \/>\n\t\t<meta name=\"twitter:description\" content=\"Oficjalne etui AYN Odin 2 Podszewka z mi\u0119kkiego materia\u0142u dla dodatkowej ochrony. Elegancka konstrukcja z bezpiecznym zapi\u0119ciem na suwak. Pakiet zawiera 1x Etui AYN Odin 2\" \/>\n\t\t<meta name=\"twitter:image\" content=\"https:\/\/droix.eu\/wp-content\/uploads\/2024\/06\/droix-v2-light-logo.png\" \/>\n\t\t<script type=\"application\/ld+json\" class=\"aioseo-schema\">\n\t\t\t{\"@context\":\"https:\\\/\\\/schema.org\",\"@graph\":[{\"@type\":\"BreadcrumbList\",\"@id\":\"https:\\\/\\\/droix.eu\\\/pl\\\/product\\\/etui-ayn-odin-2\\\/#breadcrumblist\",\"itemListElement\":[{\"@type\":\"ListItem\",\"@id\":\"https:\\\/\\\/droix.eu\\\/pl\\\/#listItem\",\"position\":1,\"name\":\"Home\",\"item\":\"https:\\\/\\\/droix.eu\\\/pl\\\/\",\"nextItem\":{\"@type\":\"ListItem\",\"@id\":\"https:\\\/\\\/droix.eu\\\/pl\\\/product-category\\\/akcesoria\\\/#listItem\",\"name\":\"Akcesoria\"}},{\"@type\":\"ListItem\",\"@id\":\"https:\\\/\\\/droix.eu\\\/pl\\\/product-category\\\/akcesoria\\\/#listItem\",\"position\":2,\"name\":\"Akcesoria\",\"item\":\"https:\\\/\\\/droix.eu\\\/pl\\\/product-category\\\/akcesoria\\\/\",\"nextItem\":{\"@type\":\"ListItem\",\"@id\":\"https:\\\/\\\/droix.eu\\\/pl\\\/product-category\\\/akcesoria\\\/akcesoria-do-gier\\\/#listItem\",\"name\":\"Akcesoria do gier\"},\"previousItem\":{\"@type\":\"ListItem\",\"@id\":\"https:\\\/\\\/droix.eu\\\/pl\\\/#listItem\",\"name\":\"Home\"}},{\"@type\":\"ListItem\",\"@id\":\"https:\\\/\\\/droix.eu\\\/pl\\\/product-category\\\/akcesoria\\\/akcesoria-do-gier\\\/#listItem\",\"position\":3,\"name\":\"Akcesoria do gier\",\"item\":\"https:\\\/\\\/droix.eu\\\/pl\\\/product-category\\\/akcesoria\\\/akcesoria-do-gier\\\/\",\"nextItem\":{\"@type\":\"ListItem\",\"@id\":\"https:\\\/\\\/droix.eu\\\/pl\\\/product\\\/etui-ayn-odin-2\\\/#listItem\",\"name\":\"Etui AYN Odin 2\"},\"previousItem\":{\"@type\":\"ListItem\",\"@id\":\"https:\\\/\\\/droix.eu\\\/pl\\\/product-category\\\/akcesoria\\\/#listItem\",\"name\":\"Akcesoria\"}},{\"@type\":\"ListItem\",\"@id\":\"https:\\\/\\\/droix.eu\\\/pl\\\/product\\\/etui-ayn-odin-2\\\/#listItem\",\"position\":4,\"name\":\"Etui AYN Odin 2\",\"previousItem\":{\"@type\":\"ListItem\",\"@id\":\"https:\\\/\\\/droix.eu\\\/pl\\\/product-category\\\/akcesoria\\\/akcesoria-do-gier\\\/#listItem\",\"name\":\"Akcesoria do gier\"}}]},{\"@type\":\"Organization\",\"@id\":\"https:\\\/\\\/droix.eu\\\/pl\\\/#organization\",\"name\":\"DroiX \\u2013 Trusted EU Tech Retailer with 12+ Years Experience\",\"description\":\"DroiX is a leading European technology retailer with over 12 years of experience, offering quality mini PCs, handheld gaming consoles, and tech accessories. We provide hassle-free EU delivery with all taxes included, ensuring a smooth and reliable shopping experience for our customers across Europe.\",\"url\":\"https:\\\/\\\/droix.eu\\\/pl\\\/\",\"logo\":{\"@type\":\"ImageObject\",\"url\":\"https:\\\/\\\/droix.eu\\\/wp-content\\\/uploads\\\/2024\\\/06\\\/droix-v2-light-logo.png\",\"@id\":\"https:\\\/\\\/droix.eu\\\/pl\\\/product\\\/etui-ayn-odin-2\\\/#organizationLogo\",\"width\":380,\"height\":118},\"image\":{\"@id\":\"https:\\\/\\\/droix.eu\\\/pl\\\/product\\\/etui-ayn-odin-2\\\/#organizationLogo\"},\"sameAs\":[\"https:\\\/\\\/www.facebook.com\\\/DroiX.Store\",\"https:\\\/\\\/twitter.com\\\/DroiX_Store\",\"https:\\\/\\\/www.instagram.com\\\/droix.store\\\/\",\"https:\\\/\\\/www.tiktok.com\\\/@droix.store\",\"https:\\\/\\\/www.youtube.com\\\/c\\\/DroiX_Store\",\"https:\\\/\\\/uk.linkedin.com\\\/company\\\/droix\"]},{\"@type\":\"Product\",\"@id\":\"https:\\\/\\\/droix.eu\\\/pl\\\/product\\\/etui-ayn-odin-2\\\/#wooCommerceProduct\",\"name\":\"Etui AYN Odin 2\",\"description\":\"Oficjalne etui AYN Odin 2\\n \\tPodszewka z mi\\u0119kkiego materia\\u0142u dla dodatkowej ochrony.\\n \\tElegancka konstrukcja z bezpiecznym zapi\\u0119ciem na suwak.\",\"url\":\"https:\\\/\\\/droix.eu\\\/pl\\\/product\\\/etui-ayn-odin-2\\\/\",\"sku\":\"AYN-ODIN-2-CASE\",\"gtin\":\"5060763677685\",\"image\":{\"@type\":\"ImageObject\",\"url\":\"https:\\\/\\\/droix.eu\\\/wp-content\\\/uploads\\\/2024\\\/01\\\/ODIN-2-CASE-01.png\",\"@id\":\"https:\\\/\\\/droix.eu\\\/pl\\\/product\\\/etui-ayn-odin-2\\\/#productImage\",\"width\":1500,\"height\":1500,\"caption\":\"Etui AYN Odin 2\"},\"offers\":{\"@type\":\"Offer\",\"url\":\"https:\\\/\\\/droix.eu\\\/pl\\\/product\\\/etui-ayn-odin-2\\\/#wooCommerceOffer\",\"price\":187.05,\"priceCurrency\":\"DKK\",\"category\":\"Akcesoria\",\"availability\":\"https:\\\/\\\/schema.org\\\/InStock\",\"priceSpecification\":{\"@type\":\"PriceSpecification\",\"price\":187.05,\"priceCurrency\":\"DKK\",\"valueAddedTaxIncluded\":\"true\"},\"seller\":{\"@type\":\"Organization\",\"@id\":\"https:\\\/\\\/droix.eu\\\/pl\\\/#organization\"}}},{\"@type\":\"WebPage\",\"@id\":\"https:\\\/\\\/droix.eu\\\/pl\\\/product\\\/etui-ayn-odin-2\\\/#webpage\",\"url\":\"https:\\\/\\\/droix.eu\\\/pl\\\/product\\\/etui-ayn-odin-2\\\/\",\"name\":\"Etui AYN Odin 2 - DROIX EU\",\"description\":\"Oficjalne etui AYN Odin 2 Podszewka z mi\\u0119kkiego materia\\u0142u dla dodatkowej ochrony. Elegancka konstrukcja z bezpiecznym zapi\\u0119ciem na suwak. Pakiet zawiera 1x Etui AYN Odin 2\",\"inLanguage\":\"pl-PL\",\"isPartOf\":{\"@id\":\"https:\\\/\\\/droix.eu\\\/pl\\\/#website\"},\"breadcrumb\":{\"@id\":\"https:\\\/\\\/droix.eu\\\/pl\\\/product\\\/etui-ayn-odin-2\\\/#breadcrumblist\"},\"image\":{\"@type\":\"ImageObject\",\"url\":\"https:\\\/\\\/droix.eu\\\/wp-content\\\/uploads\\\/2024\\\/01\\\/ODIN-2-CASE-01.png\",\"@id\":\"https:\\\/\\\/droix.eu\\\/pl\\\/product\\\/etui-ayn-odin-2\\\/#mainImage\",\"width\":1500,\"height\":1500,\"caption\":\"Etui AYN Odin 2\"},\"primaryImageOfPage\":{\"@id\":\"https:\\\/\\\/droix.eu\\\/pl\\\/product\\\/etui-ayn-odin-2\\\/#mainImage\"},\"datePublished\":\"2024-01-12T14:13:19+00:00\",\"dateModified\":\"2026-01-20T05:42:31+00:00\"},{\"@type\":\"WebSite\",\"@id\":\"https:\\\/\\\/droix.eu\\\/pl\\\/#website\",\"url\":\"https:\\\/\\\/droix.eu\\\/pl\\\/\",\"name\":\"DROIX EU\",\"description\":\"Get the latest Mini PCs, Ultrabook, PC Gaming Handhelds and more!\",\"inLanguage\":\"pl-PL\",\"publisher\":{\"@id\":\"https:\\\/\\\/droix.eu\\\/pl\\\/#organization\"}}]}\n\t\t<\/script>\n\t\t<!-- All in One SEO Pro -->\r\n\t\t<title>Etui AYN Odin 2 - DROIX EU<\/title>\n\n","aioseo_head_json":{"title":"Etui AYN Odin 2 - DROIX EU","description":"Oficjalne etui AYN Odin 2 Podszewka z mi\u0119kkiego materia\u0142u dla dodatkowej ochrony. Elegancka konstrukcja z bezpiecznym zapi\u0119ciem na suwak. Pakiet zawiera 1x Etui AYN Odin 2","canonical_url":"https:\/\/droix.eu\/pl\/product\/etui-ayn-odin-2\/","robots":"max-image-preview:large","keywords":"","webmasterTools":{"miscellaneous":""},"schema":{"@context":"https:\/\/schema.org","@graph":[{"@type":"BreadcrumbList","@id":"https:\/\/droix.eu\/pl\/product\/etui-ayn-odin-2\/#breadcrumblist","itemListElement":[{"@type":"ListItem","@id":"https:\/\/droix.eu\/pl\/#listItem","position":1,"name":"Home","item":"https:\/\/droix.eu\/pl\/","nextItem":{"@type":"ListItem","@id":"https:\/\/droix.eu\/pl\/product-category\/akcesoria\/#listItem","name":"Akcesoria"}},{"@type":"ListItem","@id":"https:\/\/droix.eu\/pl\/product-category\/akcesoria\/#listItem","position":2,"name":"Akcesoria","item":"https:\/\/droix.eu\/pl\/product-category\/akcesoria\/","nextItem":{"@type":"ListItem","@id":"https:\/\/droix.eu\/pl\/product-category\/akcesoria\/akcesoria-do-gier\/#listItem","name":"Akcesoria do gier"},"previousItem":{"@type":"ListItem","@id":"https:\/\/droix.eu\/pl\/#listItem","name":"Home"}},{"@type":"ListItem","@id":"https:\/\/droix.eu\/pl\/product-category\/akcesoria\/akcesoria-do-gier\/#listItem","position":3,"name":"Akcesoria do gier","item":"https:\/\/droix.eu\/pl\/product-category\/akcesoria\/akcesoria-do-gier\/","nextItem":{"@type":"ListItem","@id":"https:\/\/droix.eu\/pl\/product\/etui-ayn-odin-2\/#listItem","name":"Etui AYN Odin 2"},"previousItem":{"@type":"ListItem","@id":"https:\/\/droix.eu\/pl\/product-category\/akcesoria\/#listItem","name":"Akcesoria"}},{"@type":"ListItem","@id":"https:\/\/droix.eu\/pl\/product\/etui-ayn-odin-2\/#listItem","position":4,"name":"Etui AYN Odin 2","previousItem":{"@type":"ListItem","@id":"https:\/\/droix.eu\/pl\/product-category\/akcesoria\/akcesoria-do-gier\/#listItem","name":"Akcesoria do gier"}}]},{"@type":"Organization","@id":"https:\/\/droix.eu\/pl\/#organization","name":"DroiX \u2013 Trusted EU Tech Retailer with 12+ Years Experience","description":"DroiX is a leading European technology retailer with over 12 years of experience, offering quality mini PCs, handheld gaming consoles, and tech accessories. We provide hassle-free EU delivery with all taxes included, ensuring a smooth and reliable shopping experience for our customers across Europe.","url":"https:\/\/droix.eu\/pl\/","logo":{"@type":"ImageObject","url":"https:\/\/droix.eu\/wp-content\/uploads\/2024\/06\/droix-v2-light-logo.png","@id":"https:\/\/droix.eu\/pl\/product\/etui-ayn-odin-2\/#organizationLogo","width":380,"height":118},"image":{"@id":"https:\/\/droix.eu\/pl\/product\/etui-ayn-odin-2\/#organizationLogo"},"sameAs":["https:\/\/www.facebook.com\/DroiX.Store","https:\/\/twitter.com\/DroiX_Store","https:\/\/www.instagram.com\/droix.store\/","https:\/\/www.tiktok.com\/@droix.store","https:\/\/www.youtube.com\/c\/DroiX_Store","https:\/\/uk.linkedin.com\/company\/droix"]},{"@type":"Product","@id":"https:\/\/droix.eu\/pl\/product\/etui-ayn-odin-2\/#wooCommerceProduct","name":"Etui AYN Odin 2","description":"Oficjalne etui AYN Odin 2\n \tPodszewka z mi\u0119kkiego materia\u0142u dla dodatkowej ochrony.\n \tElegancka konstrukcja z bezpiecznym zapi\u0119ciem na suwak.","url":"https:\/\/droix.eu\/pl\/product\/etui-ayn-odin-2\/","sku":"AYN-ODIN-2-CASE","gtin":"5060763677685","image":{"@type":"ImageObject","url":"https:\/\/droix.eu\/wp-content\/uploads\/2024\/01\/ODIN-2-CASE-01.png","@id":"https:\/\/droix.eu\/pl\/product\/etui-ayn-odin-2\/#productImage","width":1500,"height":1500,"caption":"Etui AYN Odin 2"},"offers":{"@type":"Offer","url":"https:\/\/droix.eu\/pl\/product\/etui-ayn-odin-2\/#wooCommerceOffer","price":187.05,"priceCurrency":"DKK","category":"Akcesoria","availability":"https:\/\/schema.org\/InStock","priceSpecification":{"@type":"PriceSpecification","price":187.05,"priceCurrency":"DKK","valueAddedTaxIncluded":"true"},"seller":{"@type":"Organization","@id":"https:\/\/droix.eu\/pl\/#organization"}}},{"@type":"WebPage","@id":"https:\/\/droix.eu\/pl\/product\/etui-ayn-odin-2\/#webpage","url":"https:\/\/droix.eu\/pl\/product\/etui-ayn-odin-2\/","name":"Etui AYN Odin 2 - DROIX EU","description":"Oficjalne etui AYN Odin 2 Podszewka z mi\u0119kkiego materia\u0142u dla dodatkowej ochrony. Elegancka konstrukcja z bezpiecznym zapi\u0119ciem na suwak. Pakiet zawiera 1x Etui AYN Odin 2","inLanguage":"pl-PL","isPartOf":{"@id":"https:\/\/droix.eu\/pl\/#website"},"breadcrumb":{"@id":"https:\/\/droix.eu\/pl\/product\/etui-ayn-odin-2\/#breadcrumblist"},"image":{"@type":"ImageObject","url":"https:\/\/droix.eu\/wp-content\/uploads\/2024\/01\/ODIN-2-CASE-01.png","@id":"https:\/\/droix.eu\/pl\/product\/etui-ayn-odin-2\/#mainImage","width":1500,"height":1500,"caption":"Etui AYN Odin 2"},"primaryImageOfPage":{"@id":"https:\/\/droix.eu\/pl\/product\/etui-ayn-odin-2\/#mainImage"},"datePublished":"2024-01-12T14:13:19+00:00","dateModified":"2026-01-20T05:42:31+00:00"},{"@type":"WebSite","@id":"https:\/\/droix.eu\/pl\/#website","url":"https:\/\/droix.eu\/pl\/","name":"DROIX EU","description":"Get the latest Mini PCs, Ultrabook, PC Gaming Handhelds and more!","inLanguage":"pl-PL","publisher":{"@id":"https:\/\/droix.eu\/pl\/#organization"}}]},"og:locale":"pl_PL","og:site_name":"DROIX EU - Get the latest Mini PCs, Ultrabook, PC Gaming Handhelds and more!","og:type":"article","og:title":"Etui AYN Odin 2 - DROIX EU","og:description":"Oficjalne etui AYN Odin 2 Podszewka z mi\u0119kkiego materia\u0142u dla dodatkowej ochrony. Elegancka konstrukcja z bezpiecznym zapi\u0119ciem na suwak. Pakiet zawiera 1x Etui AYN Odin 2","og:url":"https:\/\/droix.eu\/pl\/product\/etui-ayn-odin-2\/","og:image":"https:\/\/droix.eu\/wp-content\/uploads\/2024\/06\/droix-v2-light-logo.png","og:image:secure_url":"https:\/\/droix.eu\/wp-content\/uploads\/2024\/06\/droix-v2-light-logo.png","og:image:width":380,"og:image:height":118,"article:published_time":"2024-01-12T14:13:19+00:00","article:modified_time":"2026-01-20T05:42:31+00:00","article:publisher":"https:\/\/www.facebook.com\/DroiX.Store","twitter:card":"summary_large_image","twitter:site":"@DroiX_Store","twitter:title":"Etui AYN Odin 2 - DROIX EU","twitter:description":"Oficjalne etui AYN Odin 2 Podszewka z mi\u0119kkiego materia\u0142u dla dodatkowej ochrony. Elegancka konstrukcja z bezpiecznym zapi\u0119ciem na suwak. Pakiet zawiera 1x Etui AYN Odin 2","twitter:image":"https:\/\/droix.eu\/wp-content\/uploads\/2024\/06\/droix-v2-light-logo.png"},"aioseo_meta_data":{"post_id":"516931","title":null,"description":null,"keywords":null,"keyphrases":{"focus":{"keyphrase":"","score":0,"analysis":{"keyphraseInTitle":{"score":0,"maxScore":9,"error":1}}},"additional":[]},"primary_term":null,"canonical_url":null,"og_title":null,"og_description":null,"og_object_type":"default","og_image_type":"default","og_image_url":null,"og_image_width":null,"og_image_height":null,"og_image_custom_url":null,"og_image_custom_fields":null,"og_video":"","og_custom_url":null,"og_article_section":null,"og_article_tags":null,"twitter_use_og":true,"twitter_card":"default","twitter_image_type":"default","twitter_image_url":null,"twitter_image_custom_url":null,"twitter_image_custom_fields":null,"twitter_title":null,"twitter_description":null,"schema":{"blockGraphs":[],"customGraphs":[],"default":{"data":{"Article":[],"Course":[],"Dataset":[],"FAQPage":[],"Movie":[],"Person":[],"Product":[],"ProductReview":[],"Car":[],"Recipe":[],"Service":[],"SoftwareApplication":[],"WebPage":[]},"graphName":"Product","isEnabled":true},"graphs":[]},"schema_type":"default","schema_type_options":null,"pillar_content":false,"robots_default":true,"robots_noindex":false,"robots_noarchive":false,"robots_nosnippet":false,"robots_nofollow":false,"robots_noimageindex":false,"robots_noodp":false,"robots_notranslate":false,"robots_max_snippet":"-1","robots_max_videopreview":"-1","robots_max_imagepreview":"large","priority":null,"frequency":"default","local_seo":null,"seo_analyzer_scan_date":"2025-11-28 10:39:55","breadcrumb_settings":null,"limit_modified_date":false,"reviewed_by":null,"open_ai":null,"ai":{"faqs":[],"keyPoints":[],"titles":[],"descriptions":[],"socialPosts":{"email":[],"linkedin":[],"twitter":[],"facebook":[],"instagram":[]}},"created":"2025-10-09 05:07:43","updated":"2026-01-24 11:47:26"},"aioseo_breadcrumb":"<div class=\"aioseo-breadcrumbs\"><span class=\"aioseo-breadcrumb\">\n\t<a href=\"https:\/\/droix.eu\/pl\/\" title=\"Home\">Home<\/a>\n<\/span><span class=\"aioseo-breadcrumb-separator\">&raquo;<\/span><span class=\"aioseo-breadcrumb\">\n\t<a href=\"https:\/\/droix.eu\/pl\/product-category\/akcesoria\/\" title=\"Akcesoria\">Akcesoria<\/a>\n<\/span><span class=\"aioseo-breadcrumb-separator\">&raquo;<\/span><span class=\"aioseo-breadcrumb\">\n\t<a href=\"https:\/\/droix.eu\/pl\/product-category\/akcesoria\/akcesoria-do-gier\/\" title=\"Akcesoria do gier\">Akcesoria do gier<\/a>\n<\/span><span class=\"aioseo-breadcrumb-separator\">&raquo;<\/span><span class=\"aioseo-breadcrumb\">\n\tEtui AYN Odin 2\n<\/span><\/div>","aioseo_breadcrumb_json":[{"label":"Home","link":"https:\/\/droix.eu\/pl\/"},{"label":"Akcesoria","link":"https:\/\/droix.eu\/pl\/product-category\/akcesoria\/"},{"label":"Akcesoria do gier","link":"https:\/\/droix.eu\/pl\/product-category\/akcesoria\/akcesoria-do-gier\/"},{"label":"Etui AYN Odin 2","link":"https:\/\/droix.eu\/pl\/product\/etui-ayn-odin-2\/"}],"_links":{"self":[{"href":"https:\/\/droix.eu\/pl\/wp-json\/wp\/v2\/product\/516931","targetHints":{"allow":["GET"]}}],"collection":[{"href":"https:\/\/droix.eu\/pl\/wp-json\/wp\/v2\/product"}],"about":[{"href":"https:\/\/droix.eu\/pl\/wp-json\/wp\/v2\/types\/product"}],"version-history":[{"count":0,"href":"https:\/\/droix.eu\/pl\/wp-json\/wp\/v2\/product\/516931\/revisions"}],"wp:featuredmedia":[{"embeddable":true,"href":"https:\/\/droix.eu\/pl\/wp-json\/wp\/v2\/media\/454113"}],"wp:attachment":[{"href":"https:\/\/droix.eu\/pl\/wp-json\/wp\/v2\/media?parent=516931"}],"wp:term":[{"taxonomy":"product_brand","embeddable":true,"href":"https:\/\/droix.eu\/pl\/wp-json\/wp\/v2\/product_brand?post=516931"},{"taxonomy":"product_cat","embeddable":true,"href":"https:\/\/droix.eu\/pl\/wp-json\/wp\/v2\/product_cat?post=516931"},{"taxonomy":"product_tag","embeddable":true,"href":"https:\/\/droix.eu\/pl\/wp-json\/wp\/v2\/product_tag?post=516931"},{"taxonomy":"woo-feed-brand","embeddable":true,"href":"https:\/\/droix.eu\/pl\/wp-json\/wp\/v2\/woo-feed-brand?post=516931"},{"taxonomy":"key-features","embeddable":true,"href":"https:\/\/droix.eu\/pl\/wp-json\/wp\/v2\/key-features?post=516931"}],"curies":[{"name":"wp","href":"https:\/\/api.w.org\/{rel}","templated":true}]}}