{"id":516096,"date":"2023-10-11T09:28:54","date_gmt":"2023-10-11T09:28:54","guid":{"rendered":"https:\/\/droix.eu\/product\/gpd-win-4-compact-case\/"},"modified":"2025-11-28T16:32:09","modified_gmt":"2025-11-28T16:32:09","slug":"gpd-win-4-compact-case","status":"publish","type":"product","link":"https:\/\/droix.eu\/pl\/product\/gpd-win-4-compact-case\/","title":{"rendered":"GPD WIN 4 Compact Case"},"content":{"rendered":"<p><strong>GPD WIN 4<\/strong> to pot\u0119\u017cne komputery do gier, kt\u00f3re zosta\u0142y zaprojektowane, aby zapewni\u0107 wci\u0105gaj\u0105ce wra\u017cenia z gry w podr\u00f3\u017cy. Aby chroni\u0107 te wysokiej klasy urz\u0105dzenia przed zadrapaniami, uderzeniami i innymi uszkodzeniami zewn\u0119trznymi, niezb\u0119dne jest <strong>twarde etui ochronne<\/strong>. Kompaktowy futera\u0142 GPD WIN 4 to wytrzyma\u0142y, lekki i stylowy futera\u0142, kt\u00f3ry zosta\u0142 specjalnie zaprojektowany, aby pasowa\u0142 do tych gamingowych handheld\u00f3w. Obudowa wykonana jest z wysokiej jako\u015bci materia\u0142\u00f3w, takich jak poliw\u0119glan i tworzywo ABS, kt\u00f3re zapewniaj\u0105 doskona\u0142\u0105 ochron\u0119 przed uderzeniami, zadrapaniami i innymi uszkodzeniami zewn\u0119trznymi. Wn\u0119trze etui jest wy\u0142o\u017cone mi\u0119kkim i g\u0142adkim materia\u0142em, kt\u00f3ry zapewnia dodatkow\u0105 ochron\u0119 przed zadrapaniami i kurzem. Etui posiada r\u00f3wnie\u017c bezpieczne zamkni\u0119cie na zamek b\u0142yskawiczny, kt\u00f3re zapewnia, \u017ce handheld pozostanie na swoim miejscu podczas transportu.<\/p>\n","protected":false},"excerpt":{"rendered":"<ul>\n<li><strong>Oficjalne<\/strong> etui ochronne GPD dla Win 4<\/li>\n<li><strong>Wytrzyma\u0142a<\/strong> zewn\u0119trzna pow\u0142oka z polimeru syntetycznego<\/li>\n<li>Podszewka z mi\u0119kkiego materia\u0142u dla <strong>dodatkowej ochrony<\/strong>.<\/li>\n<li><strong>Oddzielna komora<\/strong> na urz\u0105dzenia peryferyjne.<\/li>\n<li>Elegancka konstrukcja z bezpiecznym zapi\u0119ciem na suwak.<\/li>\n<\/ul>\n[cg_accordion title=\"2-letnia gwarancja na wszystkie produkty GPD\"]<\/p>\n<p>Wszystkie produkty GPD s\u0105 obj\u0119te 2-letni\u0105 gwarancj\u0105 i s\u0105 wspierane przez ponad 13 lat zaufanej obs\u0142ugi. Do\u0142\u0105cz do naszej spo\u0142eczno\u015bci ponad 500 000 zadowolonych klient\u00f3w i b\u0105d\u017a pewny swojego zakupu. [\/cg_accordion]\n[cg_accordion title=\"Zapewnienie jako\u015bci i testy przed wysy\u0142k\u0105\"]<\/p>\n<p>Zapewnienie satysfakcji klienta na najwy\u017cszym poziomie: Ka\u017cde urz\u0105dzenie przechodzi rygorystyczne testy i wielopunktow\u0105 kontrol\u0119 jako\u015bci przed wysy\u0142k\u0105. Nasz dedykowany zesp\u00f3\u0142 weryfikuje wydajno\u015b\u0107, funkcjonalno\u015b\u0107 i integralno\u015b\u0107 komponent\u00f3w, aby zagwarantowa\u0107, \u017ce urz\u0105dzenie GPD jest w idealnym stanie po dostarczeniu, zapewniaj\u0105c pewno\u015b\u0107 i spok\u00f3j ducha. [\/cg_accordion]\n[cg_accordion title=\"Elastyczne i bezpieczne opcje p\u0142atno\u015bci\"]<\/p>\n<p>Ciesz si\u0119 spokojem dzi\u0119ki naszemu bezpiecznemu systemowi p\u0142atno\u015bci. Obs\u0142ugujemy wszystkie g\u0142\u00f3wne metody p\u0142atno\u015bci, w tym karty debetowe\/kredytowe, PayPal, Apple Pay, Google Pay, Klarna, Afterpay i Affirm &#8211; daj\u0105c ci swobod\u0119 p\u0142acenia z g\u00f3ry lub w \u0142atwych ratach. [\/cg_accordion]\n[cg_accordion title=\"Podatki\"]<\/p>\n<p>Ceny zawieraj\u0105 obowi\u0105zuj\u0105cy podatek VAT, kt\u00f3ry mo\u017ce wynosi\u0107 do 25% w zale\u017cno\u015bci od kraju. Dok\u0142adna kwota jest wy\u015bwietlana podczas p\u0142atno\u015bci, aby zapewni\u0107 pe\u0142n\u0105 przejrzysto\u015b\u0107. [\/cg_accordion]\n[cg_accordion title=\"Wysy\u0142ka i zwroty\"]<\/p>\n<p>Wsp\u00f3\u0142pracujemy z ponad 10 zaufanymi partnerami wysy\u0142kowymi, aby zapewni\u0107, \u017ce Twoje zam\u00f3wienie dotrze szybko, bezpiecznie i niezawodnie.<\/p>\n<p>Korzystamy z ekspresowej wysy\u0142ki DDP (Delivered Duty Paid). Oznacza to: <\/p>\n<li>Wszystkie c\u0142a i podatki s\u0105 ju\u017c wliczone w podan\u0105 cen\u0119 produktu.<\/li>\n<li>Przy dostawie nie zostan\u0105 naliczone \u017cadne niespodziewane op\u0142aty.<\/li>\n<li>W rzadkich przypadkach op\u00f3\u017anie\u0144 celnych nasz zesp\u00f3\u0142 b\u0119dzie zarz\u0105dza\u0142 procesem odprawy celnej, aby zapewni\u0107 sprawn\u0105 dostaw\u0119.<\/li>\n<p>Wa\u017cne informacje dotycz\u0105ce zwrot\u00f3w:<\/p>\n<li>W przypadku zwrotu zam\u00f3wienia lub \u017c\u0105dania zwrotu pieni\u0119dzy nale\u017cy pami\u0119ta\u0107, \u017ce wszelkie podatki i c\u0142a zap\u0142acone w imieniu u\u017cytkownika zgodnie z warunkami DDP nie podlegaj\u0105 zwrotowi.<\/li>\n<p>Szczeg\u00f3\u0142owe informacje mo\u017cna znale\u017a\u0107 w naszym <a href=\"https:\/\/droix.eu\/pl\/zasady-i-warunki\/\" target=\"_blank\" rel=\"nofollow noopener\">Regulaminie<\/a>.\n<\/ul>\n<p>[\/cg_accordion]\n[cg_accordion title=\"Obs\u0142uga klienta\"]<\/p>\n<p>Masz pytanie? Wystarczy kr\u00f3tka wiadomo\u015b\u0107 tekstowa, aby rozwi\u0105za\u0107 Tw\u00f3j problem! [\/cg_accordion]\n[cg_accordion title=\"Pakiet zawiera\"]<\/p>\n<ul>\n<li>1x GPD WIN 4 Compact Case<\/li>\n<\/ul>\n<p>[\/cg_accordion]\n","protected":false},"featured_media":431452,"template":"","meta":{"_acf_changed":false},"product_brand":[],"product_cat":[13349,13350],"product_tag":[],"woo-feed-brand":[],"key-features":[],"class_list":{"0":"post-516096","1":"product","2":"type-product","3":"status-publish","4":"has-post-thumbnail","6":"product_cat-akcesoria","7":"product_cat-akcesoria-do-gier","8":"product_shipping_class-low-end","9":"pa_accessory-type-protective-case","10":"pa_brands-gpd-pl","12":"first","13":"outofstock","14":"sale","15":"taxable","16":"shipping-taxable","17":"purchasable","18":"product-type-simple"},"acf":[],"aioseo_notices":[],"aioseo_head":"\n\t\t<!-- All in One SEO Pro 4.9.6.2 - aioseo.com -->\n\t<meta name=\"description\" content=\"Oficjalne etui ochronne GPD dla Win 4 Wytrzyma\u0142a zewn\u0119trzna pow\u0142oka z polimeru syntetycznego Podszewka z mi\u0119kkiego materia\u0142u dla dodatkowej ochrony. Oddzielna komora na urz\u0105dzenia peryferyjne. Elegancka konstrukcja z bezpiecznym zapi\u0119ciem na suwak.\" \/>\n\t<meta name=\"robots\" content=\"max-image-preview:large\" \/>\n\t<link rel=\"canonical\" href=\"https:\/\/droix.eu\/pl\/product\/gpd-win-4-compact-case\/\" \/>\n\t<meta name=\"generator\" content=\"All in One SEO Pro (AIOSEO) 4.9.6.2\" \/>\n\t\t<meta property=\"og:locale\" content=\"pl_PL\" \/>\n\t\t<meta property=\"og:site_name\" content=\"DROIX EU - Get the latest Mini PCs, Ultrabook, PC Gaming Handhelds and more!\" \/>\n\t\t<meta property=\"og:type\" content=\"article\" \/>\n\t\t<meta property=\"og:title\" content=\"GPD WIN 4 Compact Case - DROIX EU\" \/>\n\t\t<meta property=\"og:description\" content=\"Oficjalne etui ochronne GPD dla Win 4 Wytrzyma\u0142a zewn\u0119trzna pow\u0142oka z polimeru syntetycznego Podszewka z mi\u0119kkiego materia\u0142u dla dodatkowej ochrony. Oddzielna komora na urz\u0105dzenia peryferyjne. Elegancka konstrukcja z bezpiecznym zapi\u0119ciem na suwak.\" \/>\n\t\t<meta property=\"og:url\" content=\"https:\/\/droix.eu\/pl\/product\/gpd-win-4-compact-case\/\" \/>\n\t\t<meta property=\"og:image\" content=\"https:\/\/droix.eu\/wp-content\/uploads\/2024\/06\/droix-v2-light-logo.png\" \/>\n\t\t<meta property=\"og:image:secure_url\" content=\"https:\/\/droix.eu\/wp-content\/uploads\/2024\/06\/droix-v2-light-logo.png\" \/>\n\t\t<meta property=\"og:image:width\" content=\"380\" \/>\n\t\t<meta property=\"og:image:height\" content=\"118\" \/>\n\t\t<meta property=\"article:published_time\" content=\"2023-10-11T09:28:54+00:00\" \/>\n\t\t<meta property=\"article:modified_time\" content=\"2025-11-28T16:32:09+00:00\" \/>\n\t\t<meta property=\"article:publisher\" content=\"https:\/\/www.facebook.com\/DroiX.Store\" \/>\n\t\t<meta name=\"twitter:card\" content=\"summary_large_image\" \/>\n\t\t<meta name=\"twitter:site\" content=\"@DroiX_Store\" \/>\n\t\t<meta name=\"twitter:title\" content=\"GPD WIN 4 Compact Case - DROIX EU\" \/>\n\t\t<meta name=\"twitter:description\" content=\"Oficjalne etui ochronne GPD dla Win 4 Wytrzyma\u0142a zewn\u0119trzna pow\u0142oka z polimeru syntetycznego Podszewka z mi\u0119kkiego materia\u0142u dla dodatkowej ochrony. Oddzielna komora na urz\u0105dzenia peryferyjne. Elegancka konstrukcja z bezpiecznym zapi\u0119ciem na suwak.\" \/>\n\t\t<meta name=\"twitter:image\" content=\"https:\/\/droix.eu\/wp-content\/uploads\/2024\/06\/droix-v2-light-logo.png\" \/>\n\t\t<script type=\"application\/ld+json\" class=\"aioseo-schema\">\n\t\t\t{\"@context\":\"https:\\\/\\\/schema.org\",\"@graph\":[{\"@type\":\"BreadcrumbList\",\"@id\":\"https:\\\/\\\/droix.eu\\\/pl\\\/product\\\/gpd-win-4-compact-case\\\/#breadcrumblist\",\"itemListElement\":[{\"@type\":\"ListItem\",\"@id\":\"https:\\\/\\\/droix.eu\\\/pl\\\/#listItem\",\"position\":1,\"name\":\"Home\",\"item\":\"https:\\\/\\\/droix.eu\\\/pl\\\/\",\"nextItem\":{\"@type\":\"ListItem\",\"@id\":\"https:\\\/\\\/droix.eu\\\/pl\\\/product-category\\\/akcesoria\\\/#listItem\",\"name\":\"Akcesoria\"}},{\"@type\":\"ListItem\",\"@id\":\"https:\\\/\\\/droix.eu\\\/pl\\\/product-category\\\/akcesoria\\\/#listItem\",\"position\":2,\"name\":\"Akcesoria\",\"item\":\"https:\\\/\\\/droix.eu\\\/pl\\\/product-category\\\/akcesoria\\\/\",\"nextItem\":{\"@type\":\"ListItem\",\"@id\":\"https:\\\/\\\/droix.eu\\\/pl\\\/product-category\\\/akcesoria\\\/akcesoria-do-gier\\\/#listItem\",\"name\":\"Akcesoria do gier\"},\"previousItem\":{\"@type\":\"ListItem\",\"@id\":\"https:\\\/\\\/droix.eu\\\/pl\\\/#listItem\",\"name\":\"Home\"}},{\"@type\":\"ListItem\",\"@id\":\"https:\\\/\\\/droix.eu\\\/pl\\\/product-category\\\/akcesoria\\\/akcesoria-do-gier\\\/#listItem\",\"position\":3,\"name\":\"Akcesoria do gier\",\"item\":\"https:\\\/\\\/droix.eu\\\/pl\\\/product-category\\\/akcesoria\\\/akcesoria-do-gier\\\/\",\"nextItem\":{\"@type\":\"ListItem\",\"@id\":\"https:\\\/\\\/droix.eu\\\/pl\\\/product\\\/gpd-win-4-compact-case\\\/#listItem\",\"name\":\"GPD WIN 4 Compact Case\"},\"previousItem\":{\"@type\":\"ListItem\",\"@id\":\"https:\\\/\\\/droix.eu\\\/pl\\\/product-category\\\/akcesoria\\\/#listItem\",\"name\":\"Akcesoria\"}},{\"@type\":\"ListItem\",\"@id\":\"https:\\\/\\\/droix.eu\\\/pl\\\/product\\\/gpd-win-4-compact-case\\\/#listItem\",\"position\":4,\"name\":\"GPD WIN 4 Compact Case\",\"previousItem\":{\"@type\":\"ListItem\",\"@id\":\"https:\\\/\\\/droix.eu\\\/pl\\\/product-category\\\/akcesoria\\\/akcesoria-do-gier\\\/#listItem\",\"name\":\"Akcesoria do gier\"}}]},{\"@type\":\"Organization\",\"@id\":\"https:\\\/\\\/droix.eu\\\/pl\\\/#organization\",\"name\":\"DroiX \\u2013 Trusted EU Tech Retailer with 12+ Years Experience\",\"description\":\"DroiX is a leading European technology retailer with over 12 years of experience, offering quality mini PCs, handheld gaming consoles, and tech accessories. We provide hassle-free EU delivery with all taxes included, ensuring a smooth and reliable shopping experience for our customers across Europe.\",\"url\":\"https:\\\/\\\/droix.eu\\\/pl\\\/\",\"logo\":{\"@type\":\"ImageObject\",\"url\":\"https:\\\/\\\/droix.eu\\\/wp-content\\\/uploads\\\/2024\\\/06\\\/droix-v2-light-logo.png\",\"@id\":\"https:\\\/\\\/droix.eu\\\/pl\\\/product\\\/gpd-win-4-compact-case\\\/#organizationLogo\",\"width\":380,\"height\":118},\"image\":{\"@id\":\"https:\\\/\\\/droix.eu\\\/pl\\\/product\\\/gpd-win-4-compact-case\\\/#organizationLogo\"},\"sameAs\":[\"https:\\\/\\\/www.facebook.com\\\/DroiX.Store\",\"https:\\\/\\\/twitter.com\\\/DroiX_Store\",\"https:\\\/\\\/www.instagram.com\\\/droix.store\\\/\",\"https:\\\/\\\/www.tiktok.com\\\/@droix.store\",\"https:\\\/\\\/www.youtube.com\\\/c\\\/DroiX_Store\",\"https:\\\/\\\/uk.linkedin.com\\\/company\\\/droix\"]},{\"@type\":\"Product\",\"@id\":\"https:\\\/\\\/droix.eu\\\/pl\\\/product\\\/gpd-win-4-compact-case\\\/#wooCommerceProduct\",\"name\":\"GPD WIN 4 Compact Case\",\"description\":\"Oficjalne etui ochronne GPD dla Win 4\\n \\tWytrzyma\\u0142a zewn\\u0119trzna pow\\u0142oka z polimeru syntetycznego\\n \\tPodszewka z mi\\u0119kkiego materia\\u0142u dla dodatkowej ochrony.\\n \\tOddzielna komora na urz\\u0105dzenia peryferyjne.\\n \\tElegancka konstrukcja z bezpiecznym zapi\\u0119ciem na suwak.\",\"url\":\"https:\\\/\\\/droix.eu\\\/pl\\\/product\\\/gpd-win-4-compact-case\\\/\",\"sku\":\"GPD-WIN_4-COMPACT_CASE\",\"gtin\":\"5060763676435\",\"image\":{\"@type\":\"ImageObject\",\"url\":\"https:\\\/\\\/droix.eu\\\/wp-content\\\/uploads\\\/2023\\\/10\\\/GPD_WIN_4-SMALL-HARDSHELL-CASE-DONE-IMAGE-1.png\",\"@id\":\"https:\\\/\\\/droix.eu\\\/pl\\\/product\\\/gpd-win-4-compact-case\\\/#productImage\",\"width\":1500,\"height\":1500,\"caption\":\"GPD Win 4 Compact Case Closed 1\"},\"offers\":{\"@type\":\"Offer\",\"url\":\"https:\\\/\\\/droix.eu\\\/pl\\\/product\\\/gpd-win-4-compact-case\\\/#wooCommerceOffer\",\"price\":14.7,\"priceCurrency\":\"EUR\",\"category\":\"Akcesoria\",\"availability\":\"https:\\\/\\\/schema.org\\\/OutOfStock\",\"priceSpecification\":{\"@type\":\"PriceSpecification\",\"price\":14.7,\"priceCurrency\":\"EUR\",\"valueAddedTaxIncluded\":\"true\"},\"seller\":{\"@type\":\"Organization\",\"@id\":\"https:\\\/\\\/droix.eu\\\/pl\\\/#organization\"}}},{\"@type\":\"WebPage\",\"@id\":\"https:\\\/\\\/droix.eu\\\/pl\\\/product\\\/gpd-win-4-compact-case\\\/#webpage\",\"url\":\"https:\\\/\\\/droix.eu\\\/pl\\\/product\\\/gpd-win-4-compact-case\\\/\",\"name\":\"GPD WIN 4 Compact Case - DROIX EU\",\"description\":\"Oficjalne etui ochronne GPD dla Win 4 Wytrzyma\\u0142a zewn\\u0119trzna pow\\u0142oka z polimeru syntetycznego Podszewka z mi\\u0119kkiego materia\\u0142u dla dodatkowej ochrony. Oddzielna komora na urz\\u0105dzenia peryferyjne. Elegancka konstrukcja z bezpiecznym zapi\\u0119ciem na suwak.\",\"inLanguage\":\"pl-PL\",\"isPartOf\":{\"@id\":\"https:\\\/\\\/droix.eu\\\/pl\\\/#website\"},\"breadcrumb\":{\"@id\":\"https:\\\/\\\/droix.eu\\\/pl\\\/product\\\/gpd-win-4-compact-case\\\/#breadcrumblist\"},\"image\":{\"@type\":\"ImageObject\",\"url\":\"https:\\\/\\\/droix.eu\\\/wp-content\\\/uploads\\\/2023\\\/10\\\/GPD_WIN_4-SMALL-HARDSHELL-CASE-DONE-IMAGE-1.png\",\"@id\":\"https:\\\/\\\/droix.eu\\\/pl\\\/product\\\/gpd-win-4-compact-case\\\/#mainImage\",\"width\":1500,\"height\":1500,\"caption\":\"GPD Win 4 Compact Case Closed 1\"},\"primaryImageOfPage\":{\"@id\":\"https:\\\/\\\/droix.eu\\\/pl\\\/product\\\/gpd-win-4-compact-case\\\/#mainImage\"},\"datePublished\":\"2023-10-11T09:28:54+01:00\",\"dateModified\":\"2025-11-28T16:32:09+00:00\"},{\"@type\":\"WebSite\",\"@id\":\"https:\\\/\\\/droix.eu\\\/pl\\\/#website\",\"url\":\"https:\\\/\\\/droix.eu\\\/pl\\\/\",\"name\":\"DROIX EU\",\"description\":\"Get the latest Mini PCs, Ultrabook, PC Gaming Handhelds and more!\",\"inLanguage\":\"pl-PL\",\"publisher\":{\"@id\":\"https:\\\/\\\/droix.eu\\\/pl\\\/#organization\"}}]}\n\t\t<\/script>\n\t\t<!-- All in One SEO Pro -->\r\n\t\t<title>GPD WIN 4 Compact Case - DROIX EU<\/title>\n\n","aioseo_head_json":{"title":"GPD WIN 4 Compact Case - DROIX EU","description":"Oficjalne etui ochronne GPD dla Win 4 Wytrzyma\u0142a zewn\u0119trzna pow\u0142oka z polimeru syntetycznego Podszewka z mi\u0119kkiego materia\u0142u dla dodatkowej ochrony. Oddzielna komora na urz\u0105dzenia peryferyjne. Elegancka konstrukcja z bezpiecznym zapi\u0119ciem na suwak.","canonical_url":"https:\/\/droix.eu\/pl\/product\/gpd-win-4-compact-case\/","robots":"max-image-preview:large","keywords":"","webmasterTools":{"miscellaneous":""},"schema":{"@context":"https:\/\/schema.org","@graph":[{"@type":"BreadcrumbList","@id":"https:\/\/droix.eu\/pl\/product\/gpd-win-4-compact-case\/#breadcrumblist","itemListElement":[{"@type":"ListItem","@id":"https:\/\/droix.eu\/pl\/#listItem","position":1,"name":"Home","item":"https:\/\/droix.eu\/pl\/","nextItem":{"@type":"ListItem","@id":"https:\/\/droix.eu\/pl\/product-category\/akcesoria\/#listItem","name":"Akcesoria"}},{"@type":"ListItem","@id":"https:\/\/droix.eu\/pl\/product-category\/akcesoria\/#listItem","position":2,"name":"Akcesoria","item":"https:\/\/droix.eu\/pl\/product-category\/akcesoria\/","nextItem":{"@type":"ListItem","@id":"https:\/\/droix.eu\/pl\/product-category\/akcesoria\/akcesoria-do-gier\/#listItem","name":"Akcesoria do gier"},"previousItem":{"@type":"ListItem","@id":"https:\/\/droix.eu\/pl\/#listItem","name":"Home"}},{"@type":"ListItem","@id":"https:\/\/droix.eu\/pl\/product-category\/akcesoria\/akcesoria-do-gier\/#listItem","position":3,"name":"Akcesoria do gier","item":"https:\/\/droix.eu\/pl\/product-category\/akcesoria\/akcesoria-do-gier\/","nextItem":{"@type":"ListItem","@id":"https:\/\/droix.eu\/pl\/product\/gpd-win-4-compact-case\/#listItem","name":"GPD WIN 4 Compact Case"},"previousItem":{"@type":"ListItem","@id":"https:\/\/droix.eu\/pl\/product-category\/akcesoria\/#listItem","name":"Akcesoria"}},{"@type":"ListItem","@id":"https:\/\/droix.eu\/pl\/product\/gpd-win-4-compact-case\/#listItem","position":4,"name":"GPD WIN 4 Compact Case","previousItem":{"@type":"ListItem","@id":"https:\/\/droix.eu\/pl\/product-category\/akcesoria\/akcesoria-do-gier\/#listItem","name":"Akcesoria do gier"}}]},{"@type":"Organization","@id":"https:\/\/droix.eu\/pl\/#organization","name":"DroiX \u2013 Trusted EU Tech Retailer with 12+ Years Experience","description":"DroiX is a leading European technology retailer with over 12 years of experience, offering quality mini PCs, handheld gaming consoles, and tech accessories. We provide hassle-free EU delivery with all taxes included, ensuring a smooth and reliable shopping experience for our customers across Europe.","url":"https:\/\/droix.eu\/pl\/","logo":{"@type":"ImageObject","url":"https:\/\/droix.eu\/wp-content\/uploads\/2024\/06\/droix-v2-light-logo.png","@id":"https:\/\/droix.eu\/pl\/product\/gpd-win-4-compact-case\/#organizationLogo","width":380,"height":118},"image":{"@id":"https:\/\/droix.eu\/pl\/product\/gpd-win-4-compact-case\/#organizationLogo"},"sameAs":["https:\/\/www.facebook.com\/DroiX.Store","https:\/\/twitter.com\/DroiX_Store","https:\/\/www.instagram.com\/droix.store\/","https:\/\/www.tiktok.com\/@droix.store","https:\/\/www.youtube.com\/c\/DroiX_Store","https:\/\/uk.linkedin.com\/company\/droix"]},{"@type":"Product","@id":"https:\/\/droix.eu\/pl\/product\/gpd-win-4-compact-case\/#wooCommerceProduct","name":"GPD WIN 4 Compact Case","description":"Oficjalne etui ochronne GPD dla Win 4\n \tWytrzyma\u0142a zewn\u0119trzna pow\u0142oka z polimeru syntetycznego\n \tPodszewka z mi\u0119kkiego materia\u0142u dla dodatkowej ochrony.\n \tOddzielna komora na urz\u0105dzenia peryferyjne.\n \tElegancka konstrukcja z bezpiecznym zapi\u0119ciem na suwak.","url":"https:\/\/droix.eu\/pl\/product\/gpd-win-4-compact-case\/","sku":"GPD-WIN_4-COMPACT_CASE","gtin":"5060763676435","image":{"@type":"ImageObject","url":"https:\/\/droix.eu\/wp-content\/uploads\/2023\/10\/GPD_WIN_4-SMALL-HARDSHELL-CASE-DONE-IMAGE-1.png","@id":"https:\/\/droix.eu\/pl\/product\/gpd-win-4-compact-case\/#productImage","width":1500,"height":1500,"caption":"GPD Win 4 Compact Case Closed 1"},"offers":{"@type":"Offer","url":"https:\/\/droix.eu\/pl\/product\/gpd-win-4-compact-case\/#wooCommerceOffer","price":14.7,"priceCurrency":"EUR","category":"Akcesoria","availability":"https:\/\/schema.org\/OutOfStock","priceSpecification":{"@type":"PriceSpecification","price":14.7,"priceCurrency":"EUR","valueAddedTaxIncluded":"true"},"seller":{"@type":"Organization","@id":"https:\/\/droix.eu\/pl\/#organization"}}},{"@type":"WebPage","@id":"https:\/\/droix.eu\/pl\/product\/gpd-win-4-compact-case\/#webpage","url":"https:\/\/droix.eu\/pl\/product\/gpd-win-4-compact-case\/","name":"GPD WIN 4 Compact Case - DROIX EU","description":"Oficjalne etui ochronne GPD dla Win 4 Wytrzyma\u0142a zewn\u0119trzna pow\u0142oka z polimeru syntetycznego Podszewka z mi\u0119kkiego materia\u0142u dla dodatkowej ochrony. Oddzielna komora na urz\u0105dzenia peryferyjne. Elegancka konstrukcja z bezpiecznym zapi\u0119ciem na suwak.","inLanguage":"pl-PL","isPartOf":{"@id":"https:\/\/droix.eu\/pl\/#website"},"breadcrumb":{"@id":"https:\/\/droix.eu\/pl\/product\/gpd-win-4-compact-case\/#breadcrumblist"},"image":{"@type":"ImageObject","url":"https:\/\/droix.eu\/wp-content\/uploads\/2023\/10\/GPD_WIN_4-SMALL-HARDSHELL-CASE-DONE-IMAGE-1.png","@id":"https:\/\/droix.eu\/pl\/product\/gpd-win-4-compact-case\/#mainImage","width":1500,"height":1500,"caption":"GPD Win 4 Compact Case Closed 1"},"primaryImageOfPage":{"@id":"https:\/\/droix.eu\/pl\/product\/gpd-win-4-compact-case\/#mainImage"},"datePublished":"2023-10-11T09:28:54+01:00","dateModified":"2025-11-28T16:32:09+00:00"},{"@type":"WebSite","@id":"https:\/\/droix.eu\/pl\/#website","url":"https:\/\/droix.eu\/pl\/","name":"DROIX EU","description":"Get the latest Mini PCs, Ultrabook, PC Gaming Handhelds and more!","inLanguage":"pl-PL","publisher":{"@id":"https:\/\/droix.eu\/pl\/#organization"}}]},"og:locale":"pl_PL","og:site_name":"DROIX EU - Get the latest Mini PCs, Ultrabook, PC Gaming Handhelds and more!","og:type":"article","og:title":"GPD WIN 4 Compact Case - DROIX EU","og:description":"Oficjalne etui ochronne GPD dla Win 4 Wytrzyma\u0142a zewn\u0119trzna pow\u0142oka z polimeru syntetycznego Podszewka z mi\u0119kkiego materia\u0142u dla dodatkowej ochrony. Oddzielna komora na urz\u0105dzenia peryferyjne. Elegancka konstrukcja z bezpiecznym zapi\u0119ciem na suwak.","og:url":"https:\/\/droix.eu\/pl\/product\/gpd-win-4-compact-case\/","og:image":"https:\/\/droix.eu\/wp-content\/uploads\/2024\/06\/droix-v2-light-logo.png","og:image:secure_url":"https:\/\/droix.eu\/wp-content\/uploads\/2024\/06\/droix-v2-light-logo.png","og:image:width":380,"og:image:height":118,"article:published_time":"2023-10-11T09:28:54+00:00","article:modified_time":"2025-11-28T16:32:09+00:00","article:publisher":"https:\/\/www.facebook.com\/DroiX.Store","twitter:card":"summary_large_image","twitter:site":"@DroiX_Store","twitter:title":"GPD WIN 4 Compact Case - DROIX EU","twitter:description":"Oficjalne etui ochronne GPD dla Win 4 Wytrzyma\u0142a zewn\u0119trzna pow\u0142oka z polimeru syntetycznego Podszewka z mi\u0119kkiego materia\u0142u dla dodatkowej ochrony. Oddzielna komora na urz\u0105dzenia peryferyjne. Elegancka konstrukcja z bezpiecznym zapi\u0119ciem na suwak.","twitter:image":"https:\/\/droix.eu\/wp-content\/uploads\/2024\/06\/droix-v2-light-logo.png"},"aioseo_meta_data":{"post_id":"516096","title":null,"description":null,"keywords":null,"keyphrases":{"focus":{"keyphrase":"","score":0,"analysis":{"keyphraseInTitle":{"score":0,"maxScore":9,"error":1}}},"additional":[]},"primary_term":null,"canonical_url":null,"og_title":null,"og_description":null,"og_object_type":"default","og_image_type":"default","og_image_url":null,"og_image_width":null,"og_image_height":null,"og_image_custom_url":null,"og_image_custom_fields":null,"og_video":"","og_custom_url":null,"og_article_section":null,"og_article_tags":null,"twitter_use_og":true,"twitter_card":"default","twitter_image_type":"default","twitter_image_url":null,"twitter_image_custom_url":null,"twitter_image_custom_fields":null,"twitter_title":null,"twitter_description":null,"schema":{"blockGraphs":[],"customGraphs":[],"default":{"data":{"Article":[],"Course":[],"Dataset":[],"FAQPage":[],"Movie":[],"Person":[],"Product":[],"ProductReview":[],"Car":[],"Recipe":[],"Service":[],"SoftwareApplication":[],"WebPage":[]},"graphName":"Product","isEnabled":true},"graphs":[]},"schema_type":"default","schema_type_options":null,"pillar_content":false,"robots_default":true,"robots_noindex":false,"robots_noarchive":false,"robots_nosnippet":false,"robots_nofollow":false,"robots_noimageindex":false,"robots_noodp":false,"robots_notranslate":false,"robots_max_snippet":"-1","robots_max_videopreview":"-1","robots_max_imagepreview":"large","priority":null,"frequency":"default","local_seo":null,"seo_analyzer_scan_date":"2025-10-24 15:19:50","breadcrumb_settings":null,"limit_modified_date":false,"reviewed_by":null,"open_ai":null,"ai":{"faqs":[],"keyPoints":[],"titles":[],"descriptions":[],"socialPosts":{"email":[],"linkedin":[],"twitter":[],"facebook":[],"instagram":[]}},"created":"2025-10-09 04:54:55","updated":"2026-01-24 11:41:07"},"aioseo_breadcrumb":"<div class=\"aioseo-breadcrumbs\"><span class=\"aioseo-breadcrumb\">\n\t<a href=\"https:\/\/droix.eu\/pl\/\" title=\"Home\">Home<\/a>\n<\/span><span class=\"aioseo-breadcrumb-separator\">&raquo;<\/span><span class=\"aioseo-breadcrumb\">\n\t<a href=\"https:\/\/droix.eu\/pl\/product-category\/akcesoria\/\" title=\"Akcesoria\">Akcesoria<\/a>\n<\/span><span class=\"aioseo-breadcrumb-separator\">&raquo;<\/span><span class=\"aioseo-breadcrumb\">\n\t<a href=\"https:\/\/droix.eu\/pl\/product-category\/akcesoria\/akcesoria-do-gier\/\" title=\"Akcesoria do gier\">Akcesoria do gier<\/a>\n<\/span><span class=\"aioseo-breadcrumb-separator\">&raquo;<\/span><span class=\"aioseo-breadcrumb\">\n\tGPD WIN 4 Compact Case\n<\/span><\/div>","aioseo_breadcrumb_json":[{"label":"Home","link":"https:\/\/droix.eu\/pl\/"},{"label":"Akcesoria","link":"https:\/\/droix.eu\/pl\/product-category\/akcesoria\/"},{"label":"Akcesoria do gier","link":"https:\/\/droix.eu\/pl\/product-category\/akcesoria\/akcesoria-do-gier\/"},{"label":"GPD WIN 4 Compact Case","link":"https:\/\/droix.eu\/pl\/product\/gpd-win-4-compact-case\/"}],"_links":{"self":[{"href":"https:\/\/droix.eu\/pl\/wp-json\/wp\/v2\/product\/516096","targetHints":{"allow":["GET"]}}],"collection":[{"href":"https:\/\/droix.eu\/pl\/wp-json\/wp\/v2\/product"}],"about":[{"href":"https:\/\/droix.eu\/pl\/wp-json\/wp\/v2\/types\/product"}],"version-history":[{"count":0,"href":"https:\/\/droix.eu\/pl\/wp-json\/wp\/v2\/product\/516096\/revisions"}],"wp:featuredmedia":[{"embeddable":true,"href":"https:\/\/droix.eu\/pl\/wp-json\/wp\/v2\/media\/431452"}],"wp:attachment":[{"href":"https:\/\/droix.eu\/pl\/wp-json\/wp\/v2\/media?parent=516096"}],"wp:term":[{"taxonomy":"product_brand","embeddable":true,"href":"https:\/\/droix.eu\/pl\/wp-json\/wp\/v2\/product_brand?post=516096"},{"taxonomy":"product_cat","embeddable":true,"href":"https:\/\/droix.eu\/pl\/wp-json\/wp\/v2\/product_cat?post=516096"},{"taxonomy":"product_tag","embeddable":true,"href":"https:\/\/droix.eu\/pl\/wp-json\/wp\/v2\/product_tag?post=516096"},{"taxonomy":"woo-feed-brand","embeddable":true,"href":"https:\/\/droix.eu\/pl\/wp-json\/wp\/v2\/woo-feed-brand?post=516096"},{"taxonomy":"key-features","embeddable":true,"href":"https:\/\/droix.eu\/pl\/wp-json\/wp\/v2\/key-features?post=516096"}],"curies":[{"name":"wp","href":"https:\/\/api.w.org\/{rel}","templated":true}]}}