{"id":508303,"date":"2024-11-28T09:28:43","date_gmt":"2024-11-28T09:28:43","guid":{"rendered":"https:\/\/droix.eu\/product\/modul-gpd-pocket-4-rs-232\/"},"modified":"2026-03-28T07:57:52","modified_gmt":"2026-03-28T07:57:52","slug":"modul-gpd-pocket-4-rs-232","status":"publish","type":"product","link":"https:\/\/droix.eu\/pl\/product\/modul-gpd-pocket-4-rs-232\/","title":{"rendered":"Modu\u0142 GPD Pocket 4 RS-232"},"content":{"rendered":"\n<p>GPD Pocket 4 oferuje ekskluzywny modu\u0142 RS-232 jako opcjonaln\u0105 funkcj\u0119, umo\u017cliwiaj\u0105c u\u017cytkownikom pod\u0142\u0105czenie do szerokiej gamy urz\u0105dze\u0144 szeregowych.<\/p>\n\n<p><\/p>\n","protected":false},"excerpt":{"rendered":"<ul>\n<li><strong>Oficjalne akcesorium GPD<\/strong><\/li>\n<li>Modu\u0142 rozszerze\u0144 <strong>RS-232<\/strong> <\/li>\n<li>Pod\u0142\u0105czanie do urz\u0105dze\u0144 <strong>szeregowych<\/strong> <\/li>\n<li>\u0141atwa instalacja w<strong> GPD Pocket 4<\/strong><\/li>\n<\/ul>\n[cg_accordion title=\"2-letnia gwarancja na wszystkie produkty GPD\"]<\/p>\n<p>Wszystkie produkty GPD s\u0105 obj\u0119te 2-letni\u0105 gwarancj\u0105 i s\u0105 wspierane przez ponad 13 lat zaufanej obs\u0142ugi. Do\u0142\u0105cz do naszej spo\u0142eczno\u015bci ponad 500 000 zadowolonych klient\u00f3w i b\u0105d\u017a pewny swojego zakupu. [\/cg_accordion]\n[cg_accordion title=\"Zapewnienie jako\u015bci i testy przed wysy\u0142k\u0105\"]<\/p>\n<p>Zapewnienie satysfakcji klienta na najwy\u017cszym poziomie: Ka\u017cde urz\u0105dzenie przechodzi rygorystyczne testy i wielopunktow\u0105 kontrol\u0119 jako\u015bci przed wysy\u0142k\u0105. Nasz dedykowany zesp\u00f3\u0142 weryfikuje wydajno\u015b\u0107, funkcjonalno\u015b\u0107 i integralno\u015b\u0107 komponent\u00f3w, aby zagwarantowa\u0107, \u017ce urz\u0105dzenie GPD jest w idealnym stanie po dostarczeniu, zapewniaj\u0105c pewno\u015b\u0107 i spok\u00f3j ducha. [\/cg_accordion]\n[cg_accordion title=\"Elastyczne i bezpieczne opcje p\u0142atno\u015bci\"]<\/p>\n<p>Ciesz si\u0119 spokojem dzi\u0119ki naszemu bezpiecznemu systemowi p\u0142atno\u015bci. Obs\u0142ugujemy wszystkie g\u0142\u00f3wne metody p\u0142atno\u015bci, w tym karty debetowe\/kredytowe, PayPal, Apple Pay, Google Pay, Klarna, Afterpay i Affirm &#8211; daj\u0105c ci swobod\u0119 p\u0142acenia z g\u00f3ry lub w \u0142atwych ratach. [\/cg_accordion]\n[cg_accordion title=\"Podatki\"]<\/p>\n<p>Ceny zawieraj\u0105 obowi\u0105zuj\u0105cy podatek VAT, kt\u00f3ry mo\u017ce wynosi\u0107 do 25% w zale\u017cno\u015bci od kraju. Dok\u0142adna kwota jest wy\u015bwietlana podczas p\u0142atno\u015bci, aby zapewni\u0107 pe\u0142n\u0105 przejrzysto\u015b\u0107. [\/cg_accordion]\n[cg_accordion title=\"Wysy\u0142ka i zwroty\"]<\/p>\n<p>Wsp\u00f3\u0142pracujemy z ponad 10 zaufanymi partnerami wysy\u0142kowymi, aby zapewni\u0107, \u017ce Twoje zam\u00f3wienie dotrze szybko, bezpiecznie i niezawodnie.<\/p>\n<p>Korzystamy z ekspresowej wysy\u0142ki DDP (Delivered Duty Paid). Oznacza to: <\/p>\n<li>Wszystkie c\u0142a i podatki s\u0105 ju\u017c wliczone w podan\u0105 cen\u0119 produktu.<\/li>\n<li>Przy dostawie nie zostan\u0105 naliczone \u017cadne niespodziewane op\u0142aty.<\/li>\n<li>W rzadkich przypadkach op\u00f3\u017anie\u0144 celnych nasz zesp\u00f3\u0142 b\u0119dzie zarz\u0105dza\u0142 procesem odprawy celnej, aby zapewni\u0107 sprawn\u0105 dostaw\u0119.<\/li>\n<p>Wa\u017cne informacje dotycz\u0105ce zwrot\u00f3w:<\/p>\n<li>W przypadku zwrotu zam\u00f3wienia lub \u017c\u0105dania zwrotu pieni\u0119dzy nale\u017cy pami\u0119ta\u0107, \u017ce wszelkie podatki i c\u0142a zap\u0142acone w imieniu u\u017cytkownika zgodnie z warunkami DDP nie podlegaj\u0105 zwrotowi.<\/li>\n<p>Szczeg\u00f3\u0142owe informacje mo\u017cna znale\u017a\u0107 w naszym <a href=\"https:\/\/droix.eu\/pl\/zasady-i-warunki\/\" target=\"_blank\" rel=\"nofollow noopener\">Regulaminie<\/a>.\n<\/ul>\n<p>[\/cg_accordion]\n[cg_accordion title=\"Obs\u0142uga klienta\"]<\/p>\n<p>Masz pytanie? Wystarczy kr\u00f3tka wiadomo\u015b\u0107 tekstowa, aby rozwi\u0105za\u0107 Tw\u00f3j problem! [\/cg_accordion]\n[cg_accordion title=\"Pakiet zawiera\"]<\/p>\n<ul>\n<li>1x modu\u0142 RS-232<\/li>\n<\/ul>\n<p>[\/cg_accordion]\n","protected":false},"featured_media":495527,"template":"","meta":{"_acf_changed":false},"product_brand":[],"product_cat":[13349,13389],"product_tag":[],"woo-feed-brand":[],"key-features":[],"class_list":{"0":"post-508303","1":"product","2":"type-product","3":"status-publish","4":"has-post-thumbnail","6":"product_cat-akcesoria","7":"product_cat-akcesoria-do-laptopow","8":"product_shipping_class-low-end","9":"pa_accessory-type-add-ons","10":"pa_brands-gpd-pl","11":"pa_compatibility-gpd-pocket-4-pl","13":"first","14":"instock","15":"sale","16":"taxable","17":"shipping-taxable","18":"purchasable","19":"product-type-simple"},"acf":[],"aioseo_notices":[],"aioseo_head":"\n\t\t<!-- All in One SEO Pro 4.9.5.2 - aioseo.com -->\n\t<meta name=\"description\" content=\"Oficjalne akcesorium GPD Modu\u0142 rozszerze\u0144 RS-232 Pod\u0142\u0105czanie do urz\u0105dze\u0144 szeregowych \u0141atwa instalacja w GPD Pocket 4\" \/>\n\t<meta name=\"robots\" content=\"max-image-preview:large\" \/>\n\t<link rel=\"canonical\" href=\"https:\/\/droix.eu\/pl\/product\/modul-gpd-pocket-4-rs-232\/\" \/>\n\t<meta name=\"generator\" content=\"All in One SEO Pro (AIOSEO) 4.9.5.2\" \/>\n\t\t<meta property=\"og:locale\" content=\"pl_PL\" \/>\n\t\t<meta property=\"og:site_name\" content=\"DROIX EU - Get the latest Mini PCs, Ultrabook, PC Gaming Handhelds and more!\" \/>\n\t\t<meta property=\"og:type\" content=\"article\" \/>\n\t\t<meta property=\"og:title\" content=\"Modu\u0142 GPD Pocket 4 RS-232 - DROIX EU\" \/>\n\t\t<meta property=\"og:description\" content=\"Oficjalne akcesorium GPD Modu\u0142 rozszerze\u0144 RS-232 Pod\u0142\u0105czanie do urz\u0105dze\u0144 szeregowych \u0141atwa instalacja w GPD Pocket 4\" \/>\n\t\t<meta property=\"og:url\" content=\"https:\/\/droix.eu\/pl\/product\/modul-gpd-pocket-4-rs-232\/\" \/>\n\t\t<meta property=\"og:image\" content=\"https:\/\/droix.eu\/wp-content\/uploads\/2024\/06\/droix-v2-light-logo.png\" \/>\n\t\t<meta property=\"og:image:secure_url\" content=\"https:\/\/droix.eu\/wp-content\/uploads\/2024\/06\/droix-v2-light-logo.png\" \/>\n\t\t<meta property=\"og:image:width\" content=\"380\" \/>\n\t\t<meta property=\"og:image:height\" content=\"118\" \/>\n\t\t<meta property=\"article:published_time\" content=\"2024-11-28T09:28:43+00:00\" \/>\n\t\t<meta property=\"article:modified_time\" content=\"2026-03-28T07:57:52+00:00\" \/>\n\t\t<meta property=\"article:publisher\" content=\"https:\/\/www.facebook.com\/DroiX.Store\" \/>\n\t\t<meta name=\"twitter:card\" content=\"summary_large_image\" \/>\n\t\t<meta name=\"twitter:site\" content=\"@DroiX_Store\" \/>\n\t\t<meta name=\"twitter:title\" content=\"Modu\u0142 GPD Pocket 4 RS-232 - DROIX EU\" \/>\n\t\t<meta name=\"twitter:description\" content=\"Oficjalne akcesorium GPD Modu\u0142 rozszerze\u0144 RS-232 Pod\u0142\u0105czanie do urz\u0105dze\u0144 szeregowych \u0141atwa instalacja w GPD Pocket 4\" \/>\n\t\t<meta name=\"twitter:image\" content=\"https:\/\/droix.eu\/wp-content\/uploads\/2024\/06\/droix-v2-light-logo.png\" \/>\n\t\t<script type=\"application\/ld+json\" class=\"aioseo-schema\">\n\t\t\t{\"@context\":\"https:\\\/\\\/schema.org\",\"@graph\":[{\"@type\":\"BreadcrumbList\",\"@id\":\"https:\\\/\\\/droix.eu\\\/pl\\\/product\\\/modul-gpd-pocket-4-rs-232\\\/#breadcrumblist\",\"itemListElement\":[{\"@type\":\"ListItem\",\"@id\":\"https:\\\/\\\/droix.eu\\\/pl\\\/#listItem\",\"position\":1,\"name\":\"Home\",\"item\":\"https:\\\/\\\/droix.eu\\\/pl\\\/\",\"nextItem\":{\"@type\":\"ListItem\",\"@id\":\"https:\\\/\\\/droix.eu\\\/pl\\\/product-category\\\/akcesoria\\\/#listItem\",\"name\":\"Akcesoria\"}},{\"@type\":\"ListItem\",\"@id\":\"https:\\\/\\\/droix.eu\\\/pl\\\/product-category\\\/akcesoria\\\/#listItem\",\"position\":2,\"name\":\"Akcesoria\",\"item\":\"https:\\\/\\\/droix.eu\\\/pl\\\/product-category\\\/akcesoria\\\/\",\"nextItem\":{\"@type\":\"ListItem\",\"@id\":\"https:\\\/\\\/droix.eu\\\/pl\\\/product-category\\\/akcesoria\\\/akcesoria-do-laptopow\\\/#listItem\",\"name\":\"Akcesoria do laptop\\u00f3w\"},\"previousItem\":{\"@type\":\"ListItem\",\"@id\":\"https:\\\/\\\/droix.eu\\\/pl\\\/#listItem\",\"name\":\"Home\"}},{\"@type\":\"ListItem\",\"@id\":\"https:\\\/\\\/droix.eu\\\/pl\\\/product-category\\\/akcesoria\\\/akcesoria-do-laptopow\\\/#listItem\",\"position\":3,\"name\":\"Akcesoria do laptop\\u00f3w\",\"item\":\"https:\\\/\\\/droix.eu\\\/pl\\\/product-category\\\/akcesoria\\\/akcesoria-do-laptopow\\\/\",\"nextItem\":{\"@type\":\"ListItem\",\"@id\":\"https:\\\/\\\/droix.eu\\\/pl\\\/product\\\/modul-gpd-pocket-4-rs-232\\\/#listItem\",\"name\":\"Modu\\u0142 GPD Pocket 4 RS-232\"},\"previousItem\":{\"@type\":\"ListItem\",\"@id\":\"https:\\\/\\\/droix.eu\\\/pl\\\/product-category\\\/akcesoria\\\/#listItem\",\"name\":\"Akcesoria\"}},{\"@type\":\"ListItem\",\"@id\":\"https:\\\/\\\/droix.eu\\\/pl\\\/product\\\/modul-gpd-pocket-4-rs-232\\\/#listItem\",\"position\":4,\"name\":\"Modu\\u0142 GPD Pocket 4 RS-232\",\"previousItem\":{\"@type\":\"ListItem\",\"@id\":\"https:\\\/\\\/droix.eu\\\/pl\\\/product-category\\\/akcesoria\\\/akcesoria-do-laptopow\\\/#listItem\",\"name\":\"Akcesoria do laptop\\u00f3w\"}}]},{\"@type\":\"Organization\",\"@id\":\"https:\\\/\\\/droix.eu\\\/pl\\\/#organization\",\"name\":\"DroiX \\u2013 Trusted EU Tech Retailer with 12+ Years Experience\",\"description\":\"DroiX is a leading European technology retailer with over 12 years of experience, offering quality mini PCs, handheld gaming consoles, and tech accessories. We provide hassle-free EU delivery with all taxes included, ensuring a smooth and reliable shopping experience for our customers across Europe.\",\"url\":\"https:\\\/\\\/droix.eu\\\/pl\\\/\",\"logo\":{\"@type\":\"ImageObject\",\"url\":\"https:\\\/\\\/droix.eu\\\/wp-content\\\/uploads\\\/2024\\\/06\\\/droix-v2-light-logo.png\",\"@id\":\"https:\\\/\\\/droix.eu\\\/pl\\\/product\\\/modul-gpd-pocket-4-rs-232\\\/#organizationLogo\",\"width\":380,\"height\":118},\"image\":{\"@id\":\"https:\\\/\\\/droix.eu\\\/pl\\\/product\\\/modul-gpd-pocket-4-rs-232\\\/#organizationLogo\"},\"sameAs\":[\"https:\\\/\\\/www.facebook.com\\\/DroiX.Store\",\"https:\\\/\\\/twitter.com\\\/DroiX_Store\",\"https:\\\/\\\/www.instagram.com\\\/droix.store\\\/\",\"https:\\\/\\\/www.tiktok.com\\\/@droix.store\",\"https:\\\/\\\/www.youtube.com\\\/c\\\/DroiX_Store\",\"https:\\\/\\\/uk.linkedin.com\\\/company\\\/droix\"]},{\"@type\":\"Product\",\"@id\":\"https:\\\/\\\/droix.eu\\\/pl\\\/product\\\/modul-gpd-pocket-4-rs-232\\\/#wooCommerceProduct\",\"name\":\"Modu\\u0142 GPD Pocket 4 RS-232\",\"description\":\"Oficjalne akcesorium GPD\\n \\tModu\\u0142 rozszerze\\u0144 RS-232 \\n \\tPod\\u0142\\u0105czanie do urz\\u0105dze\\u0144 szeregowych \\n \\t\\u0141atwa instalacja w GPD Pocket 4\",\"url\":\"https:\\\/\\\/droix.eu\\\/pl\\\/product\\\/modul-gpd-pocket-4-rs-232\\\/\",\"sku\":\"GPD-POCKET-4-RS_232-MODULE\",\"gtin\":\"5061077630410\",\"image\":{\"@type\":\"ImageObject\",\"url\":\"https:\\\/\\\/droix.eu\\\/wp-content\\\/uploads\\\/2024\\\/11\\\/GPD-POCKET-4-MODULE-RS-232-DONE-01.png\",\"@id\":\"https:\\\/\\\/droix.eu\\\/pl\\\/product\\\/modul-gpd-pocket-4-rs-232\\\/#productImage\",\"width\":1500,\"height\":1500,\"caption\":\"GPD Pocket 4 KVM Module, umo\\u017cliwiaj\\u0105cy pod\\u0142\\u0105czenie GPD Pocket 4 Mini Laptop &amp; Tablet 2-In-1 do szerokiej gamy urz\\u0105dze\\u0144 szeregowych.\"},\"offers\":{\"@type\":\"Offer\",\"url\":\"https:\\\/\\\/droix.eu\\\/pl\\\/product\\\/modul-gpd-pocket-4-rs-232\\\/#wooCommerceOffer\",\"price\":177.49,\"priceCurrency\":\"SEK\",\"category\":\"Akcesoria\",\"availability\":\"https:\\\/\\\/schema.org\\\/InStock\",\"priceSpecification\":{\"@type\":\"PriceSpecification\",\"price\":177.49,\"priceCurrency\":\"SEK\",\"valueAddedTaxIncluded\":\"true\"},\"seller\":{\"@type\":\"Organization\",\"@id\":\"https:\\\/\\\/droix.eu\\\/pl\\\/#organization\"}}},{\"@type\":\"WebPage\",\"@id\":\"https:\\\/\\\/droix.eu\\\/pl\\\/product\\\/modul-gpd-pocket-4-rs-232\\\/#webpage\",\"url\":\"https:\\\/\\\/droix.eu\\\/pl\\\/product\\\/modul-gpd-pocket-4-rs-232\\\/\",\"name\":\"Modu\\u0142 GPD Pocket 4 RS-232 - DROIX EU\",\"description\":\"Oficjalne akcesorium GPD Modu\\u0142 rozszerze\\u0144 RS-232 Pod\\u0142\\u0105czanie do urz\\u0105dze\\u0144 szeregowych \\u0141atwa instalacja w GPD Pocket 4\",\"inLanguage\":\"pl-PL\",\"isPartOf\":{\"@id\":\"https:\\\/\\\/droix.eu\\\/pl\\\/#website\"},\"breadcrumb\":{\"@id\":\"https:\\\/\\\/droix.eu\\\/pl\\\/product\\\/modul-gpd-pocket-4-rs-232\\\/#breadcrumblist\"},\"image\":{\"@type\":\"ImageObject\",\"url\":\"https:\\\/\\\/droix.eu\\\/wp-content\\\/uploads\\\/2024\\\/11\\\/GPD-POCKET-4-MODULE-RS-232-DONE-01.png\",\"@id\":\"https:\\\/\\\/droix.eu\\\/pl\\\/product\\\/modul-gpd-pocket-4-rs-232\\\/#mainImage\",\"width\":1500,\"height\":1500,\"caption\":\"GPD Pocket 4 KVM Module, umo\\u017cliwiaj\\u0105cy pod\\u0142\\u0105czenie GPD Pocket 4 Mini Laptop &amp; Tablet 2-In-1 do szerokiej gamy urz\\u0105dze\\u0144 szeregowych.\"},\"primaryImageOfPage\":{\"@id\":\"https:\\\/\\\/droix.eu\\\/pl\\\/product\\\/modul-gpd-pocket-4-rs-232\\\/#mainImage\"},\"datePublished\":\"2024-11-28T09:28:43+00:00\",\"dateModified\":\"2026-03-28T07:57:52+00:00\"},{\"@type\":\"WebSite\",\"@id\":\"https:\\\/\\\/droix.eu\\\/pl\\\/#website\",\"url\":\"https:\\\/\\\/droix.eu\\\/pl\\\/\",\"name\":\"DROIX EU\",\"description\":\"Get the latest Mini PCs, Ultrabook, PC Gaming Handhelds and more!\",\"inLanguage\":\"pl-PL\",\"publisher\":{\"@id\":\"https:\\\/\\\/droix.eu\\\/pl\\\/#organization\"}}]}\n\t\t<\/script>\n\t\t<!-- All in One SEO Pro -->\r\n\t\t<title>Modu\u0142 GPD Pocket 4 RS-232 - DROIX EU<\/title>\n\n","aioseo_head_json":{"title":"Modu\u0142 GPD Pocket 4 RS-232 - DROIX EU","description":"Oficjalne akcesorium GPD Modu\u0142 rozszerze\u0144 RS-232 Pod\u0142\u0105czanie do urz\u0105dze\u0144 szeregowych \u0141atwa instalacja w GPD Pocket 4","canonical_url":"https:\/\/droix.eu\/pl\/product\/modul-gpd-pocket-4-rs-232\/","robots":"max-image-preview:large","keywords":"","webmasterTools":{"miscellaneous":""},"schema":{"@context":"https:\/\/schema.org","@graph":[{"@type":"BreadcrumbList","@id":"https:\/\/droix.eu\/pl\/product\/modul-gpd-pocket-4-rs-232\/#breadcrumblist","itemListElement":[{"@type":"ListItem","@id":"https:\/\/droix.eu\/pl\/#listItem","position":1,"name":"Home","item":"https:\/\/droix.eu\/pl\/","nextItem":{"@type":"ListItem","@id":"https:\/\/droix.eu\/pl\/product-category\/akcesoria\/#listItem","name":"Akcesoria"}},{"@type":"ListItem","@id":"https:\/\/droix.eu\/pl\/product-category\/akcesoria\/#listItem","position":2,"name":"Akcesoria","item":"https:\/\/droix.eu\/pl\/product-category\/akcesoria\/","nextItem":{"@type":"ListItem","@id":"https:\/\/droix.eu\/pl\/product-category\/akcesoria\/akcesoria-do-laptopow\/#listItem","name":"Akcesoria do laptop\u00f3w"},"previousItem":{"@type":"ListItem","@id":"https:\/\/droix.eu\/pl\/#listItem","name":"Home"}},{"@type":"ListItem","@id":"https:\/\/droix.eu\/pl\/product-category\/akcesoria\/akcesoria-do-laptopow\/#listItem","position":3,"name":"Akcesoria do laptop\u00f3w","item":"https:\/\/droix.eu\/pl\/product-category\/akcesoria\/akcesoria-do-laptopow\/","nextItem":{"@type":"ListItem","@id":"https:\/\/droix.eu\/pl\/product\/modul-gpd-pocket-4-rs-232\/#listItem","name":"Modu\u0142 GPD Pocket 4 RS-232"},"previousItem":{"@type":"ListItem","@id":"https:\/\/droix.eu\/pl\/product-category\/akcesoria\/#listItem","name":"Akcesoria"}},{"@type":"ListItem","@id":"https:\/\/droix.eu\/pl\/product\/modul-gpd-pocket-4-rs-232\/#listItem","position":4,"name":"Modu\u0142 GPD Pocket 4 RS-232","previousItem":{"@type":"ListItem","@id":"https:\/\/droix.eu\/pl\/product-category\/akcesoria\/akcesoria-do-laptopow\/#listItem","name":"Akcesoria do laptop\u00f3w"}}]},{"@type":"Organization","@id":"https:\/\/droix.eu\/pl\/#organization","name":"DroiX \u2013 Trusted EU Tech Retailer with 12+ Years Experience","description":"DroiX is a leading European technology retailer with over 12 years of experience, offering quality mini PCs, handheld gaming consoles, and tech accessories. We provide hassle-free EU delivery with all taxes included, ensuring a smooth and reliable shopping experience for our customers across Europe.","url":"https:\/\/droix.eu\/pl\/","logo":{"@type":"ImageObject","url":"https:\/\/droix.eu\/wp-content\/uploads\/2024\/06\/droix-v2-light-logo.png","@id":"https:\/\/droix.eu\/pl\/product\/modul-gpd-pocket-4-rs-232\/#organizationLogo","width":380,"height":118},"image":{"@id":"https:\/\/droix.eu\/pl\/product\/modul-gpd-pocket-4-rs-232\/#organizationLogo"},"sameAs":["https:\/\/www.facebook.com\/DroiX.Store","https:\/\/twitter.com\/DroiX_Store","https:\/\/www.instagram.com\/droix.store\/","https:\/\/www.tiktok.com\/@droix.store","https:\/\/www.youtube.com\/c\/DroiX_Store","https:\/\/uk.linkedin.com\/company\/droix"]},{"@type":"Product","@id":"https:\/\/droix.eu\/pl\/product\/modul-gpd-pocket-4-rs-232\/#wooCommerceProduct","name":"Modu\u0142 GPD Pocket 4 RS-232","description":"Oficjalne akcesorium GPD\n \tModu\u0142 rozszerze\u0144 RS-232 \n \tPod\u0142\u0105czanie do urz\u0105dze\u0144 szeregowych \n \t\u0141atwa instalacja w GPD Pocket 4","url":"https:\/\/droix.eu\/pl\/product\/modul-gpd-pocket-4-rs-232\/","sku":"GPD-POCKET-4-RS_232-MODULE","gtin":"5061077630410","image":{"@type":"ImageObject","url":"https:\/\/droix.eu\/wp-content\/uploads\/2024\/11\/GPD-POCKET-4-MODULE-RS-232-DONE-01.png","@id":"https:\/\/droix.eu\/pl\/product\/modul-gpd-pocket-4-rs-232\/#productImage","width":1500,"height":1500,"caption":"GPD Pocket 4 KVM Module, umo\u017cliwiaj\u0105cy pod\u0142\u0105czenie GPD Pocket 4 Mini Laptop &amp; Tablet 2-In-1 do szerokiej gamy urz\u0105dze\u0144 szeregowych."},"offers":{"@type":"Offer","url":"https:\/\/droix.eu\/pl\/product\/modul-gpd-pocket-4-rs-232\/#wooCommerceOffer","price":177.49,"priceCurrency":"SEK","category":"Akcesoria","availability":"https:\/\/schema.org\/InStock","priceSpecification":{"@type":"PriceSpecification","price":177.49,"priceCurrency":"SEK","valueAddedTaxIncluded":"true"},"seller":{"@type":"Organization","@id":"https:\/\/droix.eu\/pl\/#organization"}}},{"@type":"WebPage","@id":"https:\/\/droix.eu\/pl\/product\/modul-gpd-pocket-4-rs-232\/#webpage","url":"https:\/\/droix.eu\/pl\/product\/modul-gpd-pocket-4-rs-232\/","name":"Modu\u0142 GPD Pocket 4 RS-232 - DROIX EU","description":"Oficjalne akcesorium GPD Modu\u0142 rozszerze\u0144 RS-232 Pod\u0142\u0105czanie do urz\u0105dze\u0144 szeregowych \u0141atwa instalacja w GPD Pocket 4","inLanguage":"pl-PL","isPartOf":{"@id":"https:\/\/droix.eu\/pl\/#website"},"breadcrumb":{"@id":"https:\/\/droix.eu\/pl\/product\/modul-gpd-pocket-4-rs-232\/#breadcrumblist"},"image":{"@type":"ImageObject","url":"https:\/\/droix.eu\/wp-content\/uploads\/2024\/11\/GPD-POCKET-4-MODULE-RS-232-DONE-01.png","@id":"https:\/\/droix.eu\/pl\/product\/modul-gpd-pocket-4-rs-232\/#mainImage","width":1500,"height":1500,"caption":"GPD Pocket 4 KVM Module, umo\u017cliwiaj\u0105cy pod\u0142\u0105czenie GPD Pocket 4 Mini Laptop &amp; Tablet 2-In-1 do szerokiej gamy urz\u0105dze\u0144 szeregowych."},"primaryImageOfPage":{"@id":"https:\/\/droix.eu\/pl\/product\/modul-gpd-pocket-4-rs-232\/#mainImage"},"datePublished":"2024-11-28T09:28:43+00:00","dateModified":"2026-03-28T07:57:52+00:00"},{"@type":"WebSite","@id":"https:\/\/droix.eu\/pl\/#website","url":"https:\/\/droix.eu\/pl\/","name":"DROIX EU","description":"Get the latest Mini PCs, Ultrabook, PC Gaming Handhelds and more!","inLanguage":"pl-PL","publisher":{"@id":"https:\/\/droix.eu\/pl\/#organization"}}]},"og:locale":"pl_PL","og:site_name":"DROIX EU - Get the latest Mini PCs, Ultrabook, PC Gaming Handhelds and more!","og:type":"article","og:title":"Modu\u0142 GPD Pocket 4 RS-232 - DROIX EU","og:description":"Oficjalne akcesorium GPD Modu\u0142 rozszerze\u0144 RS-232 Pod\u0142\u0105czanie do urz\u0105dze\u0144 szeregowych \u0141atwa instalacja w GPD Pocket 4","og:url":"https:\/\/droix.eu\/pl\/product\/modul-gpd-pocket-4-rs-232\/","og:image":"https:\/\/droix.eu\/wp-content\/uploads\/2024\/06\/droix-v2-light-logo.png","og:image:secure_url":"https:\/\/droix.eu\/wp-content\/uploads\/2024\/06\/droix-v2-light-logo.png","og:image:width":380,"og:image:height":118,"article:published_time":"2024-11-28T09:28:43+00:00","article:modified_time":"2026-03-28T07:57:52+00:00","article:publisher":"https:\/\/www.facebook.com\/DroiX.Store","twitter:card":"summary_large_image","twitter:site":"@DroiX_Store","twitter:title":"Modu\u0142 GPD Pocket 4 RS-232 - DROIX EU","twitter:description":"Oficjalne akcesorium GPD Modu\u0142 rozszerze\u0144 RS-232 Pod\u0142\u0105czanie do urz\u0105dze\u0144 szeregowych \u0141atwa instalacja w GPD Pocket 4","twitter:image":"https:\/\/droix.eu\/wp-content\/uploads\/2024\/06\/droix-v2-light-logo.png"},"aioseo_meta_data":{"post_id":"508303","title":null,"description":null,"keywords":null,"keyphrases":{"focus":{"keyphrase":"","score":0,"analysis":{"keyphraseInTitle":{"score":0,"maxScore":9,"error":1}}},"additional":[]},"primary_term":null,"canonical_url":null,"og_title":null,"og_description":null,"og_object_type":"default","og_image_type":"default","og_image_url":null,"og_image_width":null,"og_image_height":null,"og_image_custom_url":null,"og_image_custom_fields":null,"og_video":"","og_custom_url":null,"og_article_section":null,"og_article_tags":null,"twitter_use_og":true,"twitter_card":"default","twitter_image_type":"default","twitter_image_url":null,"twitter_image_custom_url":null,"twitter_image_custom_fields":null,"twitter_title":null,"twitter_description":null,"schema":{"blockGraphs":[],"customGraphs":[],"default":{"data":{"Article":[],"Course":[],"Dataset":[],"FAQPage":[],"Movie":[],"Person":[],"Product":[],"ProductReview":[],"Car":[],"Recipe":[],"Service":[],"SoftwareApplication":[],"WebPage":[]},"graphName":"Product","isEnabled":true},"graphs":[]},"schema_type":"default","schema_type_options":null,"pillar_content":false,"robots_default":true,"robots_noindex":false,"robots_noarchive":false,"robots_nosnippet":false,"robots_nofollow":false,"robots_noimageindex":false,"robots_noodp":false,"robots_notranslate":false,"robots_max_snippet":"-1","robots_max_videopreview":"-1","robots_max_imagepreview":"large","priority":null,"frequency":"default","local_seo":null,"seo_analyzer_scan_date":"2026-03-28 13:31:46","breadcrumb_settings":null,"limit_modified_date":false,"reviewed_by":null,"open_ai":null,"ai":{"faqs":[],"keyPoints":[],"titles":[],"descriptions":[],"socialPosts":{"email":[],"linkedin":[],"twitter":[],"facebook":[],"instagram":[]}},"created":"2025-10-09 06:44:21","updated":"2026-03-28 13:31:46"},"aioseo_breadcrumb":"<div class=\"aioseo-breadcrumbs\"><span class=\"aioseo-breadcrumb\">\n\t<a href=\"https:\/\/droix.eu\/pl\/\" title=\"Home\">Home<\/a>\n<\/span><span class=\"aioseo-breadcrumb-separator\">&raquo;<\/span><span class=\"aioseo-breadcrumb\">\n\t<a href=\"https:\/\/droix.eu\/pl\/product-category\/akcesoria\/\" title=\"Akcesoria\">Akcesoria<\/a>\n<\/span><span class=\"aioseo-breadcrumb-separator\">&raquo;<\/span><span class=\"aioseo-breadcrumb\">\n\t<a href=\"https:\/\/droix.eu\/pl\/product-category\/akcesoria\/akcesoria-do-laptopow\/\" title=\"Akcesoria do laptop\u00f3w\">Akcesoria do laptop\u00f3w<\/a>\n<\/span><span class=\"aioseo-breadcrumb-separator\">&raquo;<\/span><span class=\"aioseo-breadcrumb\">\n\tModu\u0142 GPD Pocket 4 RS-232\n<\/span><\/div>","aioseo_breadcrumb_json":[{"label":"Home","link":"https:\/\/droix.eu\/pl\/"},{"label":"Akcesoria","link":"https:\/\/droix.eu\/pl\/product-category\/akcesoria\/"},{"label":"Akcesoria do laptop\u00f3w","link":"https:\/\/droix.eu\/pl\/product-category\/akcesoria\/akcesoria-do-laptopow\/"},{"label":"Modu\u0142 GPD Pocket 4 RS-232","link":"https:\/\/droix.eu\/pl\/product\/modul-gpd-pocket-4-rs-232\/"}],"_links":{"self":[{"href":"https:\/\/droix.eu\/pl\/wp-json\/wp\/v2\/product\/508303","targetHints":{"allow":["GET"]}}],"collection":[{"href":"https:\/\/droix.eu\/pl\/wp-json\/wp\/v2\/product"}],"about":[{"href":"https:\/\/droix.eu\/pl\/wp-json\/wp\/v2\/types\/product"}],"version-history":[{"count":0,"href":"https:\/\/droix.eu\/pl\/wp-json\/wp\/v2\/product\/508303\/revisions"}],"wp:featuredmedia":[{"embeddable":true,"href":"https:\/\/droix.eu\/pl\/wp-json\/wp\/v2\/media\/495527"}],"wp:attachment":[{"href":"https:\/\/droix.eu\/pl\/wp-json\/wp\/v2\/media?parent=508303"}],"wp:term":[{"taxonomy":"product_brand","embeddable":true,"href":"https:\/\/droix.eu\/pl\/wp-json\/wp\/v2\/product_brand?post=508303"},{"taxonomy":"product_cat","embeddable":true,"href":"https:\/\/droix.eu\/pl\/wp-json\/wp\/v2\/product_cat?post=508303"},{"taxonomy":"product_tag","embeddable":true,"href":"https:\/\/droix.eu\/pl\/wp-json\/wp\/v2\/product_tag?post=508303"},{"taxonomy":"woo-feed-brand","embeddable":true,"href":"https:\/\/droix.eu\/pl\/wp-json\/wp\/v2\/woo-feed-brand?post=508303"},{"taxonomy":"key-features","embeddable":true,"href":"https:\/\/droix.eu\/pl\/wp-json\/wp\/v2\/key-features?post=508303"}],"curies":[{"name":"wp","href":"https:\/\/api.w.org\/{rel}","templated":true}]}}