{"id":505093,"date":"2023-05-02T16:38:01","date_gmt":"2023-05-02T15:38:01","guid":{"rendered":"https:\/\/droix.eu\/zapasy-platnosc-i-dostawa\/"},"modified":"2025-04-23T01:11:36","modified_gmt":"2025-04-23T00:11:36","slug":"zapasy-platnosc-i-dostawa","status":"publish","type":"page","link":"https:\/\/droix.eu\/pl\/zapasy-platnosc-i-dostawa\/","title":{"rendered":"Zapasy, p\u0142atno\u015b\u0107 i dostawa"},"content":{"rendered":"\n<p>Z rado\u015bci\u0105 informujemy, \u017ce <strong>DROIX <\/strong>oferuje teraz jeszcze szybsze i bardziej przyst\u0119pne cenowo opcje wysy\u0142ki dla wszystkich Twoich elektronicznych potrzeb. Nasze zaanga\u017cowanie w zapewnienie wyj\u0105tkowej obs\u0142ugi klienta rozci\u0105ga si\u0119 na zapewnienie, \u017ce otrzymasz swoje zam\u00f3wienia tak szybko i sprawnie, jak to mo\u017cliwe, bez rozbijania banku. <\/p>\n\n<p>W <strong>DROIX<\/strong> rozumiemy znaczenie elastyczno\u015bci, je\u015bli chodzi o p\u0142atno\u015bci. Dlatego z dum\u0105 akceptujemy p\u0142atno\u015bci we wszystkich g\u0142\u00f3wnych walutach i metodach, w tym kartami kredytowymi, kartami debetowymi, PayPal, programami BNPL i innymi, aby zakupy by\u0142y p\u0142ynne i wygodne. <\/p>\n\n<p>Aby jeszcze bardziej usprawni\u0107 nasze us\u0142ugi, wysy\u0142amy zam\u00f3wienia z naszych strategicznie zlokalizowanych magazyn\u00f3w w Wielkiej Brytanii, Europie i USA. Pozwala nam to na dostarczenie zakup\u00f3w w najkr\u00f3tszym mo\u017cliwym czasie przy jednoczesnym zminimalizowaniu koszt\u00f3w wysy\u0142ki. <\/p>\n\n<p>Ponadto stale pracujemy nad rozszerzeniem naszych opcji wysy\u0142ki i negocjowaniem lepszych ofert z naszymi partnerami wysy\u0142kowymi w celu obni\u017cenia koszt\u00f3w. Naszym celem jest przekazanie tych oszcz\u0119dno\u015bci klientom i uczynienie naszych produkt\u00f3w jeszcze bardziej dost\u0119pnymi dla klient\u00f3w na ca\u0142ym \u015bwiecie. <\/p>\n\n<h2 class=\"wp-block-heading\">Informacje o akcjach<\/h2>\n\n<p>W <strong>DROIX<\/strong> staramy si\u0119 na bie\u017c\u0105co informowa\u0107 o dost\u0119pno\u015bci naszych produkt\u00f3w. Aby pom\u00f3c Ci lepiej zrozumie\u0107 r\u00f3\u017cne stany magazynowe na naszej stronie internetowej, przedstawili\u015bmy kr\u00f3tkie wyja\u015bnienie ka\u017cdego z nich: <\/p>\n\n<ul class=\"wp-block-list\">\n<li><strong>W magazynie:<\/strong> Gdy produkt jest oznaczony jako &#8220;W magazynie&#8221;, oznacza to, \u017ce mamy go obecnie w naszych zapasach i jest gotowy do wysy\u0142ki. Zam\u00f3wienia na produkty znajduj\u0105ce si\u0119 w magazynie s\u0105 zazwyczaj przetwarzane i wysy\u0142ane w kr\u00f3tkim czasie, zapewniaj\u0105c jak najszybsze otrzymanie produkt\u00f3w. <\/li>\n\n\n\n<li><strong>Na zam\u00f3wienie:<\/strong> Je\u015bli produkt jest wymieniony jako &#8220;On Backorder&#8221;, oznacza to, \u017ce zosta\u0142 oficjalnie wprowadzony na rynek, ale obecnie nie mamy go w magazynie. Zapewniamy, \u017ce wy\u015blemy Twoje zam\u00f3wienie, gdy tylko otrzymamy nowe zapasy od producent\u00f3w. Data uzupe\u0142nienia zapas\u00f3w jest zwykle podawana na stronie produktu, co pozwala oszacowa\u0107, kiedy mo\u017cna spodziewa\u0107 si\u0119 wysy\u0142ki zam\u00f3wienia.  <\/li>\n\n\n\n<li><strong>Przedsprzeda\u017c:<\/strong> Produkt oznaczony jako &#8220;Pre-Order&#8221; oznacza, \u017ce nie zosta\u0142 on jeszcze oficjalnie wprowadzony do sprzeda\u017cy. Sk\u0142adaj\u0105c zam\u00f3wienie w przedsprzeda\u017cy, rezerwujesz produkt i upewniasz si\u0119, \u017ce b\u0119dziesz jednym z pierwszych, kt\u00f3rzy go otrzymaj\u0105, gdy zostanie wprowadzony na rynek i b\u0119dziemy mie\u0107 go w naszych magazynach.  Zam\u00f3wione w przedsprzeda\u017cy produkty zostan\u0105 wys\u0142ane do klient\u00f3w, gdy tylko stan\u0105 si\u0119 dost\u0119pne.<\/li>\n<\/ul>\n\n<p>Je\u015bli masz jakiekolwiek pytania dotycz\u0105ce tego, czy przedmiot jest w magazynie, po prostu wskocz na nasz <strong>czat na \u017cywo<\/strong> lub napisz do nas na adres <strong><a>support@droix.co.uk<\/a><\/strong>a my z przyjemno\u015bci\u0105 pomo\u017cemy.<\/p>\n\n<h2 class=\"wp-block-heading\">P\u0142atno\u015b\u0107<\/h2>\n\n<p>W <strong>DROIX<\/strong> rozumiemy, jak wa\u017cne jest oferowanie elastycznych i bezpiecznych opcji p\u0142atno\u015bci w celu zapewnienia p\u0142ynnych zakup\u00f3w. Dlatego z dum\u0105 akceptujemy szerok\u0105 gam\u0119 metod p\u0142atno\u015bci, dostosowuj\u0105c si\u0119 do indywidualnych preferencji i zapewniaj\u0105c bezproblemowy proces p\u0142atno\u015bci. <\/p>\n\n<p>Akceptujemy wszystkie g\u0142\u00f3wne karty debetowe i kredytowe, w tym:<\/p>\n\n<ul class=\"wp-block-list\">\n<li><strong>Apple Pay:<\/strong> Dokonuj bezpiecznych p\u0142atno\u015bci zbli\u017ceniowych za pomoc\u0105 urz\u0105dze\u0144 Apple.<\/li>\n\n\n\n<li><strong>Mastercard:<\/strong> P\u0142a\u0107 bez obaw za pomoc\u0105 zaufanej karty debetowej lub kredytowej Mastercard.<\/li>\n\n\n\n<li><strong>Visa:<\/strong> Polegaj na globalnym zasi\u0119gu i bezpiecze\u0144stwie karty debetowej lub kredytowej Visa.<\/li>\n<\/ul>\n\n<p>Opr\u00f3cz kart debetowych i kredytowych akceptujemy r\u00f3wnie\u017c <strong>PayPal<\/strong>, powszechnie uznan\u0105 i bezpieczn\u0105 platform\u0119 p\u0142atno\u015bci online. PayPal pozwala robi\u0107 zakupy bez obaw, wiedz\u0105c, \u017ce informacje finansowe s\u0105 chronione za pomoc\u0105 zaawansowanej technologii szyfrowania. <\/p>\n\n<p>Oferuj\u0105c wiele opcji p\u0142atno\u015bci, staramy si\u0119 zapewni\u0107 elastyczno\u015b\u0107 i wygod\u0119, na kt\u00f3re zas\u0142ugujesz podczas zakup\u00f3w w <strong>DROIX<\/strong>. Je\u015bli masz jakiekolwiek pytania lub potrzebujesz pomocy w procesie p\u0142atno\u015bci, nie wahaj si\u0119 skontaktowa\u0107 z naszym dedykowanym zespo\u0142em obs\u0142ugi klienta. <\/p>\n\n<h2 class=\"wp-block-heading\">Wysy\u0142ka i podatek<\/h2>\n\n<p>Z przyjemno\u015bci\u0105 informujemy, \u017ce wszystkie zam\u00f3wienia <strong>DROIX <\/strong>s\u0105 wysy\u0142ane wy\u0142\u0105cznie z naszego magazynu w Wielkiej Brytanii, znajduj\u0105cego si\u0119 pod adresem 54C Expressway, N Woolwich Rd, London, E16 2AA, Wielka Brytania. Chocia\u017c strony produkt\u00f3w mog\u0105 odnosi\u0107 si\u0119 do dost\u0119pno\u015bci dostaw mi\u0119dzynarodowych, nale\u017cy pami\u0119ta\u0107, \u017ce <strong>wszystkie produkty s\u0105 wysy\u0142ane z Wielkiej Brytanii<\/strong>, niezale\u017cnie od miejsca docelowego. Nie prowadzimy \u017cadnych centr\u00f3w realizacji zam\u00f3wie\u0144 w UE ani USA. Wszystkie zam\u00f3wienia mi\u0119dzynarodowe s\u0105 wysy\u0142ane z Wielkiej Brytanii i mog\u0105 podlega\u0107 c\u0142om przywozowym i podatkom, kt\u00f3re s\u0105 obliczane przy kasie (w stosownych przypadkach). Nasz zesp\u00f3\u0142 logistyczny dok\u0142ada wszelkich stara\u0144, aby zapewni\u0107 sprawn\u0105 i terminow\u0105 wysy\u0142k\u0119 na ca\u0142y \u015bwiat z naszej bazy w Wielkiej Brytanii.    <\/p>\n\n<ul class=\"wp-block-list\">\n<li><strong>Podatki wliczone w cen\u0119:<\/strong> Wszystkie ceny podane na naszej stronie internetowej zawieraj\u0105 obowi\u0105zuj\u0105ce podatki, dzi\u0119ki czemu zakupy s\u0105 przejrzyste i bezproblemowe.<\/li>\n\n\n\n<li><strong>Podatki importowe:<\/strong> Klienci z Wielkiej Brytanii i Stan\u00f3w Zjednoczonych nie ponosz\u0105 \u017cadnych dodatkowych podatk\u00f3w importowych. W przypadku klient\u00f3w spoza tych region\u00f3w wi\u0119kszo\u015b\u0107 produkt\u00f3w b\u0119dzie r\u00f3wnie\u017c wysy\u0142ana z op\u0142aconymi podatkami. Zostanie to wspomniane na ka\u017cdej stronie produktu, aby zapewni\u0107 brak ukrytych niespodzianek podczas dostawy.  \n<ul class=\"wp-block-list\">\n<li>Dokonuj\u0105c zakupu, u\u017cytkownik upowa\u017cnia DROIX do uiszczenia tych podatk\u00f3w i ce\u0142 importowych w jego imieniu w punkcie wjazdu. Kwoty te s\u0105 p\u0142acone bezpo\u015brednio organom celnym danego kraju i w zwi\u0105zku z tym nie podlegaj\u0105 zwrotowi w \u017cadnych okoliczno\u015bciach, w tym w przypadku odrzucenia lub zwrotu zam\u00f3wienia. <\/li>\n\n\n\n<li>Przed z\u0142o\u017ceniem zam\u00f3wienia nale\u017cy zapozna\u0107 si\u0119 z zasadami importu obowi\u0105zuj\u0105cymi w danym kraju, poniewa\u017c nie mo\u017cemy odzyska\u0107 ani zwr\u00f3ci\u0107 op\u0142at importowych po z\u0142o\u017ceniu zam\u00f3wienia w urz\u0119dzie celnym.<\/li>\n<\/ul>\n<\/li>\n<\/ul>\n\n<p><strong>DROIX <\/strong>z dum\u0105 wysy\u0142a do nast\u0119puj\u0105cych kraj\u00f3w:<\/p>\n\n<ul class=\"wp-block-list\">\n<li>Wielka Brytania<\/li>\n\n\n\n<li>Albania<\/li>\n\n\n\n<li>Andora<\/li>\n\n\n\n<li>Austria<\/li>\n\n\n\n<li>Belgia<\/li>\n\n\n\n<li>Bo\u015bnia i Hercegowina<\/li>\n\n\n\n<li>Bu\u0142garia<\/li>\n\n\n\n<li>Kanada<\/li>\n\n\n\n<li>Chorwacja<\/li>\n\n\n\n<li>Republika Czeska<\/li>\n\n\n\n<li>Dania<\/li>\n\n\n\n<li>Estonia<\/li>\n\n\n\n<li>Finlandia<\/li>\n\n\n\n<li>Francja<\/li>\n\n\n\n<li>Niemcy<\/li>\n\n\n\n<li>Grecja<\/li>\n\n\n\n<li>W\u0119gry<\/li>\n\n\n\n<li>Islandia<\/li>\n\n\n\n<li>Irlandia<\/li>\n\n\n\n<li>W\u0142ochy<\/li>\n\n\n\n<li>\u0141otwa<\/li>\n\n\n\n<li>Litwa<\/li>\n\n\n\n<li>Luksemburg<\/li>\n\n\n\n<li>Malta<\/li>\n\n\n\n<li>Mo\u0142dawia<\/li>\n\n\n\n<li>Czarnog\u00f3ra<\/li>\n\n\n\n<li>Holandia<\/li>\n\n\n\n<li>Norwegia<\/li>\n\n\n\n<li>Polska<\/li>\n\n\n\n<li>Portugalia<\/li>\n\n\n\n<li>Rumunia<\/li>\n\n\n\n<li>Serbia<\/li>\n\n\n\n<li>S\u0142owacja<\/li>\n\n\n\n<li>S\u0142owenia<\/li>\n\n\n\n<li>Hiszpania<\/li>\n\n\n\n<li>Szwecja<\/li>\n\n\n\n<li>Szwajcaria<\/li>\n\n\n\n<li>USA<\/li>\n<\/ul>\n\n<p>Oferujemy r\u00f3\u017cne metody wysy\u0142ki w zale\u017cno\u015bci od klasy produktu. Produkty wysokiej klasy mog\u0105 by\u0107 wysy\u0142ane wy\u0142\u0105cznie za po\u015brednictwem <strong>DHL Express<\/strong>, aby zapewni\u0107 bezpieczn\u0105 i szybk\u0105 dostaw\u0119. Nasze dost\u0119pne opcje wysy\u0142ki obejmuj\u0105 <strong>DHL Express<\/strong>, <strong>DPD<\/strong>, <strong>GlobalMail<\/strong> i <strong>Royal Mail<\/strong>.  <\/p>\n\n<p>Mamy nadziej\u0119, \u017ce te informacje wyja\u015bniaj\u0105 nasze zasady i procedury wysy\u0142ki. W przypadku dalszych pyta\u0144 lub w\u0105tpliwo\u015bci prosimy o kontakt z naszym zespo\u0142em obs\u0142ugi klienta w celu uzyskania pomocy. <\/p>\n\n<h4 class=\"wp-block-heading\"><strong>Koszt wysy\u0142ki i \u015bledzenie<\/strong><\/h4>\n\n<p><strong>\u015aledzenie zam\u00f3wienia:<\/strong> Wszystkie nasze zam\u00f3wienia wysy\u0142amy za pomoc\u0105 metod \u015bledzenia, a wiadomo\u015b\u0107 e-mail z numerem \u015bledzenia zostanie wys\u0142ana po wys\u0142aniu zam\u00f3wienia.<\/p>\n\n<p><strong>Koszty wysy\u0142ki:<\/strong> Koszty wysy\u0142ki s\u0105 obliczane na podstawie wagi, warto\u015bci i miejsca docelowego przedmiotu, a minimalny koszt wysy\u0142ki wynosi 10,11 GBP. Aby uzyska\u0107 dok\u0142adne obliczenia, dodaj przedmiot, kt\u00f3ry chcesz kupi\u0107, do koszyka i wprowad\u017a sw\u00f3j adres podczas p\u0142atno\u015bci. <\/p>\n\n<p>W przypadku jakichkolwiek pyta\u0144 dotycz\u0105cych zam\u00f3wienia lub jego \u015bledzenia, prosimy o kontakt z <a href=\"https:\/\/droix.eu\/pl\/kontakt\/\" target=\"_blank\" rel=\"noreferrer noopener\" data-type=\"page\" data-id=\"10257\">nami<\/a>.<\/p>\n","protected":false},"excerpt":{"rendered":"<p>Z rado\u015bci\u0105 informujemy, \u017ce DROIX oferuje teraz jeszcze szybsze i bardziej przyst\u0119pne cenowo opcje wysy\u0142ki dla wszystkich Twoich elektronicznych potrzeb. Nasze zaanga\u017cowanie w zapewnienie wyj\u0105tkowej obs\u0142ugi klienta rozci\u0105ga si\u0119 na zapewnienie, \u017ce otrzymasz swoje zam\u00f3wienia tak szybko i sprawnie, jak to mo\u017cliwe, bez rozbijania banku. W DROIX rozumiemy znaczenie elastyczno\u015bci, je\u015bli chodzi o p\u0142atno\u015bci. Dlatego [&hellip;]<\/p>\n","protected":false},"author":2,"featured_media":0,"parent":0,"menu_order":0,"comment_status":"closed","ping_status":"closed","template":"","meta":{"_acf_changed":false,"footnotes":""},"class_list":["post-505093","page","type-page","status-publish","hentry"],"acf":[],"aioseo_notices":[],"aioseo_head":"\n\t\t<!-- All in One SEO Pro 4.9.6.2 - aioseo.com -->\n\t<meta name=\"description\" content=\"Z rado\u015bci\u0105 informujemy, \u017ce DROIX oferuje teraz jeszcze szybsze i bardziej przyst\u0119pne cenowo opcje wysy\u0142ki dla wszystkich Twoich elektronicznych potrzeb. Nasze zaanga\u017cowanie w zapewnienie wyj\u0105tkowej obs\u0142ugi klienta rozci\u0105ga si\u0119 na zapewnienie, \u017ce otrzymasz swoje zam\u00f3wienia tak szybko i sprawnie, jak to mo\u017cliwe, bez rozbijania banku. W DROIX rozumiemy znaczenie elastyczno\u015bci, je\u015bli chodzi o p\u0142atno\u015bci. Dlatego\" \/>\n\t<meta name=\"robots\" content=\"max-image-preview:large\" \/>\n\t<link rel=\"canonical\" href=\"https:\/\/droix.eu\/pl\/zapasy-platnosc-i-dostawa\/\" \/>\n\t<meta name=\"generator\" content=\"All in One SEO Pro (AIOSEO) 4.9.6.2\" \/>\n\t\t<meta property=\"og:locale\" content=\"pl_PL\" \/>\n\t\t<meta property=\"og:site_name\" content=\"DROIX EU - Get the latest Mini PCs, Ultrabook, PC Gaming Handhelds and more!\" \/>\n\t\t<meta property=\"og:type\" content=\"article\" \/>\n\t\t<meta property=\"og:title\" content=\"Zapasy, p\u0142atno\u015b\u0107 i dostawa - DROIX EU\" \/>\n\t\t<meta property=\"og:description\" content=\"Z rado\u015bci\u0105 informujemy, \u017ce DROIX oferuje teraz jeszcze szybsze i bardziej przyst\u0119pne cenowo opcje wysy\u0142ki dla wszystkich Twoich elektronicznych potrzeb. Nasze zaanga\u017cowanie w zapewnienie wyj\u0105tkowej obs\u0142ugi klienta rozci\u0105ga si\u0119 na zapewnienie, \u017ce otrzymasz swoje zam\u00f3wienia tak szybko i sprawnie, jak to mo\u017cliwe, bez rozbijania banku. W DROIX rozumiemy znaczenie elastyczno\u015bci, je\u015bli chodzi o p\u0142atno\u015bci. Dlatego\" \/>\n\t\t<meta property=\"og:url\" content=\"https:\/\/droix.eu\/pl\/zapasy-platnosc-i-dostawa\/\" \/>\n\t\t<meta property=\"og:image\" content=\"https:\/\/droix.eu\/wp-content\/uploads\/2024\/06\/droix-v2-light-logo.png\" \/>\n\t\t<meta property=\"og:image:secure_url\" content=\"https:\/\/droix.eu\/wp-content\/uploads\/2024\/06\/droix-v2-light-logo.png\" \/>\n\t\t<meta property=\"og:image:width\" content=\"380\" \/>\n\t\t<meta property=\"og:image:height\" content=\"118\" \/>\n\t\t<meta property=\"article:published_time\" content=\"2023-05-02T15:38:01+00:00\" \/>\n\t\t<meta property=\"article:modified_time\" content=\"2025-04-23T00:11:36+00:00\" \/>\n\t\t<meta property=\"article:publisher\" content=\"https:\/\/www.facebook.com\/DroiX.Store\" \/>\n\t\t<meta name=\"twitter:card\" content=\"summary_large_image\" \/>\n\t\t<meta name=\"twitter:site\" content=\"@DroiX_Store\" \/>\n\t\t<meta name=\"twitter:title\" content=\"Zapasy, p\u0142atno\u015b\u0107 i dostawa - DROIX EU\" \/>\n\t\t<meta name=\"twitter:description\" content=\"Z rado\u015bci\u0105 informujemy, \u017ce DROIX oferuje teraz jeszcze szybsze i bardziej przyst\u0119pne cenowo opcje wysy\u0142ki dla wszystkich Twoich elektronicznych potrzeb. Nasze zaanga\u017cowanie w zapewnienie wyj\u0105tkowej obs\u0142ugi klienta rozci\u0105ga si\u0119 na zapewnienie, \u017ce otrzymasz swoje zam\u00f3wienia tak szybko i sprawnie, jak to mo\u017cliwe, bez rozbijania banku. W DROIX rozumiemy znaczenie elastyczno\u015bci, je\u015bli chodzi o p\u0142atno\u015bci. Dlatego\" \/>\n\t\t<meta name=\"twitter:creator\" content=\"@DroiX_Store\" \/>\n\t\t<meta name=\"twitter:image\" content=\"https:\/\/droix.eu\/wp-content\/uploads\/2024\/06\/droix-v2-light-logo.png\" \/>\n\t\t<script type=\"application\/ld+json\" class=\"aioseo-schema\">\n\t\t\t{\"@context\":\"https:\\\/\\\/schema.org\",\"@graph\":[{\"@type\":\"BreadcrumbList\",\"@id\":\"https:\\\/\\\/droix.eu\\\/pl\\\/zapasy-platnosc-i-dostawa\\\/#breadcrumblist\",\"itemListElement\":[{\"@type\":\"ListItem\",\"@id\":\"https:\\\/\\\/droix.eu\\\/pl\\\/#listItem\",\"position\":1,\"name\":\"Home\",\"item\":\"https:\\\/\\\/droix.eu\\\/pl\\\/\",\"nextItem\":{\"@type\":\"ListItem\",\"@id\":\"https:\\\/\\\/droix.eu\\\/pl\\\/zapasy-platnosc-i-dostawa\\\/#listItem\",\"name\":\"Zapasy, p\\u0142atno\\u015b\\u0107 i dostawa\"}},{\"@type\":\"ListItem\",\"@id\":\"https:\\\/\\\/droix.eu\\\/pl\\\/zapasy-platnosc-i-dostawa\\\/#listItem\",\"position\":2,\"name\":\"Zapasy, p\\u0142atno\\u015b\\u0107 i dostawa\",\"previousItem\":{\"@type\":\"ListItem\",\"@id\":\"https:\\\/\\\/droix.eu\\\/pl\\\/#listItem\",\"name\":\"Home\"}}]},{\"@type\":\"Organization\",\"@id\":\"https:\\\/\\\/droix.eu\\\/pl\\\/#organization\",\"name\":\"DroiX \\u2013 Trusted EU Tech Retailer with 12+ Years Experience\",\"description\":\"DroiX is a leading European technology retailer with over 12 years of experience, offering quality mini PCs, handheld gaming consoles, and tech accessories. We provide hassle-free EU delivery with all taxes included, ensuring a smooth and reliable shopping experience for our customers across Europe.\",\"url\":\"https:\\\/\\\/droix.eu\\\/pl\\\/\",\"logo\":{\"@type\":\"ImageObject\",\"url\":\"https:\\\/\\\/droix.eu\\\/wp-content\\\/uploads\\\/2024\\\/06\\\/droix-v2-light-logo.png\",\"@id\":\"https:\\\/\\\/droix.eu\\\/pl\\\/zapasy-platnosc-i-dostawa\\\/#organizationLogo\",\"width\":380,\"height\":118},\"image\":{\"@id\":\"https:\\\/\\\/droix.eu\\\/pl\\\/zapasy-platnosc-i-dostawa\\\/#organizationLogo\"},\"sameAs\":[\"https:\\\/\\\/www.facebook.com\\\/DroiX.Store\",\"https:\\\/\\\/twitter.com\\\/DroiX_Store\",\"https:\\\/\\\/www.instagram.com\\\/droix.store\\\/\",\"https:\\\/\\\/www.tiktok.com\\\/@droix.store\",\"https:\\\/\\\/www.youtube.com\\\/c\\\/DroiX_Store\",\"https:\\\/\\\/uk.linkedin.com\\\/company\\\/droix\"]},{\"@type\":\"WebPage\",\"@id\":\"https:\\\/\\\/droix.eu\\\/pl\\\/zapasy-platnosc-i-dostawa\\\/#webpage\",\"url\":\"https:\\\/\\\/droix.eu\\\/pl\\\/zapasy-platnosc-i-dostawa\\\/\",\"name\":\"Zapasy, p\\u0142atno\\u015b\\u0107 i dostawa - DROIX EU\",\"description\":\"Z rado\\u015bci\\u0105 informujemy, \\u017ce DROIX oferuje teraz jeszcze szybsze i bardziej przyst\\u0119pne cenowo opcje wysy\\u0142ki dla wszystkich Twoich elektronicznych potrzeb. Nasze zaanga\\u017cowanie w zapewnienie wyj\\u0105tkowej obs\\u0142ugi klienta rozci\\u0105ga si\\u0119 na zapewnienie, \\u017ce otrzymasz swoje zam\\u00f3wienia tak szybko i sprawnie, jak to mo\\u017cliwe, bez rozbijania banku. W DROIX rozumiemy znaczenie elastyczno\\u015bci, je\\u015bli chodzi o p\\u0142atno\\u015bci. Dlatego\",\"inLanguage\":\"pl-PL\",\"isPartOf\":{\"@id\":\"https:\\\/\\\/droix.eu\\\/pl\\\/#website\"},\"breadcrumb\":{\"@id\":\"https:\\\/\\\/droix.eu\\\/pl\\\/zapasy-platnosc-i-dostawa\\\/#breadcrumblist\"},\"datePublished\":\"2023-05-02T16:38:01+01:00\",\"dateModified\":\"2025-04-23T01:11:36+01:00\"},{\"@type\":\"WebSite\",\"@id\":\"https:\\\/\\\/droix.eu\\\/pl\\\/#website\",\"url\":\"https:\\\/\\\/droix.eu\\\/pl\\\/\",\"name\":\"DROIX EU\",\"description\":\"Get the latest Mini PCs, Ultrabook, PC Gaming Handhelds and more!\",\"inLanguage\":\"pl-PL\",\"publisher\":{\"@id\":\"https:\\\/\\\/droix.eu\\\/pl\\\/#organization\"}}]}\n\t\t<\/script>\n\t\t<!-- All in One SEO Pro -->\r\n\t\t<title>Zapasy, p\u0142atno\u015b\u0107 i dostawa - DROIX EU<\/title>\n\n","aioseo_head_json":{"title":"Zapasy, p\u0142atno\u015b\u0107 i dostawa - DROIX EU","description":"Z rado\u015bci\u0105 informujemy, \u017ce DROIX oferuje teraz jeszcze szybsze i bardziej przyst\u0119pne cenowo opcje wysy\u0142ki dla wszystkich Twoich elektronicznych potrzeb. Nasze zaanga\u017cowanie w zapewnienie wyj\u0105tkowej obs\u0142ugi klienta rozci\u0105ga si\u0119 na zapewnienie, \u017ce otrzymasz swoje zam\u00f3wienia tak szybko i sprawnie, jak to mo\u017cliwe, bez rozbijania banku. W DROIX rozumiemy znaczenie elastyczno\u015bci, je\u015bli chodzi o p\u0142atno\u015bci. Dlatego","canonical_url":"https:\/\/droix.eu\/pl\/zapasy-platnosc-i-dostawa\/","robots":"max-image-preview:large","keywords":"","webmasterTools":{"miscellaneous":""},"schema":{"@context":"https:\/\/schema.org","@graph":[{"@type":"BreadcrumbList","@id":"https:\/\/droix.eu\/pl\/zapasy-platnosc-i-dostawa\/#breadcrumblist","itemListElement":[{"@type":"ListItem","@id":"https:\/\/droix.eu\/pl\/#listItem","position":1,"name":"Home","item":"https:\/\/droix.eu\/pl\/","nextItem":{"@type":"ListItem","@id":"https:\/\/droix.eu\/pl\/zapasy-platnosc-i-dostawa\/#listItem","name":"Zapasy, p\u0142atno\u015b\u0107 i dostawa"}},{"@type":"ListItem","@id":"https:\/\/droix.eu\/pl\/zapasy-platnosc-i-dostawa\/#listItem","position":2,"name":"Zapasy, p\u0142atno\u015b\u0107 i dostawa","previousItem":{"@type":"ListItem","@id":"https:\/\/droix.eu\/pl\/#listItem","name":"Home"}}]},{"@type":"Organization","@id":"https:\/\/droix.eu\/pl\/#organization","name":"DroiX \u2013 Trusted EU Tech Retailer with 12+ Years Experience","description":"DroiX is a leading European technology retailer with over 12 years of experience, offering quality mini PCs, handheld gaming consoles, and tech accessories. We provide hassle-free EU delivery with all taxes included, ensuring a smooth and reliable shopping experience for our customers across Europe.","url":"https:\/\/droix.eu\/pl\/","logo":{"@type":"ImageObject","url":"https:\/\/droix.eu\/wp-content\/uploads\/2024\/06\/droix-v2-light-logo.png","@id":"https:\/\/droix.eu\/pl\/zapasy-platnosc-i-dostawa\/#organizationLogo","width":380,"height":118},"image":{"@id":"https:\/\/droix.eu\/pl\/zapasy-platnosc-i-dostawa\/#organizationLogo"},"sameAs":["https:\/\/www.facebook.com\/DroiX.Store","https:\/\/twitter.com\/DroiX_Store","https:\/\/www.instagram.com\/droix.store\/","https:\/\/www.tiktok.com\/@droix.store","https:\/\/www.youtube.com\/c\/DroiX_Store","https:\/\/uk.linkedin.com\/company\/droix"]},{"@type":"WebPage","@id":"https:\/\/droix.eu\/pl\/zapasy-platnosc-i-dostawa\/#webpage","url":"https:\/\/droix.eu\/pl\/zapasy-platnosc-i-dostawa\/","name":"Zapasy, p\u0142atno\u015b\u0107 i dostawa - DROIX EU","description":"Z rado\u015bci\u0105 informujemy, \u017ce DROIX oferuje teraz jeszcze szybsze i bardziej przyst\u0119pne cenowo opcje wysy\u0142ki dla wszystkich Twoich elektronicznych potrzeb. Nasze zaanga\u017cowanie w zapewnienie wyj\u0105tkowej obs\u0142ugi klienta rozci\u0105ga si\u0119 na zapewnienie, \u017ce otrzymasz swoje zam\u00f3wienia tak szybko i sprawnie, jak to mo\u017cliwe, bez rozbijania banku. W DROIX rozumiemy znaczenie elastyczno\u015bci, je\u015bli chodzi o p\u0142atno\u015bci. Dlatego","inLanguage":"pl-PL","isPartOf":{"@id":"https:\/\/droix.eu\/pl\/#website"},"breadcrumb":{"@id":"https:\/\/droix.eu\/pl\/zapasy-platnosc-i-dostawa\/#breadcrumblist"},"datePublished":"2023-05-02T16:38:01+01:00","dateModified":"2025-04-23T01:11:36+01:00"},{"@type":"WebSite","@id":"https:\/\/droix.eu\/pl\/#website","url":"https:\/\/droix.eu\/pl\/","name":"DROIX EU","description":"Get the latest Mini PCs, Ultrabook, PC Gaming Handhelds and more!","inLanguage":"pl-PL","publisher":{"@id":"https:\/\/droix.eu\/pl\/#organization"}}]},"og:locale":"pl_PL","og:site_name":"DROIX EU - Get the latest Mini PCs, Ultrabook, PC Gaming Handhelds and more!","og:type":"article","og:title":"Zapasy, p\u0142atno\u015b\u0107 i dostawa - DROIX EU","og:description":"Z rado\u015bci\u0105 informujemy, \u017ce DROIX oferuje teraz jeszcze szybsze i bardziej przyst\u0119pne cenowo opcje wysy\u0142ki dla wszystkich Twoich elektronicznych potrzeb. Nasze zaanga\u017cowanie w zapewnienie wyj\u0105tkowej obs\u0142ugi klienta rozci\u0105ga si\u0119 na zapewnienie, \u017ce otrzymasz swoje zam\u00f3wienia tak szybko i sprawnie, jak to mo\u017cliwe, bez rozbijania banku. W DROIX rozumiemy znaczenie elastyczno\u015bci, je\u015bli chodzi o p\u0142atno\u015bci. Dlatego","og:url":"https:\/\/droix.eu\/pl\/zapasy-platnosc-i-dostawa\/","og:image":"https:\/\/droix.eu\/wp-content\/uploads\/2024\/06\/droix-v2-light-logo.png","og:image:secure_url":"https:\/\/droix.eu\/wp-content\/uploads\/2024\/06\/droix-v2-light-logo.png","og:image:width":380,"og:image:height":118,"article:published_time":"2023-05-02T15:38:01+00:00","article:modified_time":"2025-04-23T00:11:36+00:00","article:publisher":"https:\/\/www.facebook.com\/DroiX.Store","twitter:card":"summary_large_image","twitter:site":"@DroiX_Store","twitter:title":"Zapasy, p\u0142atno\u015b\u0107 i dostawa - DROIX EU","twitter:description":"Z rado\u015bci\u0105 informujemy, \u017ce DROIX oferuje teraz jeszcze szybsze i bardziej przyst\u0119pne cenowo opcje wysy\u0142ki dla wszystkich Twoich elektronicznych potrzeb. Nasze zaanga\u017cowanie w zapewnienie wyj\u0105tkowej obs\u0142ugi klienta rozci\u0105ga si\u0119 na zapewnienie, \u017ce otrzymasz swoje zam\u00f3wienia tak szybko i sprawnie, jak to mo\u017cliwe, bez rozbijania banku. W DROIX rozumiemy znaczenie elastyczno\u015bci, je\u015bli chodzi o p\u0142atno\u015bci. Dlatego","twitter:creator":"@DroiX_Store","twitter:image":"https:\/\/droix.eu\/wp-content\/uploads\/2024\/06\/droix-v2-light-logo.png"},"aioseo_meta_data":{"post_id":"505093","title":null,"description":null,"keywords":null,"keyphrases":null,"primary_term":null,"canonical_url":null,"og_title":null,"og_description":null,"og_object_type":"default","og_image_type":"default","og_image_url":null,"og_image_width":null,"og_image_height":null,"og_image_custom_url":null,"og_image_custom_fields":null,"og_video":null,"og_custom_url":null,"og_article_section":null,"og_article_tags":null,"twitter_use_og":true,"twitter_card":"default","twitter_image_type":"default","twitter_image_url":null,"twitter_image_custom_url":null,"twitter_image_custom_fields":null,"twitter_title":null,"twitter_description":null,"schema":{"blockGraphs":[],"customGraphs":[],"default":{"data":{"Article":[],"Course":[],"Dataset":[],"FAQPage":[],"Movie":[],"Person":[],"Product":[],"ProductReview":[],"Car":[],"Recipe":[],"Service":[],"SoftwareApplication":[],"WebPage":[]},"graphName":"","isEnabled":true},"graphs":[]},"schema_type":"default","schema_type_options":null,"pillar_content":false,"robots_default":true,"robots_noindex":false,"robots_noarchive":false,"robots_nosnippet":false,"robots_nofollow":false,"robots_noimageindex":false,"robots_noodp":false,"robots_notranslate":false,"robots_max_snippet":null,"robots_max_videopreview":null,"robots_max_imagepreview":"large","priority":null,"frequency":null,"local_seo":null,"seo_analyzer_scan_date":"2025-09-17 00:20:28","breadcrumb_settings":null,"limit_modified_date":false,"reviewed_by":null,"open_ai":null,"ai":null,"created":"2025-09-17 00:20:28","updated":"2025-11-27 01:25:22"},"aioseo_breadcrumb":"<div class=\"aioseo-breadcrumbs\"><span class=\"aioseo-breadcrumb\">\n\t<a href=\"https:\/\/droix.eu\/pl\/\" title=\"Home\">Home<\/a>\n<\/span><span class=\"aioseo-breadcrumb-separator\">&raquo;<\/span><span class=\"aioseo-breadcrumb\">\n\tZapasy, p\u0142atno\u015b\u0107 i dostawa\n<\/span><\/div>","aioseo_breadcrumb_json":[{"label":"Home","link":"https:\/\/droix.eu\/pl\/"},{"label":"Zapasy, p\u0142atno\u015b\u0107 i dostawa","link":"https:\/\/droix.eu\/pl\/zapasy-platnosc-i-dostawa\/"}],"_links":{"self":[{"href":"https:\/\/droix.eu\/pl\/wp-json\/wp\/v2\/pages\/505093","targetHints":{"allow":["GET"]}}],"collection":[{"href":"https:\/\/droix.eu\/pl\/wp-json\/wp\/v2\/pages"}],"about":[{"href":"https:\/\/droix.eu\/pl\/wp-json\/wp\/v2\/types\/page"}],"author":[{"embeddable":true,"href":"https:\/\/droix.eu\/pl\/wp-json\/wp\/v2\/users\/2"}],"replies":[{"embeddable":true,"href":"https:\/\/droix.eu\/pl\/wp-json\/wp\/v2\/comments?post=505093"}],"version-history":[{"count":0,"href":"https:\/\/droix.eu\/pl\/wp-json\/wp\/v2\/pages\/505093\/revisions"}],"wp:attachment":[{"href":"https:\/\/droix.eu\/pl\/wp-json\/wp\/v2\/media?parent=505093"}],"curies":[{"name":"wp","href":"https:\/\/api.w.org\/{rel}","templated":true}]}}