{"id":504962,"date":"2021-12-23T11:49:46","date_gmt":"2021-12-23T11:49:46","guid":{"rendered":"https:\/\/droix.eu\/polityka-dotyczaca-plikow-cookie\/"},"modified":"2025-05-06T16:01:42","modified_gmt":"2025-05-06T15:01:42","slug":"polityka-dotyczaca-plikow-cookie","status":"publish","type":"page","link":"https:\/\/droix.eu\/pl\/polityka-dotyczaca-plikow-cookie\/","title":{"rendered":"Polityka dotycz\u0105ca plik\u00f3w cookie"},"content":{"rendered":"\n<p>Poni\u017csz\u0105 Polityk\u0119 dotycz\u0105c\u0105 plik\u00f3w cookie nale\u017cy traktowa\u0107 zgodnie z (w po\u0142\u0105czeniu z), &#8220;jako jedn\u0105&#8221; z <a href=\"https:\/\/droix.eu\/pl\/zasady-i-warunki\/\" target=\"_blank\" rel=\"noreferrer noopener\">Warunkami i<\/a> <a href=\"https:\/\/droix.eu\/pl\/polityka-prywatnosci\/\" target=\"_blank\" rel=\"noreferrer noopener\">Polityk\u0105 prywatno\u015bci<\/a><\/p>\n\n<ol class=\"wp-block-list\">\n<li>Niniejsze warunki sprzeda\u017cy maj\u0105 zastosowanie do wszystkich towar\u00f3w dostarczanych przez DROIX, z siedzib\u0105 pod adresem 54C Expressway, N Woolwich Rd, Londyn, E16 2AA, Wielka Brytania).\n<ol class=\"wp-block-list\">\n<li>W niniejszej umowie odniesienia dotycz\u0105: My (DROIX) jeste\u015bmy Dostawc\u0105, a Ty (Klient)<\/li>\n<\/ol>\n<\/li>\n<\/ol>\n\n<ol class=\"wp-block-list\">\n<li>Strona internetowa Dostawcy wykorzystuje pliki cookie w celu odr\u00f3\u017cnienia klienta, tj. u\u017cytkownika, od innych u\u017cytkownik\u00f3w strony internetowej. Pomaga to Dostawcy zapewni\u0107 u\u017cytkownikowi dobre wra\u017cenia podczas przegl\u0105dania strony internetowej Dostawcy, a tak\u017ce umo\u017cliwia Dostawcy ulepszanie naszej strony. Kontynuuj\u0105c przegl\u0105danie witryny, u\u017cytkownik wyra\u017ca zgod\u0119 na korzystanie z plik\u00f3w cookie przez Dostawc\u0119.  <\/li>\n\n\n\n<li>Plik cookie to niewielki plik sk\u0142adaj\u0105cy si\u0119 z liter i cyfr, kt\u00f3ry Dostawca przechowuje w przegl\u0105darce u\u017cytkownika lub na dysku twardym jego komputera lub telefonu kom\u00f3rkowego, je\u015bli u\u017cytkownik wyrazi na to zgod\u0119. Pliki cookie zawieraj\u0105 informacje, kt\u00f3re s\u0105 przesy\u0142ane na dysk twardy komputera u\u017cytkownika. <\/li>\n\n\n\n<li>Dostawca wykorzystuje nast\u0119puj\u0105ce pliki cookie:\n<ol class=\"wp-block-list\">\n<li>Niezb\u0119dne pliki cookie. S\u0105 to pliki cookie wymagane do dzia\u0142ania strony internetowej Dostawcy. Obejmuj\u0105 one na przyk\u0142ad pliki cookie, kt\u00f3re umo\u017cliwiaj\u0105 logowanie si\u0119 do bezpiecznych obszar\u00f3w witryny internetowej Dostawcy i przeprowadzanie transakcji.  <\/li>\n\n\n\n<li>Analityczne\/wydajno\u015bciowe pliki cookie. Pozwalaj\u0105 one Dostawcy rozpozna\u0107 i policzy\u0107 liczb\u0119 odwiedzaj\u0105cych oraz zobaczy\u0107, w jaki spos\u00f3b odwiedzaj\u0105cy poruszaj\u0105 si\u0119 po stronie internetowej Dostawcy podczas korzystania z niej. Pomaga to dostawcy ulepszy\u0107 spos\u00f3b dzia\u0142ania strony internetowej, na przyk\u0142ad poprzez zapewnienie, \u017ce u\u017cytkownicy \u0142atwo i bez k\u0142opot\u00f3w znajduj\u0105 to, czego szukaj\u0105.  <\/li>\n\n\n\n<li>Dostawca wykorzystuje pliki cookie Google Analytics. Google Analytics zbiera informacje anonimowo. Raportuje trendy na stronie internetowej bez identyfikowania poszczeg\u00f3lnych odwiedzaj\u0105cych. U\u017cytkownik mo\u017ce zrezygnowa\u0107 z us\u0142ugi Google Analytics bez wp\u0142ywu na spos\u00f3b odwiedzania tej witryny. Aby uzyska\u0107 wi\u0119cej informacji na temat Google Analytics, kliknij tutaj.    <\/li>\n\n\n\n<li>Ukierunkowane pliki cookie. Te pliki cookie rejestruj\u0105 wizyt\u0119 u\u017cytkownika na stronie internetowej Dostawcy, odwiedzone strony i \u0142\u0105cza. Dostawca wykorzystuje te informacje, aby strona internetowa i wy\u015bwietlane na niej reklamy by\u0142y bardziej dopasowane do zainteresowa\u0144 u\u017cytkownika. W tym celu Dostawca mo\u017ce r\u00f3wnie\u017c udost\u0119pnia\u0107 te informacje stronom trzecim.   <\/li>\n<\/ol>\n<\/li>\n\n\n\n<li>Nale\u017cy pami\u0119ta\u0107, \u017ce strony trzecie (w tym na przyk\u0142ad sieci reklamowe i dostawcy us\u0142ug zewn\u0119trznych, takich jak us\u0142ugi analizy ruchu internetowego) mog\u0105 r\u00f3wnie\u017c wykorzystywa\u0107 pliki cookie, nad kt\u00f3rymi Dostawca nie ma kontroli. Te pliki cookie mog\u0105 by\u0107 analitycznymi\/wydajno\u015bciowymi plikami cookie lub ukierunkowanymi plikami cookie. <\/li>\n\n\n\n<li>U\u017cytkownik mo\u017ce zablokowa\u0107 pliki cookie, aktywuj\u0105c w przegl\u0105darce ustawienie umo\u017cliwiaj\u0105ce odrzucenie wszystkich lub niekt\u00f3rych plik\u00f3w cookie. Je\u015bli jednak u\u017cytkownik u\u017cyje ustawie\u0144 przegl\u0105darki, aby zablokowa\u0107 wszystkie pliki cookie (w tym niezb\u0119dne pliki cookie), mo\u017ce nie by\u0107 w stanie uzyska\u0107 dost\u0119pu do ca\u0142o\u015bci lub cz\u0119\u015bci strony internetowej Dostawcy. <\/li>\n<\/ol>\n\n<h2 class=\"wp-block-heading\" id=\"h-cookie-description\">OPIS PLIKU COOKIE<\/h2>\n<p><script type=\"text\/javascript\" charset=\"UTF-8\" data-cookiescriptreport=\"report\" src=\"\/\/report.cookie-script.com\/r\/21c7c108a50ee55d6c4ed24051df0334.js\"><\/script><\/p>\n\n<p class=\"has-text-align-center\">Ostatnia aktualizacja polityki plik\u00f3w cookie: 12 pa\u017adziernika, 2022 &#8211; 02:29AM.<\/p>\n","protected":false},"excerpt":{"rendered":"<p>Poni\u017csz\u0105 Polityk\u0119 dotycz\u0105c\u0105 plik\u00f3w cookie nale\u017cy traktowa\u0107 zgodnie z (w po\u0142\u0105czeniu z), &#8220;jako jedn\u0105&#8221; z Warunkami i Polityk\u0105 prywatno\u015bci OPIS PLIKU COOKIE Ostatnia aktualizacja polityki plik\u00f3w cookie: 12 pa\u017adziernika, 2022 &#8211; 02:29AM.<\/p>\n","protected":false},"author":1,"featured_media":0,"parent":0,"menu_order":0,"comment_status":"closed","ping_status":"closed","template":"","meta":{"_acf_changed":false,"footnotes":""},"class_list":["post-504962","page","type-page","status-publish","hentry"],"acf":[],"aioseo_notices":[],"aioseo_head":"\n\t\t<!-- All in One SEO Pro 4.9.5.2 - aioseo.com -->\n\t<meta name=\"description\" content=\"Poni\u017csz\u0105 Polityk\u0119 dotycz\u0105c\u0105 plik\u00f3w cookie nale\u017cy traktowa\u0107 zgodnie z (w po\u0142\u0105czeniu z), &quot;jako jedn\u0105&quot; z Warunkami i Polityk\u0105 prywatno\u015bci Niniejsze warunki sprzeda\u017cy maj\u0105 zastosowanie do wszystkich towar\u00f3w dostarczanych przez DROIX, z siedzib\u0105 pod adresem 54C Expressway, N Woolwich Rd, Londyn, E16 2AA, Wielka Brytania). W niniejszej umowie odniesienia dotycz\u0105: My (DROIX) jeste\u015bmy Dostawc\u0105, a Ty\" \/>\n\t<meta name=\"robots\" content=\"max-image-preview:large\" \/>\n\t<link rel=\"canonical\" href=\"https:\/\/droix.eu\/pl\/polityka-dotyczaca-plikow-cookie\/\" \/>\n\t<meta name=\"generator\" content=\"All in One SEO Pro (AIOSEO) 4.9.5.2\" \/>\n\t\t<meta property=\"og:locale\" content=\"pl_PL\" \/>\n\t\t<meta property=\"og:site_name\" content=\"DROIX EU - Get the latest Mini PCs, Ultrabook, PC Gaming Handhelds and more!\" \/>\n\t\t<meta property=\"og:type\" content=\"article\" \/>\n\t\t<meta property=\"og:title\" content=\"Polityka dotycz\u0105ca plik\u00f3w cookie - DROIX EU\" \/>\n\t\t<meta property=\"og:description\" content=\"Poni\u017csz\u0105 Polityk\u0119 dotycz\u0105c\u0105 plik\u00f3w cookie nale\u017cy traktowa\u0107 zgodnie z (w po\u0142\u0105czeniu z), &quot;jako jedn\u0105&quot; z Warunkami i Polityk\u0105 prywatno\u015bci Niniejsze warunki sprzeda\u017cy maj\u0105 zastosowanie do wszystkich towar\u00f3w dostarczanych przez DROIX, z siedzib\u0105 pod adresem 54C Expressway, N Woolwich Rd, Londyn, E16 2AA, Wielka Brytania). W niniejszej umowie odniesienia dotycz\u0105: My (DROIX) jeste\u015bmy Dostawc\u0105, a Ty\" \/>\n\t\t<meta property=\"og:url\" content=\"https:\/\/droix.eu\/pl\/polityka-dotyczaca-plikow-cookie\/\" \/>\n\t\t<meta property=\"og:image\" content=\"https:\/\/droix.eu\/wp-content\/uploads\/2024\/06\/droix-v2-light-logo.png\" \/>\n\t\t<meta property=\"og:image:secure_url\" content=\"https:\/\/droix.eu\/wp-content\/uploads\/2024\/06\/droix-v2-light-logo.png\" \/>\n\t\t<meta property=\"og:image:width\" content=\"380\" \/>\n\t\t<meta property=\"og:image:height\" content=\"118\" \/>\n\t\t<meta property=\"article:published_time\" content=\"2021-12-23T11:49:46+00:00\" \/>\n\t\t<meta property=\"article:modified_time\" content=\"2025-05-06T15:01:42+00:00\" \/>\n\t\t<meta property=\"article:publisher\" content=\"https:\/\/www.facebook.com\/DroiX.Store\" \/>\n\t\t<meta name=\"twitter:card\" content=\"summary_large_image\" \/>\n\t\t<meta name=\"twitter:site\" content=\"@DroiX_Store\" \/>\n\t\t<meta name=\"twitter:title\" content=\"Polityka dotycz\u0105ca plik\u00f3w cookie - DROIX EU\" \/>\n\t\t<meta name=\"twitter:description\" content=\"Poni\u017csz\u0105 Polityk\u0119 dotycz\u0105c\u0105 plik\u00f3w cookie nale\u017cy traktowa\u0107 zgodnie z (w po\u0142\u0105czeniu z), &quot;jako jedn\u0105&quot; z Warunkami i Polityk\u0105 prywatno\u015bci Niniejsze warunki sprzeda\u017cy maj\u0105 zastosowanie do wszystkich towar\u00f3w dostarczanych przez DROIX, z siedzib\u0105 pod adresem 54C Expressway, N Woolwich Rd, Londyn, E16 2AA, Wielka Brytania). W niniejszej umowie odniesienia dotycz\u0105: My (DROIX) jeste\u015bmy Dostawc\u0105, a Ty\" \/>\n\t\t<meta name=\"twitter:creator\" content=\"@DroiX_Store\" \/>\n\t\t<meta name=\"twitter:image\" content=\"https:\/\/droix.eu\/wp-content\/uploads\/2024\/06\/droix-v2-light-logo.png\" \/>\n\t\t<script type=\"application\/ld+json\" class=\"aioseo-schema\">\n\t\t\t{\"@context\":\"https:\\\/\\\/schema.org\",\"@graph\":[{\"@type\":\"BreadcrumbList\",\"@id\":\"https:\\\/\\\/droix.eu\\\/pl\\\/polityka-dotyczaca-plikow-cookie\\\/#breadcrumblist\",\"itemListElement\":[{\"@type\":\"ListItem\",\"@id\":\"https:\\\/\\\/droix.eu\\\/pl\\\/#listItem\",\"position\":1,\"name\":\"Home\",\"item\":\"https:\\\/\\\/droix.eu\\\/pl\\\/\",\"nextItem\":{\"@type\":\"ListItem\",\"@id\":\"https:\\\/\\\/droix.eu\\\/pl\\\/polityka-dotyczaca-plikow-cookie\\\/#listItem\",\"name\":\"Polityka dotycz\\u0105ca plik\\u00f3w cookie\"}},{\"@type\":\"ListItem\",\"@id\":\"https:\\\/\\\/droix.eu\\\/pl\\\/polityka-dotyczaca-plikow-cookie\\\/#listItem\",\"position\":2,\"name\":\"Polityka dotycz\\u0105ca plik\\u00f3w cookie\",\"previousItem\":{\"@type\":\"ListItem\",\"@id\":\"https:\\\/\\\/droix.eu\\\/pl\\\/#listItem\",\"name\":\"Home\"}}]},{\"@type\":\"Organization\",\"@id\":\"https:\\\/\\\/droix.eu\\\/pl\\\/#organization\",\"name\":\"DroiX \\u2013 Trusted EU Tech Retailer with 12+ Years Experience\",\"description\":\"DroiX is a leading European technology retailer with over 12 years of experience, offering quality mini PCs, handheld gaming consoles, and tech accessories. We provide hassle-free EU delivery with all taxes included, ensuring a smooth and reliable shopping experience for our customers across Europe.\",\"url\":\"https:\\\/\\\/droix.eu\\\/pl\\\/\",\"logo\":{\"@type\":\"ImageObject\",\"url\":\"https:\\\/\\\/droix.eu\\\/wp-content\\\/uploads\\\/2024\\\/06\\\/droix-v2-light-logo.png\",\"@id\":\"https:\\\/\\\/droix.eu\\\/pl\\\/polityka-dotyczaca-plikow-cookie\\\/#organizationLogo\",\"width\":380,\"height\":118},\"image\":{\"@id\":\"https:\\\/\\\/droix.eu\\\/pl\\\/polityka-dotyczaca-plikow-cookie\\\/#organizationLogo\"},\"sameAs\":[\"https:\\\/\\\/www.facebook.com\\\/DroiX.Store\",\"https:\\\/\\\/twitter.com\\\/DroiX_Store\",\"https:\\\/\\\/www.instagram.com\\\/droix.store\\\/\",\"https:\\\/\\\/www.tiktok.com\\\/@droix.store\",\"https:\\\/\\\/www.youtube.com\\\/c\\\/DroiX_Store\",\"https:\\\/\\\/uk.linkedin.com\\\/company\\\/droix\"]},{\"@type\":\"WebPage\",\"@id\":\"https:\\\/\\\/droix.eu\\\/pl\\\/polityka-dotyczaca-plikow-cookie\\\/#webpage\",\"url\":\"https:\\\/\\\/droix.eu\\\/pl\\\/polityka-dotyczaca-plikow-cookie\\\/\",\"name\":\"Polityka dotycz\\u0105ca plik\\u00f3w cookie - DROIX EU\",\"description\":\"Poni\\u017csz\\u0105 Polityk\\u0119 dotycz\\u0105c\\u0105 plik\\u00f3w cookie nale\\u017cy traktowa\\u0107 zgodnie z (w po\\u0142\\u0105czeniu z), \\\"jako jedn\\u0105\\\" z Warunkami i Polityk\\u0105 prywatno\\u015bci Niniejsze warunki sprzeda\\u017cy maj\\u0105 zastosowanie do wszystkich towar\\u00f3w dostarczanych przez DROIX, z siedzib\\u0105 pod adresem 54C Expressway, N Woolwich Rd, Londyn, E16 2AA, Wielka Brytania). W niniejszej umowie odniesienia dotycz\\u0105: My (DROIX) jeste\\u015bmy Dostawc\\u0105, a Ty\",\"inLanguage\":\"pl-PL\",\"isPartOf\":{\"@id\":\"https:\\\/\\\/droix.eu\\\/pl\\\/#website\"},\"breadcrumb\":{\"@id\":\"https:\\\/\\\/droix.eu\\\/pl\\\/polityka-dotyczaca-plikow-cookie\\\/#breadcrumblist\"},\"datePublished\":\"2021-12-23T11:49:46+00:00\",\"dateModified\":\"2025-05-06T16:01:42+01:00\"},{\"@type\":\"WebSite\",\"@id\":\"https:\\\/\\\/droix.eu\\\/pl\\\/#website\",\"url\":\"https:\\\/\\\/droix.eu\\\/pl\\\/\",\"name\":\"DROIX EU\",\"description\":\"Get the latest Mini PCs, Ultrabook, PC Gaming Handhelds and more!\",\"inLanguage\":\"pl-PL\",\"publisher\":{\"@id\":\"https:\\\/\\\/droix.eu\\\/pl\\\/#organization\"}}]}\n\t\t<\/script>\n\t\t<!-- All in One SEO Pro -->\r\n\t\t<title>Polityka dotycz\u0105ca plik\u00f3w cookie - DROIX EU<\/title>\n\n","aioseo_head_json":{"title":"Polityka dotycz\u0105ca plik\u00f3w cookie - DROIX EU","description":"Poni\u017csz\u0105 Polityk\u0119 dotycz\u0105c\u0105 plik\u00f3w cookie nale\u017cy traktowa\u0107 zgodnie z (w po\u0142\u0105czeniu z), \"jako jedn\u0105\" z Warunkami i Polityk\u0105 prywatno\u015bci Niniejsze warunki sprzeda\u017cy maj\u0105 zastosowanie do wszystkich towar\u00f3w dostarczanych przez DROIX, z siedzib\u0105 pod adresem 54C Expressway, N Woolwich Rd, Londyn, E16 2AA, Wielka Brytania). W niniejszej umowie odniesienia dotycz\u0105: My (DROIX) jeste\u015bmy Dostawc\u0105, a Ty","canonical_url":"https:\/\/droix.eu\/pl\/polityka-dotyczaca-plikow-cookie\/","robots":"max-image-preview:large","keywords":"","webmasterTools":{"miscellaneous":""},"schema":{"@context":"https:\/\/schema.org","@graph":[{"@type":"BreadcrumbList","@id":"https:\/\/droix.eu\/pl\/polityka-dotyczaca-plikow-cookie\/#breadcrumblist","itemListElement":[{"@type":"ListItem","@id":"https:\/\/droix.eu\/pl\/#listItem","position":1,"name":"Home","item":"https:\/\/droix.eu\/pl\/","nextItem":{"@type":"ListItem","@id":"https:\/\/droix.eu\/pl\/polityka-dotyczaca-plikow-cookie\/#listItem","name":"Polityka dotycz\u0105ca plik\u00f3w cookie"}},{"@type":"ListItem","@id":"https:\/\/droix.eu\/pl\/polityka-dotyczaca-plikow-cookie\/#listItem","position":2,"name":"Polityka dotycz\u0105ca plik\u00f3w cookie","previousItem":{"@type":"ListItem","@id":"https:\/\/droix.eu\/pl\/#listItem","name":"Home"}}]},{"@type":"Organization","@id":"https:\/\/droix.eu\/pl\/#organization","name":"DroiX \u2013 Trusted EU Tech Retailer with 12+ Years Experience","description":"DroiX is a leading European technology retailer with over 12 years of experience, offering quality mini PCs, handheld gaming consoles, and tech accessories. We provide hassle-free EU delivery with all taxes included, ensuring a smooth and reliable shopping experience for our customers across Europe.","url":"https:\/\/droix.eu\/pl\/","logo":{"@type":"ImageObject","url":"https:\/\/droix.eu\/wp-content\/uploads\/2024\/06\/droix-v2-light-logo.png","@id":"https:\/\/droix.eu\/pl\/polityka-dotyczaca-plikow-cookie\/#organizationLogo","width":380,"height":118},"image":{"@id":"https:\/\/droix.eu\/pl\/polityka-dotyczaca-plikow-cookie\/#organizationLogo"},"sameAs":["https:\/\/www.facebook.com\/DroiX.Store","https:\/\/twitter.com\/DroiX_Store","https:\/\/www.instagram.com\/droix.store\/","https:\/\/www.tiktok.com\/@droix.store","https:\/\/www.youtube.com\/c\/DroiX_Store","https:\/\/uk.linkedin.com\/company\/droix"]},{"@type":"WebPage","@id":"https:\/\/droix.eu\/pl\/polityka-dotyczaca-plikow-cookie\/#webpage","url":"https:\/\/droix.eu\/pl\/polityka-dotyczaca-plikow-cookie\/","name":"Polityka dotycz\u0105ca plik\u00f3w cookie - DROIX EU","description":"Poni\u017csz\u0105 Polityk\u0119 dotycz\u0105c\u0105 plik\u00f3w cookie nale\u017cy traktowa\u0107 zgodnie z (w po\u0142\u0105czeniu z), \"jako jedn\u0105\" z Warunkami i Polityk\u0105 prywatno\u015bci Niniejsze warunki sprzeda\u017cy maj\u0105 zastosowanie do wszystkich towar\u00f3w dostarczanych przez DROIX, z siedzib\u0105 pod adresem 54C Expressway, N Woolwich Rd, Londyn, E16 2AA, Wielka Brytania). W niniejszej umowie odniesienia dotycz\u0105: My (DROIX) jeste\u015bmy Dostawc\u0105, a Ty","inLanguage":"pl-PL","isPartOf":{"@id":"https:\/\/droix.eu\/pl\/#website"},"breadcrumb":{"@id":"https:\/\/droix.eu\/pl\/polityka-dotyczaca-plikow-cookie\/#breadcrumblist"},"datePublished":"2021-12-23T11:49:46+00:00","dateModified":"2025-05-06T16:01:42+01:00"},{"@type":"WebSite","@id":"https:\/\/droix.eu\/pl\/#website","url":"https:\/\/droix.eu\/pl\/","name":"DROIX EU","description":"Get the latest Mini PCs, Ultrabook, PC Gaming Handhelds and more!","inLanguage":"pl-PL","publisher":{"@id":"https:\/\/droix.eu\/pl\/#organization"}}]},"og:locale":"pl_PL","og:site_name":"DROIX EU - Get the latest Mini PCs, Ultrabook, PC Gaming Handhelds and more!","og:type":"article","og:title":"Polityka dotycz\u0105ca plik\u00f3w cookie - DROIX EU","og:description":"Poni\u017csz\u0105 Polityk\u0119 dotycz\u0105c\u0105 plik\u00f3w cookie nale\u017cy traktowa\u0107 zgodnie z (w po\u0142\u0105czeniu z), &quot;jako jedn\u0105&quot; z Warunkami i Polityk\u0105 prywatno\u015bci Niniejsze warunki sprzeda\u017cy maj\u0105 zastosowanie do wszystkich towar\u00f3w dostarczanych przez DROIX, z siedzib\u0105 pod adresem 54C Expressway, N Woolwich Rd, Londyn, E16 2AA, Wielka Brytania). W niniejszej umowie odniesienia dotycz\u0105: My (DROIX) jeste\u015bmy Dostawc\u0105, a Ty","og:url":"https:\/\/droix.eu\/pl\/polityka-dotyczaca-plikow-cookie\/","og:image":"https:\/\/droix.eu\/wp-content\/uploads\/2024\/06\/droix-v2-light-logo.png","og:image:secure_url":"https:\/\/droix.eu\/wp-content\/uploads\/2024\/06\/droix-v2-light-logo.png","og:image:width":380,"og:image:height":118,"article:published_time":"2021-12-23T11:49:46+00:00","article:modified_time":"2025-05-06T15:01:42+00:00","article:publisher":"https:\/\/www.facebook.com\/DroiX.Store","twitter:card":"summary_large_image","twitter:site":"@DroiX_Store","twitter:title":"Polityka dotycz\u0105ca plik\u00f3w cookie - DROIX EU","twitter:description":"Poni\u017csz\u0105 Polityk\u0119 dotycz\u0105c\u0105 plik\u00f3w cookie nale\u017cy traktowa\u0107 zgodnie z (w po\u0142\u0105czeniu z), &quot;jako jedn\u0105&quot; z Warunkami i Polityk\u0105 prywatno\u015bci Niniejsze warunki sprzeda\u017cy maj\u0105 zastosowanie do wszystkich towar\u00f3w dostarczanych przez DROIX, z siedzib\u0105 pod adresem 54C Expressway, N Woolwich Rd, Londyn, E16 2AA, Wielka Brytania). W niniejszej umowie odniesienia dotycz\u0105: My (DROIX) jeste\u015bmy Dostawc\u0105, a Ty","twitter:creator":"@DroiX_Store","twitter:image":"https:\/\/droix.eu\/wp-content\/uploads\/2024\/06\/droix-v2-light-logo.png"},"aioseo_meta_data":{"post_id":"504962","title":null,"description":null,"keywords":null,"keyphrases":null,"primary_term":null,"canonical_url":null,"og_title":null,"og_description":null,"og_object_type":"default","og_image_type":"default","og_image_url":null,"og_image_width":null,"og_image_height":null,"og_image_custom_url":null,"og_image_custom_fields":null,"og_video":null,"og_custom_url":null,"og_article_section":null,"og_article_tags":null,"twitter_use_og":true,"twitter_card":"default","twitter_image_type":"default","twitter_image_url":null,"twitter_image_custom_url":null,"twitter_image_custom_fields":null,"twitter_title":null,"twitter_description":null,"schema":{"blockGraphs":[],"customGraphs":[],"default":{"data":{"Article":[],"Course":[],"Dataset":[],"FAQPage":[],"Movie":[],"Person":[],"Product":[],"ProductReview":[],"Car":[],"Recipe":[],"Service":[],"SoftwareApplication":[],"WebPage":[]},"graphName":"","isEnabled":true},"graphs":[]},"schema_type":"default","schema_type_options":null,"pillar_content":false,"robots_default":true,"robots_noindex":false,"robots_noarchive":false,"robots_nosnippet":false,"robots_nofollow":false,"robots_noimageindex":false,"robots_noodp":false,"robots_notranslate":false,"robots_max_snippet":null,"robots_max_videopreview":null,"robots_max_imagepreview":"large","priority":null,"frequency":null,"local_seo":null,"seo_analyzer_scan_date":"2025-09-16 22:52:03","breadcrumb_settings":null,"limit_modified_date":false,"reviewed_by":null,"open_ai":null,"ai":null,"created":"2025-09-16 22:52:03","updated":"2025-11-27 00:06:39"},"aioseo_breadcrumb":"<div class=\"aioseo-breadcrumbs\"><span class=\"aioseo-breadcrumb\">\n\t<a href=\"https:\/\/droix.eu\/pl\/\" title=\"Home\">Home<\/a>\n<\/span><span class=\"aioseo-breadcrumb-separator\">&raquo;<\/span><span class=\"aioseo-breadcrumb\">\n\tPolityka dotycz\u0105ca plik\u00f3w cookie\n<\/span><\/div>","aioseo_breadcrumb_json":[{"label":"Home","link":"https:\/\/droix.eu\/pl\/"},{"label":"Polityka dotycz\u0105ca plik\u00f3w cookie","link":"https:\/\/droix.eu\/pl\/polityka-dotyczaca-plikow-cookie\/"}],"_links":{"self":[{"href":"https:\/\/droix.eu\/pl\/wp-json\/wp\/v2\/pages\/504962","targetHints":{"allow":["GET"]}}],"collection":[{"href":"https:\/\/droix.eu\/pl\/wp-json\/wp\/v2\/pages"}],"about":[{"href":"https:\/\/droix.eu\/pl\/wp-json\/wp\/v2\/types\/page"}],"author":[{"embeddable":true,"href":"https:\/\/droix.eu\/pl\/wp-json\/wp\/v2\/users\/1"}],"replies":[{"embeddable":true,"href":"https:\/\/droix.eu\/pl\/wp-json\/wp\/v2\/comments?post=504962"}],"version-history":[{"count":0,"href":"https:\/\/droix.eu\/pl\/wp-json\/wp\/v2\/pages\/504962\/revisions"}],"wp:attachment":[{"href":"https:\/\/droix.eu\/pl\/wp-json\/wp\/v2\/media?parent=504962"}],"curies":[{"name":"wp","href":"https:\/\/api.w.org\/{rel}","templated":true}]}}