{"id":718012,"date":"2026-04-27T12:23:57","date_gmt":"2026-04-27T11:23:57","guid":{"rendered":"https:\/\/droix.eu\/product\/retroid-pocket-5-skjermbeskytter\/"},"modified":"2026-04-27T12:23:57","modified_gmt":"2026-04-27T11:23:57","slug":"retroid-pocket-5-skjermbeskytter","status":"publish","type":"product","link":"https:\/\/droix.eu\/no\/product\/retroid-pocket-5-skjermbeskytter\/","title":{"rendered":"Retroid Pocket 5 Skjermbeskytter"},"content":{"rendered":"","protected":false},"excerpt":{"rendered":"<ul>\n<li><strong>Perfekt passform<\/strong> for 5,5-tommers <strong>Retroid Pocket 5 skjermbeskytter<\/strong> kant-til-kant dimensjoner.<\/li>\n<li><strong>Ripebestandig<\/strong> 9H herdet glass for langvarig beskyttelse mot daglig slitasje.<\/li>\n<li>Ultraklart materiale for \u00e5 bevare det <strong>uber\u00f8rte spillbildet<\/strong> p\u00e5 1080p AMOLED-skjermen.<\/li>\n<li>Enkel installasjonsprosess sikrer en <strong>boblefri p\u00e5f\u00f8ring<\/strong> for den <strong>h\u00e5ndholdte spillkonsollen Retroid Pocket 5.<\/strong><\/li>\n<li><strong>Flekkbestandig oleofobisk belegg<\/strong> som holder skjermen ren og klar under intense spill\u00f8kter.<\/li>\n<\/ul>\n","protected":false},"featured_media":718023,"template":"","meta":{"_acf_changed":false},"product_brand":[],"product_cat":[13104,12964],"product_tag":[],"woo-feed-brand":[],"key-features":[],"class_list":{"0":"post-718012","1":"product","2":"type-product","3":"status-publish","4":"has-post-thumbnail","6":"product_cat-spilltilbehor","7":"product_cat-tilbehor-no","8":"product_shipping_class-low-end","9":"pa_accessory-type-screen-protector","10":"pa_brands-retroid","12":"first","13":"onbackorder","14":"taxable","15":"shipping-taxable","16":"product-type-simple"},"acf":[],"aioseo_notices":[],"aioseo_head":"\n\t\t<!-- All in One SEO Pro 4.9.6.2 - aioseo.com -->\n\t<meta name=\"description\" content=\"Beskytt din Retroid Pocket 5 h\u00e5ndholdte spillkonsoll med v\u00e5r skjermbeskytter i 9H herdet glass! \ud83c\udfae Krystallklar 1080p klarhet og boblefri passform. \ud83d\udee1\ufe0f Handle n\u00e5 og hold AMOLED-skjermen din som ny! \u2728\" \/>\n\t<meta name=\"robots\" content=\"max-image-preview:large\" \/>\n\t<link rel=\"canonical\" href=\"https:\/\/droix.eu\/no\/product\/retroid-pocket-5-skjermbeskytter\/\" \/>\n\t<meta name=\"generator\" content=\"All in One SEO Pro (AIOSEO) 4.9.6.2\" \/>\n\t\t<meta property=\"og:locale\" content=\"nb_NO\" \/>\n\t\t<meta property=\"og:site_name\" content=\"DROIX EU - Get the latest Mini PCs, Ultrabook, PC Gaming Handhelds and more!\" \/>\n\t\t<meta property=\"og:type\" content=\"article\" \/>\n\t\t<meta property=\"og:title\" content=\"Retroid Pocket 5 Skjermbeskytter | 9H herdet glassskjerm \ud83d\udee1\ufe0f\" \/>\n\t\t<meta property=\"og:description\" content=\"Beskytt din Retroid Pocket 5 h\u00e5ndholdte spillkonsoll med v\u00e5r skjermbeskytter i 9H herdet glass! \ud83c\udfae Krystallklar 1080p klarhet og boblefri passform. \ud83d\udee1\ufe0f Handle n\u00e5 og hold AMOLED-skjermen din som ny! \u2728\" \/>\n\t\t<meta property=\"og:url\" content=\"https:\/\/droix.eu\/no\/product\/retroid-pocket-5-skjermbeskytter\/\" \/>\n\t\t<meta property=\"og:image\" content=\"https:\/\/droix.eu\/wp-content\/uploads\/2024\/06\/droix-v2-light-logo.png\" \/>\n\t\t<meta property=\"og:image:secure_url\" content=\"https:\/\/droix.eu\/wp-content\/uploads\/2024\/06\/droix-v2-light-logo.png\" \/>\n\t\t<meta property=\"og:image:width\" content=\"380\" \/>\n\t\t<meta property=\"og:image:height\" content=\"118\" \/>\n\t\t<meta property=\"article:published_time\" content=\"2026-04-27T11:23:57+00:00\" \/>\n\t\t<meta property=\"article:modified_time\" content=\"2026-04-27T11:23:57+00:00\" \/>\n\t\t<meta property=\"article:publisher\" content=\"https:\/\/www.facebook.com\/DroiX.Store\" \/>\n\t\t<meta name=\"twitter:card\" content=\"summary_large_image\" \/>\n\t\t<meta name=\"twitter:site\" content=\"@DroiX_Store\" \/>\n\t\t<meta name=\"twitter:title\" content=\"Retroid Pocket 5 Skjermbeskytter | 9H herdet glassskjerm \ud83d\udee1\ufe0f\" \/>\n\t\t<meta name=\"twitter:description\" content=\"Beskytt din Retroid Pocket 5 h\u00e5ndholdte spillkonsoll med v\u00e5r skjermbeskytter i 9H herdet glass! \ud83c\udfae Krystallklar 1080p klarhet og boblefri passform. \ud83d\udee1\ufe0f Handle n\u00e5 og hold AMOLED-skjermen din som ny! \u2728\" \/>\n\t\t<meta name=\"twitter:image\" content=\"https:\/\/droix.eu\/wp-content\/uploads\/2024\/06\/droix-v2-light-logo.png\" \/>\n\t\t<script type=\"application\/ld+json\" class=\"aioseo-schema\">\n\t\t\t{\"@context\":\"https:\\\/\\\/schema.org\",\"@graph\":[{\"@type\":\"BreadcrumbList\",\"@id\":\"https:\\\/\\\/droix.eu\\\/no\\\/product\\\/retroid-pocket-5-skjermbeskytter\\\/#breadcrumblist\",\"itemListElement\":[{\"@type\":\"ListItem\",\"@id\":\"https:\\\/\\\/droix.eu\\\/no\\\/#listItem\",\"position\":1,\"name\":\"Home\",\"item\":\"https:\\\/\\\/droix.eu\\\/no\\\/\",\"nextItem\":{\"@type\":\"ListItem\",\"@id\":\"https:\\\/\\\/droix.eu\\\/no\\\/product-category\\\/tilbehor-no\\\/#listItem\",\"name\":\"Tilbeh\\u00f8r\"}},{\"@type\":\"ListItem\",\"@id\":\"https:\\\/\\\/droix.eu\\\/no\\\/product-category\\\/tilbehor-no\\\/#listItem\",\"position\":2,\"name\":\"Tilbeh\\u00f8r\",\"item\":\"https:\\\/\\\/droix.eu\\\/no\\\/product-category\\\/tilbehor-no\\\/\",\"nextItem\":{\"@type\":\"ListItem\",\"@id\":\"https:\\\/\\\/droix.eu\\\/no\\\/product-category\\\/tilbehor-no\\\/spilltilbehor\\\/#listItem\",\"name\":\"Spilltilbeh\\u00f8r\"},\"previousItem\":{\"@type\":\"ListItem\",\"@id\":\"https:\\\/\\\/droix.eu\\\/no\\\/#listItem\",\"name\":\"Home\"}},{\"@type\":\"ListItem\",\"@id\":\"https:\\\/\\\/droix.eu\\\/no\\\/product-category\\\/tilbehor-no\\\/spilltilbehor\\\/#listItem\",\"position\":3,\"name\":\"Spilltilbeh\\u00f8r\",\"item\":\"https:\\\/\\\/droix.eu\\\/no\\\/product-category\\\/tilbehor-no\\\/spilltilbehor\\\/\",\"nextItem\":{\"@type\":\"ListItem\",\"@id\":\"https:\\\/\\\/droix.eu\\\/no\\\/product\\\/retroid-pocket-5-skjermbeskytter\\\/#listItem\",\"name\":\"Retroid Pocket 5 Skjermbeskytter\"},\"previousItem\":{\"@type\":\"ListItem\",\"@id\":\"https:\\\/\\\/droix.eu\\\/no\\\/product-category\\\/tilbehor-no\\\/#listItem\",\"name\":\"Tilbeh\\u00f8r\"}},{\"@type\":\"ListItem\",\"@id\":\"https:\\\/\\\/droix.eu\\\/no\\\/product\\\/retroid-pocket-5-skjermbeskytter\\\/#listItem\",\"position\":4,\"name\":\"Retroid Pocket 5 Skjermbeskytter\",\"previousItem\":{\"@type\":\"ListItem\",\"@id\":\"https:\\\/\\\/droix.eu\\\/no\\\/product-category\\\/tilbehor-no\\\/spilltilbehor\\\/#listItem\",\"name\":\"Spilltilbeh\\u00f8r\"}}]},{\"@type\":\"Organization\",\"@id\":\"https:\\\/\\\/droix.eu\\\/no\\\/#organization\",\"name\":\"DroiX \\u2013 Trusted EU Tech Retailer with 12+ Years Experience\",\"description\":\"DroiX is a leading European technology retailer with over 12 years of experience, offering quality mini PCs, handheld gaming consoles, and tech accessories. We provide hassle-free EU delivery with all taxes included, ensuring a smooth and reliable shopping experience for our customers across Europe.\",\"url\":\"https:\\\/\\\/droix.eu\\\/no\\\/\",\"logo\":{\"@type\":\"ImageObject\",\"url\":\"https:\\\/\\\/droix.eu\\\/wp-content\\\/uploads\\\/2024\\\/06\\\/droix-v2-light-logo.png\",\"@id\":\"https:\\\/\\\/droix.eu\\\/no\\\/product\\\/retroid-pocket-5-skjermbeskytter\\\/#organizationLogo\",\"width\":380,\"height\":118},\"image\":{\"@id\":\"https:\\\/\\\/droix.eu\\\/no\\\/product\\\/retroid-pocket-5-skjermbeskytter\\\/#organizationLogo\"},\"sameAs\":[\"https:\\\/\\\/www.facebook.com\\\/DroiX.Store\",\"https:\\\/\\\/twitter.com\\\/DroiX_Store\",\"https:\\\/\\\/www.instagram.com\\\/droix.store\\\/\",\"https:\\\/\\\/www.tiktok.com\\\/@droix.store\",\"https:\\\/\\\/www.youtube.com\\\/c\\\/DroiX_Store\",\"https:\\\/\\\/uk.linkedin.com\\\/company\\\/droix\"]},{\"@type\":\"Product\",\"@id\":\"https:\\\/\\\/droix.eu\\\/no\\\/product\\\/retroid-pocket-5-skjermbeskytter\\\/#wooCommerceProduct\",\"name\":\"Retroid Pocket 5 Skjermbeskytter\",\"description\":\"Perfekt passform for 5,5-tommers Retroid Pocket 5 skjermbeskytter kant-til-kant dimensjoner.\\n  Ripebestandig 9H herdet glass for langvarig beskyttelse mot daglig slitasje.\\n  Ultraklart materiale for \\u00e5 bevare det uber\\u00f8rte spillbildet p\\u00e5 1080p AMOLED-skjermen.\\n  Enkel installasjonsprosess sikrer en boblefri p\\u00e5f\\u00f8ring for den h\\u00e5ndholdte spillkonsollen Retroid Pocket 5.\\n  Flekkbestandig oleofobisk belegg som holder skjermen ren og klar under intense spill\\u00f8kter.\",\"url\":\"https:\\\/\\\/droix.eu\\\/no\\\/product\\\/retroid-pocket-5-skjermbeskytter\\\/\",\"sku\":\"RETROID-POCKET-5-SCREEN_PROTECTOR\",\"gtin\":\"5061077633817\",\"image\":{\"@type\":\"ImageObject\",\"url\":\"https:\\\/\\\/droix.eu\\\/wp-content\\\/uploads\\\/2026\\\/04\\\/RETROID-POCKET-5-SCREEN-PROTECTOR-LISTING-DONE-01.png\",\"@id\":\"https:\\\/\\\/droix.eu\\\/no\\\/product\\\/retroid-pocket-5-skjermbeskytter\\\/#productImage\",\"width\":1500,\"height\":1500},\"offers\":{\"@type\":\"Offer\",\"url\":\"https:\\\/\\\/droix.eu\\\/no\\\/product\\\/retroid-pocket-5-skjermbeskytter\\\/#wooCommerceOffer\",\"price\":0,\"priceCurrency\":\"EUR\",\"category\":\"Spilltilbeh\\u00f8r\",\"availability\":\"https:\\\/\\\/schema.org\\\/PreOrder\",\"seller\":{\"@type\":\"Organization\",\"@id\":\"https:\\\/\\\/droix.eu\\\/no\\\/#organization\"}}},{\"@type\":\"WebPage\",\"@id\":\"https:\\\/\\\/droix.eu\\\/no\\\/product\\\/retroid-pocket-5-skjermbeskytter\\\/#webpage\",\"url\":\"https:\\\/\\\/droix.eu\\\/no\\\/product\\\/retroid-pocket-5-skjermbeskytter\\\/\",\"name\":\"Retroid Pocket 5 Skjermbeskytter | 9H herdet glassskjerm \\ud83d\\udee1\\ufe0f\",\"description\":\"Beskytt din Retroid Pocket 5 h\\u00e5ndholdte spillkonsoll med v\\u00e5r skjermbeskytter i 9H herdet glass! \\ud83c\\udfae Krystallklar 1080p klarhet og boblefri passform. \\ud83d\\udee1\\ufe0f Handle n\\u00e5 og hold AMOLED-skjermen din som ny! \\u2728\",\"inLanguage\":\"nb-NO\",\"isPartOf\":{\"@id\":\"https:\\\/\\\/droix.eu\\\/no\\\/#website\"},\"breadcrumb\":{\"@id\":\"https:\\\/\\\/droix.eu\\\/no\\\/product\\\/retroid-pocket-5-skjermbeskytter\\\/#breadcrumblist\"},\"image\":{\"@type\":\"ImageObject\",\"url\":\"https:\\\/\\\/droix.eu\\\/wp-content\\\/uploads\\\/2026\\\/04\\\/RETROID-POCKET-5-SCREEN-PROTECTOR-LISTING-DONE-01.png\",\"@id\":\"https:\\\/\\\/droix.eu\\\/no\\\/product\\\/retroid-pocket-5-skjermbeskytter\\\/#mainImage\",\"width\":1500,\"height\":1500},\"primaryImageOfPage\":{\"@id\":\"https:\\\/\\\/droix.eu\\\/no\\\/product\\\/retroid-pocket-5-skjermbeskytter\\\/#mainImage\"},\"datePublished\":\"2026-04-27T12:23:57+01:00\",\"dateModified\":\"2026-04-27T12:23:57+01:00\"},{\"@type\":\"WebSite\",\"@id\":\"https:\\\/\\\/droix.eu\\\/no\\\/#website\",\"url\":\"https:\\\/\\\/droix.eu\\\/no\\\/\",\"name\":\"DROIX EU\",\"description\":\"Get the latest Mini PCs, Ultrabook, PC Gaming Handhelds and more!\",\"inLanguage\":\"nb-NO\",\"publisher\":{\"@id\":\"https:\\\/\\\/droix.eu\\\/no\\\/#organization\"}}]}\n\t\t<\/script>\n\t\t<!-- All in One SEO Pro -->\r\n\t\t<title>Retroid Pocket 5 Skjermbeskytter | 9H herdet glassskjerm \ud83d\udee1\ufe0f<\/title>\n\n","aioseo_head_json":{"title":"Retroid Pocket 5 Skjermbeskytter | 9H herdet glassskjerm \ud83d\udee1\ufe0f","description":"Beskytt din Retroid Pocket 5 h\u00e5ndholdte spillkonsoll med v\u00e5r skjermbeskytter i 9H herdet glass! \ud83c\udfae Krystallklar 1080p klarhet og boblefri passform. \ud83d\udee1\ufe0f Handle n\u00e5 og hold AMOLED-skjermen din som ny! \u2728","canonical_url":"https:\/\/droix.eu\/no\/product\/retroid-pocket-5-skjermbeskytter\/","robots":"max-image-preview:large","keywords":"","webmasterTools":{"miscellaneous":""},"schema":{"@context":"https:\/\/schema.org","@graph":[{"@type":"BreadcrumbList","@id":"https:\/\/droix.eu\/no\/product\/retroid-pocket-5-skjermbeskytter\/#breadcrumblist","itemListElement":[{"@type":"ListItem","@id":"https:\/\/droix.eu\/no\/#listItem","position":1,"name":"Home","item":"https:\/\/droix.eu\/no\/","nextItem":{"@type":"ListItem","@id":"https:\/\/droix.eu\/no\/product-category\/tilbehor-no\/#listItem","name":"Tilbeh\u00f8r"}},{"@type":"ListItem","@id":"https:\/\/droix.eu\/no\/product-category\/tilbehor-no\/#listItem","position":2,"name":"Tilbeh\u00f8r","item":"https:\/\/droix.eu\/no\/product-category\/tilbehor-no\/","nextItem":{"@type":"ListItem","@id":"https:\/\/droix.eu\/no\/product-category\/tilbehor-no\/spilltilbehor\/#listItem","name":"Spilltilbeh\u00f8r"},"previousItem":{"@type":"ListItem","@id":"https:\/\/droix.eu\/no\/#listItem","name":"Home"}},{"@type":"ListItem","@id":"https:\/\/droix.eu\/no\/product-category\/tilbehor-no\/spilltilbehor\/#listItem","position":3,"name":"Spilltilbeh\u00f8r","item":"https:\/\/droix.eu\/no\/product-category\/tilbehor-no\/spilltilbehor\/","nextItem":{"@type":"ListItem","@id":"https:\/\/droix.eu\/no\/product\/retroid-pocket-5-skjermbeskytter\/#listItem","name":"Retroid Pocket 5 Skjermbeskytter"},"previousItem":{"@type":"ListItem","@id":"https:\/\/droix.eu\/no\/product-category\/tilbehor-no\/#listItem","name":"Tilbeh\u00f8r"}},{"@type":"ListItem","@id":"https:\/\/droix.eu\/no\/product\/retroid-pocket-5-skjermbeskytter\/#listItem","position":4,"name":"Retroid Pocket 5 Skjermbeskytter","previousItem":{"@type":"ListItem","@id":"https:\/\/droix.eu\/no\/product-category\/tilbehor-no\/spilltilbehor\/#listItem","name":"Spilltilbeh\u00f8r"}}]},{"@type":"Organization","@id":"https:\/\/droix.eu\/no\/#organization","name":"DroiX \u2013 Trusted EU Tech Retailer with 12+ Years Experience","description":"DroiX is a leading European technology retailer with over 12 years of experience, offering quality mini PCs, handheld gaming consoles, and tech accessories. We provide hassle-free EU delivery with all taxes included, ensuring a smooth and reliable shopping experience for our customers across Europe.","url":"https:\/\/droix.eu\/no\/","logo":{"@type":"ImageObject","url":"https:\/\/droix.eu\/wp-content\/uploads\/2024\/06\/droix-v2-light-logo.png","@id":"https:\/\/droix.eu\/no\/product\/retroid-pocket-5-skjermbeskytter\/#organizationLogo","width":380,"height":118},"image":{"@id":"https:\/\/droix.eu\/no\/product\/retroid-pocket-5-skjermbeskytter\/#organizationLogo"},"sameAs":["https:\/\/www.facebook.com\/DroiX.Store","https:\/\/twitter.com\/DroiX_Store","https:\/\/www.instagram.com\/droix.store\/","https:\/\/www.tiktok.com\/@droix.store","https:\/\/www.youtube.com\/c\/DroiX_Store","https:\/\/uk.linkedin.com\/company\/droix"]},{"@type":"Product","@id":"https:\/\/droix.eu\/no\/product\/retroid-pocket-5-skjermbeskytter\/#wooCommerceProduct","name":"Retroid Pocket 5 Skjermbeskytter","description":"Perfekt passform for 5,5-tommers Retroid Pocket 5 skjermbeskytter kant-til-kant dimensjoner.\n  Ripebestandig 9H herdet glass for langvarig beskyttelse mot daglig slitasje.\n  Ultraklart materiale for \u00e5 bevare det uber\u00f8rte spillbildet p\u00e5 1080p AMOLED-skjermen.\n  Enkel installasjonsprosess sikrer en boblefri p\u00e5f\u00f8ring for den h\u00e5ndholdte spillkonsollen Retroid Pocket 5.\n  Flekkbestandig oleofobisk belegg som holder skjermen ren og klar under intense spill\u00f8kter.","url":"https:\/\/droix.eu\/no\/product\/retroid-pocket-5-skjermbeskytter\/","sku":"RETROID-POCKET-5-SCREEN_PROTECTOR","gtin":"5061077633817","image":{"@type":"ImageObject","url":"https:\/\/droix.eu\/wp-content\/uploads\/2026\/04\/RETROID-POCKET-5-SCREEN-PROTECTOR-LISTING-DONE-01.png","@id":"https:\/\/droix.eu\/no\/product\/retroid-pocket-5-skjermbeskytter\/#productImage","width":1500,"height":1500},"offers":{"@type":"Offer","url":"https:\/\/droix.eu\/no\/product\/retroid-pocket-5-skjermbeskytter\/#wooCommerceOffer","price":0,"priceCurrency":"EUR","category":"Spilltilbeh\u00f8r","availability":"https:\/\/schema.org\/PreOrder","seller":{"@type":"Organization","@id":"https:\/\/droix.eu\/no\/#organization"}}},{"@type":"WebPage","@id":"https:\/\/droix.eu\/no\/product\/retroid-pocket-5-skjermbeskytter\/#webpage","url":"https:\/\/droix.eu\/no\/product\/retroid-pocket-5-skjermbeskytter\/","name":"Retroid Pocket 5 Skjermbeskytter | 9H herdet glassskjerm \ud83d\udee1\ufe0f","description":"Beskytt din Retroid Pocket 5 h\u00e5ndholdte spillkonsoll med v\u00e5r skjermbeskytter i 9H herdet glass! \ud83c\udfae Krystallklar 1080p klarhet og boblefri passform. \ud83d\udee1\ufe0f Handle n\u00e5 og hold AMOLED-skjermen din som ny! \u2728","inLanguage":"nb-NO","isPartOf":{"@id":"https:\/\/droix.eu\/no\/#website"},"breadcrumb":{"@id":"https:\/\/droix.eu\/no\/product\/retroid-pocket-5-skjermbeskytter\/#breadcrumblist"},"image":{"@type":"ImageObject","url":"https:\/\/droix.eu\/wp-content\/uploads\/2026\/04\/RETROID-POCKET-5-SCREEN-PROTECTOR-LISTING-DONE-01.png","@id":"https:\/\/droix.eu\/no\/product\/retroid-pocket-5-skjermbeskytter\/#mainImage","width":1500,"height":1500},"primaryImageOfPage":{"@id":"https:\/\/droix.eu\/no\/product\/retroid-pocket-5-skjermbeskytter\/#mainImage"},"datePublished":"2026-04-27T12:23:57+01:00","dateModified":"2026-04-27T12:23:57+01:00"},{"@type":"WebSite","@id":"https:\/\/droix.eu\/no\/#website","url":"https:\/\/droix.eu\/no\/","name":"DROIX EU","description":"Get the latest Mini PCs, Ultrabook, PC Gaming Handhelds and more!","inLanguage":"nb-NO","publisher":{"@id":"https:\/\/droix.eu\/no\/#organization"}}]},"og:locale":"nb_NO","og:site_name":"DROIX EU - Get the latest Mini PCs, Ultrabook, PC Gaming Handhelds and more!","og:type":"article","og:title":"Retroid Pocket 5 Skjermbeskytter | 9H herdet glassskjerm \ud83d\udee1\ufe0f","og:description":"Beskytt din Retroid Pocket 5 h\u00e5ndholdte spillkonsoll med v\u00e5r skjermbeskytter i 9H herdet glass! \ud83c\udfae Krystallklar 1080p klarhet og boblefri passform. \ud83d\udee1\ufe0f Handle n\u00e5 og hold AMOLED-skjermen din som ny! \u2728","og:url":"https:\/\/droix.eu\/no\/product\/retroid-pocket-5-skjermbeskytter\/","og:image":"https:\/\/droix.eu\/wp-content\/uploads\/2024\/06\/droix-v2-light-logo.png","og:image:secure_url":"https:\/\/droix.eu\/wp-content\/uploads\/2024\/06\/droix-v2-light-logo.png","og:image:width":380,"og:image:height":118,"article:published_time":"2026-04-27T11:23:57+00:00","article:modified_time":"2026-04-27T11:23:57+00:00","article:publisher":"https:\/\/www.facebook.com\/DroiX.Store","twitter:card":"summary_large_image","twitter:site":"@DroiX_Store","twitter:title":"Retroid Pocket 5 Skjermbeskytter | 9H herdet glassskjerm \ud83d\udee1\ufe0f","twitter:description":"Beskytt din Retroid Pocket 5 h\u00e5ndholdte spillkonsoll med v\u00e5r skjermbeskytter i 9H herdet glass! \ud83c\udfae Krystallklar 1080p klarhet og boblefri passform. \ud83d\udee1\ufe0f Handle n\u00e5 og hold AMOLED-skjermen din som ny! \u2728","twitter:image":"https:\/\/droix.eu\/wp-content\/uploads\/2024\/06\/droix-v2-light-logo.png"},"aioseo_meta_data":{"post_id":"718012","title":"Retroid Pocket 5 Skjermbeskytter | 9H herdet glassskjerm \ud83d\udee1\ufe0f","description":"Beskytt din Retroid Pocket 5 h\u00e5ndholdte spillkonsoll med v\u00e5r skjermbeskytter i 9H herdet glass! \ud83c\udfae Krystallklar 1080p klarhet og boblefri passform. \ud83d\udee1\ufe0f Handle n\u00e5 og hold AMOLED-skjermen din som ny! \u2728","keywords":null,"keyphrases":{"focus":{"keyphrase":"","score":0,"analysis":{"keyphraseInTitle":{"score":0,"maxScore":9,"error":1}}},"additional":[]},"primary_term":{"product_cat":32},"canonical_url":null,"og_title":null,"og_description":null,"og_object_type":"default","og_image_type":"default","og_image_url":null,"og_image_width":null,"og_image_height":null,"og_image_custom_url":null,"og_image_custom_fields":null,"og_video":"","og_custom_url":null,"og_article_section":null,"og_article_tags":null,"twitter_use_og":true,"twitter_card":"default","twitter_image_type":"default","twitter_image_url":null,"twitter_image_custom_url":null,"twitter_image_custom_fields":null,"twitter_title":null,"twitter_description":null,"schema":{"blockGraphs":[],"customGraphs":[],"default":{"data":{"Article":[],"Course":[],"Dataset":[],"FAQPage":[],"Movie":[],"Person":[],"Product":[],"ProductReview":[],"Car":[],"Recipe":[],"Service":[],"SoftwareApplication":[],"WebPage":[]},"graphName":"Product","isEnabled":true},"graphs":[]},"schema_type":"default","schema_type_options":null,"pillar_content":false,"robots_default":true,"robots_noindex":false,"robots_noarchive":false,"robots_nosnippet":false,"robots_nofollow":false,"robots_noimageindex":false,"robots_noodp":false,"robots_notranslate":false,"robots_max_snippet":"-1","robots_max_videopreview":"-1","robots_max_imagepreview":"large","priority":null,"frequency":"default","local_seo":null,"seo_analyzer_scan_date":null,"breadcrumb_settings":null,"limit_modified_date":false,"reviewed_by":null,"open_ai":null,"ai":{"faqs":[],"keyPoints":[],"schemas":[],"titles":[],"descriptions":[],"socialPosts":{"email":[],"linkedin":[],"twitter":[],"facebook":[],"instagram":[]}},"created":"2026-04-27 14:05:04","updated":"2026-04-27 14:05:07"},"aioseo_breadcrumb":"<div class=\"aioseo-breadcrumbs\"><span class=\"aioseo-breadcrumb\">\n\t<a href=\"https:\/\/droix.eu\/no\/\" title=\"Home\">Home<\/a>\n<\/span><span class=\"aioseo-breadcrumb-separator\">&raquo;<\/span><span class=\"aioseo-breadcrumb\">\n\t<a href=\"https:\/\/droix.eu\/no\/product-category\/tilbehor-no\/\" title=\"Tilbeh\u00f8r\">Tilbeh\u00f8r<\/a>\n<\/span><span class=\"aioseo-breadcrumb-separator\">&raquo;<\/span><span class=\"aioseo-breadcrumb\">\n\t<a href=\"https:\/\/droix.eu\/no\/product-category\/tilbehor-no\/spilltilbehor\/\" title=\"Spilltilbeh\u00f8r\">Spilltilbeh\u00f8r<\/a>\n<\/span><span class=\"aioseo-breadcrumb-separator\">&raquo;<\/span><span class=\"aioseo-breadcrumb\">\n\tRetroid Pocket 5 Skjermbeskytter\n<\/span><\/div>","aioseo_breadcrumb_json":[{"label":"Home","link":"https:\/\/droix.eu\/no\/"},{"label":"Tilbeh\u00f8r","link":"https:\/\/droix.eu\/no\/product-category\/tilbehor-no\/"},{"label":"Spilltilbeh\u00f8r","link":"https:\/\/droix.eu\/no\/product-category\/tilbehor-no\/spilltilbehor\/"},{"label":"Retroid Pocket 5 Skjermbeskytter","link":"https:\/\/droix.eu\/no\/product\/retroid-pocket-5-skjermbeskytter\/"}],"_links":{"self":[{"href":"https:\/\/droix.eu\/no\/wp-json\/wp\/v2\/product\/718012","targetHints":{"allow":["GET"]}}],"collection":[{"href":"https:\/\/droix.eu\/no\/wp-json\/wp\/v2\/product"}],"about":[{"href":"https:\/\/droix.eu\/no\/wp-json\/wp\/v2\/types\/product"}],"version-history":[{"count":0,"href":"https:\/\/droix.eu\/no\/wp-json\/wp\/v2\/product\/718012\/revisions"}],"wp:featuredmedia":[{"embeddable":true,"href":"https:\/\/droix.eu\/no\/wp-json\/wp\/v2\/media\/718023"}],"wp:attachment":[{"href":"https:\/\/droix.eu\/no\/wp-json\/wp\/v2\/media?parent=718012"}],"wp:term":[{"taxonomy":"product_brand","embeddable":true,"href":"https:\/\/droix.eu\/no\/wp-json\/wp\/v2\/product_brand?post=718012"},{"taxonomy":"product_cat","embeddable":true,"href":"https:\/\/droix.eu\/no\/wp-json\/wp\/v2\/product_cat?post=718012"},{"taxonomy":"product_tag","embeddable":true,"href":"https:\/\/droix.eu\/no\/wp-json\/wp\/v2\/product_tag?post=718012"},{"taxonomy":"woo-feed-brand","embeddable":true,"href":"https:\/\/droix.eu\/no\/wp-json\/wp\/v2\/woo-feed-brand?post=718012"},{"taxonomy":"key-features","embeddable":true,"href":"https:\/\/droix.eu\/no\/wp-json\/wp\/v2\/key-features?post=718012"}],"curies":[{"name":"wp","href":"https:\/\/api.w.org\/{rel}","templated":true}]}}