{"id":571600,"date":"2025-06-03T10:07:47","date_gmt":"2025-06-03T09:07:47","guid":{"rendered":"https:\/\/droix.eu\/product\/ayn-odin-2-portal-baereveske-ultimat-beskyttelse-og-stil\/"},"modified":"2026-03-28T08:45:58","modified_gmt":"2026-03-28T08:45:58","slug":"ayn-odin-2-portal-baereveske-ultimat-beskyttelse-og-stil","status":"publish","type":"product","link":"https:\/\/droix.eu\/no\/product\/ayn-odin-2-portal-baereveske-ultimat-beskyttelse-og-stil\/","title":{"rendered":"AYN Odin 2 Portal-b\u00e6reveske &#8211; ultimat beskyttelse og stil!"},"content":{"rendered":"\n<p>Ta AYN Odin 2-opplevelsen din til neste niv\u00e5 med <strong>Odin 2 Portal-b\u00e6revesken<\/strong> &#8211; den perfekte f\u00f8lgesvennen for spillere p\u00e5 farten! Dette etuiet er designet for holdbarhet, stil og ultimat bekvemmelighet, og s\u00f8rger for at enheten din forblir <strong>trygg, sikker og alltid klar til bruk<\/strong>.<\/p>\n\n<h2 class=\"wp-block-heading\">\ud83c\udfc6 <strong>N\u00f8kkelfunksjoner:<\/strong><\/h2>\n\n<p>\ud83d\udd39 F <strong>\u00f8rsteklasses konstruksjon og materialer<\/strong> &#8211; Dette etuiet er laget av materialer av h\u00f8y kvalitet og gir overlegen holdbarhet samtidig som det har et elegant og stilig utseende. \ud83d\udee1\ufe0f<\/p>\n\n<p>\ud83d\udd39 <strong>Heldekkende 360\u00b0 beskyttelse<\/strong> &#8211; Beskytt Odin 2 mot fall, st\u00f8t og riper med et etui som er designet for hverdagslige eventyr. \ud83d\udcaa<\/p>\n\n<p>\ud83d\udd39 <strong>Slank og lett design<\/strong> &#8211; Beskytt enheten din uten at den blir for stor! Den str\u00f8mlinjeformede designen gj\u00f8r den enkel \u00e5 ta med seg, samtidig som den <strong>sitter perfekt<\/strong>. \ud83c\udf92<\/p>\n\n<p>\ud83d\udd39 <strong>Skreddersydd passform for AYN Odin 2<\/strong> &#8211; En tettsittende og sikker passform betyr <strong>ingen un\u00f8dvendige bevegelser<\/strong>, slik at den h\u00e5ndholdte spillkonsollen holdes perfekt p\u00e5 plass. \ud83c\udfaf<\/p>\n\n<p>\ud83d\udd39 <strong>Praktisk oppbevaring<\/strong> &#8211; De innebygde rommene gir plass til tilbeh\u00f8r, slik at du kan ta med deg <strong>det viktigste uten problemer.<\/strong> \ud83c\udfce\ufe0f<\/p>\n\n<p>Enten du er p\u00e5 reise eller bare oppbevarer enheten din, er <strong>AYN Odin 2 Portal-b\u00e6reveske<\/strong> et must-have-tilbeh\u00f8r for alle Odin 2-eiere. <strong>Spill hvor som helst, n\u00e5r som helst &#8211; bekymringsfritt!<\/strong> \ud83d\ude80\ud83c\udfae<\/p>\n\n<p><\/p>\n","protected":false},"excerpt":{"rendered":"<ul>\n<li><strong>Slitesterk og lett<\/strong> &#8211; Beskytter uten \u00e5 bli for stor.<\/li>\n<li><strong>Tilpasset passform<\/strong> &#8211; designet spesielt for AYN Odin 2 Portal.<\/li>\n<li><strong>Kompakt og b\u00e6rbar<\/strong> &#8211; lett \u00e5 ta med seg hvor som helst.<\/li>\n<li><strong>Oppbevaringsplass for tilbeh\u00f8r<\/strong> &#8211; plass til kabler og mindre tilbeh\u00f8r.<\/li>\n<li><strong>St\u00f8tbestandig<\/strong> &#8211; beskytter mot fall og st\u00f8t.<\/li>\n<\/ul>\n[droix_global_accordions]\n[cg_accordion title=\"Pakken inkluderer\"]<\/p>\n<ul>\n<li>1x AYN Odin 2 Portal Case<\/li>\n<\/ul>\n<p>[\/cg_accordion]\n","protected":false},"featured_media":570496,"template":"","meta":{"_acf_changed":false},"product_brand":[],"product_cat":[13104,12964],"product_tag":[],"woo-feed-brand":[],"key-features":[],"class_list":{"0":"post-571600","1":"product","2":"type-product","3":"status-publish","4":"has-post-thumbnail","6":"product_cat-spilltilbehor","7":"product_cat-tilbehor-no","8":"product_shipping_class-low-end","9":"pa_accessory-type-protective-case","10":"pa_brands-ayn-no","12":"first","13":"instock","14":"sale","15":"taxable","16":"shipping-taxable","17":"purchasable","18":"product-type-simple"},"acf":[],"aioseo_notices":[],"aioseo_head":"\n\t\t<!-- All in One SEO Pro 4.9.5.2 - aioseo.com -->\n\t<meta name=\"description\" content=\"Slitesterk og lett - Beskytter uten \u00e5 bli for stor. Tilpasset passform - designet spesielt for AYN Odin 2 Portal. Kompakt og b\u00e6rbar - lett \u00e5 ta med seg hvor som helst. Oppbevaringsplass for tilbeh\u00f8r - plass til kabler og mindre tilbeh\u00f8r. St\u00f8tbestandig - beskytter mot fall og st\u00f8t. Pakken inkluderer 1x AYN Odin 2 Portal Case\" \/>\n\t<meta name=\"robots\" content=\"max-image-preview:large\" \/>\n\t<link rel=\"canonical\" href=\"https:\/\/droix.eu\/no\/product\/ayn-odin-2-portal-baereveske-ultimat-beskyttelse-og-stil\/\" \/>\n\t<meta name=\"generator\" content=\"All in One SEO Pro (AIOSEO) 4.9.5.2\" \/>\n\t\t<meta property=\"og:locale\" content=\"nb_NO\" \/>\n\t\t<meta property=\"og:site_name\" content=\"DROIX EU - Get the latest Mini PCs, Ultrabook, PC Gaming Handhelds and more!\" \/>\n\t\t<meta property=\"og:type\" content=\"article\" \/>\n\t\t<meta property=\"og:title\" content=\"AYN Odin 2 Portal-b\u00e6reveske \u2013 ultimat beskyttelse og stil! - DROIX EU\" \/>\n\t\t<meta property=\"og:description\" content=\"Slitesterk og lett - Beskytter uten \u00e5 bli for stor. Tilpasset passform - designet spesielt for AYN Odin 2 Portal. Kompakt og b\u00e6rbar - lett \u00e5 ta med seg hvor som helst. Oppbevaringsplass for tilbeh\u00f8r - plass til kabler og mindre tilbeh\u00f8r. St\u00f8tbestandig - beskytter mot fall og st\u00f8t. Pakken inkluderer 1x AYN Odin 2 Portal Case\" \/>\n\t\t<meta property=\"og:url\" content=\"https:\/\/droix.eu\/no\/product\/ayn-odin-2-portal-baereveske-ultimat-beskyttelse-og-stil\/\" \/>\n\t\t<meta property=\"og:image\" content=\"https:\/\/droix.eu\/wp-content\/uploads\/2024\/06\/droix-v2-light-logo.png\" \/>\n\t\t<meta property=\"og:image:secure_url\" content=\"https:\/\/droix.eu\/wp-content\/uploads\/2024\/06\/droix-v2-light-logo.png\" \/>\n\t\t<meta property=\"og:image:width\" content=\"380\" \/>\n\t\t<meta property=\"og:image:height\" content=\"118\" \/>\n\t\t<meta property=\"article:published_time\" content=\"2025-06-03T09:07:47+00:00\" \/>\n\t\t<meta property=\"article:modified_time\" content=\"2026-03-28T08:45:58+00:00\" \/>\n\t\t<meta property=\"article:publisher\" content=\"https:\/\/www.facebook.com\/DroiX.Store\" \/>\n\t\t<meta name=\"twitter:card\" content=\"summary_large_image\" \/>\n\t\t<meta name=\"twitter:site\" content=\"@DroiX_Store\" \/>\n\t\t<meta name=\"twitter:title\" content=\"AYN Odin 2 Portal-b\u00e6reveske \u2013 ultimat beskyttelse og stil! - DROIX EU\" \/>\n\t\t<meta name=\"twitter:description\" content=\"Slitesterk og lett - Beskytter uten \u00e5 bli for stor. Tilpasset passform - designet spesielt for AYN Odin 2 Portal. Kompakt og b\u00e6rbar - lett \u00e5 ta med seg hvor som helst. Oppbevaringsplass for tilbeh\u00f8r - plass til kabler og mindre tilbeh\u00f8r. St\u00f8tbestandig - beskytter mot fall og st\u00f8t. Pakken inkluderer 1x AYN Odin 2 Portal Case\" \/>\n\t\t<meta name=\"twitter:image\" content=\"https:\/\/droix.eu\/wp-content\/uploads\/2024\/06\/droix-v2-light-logo.png\" \/>\n\t\t<script type=\"application\/ld+json\" class=\"aioseo-schema\">\n\t\t\t{\"@context\":\"https:\\\/\\\/schema.org\",\"@graph\":[{\"@type\":\"BreadcrumbList\",\"@id\":\"https:\\\/\\\/droix.eu\\\/no\\\/product\\\/ayn-odin-2-portal-baereveske-ultimat-beskyttelse-og-stil\\\/#breadcrumblist\",\"itemListElement\":[{\"@type\":\"ListItem\",\"@id\":\"https:\\\/\\\/droix.eu\\\/no\\\/#listItem\",\"position\":1,\"name\":\"Home\",\"item\":\"https:\\\/\\\/droix.eu\\\/no\\\/\",\"nextItem\":{\"@type\":\"ListItem\",\"@id\":\"https:\\\/\\\/droix.eu\\\/no\\\/product-category\\\/tilbehor-no\\\/#listItem\",\"name\":\"Tilbeh\\u00f8r\"}},{\"@type\":\"ListItem\",\"@id\":\"https:\\\/\\\/droix.eu\\\/no\\\/product-category\\\/tilbehor-no\\\/#listItem\",\"position\":2,\"name\":\"Tilbeh\\u00f8r\",\"item\":\"https:\\\/\\\/droix.eu\\\/no\\\/product-category\\\/tilbehor-no\\\/\",\"nextItem\":{\"@type\":\"ListItem\",\"@id\":\"https:\\\/\\\/droix.eu\\\/no\\\/product-category\\\/tilbehor-no\\\/spilltilbehor\\\/#listItem\",\"name\":\"Spilltilbeh\\u00f8r\"},\"previousItem\":{\"@type\":\"ListItem\",\"@id\":\"https:\\\/\\\/droix.eu\\\/no\\\/#listItem\",\"name\":\"Home\"}},{\"@type\":\"ListItem\",\"@id\":\"https:\\\/\\\/droix.eu\\\/no\\\/product-category\\\/tilbehor-no\\\/spilltilbehor\\\/#listItem\",\"position\":3,\"name\":\"Spilltilbeh\\u00f8r\",\"item\":\"https:\\\/\\\/droix.eu\\\/no\\\/product-category\\\/tilbehor-no\\\/spilltilbehor\\\/\",\"nextItem\":{\"@type\":\"ListItem\",\"@id\":\"https:\\\/\\\/droix.eu\\\/no\\\/product\\\/ayn-odin-2-portal-baereveske-ultimat-beskyttelse-og-stil\\\/#listItem\",\"name\":\"AYN Odin 2 Portal-b\\u00e6reveske &#8211; ultimat beskyttelse og stil!\"},\"previousItem\":{\"@type\":\"ListItem\",\"@id\":\"https:\\\/\\\/droix.eu\\\/no\\\/product-category\\\/tilbehor-no\\\/#listItem\",\"name\":\"Tilbeh\\u00f8r\"}},{\"@type\":\"ListItem\",\"@id\":\"https:\\\/\\\/droix.eu\\\/no\\\/product\\\/ayn-odin-2-portal-baereveske-ultimat-beskyttelse-og-stil\\\/#listItem\",\"position\":4,\"name\":\"AYN Odin 2 Portal-b\\u00e6reveske &#8211; ultimat beskyttelse og stil!\",\"previousItem\":{\"@type\":\"ListItem\",\"@id\":\"https:\\\/\\\/droix.eu\\\/no\\\/product-category\\\/tilbehor-no\\\/spilltilbehor\\\/#listItem\",\"name\":\"Spilltilbeh\\u00f8r\"}}]},{\"@type\":\"Organization\",\"@id\":\"https:\\\/\\\/droix.eu\\\/no\\\/#organization\",\"name\":\"DroiX \\u2013 Trusted EU Tech Retailer with 12+ Years Experience\",\"description\":\"DroiX is a leading European technology retailer with over 12 years of experience, offering quality mini PCs, handheld gaming consoles, and tech accessories. We provide hassle-free EU delivery with all taxes included, ensuring a smooth and reliable shopping experience for our customers across Europe.\",\"url\":\"https:\\\/\\\/droix.eu\\\/no\\\/\",\"logo\":{\"@type\":\"ImageObject\",\"url\":\"https:\\\/\\\/droix.eu\\\/wp-content\\\/uploads\\\/2024\\\/06\\\/droix-v2-light-logo.png\",\"@id\":\"https:\\\/\\\/droix.eu\\\/no\\\/product\\\/ayn-odin-2-portal-baereveske-ultimat-beskyttelse-og-stil\\\/#organizationLogo\",\"width\":380,\"height\":118},\"image\":{\"@id\":\"https:\\\/\\\/droix.eu\\\/no\\\/product\\\/ayn-odin-2-portal-baereveske-ultimat-beskyttelse-og-stil\\\/#organizationLogo\"},\"sameAs\":[\"https:\\\/\\\/www.facebook.com\\\/DroiX.Store\",\"https:\\\/\\\/twitter.com\\\/DroiX_Store\",\"https:\\\/\\\/www.instagram.com\\\/droix.store\\\/\",\"https:\\\/\\\/www.tiktok.com\\\/@droix.store\",\"https:\\\/\\\/www.youtube.com\\\/c\\\/DroiX_Store\",\"https:\\\/\\\/uk.linkedin.com\\\/company\\\/droix\"]},{\"@type\":\"Product\",\"@id\":\"https:\\\/\\\/droix.eu\\\/no\\\/product\\\/ayn-odin-2-portal-baereveske-ultimat-beskyttelse-og-stil\\\/#wooCommerceProduct\",\"name\":\"AYN Odin 2 Portal-b\\u00e6reveske - ultimat beskyttelse og stil!\",\"description\":\"Slitesterk og lett - Beskytter uten \\u00e5 bli for stor.\\n    Tilpasset passform - designet spesielt for AYN Odin 2 Portal.\\n    Kompakt og b\\u00e6rbar - lett \\u00e5 ta med seg hvor som helst.\\n    Oppbevaringsplass for tilbeh\\u00f8r - plass til kabler og mindre tilbeh\\u00f8r.\\n    St\\u00f8tbestandig - beskytter mot fall og st\\u00f8t.\",\"url\":\"https:\\\/\\\/droix.eu\\\/no\\\/product\\\/ayn-odin-2-portal-baereveske-ultimat-beskyttelse-og-stil\\\/\",\"sku\":\"AYN-ODIN-2-PORTAL-CASE\",\"gtin\":\"5061077631523\",\"image\":{\"@type\":\"ImageObject\",\"url\":\"https:\\\/\\\/droix.eu\\\/wp-content\\\/uploads\\\/2025\\\/06\\\/ODIN-2-PORTAL-CASE-01.png\",\"@id\":\"https:\\\/\\\/droix.eu\\\/no\\\/product\\\/ayn-odin-2-portal-baereveske-ultimat-beskyttelse-og-stil\\\/#productImage\",\"width\":1500,\"height\":1500,\"caption\":\"Utsiden av AYN Odin 2 og Portal-b\\u00e6revesken, som har et slitesterkt svart skall med strukturert overflate, dobbel glidel\\u00e5slukking og en h\\u00e5ndleddsstropp som gj\\u00f8r den enkel \\u00e5 b\\u00e6re.\"},\"offers\":{\"@type\":\"Offer\",\"url\":\"https:\\\/\\\/droix.eu\\\/no\\\/product\\\/ayn-odin-2-portal-baereveske-ultimat-beskyttelse-og-stil\\\/#wooCommerceOffer\",\"price\":25.77,\"priceCurrency\":\"EUR\",\"category\":\"Spilltilbeh\\u00f8r\",\"availability\":\"https:\\\/\\\/schema.org\\\/InStock\",\"priceSpecification\":{\"@type\":\"PriceSpecification\",\"price\":25.77,\"priceCurrency\":\"EUR\",\"valueAddedTaxIncluded\":\"true\"},\"seller\":{\"@type\":\"Organization\",\"@id\":\"https:\\\/\\\/droix.eu\\\/no\\\/#organization\"}}},{\"@type\":\"WebPage\",\"@id\":\"https:\\\/\\\/droix.eu\\\/no\\\/product\\\/ayn-odin-2-portal-baereveske-ultimat-beskyttelse-og-stil\\\/#webpage\",\"url\":\"https:\\\/\\\/droix.eu\\\/no\\\/product\\\/ayn-odin-2-portal-baereveske-ultimat-beskyttelse-og-stil\\\/\",\"name\":\"AYN Odin 2 Portal-b\\u00e6reveske \\u2013 ultimat beskyttelse og stil! - DROIX EU\",\"description\":\"Slitesterk og lett - Beskytter uten \\u00e5 bli for stor. Tilpasset passform - designet spesielt for AYN Odin 2 Portal. Kompakt og b\\u00e6rbar - lett \\u00e5 ta med seg hvor som helst. Oppbevaringsplass for tilbeh\\u00f8r - plass til kabler og mindre tilbeh\\u00f8r. St\\u00f8tbestandig - beskytter mot fall og st\\u00f8t. Pakken inkluderer 1x AYN Odin 2 Portal Case\",\"inLanguage\":\"nb-NO\",\"isPartOf\":{\"@id\":\"https:\\\/\\\/droix.eu\\\/no\\\/#website\"},\"breadcrumb\":{\"@id\":\"https:\\\/\\\/droix.eu\\\/no\\\/product\\\/ayn-odin-2-portal-baereveske-ultimat-beskyttelse-og-stil\\\/#breadcrumblist\"},\"image\":{\"@type\":\"ImageObject\",\"url\":\"https:\\\/\\\/droix.eu\\\/wp-content\\\/uploads\\\/2025\\\/06\\\/ODIN-2-PORTAL-CASE-01.png\",\"@id\":\"https:\\\/\\\/droix.eu\\\/no\\\/product\\\/ayn-odin-2-portal-baereveske-ultimat-beskyttelse-og-stil\\\/#mainImage\",\"width\":1500,\"height\":1500,\"caption\":\"Utsiden av AYN Odin 2 og Portal-b\\u00e6revesken, som har et slitesterkt svart skall med strukturert overflate, dobbel glidel\\u00e5slukking og en h\\u00e5ndleddsstropp som gj\\u00f8r den enkel \\u00e5 b\\u00e6re.\"},\"primaryImageOfPage\":{\"@id\":\"https:\\\/\\\/droix.eu\\\/no\\\/product\\\/ayn-odin-2-portal-baereveske-ultimat-beskyttelse-og-stil\\\/#mainImage\"},\"datePublished\":\"2025-06-03T10:07:47+01:00\",\"dateModified\":\"2026-03-28T08:45:58+00:00\"},{\"@type\":\"WebSite\",\"@id\":\"https:\\\/\\\/droix.eu\\\/no\\\/#website\",\"url\":\"https:\\\/\\\/droix.eu\\\/no\\\/\",\"name\":\"DROIX EU\",\"description\":\"Get the latest Mini PCs, Ultrabook, PC Gaming Handhelds and more!\",\"inLanguage\":\"nb-NO\",\"publisher\":{\"@id\":\"https:\\\/\\\/droix.eu\\\/no\\\/#organization\"}}]}\n\t\t<\/script>\n\t\t<!-- All in One SEO Pro -->\r\n\t\t<title>AYN Odin 2 Portal-b\u00e6reveske \u2013 ultimat beskyttelse og stil! - DROIX EU<\/title>\n\n","aioseo_head_json":{"title":"AYN Odin 2 Portal-b\u00e6reveske \u2013 ultimat beskyttelse og stil! - DROIX EU","description":"Slitesterk og lett - Beskytter uten \u00e5 bli for stor. Tilpasset passform - designet spesielt for AYN Odin 2 Portal. Kompakt og b\u00e6rbar - lett \u00e5 ta med seg hvor som helst. Oppbevaringsplass for tilbeh\u00f8r - plass til kabler og mindre tilbeh\u00f8r. St\u00f8tbestandig - beskytter mot fall og st\u00f8t. Pakken inkluderer 1x AYN Odin 2 Portal Case","canonical_url":"https:\/\/droix.eu\/no\/product\/ayn-odin-2-portal-baereveske-ultimat-beskyttelse-og-stil\/","robots":"max-image-preview:large","keywords":"","webmasterTools":{"miscellaneous":""},"schema":{"@context":"https:\/\/schema.org","@graph":[{"@type":"BreadcrumbList","@id":"https:\/\/droix.eu\/no\/product\/ayn-odin-2-portal-baereveske-ultimat-beskyttelse-og-stil\/#breadcrumblist","itemListElement":[{"@type":"ListItem","@id":"https:\/\/droix.eu\/no\/#listItem","position":1,"name":"Home","item":"https:\/\/droix.eu\/no\/","nextItem":{"@type":"ListItem","@id":"https:\/\/droix.eu\/no\/product-category\/tilbehor-no\/#listItem","name":"Tilbeh\u00f8r"}},{"@type":"ListItem","@id":"https:\/\/droix.eu\/no\/product-category\/tilbehor-no\/#listItem","position":2,"name":"Tilbeh\u00f8r","item":"https:\/\/droix.eu\/no\/product-category\/tilbehor-no\/","nextItem":{"@type":"ListItem","@id":"https:\/\/droix.eu\/no\/product-category\/tilbehor-no\/spilltilbehor\/#listItem","name":"Spilltilbeh\u00f8r"},"previousItem":{"@type":"ListItem","@id":"https:\/\/droix.eu\/no\/#listItem","name":"Home"}},{"@type":"ListItem","@id":"https:\/\/droix.eu\/no\/product-category\/tilbehor-no\/spilltilbehor\/#listItem","position":3,"name":"Spilltilbeh\u00f8r","item":"https:\/\/droix.eu\/no\/product-category\/tilbehor-no\/spilltilbehor\/","nextItem":{"@type":"ListItem","@id":"https:\/\/droix.eu\/no\/product\/ayn-odin-2-portal-baereveske-ultimat-beskyttelse-og-stil\/#listItem","name":"AYN Odin 2 Portal-b\u00e6reveske &#8211; ultimat beskyttelse og stil!"},"previousItem":{"@type":"ListItem","@id":"https:\/\/droix.eu\/no\/product-category\/tilbehor-no\/#listItem","name":"Tilbeh\u00f8r"}},{"@type":"ListItem","@id":"https:\/\/droix.eu\/no\/product\/ayn-odin-2-portal-baereveske-ultimat-beskyttelse-og-stil\/#listItem","position":4,"name":"AYN Odin 2 Portal-b\u00e6reveske &#8211; ultimat beskyttelse og stil!","previousItem":{"@type":"ListItem","@id":"https:\/\/droix.eu\/no\/product-category\/tilbehor-no\/spilltilbehor\/#listItem","name":"Spilltilbeh\u00f8r"}}]},{"@type":"Organization","@id":"https:\/\/droix.eu\/no\/#organization","name":"DroiX \u2013 Trusted EU Tech Retailer with 12+ Years Experience","description":"DroiX is a leading European technology retailer with over 12 years of experience, offering quality mini PCs, handheld gaming consoles, and tech accessories. We provide hassle-free EU delivery with all taxes included, ensuring a smooth and reliable shopping experience for our customers across Europe.","url":"https:\/\/droix.eu\/no\/","logo":{"@type":"ImageObject","url":"https:\/\/droix.eu\/wp-content\/uploads\/2024\/06\/droix-v2-light-logo.png","@id":"https:\/\/droix.eu\/no\/product\/ayn-odin-2-portal-baereveske-ultimat-beskyttelse-og-stil\/#organizationLogo","width":380,"height":118},"image":{"@id":"https:\/\/droix.eu\/no\/product\/ayn-odin-2-portal-baereveske-ultimat-beskyttelse-og-stil\/#organizationLogo"},"sameAs":["https:\/\/www.facebook.com\/DroiX.Store","https:\/\/twitter.com\/DroiX_Store","https:\/\/www.instagram.com\/droix.store\/","https:\/\/www.tiktok.com\/@droix.store","https:\/\/www.youtube.com\/c\/DroiX_Store","https:\/\/uk.linkedin.com\/company\/droix"]},{"@type":"Product","@id":"https:\/\/droix.eu\/no\/product\/ayn-odin-2-portal-baereveske-ultimat-beskyttelse-og-stil\/#wooCommerceProduct","name":"AYN Odin 2 Portal-b\u00e6reveske - ultimat beskyttelse og stil!","description":"Slitesterk og lett - Beskytter uten \u00e5 bli for stor.\n    Tilpasset passform - designet spesielt for AYN Odin 2 Portal.\n    Kompakt og b\u00e6rbar - lett \u00e5 ta med seg hvor som helst.\n    Oppbevaringsplass for tilbeh\u00f8r - plass til kabler og mindre tilbeh\u00f8r.\n    St\u00f8tbestandig - beskytter mot fall og st\u00f8t.","url":"https:\/\/droix.eu\/no\/product\/ayn-odin-2-portal-baereveske-ultimat-beskyttelse-og-stil\/","sku":"AYN-ODIN-2-PORTAL-CASE","gtin":"5061077631523","image":{"@type":"ImageObject","url":"https:\/\/droix.eu\/wp-content\/uploads\/2025\/06\/ODIN-2-PORTAL-CASE-01.png","@id":"https:\/\/droix.eu\/no\/product\/ayn-odin-2-portal-baereveske-ultimat-beskyttelse-og-stil\/#productImage","width":1500,"height":1500,"caption":"Utsiden av AYN Odin 2 og Portal-b\u00e6revesken, som har et slitesterkt svart skall med strukturert overflate, dobbel glidel\u00e5slukking og en h\u00e5ndleddsstropp som gj\u00f8r den enkel \u00e5 b\u00e6re."},"offers":{"@type":"Offer","url":"https:\/\/droix.eu\/no\/product\/ayn-odin-2-portal-baereveske-ultimat-beskyttelse-og-stil\/#wooCommerceOffer","price":25.77,"priceCurrency":"EUR","category":"Spilltilbeh\u00f8r","availability":"https:\/\/schema.org\/InStock","priceSpecification":{"@type":"PriceSpecification","price":25.77,"priceCurrency":"EUR","valueAddedTaxIncluded":"true"},"seller":{"@type":"Organization","@id":"https:\/\/droix.eu\/no\/#organization"}}},{"@type":"WebPage","@id":"https:\/\/droix.eu\/no\/product\/ayn-odin-2-portal-baereveske-ultimat-beskyttelse-og-stil\/#webpage","url":"https:\/\/droix.eu\/no\/product\/ayn-odin-2-portal-baereveske-ultimat-beskyttelse-og-stil\/","name":"AYN Odin 2 Portal-b\u00e6reveske \u2013 ultimat beskyttelse og stil! - DROIX EU","description":"Slitesterk og lett - Beskytter uten \u00e5 bli for stor. Tilpasset passform - designet spesielt for AYN Odin 2 Portal. Kompakt og b\u00e6rbar - lett \u00e5 ta med seg hvor som helst. Oppbevaringsplass for tilbeh\u00f8r - plass til kabler og mindre tilbeh\u00f8r. St\u00f8tbestandig - beskytter mot fall og st\u00f8t. Pakken inkluderer 1x AYN Odin 2 Portal Case","inLanguage":"nb-NO","isPartOf":{"@id":"https:\/\/droix.eu\/no\/#website"},"breadcrumb":{"@id":"https:\/\/droix.eu\/no\/product\/ayn-odin-2-portal-baereveske-ultimat-beskyttelse-og-stil\/#breadcrumblist"},"image":{"@type":"ImageObject","url":"https:\/\/droix.eu\/wp-content\/uploads\/2025\/06\/ODIN-2-PORTAL-CASE-01.png","@id":"https:\/\/droix.eu\/no\/product\/ayn-odin-2-portal-baereveske-ultimat-beskyttelse-og-stil\/#mainImage","width":1500,"height":1500,"caption":"Utsiden av AYN Odin 2 og Portal-b\u00e6revesken, som har et slitesterkt svart skall med strukturert overflate, dobbel glidel\u00e5slukking og en h\u00e5ndleddsstropp som gj\u00f8r den enkel \u00e5 b\u00e6re."},"primaryImageOfPage":{"@id":"https:\/\/droix.eu\/no\/product\/ayn-odin-2-portal-baereveske-ultimat-beskyttelse-og-stil\/#mainImage"},"datePublished":"2025-06-03T10:07:47+01:00","dateModified":"2026-03-28T08:45:58+00:00"},{"@type":"WebSite","@id":"https:\/\/droix.eu\/no\/#website","url":"https:\/\/droix.eu\/no\/","name":"DROIX EU","description":"Get the latest Mini PCs, Ultrabook, PC Gaming Handhelds and more!","inLanguage":"nb-NO","publisher":{"@id":"https:\/\/droix.eu\/no\/#organization"}}]},"og:locale":"nb_NO","og:site_name":"DROIX EU - Get the latest Mini PCs, Ultrabook, PC Gaming Handhelds and more!","og:type":"article","og:title":"AYN Odin 2 Portal-b\u00e6reveske \u2013 ultimat beskyttelse og stil! - DROIX EU","og:description":"Slitesterk og lett - Beskytter uten \u00e5 bli for stor. Tilpasset passform - designet spesielt for AYN Odin 2 Portal. Kompakt og b\u00e6rbar - lett \u00e5 ta med seg hvor som helst. Oppbevaringsplass for tilbeh\u00f8r - plass til kabler og mindre tilbeh\u00f8r. St\u00f8tbestandig - beskytter mot fall og st\u00f8t. Pakken inkluderer 1x AYN Odin 2 Portal Case","og:url":"https:\/\/droix.eu\/no\/product\/ayn-odin-2-portal-baereveske-ultimat-beskyttelse-og-stil\/","og:image":"https:\/\/droix.eu\/wp-content\/uploads\/2024\/06\/droix-v2-light-logo.png","og:image:secure_url":"https:\/\/droix.eu\/wp-content\/uploads\/2024\/06\/droix-v2-light-logo.png","og:image:width":380,"og:image:height":118,"article:published_time":"2025-06-03T09:07:47+00:00","article:modified_time":"2026-03-28T08:45:58+00:00","article:publisher":"https:\/\/www.facebook.com\/DroiX.Store","twitter:card":"summary_large_image","twitter:site":"@DroiX_Store","twitter:title":"AYN Odin 2 Portal-b\u00e6reveske \u2013 ultimat beskyttelse og stil! - DROIX EU","twitter:description":"Slitesterk og lett - Beskytter uten \u00e5 bli for stor. Tilpasset passform - designet spesielt for AYN Odin 2 Portal. Kompakt og b\u00e6rbar - lett \u00e5 ta med seg hvor som helst. Oppbevaringsplass for tilbeh\u00f8r - plass til kabler og mindre tilbeh\u00f8r. St\u00f8tbestandig - beskytter mot fall og st\u00f8t. Pakken inkluderer 1x AYN Odin 2 Portal Case","twitter:image":"https:\/\/droix.eu\/wp-content\/uploads\/2024\/06\/droix-v2-light-logo.png"},"aioseo_meta_data":{"post_id":"571600","title":null,"description":null,"keywords":null,"keyphrases":{"focus":{"keyphrase":"","score":0,"analysis":{"keyphraseInTitle":{"score":0,"maxScore":9,"error":1}}},"additional":[]},"primary_term":null,"canonical_url":null,"og_title":null,"og_description":null,"og_object_type":"default","og_image_type":"default","og_image_url":null,"og_image_width":null,"og_image_height":null,"og_image_custom_url":null,"og_image_custom_fields":null,"og_video":"","og_custom_url":null,"og_article_section":null,"og_article_tags":null,"twitter_use_og":true,"twitter_card":"default","twitter_image_type":"default","twitter_image_url":null,"twitter_image_custom_url":null,"twitter_image_custom_fields":null,"twitter_title":null,"twitter_description":null,"schema":{"blockGraphs":[],"customGraphs":[],"default":{"data":{"Article":[],"Course":[],"Dataset":[],"FAQPage":[],"Movie":[],"Person":[],"Product":[],"ProductReview":[],"Car":[],"Recipe":[],"Service":[],"SoftwareApplication":[],"WebPage":[]},"graphName":"Product","isEnabled":true},"graphs":[]},"schema_type":"default","schema_type_options":null,"pillar_content":false,"robots_default":true,"robots_noindex":false,"robots_noarchive":false,"robots_nosnippet":false,"robots_nofollow":false,"robots_noimageindex":false,"robots_noodp":false,"robots_notranslate":false,"robots_max_snippet":"-1","robots_max_videopreview":"-1","robots_max_imagepreview":"large","priority":null,"frequency":"default","local_seo":null,"seo_analyzer_scan_date":null,"breadcrumb_settings":null,"limit_modified_date":false,"reviewed_by":null,"open_ai":null,"ai":{"faqs":[],"keyPoints":[],"titles":[],"descriptions":[],"socialPosts":{"email":[],"linkedin":[],"twitter":[],"facebook":[],"instagram":[]}},"created":"2025-10-09 09:42:48","updated":"2026-03-28 12:53:01"},"aioseo_breadcrumb":"<div class=\"aioseo-breadcrumbs\"><span class=\"aioseo-breadcrumb\">\n\t<a href=\"https:\/\/droix.eu\/no\/\" title=\"Home\">Home<\/a>\n<\/span><span class=\"aioseo-breadcrumb-separator\">&raquo;<\/span><span class=\"aioseo-breadcrumb\">\n\t<a href=\"https:\/\/droix.eu\/no\/product-category\/tilbehor-no\/\" title=\"Tilbeh\u00f8r\">Tilbeh\u00f8r<\/a>\n<\/span><span class=\"aioseo-breadcrumb-separator\">&raquo;<\/span><span class=\"aioseo-breadcrumb\">\n\t<a href=\"https:\/\/droix.eu\/no\/product-category\/tilbehor-no\/spilltilbehor\/\" title=\"Spilltilbeh\u00f8r\">Spilltilbeh\u00f8r<\/a>\n<\/span><span class=\"aioseo-breadcrumb-separator\">&raquo;<\/span><span class=\"aioseo-breadcrumb\">\n\tAYN Odin 2 Portal-b\u00e6reveske \u2013 ultimat beskyttelse og stil!\n<\/span><\/div>","aioseo_breadcrumb_json":[{"label":"Home","link":"https:\/\/droix.eu\/no\/"},{"label":"Tilbeh\u00f8r","link":"https:\/\/droix.eu\/no\/product-category\/tilbehor-no\/"},{"label":"Spilltilbeh\u00f8r","link":"https:\/\/droix.eu\/no\/product-category\/tilbehor-no\/spilltilbehor\/"},{"label":"AYN Odin 2 Portal-b\u00e6reveske &#8211; ultimat beskyttelse og stil!","link":"https:\/\/droix.eu\/no\/product\/ayn-odin-2-portal-baereveske-ultimat-beskyttelse-og-stil\/"}],"_links":{"self":[{"href":"https:\/\/droix.eu\/no\/wp-json\/wp\/v2\/product\/571600","targetHints":{"allow":["GET"]}}],"collection":[{"href":"https:\/\/droix.eu\/no\/wp-json\/wp\/v2\/product"}],"about":[{"href":"https:\/\/droix.eu\/no\/wp-json\/wp\/v2\/types\/product"}],"version-history":[{"count":0,"href":"https:\/\/droix.eu\/no\/wp-json\/wp\/v2\/product\/571600\/revisions"}],"wp:featuredmedia":[{"embeddable":true,"href":"https:\/\/droix.eu\/no\/wp-json\/wp\/v2\/media\/570496"}],"wp:attachment":[{"href":"https:\/\/droix.eu\/no\/wp-json\/wp\/v2\/media?parent=571600"}],"wp:term":[{"taxonomy":"product_brand","embeddable":true,"href":"https:\/\/droix.eu\/no\/wp-json\/wp\/v2\/product_brand?post=571600"},{"taxonomy":"product_cat","embeddable":true,"href":"https:\/\/droix.eu\/no\/wp-json\/wp\/v2\/product_cat?post=571600"},{"taxonomy":"product_tag","embeddable":true,"href":"https:\/\/droix.eu\/no\/wp-json\/wp\/v2\/product_tag?post=571600"},{"taxonomy":"woo-feed-brand","embeddable":true,"href":"https:\/\/droix.eu\/no\/wp-json\/wp\/v2\/woo-feed-brand?post=571600"},{"taxonomy":"key-features","embeddable":true,"href":"https:\/\/droix.eu\/no\/wp-json\/wp\/v2\/key-features?post=571600"}],"curies":[{"name":"wp","href":"https:\/\/api.w.org\/{rel}","templated":true}]}}