{"id":571504,"date":"2025-06-03T09:42:31","date_gmt":"2025-06-03T08:42:31","guid":{"rendered":"https:\/\/droix.eu\/product\/onexplayer-onexgpu-2-egpu-dokkingsstasjon-beskyttelsesetui\/"},"modified":"2025-08-01T17:22:18","modified_gmt":"2025-08-01T16:22:18","slug":"onexplayer-onexgpu-2-egpu-dokkingsstasjon-beskyttelsesetui","status":"publish","type":"product","link":"https:\/\/droix.eu\/no\/product\/onexplayer-onexgpu-2-egpu-dokkingsstasjon-beskyttelsesetui\/","title":{"rendered":"ONEXPLAYER ONEXGPU 2 eGPU-dokkingsstasjon &#8211; beskyttelsesetui"},"content":{"rendered":"\n<h2 class=\"wp-block-heading\"><strong>Vi presenterer ONEXPLAYER ONEXGPU 2-beskyttelsesetui: Stil og sikkerhet for din eGPU-dokkstasjon<\/strong><\/h2>\n\n<h2 class=\"wp-block-heading\"><strong>\u00d8k beskyttelsen og elegansen til din ONEXPLAYER ONEXGPU 2 eGPU-dokkstasjon med ONEXPLAYER ONEXGPU 2 Protective Case.<\/strong><\/h2>\n\n<p>Denne kofferten er laget for \u00e5 oppfylle kravene til en moderne livsstil, og kombinerer s\u00f8ml\u00f8st holdbarhet, funksjonalitet og estetikk.<\/p>\n\n<h2 class=\"wp-block-heading\"><strong>N\u00f8kkelfunksjoner:<\/strong><\/h2>\n\n<h2 class=\"wp-block-heading\"><strong>F\u00f8rsteklasses design:<\/strong><\/h2>\n\n<p>ONEXPLAYER ONEXGPU 2 Protective Case er omhyggelig designet med f\u00f8rsteklasses materialer og er konstruert for \u00e5 t\u00e5le daglig slitasje, samtidig som det har en sofistikert og stilig svart skinnfinish.<\/p>\n\n<h2 class=\"wp-block-heading\"><strong>Omfattende skjerming:<\/strong><\/h2>\n\n<p>ONEXPLAYER ONEXGPU 2 Protective Case gir eGPU-dokkstasjonen din fullstendig dekning. Det omslutter alle kanter og hj\u00f8rner og gir robust beskyttelse mot fall, st\u00f8t og riper. <\/p>\n\n<h2 class=\"wp-block-heading\"><strong>Elegant og lett:<\/strong><\/h2>\n\n<p>Til tross for den robuste beskyttelsesevnen er dette etuiet slankt og lett, slik at den slanke formen til ONEXPLAYER ONEXGPU 2 bevares uten un\u00f8dvendig masse.<\/p>\n\n<h2 class=\"wp-block-heading\"><strong>Skreddersydd passform:<\/strong><\/h2>\n\n<p>Beskyttelsesetuiet ONEXPLAYER ONEXGPU 2 er skreddersydd spesielt for ONEXPLAYER ONEXGPU 2 Docking Station, og garanterer en tettsittende og sikker passform, slik at din verdifulle enhet er godt beskyttet.<\/p>\n","protected":false},"excerpt":{"rendered":"<ul>\n<li><strong>Offisiell<\/strong> ONEXPLAYER ONEXGPU 2-etui<\/li>\n<li>Mykt f\u00f4r for <strong>ekstra beskyttelse<\/strong>.<\/li>\n<li>Innebygd h\u00e5ndtak for <strong> sikkert grep<\/strong>.<\/li>\n<li>Elegant design med ONEXGPU-merkevare<\/li>\n<\/ul>\n[droix_global_accordions]\n[cg_accordion title=\"Pakken inkluderer\"]<\/p>\n<ul>\n<li>1x ONEXPLAYER ONEXGPU 2-etui<\/li>\n<\/ul>\n<p>[\/cg_accordion]\n","protected":false},"featured_media":570469,"template":"","meta":{"_acf_changed":false},"product_brand":[],"product_cat":[13104,12964],"product_tag":[],"woo-feed-brand":[],"key-features":[],"class_list":{"0":"post-571504","1":"product","2":"type-product","3":"status-publish","4":"has-post-thumbnail","6":"product_cat-spilltilbehor","7":"product_cat-tilbehor-no","8":"product_shipping_class-low-end","9":"pa_accessory-type-protective-case","10":"pa_brands-onexplayer-no","12":"first","13":"outofstock","14":"sale","15":"taxable","16":"shipping-taxable","17":"purchasable","18":"product-type-variable","19":"has-default-attributes"},"acf":[],"aioseo_notices":[],"aioseo_head":"\n\t\t<!-- All in One SEO Pro 4.9.5.2 - aioseo.com -->\n\t<meta name=\"description\" content=\"Offisiell ONEXPLAYER ONEXGPU 2-etui Mykt f\u00f4r for ekstra beskyttelse. Innebygd h\u00e5ndtak for sikkert grep. Elegant design med ONEXGPU-merkevare Pakken inkluderer 1x ONEXPLAYER ONEXGPU 2-etui\" \/>\n\t<meta name=\"robots\" content=\"max-image-preview:large\" \/>\n\t<link rel=\"canonical\" href=\"https:\/\/droix.eu\/no\/product\/onexplayer-onexgpu-2-egpu-dokkingsstasjon-beskyttelsesetui\/\" \/>\n\t<meta name=\"generator\" content=\"All in One SEO Pro (AIOSEO) 4.9.5.2\" \/>\n\t\t<meta property=\"og:locale\" content=\"nb_NO\" \/>\n\t\t<meta property=\"og:site_name\" content=\"DROIX EU - Get the latest Mini PCs, Ultrabook, PC Gaming Handhelds and more!\" \/>\n\t\t<meta property=\"og:type\" content=\"article\" \/>\n\t\t<meta property=\"og:title\" content=\"ONEXPLAYER ONEXGPU 2 eGPU-dokkingsstasjon \u2013 beskyttelsesetui - DROIX EU\" \/>\n\t\t<meta property=\"og:description\" content=\"Offisiell ONEXPLAYER ONEXGPU 2-etui Mykt f\u00f4r for ekstra beskyttelse. Innebygd h\u00e5ndtak for sikkert grep. Elegant design med ONEXGPU-merkevare Pakken inkluderer 1x ONEXPLAYER ONEXGPU 2-etui\" \/>\n\t\t<meta property=\"og:url\" content=\"https:\/\/droix.eu\/no\/product\/onexplayer-onexgpu-2-egpu-dokkingsstasjon-beskyttelsesetui\/\" \/>\n\t\t<meta property=\"og:image\" content=\"https:\/\/droix.eu\/wp-content\/uploads\/2024\/06\/droix-v2-light-logo.png\" \/>\n\t\t<meta property=\"og:image:secure_url\" content=\"https:\/\/droix.eu\/wp-content\/uploads\/2024\/06\/droix-v2-light-logo.png\" \/>\n\t\t<meta property=\"og:image:width\" content=\"380\" \/>\n\t\t<meta property=\"og:image:height\" content=\"118\" \/>\n\t\t<meta property=\"article:published_time\" content=\"2025-06-03T08:42:31+00:00\" \/>\n\t\t<meta property=\"article:modified_time\" content=\"2025-08-01T16:22:18+00:00\" \/>\n\t\t<meta property=\"article:publisher\" content=\"https:\/\/www.facebook.com\/DroiX.Store\" \/>\n\t\t<meta name=\"twitter:card\" content=\"summary_large_image\" \/>\n\t\t<meta name=\"twitter:site\" content=\"@DroiX_Store\" \/>\n\t\t<meta name=\"twitter:title\" content=\"ONEXPLAYER ONEXGPU 2 eGPU-dokkingsstasjon \u2013 beskyttelsesetui - DROIX EU\" \/>\n\t\t<meta name=\"twitter:description\" content=\"Offisiell ONEXPLAYER ONEXGPU 2-etui Mykt f\u00f4r for ekstra beskyttelse. Innebygd h\u00e5ndtak for sikkert grep. Elegant design med ONEXGPU-merkevare Pakken inkluderer 1x ONEXPLAYER ONEXGPU 2-etui\" \/>\n\t\t<meta name=\"twitter:image\" content=\"https:\/\/droix.eu\/wp-content\/uploads\/2024\/06\/droix-v2-light-logo.png\" \/>\n\t\t<script type=\"application\/ld+json\" class=\"aioseo-schema\">\n\t\t\t{\"@context\":\"https:\\\/\\\/schema.org\",\"@graph\":[{\"@type\":\"BreadcrumbList\",\"@id\":\"https:\\\/\\\/droix.eu\\\/no\\\/product\\\/onexplayer-onexgpu-2-egpu-dokkingsstasjon-beskyttelsesetui\\\/#breadcrumblist\",\"itemListElement\":[{\"@type\":\"ListItem\",\"@id\":\"https:\\\/\\\/droix.eu\\\/no\\\/#listItem\",\"position\":1,\"name\":\"Home\",\"item\":\"https:\\\/\\\/droix.eu\\\/no\\\/\",\"nextItem\":{\"@type\":\"ListItem\",\"@id\":\"https:\\\/\\\/droix.eu\\\/no\\\/product-category\\\/tilbehor-no\\\/#listItem\",\"name\":\"Tilbeh\\u00f8r\"}},{\"@type\":\"ListItem\",\"@id\":\"https:\\\/\\\/droix.eu\\\/no\\\/product-category\\\/tilbehor-no\\\/#listItem\",\"position\":2,\"name\":\"Tilbeh\\u00f8r\",\"item\":\"https:\\\/\\\/droix.eu\\\/no\\\/product-category\\\/tilbehor-no\\\/\",\"nextItem\":{\"@type\":\"ListItem\",\"@id\":\"https:\\\/\\\/droix.eu\\\/no\\\/product-category\\\/tilbehor-no\\\/spilltilbehor\\\/#listItem\",\"name\":\"Spilltilbeh\\u00f8r\"},\"previousItem\":{\"@type\":\"ListItem\",\"@id\":\"https:\\\/\\\/droix.eu\\\/no\\\/#listItem\",\"name\":\"Home\"}},{\"@type\":\"ListItem\",\"@id\":\"https:\\\/\\\/droix.eu\\\/no\\\/product-category\\\/tilbehor-no\\\/spilltilbehor\\\/#listItem\",\"position\":3,\"name\":\"Spilltilbeh\\u00f8r\",\"item\":\"https:\\\/\\\/droix.eu\\\/no\\\/product-category\\\/tilbehor-no\\\/spilltilbehor\\\/\",\"nextItem\":{\"@type\":\"ListItem\",\"@id\":\"https:\\\/\\\/droix.eu\\\/no\\\/product\\\/onexplayer-onexgpu-2-egpu-dokkingsstasjon-beskyttelsesetui\\\/#listItem\",\"name\":\"ONEXPLAYER ONEXGPU 2 eGPU-dokkingsstasjon &#8211; beskyttelsesetui\"},\"previousItem\":{\"@type\":\"ListItem\",\"@id\":\"https:\\\/\\\/droix.eu\\\/no\\\/product-category\\\/tilbehor-no\\\/#listItem\",\"name\":\"Tilbeh\\u00f8r\"}},{\"@type\":\"ListItem\",\"@id\":\"https:\\\/\\\/droix.eu\\\/no\\\/product\\\/onexplayer-onexgpu-2-egpu-dokkingsstasjon-beskyttelsesetui\\\/#listItem\",\"position\":4,\"name\":\"ONEXPLAYER ONEXGPU 2 eGPU-dokkingsstasjon &#8211; beskyttelsesetui\",\"previousItem\":{\"@type\":\"ListItem\",\"@id\":\"https:\\\/\\\/droix.eu\\\/no\\\/product-category\\\/tilbehor-no\\\/spilltilbehor\\\/#listItem\",\"name\":\"Spilltilbeh\\u00f8r\"}}]},{\"@type\":\"Organization\",\"@id\":\"https:\\\/\\\/droix.eu\\\/no\\\/#organization\",\"name\":\"DroiX \\u2013 Trusted EU Tech Retailer with 12+ Years Experience\",\"description\":\"DroiX is a leading European technology retailer with over 12 years of experience, offering quality mini PCs, handheld gaming consoles, and tech accessories. We provide hassle-free EU delivery with all taxes included, ensuring a smooth and reliable shopping experience for our customers across Europe.\",\"url\":\"https:\\\/\\\/droix.eu\\\/no\\\/\",\"logo\":{\"@type\":\"ImageObject\",\"url\":\"https:\\\/\\\/droix.eu\\\/wp-content\\\/uploads\\\/2024\\\/06\\\/droix-v2-light-logo.png\",\"@id\":\"https:\\\/\\\/droix.eu\\\/no\\\/product\\\/onexplayer-onexgpu-2-egpu-dokkingsstasjon-beskyttelsesetui\\\/#organizationLogo\",\"width\":380,\"height\":118},\"image\":{\"@id\":\"https:\\\/\\\/droix.eu\\\/no\\\/product\\\/onexplayer-onexgpu-2-egpu-dokkingsstasjon-beskyttelsesetui\\\/#organizationLogo\"},\"sameAs\":[\"https:\\\/\\\/www.facebook.com\\\/DroiX.Store\",\"https:\\\/\\\/twitter.com\\\/DroiX_Store\",\"https:\\\/\\\/www.instagram.com\\\/droix.store\\\/\",\"https:\\\/\\\/www.tiktok.com\\\/@droix.store\",\"https:\\\/\\\/www.youtube.com\\\/c\\\/DroiX_Store\",\"https:\\\/\\\/uk.linkedin.com\\\/company\\\/droix\"]},{\"@type\":\"ProductGroup\",\"@id\":\"https:\\\/\\\/droix.eu\\\/no\\\/product\\\/onexplayer-onexgpu-2-egpu-dokkingsstasjon-beskyttelsesetui\\\/#wooCommerceProduct\",\"name\":\"ONEXPLAYER ONEXGPU 2 eGPU-dokkingsstasjon - beskyttelsesetui\",\"description\":\"Offisiell ONEXPLAYER ONEXGPU 2-etui\\n \\tMykt f\\u00f4r for ekstra beskyttelse.\\n \\tInnebygd h\\u00e5ndtak for  sikkert grep.\\n \\tElegant design med ONEXGPU-merkevare\",\"url\":\"https:\\\/\\\/droix.eu\\\/no\\\/product\\\/onexplayer-onexgpu-2-egpu-dokkingsstasjon-beskyttelsesetui\\\/\",\"image\":{\"@type\":\"ImageObject\",\"url\":\"https:\\\/\\\/droix.eu\\\/wp-content\\\/uploads\\\/2025\\\/06\\\/ONEXPLAYER-ONEXGPU-CASE-DONE-01.png\",\"@id\":\"https:\\\/\\\/droix.eu\\\/no\\\/product\\\/onexplayer-onexgpu-2-egpu-dokkingsstasjon-beskyttelsesetui\\\/#productImage\",\"width\":1500,\"height\":1500,\"caption\":\"ONEXGPU 2 Carrying Case \\u2013 A durable, black protective case with a textured exterior, sturdy handle, and embossed ONEXGPU branding, designed for safely storing and transporting the ONEXGPU 2 eGPU\"},\"productGroupID\":571504,\"hasVariant\":[{\"@type\":\"Product\",\"@id\":\"https:\\\/\\\/droix.eu\\\/no\\\/product\\\/onexplayer-onexgpu-2-egpu-dokkingsstasjon-beskyttelsesetui\\\/#wooCommerceProduct\",\"name\":\"ONEXPLAYER ONEXGPU 2 eGPU-dokkingsstasjon - beskyttelsesetui - new\",\"description\":\"Offisiell ONEXPLAYER ONEXGPU 2-etui\\n \\tMykt f\\u00f4r for ekstra beskyttelse.\\n \\tInnebygd h\\u00e5ndtak for  sikkert grep.\\n \\tElegant design med ONEXGPU-merkevare\",\"url\":\"https:\\\/\\\/droix.eu\\\/no\\\/product\\\/onexplayer-onexgpu-2-egpu-dokkingsstasjon-beskyttelsesetui\\\/\",\"sku\":\"ONEXPLAYER-ONEXGPU-2-CASE\",\"gtin\":\"5061077631516\",\"image\":{\"@type\":\"ImageObject\",\"url\":\"https:\\\/\\\/droix.eu\\\/wp-content\\\/uploads\\\/2025\\\/06\\\/ONEXPLAYER-ONEXGPU-CASE-DONE-01.png\",\"@id\":\"https:\\\/\\\/droix.eu\\\/no\\\/product\\\/onexplayer-onexgpu-2-egpu-dokkingsstasjon-beskyttelsesetui\\\/#productImage\",\"width\":1500,\"height\":1500,\"caption\":\"ONEXGPU 2 Carrying Case \\u2013 A durable, black protective case with a textured exterior, sturdy handle, and embossed ONEXGPU branding, designed for safely storing and transporting the ONEXGPU 2 eGPU\"},\"offers\":{\"@type\":\"Offer\",\"url\":\"https:\\\/\\\/droix.eu\\\/no\\\/product\\\/onexplayer-onexgpu-2-egpu-dokkingsstasjon-beskyttelsesetui\\\/#wooCommerceOffer\",\"price\":\"15.95\",\"priceCurrency\":\"EUR\",\"category\":\"Spilltilbeh\\u00f8r\",\"availability\":\"https:\\\/\\\/schema.org\\\/OutOfStock\",\"priceSpecification\":{\"@type\":\"PriceSpecification\",\"price\":15.95,\"priceCurrency\":\"EUR\",\"valueAddedTaxIncluded\":\"true\"}}}]},{\"@type\":\"WebPage\",\"@id\":\"https:\\\/\\\/droix.eu\\\/no\\\/product\\\/onexplayer-onexgpu-2-egpu-dokkingsstasjon-beskyttelsesetui\\\/#webpage\",\"url\":\"https:\\\/\\\/droix.eu\\\/no\\\/product\\\/onexplayer-onexgpu-2-egpu-dokkingsstasjon-beskyttelsesetui\\\/\",\"name\":\"ONEXPLAYER ONEXGPU 2 eGPU-dokkingsstasjon \\u2013 beskyttelsesetui - DROIX EU\",\"description\":\"Offisiell ONEXPLAYER ONEXGPU 2-etui Mykt f\\u00f4r for ekstra beskyttelse. Innebygd h\\u00e5ndtak for sikkert grep. Elegant design med ONEXGPU-merkevare Pakken inkluderer 1x ONEXPLAYER ONEXGPU 2-etui\",\"inLanguage\":\"nb-NO\",\"isPartOf\":{\"@id\":\"https:\\\/\\\/droix.eu\\\/no\\\/#website\"},\"breadcrumb\":{\"@id\":\"https:\\\/\\\/droix.eu\\\/no\\\/product\\\/onexplayer-onexgpu-2-egpu-dokkingsstasjon-beskyttelsesetui\\\/#breadcrumblist\"},\"image\":{\"@type\":\"ImageObject\",\"url\":\"https:\\\/\\\/droix.eu\\\/wp-content\\\/uploads\\\/2025\\\/06\\\/ONEXPLAYER-ONEXGPU-CASE-DONE-01.png\",\"@id\":\"https:\\\/\\\/droix.eu\\\/no\\\/product\\\/onexplayer-onexgpu-2-egpu-dokkingsstasjon-beskyttelsesetui\\\/#mainImage\",\"width\":1500,\"height\":1500,\"caption\":\"ONEXGPU 2 Carrying Case \\u2013 A durable, black protective case with a textured exterior, sturdy handle, and embossed ONEXGPU branding, designed for safely storing and transporting the ONEXGPU 2 eGPU\"},\"primaryImageOfPage\":{\"@id\":\"https:\\\/\\\/droix.eu\\\/no\\\/product\\\/onexplayer-onexgpu-2-egpu-dokkingsstasjon-beskyttelsesetui\\\/#mainImage\"},\"datePublished\":\"2025-06-03T09:42:31+01:00\",\"dateModified\":\"2025-08-01T17:22:18+01:00\"},{\"@type\":\"WebSite\",\"@id\":\"https:\\\/\\\/droix.eu\\\/no\\\/#website\",\"url\":\"https:\\\/\\\/droix.eu\\\/no\\\/\",\"name\":\"DROIX EU\",\"description\":\"Get the latest Mini PCs, Ultrabook, PC Gaming Handhelds and more!\",\"inLanguage\":\"nb-NO\",\"publisher\":{\"@id\":\"https:\\\/\\\/droix.eu\\\/no\\\/#organization\"}}]}\n\t\t<\/script>\n\t\t<!-- All in One SEO Pro -->\r\n\t\t<title>ONEXPLAYER ONEXGPU 2 eGPU-dokkingsstasjon \u2013 beskyttelsesetui - DROIX EU<\/title>\n\n","aioseo_head_json":{"title":"ONEXPLAYER ONEXGPU 2 eGPU-dokkingsstasjon \u2013 beskyttelsesetui - DROIX EU","description":"Offisiell ONEXPLAYER ONEXGPU 2-etui Mykt f\u00f4r for ekstra beskyttelse. Innebygd h\u00e5ndtak for sikkert grep. Elegant design med ONEXGPU-merkevare Pakken inkluderer 1x ONEXPLAYER ONEXGPU 2-etui","canonical_url":"https:\/\/droix.eu\/no\/product\/onexplayer-onexgpu-2-egpu-dokkingsstasjon-beskyttelsesetui\/","robots":"max-image-preview:large","keywords":"","webmasterTools":{"miscellaneous":""},"schema":{"@context":"https:\/\/schema.org","@graph":[{"@type":"BreadcrumbList","@id":"https:\/\/droix.eu\/no\/product\/onexplayer-onexgpu-2-egpu-dokkingsstasjon-beskyttelsesetui\/#breadcrumblist","itemListElement":[{"@type":"ListItem","@id":"https:\/\/droix.eu\/no\/#listItem","position":1,"name":"Home","item":"https:\/\/droix.eu\/no\/","nextItem":{"@type":"ListItem","@id":"https:\/\/droix.eu\/no\/product-category\/tilbehor-no\/#listItem","name":"Tilbeh\u00f8r"}},{"@type":"ListItem","@id":"https:\/\/droix.eu\/no\/product-category\/tilbehor-no\/#listItem","position":2,"name":"Tilbeh\u00f8r","item":"https:\/\/droix.eu\/no\/product-category\/tilbehor-no\/","nextItem":{"@type":"ListItem","@id":"https:\/\/droix.eu\/no\/product-category\/tilbehor-no\/spilltilbehor\/#listItem","name":"Spilltilbeh\u00f8r"},"previousItem":{"@type":"ListItem","@id":"https:\/\/droix.eu\/no\/#listItem","name":"Home"}},{"@type":"ListItem","@id":"https:\/\/droix.eu\/no\/product-category\/tilbehor-no\/spilltilbehor\/#listItem","position":3,"name":"Spilltilbeh\u00f8r","item":"https:\/\/droix.eu\/no\/product-category\/tilbehor-no\/spilltilbehor\/","nextItem":{"@type":"ListItem","@id":"https:\/\/droix.eu\/no\/product\/onexplayer-onexgpu-2-egpu-dokkingsstasjon-beskyttelsesetui\/#listItem","name":"ONEXPLAYER ONEXGPU 2 eGPU-dokkingsstasjon &#8211; beskyttelsesetui"},"previousItem":{"@type":"ListItem","@id":"https:\/\/droix.eu\/no\/product-category\/tilbehor-no\/#listItem","name":"Tilbeh\u00f8r"}},{"@type":"ListItem","@id":"https:\/\/droix.eu\/no\/product\/onexplayer-onexgpu-2-egpu-dokkingsstasjon-beskyttelsesetui\/#listItem","position":4,"name":"ONEXPLAYER ONEXGPU 2 eGPU-dokkingsstasjon &#8211; beskyttelsesetui","previousItem":{"@type":"ListItem","@id":"https:\/\/droix.eu\/no\/product-category\/tilbehor-no\/spilltilbehor\/#listItem","name":"Spilltilbeh\u00f8r"}}]},{"@type":"Organization","@id":"https:\/\/droix.eu\/no\/#organization","name":"DroiX \u2013 Trusted EU Tech Retailer with 12+ Years Experience","description":"DroiX is a leading European technology retailer with over 12 years of experience, offering quality mini PCs, handheld gaming consoles, and tech accessories. We provide hassle-free EU delivery with all taxes included, ensuring a smooth and reliable shopping experience for our customers across Europe.","url":"https:\/\/droix.eu\/no\/","logo":{"@type":"ImageObject","url":"https:\/\/droix.eu\/wp-content\/uploads\/2024\/06\/droix-v2-light-logo.png","@id":"https:\/\/droix.eu\/no\/product\/onexplayer-onexgpu-2-egpu-dokkingsstasjon-beskyttelsesetui\/#organizationLogo","width":380,"height":118},"image":{"@id":"https:\/\/droix.eu\/no\/product\/onexplayer-onexgpu-2-egpu-dokkingsstasjon-beskyttelsesetui\/#organizationLogo"},"sameAs":["https:\/\/www.facebook.com\/DroiX.Store","https:\/\/twitter.com\/DroiX_Store","https:\/\/www.instagram.com\/droix.store\/","https:\/\/www.tiktok.com\/@droix.store","https:\/\/www.youtube.com\/c\/DroiX_Store","https:\/\/uk.linkedin.com\/company\/droix"]},{"@type":"ProductGroup","@id":"https:\/\/droix.eu\/no\/product\/onexplayer-onexgpu-2-egpu-dokkingsstasjon-beskyttelsesetui\/#wooCommerceProduct","name":"ONEXPLAYER ONEXGPU 2 eGPU-dokkingsstasjon - beskyttelsesetui","description":"Offisiell ONEXPLAYER ONEXGPU 2-etui\n \tMykt f\u00f4r for ekstra beskyttelse.\n \tInnebygd h\u00e5ndtak for  sikkert grep.\n \tElegant design med ONEXGPU-merkevare","url":"https:\/\/droix.eu\/no\/product\/onexplayer-onexgpu-2-egpu-dokkingsstasjon-beskyttelsesetui\/","image":{"@type":"ImageObject","url":"https:\/\/droix.eu\/wp-content\/uploads\/2025\/06\/ONEXPLAYER-ONEXGPU-CASE-DONE-01.png","@id":"https:\/\/droix.eu\/no\/product\/onexplayer-onexgpu-2-egpu-dokkingsstasjon-beskyttelsesetui\/#productImage","width":1500,"height":1500,"caption":"ONEXGPU 2 Carrying Case \u2013 A durable, black protective case with a textured exterior, sturdy handle, and embossed ONEXGPU branding, designed for safely storing and transporting the ONEXGPU 2 eGPU"},"productGroupID":571504,"hasVariant":[{"@type":"Product","@id":"https:\/\/droix.eu\/no\/product\/onexplayer-onexgpu-2-egpu-dokkingsstasjon-beskyttelsesetui\/#wooCommerceProduct","name":"ONEXPLAYER ONEXGPU 2 eGPU-dokkingsstasjon - beskyttelsesetui - new","description":"Offisiell ONEXPLAYER ONEXGPU 2-etui\n \tMykt f\u00f4r for ekstra beskyttelse.\n \tInnebygd h\u00e5ndtak for  sikkert grep.\n \tElegant design med ONEXGPU-merkevare","url":"https:\/\/droix.eu\/no\/product\/onexplayer-onexgpu-2-egpu-dokkingsstasjon-beskyttelsesetui\/","sku":"ONEXPLAYER-ONEXGPU-2-CASE","gtin":"5061077631516","image":{"@type":"ImageObject","url":"https:\/\/droix.eu\/wp-content\/uploads\/2025\/06\/ONEXPLAYER-ONEXGPU-CASE-DONE-01.png","@id":"https:\/\/droix.eu\/no\/product\/onexplayer-onexgpu-2-egpu-dokkingsstasjon-beskyttelsesetui\/#productImage","width":1500,"height":1500,"caption":"ONEXGPU 2 Carrying Case \u2013 A durable, black protective case with a textured exterior, sturdy handle, and embossed ONEXGPU branding, designed for safely storing and transporting the ONEXGPU 2 eGPU"},"offers":{"@type":"Offer","url":"https:\/\/droix.eu\/no\/product\/onexplayer-onexgpu-2-egpu-dokkingsstasjon-beskyttelsesetui\/#wooCommerceOffer","price":"15.95","priceCurrency":"EUR","category":"Spilltilbeh\u00f8r","availability":"https:\/\/schema.org\/OutOfStock","priceSpecification":{"@type":"PriceSpecification","price":15.95,"priceCurrency":"EUR","valueAddedTaxIncluded":"true"}}}]},{"@type":"WebPage","@id":"https:\/\/droix.eu\/no\/product\/onexplayer-onexgpu-2-egpu-dokkingsstasjon-beskyttelsesetui\/#webpage","url":"https:\/\/droix.eu\/no\/product\/onexplayer-onexgpu-2-egpu-dokkingsstasjon-beskyttelsesetui\/","name":"ONEXPLAYER ONEXGPU 2 eGPU-dokkingsstasjon \u2013 beskyttelsesetui - DROIX EU","description":"Offisiell ONEXPLAYER ONEXGPU 2-etui Mykt f\u00f4r for ekstra beskyttelse. Innebygd h\u00e5ndtak for sikkert grep. Elegant design med ONEXGPU-merkevare Pakken inkluderer 1x ONEXPLAYER ONEXGPU 2-etui","inLanguage":"nb-NO","isPartOf":{"@id":"https:\/\/droix.eu\/no\/#website"},"breadcrumb":{"@id":"https:\/\/droix.eu\/no\/product\/onexplayer-onexgpu-2-egpu-dokkingsstasjon-beskyttelsesetui\/#breadcrumblist"},"image":{"@type":"ImageObject","url":"https:\/\/droix.eu\/wp-content\/uploads\/2025\/06\/ONEXPLAYER-ONEXGPU-CASE-DONE-01.png","@id":"https:\/\/droix.eu\/no\/product\/onexplayer-onexgpu-2-egpu-dokkingsstasjon-beskyttelsesetui\/#mainImage","width":1500,"height":1500,"caption":"ONEXGPU 2 Carrying Case \u2013 A durable, black protective case with a textured exterior, sturdy handle, and embossed ONEXGPU branding, designed for safely storing and transporting the ONEXGPU 2 eGPU"},"primaryImageOfPage":{"@id":"https:\/\/droix.eu\/no\/product\/onexplayer-onexgpu-2-egpu-dokkingsstasjon-beskyttelsesetui\/#mainImage"},"datePublished":"2025-06-03T09:42:31+01:00","dateModified":"2025-08-01T17:22:18+01:00"},{"@type":"WebSite","@id":"https:\/\/droix.eu\/no\/#website","url":"https:\/\/droix.eu\/no\/","name":"DROIX EU","description":"Get the latest Mini PCs, Ultrabook, PC Gaming Handhelds and more!","inLanguage":"nb-NO","publisher":{"@id":"https:\/\/droix.eu\/no\/#organization"}}]},"og:locale":"nb_NO","og:site_name":"DROIX EU - Get the latest Mini PCs, Ultrabook, PC Gaming Handhelds and more!","og:type":"article","og:title":"ONEXPLAYER ONEXGPU 2 eGPU-dokkingsstasjon \u2013 beskyttelsesetui - DROIX EU","og:description":"Offisiell ONEXPLAYER ONEXGPU 2-etui Mykt f\u00f4r for ekstra beskyttelse. Innebygd h\u00e5ndtak for sikkert grep. Elegant design med ONEXGPU-merkevare Pakken inkluderer 1x ONEXPLAYER ONEXGPU 2-etui","og:url":"https:\/\/droix.eu\/no\/product\/onexplayer-onexgpu-2-egpu-dokkingsstasjon-beskyttelsesetui\/","og:image":"https:\/\/droix.eu\/wp-content\/uploads\/2024\/06\/droix-v2-light-logo.png","og:image:secure_url":"https:\/\/droix.eu\/wp-content\/uploads\/2024\/06\/droix-v2-light-logo.png","og:image:width":380,"og:image:height":118,"article:published_time":"2025-06-03T08:42:31+00:00","article:modified_time":"2025-08-01T16:22:18+00:00","article:publisher":"https:\/\/www.facebook.com\/DroiX.Store","twitter:card":"summary_large_image","twitter:site":"@DroiX_Store","twitter:title":"ONEXPLAYER ONEXGPU 2 eGPU-dokkingsstasjon \u2013 beskyttelsesetui - DROIX EU","twitter:description":"Offisiell ONEXPLAYER ONEXGPU 2-etui Mykt f\u00f4r for ekstra beskyttelse. Innebygd h\u00e5ndtak for sikkert grep. Elegant design med ONEXGPU-merkevare Pakken inkluderer 1x ONEXPLAYER ONEXGPU 2-etui","twitter:image":"https:\/\/droix.eu\/wp-content\/uploads\/2024\/06\/droix-v2-light-logo.png"},"aioseo_meta_data":{"post_id":"571504","title":null,"description":null,"keywords":null,"keyphrases":null,"primary_term":null,"canonical_url":null,"og_title":null,"og_description":null,"og_object_type":"default","og_image_type":"default","og_image_url":null,"og_image_width":null,"og_image_height":null,"og_image_custom_url":null,"og_image_custom_fields":null,"og_video":null,"og_custom_url":null,"og_article_section":null,"og_article_tags":null,"twitter_use_og":true,"twitter_card":"default","twitter_image_type":"default","twitter_image_url":null,"twitter_image_custom_url":null,"twitter_image_custom_fields":null,"twitter_title":null,"twitter_description":null,"schema":{"blockGraphs":[],"customGraphs":[],"default":{"data":{"Article":[],"Course":[],"Dataset":[],"FAQPage":[],"Movie":[],"Person":[],"Product":[],"ProductReview":[],"Car":[],"Recipe":[],"Service":[],"SoftwareApplication":[],"WebPage":[]},"graphName":"","isEnabled":true},"graphs":[]},"schema_type":"default","schema_type_options":null,"pillar_content":false,"robots_default":true,"robots_noindex":false,"robots_noarchive":false,"robots_nosnippet":false,"robots_nofollow":false,"robots_noimageindex":false,"robots_noodp":false,"robots_notranslate":false,"robots_max_snippet":null,"robots_max_videopreview":null,"robots_max_imagepreview":"large","priority":null,"frequency":null,"local_seo":null,"seo_analyzer_scan_date":"2025-12-20 16:17:30","breadcrumb_settings":null,"limit_modified_date":false,"reviewed_by":null,"open_ai":null,"ai":null,"created":"2025-10-09 09:35:56","updated":"2025-12-20 16:17:30"},"aioseo_breadcrumb":"<div class=\"aioseo-breadcrumbs\"><span class=\"aioseo-breadcrumb\">\n\t<a href=\"https:\/\/droix.eu\/no\/\" title=\"Home\">Home<\/a>\n<\/span><span class=\"aioseo-breadcrumb-separator\">&raquo;<\/span><span class=\"aioseo-breadcrumb\">\n\t<a href=\"https:\/\/droix.eu\/no\/product-category\/tilbehor-no\/\" title=\"Tilbeh\u00f8r\">Tilbeh\u00f8r<\/a>\n<\/span><span class=\"aioseo-breadcrumb-separator\">&raquo;<\/span><span class=\"aioseo-breadcrumb\">\n\t<a href=\"https:\/\/droix.eu\/no\/product-category\/tilbehor-no\/spilltilbehor\/\" title=\"Spilltilbeh\u00f8r\">Spilltilbeh\u00f8r<\/a>\n<\/span><span class=\"aioseo-breadcrumb-separator\">&raquo;<\/span><span class=\"aioseo-breadcrumb\">\n\tONEXPLAYER ONEXGPU 2 eGPU-dokkingsstasjon \u2013 beskyttelsesetui\n<\/span><\/div>","aioseo_breadcrumb_json":[{"label":"Home","link":"https:\/\/droix.eu\/no\/"},{"label":"Tilbeh\u00f8r","link":"https:\/\/droix.eu\/no\/product-category\/tilbehor-no\/"},{"label":"Spilltilbeh\u00f8r","link":"https:\/\/droix.eu\/no\/product-category\/tilbehor-no\/spilltilbehor\/"},{"label":"ONEXPLAYER ONEXGPU 2 eGPU-dokkingsstasjon &#8211; beskyttelsesetui","link":"https:\/\/droix.eu\/no\/product\/onexplayer-onexgpu-2-egpu-dokkingsstasjon-beskyttelsesetui\/"}],"_links":{"self":[{"href":"https:\/\/droix.eu\/no\/wp-json\/wp\/v2\/product\/571504","targetHints":{"allow":["GET"]}}],"collection":[{"href":"https:\/\/droix.eu\/no\/wp-json\/wp\/v2\/product"}],"about":[{"href":"https:\/\/droix.eu\/no\/wp-json\/wp\/v2\/types\/product"}],"version-history":[{"count":0,"href":"https:\/\/droix.eu\/no\/wp-json\/wp\/v2\/product\/571504\/revisions"}],"wp:featuredmedia":[{"embeddable":true,"href":"https:\/\/droix.eu\/no\/wp-json\/wp\/v2\/media\/570469"}],"wp:attachment":[{"href":"https:\/\/droix.eu\/no\/wp-json\/wp\/v2\/media?parent=571504"}],"wp:term":[{"taxonomy":"product_brand","embeddable":true,"href":"https:\/\/droix.eu\/no\/wp-json\/wp\/v2\/product_brand?post=571504"},{"taxonomy":"product_cat","embeddable":true,"href":"https:\/\/droix.eu\/no\/wp-json\/wp\/v2\/product_cat?post=571504"},{"taxonomy":"product_tag","embeddable":true,"href":"https:\/\/droix.eu\/no\/wp-json\/wp\/v2\/product_tag?post=571504"},{"taxonomy":"woo-feed-brand","embeddable":true,"href":"https:\/\/droix.eu\/no\/wp-json\/wp\/v2\/woo-feed-brand?post=571504"},{"taxonomy":"key-features","embeddable":true,"href":"https:\/\/droix.eu\/no\/wp-json\/wp\/v2\/key-features?post=571504"}],"curies":[{"name":"wp","href":"https:\/\/api.w.org\/{rel}","templated":true}]}}