{"id":551475,"date":"2020-11-20T10:02:39","date_gmt":"2020-11-20T10:02:39","guid":{"rendered":"https:\/\/droix.eu\/product\/fx8s-usb-type-c-hub\/"},"modified":"2025-09-05T15:32:33","modified_gmt":"2025-09-05T14:32:33","slug":"fx8s-usb-type-c-hub","status":"publish","type":"product","link":"https:\/\/droix.eu\/no\/product\/fx8s-usb-type-c-hub\/","title":{"rendered":"FX8S USB Type-C-hub"},"content":{"rendered":"<p>FX8s <strong>USB-C Hub 8-i-1-adapteren<\/strong> samler de mest brukte portene i \u00e9n kompakt <strong>USB-C Hub<\/strong> med h\u00f8y ytelse.<\/p>\n<p>FX8s <strong>USB-C-hub<\/strong> kobles til USB Type-C-porten din og er ogs\u00e5 <a href=\"https:\/\/www.pocket-lint.com\/laptops\/news\/139323-thunderbolt-3-explained-the-one-port-to-rule-them-all\">Thunderbolt 3-kompatibel<\/a>. Den gir en h\u00f8yhastighets gateway fra enheten din, for eksempel en PC eller b\u00e6rbar PC, til huben, og gj\u00f8r det ogs\u00e5 mulig \u00e5 lade mens den er i bruk. <\/p>\n<p><strong>USB-C-hubens HDMI<\/strong> -port st\u00f8tter opptil <strong>4K*2K UHD<\/strong> (3840&#215;2160) ved 60 Hz for tilkobling til skjermenheter som TV-er, skjermer eller projektorer. Bare koble en HDMI-kabel til huben og skjermen, s\u00e5 er du klar til \u00e5 sette i gang. <\/p>\n<p>To superraske <strong>USB 3.0-porter<\/strong> er plassert p\u00e5 siden og gj\u00f8r det mulig \u00e5 koble til enheter som mus eller tastatur eller h\u00f8yhastighetsutstyr som USB-minnepinner og eksterne harddisker. De leverer opptil 4,5 W maksimal effekt. <\/p>\n<p>Den kvinnelige <strong>USB Type-C-porten<\/strong> st\u00f8tter str\u00f8madaptere p\u00e5 opptil 87 W, og den kan ogs\u00e5 sende ut 20 V ved 3 A. Den doble funksjonaliteten gj\u00f8r at du kan lade enheten din via huben samtidig som du bruker den, og dette er en perfekt l\u00f8sning hvis enheten din bare har \u00e9n Type-C-port. Du kan ogs\u00e5 koble kompatibelt <a href=\"https:\/\/www.computerworld.com\/article\/2488194\/usb-c-explained-how-to-get-the-most-from-it-and-why-its-great.html\">Type-C-periferiutstyr<\/a> til huben via denne porten.  <\/p>\n<p>Mange b\u00e6rbare enheter har n\u00e5 bare tr\u00e5dl\u00f8s tilkobling, og ofte er ikke denne rask eller p\u00e5litelig nok. <strong>USB-C-hubens<\/strong> RJ45 <strong>Ethernet-port<\/strong> st\u00f8tter opptil 100 Mbps for rask og stabil dataoverf\u00f8ring via kabel. <\/p>\n<p>FX8s-huben har ogs\u00e5 en SD- og Micro SD <strong>USB-C-kortleser<\/strong> som gir p\u00e5litelig h\u00f8yhastighets skriving og lesing til og fra kortene til enheten din.<\/p>\n","protected":false},"excerpt":{"rendered":"<ul>\n<li><strong>H\u00f8yhastighets<\/strong> USB Type-C-adapter<\/li>\n<li><strong>4K<\/strong> HDMI-utgang<\/li>\n<li>RJ45 <strong>100M\/s<\/strong> Ethernet-port<\/li>\n<li>SD\/MicroSD-kortspor<\/li>\n<li>Kompatibel med <strong>Windows<\/strong><strong>, Mac<\/strong> og <strong>Android<\/strong><\/li>\n<\/ul>\n[droix_global_accordions]\n[cg_accordion title=\"Package Includes\"]<\/p>\n<ul>\n<li>1x FX8S USB Type-C-hub<\/li>\n<\/ul>\n<p>[\/cg_accordion]\n","protected":false},"featured_media":221130,"template":"","meta":{"_acf_changed":false},"product_brand":[],"product_cat":[15252,13104,12964,12965],"product_tag":[],"woo-feed-brand":[],"key-features":[],"class_list":{"0":"post-551475","1":"product","2":"type-product","3":"status-publish","4":"has-post-thumbnail","6":"product_cat-datatilbehor","7":"product_cat-spilltilbehor","8":"product_cat-tilbehor-no","9":"product_cat-tilbehor-til-baerbare-datamaskiner","10":"product_shipping_class-low-end","11":"pa_accessory-type-docking-station","12":"pa_brands-droix-no","14":"first","15":"outofstock","16":"taxable","17":"shipping-taxable","18":"purchasable","19":"product-type-simple"},"acf":[],"aioseo_notices":[],"aioseo_head":"\n\t\t<!-- All in One SEO Pro 4.9.6.2 - aioseo.com -->\n\t<meta name=\"description\" content=\"H\u00f8yhastighets USB Type-C-adapter 4K HDMI-utgang RJ45 100M\/s Ethernet-port SD\/MicroSD-kortspor Kompatibel med Windows, Mac og Android Package Includes 1x FX8S USB Type-C-hub\" \/>\n\t<meta name=\"robots\" content=\"max-image-preview:large\" \/>\n\t<link rel=\"canonical\" href=\"https:\/\/droix.eu\/no\/product\/fx8s-usb-type-c-hub\/\" \/>\n\t<meta name=\"generator\" content=\"All in One SEO Pro (AIOSEO) 4.9.6.2\" \/>\n\t\t<meta property=\"og:locale\" content=\"nb_NO\" \/>\n\t\t<meta property=\"og:site_name\" content=\"DROIX EU - Get the latest Mini PCs, Ultrabook, PC Gaming Handhelds and more!\" \/>\n\t\t<meta property=\"og:type\" content=\"article\" \/>\n\t\t<meta property=\"og:title\" content=\"FX8S USB Type-C-hub - DROIX EU\" \/>\n\t\t<meta property=\"og:description\" content=\"H\u00f8yhastighets USB Type-C-adapter 4K HDMI-utgang RJ45 100M\/s Ethernet-port SD\/MicroSD-kortspor Kompatibel med Windows, Mac og Android Package Includes 1x FX8S USB Type-C-hub\" \/>\n\t\t<meta property=\"og:url\" content=\"https:\/\/droix.eu\/no\/product\/fx8s-usb-type-c-hub\/\" \/>\n\t\t<meta property=\"og:image\" content=\"https:\/\/droix.eu\/wp-content\/uploads\/2024\/06\/droix-v2-light-logo.png\" \/>\n\t\t<meta property=\"og:image:secure_url\" content=\"https:\/\/droix.eu\/wp-content\/uploads\/2024\/06\/droix-v2-light-logo.png\" \/>\n\t\t<meta property=\"og:image:width\" content=\"380\" \/>\n\t\t<meta property=\"og:image:height\" content=\"118\" \/>\n\t\t<meta property=\"article:published_time\" content=\"2020-11-20T10:02:39+00:00\" \/>\n\t\t<meta property=\"article:modified_time\" content=\"2025-09-05T14:32:33+00:00\" \/>\n\t\t<meta property=\"article:publisher\" content=\"https:\/\/www.facebook.com\/DroiX.Store\" \/>\n\t\t<meta name=\"twitter:card\" content=\"summary_large_image\" \/>\n\t\t<meta name=\"twitter:site\" content=\"@DroiX_Store\" \/>\n\t\t<meta name=\"twitter:title\" content=\"FX8S USB Type-C-hub - DROIX EU\" \/>\n\t\t<meta name=\"twitter:description\" content=\"H\u00f8yhastighets USB Type-C-adapter 4K HDMI-utgang RJ45 100M\/s Ethernet-port SD\/MicroSD-kortspor Kompatibel med Windows, Mac og Android Package Includes 1x FX8S USB Type-C-hub\" \/>\n\t\t<meta name=\"twitter:image\" content=\"https:\/\/droix.eu\/wp-content\/uploads\/2024\/06\/droix-v2-light-logo.png\" \/>\n\t\t<script type=\"application\/ld+json\" class=\"aioseo-schema\">\n\t\t\t{\"@context\":\"https:\\\/\\\/schema.org\",\"@graph\":[{\"@type\":\"BreadcrumbList\",\"@id\":\"https:\\\/\\\/droix.eu\\\/no\\\/product\\\/fx8s-usb-type-c-hub\\\/#breadcrumblist\",\"itemListElement\":[{\"@type\":\"ListItem\",\"@id\":\"https:\\\/\\\/droix.eu\\\/no\\\/#listItem\",\"position\":1,\"name\":\"Home\",\"item\":\"https:\\\/\\\/droix.eu\\\/no\\\/\",\"nextItem\":{\"@type\":\"ListItem\",\"@id\":\"https:\\\/\\\/droix.eu\\\/no\\\/product-category\\\/tilbehor-no\\\/#listItem\",\"name\":\"Tilbeh\\u00f8r\"}},{\"@type\":\"ListItem\",\"@id\":\"https:\\\/\\\/droix.eu\\\/no\\\/product-category\\\/tilbehor-no\\\/#listItem\",\"position\":2,\"name\":\"Tilbeh\\u00f8r\",\"item\":\"https:\\\/\\\/droix.eu\\\/no\\\/product-category\\\/tilbehor-no\\\/\",\"nextItem\":{\"@type\":\"ListItem\",\"@id\":\"https:\\\/\\\/droix.eu\\\/no\\\/product-category\\\/tilbehor-no\\\/tilbehor-til-baerbare-datamaskiner\\\/#listItem\",\"name\":\"Tilbeh\\u00f8r til b\\u00e6rbare datamaskiner\"},\"previousItem\":{\"@type\":\"ListItem\",\"@id\":\"https:\\\/\\\/droix.eu\\\/no\\\/#listItem\",\"name\":\"Home\"}},{\"@type\":\"ListItem\",\"@id\":\"https:\\\/\\\/droix.eu\\\/no\\\/product-category\\\/tilbehor-no\\\/tilbehor-til-baerbare-datamaskiner\\\/#listItem\",\"position\":3,\"name\":\"Tilbeh\\u00f8r til b\\u00e6rbare datamaskiner\",\"item\":\"https:\\\/\\\/droix.eu\\\/no\\\/product-category\\\/tilbehor-no\\\/tilbehor-til-baerbare-datamaskiner\\\/\",\"nextItem\":{\"@type\":\"ListItem\",\"@id\":\"https:\\\/\\\/droix.eu\\\/no\\\/product\\\/fx8s-usb-type-c-hub\\\/#listItem\",\"name\":\"FX8S USB Type-C-hub\"},\"previousItem\":{\"@type\":\"ListItem\",\"@id\":\"https:\\\/\\\/droix.eu\\\/no\\\/product-category\\\/tilbehor-no\\\/#listItem\",\"name\":\"Tilbeh\\u00f8r\"}},{\"@type\":\"ListItem\",\"@id\":\"https:\\\/\\\/droix.eu\\\/no\\\/product\\\/fx8s-usb-type-c-hub\\\/#listItem\",\"position\":4,\"name\":\"FX8S USB Type-C-hub\",\"previousItem\":{\"@type\":\"ListItem\",\"@id\":\"https:\\\/\\\/droix.eu\\\/no\\\/product-category\\\/tilbehor-no\\\/tilbehor-til-baerbare-datamaskiner\\\/#listItem\",\"name\":\"Tilbeh\\u00f8r til b\\u00e6rbare datamaskiner\"}}]},{\"@type\":\"Organization\",\"@id\":\"https:\\\/\\\/droix.eu\\\/no\\\/#organization\",\"name\":\"DroiX \\u2013 Trusted EU Tech Retailer with 12+ Years Experience\",\"description\":\"DroiX is a leading European technology retailer with over 12 years of experience, offering quality mini PCs, handheld gaming consoles, and tech accessories. We provide hassle-free EU delivery with all taxes included, ensuring a smooth and reliable shopping experience for our customers across Europe.\",\"url\":\"https:\\\/\\\/droix.eu\\\/no\\\/\",\"logo\":{\"@type\":\"ImageObject\",\"url\":\"https:\\\/\\\/droix.eu\\\/wp-content\\\/uploads\\\/2024\\\/06\\\/droix-v2-light-logo.png\",\"@id\":\"https:\\\/\\\/droix.eu\\\/no\\\/product\\\/fx8s-usb-type-c-hub\\\/#organizationLogo\",\"width\":380,\"height\":118},\"image\":{\"@id\":\"https:\\\/\\\/droix.eu\\\/no\\\/product\\\/fx8s-usb-type-c-hub\\\/#organizationLogo\"},\"sameAs\":[\"https:\\\/\\\/www.facebook.com\\\/DroiX.Store\",\"https:\\\/\\\/twitter.com\\\/DroiX_Store\",\"https:\\\/\\\/www.instagram.com\\\/droix.store\\\/\",\"https:\\\/\\\/www.tiktok.com\\\/@droix.store\",\"https:\\\/\\\/www.youtube.com\\\/c\\\/DroiX_Store\",\"https:\\\/\\\/uk.linkedin.com\\\/company\\\/droix\"]},{\"@type\":\"Product\",\"@id\":\"https:\\\/\\\/droix.eu\\\/no\\\/product\\\/fx8s-usb-type-c-hub\\\/#wooCommerceProduct\",\"name\":\"FX8S USB Type-C-hub\",\"description\":\"H\\u00f8yhastighets USB Type-C-adapter\\n \\t4K HDMI-utgang\\n \\tRJ45 100M\\\/s Ethernet-port\\n \\tSD\\\/MicroSD-kortspor\\n \\tKompatibel med Windows, Mac og Android\",\"url\":\"https:\\\/\\\/droix.eu\\\/no\\\/product\\\/fx8s-usb-type-c-hub\\\/\",\"sku\":\"DX-FX8-S-USB-TYPE-C-ADAPTER\",\"image\":{\"@type\":\"ImageObject\",\"url\":\"https:\\\/\\\/droix.eu\\\/wp-content\\\/uploads\\\/2021\\\/12\\\/1-2.png\",\"@id\":\"https:\\\/\\\/droix.eu\\\/no\\\/product\\\/fx8s-usb-type-c-hub\\\/#productImage\",\"width\":670,\"height\":840,\"caption\":\"DroiX FX8s - 2 USB Type-C-porter, 1 HDMI, 2 USB Type-A, 1 SD-kort- og 1 MicroSD-port\"},\"offers\":{\"@type\":\"Offer\",\"url\":\"https:\\\/\\\/droix.eu\\\/no\\\/product\\\/fx8s-usb-type-c-hub\\\/#wooCommerceOffer\",\"price\":33.2,\"priceCurrency\":\"EUR\",\"category\":\"Datatilbeh\\u00f8r\",\"priceValidUntil\":\"2024-05-26\",\"availability\":\"https:\\\/\\\/schema.org\\\/OutOfStock\",\"priceSpecification\":{\"@type\":\"PriceSpecification\",\"price\":33.2,\"priceCurrency\":\"EUR\",\"valueAddedTaxIncluded\":\"true\"},\"seller\":{\"@type\":\"Organization\",\"@id\":\"https:\\\/\\\/droix.eu\\\/no\\\/#organization\"}}},{\"@type\":\"WebPage\",\"@id\":\"https:\\\/\\\/droix.eu\\\/no\\\/product\\\/fx8s-usb-type-c-hub\\\/#webpage\",\"url\":\"https:\\\/\\\/droix.eu\\\/no\\\/product\\\/fx8s-usb-type-c-hub\\\/\",\"name\":\"FX8S USB Type-C-hub - DROIX EU\",\"description\":\"H\\u00f8yhastighets USB Type-C-adapter 4K HDMI-utgang RJ45 100M\\\/s Ethernet-port SD\\\/MicroSD-kortspor Kompatibel med Windows, Mac og Android Package Includes 1x FX8S USB Type-C-hub\",\"inLanguage\":\"nb-NO\",\"isPartOf\":{\"@id\":\"https:\\\/\\\/droix.eu\\\/no\\\/#website\"},\"breadcrumb\":{\"@id\":\"https:\\\/\\\/droix.eu\\\/no\\\/product\\\/fx8s-usb-type-c-hub\\\/#breadcrumblist\"},\"image\":{\"@type\":\"ImageObject\",\"url\":\"https:\\\/\\\/droix.eu\\\/wp-content\\\/uploads\\\/2021\\\/12\\\/1-2.png\",\"@id\":\"https:\\\/\\\/droix.eu\\\/no\\\/product\\\/fx8s-usb-type-c-hub\\\/#mainImage\",\"width\":670,\"height\":840,\"caption\":\"DroiX FX8s - 2 USB Type-C-porter, 1 HDMI, 2 USB Type-A, 1 SD-kort- og 1 MicroSD-port\"},\"primaryImageOfPage\":{\"@id\":\"https:\\\/\\\/droix.eu\\\/no\\\/product\\\/fx8s-usb-type-c-hub\\\/#mainImage\"},\"datePublished\":\"2020-11-20T10:02:39+00:00\",\"dateModified\":\"2025-09-05T15:32:33+01:00\"},{\"@type\":\"WebSite\",\"@id\":\"https:\\\/\\\/droix.eu\\\/no\\\/#website\",\"url\":\"https:\\\/\\\/droix.eu\\\/no\\\/\",\"name\":\"DROIX EU\",\"description\":\"Get the latest Mini PCs, Ultrabook, PC Gaming Handhelds and more!\",\"inLanguage\":\"nb-NO\",\"publisher\":{\"@id\":\"https:\\\/\\\/droix.eu\\\/no\\\/#organization\"}}]}\n\t\t<\/script>\n\t\t<!-- All in One SEO Pro -->\r\n\t\t<title>FX8S USB Type-C-hub - DROIX EU<\/title>\n\n","aioseo_head_json":{"title":"FX8S USB Type-C-hub - DROIX EU","description":"H\u00f8yhastighets USB Type-C-adapter 4K HDMI-utgang RJ45 100M\/s Ethernet-port SD\/MicroSD-kortspor Kompatibel med Windows, Mac og Android Package Includes 1x FX8S USB Type-C-hub","canonical_url":"https:\/\/droix.eu\/no\/product\/fx8s-usb-type-c-hub\/","robots":"max-image-preview:large","keywords":"","webmasterTools":{"miscellaneous":""},"schema":{"@context":"https:\/\/schema.org","@graph":[{"@type":"BreadcrumbList","@id":"https:\/\/droix.eu\/no\/product\/fx8s-usb-type-c-hub\/#breadcrumblist","itemListElement":[{"@type":"ListItem","@id":"https:\/\/droix.eu\/no\/#listItem","position":1,"name":"Home","item":"https:\/\/droix.eu\/no\/","nextItem":{"@type":"ListItem","@id":"https:\/\/droix.eu\/no\/product-category\/tilbehor-no\/#listItem","name":"Tilbeh\u00f8r"}},{"@type":"ListItem","@id":"https:\/\/droix.eu\/no\/product-category\/tilbehor-no\/#listItem","position":2,"name":"Tilbeh\u00f8r","item":"https:\/\/droix.eu\/no\/product-category\/tilbehor-no\/","nextItem":{"@type":"ListItem","@id":"https:\/\/droix.eu\/no\/product-category\/tilbehor-no\/tilbehor-til-baerbare-datamaskiner\/#listItem","name":"Tilbeh\u00f8r til b\u00e6rbare datamaskiner"},"previousItem":{"@type":"ListItem","@id":"https:\/\/droix.eu\/no\/#listItem","name":"Home"}},{"@type":"ListItem","@id":"https:\/\/droix.eu\/no\/product-category\/tilbehor-no\/tilbehor-til-baerbare-datamaskiner\/#listItem","position":3,"name":"Tilbeh\u00f8r til b\u00e6rbare datamaskiner","item":"https:\/\/droix.eu\/no\/product-category\/tilbehor-no\/tilbehor-til-baerbare-datamaskiner\/","nextItem":{"@type":"ListItem","@id":"https:\/\/droix.eu\/no\/product\/fx8s-usb-type-c-hub\/#listItem","name":"FX8S USB Type-C-hub"},"previousItem":{"@type":"ListItem","@id":"https:\/\/droix.eu\/no\/product-category\/tilbehor-no\/#listItem","name":"Tilbeh\u00f8r"}},{"@type":"ListItem","@id":"https:\/\/droix.eu\/no\/product\/fx8s-usb-type-c-hub\/#listItem","position":4,"name":"FX8S USB Type-C-hub","previousItem":{"@type":"ListItem","@id":"https:\/\/droix.eu\/no\/product-category\/tilbehor-no\/tilbehor-til-baerbare-datamaskiner\/#listItem","name":"Tilbeh\u00f8r til b\u00e6rbare datamaskiner"}}]},{"@type":"Organization","@id":"https:\/\/droix.eu\/no\/#organization","name":"DroiX \u2013 Trusted EU Tech Retailer with 12+ Years Experience","description":"DroiX is a leading European technology retailer with over 12 years of experience, offering quality mini PCs, handheld gaming consoles, and tech accessories. We provide hassle-free EU delivery with all taxes included, ensuring a smooth and reliable shopping experience for our customers across Europe.","url":"https:\/\/droix.eu\/no\/","logo":{"@type":"ImageObject","url":"https:\/\/droix.eu\/wp-content\/uploads\/2024\/06\/droix-v2-light-logo.png","@id":"https:\/\/droix.eu\/no\/product\/fx8s-usb-type-c-hub\/#organizationLogo","width":380,"height":118},"image":{"@id":"https:\/\/droix.eu\/no\/product\/fx8s-usb-type-c-hub\/#organizationLogo"},"sameAs":["https:\/\/www.facebook.com\/DroiX.Store","https:\/\/twitter.com\/DroiX_Store","https:\/\/www.instagram.com\/droix.store\/","https:\/\/www.tiktok.com\/@droix.store","https:\/\/www.youtube.com\/c\/DroiX_Store","https:\/\/uk.linkedin.com\/company\/droix"]},{"@type":"Product","@id":"https:\/\/droix.eu\/no\/product\/fx8s-usb-type-c-hub\/#wooCommerceProduct","name":"FX8S USB Type-C-hub","description":"H\u00f8yhastighets USB Type-C-adapter\n \t4K HDMI-utgang\n \tRJ45 100M\/s Ethernet-port\n \tSD\/MicroSD-kortspor\n \tKompatibel med Windows, Mac og Android","url":"https:\/\/droix.eu\/no\/product\/fx8s-usb-type-c-hub\/","sku":"DX-FX8-S-USB-TYPE-C-ADAPTER","image":{"@type":"ImageObject","url":"https:\/\/droix.eu\/wp-content\/uploads\/2021\/12\/1-2.png","@id":"https:\/\/droix.eu\/no\/product\/fx8s-usb-type-c-hub\/#productImage","width":670,"height":840,"caption":"DroiX FX8s - 2 USB Type-C-porter, 1 HDMI, 2 USB Type-A, 1 SD-kort- og 1 MicroSD-port"},"offers":{"@type":"Offer","url":"https:\/\/droix.eu\/no\/product\/fx8s-usb-type-c-hub\/#wooCommerceOffer","price":33.2,"priceCurrency":"EUR","category":"Datatilbeh\u00f8r","priceValidUntil":"2024-05-26","availability":"https:\/\/schema.org\/OutOfStock","priceSpecification":{"@type":"PriceSpecification","price":33.2,"priceCurrency":"EUR","valueAddedTaxIncluded":"true"},"seller":{"@type":"Organization","@id":"https:\/\/droix.eu\/no\/#organization"}}},{"@type":"WebPage","@id":"https:\/\/droix.eu\/no\/product\/fx8s-usb-type-c-hub\/#webpage","url":"https:\/\/droix.eu\/no\/product\/fx8s-usb-type-c-hub\/","name":"FX8S USB Type-C-hub - DROIX EU","description":"H\u00f8yhastighets USB Type-C-adapter 4K HDMI-utgang RJ45 100M\/s Ethernet-port SD\/MicroSD-kortspor Kompatibel med Windows, Mac og Android Package Includes 1x FX8S USB Type-C-hub","inLanguage":"nb-NO","isPartOf":{"@id":"https:\/\/droix.eu\/no\/#website"},"breadcrumb":{"@id":"https:\/\/droix.eu\/no\/product\/fx8s-usb-type-c-hub\/#breadcrumblist"},"image":{"@type":"ImageObject","url":"https:\/\/droix.eu\/wp-content\/uploads\/2021\/12\/1-2.png","@id":"https:\/\/droix.eu\/no\/product\/fx8s-usb-type-c-hub\/#mainImage","width":670,"height":840,"caption":"DroiX FX8s - 2 USB Type-C-porter, 1 HDMI, 2 USB Type-A, 1 SD-kort- og 1 MicroSD-port"},"primaryImageOfPage":{"@id":"https:\/\/droix.eu\/no\/product\/fx8s-usb-type-c-hub\/#mainImage"},"datePublished":"2020-11-20T10:02:39+00:00","dateModified":"2025-09-05T15:32:33+01:00"},{"@type":"WebSite","@id":"https:\/\/droix.eu\/no\/#website","url":"https:\/\/droix.eu\/no\/","name":"DROIX EU","description":"Get the latest Mini PCs, Ultrabook, PC Gaming Handhelds and more!","inLanguage":"nb-NO","publisher":{"@id":"https:\/\/droix.eu\/no\/#organization"}}]},"og:locale":"nb_NO","og:site_name":"DROIX EU - Get the latest Mini PCs, Ultrabook, PC Gaming Handhelds and more!","og:type":"article","og:title":"FX8S USB Type-C-hub - DROIX EU","og:description":"H\u00f8yhastighets USB Type-C-adapter 4K HDMI-utgang RJ45 100M\/s Ethernet-port SD\/MicroSD-kortspor Kompatibel med Windows, Mac og Android Package Includes 1x FX8S USB Type-C-hub","og:url":"https:\/\/droix.eu\/no\/product\/fx8s-usb-type-c-hub\/","og:image":"https:\/\/droix.eu\/wp-content\/uploads\/2024\/06\/droix-v2-light-logo.png","og:image:secure_url":"https:\/\/droix.eu\/wp-content\/uploads\/2024\/06\/droix-v2-light-logo.png","og:image:width":380,"og:image:height":118,"article:published_time":"2020-11-20T10:02:39+00:00","article:modified_time":"2025-09-05T14:32:33+00:00","article:publisher":"https:\/\/www.facebook.com\/DroiX.Store","twitter:card":"summary_large_image","twitter:site":"@DroiX_Store","twitter:title":"FX8S USB Type-C-hub - DROIX EU","twitter:description":"H\u00f8yhastighets USB Type-C-adapter 4K HDMI-utgang RJ45 100M\/s Ethernet-port SD\/MicroSD-kortspor Kompatibel med Windows, Mac og Android Package Includes 1x FX8S USB Type-C-hub","twitter:image":"https:\/\/droix.eu\/wp-content\/uploads\/2024\/06\/droix-v2-light-logo.png"},"aioseo_meta_data":{"post_id":"551475","title":null,"description":null,"keywords":null,"keyphrases":null,"primary_term":null,"canonical_url":null,"og_title":null,"og_description":null,"og_object_type":"default","og_image_type":"default","og_image_url":null,"og_image_width":null,"og_image_height":null,"og_image_custom_url":null,"og_image_custom_fields":null,"og_video":null,"og_custom_url":null,"og_article_section":null,"og_article_tags":null,"twitter_use_og":true,"twitter_card":"default","twitter_image_type":"default","twitter_image_url":null,"twitter_image_custom_url":null,"twitter_image_custom_fields":null,"twitter_title":null,"twitter_description":null,"schema":{"blockGraphs":[],"customGraphs":[],"default":{"data":{"Article":[],"Course":[],"Dataset":[],"FAQPage":[],"Movie":[],"Person":[],"Product":[],"ProductReview":[],"Car":[],"Recipe":[],"Service":[],"SoftwareApplication":[],"WebPage":[]},"graphName":"","isEnabled":true},"graphs":[]},"schema_type":"default","schema_type_options":null,"pillar_content":false,"robots_default":true,"robots_noindex":false,"robots_noarchive":false,"robots_nosnippet":false,"robots_nofollow":false,"robots_noimageindex":false,"robots_noodp":false,"robots_notranslate":false,"robots_max_snippet":null,"robots_max_videopreview":null,"robots_max_imagepreview":"large","priority":null,"frequency":null,"local_seo":null,"seo_analyzer_scan_date":"2025-10-24 08:02:12","breadcrumb_settings":null,"limit_modified_date":false,"reviewed_by":null,"open_ai":null,"ai":null,"created":"2025-10-09 03:29:38","updated":"2025-11-27 01:41:39"},"aioseo_breadcrumb":"<div class=\"aioseo-breadcrumbs\"><span class=\"aioseo-breadcrumb\">\n\t<a href=\"https:\/\/droix.eu\/no\/\" title=\"Home\">Home<\/a>\n<\/span><span class=\"aioseo-breadcrumb-separator\">&raquo;<\/span><span class=\"aioseo-breadcrumb\">\n\t<a href=\"https:\/\/droix.eu\/no\/product-category\/tilbehor-no\/\" title=\"Tilbeh\u00f8r\">Tilbeh\u00f8r<\/a>\n<\/span><span class=\"aioseo-breadcrumb-separator\">&raquo;<\/span><span class=\"aioseo-breadcrumb\">\n\t<a href=\"https:\/\/droix.eu\/no\/product-category\/tilbehor-no\/tilbehor-til-baerbare-datamaskiner\/\" title=\"Tilbeh\u00f8r til b\u00e6rbare datamaskiner\">Tilbeh\u00f8r til b\u00e6rbare datamaskiner<\/a>\n<\/span><span class=\"aioseo-breadcrumb-separator\">&raquo;<\/span><span class=\"aioseo-breadcrumb\">\n\tFX8S USB Type-C-hub\n<\/span><\/div>","aioseo_breadcrumb_json":[{"label":"Home","link":"https:\/\/droix.eu\/no\/"},{"label":"Tilbeh\u00f8r","link":"https:\/\/droix.eu\/no\/product-category\/tilbehor-no\/"},{"label":"Tilbeh\u00f8r til b\u00e6rbare datamaskiner","link":"https:\/\/droix.eu\/no\/product-category\/tilbehor-no\/tilbehor-til-baerbare-datamaskiner\/"},{"label":"FX8S USB Type-C-hub","link":"https:\/\/droix.eu\/no\/product\/fx8s-usb-type-c-hub\/"}],"_links":{"self":[{"href":"https:\/\/droix.eu\/no\/wp-json\/wp\/v2\/product\/551475","targetHints":{"allow":["GET"]}}],"collection":[{"href":"https:\/\/droix.eu\/no\/wp-json\/wp\/v2\/product"}],"about":[{"href":"https:\/\/droix.eu\/no\/wp-json\/wp\/v2\/types\/product"}],"version-history":[{"count":0,"href":"https:\/\/droix.eu\/no\/wp-json\/wp\/v2\/product\/551475\/revisions"}],"wp:featuredmedia":[{"embeddable":true,"href":"https:\/\/droix.eu\/no\/wp-json\/wp\/v2\/media\/221130"}],"wp:attachment":[{"href":"https:\/\/droix.eu\/no\/wp-json\/wp\/v2\/media?parent=551475"}],"wp:term":[{"taxonomy":"product_brand","embeddable":true,"href":"https:\/\/droix.eu\/no\/wp-json\/wp\/v2\/product_brand?post=551475"},{"taxonomy":"product_cat","embeddable":true,"href":"https:\/\/droix.eu\/no\/wp-json\/wp\/v2\/product_cat?post=551475"},{"taxonomy":"product_tag","embeddable":true,"href":"https:\/\/droix.eu\/no\/wp-json\/wp\/v2\/product_tag?post=551475"},{"taxonomy":"woo-feed-brand","embeddable":true,"href":"https:\/\/droix.eu\/no\/wp-json\/wp\/v2\/woo-feed-brand?post=551475"},{"taxonomy":"key-features","embeddable":true,"href":"https:\/\/droix.eu\/no\/wp-json\/wp\/v2\/key-features?post=551475"}],"curies":[{"name":"wp","href":"https:\/\/api.w.org\/{rel}","templated":true}]}}