{"id":551459,"date":"2020-11-17T11:23:03","date_gmt":"2020-11-17T11:23:03","guid":{"rendered":"https:\/\/droix.eu\/product\/droix-g10s-bakgrunnsbelyst-luftmus-med-stemmestyring\/"},"modified":"2026-01-22T14:33:03","modified_gmt":"2026-01-22T14:33:03","slug":"droix-g10s-bakgrunnsbelyst-luftmus-med-stemmestyring","status":"publish","type":"product","link":"https:\/\/droix.eu\/no\/product\/droix-g10s-bakgrunnsbelyst-luftmus-med-stemmestyring\/","title":{"rendered":"DroiX G10S bakgrunnsbelyst luftmus med stemmestyring"},"content":{"rendered":"<p><span data-contrast=\"none\">Den popul\u00e6re DroiX G10 luftmusen er tilbake i sin nyeste utgave, <strong>G10S<\/strong>!<\/span><span data-ccp-props=\"{\">&nbsp;<\/span><\/p>\n<p><span data-contrast=\"none\">Ved hjelp av den innebygde <strong>gyroskopsensoren<\/strong> av h\u00f8y kvalitet kan du enkelt og n\u00f8yaktig styre musen p\u00e5 enheten din fra flere meters avstand!<\/span><span data-ccp-props=\"{\">&nbsp;<\/span><\/p>\n<p><span data-contrast=\"none\">Har du ikke lyst til \u00e5 vifte med h\u00e5nden? Ikke noe problem! Med&nbsp;<\/span><strong>innebygd<\/strong><span data-contrast=\"none\"><strong> mikrofonen<\/strong> kan du diktere ordene dine i stedet for \u00e5 skrive dem inn via ulike stemmeaktiverte programmer!<\/span><span data-ccp-props=\"{\">&nbsp;<\/span><\/p>\n<p><span data-contrast=\"none\">G10S har samme formfaktor som forgjengeren, og med en st\u00f8rrelse p\u00e5 bare 143*45*29 mm f\u00e5r den bokstavelig talt plass i h\u00e5ndflaten din!<\/span><span data-ccp-props=\"{\">&nbsp;<\/span><\/p>\n<p><span data-contrast=\"none\">Det som skiller G10S ut, er at den har <strong>bakgrunnsbelysning<\/strong> under knappene, noe som gj\u00f8r den mye enklere \u00e5 bruke i omgivelser med lite lys!<\/span><span data-ccp-props=\"{\">&nbsp;<\/span><\/p>\n","protected":false},"excerpt":{"rendered":"<ul>\n<li>2,4 GHz <strong>tr\u00e5dl\u00f8s<\/strong> tilkobling<\/li>\n<li>G\u00e5r p\u00e5 AAA-batterier.<\/li>\n<li><strong>Bakgrunnsbelyste<\/strong> knapper<\/li>\n<li><strong>Innebygd mikrofon<\/strong><\/li>\n<li>Lett og ergonomisk design.<\/li>\n<\/ul>\n[droix_global_accordions]\n[cg_accordion title=\"Pakken inkluderer\"]<\/p>\n<ul>\n<li>1x DroiX G10S Air-Mouse\/li&gt;.\n<li>1x 2,4 GHz RF USB-dongle<\/li>\n<li>1x brukerh\u00e5ndbok<\/li>\n<\/ul>\n<p>[\/cg_accordion]\n","protected":false},"featured_media":220348,"template":"","meta":{"_acf_changed":false},"product_brand":[],"product_cat":[12964,33704],"product_tag":[],"woo-feed-brand":[],"key-features":[],"class_list":{"0":"post-551459","1":"product","2":"type-product","3":"status-publish","4":"has-post-thumbnail","6":"product_cat-tilbehor-no","7":"product_cat-tilbehor-til-android-tv-bokser","8":"product_shipping_class-low-end","9":"pa_brands-droix-no","10":"pa_compatibility-android-no","11":"pa_compatibility-vinduer","13":"first","14":"outofstock","15":"sale","16":"taxable","17":"shipping-taxable","18":"purchasable","19":"product-type-simple"},"acf":[],"aioseo_notices":[],"aioseo_head":"\n\t\t<!-- All in One SEO Pro 4.9.5.2 - aioseo.com -->\n\t<meta name=\"description\" content=\"2,4 GHz tr\u00e5dl\u00f8s tilkobling G\u00e5r p\u00e5 AAA-batterier. Bakgrunnsbelyste knapper Innebygd mikrofon Lett og ergonomisk design. Pakken inkluderer 1x DroiX G10S Air-Mouse\/li&gt;. 1x 2,4 GHz RF USB-dongle 1x brukerh\u00e5ndbok\" \/>\n\t<meta name=\"robots\" content=\"max-image-preview:large\" \/>\n\t<link rel=\"canonical\" href=\"https:\/\/droix.eu\/no\/product\/droix-g10s-bakgrunnsbelyst-luftmus-med-stemmestyring\/\" \/>\n\t<meta name=\"generator\" content=\"All in One SEO Pro (AIOSEO) 4.9.5.2\" \/>\n\t\t<meta property=\"og:locale\" content=\"nb_NO\" \/>\n\t\t<meta property=\"og:site_name\" content=\"DROIX EU - Get the latest Mini PCs, Ultrabook, PC Gaming Handhelds and more!\" \/>\n\t\t<meta property=\"og:type\" content=\"article\" \/>\n\t\t<meta property=\"og:title\" content=\"DroiX G10S bakgrunnsbelyst luftmus med stemmestyring - DROIX EU\" \/>\n\t\t<meta property=\"og:description\" content=\"2,4 GHz tr\u00e5dl\u00f8s tilkobling G\u00e5r p\u00e5 AAA-batterier. Bakgrunnsbelyste knapper Innebygd mikrofon Lett og ergonomisk design. Pakken inkluderer 1x DroiX G10S Air-Mouse\/li&gt;. 1x 2,4 GHz RF USB-dongle 1x brukerh\u00e5ndbok\" \/>\n\t\t<meta property=\"og:url\" content=\"https:\/\/droix.eu\/no\/product\/droix-g10s-bakgrunnsbelyst-luftmus-med-stemmestyring\/\" \/>\n\t\t<meta property=\"og:image\" content=\"https:\/\/droix.eu\/wp-content\/uploads\/2024\/06\/droix-v2-light-logo.png\" \/>\n\t\t<meta property=\"og:image:secure_url\" content=\"https:\/\/droix.eu\/wp-content\/uploads\/2024\/06\/droix-v2-light-logo.png\" \/>\n\t\t<meta property=\"og:image:width\" content=\"380\" \/>\n\t\t<meta property=\"og:image:height\" content=\"118\" \/>\n\t\t<meta property=\"article:published_time\" content=\"2020-11-17T11:23:03+00:00\" \/>\n\t\t<meta property=\"article:modified_time\" content=\"2026-01-22T14:33:03+00:00\" \/>\n\t\t<meta property=\"article:publisher\" content=\"https:\/\/www.facebook.com\/DroiX.Store\" \/>\n\t\t<meta name=\"twitter:card\" content=\"summary_large_image\" \/>\n\t\t<meta name=\"twitter:site\" content=\"@DroiX_Store\" \/>\n\t\t<meta name=\"twitter:title\" content=\"DroiX G10S bakgrunnsbelyst luftmus med stemmestyring - DROIX EU\" \/>\n\t\t<meta name=\"twitter:description\" content=\"2,4 GHz tr\u00e5dl\u00f8s tilkobling G\u00e5r p\u00e5 AAA-batterier. Bakgrunnsbelyste knapper Innebygd mikrofon Lett og ergonomisk design. Pakken inkluderer 1x DroiX G10S Air-Mouse\/li&gt;. 1x 2,4 GHz RF USB-dongle 1x brukerh\u00e5ndbok\" \/>\n\t\t<meta name=\"twitter:image\" content=\"https:\/\/droix.eu\/wp-content\/uploads\/2024\/06\/droix-v2-light-logo.png\" \/>\n\t\t<script type=\"application\/ld+json\" class=\"aioseo-schema\">\n\t\t\t{\"@context\":\"https:\\\/\\\/schema.org\",\"@graph\":[{\"@type\":\"BreadcrumbList\",\"@id\":\"https:\\\/\\\/droix.eu\\\/no\\\/product\\\/droix-g10s-bakgrunnsbelyst-luftmus-med-stemmestyring\\\/#breadcrumblist\",\"itemListElement\":[{\"@type\":\"ListItem\",\"@id\":\"https:\\\/\\\/droix.eu\\\/no\\\/#listItem\",\"position\":1,\"name\":\"Home\",\"item\":\"https:\\\/\\\/droix.eu\\\/no\\\/\",\"nextItem\":{\"@type\":\"ListItem\",\"@id\":\"https:\\\/\\\/droix.eu\\\/no\\\/product-category\\\/tilbehor-no\\\/#listItem\",\"name\":\"Tilbeh\\u00f8r\"}},{\"@type\":\"ListItem\",\"@id\":\"https:\\\/\\\/droix.eu\\\/no\\\/product-category\\\/tilbehor-no\\\/#listItem\",\"position\":2,\"name\":\"Tilbeh\\u00f8r\",\"item\":\"https:\\\/\\\/droix.eu\\\/no\\\/product-category\\\/tilbehor-no\\\/\",\"nextItem\":{\"@type\":\"ListItem\",\"@id\":\"https:\\\/\\\/droix.eu\\\/no\\\/product-category\\\/tilbehor-no\\\/tilbehor-til-android-tv-bokser\\\/#listItem\",\"name\":\"Tilbeh\\u00f8r til Android TV-bokser\"},\"previousItem\":{\"@type\":\"ListItem\",\"@id\":\"https:\\\/\\\/droix.eu\\\/no\\\/#listItem\",\"name\":\"Home\"}},{\"@type\":\"ListItem\",\"@id\":\"https:\\\/\\\/droix.eu\\\/no\\\/product-category\\\/tilbehor-no\\\/tilbehor-til-android-tv-bokser\\\/#listItem\",\"position\":3,\"name\":\"Tilbeh\\u00f8r til Android TV-bokser\",\"item\":\"https:\\\/\\\/droix.eu\\\/no\\\/product-category\\\/tilbehor-no\\\/tilbehor-til-android-tv-bokser\\\/\",\"nextItem\":{\"@type\":\"ListItem\",\"@id\":\"https:\\\/\\\/droix.eu\\\/no\\\/product\\\/droix-g10s-bakgrunnsbelyst-luftmus-med-stemmestyring\\\/#listItem\",\"name\":\"DroiX G10S bakgrunnsbelyst luftmus med stemmestyring\"},\"previousItem\":{\"@type\":\"ListItem\",\"@id\":\"https:\\\/\\\/droix.eu\\\/no\\\/product-category\\\/tilbehor-no\\\/#listItem\",\"name\":\"Tilbeh\\u00f8r\"}},{\"@type\":\"ListItem\",\"@id\":\"https:\\\/\\\/droix.eu\\\/no\\\/product\\\/droix-g10s-bakgrunnsbelyst-luftmus-med-stemmestyring\\\/#listItem\",\"position\":4,\"name\":\"DroiX G10S bakgrunnsbelyst luftmus med stemmestyring\",\"previousItem\":{\"@type\":\"ListItem\",\"@id\":\"https:\\\/\\\/droix.eu\\\/no\\\/product-category\\\/tilbehor-no\\\/tilbehor-til-android-tv-bokser\\\/#listItem\",\"name\":\"Tilbeh\\u00f8r til Android TV-bokser\"}}]},{\"@type\":\"Organization\",\"@id\":\"https:\\\/\\\/droix.eu\\\/no\\\/#organization\",\"name\":\"DroiX \\u2013 Trusted EU Tech Retailer with 12+ Years Experience\",\"description\":\"DroiX is a leading European technology retailer with over 12 years of experience, offering quality mini PCs, handheld gaming consoles, and tech accessories. We provide hassle-free EU delivery with all taxes included, ensuring a smooth and reliable shopping experience for our customers across Europe.\",\"url\":\"https:\\\/\\\/droix.eu\\\/no\\\/\",\"logo\":{\"@type\":\"ImageObject\",\"url\":\"https:\\\/\\\/droix.eu\\\/wp-content\\\/uploads\\\/2024\\\/06\\\/droix-v2-light-logo.png\",\"@id\":\"https:\\\/\\\/droix.eu\\\/no\\\/product\\\/droix-g10s-bakgrunnsbelyst-luftmus-med-stemmestyring\\\/#organizationLogo\",\"width\":380,\"height\":118},\"image\":{\"@id\":\"https:\\\/\\\/droix.eu\\\/no\\\/product\\\/droix-g10s-bakgrunnsbelyst-luftmus-med-stemmestyring\\\/#organizationLogo\"},\"sameAs\":[\"https:\\\/\\\/www.facebook.com\\\/DroiX.Store\",\"https:\\\/\\\/twitter.com\\\/DroiX_Store\",\"https:\\\/\\\/www.instagram.com\\\/droix.store\\\/\",\"https:\\\/\\\/www.tiktok.com\\\/@droix.store\",\"https:\\\/\\\/www.youtube.com\\\/c\\\/DroiX_Store\",\"https:\\\/\\\/uk.linkedin.com\\\/company\\\/droix\"]},{\"@type\":\"Product\",\"@id\":\"https:\\\/\\\/droix.eu\\\/no\\\/product\\\/droix-g10s-bakgrunnsbelyst-luftmus-med-stemmestyring\\\/#wooCommerceProduct\",\"name\":\"DroiX G10S bakgrunnsbelyst luftmus med stemmestyring\",\"description\":\"2,4 GHz tr\\u00e5dl\\u00f8s tilkobling\\n \\tG\\u00e5r p\\u00e5 AAA-batterier.\\n \\tBakgrunnsbelyste knapper\\n \\tInnebygd mikrofon\\n \\tLett og ergonomisk design.\",\"url\":\"https:\\\/\\\/droix.eu\\\/no\\\/product\\\/droix-g10s-bakgrunnsbelyst-luftmus-med-stemmestyring\\\/\",\"sku\":\"DROIX-G10S\",\"gtin\":\"5060763670440\",\"image\":{\"@type\":\"ImageObject\",\"url\":\"https:\\\/\\\/droix.eu\\\/wp-content\\\/uploads\\\/2021\\\/12\\\/G10S-LISTING-PICTURE-1.png\",\"@id\":\"https:\\\/\\\/droix.eu\\\/no\\\/product\\\/droix-g10s-bakgrunnsbelyst-luftmus-med-stemmestyring\\\/#productImage\",\"width\":1000,\"height\":1000,\"caption\":\"DroiX G10S bakbelyst luftmus - vist fra forsiden\"},\"offers\":{\"@type\":\"Offer\",\"url\":\"https:\\\/\\\/droix.eu\\\/no\\\/product\\\/droix-g10s-bakgrunnsbelyst-luftmus-med-stemmestyring\\\/#wooCommerceOffer\",\"price\":11.01,\"priceCurrency\":\"EUR\",\"category\":\"Tilbeh\\u00f8r\",\"availability\":\"https:\\\/\\\/schema.org\\\/OutOfStock\",\"priceSpecification\":{\"@type\":\"PriceSpecification\",\"price\":11.01,\"priceCurrency\":\"EUR\",\"valueAddedTaxIncluded\":\"true\"},\"seller\":{\"@type\":\"Organization\",\"@id\":\"https:\\\/\\\/droix.eu\\\/no\\\/#organization\"}}},{\"@type\":\"WebPage\",\"@id\":\"https:\\\/\\\/droix.eu\\\/no\\\/product\\\/droix-g10s-bakgrunnsbelyst-luftmus-med-stemmestyring\\\/#webpage\",\"url\":\"https:\\\/\\\/droix.eu\\\/no\\\/product\\\/droix-g10s-bakgrunnsbelyst-luftmus-med-stemmestyring\\\/\",\"name\":\"DroiX G10S bakgrunnsbelyst luftmus med stemmestyring - DROIX EU\",\"description\":\"2,4 GHz tr\\u00e5dl\\u00f8s tilkobling G\\u00e5r p\\u00e5 AAA-batterier. Bakgrunnsbelyste knapper Innebygd mikrofon Lett og ergonomisk design. Pakken inkluderer 1x DroiX G10S Air-Mouse\\\/li>. 1x 2,4 GHz RF USB-dongle 1x brukerh\\u00e5ndbok\",\"inLanguage\":\"nb-NO\",\"isPartOf\":{\"@id\":\"https:\\\/\\\/droix.eu\\\/no\\\/#website\"},\"breadcrumb\":{\"@id\":\"https:\\\/\\\/droix.eu\\\/no\\\/product\\\/droix-g10s-bakgrunnsbelyst-luftmus-med-stemmestyring\\\/#breadcrumblist\"},\"image\":{\"@type\":\"ImageObject\",\"url\":\"https:\\\/\\\/droix.eu\\\/wp-content\\\/uploads\\\/2021\\\/12\\\/G10S-LISTING-PICTURE-1.png\",\"@id\":\"https:\\\/\\\/droix.eu\\\/no\\\/product\\\/droix-g10s-bakgrunnsbelyst-luftmus-med-stemmestyring\\\/#mainImage\",\"width\":1000,\"height\":1000,\"caption\":\"DroiX G10S bakbelyst luftmus - vist fra forsiden\"},\"primaryImageOfPage\":{\"@id\":\"https:\\\/\\\/droix.eu\\\/no\\\/product\\\/droix-g10s-bakgrunnsbelyst-luftmus-med-stemmestyring\\\/#mainImage\"},\"datePublished\":\"2020-11-17T11:23:03+00:00\",\"dateModified\":\"2026-01-22T14:33:03+00:00\"},{\"@type\":\"WebSite\",\"@id\":\"https:\\\/\\\/droix.eu\\\/no\\\/#website\",\"url\":\"https:\\\/\\\/droix.eu\\\/no\\\/\",\"name\":\"DROIX EU\",\"description\":\"Get the latest Mini PCs, Ultrabook, PC Gaming Handhelds and more!\",\"inLanguage\":\"nb-NO\",\"publisher\":{\"@id\":\"https:\\\/\\\/droix.eu\\\/no\\\/#organization\"}}]}\n\t\t<\/script>\n\t\t<!-- All in One SEO Pro -->\r\n\t\t<title>DroiX G10S bakgrunnsbelyst luftmus med stemmestyring - DROIX EU<\/title>\n\n","aioseo_head_json":{"title":"DroiX G10S bakgrunnsbelyst luftmus med stemmestyring - DROIX EU","description":"2,4 GHz tr\u00e5dl\u00f8s tilkobling G\u00e5r p\u00e5 AAA-batterier. Bakgrunnsbelyste knapper Innebygd mikrofon Lett og ergonomisk design. Pakken inkluderer 1x DroiX G10S Air-Mouse\/li>. 1x 2,4 GHz RF USB-dongle 1x brukerh\u00e5ndbok","canonical_url":"https:\/\/droix.eu\/no\/product\/droix-g10s-bakgrunnsbelyst-luftmus-med-stemmestyring\/","robots":"max-image-preview:large","keywords":"","webmasterTools":{"miscellaneous":""},"schema":{"@context":"https:\/\/schema.org","@graph":[{"@type":"BreadcrumbList","@id":"https:\/\/droix.eu\/no\/product\/droix-g10s-bakgrunnsbelyst-luftmus-med-stemmestyring\/#breadcrumblist","itemListElement":[{"@type":"ListItem","@id":"https:\/\/droix.eu\/no\/#listItem","position":1,"name":"Home","item":"https:\/\/droix.eu\/no\/","nextItem":{"@type":"ListItem","@id":"https:\/\/droix.eu\/no\/product-category\/tilbehor-no\/#listItem","name":"Tilbeh\u00f8r"}},{"@type":"ListItem","@id":"https:\/\/droix.eu\/no\/product-category\/tilbehor-no\/#listItem","position":2,"name":"Tilbeh\u00f8r","item":"https:\/\/droix.eu\/no\/product-category\/tilbehor-no\/","nextItem":{"@type":"ListItem","@id":"https:\/\/droix.eu\/no\/product-category\/tilbehor-no\/tilbehor-til-android-tv-bokser\/#listItem","name":"Tilbeh\u00f8r til Android TV-bokser"},"previousItem":{"@type":"ListItem","@id":"https:\/\/droix.eu\/no\/#listItem","name":"Home"}},{"@type":"ListItem","@id":"https:\/\/droix.eu\/no\/product-category\/tilbehor-no\/tilbehor-til-android-tv-bokser\/#listItem","position":3,"name":"Tilbeh\u00f8r til Android TV-bokser","item":"https:\/\/droix.eu\/no\/product-category\/tilbehor-no\/tilbehor-til-android-tv-bokser\/","nextItem":{"@type":"ListItem","@id":"https:\/\/droix.eu\/no\/product\/droix-g10s-bakgrunnsbelyst-luftmus-med-stemmestyring\/#listItem","name":"DroiX G10S bakgrunnsbelyst luftmus med stemmestyring"},"previousItem":{"@type":"ListItem","@id":"https:\/\/droix.eu\/no\/product-category\/tilbehor-no\/#listItem","name":"Tilbeh\u00f8r"}},{"@type":"ListItem","@id":"https:\/\/droix.eu\/no\/product\/droix-g10s-bakgrunnsbelyst-luftmus-med-stemmestyring\/#listItem","position":4,"name":"DroiX G10S bakgrunnsbelyst luftmus med stemmestyring","previousItem":{"@type":"ListItem","@id":"https:\/\/droix.eu\/no\/product-category\/tilbehor-no\/tilbehor-til-android-tv-bokser\/#listItem","name":"Tilbeh\u00f8r til Android TV-bokser"}}]},{"@type":"Organization","@id":"https:\/\/droix.eu\/no\/#organization","name":"DroiX \u2013 Trusted EU Tech Retailer with 12+ Years Experience","description":"DroiX is a leading European technology retailer with over 12 years of experience, offering quality mini PCs, handheld gaming consoles, and tech accessories. We provide hassle-free EU delivery with all taxes included, ensuring a smooth and reliable shopping experience for our customers across Europe.","url":"https:\/\/droix.eu\/no\/","logo":{"@type":"ImageObject","url":"https:\/\/droix.eu\/wp-content\/uploads\/2024\/06\/droix-v2-light-logo.png","@id":"https:\/\/droix.eu\/no\/product\/droix-g10s-bakgrunnsbelyst-luftmus-med-stemmestyring\/#organizationLogo","width":380,"height":118},"image":{"@id":"https:\/\/droix.eu\/no\/product\/droix-g10s-bakgrunnsbelyst-luftmus-med-stemmestyring\/#organizationLogo"},"sameAs":["https:\/\/www.facebook.com\/DroiX.Store","https:\/\/twitter.com\/DroiX_Store","https:\/\/www.instagram.com\/droix.store\/","https:\/\/www.tiktok.com\/@droix.store","https:\/\/www.youtube.com\/c\/DroiX_Store","https:\/\/uk.linkedin.com\/company\/droix"]},{"@type":"Product","@id":"https:\/\/droix.eu\/no\/product\/droix-g10s-bakgrunnsbelyst-luftmus-med-stemmestyring\/#wooCommerceProduct","name":"DroiX G10S bakgrunnsbelyst luftmus med stemmestyring","description":"2,4 GHz tr\u00e5dl\u00f8s tilkobling\n \tG\u00e5r p\u00e5 AAA-batterier.\n \tBakgrunnsbelyste knapper\n \tInnebygd mikrofon\n \tLett og ergonomisk design.","url":"https:\/\/droix.eu\/no\/product\/droix-g10s-bakgrunnsbelyst-luftmus-med-stemmestyring\/","sku":"DROIX-G10S","gtin":"5060763670440","image":{"@type":"ImageObject","url":"https:\/\/droix.eu\/wp-content\/uploads\/2021\/12\/G10S-LISTING-PICTURE-1.png","@id":"https:\/\/droix.eu\/no\/product\/droix-g10s-bakgrunnsbelyst-luftmus-med-stemmestyring\/#productImage","width":1000,"height":1000,"caption":"DroiX G10S bakbelyst luftmus - vist fra forsiden"},"offers":{"@type":"Offer","url":"https:\/\/droix.eu\/no\/product\/droix-g10s-bakgrunnsbelyst-luftmus-med-stemmestyring\/#wooCommerceOffer","price":11.01,"priceCurrency":"EUR","category":"Tilbeh\u00f8r","availability":"https:\/\/schema.org\/OutOfStock","priceSpecification":{"@type":"PriceSpecification","price":11.01,"priceCurrency":"EUR","valueAddedTaxIncluded":"true"},"seller":{"@type":"Organization","@id":"https:\/\/droix.eu\/no\/#organization"}}},{"@type":"WebPage","@id":"https:\/\/droix.eu\/no\/product\/droix-g10s-bakgrunnsbelyst-luftmus-med-stemmestyring\/#webpage","url":"https:\/\/droix.eu\/no\/product\/droix-g10s-bakgrunnsbelyst-luftmus-med-stemmestyring\/","name":"DroiX G10S bakgrunnsbelyst luftmus med stemmestyring - DROIX EU","description":"2,4 GHz tr\u00e5dl\u00f8s tilkobling G\u00e5r p\u00e5 AAA-batterier. Bakgrunnsbelyste knapper Innebygd mikrofon Lett og ergonomisk design. Pakken inkluderer 1x DroiX G10S Air-Mouse\/li>. 1x 2,4 GHz RF USB-dongle 1x brukerh\u00e5ndbok","inLanguage":"nb-NO","isPartOf":{"@id":"https:\/\/droix.eu\/no\/#website"},"breadcrumb":{"@id":"https:\/\/droix.eu\/no\/product\/droix-g10s-bakgrunnsbelyst-luftmus-med-stemmestyring\/#breadcrumblist"},"image":{"@type":"ImageObject","url":"https:\/\/droix.eu\/wp-content\/uploads\/2021\/12\/G10S-LISTING-PICTURE-1.png","@id":"https:\/\/droix.eu\/no\/product\/droix-g10s-bakgrunnsbelyst-luftmus-med-stemmestyring\/#mainImage","width":1000,"height":1000,"caption":"DroiX G10S bakbelyst luftmus - vist fra forsiden"},"primaryImageOfPage":{"@id":"https:\/\/droix.eu\/no\/product\/droix-g10s-bakgrunnsbelyst-luftmus-med-stemmestyring\/#mainImage"},"datePublished":"2020-11-17T11:23:03+00:00","dateModified":"2026-01-22T14:33:03+00:00"},{"@type":"WebSite","@id":"https:\/\/droix.eu\/no\/#website","url":"https:\/\/droix.eu\/no\/","name":"DROIX EU","description":"Get the latest Mini PCs, Ultrabook, PC Gaming Handhelds and more!","inLanguage":"nb-NO","publisher":{"@id":"https:\/\/droix.eu\/no\/#organization"}}]},"og:locale":"nb_NO","og:site_name":"DROIX EU - Get the latest Mini PCs, Ultrabook, PC Gaming Handhelds and more!","og:type":"article","og:title":"DroiX G10S bakgrunnsbelyst luftmus med stemmestyring - DROIX EU","og:description":"2,4 GHz tr\u00e5dl\u00f8s tilkobling G\u00e5r p\u00e5 AAA-batterier. Bakgrunnsbelyste knapper Innebygd mikrofon Lett og ergonomisk design. Pakken inkluderer 1x DroiX G10S Air-Mouse\/li&gt;. 1x 2,4 GHz RF USB-dongle 1x brukerh\u00e5ndbok","og:url":"https:\/\/droix.eu\/no\/product\/droix-g10s-bakgrunnsbelyst-luftmus-med-stemmestyring\/","og:image":"https:\/\/droix.eu\/wp-content\/uploads\/2024\/06\/droix-v2-light-logo.png","og:image:secure_url":"https:\/\/droix.eu\/wp-content\/uploads\/2024\/06\/droix-v2-light-logo.png","og:image:width":380,"og:image:height":118,"article:published_time":"2020-11-17T11:23:03+00:00","article:modified_time":"2026-01-22T14:33:03+00:00","article:publisher":"https:\/\/www.facebook.com\/DroiX.Store","twitter:card":"summary_large_image","twitter:site":"@DroiX_Store","twitter:title":"DroiX G10S bakgrunnsbelyst luftmus med stemmestyring - DROIX EU","twitter:description":"2,4 GHz tr\u00e5dl\u00f8s tilkobling G\u00e5r p\u00e5 AAA-batterier. Bakgrunnsbelyste knapper Innebygd mikrofon Lett og ergonomisk design. Pakken inkluderer 1x DroiX G10S Air-Mouse\/li&gt;. 1x 2,4 GHz RF USB-dongle 1x brukerh\u00e5ndbok","twitter:image":"https:\/\/droix.eu\/wp-content\/uploads\/2024\/06\/droix-v2-light-logo.png"},"aioseo_meta_data":{"post_id":"551459","title":null,"description":null,"keywords":null,"keyphrases":null,"primary_term":null,"canonical_url":null,"og_title":null,"og_description":null,"og_object_type":"default","og_image_type":"default","og_image_url":null,"og_image_width":null,"og_image_height":null,"og_image_custom_url":null,"og_image_custom_fields":null,"og_video":null,"og_custom_url":null,"og_article_section":null,"og_article_tags":null,"twitter_use_og":true,"twitter_card":"default","twitter_image_type":"default","twitter_image_url":null,"twitter_image_custom_url":null,"twitter_image_custom_fields":null,"twitter_title":null,"twitter_description":null,"schema":{"blockGraphs":[],"customGraphs":[],"default":{"data":{"Article":[],"Course":[],"Dataset":[],"FAQPage":[],"Movie":[],"Person":[],"Product":[],"ProductReview":[],"Car":[],"Recipe":[],"Service":[],"SoftwareApplication":[],"WebPage":[]},"graphName":"","isEnabled":true},"graphs":[]},"schema_type":"default","schema_type_options":null,"pillar_content":false,"robots_default":true,"robots_noindex":false,"robots_noarchive":false,"robots_nosnippet":false,"robots_nofollow":false,"robots_noimageindex":false,"robots_noodp":false,"robots_notranslate":false,"robots_max_snippet":null,"robots_max_videopreview":null,"robots_max_imagepreview":"large","priority":null,"frequency":null,"local_seo":null,"seo_analyzer_scan_date":"2025-10-24 07:50:03","breadcrumb_settings":null,"limit_modified_date":false,"reviewed_by":null,"open_ai":null,"ai":null,"created":"2025-10-09 03:26:55","updated":"2026-01-24 09:15:58"},"aioseo_breadcrumb":"<div class=\"aioseo-breadcrumbs\"><span class=\"aioseo-breadcrumb\">\n\t<a href=\"https:\/\/droix.eu\/no\/\" title=\"Home\">Home<\/a>\n<\/span><span class=\"aioseo-breadcrumb-separator\">&raquo;<\/span><span class=\"aioseo-breadcrumb\">\n\t<a href=\"https:\/\/droix.eu\/no\/product-category\/tilbehor-no\/\" title=\"Tilbeh\u00f8r\">Tilbeh\u00f8r<\/a>\n<\/span><span class=\"aioseo-breadcrumb-separator\">&raquo;<\/span><span class=\"aioseo-breadcrumb\">\n\t<a href=\"https:\/\/droix.eu\/no\/product-category\/tilbehor-no\/tilbehor-til-android-tv-bokser\/\" title=\"Tilbeh\u00f8r til Android TV-bokser\">Tilbeh\u00f8r til Android TV-bokser<\/a>\n<\/span><span class=\"aioseo-breadcrumb-separator\">&raquo;<\/span><span class=\"aioseo-breadcrumb\">\n\tDroiX G10S bakgrunnsbelyst luftmus med stemmestyring\n<\/span><\/div>","aioseo_breadcrumb_json":[{"label":"Home","link":"https:\/\/droix.eu\/no\/"},{"label":"Tilbeh\u00f8r","link":"https:\/\/droix.eu\/no\/product-category\/tilbehor-no\/"},{"label":"Tilbeh\u00f8r til Android TV-bokser","link":"https:\/\/droix.eu\/no\/product-category\/tilbehor-no\/tilbehor-til-android-tv-bokser\/"},{"label":"DroiX G10S bakgrunnsbelyst luftmus med stemmestyring","link":"https:\/\/droix.eu\/no\/product\/droix-g10s-bakgrunnsbelyst-luftmus-med-stemmestyring\/"}],"_links":{"self":[{"href":"https:\/\/droix.eu\/no\/wp-json\/wp\/v2\/product\/551459","targetHints":{"allow":["GET"]}}],"collection":[{"href":"https:\/\/droix.eu\/no\/wp-json\/wp\/v2\/product"}],"about":[{"href":"https:\/\/droix.eu\/no\/wp-json\/wp\/v2\/types\/product"}],"version-history":[{"count":0,"href":"https:\/\/droix.eu\/no\/wp-json\/wp\/v2\/product\/551459\/revisions"}],"wp:featuredmedia":[{"embeddable":true,"href":"https:\/\/droix.eu\/no\/wp-json\/wp\/v2\/media\/220348"}],"wp:attachment":[{"href":"https:\/\/droix.eu\/no\/wp-json\/wp\/v2\/media?parent=551459"}],"wp:term":[{"taxonomy":"product_brand","embeddable":true,"href":"https:\/\/droix.eu\/no\/wp-json\/wp\/v2\/product_brand?post=551459"},{"taxonomy":"product_cat","embeddable":true,"href":"https:\/\/droix.eu\/no\/wp-json\/wp\/v2\/product_cat?post=551459"},{"taxonomy":"product_tag","embeddable":true,"href":"https:\/\/droix.eu\/no\/wp-json\/wp\/v2\/product_tag?post=551459"},{"taxonomy":"woo-feed-brand","embeddable":true,"href":"https:\/\/droix.eu\/no\/wp-json\/wp\/v2\/woo-feed-brand?post=551459"},{"taxonomy":"key-features","embeddable":true,"href":"https:\/\/droix.eu\/no\/wp-json\/wp\/v2\/key-features?post=551459"}],"curies":[{"name":"wp","href":"https:\/\/api.w.org\/{rel}","templated":true}]}}