{"id":513968,"date":"2023-03-15T09:42:16","date_gmt":"2023-03-15T09:42:16","guid":{"rendered":"https:\/\/droix.eu\/product\/gpd-win-4-skjermbeskytter\/"},"modified":"2026-04-09T23:38:20","modified_gmt":"2026-04-09T22:38:20","slug":"gpd-win-4-skjermbeskytter","status":"publish","type":"product","link":"https:\/\/droix.eu\/no\/product\/gpd-win-4-skjermbeskytter\/","title":{"rendered":"GPD WIN 4 skjermbeskytter"},"content":{"rendered":"&#13;\n<p>Vi presenterer <strong>GPD WIN 4 skjermbeskytter<\/strong>, det perfekte tilskuddet til din h\u00e5ndholdte spillenhet. Denne skjermbeskytteren er laget av materialer av h\u00f8y kvalitet og gir overlegen beskyttelse mot riper, st\u00f8v og andre vanlige farer som kan skade enheten din. Denne skjermbeskytteren er <strong>designet spesielt for GPD WIN 4<\/strong>, og har presise utskj\u00e6ringer og perfekt passform som ikke forstyrrer enhetens ber\u00f8ringsf\u00f8lsomhet eller klarhet. Den ultratynne designen p\u00e5virker ikke enhetens opprinnelige utseende og f\u00f8lelse. Denne skjermbeskytteren er enkel \u00e5 montere og fjerne uten \u00e5 etterlate rester eller merker, noe som sikrer at din GPD WIN 4 forblir i perfekt stand.<\/p>&#13;\n","protected":false},"excerpt":{"rendered":"<ul>\n<li>Designet av <strong>GPD<\/strong><\/li>\n<li><strong>Kompatibel<\/strong> med <strong>GPD WIN 4<\/strong><\/li>\n<li>Beskytter mot riper og st\u00f8v<\/li>\n<li>Enkel \u00e5 installere og fjerne<\/li>\n<li>Materiale av <strong>h\u00f8y kvalitet<\/strong> <\/li>\n<\/ul>\n[cg_accordion title=\"2 \u00e5rs garanti p\u00e5 alle GPD-produkter\"]<\/p>\n<p>Alle GPD-produkter leveres med 2 \u00e5rs garanti og er st\u00f8ttet av over 13 \u00e5rs p\u00e5litelig service. Bli en del av v\u00e5rt fellesskap med over 500 000 forn\u00f8yde kunder og f\u00f8l deg trygg p\u00e5 kj\u00f8pet ditt. [\/cg_accordion]\n[cg_accordion title=\"Fleksible og sikre betalingsalternativer\"]<\/p>\n<p>Du kan f\u00f8le deg trygg med v\u00e5rt sikre betalingssystem. Vi st\u00f8tter alle de viktigste betalingsmetodene, inkludert debet- og kredittkort, PayPal, Apple Pay, Google Pay, Klarna, Afterpay og Affirm &#8211; noe som gir deg friheten til \u00e5 betale p\u00e5 din m\u00e5te, enten det er p\u00e5 forskudd eller i enkle avdrag. [\/cg_accordion]\n[cg_accordion title=\"Skatter og avgifter\"]<\/p>\n<p>Prisene inkluderer gjeldende merverdiavgift, som kan v\u00e6re opptil 25 % avhengig av hvilket land du befinner deg i. Det n\u00f8yaktige bel\u00f8pet vises i kassen for \u00e5 sikre full \u00e5penhet. [\/cg_accordion]\n[cg_accordion title=\"Frakt og retur\"]<\/p>\n<p>Vi samarbeider med over 10 p\u00e5litelige fraktpartnere for \u00e5 sikre at bestillingen din kommer frem raskt, trygt og p\u00e5litelig.<\/p>\n<p>Vi bruker Express DDP-frakt (Delivered Duty Paid). Dette betyr at <\/p>\n<li>Alle tollavgifter og skatter er allerede inkludert i den viste produktprisen.<\/li>\n<li>Du slipper \u00e5 bli stilt overfor overraskende kostnader ved levering.<\/li>\n<li>I sjeldne tilfeller av forsinkelser i tollbehandlingen vil v\u00e5rt team h\u00e5ndtere fortollingsprosessen for deg for \u00e5 sikre en problemfri levering.<\/li>\n<p>Viktig informasjon om retur:<\/p>\n<li>Hvis du returnerer bestillingen din eller ber om refusjon, m\u00e5 du v\u00e6re oppmerksom p\u00e5 at eventuelle skatter og avgifter som er betalt p\u00e5 dine vegne i henhold til DDP-vilk\u00e5rene, ikke refunderes.<\/li>\n<p>Se v\u00e5re <a href=\"https:\/\/droix.eu\/no\/vilkar-og-betingelser\/\" target=\"_blank\" rel=\"nofollow noopener\">vilk\u00e5r og betingelser<\/a> for detaljert informasjon.\n<\/ul>\n<p>[\/cg_accordion]\n[cg_accordion title=\"Kundest\u00f8tte\"]<\/p>\n<p>Har du et sp\u00f8rsm\u00e5l? Vi er bare en kort tekstmelding unna \u00e5 l\u00f8se problemet ditt! [\/cg_accordion]\n[cg_accordion title=\"Pakken inkluderer\"]<\/p>\n<ul>\n<li>1x skjermbeskytter<\/li>\n<\/ul>\n<p>[\/cg_accordion]\n","protected":false},"featured_media":352559,"template":"","meta":{"_acf_changed":false},"product_brand":[],"product_cat":[13104,12964],"product_tag":[],"woo-feed-brand":[2198],"key-features":[],"class_list":{"0":"post-513968","1":"product","2":"type-product","3":"status-publish","4":"has-post-thumbnail","6":"product_cat-spilltilbehor","7":"product_cat-tilbehor-no","8":"product_shipping_class-low-end","9":"pa_accessory-type-screen-protector","10":"pa_brands-gpd-no","11":"pa_compatibility-gpd-win-4-no","12":"woo-feed-brand-gpd","14":"first","15":"outofstock","16":"taxable","17":"shipping-taxable","18":"purchasable","19":"product-type-simple"},"acf":[],"aioseo_notices":[],"aioseo_head":"\n\t\t<!-- All in One SEO Pro 4.9.5.2 - aioseo.com -->\n\t<meta name=\"description\" content=\"Designet av GPD Kompatibel med GPD WIN 4 Beskytter mot riper og st\u00f8v Enkel \u00e5 installere og fjerne Materiale av h\u00f8y kvalitet\" \/>\n\t<meta name=\"robots\" content=\"max-image-preview:large\" \/>\n\t<link rel=\"canonical\" href=\"https:\/\/droix.eu\/no\/product\/gpd-win-4-skjermbeskytter\/\" \/>\n\t<meta name=\"generator\" content=\"All in One SEO Pro (AIOSEO) 4.9.5.2\" \/>\n\t\t<meta property=\"og:locale\" content=\"nb_NO\" \/>\n\t\t<meta property=\"og:site_name\" content=\"DROIX EU - Get the latest Mini PCs, Ultrabook, PC Gaming Handhelds and more!\" \/>\n\t\t<meta property=\"og:type\" content=\"article\" \/>\n\t\t<meta property=\"og:title\" content=\"GPD WIN 4 skjermbeskytter - DROIX EU\" \/>\n\t\t<meta property=\"og:description\" content=\"Designet av GPD Kompatibel med GPD WIN 4 Beskytter mot riper og st\u00f8v Enkel \u00e5 installere og fjerne Materiale av h\u00f8y kvalitet\" \/>\n\t\t<meta property=\"og:url\" content=\"https:\/\/droix.eu\/no\/product\/gpd-win-4-skjermbeskytter\/\" \/>\n\t\t<meta property=\"og:image\" content=\"https:\/\/droix.eu\/wp-content\/uploads\/2024\/06\/droix-v2-light-logo.png\" \/>\n\t\t<meta property=\"og:image:secure_url\" content=\"https:\/\/droix.eu\/wp-content\/uploads\/2024\/06\/droix-v2-light-logo.png\" \/>\n\t\t<meta property=\"og:image:width\" content=\"380\" \/>\n\t\t<meta property=\"og:image:height\" content=\"118\" \/>\n\t\t<meta property=\"article:published_time\" content=\"2023-03-15T09:42:16+00:00\" \/>\n\t\t<meta property=\"article:modified_time\" content=\"2026-04-09T22:38:20+00:00\" \/>\n\t\t<meta property=\"article:publisher\" content=\"https:\/\/www.facebook.com\/DroiX.Store\" \/>\n\t\t<meta name=\"twitter:card\" content=\"summary_large_image\" \/>\n\t\t<meta name=\"twitter:site\" content=\"@DroiX_Store\" \/>\n\t\t<meta name=\"twitter:title\" content=\"GPD WIN 4 skjermbeskytter - DROIX EU\" \/>\n\t\t<meta name=\"twitter:description\" content=\"Designet av GPD Kompatibel med GPD WIN 4 Beskytter mot riper og st\u00f8v Enkel \u00e5 installere og fjerne Materiale av h\u00f8y kvalitet\" \/>\n\t\t<meta name=\"twitter:image\" content=\"https:\/\/droix.eu\/wp-content\/uploads\/2024\/06\/droix-v2-light-logo.png\" \/>\n\t\t<script type=\"application\/ld+json\" class=\"aioseo-schema\">\n\t\t\t{\"@context\":\"https:\\\/\\\/schema.org\",\"@graph\":[{\"@type\":\"BreadcrumbList\",\"@id\":\"https:\\\/\\\/droix.eu\\\/no\\\/product\\\/gpd-win-4-skjermbeskytter\\\/#breadcrumblist\",\"itemListElement\":[{\"@type\":\"ListItem\",\"@id\":\"https:\\\/\\\/droix.eu\\\/no\\\/#listItem\",\"position\":1,\"name\":\"Home\",\"item\":\"https:\\\/\\\/droix.eu\\\/no\\\/\",\"nextItem\":{\"@type\":\"ListItem\",\"@id\":\"https:\\\/\\\/droix.eu\\\/no\\\/product-category\\\/tilbehor-no\\\/#listItem\",\"name\":\"Tilbeh\\u00f8r\"}},{\"@type\":\"ListItem\",\"@id\":\"https:\\\/\\\/droix.eu\\\/no\\\/product-category\\\/tilbehor-no\\\/#listItem\",\"position\":2,\"name\":\"Tilbeh\\u00f8r\",\"item\":\"https:\\\/\\\/droix.eu\\\/no\\\/product-category\\\/tilbehor-no\\\/\",\"nextItem\":{\"@type\":\"ListItem\",\"@id\":\"https:\\\/\\\/droix.eu\\\/no\\\/product-category\\\/tilbehor-no\\\/spilltilbehor\\\/#listItem\",\"name\":\"Spilltilbeh\\u00f8r\"},\"previousItem\":{\"@type\":\"ListItem\",\"@id\":\"https:\\\/\\\/droix.eu\\\/no\\\/#listItem\",\"name\":\"Home\"}},{\"@type\":\"ListItem\",\"@id\":\"https:\\\/\\\/droix.eu\\\/no\\\/product-category\\\/tilbehor-no\\\/spilltilbehor\\\/#listItem\",\"position\":3,\"name\":\"Spilltilbeh\\u00f8r\",\"item\":\"https:\\\/\\\/droix.eu\\\/no\\\/product-category\\\/tilbehor-no\\\/spilltilbehor\\\/\",\"nextItem\":{\"@type\":\"ListItem\",\"@id\":\"https:\\\/\\\/droix.eu\\\/no\\\/product\\\/gpd-win-4-skjermbeskytter\\\/#listItem\",\"name\":\"GPD WIN 4 skjermbeskytter\"},\"previousItem\":{\"@type\":\"ListItem\",\"@id\":\"https:\\\/\\\/droix.eu\\\/no\\\/product-category\\\/tilbehor-no\\\/#listItem\",\"name\":\"Tilbeh\\u00f8r\"}},{\"@type\":\"ListItem\",\"@id\":\"https:\\\/\\\/droix.eu\\\/no\\\/product\\\/gpd-win-4-skjermbeskytter\\\/#listItem\",\"position\":4,\"name\":\"GPD WIN 4 skjermbeskytter\",\"previousItem\":{\"@type\":\"ListItem\",\"@id\":\"https:\\\/\\\/droix.eu\\\/no\\\/product-category\\\/tilbehor-no\\\/spilltilbehor\\\/#listItem\",\"name\":\"Spilltilbeh\\u00f8r\"}}]},{\"@type\":\"Organization\",\"@id\":\"https:\\\/\\\/droix.eu\\\/no\\\/#organization\",\"name\":\"DroiX \\u2013 Trusted EU Tech Retailer with 12+ Years Experience\",\"description\":\"DroiX is a leading European technology retailer with over 12 years of experience, offering quality mini PCs, handheld gaming consoles, and tech accessories. We provide hassle-free EU delivery with all taxes included, ensuring a smooth and reliable shopping experience for our customers across Europe.\",\"url\":\"https:\\\/\\\/droix.eu\\\/no\\\/\",\"logo\":{\"@type\":\"ImageObject\",\"url\":\"https:\\\/\\\/droix.eu\\\/wp-content\\\/uploads\\\/2024\\\/06\\\/droix-v2-light-logo.png\",\"@id\":\"https:\\\/\\\/droix.eu\\\/no\\\/product\\\/gpd-win-4-skjermbeskytter\\\/#organizationLogo\",\"width\":380,\"height\":118},\"image\":{\"@id\":\"https:\\\/\\\/droix.eu\\\/no\\\/product\\\/gpd-win-4-skjermbeskytter\\\/#organizationLogo\"},\"sameAs\":[\"https:\\\/\\\/www.facebook.com\\\/DroiX.Store\",\"https:\\\/\\\/twitter.com\\\/DroiX_Store\",\"https:\\\/\\\/www.instagram.com\\\/droix.store\\\/\",\"https:\\\/\\\/www.tiktok.com\\\/@droix.store\",\"https:\\\/\\\/www.youtube.com\\\/c\\\/DroiX_Store\",\"https:\\\/\\\/uk.linkedin.com\\\/company\\\/droix\"]},{\"@type\":\"Product\",\"@id\":\"https:\\\/\\\/droix.eu\\\/no\\\/product\\\/gpd-win-4-skjermbeskytter\\\/#wooCommerceProduct\",\"name\":\"GPD WIN 4 skjermbeskytter\",\"description\":\"Designet av GPD\\nKompatibel med GPD WIN 4\\nBeskytter mot riper og st\\u00f8v\\nEnkel \\u00e5 installere og fjerne\\nMateriale av h\\u00f8y kvalitet\",\"url\":\"https:\\\/\\\/droix.eu\\\/no\\\/product\\\/gpd-win-4-skjermbeskytter\\\/\",\"sku\":\"GPD-WIN-4-SCREEN-PROTECTOR\",\"gtin\":\"5060763672529\",\"image\":{\"@type\":\"ImageObject\",\"url\":\"https:\\\/\\\/droix.eu\\\/wp-content\\\/uploads\\\/2023\\\/03\\\/GPD-WIN-4_SCREEN_PROTECTOR-DONE-WEBSITE-LISTING-IMAGE-1.png\",\"@id\":\"https:\\\/\\\/droix.eu\\\/no\\\/product\\\/gpd-win-4-skjermbeskytter\\\/#productImage\",\"width\":1000,\"height\":1000},\"offers\":{\"@type\":\"Offer\",\"url\":\"https:\\\/\\\/droix.eu\\\/no\\\/product\\\/gpd-win-4-skjermbeskytter\\\/#wooCommerceOffer\",\"price\":2.4,\"priceCurrency\":\"EUR\",\"category\":\"Spilltilbeh\\u00f8r\",\"availability\":\"https:\\\/\\\/schema.org\\\/OutOfStock\",\"priceSpecification\":{\"@type\":\"PriceSpecification\",\"price\":2.4,\"priceCurrency\":\"EUR\",\"valueAddedTaxIncluded\":\"true\"},\"seller\":{\"@type\":\"Organization\",\"@id\":\"https:\\\/\\\/droix.eu\\\/no\\\/#organization\"}}},{\"@type\":\"WebPage\",\"@id\":\"https:\\\/\\\/droix.eu\\\/no\\\/product\\\/gpd-win-4-skjermbeskytter\\\/#webpage\",\"url\":\"https:\\\/\\\/droix.eu\\\/no\\\/product\\\/gpd-win-4-skjermbeskytter\\\/\",\"name\":\"GPD WIN 4 skjermbeskytter - DROIX EU\",\"description\":\"Designet av GPD Kompatibel med GPD WIN 4 Beskytter mot riper og st\\u00f8v Enkel \\u00e5 installere og fjerne Materiale av h\\u00f8y kvalitet\",\"inLanguage\":\"nb-NO\",\"isPartOf\":{\"@id\":\"https:\\\/\\\/droix.eu\\\/no\\\/#website\"},\"breadcrumb\":{\"@id\":\"https:\\\/\\\/droix.eu\\\/no\\\/product\\\/gpd-win-4-skjermbeskytter\\\/#breadcrumblist\"},\"image\":{\"@type\":\"ImageObject\",\"url\":\"https:\\\/\\\/droix.eu\\\/wp-content\\\/uploads\\\/2023\\\/03\\\/GPD-WIN-4_SCREEN_PROTECTOR-DONE-WEBSITE-LISTING-IMAGE-1.png\",\"@id\":\"https:\\\/\\\/droix.eu\\\/no\\\/product\\\/gpd-win-4-skjermbeskytter\\\/#mainImage\",\"width\":1000,\"height\":1000},\"primaryImageOfPage\":{\"@id\":\"https:\\\/\\\/droix.eu\\\/no\\\/product\\\/gpd-win-4-skjermbeskytter\\\/#mainImage\"},\"datePublished\":\"2023-03-15T09:42:16+00:00\",\"dateModified\":\"2026-04-09T23:38:20+01:00\"},{\"@type\":\"WebSite\",\"@id\":\"https:\\\/\\\/droix.eu\\\/no\\\/#website\",\"url\":\"https:\\\/\\\/droix.eu\\\/no\\\/\",\"name\":\"DROIX EU\",\"description\":\"Get the latest Mini PCs, Ultrabook, PC Gaming Handhelds and more!\",\"inLanguage\":\"nb-NO\",\"publisher\":{\"@id\":\"https:\\\/\\\/droix.eu\\\/no\\\/#organization\"}}]}\n\t\t<\/script>\n\t\t<!-- All in One SEO Pro -->\r\n\t\t<title>GPD WIN 4 skjermbeskytter - DROIX EU<\/title>\n\n","aioseo_head_json":{"title":"GPD WIN 4 skjermbeskytter - DROIX EU","description":"Designet av GPD Kompatibel med GPD WIN 4 Beskytter mot riper og st\u00f8v Enkel \u00e5 installere og fjerne Materiale av h\u00f8y kvalitet","canonical_url":"https:\/\/droix.eu\/no\/product\/gpd-win-4-skjermbeskytter\/","robots":"max-image-preview:large","keywords":"","webmasterTools":{"miscellaneous":""},"schema":{"@context":"https:\/\/schema.org","@graph":[{"@type":"BreadcrumbList","@id":"https:\/\/droix.eu\/no\/product\/gpd-win-4-skjermbeskytter\/#breadcrumblist","itemListElement":[{"@type":"ListItem","@id":"https:\/\/droix.eu\/no\/#listItem","position":1,"name":"Home","item":"https:\/\/droix.eu\/no\/","nextItem":{"@type":"ListItem","@id":"https:\/\/droix.eu\/no\/product-category\/tilbehor-no\/#listItem","name":"Tilbeh\u00f8r"}},{"@type":"ListItem","@id":"https:\/\/droix.eu\/no\/product-category\/tilbehor-no\/#listItem","position":2,"name":"Tilbeh\u00f8r","item":"https:\/\/droix.eu\/no\/product-category\/tilbehor-no\/","nextItem":{"@type":"ListItem","@id":"https:\/\/droix.eu\/no\/product-category\/tilbehor-no\/spilltilbehor\/#listItem","name":"Spilltilbeh\u00f8r"},"previousItem":{"@type":"ListItem","@id":"https:\/\/droix.eu\/no\/#listItem","name":"Home"}},{"@type":"ListItem","@id":"https:\/\/droix.eu\/no\/product-category\/tilbehor-no\/spilltilbehor\/#listItem","position":3,"name":"Spilltilbeh\u00f8r","item":"https:\/\/droix.eu\/no\/product-category\/tilbehor-no\/spilltilbehor\/","nextItem":{"@type":"ListItem","@id":"https:\/\/droix.eu\/no\/product\/gpd-win-4-skjermbeskytter\/#listItem","name":"GPD WIN 4 skjermbeskytter"},"previousItem":{"@type":"ListItem","@id":"https:\/\/droix.eu\/no\/product-category\/tilbehor-no\/#listItem","name":"Tilbeh\u00f8r"}},{"@type":"ListItem","@id":"https:\/\/droix.eu\/no\/product\/gpd-win-4-skjermbeskytter\/#listItem","position":4,"name":"GPD WIN 4 skjermbeskytter","previousItem":{"@type":"ListItem","@id":"https:\/\/droix.eu\/no\/product-category\/tilbehor-no\/spilltilbehor\/#listItem","name":"Spilltilbeh\u00f8r"}}]},{"@type":"Organization","@id":"https:\/\/droix.eu\/no\/#organization","name":"DroiX \u2013 Trusted EU Tech Retailer with 12+ Years Experience","description":"DroiX is a leading European technology retailer with over 12 years of experience, offering quality mini PCs, handheld gaming consoles, and tech accessories. We provide hassle-free EU delivery with all taxes included, ensuring a smooth and reliable shopping experience for our customers across Europe.","url":"https:\/\/droix.eu\/no\/","logo":{"@type":"ImageObject","url":"https:\/\/droix.eu\/wp-content\/uploads\/2024\/06\/droix-v2-light-logo.png","@id":"https:\/\/droix.eu\/no\/product\/gpd-win-4-skjermbeskytter\/#organizationLogo","width":380,"height":118},"image":{"@id":"https:\/\/droix.eu\/no\/product\/gpd-win-4-skjermbeskytter\/#organizationLogo"},"sameAs":["https:\/\/www.facebook.com\/DroiX.Store","https:\/\/twitter.com\/DroiX_Store","https:\/\/www.instagram.com\/droix.store\/","https:\/\/www.tiktok.com\/@droix.store","https:\/\/www.youtube.com\/c\/DroiX_Store","https:\/\/uk.linkedin.com\/company\/droix"]},{"@type":"Product","@id":"https:\/\/droix.eu\/no\/product\/gpd-win-4-skjermbeskytter\/#wooCommerceProduct","name":"GPD WIN 4 skjermbeskytter","description":"Designet av GPD\nKompatibel med GPD WIN 4\nBeskytter mot riper og st\u00f8v\nEnkel \u00e5 installere og fjerne\nMateriale av h\u00f8y kvalitet","url":"https:\/\/droix.eu\/no\/product\/gpd-win-4-skjermbeskytter\/","sku":"GPD-WIN-4-SCREEN-PROTECTOR","gtin":"5060763672529","image":{"@type":"ImageObject","url":"https:\/\/droix.eu\/wp-content\/uploads\/2023\/03\/GPD-WIN-4_SCREEN_PROTECTOR-DONE-WEBSITE-LISTING-IMAGE-1.png","@id":"https:\/\/droix.eu\/no\/product\/gpd-win-4-skjermbeskytter\/#productImage","width":1000,"height":1000},"offers":{"@type":"Offer","url":"https:\/\/droix.eu\/no\/product\/gpd-win-4-skjermbeskytter\/#wooCommerceOffer","price":2.4,"priceCurrency":"EUR","category":"Spilltilbeh\u00f8r","availability":"https:\/\/schema.org\/OutOfStock","priceSpecification":{"@type":"PriceSpecification","price":2.4,"priceCurrency":"EUR","valueAddedTaxIncluded":"true"},"seller":{"@type":"Organization","@id":"https:\/\/droix.eu\/no\/#organization"}}},{"@type":"WebPage","@id":"https:\/\/droix.eu\/no\/product\/gpd-win-4-skjermbeskytter\/#webpage","url":"https:\/\/droix.eu\/no\/product\/gpd-win-4-skjermbeskytter\/","name":"GPD WIN 4 skjermbeskytter - DROIX EU","description":"Designet av GPD Kompatibel med GPD WIN 4 Beskytter mot riper og st\u00f8v Enkel \u00e5 installere og fjerne Materiale av h\u00f8y kvalitet","inLanguage":"nb-NO","isPartOf":{"@id":"https:\/\/droix.eu\/no\/#website"},"breadcrumb":{"@id":"https:\/\/droix.eu\/no\/product\/gpd-win-4-skjermbeskytter\/#breadcrumblist"},"image":{"@type":"ImageObject","url":"https:\/\/droix.eu\/wp-content\/uploads\/2023\/03\/GPD-WIN-4_SCREEN_PROTECTOR-DONE-WEBSITE-LISTING-IMAGE-1.png","@id":"https:\/\/droix.eu\/no\/product\/gpd-win-4-skjermbeskytter\/#mainImage","width":1000,"height":1000},"primaryImageOfPage":{"@id":"https:\/\/droix.eu\/no\/product\/gpd-win-4-skjermbeskytter\/#mainImage"},"datePublished":"2023-03-15T09:42:16+00:00","dateModified":"2026-04-09T23:38:20+01:00"},{"@type":"WebSite","@id":"https:\/\/droix.eu\/no\/#website","url":"https:\/\/droix.eu\/no\/","name":"DROIX EU","description":"Get the latest Mini PCs, Ultrabook, PC Gaming Handhelds and more!","inLanguage":"nb-NO","publisher":{"@id":"https:\/\/droix.eu\/no\/#organization"}}]},"og:locale":"nb_NO","og:site_name":"DROIX EU - Get the latest Mini PCs, Ultrabook, PC Gaming Handhelds and more!","og:type":"article","og:title":"GPD WIN 4 skjermbeskytter - DROIX EU","og:description":"Designet av GPD Kompatibel med GPD WIN 4 Beskytter mot riper og st\u00f8v Enkel \u00e5 installere og fjerne Materiale av h\u00f8y kvalitet","og:url":"https:\/\/droix.eu\/no\/product\/gpd-win-4-skjermbeskytter\/","og:image":"https:\/\/droix.eu\/wp-content\/uploads\/2024\/06\/droix-v2-light-logo.png","og:image:secure_url":"https:\/\/droix.eu\/wp-content\/uploads\/2024\/06\/droix-v2-light-logo.png","og:image:width":380,"og:image:height":118,"article:published_time":"2023-03-15T09:42:16+00:00","article:modified_time":"2026-04-09T22:38:20+00:00","article:publisher":"https:\/\/www.facebook.com\/DroiX.Store","twitter:card":"summary_large_image","twitter:site":"@DroiX_Store","twitter:title":"GPD WIN 4 skjermbeskytter - DROIX EU","twitter:description":"Designet av GPD Kompatibel med GPD WIN 4 Beskytter mot riper og st\u00f8v Enkel \u00e5 installere og fjerne Materiale av h\u00f8y kvalitet","twitter:image":"https:\/\/droix.eu\/wp-content\/uploads\/2024\/06\/droix-v2-light-logo.png"},"aioseo_meta_data":{"post_id":"513968","title":null,"description":null,"keywords":null,"keyphrases":null,"primary_term":null,"canonical_url":null,"og_title":null,"og_description":null,"og_object_type":"default","og_image_type":"default","og_image_url":null,"og_image_width":null,"og_image_height":null,"og_image_custom_url":null,"og_image_custom_fields":null,"og_video":null,"og_custom_url":null,"og_article_section":null,"og_article_tags":null,"twitter_use_og":true,"twitter_card":"default","twitter_image_type":"default","twitter_image_url":null,"twitter_image_custom_url":null,"twitter_image_custom_fields":null,"twitter_title":null,"twitter_description":null,"schema":{"blockGraphs":[],"customGraphs":[],"default":{"data":{"Article":[],"Course":[],"Dataset":[],"FAQPage":[],"Movie":[],"Person":[],"Product":[],"ProductReview":[],"Car":[],"Recipe":[],"Service":[],"SoftwareApplication":[],"WebPage":[]},"graphName":"Product","isEnabled":true},"graphs":[]},"schema_type":"default","schema_type_options":null,"pillar_content":false,"robots_default":true,"robots_noindex":false,"robots_noarchive":false,"robots_nosnippet":false,"robots_nofollow":false,"robots_noimageindex":false,"robots_noodp":false,"robots_notranslate":false,"robots_max_snippet":null,"robots_max_videopreview":null,"robots_max_imagepreview":"large","priority":null,"frequency":null,"local_seo":null,"seo_analyzer_scan_date":null,"breadcrumb_settings":null,"limit_modified_date":false,"reviewed_by":null,"open_ai":null,"ai":null,"created":"2025-10-09 04:06:36","updated":"2026-04-09 23:37:20"},"aioseo_breadcrumb":"<div class=\"aioseo-breadcrumbs\"><span class=\"aioseo-breadcrumb\">\n\t<a href=\"https:\/\/droix.eu\/no\/\" title=\"Home\">Home<\/a>\n<\/span><span class=\"aioseo-breadcrumb-separator\">&raquo;<\/span><span class=\"aioseo-breadcrumb\">\n\t<a href=\"https:\/\/droix.eu\/no\/product-category\/tilbehor-no\/\" title=\"Tilbeh\u00f8r\">Tilbeh\u00f8r<\/a>\n<\/span><span class=\"aioseo-breadcrumb-separator\">&raquo;<\/span><span class=\"aioseo-breadcrumb\">\n\t<a href=\"https:\/\/droix.eu\/no\/product-category\/tilbehor-no\/spilltilbehor\/\" title=\"Spilltilbeh\u00f8r\">Spilltilbeh\u00f8r<\/a>\n<\/span><span class=\"aioseo-breadcrumb-separator\">&raquo;<\/span><span class=\"aioseo-breadcrumb\">\n\tGPD WIN 4 skjermbeskytter\n<\/span><\/div>","aioseo_breadcrumb_json":[{"label":"Home","link":"https:\/\/droix.eu\/no\/"},{"label":"Tilbeh\u00f8r","link":"https:\/\/droix.eu\/no\/product-category\/tilbehor-no\/"},{"label":"Spilltilbeh\u00f8r","link":"https:\/\/droix.eu\/no\/product-category\/tilbehor-no\/spilltilbehor\/"},{"label":"GPD WIN 4 skjermbeskytter","link":"https:\/\/droix.eu\/no\/product\/gpd-win-4-skjermbeskytter\/"}],"_links":{"self":[{"href":"https:\/\/droix.eu\/no\/wp-json\/wp\/v2\/product\/513968","targetHints":{"allow":["GET"]}}],"collection":[{"href":"https:\/\/droix.eu\/no\/wp-json\/wp\/v2\/product"}],"about":[{"href":"https:\/\/droix.eu\/no\/wp-json\/wp\/v2\/types\/product"}],"version-history":[{"count":0,"href":"https:\/\/droix.eu\/no\/wp-json\/wp\/v2\/product\/513968\/revisions"}],"wp:featuredmedia":[{"embeddable":true,"href":"https:\/\/droix.eu\/no\/wp-json\/wp\/v2\/media\/352559"}],"wp:attachment":[{"href":"https:\/\/droix.eu\/no\/wp-json\/wp\/v2\/media?parent=513968"}],"wp:term":[{"taxonomy":"product_brand","embeddable":true,"href":"https:\/\/droix.eu\/no\/wp-json\/wp\/v2\/product_brand?post=513968"},{"taxonomy":"product_cat","embeddable":true,"href":"https:\/\/droix.eu\/no\/wp-json\/wp\/v2\/product_cat?post=513968"},{"taxonomy":"product_tag","embeddable":true,"href":"https:\/\/droix.eu\/no\/wp-json\/wp\/v2\/product_tag?post=513968"},{"taxonomy":"woo-feed-brand","embeddable":true,"href":"https:\/\/droix.eu\/no\/wp-json\/wp\/v2\/woo-feed-brand?post=513968"},{"taxonomy":"key-features","embeddable":true,"href":"https:\/\/droix.eu\/no\/wp-json\/wp\/v2\/key-features?post=513968"}],"curies":[{"name":"wp","href":"https:\/\/api.w.org\/{rel}","templated":true}]}}