{"id":511682,"date":"2023-11-21T11:50:59","date_gmt":"2023-11-21T11:50:59","guid":{"rendered":"https:\/\/droix.eu\/product\/gpd-win-mini-case\/"},"modified":"2025-11-14T12:54:59","modified_gmt":"2025-11-14T12:54:59","slug":"gpd-win-mini-case","status":"publish","type":"product","link":"https:\/\/droix.eu\/no\/product\/gpd-win-mini-case\/","title":{"rendered":"GPD WIN Mini Case"},"content":{"rendered":"<p><b><span data-contrast=\"none\">GPD WIN Mini Case &#8211; L\u00f8ft spillopplevelsen din<\/span><\/b><span data-ccp-props=\"{\"201341983\":0,\"335559738\":120,\"335559739\":120,\"335559740\":192}\"> <\/span><\/p>\n<p><span data-contrast=\"none\">Ta med deg <\/span><a href=\"https:\/\/droix.eu\/no\/product\/gpd-win-mini\/\"><span data-contrast=\"none\">GPD WIN Mini<\/span><\/a><span data-contrast=\"none\">  spill\u00f8kter til neste niv\u00e5 med det offisielle GPD Case. Bygget for \u00e5 utfylle GPD WIN Minis elegante design.<\/span><\/p>\n","protected":false},"excerpt":{"rendered":"<ul>\n<li><strong>Offisiell GPD-etui:<\/strong> Skreddersydd for GPD WIN Mini<\/li>\n<li><strong>Overlegen hold:<\/strong> Innvendig stropp for \u00e5 sikre GPD WIN Mini<\/li>\n<li><strong>Komfortabel design:<\/strong> Mykt og sikkert f\u00f4r<\/li>\n<li><strong>Elegant design:<\/strong> Inkludert h\u00e5ndrem<\/li>\n<li><strong>Slitesterkt skall:<\/strong> Si farvel til riper og skrammer<\/li>\n<\/ul>\n[cg_accordion title=\"2 \u00e5rs garanti p\u00e5 alle GPD-produkter\"]<\/p>\n<p>Alle GPD-produkter leveres med 2 \u00e5rs garanti og er st\u00f8ttet av over 13 \u00e5rs p\u00e5litelig service. Bli en del av v\u00e5rt fellesskap med over 500 000 forn\u00f8yde kunder og f\u00f8l deg trygg p\u00e5 kj\u00f8pet ditt. [\/cg_accordion]\n[cg_accordion title=\"Kvalitetssikring og testing f\u00f8r utsendelse\"]<\/p>\n<p>Sikrer kundetilfredshet p\u00e5 h\u00f8yeste standard: Hver enhet gjennomg\u00e5r strenge tester og en flerpunkts kvalitetssikringskontroll f\u00f8r den sendes ut. V\u00e5rt dedikerte team verifiserer ytelse, funksjonalitet og komponentintegritet for \u00e5 garantere at GPD-enheten din er i perfekt stand ved ankomst, slik at du kan f\u00f8le deg trygg og sikker. [\/cg_accordion]\n[cg_accordion title=\"Fleksible og sikre betalingsalternativer\"]<\/p>\n<p>Du kan f\u00f8le deg trygg med v\u00e5rt sikre betalingssystem. Vi st\u00f8tter alle de viktigste betalingsmetodene, inkludert debet- og kredittkort, PayPal, Apple Pay, Google Pay, Klarna, Afterpay og Affirm &#8211; noe som gir deg friheten til \u00e5 betale p\u00e5 din m\u00e5te, enten det er p\u00e5 forskudd eller i enkle avdrag. [\/cg_accordion]\n[cg_accordion title=\"Skatter og avgifter\"]<\/p>\n<p>Prisene inkluderer gjeldende merverdiavgift, som kan v\u00e6re opptil 25 % avhengig av hvilket land du befinner deg i. Det n\u00f8yaktige bel\u00f8pet vises i kassen for \u00e5 sikre full \u00e5penhet. [\/cg_accordion]\n[cg_accordion title=\"Frakt og retur\"]<\/p>\n<p>Vi samarbeider med over 10 p\u00e5litelige fraktpartnere for \u00e5 sikre at bestillingen din kommer frem raskt, trygt og p\u00e5litelig.<\/p>\n<p>Vi bruker Express DDP-frakt (Delivered Duty Paid). Dette betyr at <\/p>\n<li>Alle tollavgifter og skatter er allerede inkludert i den viste produktprisen.<\/li>\n<li>Du slipper \u00e5 bli stilt overfor overraskende kostnader ved levering.<\/li>\n<li>I sjeldne tilfeller av forsinkelser i tollbehandlingen vil v\u00e5rt team h\u00e5ndtere fortollingsprosessen for deg for \u00e5 sikre en problemfri levering.<\/li>\n<p>Viktig informasjon om retur:<\/p>\n<li>Hvis du returnerer bestillingen din eller ber om refusjon, m\u00e5 du v\u00e6re oppmerksom p\u00e5 at eventuelle skatter og avgifter som er betalt p\u00e5 dine vegne i henhold til DDP-vilk\u00e5rene, ikke refunderes.<\/li>\n<p>Se v\u00e5re <a href=\"https:\/\/droix.eu\/no\/vilkar-og-betingelser\/\" target=\"_blank\" rel=\"nofollow noopener\">vilk\u00e5r og betingelser<\/a> for detaljert informasjon.\n<\/ul>\n<p>[\/cg_accordion]\n[cg_accordion title=\"Kundest\u00f8tte\"]<\/p>\n<p>Har du et sp\u00f8rsm\u00e5l? Vi er bare en kort tekstmelding unna \u00e5 l\u00f8se problemet ditt! [\/cg_accordion]\n[cg_accordion title=\"Pakken inkluderer\"]<\/p>\n<ul>\n<li>1x GPD WIN Mini Case<\/li>\n<\/ul>\n<p>[\/cg_accordion]\n","protected":false},"featured_media":448028,"template":"","meta":{"_acf_changed":false},"product_brand":[],"product_cat":[13104,12964,12965],"product_tag":[],"woo-feed-brand":[],"key-features":[],"class_list":{"0":"post-511682","1":"product","2":"type-product","3":"status-publish","4":"has-post-thumbnail","6":"product_cat-spilltilbehor","7":"product_cat-tilbehor-no","8":"product_cat-tilbehor-til-baerbare-datamaskiner","9":"product_shipping_class-low-end","10":"pa_accessory-type-protective-case","11":"pa_brands-gpd-no","12":"pa_compatibility-gpd-win-mini-no","14":"first","15":"instock","16":"sale","17":"taxable","18":"shipping-taxable","19":"purchasable","20":"product-type-variable","21":"has-default-attributes"},"acf":[],"aioseo_notices":[],"aioseo_head":"\n\t\t<!-- All in One SEO Pro 4.9.6.2 - aioseo.com -->\n\t<meta name=\"description\" content=\"Offisiell GPD-etui: Skreddersydd for GPD WIN Mini Overlegen hold: Innvendig stropp for \u00e5 sikre GPD WIN Mini Komfortabel design: Mykt og sikkert f\u00f4r Elegant design: Inkludert h\u00e5ndrem Slitesterkt skall: Si farvel til riper og skrammer\" \/>\n\t<meta name=\"robots\" content=\"max-image-preview:large\" \/>\n\t<link rel=\"canonical\" href=\"https:\/\/droix.eu\/no\/product\/gpd-win-mini-case\/\" \/>\n\t<meta name=\"generator\" content=\"All in One SEO Pro (AIOSEO) 4.9.6.2\" \/>\n\t\t<meta property=\"og:locale\" content=\"nb_NO\" \/>\n\t\t<meta property=\"og:site_name\" content=\"DROIX EU - Get the latest Mini PCs, Ultrabook, PC Gaming Handhelds and more!\" \/>\n\t\t<meta property=\"og:type\" content=\"article\" \/>\n\t\t<meta property=\"og:title\" content=\"GPD WIN Mini Case - DROIX EU\" \/>\n\t\t<meta property=\"og:description\" content=\"Offisiell GPD-etui: Skreddersydd for GPD WIN Mini Overlegen hold: Innvendig stropp for \u00e5 sikre GPD WIN Mini Komfortabel design: Mykt og sikkert f\u00f4r Elegant design: Inkludert h\u00e5ndrem Slitesterkt skall: Si farvel til riper og skrammer\" \/>\n\t\t<meta property=\"og:url\" content=\"https:\/\/droix.eu\/no\/product\/gpd-win-mini-case\/\" \/>\n\t\t<meta property=\"og:image\" content=\"https:\/\/droix.eu\/wp-content\/uploads\/2024\/06\/droix-v2-light-logo.png\" \/>\n\t\t<meta property=\"og:image:secure_url\" content=\"https:\/\/droix.eu\/wp-content\/uploads\/2024\/06\/droix-v2-light-logo.png\" \/>\n\t\t<meta property=\"og:image:width\" content=\"380\" \/>\n\t\t<meta property=\"og:image:height\" content=\"118\" \/>\n\t\t<meta property=\"article:published_time\" content=\"2023-11-21T11:50:59+00:00\" \/>\n\t\t<meta property=\"article:modified_time\" content=\"2025-11-14T12:54:59+00:00\" \/>\n\t\t<meta property=\"article:publisher\" content=\"https:\/\/www.facebook.com\/DroiX.Store\" \/>\n\t\t<meta name=\"twitter:card\" content=\"summary_large_image\" \/>\n\t\t<meta name=\"twitter:site\" content=\"@DroiX_Store\" \/>\n\t\t<meta name=\"twitter:title\" content=\"GPD WIN Mini Case - DROIX EU\" \/>\n\t\t<meta name=\"twitter:description\" content=\"Offisiell GPD-etui: Skreddersydd for GPD WIN Mini Overlegen hold: Innvendig stropp for \u00e5 sikre GPD WIN Mini Komfortabel design: Mykt og sikkert f\u00f4r Elegant design: Inkludert h\u00e5ndrem Slitesterkt skall: Si farvel til riper og skrammer\" \/>\n\t\t<meta name=\"twitter:image\" content=\"https:\/\/droix.eu\/wp-content\/uploads\/2024\/06\/droix-v2-light-logo.png\" \/>\n\t\t<script type=\"application\/ld+json\" class=\"aioseo-schema\">\n\t\t\t{\"@context\":\"https:\\\/\\\/schema.org\",\"@graph\":[{\"@type\":\"BreadcrumbList\",\"@id\":\"https:\\\/\\\/droix.eu\\\/no\\\/product\\\/gpd-win-mini-case\\\/#breadcrumblist\",\"itemListElement\":[{\"@type\":\"ListItem\",\"@id\":\"https:\\\/\\\/droix.eu\\\/no\\\/#listItem\",\"position\":1,\"name\":\"Home\",\"item\":\"https:\\\/\\\/droix.eu\\\/no\\\/\",\"nextItem\":{\"@type\":\"ListItem\",\"@id\":\"https:\\\/\\\/droix.eu\\\/no\\\/product-category\\\/tilbehor-no\\\/#listItem\",\"name\":\"Tilbeh\\u00f8r\"}},{\"@type\":\"ListItem\",\"@id\":\"https:\\\/\\\/droix.eu\\\/no\\\/product-category\\\/tilbehor-no\\\/#listItem\",\"position\":2,\"name\":\"Tilbeh\\u00f8r\",\"item\":\"https:\\\/\\\/droix.eu\\\/no\\\/product-category\\\/tilbehor-no\\\/\",\"nextItem\":{\"@type\":\"ListItem\",\"@id\":\"https:\\\/\\\/droix.eu\\\/no\\\/product-category\\\/tilbehor-no\\\/tilbehor-til-baerbare-datamaskiner\\\/#listItem\",\"name\":\"Tilbeh\\u00f8r til b\\u00e6rbare datamaskiner\"},\"previousItem\":{\"@type\":\"ListItem\",\"@id\":\"https:\\\/\\\/droix.eu\\\/no\\\/#listItem\",\"name\":\"Home\"}},{\"@type\":\"ListItem\",\"@id\":\"https:\\\/\\\/droix.eu\\\/no\\\/product-category\\\/tilbehor-no\\\/tilbehor-til-baerbare-datamaskiner\\\/#listItem\",\"position\":3,\"name\":\"Tilbeh\\u00f8r til b\\u00e6rbare datamaskiner\",\"item\":\"https:\\\/\\\/droix.eu\\\/no\\\/product-category\\\/tilbehor-no\\\/tilbehor-til-baerbare-datamaskiner\\\/\",\"nextItem\":{\"@type\":\"ListItem\",\"@id\":\"https:\\\/\\\/droix.eu\\\/no\\\/product\\\/gpd-win-mini-case\\\/#listItem\",\"name\":\"GPD WIN Mini Case\"},\"previousItem\":{\"@type\":\"ListItem\",\"@id\":\"https:\\\/\\\/droix.eu\\\/no\\\/product-category\\\/tilbehor-no\\\/#listItem\",\"name\":\"Tilbeh\\u00f8r\"}},{\"@type\":\"ListItem\",\"@id\":\"https:\\\/\\\/droix.eu\\\/no\\\/product\\\/gpd-win-mini-case\\\/#listItem\",\"position\":4,\"name\":\"GPD WIN Mini Case\",\"previousItem\":{\"@type\":\"ListItem\",\"@id\":\"https:\\\/\\\/droix.eu\\\/no\\\/product-category\\\/tilbehor-no\\\/tilbehor-til-baerbare-datamaskiner\\\/#listItem\",\"name\":\"Tilbeh\\u00f8r til b\\u00e6rbare datamaskiner\"}}]},{\"@type\":\"Organization\",\"@id\":\"https:\\\/\\\/droix.eu\\\/no\\\/#organization\",\"name\":\"DroiX \\u2013 Trusted EU Tech Retailer with 12+ Years Experience\",\"description\":\"DroiX is a leading European technology retailer with over 12 years of experience, offering quality mini PCs, handheld gaming consoles, and tech accessories. We provide hassle-free EU delivery with all taxes included, ensuring a smooth and reliable shopping experience for our customers across Europe.\",\"url\":\"https:\\\/\\\/droix.eu\\\/no\\\/\",\"logo\":{\"@type\":\"ImageObject\",\"url\":\"https:\\\/\\\/droix.eu\\\/wp-content\\\/uploads\\\/2024\\\/06\\\/droix-v2-light-logo.png\",\"@id\":\"https:\\\/\\\/droix.eu\\\/no\\\/product\\\/gpd-win-mini-case\\\/#organizationLogo\",\"width\":380,\"height\":118},\"image\":{\"@id\":\"https:\\\/\\\/droix.eu\\\/no\\\/product\\\/gpd-win-mini-case\\\/#organizationLogo\"},\"sameAs\":[\"https:\\\/\\\/www.facebook.com\\\/DroiX.Store\",\"https:\\\/\\\/twitter.com\\\/DroiX_Store\",\"https:\\\/\\\/www.instagram.com\\\/droix.store\\\/\",\"https:\\\/\\\/www.tiktok.com\\\/@droix.store\",\"https:\\\/\\\/www.youtube.com\\\/c\\\/DroiX_Store\",\"https:\\\/\\\/uk.linkedin.com\\\/company\\\/droix\"]},{\"@type\":\"ProductGroup\",\"@id\":\"https:\\\/\\\/droix.eu\\\/no\\\/product\\\/gpd-win-mini-case\\\/#wooCommerceProduct\",\"name\":\"GPD WIN Mini Case\",\"description\":\"Offisiell GPD-etui: Skreddersydd for GPD WIN Mini\\n \\tOverlegen hold: Innvendig stropp for \\u00e5 sikre GPD WIN Mini\\n \\tKomfortabel design: Mykt og sikkert f\\u00f4r\\n \\tElegant design: Inkludert h\\u00e5ndrem\\n \\tSlitesterkt skall: Si farvel til riper og skrammer\",\"url\":\"https:\\\/\\\/droix.eu\\\/no\\\/product\\\/gpd-win-mini-case\\\/\",\"image\":{\"@type\":\"ImageObject\",\"url\":\"https:\\\/\\\/droix.eu\\\/wp-content\\\/uploads\\\/2023\\\/11\\\/GPD-WIN-MINI-CASE-1.png\",\"@id\":\"https:\\\/\\\/droix.eu\\\/no\\\/product\\\/gpd-win-mini-case\\\/#productImage\",\"width\":960,\"height\":960,\"caption\":\"GPD WIN Mini Case\"},\"productGroupID\":511682,\"hasVariant\":[{\"@type\":\"Product\",\"@id\":\"https:\\\/\\\/droix.eu\\\/no\\\/product\\\/gpd-win-mini-case\\\/#wooCommerceProduct\",\"name\":\"GPD WIN Mini Case - new\",\"description\":\"Offisiell GPD-etui: Skreddersydd for GPD WIN Mini\\n \\tOverlegen hold: Innvendig stropp for \\u00e5 sikre GPD WIN Mini\\n \\tKomfortabel design: Mykt og sikkert f\\u00f4r\\n \\tElegant design: Inkludert h\\u00e5ndrem\\n \\tSlitesterkt skall: Si farvel til riper og skrammer\",\"url\":\"https:\\\/\\\/droix.eu\\\/no\\\/product\\\/gpd-win-mini-case\\\/\",\"sku\":\"GPD-WIN-MINI-CASE\",\"gtin\":\"5060763677142\",\"image\":{\"@type\":\"ImageObject\",\"url\":\"https:\\\/\\\/droix.eu\\\/wp-content\\\/uploads\\\/2023\\\/11\\\/GPD-WIN-MINI-CASE-1.png\",\"@id\":\"https:\\\/\\\/droix.eu\\\/no\\\/product\\\/gpd-win-mini-case\\\/#productImage\",\"width\":960,\"height\":960,\"caption\":\"GPD WIN Mini Case\"},\"offers\":{\"@type\":\"Offer\",\"url\":\"https:\\\/\\\/droix.eu\\\/no\\\/product\\\/gpd-win-mini-case\\\/#wooCommerceOffer\",\"price\":\"17.95\",\"priceCurrency\":\"EUR\",\"category\":\"Spilltilbeh\\u00f8r\",\"availability\":\"https:\\\/\\\/schema.org\\\/InStock\",\"priceSpecification\":{\"@type\":\"PriceSpecification\",\"price\":17.95,\"priceCurrency\":\"EUR\",\"valueAddedTaxIncluded\":\"true\"}}}]},{\"@type\":\"WebPage\",\"@id\":\"https:\\\/\\\/droix.eu\\\/no\\\/product\\\/gpd-win-mini-case\\\/#webpage\",\"url\":\"https:\\\/\\\/droix.eu\\\/no\\\/product\\\/gpd-win-mini-case\\\/\",\"name\":\"GPD WIN Mini Case - DROIX EU\",\"description\":\"Offisiell GPD-etui: Skreddersydd for GPD WIN Mini Overlegen hold: Innvendig stropp for \\u00e5 sikre GPD WIN Mini Komfortabel design: Mykt og sikkert f\\u00f4r Elegant design: Inkludert h\\u00e5ndrem Slitesterkt skall: Si farvel til riper og skrammer\",\"inLanguage\":\"nb-NO\",\"isPartOf\":{\"@id\":\"https:\\\/\\\/droix.eu\\\/no\\\/#website\"},\"breadcrumb\":{\"@id\":\"https:\\\/\\\/droix.eu\\\/no\\\/product\\\/gpd-win-mini-case\\\/#breadcrumblist\"},\"image\":{\"@type\":\"ImageObject\",\"url\":\"https:\\\/\\\/droix.eu\\\/wp-content\\\/uploads\\\/2023\\\/11\\\/GPD-WIN-MINI-CASE-1.png\",\"@id\":\"https:\\\/\\\/droix.eu\\\/no\\\/product\\\/gpd-win-mini-case\\\/#mainImage\",\"width\":960,\"height\":960,\"caption\":\"GPD WIN Mini Case\"},\"primaryImageOfPage\":{\"@id\":\"https:\\\/\\\/droix.eu\\\/no\\\/product\\\/gpd-win-mini-case\\\/#mainImage\"},\"datePublished\":\"2023-11-21T11:50:59+00:00\",\"dateModified\":\"2025-11-14T12:54:59+00:00\"},{\"@type\":\"WebSite\",\"@id\":\"https:\\\/\\\/droix.eu\\\/no\\\/#website\",\"url\":\"https:\\\/\\\/droix.eu\\\/no\\\/\",\"name\":\"DROIX EU\",\"description\":\"Get the latest Mini PCs, Ultrabook, PC Gaming Handhelds and more!\",\"inLanguage\":\"nb-NO\",\"publisher\":{\"@id\":\"https:\\\/\\\/droix.eu\\\/no\\\/#organization\"}}]}\n\t\t<\/script>\n\t\t<!-- All in One SEO Pro -->\r\n\t\t<title>GPD WIN Mini Case - DROIX EU<\/title>\n\n","aioseo_head_json":{"title":"GPD WIN Mini Case - DROIX EU","description":"Offisiell GPD-etui: Skreddersydd for GPD WIN Mini Overlegen hold: Innvendig stropp for \u00e5 sikre GPD WIN Mini Komfortabel design: Mykt og sikkert f\u00f4r Elegant design: Inkludert h\u00e5ndrem Slitesterkt skall: Si farvel til riper og skrammer","canonical_url":"https:\/\/droix.eu\/no\/product\/gpd-win-mini-case\/","robots":"max-image-preview:large","keywords":"","webmasterTools":{"miscellaneous":""},"schema":{"@context":"https:\/\/schema.org","@graph":[{"@type":"BreadcrumbList","@id":"https:\/\/droix.eu\/no\/product\/gpd-win-mini-case\/#breadcrumblist","itemListElement":[{"@type":"ListItem","@id":"https:\/\/droix.eu\/no\/#listItem","position":1,"name":"Home","item":"https:\/\/droix.eu\/no\/","nextItem":{"@type":"ListItem","@id":"https:\/\/droix.eu\/no\/product-category\/tilbehor-no\/#listItem","name":"Tilbeh\u00f8r"}},{"@type":"ListItem","@id":"https:\/\/droix.eu\/no\/product-category\/tilbehor-no\/#listItem","position":2,"name":"Tilbeh\u00f8r","item":"https:\/\/droix.eu\/no\/product-category\/tilbehor-no\/","nextItem":{"@type":"ListItem","@id":"https:\/\/droix.eu\/no\/product-category\/tilbehor-no\/tilbehor-til-baerbare-datamaskiner\/#listItem","name":"Tilbeh\u00f8r til b\u00e6rbare datamaskiner"},"previousItem":{"@type":"ListItem","@id":"https:\/\/droix.eu\/no\/#listItem","name":"Home"}},{"@type":"ListItem","@id":"https:\/\/droix.eu\/no\/product-category\/tilbehor-no\/tilbehor-til-baerbare-datamaskiner\/#listItem","position":3,"name":"Tilbeh\u00f8r til b\u00e6rbare datamaskiner","item":"https:\/\/droix.eu\/no\/product-category\/tilbehor-no\/tilbehor-til-baerbare-datamaskiner\/","nextItem":{"@type":"ListItem","@id":"https:\/\/droix.eu\/no\/product\/gpd-win-mini-case\/#listItem","name":"GPD WIN Mini Case"},"previousItem":{"@type":"ListItem","@id":"https:\/\/droix.eu\/no\/product-category\/tilbehor-no\/#listItem","name":"Tilbeh\u00f8r"}},{"@type":"ListItem","@id":"https:\/\/droix.eu\/no\/product\/gpd-win-mini-case\/#listItem","position":4,"name":"GPD WIN Mini Case","previousItem":{"@type":"ListItem","@id":"https:\/\/droix.eu\/no\/product-category\/tilbehor-no\/tilbehor-til-baerbare-datamaskiner\/#listItem","name":"Tilbeh\u00f8r til b\u00e6rbare datamaskiner"}}]},{"@type":"Organization","@id":"https:\/\/droix.eu\/no\/#organization","name":"DroiX \u2013 Trusted EU Tech Retailer with 12+ Years Experience","description":"DroiX is a leading European technology retailer with over 12 years of experience, offering quality mini PCs, handheld gaming consoles, and tech accessories. We provide hassle-free EU delivery with all taxes included, ensuring a smooth and reliable shopping experience for our customers across Europe.","url":"https:\/\/droix.eu\/no\/","logo":{"@type":"ImageObject","url":"https:\/\/droix.eu\/wp-content\/uploads\/2024\/06\/droix-v2-light-logo.png","@id":"https:\/\/droix.eu\/no\/product\/gpd-win-mini-case\/#organizationLogo","width":380,"height":118},"image":{"@id":"https:\/\/droix.eu\/no\/product\/gpd-win-mini-case\/#organizationLogo"},"sameAs":["https:\/\/www.facebook.com\/DroiX.Store","https:\/\/twitter.com\/DroiX_Store","https:\/\/www.instagram.com\/droix.store\/","https:\/\/www.tiktok.com\/@droix.store","https:\/\/www.youtube.com\/c\/DroiX_Store","https:\/\/uk.linkedin.com\/company\/droix"]},{"@type":"ProductGroup","@id":"https:\/\/droix.eu\/no\/product\/gpd-win-mini-case\/#wooCommerceProduct","name":"GPD WIN Mini Case","description":"Offisiell GPD-etui: Skreddersydd for GPD WIN Mini\n \tOverlegen hold: Innvendig stropp for \u00e5 sikre GPD WIN Mini\n \tKomfortabel design: Mykt og sikkert f\u00f4r\n \tElegant design: Inkludert h\u00e5ndrem\n \tSlitesterkt skall: Si farvel til riper og skrammer","url":"https:\/\/droix.eu\/no\/product\/gpd-win-mini-case\/","image":{"@type":"ImageObject","url":"https:\/\/droix.eu\/wp-content\/uploads\/2023\/11\/GPD-WIN-MINI-CASE-1.png","@id":"https:\/\/droix.eu\/no\/product\/gpd-win-mini-case\/#productImage","width":960,"height":960,"caption":"GPD WIN Mini Case"},"productGroupID":511682,"hasVariant":[{"@type":"Product","@id":"https:\/\/droix.eu\/no\/product\/gpd-win-mini-case\/#wooCommerceProduct","name":"GPD WIN Mini Case - new","description":"Offisiell GPD-etui: Skreddersydd for GPD WIN Mini\n \tOverlegen hold: Innvendig stropp for \u00e5 sikre GPD WIN Mini\n \tKomfortabel design: Mykt og sikkert f\u00f4r\n \tElegant design: Inkludert h\u00e5ndrem\n \tSlitesterkt skall: Si farvel til riper og skrammer","url":"https:\/\/droix.eu\/no\/product\/gpd-win-mini-case\/","sku":"GPD-WIN-MINI-CASE","gtin":"5060763677142","image":{"@type":"ImageObject","url":"https:\/\/droix.eu\/wp-content\/uploads\/2023\/11\/GPD-WIN-MINI-CASE-1.png","@id":"https:\/\/droix.eu\/no\/product\/gpd-win-mini-case\/#productImage","width":960,"height":960,"caption":"GPD WIN Mini Case"},"offers":{"@type":"Offer","url":"https:\/\/droix.eu\/no\/product\/gpd-win-mini-case\/#wooCommerceOffer","price":"17.95","priceCurrency":"EUR","category":"Spilltilbeh\u00f8r","availability":"https:\/\/schema.org\/InStock","priceSpecification":{"@type":"PriceSpecification","price":17.95,"priceCurrency":"EUR","valueAddedTaxIncluded":"true"}}}]},{"@type":"WebPage","@id":"https:\/\/droix.eu\/no\/product\/gpd-win-mini-case\/#webpage","url":"https:\/\/droix.eu\/no\/product\/gpd-win-mini-case\/","name":"GPD WIN Mini Case - DROIX EU","description":"Offisiell GPD-etui: Skreddersydd for GPD WIN Mini Overlegen hold: Innvendig stropp for \u00e5 sikre GPD WIN Mini Komfortabel design: Mykt og sikkert f\u00f4r Elegant design: Inkludert h\u00e5ndrem Slitesterkt skall: Si farvel til riper og skrammer","inLanguage":"nb-NO","isPartOf":{"@id":"https:\/\/droix.eu\/no\/#website"},"breadcrumb":{"@id":"https:\/\/droix.eu\/no\/product\/gpd-win-mini-case\/#breadcrumblist"},"image":{"@type":"ImageObject","url":"https:\/\/droix.eu\/wp-content\/uploads\/2023\/11\/GPD-WIN-MINI-CASE-1.png","@id":"https:\/\/droix.eu\/no\/product\/gpd-win-mini-case\/#mainImage","width":960,"height":960,"caption":"GPD WIN Mini Case"},"primaryImageOfPage":{"@id":"https:\/\/droix.eu\/no\/product\/gpd-win-mini-case\/#mainImage"},"datePublished":"2023-11-21T11:50:59+00:00","dateModified":"2025-11-14T12:54:59+00:00"},{"@type":"WebSite","@id":"https:\/\/droix.eu\/no\/#website","url":"https:\/\/droix.eu\/no\/","name":"DROIX EU","description":"Get the latest Mini PCs, Ultrabook, PC Gaming Handhelds and more!","inLanguage":"nb-NO","publisher":{"@id":"https:\/\/droix.eu\/no\/#organization"}}]},"og:locale":"nb_NO","og:site_name":"DROIX EU - Get the latest Mini PCs, Ultrabook, PC Gaming Handhelds and more!","og:type":"article","og:title":"GPD WIN Mini Case - DROIX EU","og:description":"Offisiell GPD-etui: Skreddersydd for GPD WIN Mini Overlegen hold: Innvendig stropp for \u00e5 sikre GPD WIN Mini Komfortabel design: Mykt og sikkert f\u00f4r Elegant design: Inkludert h\u00e5ndrem Slitesterkt skall: Si farvel til riper og skrammer","og:url":"https:\/\/droix.eu\/no\/product\/gpd-win-mini-case\/","og:image":"https:\/\/droix.eu\/wp-content\/uploads\/2024\/06\/droix-v2-light-logo.png","og:image:secure_url":"https:\/\/droix.eu\/wp-content\/uploads\/2024\/06\/droix-v2-light-logo.png","og:image:width":380,"og:image:height":118,"article:published_time":"2023-11-21T11:50:59+00:00","article:modified_time":"2025-11-14T12:54:59+00:00","article:publisher":"https:\/\/www.facebook.com\/DroiX.Store","twitter:card":"summary_large_image","twitter:site":"@DroiX_Store","twitter:title":"GPD WIN Mini Case - DROIX EU","twitter:description":"Offisiell GPD-etui: Skreddersydd for GPD WIN Mini Overlegen hold: Innvendig stropp for \u00e5 sikre GPD WIN Mini Komfortabel design: Mykt og sikkert f\u00f4r Elegant design: Inkludert h\u00e5ndrem Slitesterkt skall: Si farvel til riper og skrammer","twitter:image":"https:\/\/droix.eu\/wp-content\/uploads\/2024\/06\/droix-v2-light-logo.png"},"aioseo_meta_data":{"post_id":"511682","title":null,"description":null,"keywords":null,"keyphrases":{"focus":{"keyphrase":"","score":0,"analysis":{"keyphraseInTitle":{"score":0,"maxScore":9,"error":1}}},"additional":[]},"primary_term":null,"canonical_url":null,"og_title":null,"og_description":null,"og_object_type":"default","og_image_type":"default","og_image_url":null,"og_image_width":null,"og_image_height":null,"og_image_custom_url":null,"og_image_custom_fields":null,"og_video":"","og_custom_url":null,"og_article_section":null,"og_article_tags":null,"twitter_use_og":true,"twitter_card":"default","twitter_image_type":"default","twitter_image_url":null,"twitter_image_custom_url":null,"twitter_image_custom_fields":null,"twitter_title":null,"twitter_description":null,"schema":{"blockGraphs":[],"customGraphs":[],"default":{"data":{"Article":[],"Course":[],"Dataset":[],"FAQPage":[],"Movie":[],"Person":[],"Product":[],"ProductReview":[],"Car":[],"Recipe":[],"Service":[],"SoftwareApplication":[],"WebPage":[]},"graphName":"Product","isEnabled":true},"graphs":[]},"schema_type":"default","schema_type_options":null,"pillar_content":false,"robots_default":true,"robots_noindex":false,"robots_noarchive":false,"robots_nosnippet":false,"robots_nofollow":false,"robots_noimageindex":false,"robots_noodp":false,"robots_notranslate":false,"robots_max_snippet":"-1","robots_max_videopreview":"-1","robots_max_imagepreview":"large","priority":null,"frequency":"default","local_seo":null,"seo_analyzer_scan_date":"2025-10-24 16:05:11","breadcrumb_settings":null,"limit_modified_date":false,"reviewed_by":null,"open_ai":null,"ai":{"faqs":[],"keyPoints":[],"titles":[],"descriptions":[],"socialPosts":{"email":[],"linkedin":[],"twitter":[],"facebook":[],"instagram":[]}},"created":"2025-10-09 05:05:05","updated":"2025-11-27 03:19:59"},"aioseo_breadcrumb":"<div class=\"aioseo-breadcrumbs\"><span class=\"aioseo-breadcrumb\">\n\t<a href=\"https:\/\/droix.eu\/no\/\" title=\"Home\">Home<\/a>\n<\/span><span class=\"aioseo-breadcrumb-separator\">&raquo;<\/span><span class=\"aioseo-breadcrumb\">\n\t<a href=\"https:\/\/droix.eu\/no\/product-category\/tilbehor-no\/\" title=\"Tilbeh\u00f8r\">Tilbeh\u00f8r<\/a>\n<\/span><span class=\"aioseo-breadcrumb-separator\">&raquo;<\/span><span class=\"aioseo-breadcrumb\">\n\t<a href=\"https:\/\/droix.eu\/no\/product-category\/tilbehor-no\/tilbehor-til-baerbare-datamaskiner\/\" title=\"Tilbeh\u00f8r til b\u00e6rbare datamaskiner\">Tilbeh\u00f8r til b\u00e6rbare datamaskiner<\/a>\n<\/span><span class=\"aioseo-breadcrumb-separator\">&raquo;<\/span><span class=\"aioseo-breadcrumb\">\n\tGPD WIN Mini Case\n<\/span><\/div>","aioseo_breadcrumb_json":[{"label":"Home","link":"https:\/\/droix.eu\/no\/"},{"label":"Tilbeh\u00f8r","link":"https:\/\/droix.eu\/no\/product-category\/tilbehor-no\/"},{"label":"Tilbeh\u00f8r til b\u00e6rbare datamaskiner","link":"https:\/\/droix.eu\/no\/product-category\/tilbehor-no\/tilbehor-til-baerbare-datamaskiner\/"},{"label":"GPD WIN Mini Case","link":"https:\/\/droix.eu\/no\/product\/gpd-win-mini-case\/"}],"_links":{"self":[{"href":"https:\/\/droix.eu\/no\/wp-json\/wp\/v2\/product\/511682","targetHints":{"allow":["GET"]}}],"collection":[{"href":"https:\/\/droix.eu\/no\/wp-json\/wp\/v2\/product"}],"about":[{"href":"https:\/\/droix.eu\/no\/wp-json\/wp\/v2\/types\/product"}],"version-history":[{"count":0,"href":"https:\/\/droix.eu\/no\/wp-json\/wp\/v2\/product\/511682\/revisions"}],"wp:featuredmedia":[{"embeddable":true,"href":"https:\/\/droix.eu\/no\/wp-json\/wp\/v2\/media\/448028"}],"wp:attachment":[{"href":"https:\/\/droix.eu\/no\/wp-json\/wp\/v2\/media?parent=511682"}],"wp:term":[{"taxonomy":"product_brand","embeddable":true,"href":"https:\/\/droix.eu\/no\/wp-json\/wp\/v2\/product_brand?post=511682"},{"taxonomy":"product_cat","embeddable":true,"href":"https:\/\/droix.eu\/no\/wp-json\/wp\/v2\/product_cat?post=511682"},{"taxonomy":"product_tag","embeddable":true,"href":"https:\/\/droix.eu\/no\/wp-json\/wp\/v2\/product_tag?post=511682"},{"taxonomy":"woo-feed-brand","embeddable":true,"href":"https:\/\/droix.eu\/no\/wp-json\/wp\/v2\/woo-feed-brand?post=511682"},{"taxonomy":"key-features","embeddable":true,"href":"https:\/\/droix.eu\/no\/wp-json\/wp\/v2\/key-features?post=511682"}],"curies":[{"name":"wp","href":"https:\/\/api.w.org\/{rel}","templated":true}]}}