{"id":511299,"date":"2023-04-24T12:53:34","date_gmt":"2023-04-24T11:53:34","guid":{"rendered":"https:\/\/droix.eu\/product\/gpd-win-4-dokkingstasjon\/"},"modified":"2026-04-23T14:18:17","modified_gmt":"2026-04-23T13:18:17","slug":"gpd-win-4-dokkingstasjon","status":"publish","type":"product","link":"https:\/\/droix.eu\/no\/product\/gpd-win-4-dokkingstasjon\/","title":{"rendered":"GPD WIN 4 dokkingstasjon"},"content":{"rendered":"&#13;\n<p><span data-contrast=\"none\">Den offisielle <strong>GPD WIN 4-dokkingstasjonen<\/strong> forvandler den h\u00e5ndholdte spill-PC-en din til en stasjon\u00e6r PC med en praktisk <strong>dokkingstasjon<\/strong> med mange brukerporter.<\/span><span data-ccp-props=\"{\"> <\/span><\/p>&#13;\n&#13;\n<h2 class=\"wp-block-heading\"><b><span data-contrast=\"none\">USB-tilkobling med h\u00f8y hastighet<\/span><\/b><span data-ccp-props=\"{\"> <\/span><\/h2>&#13;\n&#13;\n<p><span data-contrast=\"none\">GPD WIN 4-dokkingstasjonen har tre <\/span><a href=\"https:\/\/www.kingston.com\/unitedkingdom\/en\/usb-flash-drives\/usb-30\"><span data-contrast=\"none\">USB 3.2 Gen 2<\/span><\/a><span data-contrast=\"none\"> Type-A-porter p\u00e5 opptil 10 Gbps som kan brukes til \u00e5 koble til en rekke eksterne enheter, inkludert tastatur og mus, og eksterne h\u00f8yhastighets harddisker eller USB-minnepinner.<\/span><span data-ccp-props=\"{\"> <\/span><\/p>&#13;\n&#13;\n<p><span data-contrast=\"none\">USB 3.2 Gen 2 <\/span><a href=\"https:\/\/en.wikipedia.org\/wiki\/USB-C\"><span data-contrast=\"none\">Type-C<\/span><\/a><span data-contrast=\"none\"> porten brukes til lading og st\u00f8tter kraftige ladere for hurtiglading.<\/span><span data-ccp-props=\"{\"> <\/span><\/p>&#13;\n&#13;\n<h2 class=\"wp-block-heading\"><b><span data-contrast=\"none\">H\u00f8y oppl\u00f8sning p\u00e5 skjerm eller stor TV<\/span><\/b><span data-ccp-props=\"{\"> <\/span><\/h2>&#13;\n&#13;\n<p><span data-contrast=\"none\">HDMI <\/span><a href=\"https:\/\/en.wikipedia.org\/wiki\/HDMI\"><span data-contrast=\"none\">HDMI 2.0<\/span><\/a><span data-contrast=\"none\">  porten gir videoutgang til en skjerm eller TV. Du kan fortsette \u00e5 bruke GPD WIN 4-skjermen som en speilvendt eller andre skjerm.<\/span><span data-ccp-props=\"{\"> <\/span><\/p>&#13;\n&#13;\n<h2 class=\"wp-block-heading\"><b><span data-contrast=\"none\">Rask og sikker dataoverf\u00f8ring via kabel<\/span><\/b><span data-ccp-props=\"{\"> <\/span><\/h2>&#13;\n&#13;\n<p><span data-contrast=\"none\">1 Gbps <\/span><a href=\"https:\/\/community.fs.com\/blog\/introduction-of-the-rj45-interface.html\"><span data-contrast=\"none\">RJ45 Ethernet<\/span><\/a><span data-contrast=\"none\"> porten gir h\u00f8y hastighet og sikker dataoverf\u00f8ring til og fra dokkingstasjonen GPD WIN 4.<\/span><span data-ccp-props=\"{\"> <\/span><\/p>&#13;\n&#13;\n<h2 class=\"wp-block-heading\"><b><span data-contrast=\"none\">Liten formfaktor og b\u00e6rbarhet<\/span><\/b><span data-ccp-props=\"{\"> <\/span><\/h2>&#13;\n&#13;\n<p><span data-contrast=\"none\">Med sine m\u00e5l p\u00e5 ca. 8,7 x 14,2 x 8,2 cm (3,4 x 5,6 x 3,2 tommer) er dokkingstasjonen GPD WIN 4 liten og diskret p\u00e5 skrivebordet. <strong>GPD WIN 4<\/strong> kobles enkelt til dokkingstasjonen og st\u00f8ttes av en avtakbar rygg som gj\u00f8r det praktisk n\u00e5r du b\u00e6rer den. Med en vekt p\u00e5 bare 224 g er dokkingstasjonen sv\u00e6rt lett og b\u00e6rbar, og den f\u00e5r lett plass i en liten veske.<\/span><span data-ccp-props=\"{\"> <\/span><\/p>&#13;\n&#13;\n<p><span data-contrast=\"none\">GPD WIN 4-dokkingstasjonen lar den andre USB Type-C v\u00e6re plassert p\u00e5 toppen av <\/span><a href=\"https:\/\/droix.eu\/no\/product\/gpd-win-4\/\"><span data-contrast=\"none\">GPD WIN 4<\/span><\/a><span data-contrast=\"none\"> fri, kan den fortsatt brukes til \u00e5 koble til eksterne enheter med h\u00f8y ytelse, som for eksempel en eGPU. <\/span> <\/p>&#13;\n&#13;\n<p><span data-ccp-props=\"{\"> <\/span><\/p>&#13;\n&#13;\n<h2 class=\"wp-block-heading\"><b><span data-contrast=\"none\">Fordeler og ulemper med dokkingstasjonen GPD WIN 4<\/span><\/b><span data-ccp-props=\"{\"> <\/span><\/h2>&#13;\n&#13;\n<p><span data-contrast=\"none\">Fordeler:<\/span><span data-ccp-props=\"{\"> <\/span><\/p>&#13;\n\r\n<ul class=\"wp-block-list\">&#13;\n<li><span data-contrast=\"none\">Mange USB 3.2 Gen 2 Type A-porter for eksterne enheter<\/span><span data-ccp-props=\"{\"> <\/span><\/li>&#13;\n\r\n\r\n&#13;\n<li><span data-contrast=\"none\">HDMI 2.0-utgang til TV\/skjerm<\/span><span data-ccp-props=\"{\"> <\/span><\/li>&#13;\n\r\n\r\n&#13;\n<li><span data-contrast=\"none\">H\u00f8yhastighets 1 Gbps ethernet<\/span><span data-ccp-props=\"{\"> <\/span><\/li>&#13;\n\r\n\r\n&#13;\n<li><span data-contrast=\"none\">USB Type-C-ladeport<\/span><span data-ccp-props=\"{\"> <\/span><\/li>&#13;\n<\/ul>\r\n&#13;\n<p><span data-contrast=\"none\">Ulemper:<\/span><span data-ccp-props=\"{\"> <\/span><\/p>&#13;\n\r\n<ul class=\"wp-block-list\">&#13;\n<li><span data-contrast=\"none\">Ingen USB Type-C for tilkobling av eksterne enheter.  <\/span><span data-ccp-props=\"{\"> <\/span><\/li>&#13;\n<\/ul>\r\n&#13;\n<p><span data-ccp-props=\"{\"> <\/span><\/p>&#13;\n&#13;\n<h2 class=\"wp-block-heading\"><b><span data-contrast=\"none\">Hvorfor b\u00f8r du bruke en dokkingstasjon?<\/span><\/b><span data-ccp-props=\"{\"> <\/span><\/h2>&#13;\n&#13;\n<p><span data-contrast=\"none\">En dokkingstasjon er en enhet som gj\u00f8r det mulig \u00e5 koble den b\u00e6rbare datamaskinen til flere eksterne enheter, for eksempel skjerm, tastatur, mus og andre enheter, med bare \u00e9n kabel. Den kan hjelpe deg med \u00e5 rydde opp p\u00e5 arbeidsomr\u00e5det ved \u00e5 redusere antall kabler du trenger for \u00e5 koble til GPD WIN 4. Den kan ogs\u00e5 hjelpe deg med \u00e5 \u00f8ke produktiviteten ved at du kan bruke to skjermer samtidig, noe som kan hjelpe deg med \u00e5 multitaske mer effektivt. I tillegg kan den hjelpe deg med \u00e5 forlenge levetiden til GPD WIN 4 ved \u00e5 redusere slitasjen p\u00e5 portene, siden du bare trenger \u00e5 koble til og fra \u00e9n kabel i stedet for flere kabler hver gang du bruker den.<\/span><\/p>&#13;\n","protected":false},"excerpt":{"rendered":"<ul>\n<li>Oppbevar og lad <strong>GPD WIN 4<\/strong><\/li>\n<li>Gj\u00f8r det mulig \u00e5 gj\u00f8re <strong>h\u00e5ndholdt PC om til et komplett skrivebord<\/strong><\/li>\n<li>Koble til alle eksterne enheter.<\/li>\n<li><strong>Offisielt GPD-produkt<\/strong> utviklet for <strong>GPD WIN 4<\/strong><\/li>\n<li><strong><span class=\"TextRun SCXW166342175 BCX8\" lang=\"EN-GB\" data-contrast=\"none\"><span class=\"NormalTextRun SCXW166342175 BCX8\">Liten, lett og b\u00e6rbar.<\/span><\/span><\/strong><\/li>\n<\/ul>\n[droix_global_accordions]\n[cg_accordion title=\"Pakken inkluderer\"]<\/p>\n<ul>\n<li>1x offisiell GPD WIN 4-dokkingstasjon<\/li>\n<\/ul>\n<p>[\/cg_accordion]\n","protected":false},"featured_media":364517,"template":"","meta":{"_acf_changed":false},"product_brand":[],"product_cat":[13104,12964],"product_tag":[],"woo-feed-brand":[],"key-features":[],"class_list":{"0":"post-511299","1":"product","2":"type-product","3":"status-publish","4":"has-post-thumbnail","6":"product_cat-spilltilbehor","7":"product_cat-tilbehor-no","8":"product_shipping_class-low-end","9":"pa_accessory-type-docking-station","10":"pa_brands-gpd-no","11":"pa_compatibility-gpd-win-4-no","13":"first","14":"outofstock","15":"sale","16":"purchasable","17":"product-type-simple"},"acf":[],"aioseo_notices":[],"aioseo_head":"\n\t\t<!-- All in One SEO Pro 4.9.6.2 - aioseo.com -->\n\t<meta name=\"description\" content=\"Oppbevar og lad GPD WIN 4 Gj\u00f8r det mulig \u00e5 gj\u00f8re h\u00e5ndholdt PC om til et komplett skrivebord Koble til alle eksterne enheter. Offisielt GPD-produkt utviklet for GPD WIN 4 Liten, lett og b\u00e6rbar. Pakken inkluderer 1x offisiell GPD WIN 4-dokkingstasjon\" \/>\n\t<meta name=\"robots\" content=\"max-image-preview:large\" \/>\n\t<link rel=\"canonical\" href=\"https:\/\/droix.eu\/no\/product\/gpd-win-4-dokkingstasjon\/\" \/>\n\t<meta name=\"generator\" content=\"All in One SEO Pro (AIOSEO) 4.9.6.2\" \/>\n\t\t<meta property=\"og:locale\" content=\"nb_NO\" \/>\n\t\t<meta property=\"og:site_name\" content=\"DROIX EU - Get the latest Mini PCs, Ultrabook, PC Gaming Handhelds and more!\" \/>\n\t\t<meta property=\"og:type\" content=\"article\" \/>\n\t\t<meta property=\"og:title\" content=\"GPD WIN 4 dokkingstasjon - DROIX EU\" \/>\n\t\t<meta property=\"og:description\" content=\"Oppbevar og lad GPD WIN 4 Gj\u00f8r det mulig \u00e5 gj\u00f8re h\u00e5ndholdt PC om til et komplett skrivebord Koble til alle eksterne enheter. Offisielt GPD-produkt utviklet for GPD WIN 4 Liten, lett og b\u00e6rbar. Pakken inkluderer 1x offisiell GPD WIN 4-dokkingstasjon\" \/>\n\t\t<meta property=\"og:url\" content=\"https:\/\/droix.eu\/no\/product\/gpd-win-4-dokkingstasjon\/\" \/>\n\t\t<meta property=\"og:image\" content=\"https:\/\/droix.eu\/wp-content\/uploads\/2024\/06\/droix-v2-light-logo.png\" \/>\n\t\t<meta property=\"og:image:secure_url\" content=\"https:\/\/droix.eu\/wp-content\/uploads\/2024\/06\/droix-v2-light-logo.png\" \/>\n\t\t<meta property=\"og:image:width\" content=\"380\" \/>\n\t\t<meta property=\"og:image:height\" content=\"118\" \/>\n\t\t<meta property=\"article:published_time\" content=\"2023-04-24T11:53:34+00:00\" \/>\n\t\t<meta property=\"article:modified_time\" content=\"2026-04-23T13:18:17+00:00\" \/>\n\t\t<meta property=\"article:publisher\" content=\"https:\/\/www.facebook.com\/DroiX.Store\" \/>\n\t\t<meta name=\"twitter:card\" content=\"summary_large_image\" \/>\n\t\t<meta name=\"twitter:site\" content=\"@DroiX_Store\" \/>\n\t\t<meta name=\"twitter:title\" content=\"GPD WIN 4 dokkingstasjon - DROIX EU\" \/>\n\t\t<meta name=\"twitter:description\" content=\"Oppbevar og lad GPD WIN 4 Gj\u00f8r det mulig \u00e5 gj\u00f8re h\u00e5ndholdt PC om til et komplett skrivebord Koble til alle eksterne enheter. Offisielt GPD-produkt utviklet for GPD WIN 4 Liten, lett og b\u00e6rbar. Pakken inkluderer 1x offisiell GPD WIN 4-dokkingstasjon\" \/>\n\t\t<meta name=\"twitter:image\" content=\"https:\/\/droix.eu\/wp-content\/uploads\/2024\/06\/droix-v2-light-logo.png\" \/>\n\t\t<script type=\"application\/ld+json\" class=\"aioseo-schema\">\n\t\t\t{\"@context\":\"https:\\\/\\\/schema.org\",\"@graph\":[{\"@type\":\"BreadcrumbList\",\"@id\":\"https:\\\/\\\/droix.eu\\\/no\\\/product\\\/gpd-win-4-dokkingstasjon\\\/#breadcrumblist\",\"itemListElement\":[{\"@type\":\"ListItem\",\"@id\":\"https:\\\/\\\/droix.eu\\\/no\\\/#listItem\",\"position\":1,\"name\":\"Home\",\"item\":\"https:\\\/\\\/droix.eu\\\/no\\\/\",\"nextItem\":{\"@type\":\"ListItem\",\"@id\":\"https:\\\/\\\/droix.eu\\\/no\\\/product-category\\\/tilbehor-no\\\/#listItem\",\"name\":\"Tilbeh\\u00f8r\"}},{\"@type\":\"ListItem\",\"@id\":\"https:\\\/\\\/droix.eu\\\/no\\\/product-category\\\/tilbehor-no\\\/#listItem\",\"position\":2,\"name\":\"Tilbeh\\u00f8r\",\"item\":\"https:\\\/\\\/droix.eu\\\/no\\\/product-category\\\/tilbehor-no\\\/\",\"nextItem\":{\"@type\":\"ListItem\",\"@id\":\"https:\\\/\\\/droix.eu\\\/no\\\/product-category\\\/tilbehor-no\\\/spilltilbehor\\\/#listItem\",\"name\":\"Spilltilbeh\\u00f8r\"},\"previousItem\":{\"@type\":\"ListItem\",\"@id\":\"https:\\\/\\\/droix.eu\\\/no\\\/#listItem\",\"name\":\"Home\"}},{\"@type\":\"ListItem\",\"@id\":\"https:\\\/\\\/droix.eu\\\/no\\\/product-category\\\/tilbehor-no\\\/spilltilbehor\\\/#listItem\",\"position\":3,\"name\":\"Spilltilbeh\\u00f8r\",\"item\":\"https:\\\/\\\/droix.eu\\\/no\\\/product-category\\\/tilbehor-no\\\/spilltilbehor\\\/\",\"nextItem\":{\"@type\":\"ListItem\",\"@id\":\"https:\\\/\\\/droix.eu\\\/no\\\/product\\\/gpd-win-4-dokkingstasjon\\\/#listItem\",\"name\":\"GPD WIN 4 dokkingstasjon\"},\"previousItem\":{\"@type\":\"ListItem\",\"@id\":\"https:\\\/\\\/droix.eu\\\/no\\\/product-category\\\/tilbehor-no\\\/#listItem\",\"name\":\"Tilbeh\\u00f8r\"}},{\"@type\":\"ListItem\",\"@id\":\"https:\\\/\\\/droix.eu\\\/no\\\/product\\\/gpd-win-4-dokkingstasjon\\\/#listItem\",\"position\":4,\"name\":\"GPD WIN 4 dokkingstasjon\",\"previousItem\":{\"@type\":\"ListItem\",\"@id\":\"https:\\\/\\\/droix.eu\\\/no\\\/product-category\\\/tilbehor-no\\\/spilltilbehor\\\/#listItem\",\"name\":\"Spilltilbeh\\u00f8r\"}}]},{\"@type\":\"Organization\",\"@id\":\"https:\\\/\\\/droix.eu\\\/no\\\/#organization\",\"name\":\"DroiX \\u2013 Trusted EU Tech Retailer with 12+ Years Experience\",\"description\":\"DroiX is a leading European technology retailer with over 12 years of experience, offering quality mini PCs, handheld gaming consoles, and tech accessories. We provide hassle-free EU delivery with all taxes included, ensuring a smooth and reliable shopping experience for our customers across Europe.\",\"url\":\"https:\\\/\\\/droix.eu\\\/no\\\/\",\"logo\":{\"@type\":\"ImageObject\",\"url\":\"https:\\\/\\\/droix.eu\\\/wp-content\\\/uploads\\\/2024\\\/06\\\/droix-v2-light-logo.png\",\"@id\":\"https:\\\/\\\/droix.eu\\\/no\\\/product\\\/gpd-win-4-dokkingstasjon\\\/#organizationLogo\",\"width\":380,\"height\":118},\"image\":{\"@id\":\"https:\\\/\\\/droix.eu\\\/no\\\/product\\\/gpd-win-4-dokkingstasjon\\\/#organizationLogo\"},\"sameAs\":[\"https:\\\/\\\/www.facebook.com\\\/DroiX.Store\",\"https:\\\/\\\/twitter.com\\\/DroiX_Store\",\"https:\\\/\\\/www.instagram.com\\\/droix.store\\\/\",\"https:\\\/\\\/www.tiktok.com\\\/@droix.store\",\"https:\\\/\\\/www.youtube.com\\\/c\\\/DroiX_Store\",\"https:\\\/\\\/uk.linkedin.com\\\/company\\\/droix\"]},{\"@type\":\"Product\",\"@id\":\"https:\\\/\\\/droix.eu\\\/no\\\/product\\\/gpd-win-4-dokkingstasjon\\\/#wooCommerceProduct\",\"name\":\"GPD WIN 4 dokkingstasjon\",\"description\":\"Oppbevar og lad GPD WIN 4\\nGj\\u00f8r det mulig \\u00e5 gj\\u00f8re h\\u00e5ndholdt PC om til et komplett skrivebord\\nKoble til alle eksterne enheter.\\nOffisielt GPD-produkt utviklet for GPD WIN 4\\nLiten, lett og b\\u00e6rbar.\",\"url\":\"https:\\\/\\\/droix.eu\\\/no\\\/product\\\/gpd-win-4-dokkingstasjon\\\/\",\"sku\":\"GPD-WIN_4-DOCKING-STATION\",\"gtin\":\"5060763674660\",\"image\":{\"@type\":\"ImageObject\",\"url\":\"https:\\\/\\\/droix.eu\\\/wp-content\\\/uploads\\\/2023\\\/04\\\/6664315main-win4-docking.png\",\"@id\":\"https:\\\/\\\/droix.eu\\\/no\\\/product\\\/gpd-win-4-dokkingstasjon\\\/#productImage\",\"width\":1000,\"height\":1000},\"offers\":{\"@type\":\"Offer\",\"url\":\"https:\\\/\\\/droix.eu\\\/no\\\/product\\\/gpd-win-4-dokkingstasjon\\\/#wooCommerceOffer\",\"price\":52.95,\"priceCurrency\":\"EUR\",\"category\":\"Spilltilbeh\\u00f8r\",\"availability\":\"https:\\\/\\\/schema.org\\\/OutOfStock\",\"priceSpecification\":{\"@type\":\"PriceSpecification\",\"price\":52.95,\"priceCurrency\":\"EUR\",\"valueAddedTaxIncluded\":\"true\"},\"seller\":{\"@type\":\"Organization\",\"@id\":\"https:\\\/\\\/droix.eu\\\/no\\\/#organization\"}}},{\"@type\":\"WebPage\",\"@id\":\"https:\\\/\\\/droix.eu\\\/no\\\/product\\\/gpd-win-4-dokkingstasjon\\\/#webpage\",\"url\":\"https:\\\/\\\/droix.eu\\\/no\\\/product\\\/gpd-win-4-dokkingstasjon\\\/\",\"name\":\"GPD WIN 4 dokkingstasjon - DROIX EU\",\"description\":\"Oppbevar og lad GPD WIN 4 Gj\\u00f8r det mulig \\u00e5 gj\\u00f8re h\\u00e5ndholdt PC om til et komplett skrivebord Koble til alle eksterne enheter. Offisielt GPD-produkt utviklet for GPD WIN 4 Liten, lett og b\\u00e6rbar. Pakken inkluderer 1x offisiell GPD WIN 4-dokkingstasjon\",\"inLanguage\":\"nb-NO\",\"isPartOf\":{\"@id\":\"https:\\\/\\\/droix.eu\\\/no\\\/#website\"},\"breadcrumb\":{\"@id\":\"https:\\\/\\\/droix.eu\\\/no\\\/product\\\/gpd-win-4-dokkingstasjon\\\/#breadcrumblist\"},\"image\":{\"@type\":\"ImageObject\",\"url\":\"https:\\\/\\\/droix.eu\\\/wp-content\\\/uploads\\\/2023\\\/04\\\/6664315main-win4-docking.png\",\"@id\":\"https:\\\/\\\/droix.eu\\\/no\\\/product\\\/gpd-win-4-dokkingstasjon\\\/#mainImage\",\"width\":1000,\"height\":1000},\"primaryImageOfPage\":{\"@id\":\"https:\\\/\\\/droix.eu\\\/no\\\/product\\\/gpd-win-4-dokkingstasjon\\\/#mainImage\"},\"datePublished\":\"2023-04-24T12:53:34+01:00\",\"dateModified\":\"2026-04-23T14:18:17+01:00\"},{\"@type\":\"WebSite\",\"@id\":\"https:\\\/\\\/droix.eu\\\/no\\\/#website\",\"url\":\"https:\\\/\\\/droix.eu\\\/no\\\/\",\"name\":\"DROIX EU\",\"description\":\"Get the latest Mini PCs, Ultrabook, PC Gaming Handhelds and more!\",\"inLanguage\":\"nb-NO\",\"publisher\":{\"@id\":\"https:\\\/\\\/droix.eu\\\/no\\\/#organization\"}}]}\n\t\t<\/script>\n\t\t<!-- All in One SEO Pro -->\r\n\t\t<title>GPD WIN 4 dokkingstasjon - DROIX EU<\/title>\n\n","aioseo_head_json":{"title":"GPD WIN 4 dokkingstasjon - DROIX EU","description":"Oppbevar og lad GPD WIN 4 Gj\u00f8r det mulig \u00e5 gj\u00f8re h\u00e5ndholdt PC om til et komplett skrivebord Koble til alle eksterne enheter. Offisielt GPD-produkt utviklet for GPD WIN 4 Liten, lett og b\u00e6rbar. Pakken inkluderer 1x offisiell GPD WIN 4-dokkingstasjon","canonical_url":"https:\/\/droix.eu\/no\/product\/gpd-win-4-dokkingstasjon\/","robots":"max-image-preview:large","keywords":"","webmasterTools":{"miscellaneous":""},"schema":{"@context":"https:\/\/schema.org","@graph":[{"@type":"BreadcrumbList","@id":"https:\/\/droix.eu\/no\/product\/gpd-win-4-dokkingstasjon\/#breadcrumblist","itemListElement":[{"@type":"ListItem","@id":"https:\/\/droix.eu\/no\/#listItem","position":1,"name":"Home","item":"https:\/\/droix.eu\/no\/","nextItem":{"@type":"ListItem","@id":"https:\/\/droix.eu\/no\/product-category\/tilbehor-no\/#listItem","name":"Tilbeh\u00f8r"}},{"@type":"ListItem","@id":"https:\/\/droix.eu\/no\/product-category\/tilbehor-no\/#listItem","position":2,"name":"Tilbeh\u00f8r","item":"https:\/\/droix.eu\/no\/product-category\/tilbehor-no\/","nextItem":{"@type":"ListItem","@id":"https:\/\/droix.eu\/no\/product-category\/tilbehor-no\/spilltilbehor\/#listItem","name":"Spilltilbeh\u00f8r"},"previousItem":{"@type":"ListItem","@id":"https:\/\/droix.eu\/no\/#listItem","name":"Home"}},{"@type":"ListItem","@id":"https:\/\/droix.eu\/no\/product-category\/tilbehor-no\/spilltilbehor\/#listItem","position":3,"name":"Spilltilbeh\u00f8r","item":"https:\/\/droix.eu\/no\/product-category\/tilbehor-no\/spilltilbehor\/","nextItem":{"@type":"ListItem","@id":"https:\/\/droix.eu\/no\/product\/gpd-win-4-dokkingstasjon\/#listItem","name":"GPD WIN 4 dokkingstasjon"},"previousItem":{"@type":"ListItem","@id":"https:\/\/droix.eu\/no\/product-category\/tilbehor-no\/#listItem","name":"Tilbeh\u00f8r"}},{"@type":"ListItem","@id":"https:\/\/droix.eu\/no\/product\/gpd-win-4-dokkingstasjon\/#listItem","position":4,"name":"GPD WIN 4 dokkingstasjon","previousItem":{"@type":"ListItem","@id":"https:\/\/droix.eu\/no\/product-category\/tilbehor-no\/spilltilbehor\/#listItem","name":"Spilltilbeh\u00f8r"}}]},{"@type":"Organization","@id":"https:\/\/droix.eu\/no\/#organization","name":"DroiX \u2013 Trusted EU Tech Retailer with 12+ Years Experience","description":"DroiX is a leading European technology retailer with over 12 years of experience, offering quality mini PCs, handheld gaming consoles, and tech accessories. We provide hassle-free EU delivery with all taxes included, ensuring a smooth and reliable shopping experience for our customers across Europe.","url":"https:\/\/droix.eu\/no\/","logo":{"@type":"ImageObject","url":"https:\/\/droix.eu\/wp-content\/uploads\/2024\/06\/droix-v2-light-logo.png","@id":"https:\/\/droix.eu\/no\/product\/gpd-win-4-dokkingstasjon\/#organizationLogo","width":380,"height":118},"image":{"@id":"https:\/\/droix.eu\/no\/product\/gpd-win-4-dokkingstasjon\/#organizationLogo"},"sameAs":["https:\/\/www.facebook.com\/DroiX.Store","https:\/\/twitter.com\/DroiX_Store","https:\/\/www.instagram.com\/droix.store\/","https:\/\/www.tiktok.com\/@droix.store","https:\/\/www.youtube.com\/c\/DroiX_Store","https:\/\/uk.linkedin.com\/company\/droix"]},{"@type":"Product","@id":"https:\/\/droix.eu\/no\/product\/gpd-win-4-dokkingstasjon\/#wooCommerceProduct","name":"GPD WIN 4 dokkingstasjon","description":"Oppbevar og lad GPD WIN 4\nGj\u00f8r det mulig \u00e5 gj\u00f8re h\u00e5ndholdt PC om til et komplett skrivebord\nKoble til alle eksterne enheter.\nOffisielt GPD-produkt utviklet for GPD WIN 4\nLiten, lett og b\u00e6rbar.","url":"https:\/\/droix.eu\/no\/product\/gpd-win-4-dokkingstasjon\/","sku":"GPD-WIN_4-DOCKING-STATION","gtin":"5060763674660","image":{"@type":"ImageObject","url":"https:\/\/droix.eu\/wp-content\/uploads\/2023\/04\/6664315main-win4-docking.png","@id":"https:\/\/droix.eu\/no\/product\/gpd-win-4-dokkingstasjon\/#productImage","width":1000,"height":1000},"offers":{"@type":"Offer","url":"https:\/\/droix.eu\/no\/product\/gpd-win-4-dokkingstasjon\/#wooCommerceOffer","price":52.95,"priceCurrency":"EUR","category":"Spilltilbeh\u00f8r","availability":"https:\/\/schema.org\/OutOfStock","priceSpecification":{"@type":"PriceSpecification","price":52.95,"priceCurrency":"EUR","valueAddedTaxIncluded":"true"},"seller":{"@type":"Organization","@id":"https:\/\/droix.eu\/no\/#organization"}}},{"@type":"WebPage","@id":"https:\/\/droix.eu\/no\/product\/gpd-win-4-dokkingstasjon\/#webpage","url":"https:\/\/droix.eu\/no\/product\/gpd-win-4-dokkingstasjon\/","name":"GPD WIN 4 dokkingstasjon - DROIX EU","description":"Oppbevar og lad GPD WIN 4 Gj\u00f8r det mulig \u00e5 gj\u00f8re h\u00e5ndholdt PC om til et komplett skrivebord Koble til alle eksterne enheter. Offisielt GPD-produkt utviklet for GPD WIN 4 Liten, lett og b\u00e6rbar. Pakken inkluderer 1x offisiell GPD WIN 4-dokkingstasjon","inLanguage":"nb-NO","isPartOf":{"@id":"https:\/\/droix.eu\/no\/#website"},"breadcrumb":{"@id":"https:\/\/droix.eu\/no\/product\/gpd-win-4-dokkingstasjon\/#breadcrumblist"},"image":{"@type":"ImageObject","url":"https:\/\/droix.eu\/wp-content\/uploads\/2023\/04\/6664315main-win4-docking.png","@id":"https:\/\/droix.eu\/no\/product\/gpd-win-4-dokkingstasjon\/#mainImage","width":1000,"height":1000},"primaryImageOfPage":{"@id":"https:\/\/droix.eu\/no\/product\/gpd-win-4-dokkingstasjon\/#mainImage"},"datePublished":"2023-04-24T12:53:34+01:00","dateModified":"2026-04-23T14:18:17+01:00"},{"@type":"WebSite","@id":"https:\/\/droix.eu\/no\/#website","url":"https:\/\/droix.eu\/no\/","name":"DROIX EU","description":"Get the latest Mini PCs, Ultrabook, PC Gaming Handhelds and more!","inLanguage":"nb-NO","publisher":{"@id":"https:\/\/droix.eu\/no\/#organization"}}]},"og:locale":"nb_NO","og:site_name":"DROIX EU - Get the latest Mini PCs, Ultrabook, PC Gaming Handhelds and more!","og:type":"article","og:title":"GPD WIN 4 dokkingstasjon - DROIX EU","og:description":"Oppbevar og lad GPD WIN 4 Gj\u00f8r det mulig \u00e5 gj\u00f8re h\u00e5ndholdt PC om til et komplett skrivebord Koble til alle eksterne enheter. Offisielt GPD-produkt utviklet for GPD WIN 4 Liten, lett og b\u00e6rbar. Pakken inkluderer 1x offisiell GPD WIN 4-dokkingstasjon","og:url":"https:\/\/droix.eu\/no\/product\/gpd-win-4-dokkingstasjon\/","og:image":"https:\/\/droix.eu\/wp-content\/uploads\/2024\/06\/droix-v2-light-logo.png","og:image:secure_url":"https:\/\/droix.eu\/wp-content\/uploads\/2024\/06\/droix-v2-light-logo.png","og:image:width":380,"og:image:height":118,"article:published_time":"2023-04-24T11:53:34+00:00","article:modified_time":"2026-04-23T13:18:17+00:00","article:publisher":"https:\/\/www.facebook.com\/DroiX.Store","twitter:card":"summary_large_image","twitter:site":"@DroiX_Store","twitter:title":"GPD WIN 4 dokkingstasjon - DROIX EU","twitter:description":"Oppbevar og lad GPD WIN 4 Gj\u00f8r det mulig \u00e5 gj\u00f8re h\u00e5ndholdt PC om til et komplett skrivebord Koble til alle eksterne enheter. Offisielt GPD-produkt utviklet for GPD WIN 4 Liten, lett og b\u00e6rbar. Pakken inkluderer 1x offisiell GPD WIN 4-dokkingstasjon","twitter:image":"https:\/\/droix.eu\/wp-content\/uploads\/2024\/06\/droix-v2-light-logo.png"},"aioseo_meta_data":{"post_id":"511299","title":null,"description":null,"keywords":null,"keyphrases":null,"primary_term":null,"canonical_url":null,"og_title":null,"og_description":null,"og_object_type":"default","og_image_type":"default","og_image_url":null,"og_image_width":null,"og_image_height":null,"og_image_custom_url":null,"og_image_custom_fields":null,"og_video":null,"og_custom_url":null,"og_article_section":null,"og_article_tags":null,"twitter_use_og":true,"twitter_card":"default","twitter_image_type":"default","twitter_image_url":null,"twitter_image_custom_url":null,"twitter_image_custom_fields":null,"twitter_title":null,"twitter_description":null,"schema":{"blockGraphs":[],"customGraphs":[],"default":{"data":{"Article":[],"Course":[],"Dataset":[],"FAQPage":[],"Movie":[],"Person":[],"Product":[],"ProductReview":[],"Car":[],"Recipe":[],"Service":[],"SoftwareApplication":[],"WebPage":[]},"graphName":"Product","isEnabled":true},"graphs":[]},"schema_type":"default","schema_type_options":null,"pillar_content":false,"robots_default":true,"robots_noindex":false,"robots_noarchive":false,"robots_nosnippet":false,"robots_nofollow":false,"robots_noimageindex":false,"robots_noodp":false,"robots_notranslate":false,"robots_max_snippet":null,"robots_max_videopreview":null,"robots_max_imagepreview":"large","priority":null,"frequency":null,"local_seo":null,"seo_analyzer_scan_date":"2026-04-23 13:54:01","breadcrumb_settings":null,"limit_modified_date":false,"reviewed_by":null,"open_ai":null,"ai":null,"created":"2025-10-09 04:09:56","updated":"2026-04-23 15:30:45"},"aioseo_breadcrumb":"<div class=\"aioseo-breadcrumbs\"><span class=\"aioseo-breadcrumb\">\n\t<a href=\"https:\/\/droix.eu\/no\/\" title=\"Home\">Home<\/a>\n<\/span><span class=\"aioseo-breadcrumb-separator\">&raquo;<\/span><span class=\"aioseo-breadcrumb\">\n\t<a href=\"https:\/\/droix.eu\/no\/product-category\/tilbehor-no\/\" title=\"Tilbeh\u00f8r\">Tilbeh\u00f8r<\/a>\n<\/span><span class=\"aioseo-breadcrumb-separator\">&raquo;<\/span><span class=\"aioseo-breadcrumb\">\n\t<a href=\"https:\/\/droix.eu\/no\/product-category\/tilbehor-no\/spilltilbehor\/\" title=\"Spilltilbeh\u00f8r\">Spilltilbeh\u00f8r<\/a>\n<\/span><span class=\"aioseo-breadcrumb-separator\">&raquo;<\/span><span class=\"aioseo-breadcrumb\">\n\tGPD WIN 4 dokkingstasjon\n<\/span><\/div>","aioseo_breadcrumb_json":[{"label":"Home","link":"https:\/\/droix.eu\/no\/"},{"label":"Tilbeh\u00f8r","link":"https:\/\/droix.eu\/no\/product-category\/tilbehor-no\/"},{"label":"Spilltilbeh\u00f8r","link":"https:\/\/droix.eu\/no\/product-category\/tilbehor-no\/spilltilbehor\/"},{"label":"GPD WIN 4 dokkingstasjon","link":"https:\/\/droix.eu\/no\/product\/gpd-win-4-dokkingstasjon\/"}],"_links":{"self":[{"href":"https:\/\/droix.eu\/no\/wp-json\/wp\/v2\/product\/511299","targetHints":{"allow":["GET"]}}],"collection":[{"href":"https:\/\/droix.eu\/no\/wp-json\/wp\/v2\/product"}],"about":[{"href":"https:\/\/droix.eu\/no\/wp-json\/wp\/v2\/types\/product"}],"version-history":[{"count":0,"href":"https:\/\/droix.eu\/no\/wp-json\/wp\/v2\/product\/511299\/revisions"}],"wp:featuredmedia":[{"embeddable":true,"href":"https:\/\/droix.eu\/no\/wp-json\/wp\/v2\/media\/364517"}],"wp:attachment":[{"href":"https:\/\/droix.eu\/no\/wp-json\/wp\/v2\/media?parent=511299"}],"wp:term":[{"taxonomy":"product_brand","embeddable":true,"href":"https:\/\/droix.eu\/no\/wp-json\/wp\/v2\/product_brand?post=511299"},{"taxonomy":"product_cat","embeddable":true,"href":"https:\/\/droix.eu\/no\/wp-json\/wp\/v2\/product_cat?post=511299"},{"taxonomy":"product_tag","embeddable":true,"href":"https:\/\/droix.eu\/no\/wp-json\/wp\/v2\/product_tag?post=511299"},{"taxonomy":"woo-feed-brand","embeddable":true,"href":"https:\/\/droix.eu\/no\/wp-json\/wp\/v2\/woo-feed-brand?post=511299"},{"taxonomy":"key-features","embeddable":true,"href":"https:\/\/droix.eu\/no\/wp-json\/wp\/v2\/key-features?post=511299"}],"curies":[{"name":"wp","href":"https:\/\/api.w.org\/{rel}","templated":true}]}}