{"id":508834,"date":"2024-07-16T11:40:59","date_gmt":"2024-07-16T10:40:59","guid":{"rendered":"https:\/\/droix.eu\/product\/anbernic-rg-cube-bag\/"},"modified":"2026-03-27T12:33:50","modified_gmt":"2026-03-27T12:33:50","slug":"anbernic-rg-cube-bag","status":"publish","type":"product","link":"https:\/\/droix.eu\/no\/product\/anbernic-rg-cube-bag\/","title":{"rendered":"ANBERNIC RG Cube Bag"},"content":{"rendered":"\n<p>Produktnavn: Oppbevaringspose for spillkonsoll<br\/><br\/>Produktfarge: svart<br\/><br\/>Produktmateriale: vanntett t\u00f8y av h\u00f8y kvalitet<br\/><br\/>Gjeldende modell: for ANBERNIC RG Cube<\/p>\n\n<h3 class=\"wp-block-heading\">Produktfunksjoner:<\/h3>\n\n<p><br\/>1. Multifunksjonell: Ikke bare kan den b\u00e6re spillkonsollen din, men den kan ogs\u00e5 oppbevare tilbeh\u00f8r som ladere, hodetelefoner, datakabler osv. Denne vesken har flere funksjoner for \u00e5 beskytte spillkonsollen og tilbeh\u00f8ret ditt bedre.<br\/><br\/>2. Lett og b\u00e6rbar: Den har en lett design og er veldig praktisk \u00e5 b\u00e6re. Enten du skal ut eller bruke den hjemme, kan du alltid legge spillkonsollen og tilbeh\u00f8ret i vesken, noe som gir omfattende beskyttelse og praktisk transport.<br\/><br\/>3. Kvalitetssikring: Laget av materialer av h\u00f8y kvalitet, det er mer varig og kan brukes i lang tid uten slitasje og skade. Denne vesken er den beste beskyttelsen for spillkonsollen din, og gir deg en komfortabel og trygg spillopplevelse.<br\/><br\/>4. Moteutseende: Utseendet er stilig og enkelt, noe som ikke bare beskytter spillkonsollen og tilbeh\u00f8ret, men ogs\u00e5 forbedrer motesansen din, noe som gj\u00f8r at du f\u00f8ler deg trygg og sjarmerende i enhver anledning.<br\/><br\/>5. B\u00e6rbar design: Den h\u00e5ndveskeaktige designen gj\u00f8r at du kan b\u00e6re spillkonsollen i en rekke situasjoner, slik at du kan b\u00e6re den uten at den tar for mye plass i h\u00e5nden.<br\/><br\/>Produktets bruttovekt: 130 g<br\/><br\/>Pakken inkluderer: Oppbevaringspose for spillkonsoll * 1<\/p>\n\n<figure class=\"wp-block-image\"><img decoding=\"async\" src=\"https:\/\/ae01.alicdn.com\/kf\/S47af09c6805345fab0667f4210505b64g.jpg\" alt=\"Anbernic RG Cube Case - B&#xE6;rbart, svart etui for Anbernic h&#xE5;ndholdte konsoller, med elegant design, innvendig nettinglomme for tilbeh&#xF8;r og robust byggekvalitet for spilling p&#xE5; farten.\"\/><\/figure>\n\n<figure class=\"wp-block-image\"><img decoding=\"async\" src=\"https:\/\/ae01.alicdn.com\/kf\/S2785b70135a540c583158fcc5a78dc5b7.jpg\" alt=\"Anbernic RG Cube Case - Beskyttende svart b&#xE6;reveske for Anbernic-spillkonsoller, med mykt polstret interi&#xF8;r, slitesterkt utvendig skall og kompakt design for enkel transport\"\/><\/figure>\n\n<figure class=\"wp-block-image\"><img decoding=\"async\" src=\"https:\/\/ae01.alicdn.com\/kf\/S091362331cd549caa28e2cf13f83d019s.jpg\" alt=\"Anbernic RG Cube Case - Svart beskyttelsesveske med sikker glidel&#xE5;slukking, spesialtilpasset for Anbernic-spillenheter, som gir overlegen beskyttelse mot riper og st&#xF8;t.\"\/><\/figure>\n\n<figure class=\"wp-block-image\"><img decoding=\"async\" src=\"https:\/\/ae01.alicdn.com\/kf\/Sc0cb06fe4efa49a985b944aa17d27d29S.jpg\" alt=\"Anbernic RG Cube Case - Svart beskyttelsesveske med sikker glidel&#xE5;slukking, spesialtilpasset for Anbernic-spillenheter, som gir overlegen beskyttelse mot riper og st&#xF8;t.\"\/><\/figure>\n\n<figure class=\"wp-block-image\"><img decoding=\"async\" src=\"https:\/\/ae01.alicdn.com\/kf\/Sca5337fc1adf4aa094209058e7fc98b9j.jpg\" alt=\"Anbernic Cube-etui i svart, med en kompakt og elegant design med et slitesterkt, strukturert ytre for bedre grep. Kofferten har spesialtilpassede skuminnlegg som holder Anbernic-spillkonsollen og tilbeh&#xF8;ret sikkert p&#xE5; plass, slik at det er godt beskyttet under reisen.\"\/><\/figure>\n\n<figure class=\"wp-block-image\"><img decoding=\"async\" src=\"https:\/\/ae01.alicdn.com\/kf\/S3b16c1675638498f9fd6dbc53a777f85c.jpg\" alt=\"Anbernic RG Cube Case - B&#xE6;rbart, svart etui for Anbernic h&#xE5;ndholdte konsoller, med elegant design, innvendig nettinglomme for tilbeh&#xF8;r og robust byggekvalitet for spilling p&#xE5; farten.\"\/><\/figure>\n","protected":false},"excerpt":{"rendered":"<ul>\n<li><strong>Offisielt<\/strong> ANBERNIC-tilbeh\u00f8r<\/li>\n<li><strong>Overlegen beskyttelse<\/strong> Laget av f\u00f8rsteklasses l\u00e6r<\/li>\n<li>Mykt stofffor for <strong>ekstra beskyttelse<\/strong>.<\/li>\n<\/ul>\n[droix_global_accordions]\n[cg_accordion title=\"Pakken inkluderer\"]<\/p>\n<ul>\n<li>1x Etui<\/li>\n<\/ul>\n<p>[\/cg_accordion]\n","protected":false},"featured_media":486295,"template":"","meta":{"_acf_changed":false},"product_brand":[],"product_cat":[13104,12964],"product_tag":[],"woo-feed-brand":[],"key-features":[],"class_list":{"0":"post-508834","1":"product","2":"type-product","3":"status-publish","4":"has-post-thumbnail","6":"product_cat-spilltilbehor","7":"product_cat-tilbehor-no","8":"product_shipping_class-low-end","9":"pa_accessory-type-protective-case","10":"pa_brands-anbernic-no","11":"pa_compatibility-anbernic-rg-kube","13":"first","14":"outofstock","15":"sale","16":"taxable","17":"shipping-taxable","18":"purchasable","19":"product-type-simple"},"acf":[],"aioseo_notices":[],"aioseo_head":"\n\t\t<!-- All in One SEO Pro 4.9.6.2 - aioseo.com -->\n\t<meta name=\"description\" content=\"Offisielt ANBERNIC-tilbeh\u00f8r Overlegen beskyttelse Laget av f\u00f8rsteklasses l\u00e6r Mykt stofffor for ekstra beskyttelse. Pakken inkluderer 1x Etui\" \/>\n\t<meta name=\"robots\" content=\"max-image-preview:large\" \/>\n\t<link rel=\"canonical\" href=\"https:\/\/droix.eu\/no\/product\/anbernic-rg-cube-bag\/\" \/>\n\t<meta name=\"generator\" content=\"All in One SEO Pro (AIOSEO) 4.9.6.2\" \/>\n\t\t<meta property=\"og:locale\" content=\"nb_NO\" \/>\n\t\t<meta property=\"og:site_name\" content=\"DROIX EU - Get the latest Mini PCs, Ultrabook, PC Gaming Handhelds and more!\" \/>\n\t\t<meta property=\"og:type\" content=\"article\" \/>\n\t\t<meta property=\"og:title\" content=\"ANBERNIC RG Cube Bag - DROIX EU\" \/>\n\t\t<meta property=\"og:description\" content=\"Offisielt ANBERNIC-tilbeh\u00f8r Overlegen beskyttelse Laget av f\u00f8rsteklasses l\u00e6r Mykt stofffor for ekstra beskyttelse. Pakken inkluderer 1x Etui\" \/>\n\t\t<meta property=\"og:url\" content=\"https:\/\/droix.eu\/no\/product\/anbernic-rg-cube-bag\/\" \/>\n\t\t<meta property=\"og:image\" content=\"https:\/\/droix.eu\/wp-content\/uploads\/2024\/06\/droix-v2-light-logo.png\" \/>\n\t\t<meta property=\"og:image:secure_url\" content=\"https:\/\/droix.eu\/wp-content\/uploads\/2024\/06\/droix-v2-light-logo.png\" \/>\n\t\t<meta property=\"og:image:width\" content=\"380\" \/>\n\t\t<meta property=\"og:image:height\" content=\"118\" \/>\n\t\t<meta property=\"article:published_time\" content=\"2024-07-16T10:40:59+00:00\" \/>\n\t\t<meta property=\"article:modified_time\" content=\"2026-03-27T12:33:50+00:00\" \/>\n\t\t<meta property=\"article:publisher\" content=\"https:\/\/www.facebook.com\/DroiX.Store\" \/>\n\t\t<meta name=\"twitter:card\" content=\"summary_large_image\" \/>\n\t\t<meta name=\"twitter:site\" content=\"@DroiX_Store\" \/>\n\t\t<meta name=\"twitter:title\" content=\"ANBERNIC RG Cube Bag - DROIX EU\" \/>\n\t\t<meta name=\"twitter:description\" content=\"Offisielt ANBERNIC-tilbeh\u00f8r Overlegen beskyttelse Laget av f\u00f8rsteklasses l\u00e6r Mykt stofffor for ekstra beskyttelse. Pakken inkluderer 1x Etui\" \/>\n\t\t<meta name=\"twitter:image\" content=\"https:\/\/droix.eu\/wp-content\/uploads\/2024\/06\/droix-v2-light-logo.png\" \/>\n\t\t<script type=\"application\/ld+json\" class=\"aioseo-schema\">\n\t\t\t{\"@context\":\"https:\\\/\\\/schema.org\",\"@graph\":[{\"@type\":\"BreadcrumbList\",\"@id\":\"https:\\\/\\\/droix.eu\\\/no\\\/product\\\/anbernic-rg-cube-bag\\\/#breadcrumblist\",\"itemListElement\":[{\"@type\":\"ListItem\",\"@id\":\"https:\\\/\\\/droix.eu\\\/no\\\/#listItem\",\"position\":1,\"name\":\"Home\",\"item\":\"https:\\\/\\\/droix.eu\\\/no\\\/\",\"nextItem\":{\"@type\":\"ListItem\",\"@id\":\"https:\\\/\\\/droix.eu\\\/no\\\/product-category\\\/tilbehor-no\\\/#listItem\",\"name\":\"Tilbeh\\u00f8r\"}},{\"@type\":\"ListItem\",\"@id\":\"https:\\\/\\\/droix.eu\\\/no\\\/product-category\\\/tilbehor-no\\\/#listItem\",\"position\":2,\"name\":\"Tilbeh\\u00f8r\",\"item\":\"https:\\\/\\\/droix.eu\\\/no\\\/product-category\\\/tilbehor-no\\\/\",\"nextItem\":{\"@type\":\"ListItem\",\"@id\":\"https:\\\/\\\/droix.eu\\\/no\\\/product-category\\\/tilbehor-no\\\/spilltilbehor\\\/#listItem\",\"name\":\"Spilltilbeh\\u00f8r\"},\"previousItem\":{\"@type\":\"ListItem\",\"@id\":\"https:\\\/\\\/droix.eu\\\/no\\\/#listItem\",\"name\":\"Home\"}},{\"@type\":\"ListItem\",\"@id\":\"https:\\\/\\\/droix.eu\\\/no\\\/product-category\\\/tilbehor-no\\\/spilltilbehor\\\/#listItem\",\"position\":3,\"name\":\"Spilltilbeh\\u00f8r\",\"item\":\"https:\\\/\\\/droix.eu\\\/no\\\/product-category\\\/tilbehor-no\\\/spilltilbehor\\\/\",\"nextItem\":{\"@type\":\"ListItem\",\"@id\":\"https:\\\/\\\/droix.eu\\\/no\\\/product\\\/anbernic-rg-cube-bag\\\/#listItem\",\"name\":\"ANBERNIC RG Cube Bag\"},\"previousItem\":{\"@type\":\"ListItem\",\"@id\":\"https:\\\/\\\/droix.eu\\\/no\\\/product-category\\\/tilbehor-no\\\/#listItem\",\"name\":\"Tilbeh\\u00f8r\"}},{\"@type\":\"ListItem\",\"@id\":\"https:\\\/\\\/droix.eu\\\/no\\\/product\\\/anbernic-rg-cube-bag\\\/#listItem\",\"position\":4,\"name\":\"ANBERNIC RG Cube Bag\",\"previousItem\":{\"@type\":\"ListItem\",\"@id\":\"https:\\\/\\\/droix.eu\\\/no\\\/product-category\\\/tilbehor-no\\\/spilltilbehor\\\/#listItem\",\"name\":\"Spilltilbeh\\u00f8r\"}}]},{\"@type\":\"Organization\",\"@id\":\"https:\\\/\\\/droix.eu\\\/no\\\/#organization\",\"name\":\"DroiX \\u2013 Trusted EU Tech Retailer with 12+ Years Experience\",\"description\":\"DroiX is a leading European technology retailer with over 12 years of experience, offering quality mini PCs, handheld gaming consoles, and tech accessories. We provide hassle-free EU delivery with all taxes included, ensuring a smooth and reliable shopping experience for our customers across Europe.\",\"url\":\"https:\\\/\\\/droix.eu\\\/no\\\/\",\"logo\":{\"@type\":\"ImageObject\",\"url\":\"https:\\\/\\\/droix.eu\\\/wp-content\\\/uploads\\\/2024\\\/06\\\/droix-v2-light-logo.png\",\"@id\":\"https:\\\/\\\/droix.eu\\\/no\\\/product\\\/anbernic-rg-cube-bag\\\/#organizationLogo\",\"width\":380,\"height\":118},\"image\":{\"@id\":\"https:\\\/\\\/droix.eu\\\/no\\\/product\\\/anbernic-rg-cube-bag\\\/#organizationLogo\"},\"sameAs\":[\"https:\\\/\\\/www.facebook.com\\\/DroiX.Store\",\"https:\\\/\\\/twitter.com\\\/DroiX_Store\",\"https:\\\/\\\/www.instagram.com\\\/droix.store\\\/\",\"https:\\\/\\\/www.tiktok.com\\\/@droix.store\",\"https:\\\/\\\/www.youtube.com\\\/c\\\/DroiX_Store\",\"https:\\\/\\\/uk.linkedin.com\\\/company\\\/droix\"]},{\"@type\":\"Product\",\"@id\":\"https:\\\/\\\/droix.eu\\\/no\\\/product\\\/anbernic-rg-cube-bag\\\/#wooCommerceProduct\",\"name\":\"ANBERNIC RG Cube Bag\",\"description\":\"Offisielt ANBERNIC-tilbeh\\u00f8r\\nOverlegen beskyttelse Laget av f\\u00f8rsteklasses l\\u00e6r\\nMykt stofffor for ekstra beskyttelse.\",\"url\":\"https:\\\/\\\/droix.eu\\\/no\\\/product\\\/anbernic-rg-cube-bag\\\/\",\"sku\":\"RG-CUBE-BAG\",\"gtin\":\"5060763679351\",\"image\":{\"@type\":\"ImageObject\",\"url\":\"https:\\\/\\\/droix.eu\\\/wp-content\\\/uploads\\\/2024\\\/07\\\/CUBE-CASE.png\",\"@id\":\"https:\\\/\\\/droix.eu\\\/no\\\/product\\\/anbernic-rg-cube-bag\\\/#productImage\",\"width\":1001,\"height\":1001,\"caption\":\"Anbernic Cube-etui i svart, med en kompakt og elegant design med et slitesterkt, strukturert ytre for bedre grep. Kofferten har spesialtilpassede skuminnlegg som holder Anbernic-spillkonsollen og tilbeh\\u00f8ret sikkert p\\u00e5 plass, slik at det er godt beskyttet under reisen.\"},\"offers\":{\"@type\":\"Offer\",\"url\":\"https:\\\/\\\/droix.eu\\\/no\\\/product\\\/anbernic-rg-cube-bag\\\/#wooCommerceOffer\",\"price\":6.09,\"priceCurrency\":\"EUR\",\"category\":\"Spilltilbeh\\u00f8r\",\"availability\":\"https:\\\/\\\/schema.org\\\/OutOfStock\",\"priceSpecification\":{\"@type\":\"PriceSpecification\",\"price\":6.09,\"priceCurrency\":\"EUR\",\"valueAddedTaxIncluded\":\"true\"},\"seller\":{\"@type\":\"Organization\",\"@id\":\"https:\\\/\\\/droix.eu\\\/no\\\/#organization\"}}},{\"@type\":\"WebPage\",\"@id\":\"https:\\\/\\\/droix.eu\\\/no\\\/product\\\/anbernic-rg-cube-bag\\\/#webpage\",\"url\":\"https:\\\/\\\/droix.eu\\\/no\\\/product\\\/anbernic-rg-cube-bag\\\/\",\"name\":\"ANBERNIC RG Cube Bag - DROIX EU\",\"description\":\"Offisielt ANBERNIC-tilbeh\\u00f8r Overlegen beskyttelse Laget av f\\u00f8rsteklasses l\\u00e6r Mykt stofffor for ekstra beskyttelse. Pakken inkluderer 1x Etui\",\"inLanguage\":\"nb-NO\",\"isPartOf\":{\"@id\":\"https:\\\/\\\/droix.eu\\\/no\\\/#website\"},\"breadcrumb\":{\"@id\":\"https:\\\/\\\/droix.eu\\\/no\\\/product\\\/anbernic-rg-cube-bag\\\/#breadcrumblist\"},\"image\":{\"@type\":\"ImageObject\",\"url\":\"https:\\\/\\\/droix.eu\\\/wp-content\\\/uploads\\\/2024\\\/07\\\/CUBE-CASE.png\",\"@id\":\"https:\\\/\\\/droix.eu\\\/no\\\/product\\\/anbernic-rg-cube-bag\\\/#mainImage\",\"width\":1001,\"height\":1001,\"caption\":\"Anbernic Cube-etui i svart, med en kompakt og elegant design med et slitesterkt, strukturert ytre for bedre grep. Kofferten har spesialtilpassede skuminnlegg som holder Anbernic-spillkonsollen og tilbeh\\u00f8ret sikkert p\\u00e5 plass, slik at det er godt beskyttet under reisen.\"},\"primaryImageOfPage\":{\"@id\":\"https:\\\/\\\/droix.eu\\\/no\\\/product\\\/anbernic-rg-cube-bag\\\/#mainImage\"},\"datePublished\":\"2024-07-16T11:40:59+01:00\",\"dateModified\":\"2026-03-27T12:33:50+00:00\"},{\"@type\":\"WebSite\",\"@id\":\"https:\\\/\\\/droix.eu\\\/no\\\/#website\",\"url\":\"https:\\\/\\\/droix.eu\\\/no\\\/\",\"name\":\"DROIX EU\",\"description\":\"Get the latest Mini PCs, Ultrabook, PC Gaming Handhelds and more!\",\"inLanguage\":\"nb-NO\",\"publisher\":{\"@id\":\"https:\\\/\\\/droix.eu\\\/no\\\/#organization\"}}]}\n\t\t<\/script>\n\t\t<!-- All in One SEO Pro -->\r\n\t\t<title>ANBERNIC RG Cube Bag - DROIX EU<\/title>\n\n","aioseo_head_json":{"title":"ANBERNIC RG Cube Bag - DROIX EU","description":"Offisielt ANBERNIC-tilbeh\u00f8r Overlegen beskyttelse Laget av f\u00f8rsteklasses l\u00e6r Mykt stofffor for ekstra beskyttelse. Pakken inkluderer 1x Etui","canonical_url":"https:\/\/droix.eu\/no\/product\/anbernic-rg-cube-bag\/","robots":"max-image-preview:large","keywords":"","webmasterTools":{"miscellaneous":""},"schema":{"@context":"https:\/\/schema.org","@graph":[{"@type":"BreadcrumbList","@id":"https:\/\/droix.eu\/no\/product\/anbernic-rg-cube-bag\/#breadcrumblist","itemListElement":[{"@type":"ListItem","@id":"https:\/\/droix.eu\/no\/#listItem","position":1,"name":"Home","item":"https:\/\/droix.eu\/no\/","nextItem":{"@type":"ListItem","@id":"https:\/\/droix.eu\/no\/product-category\/tilbehor-no\/#listItem","name":"Tilbeh\u00f8r"}},{"@type":"ListItem","@id":"https:\/\/droix.eu\/no\/product-category\/tilbehor-no\/#listItem","position":2,"name":"Tilbeh\u00f8r","item":"https:\/\/droix.eu\/no\/product-category\/tilbehor-no\/","nextItem":{"@type":"ListItem","@id":"https:\/\/droix.eu\/no\/product-category\/tilbehor-no\/spilltilbehor\/#listItem","name":"Spilltilbeh\u00f8r"},"previousItem":{"@type":"ListItem","@id":"https:\/\/droix.eu\/no\/#listItem","name":"Home"}},{"@type":"ListItem","@id":"https:\/\/droix.eu\/no\/product-category\/tilbehor-no\/spilltilbehor\/#listItem","position":3,"name":"Spilltilbeh\u00f8r","item":"https:\/\/droix.eu\/no\/product-category\/tilbehor-no\/spilltilbehor\/","nextItem":{"@type":"ListItem","@id":"https:\/\/droix.eu\/no\/product\/anbernic-rg-cube-bag\/#listItem","name":"ANBERNIC RG Cube Bag"},"previousItem":{"@type":"ListItem","@id":"https:\/\/droix.eu\/no\/product-category\/tilbehor-no\/#listItem","name":"Tilbeh\u00f8r"}},{"@type":"ListItem","@id":"https:\/\/droix.eu\/no\/product\/anbernic-rg-cube-bag\/#listItem","position":4,"name":"ANBERNIC RG Cube Bag","previousItem":{"@type":"ListItem","@id":"https:\/\/droix.eu\/no\/product-category\/tilbehor-no\/spilltilbehor\/#listItem","name":"Spilltilbeh\u00f8r"}}]},{"@type":"Organization","@id":"https:\/\/droix.eu\/no\/#organization","name":"DroiX \u2013 Trusted EU Tech Retailer with 12+ Years Experience","description":"DroiX is a leading European technology retailer with over 12 years of experience, offering quality mini PCs, handheld gaming consoles, and tech accessories. We provide hassle-free EU delivery with all taxes included, ensuring a smooth and reliable shopping experience for our customers across Europe.","url":"https:\/\/droix.eu\/no\/","logo":{"@type":"ImageObject","url":"https:\/\/droix.eu\/wp-content\/uploads\/2024\/06\/droix-v2-light-logo.png","@id":"https:\/\/droix.eu\/no\/product\/anbernic-rg-cube-bag\/#organizationLogo","width":380,"height":118},"image":{"@id":"https:\/\/droix.eu\/no\/product\/anbernic-rg-cube-bag\/#organizationLogo"},"sameAs":["https:\/\/www.facebook.com\/DroiX.Store","https:\/\/twitter.com\/DroiX_Store","https:\/\/www.instagram.com\/droix.store\/","https:\/\/www.tiktok.com\/@droix.store","https:\/\/www.youtube.com\/c\/DroiX_Store","https:\/\/uk.linkedin.com\/company\/droix"]},{"@type":"Product","@id":"https:\/\/droix.eu\/no\/product\/anbernic-rg-cube-bag\/#wooCommerceProduct","name":"ANBERNIC RG Cube Bag","description":"Offisielt ANBERNIC-tilbeh\u00f8r\nOverlegen beskyttelse Laget av f\u00f8rsteklasses l\u00e6r\nMykt stofffor for ekstra beskyttelse.","url":"https:\/\/droix.eu\/no\/product\/anbernic-rg-cube-bag\/","sku":"RG-CUBE-BAG","gtin":"5060763679351","image":{"@type":"ImageObject","url":"https:\/\/droix.eu\/wp-content\/uploads\/2024\/07\/CUBE-CASE.png","@id":"https:\/\/droix.eu\/no\/product\/anbernic-rg-cube-bag\/#productImage","width":1001,"height":1001,"caption":"Anbernic Cube-etui i svart, med en kompakt og elegant design med et slitesterkt, strukturert ytre for bedre grep. Kofferten har spesialtilpassede skuminnlegg som holder Anbernic-spillkonsollen og tilbeh\u00f8ret sikkert p\u00e5 plass, slik at det er godt beskyttet under reisen."},"offers":{"@type":"Offer","url":"https:\/\/droix.eu\/no\/product\/anbernic-rg-cube-bag\/#wooCommerceOffer","price":6.09,"priceCurrency":"EUR","category":"Spilltilbeh\u00f8r","availability":"https:\/\/schema.org\/OutOfStock","priceSpecification":{"@type":"PriceSpecification","price":6.09,"priceCurrency":"EUR","valueAddedTaxIncluded":"true"},"seller":{"@type":"Organization","@id":"https:\/\/droix.eu\/no\/#organization"}}},{"@type":"WebPage","@id":"https:\/\/droix.eu\/no\/product\/anbernic-rg-cube-bag\/#webpage","url":"https:\/\/droix.eu\/no\/product\/anbernic-rg-cube-bag\/","name":"ANBERNIC RG Cube Bag - DROIX EU","description":"Offisielt ANBERNIC-tilbeh\u00f8r Overlegen beskyttelse Laget av f\u00f8rsteklasses l\u00e6r Mykt stofffor for ekstra beskyttelse. Pakken inkluderer 1x Etui","inLanguage":"nb-NO","isPartOf":{"@id":"https:\/\/droix.eu\/no\/#website"},"breadcrumb":{"@id":"https:\/\/droix.eu\/no\/product\/anbernic-rg-cube-bag\/#breadcrumblist"},"image":{"@type":"ImageObject","url":"https:\/\/droix.eu\/wp-content\/uploads\/2024\/07\/CUBE-CASE.png","@id":"https:\/\/droix.eu\/no\/product\/anbernic-rg-cube-bag\/#mainImage","width":1001,"height":1001,"caption":"Anbernic Cube-etui i svart, med en kompakt og elegant design med et slitesterkt, strukturert ytre for bedre grep. Kofferten har spesialtilpassede skuminnlegg som holder Anbernic-spillkonsollen og tilbeh\u00f8ret sikkert p\u00e5 plass, slik at det er godt beskyttet under reisen."},"primaryImageOfPage":{"@id":"https:\/\/droix.eu\/no\/product\/anbernic-rg-cube-bag\/#mainImage"},"datePublished":"2024-07-16T11:40:59+01:00","dateModified":"2026-03-27T12:33:50+00:00"},{"@type":"WebSite","@id":"https:\/\/droix.eu\/no\/#website","url":"https:\/\/droix.eu\/no\/","name":"DROIX EU","description":"Get the latest Mini PCs, Ultrabook, PC Gaming Handhelds and more!","inLanguage":"nb-NO","publisher":{"@id":"https:\/\/droix.eu\/no\/#organization"}}]},"og:locale":"nb_NO","og:site_name":"DROIX EU - Get the latest Mini PCs, Ultrabook, PC Gaming Handhelds and more!","og:type":"article","og:title":"ANBERNIC RG Cube Bag - DROIX EU","og:description":"Offisielt ANBERNIC-tilbeh\u00f8r Overlegen beskyttelse Laget av f\u00f8rsteklasses l\u00e6r Mykt stofffor for ekstra beskyttelse. Pakken inkluderer 1x Etui","og:url":"https:\/\/droix.eu\/no\/product\/anbernic-rg-cube-bag\/","og:image":"https:\/\/droix.eu\/wp-content\/uploads\/2024\/06\/droix-v2-light-logo.png","og:image:secure_url":"https:\/\/droix.eu\/wp-content\/uploads\/2024\/06\/droix-v2-light-logo.png","og:image:width":380,"og:image:height":118,"article:published_time":"2024-07-16T10:40:59+00:00","article:modified_time":"2026-03-27T12:33:50+00:00","article:publisher":"https:\/\/www.facebook.com\/DroiX.Store","twitter:card":"summary_large_image","twitter:site":"@DroiX_Store","twitter:title":"ANBERNIC RG Cube Bag - DROIX EU","twitter:description":"Offisielt ANBERNIC-tilbeh\u00f8r Overlegen beskyttelse Laget av f\u00f8rsteklasses l\u00e6r Mykt stofffor for ekstra beskyttelse. Pakken inkluderer 1x Etui","twitter:image":"https:\/\/droix.eu\/wp-content\/uploads\/2024\/06\/droix-v2-light-logo.png"},"aioseo_meta_data":{"post_id":"508834","title":null,"description":null,"keywords":null,"keyphrases":null,"primary_term":null,"canonical_url":null,"og_title":null,"og_description":null,"og_object_type":"default","og_image_type":"default","og_image_url":null,"og_image_width":null,"og_image_height":null,"og_image_custom_url":null,"og_image_custom_fields":null,"og_video":null,"og_custom_url":null,"og_article_section":null,"og_article_tags":null,"twitter_use_og":true,"twitter_card":"default","twitter_image_type":"default","twitter_image_url":null,"twitter_image_custom_url":null,"twitter_image_custom_fields":null,"twitter_title":null,"twitter_description":null,"schema":{"blockGraphs":[],"customGraphs":[],"default":{"data":{"Article":[],"Course":[],"Dataset":[],"FAQPage":[],"Movie":[],"Person":[],"Product":[],"ProductReview":[],"Car":[],"Recipe":[],"Service":[],"SoftwareApplication":[],"WebPage":[]},"graphName":"Product","isEnabled":true},"graphs":[]},"schema_type":"default","schema_type_options":null,"pillar_content":false,"robots_default":true,"robots_noindex":false,"robots_noarchive":false,"robots_nosnippet":false,"robots_nofollow":false,"robots_noimageindex":false,"robots_noodp":false,"robots_notranslate":false,"robots_max_snippet":null,"robots_max_videopreview":null,"robots_max_imagepreview":"large","priority":null,"frequency":null,"local_seo":null,"seo_analyzer_scan_date":"2026-03-27 12:46:36","breadcrumb_settings":null,"limit_modified_date":false,"reviewed_by":null,"open_ai":null,"ai":null,"created":"2025-10-09 05:49:46","updated":"2026-03-27 14:07:00"},"aioseo_breadcrumb":"<div class=\"aioseo-breadcrumbs\"><span class=\"aioseo-breadcrumb\">\n\t<a href=\"https:\/\/droix.eu\/no\/\" title=\"Home\">Home<\/a>\n<\/span><span class=\"aioseo-breadcrumb-separator\">&raquo;<\/span><span class=\"aioseo-breadcrumb\">\n\t<a href=\"https:\/\/droix.eu\/no\/product-category\/tilbehor-no\/\" title=\"Tilbeh\u00f8r\">Tilbeh\u00f8r<\/a>\n<\/span><span class=\"aioseo-breadcrumb-separator\">&raquo;<\/span><span class=\"aioseo-breadcrumb\">\n\t<a href=\"https:\/\/droix.eu\/no\/product-category\/tilbehor-no\/spilltilbehor\/\" title=\"Spilltilbeh\u00f8r\">Spilltilbeh\u00f8r<\/a>\n<\/span><span class=\"aioseo-breadcrumb-separator\">&raquo;<\/span><span class=\"aioseo-breadcrumb\">\n\tANBERNIC RG Cube Bag\n<\/span><\/div>","aioseo_breadcrumb_json":[{"label":"Home","link":"https:\/\/droix.eu\/no\/"},{"label":"Tilbeh\u00f8r","link":"https:\/\/droix.eu\/no\/product-category\/tilbehor-no\/"},{"label":"Spilltilbeh\u00f8r","link":"https:\/\/droix.eu\/no\/product-category\/tilbehor-no\/spilltilbehor\/"},{"label":"ANBERNIC RG Cube Bag","link":"https:\/\/droix.eu\/no\/product\/anbernic-rg-cube-bag\/"}],"_links":{"self":[{"href":"https:\/\/droix.eu\/no\/wp-json\/wp\/v2\/product\/508834","targetHints":{"allow":["GET"]}}],"collection":[{"href":"https:\/\/droix.eu\/no\/wp-json\/wp\/v2\/product"}],"about":[{"href":"https:\/\/droix.eu\/no\/wp-json\/wp\/v2\/types\/product"}],"version-history":[{"count":0,"href":"https:\/\/droix.eu\/no\/wp-json\/wp\/v2\/product\/508834\/revisions"}],"wp:featuredmedia":[{"embeddable":true,"href":"https:\/\/droix.eu\/no\/wp-json\/wp\/v2\/media\/486295"}],"wp:attachment":[{"href":"https:\/\/droix.eu\/no\/wp-json\/wp\/v2\/media?parent=508834"}],"wp:term":[{"taxonomy":"product_brand","embeddable":true,"href":"https:\/\/droix.eu\/no\/wp-json\/wp\/v2\/product_brand?post=508834"},{"taxonomy":"product_cat","embeddable":true,"href":"https:\/\/droix.eu\/no\/wp-json\/wp\/v2\/product_cat?post=508834"},{"taxonomy":"product_tag","embeddable":true,"href":"https:\/\/droix.eu\/no\/wp-json\/wp\/v2\/product_tag?post=508834"},{"taxonomy":"woo-feed-brand","embeddable":true,"href":"https:\/\/droix.eu\/no\/wp-json\/wp\/v2\/woo-feed-brand?post=508834"},{"taxonomy":"key-features","embeddable":true,"href":"https:\/\/droix.eu\/no\/wp-json\/wp\/v2\/key-features?post=508834"}],"curies":[{"name":"wp","href":"https:\/\/api.w.org\/{rel}","templated":true}]}}