{"id":507689,"date":"2024-09-19T12:02:29","date_gmt":"2024-09-19T11:02:29","guid":{"rendered":"https:\/\/droix.eu\/product\/ayaneo-pocket-s-tilbehor\/"},"modified":"2026-04-08T10:13:59","modified_gmt":"2026-04-08T09:13:59","slug":"ayaneo-pocket-s-tilbehor","status":"publish","type":"product","link":"https:\/\/droix.eu\/no\/product\/ayaneo-pocket-s-tilbehor\/","title":{"rendered":"AYANEO Pocket S Tilbeh\u00f8r"},"content":{"rendered":"\n<p>Gj\u00f8r AYANEO Pocket S-spillopplevelsen enda bedre med denne uunnv\u00e6rlige tilbeh\u00f8rspakken, som er designet for beskyttelse, komfort og forbedret spilling.<\/p>\n\n<ul class=\"wp-block-list\">\n<li><strong><strong>Ergonomisk beskyttelsesskall med komfortabelt grep<\/strong><\/strong>: Dette beskyttende skallet har en innovativ ergonomisk design og forbedrer komforten og funksjonaliteten til AYANEO Pocket S. Den sklisikre teksturen s\u00f8rger for et fast og sikkert grep, og det store, konturerte h\u00e5ndtaket gir et godt og komfortabelt grep, noe som gj\u00f8r det mulig med lange, tretthetsfrie spill\u00f8kter. Det slitesterke skallet omslutter enheten din p\u00e5 en sikker m\u00e5te og gir omfattende beskyttelse for \u00e5 skjerme AYANEO Pocket S mot daglige st\u00f8t, riper og slitasje. <\/li>\n\n\n\n<li><strong>Skjermbeskytter<\/strong>: Beskytt skjermen med en ultraklar skjermbeskytter av h\u00f8y kvalitet. Den er konstruert for \u00e5 motst\u00e5 riper, flekker og fingeravtrykk, og s\u00f8rger for at skjermen forblir like levende og responsiv som alltid. Den er enkel \u00e5 p\u00e5f\u00f8re og garanterer boblefri montering, slik at skjermen forblir uber\u00f8rt samtidig som ber\u00f8ringsf\u00f8lsomheten opprettholdes for jevn, uavbrutt spilling.  <\/li>\n\n\n\n<li><strong>Tommelgrep<\/strong>: F\u00e5 bedre kontroll med f\u00f8rsteklasses tommelgrep. Disse silikonovertrekkene for de analoge pinnene gir overlegen grep og presisjon, slik at du kan beholde kontrollen selv i de mest intense spill\u00f8yeblikkene. Disse tommelgrepene er designet for \u00e5 redusere tretthet og forbedre komforten, og gir deg mer n\u00f8yaktige bevegelser, slik at du f\u00e5r det konkurransefortrinnet du trenger.  <\/li>\n<\/ul>\n\n<p>Dette tilbeh\u00f8rssettet s\u00f8rger for at AYANEO Pocket S forblir beskyttet og klar for action, samtidig som det forbedrer spillopplevelsen med ergonomiske forbedringer.<\/p>\n","protected":false},"excerpt":{"rendered":"<ul>\n<li><strong>Offisiell<\/strong> AYANEO Pocket S-etui<\/li>\n<li>Mykt stofffor for <strong>ekstra beskyttelse<\/strong>.<\/li>\n<li>Sklisikker tekstur og stort h\u00e5ndtak for sikkert grep.<\/li>\n<li>Ultraklar beskyttelse av h\u00f8y kvalitet som forhindrer riper og flekker.<\/li>\n<li>Opprettholder ber\u00f8ringsf\u00f8lsomheten for jevn spilling.<\/li>\n<\/ul>\n[cg_accordion title=\"1 \u00e5rs garanti, st\u00f8ttet av erfaring\"]<\/p>\n<p>Kj\u00f8pet ditt er beskyttet av v\u00e5r 1-\u00e5rs garanti og mer enn 13 \u00e5r med p\u00e5litelig service. Med over 500 000 forn\u00f8yde kunder er du i trygge hender. [\/cg_accordion]\n[cg_accordion title=\"Kvalitetssikring og testing f\u00f8r utsendelse\"]<\/p>\n<p>Sikrer kundetilfredshet p\u00e5 h\u00f8yeste standard: Hver enhet gjennomg\u00e5r strenge tester og en flerpunkts kvalitetssikringskontroll f\u00f8r den sendes. V\u00e5rt dedikerte team verifiserer ytelse, funksjonalitet og komponentintegritet for \u00e5 garantere at AYANEO-enheten din er i perfekt stand ved ankomst, slik at du kan f\u00f8le deg trygg og sikker. [\/cg_accordion]\n[cg_accordion title=\"Fleksible og sikre betalingsalternativer\"]<\/p>\n<p>Du kan f\u00f8le deg trygg med v\u00e5rt sikre betalingssystem. Vi st\u00f8tter alle de viktigste betalingsmetodene, inkludert debet- og kredittkort, PayPal, Apple Pay, Google Pay, Klarna, Afterpay og Affirm &#8211; noe som gir deg friheten til \u00e5 betale p\u00e5 din m\u00e5te, enten det er p\u00e5 forskudd eller i enkle avdrag. [\/cg_accordion]\n[cg_accordion title=\"Skatter og avgifter\"]<\/p>\n<p>Prisene inkluderer gjeldende merverdiavgift, som kan v\u00e6re opptil 25 % avhengig av hvilket land du befinner deg i. Det n\u00f8yaktige bel\u00f8pet vises i kassen for \u00e5 sikre full \u00e5penhet. [\/cg_accordion]\n[cg_accordion title=\"Frakt og retur\"]<\/p>\n<p>Vi samarbeider med over 10 p\u00e5litelige fraktpartnere for \u00e5 sikre at bestillingen din kommer frem raskt, trygt og p\u00e5litelig.<\/p>\n<p>Vi bruker Express DDP-frakt (Delivered Duty Paid). Dette betyr at <\/p>\n<li>Alle tollavgifter og skatter er allerede inkludert i den viste produktprisen.<\/li>\n<li>Du slipper \u00e5 bli stilt overfor overraskende kostnader ved levering.<\/li>\n<li>I sjeldne tilfeller av forsinkelser i tollbehandlingen vil v\u00e5rt team h\u00e5ndtere fortollingsprosessen for deg for \u00e5 sikre en problemfri levering.<\/li>\n<p>Viktig informasjon om retur:<\/p>\n<li>Hvis du returnerer bestillingen din eller ber om refusjon, m\u00e5 du v\u00e6re oppmerksom p\u00e5 at eventuelle skatter og avgifter som er betalt p\u00e5 dine vegne i henhold til DDP-vilk\u00e5rene, ikke refunderes.<\/li>\n<p>Se v\u00e5re <a href=\"https:\/\/droix.eu\/no\/vilkar-og-betingelser\/\" target=\"_blank\" rel=\"nofollow noopener\">vilk\u00e5r og betingelser<\/a> for detaljert informasjon.\n<\/ul>\n<p>[\/cg_accordion]\n[cg_accordion title=\"Kundest\u00f8tte\"]<\/p>\n<p>Har du et sp\u00f8rsm\u00e5l? Vi er bare en kort tekstmelding unna \u00e5 l\u00f8se problemet ditt! [\/cg_accordion]\n[cg_accordion title=\"Pakken inkluderer\"]<\/p>\n<ul>\n<li>1x AYANEO Pocket S-etui<\/li>\n<li>1x AYANEO Pocket S skjermbeskytter<\/li>\n<li>1x AYANEO Pocket S-grep<\/li>\n<\/ul>\n<p>[\/cg_accordion]\n","protected":false},"featured_media":491259,"template":"","meta":{"_acf_changed":false},"product_brand":[],"product_cat":[13169],"product_tag":[],"woo-feed-brand":[],"key-features":[],"class_list":{"0":"post-507689","1":"product","2":"type-product","3":"status-publish","4":"has-post-thumbnail","6":"product_cat-uncategorized-no","7":"product_shipping_class-low-end","8":"pa_accessory-type-grip","9":"pa_accessory-type-protective-case","10":"pa_accessory-type-screen-protector","11":"pa_brands-ayaneo-no","13":"first","14":"instock","15":"sale","16":"taxable","17":"shipping-taxable","18":"purchasable","19":"product-type-simple"},"acf":[],"aioseo_notices":[],"aioseo_head":"\n\t\t<!-- All in One SEO Pro 4.9.6.2 - aioseo.com -->\n\t<meta name=\"description\" content=\"Offisiell AYANEO Pocket S-etui Mykt stofffor for ekstra beskyttelse. Sklisikker tekstur og stort h\u00e5ndtak for sikkert grep. Ultraklar beskyttelse av h\u00f8y kvalitet som forhindrer riper og flekker. Opprettholder ber\u00f8ringsf\u00f8lsomheten for jevn spilling.\" \/>\n\t<meta name=\"robots\" content=\"max-image-preview:large\" \/>\n\t<link rel=\"canonical\" href=\"https:\/\/droix.eu\/no\/product\/ayaneo-pocket-s-tilbehor\/\" \/>\n\t<meta name=\"generator\" content=\"All in One SEO Pro (AIOSEO) 4.9.6.2\" \/>\n\t\t<meta property=\"og:locale\" content=\"nb_NO\" \/>\n\t\t<meta property=\"og:site_name\" content=\"DROIX EU - Get the latest Mini PCs, Ultrabook, PC Gaming Handhelds and more!\" \/>\n\t\t<meta property=\"og:type\" content=\"article\" \/>\n\t\t<meta property=\"og:title\" content=\"AYANEO Pocket S Tilbeh\u00f8r - DROIX EU\" \/>\n\t\t<meta property=\"og:description\" content=\"Offisiell AYANEO Pocket S-etui Mykt stofffor for ekstra beskyttelse. Sklisikker tekstur og stort h\u00e5ndtak for sikkert grep. Ultraklar beskyttelse av h\u00f8y kvalitet som forhindrer riper og flekker. Opprettholder ber\u00f8ringsf\u00f8lsomheten for jevn spilling.\" \/>\n\t\t<meta property=\"og:url\" content=\"https:\/\/droix.eu\/no\/product\/ayaneo-pocket-s-tilbehor\/\" \/>\n\t\t<meta property=\"og:image\" content=\"https:\/\/droix.eu\/wp-content\/uploads\/2024\/06\/droix-v2-light-logo.png\" \/>\n\t\t<meta property=\"og:image:secure_url\" content=\"https:\/\/droix.eu\/wp-content\/uploads\/2024\/06\/droix-v2-light-logo.png\" \/>\n\t\t<meta property=\"og:image:width\" content=\"380\" \/>\n\t\t<meta property=\"og:image:height\" content=\"118\" \/>\n\t\t<meta property=\"article:published_time\" content=\"2024-09-19T11:02:29+00:00\" \/>\n\t\t<meta property=\"article:modified_time\" content=\"2026-04-08T09:13:59+00:00\" \/>\n\t\t<meta property=\"article:publisher\" content=\"https:\/\/www.facebook.com\/DroiX.Store\" \/>\n\t\t<meta name=\"twitter:card\" content=\"summary_large_image\" \/>\n\t\t<meta name=\"twitter:site\" content=\"@DroiX_Store\" \/>\n\t\t<meta name=\"twitter:title\" content=\"AYANEO Pocket S Tilbeh\u00f8r - DROIX EU\" \/>\n\t\t<meta name=\"twitter:description\" content=\"Offisiell AYANEO Pocket S-etui Mykt stofffor for ekstra beskyttelse. Sklisikker tekstur og stort h\u00e5ndtak for sikkert grep. Ultraklar beskyttelse av h\u00f8y kvalitet som forhindrer riper og flekker. Opprettholder ber\u00f8ringsf\u00f8lsomheten for jevn spilling.\" \/>\n\t\t<meta name=\"twitter:image\" content=\"https:\/\/droix.eu\/wp-content\/uploads\/2024\/06\/droix-v2-light-logo.png\" \/>\n\t\t<script type=\"application\/ld+json\" class=\"aioseo-schema\">\n\t\t\t{\"@context\":\"https:\\\/\\\/schema.org\",\"@graph\":[{\"@type\":\"BreadcrumbList\",\"@id\":\"https:\\\/\\\/droix.eu\\\/no\\\/product\\\/ayaneo-pocket-s-tilbehor\\\/#breadcrumblist\",\"itemListElement\":[{\"@type\":\"ListItem\",\"@id\":\"https:\\\/\\\/droix.eu\\\/no\\\/#listItem\",\"position\":1,\"name\":\"Home\",\"item\":\"https:\\\/\\\/droix.eu\\\/no\\\/\",\"nextItem\":{\"@type\":\"ListItem\",\"@id\":\"https:\\\/\\\/droix.eu\\\/no\\\/product-category\\\/uncategorized-no\\\/#listItem\",\"name\":\"Uncategorized\"}},{\"@type\":\"ListItem\",\"@id\":\"https:\\\/\\\/droix.eu\\\/no\\\/product-category\\\/uncategorized-no\\\/#listItem\",\"position\":2,\"name\":\"Uncategorized\",\"item\":\"https:\\\/\\\/droix.eu\\\/no\\\/product-category\\\/uncategorized-no\\\/\",\"nextItem\":{\"@type\":\"ListItem\",\"@id\":\"https:\\\/\\\/droix.eu\\\/no\\\/product\\\/ayaneo-pocket-s-tilbehor\\\/#listItem\",\"name\":\"AYANEO Pocket S Tilbeh\\u00f8r\"},\"previousItem\":{\"@type\":\"ListItem\",\"@id\":\"https:\\\/\\\/droix.eu\\\/no\\\/#listItem\",\"name\":\"Home\"}},{\"@type\":\"ListItem\",\"@id\":\"https:\\\/\\\/droix.eu\\\/no\\\/product\\\/ayaneo-pocket-s-tilbehor\\\/#listItem\",\"position\":3,\"name\":\"AYANEO Pocket S Tilbeh\\u00f8r\",\"previousItem\":{\"@type\":\"ListItem\",\"@id\":\"https:\\\/\\\/droix.eu\\\/no\\\/product-category\\\/uncategorized-no\\\/#listItem\",\"name\":\"Uncategorized\"}}]},{\"@type\":\"Organization\",\"@id\":\"https:\\\/\\\/droix.eu\\\/no\\\/#organization\",\"name\":\"DroiX \\u2013 Trusted EU Tech Retailer with 12+ Years Experience\",\"description\":\"DroiX is a leading European technology retailer with over 12 years of experience, offering quality mini PCs, handheld gaming consoles, and tech accessories. We provide hassle-free EU delivery with all taxes included, ensuring a smooth and reliable shopping experience for our customers across Europe.\",\"url\":\"https:\\\/\\\/droix.eu\\\/no\\\/\",\"logo\":{\"@type\":\"ImageObject\",\"url\":\"https:\\\/\\\/droix.eu\\\/wp-content\\\/uploads\\\/2024\\\/06\\\/droix-v2-light-logo.png\",\"@id\":\"https:\\\/\\\/droix.eu\\\/no\\\/product\\\/ayaneo-pocket-s-tilbehor\\\/#organizationLogo\",\"width\":380,\"height\":118},\"image\":{\"@id\":\"https:\\\/\\\/droix.eu\\\/no\\\/product\\\/ayaneo-pocket-s-tilbehor\\\/#organizationLogo\"},\"sameAs\":[\"https:\\\/\\\/www.facebook.com\\\/DroiX.Store\",\"https:\\\/\\\/twitter.com\\\/DroiX_Store\",\"https:\\\/\\\/www.instagram.com\\\/droix.store\\\/\",\"https:\\\/\\\/www.tiktok.com\\\/@droix.store\",\"https:\\\/\\\/www.youtube.com\\\/c\\\/DroiX_Store\",\"https:\\\/\\\/uk.linkedin.com\\\/company\\\/droix\"]},{\"@type\":\"Product\",\"@id\":\"https:\\\/\\\/droix.eu\\\/no\\\/product\\\/ayaneo-pocket-s-tilbehor\\\/#wooCommerceProduct\",\"name\":\"AYANEO Pocket S Tilbeh\\u00f8r\",\"description\":\"Offisiell AYANEO Pocket S-etui\\n \\tMykt stofffor for ekstra beskyttelse.\\n \\tSklisikker tekstur og stort h\\u00e5ndtak for sikkert grep.\\n \\tUltraklar beskyttelse av h\\u00f8y kvalitet som forhindrer riper og flekker.\\n \\tOpprettholder ber\\u00f8ringsf\\u00f8lsomheten for jevn spilling.\",\"url\":\"https:\\\/\\\/droix.eu\\\/no\\\/product\\\/ayaneo-pocket-s-tilbehor\\\/\",\"sku\":\"AYANEO-POCKET-S-FREEBIES\",\"image\":{\"@type\":\"ImageObject\",\"url\":\"https:\\\/\\\/droix.eu\\\/wp-content\\\/uploads\\\/2024\\\/09\\\/AYANEO-POCKET-S-ACCESSORIES-LISTING-DONE-01.png\",\"@id\":\"https:\\\/\\\/droix.eu\\\/no\\\/product\\\/ayaneo-pocket-s-tilbehor\\\/#productImage\",\"width\":1500,\"height\":1500,\"caption\":\"Gratis AYANEO Pocket S-tilbeh\\u00f8r (beskyttelsesveske + h\\u00e5ndtak + skjermbeskytter)\"},\"offers\":{\"@type\":\"Offer\",\"url\":\"https:\\\/\\\/droix.eu\\\/no\\\/product\\\/ayaneo-pocket-s-tilbehor\\\/#wooCommerceOffer\",\"price\":11.01,\"priceCurrency\":\"EUR\",\"category\":\"Uncategorized\",\"availability\":\"https:\\\/\\\/schema.org\\\/InStock\",\"priceSpecification\":{\"@type\":\"PriceSpecification\",\"price\":11.01,\"priceCurrency\":\"EUR\",\"valueAddedTaxIncluded\":\"true\"},\"seller\":{\"@type\":\"Organization\",\"@id\":\"https:\\\/\\\/droix.eu\\\/no\\\/#organization\"}}},{\"@type\":\"WebPage\",\"@id\":\"https:\\\/\\\/droix.eu\\\/no\\\/product\\\/ayaneo-pocket-s-tilbehor\\\/#webpage\",\"url\":\"https:\\\/\\\/droix.eu\\\/no\\\/product\\\/ayaneo-pocket-s-tilbehor\\\/\",\"name\":\"AYANEO Pocket S Tilbeh\\u00f8r - DROIX EU\",\"description\":\"Offisiell AYANEO Pocket S-etui Mykt stofffor for ekstra beskyttelse. Sklisikker tekstur og stort h\\u00e5ndtak for sikkert grep. Ultraklar beskyttelse av h\\u00f8y kvalitet som forhindrer riper og flekker. Opprettholder ber\\u00f8ringsf\\u00f8lsomheten for jevn spilling.\",\"inLanguage\":\"nb-NO\",\"isPartOf\":{\"@id\":\"https:\\\/\\\/droix.eu\\\/no\\\/#website\"},\"breadcrumb\":{\"@id\":\"https:\\\/\\\/droix.eu\\\/no\\\/product\\\/ayaneo-pocket-s-tilbehor\\\/#breadcrumblist\"},\"image\":{\"@type\":\"ImageObject\",\"url\":\"https:\\\/\\\/droix.eu\\\/wp-content\\\/uploads\\\/2024\\\/09\\\/AYANEO-POCKET-S-ACCESSORIES-LISTING-DONE-01.png\",\"@id\":\"https:\\\/\\\/droix.eu\\\/no\\\/product\\\/ayaneo-pocket-s-tilbehor\\\/#mainImage\",\"width\":1500,\"height\":1500,\"caption\":\"Gratis AYANEO Pocket S-tilbeh\\u00f8r (beskyttelsesveske + h\\u00e5ndtak + skjermbeskytter)\"},\"primaryImageOfPage\":{\"@id\":\"https:\\\/\\\/droix.eu\\\/no\\\/product\\\/ayaneo-pocket-s-tilbehor\\\/#mainImage\"},\"datePublished\":\"2024-09-19T12:02:29+01:00\",\"dateModified\":\"2026-04-08T10:13:59+01:00\"},{\"@type\":\"WebSite\",\"@id\":\"https:\\\/\\\/droix.eu\\\/no\\\/#website\",\"url\":\"https:\\\/\\\/droix.eu\\\/no\\\/\",\"name\":\"DROIX EU\",\"description\":\"Get the latest Mini PCs, Ultrabook, PC Gaming Handhelds and more!\",\"inLanguage\":\"nb-NO\",\"publisher\":{\"@id\":\"https:\\\/\\\/droix.eu\\\/no\\\/#organization\"}}]}\n\t\t<\/script>\n\t\t<!-- All in One SEO Pro -->\r\n\t\t<title>AYANEO Pocket S Tilbeh\u00f8r - DROIX EU<\/title>\n\n","aioseo_head_json":{"title":"AYANEO Pocket S Tilbeh\u00f8r - DROIX EU","description":"Offisiell AYANEO Pocket S-etui Mykt stofffor for ekstra beskyttelse. Sklisikker tekstur og stort h\u00e5ndtak for sikkert grep. Ultraklar beskyttelse av h\u00f8y kvalitet som forhindrer riper og flekker. Opprettholder ber\u00f8ringsf\u00f8lsomheten for jevn spilling.","canonical_url":"https:\/\/droix.eu\/no\/product\/ayaneo-pocket-s-tilbehor\/","robots":"max-image-preview:large","keywords":"","webmasterTools":{"miscellaneous":""},"schema":{"@context":"https:\/\/schema.org","@graph":[{"@type":"BreadcrumbList","@id":"https:\/\/droix.eu\/no\/product\/ayaneo-pocket-s-tilbehor\/#breadcrumblist","itemListElement":[{"@type":"ListItem","@id":"https:\/\/droix.eu\/no\/#listItem","position":1,"name":"Home","item":"https:\/\/droix.eu\/no\/","nextItem":{"@type":"ListItem","@id":"https:\/\/droix.eu\/no\/product-category\/uncategorized-no\/#listItem","name":"Uncategorized"}},{"@type":"ListItem","@id":"https:\/\/droix.eu\/no\/product-category\/uncategorized-no\/#listItem","position":2,"name":"Uncategorized","item":"https:\/\/droix.eu\/no\/product-category\/uncategorized-no\/","nextItem":{"@type":"ListItem","@id":"https:\/\/droix.eu\/no\/product\/ayaneo-pocket-s-tilbehor\/#listItem","name":"AYANEO Pocket S Tilbeh\u00f8r"},"previousItem":{"@type":"ListItem","@id":"https:\/\/droix.eu\/no\/#listItem","name":"Home"}},{"@type":"ListItem","@id":"https:\/\/droix.eu\/no\/product\/ayaneo-pocket-s-tilbehor\/#listItem","position":3,"name":"AYANEO Pocket S Tilbeh\u00f8r","previousItem":{"@type":"ListItem","@id":"https:\/\/droix.eu\/no\/product-category\/uncategorized-no\/#listItem","name":"Uncategorized"}}]},{"@type":"Organization","@id":"https:\/\/droix.eu\/no\/#organization","name":"DroiX \u2013 Trusted EU Tech Retailer with 12+ Years Experience","description":"DroiX is a leading European technology retailer with over 12 years of experience, offering quality mini PCs, handheld gaming consoles, and tech accessories. We provide hassle-free EU delivery with all taxes included, ensuring a smooth and reliable shopping experience for our customers across Europe.","url":"https:\/\/droix.eu\/no\/","logo":{"@type":"ImageObject","url":"https:\/\/droix.eu\/wp-content\/uploads\/2024\/06\/droix-v2-light-logo.png","@id":"https:\/\/droix.eu\/no\/product\/ayaneo-pocket-s-tilbehor\/#organizationLogo","width":380,"height":118},"image":{"@id":"https:\/\/droix.eu\/no\/product\/ayaneo-pocket-s-tilbehor\/#organizationLogo"},"sameAs":["https:\/\/www.facebook.com\/DroiX.Store","https:\/\/twitter.com\/DroiX_Store","https:\/\/www.instagram.com\/droix.store\/","https:\/\/www.tiktok.com\/@droix.store","https:\/\/www.youtube.com\/c\/DroiX_Store","https:\/\/uk.linkedin.com\/company\/droix"]},{"@type":"Product","@id":"https:\/\/droix.eu\/no\/product\/ayaneo-pocket-s-tilbehor\/#wooCommerceProduct","name":"AYANEO Pocket S Tilbeh\u00f8r","description":"Offisiell AYANEO Pocket S-etui\n \tMykt stofffor for ekstra beskyttelse.\n \tSklisikker tekstur og stort h\u00e5ndtak for sikkert grep.\n \tUltraklar beskyttelse av h\u00f8y kvalitet som forhindrer riper og flekker.\n \tOpprettholder ber\u00f8ringsf\u00f8lsomheten for jevn spilling.","url":"https:\/\/droix.eu\/no\/product\/ayaneo-pocket-s-tilbehor\/","sku":"AYANEO-POCKET-S-FREEBIES","image":{"@type":"ImageObject","url":"https:\/\/droix.eu\/wp-content\/uploads\/2024\/09\/AYANEO-POCKET-S-ACCESSORIES-LISTING-DONE-01.png","@id":"https:\/\/droix.eu\/no\/product\/ayaneo-pocket-s-tilbehor\/#productImage","width":1500,"height":1500,"caption":"Gratis AYANEO Pocket S-tilbeh\u00f8r (beskyttelsesveske + h\u00e5ndtak + skjermbeskytter)"},"offers":{"@type":"Offer","url":"https:\/\/droix.eu\/no\/product\/ayaneo-pocket-s-tilbehor\/#wooCommerceOffer","price":11.01,"priceCurrency":"EUR","category":"Uncategorized","availability":"https:\/\/schema.org\/InStock","priceSpecification":{"@type":"PriceSpecification","price":11.01,"priceCurrency":"EUR","valueAddedTaxIncluded":"true"},"seller":{"@type":"Organization","@id":"https:\/\/droix.eu\/no\/#organization"}}},{"@type":"WebPage","@id":"https:\/\/droix.eu\/no\/product\/ayaneo-pocket-s-tilbehor\/#webpage","url":"https:\/\/droix.eu\/no\/product\/ayaneo-pocket-s-tilbehor\/","name":"AYANEO Pocket S Tilbeh\u00f8r - DROIX EU","description":"Offisiell AYANEO Pocket S-etui Mykt stofffor for ekstra beskyttelse. Sklisikker tekstur og stort h\u00e5ndtak for sikkert grep. Ultraklar beskyttelse av h\u00f8y kvalitet som forhindrer riper og flekker. Opprettholder ber\u00f8ringsf\u00f8lsomheten for jevn spilling.","inLanguage":"nb-NO","isPartOf":{"@id":"https:\/\/droix.eu\/no\/#website"},"breadcrumb":{"@id":"https:\/\/droix.eu\/no\/product\/ayaneo-pocket-s-tilbehor\/#breadcrumblist"},"image":{"@type":"ImageObject","url":"https:\/\/droix.eu\/wp-content\/uploads\/2024\/09\/AYANEO-POCKET-S-ACCESSORIES-LISTING-DONE-01.png","@id":"https:\/\/droix.eu\/no\/product\/ayaneo-pocket-s-tilbehor\/#mainImage","width":1500,"height":1500,"caption":"Gratis AYANEO Pocket S-tilbeh\u00f8r (beskyttelsesveske + h\u00e5ndtak + skjermbeskytter)"},"primaryImageOfPage":{"@id":"https:\/\/droix.eu\/no\/product\/ayaneo-pocket-s-tilbehor\/#mainImage"},"datePublished":"2024-09-19T12:02:29+01:00","dateModified":"2026-04-08T10:13:59+01:00"},{"@type":"WebSite","@id":"https:\/\/droix.eu\/no\/#website","url":"https:\/\/droix.eu\/no\/","name":"DROIX EU","description":"Get the latest Mini PCs, Ultrabook, PC Gaming Handhelds and more!","inLanguage":"nb-NO","publisher":{"@id":"https:\/\/droix.eu\/no\/#organization"}}]},"og:locale":"nb_NO","og:site_name":"DROIX EU - Get the latest Mini PCs, Ultrabook, PC Gaming Handhelds and more!","og:type":"article","og:title":"AYANEO Pocket S Tilbeh\u00f8r - DROIX EU","og:description":"Offisiell AYANEO Pocket S-etui Mykt stofffor for ekstra beskyttelse. Sklisikker tekstur og stort h\u00e5ndtak for sikkert grep. Ultraklar beskyttelse av h\u00f8y kvalitet som forhindrer riper og flekker. Opprettholder ber\u00f8ringsf\u00f8lsomheten for jevn spilling.","og:url":"https:\/\/droix.eu\/no\/product\/ayaneo-pocket-s-tilbehor\/","og:image":"https:\/\/droix.eu\/wp-content\/uploads\/2024\/06\/droix-v2-light-logo.png","og:image:secure_url":"https:\/\/droix.eu\/wp-content\/uploads\/2024\/06\/droix-v2-light-logo.png","og:image:width":380,"og:image:height":118,"article:published_time":"2024-09-19T11:02:29+00:00","article:modified_time":"2026-04-08T09:13:59+00:00","article:publisher":"https:\/\/www.facebook.com\/DroiX.Store","twitter:card":"summary_large_image","twitter:site":"@DroiX_Store","twitter:title":"AYANEO Pocket S Tilbeh\u00f8r - DROIX EU","twitter:description":"Offisiell AYANEO Pocket S-etui Mykt stofffor for ekstra beskyttelse. Sklisikker tekstur og stort h\u00e5ndtak for sikkert grep. Ultraklar beskyttelse av h\u00f8y kvalitet som forhindrer riper og flekker. Opprettholder ber\u00f8ringsf\u00f8lsomheten for jevn spilling.","twitter:image":"https:\/\/droix.eu\/wp-content\/uploads\/2024\/06\/droix-v2-light-logo.png"},"aioseo_meta_data":{"post_id":"507689","title":null,"description":null,"keywords":null,"keyphrases":{"focus":{"keyphrase":"","score":0,"analysis":{"keyphraseInTitle":{"score":0,"maxScore":9,"error":1}}},"additional":[]},"primary_term":null,"canonical_url":null,"og_title":null,"og_description":null,"og_object_type":"default","og_image_type":"default","og_image_url":null,"og_image_width":null,"og_image_height":null,"og_image_custom_url":null,"og_image_custom_fields":null,"og_video":"","og_custom_url":null,"og_article_section":null,"og_article_tags":null,"twitter_use_og":true,"twitter_card":"default","twitter_image_type":"default","twitter_image_url":null,"twitter_image_custom_url":null,"twitter_image_custom_fields":null,"twitter_title":null,"twitter_description":null,"schema":{"blockGraphs":[],"customGraphs":[],"default":{"data":{"Article":[],"Course":[],"Dataset":[],"FAQPage":[],"Movie":[],"Person":[],"Product":[],"ProductReview":[],"Car":[],"Recipe":[],"Service":[],"SoftwareApplication":[],"WebPage":[]},"graphName":"Product","isEnabled":true},"graphs":[]},"schema_type":"default","schema_type_options":null,"pillar_content":false,"robots_default":true,"robots_noindex":false,"robots_noarchive":false,"robots_nosnippet":false,"robots_nofollow":false,"robots_noimageindex":false,"robots_noodp":false,"robots_notranslate":false,"robots_max_snippet":"-1","robots_max_videopreview":"-1","robots_max_imagepreview":"large","priority":null,"frequency":"default","local_seo":null,"seo_analyzer_scan_date":"2026-04-08 09:17:08","breadcrumb_settings":null,"limit_modified_date":false,"reviewed_by":null,"open_ai":null,"ai":{"faqs":[],"keyPoints":[],"titles":[],"descriptions":[],"socialPosts":{"email":[],"linkedin":[],"twitter":[],"facebook":[],"instagram":[]}},"created":"2025-10-09 06:25:00","updated":"2026-04-08 11:32:40"},"aioseo_breadcrumb":"<div class=\"aioseo-breadcrumbs\"><span class=\"aioseo-breadcrumb\">\n\t<a href=\"https:\/\/droix.eu\/no\/\" title=\"Home\">Home<\/a>\n<\/span><span class=\"aioseo-breadcrumb-separator\">&raquo;<\/span><span class=\"aioseo-breadcrumb\">\n\t<a href=\"https:\/\/droix.eu\/no\/product-category\/uncategorized-no\/\" title=\"Uncategorized\">Uncategorized<\/a>\n<\/span><span class=\"aioseo-breadcrumb-separator\">&raquo;<\/span><span class=\"aioseo-breadcrumb\">\n\tAYANEO Pocket S Tilbeh\u00f8r\n<\/span><\/div>","aioseo_breadcrumb_json":[{"label":"Home","link":"https:\/\/droix.eu\/no\/"},{"label":"Uncategorized","link":"https:\/\/droix.eu\/no\/product-category\/uncategorized-no\/"},{"label":"AYANEO Pocket S Tilbeh\u00f8r","link":"https:\/\/droix.eu\/no\/product\/ayaneo-pocket-s-tilbehor\/"}],"_links":{"self":[{"href":"https:\/\/droix.eu\/no\/wp-json\/wp\/v2\/product\/507689","targetHints":{"allow":["GET"]}}],"collection":[{"href":"https:\/\/droix.eu\/no\/wp-json\/wp\/v2\/product"}],"about":[{"href":"https:\/\/droix.eu\/no\/wp-json\/wp\/v2\/types\/product"}],"version-history":[{"count":0,"href":"https:\/\/droix.eu\/no\/wp-json\/wp\/v2\/product\/507689\/revisions"}],"wp:featuredmedia":[{"embeddable":true,"href":"https:\/\/droix.eu\/no\/wp-json\/wp\/v2\/media\/491259"}],"wp:attachment":[{"href":"https:\/\/droix.eu\/no\/wp-json\/wp\/v2\/media?parent=507689"}],"wp:term":[{"taxonomy":"product_brand","embeddable":true,"href":"https:\/\/droix.eu\/no\/wp-json\/wp\/v2\/product_brand?post=507689"},{"taxonomy":"product_cat","embeddable":true,"href":"https:\/\/droix.eu\/no\/wp-json\/wp\/v2\/product_cat?post=507689"},{"taxonomy":"product_tag","embeddable":true,"href":"https:\/\/droix.eu\/no\/wp-json\/wp\/v2\/product_tag?post=507689"},{"taxonomy":"woo-feed-brand","embeddable":true,"href":"https:\/\/droix.eu\/no\/wp-json\/wp\/v2\/woo-feed-brand?post=507689"},{"taxonomy":"key-features","embeddable":true,"href":"https:\/\/droix.eu\/no\/wp-json\/wp\/v2\/key-features?post=507689"}],"curies":[{"name":"wp","href":"https:\/\/api.w.org\/{rel}","templated":true}]}}