{"id":669624,"date":"2025-06-25T10:47:29","date_gmt":"2025-06-25T09:47:29","guid":{"rendered":"https:\/\/droix.eu\/vare-butikker\/"},"modified":"2025-07-16T15:42:13","modified_gmt":"2025-07-16T14:42:13","slug":"vare-butikker","status":"publish","type":"page","link":"https:\/\/droix.eu\/no\/vare-butikker\/","title":{"rendered":"V\u00e5re butikker"},"content":{"rendered":"\t\t<div data-elementor-type=\"wp-page\" data-elementor-id=\"669624\" class=\"elementor elementor-669624 elementor-653358\" data-elementor-post-type=\"page\">\n\t\t\t\t<div class=\"elementor-element elementor-element-9745b77 e-flex e-con-boxed e-con e-parent\" data-id=\"9745b77\" data-element_type=\"container\">\n\t\t\t\t\t<div class=\"e-con-inner\">\n\t\t\t\t<div class=\"elementor-element elementor-element-260fde6 elementor-widget elementor-widget-image\" data-id=\"260fde6\" data-element_type=\"widget\" data-widget_type=\"image.default\">\n\t\t\t\t<div class=\"elementor-widget-container\">\n\t\t\t\t\t\t\t\t\t\t\t\t\t\t\t<img fetchpriority=\"high\" decoding=\"async\" width=\"1600\" height=\"300\" src=\"https:\/\/droix.eu\/wp-content\/uploads\/2024\/08\/Hero-Website.gif\" class=\"attachment-full size-full wp-image-489678\" alt=\"\" sizes=\"(max-width: 360px) 147px, \" \/>\t\t\t\t\t\t\t\t\t\t\t\t\t\t\t<\/div>\n\t\t\t\t<\/div>\n\t\t\t\t<div class=\"elementor-element elementor-element-230fd87 elementor-widget elementor-widget-heading\" data-id=\"230fd87\" data-element_type=\"widget\" data-widget_type=\"heading.default\">\n\t\t\t\t<div class=\"elementor-widget-container\">\n\t\t\t\t\t<h2 class=\"elementor-heading-title elementor-size-default\">Velkommen til DROIX-familien av butikker<\/h2>\t\t\t\t<\/div>\n\t\t\t\t<\/div>\n\t\t\t\t<div class=\"elementor-element elementor-element-fe397d0 elementor-widget elementor-widget-text-editor\" data-id=\"fe397d0\" data-element_type=\"widget\" data-widget_type=\"text-editor.default\">\n\t\t\t\t<div class=\"elementor-widget-container\">\n\t\t\t\t\t\t\t\t\t<p>Oppdag v\u00e5rt nettverk av offisielle DROIX-nettbutikker. Enten du befinner deg i Storbritannia, Europa eller hvor som helst i verden, har vi en dedikert butikk som passer best for deg &#8211; inkludert produktspesifikke butikker for AYANEO og GPD h\u00e5ndholdte spill-PC-er <\/p>\t\t\t\t\t\t\t\t<\/div>\n\t\t\t\t<\/div>\n\t\t\t\t\t<\/div>\n\t\t\t\t<\/div>\n\t\t<div class=\"elementor-element elementor-element-ca757a4 e-flex e-con-boxed e-con e-parent\" data-id=\"ca757a4\" data-element_type=\"container\">\n\t\t\t\t\t<div class=\"e-con-inner\">\n\t\t<div class=\"elementor-element elementor-element-9d22773 e-con-full e-flex e-con e-child\" data-id=\"9d22773\" data-element_type=\"container\">\n\t\t\t\t<div class=\"elementor-element elementor-element-b59e484 elementor-widget elementor-widget-image\" data-id=\"b59e484\" data-element_type=\"widget\" data-widget_type=\"image.default\">\n\t\t\t\t<div class=\"elementor-widget-container\">\n\t\t\t\t\t\t\t\t\t\t\t\t\t\t\t\t<a href=\"https:\/\/droix.co.uk\/\">\n\t\t\t\t\t\t\t<img decoding=\"async\" width=\"320\" height=\"120\" src=\"https:\/\/droix.eu\/wp-content\/uploads\/2025\/06\/COUK-1.jpg\" class=\"attachment-full size-full wp-image-653240\" alt=\"\" srcset=\"https:\/\/droix.eu\/wp-content\/uploads\/2025\/06\/COUK-1.jpg 320w, https:\/\/droix.eu\/wp-content\/uploads\/2025\/06\/COUK-1-300x113.jpg 300w, https:\/\/droix.eu\/wp-content\/uploads\/2025\/06\/COUK-1-150x56.jpg 150w\" sizes=\"(max-width: 360px) 147px, (max-width: 320px) 100vw, 320px\" \/>\t\t\t\t\t\t\t\t<\/a>\n\t\t\t\t\t\t\t\t\t\t\t\t\t\t\t<\/div>\n\t\t\t\t<\/div>\n\t\t\t\t<div class=\"elementor-element elementor-element-f997e91 elementor-widget elementor-widget-text-editor\" data-id=\"f997e91\" data-element_type=\"widget\" data-widget_type=\"text-editor.default\">\n\t\t\t\t<div class=\"elementor-widget-container\">\n\t\t\t\t\t\t\t\t\t<p>V\u00e5r egen butikk i Storbritannia er utformet for \u00e5 sikre smidig bestilling med overholdelse av britisk moms og lokal innkreving.<\/p>\t\t\t\t\t\t\t\t<\/div>\n\t\t\t\t<\/div>\n\t\t\t\t<div class=\"elementor-element elementor-element-6fe9b0e elementor-widget elementor-widget-image\" data-id=\"6fe9b0e\" data-element_type=\"widget\" data-widget_type=\"image.default\">\n\t\t\t\t<div class=\"elementor-widget-container\">\n\t\t\t\t\t\t\t\t\t\t\t\t\t\t\t\t<a href=\"https:\/\/gpdstore.net\/\">\n\t\t\t\t\t\t\t<img decoding=\"async\" width=\"320\" height=\"120\" src=\"https:\/\/droix.eu\/wp-content\/uploads\/2025\/06\/GPDSTORE-1.jpg\" class=\"attachment-full size-full wp-image-653286\" alt=\"\" srcset=\"https:\/\/droix.eu\/wp-content\/uploads\/2025\/06\/GPDSTORE-1.jpg 320w, https:\/\/droix.eu\/wp-content\/uploads\/2025\/06\/GPDSTORE-1-300x113.jpg 300w, https:\/\/droix.eu\/wp-content\/uploads\/2025\/06\/GPDSTORE-1-150x56.jpg 150w\" sizes=\"(max-width: 360px) 147px, (max-width: 320px) 100vw, 320px\" \/>\t\t\t\t\t\t\t\t<\/a>\n\t\t\t\t\t\t\t\t\t\t\t\t\t\t\t<\/div>\n\t\t\t\t<\/div>\n\t\t\t\t<div class=\"elementor-element elementor-element-24b619c elementor-widget elementor-widget-text-editor\" data-id=\"24b619c\" data-element_type=\"widget\" data-widget_type=\"text-editor.default\">\n\t\t\t\t<div class=\"elementor-widget-container\">\n\t\t\t\t\t\t\t\t\t<p data-pm-slice=\"0 0 []\">Din destinasjon for GPD produkter &#8211; inkludert GPD WIN og GPD Pocket serier. Offisielt lager med st\u00f8tte fra DROIX. <\/p>\t\t\t\t\t\t\t\t<\/div>\n\t\t\t\t<\/div>\n\t\t\t\t<\/div>\n\t\t<div class=\"elementor-element elementor-element-54c8f80 e-con-full e-flex e-con e-child\" data-id=\"54c8f80\" data-element_type=\"container\">\n\t\t\t\t<div class=\"elementor-element elementor-element-ce35975 elementor-widget elementor-widget-image\" data-id=\"ce35975\" data-element_type=\"widget\" data-widget_type=\"image.default\">\n\t\t\t\t<div class=\"elementor-widget-container\">\n\t\t\t\t\t\t\t\t\t\t\t\t\t\t\t\t<a href=\"https:\/\/droix.net\/\">\n\t\t\t\t\t\t\t<img loading=\"lazy\" decoding=\"async\" width=\"320\" height=\"120\" src=\"https:\/\/droix.eu\/wp-content\/uploads\/2025\/06\/NET.jpg\" class=\"attachment-full size-full wp-image-653263\" alt=\"\" srcset=\"https:\/\/droix.eu\/wp-content\/uploads\/2025\/06\/NET.jpg 320w, https:\/\/droix.eu\/wp-content\/uploads\/2025\/06\/NET-300x113.jpg 300w, https:\/\/droix.eu\/wp-content\/uploads\/2025\/06\/NET-150x56.jpg 150w\" sizes=\"(max-width: 360px) 147px, (max-width: 320px) 100vw, 320px\" \/>\t\t\t\t\t\t\t\t<\/a>\n\t\t\t\t\t\t\t\t\t\t\t\t\t\t\t<\/div>\n\t\t\t\t<\/div>\n\t\t\t\t<div class=\"elementor-element elementor-element-0e64437 elementor-widget elementor-widget-text-editor\" data-id=\"0e64437\" data-element_type=\"widget\" data-widget_type=\"text-editor.default\">\n\t\t\t\t<div class=\"elementor-widget-container\">\n\t\t\t\t\t\t\t\t\t<p data-pm-slice=\"0 0 []\">Betjener kunder utenfor Storbritannia og EU.  <span style=\"background-color: transparent;\">Det beste valget for global frakt, avgiftsfri utsjekking (der det er aktuelt) og verdensomspennende kundest\u00f8tte.<\/span><\/p>\t\t\t\t\t\t\t\t<\/div>\n\t\t\t\t<\/div>\n\t\t\t\t<div class=\"elementor-element elementor-element-34fac51 elementor-widget elementor-widget-image\" data-id=\"34fac51\" data-element_type=\"widget\" data-widget_type=\"image.default\">\n\t\t\t\t<div class=\"elementor-widget-container\">\n\t\t\t\t\t\t\t\t\t\t\t\t\t\t\t\t<a href=\"https:\/\/ayaneo.co\/\">\n\t\t\t\t\t\t\t<img loading=\"lazy\" decoding=\"async\" width=\"320\" height=\"120\" src=\"https:\/\/droix.eu\/wp-content\/uploads\/2025\/06\/AYANEO.jpg\" class=\"attachment-full size-full wp-image-653217\" alt=\"\" srcset=\"https:\/\/droix.eu\/wp-content\/uploads\/2025\/06\/AYANEO.jpg 320w, https:\/\/droix.eu\/wp-content\/uploads\/2025\/06\/AYANEO-300x113.jpg 300w, https:\/\/droix.eu\/wp-content\/uploads\/2025\/06\/AYANEO-150x56.jpg 150w\" sizes=\"(max-width: 360px) 147px, (max-width: 320px) 100vw, 320px\" \/>\t\t\t\t\t\t\t\t<\/a>\n\t\t\t\t\t\t\t\t\t\t\t\t\t\t\t<\/div>\n\t\t\t\t<\/div>\n\t\t\t\t<div class=\"elementor-element elementor-element-f66769b elementor-widget elementor-widget-text-editor\" data-id=\"f66769b\" data-element_type=\"widget\" data-widget_type=\"text-editor.default\">\n\t\t\t\t<div class=\"elementor-widget-container\">\n\t\t\t\t\t\t\t\t\t<p data-pm-slice=\"0 0 []\">Offisiell AYANEO butikk av DROIX, med de nyeste premium h\u00e5ndholdte spill-PCene, tilbeh\u00f8r og forh\u00e5ndsbestillinger.<\/p>\t\t\t\t\t\t\t\t<\/div>\n\t\t\t\t<\/div>\n\t\t\t\t<\/div>\n\t\t\t\t\t<\/div>\n\t\t\t\t<\/div>\n\t\t<div class=\"elementor-element elementor-element-0fbb9b9 e-flex e-con-boxed e-con e-parent\" data-id=\"0fbb9b9\" data-element_type=\"container\">\n\t\t\t\t\t<div class=\"e-con-inner\">\n\t\t\t\t<div class=\"elementor-element elementor-element-0c63f3c elementor-widget elementor-widget-heading\" data-id=\"0c63f3c\" data-element_type=\"widget\" data-widget_type=\"heading.default\">\n\t\t\t\t<div class=\"elementor-widget-container\">\n\t\t\t\t\t<h2 class=\"elementor-heading-title elementor-size-default\">Hvorfor handle med DROIX?<\/h2>\t\t\t\t<\/div>\n\t\t\t\t<\/div>\n\t\t\t\t<div class=\"elementor-element elementor-element-c63cdbd elementor-widget elementor-widget-text-editor\" data-id=\"c63cdbd\" data-element_type=\"widget\" data-widget_type=\"text-editor.default\">\n\t\t\t\t<div class=\"elementor-widget-container\">\n\t\t\t\t\t\t\t\t\t<p>Hos DROIX er vi ikke bare en vanlig nettbutikk &#8211; vi er et p\u00e5litelig navn innen ytelsesteknologi, st\u00f8ttet av hundrevis av forn\u00f8yde kunder og mange \u00e5rs erfaring med h\u00e5ndholdte spill-PC-er, mini-PC-er, Ultrabooks, Android Devices og mer. Med hundrevis av positive verifiserte anmeldelser taler v\u00e5r service for seg selv. Vi setter v\u00e5r \u00e6re i \u00e5 tilby den beste kundeopplevelsen, fra f\u00f8rste klikk til ettersalgssupport.  <\/p>\t\t\t\t\t\t\t\t<\/div>\n\t\t\t\t<\/div>\n\t\t\t\t<div class=\"elementor-element elementor-element-5545ff4 elementor-widget elementor-widget-image\" data-id=\"5545ff4\" data-element_type=\"widget\" data-widget_type=\"image.default\">\n\t\t\t\t<div class=\"elementor-widget-container\">\n\t\t\t\t\t\t\t\t\t\t\t\t\t\t\t<img loading=\"lazy\" decoding=\"async\" width=\"768\" height=\"768\" src=\"https:\/\/droix.eu\/wp-content\/uploads\/2025\/06\/DROIX-REVIEWS-768x768.png\" class=\"attachment-medium_large size-medium_large wp-image-653381\" alt=\"\" srcset=\"https:\/\/droix.eu\/wp-content\/uploads\/2025\/06\/DROIX-REVIEWS-768x768.png 768w, https:\/\/droix.eu\/wp-content\/uploads\/2025\/06\/DROIX-REVIEWS-300x300.png 300w, https:\/\/droix.eu\/wp-content\/uploads\/2025\/06\/DROIX-REVIEWS-1024x1024.png 1024w, https:\/\/droix.eu\/wp-content\/uploads\/2025\/06\/DROIX-REVIEWS-990x990.png 990w, https:\/\/droix.eu\/wp-content\/uploads\/2025\/06\/DROIX-REVIEWS-441x441.png 441w, https:\/\/droix.eu\/wp-content\/uploads\/2025\/06\/DROIX-REVIEWS-100x100.png 100w, https:\/\/droix.eu\/wp-content\/uploads\/2025\/06\/DROIX-REVIEWS-1000x1000.png 1000w, https:\/\/droix.eu\/wp-content\/uploads\/2025\/06\/DROIX-REVIEWS-150x150.png 150w, https:\/\/droix.eu\/wp-content\/uploads\/2025\/06\/DROIX-REVIEWS.png 1200w\" sizes=\"(max-width: 360px) 147px, (max-width: 768px) 100vw, 768px\" \/>\t\t\t\t\t\t\t\t\t\t\t\t\t\t\t<\/div>\n\t\t\t\t<\/div>\n\t\t\t\t\t<\/div>\n\t\t\t\t<\/div>\n\t\t\t\t<\/div>\n\t\t","protected":false},"excerpt":{"rendered":"<p>Velkommen til DROIX-familien av butikker Oppdag v\u00e5rt nettverk av offisielle DROIX-nettbutikker. Enten du befinner deg i Storbritannia, Europa eller hvor som helst i verden, har vi en dedikert butikk som passer best for deg &#8211; inkludert produktspesifikke butikker for AYANEO og GPD h\u00e5ndholdte spill-PC-er V\u00e5r egen butikk i Storbritannia er utformet for \u00e5 sikre smidig [&hellip;]<\/p>\n","protected":false},"author":5622,"featured_media":0,"parent":0,"menu_order":0,"comment_status":"closed","ping_status":"closed","template":"elementor_header_footer","meta":{"_acf_changed":false,"footnotes":""},"class_list":["post-669624","page","type-page","status-publish","hentry"],"acf":[],"aioseo_notices":[],"aioseo_head":"\n\t\t<!-- All in One SEO Pro 4.9.5.2 - aioseo.com -->\n\t<meta name=\"description\" content=\"Velkommen til DROIX-familien av butikker Oppdag v\u00e5rt nettverk av offisielle DROIX-nettbutikker. Enten du befinner deg i Storbritannia, Europa eller hvor som helst i verden, har vi en dedikert butikk som passer best for deg \u2013 inkludert produktspesifikke butikker for AYANEO og GPD h\u00e5ndholdte spill-PC-er V\u00e5r egen butikk i Storbritannia er utformet for \u00e5 sikre smidig\" \/>\n\t<meta name=\"robots\" content=\"max-image-preview:large\" \/>\n\t<link rel=\"canonical\" href=\"https:\/\/droix.eu\/no\/vare-butikker\/\" \/>\n\t<meta name=\"generator\" content=\"All in One SEO Pro (AIOSEO) 4.9.5.2\" \/>\n\t\t<meta property=\"og:locale\" content=\"nb_NO\" \/>\n\t\t<meta property=\"og:site_name\" content=\"DROIX EU - Get the latest Mini PCs, Ultrabook, PC Gaming Handhelds and more!\" \/>\n\t\t<meta property=\"og:type\" content=\"article\" \/>\n\t\t<meta property=\"og:title\" content=\"V\u00e5re butikker - DROIX EU\" \/>\n\t\t<meta property=\"og:description\" content=\"Velkommen til DROIX-familien av butikker Oppdag v\u00e5rt nettverk av offisielle DROIX-nettbutikker. Enten du befinner deg i Storbritannia, Europa eller hvor som helst i verden, har vi en dedikert butikk som passer best for deg \u2013 inkludert produktspesifikke butikker for AYANEO og GPD h\u00e5ndholdte spill-PC-er V\u00e5r egen butikk i Storbritannia er utformet for \u00e5 sikre smidig\" \/>\n\t\t<meta property=\"og:url\" content=\"https:\/\/droix.eu\/no\/vare-butikker\/\" \/>\n\t\t<meta property=\"og:image\" content=\"https:\/\/droix.eu\/wp-content\/uploads\/2024\/06\/droix-v2-light-logo.png\" \/>\n\t\t<meta property=\"og:image:secure_url\" content=\"https:\/\/droix.eu\/wp-content\/uploads\/2024\/06\/droix-v2-light-logo.png\" \/>\n\t\t<meta property=\"og:image:width\" content=\"380\" \/>\n\t\t<meta property=\"og:image:height\" content=\"118\" \/>\n\t\t<meta property=\"article:published_time\" content=\"2025-06-25T09:47:29+00:00\" \/>\n\t\t<meta property=\"article:modified_time\" content=\"2025-07-16T14:42:13+00:00\" \/>\n\t\t<meta property=\"article:publisher\" content=\"https:\/\/www.facebook.com\/DroiX.Store\" \/>\n\t\t<meta name=\"twitter:card\" content=\"summary_large_image\" \/>\n\t\t<meta name=\"twitter:site\" content=\"@DroiX_Store\" \/>\n\t\t<meta name=\"twitter:title\" content=\"V\u00e5re butikker - DROIX EU\" \/>\n\t\t<meta name=\"twitter:description\" content=\"Velkommen til DROIX-familien av butikker Oppdag v\u00e5rt nettverk av offisielle DROIX-nettbutikker. Enten du befinner deg i Storbritannia, Europa eller hvor som helst i verden, har vi en dedikert butikk som passer best for deg \u2013 inkludert produktspesifikke butikker for AYANEO og GPD h\u00e5ndholdte spill-PC-er V\u00e5r egen butikk i Storbritannia er utformet for \u00e5 sikre smidig\" \/>\n\t\t<meta name=\"twitter:creator\" content=\"@DroiX_Store\" \/>\n\t\t<meta name=\"twitter:image\" content=\"https:\/\/droix.eu\/wp-content\/uploads\/2024\/06\/droix-v2-light-logo.png\" \/>\n\t\t<script type=\"application\/ld+json\" class=\"aioseo-schema\">\n\t\t\t{\"@context\":\"https:\\\/\\\/schema.org\",\"@graph\":[{\"@type\":\"BreadcrumbList\",\"@id\":\"https:\\\/\\\/droix.eu\\\/no\\\/vare-butikker\\\/#breadcrumblist\",\"itemListElement\":[{\"@type\":\"ListItem\",\"@id\":\"https:\\\/\\\/droix.eu\\\/no\\\/#listItem\",\"position\":1,\"name\":\"Home\",\"item\":\"https:\\\/\\\/droix.eu\\\/no\\\/\",\"nextItem\":{\"@type\":\"ListItem\",\"@id\":\"https:\\\/\\\/droix.eu\\\/no\\\/vare-butikker\\\/#listItem\",\"name\":\"V\\u00e5re butikker\"}},{\"@type\":\"ListItem\",\"@id\":\"https:\\\/\\\/droix.eu\\\/no\\\/vare-butikker\\\/#listItem\",\"position\":2,\"name\":\"V\\u00e5re butikker\",\"previousItem\":{\"@type\":\"ListItem\",\"@id\":\"https:\\\/\\\/droix.eu\\\/no\\\/#listItem\",\"name\":\"Home\"}}]},{\"@type\":\"Organization\",\"@id\":\"https:\\\/\\\/droix.eu\\\/no\\\/#organization\",\"name\":\"DroiX \\u2013 Trusted EU Tech Retailer with 12+ Years Experience\",\"description\":\"DroiX is a leading European technology retailer with over 12 years of experience, offering quality mini PCs, handheld gaming consoles, and tech accessories. We provide hassle-free EU delivery with all taxes included, ensuring a smooth and reliable shopping experience for our customers across Europe.\",\"url\":\"https:\\\/\\\/droix.eu\\\/no\\\/\",\"logo\":{\"@type\":\"ImageObject\",\"url\":\"https:\\\/\\\/droix.eu\\\/wp-content\\\/uploads\\\/2024\\\/06\\\/droix-v2-light-logo.png\",\"@id\":\"https:\\\/\\\/droix.eu\\\/no\\\/vare-butikker\\\/#organizationLogo\",\"width\":380,\"height\":118},\"image\":{\"@id\":\"https:\\\/\\\/droix.eu\\\/no\\\/vare-butikker\\\/#organizationLogo\"},\"sameAs\":[\"https:\\\/\\\/www.facebook.com\\\/DroiX.Store\",\"https:\\\/\\\/twitter.com\\\/DroiX_Store\",\"https:\\\/\\\/www.instagram.com\\\/droix.store\\\/\",\"https:\\\/\\\/www.tiktok.com\\\/@droix.store\",\"https:\\\/\\\/www.youtube.com\\\/c\\\/DroiX_Store\",\"https:\\\/\\\/uk.linkedin.com\\\/company\\\/droix\"]},{\"@type\":\"WebPage\",\"@id\":\"https:\\\/\\\/droix.eu\\\/no\\\/vare-butikker\\\/#webpage\",\"url\":\"https:\\\/\\\/droix.eu\\\/no\\\/vare-butikker\\\/\",\"name\":\"V\\u00e5re butikker - DROIX EU\",\"description\":\"Velkommen til DROIX-familien av butikker Oppdag v\\u00e5rt nettverk av offisielle DROIX-nettbutikker. Enten du befinner deg i Storbritannia, Europa eller hvor som helst i verden, har vi en dedikert butikk som passer best for deg \\u2013 inkludert produktspesifikke butikker for AYANEO og GPD h\\u00e5ndholdte spill-PC-er V\\u00e5r egen butikk i Storbritannia er utformet for \\u00e5 sikre smidig\",\"inLanguage\":\"nb-NO\",\"isPartOf\":{\"@id\":\"https:\\\/\\\/droix.eu\\\/no\\\/#website\"},\"breadcrumb\":{\"@id\":\"https:\\\/\\\/droix.eu\\\/no\\\/vare-butikker\\\/#breadcrumblist\"},\"datePublished\":\"2025-06-25T10:47:29+01:00\",\"dateModified\":\"2025-07-16T15:42:13+01:00\"},{\"@type\":\"WebSite\",\"@id\":\"https:\\\/\\\/droix.eu\\\/no\\\/#website\",\"url\":\"https:\\\/\\\/droix.eu\\\/no\\\/\",\"name\":\"DROIX EU\",\"description\":\"Get the latest Mini PCs, Ultrabook, PC Gaming Handhelds and more!\",\"inLanguage\":\"nb-NO\",\"publisher\":{\"@id\":\"https:\\\/\\\/droix.eu\\\/no\\\/#organization\"}}]}\n\t\t<\/script>\n\t\t<!-- All in One SEO Pro -->\r\n\t\t<title>V\u00e5re butikker - DROIX EU<\/title>\n\n","aioseo_head_json":{"title":"V\u00e5re butikker - DROIX EU","description":"Velkommen til DROIX-familien av butikker Oppdag v\u00e5rt nettverk av offisielle DROIX-nettbutikker. Enten du befinner deg i Storbritannia, Europa eller hvor som helst i verden, har vi en dedikert butikk som passer best for deg \u2013 inkludert produktspesifikke butikker for AYANEO og GPD h\u00e5ndholdte spill-PC-er V\u00e5r egen butikk i Storbritannia er utformet for \u00e5 sikre smidig","canonical_url":"https:\/\/droix.eu\/no\/vare-butikker\/","robots":"max-image-preview:large","keywords":"","webmasterTools":{"miscellaneous":""},"schema":{"@context":"https:\/\/schema.org","@graph":[{"@type":"BreadcrumbList","@id":"https:\/\/droix.eu\/no\/vare-butikker\/#breadcrumblist","itemListElement":[{"@type":"ListItem","@id":"https:\/\/droix.eu\/no\/#listItem","position":1,"name":"Home","item":"https:\/\/droix.eu\/no\/","nextItem":{"@type":"ListItem","@id":"https:\/\/droix.eu\/no\/vare-butikker\/#listItem","name":"V\u00e5re butikker"}},{"@type":"ListItem","@id":"https:\/\/droix.eu\/no\/vare-butikker\/#listItem","position":2,"name":"V\u00e5re butikker","previousItem":{"@type":"ListItem","@id":"https:\/\/droix.eu\/no\/#listItem","name":"Home"}}]},{"@type":"Organization","@id":"https:\/\/droix.eu\/no\/#organization","name":"DroiX \u2013 Trusted EU Tech Retailer with 12+ Years Experience","description":"DroiX is a leading European technology retailer with over 12 years of experience, offering quality mini PCs, handheld gaming consoles, and tech accessories. We provide hassle-free EU delivery with all taxes included, ensuring a smooth and reliable shopping experience for our customers across Europe.","url":"https:\/\/droix.eu\/no\/","logo":{"@type":"ImageObject","url":"https:\/\/droix.eu\/wp-content\/uploads\/2024\/06\/droix-v2-light-logo.png","@id":"https:\/\/droix.eu\/no\/vare-butikker\/#organizationLogo","width":380,"height":118},"image":{"@id":"https:\/\/droix.eu\/no\/vare-butikker\/#organizationLogo"},"sameAs":["https:\/\/www.facebook.com\/DroiX.Store","https:\/\/twitter.com\/DroiX_Store","https:\/\/www.instagram.com\/droix.store\/","https:\/\/www.tiktok.com\/@droix.store","https:\/\/www.youtube.com\/c\/DroiX_Store","https:\/\/uk.linkedin.com\/company\/droix"]},{"@type":"WebPage","@id":"https:\/\/droix.eu\/no\/vare-butikker\/#webpage","url":"https:\/\/droix.eu\/no\/vare-butikker\/","name":"V\u00e5re butikker - DROIX EU","description":"Velkommen til DROIX-familien av butikker Oppdag v\u00e5rt nettverk av offisielle DROIX-nettbutikker. Enten du befinner deg i Storbritannia, Europa eller hvor som helst i verden, har vi en dedikert butikk som passer best for deg \u2013 inkludert produktspesifikke butikker for AYANEO og GPD h\u00e5ndholdte spill-PC-er V\u00e5r egen butikk i Storbritannia er utformet for \u00e5 sikre smidig","inLanguage":"nb-NO","isPartOf":{"@id":"https:\/\/droix.eu\/no\/#website"},"breadcrumb":{"@id":"https:\/\/droix.eu\/no\/vare-butikker\/#breadcrumblist"},"datePublished":"2025-06-25T10:47:29+01:00","dateModified":"2025-07-16T15:42:13+01:00"},{"@type":"WebSite","@id":"https:\/\/droix.eu\/no\/#website","url":"https:\/\/droix.eu\/no\/","name":"DROIX EU","description":"Get the latest Mini PCs, Ultrabook, PC Gaming Handhelds and more!","inLanguage":"nb-NO","publisher":{"@id":"https:\/\/droix.eu\/no\/#organization"}}]},"og:locale":"nb_NO","og:site_name":"DROIX EU - Get the latest Mini PCs, Ultrabook, PC Gaming Handhelds and more!","og:type":"article","og:title":"V\u00e5re butikker - DROIX EU","og:description":"Velkommen til DROIX-familien av butikker Oppdag v\u00e5rt nettverk av offisielle DROIX-nettbutikker. Enten du befinner deg i Storbritannia, Europa eller hvor som helst i verden, har vi en dedikert butikk som passer best for deg \u2013 inkludert produktspesifikke butikker for AYANEO og GPD h\u00e5ndholdte spill-PC-er V\u00e5r egen butikk i Storbritannia er utformet for \u00e5 sikre smidig","og:url":"https:\/\/droix.eu\/no\/vare-butikker\/","og:image":"https:\/\/droix.eu\/wp-content\/uploads\/2024\/06\/droix-v2-light-logo.png","og:image:secure_url":"https:\/\/droix.eu\/wp-content\/uploads\/2024\/06\/droix-v2-light-logo.png","og:image:width":380,"og:image:height":118,"article:published_time":"2025-06-25T09:47:29+00:00","article:modified_time":"2025-07-16T14:42:13+00:00","article:publisher":"https:\/\/www.facebook.com\/DroiX.Store","twitter:card":"summary_large_image","twitter:site":"@DroiX_Store","twitter:title":"V\u00e5re butikker - DROIX EU","twitter:description":"Velkommen til DROIX-familien av butikker Oppdag v\u00e5rt nettverk av offisielle DROIX-nettbutikker. Enten du befinner deg i Storbritannia, Europa eller hvor som helst i verden, har vi en dedikert butikk som passer best for deg \u2013 inkludert produktspesifikke butikker for AYANEO og GPD h\u00e5ndholdte spill-PC-er V\u00e5r egen butikk i Storbritannia er utformet for \u00e5 sikre smidig","twitter:creator":"@DroiX_Store","twitter:image":"https:\/\/droix.eu\/wp-content\/uploads\/2024\/06\/droix-v2-light-logo.png"},"aioseo_meta_data":{"post_id":"669624","title":null,"description":null,"keywords":null,"keyphrases":null,"primary_term":null,"canonical_url":null,"og_title":null,"og_description":null,"og_object_type":"default","og_image_type":"default","og_image_url":null,"og_image_width":null,"og_image_height":null,"og_image_custom_url":null,"og_image_custom_fields":null,"og_video":null,"og_custom_url":null,"og_article_section":null,"og_article_tags":null,"twitter_use_og":true,"twitter_card":"default","twitter_image_type":"default","twitter_image_url":null,"twitter_image_custom_url":null,"twitter_image_custom_fields":null,"twitter_title":null,"twitter_description":null,"schema":{"blockGraphs":[],"customGraphs":[],"default":{"data":{"Article":[],"Course":[],"Dataset":[],"FAQPage":[],"Movie":[],"Person":[],"Product":[],"ProductReview":[],"Car":[],"Recipe":[],"Service":[],"SoftwareApplication":[],"WebPage":[]},"graphName":"","isEnabled":true},"graphs":[]},"schema_type":"default","schema_type_options":null,"pillar_content":false,"robots_default":true,"robots_noindex":false,"robots_noarchive":false,"robots_nosnippet":false,"robots_nofollow":false,"robots_noimageindex":false,"robots_noodp":false,"robots_notranslate":false,"robots_max_snippet":null,"robots_max_videopreview":null,"robots_max_imagepreview":"large","priority":null,"frequency":null,"local_seo":null,"seo_analyzer_scan_date":"2025-09-17 01:12:55","breadcrumb_settings":null,"limit_modified_date":false,"reviewed_by":null,"open_ai":null,"ai":null,"created":"2025-09-17 01:12:55","updated":"2025-11-27 01:32:33"},"aioseo_breadcrumb":"<div class=\"aioseo-breadcrumbs\"><span class=\"aioseo-breadcrumb\">\n\t<a href=\"https:\/\/droix.eu\/no\/\" title=\"Home\">Home<\/a>\n<\/span><span class=\"aioseo-breadcrumb-separator\">&raquo;<\/span><span class=\"aioseo-breadcrumb\">\n\tV\u00e5re butikker\n<\/span><\/div>","aioseo_breadcrumb_json":[{"label":"Home","link":"https:\/\/droix.eu\/no\/"},{"label":"V\u00e5re butikker","link":"https:\/\/droix.eu\/no\/vare-butikker\/"}],"_links":{"self":[{"href":"https:\/\/droix.eu\/no\/wp-json\/wp\/v2\/pages\/669624","targetHints":{"allow":["GET"]}}],"collection":[{"href":"https:\/\/droix.eu\/no\/wp-json\/wp\/v2\/pages"}],"about":[{"href":"https:\/\/droix.eu\/no\/wp-json\/wp\/v2\/types\/page"}],"author":[{"embeddable":true,"href":"https:\/\/droix.eu\/no\/wp-json\/wp\/v2\/users\/5622"}],"replies":[{"embeddable":true,"href":"https:\/\/droix.eu\/no\/wp-json\/wp\/v2\/comments?post=669624"}],"version-history":[{"count":0,"href":"https:\/\/droix.eu\/no\/wp-json\/wp\/v2\/pages\/669624\/revisions"}],"wp:attachment":[{"href":"https:\/\/droix.eu\/no\/wp-json\/wp\/v2\/media?parent=669624"}],"curies":[{"name":"wp","href":"https:\/\/api.w.org\/{rel}","templated":true}]}}