{"id":505095,"date":"2023-05-02T16:38:01","date_gmt":"2023-05-02T15:38:01","guid":{"rendered":"https:\/\/droix.eu\/lager-betaling-og-levering\/"},"modified":"2025-04-23T01:11:36","modified_gmt":"2025-04-23T00:11:36","slug":"lager-betaling-og-levering","status":"publish","type":"page","link":"https:\/\/droix.eu\/no\/lager-betaling-og-levering\/","title":{"rendered":"Lager, betaling og levering"},"content":{"rendered":"\n<p>Vi er glade for \u00e5 kunngj\u00f8re at <strong>DROIX <\/strong>n\u00e5 tilbyr enda raskere og rimeligere fraktalternativer for alle dine elektroniske behov. V\u00e5rt engasjement for \u00e5 gi deg eksepsjonell kundeservice strekker seg til \u00e5 sikre at du mottar bestillingene dine s\u00e5 raskt og effektivt som mulig, uten \u00e5 ruinere banken. <\/p>\n\n<p>Hos <strong>DROIX<\/strong> forst\u00e5r vi viktigheten av fleksibilitet n\u00e5r det gjelder betaling. Derfor er vi stolte av \u00e5 akseptere betaling i alle st\u00f8rre valutaer og metoder, inkludert kredittkort, debetkort, PayPal, BNPL-ordninger og mer, for \u00e5 gj\u00f8re shoppingopplevelsen din s\u00f8ml\u00f8s og praktisk. <\/p>\n\n<p>For \u00e5 forbedre servicen v\u00e5r ytterligere sender vi bestillinger fra v\u00e5re strategisk plasserte lagre i Storbritannia, Europa og USA. Dette gj\u00f8r at vi kan levere varene dine p\u00e5 kortest mulig tid og samtidig minimere fraktkostnadene. <\/p>\n\n<p>I tillegg jobber vi kontinuerlig med \u00e5 utvide fraktalternativene v\u00e5re og forhandle frem bedre avtaler med fraktpartnerne v\u00e5re for \u00e5 redusere kostnadene. M\u00e5let v\u00e5rt er \u00e5 gi disse besparelsene videre til deg og gj\u00f8re produktene v\u00e5re enda mer tilgjengelige for kunder over hele verden. <\/p>\n\n<h2 class=\"wp-block-heading\">Lagerinformasjon<\/h2>\n\n<p>Hos <strong>DROIX<\/strong> er vi opptatt av \u00e5 holde deg informert om tilgjengeligheten av produktene v\u00e5re. For \u00e5 hjelpe deg med \u00e5 forst\u00e5 de ulike lagerstatusene p\u00e5 nettstedet v\u00e5rt, har vi gitt en kort forklaring for hver av dem: <\/p>\n\n<ul class=\"wp-block-list\">\n<li><strong>P\u00e5 lager:<\/strong> N\u00e5r et produkt er merket som &#8220;P\u00e5 lager&#8221;, betyr det at vi for \u00f8yeblikket har varen p\u00e5 lager og at den er klar til \u00e5 bli sendt. Bestillinger av varer som er p\u00e5 lager, blir vanligvis behandlet og sendt innen kort tid, slik at du f\u00e5r produktene dine s\u00e5 raskt som mulig. <\/li>\n\n\n\n<li><strong>I restordre:<\/strong> Hvis et produkt er oppf\u00f8rt som &#8220;I restordre&#8221;, betyr det at varen er offisielt lansert, men at vi for \u00f8yeblikket ikke har den p\u00e5 lager. Du kan v\u00e6re trygg p\u00e5 at vi sender bestillingen din s\u00e5 snart vi mottar nye varer fra produsentene. Datoen for restlager er vanligvis oppgitt p\u00e5 produktsiden, slik at du f\u00e5r et estimat p\u00e5 n\u00e5r du kan forvente at bestillingen din blir sendt.  <\/li>\n\n\n\n<li><strong>Forh\u00e5ndsbestilling:<\/strong> N\u00e5r du ser et produkt merket som &#8220;Forh\u00e5ndsbestilling&#8221;, betyr det at varen ikke er offisielt lansert enn\u00e5. Ved \u00e5 legge inn en forh\u00e5ndsbestilling reserverer du produktet og sikrer at du er blant de f\u00f8rste som mottar det n\u00e5r det er lansert og vi har det p\u00e5 lager.  Vi sender forh\u00e5ndsbestilte varer til kundene s\u00e5 snart produktet blir tilgjengelig.<\/li>\n<\/ul>\n\n<p>Hvis du har sp\u00f8rsm\u00e5l om varen er p\u00e5 lager, er det bare \u00e5 hoppe inn p\u00e5 v\u00e5r <strong>Live Chat<\/strong> eller sende oss en e-post p\u00e5 <strong><a>support@droix.co.uk<\/a><\/strong>s\u00e5 hjelper vi deg mer enn gjerne.<\/p>\n\n<h2 class=\"wp-block-heading\">Betaling<\/h2>\n\n<p>Hos <strong>DROIX<\/strong> forst\u00e5r vi viktigheten av \u00e5 tilby fleksible og sikre betalingsalternativer for en s\u00f8ml\u00f8s handleopplevelse. Derfor er vi stolte av \u00e5 kunne akseptere et bredt spekter av betalingsmetoder, slik at vi kan ta hensyn til dine individuelle preferanser og sikre en problemfri betalingsprosess. <\/p>\n\n<p>Vi tar gjerne imot alle st\u00f8rre debet- og kredittkort, inkludert:<\/p>\n\n<ul class=\"wp-block-list\">\n<li><strong>Apple Pay:<\/strong> Foreta sikre og kontaktl\u00f8se betalinger med Apple-enhetene dine.<\/li>\n\n\n\n<li><strong>Mastercard:<\/strong> Betal trygt med ditt betrodde debet- eller kredittkort fra Mastercard.<\/li>\n\n\n\n<li><strong>Visa:<\/strong> Stol p\u00e5 den globale rekkevidden og sikkerheten til ditt Visa debet- eller kredittkort.<\/li>\n<\/ul>\n\n<p>I tillegg til debet- og kredittkort godtar vi ogs\u00e5 <strong>PayPal<\/strong>, en anerkjent og sikker betalingsplattform p\u00e5 nett. Med PayPal kan du handle trygt, vel vitende om at din finansielle informasjon er beskyttet med avansert krypteringsteknologi. <\/p>\n\n<p>Ved \u00e5 tilby flere betalingsalternativer, tar vi sikte p\u00e5 \u00e5 gi deg den fleksibiliteten og bekvemmeligheten du fortjener n\u00e5r du handler hos <strong>DROIX<\/strong>. Hvis du har sp\u00f8rsm\u00e5l eller trenger hjelp med betalingsprosessen, ikke n\u00f8l med \u00e5 ta kontakt med v\u00e5rt dedikerte kundesupportteam. <\/p>\n\n<h2 class=\"wp-block-heading\">Frakt og skatt<\/h2>\n\n<p>Vi er glade for \u00e5 kunne informere deg om at alle <strong>DROIX-bestillinger <\/strong>sendes utelukkende fra v\u00e5rt lager i Storbritannia, som ligger p\u00e5 54C Expressway, N Woolwich Rd, London, E16 2AA, Storbritannia. Selv om produktsidene kan henvise til internasjonal leveringsmulighet, m\u00e5 du v\u00e6re oppmerksom p\u00e5 at <strong>alle varer sendes fra Storbritannia<\/strong>, uavhengig av destinasjon. Vi har ingen leveringssentre i EU eller USA. Alle internasjonale bestillinger sendes fra Storbritannia og kan v\u00e6re underlagt importavgifter og skatter, som beregnes i kassen (der det er aktuelt). Logistikkteamet v\u00e5rt er opptatt av \u00e5 sikre effektiv og rettidig frakt over hele verden fra v\u00e5r base i Storbritannia.    <\/p>\n\n<ul class=\"wp-block-list\">\n<li><strong>Avgifter inkludert:<\/strong> Alle priser som er oppf\u00f8rt p\u00e5 nettstedet v\u00e5rt, inkluderer gjeldende avgifter, noe som gj\u00f8r kasseopplevelsen din gjennomsiktig og bekymringsfri.<\/li>\n\n\n\n<li><strong>Importavgifter:<\/strong> Kunder fra Storbritannia og USA vil ikke p\u00e5dra seg noen ekstra importavgifter. For kunder utenfor disse regionene vil de fleste varene ogs\u00e5 sendes med betalte avgifter. Dette vil bli nevnt p\u00e5 hver produktside, slik at du ikke f\u00e5r noen skjulte overraskelser under levering.  \n<ul class=\"wp-block-list\">\n<li>Ved \u00e5 fullf\u00f8re kj\u00f8pet ditt, autoriserer du DROIX til \u00e5 betale disse importavgiftene og avgiftene p\u00e5 dine vegne p\u00e5 inngangsstedet. Disse bel\u00f8pene betales direkte til tollmyndighetene i ditt land og kan derfor ikke refunderes under noen omstendigheter, inkludert avviste eller returnerte bestillinger. <\/li>\n\n\n\n<li>S\u00f8rg for at du er kjent med importreglene i ditt land f\u00f8r du legger inn en bestilling, da vi ikke kan kreve tilbake eller refundere importavgifter n\u00e5r de er sendt til tollen.<\/li>\n<\/ul>\n<\/li>\n<\/ul>\n\n<p><strong>DROIX <\/strong>sender stolt til f\u00f8lgende land:<\/p>\n\n<ul class=\"wp-block-list\">\n<li>Storbritannia<\/li>\n\n\n\n<li>Albania<\/li>\n\n\n\n<li>Andorra<\/li>\n\n\n\n<li>\u00d8sterrike<\/li>\n\n\n\n<li>Belgia<\/li>\n\n\n\n<li>Bosnia-Hercegovina<\/li>\n\n\n\n<li>Bulgaria<\/li>\n\n\n\n<li>Canada<\/li>\n\n\n\n<li>Kroatia<\/li>\n\n\n\n<li>Tsjekkia<\/li>\n\n\n\n<li>Danmark<\/li>\n\n\n\n<li>Estland<\/li>\n\n\n\n<li>Finland<\/li>\n\n\n\n<li>Frankrike<\/li>\n\n\n\n<li>Tyskland<\/li>\n\n\n\n<li>Hellas<\/li>\n\n\n\n<li>Ungarn<\/li>\n\n\n\n<li>Island<\/li>\n\n\n\n<li>Irland<\/li>\n\n\n\n<li>Italia<\/li>\n\n\n\n<li>Latvia<\/li>\n\n\n\n<li>Litauen<\/li>\n\n\n\n<li>Luxembourg<\/li>\n\n\n\n<li>Malta<\/li>\n\n\n\n<li>Moldova<\/li>\n\n\n\n<li>Montenegro<\/li>\n\n\n\n<li>Nederland<\/li>\n\n\n\n<li>Norge<\/li>\n\n\n\n<li>Polen<\/li>\n\n\n\n<li>Portugal<\/li>\n\n\n\n<li>Romania<\/li>\n\n\n\n<li>Serbia<\/li>\n\n\n\n<li>Slovakia<\/li>\n\n\n\n<li>Slovenia<\/li>\n\n\n\n<li>Spania<\/li>\n\n\n\n<li>Sverige<\/li>\n\n\n\n<li>Sveits<\/li>\n\n\n\n<li>USA<\/li>\n<\/ul>\n\n<p>Vi tilbyr ulike fraktmetoder basert p\u00e5 varens klasse. Avanserte produkter kan kun sendes via <strong>DHL Express<\/strong> for \u00e5 sikre sikker og rask levering. V\u00e5re tilgjengelige fraktalternativer inkluderer <strong>DHL Express<\/strong>, <strong>DPD<\/strong>, <strong>GlobalMail<\/strong> og <strong>Royal Mail<\/strong>.  <\/p>\n\n<p>Vi h\u00e5per denne informasjonen klargj\u00f8r v\u00e5re retningslinjer og prosedyrer for frakt. Hvis du har ytterligere sp\u00f8rsm\u00e5l eller bekymringer, kan du ta kontakt med kundesupportteamet v\u00e5rt for \u00e5 f\u00e5 hjelp. <\/p>\n\n<h4 class=\"wp-block-heading\"><strong>Fraktkostnader og sporing<\/strong><\/h4>\n\n<p><strong>Sporing av ordre:<\/strong> Vi sender alle v\u00e5re bestillinger via sporbare metoder, og en e-post med sporingsnummeret ditt vil bli sendt ut etter at vi har sendt bestillingen din.<\/p>\n\n<p><strong>Fraktkostnader:<\/strong> Fraktkostnadene beregnes basert p\u00e5 varens vekt, verdi og destinasjon, med en minimum fraktkostnad p\u00e5 \u00a310,11. For \u00e5 f\u00e5 en n\u00f8yaktig beregning, legg varen du \u00f8nsker \u00e5 kj\u00f8pe i handlekurven og skriv inn adressen din i kassen. <\/p>\n\n<p>Hvis du har sp\u00f8rsm\u00e5l om bestillingen din eller sporing, vennligst ikke n\u00f8l med \u00e5 <a href=\"https:\/\/droix.eu\/no\/kontakt-oss\/\" target=\"_blank\" rel=\"noreferrer noopener\" data-type=\"page\" data-id=\"10257\">kontakte oss<\/a><\/p>\n","protected":false},"excerpt":{"rendered":"<p>Vi er glade for \u00e5 kunngj\u00f8re at DROIX n\u00e5 tilbyr enda raskere og rimeligere fraktalternativer for alle dine elektroniske behov. V\u00e5rt engasjement for \u00e5 gi deg eksepsjonell kundeservice strekker seg til \u00e5 sikre at du mottar bestillingene dine s\u00e5 raskt og effektivt som mulig, uten \u00e5 ruinere banken. Hos DROIX forst\u00e5r vi viktigheten av fleksibilitet [&hellip;]<\/p>\n","protected":false},"author":2,"featured_media":0,"parent":0,"menu_order":0,"comment_status":"closed","ping_status":"closed","template":"","meta":{"_acf_changed":false,"footnotes":""},"class_list":["post-505095","page","type-page","status-publish","hentry"],"acf":[],"aioseo_notices":[],"aioseo_head":"\n\t\t<!-- All in One SEO Pro 4.9.6.2 - aioseo.com -->\n\t<meta name=\"description\" content=\"Vi er glade for \u00e5 kunngj\u00f8re at DROIX n\u00e5 tilbyr enda raskere og rimeligere fraktalternativer for alle dine elektroniske behov. V\u00e5rt engasjement for \u00e5 gi deg eksepsjonell kundeservice strekker seg til \u00e5 sikre at du mottar bestillingene dine s\u00e5 raskt og effektivt som mulig, uten \u00e5 ruinere banken. Hos DROIX forst\u00e5r vi viktigheten av fleksibilitet\" \/>\n\t<meta name=\"robots\" content=\"max-image-preview:large\" \/>\n\t<link rel=\"canonical\" href=\"https:\/\/droix.eu\/no\/lager-betaling-og-levering\/\" \/>\n\t<meta name=\"generator\" content=\"All in One SEO Pro (AIOSEO) 4.9.6.2\" \/>\n\t\t<meta property=\"og:locale\" content=\"nb_NO\" \/>\n\t\t<meta property=\"og:site_name\" content=\"DROIX EU - Get the latest Mini PCs, Ultrabook, PC Gaming Handhelds and more!\" \/>\n\t\t<meta property=\"og:type\" content=\"article\" \/>\n\t\t<meta property=\"og:title\" content=\"Lager, betaling og levering - DROIX EU\" \/>\n\t\t<meta property=\"og:description\" content=\"Vi er glade for \u00e5 kunngj\u00f8re at DROIX n\u00e5 tilbyr enda raskere og rimeligere fraktalternativer for alle dine elektroniske behov. V\u00e5rt engasjement for \u00e5 gi deg eksepsjonell kundeservice strekker seg til \u00e5 sikre at du mottar bestillingene dine s\u00e5 raskt og effektivt som mulig, uten \u00e5 ruinere banken. Hos DROIX forst\u00e5r vi viktigheten av fleksibilitet\" \/>\n\t\t<meta property=\"og:url\" content=\"https:\/\/droix.eu\/no\/lager-betaling-og-levering\/\" \/>\n\t\t<meta property=\"og:image\" content=\"https:\/\/droix.eu\/wp-content\/uploads\/2024\/06\/droix-v2-light-logo.png\" \/>\n\t\t<meta property=\"og:image:secure_url\" content=\"https:\/\/droix.eu\/wp-content\/uploads\/2024\/06\/droix-v2-light-logo.png\" \/>\n\t\t<meta property=\"og:image:width\" content=\"380\" \/>\n\t\t<meta property=\"og:image:height\" content=\"118\" \/>\n\t\t<meta property=\"article:published_time\" content=\"2023-05-02T15:38:01+00:00\" \/>\n\t\t<meta property=\"article:modified_time\" content=\"2025-04-23T00:11:36+00:00\" \/>\n\t\t<meta property=\"article:publisher\" content=\"https:\/\/www.facebook.com\/DroiX.Store\" \/>\n\t\t<meta name=\"twitter:card\" content=\"summary_large_image\" \/>\n\t\t<meta name=\"twitter:site\" content=\"@DroiX_Store\" \/>\n\t\t<meta name=\"twitter:title\" content=\"Lager, betaling og levering - DROIX EU\" \/>\n\t\t<meta name=\"twitter:description\" content=\"Vi er glade for \u00e5 kunngj\u00f8re at DROIX n\u00e5 tilbyr enda raskere og rimeligere fraktalternativer for alle dine elektroniske behov. V\u00e5rt engasjement for \u00e5 gi deg eksepsjonell kundeservice strekker seg til \u00e5 sikre at du mottar bestillingene dine s\u00e5 raskt og effektivt som mulig, uten \u00e5 ruinere banken. Hos DROIX forst\u00e5r vi viktigheten av fleksibilitet\" \/>\n\t\t<meta name=\"twitter:creator\" content=\"@DroiX_Store\" \/>\n\t\t<meta name=\"twitter:image\" content=\"https:\/\/droix.eu\/wp-content\/uploads\/2024\/06\/droix-v2-light-logo.png\" \/>\n\t\t<script type=\"application\/ld+json\" class=\"aioseo-schema\">\n\t\t\t{\"@context\":\"https:\\\/\\\/schema.org\",\"@graph\":[{\"@type\":\"BreadcrumbList\",\"@id\":\"https:\\\/\\\/droix.eu\\\/no\\\/lager-betaling-og-levering\\\/#breadcrumblist\",\"itemListElement\":[{\"@type\":\"ListItem\",\"@id\":\"https:\\\/\\\/droix.eu\\\/no\\\/#listItem\",\"position\":1,\"name\":\"Home\",\"item\":\"https:\\\/\\\/droix.eu\\\/no\\\/\",\"nextItem\":{\"@type\":\"ListItem\",\"@id\":\"https:\\\/\\\/droix.eu\\\/no\\\/lager-betaling-og-levering\\\/#listItem\",\"name\":\"Lager, betaling og levering\"}},{\"@type\":\"ListItem\",\"@id\":\"https:\\\/\\\/droix.eu\\\/no\\\/lager-betaling-og-levering\\\/#listItem\",\"position\":2,\"name\":\"Lager, betaling og levering\",\"previousItem\":{\"@type\":\"ListItem\",\"@id\":\"https:\\\/\\\/droix.eu\\\/no\\\/#listItem\",\"name\":\"Home\"}}]},{\"@type\":\"Organization\",\"@id\":\"https:\\\/\\\/droix.eu\\\/no\\\/#organization\",\"name\":\"DroiX \\u2013 Trusted EU Tech Retailer with 12+ Years Experience\",\"description\":\"DroiX is a leading European technology retailer with over 12 years of experience, offering quality mini PCs, handheld gaming consoles, and tech accessories. We provide hassle-free EU delivery with all taxes included, ensuring a smooth and reliable shopping experience for our customers across Europe.\",\"url\":\"https:\\\/\\\/droix.eu\\\/no\\\/\",\"logo\":{\"@type\":\"ImageObject\",\"url\":\"https:\\\/\\\/droix.eu\\\/wp-content\\\/uploads\\\/2024\\\/06\\\/droix-v2-light-logo.png\",\"@id\":\"https:\\\/\\\/droix.eu\\\/no\\\/lager-betaling-og-levering\\\/#organizationLogo\",\"width\":380,\"height\":118},\"image\":{\"@id\":\"https:\\\/\\\/droix.eu\\\/no\\\/lager-betaling-og-levering\\\/#organizationLogo\"},\"sameAs\":[\"https:\\\/\\\/www.facebook.com\\\/DroiX.Store\",\"https:\\\/\\\/twitter.com\\\/DroiX_Store\",\"https:\\\/\\\/www.instagram.com\\\/droix.store\\\/\",\"https:\\\/\\\/www.tiktok.com\\\/@droix.store\",\"https:\\\/\\\/www.youtube.com\\\/c\\\/DroiX_Store\",\"https:\\\/\\\/uk.linkedin.com\\\/company\\\/droix\"]},{\"@type\":\"WebPage\",\"@id\":\"https:\\\/\\\/droix.eu\\\/no\\\/lager-betaling-og-levering\\\/#webpage\",\"url\":\"https:\\\/\\\/droix.eu\\\/no\\\/lager-betaling-og-levering\\\/\",\"name\":\"Lager, betaling og levering - DROIX EU\",\"description\":\"Vi er glade for \\u00e5 kunngj\\u00f8re at DROIX n\\u00e5 tilbyr enda raskere og rimeligere fraktalternativer for alle dine elektroniske behov. V\\u00e5rt engasjement for \\u00e5 gi deg eksepsjonell kundeservice strekker seg til \\u00e5 sikre at du mottar bestillingene dine s\\u00e5 raskt og effektivt som mulig, uten \\u00e5 ruinere banken. Hos DROIX forst\\u00e5r vi viktigheten av fleksibilitet\",\"inLanguage\":\"nb-NO\",\"isPartOf\":{\"@id\":\"https:\\\/\\\/droix.eu\\\/no\\\/#website\"},\"breadcrumb\":{\"@id\":\"https:\\\/\\\/droix.eu\\\/no\\\/lager-betaling-og-levering\\\/#breadcrumblist\"},\"datePublished\":\"2023-05-02T16:38:01+01:00\",\"dateModified\":\"2025-04-23T01:11:36+01:00\"},{\"@type\":\"WebSite\",\"@id\":\"https:\\\/\\\/droix.eu\\\/no\\\/#website\",\"url\":\"https:\\\/\\\/droix.eu\\\/no\\\/\",\"name\":\"DROIX EU\",\"description\":\"Get the latest Mini PCs, Ultrabook, PC Gaming Handhelds and more!\",\"inLanguage\":\"nb-NO\",\"publisher\":{\"@id\":\"https:\\\/\\\/droix.eu\\\/no\\\/#organization\"}}]}\n\t\t<\/script>\n\t\t<!-- All in One SEO Pro -->\r\n\t\t<title>Lager, betaling og levering - DROIX EU<\/title>\n\n","aioseo_head_json":{"title":"Lager, betaling og levering - DROIX EU","description":"Vi er glade for \u00e5 kunngj\u00f8re at DROIX n\u00e5 tilbyr enda raskere og rimeligere fraktalternativer for alle dine elektroniske behov. V\u00e5rt engasjement for \u00e5 gi deg eksepsjonell kundeservice strekker seg til \u00e5 sikre at du mottar bestillingene dine s\u00e5 raskt og effektivt som mulig, uten \u00e5 ruinere banken. Hos DROIX forst\u00e5r vi viktigheten av fleksibilitet","canonical_url":"https:\/\/droix.eu\/no\/lager-betaling-og-levering\/","robots":"max-image-preview:large","keywords":"","webmasterTools":{"miscellaneous":""},"schema":{"@context":"https:\/\/schema.org","@graph":[{"@type":"BreadcrumbList","@id":"https:\/\/droix.eu\/no\/lager-betaling-og-levering\/#breadcrumblist","itemListElement":[{"@type":"ListItem","@id":"https:\/\/droix.eu\/no\/#listItem","position":1,"name":"Home","item":"https:\/\/droix.eu\/no\/","nextItem":{"@type":"ListItem","@id":"https:\/\/droix.eu\/no\/lager-betaling-og-levering\/#listItem","name":"Lager, betaling og levering"}},{"@type":"ListItem","@id":"https:\/\/droix.eu\/no\/lager-betaling-og-levering\/#listItem","position":2,"name":"Lager, betaling og levering","previousItem":{"@type":"ListItem","@id":"https:\/\/droix.eu\/no\/#listItem","name":"Home"}}]},{"@type":"Organization","@id":"https:\/\/droix.eu\/no\/#organization","name":"DroiX \u2013 Trusted EU Tech Retailer with 12+ Years Experience","description":"DroiX is a leading European technology retailer with over 12 years of experience, offering quality mini PCs, handheld gaming consoles, and tech accessories. We provide hassle-free EU delivery with all taxes included, ensuring a smooth and reliable shopping experience for our customers across Europe.","url":"https:\/\/droix.eu\/no\/","logo":{"@type":"ImageObject","url":"https:\/\/droix.eu\/wp-content\/uploads\/2024\/06\/droix-v2-light-logo.png","@id":"https:\/\/droix.eu\/no\/lager-betaling-og-levering\/#organizationLogo","width":380,"height":118},"image":{"@id":"https:\/\/droix.eu\/no\/lager-betaling-og-levering\/#organizationLogo"},"sameAs":["https:\/\/www.facebook.com\/DroiX.Store","https:\/\/twitter.com\/DroiX_Store","https:\/\/www.instagram.com\/droix.store\/","https:\/\/www.tiktok.com\/@droix.store","https:\/\/www.youtube.com\/c\/DroiX_Store","https:\/\/uk.linkedin.com\/company\/droix"]},{"@type":"WebPage","@id":"https:\/\/droix.eu\/no\/lager-betaling-og-levering\/#webpage","url":"https:\/\/droix.eu\/no\/lager-betaling-og-levering\/","name":"Lager, betaling og levering - DROIX EU","description":"Vi er glade for \u00e5 kunngj\u00f8re at DROIX n\u00e5 tilbyr enda raskere og rimeligere fraktalternativer for alle dine elektroniske behov. V\u00e5rt engasjement for \u00e5 gi deg eksepsjonell kundeservice strekker seg til \u00e5 sikre at du mottar bestillingene dine s\u00e5 raskt og effektivt som mulig, uten \u00e5 ruinere banken. Hos DROIX forst\u00e5r vi viktigheten av fleksibilitet","inLanguage":"nb-NO","isPartOf":{"@id":"https:\/\/droix.eu\/no\/#website"},"breadcrumb":{"@id":"https:\/\/droix.eu\/no\/lager-betaling-og-levering\/#breadcrumblist"},"datePublished":"2023-05-02T16:38:01+01:00","dateModified":"2025-04-23T01:11:36+01:00"},{"@type":"WebSite","@id":"https:\/\/droix.eu\/no\/#website","url":"https:\/\/droix.eu\/no\/","name":"DROIX EU","description":"Get the latest Mini PCs, Ultrabook, PC Gaming Handhelds and more!","inLanguage":"nb-NO","publisher":{"@id":"https:\/\/droix.eu\/no\/#organization"}}]},"og:locale":"nb_NO","og:site_name":"DROIX EU - Get the latest Mini PCs, Ultrabook, PC Gaming Handhelds and more!","og:type":"article","og:title":"Lager, betaling og levering - DROIX EU","og:description":"Vi er glade for \u00e5 kunngj\u00f8re at DROIX n\u00e5 tilbyr enda raskere og rimeligere fraktalternativer for alle dine elektroniske behov. V\u00e5rt engasjement for \u00e5 gi deg eksepsjonell kundeservice strekker seg til \u00e5 sikre at du mottar bestillingene dine s\u00e5 raskt og effektivt som mulig, uten \u00e5 ruinere banken. Hos DROIX forst\u00e5r vi viktigheten av fleksibilitet","og:url":"https:\/\/droix.eu\/no\/lager-betaling-og-levering\/","og:image":"https:\/\/droix.eu\/wp-content\/uploads\/2024\/06\/droix-v2-light-logo.png","og:image:secure_url":"https:\/\/droix.eu\/wp-content\/uploads\/2024\/06\/droix-v2-light-logo.png","og:image:width":380,"og:image:height":118,"article:published_time":"2023-05-02T15:38:01+00:00","article:modified_time":"2025-04-23T00:11:36+00:00","article:publisher":"https:\/\/www.facebook.com\/DroiX.Store","twitter:card":"summary_large_image","twitter:site":"@DroiX_Store","twitter:title":"Lager, betaling og levering - DROIX EU","twitter:description":"Vi er glade for \u00e5 kunngj\u00f8re at DROIX n\u00e5 tilbyr enda raskere og rimeligere fraktalternativer for alle dine elektroniske behov. V\u00e5rt engasjement for \u00e5 gi deg eksepsjonell kundeservice strekker seg til \u00e5 sikre at du mottar bestillingene dine s\u00e5 raskt og effektivt som mulig, uten \u00e5 ruinere banken. Hos DROIX forst\u00e5r vi viktigheten av fleksibilitet","twitter:creator":"@DroiX_Store","twitter:image":"https:\/\/droix.eu\/wp-content\/uploads\/2024\/06\/droix-v2-light-logo.png"},"aioseo_meta_data":{"post_id":"505095","title":null,"description":null,"keywords":null,"keyphrases":null,"primary_term":null,"canonical_url":null,"og_title":null,"og_description":null,"og_object_type":"default","og_image_type":"default","og_image_url":null,"og_image_width":null,"og_image_height":null,"og_image_custom_url":null,"og_image_custom_fields":null,"og_video":null,"og_custom_url":null,"og_article_section":null,"og_article_tags":null,"twitter_use_og":true,"twitter_card":"default","twitter_image_type":"default","twitter_image_url":null,"twitter_image_custom_url":null,"twitter_image_custom_fields":null,"twitter_title":null,"twitter_description":null,"schema":{"blockGraphs":[],"customGraphs":[],"default":{"data":{"Article":[],"Course":[],"Dataset":[],"FAQPage":[],"Movie":[],"Person":[],"Product":[],"ProductReview":[],"Car":[],"Recipe":[],"Service":[],"SoftwareApplication":[],"WebPage":[]},"graphName":"","isEnabled":true},"graphs":[]},"schema_type":"default","schema_type_options":null,"pillar_content":false,"robots_default":true,"robots_noindex":false,"robots_noarchive":false,"robots_nosnippet":false,"robots_nofollow":false,"robots_noimageindex":false,"robots_noodp":false,"robots_notranslate":false,"robots_max_snippet":null,"robots_max_videopreview":null,"robots_max_imagepreview":"large","priority":null,"frequency":null,"local_seo":null,"seo_analyzer_scan_date":"2025-09-17 00:20:28","breadcrumb_settings":null,"limit_modified_date":false,"reviewed_by":null,"open_ai":null,"ai":null,"created":"2025-09-17 00:20:28","updated":"2025-11-27 01:25:22"},"aioseo_breadcrumb":"<div class=\"aioseo-breadcrumbs\"><span class=\"aioseo-breadcrumb\">\n\t<a href=\"https:\/\/droix.eu\/no\/\" title=\"Home\">Home<\/a>\n<\/span><span class=\"aioseo-breadcrumb-separator\">&raquo;<\/span><span class=\"aioseo-breadcrumb\">\n\tLager, betaling og levering\n<\/span><\/div>","aioseo_breadcrumb_json":[{"label":"Home","link":"https:\/\/droix.eu\/no\/"},{"label":"Lager, betaling og levering","link":"https:\/\/droix.eu\/no\/lager-betaling-og-levering\/"}],"_links":{"self":[{"href":"https:\/\/droix.eu\/no\/wp-json\/wp\/v2\/pages\/505095","targetHints":{"allow":["GET"]}}],"collection":[{"href":"https:\/\/droix.eu\/no\/wp-json\/wp\/v2\/pages"}],"about":[{"href":"https:\/\/droix.eu\/no\/wp-json\/wp\/v2\/types\/page"}],"author":[{"embeddable":true,"href":"https:\/\/droix.eu\/no\/wp-json\/wp\/v2\/users\/2"}],"replies":[{"embeddable":true,"href":"https:\/\/droix.eu\/no\/wp-json\/wp\/v2\/comments?post=505095"}],"version-history":[{"count":0,"href":"https:\/\/droix.eu\/no\/wp-json\/wp\/v2\/pages\/505095\/revisions"}],"wp:attachment":[{"href":"https:\/\/droix.eu\/no\/wp-json\/wp\/v2\/media?parent=505095"}],"curies":[{"name":"wp","href":"https:\/\/api.w.org\/{rel}","templated":true}]}}