{"id":719708,"date":"2026-05-08T11:39:44","date_gmt":"2026-05-08T10:39:44","guid":{"rendered":"https:\/\/droix.eu\/product\/droix-140w-usb-c-wandoplader\/"},"modified":"2026-05-13T12:27:14","modified_gmt":"2026-05-13T11:27:14","slug":"droix-140w-usb-c-wandoplader","status":"publish","type":"product","link":"https:\/\/droix.eu\/nl\/product\/droix-140w-usb-c-wandoplader\/","title":{"rendered":"DROIX 140W USB-C Wandoplader"},"content":{"rendered":"\n<div class=\"wp-block-columns is-layout-flex wp-container-core-columns-is-layout-28f84493 wp-block-columns-is-layout-flex\">\n<div class=\"wp-block-column is-layout-flow wp-block-column-is-layout-flow\" style=\"flex-basis:33.33%\">\n<figure class=\"wp-block-image size-large\"><a href=\"https:\/\/droix.eu\/wp-content\/uploads\/2026\/05\/DROIX-140W-BLACK-DONE-01.png\"><img fetchpriority=\"high\" decoding=\"async\" width=\"1024\" height=\"1024\" src=\"https:\/\/droix.eu\/wp-content\/uploads\/2026\/05\/DROIX-140W-BLACK-DONE-01-1024x1024.png\" alt=\"Een gedetailleerde productweergave van twee DROIX 140W GaN Wall Chargers vanuit verschillende perspectieven, weergegeven op een zwarte achtergrond. De voorste lader is in driekwart vooraanzicht. Het is een matzwart blok met de Amerikaanse opvouwbare stekker gedeeltelijk uitgetrokken aan de linkerkant. Op de zijkant staat prominent de tekst &quot;CHARGER 140W&quot; met een grote &quot;O&quot; en een kleine &quot;140&quot; boven de &quot;O&quot; en het DROIX-logo eronder. De glanzend zwarte voorkant heeft een centraal rond display met een dynamische regenboogkleurige ring rond de witte tekst &quot;140 W&quot; en een klein groen oplaadpictogram. Onder het display bevindt zich een knop of LED-indicator. De achtergrond van de lader is in driekwart achteraanzicht en toont de poorten en tekstdetails. Er staan uitgebreide technische specificaties en veiligheidscertificaten op meerdere regels in kleine witte tekst (zoals modelnummers, spannings-\/stroomwaarden en CE-, FCC- en UKCA-keurmerken). Dit apparaat toont de vier uitgangspoorten: van boven naar beneden &#xE9;&#xE9;n USB-A poort met oranje accenten en de kleine tekst &quot;22.5W Max&quot;, gevolgd door drie USB-C poorten met de namen &quot;40W&quot;, &quot;100W&quot; en &quot;140W&quot;. Beide apparaten hebben ventilatieroosters aan de bovenkant. Deze samenstelling geeft een goed beeld van de merknaam, het display en de poortmogelijkheden van de lader.          \" class=\"wp-image-719285\" srcset=\"https:\/\/droix.eu\/wp-content\/uploads\/2026\/05\/DROIX-140W-BLACK-DONE-01-1024x1024.png 1024w, https:\/\/droix.eu\/wp-content\/uploads\/2026\/05\/DROIX-140W-BLACK-DONE-01-300x300.png 300w, https:\/\/droix.eu\/wp-content\/uploads\/2026\/05\/DROIX-140W-BLACK-DONE-01-768x768.png 768w, https:\/\/droix.eu\/wp-content\/uploads\/2026\/05\/DROIX-140W-BLACK-DONE-01-990x990.png 990w, https:\/\/droix.eu\/wp-content\/uploads\/2026\/05\/DROIX-140W-BLACK-DONE-01-441x441.png 441w, https:\/\/droix.eu\/wp-content\/uploads\/2026\/05\/DROIX-140W-BLACK-DONE-01-100x100.png 100w, https:\/\/droix.eu\/wp-content\/uploads\/2026\/05\/DROIX-140W-BLACK-DONE-01-1000x1000.png 1000w, https:\/\/droix.eu\/wp-content\/uploads\/2026\/05\/DROIX-140W-BLACK-DONE-01-150x150.png 150w, https:\/\/droix.eu\/wp-content\/uploads\/2026\/05\/DROIX-140W-BLACK-DONE-01.png 1500w\" sizes=\"(max-width: 1024px) 100vw, 1024px\" \/><\/a><\/figure>\n<\/div>\n\n\n\n<div class=\"wp-block-column is-layout-flow wp-block-column-is-layout-flow\" style=\"flex-basis:66.66%\">\n<h2 class=\"wp-block-heading\"><strong><strong><strong>DROIX 140W USB-C GaN Wandoplader: De ultieme reislader met hoge prestaties<\/strong><\/strong><\/strong><\/h2>\n\n\n\n<p>De DROIX 140W USB-C Wall Charger vertegenwoordigt de volgende generatie van draagbare energie, speciaal ontworpen voor gebruikers die effici\u00ebntie eisen zonder bulk. Door het integreren van geavanceerde GaN (Gallium Nitride) technologie, hebben we een lader die de enorme headroom die nodig is voor topprestaties op alles van de nieuwste iPhone 17 tot high-end gaming handhelds biedt. Hierdoor zijn er niet langer meerdere omvangrijke adapters nodig en wordt het opladen geconsolideerd in \u00e9\u00e9n slanke, zeer effici\u00ebnte voedingseenheid.  <\/p>\n<\/div>\n<\/div>\n\n<h2 class=\"wp-block-heading has-text-align-center\"><strong><strong><strong>Waarom de DROIX 140W USB-C GaN-oplader uw nieuwe onmisbare reisaccessoire is<\/strong><\/strong><\/strong><\/h2>\n\n<div class=\"wp-block-columns is-layout-flex wp-container-core-columns-is-layout-28f84493 wp-block-columns-is-layout-flex\">\n<div class=\"wp-block-column is-layout-flow wp-block-column-is-layout-flow\">\n<figure class=\"wp-block-image size-large\"><a href=\"https:\/\/droix.eu\/wp-content\/uploads\/2026\/05\/DROIX-140W-MARKETING-DONE-05.jpg\"><img decoding=\"async\" width=\"1024\" height=\"1024\" src=\"https:\/\/droix.eu\/wp-content\/uploads\/2026\/05\/DROIX-140W-MARKETING-DONE-05-1024x1024.jpg\" alt=\"Droix 140W lader met inklapbare EU\/US stekkeropties en afmetingen getoond op een witte achtergrond\" class=\"wp-image-719286\" srcset=\"https:\/\/droix.eu\/wp-content\/uploads\/2026\/05\/DROIX-140W-MARKETING-DONE-05-1024x1024.jpg 1024w, https:\/\/droix.eu\/wp-content\/uploads\/2026\/05\/DROIX-140W-MARKETING-DONE-05-300x300.jpg 300w, https:\/\/droix.eu\/wp-content\/uploads\/2026\/05\/DROIX-140W-MARKETING-DONE-05-768x768.jpg 768w, https:\/\/droix.eu\/wp-content\/uploads\/2026\/05\/DROIX-140W-MARKETING-DONE-05-990x990.jpg 990w, https:\/\/droix.eu\/wp-content\/uploads\/2026\/05\/DROIX-140W-MARKETING-DONE-05-441x441.jpg 441w, https:\/\/droix.eu\/wp-content\/uploads\/2026\/05\/DROIX-140W-MARKETING-DONE-05-100x100.jpg 100w, https:\/\/droix.eu\/wp-content\/uploads\/2026\/05\/DROIX-140W-MARKETING-DONE-05-1000x1000.jpg 1000w, https:\/\/droix.eu\/wp-content\/uploads\/2026\/05\/DROIX-140W-MARKETING-DONE-05-150x150.jpg 150w, https:\/\/droix.eu\/wp-content\/uploads\/2026\/05\/DROIX-140W-MARKETING-DONE-05.jpg 1500w\" sizes=\"(max-width: 1024px) 100vw, 1024px\" \/><\/a><\/figure>\n<\/div>\n\n\n\n<div class=\"wp-block-column is-layout-flow wp-block-column-is-layout-flow\">\n<figure class=\"wp-block-image size-large\"><a href=\"https:\/\/droix.eu\/wp-content\/uploads\/2026\/05\/DROIX-140W-MARKETING-DONE-012.jpg\"><img decoding=\"async\" width=\"1024\" height=\"1024\" src=\"https:\/\/droix.eu\/wp-content\/uploads\/2026\/05\/DROIX-140W-MARKETING-DONE-012-1024x1024.jpg\" alt=\"Een DROIX 140W USB-C muurlader in het stopcontact, laadt tegelijkertijd vier apparaten op, waaronder een laptop, tablet, smartphone en smartwatch. De afbeelding benadrukt de &quot;4 apparaten gelijktijdig opladen&quot; mogelijkheid met vier kabels aangesloten op de onderkant van het apparaat. \" class=\"wp-image-719287\" srcset=\"https:\/\/droix.eu\/wp-content\/uploads\/2026\/05\/DROIX-140W-MARKETING-DONE-012-1024x1024.jpg 1024w, https:\/\/droix.eu\/wp-content\/uploads\/2026\/05\/DROIX-140W-MARKETING-DONE-012-300x300.jpg 300w, https:\/\/droix.eu\/wp-content\/uploads\/2026\/05\/DROIX-140W-MARKETING-DONE-012-768x768.jpg 768w, https:\/\/droix.eu\/wp-content\/uploads\/2026\/05\/DROIX-140W-MARKETING-DONE-012-990x990.jpg 990w, https:\/\/droix.eu\/wp-content\/uploads\/2026\/05\/DROIX-140W-MARKETING-DONE-012-441x441.jpg 441w, https:\/\/droix.eu\/wp-content\/uploads\/2026\/05\/DROIX-140W-MARKETING-DONE-012-100x100.jpg 100w, https:\/\/droix.eu\/wp-content\/uploads\/2026\/05\/DROIX-140W-MARKETING-DONE-012-1000x1000.jpg 1000w, https:\/\/droix.eu\/wp-content\/uploads\/2026\/05\/DROIX-140W-MARKETING-DONE-012-150x150.jpg 150w, https:\/\/droix.eu\/wp-content\/uploads\/2026\/05\/DROIX-140W-MARKETING-DONE-012.jpg 1500w\" sizes=\"(max-width: 1024px) 100vw, 1024px\" \/><\/a><\/figure>\n<\/div>\n<\/div>\n\n<p class=\"has-text-align-left\">Draagbaarheid is de kern van dit ontwerp. Met een afmeting van slechts 71 mm is de DROIX 140 W lader aanzienlijk kleiner dan een standaard laptop lader. Ondanks het compacte formaat is hij krachtig genoeg om een MacBook Pro 16&#8243; of een <a href=\"https:\/\/droix.eu\/nl\/product\/gpd-win-max-2-2025\/\" target=\"_blank\" rel=\"noopener\" title=\"\">GPD WIN MAX 2<\/a> op volle snelheid op te laden.  <\/p>\n\n<p class=\"has-text-align-left\">Bovendien kun je dankzij het naadloze kliksysteem eenvoudig wisselen tussen UK-, EU-, US- en AUS-stekkers. Dit maakt het een echte wereldwijde metgezel voor de moderne digitale nomade. Omdat hij zich aanpast aan verschillende internationale stopcontacten, kun je met een gerust hart op reis, wetende dat je spullen &#8211; van je iPhone 16 tot je Nintendo Switch 2 &#8211; van stroom voorzien blijven.  <\/p>\n\n<h2 class=\"wp-block-heading has-text-align-center\"><strong><strong><strong>Geavanceerde GaN-voeding &amp; PD 3.1-standaarden<\/strong><\/strong><\/strong><\/h2>\n\n<div class=\"wp-block-columns is-layout-flex wp-container-core-columns-is-layout-28f84493 wp-block-columns-is-layout-flex\">\n<div class=\"wp-block-column is-layout-flow wp-block-column-is-layout-flow\">\n<figure class=\"wp-block-image size-large\"><a href=\"https:\/\/droix.eu\/wp-content\/uploads\/2026\/05\/DROIX-140W-MARKETING-DONE-011.jpg\"><img loading=\"lazy\" decoding=\"async\" width=\"1024\" height=\"1024\" src=\"https:\/\/droix.eu\/wp-content\/uploads\/2026\/05\/DROIX-140W-MARKETING-DONE-011-1024x1024.jpg\" alt=\"Een close-up van de zilverkleurige DROIX 140W lader met zijn vier poorten en ge&#xEF;ntegreerde visuele display. De tekst benadrukt de &quot;140W PD 3.1&quot;-technologie en benadrukt het vermogen om laptops met hoge prestaties automatisch aan te passen en snel op te laden. \" class=\"wp-image-719288\" srcset=\"https:\/\/droix.eu\/wp-content\/uploads\/2026\/05\/DROIX-140W-MARKETING-DONE-011-1024x1024.jpg 1024w, https:\/\/droix.eu\/wp-content\/uploads\/2026\/05\/DROIX-140W-MARKETING-DONE-011-300x300.jpg 300w, https:\/\/droix.eu\/wp-content\/uploads\/2026\/05\/DROIX-140W-MARKETING-DONE-011-768x768.jpg 768w, https:\/\/droix.eu\/wp-content\/uploads\/2026\/05\/DROIX-140W-MARKETING-DONE-011-990x990.jpg 990w, https:\/\/droix.eu\/wp-content\/uploads\/2026\/05\/DROIX-140W-MARKETING-DONE-011-441x441.jpg 441w, https:\/\/droix.eu\/wp-content\/uploads\/2026\/05\/DROIX-140W-MARKETING-DONE-011-100x100.jpg 100w, https:\/\/droix.eu\/wp-content\/uploads\/2026\/05\/DROIX-140W-MARKETING-DONE-011-1000x1000.jpg 1000w, https:\/\/droix.eu\/wp-content\/uploads\/2026\/05\/DROIX-140W-MARKETING-DONE-011-150x150.jpg 150w, https:\/\/droix.eu\/wp-content\/uploads\/2026\/05\/DROIX-140W-MARKETING-DONE-011.jpg 1500w\" sizes=\"(max-width: 1024px) 100vw, 1024px\" \/><\/a><\/figure>\n<\/div>\n\n\n\n<div class=\"wp-block-column is-layout-flow wp-block-column-is-layout-flow\">\n<figure class=\"wp-block-image size-large\"><a href=\"https:\/\/droix.eu\/wp-content\/uploads\/2026\/05\/DROIX-140W-MARKETING-DONE-09.jpg\"><img loading=\"lazy\" decoding=\"async\" width=\"1024\" height=\"1024\" src=\"https:\/\/droix.eu\/wp-content\/uploads\/2026\/05\/DROIX-140W-MARKETING-DONE-09-1024x1024.jpg\" alt=\"Een infographic met de titel &quot;Smart Visual Charger&quot; toont de verschillende realtime weergavemodi van de DROIX 140W lader. Het beschrijft de interfaceschermen voor het vermogen per poort, de totale gebruikstijd (88H), de thermische gezondheidsstatus en dynamische oplaadpictogrammen. \" class=\"wp-image-719289\" srcset=\"https:\/\/droix.eu\/wp-content\/uploads\/2026\/05\/DROIX-140W-MARKETING-DONE-09-1024x1024.jpg 1024w, https:\/\/droix.eu\/wp-content\/uploads\/2026\/05\/DROIX-140W-MARKETING-DONE-09-300x300.jpg 300w, https:\/\/droix.eu\/wp-content\/uploads\/2026\/05\/DROIX-140W-MARKETING-DONE-09-768x768.jpg 768w, https:\/\/droix.eu\/wp-content\/uploads\/2026\/05\/DROIX-140W-MARKETING-DONE-09-990x990.jpg 990w, https:\/\/droix.eu\/wp-content\/uploads\/2026\/05\/DROIX-140W-MARKETING-DONE-09-441x441.jpg 441w, https:\/\/droix.eu\/wp-content\/uploads\/2026\/05\/DROIX-140W-MARKETING-DONE-09-100x100.jpg 100w, https:\/\/droix.eu\/wp-content\/uploads\/2026\/05\/DROIX-140W-MARKETING-DONE-09-1000x1000.jpg 1000w, https:\/\/droix.eu\/wp-content\/uploads\/2026\/05\/DROIX-140W-MARKETING-DONE-09-150x150.jpg 150w, https:\/\/droix.eu\/wp-content\/uploads\/2026\/05\/DROIX-140W-MARKETING-DONE-09.jpg 1500w\" sizes=\"(max-width: 1024px) 100vw, 1024px\" \/><\/a><\/figure>\n<\/div>\n<\/div>\n\n<p>Door gebruik te maken van geavanceerde GaN-halfgeleidertechnologie bereikt deze beste 140w usb c-lader een hogere effici\u00ebntie en een lagere warmteontwikkeling in vergelijking met traditionele siliciumladers. Hij ondersteunt met name de PD 3.1-standaard, waardoor hij volledig compatibel is met de meest energieverslindende apparaten op de markt, waaronder de <a href=\"https:\/\/droix.eu\/nl\/product\/gpd-win-5\/\" target=\"_blank\" rel=\"noopener\" title=\"\">GPD WIN 5<\/a> en <a href=\"https:\/\/droix.eu\/nl\/product\/gpd-g2\/\" target=\"_blank\" rel=\"noopener\" title=\"\">GPD G2<\/a>. <\/p>\n\n<p>Slim druppelladen: Beschermt de levensduur van je batterij door automatisch naar een andere modus over te schakelen wanneer je apparaat 80% capaciteit bereikt.<\/p>\n\n<p>Thermisch beheer: Minder hitte voorkomt thermische belasting van je dure hardware, zodat je MacBooks en mobiele apparaten langer in topconditie blijven.<\/p>\n\n<h2 class=\"wp-block-heading has-text-align-center\"><strong><strong><strong>Technische specificaties &amp; universele compatibiliteit<\/strong><\/strong><\/strong><\/h2>\n\n<div class=\"wp-block-columns is-layout-flex wp-container-core-columns-is-layout-28f84493 wp-block-columns-is-layout-flex\">\n<div class=\"wp-block-column is-layout-flow wp-block-column-is-layout-flow\">\n<figure class=\"wp-block-image size-large\"><a href=\"https:\/\/droix.eu\/wp-content\/uploads\/2026\/05\/DROIX-140W-MARKETING-DONE-07.jpg\"><img loading=\"lazy\" decoding=\"async\" width=\"1024\" height=\"1024\" src=\"https:\/\/droix.eu\/wp-content\/uploads\/2026\/05\/DROIX-140W-MARKETING-DONE-07-1024x1024.jpg\" alt=\"Een uitgebreide technische infographic met details over het vermogen en de verdeling van de DROIX 140W lader. De bovenste sectie toont het maximale individuele wattage en voltage\/amp&#xE8;re voor poorten C1 (140W), C2 (100W), C3 (40W) en USB-A (22,5W). De onderste secties bevatten tien diagrammen die precies laten zien hoe het wattage wordt gedeeld en verdeeld over verschillende dubbele, drievoudige en viervoudige poortconfiguraties.  \" class=\"wp-image-719290\" srcset=\"https:\/\/droix.eu\/wp-content\/uploads\/2026\/05\/DROIX-140W-MARKETING-DONE-07-1024x1024.jpg 1024w, https:\/\/droix.eu\/wp-content\/uploads\/2026\/05\/DROIX-140W-MARKETING-DONE-07-300x300.jpg 300w, https:\/\/droix.eu\/wp-content\/uploads\/2026\/05\/DROIX-140W-MARKETING-DONE-07-768x768.jpg 768w, https:\/\/droix.eu\/wp-content\/uploads\/2026\/05\/DROIX-140W-MARKETING-DONE-07-990x990.jpg 990w, https:\/\/droix.eu\/wp-content\/uploads\/2026\/05\/DROIX-140W-MARKETING-DONE-07-441x441.jpg 441w, https:\/\/droix.eu\/wp-content\/uploads\/2026\/05\/DROIX-140W-MARKETING-DONE-07-100x100.jpg 100w, https:\/\/droix.eu\/wp-content\/uploads\/2026\/05\/DROIX-140W-MARKETING-DONE-07-1000x1000.jpg 1000w, https:\/\/droix.eu\/wp-content\/uploads\/2026\/05\/DROIX-140W-MARKETING-DONE-07-150x150.jpg 150w, https:\/\/droix.eu\/wp-content\/uploads\/2026\/05\/DROIX-140W-MARKETING-DONE-07.jpg 1500w\" sizes=\"(max-width: 1024px) 100vw, 1024px\" \/><\/a><\/figure>\n<\/div>\n\n\n\n<div class=\"wp-block-column is-layout-flow wp-block-column-is-layout-flow\">\n<figure class=\"wp-block-image size-large\"><a href=\"https:\/\/droix.eu\/wp-content\/uploads\/2026\/05\/DROIX-140W-MARKETING-DONE-010.jpg\"><img loading=\"lazy\" decoding=\"async\" width=\"1024\" height=\"1024\" src=\"https:\/\/droix.eu\/wp-content\/uploads\/2026\/05\/DROIX-140W-MARKETING-DONE-010-1024x1024.jpg\" alt=\"Marketingafbeelding met de titel &quot;Begrijpt uw oplaadbehoeften&quot;, waarin de 4 uitgangspoorten van het apparaat (3 USB-C en 1 USB-A) worden benadrukt. De afbeelding toont een verzameling compatibele elektronica, waaronder een laptop, tablets, een Nintendo Switch, smartphones, draadloze oordopjes, een drone en een gimbalcamera, om de veelzijdigheid van de lader aan te tonen. \" class=\"wp-image-719291\" srcset=\"https:\/\/droix.eu\/wp-content\/uploads\/2026\/05\/DROIX-140W-MARKETING-DONE-010-1024x1024.jpg 1024w, https:\/\/droix.eu\/wp-content\/uploads\/2026\/05\/DROIX-140W-MARKETING-DONE-010-300x300.jpg 300w, https:\/\/droix.eu\/wp-content\/uploads\/2026\/05\/DROIX-140W-MARKETING-DONE-010-768x768.jpg 768w, https:\/\/droix.eu\/wp-content\/uploads\/2026\/05\/DROIX-140W-MARKETING-DONE-010-990x990.jpg 990w, https:\/\/droix.eu\/wp-content\/uploads\/2026\/05\/DROIX-140W-MARKETING-DONE-010-441x441.jpg 441w, https:\/\/droix.eu\/wp-content\/uploads\/2026\/05\/DROIX-140W-MARKETING-DONE-010-100x100.jpg 100w, https:\/\/droix.eu\/wp-content\/uploads\/2026\/05\/DROIX-140W-MARKETING-DONE-010-1000x1000.jpg 1000w, https:\/\/droix.eu\/wp-content\/uploads\/2026\/05\/DROIX-140W-MARKETING-DONE-010-150x150.jpg 150w, https:\/\/droix.eu\/wp-content\/uploads\/2026\/05\/DROIX-140W-MARKETING-DONE-010.jpg 1500w\" sizes=\"(max-width: 1024px) 100vw, 1024px\" \/><\/a><\/figure>\n<\/div>\n<\/div>\n\n<p>De DROIX 140W USB-C Wall Charger heeft een zeer veelzijdige poortconfiguratie die ontworpen is om meerdere stroomvereisten tegelijkertijd aan te kunnen. Ten eerste kan de primaire USB-C1-poort maar liefst 140 W leveren. Deze piekprestaties worden volledig ondersteund door de nieuwste PD 3.1 en PPS protocollen. Daarnaast levert de tweede USB-C2-poort een aanzienlijke 100 W output voor krachtige laptops.   <\/p>\n\n<p>Daarentegen biedt de USB-C3-poort een speciale 40W voor tablets of handheld consoles. Daarnaast zorgt de USB-A poort ervoor dat oude accessoires worden opgeladen met maximaal 22,5W. Deze poort maakt gebruik van QC 3.0 en SCP standaarden voor maximale compatibiliteit. Tot slot worden deze vier poorten beheerd door intelligente circuits om ervoor te zorgen dat je hardware veilig van stroom wordt voorzien. Dit apparaat blijft dus de meest effici\u00ebnte keuze voor gebruikers van meerdere apparaten.    <\/p>\n\n<h2 class=\"wp-block-heading has-text-align-center\"><strong><strong><strong>Nauwkeurige bewaking: Ge\u00efntegreerd visueel display<\/strong><\/strong><\/strong><\/h2>\n\n<p>Informatie is macht, en de DROIX 140W lader biedt het in real-time. Met het ge\u00efntegreerde slimme visuele display kun je in \u00e9\u00e9n oogopslag de uitvoer per poort, het totale wattage en de thermische status controleren. Daarnaast geeft de &#8220;Time of Use&#8221; tracker inzicht in je oplaadgewoonten. Omdat veiligheid van het grootste belang is, geeft het display ook aan wanneer het apparaat zich in een &#8220;uitstekende&#8221; thermische zone bevindt, zodat je altijd met een gerust hart kunt opladen.   <\/p>\n\n<h2 class=\"wp-block-heading has-text-align-center\"><strong>Ingebouwde veiligheid en meerlaagse bescherming<\/strong><\/h2>\n\n<p>Bij de ontwikkeling van deze hardware is niet aan veiligheid gedacht. De behuizing is gemaakt van brandvertragend PC-materiaal en heeft een valbestendig ontwerp. Intern is het apparaat uitgerust met:  <\/p>\n\n<ul class=\"wp-block-list\">\n<li>Overstroom- en overspanningsbeveiliging<\/li>\n\n\n\n<li>Beveiligingen tegen kortsluiting en oververhitting<\/li>\n\n\n\n<li>Bescherming tegen elektromagnetische velden<\/li>\n<\/ul>\n\n<p>Hierdoor zijn je dure iPhone 17 en GPD gaming handhelds beschermd tegen elektrische onregelmatigheden. De lichtgewicht GaN constructie en lage rimpeluitgang garanderen verder dat je elektronica altijd schone en stabiele voeding krijgt. <\/p>\n\n<h2 class=\"wp-block-heading has-text-align-center\"><strong>Verzeker je vandaag nog van een DROIX 140W USB-C muurlader<\/strong><\/h2>\n\n<p>Stop met het meedragen van een tas vol slecht passende kabels en zware adapters. De DROIX 140W USB-C Wall Charger is de enige tool die je nodig hebt om je mobiele kantoor of gaming rig op maximale capaciteit te laten werken. Vanwege de grote vraag naar deze &#8220;alles-in-\u00e9\u00e9n&#8221; GaN-oplossing is de voorraad snel op.  <\/p>\n\n<p>Ontdek hoe de DROIX 140W USB-C GaN Wall Charger de game verandert.<strong><a href=\"https:\/\/droix.net\/blogs\/pre-order-the-droix-140w-usb-c-wall-charger\/\" target=\"_blank\" rel=\"noopener\" title=\"\">Lees meer op onze blog!<\/a><\/strong><\/p>\n\n<p><\/p>\n","protected":false},"excerpt":{"rendered":"<ul>\n<li><strong>140W PD 3.1 Power<\/strong> &#8211; Laad laptops met hoge prestaties en gaming-handhelds snel op met pieksnelheid.<\/li>\n<li><strong>Viervoudige poortveelzijdigheid<\/strong> &#8211; Voed tegelijkertijd vier apparaten via drie USB-C-poorten en \u00e9\u00e9n USB-A-poort.<\/li>\n<li><strong>Live visuele weergave<\/strong> &#8211; Bekijk in \u00e9\u00e9n oogopslag wattage, thermische status en oplaadmodi in realtime.<\/li>\n<li><strong>Global Travel System<\/strong> &#8211; Bevat verwisselbare UK, EU, US en AUS stekkeradapters.<\/li>\n<li><strong>Advanced Safety IC<\/strong> &#8211; Meerlaagse bescherming zorgt voor een stabiele, warmtereguleerde voeding voor je hardware.<\/li>\n<\/ul>\n[droix_global_accordions]\n[cg_accordion title=\"In de verpakking\"]<\/p>\n<ul>\n<li>1x DROIX 140W USB-C wandoplader<\/li>\n<li>1x UK-stekkeradapter<\/li>\n<li>1x EU-stekkeradapter<\/li>\n<li>1x gebruikershandleiding<\/li>\n<\/ul>\n<p>[\/cg_accordion]\n","protected":false},"featured_media":719709,"template":"","meta":{"_acf_changed":false},"product_brand":[],"product_cat":[39314,39388,39626,39315],"product_tag":[],"woo-feed-brand":[],"key-features":[],"class_list":{"0":"post-719708","1":"product","2":"type-product","3":"status-publish","4":"has-post-thumbnail","6":"product_cat-accessoires-nl","7":"product_cat-accessoires-voor-games","8":"product_cat-computeraccessoires","9":"product_cat-laptop-accessoires","10":"product_shipping_class-standard","12":"first","13":"onbackorder","14":"sale","15":"taxable","16":"shipping-taxable","17":"product-type-variable","18":"has-default-attributes"},"acf":[],"aioseo_notices":[],"_links":{"self":[{"href":"https:\/\/droix.eu\/nl\/wp-json\/wp\/v2\/product\/719708","targetHints":{"allow":["GET"]}}],"collection":[{"href":"https:\/\/droix.eu\/nl\/wp-json\/wp\/v2\/product"}],"about":[{"href":"https:\/\/droix.eu\/nl\/wp-json\/wp\/v2\/types\/product"}],"version-history":[{"count":0,"href":"https:\/\/droix.eu\/nl\/wp-json\/wp\/v2\/product\/719708\/revisions"}],"wp:featuredmedia":[{"embeddable":true,"href":"https:\/\/droix.eu\/nl\/wp-json\/wp\/v2\/media\/719709"}],"wp:attachment":[{"href":"https:\/\/droix.eu\/nl\/wp-json\/wp\/v2\/media?parent=719708"}],"wp:term":[{"taxonomy":"product_brand","embeddable":true,"href":"https:\/\/droix.eu\/nl\/wp-json\/wp\/v2\/product_brand?post=719708"},{"taxonomy":"product_cat","embeddable":true,"href":"https:\/\/droix.eu\/nl\/wp-json\/wp\/v2\/product_cat?post=719708"},{"taxonomy":"product_tag","embeddable":true,"href":"https:\/\/droix.eu\/nl\/wp-json\/wp\/v2\/product_tag?post=719708"},{"taxonomy":"woo-feed-brand","embeddable":true,"href":"https:\/\/droix.eu\/nl\/wp-json\/wp\/v2\/woo-feed-brand?post=719708"},{"taxonomy":"key-features","embeddable":true,"href":"https:\/\/droix.eu\/nl\/wp-json\/wp\/v2\/key-features?post=719708"}],"curies":[{"name":"wp","href":"https:\/\/api.w.org\/{rel}","templated":true}]}}