{"id":719480,"date":"2026-05-08T11:39:44","date_gmt":"2026-05-08T10:39:44","guid":{"rendered":"https:\/\/droix.eu\/product\/droix-140w-usb-c-sienas-ladetajs\/"},"modified":"2026-05-13T12:25:50","modified_gmt":"2026-05-13T11:25:50","slug":"droix-140w-usb-c-sienas-ladetajs","status":"publish","type":"product","link":"https:\/\/droix.eu\/lv\/product\/droix-140w-usb-c-sienas-ladetajs\/","title":{"rendered":"DROIX 140W USB-C sienas l\u0101d\u0113t\u0101js"},"content":{"rendered":"\n<div class=\"wp-block-columns is-layout-flex wp-container-core-columns-is-layout-28f84493 wp-block-columns-is-layout-flex\">\n<div class=\"wp-block-column is-layout-flow wp-block-column-is-layout-flow\" style=\"flex-basis:33.33%\">\n<figure class=\"wp-block-image size-large\"><a href=\"https:\/\/droix.eu\/wp-content\/uploads\/2026\/05\/DROIX-140W-BLACK-DONE-01.png\"><img fetchpriority=\"high\" decoding=\"async\" width=\"1024\" height=\"1024\" src=\"https:\/\/droix.eu\/wp-content\/uploads\/2026\/05\/DROIX-140W-BLACK-DONE-01-1024x1024.png\" alt=\"Detaliz&#x113;ts divu DROIX 140W GaN sienas l&#x101;d&#x113;t&#x101;ju detaliz&#x113;ts att&#x113;ls no da&#x17E;&#x101;d&#x101;m perspekt&#x12B;v&#x101;m, kas att&#x113;lots uz melna fona. Priek&#x161;pl&#x101;n&#x101; eso&#x161;ais l&#x101;d&#x113;t&#x101;js ir no priek&#x161;puses tr&#x12B;s ceturtda&#x13C;u skat&#x101;. Tas ir mat&#x113;ts melns bloks ar da&#x13C;&#x113;ji izstieptu ASV salok&#x101;mu kontaktdak&#x161;u kreisaj&#x101; pus&#x113;. Uz t&#x101; s&#x101;niem ir izteiksm&#x12B;gs balts teksts &quot;CHARGER 140W&quot; ar lielu burtu &quot;O&quot; un mazu burtu &quot;140&quot; virs burta &quot;O&quot;, un zem t&#x101; ir DROIX logotips. Priek&#x161;&#x113;j&#x101; sp&#x12B;d&#x12B;g&#x101; meln&#x101; sejas pus&#x113; ir centr&#x101;lais apa&#x13C;ais displejs ar dinamisku varav&#x12B;ksnes kr&#x101;sas gredzenu ap balto tekstu &quot;140 W&quot; un nelielu za&#x13C;u uzl&#x101;des ikonu. Zem displeja ir poga vai LED indikators. Fona l&#x101;d&#x113;t&#x101;js ir aizmugur&#x113;j&#x101; tr&#x12B;s ceturtda&#x13C;u skat&#x101;, par&#x101;dot porti un teksta deta&#x13C;as. Taj&#x101; neliel&#x101; balt&#x101; tekst&#x101; ir nor&#x101;d&#x12B;tas pla&#x161;as daudzrindu tehnisk&#x101;s specifik&#x101;cijas un dro&#x161;&#x12B;bas sertifik&#x101;ti (piem&#x113;ram, mode&#x13C;a numurs, sprieguma\/str&#x101;vas nomin&#x101;lv&#x113;rt&#x12B;bas un CE, FCC, UKCA z&#x12B;mes). &#x160;aj&#x101; ier&#x12B;c&#x113; ir redzamas &#x10D;etras izejas piesl&#x113;gvietas: no aug&#x161;as uz leju - viena oran&#x17E;i akcent&#x113;ta USB-A piesl&#x113;gvieta, kas mar&#x137;&#x113;ta ar nelielu tekstu &quot;22,5 W Max&quot;, kam seko tr&#x12B;s USB-C piesl&#x113;gvietas, kas mar&#x137;&#x113;tas sec&#x12B;b&#x101; &quot;40 W&quot;, &quot;100 W&quot; un &quot;140 W&quot;. Abiem blokiem ir aug&#x161;&#x113;j&#x101;s ventil&#x101;cijas restes. &#x160;&#x12B; kompoz&#x12B;cija sniedz visaptvero&#x161;u priek&#x161;statu par l&#x101;d&#x113;t&#x101;ja z&#x12B;molu, displeju un piesl&#x113;gvietu iesp&#x113;j&#x101;m.          \" class=\"wp-image-719285\" srcset=\"https:\/\/droix.eu\/wp-content\/uploads\/2026\/05\/DROIX-140W-BLACK-DONE-01-1024x1024.png 1024w, https:\/\/droix.eu\/wp-content\/uploads\/2026\/05\/DROIX-140W-BLACK-DONE-01-300x300.png 300w, https:\/\/droix.eu\/wp-content\/uploads\/2026\/05\/DROIX-140W-BLACK-DONE-01-768x768.png 768w, https:\/\/droix.eu\/wp-content\/uploads\/2026\/05\/DROIX-140W-BLACK-DONE-01-990x990.png 990w, https:\/\/droix.eu\/wp-content\/uploads\/2026\/05\/DROIX-140W-BLACK-DONE-01-441x441.png 441w, https:\/\/droix.eu\/wp-content\/uploads\/2026\/05\/DROIX-140W-BLACK-DONE-01-100x100.png 100w, https:\/\/droix.eu\/wp-content\/uploads\/2026\/05\/DROIX-140W-BLACK-DONE-01-1000x1000.png 1000w, https:\/\/droix.eu\/wp-content\/uploads\/2026\/05\/DROIX-140W-BLACK-DONE-01-150x150.png 150w, https:\/\/droix.eu\/wp-content\/uploads\/2026\/05\/DROIX-140W-BLACK-DONE-01.png 1500w\" sizes=\"(max-width: 1024px) 100vw, 1024px\" \/><\/a><\/figure>\n<\/div>\n\n\n\n<div class=\"wp-block-column is-layout-flow wp-block-column-is-layout-flow\" style=\"flex-basis:66.66%\">\n<h2 class=\"wp-block-heading\"><strong><strong><strong>DROIX 140W USB-C GaN sienas l\u0101d\u0113t\u0101js: Augstas veiktsp\u0113jas ce\u013cojumu mezgls<\/strong><\/strong><\/strong><\/h2>\n\n\n\n<p>DROIX 140 W USB-C sienas l\u0101d\u0113t\u0101js ir n\u0101kam\u0101s paaudzes p\u0101rn\u0113s\u0101jamais l\u0101d\u0113t\u0101js, kas \u012bpa\u0161i izstr\u0101d\u0101ts lietot\u0101jiem, kuri pieprasa efektivit\u0101ti bez liela apjoma. Integr\u0113jot progres\u012bvo GaN (gallija nitr\u012bda) tehnolo\u0123iju, m\u0113s esam rad\u012bju\u0161i l\u0101d\u0113t\u0101ju, kas nodro\u0161ina milz\u012bgu jaudu, kas nepiecie\u0161ama maksim\u0101lai veiktsp\u0113jai visda\u017e\u0101d\u0101kaj\u0101s ier\u012bc\u0113s, s\u0101kot ar jaun\u0101ko iPhone 17 un beidzot ar augstas klases sp\u0113\u013cu portat\u012bvajiem datoriem. L\u012bdz ar to tas nov\u0113r\u0161 nepiecie\u0161am\u012bbu p\u0113c vair\u0101kiem lielgabar\u012bta adapteriem, apvienojot j\u016bsu uzl\u0101des vajadz\u012bbas vien\u0101 elegant\u0101, augstas efektivit\u0101tes baro\u0161anas blok\u0101.  <\/p>\n<\/div>\n<\/div>\n\n<h2 class=\"wp-block-heading has-text-align-center\"><strong><strong><strong>K\u0101p\u0113c DROIX 140W USB-C GaN l\u0101d\u0113t\u0101js ir j\u016bsu jaunais ce\u013cojumu piederums<\/strong><\/strong><\/strong><\/h2>\n\n<div class=\"wp-block-columns is-layout-flex wp-container-core-columns-is-layout-28f84493 wp-block-columns-is-layout-flex\">\n<div class=\"wp-block-column is-layout-flow wp-block-column-is-layout-flow\">\n<figure class=\"wp-block-image size-large\"><a href=\"https:\/\/droix.eu\/wp-content\/uploads\/2026\/05\/DROIX-140W-MARKETING-DONE-05.jpg\"><img decoding=\"async\" width=\"1024\" height=\"1024\" src=\"https:\/\/droix.eu\/wp-content\/uploads\/2026\/05\/DROIX-140W-MARKETING-DONE-05-1024x1024.jpg\" alt=\"Droix 140 W l&#x101;d&#x113;t&#x101;js ar salok&#x101;mu ES\/ASV kontaktdak&#x161;u un izm&#x113;riem uz balta fona\" class=\"wp-image-719286\" srcset=\"https:\/\/droix.eu\/wp-content\/uploads\/2026\/05\/DROIX-140W-MARKETING-DONE-05-1024x1024.jpg 1024w, https:\/\/droix.eu\/wp-content\/uploads\/2026\/05\/DROIX-140W-MARKETING-DONE-05-300x300.jpg 300w, https:\/\/droix.eu\/wp-content\/uploads\/2026\/05\/DROIX-140W-MARKETING-DONE-05-768x768.jpg 768w, https:\/\/droix.eu\/wp-content\/uploads\/2026\/05\/DROIX-140W-MARKETING-DONE-05-990x990.jpg 990w, https:\/\/droix.eu\/wp-content\/uploads\/2026\/05\/DROIX-140W-MARKETING-DONE-05-441x441.jpg 441w, https:\/\/droix.eu\/wp-content\/uploads\/2026\/05\/DROIX-140W-MARKETING-DONE-05-100x100.jpg 100w, https:\/\/droix.eu\/wp-content\/uploads\/2026\/05\/DROIX-140W-MARKETING-DONE-05-1000x1000.jpg 1000w, https:\/\/droix.eu\/wp-content\/uploads\/2026\/05\/DROIX-140W-MARKETING-DONE-05-150x150.jpg 150w, https:\/\/droix.eu\/wp-content\/uploads\/2026\/05\/DROIX-140W-MARKETING-DONE-05.jpg 1500w\" sizes=\"(max-width: 1024px) 100vw, 1024px\" \/><\/a><\/figure>\n<\/div>\n\n\n\n<div class=\"wp-block-column is-layout-flow wp-block-column-is-layout-flow\">\n<figure class=\"wp-block-image size-large\"><a href=\"https:\/\/droix.eu\/wp-content\/uploads\/2026\/05\/DROIX-140W-MARKETING-DONE-012.jpg\"><img decoding=\"async\" width=\"1024\" height=\"1024\" src=\"https:\/\/droix.eu\/wp-content\/uploads\/2026\/05\/DROIX-140W-MARKETING-DONE-012-1024x1024.jpg\" alt=\"DROIX 140 W USB-C sienas l&#x101;d&#x113;t&#x101;js, kas piesl&#x113;gts sienas kontaktligzdai un vienlaikus uzl&#x101;d&#x113; &#x10D;etras ier&#x12B;ces, tostarp kl&#x113;pjdatoru, plan&#x161;etdatoru, viedt&#x101;lruni un viedpulksteni. Att&#x113;l&#x101; ir redzama &quot;4 ier&#x12B;&#x10D;u vienlaic&#x12B;gas uzl&#x101;des&quot; iesp&#x113;ja ar &#x10D;etriem kabe&#x13C;iem, kas savienoti ar ier&#x12B;ces apak&#x161;&#x113;jo da&#x13C;u. \" class=\"wp-image-719287\" srcset=\"https:\/\/droix.eu\/wp-content\/uploads\/2026\/05\/DROIX-140W-MARKETING-DONE-012-1024x1024.jpg 1024w, https:\/\/droix.eu\/wp-content\/uploads\/2026\/05\/DROIX-140W-MARKETING-DONE-012-300x300.jpg 300w, https:\/\/droix.eu\/wp-content\/uploads\/2026\/05\/DROIX-140W-MARKETING-DONE-012-768x768.jpg 768w, https:\/\/droix.eu\/wp-content\/uploads\/2026\/05\/DROIX-140W-MARKETING-DONE-012-990x990.jpg 990w, https:\/\/droix.eu\/wp-content\/uploads\/2026\/05\/DROIX-140W-MARKETING-DONE-012-441x441.jpg 441w, https:\/\/droix.eu\/wp-content\/uploads\/2026\/05\/DROIX-140W-MARKETING-DONE-012-100x100.jpg 100w, https:\/\/droix.eu\/wp-content\/uploads\/2026\/05\/DROIX-140W-MARKETING-DONE-012-1000x1000.jpg 1000w, https:\/\/droix.eu\/wp-content\/uploads\/2026\/05\/DROIX-140W-MARKETING-DONE-012-150x150.jpg 150w, https:\/\/droix.eu\/wp-content\/uploads\/2026\/05\/DROIX-140W-MARKETING-DONE-012.jpg 1500w\" sizes=\"(max-width: 1024px) 100vw, 1024px\" \/><\/a><\/figure>\n<\/div>\n<\/div>\n\n<p class=\"has-text-align-left\">\u0160\u012bs konstrukcijas pamat\u0101 ir p\u0101rn\u0113s\u0101jam\u012bba. Tikai 71 mm lielais DROIX 140 W l\u0101d\u0113t\u0101js ir iev\u0113rojami maz\u0101ks par standarta kl\u0113pjdatora l\u0101d\u0113t\u0101ju. Neraugoties uz kompakto izm\u0113ru, tas ir pietiekami jaud\u012bgs, lai <a href=\"https:\/\/droix.eu\/lv\/product\/gpd-win-max-2-2025\/\" target=\"_blank\" rel=\"noopener\" title=\"\">ar pilnu jaudu uzl\u0101d\u0113tu MacBook Pro 16&#8243; vai GPD WIN MAX 2<\/a>.  <\/p>\n\n<p class=\"has-text-align-left\">Turkl\u0101t bez\u0161uvju uzskr\u016bv\u0113jam\u0101 sist\u0113ma \u013cauj viegli nomain\u012bt Apvienot\u0101s Karalistes, ES, ASV un ASV kontaktdak\u0161as. Tas padara \u0161o ier\u012bci par patiesi glob\u0101lu pal\u012bgu m\u016bsdienu digit\u0101lajiem nomadiem. T\u0101 k\u0101 tas piel\u0101gojas da\u017e\u0101d\u0101m starptautiskaj\u0101m rozet\u0113m, varat ce\u013cot dro\u0161i, zinot, ka j\u016bsu apr\u012bkojums &#8211; no iPhone 16 l\u012bdz Nintendo Switch 2 &#8211; paliks darbin\u0101ms.  <\/p>\n\n<h2 class=\"wp-block-heading has-text-align-center\"><strong><strong><strong>Advanced GaN Power Delivery &amp; PD 3.1 standarti<\/strong><\/strong><\/strong><\/h2>\n\n<div class=\"wp-block-columns is-layout-flex wp-container-core-columns-is-layout-28f84493 wp-block-columns-is-layout-flex\">\n<div class=\"wp-block-column is-layout-flow wp-block-column-is-layout-flow\">\n<figure class=\"wp-block-image size-large\"><a href=\"https:\/\/droix.eu\/wp-content\/uploads\/2026\/05\/DROIX-140W-MARKETING-DONE-011.jpg\"><img loading=\"lazy\" decoding=\"async\" width=\"1024\" height=\"1024\" src=\"https:\/\/droix.eu\/wp-content\/uploads\/2026\/05\/DROIX-140W-MARKETING-DONE-011-1024x1024.jpg\" alt=\"Sudraba DROIX 140 W l&#x101;d&#x113;t&#x101;ja tuvpl&#x101;na att&#x113;ls, kur&#x101; redzamas &#x10D;etras piesl&#x113;gvietas un integr&#x113;tais vizu&#x101;lais displejs. Tekst&#x101; uzsv&#x113;rta &quot;140W PD 3.1&quot; tehnolo&#x123;ija, uzsverot t&#x101;s sp&#x113;ju autom&#x101;tiski piel&#x101;goties un &#x101;tri uzl&#x101;d&#x113;t augstas veiktsp&#x113;jas kl&#x113;pjdatorus. \" class=\"wp-image-719288\" srcset=\"https:\/\/droix.eu\/wp-content\/uploads\/2026\/05\/DROIX-140W-MARKETING-DONE-011-1024x1024.jpg 1024w, https:\/\/droix.eu\/wp-content\/uploads\/2026\/05\/DROIX-140W-MARKETING-DONE-011-300x300.jpg 300w, https:\/\/droix.eu\/wp-content\/uploads\/2026\/05\/DROIX-140W-MARKETING-DONE-011-768x768.jpg 768w, https:\/\/droix.eu\/wp-content\/uploads\/2026\/05\/DROIX-140W-MARKETING-DONE-011-990x990.jpg 990w, https:\/\/droix.eu\/wp-content\/uploads\/2026\/05\/DROIX-140W-MARKETING-DONE-011-441x441.jpg 441w, https:\/\/droix.eu\/wp-content\/uploads\/2026\/05\/DROIX-140W-MARKETING-DONE-011-100x100.jpg 100w, https:\/\/droix.eu\/wp-content\/uploads\/2026\/05\/DROIX-140W-MARKETING-DONE-011-1000x1000.jpg 1000w, https:\/\/droix.eu\/wp-content\/uploads\/2026\/05\/DROIX-140W-MARKETING-DONE-011-150x150.jpg 150w, https:\/\/droix.eu\/wp-content\/uploads\/2026\/05\/DROIX-140W-MARKETING-DONE-011.jpg 1500w\" sizes=\"(max-width: 1024px) 100vw, 1024px\" \/><\/a><\/figure>\n<\/div>\n\n\n\n<div class=\"wp-block-column is-layout-flow wp-block-column-is-layout-flow\">\n<figure class=\"wp-block-image size-large\"><a href=\"https:\/\/droix.eu\/wp-content\/uploads\/2026\/05\/DROIX-140W-MARKETING-DONE-09.jpg\"><img loading=\"lazy\" decoding=\"async\" width=\"1024\" height=\"1024\" src=\"https:\/\/droix.eu\/wp-content\/uploads\/2026\/05\/DROIX-140W-MARKETING-DONE-09-1024x1024.jpg\" alt=\"Infografika ar nosaukumu &quot;Viedais vizu&#x101;lais l&#x101;d&#x113;t&#x101;js&quot;, kur&#x101; par&#x101;d&#x12B;ti da&#x17E;&#x101;di DROIX 140 W l&#x101;d&#x113;t&#x101;ja re&#x101;llaika displeja re&#x17E;&#x12B;mi. Taj&#x101; detaliz&#x113;ti aprakst&#x12B;ti saskarnes ekr&#x101;ni, kas att&#x113;lo katra porta izejas jaudu, kop&#x113;jo lieto&#x161;anas laiku (88H), termisk&#x101;s vesel&#x12B;bas st&#x101;vokli un dinamisk&#x101;s uzl&#x101;des ikonas. \" class=\"wp-image-719289\" srcset=\"https:\/\/droix.eu\/wp-content\/uploads\/2026\/05\/DROIX-140W-MARKETING-DONE-09-1024x1024.jpg 1024w, https:\/\/droix.eu\/wp-content\/uploads\/2026\/05\/DROIX-140W-MARKETING-DONE-09-300x300.jpg 300w, https:\/\/droix.eu\/wp-content\/uploads\/2026\/05\/DROIX-140W-MARKETING-DONE-09-768x768.jpg 768w, https:\/\/droix.eu\/wp-content\/uploads\/2026\/05\/DROIX-140W-MARKETING-DONE-09-990x990.jpg 990w, https:\/\/droix.eu\/wp-content\/uploads\/2026\/05\/DROIX-140W-MARKETING-DONE-09-441x441.jpg 441w, https:\/\/droix.eu\/wp-content\/uploads\/2026\/05\/DROIX-140W-MARKETING-DONE-09-100x100.jpg 100w, https:\/\/droix.eu\/wp-content\/uploads\/2026\/05\/DROIX-140W-MARKETING-DONE-09-1000x1000.jpg 1000w, https:\/\/droix.eu\/wp-content\/uploads\/2026\/05\/DROIX-140W-MARKETING-DONE-09-150x150.jpg 150w, https:\/\/droix.eu\/wp-content\/uploads\/2026\/05\/DROIX-140W-MARKETING-DONE-09.jpg 1500w\" sizes=\"(max-width: 1024px) 100vw, 1024px\" \/><\/a><\/figure>\n<\/div>\n<\/div>\n\n<p>Izmantojot modernu GaN pusvad\u012bt\u0101ju tehnolo\u0123iju, \u0161is lab\u0101kais 140 W USB C l\u0101d\u0113t\u0101js nodro\u0161ina augst\u0101ku efektivit\u0101ti un zem\u0101ku siltuma veido\u0161anos, sal\u012bdzinot ar tradicion\u0101lajiem sil\u012bcija l\u0101d\u0113t\u0101jiem. \u012apa\u0161i tas atbalsta PD 3.1 standartu, nodro\u0161inot piln\u012bgu savietojam\u012bbu ar tirg\u016b pieejam\u0101m ier\u012bc\u0113m, kas pat\u0113r\u0113 visvair\u0101k ener\u0123ijas, tostarp GPD WIN 5 un GPD G2. <\/p>\n\n<p>Vied\u0101 triklo uzl\u0101de: Aizsarg\u0101 akumulatora ilgm\u016b\u017e\u012bbu, autom\u0101tiski p\u0101rsl\u0113dzot re\u017e\u012bmus, kad ier\u012bce sasniedz 80% ietilp\u012bbas.<\/p>\n\n<p>Siltuma p\u0101rvald\u012bba: Samazin\u0101ts siltuma pat\u0113ri\u0146\u0161 nov\u0113r\u0161 d\u0101rgas aparat\u016bras termisko slodzi, nodro\u0161inot, ka MacBooks un mobil\u0101s ier\u012bces ilg\u0101k saglab\u0101jas lab\u0101kaj\u0101 st\u0101vokl\u012b.<\/p>\n\n<h2 class=\"wp-block-heading has-text-align-center\"><strong><strong><strong>Tehnisk\u0101s specifik\u0101cijas un univers\u0101l\u0101 savietojam\u012bba<\/strong><\/strong><\/strong><\/h2>\n\n<div class=\"wp-block-columns is-layout-flex wp-container-core-columns-is-layout-28f84493 wp-block-columns-is-layout-flex\">\n<div class=\"wp-block-column is-layout-flow wp-block-column-is-layout-flow\">\n<figure class=\"wp-block-image size-large\"><a href=\"https:\/\/droix.eu\/wp-content\/uploads\/2026\/05\/DROIX-140W-MARKETING-DONE-07.jpg\"><img loading=\"lazy\" decoding=\"async\" width=\"1024\" height=\"1024\" src=\"https:\/\/droix.eu\/wp-content\/uploads\/2026\/05\/DROIX-140W-MARKETING-DONE-07-1024x1024.jpg\" alt=\"Visaptvero&#x161;a tehnisk&#x101; infografika ar detaliz&#x113;tu inform&#x101;ciju par DROIX 140 W l&#x101;d&#x113;t&#x101;ja jaudu un t&#x101;s sadal&#x12B;jumu. Aug&#x161;&#x113;j&#x101; sada&#x13C;&#x101; ir uzskait&#x12B;tas maksim&#x101;l&#x101;s individu&#x101;l&#x101;s jaudas un sprieguma\/sprieguma specifik&#x101;cijas C1 (140 W), C2 (100 W), C3 (40 W) un USB-A (22,5 W) porti. Apak&#x161;&#x113;j&#x101;s sada&#x13C;&#x101;s ir desmit diagrammas, kur&#x101;s prec&#x12B;zi par&#x101;d&#x12B;ts, k&#x101; jauda tiek sadal&#x12B;ta un sadal&#x12B;ta starp da&#x17E;&#x101;d&#x101;m divu, tr&#x12B;s un &#x10D;etru portu konfigur&#x101;cij&#x101;m.  \" class=\"wp-image-719290\" srcset=\"https:\/\/droix.eu\/wp-content\/uploads\/2026\/05\/DROIX-140W-MARKETING-DONE-07-1024x1024.jpg 1024w, https:\/\/droix.eu\/wp-content\/uploads\/2026\/05\/DROIX-140W-MARKETING-DONE-07-300x300.jpg 300w, https:\/\/droix.eu\/wp-content\/uploads\/2026\/05\/DROIX-140W-MARKETING-DONE-07-768x768.jpg 768w, https:\/\/droix.eu\/wp-content\/uploads\/2026\/05\/DROIX-140W-MARKETING-DONE-07-990x990.jpg 990w, https:\/\/droix.eu\/wp-content\/uploads\/2026\/05\/DROIX-140W-MARKETING-DONE-07-441x441.jpg 441w, https:\/\/droix.eu\/wp-content\/uploads\/2026\/05\/DROIX-140W-MARKETING-DONE-07-100x100.jpg 100w, https:\/\/droix.eu\/wp-content\/uploads\/2026\/05\/DROIX-140W-MARKETING-DONE-07-1000x1000.jpg 1000w, https:\/\/droix.eu\/wp-content\/uploads\/2026\/05\/DROIX-140W-MARKETING-DONE-07-150x150.jpg 150w, https:\/\/droix.eu\/wp-content\/uploads\/2026\/05\/DROIX-140W-MARKETING-DONE-07.jpg 1500w\" sizes=\"(max-width: 1024px) 100vw, 1024px\" \/><\/a><\/figure>\n<\/div>\n\n\n\n<div class=\"wp-block-column is-layout-flow wp-block-column-is-layout-flow\">\n<figure class=\"wp-block-image size-large\"><a href=\"https:\/\/droix.eu\/wp-content\/uploads\/2026\/05\/DROIX-140W-MARKETING-DONE-010.jpg\"><img loading=\"lazy\" decoding=\"async\" width=\"1024\" height=\"1024\" src=\"https:\/\/droix.eu\/wp-content\/uploads\/2026\/05\/DROIX-140W-MARKETING-DONE-010-1024x1024.jpg\" alt=\"M&#x101;rketinga grafika ar nosaukumu &quot;Izprot tavas uzl&#x101;des vajadz&#x12B;bas&quot;, kur&#x101; izcelti ier&#x12B;ces 4 izejas porti (3 USB-C un 1 USB-A). Att&#x113;l&#x101; redzama daudzveid&#x12B;ga sader&#x12B;gas elektronikas kolekcija, tostarp kl&#x113;pjdators, plan&#x161;etdatori, Nintendo Switch, viedt&#x101;lru&#x146;i, bezvadu austi&#x146;as, drons un kard&#x101;na kamera, kas demonstr&#x113; l&#x101;d&#x113;t&#x101;ja daudzpus&#x12B;bu. \" class=\"wp-image-719291\" srcset=\"https:\/\/droix.eu\/wp-content\/uploads\/2026\/05\/DROIX-140W-MARKETING-DONE-010-1024x1024.jpg 1024w, https:\/\/droix.eu\/wp-content\/uploads\/2026\/05\/DROIX-140W-MARKETING-DONE-010-300x300.jpg 300w, https:\/\/droix.eu\/wp-content\/uploads\/2026\/05\/DROIX-140W-MARKETING-DONE-010-768x768.jpg 768w, https:\/\/droix.eu\/wp-content\/uploads\/2026\/05\/DROIX-140W-MARKETING-DONE-010-990x990.jpg 990w, https:\/\/droix.eu\/wp-content\/uploads\/2026\/05\/DROIX-140W-MARKETING-DONE-010-441x441.jpg 441w, https:\/\/droix.eu\/wp-content\/uploads\/2026\/05\/DROIX-140W-MARKETING-DONE-010-100x100.jpg 100w, https:\/\/droix.eu\/wp-content\/uploads\/2026\/05\/DROIX-140W-MARKETING-DONE-010-1000x1000.jpg 1000w, https:\/\/droix.eu\/wp-content\/uploads\/2026\/05\/DROIX-140W-MARKETING-DONE-010-150x150.jpg 150w, https:\/\/droix.eu\/wp-content\/uploads\/2026\/05\/DROIX-140W-MARKETING-DONE-010.jpg 1500w\" sizes=\"(max-width: 1024px) 100vw, 1024px\" \/><\/a><\/figure>\n<\/div>\n<\/div>\n\n<p>DROIX 140 W USB-C sienas l\u0101d\u0113t\u0101jam ir \u013coti daudzpus\u012bga piesl\u0113gvietu konfigur\u0101cija, kas paredz\u0113ta vair\u0101ku ener\u0123ijas avotu vienlaic\u012bgai izmanto\u0161anai. Pirmk\u0101rt, galvenais USB-C1 ports sp\u0113j nodro\u0161in\u0101t lielu 140 W jaudu. \u0160o maksim\u0101lo veiktsp\u0113ju piln\u012bb\u0101 atbalsta jaun\u0101kie PD 3.1 un PPS protokoli. Turkl\u0101t otrais USB-C2 ports nodro\u0161ina iev\u0113rojamu 100 W jaudu, kas paredz\u0113ta augstas veiktsp\u0113jas kl\u0113pjdatoriem.   <\/p>\n\n<p>Turpret\u012b USB-C3 piesl\u0113gvieta nodro\u0161ina 40 W jaudu, kas paredz\u0113ta plan\u0161etdatoriem vai portat\u012bvaj\u0101m konsol\u0113m. Turkl\u0101t USB-A ports nodro\u0161ina vec\u0101ku piederumu uzl\u0101di ar jaudu l\u012bdz 22,5 W. Konkr\u0113ti, \u0161is ports izmanto QC 3.0 un SCP standartus, lai nodro\u0161in\u0101tu maksim\u0101lu savietojam\u012bbu. Visbeidzot, \u0161\u012bs \u010detras piesl\u0113gvietas p\u0101rvalda inteli\u0123entas sh\u0113mas, lai nodro\u0161in\u0101tu dro\u0161u j\u016bsu aparat\u016bras baro\u0161anu. L\u012bdz ar to \u0161\u012b ier\u012bce joproj\u0101m ir visefekt\u012bv\u0101k\u0101 izv\u0113le vair\u0101ku ier\u012b\u010du lietot\u0101jiem.    <\/p>\n\n<h2 class=\"wp-block-heading has-text-align-center\"><strong><strong><strong>Prec\u012bza uzraudz\u012bba: Integr\u0113ts vizu\u0101lais displejs<\/strong><\/strong><\/strong><\/h2>\n\n<p>Inform\u0101cija ir sp\u0113ks, un DROIX 140 W l\u0101d\u0113t\u0101js to nodro\u0161ina re\u0101llaik\u0101. Ieb\u016bv\u0113tais viedais vizu\u0101lais displejs \u013cauj vien\u0101 mirkl\u012b p\u0101rraudz\u012bt katra porta jaudu, kop\u0113jo jaudu un termisko st\u0101vokli. Turkl\u0101t &#8220;Lieto\u0161anas laika&#8221; izseko\u0161anas funkcija sniedz ieskatu j\u016bsu uzl\u0101des paradumos. T\u0101 k\u0101 dro\u0161\u012bba ir vissvar\u012bg\u0101k\u0101, displejs ar\u012b izce\u013c, kad ier\u012bce atrodas &#8220;izcilas&#8221; termisk\u0101s zon\u0101s, nodro\u0161inot, ka vienm\u0113r uzl\u0101d\u0113siet piln\u012bgi mier\u012bgi.   <\/p>\n\n<h2 class=\"wp-block-heading has-text-align-center\"><strong>Ieb\u016bv\u0113ta dro\u0161\u012bba un daudzsl\u0101\u0146u aizsardz\u012bba<\/strong><\/h2>\n\n<p>\u0160\u012bs aparat\u016bras izstr\u0101des laik\u0101 dro\u0161\u012bba netika apsv\u0113rta. \u0160asija ir izgatavota no ugunsdro\u0161a datora materi\u0101la, un tai ir pret kritieniem aizsarg\u0101ta konstrukcija. Iek\u0101rta ir apr\u012bkota ar:  <\/p>\n\n<ul class=\"wp-block-list\">\n<li>P\u0101rslodzes un p\u0101rsprieguma aizsardz\u012bba<\/li>\n\n\n\n<li>\u012assavienojuma un p\u0101rkar\u0161anas aizsargmeh\u0101nismi<\/li>\n\n\n\n<li>Elektromagn\u0113tisk\u0101 lauka aizsardz\u012bba<\/li>\n<\/ul>\n\n<p>T\u0101d\u0113j\u0101di j\u016bsu d\u0101rgais iPhone 17 un GPD sp\u0113\u013cu portat\u012bvie datori ir pasarg\u0101ti no elektriskiem trauc\u0113jumiem. Viegl\u0101 GaN konstrukcija un zems puls\u0101ciju l\u012bmenis garant\u0113, ka j\u016bsu elektronika vienm\u0113r sa\u0146ems t\u012bru un stabilu jaudu. <\/p>\n\n<h2 class=\"wp-block-heading has-text-align-center\"><strong>Nodro\u0161iniet savu DROIX 140W USB-C sienas l\u0101d\u0113t\u0101ju jau \u0161odien<\/strong><\/h2>\n\n<p>P\u0101rtrauciet n\u0113s\u0101t pilnu somu ar neatbilst\u012bgiem kabe\u013ciem un smagiem adapteriem. DROIX 140 W USB-C sienas l\u0101d\u0113t\u0101js ir vien\u012bgais r\u012bks, kas jums nepiecie\u0161ams, lai j\u016bsu mobilais birojs vai sp\u0113\u013cu platforma darbotos ar maksim\u0101lu jaudu. T\u0101 k\u0101 p\u0113c \u0161\u012b &#8220;viss vien\u0101&#8221; GaN risin\u0101juma ir liels piepras\u012bjums, kr\u0101jumi \u0101tri main\u0101s.  <\/p>\n\n<p>Uzziniet, k\u0101 DROIX 140W USB-C GaN sienas l\u0101d\u0113t\u0101js maina sp\u0113les &#8211;<strong><a href=\"https:\/\/droix.net\/blogs\/pre-order-the-droix-140w-usb-c-wall-charger\/\" target=\"_blank\" rel=\"noopener\" title=\"\">Uzziniet vair\u0101k m\u016bsu blog\u0101!<\/a><\/strong><\/p>\n\n<p><\/p>\n","protected":false},"excerpt":{"rendered":"<ul>\n<li><strong>140 W PD 3.1 jauda &#8211; \u0100tri<\/strong> uzl\u0101d\u0113jiet augstas veiktsp\u0113jas kl\u0113pjdatorus un sp\u0113\u013cu portat\u012bvos datorus ar maksim\u0101lu \u0101trumu.<\/li>\n<li><strong>\u010cetru portu daudzpus\u012bba &#8211;<\/strong> vienlaic\u012bgi darbiniet \u010detras ier\u012bces, izmantojot tr\u012bs USB-C un vienu USB-A portu.<\/li>\n<li><strong>Vizu\u0101lais displejs &#8211; re\u0101llaika skatiens &#8211;<\/strong> re\u0101llaika jaudas, termisk\u0101 st\u0101vok\u013ca un uzl\u0101des re\u017e\u012bmu p\u0101rraudz\u012bba vien\u0101 mirkl\u012b.<\/li>\n<li><strong>Glob\u0101l\u0101 ce\u013co\u0161anas sist\u0113ma &#8211;<\/strong> ietver main\u0101mus Apvienot\u0101s Karalistes, ES, ASV un ASV kontaktdak\u0161u adapterus.<\/li>\n<li><strong>Uzlabota dro\u0161\u012bbas integr\u0101l\u0101 sh\u0113ma &#8211;<\/strong> daudzsl\u0101\u0146u aizsardz\u012bba nodro\u0161ina stabilu, karstuma regul\u0113tu jaudu j\u016bsu aparat\u016brai.<\/li>\n<\/ul>\n[droix_global_accordions]\n[cg_accordion title=\"Komplekt\u0101 ietilpst\"]<\/p>\n<ul>\n<li>1x DROIX 140W USB-C sienas l\u0101d\u0113t\u0101js<\/li>\n<li>1x Apvienot\u0101s Karalistes kontaktdak\u0161as adapteris<\/li>\n<li>1x ES kontaktdak\u0161as adapteris<\/li>\n<li>1x lietot\u0101ja rokasgr\u0101mata<\/li>\n<\/ul>\n<p>[\/cg_accordion]\n","protected":false},"featured_media":719481,"template":"","meta":{"_acf_changed":false},"product_brand":[],"product_cat":[10083,12777,10084,10596],"product_tag":[],"woo-feed-brand":[],"key-features":[],"class_list":{"0":"post-719480","1":"product","2":"type-product","3":"status-publish","4":"has-post-thumbnail","6":"product_cat-aksesuari","7":"product_cat-datoru-piederumi","8":"product_cat-portativo-datoru-piederumi","9":"product_cat-spelu-aksesuari","10":"product_shipping_class-standard","12":"first","13":"onbackorder","14":"sale","15":"taxable","16":"shipping-taxable","17":"product-type-variable","18":"has-default-attributes"},"acf":[],"aioseo_notices":[],"_links":{"self":[{"href":"https:\/\/droix.eu\/lv\/wp-json\/wp\/v2\/product\/719480","targetHints":{"allow":["GET"]}}],"collection":[{"href":"https:\/\/droix.eu\/lv\/wp-json\/wp\/v2\/product"}],"about":[{"href":"https:\/\/droix.eu\/lv\/wp-json\/wp\/v2\/types\/product"}],"version-history":[{"count":0,"href":"https:\/\/droix.eu\/lv\/wp-json\/wp\/v2\/product\/719480\/revisions"}],"wp:featuredmedia":[{"embeddable":true,"href":"https:\/\/droix.eu\/lv\/wp-json\/wp\/v2\/media\/719481"}],"wp:attachment":[{"href":"https:\/\/droix.eu\/lv\/wp-json\/wp\/v2\/media?parent=719480"}],"wp:term":[{"taxonomy":"product_brand","embeddable":true,"href":"https:\/\/droix.eu\/lv\/wp-json\/wp\/v2\/product_brand?post=719480"},{"taxonomy":"product_cat","embeddable":true,"href":"https:\/\/droix.eu\/lv\/wp-json\/wp\/v2\/product_cat?post=719480"},{"taxonomy":"product_tag","embeddable":true,"href":"https:\/\/droix.eu\/lv\/wp-json\/wp\/v2\/product_tag?post=719480"},{"taxonomy":"woo-feed-brand","embeddable":true,"href":"https:\/\/droix.eu\/lv\/wp-json\/wp\/v2\/woo-feed-brand?post=719480"},{"taxonomy":"key-features","embeddable":true,"href":"https:\/\/droix.eu\/lv\/wp-json\/wp\/v2\/key-features?post=719480"}],"curies":[{"name":"wp","href":"https:\/\/api.w.org\/{rel}","templated":true}]}}