{"id":707006,"date":"2026-02-10T11:27:40","date_gmt":"2026-02-10T11:27:40","guid":{"rendered":"https:\/\/droix.eu\/product\/onexplayer-apex-akumulators\/"},"modified":"2026-02-12T10:10:30","modified_gmt":"2026-02-12T10:10:30","slug":"onexplayer-apex-akumulators","status":"publish","type":"product","link":"https:\/\/droix.eu\/lv\/product\/onexplayer-apex-akumulators\/","title":{"rendered":"ONEXPLAYER APEX akumulators"},"content":{"rendered":"\n<h2 class=\"wp-block-heading\">ONEXPLAYER Apex akumulators: Uzlabojiet savu sp\u0113l\u0113\u0161anu ar 85Wh main\u0101mo baro\u0161anas komplektu<\/h2>\n\n<p id=\"p-rc_b05a515aa78bffb9-171\">ONEXPLAYER apex akumulators ir revolucion\u0101rs piederums, kas izstr\u0101d\u0101ts, lai main\u012btu to, k\u0101 plaukstas sp\u0113\u013cu entuziasti p\u0101rvalda ener\u0123ijas pat\u0113ri\u0146u ilgsto\u0161u sp\u0113\u013cu sesiju laik\u0101. \u0160is lieljaudas 85Wh bloks nodro\u0161ina nep\u0101rtrauktu OneXFly Apex baro\u0161anas risin\u0101jumu, garant\u0113jot, ka lietot\u0101jiem nekad nevajadz\u0113s piesl\u0113gties pie sienas rozetes sp\u0113les vid\u016b. T\u0101 k\u0101 pieg\u0101des ir pl\u0101nots s\u0101kt 2026. gada j\u016bnij\u0101, \u0161is atjaunin\u0101jums ir portat\u012bvo sp\u0113\u013cu iztur\u012bbas n\u0101kotne.  <\/p>\n\n<h2 class=\"wp-block-heading\">K\u0101p\u0113c OneXFly Apex akumulators maina sp\u0113les p\u0101rn\u0113s\u0101jam\u012bbas iesp\u0113jas<\/h2>\n\n<p id=\"p-rc_b05a515aa78bffb9-172\">Ce\u013cojumiem draudz\u012bga jauda ir onexfly apex akumulatora filozofijas pamat\u0101. T\u0101 k\u0101 sp\u0113\u013cu sp\u0113l\u0113\u0161ana ce\u013c\u0101 bie\u017ei vien rada satraukumu par akumulatoru, \u0161\u012b main\u0101m\u0101 sist\u0113ma tika izstr\u0101d\u0101ta, lai sniegtu t\u016bl\u012bt\u0113ju atvieglojumu. Uzliekam\u0101 konstrukcija nodro\u0161ina \u0101tru un vienk\u0101r\u0161u savienojumu, kas noz\u012bm\u0113, ka varat dubultot sp\u0113les laiku bez nepiecie\u0161am\u012bbas p\u0101rstart\u0113t sist\u0113mu.  <\/p>\n\n<h2 class=\"wp-block-heading\">Tehnisk\u0101s specifik\u0101cijas un aizverams dizains<\/h2>\n\n<p id=\"p-rc_b05a515aa78bffb9-173\">OneXFly Apex akumulators ar iespaid\u012bgo 85Wh ietilp\u012bbu ir viens no visaugst\u0101kajiem ener\u0123ijas bl\u012bvumiem, kas pieejams rokas perif\u0113rijas ier\u012bc\u0113m.<sup><\/sup>  Katrai ier\u012bcei ir pievienots \u012bpa\u0161s akumulatora un ier\u012bces savienojuma kabelis, lai nodro\u0161in\u0101tu stabilu un efekt\u012bvu ener\u0123ijas pl\u016bsmu. L\u012bdz ar to aparat\u016bra paliek pl\u0101na, bet akumulators nodro\u0161ina jaud\u012bgu ener\u0123iju, kas nepiecie\u0161ama AAA sada\u013c\u0101m. <\/p>\n\n<h2 class=\"wp-block-heading\">Maksim\u0101las veiktsp\u0113jas nodro\u0161in\u0101\u0161ana ar ONEXPLAYER Apex akumulatoru<\/h2>\n\n<p>Ar \u0161o t\u016bl\u012bt\u0113jas nomai\u0146as tehnolo\u0123iju ir viegli optimiz\u0113t p\u0101rn\u0113s\u0101jam\u0101 t\u0101lru\u0146a lieto\u0161anas pieredzi. Lai gan iek\u0161\u0113j\u0101s baterijas ar laiku nolietojas, nomain\u0101m\u0101 ONEXPLAYER apex baterija nodro\u0161ina ier\u012bces funkcionalit\u0101ti gadiem ilgi. Savienojums ir nodro\u0161in\u0101ts ar iztur\u012bgu uzskr\u016bv\u0113jamu meh\u0101nismu, kas ir stingri p\u0101rbaud\u012bts, lai nodro\u0161in\u0101tu iztur\u012bbu un \u0113rtu lieto\u0161anu ce\u013cojuma laik\u0101.  <\/p>\n\n<h2 class=\"wp-block-heading\">Nodro\u0161iniet savu apr\u012bkojumu un p\u0101rbaudiet Apex akumulatora cenu<\/h2>\n\n<p>Paredzams, ka, tuvojoties 2026. gada j\u016bnija palai\u0161anas termi\u0146am, piepras\u012bjums p\u0113c \u0161\u012b augstas veiktsp\u0113jas pal\u012bgr\u012bka b\u016bs iev\u0113rojams. P\u0101rbaudot pa\u0161reiz\u0113jo apex akumulatora cenu un veicot iepriek\u0161\u0113ju pas\u016bt\u012bjumu m\u016bsu veikal\u0101, j\u016bs garant\u0113jat, ka j\u016bsu ier\u012bce ir rezerv\u0113ta no pirm\u0101s ra\u017eo\u0161anas partijas. Nerisk\u0113jiet palaist gar\u0101m \u0161o b\u016btisko jaunin\u0101jumu; apmekl\u0113jiet m\u016bsu produktu lapu jau \u0161odien, lai uzzin\u0101tu vair\u0101k un nodro\u0161in\u0101tu savu OneXFly Apex akumulatoru, kas nodro\u0161in\u0101s, ka j\u016bsu sp\u0113\u013cu sesijas nekad nebeigsies agr\u0101k!  <\/p>\n","protected":false},"excerpt":{"rendered":"<ul>\n<li><strong>85Wh ietilp\u012bba:<\/strong> Nodro\u0161ina pagarin\u0101tu, augstas jaudas p\u0101rn\u0113s\u0101jamo sp\u0113\u013cu laiku.<\/li>\n<li><strong>5519 mAh Nomin\u0101l\u0101 ietilp\u012bba:<\/strong> Nodro\u0161ina ilgsto\u0161u un uzticamu lieto\u0161anu ce\u013c\u0101.<\/li>\n<li><strong>Modul\u0101rais dizains:<\/strong> \u0100tr\u0101s pievieno\u0161anas meh\u0101nisms \u0113rtai nomai\u0146ai un no\u0146em\u0161anai.<\/li>\n<li><strong>Augstsprieguma baro\u0161anas avots: veidots<\/strong>, lai atbalst\u012btu ONEXFLY APEX jaud\u012bgo APU.<\/li>\n<li><strong>Ofici\u0101lais ONEXPLAYER piederums:<\/strong> Garant\u0113 perfektu atbilst\u012bbu, savietojam\u012bbu un dro\u0161\u012bbu.<\/li>\n<\/ul>\n<pre><b>Priek\u0161mets p\u0113c iepriek\u0161\u0113ja pas\u016bt\u012bjuma<\/b>\n<ul>\n<li>Paredzamais izn\u0101k\u0161anas datums: 2026. gada 26. j\u016bnijs<\/li><\/pre>\n<\/ul>\n[droix_global_accordions]\n[cg_accordion title=\"Komplekt\u0101 ietilpst\"]<\/p>\n<ul>\n<li>1x ONEXPLAYER APEX akumulators<\/li>\n<\/ul>\n<p>[\/cg_accordion]\n","protected":false},"featured_media":707007,"template":"","meta":{"_acf_changed":false},"product_brand":[],"product_cat":[10083,10596],"product_tag":[],"woo-feed-brand":[2199],"key-features":[],"class_list":{"0":"post-707006","1":"product","2":"type-product","3":"status-publish","4":"has-post-thumbnail","6":"product_cat-aksesuari","7":"product_cat-spelu-aksesuari","8":"product_shipping_class-low-end","9":"pa_accessory-type-add-ons","10":"pa_brands-onexplayer-lv","11":"pa_compatibility-onexplayer-onexfly-apex","12":"woo-feed-brand-onexplayer","14":"first","15":"onbackorder","16":"taxable","17":"shipping-taxable","18":"purchasable","19":"product-type-variable","20":"has-default-attributes"},"acf":[],"aioseo_notices":[],"_links":{"self":[{"href":"https:\/\/droix.eu\/lv\/wp-json\/wp\/v2\/product\/707006","targetHints":{"allow":["GET"]}}],"collection":[{"href":"https:\/\/droix.eu\/lv\/wp-json\/wp\/v2\/product"}],"about":[{"href":"https:\/\/droix.eu\/lv\/wp-json\/wp\/v2\/types\/product"}],"version-history":[{"count":0,"href":"https:\/\/droix.eu\/lv\/wp-json\/wp\/v2\/product\/707006\/revisions"}],"wp:featuredmedia":[{"embeddable":true,"href":"https:\/\/droix.eu\/lv\/wp-json\/wp\/v2\/media\/707007"}],"wp:attachment":[{"href":"https:\/\/droix.eu\/lv\/wp-json\/wp\/v2\/media?parent=707006"}],"wp:term":[{"taxonomy":"product_brand","embeddable":true,"href":"https:\/\/droix.eu\/lv\/wp-json\/wp\/v2\/product_brand?post=707006"},{"taxonomy":"product_cat","embeddable":true,"href":"https:\/\/droix.eu\/lv\/wp-json\/wp\/v2\/product_cat?post=707006"},{"taxonomy":"product_tag","embeddable":true,"href":"https:\/\/droix.eu\/lv\/wp-json\/wp\/v2\/product_tag?post=707006"},{"taxonomy":"woo-feed-brand","embeddable":true,"href":"https:\/\/droix.eu\/lv\/wp-json\/wp\/v2\/woo-feed-brand?post=707006"},{"taxonomy":"key-features","embeddable":true,"href":"https:\/\/droix.eu\/lv\/wp-json\/wp\/v2\/key-features?post=707006"}],"curies":[{"name":"wp","href":"https:\/\/api.w.org\/{rel}","templated":true}]}}