{"id":564980,"date":"2020-11-20T10:02:39","date_gmt":"2020-11-20T10:02:39","guid":{"rendered":"https:\/\/droix.eu\/product\/fx8s-usb-type-c-koncentrators\/"},"modified":"2025-09-05T15:33:13","modified_gmt":"2025-09-05T14:33:13","slug":"fx8s-usb-type-c-koncentrators","status":"publish","type":"product","link":"https:\/\/droix.eu\/lv\/product\/fx8s-usb-type-c-koncentrators\/","title":{"rendered":"FX8S USB Type-C koncentrators"},"content":{"rendered":"<p>FX8s <strong>USB-C centrmezgla 8-in-1 adapteris<\/strong> apvieno bie\u017ei nepiecie\u0161amos portus vien\u0101 kompakt\u0101 un augstas veiktsp\u0113jas <strong>USB-C centrmezgl\u0101<\/strong>.<\/p>\n<p>FX8s <strong>USB-C koncentrators<\/strong> ir savienojams ar j\u016bsu USB Type-C portu un ir sader\u012bgs ar\u012b ar <a href=\"https:\/\/www.pocket-lint.com\/laptops\/news\/139323-thunderbolt-3-explained-the-one-port-to-rule-them-all\">Thunderbolt 3.<\/a> Tas nodro\u0161ina \u0101trdarb\u012bgu v\u0101rteju no ier\u012bces, piem\u0113ram, datora vai kl\u0113pjdatora, l\u012bdz koncentratoram, k\u0101 ar\u012b \u013cauj to uzl\u0101d\u0113t lieto\u0161anas laik\u0101. <\/p>\n<p><strong>USB-C tranzistors HDMI<\/strong> ports atbalsta l\u012bdz pat <strong>4K*2K UHD<\/strong> (3840&#215;2160) ar 60 Hz frekvenci, lai piesl\u0113gtu displeja ier\u012bces, piem\u0113ram, televizorus, monitorus vai projektorus. Vienk\u0101r\u0161i pievienojiet HDMI kabeli koncentratoram un displejam, un j\u016bs varat s\u0101kt darbu. <\/p>\n<p>Divas \u012bpa\u0161i \u0101trdarb\u012bgas <strong>USB 3.0 piesl\u0113gvietas<\/strong> ir izvietotas s\u0101nos un \u013cauj piesl\u0113gt t\u0101das ier\u012bces k\u0101 pele vai tastat\u016bra vai \u0101trdarb\u012bgas perif\u0113rijas ier\u012bces, piem\u0113ram, USB atmi\u0146as kartes un \u0101r\u0113jie cietie diski. Tie nodro\u0161ina l\u012bdz 4,5 W maksim\u0101lo jaudu. <\/p>\n<p>Sievi\u0161\u0137ais <strong>C tipa USB ports<\/strong> atbalsta l\u012bdz pat 87 W str\u0101vas adapterus, un tas var ar\u012b izvad\u012bt 20 V pie 3A. Dubult\u0101 funkcionalit\u0101te \u013cauj jums uzl\u0101d\u0113t ier\u012bci, izmantojot koncentratoru, vienlaikus to izmantojot, un tas ir lielisks risin\u0101jums, ja j\u016bsu ier\u012bcei ir tikai viena C tipa piesl\u0113gvieta. Izmantojot \u0161o piesl\u0113gvietu, centrmezglam var piesl\u0113gt ar\u012b sader\u012bgas <a href=\"https:\/\/www.computerworld.com\/article\/2488194\/usb-c-explained-how-to-get-the-most-from-it-and-why-its-great.html\">C tipa perif\u0113rijas ier\u012bces<\/a>.  <\/p>\n<p>Daudz\u0101m portat\u012bvaj\u0101m ier\u012bc\u0113m tagad ir tikai bezvadu savienojums, un bie\u017ei vien tas var neb\u016bt pietiekami \u0101trs vai uzticams. <strong>USB-C centrmezgla Ethernet<\/strong> RJ45 ports atbalsta l\u012bdz pat 100 Mbps, lai nodro\u0161in\u0101tu \u0101tru un stabilu vadu datu p\u0101rraidi. <\/p>\n<p>FX8s centrmezglam ir ar\u012b SD un Micro SD <strong>USB-C kar\u0161u las\u012bt\u0101js<\/strong>, kas nodro\u0161ina uzticamu \u0101trgaitas rakst\u012b\u0161anu un las\u012b\u0161anu no un uz j\u016bsu ier\u012bc\u0113 eso\u0161aj\u0101m kart\u0113m.<\/p>\n","protected":false},"excerpt":{"rendered":"<ul>\n<li><strong>\u0100trdarb\u012bgs<\/strong> C tipa USB adapteris<\/li>\n<li><strong>4K<\/strong> HDMI izeja<\/li>\n<li>RJ45 <strong>100M\/s<\/strong> Ethernet ports<\/li>\n<li>SD\/MicroSD kartes slots<\/li>\n<li>Sader\u012bgs ar oper\u0113t\u0101jsist\u0113m\u0101m <strong>Windows<\/strong><strong>,Mac<\/strong> un <strong>Android<\/strong><\/li>\n<\/ul>\n[droix_global_accordions]\n[cg_accordion title=\"Package Includes\"]<\/p>\n<ul>\n<li>1x FX8S USB C tipa ligzda<\/li>\n<\/ul>\n<p>[\/cg_accordion]\n","protected":false},"featured_media":221128,"template":"","meta":{"_acf_changed":false},"product_brand":[],"product_cat":[10083,12777,10084,10596],"product_tag":[],"woo-feed-brand":[],"key-features":[],"class_list":{"0":"post-564980","1":"product","2":"type-product","3":"status-publish","4":"has-post-thumbnail","6":"product_cat-aksesuari","7":"product_cat-datoru-piederumi","8":"product_cat-portativo-datoru-piederumi","9":"product_cat-spelu-aksesuari","10":"product_shipping_class-low-end","11":"pa_accessory-type-docking-station","12":"pa_brands-droix-lv","14":"first","15":"outofstock","16":"taxable","17":"shipping-taxable","18":"purchasable","19":"product-type-simple"},"acf":[],"aioseo_notices":[],"aioseo_head":"\n\t\t<!-- All in One SEO Pro 4.9.6.2 - aioseo.com -->\n\t<meta name=\"description\" content=\"\u0100trdarb\u012bgs C tipa USB adapteris 4K HDMI izeja RJ45 100M\/s Ethernet ports SD\/MicroSD kartes slots Sader\u012bgs ar oper\u0113t\u0101jsist\u0113m\u0101m Windows,Mac un Android Package Includes 1x FX8S USB C tipa ligzda\" \/>\n\t<meta name=\"robots\" content=\"max-image-preview:large\" \/>\n\t<link rel=\"canonical\" href=\"https:\/\/droix.eu\/lv\/product\/fx8s-usb-type-c-koncentrators\/\" \/>\n\t<meta name=\"generator\" content=\"All in One SEO Pro (AIOSEO) 4.9.6.2\" \/>\n\t\t<meta property=\"og:locale\" content=\"lv_LV\" \/>\n\t\t<meta property=\"og:site_name\" content=\"DROIX EU - Get the latest Mini PCs, Ultrabook, PC Gaming Handhelds and more!\" \/>\n\t\t<meta property=\"og:type\" content=\"article\" \/>\n\t\t<meta property=\"og:title\" content=\"FX8S USB Type-C koncentrators - DROIX EU\" \/>\n\t\t<meta property=\"og:description\" content=\"\u0100trdarb\u012bgs C tipa USB adapteris 4K HDMI izeja RJ45 100M\/s Ethernet ports SD\/MicroSD kartes slots Sader\u012bgs ar oper\u0113t\u0101jsist\u0113m\u0101m Windows,Mac un Android Package Includes 1x FX8S USB C tipa ligzda\" \/>\n\t\t<meta property=\"og:url\" content=\"https:\/\/droix.eu\/lv\/product\/fx8s-usb-type-c-koncentrators\/\" \/>\n\t\t<meta property=\"og:image\" content=\"https:\/\/droix.eu\/wp-content\/uploads\/2024\/06\/droix-v2-light-logo.png\" \/>\n\t\t<meta property=\"og:image:secure_url\" content=\"https:\/\/droix.eu\/wp-content\/uploads\/2024\/06\/droix-v2-light-logo.png\" \/>\n\t\t<meta property=\"og:image:width\" content=\"380\" \/>\n\t\t<meta property=\"og:image:height\" content=\"118\" \/>\n\t\t<meta property=\"article:published_time\" content=\"2020-11-20T10:02:39+00:00\" \/>\n\t\t<meta property=\"article:modified_time\" content=\"2025-09-05T14:33:13+00:00\" \/>\n\t\t<meta property=\"article:publisher\" content=\"https:\/\/www.facebook.com\/DroiX.Store\" \/>\n\t\t<meta name=\"twitter:card\" content=\"summary_large_image\" \/>\n\t\t<meta name=\"twitter:site\" content=\"@DroiX_Store\" \/>\n\t\t<meta name=\"twitter:title\" content=\"FX8S USB Type-C koncentrators - DROIX EU\" \/>\n\t\t<meta name=\"twitter:description\" content=\"\u0100trdarb\u012bgs C tipa USB adapteris 4K HDMI izeja RJ45 100M\/s Ethernet ports SD\/MicroSD kartes slots Sader\u012bgs ar oper\u0113t\u0101jsist\u0113m\u0101m Windows,Mac un Android Package Includes 1x FX8S USB C tipa ligzda\" \/>\n\t\t<meta name=\"twitter:image\" content=\"https:\/\/droix.eu\/wp-content\/uploads\/2024\/06\/droix-v2-light-logo.png\" \/>\n\t\t<script type=\"application\/ld+json\" class=\"aioseo-schema\">\n\t\t\t{\"@context\":\"https:\\\/\\\/schema.org\",\"@graph\":[{\"@type\":\"BreadcrumbList\",\"@id\":\"https:\\\/\\\/droix.eu\\\/lv\\\/product\\\/fx8s-usb-type-c-koncentrators\\\/#breadcrumblist\",\"itemListElement\":[{\"@type\":\"ListItem\",\"@id\":\"https:\\\/\\\/droix.eu\\\/lv\\\/#listItem\",\"position\":1,\"name\":\"Home\",\"item\":\"https:\\\/\\\/droix.eu\\\/lv\\\/\",\"nextItem\":{\"@type\":\"ListItem\",\"@id\":\"https:\\\/\\\/droix.eu\\\/lv\\\/product-category\\\/aksesuari\\\/#listItem\",\"name\":\"Aksesu\\u0101ri\"}},{\"@type\":\"ListItem\",\"@id\":\"https:\\\/\\\/droix.eu\\\/lv\\\/product-category\\\/aksesuari\\\/#listItem\",\"position\":2,\"name\":\"Aksesu\\u0101ri\",\"item\":\"https:\\\/\\\/droix.eu\\\/lv\\\/product-category\\\/aksesuari\\\/\",\"nextItem\":{\"@type\":\"ListItem\",\"@id\":\"https:\\\/\\\/droix.eu\\\/lv\\\/product-category\\\/aksesuari\\\/portativo-datoru-piederumi\\\/#listItem\",\"name\":\"Portat\\u012bvo datoru piederumi\"},\"previousItem\":{\"@type\":\"ListItem\",\"@id\":\"https:\\\/\\\/droix.eu\\\/lv\\\/#listItem\",\"name\":\"Home\"}},{\"@type\":\"ListItem\",\"@id\":\"https:\\\/\\\/droix.eu\\\/lv\\\/product-category\\\/aksesuari\\\/portativo-datoru-piederumi\\\/#listItem\",\"position\":3,\"name\":\"Portat\\u012bvo datoru piederumi\",\"item\":\"https:\\\/\\\/droix.eu\\\/lv\\\/product-category\\\/aksesuari\\\/portativo-datoru-piederumi\\\/\",\"nextItem\":{\"@type\":\"ListItem\",\"@id\":\"https:\\\/\\\/droix.eu\\\/lv\\\/product\\\/fx8s-usb-type-c-koncentrators\\\/#listItem\",\"name\":\"FX8S USB Type-C koncentrators\"},\"previousItem\":{\"@type\":\"ListItem\",\"@id\":\"https:\\\/\\\/droix.eu\\\/lv\\\/product-category\\\/aksesuari\\\/#listItem\",\"name\":\"Aksesu\\u0101ri\"}},{\"@type\":\"ListItem\",\"@id\":\"https:\\\/\\\/droix.eu\\\/lv\\\/product\\\/fx8s-usb-type-c-koncentrators\\\/#listItem\",\"position\":4,\"name\":\"FX8S USB Type-C koncentrators\",\"previousItem\":{\"@type\":\"ListItem\",\"@id\":\"https:\\\/\\\/droix.eu\\\/lv\\\/product-category\\\/aksesuari\\\/portativo-datoru-piederumi\\\/#listItem\",\"name\":\"Portat\\u012bvo datoru piederumi\"}}]},{\"@type\":\"Organization\",\"@id\":\"https:\\\/\\\/droix.eu\\\/lv\\\/#organization\",\"name\":\"DroiX \\u2013 Trusted EU Tech Retailer with 12+ Years Experience\",\"description\":\"DroiX is a leading European technology retailer with over 12 years of experience, offering quality mini PCs, handheld gaming consoles, and tech accessories. We provide hassle-free EU delivery with all taxes included, ensuring a smooth and reliable shopping experience for our customers across Europe.\",\"url\":\"https:\\\/\\\/droix.eu\\\/lv\\\/\",\"logo\":{\"@type\":\"ImageObject\",\"url\":\"https:\\\/\\\/droix.eu\\\/wp-content\\\/uploads\\\/2024\\\/06\\\/droix-v2-light-logo.png\",\"@id\":\"https:\\\/\\\/droix.eu\\\/lv\\\/product\\\/fx8s-usb-type-c-koncentrators\\\/#organizationLogo\",\"width\":380,\"height\":118},\"image\":{\"@id\":\"https:\\\/\\\/droix.eu\\\/lv\\\/product\\\/fx8s-usb-type-c-koncentrators\\\/#organizationLogo\"},\"sameAs\":[\"https:\\\/\\\/www.facebook.com\\\/DroiX.Store\",\"https:\\\/\\\/twitter.com\\\/DroiX_Store\",\"https:\\\/\\\/www.instagram.com\\\/droix.store\\\/\",\"https:\\\/\\\/www.tiktok.com\\\/@droix.store\",\"https:\\\/\\\/www.youtube.com\\\/c\\\/DroiX_Store\",\"https:\\\/\\\/uk.linkedin.com\\\/company\\\/droix\"]},{\"@type\":\"Product\",\"@id\":\"https:\\\/\\\/droix.eu\\\/lv\\\/product\\\/fx8s-usb-type-c-koncentrators\\\/#wooCommerceProduct\",\"name\":\"FX8S USB Type-C koncentrators\",\"description\":\"\\u0100trdarb\\u012bgs C tipa USB adapteris\\n \\t4K HDMI izeja\\n \\tRJ45 100M\\\/s Ethernet ports\\n \\tSD\\\/MicroSD kartes slots\\n \\tSader\\u012bgs ar oper\\u0113t\\u0101jsist\\u0113m\\u0101m Windows,Mac un Android\",\"url\":\"https:\\\/\\\/droix.eu\\\/lv\\\/product\\\/fx8s-usb-type-c-koncentrators\\\/\",\"sku\":\"DX-FX8-S-USB-TYPE-C-ADAPTER\",\"image\":{\"@type\":\"ImageObject\",\"url\":\"https:\\\/\\\/droix.eu\\\/wp-content\\\/uploads\\\/2021\\\/12\\\/1-2.png\",\"@id\":\"https:\\\/\\\/droix.eu\\\/lv\\\/product\\\/fx8s-usb-type-c-koncentrators\\\/#productImage\",\"width\":670,\"height\":840,\"caption\":\"DroiX FX8s - 2 C tipa USB porti, 1 HDMI, 2 A tipa USB, 1 SD kartes un 1 MicroSD ports\"},\"offers\":{\"@type\":\"Offer\",\"url\":\"https:\\\/\\\/droix.eu\\\/lv\\\/product\\\/fx8s-usb-type-c-koncentrators\\\/#wooCommerceOffer\",\"price\":33.2,\"priceCurrency\":\"EUR\",\"category\":\"Aksesu\\u0101ri\",\"priceValidUntil\":\"2024-05-26\",\"availability\":\"https:\\\/\\\/schema.org\\\/OutOfStock\",\"priceSpecification\":{\"@type\":\"PriceSpecification\",\"price\":33.2,\"priceCurrency\":\"EUR\",\"valueAddedTaxIncluded\":\"true\"},\"seller\":{\"@type\":\"Organization\",\"@id\":\"https:\\\/\\\/droix.eu\\\/lv\\\/#organization\"}}},{\"@type\":\"WebPage\",\"@id\":\"https:\\\/\\\/droix.eu\\\/lv\\\/product\\\/fx8s-usb-type-c-koncentrators\\\/#webpage\",\"url\":\"https:\\\/\\\/droix.eu\\\/lv\\\/product\\\/fx8s-usb-type-c-koncentrators\\\/\",\"name\":\"FX8S USB Type-C koncentrators - DROIX EU\",\"description\":\"\\u0100trdarb\\u012bgs C tipa USB adapteris 4K HDMI izeja RJ45 100M\\\/s Ethernet ports SD\\\/MicroSD kartes slots Sader\\u012bgs ar oper\\u0113t\\u0101jsist\\u0113m\\u0101m Windows,Mac un Android Package Includes 1x FX8S USB C tipa ligzda\",\"inLanguage\":\"lv-LV\",\"isPartOf\":{\"@id\":\"https:\\\/\\\/droix.eu\\\/lv\\\/#website\"},\"breadcrumb\":{\"@id\":\"https:\\\/\\\/droix.eu\\\/lv\\\/product\\\/fx8s-usb-type-c-koncentrators\\\/#breadcrumblist\"},\"image\":{\"@type\":\"ImageObject\",\"url\":\"https:\\\/\\\/droix.eu\\\/wp-content\\\/uploads\\\/2021\\\/12\\\/1-2.png\",\"@id\":\"https:\\\/\\\/droix.eu\\\/lv\\\/product\\\/fx8s-usb-type-c-koncentrators\\\/#mainImage\",\"width\":670,\"height\":840,\"caption\":\"DroiX FX8s - 2 C tipa USB porti, 1 HDMI, 2 A tipa USB, 1 SD kartes un 1 MicroSD ports\"},\"primaryImageOfPage\":{\"@id\":\"https:\\\/\\\/droix.eu\\\/lv\\\/product\\\/fx8s-usb-type-c-koncentrators\\\/#mainImage\"},\"datePublished\":\"2020-11-20T10:02:39+00:00\",\"dateModified\":\"2025-09-05T15:33:13+01:00\"},{\"@type\":\"WebSite\",\"@id\":\"https:\\\/\\\/droix.eu\\\/lv\\\/#website\",\"url\":\"https:\\\/\\\/droix.eu\\\/lv\\\/\",\"name\":\"DROIX EU\",\"description\":\"Get the latest Mini PCs, Ultrabook, PC Gaming Handhelds and more!\",\"inLanguage\":\"lv-LV\",\"publisher\":{\"@id\":\"https:\\\/\\\/droix.eu\\\/lv\\\/#organization\"}}]}\n\t\t<\/script>\n\t\t<!-- All in One SEO Pro -->\r\n\t\t<title>FX8S USB Type-C koncentrators - DROIX EU<\/title>\n\n","aioseo_head_json":{"title":"FX8S USB Type-C koncentrators - DROIX EU","description":"\u0100trdarb\u012bgs C tipa USB adapteris 4K HDMI izeja RJ45 100M\/s Ethernet ports SD\/MicroSD kartes slots Sader\u012bgs ar oper\u0113t\u0101jsist\u0113m\u0101m Windows,Mac un Android Package Includes 1x FX8S USB C tipa ligzda","canonical_url":"https:\/\/droix.eu\/lv\/product\/fx8s-usb-type-c-koncentrators\/","robots":"max-image-preview:large","keywords":"","webmasterTools":{"miscellaneous":""},"schema":{"@context":"https:\/\/schema.org","@graph":[{"@type":"BreadcrumbList","@id":"https:\/\/droix.eu\/lv\/product\/fx8s-usb-type-c-koncentrators\/#breadcrumblist","itemListElement":[{"@type":"ListItem","@id":"https:\/\/droix.eu\/lv\/#listItem","position":1,"name":"Home","item":"https:\/\/droix.eu\/lv\/","nextItem":{"@type":"ListItem","@id":"https:\/\/droix.eu\/lv\/product-category\/aksesuari\/#listItem","name":"Aksesu\u0101ri"}},{"@type":"ListItem","@id":"https:\/\/droix.eu\/lv\/product-category\/aksesuari\/#listItem","position":2,"name":"Aksesu\u0101ri","item":"https:\/\/droix.eu\/lv\/product-category\/aksesuari\/","nextItem":{"@type":"ListItem","@id":"https:\/\/droix.eu\/lv\/product-category\/aksesuari\/portativo-datoru-piederumi\/#listItem","name":"Portat\u012bvo datoru piederumi"},"previousItem":{"@type":"ListItem","@id":"https:\/\/droix.eu\/lv\/#listItem","name":"Home"}},{"@type":"ListItem","@id":"https:\/\/droix.eu\/lv\/product-category\/aksesuari\/portativo-datoru-piederumi\/#listItem","position":3,"name":"Portat\u012bvo datoru piederumi","item":"https:\/\/droix.eu\/lv\/product-category\/aksesuari\/portativo-datoru-piederumi\/","nextItem":{"@type":"ListItem","@id":"https:\/\/droix.eu\/lv\/product\/fx8s-usb-type-c-koncentrators\/#listItem","name":"FX8S USB Type-C koncentrators"},"previousItem":{"@type":"ListItem","@id":"https:\/\/droix.eu\/lv\/product-category\/aksesuari\/#listItem","name":"Aksesu\u0101ri"}},{"@type":"ListItem","@id":"https:\/\/droix.eu\/lv\/product\/fx8s-usb-type-c-koncentrators\/#listItem","position":4,"name":"FX8S USB Type-C koncentrators","previousItem":{"@type":"ListItem","@id":"https:\/\/droix.eu\/lv\/product-category\/aksesuari\/portativo-datoru-piederumi\/#listItem","name":"Portat\u012bvo datoru piederumi"}}]},{"@type":"Organization","@id":"https:\/\/droix.eu\/lv\/#organization","name":"DroiX \u2013 Trusted EU Tech Retailer with 12+ Years Experience","description":"DroiX is a leading European technology retailer with over 12 years of experience, offering quality mini PCs, handheld gaming consoles, and tech accessories. We provide hassle-free EU delivery with all taxes included, ensuring a smooth and reliable shopping experience for our customers across Europe.","url":"https:\/\/droix.eu\/lv\/","logo":{"@type":"ImageObject","url":"https:\/\/droix.eu\/wp-content\/uploads\/2024\/06\/droix-v2-light-logo.png","@id":"https:\/\/droix.eu\/lv\/product\/fx8s-usb-type-c-koncentrators\/#organizationLogo","width":380,"height":118},"image":{"@id":"https:\/\/droix.eu\/lv\/product\/fx8s-usb-type-c-koncentrators\/#organizationLogo"},"sameAs":["https:\/\/www.facebook.com\/DroiX.Store","https:\/\/twitter.com\/DroiX_Store","https:\/\/www.instagram.com\/droix.store\/","https:\/\/www.tiktok.com\/@droix.store","https:\/\/www.youtube.com\/c\/DroiX_Store","https:\/\/uk.linkedin.com\/company\/droix"]},{"@type":"Product","@id":"https:\/\/droix.eu\/lv\/product\/fx8s-usb-type-c-koncentrators\/#wooCommerceProduct","name":"FX8S USB Type-C koncentrators","description":"\u0100trdarb\u012bgs C tipa USB adapteris\n \t4K HDMI izeja\n \tRJ45 100M\/s Ethernet ports\n \tSD\/MicroSD kartes slots\n \tSader\u012bgs ar oper\u0113t\u0101jsist\u0113m\u0101m Windows,Mac un Android","url":"https:\/\/droix.eu\/lv\/product\/fx8s-usb-type-c-koncentrators\/","sku":"DX-FX8-S-USB-TYPE-C-ADAPTER","image":{"@type":"ImageObject","url":"https:\/\/droix.eu\/wp-content\/uploads\/2021\/12\/1-2.png","@id":"https:\/\/droix.eu\/lv\/product\/fx8s-usb-type-c-koncentrators\/#productImage","width":670,"height":840,"caption":"DroiX FX8s - 2 C tipa USB porti, 1 HDMI, 2 A tipa USB, 1 SD kartes un 1 MicroSD ports"},"offers":{"@type":"Offer","url":"https:\/\/droix.eu\/lv\/product\/fx8s-usb-type-c-koncentrators\/#wooCommerceOffer","price":33.2,"priceCurrency":"EUR","category":"Aksesu\u0101ri","priceValidUntil":"2024-05-26","availability":"https:\/\/schema.org\/OutOfStock","priceSpecification":{"@type":"PriceSpecification","price":33.2,"priceCurrency":"EUR","valueAddedTaxIncluded":"true"},"seller":{"@type":"Organization","@id":"https:\/\/droix.eu\/lv\/#organization"}}},{"@type":"WebPage","@id":"https:\/\/droix.eu\/lv\/product\/fx8s-usb-type-c-koncentrators\/#webpage","url":"https:\/\/droix.eu\/lv\/product\/fx8s-usb-type-c-koncentrators\/","name":"FX8S USB Type-C koncentrators - DROIX EU","description":"\u0100trdarb\u012bgs C tipa USB adapteris 4K HDMI izeja RJ45 100M\/s Ethernet ports SD\/MicroSD kartes slots Sader\u012bgs ar oper\u0113t\u0101jsist\u0113m\u0101m Windows,Mac un Android Package Includes 1x FX8S USB C tipa ligzda","inLanguage":"lv-LV","isPartOf":{"@id":"https:\/\/droix.eu\/lv\/#website"},"breadcrumb":{"@id":"https:\/\/droix.eu\/lv\/product\/fx8s-usb-type-c-koncentrators\/#breadcrumblist"},"image":{"@type":"ImageObject","url":"https:\/\/droix.eu\/wp-content\/uploads\/2021\/12\/1-2.png","@id":"https:\/\/droix.eu\/lv\/product\/fx8s-usb-type-c-koncentrators\/#mainImage","width":670,"height":840,"caption":"DroiX FX8s - 2 C tipa USB porti, 1 HDMI, 2 A tipa USB, 1 SD kartes un 1 MicroSD ports"},"primaryImageOfPage":{"@id":"https:\/\/droix.eu\/lv\/product\/fx8s-usb-type-c-koncentrators\/#mainImage"},"datePublished":"2020-11-20T10:02:39+00:00","dateModified":"2025-09-05T15:33:13+01:00"},{"@type":"WebSite","@id":"https:\/\/droix.eu\/lv\/#website","url":"https:\/\/droix.eu\/lv\/","name":"DROIX EU","description":"Get the latest Mini PCs, Ultrabook, PC Gaming Handhelds and more!","inLanguage":"lv-LV","publisher":{"@id":"https:\/\/droix.eu\/lv\/#organization"}}]},"og:locale":"lv_LV","og:site_name":"DROIX EU - Get the latest Mini PCs, Ultrabook, PC Gaming Handhelds and more!","og:type":"article","og:title":"FX8S USB Type-C koncentrators - DROIX EU","og:description":"\u0100trdarb\u012bgs C tipa USB adapteris 4K HDMI izeja RJ45 100M\/s Ethernet ports SD\/MicroSD kartes slots Sader\u012bgs ar oper\u0113t\u0101jsist\u0113m\u0101m Windows,Mac un Android Package Includes 1x FX8S USB C tipa ligzda","og:url":"https:\/\/droix.eu\/lv\/product\/fx8s-usb-type-c-koncentrators\/","og:image":"https:\/\/droix.eu\/wp-content\/uploads\/2024\/06\/droix-v2-light-logo.png","og:image:secure_url":"https:\/\/droix.eu\/wp-content\/uploads\/2024\/06\/droix-v2-light-logo.png","og:image:width":380,"og:image:height":118,"article:published_time":"2020-11-20T10:02:39+00:00","article:modified_time":"2025-09-05T14:33:13+00:00","article:publisher":"https:\/\/www.facebook.com\/DroiX.Store","twitter:card":"summary_large_image","twitter:site":"@DroiX_Store","twitter:title":"FX8S USB Type-C koncentrators - DROIX EU","twitter:description":"\u0100trdarb\u012bgs C tipa USB adapteris 4K HDMI izeja RJ45 100M\/s Ethernet ports SD\/MicroSD kartes slots Sader\u012bgs ar oper\u0113t\u0101jsist\u0113m\u0101m Windows,Mac un Android Package Includes 1x FX8S USB C tipa ligzda","twitter:image":"https:\/\/droix.eu\/wp-content\/uploads\/2024\/06\/droix-v2-light-logo.png"},"aioseo_meta_data":{"post_id":"564980","title":null,"description":null,"keywords":null,"keyphrases":null,"primary_term":null,"canonical_url":null,"og_title":null,"og_description":null,"og_object_type":"default","og_image_type":"default","og_image_url":null,"og_image_width":null,"og_image_height":null,"og_image_custom_url":null,"og_image_custom_fields":null,"og_video":null,"og_custom_url":null,"og_article_section":null,"og_article_tags":null,"twitter_use_og":true,"twitter_card":"default","twitter_image_type":"default","twitter_image_url":null,"twitter_image_custom_url":null,"twitter_image_custom_fields":null,"twitter_title":null,"twitter_description":null,"schema":{"blockGraphs":[],"customGraphs":[],"default":{"data":{"Article":[],"Course":[],"Dataset":[],"FAQPage":[],"Movie":[],"Person":[],"Product":[],"ProductReview":[],"Car":[],"Recipe":[],"Service":[],"SoftwareApplication":[],"WebPage":[]},"graphName":"","isEnabled":true},"graphs":[]},"schema_type":"default","schema_type_options":null,"pillar_content":false,"robots_default":true,"robots_noindex":false,"robots_noarchive":false,"robots_nosnippet":false,"robots_nofollow":false,"robots_noimageindex":false,"robots_noodp":false,"robots_notranslate":false,"robots_max_snippet":null,"robots_max_videopreview":null,"robots_max_imagepreview":"large","priority":null,"frequency":null,"local_seo":null,"seo_analyzer_scan_date":"2025-10-24 08:03:33","breadcrumb_settings":null,"limit_modified_date":false,"reviewed_by":null,"open_ai":null,"ai":null,"created":"2025-10-09 03:30:41","updated":"2025-11-27 01:41:45"},"aioseo_breadcrumb":"<div class=\"aioseo-breadcrumbs\"><span class=\"aioseo-breadcrumb\">\n\t<a href=\"https:\/\/droix.eu\/lv\/\" title=\"Home\">Home<\/a>\n<\/span><span class=\"aioseo-breadcrumb-separator\">&raquo;<\/span><span class=\"aioseo-breadcrumb\">\n\t<a href=\"https:\/\/droix.eu\/lv\/product-category\/aksesuari\/\" title=\"Aksesu\u0101ri\">Aksesu\u0101ri<\/a>\n<\/span><span class=\"aioseo-breadcrumb-separator\">&raquo;<\/span><span class=\"aioseo-breadcrumb\">\n\t<a href=\"https:\/\/droix.eu\/lv\/product-category\/aksesuari\/portativo-datoru-piederumi\/\" title=\"Portat\u012bvo datoru piederumi\">Portat\u012bvo datoru piederumi<\/a>\n<\/span><span class=\"aioseo-breadcrumb-separator\">&raquo;<\/span><span class=\"aioseo-breadcrumb\">\n\tFX8S USB Type-C koncentrators\n<\/span><\/div>","aioseo_breadcrumb_json":[{"label":"Home","link":"https:\/\/droix.eu\/lv\/"},{"label":"Aksesu\u0101ri","link":"https:\/\/droix.eu\/lv\/product-category\/aksesuari\/"},{"label":"Portat\u012bvo datoru piederumi","link":"https:\/\/droix.eu\/lv\/product-category\/aksesuari\/portativo-datoru-piederumi\/"},{"label":"FX8S USB Type-C koncentrators","link":"https:\/\/droix.eu\/lv\/product\/fx8s-usb-type-c-koncentrators\/"}],"_links":{"self":[{"href":"https:\/\/droix.eu\/lv\/wp-json\/wp\/v2\/product\/564980","targetHints":{"allow":["GET"]}}],"collection":[{"href":"https:\/\/droix.eu\/lv\/wp-json\/wp\/v2\/product"}],"about":[{"href":"https:\/\/droix.eu\/lv\/wp-json\/wp\/v2\/types\/product"}],"version-history":[{"count":0,"href":"https:\/\/droix.eu\/lv\/wp-json\/wp\/v2\/product\/564980\/revisions"}],"wp:featuredmedia":[{"embeddable":true,"href":"https:\/\/droix.eu\/lv\/wp-json\/wp\/v2\/media\/221128"}],"wp:attachment":[{"href":"https:\/\/droix.eu\/lv\/wp-json\/wp\/v2\/media?parent=564980"}],"wp:term":[{"taxonomy":"product_brand","embeddable":true,"href":"https:\/\/droix.eu\/lv\/wp-json\/wp\/v2\/product_brand?post=564980"},{"taxonomy":"product_cat","embeddable":true,"href":"https:\/\/droix.eu\/lv\/wp-json\/wp\/v2\/product_cat?post=564980"},{"taxonomy":"product_tag","embeddable":true,"href":"https:\/\/droix.eu\/lv\/wp-json\/wp\/v2\/product_tag?post=564980"},{"taxonomy":"woo-feed-brand","embeddable":true,"href":"https:\/\/droix.eu\/lv\/wp-json\/wp\/v2\/woo-feed-brand?post=564980"},{"taxonomy":"key-features","embeddable":true,"href":"https:\/\/droix.eu\/lv\/wp-json\/wp\/v2\/key-features?post=564980"}],"curies":[{"name":"wp","href":"https:\/\/api.w.org\/{rel}","templated":true}]}}