{"id":564940,"date":"2018-02-21T13:07:06","date_gmt":"2018-02-21T13:07:06","guid":{"rendered":"https:\/\/droix.eu\/product\/gpd-austinas\/"},"modified":"2025-08-18T14:17:27","modified_gmt":"2025-08-18T13:17:27","slug":"gpd-austinas","status":"publish","type":"product","link":"https:\/\/droix.eu\/lv\/product\/gpd-austinas\/","title":{"rendered":"GPD austi\u0146as"},"content":{"rendered":"<p>Ofici\u0101l\u0101s GPD austi\u0146as, kas \u012bpa\u0161i izstr\u0101d\u0101tas j\u016bsu GPD rokas ier\u012bcei.<\/p>\n<p>Ar dzi\u013cu pamatni un augstas kvalit\u0101tes ska\u0146u \u0161\u012bs austi\u0146as ir ide\u0101li piem\u0113rotas, lai t\u0101s var\u0113tu \u0146emt visur l\u012bdzi.<\/p>\n","protected":false},"excerpt":{"rendered":"<p>Ofici\u0101l\u0101s GPD austi\u0146as, kas \u012bpa\u0161i izstr\u0101d\u0101tas j\u016bsu GPD rokas ier\u012bcei.<br \/>\nAr dzi\u013cu pamatni un augstas kvalit\u0101tes ska\u0146u \u0161\u012bs austi\u0146as ir ide\u0101li piem\u0113rotas, lai t\u0101s var\u0113tu \u0146emt visur l\u012bdzi.<\/p>\n[droix_global_accordions]\n[cg_accordion title=\"Komplekt\u0101 ietilpst\"]<\/p>\n<ul>\n<li>1x GPD austi\u0146as<\/li>\n<\/ul>\n<p>[\/cg_accordion]\n","protected":false},"featured_media":208884,"template":"","meta":{"_acf_changed":false},"product_brand":[],"product_cat":[10083,12777,10084,10596],"product_tag":[],"woo-feed-brand":[2198],"key-features":[],"class_list":{"0":"post-564940","1":"product","2":"type-product","3":"status-publish","4":"has-post-thumbnail","6":"product_cat-aksesuari","7":"product_cat-datoru-piederumi","8":"product_cat-portativo-datoru-piederumi","9":"product_cat-spelu-aksesuari","10":"product_shipping_class-low-end","11":"pa_brands-gpd-lv","12":"woo-feed-brand-gpd","14":"first","15":"instock","16":"sale","17":"taxable","18":"shipping-taxable","19":"purchasable","20":"product-type-simple"},"acf":[],"aioseo_notices":[],"aioseo_head":"\n\t\t<!-- All in One SEO Pro 4.9.6.2 - aioseo.com -->\n\t<meta name=\"description\" content=\"Ofici\u0101l\u0101s GPD austi\u0146as, kas \u012bpa\u0161i izstr\u0101d\u0101tas j\u016bsu GPD rokas ier\u012bcei. Ar dzi\u013cu pamatni un augstas kvalit\u0101tes ska\u0146u \u0161\u012bs austi\u0146as ir ide\u0101li piem\u0113rotas, lai t\u0101s var\u0113tu \u0146emt visur l\u012bdzi. Komplekt\u0101 ietilpst 1x GPD austi\u0146as\" \/>\n\t<meta name=\"robots\" content=\"max-image-preview:large\" \/>\n\t<link rel=\"canonical\" href=\"https:\/\/droix.eu\/lv\/product\/gpd-austinas\/\" \/>\n\t<meta name=\"generator\" content=\"All in One SEO Pro (AIOSEO) 4.9.6.2\" \/>\n\t\t<meta property=\"og:locale\" content=\"lv_LV\" \/>\n\t\t<meta property=\"og:site_name\" content=\"DROIX EU - Get the latest Mini PCs, Ultrabook, PC Gaming Handhelds and more!\" \/>\n\t\t<meta property=\"og:type\" content=\"article\" \/>\n\t\t<meta property=\"og:title\" content=\"GPD austi\u0146as - DROIX EU\" \/>\n\t\t<meta property=\"og:description\" content=\"Ofici\u0101l\u0101s GPD austi\u0146as, kas \u012bpa\u0161i izstr\u0101d\u0101tas j\u016bsu GPD rokas ier\u012bcei. Ar dzi\u013cu pamatni un augstas kvalit\u0101tes ska\u0146u \u0161\u012bs austi\u0146as ir ide\u0101li piem\u0113rotas, lai t\u0101s var\u0113tu \u0146emt visur l\u012bdzi. Komplekt\u0101 ietilpst 1x GPD austi\u0146as\" \/>\n\t\t<meta property=\"og:url\" content=\"https:\/\/droix.eu\/lv\/product\/gpd-austinas\/\" \/>\n\t\t<meta property=\"og:image\" content=\"https:\/\/droix.eu\/wp-content\/uploads\/2024\/06\/droix-v2-light-logo.png\" \/>\n\t\t<meta property=\"og:image:secure_url\" content=\"https:\/\/droix.eu\/wp-content\/uploads\/2024\/06\/droix-v2-light-logo.png\" \/>\n\t\t<meta property=\"og:image:width\" content=\"380\" \/>\n\t\t<meta property=\"og:image:height\" content=\"118\" \/>\n\t\t<meta property=\"article:published_time\" content=\"2018-02-21T13:07:06+00:00\" \/>\n\t\t<meta property=\"article:modified_time\" content=\"2025-08-18T13:17:27+00:00\" \/>\n\t\t<meta property=\"article:publisher\" content=\"https:\/\/www.facebook.com\/DroiX.Store\" \/>\n\t\t<meta name=\"twitter:card\" content=\"summary_large_image\" \/>\n\t\t<meta name=\"twitter:site\" content=\"@DroiX_Store\" \/>\n\t\t<meta name=\"twitter:title\" content=\"GPD austi\u0146as - DROIX EU\" \/>\n\t\t<meta name=\"twitter:description\" content=\"Ofici\u0101l\u0101s GPD austi\u0146as, kas \u012bpa\u0161i izstr\u0101d\u0101tas j\u016bsu GPD rokas ier\u012bcei. Ar dzi\u013cu pamatni un augstas kvalit\u0101tes ska\u0146u \u0161\u012bs austi\u0146as ir ide\u0101li piem\u0113rotas, lai t\u0101s var\u0113tu \u0146emt visur l\u012bdzi. Komplekt\u0101 ietilpst 1x GPD austi\u0146as\" \/>\n\t\t<meta name=\"twitter:image\" content=\"https:\/\/droix.eu\/wp-content\/uploads\/2024\/06\/droix-v2-light-logo.png\" \/>\n\t\t<script type=\"application\/ld+json\" class=\"aioseo-schema\">\n\t\t\t{\"@context\":\"https:\\\/\\\/schema.org\",\"@graph\":[{\"@type\":\"BreadcrumbList\",\"@id\":\"https:\\\/\\\/droix.eu\\\/lv\\\/product\\\/gpd-austinas\\\/#breadcrumblist\",\"itemListElement\":[{\"@type\":\"ListItem\",\"@id\":\"https:\\\/\\\/droix.eu\\\/lv\\\/#listItem\",\"position\":1,\"name\":\"Home\",\"item\":\"https:\\\/\\\/droix.eu\\\/lv\\\/\",\"nextItem\":{\"@type\":\"ListItem\",\"@id\":\"https:\\\/\\\/droix.eu\\\/lv\\\/product-category\\\/aksesuari\\\/#listItem\",\"name\":\"Aksesu\\u0101ri\"}},{\"@type\":\"ListItem\",\"@id\":\"https:\\\/\\\/droix.eu\\\/lv\\\/product-category\\\/aksesuari\\\/#listItem\",\"position\":2,\"name\":\"Aksesu\\u0101ri\",\"item\":\"https:\\\/\\\/droix.eu\\\/lv\\\/product-category\\\/aksesuari\\\/\",\"nextItem\":{\"@type\":\"ListItem\",\"@id\":\"https:\\\/\\\/droix.eu\\\/lv\\\/product-category\\\/aksesuari\\\/portativo-datoru-piederumi\\\/#listItem\",\"name\":\"Portat\\u012bvo datoru piederumi\"},\"previousItem\":{\"@type\":\"ListItem\",\"@id\":\"https:\\\/\\\/droix.eu\\\/lv\\\/#listItem\",\"name\":\"Home\"}},{\"@type\":\"ListItem\",\"@id\":\"https:\\\/\\\/droix.eu\\\/lv\\\/product-category\\\/aksesuari\\\/portativo-datoru-piederumi\\\/#listItem\",\"position\":3,\"name\":\"Portat\\u012bvo datoru piederumi\",\"item\":\"https:\\\/\\\/droix.eu\\\/lv\\\/product-category\\\/aksesuari\\\/portativo-datoru-piederumi\\\/\",\"nextItem\":{\"@type\":\"ListItem\",\"@id\":\"https:\\\/\\\/droix.eu\\\/lv\\\/product\\\/gpd-austinas\\\/#listItem\",\"name\":\"GPD austi\\u0146as\"},\"previousItem\":{\"@type\":\"ListItem\",\"@id\":\"https:\\\/\\\/droix.eu\\\/lv\\\/product-category\\\/aksesuari\\\/#listItem\",\"name\":\"Aksesu\\u0101ri\"}},{\"@type\":\"ListItem\",\"@id\":\"https:\\\/\\\/droix.eu\\\/lv\\\/product\\\/gpd-austinas\\\/#listItem\",\"position\":4,\"name\":\"GPD austi\\u0146as\",\"previousItem\":{\"@type\":\"ListItem\",\"@id\":\"https:\\\/\\\/droix.eu\\\/lv\\\/product-category\\\/aksesuari\\\/portativo-datoru-piederumi\\\/#listItem\",\"name\":\"Portat\\u012bvo datoru piederumi\"}}]},{\"@type\":\"Organization\",\"@id\":\"https:\\\/\\\/droix.eu\\\/lv\\\/#organization\",\"name\":\"DroiX \\u2013 Trusted EU Tech Retailer with 12+ Years Experience\",\"description\":\"DroiX is a leading European technology retailer with over 12 years of experience, offering quality mini PCs, handheld gaming consoles, and tech accessories. We provide hassle-free EU delivery with all taxes included, ensuring a smooth and reliable shopping experience for our customers across Europe.\",\"url\":\"https:\\\/\\\/droix.eu\\\/lv\\\/\",\"logo\":{\"@type\":\"ImageObject\",\"url\":\"https:\\\/\\\/droix.eu\\\/wp-content\\\/uploads\\\/2024\\\/06\\\/droix-v2-light-logo.png\",\"@id\":\"https:\\\/\\\/droix.eu\\\/lv\\\/product\\\/gpd-austinas\\\/#organizationLogo\",\"width\":380,\"height\":118},\"image\":{\"@id\":\"https:\\\/\\\/droix.eu\\\/lv\\\/product\\\/gpd-austinas\\\/#organizationLogo\"},\"sameAs\":[\"https:\\\/\\\/www.facebook.com\\\/DroiX.Store\",\"https:\\\/\\\/twitter.com\\\/DroiX_Store\",\"https:\\\/\\\/www.instagram.com\\\/droix.store\\\/\",\"https:\\\/\\\/www.tiktok.com\\\/@droix.store\",\"https:\\\/\\\/www.youtube.com\\\/c\\\/DroiX_Store\",\"https:\\\/\\\/uk.linkedin.com\\\/company\\\/droix\"]},{\"@type\":\"Product\",\"@id\":\"https:\\\/\\\/droix.eu\\\/lv\\\/product\\\/gpd-austinas\\\/#wooCommerceProduct\",\"name\":\"GPD austi\\u0146as\",\"description\":\"Ofici\\u0101l\\u0101s GPD austi\\u0146as, kas \\u012bpa\\u0161i izstr\\u0101d\\u0101tas j\\u016bsu GPD rokas ier\\u012bcei.\\nAr dzi\\u013cu pamatni un augstas kvalit\\u0101tes ska\\u0146u \\u0161\\u012bs austi\\u0146as ir ide\\u0101li piem\\u0113rotas, lai t\\u0101s var\\u0113tu \\u0146emt visur l\\u012bdzi.\",\"url\":\"https:\\\/\\\/droix.eu\\\/lv\\\/product\\\/gpd-austinas\\\/\",\"sku\":\"GPD-HEADPHONES\",\"image\":{\"@type\":\"ImageObject\",\"url\":\"https:\\\/\\\/droix.eu\\\/wp-content\\\/uploads\\\/2021\\\/12\\\/1_6_5.jpg\",\"@id\":\"https:\\\/\\\/droix.eu\\\/lv\\\/product\\\/gpd-austinas\\\/#productImage\",\"width\":800,\"height\":800},\"offers\":{\"@type\":\"Offer\",\"url\":\"https:\\\/\\\/droix.eu\\\/lv\\\/product\\\/gpd-austinas\\\/#wooCommerceOffer\",\"price\":7.32,\"priceCurrency\":\"EUR\",\"category\":\"Aksesu\\u0101ri\",\"availability\":\"https:\\\/\\\/schema.org\\\/InStock\",\"priceSpecification\":{\"@type\":\"PriceSpecification\",\"price\":7.32,\"priceCurrency\":\"EUR\",\"valueAddedTaxIncluded\":\"true\"},\"seller\":{\"@type\":\"Organization\",\"@id\":\"https:\\\/\\\/droix.eu\\\/lv\\\/#organization\"}}},{\"@type\":\"WebPage\",\"@id\":\"https:\\\/\\\/droix.eu\\\/lv\\\/product\\\/gpd-austinas\\\/#webpage\",\"url\":\"https:\\\/\\\/droix.eu\\\/lv\\\/product\\\/gpd-austinas\\\/\",\"name\":\"GPD austi\\u0146as - DROIX EU\",\"description\":\"Ofici\\u0101l\\u0101s GPD austi\\u0146as, kas \\u012bpa\\u0161i izstr\\u0101d\\u0101tas j\\u016bsu GPD rokas ier\\u012bcei. Ar dzi\\u013cu pamatni un augstas kvalit\\u0101tes ska\\u0146u \\u0161\\u012bs austi\\u0146as ir ide\\u0101li piem\\u0113rotas, lai t\\u0101s var\\u0113tu \\u0146emt visur l\\u012bdzi. Komplekt\\u0101 ietilpst 1x GPD austi\\u0146as\",\"inLanguage\":\"lv-LV\",\"isPartOf\":{\"@id\":\"https:\\\/\\\/droix.eu\\\/lv\\\/#website\"},\"breadcrumb\":{\"@id\":\"https:\\\/\\\/droix.eu\\\/lv\\\/product\\\/gpd-austinas\\\/#breadcrumblist\"},\"image\":{\"@type\":\"ImageObject\",\"url\":\"https:\\\/\\\/droix.eu\\\/wp-content\\\/uploads\\\/2021\\\/12\\\/1_6_5.jpg\",\"@id\":\"https:\\\/\\\/droix.eu\\\/lv\\\/product\\\/gpd-austinas\\\/#mainImage\",\"width\":800,\"height\":800},\"primaryImageOfPage\":{\"@id\":\"https:\\\/\\\/droix.eu\\\/lv\\\/product\\\/gpd-austinas\\\/#mainImage\"},\"datePublished\":\"2018-02-21T13:07:06+00:00\",\"dateModified\":\"2025-08-18T14:17:27+01:00\"},{\"@type\":\"WebSite\",\"@id\":\"https:\\\/\\\/droix.eu\\\/lv\\\/#website\",\"url\":\"https:\\\/\\\/droix.eu\\\/lv\\\/\",\"name\":\"DROIX EU\",\"description\":\"Get the latest Mini PCs, Ultrabook, PC Gaming Handhelds and more!\",\"inLanguage\":\"lv-LV\",\"publisher\":{\"@id\":\"https:\\\/\\\/droix.eu\\\/lv\\\/#organization\"}}]}\n\t\t<\/script>\n\t\t<!-- All in One SEO Pro -->\r\n\t\t<title>GPD austi\u0146as - DROIX EU<\/title>\n\n","aioseo_head_json":{"title":"GPD austi\u0146as - DROIX EU","description":"Ofici\u0101l\u0101s GPD austi\u0146as, kas \u012bpa\u0161i izstr\u0101d\u0101tas j\u016bsu GPD rokas ier\u012bcei. Ar dzi\u013cu pamatni un augstas kvalit\u0101tes ska\u0146u \u0161\u012bs austi\u0146as ir ide\u0101li piem\u0113rotas, lai t\u0101s var\u0113tu \u0146emt visur l\u012bdzi. Komplekt\u0101 ietilpst 1x GPD austi\u0146as","canonical_url":"https:\/\/droix.eu\/lv\/product\/gpd-austinas\/","robots":"max-image-preview:large","keywords":"","webmasterTools":{"miscellaneous":""},"schema":{"@context":"https:\/\/schema.org","@graph":[{"@type":"BreadcrumbList","@id":"https:\/\/droix.eu\/lv\/product\/gpd-austinas\/#breadcrumblist","itemListElement":[{"@type":"ListItem","@id":"https:\/\/droix.eu\/lv\/#listItem","position":1,"name":"Home","item":"https:\/\/droix.eu\/lv\/","nextItem":{"@type":"ListItem","@id":"https:\/\/droix.eu\/lv\/product-category\/aksesuari\/#listItem","name":"Aksesu\u0101ri"}},{"@type":"ListItem","@id":"https:\/\/droix.eu\/lv\/product-category\/aksesuari\/#listItem","position":2,"name":"Aksesu\u0101ri","item":"https:\/\/droix.eu\/lv\/product-category\/aksesuari\/","nextItem":{"@type":"ListItem","@id":"https:\/\/droix.eu\/lv\/product-category\/aksesuari\/portativo-datoru-piederumi\/#listItem","name":"Portat\u012bvo datoru piederumi"},"previousItem":{"@type":"ListItem","@id":"https:\/\/droix.eu\/lv\/#listItem","name":"Home"}},{"@type":"ListItem","@id":"https:\/\/droix.eu\/lv\/product-category\/aksesuari\/portativo-datoru-piederumi\/#listItem","position":3,"name":"Portat\u012bvo datoru piederumi","item":"https:\/\/droix.eu\/lv\/product-category\/aksesuari\/portativo-datoru-piederumi\/","nextItem":{"@type":"ListItem","@id":"https:\/\/droix.eu\/lv\/product\/gpd-austinas\/#listItem","name":"GPD austi\u0146as"},"previousItem":{"@type":"ListItem","@id":"https:\/\/droix.eu\/lv\/product-category\/aksesuari\/#listItem","name":"Aksesu\u0101ri"}},{"@type":"ListItem","@id":"https:\/\/droix.eu\/lv\/product\/gpd-austinas\/#listItem","position":4,"name":"GPD austi\u0146as","previousItem":{"@type":"ListItem","@id":"https:\/\/droix.eu\/lv\/product-category\/aksesuari\/portativo-datoru-piederumi\/#listItem","name":"Portat\u012bvo datoru piederumi"}}]},{"@type":"Organization","@id":"https:\/\/droix.eu\/lv\/#organization","name":"DroiX \u2013 Trusted EU Tech Retailer with 12+ Years Experience","description":"DroiX is a leading European technology retailer with over 12 years of experience, offering quality mini PCs, handheld gaming consoles, and tech accessories. We provide hassle-free EU delivery with all taxes included, ensuring a smooth and reliable shopping experience for our customers across Europe.","url":"https:\/\/droix.eu\/lv\/","logo":{"@type":"ImageObject","url":"https:\/\/droix.eu\/wp-content\/uploads\/2024\/06\/droix-v2-light-logo.png","@id":"https:\/\/droix.eu\/lv\/product\/gpd-austinas\/#organizationLogo","width":380,"height":118},"image":{"@id":"https:\/\/droix.eu\/lv\/product\/gpd-austinas\/#organizationLogo"},"sameAs":["https:\/\/www.facebook.com\/DroiX.Store","https:\/\/twitter.com\/DroiX_Store","https:\/\/www.instagram.com\/droix.store\/","https:\/\/www.tiktok.com\/@droix.store","https:\/\/www.youtube.com\/c\/DroiX_Store","https:\/\/uk.linkedin.com\/company\/droix"]},{"@type":"Product","@id":"https:\/\/droix.eu\/lv\/product\/gpd-austinas\/#wooCommerceProduct","name":"GPD austi\u0146as","description":"Ofici\u0101l\u0101s GPD austi\u0146as, kas \u012bpa\u0161i izstr\u0101d\u0101tas j\u016bsu GPD rokas ier\u012bcei.\nAr dzi\u013cu pamatni un augstas kvalit\u0101tes ska\u0146u \u0161\u012bs austi\u0146as ir ide\u0101li piem\u0113rotas, lai t\u0101s var\u0113tu \u0146emt visur l\u012bdzi.","url":"https:\/\/droix.eu\/lv\/product\/gpd-austinas\/","sku":"GPD-HEADPHONES","image":{"@type":"ImageObject","url":"https:\/\/droix.eu\/wp-content\/uploads\/2021\/12\/1_6_5.jpg","@id":"https:\/\/droix.eu\/lv\/product\/gpd-austinas\/#productImage","width":800,"height":800},"offers":{"@type":"Offer","url":"https:\/\/droix.eu\/lv\/product\/gpd-austinas\/#wooCommerceOffer","price":7.32,"priceCurrency":"EUR","category":"Aksesu\u0101ri","availability":"https:\/\/schema.org\/InStock","priceSpecification":{"@type":"PriceSpecification","price":7.32,"priceCurrency":"EUR","valueAddedTaxIncluded":"true"},"seller":{"@type":"Organization","@id":"https:\/\/droix.eu\/lv\/#organization"}}},{"@type":"WebPage","@id":"https:\/\/droix.eu\/lv\/product\/gpd-austinas\/#webpage","url":"https:\/\/droix.eu\/lv\/product\/gpd-austinas\/","name":"GPD austi\u0146as - DROIX EU","description":"Ofici\u0101l\u0101s GPD austi\u0146as, kas \u012bpa\u0161i izstr\u0101d\u0101tas j\u016bsu GPD rokas ier\u012bcei. Ar dzi\u013cu pamatni un augstas kvalit\u0101tes ska\u0146u \u0161\u012bs austi\u0146as ir ide\u0101li piem\u0113rotas, lai t\u0101s var\u0113tu \u0146emt visur l\u012bdzi. Komplekt\u0101 ietilpst 1x GPD austi\u0146as","inLanguage":"lv-LV","isPartOf":{"@id":"https:\/\/droix.eu\/lv\/#website"},"breadcrumb":{"@id":"https:\/\/droix.eu\/lv\/product\/gpd-austinas\/#breadcrumblist"},"image":{"@type":"ImageObject","url":"https:\/\/droix.eu\/wp-content\/uploads\/2021\/12\/1_6_5.jpg","@id":"https:\/\/droix.eu\/lv\/product\/gpd-austinas\/#mainImage","width":800,"height":800},"primaryImageOfPage":{"@id":"https:\/\/droix.eu\/lv\/product\/gpd-austinas\/#mainImage"},"datePublished":"2018-02-21T13:07:06+00:00","dateModified":"2025-08-18T14:17:27+01:00"},{"@type":"WebSite","@id":"https:\/\/droix.eu\/lv\/#website","url":"https:\/\/droix.eu\/lv\/","name":"DROIX EU","description":"Get the latest Mini PCs, Ultrabook, PC Gaming Handhelds and more!","inLanguage":"lv-LV","publisher":{"@id":"https:\/\/droix.eu\/lv\/#organization"}}]},"og:locale":"lv_LV","og:site_name":"DROIX EU - Get the latest Mini PCs, Ultrabook, PC Gaming Handhelds and more!","og:type":"article","og:title":"GPD austi\u0146as - DROIX EU","og:description":"Ofici\u0101l\u0101s GPD austi\u0146as, kas \u012bpa\u0161i izstr\u0101d\u0101tas j\u016bsu GPD rokas ier\u012bcei. Ar dzi\u013cu pamatni un augstas kvalit\u0101tes ska\u0146u \u0161\u012bs austi\u0146as ir ide\u0101li piem\u0113rotas, lai t\u0101s var\u0113tu \u0146emt visur l\u012bdzi. Komplekt\u0101 ietilpst 1x GPD austi\u0146as","og:url":"https:\/\/droix.eu\/lv\/product\/gpd-austinas\/","og:image":"https:\/\/droix.eu\/wp-content\/uploads\/2024\/06\/droix-v2-light-logo.png","og:image:secure_url":"https:\/\/droix.eu\/wp-content\/uploads\/2024\/06\/droix-v2-light-logo.png","og:image:width":380,"og:image:height":118,"article:published_time":"2018-02-21T13:07:06+00:00","article:modified_time":"2025-08-18T13:17:27+00:00","article:publisher":"https:\/\/www.facebook.com\/DroiX.Store","twitter:card":"summary_large_image","twitter:site":"@DroiX_Store","twitter:title":"GPD austi\u0146as - DROIX EU","twitter:description":"Ofici\u0101l\u0101s GPD austi\u0146as, kas \u012bpa\u0161i izstr\u0101d\u0101tas j\u016bsu GPD rokas ier\u012bcei. Ar dzi\u013cu pamatni un augstas kvalit\u0101tes ska\u0146u \u0161\u012bs austi\u0146as ir ide\u0101li piem\u0113rotas, lai t\u0101s var\u0113tu \u0146emt visur l\u012bdzi. Komplekt\u0101 ietilpst 1x GPD austi\u0146as","twitter:image":"https:\/\/droix.eu\/wp-content\/uploads\/2024\/06\/droix-v2-light-logo.png"},"aioseo_meta_data":{"post_id":"564940","title":null,"description":null,"keywords":null,"keyphrases":null,"primary_term":null,"canonical_url":null,"og_title":null,"og_description":null,"og_object_type":"default","og_image_type":"default","og_image_url":null,"og_image_width":null,"og_image_height":null,"og_image_custom_url":null,"og_image_custom_fields":null,"og_video":null,"og_custom_url":null,"og_article_section":null,"og_article_tags":null,"twitter_use_og":true,"twitter_card":"default","twitter_image_type":"default","twitter_image_url":null,"twitter_image_custom_url":null,"twitter_image_custom_fields":null,"twitter_title":null,"twitter_description":null,"schema":{"blockGraphs":[],"customGraphs":[],"default":{"data":{"Article":[],"Course":[],"Dataset":[],"FAQPage":[],"Movie":[],"Person":[],"Product":[],"ProductReview":[],"Car":[],"Recipe":[],"Service":[],"SoftwareApplication":[],"WebPage":[]},"graphName":"","isEnabled":true},"graphs":[]},"schema_type":"default","schema_type_options":null,"pillar_content":false,"robots_default":true,"robots_noindex":false,"robots_noarchive":false,"robots_nosnippet":false,"robots_nofollow":false,"robots_noimageindex":false,"robots_noodp":false,"robots_notranslate":false,"robots_max_snippet":null,"robots_max_videopreview":null,"robots_max_imagepreview":"large","priority":null,"frequency":null,"local_seo":null,"seo_analyzer_scan_date":"2025-10-24 07:37:19","breadcrumb_settings":null,"limit_modified_date":false,"reviewed_by":null,"open_ai":null,"ai":null,"created":"2025-10-09 03:22:35","updated":"2025-11-27 01:39:20"},"aioseo_breadcrumb":"<div class=\"aioseo-breadcrumbs\"><span class=\"aioseo-breadcrumb\">\n\t<a href=\"https:\/\/droix.eu\/lv\/\" title=\"Home\">Home<\/a>\n<\/span><span class=\"aioseo-breadcrumb-separator\">&raquo;<\/span><span class=\"aioseo-breadcrumb\">\n\t<a href=\"https:\/\/droix.eu\/lv\/product-category\/aksesuari\/\" title=\"Aksesu\u0101ri\">Aksesu\u0101ri<\/a>\n<\/span><span class=\"aioseo-breadcrumb-separator\">&raquo;<\/span><span class=\"aioseo-breadcrumb\">\n\t<a href=\"https:\/\/droix.eu\/lv\/product-category\/aksesuari\/portativo-datoru-piederumi\/\" title=\"Portat\u012bvo datoru piederumi\">Portat\u012bvo datoru piederumi<\/a>\n<\/span><span class=\"aioseo-breadcrumb-separator\">&raquo;<\/span><span class=\"aioseo-breadcrumb\">\n\tGPD austi\u0146as\n<\/span><\/div>","aioseo_breadcrumb_json":[{"label":"Home","link":"https:\/\/droix.eu\/lv\/"},{"label":"Aksesu\u0101ri","link":"https:\/\/droix.eu\/lv\/product-category\/aksesuari\/"},{"label":"Portat\u012bvo datoru piederumi","link":"https:\/\/droix.eu\/lv\/product-category\/aksesuari\/portativo-datoru-piederumi\/"},{"label":"GPD austi\u0146as","link":"https:\/\/droix.eu\/lv\/product\/gpd-austinas\/"}],"_links":{"self":[{"href":"https:\/\/droix.eu\/lv\/wp-json\/wp\/v2\/product\/564940","targetHints":{"allow":["GET"]}}],"collection":[{"href":"https:\/\/droix.eu\/lv\/wp-json\/wp\/v2\/product"}],"about":[{"href":"https:\/\/droix.eu\/lv\/wp-json\/wp\/v2\/types\/product"}],"version-history":[{"count":0,"href":"https:\/\/droix.eu\/lv\/wp-json\/wp\/v2\/product\/564940\/revisions"}],"wp:featuredmedia":[{"embeddable":true,"href":"https:\/\/droix.eu\/lv\/wp-json\/wp\/v2\/media\/208884"}],"wp:attachment":[{"href":"https:\/\/droix.eu\/lv\/wp-json\/wp\/v2\/media?parent=564940"}],"wp:term":[{"taxonomy":"product_brand","embeddable":true,"href":"https:\/\/droix.eu\/lv\/wp-json\/wp\/v2\/product_brand?post=564940"},{"taxonomy":"product_cat","embeddable":true,"href":"https:\/\/droix.eu\/lv\/wp-json\/wp\/v2\/product_cat?post=564940"},{"taxonomy":"product_tag","embeddable":true,"href":"https:\/\/droix.eu\/lv\/wp-json\/wp\/v2\/product_tag?post=564940"},{"taxonomy":"woo-feed-brand","embeddable":true,"href":"https:\/\/droix.eu\/lv\/wp-json\/wp\/v2\/woo-feed-brand?post=564940"},{"taxonomy":"key-features","embeddable":true,"href":"https:\/\/droix.eu\/lv\/wp-json\/wp\/v2\/key-features?post=564940"}],"curies":[{"name":"wp","href":"https:\/\/api.w.org\/{rel}","templated":true}]}}