{"id":530157,"date":"2020-11-27T15:45:33","date_gmt":"2020-11-27T15:45:33","guid":{"rendered":"https:\/\/droix.eu\/product\/gpd-aizsargvacins-p2-max-pocket-3-un-win-max\/"},"modified":"2025-08-18T15:16:29","modified_gmt":"2025-08-18T14:16:29","slug":"gpd-aizsargvacins-p2-max-pocket-3-un-win-max","status":"publish","type":"product","link":"https:\/\/droix.eu\/lv\/product\/gpd-aizsargvacins-p2-max-pocket-3-un-win-max\/","title":{"rendered":"GPD P2 Max , Pocket 3 un Win Max"},"content":{"rendered":"<p>GPD izstr\u0101d\u0101ts GPD P2 Max , Pocket 3 un GPD WIN Max, \u0161is aizsargv\u0101ci\u0146\u0161 ir gl\u012bts un stil\u012bgs.<\/p>\n","protected":false},"excerpt":{"rendered":"<ul>\n<li>Ofici\u0101lais GPD produkts<\/li>\n<li>Paredz\u0113ts P2 Max , Pocket 3 un WIN Max ier\u012bc\u0113m<\/li>\n<li>Gluda tekst\u016bra<\/li>\n<\/ul>\n[cg_accordion title=\"2 gadu garantija visiem GPD produktiem\"]<\/p>\n<p>Visiem GPD produktiem ir 2 gadu garantija, un tiem ir vair\u0101k nek\u0101 13 gadu uzticama apkalpo\u0161ana. Pievienojieties m\u016bsu vair\u0101k nek\u0101 500 000 apmierin\u0101tu klientu kopienai un esiet dro\u0161i par savu pirkumu. [\/cg_accordion]\n[cg_accordion title=\"Elast\u012bgas un dro\u0161as maks\u0101jumu iesp\u0113jas\"]<\/p>\n<p>Ar m\u016bsu dro\u0161o izrakst\u012b\u0161an\u0101s sist\u0113mu varat b\u016bt mier\u012bgi. M\u0113s atbalst\u0101m visas galven\u0101s maks\u0101jumu metodes, tostarp debetkartes\/kred\u012btkartes, PayPal, Apple Pay, Google Pay, Klarna, Afterpay un Affirm, t\u0101d\u0113j\u0101di sniedzot jums iesp\u0113ju maks\u0101t p\u0113c saviem ieskatiem &#8211; gan avans\u0101, gan pa da\u013c\u0101m. [\/cg_accordion]\n[cg_accordion title=\"Nodok\u013ci\"]<\/p>\n<p>Cen\u0101s ir iek\u013cauts piem\u0113rojamais PVN, kas atkar\u012bb\u0101 no j\u016bsu valsts var b\u016bt l\u012bdz 25%. Lai nodro\u0161in\u0101tu piln\u012bgu p\u0101rredzam\u012bbu, prec\u012bza summa tiek nor\u0101d\u012bta izrakst\u012b\u0161an\u0101s laik\u0101. [\/cg_accordion]\n[cg_accordion title=\"Pieg\u0101de un atgrie\u0161ana\"]<\/p>\n<p>M\u0113s sadarbojamies ar vair\u0101k nek\u0101 10 uzticamiem pieg\u0101des partneriem, lai nodro\u0161in\u0101tu, ka j\u016bsu pas\u016bt\u012bjums tiek pieg\u0101d\u0101ts \u0101tri, dro\u0161i un uzticami.<\/p>\n<p>M\u0113s izmantojam Express DDP (Delivered Duty Paid) pieg\u0101di. Tas noz\u012bm\u0113: <\/p>\n<li>Visas muitas nodevas un nodok\u013ci jau ir iek\u013cauti nor\u0101d\u012btaj\u0101 produkta cen\u0101.<\/li>\n<li>Pieg\u0101des br\u012bd\u012b jums neb\u016bs j\u0101maks\u0101 nek\u0101di p\u0101rsteiguma maks\u0101jumi.<\/li>\n<li>Retos gad\u012bjumos, kad kav\u0113jas muitas formalit\u0101\u0161u k\u0101rto\u0161ana, m\u016bsu komanda par\u016bp\u0113sies par muito\u0161anas procesu, lai nodro\u0161in\u0101tu netrauc\u0113tu pieg\u0101di.<\/li>\n<p>Svar\u012bga inform\u0101cija par atgrie\u0161anu:<\/p>\n<li>Ja atgrie\u017eat pas\u016bt\u012bjumu vai piepras\u0101t atmaksu, \u0146emiet v\u0113r\u0101, ka nodok\u013ci un nodevas, kas samaks\u0101ti j\u016bsu v\u0101rd\u0101 saska\u0146\u0101 ar DDP noteikumiem, nav atmaks\u0101jami.<\/li>\n<p>S\u012bk\u0101ku inform\u0101ciju skatiet m\u016bsu <a href=\"https:\/\/droix.eu\/lv\/noteikumi-un-nosacijumi\/\" target=\"_blank\" rel=\"nofollow noopener\">Noteikumos un nosac\u012bjumos<\/a>.\n<\/ul>\n<p>[\/cg_accordion]\n[cg_accordion title=\"Klientu atbalsts\"]<\/p>\n<p>Jums ir jaut\u0101jums? M\u0113s esam \u012bs\u0101 teksta att\u0101lum\u0101 no j\u016bsu probl\u0113mas atrisin\u0101\u0161anas![\/cg_accordion]\n[cg_accordion title=\"Komplekt\u0101 ietilpst\"]<\/p>\n<ul>\n<li>1x GPD korpuss<\/li>\n<\/ul>\n<p>[\/cg_accordion]\n","protected":false},"featured_media":222743,"template":"","meta":{"_acf_changed":false},"product_brand":[],"product_cat":[10083,10084,10596],"product_tag":[],"woo-feed-brand":[2198],"key-features":[],"class_list":{"0":"post-530157","1":"product","2":"type-product","3":"status-publish","4":"has-post-thumbnail","6":"product_cat-aksesuari","7":"product_cat-portativo-datoru-piederumi","8":"product_cat-spelu-aksesuari","9":"product_shipping_class-low-end","10":"pa_accessory-type-protective-case","11":"pa_brands-gpd-lv","12":"woo-feed-brand-gpd","14":"first","15":"outofstock","16":"taxable","17":"shipping-taxable","18":"purchasable","19":"product-type-simple"},"acf":[],"aioseo_notices":[],"aioseo_head":"\n\t\t<!-- All in One SEO Pro 4.9.6.2 - aioseo.com -->\n\t<meta name=\"description\" content=\"Ofici\u0101lais GPD produkts Paredz\u0113ts P2 Max , Pocket 3 un WIN Max ier\u012bc\u0113m Gluda tekst\u016bra\" \/>\n\t<meta name=\"robots\" content=\"max-image-preview:large\" \/>\n\t<link rel=\"canonical\" href=\"https:\/\/droix.eu\/lv\/product\/gpd-aizsargvacins-p2-max-pocket-3-un-win-max\/\" \/>\n\t<meta name=\"generator\" content=\"All in One SEO Pro (AIOSEO) 4.9.6.2\" \/>\n\t\t<meta property=\"og:locale\" content=\"lv_LV\" \/>\n\t\t<meta property=\"og:site_name\" content=\"DROIX EU - Get the latest Mini PCs, Ultrabook, PC Gaming Handhelds and more!\" \/>\n\t\t<meta property=\"og:type\" content=\"article\" \/>\n\t\t<meta property=\"og:title\" content=\"GPD P2 Max , Pocket 3 un Win Max - DROIX EU\" \/>\n\t\t<meta property=\"og:description\" content=\"Ofici\u0101lais GPD produkts Paredz\u0113ts P2 Max , Pocket 3 un WIN Max ier\u012bc\u0113m Gluda tekst\u016bra\" \/>\n\t\t<meta property=\"og:url\" content=\"https:\/\/droix.eu\/lv\/product\/gpd-aizsargvacins-p2-max-pocket-3-un-win-max\/\" \/>\n\t\t<meta property=\"og:image\" content=\"https:\/\/droix.eu\/wp-content\/uploads\/2024\/06\/droix-v2-light-logo.png\" \/>\n\t\t<meta property=\"og:image:secure_url\" content=\"https:\/\/droix.eu\/wp-content\/uploads\/2024\/06\/droix-v2-light-logo.png\" \/>\n\t\t<meta property=\"og:image:width\" content=\"380\" \/>\n\t\t<meta property=\"og:image:height\" content=\"118\" \/>\n\t\t<meta property=\"article:published_time\" content=\"2020-11-27T15:45:33+00:00\" \/>\n\t\t<meta property=\"article:modified_time\" content=\"2025-08-18T14:16:29+00:00\" \/>\n\t\t<meta property=\"article:publisher\" content=\"https:\/\/www.facebook.com\/DroiX.Store\" \/>\n\t\t<meta name=\"twitter:card\" content=\"summary_large_image\" \/>\n\t\t<meta name=\"twitter:site\" content=\"@DroiX_Store\" \/>\n\t\t<meta name=\"twitter:title\" content=\"GPD P2 Max , Pocket 3 un Win Max - DROIX EU\" \/>\n\t\t<meta name=\"twitter:description\" content=\"Ofici\u0101lais GPD produkts Paredz\u0113ts P2 Max , Pocket 3 un WIN Max ier\u012bc\u0113m Gluda tekst\u016bra\" \/>\n\t\t<meta name=\"twitter:image\" content=\"https:\/\/droix.eu\/wp-content\/uploads\/2024\/06\/droix-v2-light-logo.png\" \/>\n\t\t<script type=\"application\/ld+json\" class=\"aioseo-schema\">\n\t\t\t{\"@context\":\"https:\\\/\\\/schema.org\",\"@graph\":[{\"@type\":\"BreadcrumbList\",\"@id\":\"https:\\\/\\\/droix.eu\\\/lv\\\/product\\\/gpd-aizsargvacins-p2-max-pocket-3-un-win-max\\\/#breadcrumblist\",\"itemListElement\":[{\"@type\":\"ListItem\",\"@id\":\"https:\\\/\\\/droix.eu\\\/lv\\\/#listItem\",\"position\":1,\"name\":\"Home\",\"item\":\"https:\\\/\\\/droix.eu\\\/lv\\\/\",\"nextItem\":{\"@type\":\"ListItem\",\"@id\":\"https:\\\/\\\/droix.eu\\\/lv\\\/product-category\\\/aksesuari\\\/#listItem\",\"name\":\"Aksesu\\u0101ri\"}},{\"@type\":\"ListItem\",\"@id\":\"https:\\\/\\\/droix.eu\\\/lv\\\/product-category\\\/aksesuari\\\/#listItem\",\"position\":2,\"name\":\"Aksesu\\u0101ri\",\"item\":\"https:\\\/\\\/droix.eu\\\/lv\\\/product-category\\\/aksesuari\\\/\",\"nextItem\":{\"@type\":\"ListItem\",\"@id\":\"https:\\\/\\\/droix.eu\\\/lv\\\/product-category\\\/aksesuari\\\/portativo-datoru-piederumi\\\/#listItem\",\"name\":\"Portat\\u012bvo datoru piederumi\"},\"previousItem\":{\"@type\":\"ListItem\",\"@id\":\"https:\\\/\\\/droix.eu\\\/lv\\\/#listItem\",\"name\":\"Home\"}},{\"@type\":\"ListItem\",\"@id\":\"https:\\\/\\\/droix.eu\\\/lv\\\/product-category\\\/aksesuari\\\/portativo-datoru-piederumi\\\/#listItem\",\"position\":3,\"name\":\"Portat\\u012bvo datoru piederumi\",\"item\":\"https:\\\/\\\/droix.eu\\\/lv\\\/product-category\\\/aksesuari\\\/portativo-datoru-piederumi\\\/\",\"nextItem\":{\"@type\":\"ListItem\",\"@id\":\"https:\\\/\\\/droix.eu\\\/lv\\\/product\\\/gpd-aizsargvacins-p2-max-pocket-3-un-win-max\\\/#listItem\",\"name\":\"GPD P2 Max , Pocket 3 un Win Max\"},\"previousItem\":{\"@type\":\"ListItem\",\"@id\":\"https:\\\/\\\/droix.eu\\\/lv\\\/product-category\\\/aksesuari\\\/#listItem\",\"name\":\"Aksesu\\u0101ri\"}},{\"@type\":\"ListItem\",\"@id\":\"https:\\\/\\\/droix.eu\\\/lv\\\/product\\\/gpd-aizsargvacins-p2-max-pocket-3-un-win-max\\\/#listItem\",\"position\":4,\"name\":\"GPD P2 Max , Pocket 3 un Win Max\",\"previousItem\":{\"@type\":\"ListItem\",\"@id\":\"https:\\\/\\\/droix.eu\\\/lv\\\/product-category\\\/aksesuari\\\/portativo-datoru-piederumi\\\/#listItem\",\"name\":\"Portat\\u012bvo datoru piederumi\"}}]},{\"@type\":\"Organization\",\"@id\":\"https:\\\/\\\/droix.eu\\\/lv\\\/#organization\",\"name\":\"DroiX \\u2013 Trusted EU Tech Retailer with 12+ Years Experience\",\"description\":\"DroiX is a leading European technology retailer with over 12 years of experience, offering quality mini PCs, handheld gaming consoles, and tech accessories. We provide hassle-free EU delivery with all taxes included, ensuring a smooth and reliable shopping experience for our customers across Europe.\",\"url\":\"https:\\\/\\\/droix.eu\\\/lv\\\/\",\"logo\":{\"@type\":\"ImageObject\",\"url\":\"https:\\\/\\\/droix.eu\\\/wp-content\\\/uploads\\\/2024\\\/06\\\/droix-v2-light-logo.png\",\"@id\":\"https:\\\/\\\/droix.eu\\\/lv\\\/product\\\/gpd-aizsargvacins-p2-max-pocket-3-un-win-max\\\/#organizationLogo\",\"width\":380,\"height\":118},\"image\":{\"@id\":\"https:\\\/\\\/droix.eu\\\/lv\\\/product\\\/gpd-aizsargvacins-p2-max-pocket-3-un-win-max\\\/#organizationLogo\"},\"sameAs\":[\"https:\\\/\\\/www.facebook.com\\\/DroiX.Store\",\"https:\\\/\\\/twitter.com\\\/DroiX_Store\",\"https:\\\/\\\/www.instagram.com\\\/droix.store\\\/\",\"https:\\\/\\\/www.tiktok.com\\\/@droix.store\",\"https:\\\/\\\/www.youtube.com\\\/c\\\/DroiX_Store\",\"https:\\\/\\\/uk.linkedin.com\\\/company\\\/droix\"]},{\"@type\":\"Product\",\"@id\":\"https:\\\/\\\/droix.eu\\\/lv\\\/product\\\/gpd-aizsargvacins-p2-max-pocket-3-un-win-max\\\/#wooCommerceProduct\",\"name\":\"GPD P2 Max , Pocket 3 un Win Max\",\"description\":\"Ofici\\u0101lais GPD produkts\\n \\tParedz\\u0113ts P2 Max , Pocket 3 un WIN Max ier\\u012bc\\u0113m\\n \\tGluda tekst\\u016bra\",\"url\":\"https:\\\/\\\/droix.eu\\\/lv\\\/product\\\/gpd-aizsargvacins-p2-max-pocket-3-un-win-max\\\/\",\"sku\":\"GPD-PROTECTIVE-CASE-P2-MAX-WIN-MAX\",\"gtin\":\"5060763670358\",\"image\":{\"@type\":\"ImageObject\",\"url\":\"https:\\\/\\\/droix.eu\\\/wp-content\\\/uploads\\\/2021\\\/12\\\/GPD-P2-MAX-CASE-LISTING-PICTURE-1.png\",\"@id\":\"https:\\\/\\\/droix.eu\\\/lv\\\/product\\\/gpd-aizsargvacins-p2-max-pocket-3-un-win-max\\\/#productImage\",\"width\":700,\"height\":700,\"caption\":\"GPD P2 Max aizsargv\\u0101ci\\u0146\\u0161\"},\"offers\":{\"@type\":\"Offer\",\"url\":\"https:\\\/\\\/droix.eu\\\/lv\\\/product\\\/gpd-aizsargvacins-p2-max-pocket-3-un-win-max\\\/#wooCommerceOffer\",\"price\":27.63,\"priceCurrency\":\"EUR\",\"category\":\"Aksesu\\u0101ri\",\"availability\":\"https:\\\/\\\/schema.org\\\/OutOfStock\",\"priceSpecification\":{\"@type\":\"PriceSpecification\",\"price\":27.63,\"priceCurrency\":\"EUR\",\"valueAddedTaxIncluded\":\"true\"},\"seller\":{\"@type\":\"Organization\",\"@id\":\"https:\\\/\\\/droix.eu\\\/lv\\\/#organization\"}}},{\"@type\":\"WebPage\",\"@id\":\"https:\\\/\\\/droix.eu\\\/lv\\\/product\\\/gpd-aizsargvacins-p2-max-pocket-3-un-win-max\\\/#webpage\",\"url\":\"https:\\\/\\\/droix.eu\\\/lv\\\/product\\\/gpd-aizsargvacins-p2-max-pocket-3-un-win-max\\\/\",\"name\":\"GPD P2 Max , Pocket 3 un Win Max - DROIX EU\",\"description\":\"Ofici\\u0101lais GPD produkts Paredz\\u0113ts P2 Max , Pocket 3 un WIN Max ier\\u012bc\\u0113m Gluda tekst\\u016bra\",\"inLanguage\":\"lv-LV\",\"isPartOf\":{\"@id\":\"https:\\\/\\\/droix.eu\\\/lv\\\/#website\"},\"breadcrumb\":{\"@id\":\"https:\\\/\\\/droix.eu\\\/lv\\\/product\\\/gpd-aizsargvacins-p2-max-pocket-3-un-win-max\\\/#breadcrumblist\"},\"image\":{\"@type\":\"ImageObject\",\"url\":\"https:\\\/\\\/droix.eu\\\/wp-content\\\/uploads\\\/2021\\\/12\\\/GPD-P2-MAX-CASE-LISTING-PICTURE-1.png\",\"@id\":\"https:\\\/\\\/droix.eu\\\/lv\\\/product\\\/gpd-aizsargvacins-p2-max-pocket-3-un-win-max\\\/#mainImage\",\"width\":700,\"height\":700,\"caption\":\"GPD P2 Max aizsargv\\u0101ci\\u0146\\u0161\"},\"primaryImageOfPage\":{\"@id\":\"https:\\\/\\\/droix.eu\\\/lv\\\/product\\\/gpd-aizsargvacins-p2-max-pocket-3-un-win-max\\\/#mainImage\"},\"datePublished\":\"2020-11-27T15:45:33+00:00\",\"dateModified\":\"2025-08-18T15:16:29+01:00\"},{\"@type\":\"WebSite\",\"@id\":\"https:\\\/\\\/droix.eu\\\/lv\\\/#website\",\"url\":\"https:\\\/\\\/droix.eu\\\/lv\\\/\",\"name\":\"DROIX EU\",\"description\":\"Get the latest Mini PCs, Ultrabook, PC Gaming Handhelds and more!\",\"inLanguage\":\"lv-LV\",\"publisher\":{\"@id\":\"https:\\\/\\\/droix.eu\\\/lv\\\/#organization\"}}]}\n\t\t<\/script>\n\t\t<!-- All in One SEO Pro -->\r\n\t\t<title>GPD P2 Max , Pocket 3 un Win Max - DROIX EU<\/title>\n\n","aioseo_head_json":{"title":"GPD P2 Max , Pocket 3 un Win Max - DROIX EU","description":"Ofici\u0101lais GPD produkts Paredz\u0113ts P2 Max , Pocket 3 un WIN Max ier\u012bc\u0113m Gluda tekst\u016bra","canonical_url":"https:\/\/droix.eu\/lv\/product\/gpd-aizsargvacins-p2-max-pocket-3-un-win-max\/","robots":"max-image-preview:large","keywords":"","webmasterTools":{"miscellaneous":""},"schema":{"@context":"https:\/\/schema.org","@graph":[{"@type":"BreadcrumbList","@id":"https:\/\/droix.eu\/lv\/product\/gpd-aizsargvacins-p2-max-pocket-3-un-win-max\/#breadcrumblist","itemListElement":[{"@type":"ListItem","@id":"https:\/\/droix.eu\/lv\/#listItem","position":1,"name":"Home","item":"https:\/\/droix.eu\/lv\/","nextItem":{"@type":"ListItem","@id":"https:\/\/droix.eu\/lv\/product-category\/aksesuari\/#listItem","name":"Aksesu\u0101ri"}},{"@type":"ListItem","@id":"https:\/\/droix.eu\/lv\/product-category\/aksesuari\/#listItem","position":2,"name":"Aksesu\u0101ri","item":"https:\/\/droix.eu\/lv\/product-category\/aksesuari\/","nextItem":{"@type":"ListItem","@id":"https:\/\/droix.eu\/lv\/product-category\/aksesuari\/portativo-datoru-piederumi\/#listItem","name":"Portat\u012bvo datoru piederumi"},"previousItem":{"@type":"ListItem","@id":"https:\/\/droix.eu\/lv\/#listItem","name":"Home"}},{"@type":"ListItem","@id":"https:\/\/droix.eu\/lv\/product-category\/aksesuari\/portativo-datoru-piederumi\/#listItem","position":3,"name":"Portat\u012bvo datoru piederumi","item":"https:\/\/droix.eu\/lv\/product-category\/aksesuari\/portativo-datoru-piederumi\/","nextItem":{"@type":"ListItem","@id":"https:\/\/droix.eu\/lv\/product\/gpd-aizsargvacins-p2-max-pocket-3-un-win-max\/#listItem","name":"GPD P2 Max , Pocket 3 un Win Max"},"previousItem":{"@type":"ListItem","@id":"https:\/\/droix.eu\/lv\/product-category\/aksesuari\/#listItem","name":"Aksesu\u0101ri"}},{"@type":"ListItem","@id":"https:\/\/droix.eu\/lv\/product\/gpd-aizsargvacins-p2-max-pocket-3-un-win-max\/#listItem","position":4,"name":"GPD P2 Max , Pocket 3 un Win Max","previousItem":{"@type":"ListItem","@id":"https:\/\/droix.eu\/lv\/product-category\/aksesuari\/portativo-datoru-piederumi\/#listItem","name":"Portat\u012bvo datoru piederumi"}}]},{"@type":"Organization","@id":"https:\/\/droix.eu\/lv\/#organization","name":"DroiX \u2013 Trusted EU Tech Retailer with 12+ Years Experience","description":"DroiX is a leading European technology retailer with over 12 years of experience, offering quality mini PCs, handheld gaming consoles, and tech accessories. We provide hassle-free EU delivery with all taxes included, ensuring a smooth and reliable shopping experience for our customers across Europe.","url":"https:\/\/droix.eu\/lv\/","logo":{"@type":"ImageObject","url":"https:\/\/droix.eu\/wp-content\/uploads\/2024\/06\/droix-v2-light-logo.png","@id":"https:\/\/droix.eu\/lv\/product\/gpd-aizsargvacins-p2-max-pocket-3-un-win-max\/#organizationLogo","width":380,"height":118},"image":{"@id":"https:\/\/droix.eu\/lv\/product\/gpd-aizsargvacins-p2-max-pocket-3-un-win-max\/#organizationLogo"},"sameAs":["https:\/\/www.facebook.com\/DroiX.Store","https:\/\/twitter.com\/DroiX_Store","https:\/\/www.instagram.com\/droix.store\/","https:\/\/www.tiktok.com\/@droix.store","https:\/\/www.youtube.com\/c\/DroiX_Store","https:\/\/uk.linkedin.com\/company\/droix"]},{"@type":"Product","@id":"https:\/\/droix.eu\/lv\/product\/gpd-aizsargvacins-p2-max-pocket-3-un-win-max\/#wooCommerceProduct","name":"GPD P2 Max , Pocket 3 un Win Max","description":"Ofici\u0101lais GPD produkts\n \tParedz\u0113ts P2 Max , Pocket 3 un WIN Max ier\u012bc\u0113m\n \tGluda tekst\u016bra","url":"https:\/\/droix.eu\/lv\/product\/gpd-aizsargvacins-p2-max-pocket-3-un-win-max\/","sku":"GPD-PROTECTIVE-CASE-P2-MAX-WIN-MAX","gtin":"5060763670358","image":{"@type":"ImageObject","url":"https:\/\/droix.eu\/wp-content\/uploads\/2021\/12\/GPD-P2-MAX-CASE-LISTING-PICTURE-1.png","@id":"https:\/\/droix.eu\/lv\/product\/gpd-aizsargvacins-p2-max-pocket-3-un-win-max\/#productImage","width":700,"height":700,"caption":"GPD P2 Max aizsargv\u0101ci\u0146\u0161"},"offers":{"@type":"Offer","url":"https:\/\/droix.eu\/lv\/product\/gpd-aizsargvacins-p2-max-pocket-3-un-win-max\/#wooCommerceOffer","price":27.63,"priceCurrency":"EUR","category":"Aksesu\u0101ri","availability":"https:\/\/schema.org\/OutOfStock","priceSpecification":{"@type":"PriceSpecification","price":27.63,"priceCurrency":"EUR","valueAddedTaxIncluded":"true"},"seller":{"@type":"Organization","@id":"https:\/\/droix.eu\/lv\/#organization"}}},{"@type":"WebPage","@id":"https:\/\/droix.eu\/lv\/product\/gpd-aizsargvacins-p2-max-pocket-3-un-win-max\/#webpage","url":"https:\/\/droix.eu\/lv\/product\/gpd-aizsargvacins-p2-max-pocket-3-un-win-max\/","name":"GPD P2 Max , Pocket 3 un Win Max - DROIX EU","description":"Ofici\u0101lais GPD produkts Paredz\u0113ts P2 Max , Pocket 3 un WIN Max ier\u012bc\u0113m Gluda tekst\u016bra","inLanguage":"lv-LV","isPartOf":{"@id":"https:\/\/droix.eu\/lv\/#website"},"breadcrumb":{"@id":"https:\/\/droix.eu\/lv\/product\/gpd-aizsargvacins-p2-max-pocket-3-un-win-max\/#breadcrumblist"},"image":{"@type":"ImageObject","url":"https:\/\/droix.eu\/wp-content\/uploads\/2021\/12\/GPD-P2-MAX-CASE-LISTING-PICTURE-1.png","@id":"https:\/\/droix.eu\/lv\/product\/gpd-aizsargvacins-p2-max-pocket-3-un-win-max\/#mainImage","width":700,"height":700,"caption":"GPD P2 Max aizsargv\u0101ci\u0146\u0161"},"primaryImageOfPage":{"@id":"https:\/\/droix.eu\/lv\/product\/gpd-aizsargvacins-p2-max-pocket-3-un-win-max\/#mainImage"},"datePublished":"2020-11-27T15:45:33+00:00","dateModified":"2025-08-18T15:16:29+01:00"},{"@type":"WebSite","@id":"https:\/\/droix.eu\/lv\/#website","url":"https:\/\/droix.eu\/lv\/","name":"DROIX EU","description":"Get the latest Mini PCs, Ultrabook, PC Gaming Handhelds and more!","inLanguage":"lv-LV","publisher":{"@id":"https:\/\/droix.eu\/lv\/#organization"}}]},"og:locale":"lv_LV","og:site_name":"DROIX EU - Get the latest Mini PCs, Ultrabook, PC Gaming Handhelds and more!","og:type":"article","og:title":"GPD P2 Max , Pocket 3 un Win Max - DROIX EU","og:description":"Ofici\u0101lais GPD produkts Paredz\u0113ts P2 Max , Pocket 3 un WIN Max ier\u012bc\u0113m Gluda tekst\u016bra","og:url":"https:\/\/droix.eu\/lv\/product\/gpd-aizsargvacins-p2-max-pocket-3-un-win-max\/","og:image":"https:\/\/droix.eu\/wp-content\/uploads\/2024\/06\/droix-v2-light-logo.png","og:image:secure_url":"https:\/\/droix.eu\/wp-content\/uploads\/2024\/06\/droix-v2-light-logo.png","og:image:width":380,"og:image:height":118,"article:published_time":"2020-11-27T15:45:33+00:00","article:modified_time":"2025-08-18T14:16:29+00:00","article:publisher":"https:\/\/www.facebook.com\/DroiX.Store","twitter:card":"summary_large_image","twitter:site":"@DroiX_Store","twitter:title":"GPD P2 Max , Pocket 3 un Win Max - DROIX EU","twitter:description":"Ofici\u0101lais GPD produkts Paredz\u0113ts P2 Max , Pocket 3 un WIN Max ier\u012bc\u0113m Gluda tekst\u016bra","twitter:image":"https:\/\/droix.eu\/wp-content\/uploads\/2024\/06\/droix-v2-light-logo.png"},"aioseo_meta_data":{"post_id":"530157","title":null,"description":null,"keywords":null,"keyphrases":null,"primary_term":null,"canonical_url":null,"og_title":null,"og_description":null,"og_object_type":"default","og_image_type":"default","og_image_url":null,"og_image_width":null,"og_image_height":null,"og_image_custom_url":null,"og_image_custom_fields":null,"og_video":null,"og_custom_url":null,"og_article_section":null,"og_article_tags":null,"twitter_use_og":true,"twitter_card":"default","twitter_image_type":"default","twitter_image_url":null,"twitter_image_custom_url":null,"twitter_image_custom_fields":null,"twitter_title":null,"twitter_description":null,"schema":{"blockGraphs":[],"customGraphs":[],"default":{"data":{"Article":[],"Course":[],"Dataset":[],"FAQPage":[],"Movie":[],"Person":[],"Product":[],"ProductReview":[],"Car":[],"Recipe":[],"Service":[],"SoftwareApplication":[],"WebPage":[]},"graphName":"","isEnabled":true},"graphs":[]},"schema_type":"default","schema_type_options":null,"pillar_content":false,"robots_default":true,"robots_noindex":false,"robots_noarchive":false,"robots_nosnippet":false,"robots_nofollow":false,"robots_noimageindex":false,"robots_noodp":false,"robots_notranslate":false,"robots_max_snippet":null,"robots_max_videopreview":null,"robots_max_imagepreview":"large","priority":null,"frequency":null,"local_seo":null,"seo_analyzer_scan_date":"2025-10-24 08:17:23","breadcrumb_settings":null,"limit_modified_date":false,"reviewed_by":null,"open_ai":null,"ai":null,"created":"2025-10-09 03:34:07","updated":"2025-11-27 01:44:08"},"aioseo_breadcrumb":"<div class=\"aioseo-breadcrumbs\"><span class=\"aioseo-breadcrumb\">\n\t<a href=\"https:\/\/droix.eu\/lv\/\" title=\"Home\">Home<\/a>\n<\/span><span class=\"aioseo-breadcrumb-separator\">&raquo;<\/span><span class=\"aioseo-breadcrumb\">\n\t<a href=\"https:\/\/droix.eu\/lv\/product-category\/aksesuari\/\" title=\"Aksesu\u0101ri\">Aksesu\u0101ri<\/a>\n<\/span><span class=\"aioseo-breadcrumb-separator\">&raquo;<\/span><span class=\"aioseo-breadcrumb\">\n\t<a href=\"https:\/\/droix.eu\/lv\/product-category\/aksesuari\/portativo-datoru-piederumi\/\" title=\"Portat\u012bvo datoru piederumi\">Portat\u012bvo datoru piederumi<\/a>\n<\/span><span class=\"aioseo-breadcrumb-separator\">&raquo;<\/span><span class=\"aioseo-breadcrumb\">\n\tGPD P2 Max , Pocket 3 un Win Max\n<\/span><\/div>","aioseo_breadcrumb_json":[{"label":"Home","link":"https:\/\/droix.eu\/lv\/"},{"label":"Aksesu\u0101ri","link":"https:\/\/droix.eu\/lv\/product-category\/aksesuari\/"},{"label":"Portat\u012bvo datoru piederumi","link":"https:\/\/droix.eu\/lv\/product-category\/aksesuari\/portativo-datoru-piederumi\/"},{"label":"GPD P2 Max , Pocket 3 un Win Max","link":"https:\/\/droix.eu\/lv\/product\/gpd-aizsargvacins-p2-max-pocket-3-un-win-max\/"}],"_links":{"self":[{"href":"https:\/\/droix.eu\/lv\/wp-json\/wp\/v2\/product\/530157","targetHints":{"allow":["GET"]}}],"collection":[{"href":"https:\/\/droix.eu\/lv\/wp-json\/wp\/v2\/product"}],"about":[{"href":"https:\/\/droix.eu\/lv\/wp-json\/wp\/v2\/types\/product"}],"version-history":[{"count":0,"href":"https:\/\/droix.eu\/lv\/wp-json\/wp\/v2\/product\/530157\/revisions"}],"wp:featuredmedia":[{"embeddable":true,"href":"https:\/\/droix.eu\/lv\/wp-json\/wp\/v2\/media\/222743"}],"wp:attachment":[{"href":"https:\/\/droix.eu\/lv\/wp-json\/wp\/v2\/media?parent=530157"}],"wp:term":[{"taxonomy":"product_brand","embeddable":true,"href":"https:\/\/droix.eu\/lv\/wp-json\/wp\/v2\/product_brand?post=530157"},{"taxonomy":"product_cat","embeddable":true,"href":"https:\/\/droix.eu\/lv\/wp-json\/wp\/v2\/product_cat?post=530157"},{"taxonomy":"product_tag","embeddable":true,"href":"https:\/\/droix.eu\/lv\/wp-json\/wp\/v2\/product_tag?post=530157"},{"taxonomy":"woo-feed-brand","embeddable":true,"href":"https:\/\/droix.eu\/lv\/wp-json\/wp\/v2\/woo-feed-brand?post=530157"},{"taxonomy":"key-features","embeddable":true,"href":"https:\/\/droix.eu\/lv\/wp-json\/wp\/v2\/key-features?post=530157"}],"curies":[{"name":"wp","href":"https:\/\/api.w.org\/{rel}","templated":true}]}}