{"id":524977,"date":"2022-02-14T10:48:08","date_gmt":"2022-02-14T10:48:08","guid":{"rendered":"https:\/\/droix.eu\/product\/oficialais-gpd-pocket-3-aizsargvacins\/"},"modified":"2025-08-18T13:54:10","modified_gmt":"2025-08-18T12:54:10","slug":"oficialais-gpd-pocket-3-aizsargvacins","status":"publish","type":"product","link":"https:\/\/droix.eu\/lv\/product\/oficialais-gpd-pocket-3-aizsargvacins\/","title":{"rendered":"Ofici\u0101lais GPD Pocket 3 aizsargv\u0101ci\u0146\u0161"},"content":{"rendered":"<p>GPD izstr\u0101d\u0101ts GPD P2 Max , Pocket 3 un GPD WIN Max, \u0161is aizsargv\u0101ci\u0146\u0161 ir gl\u012bts un stil\u012bgs.<\/p>\n","protected":false},"excerpt":{"rendered":"<ul>\n<li><strong>Ofici\u0101lais GPD produkts<\/strong> <\/li>\n<li>Paredz\u0113ts <strong>GPD Pocket 3 Mini<\/strong> kl\u0113pjdatoram<\/li>\n<li><strong>M\u0101ksl\u012bg\u0101s \u0101das<\/strong> tekst\u016bra<\/li>\n<li><strong>Magn\u0113tiskais<\/strong> v\u0101ks<\/li>\n<\/ul>\n[droix_global_accordions]\n[cg_accordion title=\"Komplekt\u0101 ietilpst\"]<\/p>\n<ul>\n<li>1x Ofici\u0101lais GPD Pocket 3 aizsargv\u0101ci\u0146\u0161<\/li>\n<\/ul>\n<p>[\/cg_accordion]\n","protected":false},"featured_media":323633,"template":"","meta":{"_acf_changed":false},"product_brand":[],"product_cat":[10083,10084],"product_tag":[],"woo-feed-brand":[2198],"key-features":[],"class_list":{"0":"post-524977","1":"product","2":"type-product","3":"status-publish","4":"has-post-thumbnail","6":"product_cat-aksesuari","7":"product_cat-portativo-datoru-piederumi","8":"product_shipping_class-low-end","9":"pa_accessory-type-protective-case","10":"pa_brands-gpd-lv","11":"pa_compatibility-gpd-pocket-3-lv","12":"woo-feed-brand-gpd","14":"first","15":"outofstock","16":"taxable","17":"shipping-taxable","18":"purchasable","19":"product-type-simple"},"acf":[],"aioseo_notices":[],"aioseo_head":"\n\t\t<!-- All in One SEO Pro 4.9.5.2 - aioseo.com -->\n\t<meta name=\"description\" content=\"Ofici\u0101lais GPD produkts Paredz\u0113ts GPD Pocket 3 Mini kl\u0113pjdatoram M\u0101ksl\u012bg\u0101s \u0101das tekst\u016bra Magn\u0113tiskais v\u0101ks Komplekt\u0101 ietilpst 1x Ofici\u0101lais GPD Pocket 3 aizsargv\u0101ci\u0146\u0161\" \/>\n\t<meta name=\"robots\" content=\"max-image-preview:large\" \/>\n\t<link rel=\"canonical\" href=\"https:\/\/droix.eu\/lv\/product\/oficialais-gpd-pocket-3-aizsargvacins\/\" \/>\n\t<meta name=\"generator\" content=\"All in One SEO Pro (AIOSEO) 4.9.5.2\" \/>\n\t\t<meta property=\"og:locale\" content=\"lv_LV\" \/>\n\t\t<meta property=\"og:site_name\" content=\"DROIX EU - Get the latest Mini PCs, Ultrabook, PC Gaming Handhelds and more!\" \/>\n\t\t<meta property=\"og:type\" content=\"article\" \/>\n\t\t<meta property=\"og:title\" content=\"Ofici\u0101lais GPD Pocket 3 aizsargv\u0101ci\u0146\u0161 - DROIX EU\" \/>\n\t\t<meta property=\"og:description\" content=\"Ofici\u0101lais GPD produkts Paredz\u0113ts GPD Pocket 3 Mini kl\u0113pjdatoram M\u0101ksl\u012bg\u0101s \u0101das tekst\u016bra Magn\u0113tiskais v\u0101ks Komplekt\u0101 ietilpst 1x Ofici\u0101lais GPD Pocket 3 aizsargv\u0101ci\u0146\u0161\" \/>\n\t\t<meta property=\"og:url\" content=\"https:\/\/droix.eu\/lv\/product\/oficialais-gpd-pocket-3-aizsargvacins\/\" \/>\n\t\t<meta property=\"og:image\" content=\"https:\/\/droix.eu\/wp-content\/uploads\/2024\/06\/droix-v2-light-logo.png\" \/>\n\t\t<meta property=\"og:image:secure_url\" content=\"https:\/\/droix.eu\/wp-content\/uploads\/2024\/06\/droix-v2-light-logo.png\" \/>\n\t\t<meta property=\"og:image:width\" content=\"380\" \/>\n\t\t<meta property=\"og:image:height\" content=\"118\" \/>\n\t\t<meta property=\"article:published_time\" content=\"2022-02-14T10:48:08+00:00\" \/>\n\t\t<meta property=\"article:modified_time\" content=\"2025-08-18T12:54:10+00:00\" \/>\n\t\t<meta property=\"article:publisher\" content=\"https:\/\/www.facebook.com\/DroiX.Store\" \/>\n\t\t<meta name=\"twitter:card\" content=\"summary_large_image\" \/>\n\t\t<meta name=\"twitter:site\" content=\"@DroiX_Store\" \/>\n\t\t<meta name=\"twitter:title\" content=\"Ofici\u0101lais GPD Pocket 3 aizsargv\u0101ci\u0146\u0161 - DROIX EU\" \/>\n\t\t<meta name=\"twitter:description\" content=\"Ofici\u0101lais GPD produkts Paredz\u0113ts GPD Pocket 3 Mini kl\u0113pjdatoram M\u0101ksl\u012bg\u0101s \u0101das tekst\u016bra Magn\u0113tiskais v\u0101ks Komplekt\u0101 ietilpst 1x Ofici\u0101lais GPD Pocket 3 aizsargv\u0101ci\u0146\u0161\" \/>\n\t\t<meta name=\"twitter:image\" content=\"https:\/\/droix.eu\/wp-content\/uploads\/2024\/06\/droix-v2-light-logo.png\" \/>\n\t\t<script type=\"application\/ld+json\" class=\"aioseo-schema\">\n\t\t\t{\"@context\":\"https:\\\/\\\/schema.org\",\"@graph\":[{\"@type\":\"BreadcrumbList\",\"@id\":\"https:\\\/\\\/droix.eu\\\/lv\\\/product\\\/oficialais-gpd-pocket-3-aizsargvacins\\\/#breadcrumblist\",\"itemListElement\":[{\"@type\":\"ListItem\",\"@id\":\"https:\\\/\\\/droix.eu\\\/lv\\\/#listItem\",\"position\":1,\"name\":\"Home\",\"item\":\"https:\\\/\\\/droix.eu\\\/lv\\\/\",\"nextItem\":{\"@type\":\"ListItem\",\"@id\":\"https:\\\/\\\/droix.eu\\\/lv\\\/product-category\\\/aksesuari\\\/#listItem\",\"name\":\"Aksesu\\u0101ri\"}},{\"@type\":\"ListItem\",\"@id\":\"https:\\\/\\\/droix.eu\\\/lv\\\/product-category\\\/aksesuari\\\/#listItem\",\"position\":2,\"name\":\"Aksesu\\u0101ri\",\"item\":\"https:\\\/\\\/droix.eu\\\/lv\\\/product-category\\\/aksesuari\\\/\",\"nextItem\":{\"@type\":\"ListItem\",\"@id\":\"https:\\\/\\\/droix.eu\\\/lv\\\/product-category\\\/aksesuari\\\/portativo-datoru-piederumi\\\/#listItem\",\"name\":\"Portat\\u012bvo datoru piederumi\"},\"previousItem\":{\"@type\":\"ListItem\",\"@id\":\"https:\\\/\\\/droix.eu\\\/lv\\\/#listItem\",\"name\":\"Home\"}},{\"@type\":\"ListItem\",\"@id\":\"https:\\\/\\\/droix.eu\\\/lv\\\/product-category\\\/aksesuari\\\/portativo-datoru-piederumi\\\/#listItem\",\"position\":3,\"name\":\"Portat\\u012bvo datoru piederumi\",\"item\":\"https:\\\/\\\/droix.eu\\\/lv\\\/product-category\\\/aksesuari\\\/portativo-datoru-piederumi\\\/\",\"nextItem\":{\"@type\":\"ListItem\",\"@id\":\"https:\\\/\\\/droix.eu\\\/lv\\\/product\\\/oficialais-gpd-pocket-3-aizsargvacins\\\/#listItem\",\"name\":\"Ofici\\u0101lais GPD Pocket 3 aizsargv\\u0101ci\\u0146\\u0161\"},\"previousItem\":{\"@type\":\"ListItem\",\"@id\":\"https:\\\/\\\/droix.eu\\\/lv\\\/product-category\\\/aksesuari\\\/#listItem\",\"name\":\"Aksesu\\u0101ri\"}},{\"@type\":\"ListItem\",\"@id\":\"https:\\\/\\\/droix.eu\\\/lv\\\/product\\\/oficialais-gpd-pocket-3-aizsargvacins\\\/#listItem\",\"position\":4,\"name\":\"Ofici\\u0101lais GPD Pocket 3 aizsargv\\u0101ci\\u0146\\u0161\",\"previousItem\":{\"@type\":\"ListItem\",\"@id\":\"https:\\\/\\\/droix.eu\\\/lv\\\/product-category\\\/aksesuari\\\/portativo-datoru-piederumi\\\/#listItem\",\"name\":\"Portat\\u012bvo datoru piederumi\"}}]},{\"@type\":\"Organization\",\"@id\":\"https:\\\/\\\/droix.eu\\\/lv\\\/#organization\",\"name\":\"DroiX \\u2013 Trusted EU Tech Retailer with 12+ Years Experience\",\"description\":\"DroiX is a leading European technology retailer with over 12 years of experience, offering quality mini PCs, handheld gaming consoles, and tech accessories. We provide hassle-free EU delivery with all taxes included, ensuring a smooth and reliable shopping experience for our customers across Europe.\",\"url\":\"https:\\\/\\\/droix.eu\\\/lv\\\/\",\"logo\":{\"@type\":\"ImageObject\",\"url\":\"https:\\\/\\\/droix.eu\\\/wp-content\\\/uploads\\\/2024\\\/06\\\/droix-v2-light-logo.png\",\"@id\":\"https:\\\/\\\/droix.eu\\\/lv\\\/product\\\/oficialais-gpd-pocket-3-aizsargvacins\\\/#organizationLogo\",\"width\":380,\"height\":118},\"image\":{\"@id\":\"https:\\\/\\\/droix.eu\\\/lv\\\/product\\\/oficialais-gpd-pocket-3-aizsargvacins\\\/#organizationLogo\"},\"sameAs\":[\"https:\\\/\\\/www.facebook.com\\\/DroiX.Store\",\"https:\\\/\\\/twitter.com\\\/DroiX_Store\",\"https:\\\/\\\/www.instagram.com\\\/droix.store\\\/\",\"https:\\\/\\\/www.tiktok.com\\\/@droix.store\",\"https:\\\/\\\/www.youtube.com\\\/c\\\/DroiX_Store\",\"https:\\\/\\\/uk.linkedin.com\\\/company\\\/droix\"]},{\"@type\":\"Product\",\"@id\":\"https:\\\/\\\/droix.eu\\\/lv\\\/product\\\/oficialais-gpd-pocket-3-aizsargvacins\\\/#wooCommerceProduct\",\"name\":\"Ofici\\u0101lais GPD Pocket 3 aizsargv\\u0101ci\\u0146\\u0161\",\"description\":\"Ofici\\u0101lais GPD produkts \\n \\tParedz\\u0113ts GPD Pocket 3 Mini kl\\u0113pjdatoram\\n \\tM\\u0101ksl\\u012bg\\u0101s \\u0101das tekst\\u016bra\\n \\tMagn\\u0113tiskais v\\u0101ks\",\"url\":\"https:\\\/\\\/droix.eu\\\/lv\\\/product\\\/oficialais-gpd-pocket-3-aizsargvacins\\\/\",\"sku\":\"GPD-POCKET-3-PROTECTIVE-CASE\",\"gtin\":\"5060763670358\",\"image\":{\"@type\":\"ImageObject\",\"url\":\"https:\\\/\\\/droix.eu\\\/wp-content\\\/uploads\\\/2022\\\/02\\\/GPD_POCKET_3-CASE-WC-DONE-LISTING-IMAGE-1.png\",\"@id\":\"https:\\\/\\\/droix.eu\\\/lv\\\/product\\\/oficialais-gpd-pocket-3-aizsargvacins\\\/#productImage\",\"width\":1000,\"height\":1000,\"caption\":\"GPD POCKET 3 \\u0101das futr\\u0101lis galvenais att\\u0113ls\"},\"offers\":{\"@type\":\"Offer\",\"url\":\"https:\\\/\\\/droix.eu\\\/lv\\\/product\\\/oficialais-gpd-pocket-3-aizsargvacins\\\/#wooCommerceOffer\",\"price\":27.63,\"priceCurrency\":\"EUR\",\"category\":\"Aksesu\\u0101ri\",\"availability\":\"https:\\\/\\\/schema.org\\\/OutOfStock\",\"priceSpecification\":{\"@type\":\"PriceSpecification\",\"price\":27.63,\"priceCurrency\":\"EUR\",\"valueAddedTaxIncluded\":\"true\"},\"seller\":{\"@type\":\"Organization\",\"@id\":\"https:\\\/\\\/droix.eu\\\/lv\\\/#organization\"}}},{\"@type\":\"WebPage\",\"@id\":\"https:\\\/\\\/droix.eu\\\/lv\\\/product\\\/oficialais-gpd-pocket-3-aizsargvacins\\\/#webpage\",\"url\":\"https:\\\/\\\/droix.eu\\\/lv\\\/product\\\/oficialais-gpd-pocket-3-aizsargvacins\\\/\",\"name\":\"Ofici\\u0101lais GPD Pocket 3 aizsargv\\u0101ci\\u0146\\u0161 - DROIX EU\",\"description\":\"Ofici\\u0101lais GPD produkts Paredz\\u0113ts GPD Pocket 3 Mini kl\\u0113pjdatoram M\\u0101ksl\\u012bg\\u0101s \\u0101das tekst\\u016bra Magn\\u0113tiskais v\\u0101ks Komplekt\\u0101 ietilpst 1x Ofici\\u0101lais GPD Pocket 3 aizsargv\\u0101ci\\u0146\\u0161\",\"inLanguage\":\"lv-LV\",\"isPartOf\":{\"@id\":\"https:\\\/\\\/droix.eu\\\/lv\\\/#website\"},\"breadcrumb\":{\"@id\":\"https:\\\/\\\/droix.eu\\\/lv\\\/product\\\/oficialais-gpd-pocket-3-aizsargvacins\\\/#breadcrumblist\"},\"image\":{\"@type\":\"ImageObject\",\"url\":\"https:\\\/\\\/droix.eu\\\/wp-content\\\/uploads\\\/2022\\\/02\\\/GPD_POCKET_3-CASE-WC-DONE-LISTING-IMAGE-1.png\",\"@id\":\"https:\\\/\\\/droix.eu\\\/lv\\\/product\\\/oficialais-gpd-pocket-3-aizsargvacins\\\/#mainImage\",\"width\":1000,\"height\":1000,\"caption\":\"GPD POCKET 3 \\u0101das futr\\u0101lis galvenais att\\u0113ls\"},\"primaryImageOfPage\":{\"@id\":\"https:\\\/\\\/droix.eu\\\/lv\\\/product\\\/oficialais-gpd-pocket-3-aizsargvacins\\\/#mainImage\"},\"datePublished\":\"2022-02-14T10:48:08+00:00\",\"dateModified\":\"2025-08-18T13:54:10+01:00\"},{\"@type\":\"WebSite\",\"@id\":\"https:\\\/\\\/droix.eu\\\/lv\\\/#website\",\"url\":\"https:\\\/\\\/droix.eu\\\/lv\\\/\",\"name\":\"DROIX EU\",\"description\":\"Get the latest Mini PCs, Ultrabook, PC Gaming Handhelds and more!\",\"inLanguage\":\"lv-LV\",\"publisher\":{\"@id\":\"https:\\\/\\\/droix.eu\\\/lv\\\/#organization\"}}]}\n\t\t<\/script>\n\t\t<!-- All in One SEO Pro -->\r\n\t\t<title>Ofici\u0101lais GPD Pocket 3 aizsargv\u0101ci\u0146\u0161 - DROIX EU<\/title>\n\n","aioseo_head_json":{"title":"Ofici\u0101lais GPD Pocket 3 aizsargv\u0101ci\u0146\u0161 - DROIX EU","description":"Ofici\u0101lais GPD produkts Paredz\u0113ts GPD Pocket 3 Mini kl\u0113pjdatoram M\u0101ksl\u012bg\u0101s \u0101das tekst\u016bra Magn\u0113tiskais v\u0101ks Komplekt\u0101 ietilpst 1x Ofici\u0101lais GPD Pocket 3 aizsargv\u0101ci\u0146\u0161","canonical_url":"https:\/\/droix.eu\/lv\/product\/oficialais-gpd-pocket-3-aizsargvacins\/","robots":"max-image-preview:large","keywords":"","webmasterTools":{"miscellaneous":""},"schema":{"@context":"https:\/\/schema.org","@graph":[{"@type":"BreadcrumbList","@id":"https:\/\/droix.eu\/lv\/product\/oficialais-gpd-pocket-3-aizsargvacins\/#breadcrumblist","itemListElement":[{"@type":"ListItem","@id":"https:\/\/droix.eu\/lv\/#listItem","position":1,"name":"Home","item":"https:\/\/droix.eu\/lv\/","nextItem":{"@type":"ListItem","@id":"https:\/\/droix.eu\/lv\/product-category\/aksesuari\/#listItem","name":"Aksesu\u0101ri"}},{"@type":"ListItem","@id":"https:\/\/droix.eu\/lv\/product-category\/aksesuari\/#listItem","position":2,"name":"Aksesu\u0101ri","item":"https:\/\/droix.eu\/lv\/product-category\/aksesuari\/","nextItem":{"@type":"ListItem","@id":"https:\/\/droix.eu\/lv\/product-category\/aksesuari\/portativo-datoru-piederumi\/#listItem","name":"Portat\u012bvo datoru piederumi"},"previousItem":{"@type":"ListItem","@id":"https:\/\/droix.eu\/lv\/#listItem","name":"Home"}},{"@type":"ListItem","@id":"https:\/\/droix.eu\/lv\/product-category\/aksesuari\/portativo-datoru-piederumi\/#listItem","position":3,"name":"Portat\u012bvo datoru piederumi","item":"https:\/\/droix.eu\/lv\/product-category\/aksesuari\/portativo-datoru-piederumi\/","nextItem":{"@type":"ListItem","@id":"https:\/\/droix.eu\/lv\/product\/oficialais-gpd-pocket-3-aizsargvacins\/#listItem","name":"Ofici\u0101lais GPD Pocket 3 aizsargv\u0101ci\u0146\u0161"},"previousItem":{"@type":"ListItem","@id":"https:\/\/droix.eu\/lv\/product-category\/aksesuari\/#listItem","name":"Aksesu\u0101ri"}},{"@type":"ListItem","@id":"https:\/\/droix.eu\/lv\/product\/oficialais-gpd-pocket-3-aizsargvacins\/#listItem","position":4,"name":"Ofici\u0101lais GPD Pocket 3 aizsargv\u0101ci\u0146\u0161","previousItem":{"@type":"ListItem","@id":"https:\/\/droix.eu\/lv\/product-category\/aksesuari\/portativo-datoru-piederumi\/#listItem","name":"Portat\u012bvo datoru piederumi"}}]},{"@type":"Organization","@id":"https:\/\/droix.eu\/lv\/#organization","name":"DroiX \u2013 Trusted EU Tech Retailer with 12+ Years Experience","description":"DroiX is a leading European technology retailer with over 12 years of experience, offering quality mini PCs, handheld gaming consoles, and tech accessories. We provide hassle-free EU delivery with all taxes included, ensuring a smooth and reliable shopping experience for our customers across Europe.","url":"https:\/\/droix.eu\/lv\/","logo":{"@type":"ImageObject","url":"https:\/\/droix.eu\/wp-content\/uploads\/2024\/06\/droix-v2-light-logo.png","@id":"https:\/\/droix.eu\/lv\/product\/oficialais-gpd-pocket-3-aizsargvacins\/#organizationLogo","width":380,"height":118},"image":{"@id":"https:\/\/droix.eu\/lv\/product\/oficialais-gpd-pocket-3-aizsargvacins\/#organizationLogo"},"sameAs":["https:\/\/www.facebook.com\/DroiX.Store","https:\/\/twitter.com\/DroiX_Store","https:\/\/www.instagram.com\/droix.store\/","https:\/\/www.tiktok.com\/@droix.store","https:\/\/www.youtube.com\/c\/DroiX_Store","https:\/\/uk.linkedin.com\/company\/droix"]},{"@type":"Product","@id":"https:\/\/droix.eu\/lv\/product\/oficialais-gpd-pocket-3-aizsargvacins\/#wooCommerceProduct","name":"Ofici\u0101lais GPD Pocket 3 aizsargv\u0101ci\u0146\u0161","description":"Ofici\u0101lais GPD produkts \n \tParedz\u0113ts GPD Pocket 3 Mini kl\u0113pjdatoram\n \tM\u0101ksl\u012bg\u0101s \u0101das tekst\u016bra\n \tMagn\u0113tiskais v\u0101ks","url":"https:\/\/droix.eu\/lv\/product\/oficialais-gpd-pocket-3-aizsargvacins\/","sku":"GPD-POCKET-3-PROTECTIVE-CASE","gtin":"5060763670358","image":{"@type":"ImageObject","url":"https:\/\/droix.eu\/wp-content\/uploads\/2022\/02\/GPD_POCKET_3-CASE-WC-DONE-LISTING-IMAGE-1.png","@id":"https:\/\/droix.eu\/lv\/product\/oficialais-gpd-pocket-3-aizsargvacins\/#productImage","width":1000,"height":1000,"caption":"GPD POCKET 3 \u0101das futr\u0101lis galvenais att\u0113ls"},"offers":{"@type":"Offer","url":"https:\/\/droix.eu\/lv\/product\/oficialais-gpd-pocket-3-aizsargvacins\/#wooCommerceOffer","price":27.63,"priceCurrency":"EUR","category":"Aksesu\u0101ri","availability":"https:\/\/schema.org\/OutOfStock","priceSpecification":{"@type":"PriceSpecification","price":27.63,"priceCurrency":"EUR","valueAddedTaxIncluded":"true"},"seller":{"@type":"Organization","@id":"https:\/\/droix.eu\/lv\/#organization"}}},{"@type":"WebPage","@id":"https:\/\/droix.eu\/lv\/product\/oficialais-gpd-pocket-3-aizsargvacins\/#webpage","url":"https:\/\/droix.eu\/lv\/product\/oficialais-gpd-pocket-3-aizsargvacins\/","name":"Ofici\u0101lais GPD Pocket 3 aizsargv\u0101ci\u0146\u0161 - DROIX EU","description":"Ofici\u0101lais GPD produkts Paredz\u0113ts GPD Pocket 3 Mini kl\u0113pjdatoram M\u0101ksl\u012bg\u0101s \u0101das tekst\u016bra Magn\u0113tiskais v\u0101ks Komplekt\u0101 ietilpst 1x Ofici\u0101lais GPD Pocket 3 aizsargv\u0101ci\u0146\u0161","inLanguage":"lv-LV","isPartOf":{"@id":"https:\/\/droix.eu\/lv\/#website"},"breadcrumb":{"@id":"https:\/\/droix.eu\/lv\/product\/oficialais-gpd-pocket-3-aizsargvacins\/#breadcrumblist"},"image":{"@type":"ImageObject","url":"https:\/\/droix.eu\/wp-content\/uploads\/2022\/02\/GPD_POCKET_3-CASE-WC-DONE-LISTING-IMAGE-1.png","@id":"https:\/\/droix.eu\/lv\/product\/oficialais-gpd-pocket-3-aizsargvacins\/#mainImage","width":1000,"height":1000,"caption":"GPD POCKET 3 \u0101das futr\u0101lis galvenais att\u0113ls"},"primaryImageOfPage":{"@id":"https:\/\/droix.eu\/lv\/product\/oficialais-gpd-pocket-3-aizsargvacins\/#mainImage"},"datePublished":"2022-02-14T10:48:08+00:00","dateModified":"2025-08-18T13:54:10+01:00"},{"@type":"WebSite","@id":"https:\/\/droix.eu\/lv\/#website","url":"https:\/\/droix.eu\/lv\/","name":"DROIX EU","description":"Get the latest Mini PCs, Ultrabook, PC Gaming Handhelds and more!","inLanguage":"lv-LV","publisher":{"@id":"https:\/\/droix.eu\/lv\/#organization"}}]},"og:locale":"lv_LV","og:site_name":"DROIX EU - Get the latest Mini PCs, Ultrabook, PC Gaming Handhelds and more!","og:type":"article","og:title":"Ofici\u0101lais GPD Pocket 3 aizsargv\u0101ci\u0146\u0161 - DROIX EU","og:description":"Ofici\u0101lais GPD produkts Paredz\u0113ts GPD Pocket 3 Mini kl\u0113pjdatoram M\u0101ksl\u012bg\u0101s \u0101das tekst\u016bra Magn\u0113tiskais v\u0101ks Komplekt\u0101 ietilpst 1x Ofici\u0101lais GPD Pocket 3 aizsargv\u0101ci\u0146\u0161","og:url":"https:\/\/droix.eu\/lv\/product\/oficialais-gpd-pocket-3-aizsargvacins\/","og:image":"https:\/\/droix.eu\/wp-content\/uploads\/2024\/06\/droix-v2-light-logo.png","og:image:secure_url":"https:\/\/droix.eu\/wp-content\/uploads\/2024\/06\/droix-v2-light-logo.png","og:image:width":380,"og:image:height":118,"article:published_time":"2022-02-14T10:48:08+00:00","article:modified_time":"2025-08-18T12:54:10+00:00","article:publisher":"https:\/\/www.facebook.com\/DroiX.Store","twitter:card":"summary_large_image","twitter:site":"@DroiX_Store","twitter:title":"Ofici\u0101lais GPD Pocket 3 aizsargv\u0101ci\u0146\u0161 - DROIX EU","twitter:description":"Ofici\u0101lais GPD produkts Paredz\u0113ts GPD Pocket 3 Mini kl\u0113pjdatoram M\u0101ksl\u012bg\u0101s \u0101das tekst\u016bra Magn\u0113tiskais v\u0101ks Komplekt\u0101 ietilpst 1x Ofici\u0101lais GPD Pocket 3 aizsargv\u0101ci\u0146\u0161","twitter:image":"https:\/\/droix.eu\/wp-content\/uploads\/2024\/06\/droix-v2-light-logo.png"},"aioseo_meta_data":{"post_id":"524977","title":null,"description":null,"keywords":null,"keyphrases":null,"primary_term":null,"canonical_url":null,"og_title":null,"og_description":null,"og_object_type":"default","og_image_type":"default","og_image_url":null,"og_image_width":null,"og_image_height":null,"og_image_custom_url":null,"og_image_custom_fields":null,"og_video":null,"og_custom_url":null,"og_article_section":null,"og_article_tags":null,"twitter_use_og":true,"twitter_card":"default","twitter_image_type":"default","twitter_image_url":null,"twitter_image_custom_url":null,"twitter_image_custom_fields":null,"twitter_title":null,"twitter_description":null,"schema":{"blockGraphs":[],"customGraphs":[],"default":{"data":{"Article":[],"Course":[],"Dataset":[],"FAQPage":[],"Movie":[],"Person":[],"Product":[],"ProductReview":[],"Car":[],"Recipe":[],"Service":[],"SoftwareApplication":[],"WebPage":[]},"graphName":"","isEnabled":true},"graphs":[]},"schema_type":"default","schema_type_options":null,"pillar_content":false,"robots_default":true,"robots_noindex":false,"robots_noarchive":false,"robots_nosnippet":false,"robots_nofollow":false,"robots_noimageindex":false,"robots_noodp":false,"robots_notranslate":false,"robots_max_snippet":null,"robots_max_videopreview":null,"robots_max_imagepreview":"large","priority":null,"frequency":null,"local_seo":null,"seo_analyzer_scan_date":"2025-10-24 08:57:50","breadcrumb_settings":null,"limit_modified_date":false,"reviewed_by":null,"open_ai":null,"ai":null,"created":"2025-10-09 03:44:09","updated":"2025-11-27 01:50:41"},"aioseo_breadcrumb":"<div class=\"aioseo-breadcrumbs\"><span class=\"aioseo-breadcrumb\">\n\t<a href=\"https:\/\/droix.eu\/lv\/\" title=\"Home\">Home<\/a>\n<\/span><span class=\"aioseo-breadcrumb-separator\">&raquo;<\/span><span class=\"aioseo-breadcrumb\">\n\t<a href=\"https:\/\/droix.eu\/lv\/product-category\/aksesuari\/\" title=\"Aksesu\u0101ri\">Aksesu\u0101ri<\/a>\n<\/span><span class=\"aioseo-breadcrumb-separator\">&raquo;<\/span><span class=\"aioseo-breadcrumb\">\n\t<a href=\"https:\/\/droix.eu\/lv\/product-category\/aksesuari\/portativo-datoru-piederumi\/\" title=\"Portat\u012bvo datoru piederumi\">Portat\u012bvo datoru piederumi<\/a>\n<\/span><span class=\"aioseo-breadcrumb-separator\">&raquo;<\/span><span class=\"aioseo-breadcrumb\">\n\tOfici\u0101lais GPD Pocket 3 aizsargv\u0101ci\u0146\u0161\n<\/span><\/div>","aioseo_breadcrumb_json":[{"label":"Home","link":"https:\/\/droix.eu\/lv\/"},{"label":"Aksesu\u0101ri","link":"https:\/\/droix.eu\/lv\/product-category\/aksesuari\/"},{"label":"Portat\u012bvo datoru piederumi","link":"https:\/\/droix.eu\/lv\/product-category\/aksesuari\/portativo-datoru-piederumi\/"},{"label":"Ofici\u0101lais GPD Pocket 3 aizsargv\u0101ci\u0146\u0161","link":"https:\/\/droix.eu\/lv\/product\/oficialais-gpd-pocket-3-aizsargvacins\/"}],"_links":{"self":[{"href":"https:\/\/droix.eu\/lv\/wp-json\/wp\/v2\/product\/524977","targetHints":{"allow":["GET"]}}],"collection":[{"href":"https:\/\/droix.eu\/lv\/wp-json\/wp\/v2\/product"}],"about":[{"href":"https:\/\/droix.eu\/lv\/wp-json\/wp\/v2\/types\/product"}],"version-history":[{"count":0,"href":"https:\/\/droix.eu\/lv\/wp-json\/wp\/v2\/product\/524977\/revisions"}],"wp:featuredmedia":[{"embeddable":true,"href":"https:\/\/droix.eu\/lv\/wp-json\/wp\/v2\/media\/323633"}],"wp:attachment":[{"href":"https:\/\/droix.eu\/lv\/wp-json\/wp\/v2\/media?parent=524977"}],"wp:term":[{"taxonomy":"product_brand","embeddable":true,"href":"https:\/\/droix.eu\/lv\/wp-json\/wp\/v2\/product_brand?post=524977"},{"taxonomy":"product_cat","embeddable":true,"href":"https:\/\/droix.eu\/lv\/wp-json\/wp\/v2\/product_cat?post=524977"},{"taxonomy":"product_tag","embeddable":true,"href":"https:\/\/droix.eu\/lv\/wp-json\/wp\/v2\/product_tag?post=524977"},{"taxonomy":"woo-feed-brand","embeddable":true,"href":"https:\/\/droix.eu\/lv\/wp-json\/wp\/v2\/woo-feed-brand?post=524977"},{"taxonomy":"key-features","embeddable":true,"href":"https:\/\/droix.eu\/lv\/wp-json\/wp\/v2\/key-features?post=524977"}],"curies":[{"name":"wp","href":"https:\/\/api.w.org\/{rel}","templated":true}]}}