{"id":520973,"date":"2022-11-11T11:44:32","date_gmt":"2022-11-11T11:44:32","guid":{"rendered":"https:\/\/droix.eu\/product\/nuju-rokturu-vacini-ar-dzivnieku-motiviem\/"},"modified":"2026-04-08T10:44:29","modified_gmt":"2026-04-08T09:44:29","slug":"nuju-rokturu-vacini-ar-dzivnieku-motiviem","status":"publish","type":"product","link":"https:\/\/droix.eu\/lv\/product\/nuju-rokturu-vacini-ar-dzivnieku-motiviem\/","title":{"rendered":"N\u016bju rokturu v\u0101ci\u0146i ar dz\u012bvnieku mot\u012bviem"},"content":{"rendered":"&#13;\n<p>M\u012bl\u012bgs dz\u012bvnieku t\u0113ma \u012bk\u0161\u0137is grip v\u0101ci\u0146i, pievieno smiekl\u012bgi un vitalit\u0101ti j\u016bsu rokas konsole, padara to vair\u0101k uzkr\u012bto\u0161\u0101ki.Izgatavots no m\u012bksta silikona materi\u0101la, kas var aizsarg\u0101t analog\u0101s n\u016bji\u0146as no skr\u0101p\u0113jumiem un net\u012brumiem, un tas ir \u013coti \u0113rti pieskarties!<\/p>&#13;\n&#13;\n<h5 class=\"wp-block-heading\">\u00a0<\/h5>&#13;\n&#13;\n<h5 class=\"wp-block-heading\">NAV sader\u012bgs ar PS4, Switch Pro vai Xbox One kontrolieri.<\/h5>&#13;\n","protected":false},"excerpt":{"rendered":"<ul>\n<li>Izgatavots no m\u012bksta silikona materi\u0101la<\/li>\n<li>Analog\u0101s n\u016bji\u0146as aizsardz\u012bba<\/li>\n<li>\u013boti \u0113rti pieskarties<\/li>\n<li>Nav viegli deform\u0113jams<\/li>\n<li>Netoksisks un nav viegli izbalin\u0101t<\/li>\n<\/ul>\n[droix_global_accordions]\n","protected":false},"featured_media":702980,"template":"","meta":{"_acf_changed":false},"product_brand":[],"product_cat":[10083,10596],"product_tag":[],"woo-feed-brand":[],"key-features":[],"class_list":{"0":"post-520973","1":"product","2":"type-product","3":"status-publish","4":"has-post-thumbnail","6":"product_cat-aksesuari","7":"product_cat-spelu-aksesuari","8":"product_shipping_class-low-end","9":"pa_compatibility-ayaneo-2-lv","10":"pa_compatibility-ayaneo-2021-lv","11":"pa_compatibility-ayaneo-air-lv","12":"pa_compatibility-ayaneo-geek-lv","14":"first","15":"instock","16":"sale","17":"taxable","18":"shipping-taxable","19":"purchasable","20":"product-type-simple"},"acf":[],"aioseo_notices":[],"aioseo_head":"\n\t\t<!-- All in One SEO Pro 4.9.6.2 - aioseo.com -->\n\t<meta name=\"description\" content=\"Izgatavots no m\u012bksta silikona materi\u0101la Analog\u0101s n\u016bji\u0146as aizsardz\u012bba \u013boti \u0113rti pieskarties Nav viegli deform\u0113jams Netoksisks un nav viegli izbalin\u0101t\" \/>\n\t<meta name=\"robots\" content=\"max-image-preview:large\" \/>\n\t<link rel=\"canonical\" href=\"https:\/\/droix.eu\/lv\/product\/nuju-rokturu-vacini-ar-dzivnieku-motiviem\/\" \/>\n\t<meta name=\"generator\" content=\"All in One SEO Pro (AIOSEO) 4.9.6.2\" \/>\n\t\t<meta property=\"og:locale\" content=\"lv_LV\" \/>\n\t\t<meta property=\"og:site_name\" content=\"DROIX EU - Get the latest Mini PCs, Ultrabook, PC Gaming Handhelds and more!\" \/>\n\t\t<meta property=\"og:type\" content=\"article\" \/>\n\t\t<meta property=\"og:title\" content=\"N\u016bju rokturu v\u0101ci\u0146i ar dz\u012bvnieku mot\u012bviem - DROIX EU\" \/>\n\t\t<meta property=\"og:description\" content=\"Izgatavots no m\u012bksta silikona materi\u0101la Analog\u0101s n\u016bji\u0146as aizsardz\u012bba \u013boti \u0113rti pieskarties Nav viegli deform\u0113jams Netoksisks un nav viegli izbalin\u0101t\" \/>\n\t\t<meta property=\"og:url\" content=\"https:\/\/droix.eu\/lv\/product\/nuju-rokturu-vacini-ar-dzivnieku-motiviem\/\" \/>\n\t\t<meta property=\"og:image\" content=\"https:\/\/droix.eu\/wp-content\/uploads\/2024\/06\/droix-v2-light-logo.png\" \/>\n\t\t<meta property=\"og:image:secure_url\" content=\"https:\/\/droix.eu\/wp-content\/uploads\/2024\/06\/droix-v2-light-logo.png\" \/>\n\t\t<meta property=\"og:image:width\" content=\"380\" \/>\n\t\t<meta property=\"og:image:height\" content=\"118\" \/>\n\t\t<meta property=\"article:published_time\" content=\"2022-11-11T11:44:32+00:00\" \/>\n\t\t<meta property=\"article:modified_time\" content=\"2026-04-08T09:44:29+00:00\" \/>\n\t\t<meta property=\"article:publisher\" content=\"https:\/\/www.facebook.com\/DroiX.Store\" \/>\n\t\t<meta name=\"twitter:card\" content=\"summary_large_image\" \/>\n\t\t<meta name=\"twitter:site\" content=\"@DroiX_Store\" \/>\n\t\t<meta name=\"twitter:title\" content=\"N\u016bju rokturu v\u0101ci\u0146i ar dz\u012bvnieku mot\u012bviem - DROIX EU\" \/>\n\t\t<meta name=\"twitter:description\" content=\"Izgatavots no m\u012bksta silikona materi\u0101la Analog\u0101s n\u016bji\u0146as aizsardz\u012bba \u013boti \u0113rti pieskarties Nav viegli deform\u0113jams Netoksisks un nav viegli izbalin\u0101t\" \/>\n\t\t<meta name=\"twitter:image\" content=\"https:\/\/droix.eu\/wp-content\/uploads\/2024\/06\/droix-v2-light-logo.png\" \/>\n\t\t<script type=\"application\/ld+json\" class=\"aioseo-schema\">\n\t\t\t{\"@context\":\"https:\\\/\\\/schema.org\",\"@graph\":[{\"@type\":\"BreadcrumbList\",\"@id\":\"https:\\\/\\\/droix.eu\\\/lv\\\/product\\\/nuju-rokturu-vacini-ar-dzivnieku-motiviem\\\/#breadcrumblist\",\"itemListElement\":[{\"@type\":\"ListItem\",\"@id\":\"https:\\\/\\\/droix.eu\\\/lv\\\/#listItem\",\"position\":1,\"name\":\"Home\",\"item\":\"https:\\\/\\\/droix.eu\\\/lv\\\/\",\"nextItem\":{\"@type\":\"ListItem\",\"@id\":\"https:\\\/\\\/droix.eu\\\/lv\\\/product-category\\\/aksesuari\\\/#listItem\",\"name\":\"Aksesu\\u0101ri\"}},{\"@type\":\"ListItem\",\"@id\":\"https:\\\/\\\/droix.eu\\\/lv\\\/product-category\\\/aksesuari\\\/#listItem\",\"position\":2,\"name\":\"Aksesu\\u0101ri\",\"item\":\"https:\\\/\\\/droix.eu\\\/lv\\\/product-category\\\/aksesuari\\\/\",\"nextItem\":{\"@type\":\"ListItem\",\"@id\":\"https:\\\/\\\/droix.eu\\\/lv\\\/product-category\\\/aksesuari\\\/spelu-aksesuari\\\/#listItem\",\"name\":\"Sp\\u0113\\u013cu aksesu\\u0101ri\"},\"previousItem\":{\"@type\":\"ListItem\",\"@id\":\"https:\\\/\\\/droix.eu\\\/lv\\\/#listItem\",\"name\":\"Home\"}},{\"@type\":\"ListItem\",\"@id\":\"https:\\\/\\\/droix.eu\\\/lv\\\/product-category\\\/aksesuari\\\/spelu-aksesuari\\\/#listItem\",\"position\":3,\"name\":\"Sp\\u0113\\u013cu aksesu\\u0101ri\",\"item\":\"https:\\\/\\\/droix.eu\\\/lv\\\/product-category\\\/aksesuari\\\/spelu-aksesuari\\\/\",\"nextItem\":{\"@type\":\"ListItem\",\"@id\":\"https:\\\/\\\/droix.eu\\\/lv\\\/product\\\/nuju-rokturu-vacini-ar-dzivnieku-motiviem\\\/#listItem\",\"name\":\"N\\u016bju rokturu v\\u0101ci\\u0146i ar dz\\u012bvnieku mot\\u012bviem\"},\"previousItem\":{\"@type\":\"ListItem\",\"@id\":\"https:\\\/\\\/droix.eu\\\/lv\\\/product-category\\\/aksesuari\\\/#listItem\",\"name\":\"Aksesu\\u0101ri\"}},{\"@type\":\"ListItem\",\"@id\":\"https:\\\/\\\/droix.eu\\\/lv\\\/product\\\/nuju-rokturu-vacini-ar-dzivnieku-motiviem\\\/#listItem\",\"position\":4,\"name\":\"N\\u016bju rokturu v\\u0101ci\\u0146i ar dz\\u012bvnieku mot\\u012bviem\",\"previousItem\":{\"@type\":\"ListItem\",\"@id\":\"https:\\\/\\\/droix.eu\\\/lv\\\/product-category\\\/aksesuari\\\/spelu-aksesuari\\\/#listItem\",\"name\":\"Sp\\u0113\\u013cu aksesu\\u0101ri\"}}]},{\"@type\":\"Organization\",\"@id\":\"https:\\\/\\\/droix.eu\\\/lv\\\/#organization\",\"name\":\"DroiX \\u2013 Trusted EU Tech Retailer with 12+ Years Experience\",\"description\":\"DroiX is a leading European technology retailer with over 12 years of experience, offering quality mini PCs, handheld gaming consoles, and tech accessories. We provide hassle-free EU delivery with all taxes included, ensuring a smooth and reliable shopping experience for our customers across Europe.\",\"url\":\"https:\\\/\\\/droix.eu\\\/lv\\\/\",\"logo\":{\"@type\":\"ImageObject\",\"url\":\"https:\\\/\\\/droix.eu\\\/wp-content\\\/uploads\\\/2024\\\/06\\\/droix-v2-light-logo.png\",\"@id\":\"https:\\\/\\\/droix.eu\\\/lv\\\/product\\\/nuju-rokturu-vacini-ar-dzivnieku-motiviem\\\/#organizationLogo\",\"width\":380,\"height\":118},\"image\":{\"@id\":\"https:\\\/\\\/droix.eu\\\/lv\\\/product\\\/nuju-rokturu-vacini-ar-dzivnieku-motiviem\\\/#organizationLogo\"},\"sameAs\":[\"https:\\\/\\\/www.facebook.com\\\/DroiX.Store\",\"https:\\\/\\\/twitter.com\\\/DroiX_Store\",\"https:\\\/\\\/www.instagram.com\\\/droix.store\\\/\",\"https:\\\/\\\/www.tiktok.com\\\/@droix.store\",\"https:\\\/\\\/www.youtube.com\\\/c\\\/DroiX_Store\",\"https:\\\/\\\/uk.linkedin.com\\\/company\\\/droix\"]},{\"@type\":\"Product\",\"@id\":\"https:\\\/\\\/droix.eu\\\/lv\\\/product\\\/nuju-rokturu-vacini-ar-dzivnieku-motiviem\\\/#wooCommerceProduct\",\"name\":\"N\\u016bju rokturu v\\u0101ci\\u0146i ar dz\\u012bvnieku mot\\u012bviem\",\"description\":\"Izgatavots no m\\u012bksta silikona materi\\u0101la\\n \\tAnalog\\u0101s n\\u016bji\\u0146as aizsardz\\u012bba\\n \\t\\u013boti \\u0113rti pieskarties\\n \\tNav viegli deform\\u0113jams\\n \\tNetoksisks un nav viegli izbalin\\u0101t\",\"url\":\"https:\\\/\\\/droix.eu\\\/lv\\\/product\\\/nuju-rokturu-vacini-ar-dzivnieku-motiviem\\\/\",\"sku\":\"ANIMAL-THUMB-STICK-CAPS\",\"gtin\":\"5060763673601\",\"image\":{\"@type\":\"ImageObject\",\"url\":\"https:\\\/\\\/droix.eu\\\/wp-content\\\/uploads\\\/2022\\\/11\\\/ANIMAL-THUMB-STICK-CAPS-IMAGE-1.png\",\"@id\":\"https:\\\/\\\/droix.eu\\\/lv\\\/product\\\/nuju-rokturu-vacini-ar-dzivnieku-motiviem\\\/#productImage\",\"width\":900,\"height\":1200},\"offers\":{\"@type\":\"Offer\",\"url\":\"https:\\\/\\\/droix.eu\\\/lv\\\/product\\\/nuju-rokturu-vacini-ar-dzivnieku-motiviem\\\/#wooCommerceOffer\",\"price\":11.01,\"priceCurrency\":\"EUR\",\"category\":\"Aksesu\\u0101ri\",\"availability\":\"https:\\\/\\\/schema.org\\\/InStock\",\"priceSpecification\":{\"@type\":\"PriceSpecification\",\"price\":11.01,\"priceCurrency\":\"EUR\",\"valueAddedTaxIncluded\":\"true\"},\"seller\":{\"@type\":\"Organization\",\"@id\":\"https:\\\/\\\/droix.eu\\\/lv\\\/#organization\"}}},{\"@type\":\"WebPage\",\"@id\":\"https:\\\/\\\/droix.eu\\\/lv\\\/product\\\/nuju-rokturu-vacini-ar-dzivnieku-motiviem\\\/#webpage\",\"url\":\"https:\\\/\\\/droix.eu\\\/lv\\\/product\\\/nuju-rokturu-vacini-ar-dzivnieku-motiviem\\\/\",\"name\":\"N\\u016bju rokturu v\\u0101ci\\u0146i ar dz\\u012bvnieku mot\\u012bviem - DROIX EU\",\"description\":\"Izgatavots no m\\u012bksta silikona materi\\u0101la Analog\\u0101s n\\u016bji\\u0146as aizsardz\\u012bba \\u013boti \\u0113rti pieskarties Nav viegli deform\\u0113jams Netoksisks un nav viegli izbalin\\u0101t\",\"inLanguage\":\"lv-LV\",\"isPartOf\":{\"@id\":\"https:\\\/\\\/droix.eu\\\/lv\\\/#website\"},\"breadcrumb\":{\"@id\":\"https:\\\/\\\/droix.eu\\\/lv\\\/product\\\/nuju-rokturu-vacini-ar-dzivnieku-motiviem\\\/#breadcrumblist\"},\"image\":{\"@type\":\"ImageObject\",\"url\":\"https:\\\/\\\/droix.eu\\\/wp-content\\\/uploads\\\/2022\\\/11\\\/ANIMAL-THUMB-STICK-CAPS-IMAGE-1.png\",\"@id\":\"https:\\\/\\\/droix.eu\\\/lv\\\/product\\\/nuju-rokturu-vacini-ar-dzivnieku-motiviem\\\/#mainImage\",\"width\":900,\"height\":1200},\"primaryImageOfPage\":{\"@id\":\"https:\\\/\\\/droix.eu\\\/lv\\\/product\\\/nuju-rokturu-vacini-ar-dzivnieku-motiviem\\\/#mainImage\"},\"datePublished\":\"2022-11-11T11:44:32+00:00\",\"dateModified\":\"2026-04-08T10:44:29+01:00\"},{\"@type\":\"WebSite\",\"@id\":\"https:\\\/\\\/droix.eu\\\/lv\\\/#website\",\"url\":\"https:\\\/\\\/droix.eu\\\/lv\\\/\",\"name\":\"DROIX EU\",\"description\":\"Get the latest Mini PCs, Ultrabook, PC Gaming Handhelds and more!\",\"inLanguage\":\"lv-LV\",\"publisher\":{\"@id\":\"https:\\\/\\\/droix.eu\\\/lv\\\/#organization\"}}]}\n\t\t<\/script>\n\t\t<!-- All in One SEO Pro -->\r\n\t\t<title>N\u016bju rokturu v\u0101ci\u0146i ar dz\u012bvnieku mot\u012bviem - DROIX EU<\/title>\n\n","aioseo_head_json":{"title":"N\u016bju rokturu v\u0101ci\u0146i ar dz\u012bvnieku mot\u012bviem - DROIX EU","description":"Izgatavots no m\u012bksta silikona materi\u0101la Analog\u0101s n\u016bji\u0146as aizsardz\u012bba \u013boti \u0113rti pieskarties Nav viegli deform\u0113jams Netoksisks un nav viegli izbalin\u0101t","canonical_url":"https:\/\/droix.eu\/lv\/product\/nuju-rokturu-vacini-ar-dzivnieku-motiviem\/","robots":"max-image-preview:large","keywords":"","webmasterTools":{"miscellaneous":""},"schema":{"@context":"https:\/\/schema.org","@graph":[{"@type":"BreadcrumbList","@id":"https:\/\/droix.eu\/lv\/product\/nuju-rokturu-vacini-ar-dzivnieku-motiviem\/#breadcrumblist","itemListElement":[{"@type":"ListItem","@id":"https:\/\/droix.eu\/lv\/#listItem","position":1,"name":"Home","item":"https:\/\/droix.eu\/lv\/","nextItem":{"@type":"ListItem","@id":"https:\/\/droix.eu\/lv\/product-category\/aksesuari\/#listItem","name":"Aksesu\u0101ri"}},{"@type":"ListItem","@id":"https:\/\/droix.eu\/lv\/product-category\/aksesuari\/#listItem","position":2,"name":"Aksesu\u0101ri","item":"https:\/\/droix.eu\/lv\/product-category\/aksesuari\/","nextItem":{"@type":"ListItem","@id":"https:\/\/droix.eu\/lv\/product-category\/aksesuari\/spelu-aksesuari\/#listItem","name":"Sp\u0113\u013cu aksesu\u0101ri"},"previousItem":{"@type":"ListItem","@id":"https:\/\/droix.eu\/lv\/#listItem","name":"Home"}},{"@type":"ListItem","@id":"https:\/\/droix.eu\/lv\/product-category\/aksesuari\/spelu-aksesuari\/#listItem","position":3,"name":"Sp\u0113\u013cu aksesu\u0101ri","item":"https:\/\/droix.eu\/lv\/product-category\/aksesuari\/spelu-aksesuari\/","nextItem":{"@type":"ListItem","@id":"https:\/\/droix.eu\/lv\/product\/nuju-rokturu-vacini-ar-dzivnieku-motiviem\/#listItem","name":"N\u016bju rokturu v\u0101ci\u0146i ar dz\u012bvnieku mot\u012bviem"},"previousItem":{"@type":"ListItem","@id":"https:\/\/droix.eu\/lv\/product-category\/aksesuari\/#listItem","name":"Aksesu\u0101ri"}},{"@type":"ListItem","@id":"https:\/\/droix.eu\/lv\/product\/nuju-rokturu-vacini-ar-dzivnieku-motiviem\/#listItem","position":4,"name":"N\u016bju rokturu v\u0101ci\u0146i ar dz\u012bvnieku mot\u012bviem","previousItem":{"@type":"ListItem","@id":"https:\/\/droix.eu\/lv\/product-category\/aksesuari\/spelu-aksesuari\/#listItem","name":"Sp\u0113\u013cu aksesu\u0101ri"}}]},{"@type":"Organization","@id":"https:\/\/droix.eu\/lv\/#organization","name":"DroiX \u2013 Trusted EU Tech Retailer with 12+ Years Experience","description":"DroiX is a leading European technology retailer with over 12 years of experience, offering quality mini PCs, handheld gaming consoles, and tech accessories. We provide hassle-free EU delivery with all taxes included, ensuring a smooth and reliable shopping experience for our customers across Europe.","url":"https:\/\/droix.eu\/lv\/","logo":{"@type":"ImageObject","url":"https:\/\/droix.eu\/wp-content\/uploads\/2024\/06\/droix-v2-light-logo.png","@id":"https:\/\/droix.eu\/lv\/product\/nuju-rokturu-vacini-ar-dzivnieku-motiviem\/#organizationLogo","width":380,"height":118},"image":{"@id":"https:\/\/droix.eu\/lv\/product\/nuju-rokturu-vacini-ar-dzivnieku-motiviem\/#organizationLogo"},"sameAs":["https:\/\/www.facebook.com\/DroiX.Store","https:\/\/twitter.com\/DroiX_Store","https:\/\/www.instagram.com\/droix.store\/","https:\/\/www.tiktok.com\/@droix.store","https:\/\/www.youtube.com\/c\/DroiX_Store","https:\/\/uk.linkedin.com\/company\/droix"]},{"@type":"Product","@id":"https:\/\/droix.eu\/lv\/product\/nuju-rokturu-vacini-ar-dzivnieku-motiviem\/#wooCommerceProduct","name":"N\u016bju rokturu v\u0101ci\u0146i ar dz\u012bvnieku mot\u012bviem","description":"Izgatavots no m\u012bksta silikona materi\u0101la\n \tAnalog\u0101s n\u016bji\u0146as aizsardz\u012bba\n \t\u013boti \u0113rti pieskarties\n \tNav viegli deform\u0113jams\n \tNetoksisks un nav viegli izbalin\u0101t","url":"https:\/\/droix.eu\/lv\/product\/nuju-rokturu-vacini-ar-dzivnieku-motiviem\/","sku":"ANIMAL-THUMB-STICK-CAPS","gtin":"5060763673601","image":{"@type":"ImageObject","url":"https:\/\/droix.eu\/wp-content\/uploads\/2022\/11\/ANIMAL-THUMB-STICK-CAPS-IMAGE-1.png","@id":"https:\/\/droix.eu\/lv\/product\/nuju-rokturu-vacini-ar-dzivnieku-motiviem\/#productImage","width":900,"height":1200},"offers":{"@type":"Offer","url":"https:\/\/droix.eu\/lv\/product\/nuju-rokturu-vacini-ar-dzivnieku-motiviem\/#wooCommerceOffer","price":11.01,"priceCurrency":"EUR","category":"Aksesu\u0101ri","availability":"https:\/\/schema.org\/InStock","priceSpecification":{"@type":"PriceSpecification","price":11.01,"priceCurrency":"EUR","valueAddedTaxIncluded":"true"},"seller":{"@type":"Organization","@id":"https:\/\/droix.eu\/lv\/#organization"}}},{"@type":"WebPage","@id":"https:\/\/droix.eu\/lv\/product\/nuju-rokturu-vacini-ar-dzivnieku-motiviem\/#webpage","url":"https:\/\/droix.eu\/lv\/product\/nuju-rokturu-vacini-ar-dzivnieku-motiviem\/","name":"N\u016bju rokturu v\u0101ci\u0146i ar dz\u012bvnieku mot\u012bviem - DROIX EU","description":"Izgatavots no m\u012bksta silikona materi\u0101la Analog\u0101s n\u016bji\u0146as aizsardz\u012bba \u013boti \u0113rti pieskarties Nav viegli deform\u0113jams Netoksisks un nav viegli izbalin\u0101t","inLanguage":"lv-LV","isPartOf":{"@id":"https:\/\/droix.eu\/lv\/#website"},"breadcrumb":{"@id":"https:\/\/droix.eu\/lv\/product\/nuju-rokturu-vacini-ar-dzivnieku-motiviem\/#breadcrumblist"},"image":{"@type":"ImageObject","url":"https:\/\/droix.eu\/wp-content\/uploads\/2022\/11\/ANIMAL-THUMB-STICK-CAPS-IMAGE-1.png","@id":"https:\/\/droix.eu\/lv\/product\/nuju-rokturu-vacini-ar-dzivnieku-motiviem\/#mainImage","width":900,"height":1200},"primaryImageOfPage":{"@id":"https:\/\/droix.eu\/lv\/product\/nuju-rokturu-vacini-ar-dzivnieku-motiviem\/#mainImage"},"datePublished":"2022-11-11T11:44:32+00:00","dateModified":"2026-04-08T10:44:29+01:00"},{"@type":"WebSite","@id":"https:\/\/droix.eu\/lv\/#website","url":"https:\/\/droix.eu\/lv\/","name":"DROIX EU","description":"Get the latest Mini PCs, Ultrabook, PC Gaming Handhelds and more!","inLanguage":"lv-LV","publisher":{"@id":"https:\/\/droix.eu\/lv\/#organization"}}]},"og:locale":"lv_LV","og:site_name":"DROIX EU - Get the latest Mini PCs, Ultrabook, PC Gaming Handhelds and more!","og:type":"article","og:title":"N\u016bju rokturu v\u0101ci\u0146i ar dz\u012bvnieku mot\u012bviem - DROIX EU","og:description":"Izgatavots no m\u012bksta silikona materi\u0101la Analog\u0101s n\u016bji\u0146as aizsardz\u012bba \u013boti \u0113rti pieskarties Nav viegli deform\u0113jams Netoksisks un nav viegli izbalin\u0101t","og:url":"https:\/\/droix.eu\/lv\/product\/nuju-rokturu-vacini-ar-dzivnieku-motiviem\/","og:image":"https:\/\/droix.eu\/wp-content\/uploads\/2024\/06\/droix-v2-light-logo.png","og:image:secure_url":"https:\/\/droix.eu\/wp-content\/uploads\/2024\/06\/droix-v2-light-logo.png","og:image:width":380,"og:image:height":118,"article:published_time":"2022-11-11T11:44:32+00:00","article:modified_time":"2026-04-08T09:44:29+00:00","article:publisher":"https:\/\/www.facebook.com\/DroiX.Store","twitter:card":"summary_large_image","twitter:site":"@DroiX_Store","twitter:title":"N\u016bju rokturu v\u0101ci\u0146i ar dz\u012bvnieku mot\u012bviem - DROIX EU","twitter:description":"Izgatavots no m\u012bksta silikona materi\u0101la Analog\u0101s n\u016bji\u0146as aizsardz\u012bba \u013boti \u0113rti pieskarties Nav viegli deform\u0113jams Netoksisks un nav viegli izbalin\u0101t","twitter:image":"https:\/\/droix.eu\/wp-content\/uploads\/2024\/06\/droix-v2-light-logo.png"},"aioseo_meta_data":{"post_id":"520973","title":null,"description":null,"keywords":null,"keyphrases":{"focus":{"keyphrase":"","score":0,"analysis":{"keyphraseInTitle":{"score":0,"maxScore":9,"error":1}}},"additional":[]},"primary_term":null,"canonical_url":null,"og_title":null,"og_description":null,"og_object_type":"default","og_image_type":"default","og_image_url":null,"og_image_width":null,"og_image_height":null,"og_image_custom_url":null,"og_image_custom_fields":null,"og_video":"","og_custom_url":null,"og_article_section":null,"og_article_tags":null,"twitter_use_og":true,"twitter_card":"default","twitter_image_type":"default","twitter_image_url":null,"twitter_image_custom_url":null,"twitter_image_custom_fields":null,"twitter_title":null,"twitter_description":null,"schema":{"blockGraphs":[],"customGraphs":[],"default":{"data":{"Article":[],"Course":[],"Dataset":[],"FAQPage":[],"Movie":[],"Person":[],"Product":[],"ProductReview":[],"Car":[],"Recipe":[],"Service":[],"SoftwareApplication":[],"WebPage":[]},"graphName":"Product","isEnabled":true},"graphs":[]},"schema_type":"default","schema_type_options":null,"pillar_content":false,"robots_default":true,"robots_noindex":false,"robots_noarchive":false,"robots_nosnippet":false,"robots_nofollow":false,"robots_noimageindex":false,"robots_noodp":false,"robots_notranslate":false,"robots_max_snippet":"-1","robots_max_videopreview":"-1","robots_max_imagepreview":"large","priority":null,"frequency":"default","local_seo":null,"seo_analyzer_scan_date":"2026-04-24 10:35:39","breadcrumb_settings":null,"limit_modified_date":false,"reviewed_by":null,"open_ai":null,"ai":{"faqs":[],"keyPoints":[],"titles":[],"descriptions":[],"socialPosts":{"email":[],"linkedin":[],"twitter":[],"facebook":[],"instagram":[]}},"created":"2025-10-09 04:02:58","updated":"2026-04-24 10:35:39"},"aioseo_breadcrumb":"<div class=\"aioseo-breadcrumbs\"><span class=\"aioseo-breadcrumb\">\n\t<a href=\"https:\/\/droix.eu\/lv\/\" title=\"Home\">Home<\/a>\n<\/span><span class=\"aioseo-breadcrumb-separator\">&raquo;<\/span><span class=\"aioseo-breadcrumb\">\n\t<a href=\"https:\/\/droix.eu\/lv\/product-category\/aksesuari\/\" title=\"Aksesu\u0101ri\">Aksesu\u0101ri<\/a>\n<\/span><span class=\"aioseo-breadcrumb-separator\">&raquo;<\/span><span class=\"aioseo-breadcrumb\">\n\t<a href=\"https:\/\/droix.eu\/lv\/product-category\/aksesuari\/spelu-aksesuari\/\" title=\"Sp\u0113\u013cu aksesu\u0101ri\">Sp\u0113\u013cu aksesu\u0101ri<\/a>\n<\/span><span class=\"aioseo-breadcrumb-separator\">&raquo;<\/span><span class=\"aioseo-breadcrumb\">\n\tN\u016bju rokturu v\u0101ci\u0146i ar dz\u012bvnieku mot\u012bviem\n<\/span><\/div>","aioseo_breadcrumb_json":[{"label":"Home","link":"https:\/\/droix.eu\/lv\/"},{"label":"Aksesu\u0101ri","link":"https:\/\/droix.eu\/lv\/product-category\/aksesuari\/"},{"label":"Sp\u0113\u013cu aksesu\u0101ri","link":"https:\/\/droix.eu\/lv\/product-category\/aksesuari\/spelu-aksesuari\/"},{"label":"N\u016bju rokturu v\u0101ci\u0146i ar dz\u012bvnieku mot\u012bviem","link":"https:\/\/droix.eu\/lv\/product\/nuju-rokturu-vacini-ar-dzivnieku-motiviem\/"}],"_links":{"self":[{"href":"https:\/\/droix.eu\/lv\/wp-json\/wp\/v2\/product\/520973","targetHints":{"allow":["GET"]}}],"collection":[{"href":"https:\/\/droix.eu\/lv\/wp-json\/wp\/v2\/product"}],"about":[{"href":"https:\/\/droix.eu\/lv\/wp-json\/wp\/v2\/types\/product"}],"version-history":[{"count":0,"href":"https:\/\/droix.eu\/lv\/wp-json\/wp\/v2\/product\/520973\/revisions"}],"wp:featuredmedia":[{"embeddable":true,"href":"https:\/\/droix.eu\/lv\/wp-json\/wp\/v2\/media\/702980"}],"wp:attachment":[{"href":"https:\/\/droix.eu\/lv\/wp-json\/wp\/v2\/media?parent=520973"}],"wp:term":[{"taxonomy":"product_brand","embeddable":true,"href":"https:\/\/droix.eu\/lv\/wp-json\/wp\/v2\/product_brand?post=520973"},{"taxonomy":"product_cat","embeddable":true,"href":"https:\/\/droix.eu\/lv\/wp-json\/wp\/v2\/product_cat?post=520973"},{"taxonomy":"product_tag","embeddable":true,"href":"https:\/\/droix.eu\/lv\/wp-json\/wp\/v2\/product_tag?post=520973"},{"taxonomy":"woo-feed-brand","embeddable":true,"href":"https:\/\/droix.eu\/lv\/wp-json\/wp\/v2\/woo-feed-brand?post=520973"},{"taxonomy":"key-features","embeddable":true,"href":"https:\/\/droix.eu\/lv\/wp-json\/wp\/v2\/key-features?post=520973"}],"curies":[{"name":"wp","href":"https:\/\/api.w.org\/{rel}","templated":true}]}}