{"id":513578,"date":"2022-12-20T15:00:27","date_gmt":"2022-12-20T15:00:27","guid":{"rendered":"https:\/\/droix.eu\/product\/kingspec-2230-steam-deck-nvme-kratuve\/"},"modified":"2025-09-05T14:59:55","modified_gmt":"2025-09-05T13:59:55","slug":"kingspec-2230-steam-deck-nvme-kratuve","status":"publish","type":"product","link":"https:\/\/droix.eu\/lv\/product\/kingspec-2230-steam-deck-nvme-kratuve\/","title":{"rendered":"KingSpec 2230 Steam Deck NVMe kr\u0101tuve"},"content":{"rendered":"&#13;\n<p><strong>KingSpec NVMe 22*30 cietvielu<\/strong>disks sp\u0113j sasniegt l\u012bdz 3621,35 MB\/s las\u012b\u0161anas \u0101trumu un l\u012bdz 2314,32 MB\/s rakst\u012b\u0161anas \u0101trumu. \u0160ie \u0101trumi ir iev\u0113rojami liel\u0101ki nek\u0101 tradicion\u0101lajam cietajam diskam, kas parasti sasniedz \u0101trumu aptuveni 100 MB\/s. Tas noz\u012bm\u0113, ka KingSpec NVMe disks sp\u0113j daudz \u0101tr\u0101k piek\u013c\u016bt datiem un p\u0101rs\u016bt\u012bt tos, t\u0101d\u0113j\u0101di pa\u0101trinot datu iel\u0101des laiku un programmat\u016bras palai\u0161anu.  <\/p>&#13;\n&#13;\n<p>Piem\u0113ram, pie\u0146emsim, ka jums ir liela programmat\u016bras lietojumprogramma, kas j\u0101instal\u0113. Izmantojot tradicion\u0101lo cieto disku, instal\u0113\u0161anas procesa pabeig\u0161ana var\u0113tu aiz\u0146emt vair\u0101kas min\u016btes. Ta\u010du ar KingSpec NVMe disku instal\u0113\u0161anas process b\u016btu daudz \u0101tr\u0101ks, jo disks sp\u0113j piek\u013c\u016bt un p\u0101rs\u016bt\u012bt nepiecie\u0161amos datus ar daudz liel\u0101ku \u0101trumu.  <\/p>&#13;\n&#13;\n<p>Kopum\u0101 <strong>KingSpec NVMe<\/strong> diska liel\u0101kais las\u012b\u0161anas un rakst\u012b\u0161anas \u0101trums padara to par lielisku izv\u0113li tiem, kas v\u0113las uzlabot sava datora kop\u0113jo veiktsp\u0113ju. Neatkar\u012bgi no t\u0101, vai esat sp\u0113l\u0113t\u0101js, kas v\u0113las \u0101tr\u0101k iel\u0101d\u0113t l\u012bme\u0146us, rado\u0161s profesion\u0101lis, kas str\u0101d\u0101 ar lieliem failiem, vai vienk\u0101r\u0161i k\u0101ds, kas v\u0113las vienm\u0113r\u012bg\u0101ku un rea\u0123\u0113tsp\u0113j\u012bg\u0101ku datora darb\u012bbu, \u0161is disks noteikti nodro\u0161in\u0101s j\u016bsu vajadz\u012bbas. <\/p>&#13;\n&#13;\n<p>P\u0101rbaudiet zem\u0101k redzamos rezult\u0101tus <strong>Steam Deck<\/strong> izmantojot <strong>KingSpec 2230 NVMe 1TB<\/strong> kr\u0101tuve :<\/p>&#13;\n&#13;\n<p>Las\u012b\u0161anas \u0101trums: <strong>3621,35 MB\/s<\/strong><br\/>Ierakst\u012b\u0161anas \u0101trums:<strong> 2314,32 MB\/s<\/strong><\/p>&#13;\n&#13;\n<p><strong>CrystalDiskMark<\/strong> etalona programmat\u016bra veic vair\u0101kus testus ar kr\u0101tuvi, lai p\u0101rbaud\u012btu t\u0101s veiktsp\u0113ju da\u017e\u0101dos las\u012b\u0161anas\/rakst\u012b\u0161anas mode\u013cos. Rezult\u0101ti r\u0101da optim\u0101lo maksim\u0101lo las\u012b\u0161anas un rakst\u012b\u0161anas \u0101trumu pirmaj\u0101 rind\u0101. <\/p>&#13;\n&#13;\n<figure class=\"wp-block-image aligncenter\"><img fetchpriority=\"high\" decoding=\"async\" width=\"601\" height=\"438\" src=\"https:\/\/droix.eu\/wp-content\/uploads\/2022\/12\/r-w-speed-kigspec2230-steam-deck.png\" alt=\"SD KingSpec 2230 las&#x12B;&#x161;anas un rakst&#x12B;&#x161;anas &#x101;trums\" class=\"wp-image-94989\" srcset=\"https:\/\/droix.eu\/wp-content\/uploads\/2022\/12\/r-w-speed-kigspec2230-steam-deck.png 601w, https:\/\/droix.eu\/wp-content\/uploads\/2022\/12\/r-w-speed-kigspec2230-steam-deck-300x219.png 300w, https:\/\/droix.eu\/wp-content\/uploads\/2022\/12\/r-w-speed-kigspec2230-steam-deck-441x321.png 441w\" sizes=\"(max-width: 601px) 100vw, 601px\" \/><\/figure>&#13;\n&#13;\n<figure class=\"wp-block-image aligncenter\"><img decoding=\"async\" width=\"1500\" height=\"1500\" src=\"https:\/\/droix.eu\/wp-content\/uploads\/2022\/12\/SSD-EXPLINATION.png\" alt=\"ssd-izskaidrojo&#x161;ais r&#x12B;ks\" class=\"wp-image-105048\" srcset=\"https:\/\/droix.eu\/wp-content\/uploads\/2022\/12\/SSD-EXPLINATION.png 1500w, https:\/\/droix.eu\/wp-content\/uploads\/2022\/12\/SSD-EXPLINATION-300x300.png 300w, https:\/\/droix.eu\/wp-content\/uploads\/2022\/12\/SSD-EXPLINATION-100x100.png 100w, https:\/\/droix.eu\/wp-content\/uploads\/2022\/12\/SSD-EXPLINATION-1000x1000.png 1000w, https:\/\/droix.eu\/wp-content\/uploads\/2022\/12\/SSD-EXPLINATION-1024x1024.png 1024w, https:\/\/droix.eu\/wp-content\/uploads\/2022\/12\/SSD-EXPLINATION-768x768.png 768w, https:\/\/droix.eu\/wp-content\/uploads\/2022\/12\/SSD-EXPLINATION-990x990.png 990w, https:\/\/droix.eu\/wp-content\/uploads\/2022\/12\/SSD-EXPLINATION-441x441.png 441w\" sizes=\"(max-width: 1500px) 100vw, 1500px\" \/><\/figure>&#13;\n","protected":false},"excerpt":{"rendered":"<ul>\n<li>\u0100tr\u0101 NVMe \u0101trums<\/li>\n<li>Sader\u012bgs ar SteamDeck un GPD WIN Max 2  <\/li>\n<li>3 gadu garantija<\/li>\n<\/ul>\n[droix_global_accordions]\n[cg_accordion title=\"Komplekt\u0101 ietilpst\"]<\/p>\n<ul>\n<li>1x 22*30 NVMe SSD<\/li>\n<\/ul>\n<p>[\/cg_accordion]\n","protected":false},"featured_media":342440,"template":"","meta":{"_acf_changed":false},"product_brand":[],"product_cat":[22459,22457,22458],"product_tag":[],"woo-feed-brand":[],"key-features":[],"class_list":{"0":"post-513578","1":"product","2":"type-product","3":"status-publish","4":"has-post-thumbnail","6":"product_cat-aparatura","7":"product_cat-datortehnika","8":"product_cat-portativo-datoru-aparatura","9":"product_shipping_class-low-end","10":"pa_brands-kingspec-lv","12":"first","13":"instock","14":"taxable","15":"shipping-taxable","16":"purchasable","17":"product-type-variable","18":"has-default-attributes"},"acf":[],"aioseo_notices":[],"aioseo_head":"\n\t\t<!-- All in One SEO Pro 4.9.6.2 - aioseo.com -->\n\t<meta name=\"description\" content=\"\u0100tr\u0101 NVMe \u0101trums Sader\u012bgs ar SteamDeck un GPD WIN Max 2 3 gadu garantija Komplekt\u0101 ietilpst 1x 22*30 NVMe SSD\" \/>\n\t<meta name=\"robots\" content=\"max-image-preview:large\" \/>\n\t<link rel=\"canonical\" href=\"https:\/\/droix.eu\/lv\/product\/kingspec-2230-steam-deck-nvme-kratuve\/\" \/>\n\t<meta name=\"generator\" content=\"All in One SEO Pro (AIOSEO) 4.9.6.2\" \/>\n\t\t<meta property=\"og:locale\" content=\"lv_LV\" \/>\n\t\t<meta property=\"og:site_name\" content=\"DROIX EU - Get the latest Mini PCs, Ultrabook, PC Gaming Handhelds and more!\" \/>\n\t\t<meta property=\"og:type\" content=\"article\" \/>\n\t\t<meta property=\"og:title\" content=\"KingSpec 2230 Steam Deck NVMe kr\u0101tuve - DROIX EU\" \/>\n\t\t<meta property=\"og:description\" content=\"\u0100tr\u0101 NVMe \u0101trums Sader\u012bgs ar SteamDeck un GPD WIN Max 2 3 gadu garantija Komplekt\u0101 ietilpst 1x 22*30 NVMe SSD\" \/>\n\t\t<meta property=\"og:url\" content=\"https:\/\/droix.eu\/lv\/product\/kingspec-2230-steam-deck-nvme-kratuve\/\" \/>\n\t\t<meta property=\"og:image\" content=\"https:\/\/droix.eu\/wp-content\/uploads\/2024\/06\/droix-v2-light-logo.png\" \/>\n\t\t<meta property=\"og:image:secure_url\" content=\"https:\/\/droix.eu\/wp-content\/uploads\/2024\/06\/droix-v2-light-logo.png\" \/>\n\t\t<meta property=\"og:image:width\" content=\"380\" \/>\n\t\t<meta property=\"og:image:height\" content=\"118\" \/>\n\t\t<meta property=\"article:published_time\" content=\"2022-12-20T15:00:27+00:00\" \/>\n\t\t<meta property=\"article:modified_time\" content=\"2025-09-05T13:59:55+00:00\" \/>\n\t\t<meta property=\"article:publisher\" content=\"https:\/\/www.facebook.com\/DroiX.Store\" \/>\n\t\t<meta name=\"twitter:card\" content=\"summary_large_image\" \/>\n\t\t<meta name=\"twitter:site\" content=\"@DroiX_Store\" \/>\n\t\t<meta name=\"twitter:title\" content=\"KingSpec 2230 Steam Deck NVMe kr\u0101tuve - DROIX EU\" \/>\n\t\t<meta name=\"twitter:description\" content=\"\u0100tr\u0101 NVMe \u0101trums Sader\u012bgs ar SteamDeck un GPD WIN Max 2 3 gadu garantija Komplekt\u0101 ietilpst 1x 22*30 NVMe SSD\" \/>\n\t\t<meta name=\"twitter:image\" content=\"https:\/\/droix.eu\/wp-content\/uploads\/2024\/06\/droix-v2-light-logo.png\" \/>\n\t\t<script type=\"application\/ld+json\" class=\"aioseo-schema\">\n\t\t\t{\"@context\":\"https:\\\/\\\/schema.org\",\"@graph\":[{\"@type\":\"BreadcrumbList\",\"@id\":\"https:\\\/\\\/droix.eu\\\/lv\\\/product\\\/kingspec-2230-steam-deck-nvme-kratuve\\\/#breadcrumblist\",\"itemListElement\":[{\"@type\":\"ListItem\",\"@id\":\"https:\\\/\\\/droix.eu\\\/lv\\\/#listItem\",\"position\":1,\"name\":\"Home\",\"item\":\"https:\\\/\\\/droix.eu\\\/lv\\\/\",\"nextItem\":{\"@type\":\"ListItem\",\"@id\":\"https:\\\/\\\/droix.eu\\\/lv\\\/product-category\\\/aparatura\\\/#listItem\",\"name\":\"Aparat\\u016bra\"}},{\"@type\":\"ListItem\",\"@id\":\"https:\\\/\\\/droix.eu\\\/lv\\\/product-category\\\/aparatura\\\/#listItem\",\"position\":2,\"name\":\"Aparat\\u016bra\",\"item\":\"https:\\\/\\\/droix.eu\\\/lv\\\/product-category\\\/aparatura\\\/\",\"nextItem\":{\"@type\":\"ListItem\",\"@id\":\"https:\\\/\\\/droix.eu\\\/lv\\\/product-category\\\/aparatura\\\/datortehnika\\\/#listItem\",\"name\":\"Datortehnika\"},\"previousItem\":{\"@type\":\"ListItem\",\"@id\":\"https:\\\/\\\/droix.eu\\\/lv\\\/#listItem\",\"name\":\"Home\"}},{\"@type\":\"ListItem\",\"@id\":\"https:\\\/\\\/droix.eu\\\/lv\\\/product-category\\\/aparatura\\\/datortehnika\\\/#listItem\",\"position\":3,\"name\":\"Datortehnika\",\"item\":\"https:\\\/\\\/droix.eu\\\/lv\\\/product-category\\\/aparatura\\\/datortehnika\\\/\",\"nextItem\":{\"@type\":\"ListItem\",\"@id\":\"https:\\\/\\\/droix.eu\\\/lv\\\/product\\\/kingspec-2230-steam-deck-nvme-kratuve\\\/#listItem\",\"name\":\"KingSpec 2230 Steam Deck NVMe kr\\u0101tuve\"},\"previousItem\":{\"@type\":\"ListItem\",\"@id\":\"https:\\\/\\\/droix.eu\\\/lv\\\/product-category\\\/aparatura\\\/#listItem\",\"name\":\"Aparat\\u016bra\"}},{\"@type\":\"ListItem\",\"@id\":\"https:\\\/\\\/droix.eu\\\/lv\\\/product\\\/kingspec-2230-steam-deck-nvme-kratuve\\\/#listItem\",\"position\":4,\"name\":\"KingSpec 2230 Steam Deck NVMe kr\\u0101tuve\",\"previousItem\":{\"@type\":\"ListItem\",\"@id\":\"https:\\\/\\\/droix.eu\\\/lv\\\/product-category\\\/aparatura\\\/datortehnika\\\/#listItem\",\"name\":\"Datortehnika\"}}]},{\"@type\":\"Organization\",\"@id\":\"https:\\\/\\\/droix.eu\\\/lv\\\/#organization\",\"name\":\"DroiX \\u2013 Trusted EU Tech Retailer with 12+ Years Experience\",\"description\":\"DroiX is a leading European technology retailer with over 12 years of experience, offering quality mini PCs, handheld gaming consoles, and tech accessories. We provide hassle-free EU delivery with all taxes included, ensuring a smooth and reliable shopping experience for our customers across Europe.\",\"url\":\"https:\\\/\\\/droix.eu\\\/lv\\\/\",\"logo\":{\"@type\":\"ImageObject\",\"url\":\"https:\\\/\\\/droix.eu\\\/wp-content\\\/uploads\\\/2024\\\/06\\\/droix-v2-light-logo.png\",\"@id\":\"https:\\\/\\\/droix.eu\\\/lv\\\/product\\\/kingspec-2230-steam-deck-nvme-kratuve\\\/#organizationLogo\",\"width\":380,\"height\":118},\"image\":{\"@id\":\"https:\\\/\\\/droix.eu\\\/lv\\\/product\\\/kingspec-2230-steam-deck-nvme-kratuve\\\/#organizationLogo\"},\"sameAs\":[\"https:\\\/\\\/www.facebook.com\\\/DroiX.Store\",\"https:\\\/\\\/twitter.com\\\/DroiX_Store\",\"https:\\\/\\\/www.instagram.com\\\/droix.store\\\/\",\"https:\\\/\\\/www.tiktok.com\\\/@droix.store\",\"https:\\\/\\\/www.youtube.com\\\/c\\\/DroiX_Store\",\"https:\\\/\\\/uk.linkedin.com\\\/company\\\/droix\"]},{\"@type\":\"ProductGroup\",\"@id\":\"https:\\\/\\\/droix.eu\\\/lv\\\/product\\\/kingspec-2230-steam-deck-nvme-kratuve\\\/#wooCommerceProduct\",\"name\":\"KingSpec 2230 Steam Deck NVMe kr\\u0101tuve\",\"description\":\"\\u0100tr\\u0101 NVMe \\u0101trums\\n \\tSader\\u012bgs ar SteamDeck un GPD WIN Max 2  \\n \\t3 gadu garantija\",\"url\":\"https:\\\/\\\/droix.eu\\\/lv\\\/product\\\/kingspec-2230-steam-deck-nvme-kratuve\\\/\",\"image\":{\"@type\":\"ImageObject\",\"url\":\"https:\\\/\\\/droix.eu\\\/wp-content\\\/uploads\\\/2022\\\/12\\\/22_30NVME-LISTING-PICTURE-1TB-1.png\",\"@id\":\"https:\\\/\\\/droix.eu\\\/lv\\\/product\\\/kingspec-2230-steam-deck-nvme-kratuve\\\/#productImage\",\"width\":1500,\"height\":1500,\"caption\":\"KingSpec 1TB NVME 2230 kr\\u0101tuve\"},\"productGroupID\":513578,\"hasVariant\":[{\"@type\":\"Product\",\"@id\":\"https:\\\/\\\/droix.eu\\\/lv\\\/product\\\/kingspec-2230-steam-deck-nvme-kratuve\\\/#wooCommerceProduct\",\"name\":\"KingSpec 2230 Steam Deck NVMe kr\\u0101tuve - 512gb\",\"description\":\"\\u0100tr\\u0101 NVMe \\u0101trums\\n \\tSader\\u012bgs ar SteamDeck un GPD WIN Max 2  \\n \\t3 gadu garantija\",\"url\":\"https:\\\/\\\/droix.eu\\\/lv\\\/product\\\/kingspec-2230-steam-deck-nvme-kratuve\\\/\",\"sku\":\"KINGSPEC-NVME-2230-512GB\",\"image\":{\"@type\":\"ImageObject\",\"url\":\"https:\\\/\\\/droix.eu\\\/wp-content\\\/uploads\\\/2022\\\/12\\\/22_30NVME-LISTING-PICTURE-512GB-1.png\",\"@id\":\"https:\\\/\\\/droix.eu\\\/lv\\\/product\\\/kingspec-2230-steam-deck-nvme-kratuve\\\/#productImage\",\"width\":1500,\"height\":1500,\"caption\":\"KingSpec 512 GB NVME 2230 kr\\u0101tuve\"},\"offers\":{\"@type\":\"Offer\",\"url\":\"https:\\\/\\\/droix.eu\\\/lv\\\/product\\\/kingspec-2230-steam-deck-nvme-kratuve\\\/#wooCommerceOffer\",\"price\":\"59.95\",\"priceCurrency\":\"EUR\",\"category\":\"Aparat\\u016bra\",\"availability\":\"https:\\\/\\\/schema.org\\\/OutOfStock\",\"priceSpecification\":{\"@type\":\"PriceSpecification\",\"price\":59.95,\"priceCurrency\":\"EUR\",\"valueAddedTaxIncluded\":\"true\"}}}]},{\"@type\":\"WebPage\",\"@id\":\"https:\\\/\\\/droix.eu\\\/lv\\\/product\\\/kingspec-2230-steam-deck-nvme-kratuve\\\/#webpage\",\"url\":\"https:\\\/\\\/droix.eu\\\/lv\\\/product\\\/kingspec-2230-steam-deck-nvme-kratuve\\\/\",\"name\":\"KingSpec 2230 Steam Deck NVMe kr\\u0101tuve - DROIX EU\",\"description\":\"\\u0100tr\\u0101 NVMe \\u0101trums Sader\\u012bgs ar SteamDeck un GPD WIN Max 2 3 gadu garantija Komplekt\\u0101 ietilpst 1x 22*30 NVMe SSD\",\"inLanguage\":\"lv-LV\",\"isPartOf\":{\"@id\":\"https:\\\/\\\/droix.eu\\\/lv\\\/#website\"},\"breadcrumb\":{\"@id\":\"https:\\\/\\\/droix.eu\\\/lv\\\/product\\\/kingspec-2230-steam-deck-nvme-kratuve\\\/#breadcrumblist\"},\"image\":{\"@type\":\"ImageObject\",\"url\":\"https:\\\/\\\/droix.eu\\\/wp-content\\\/uploads\\\/2022\\\/12\\\/22_30NVME-LISTING-PICTURE-1TB-1.png\",\"@id\":\"https:\\\/\\\/droix.eu\\\/lv\\\/product\\\/kingspec-2230-steam-deck-nvme-kratuve\\\/#mainImage\",\"width\":1500,\"height\":1500,\"caption\":\"KingSpec 1TB NVME 2230 kr\\u0101tuve\"},\"primaryImageOfPage\":{\"@id\":\"https:\\\/\\\/droix.eu\\\/lv\\\/product\\\/kingspec-2230-steam-deck-nvme-kratuve\\\/#mainImage\"},\"datePublished\":\"2022-12-20T15:00:27+00:00\",\"dateModified\":\"2025-09-05T14:59:55+01:00\"},{\"@type\":\"WebSite\",\"@id\":\"https:\\\/\\\/droix.eu\\\/lv\\\/#website\",\"url\":\"https:\\\/\\\/droix.eu\\\/lv\\\/\",\"name\":\"DROIX EU\",\"description\":\"Get the latest Mini PCs, Ultrabook, PC Gaming Handhelds and more!\",\"inLanguage\":\"lv-LV\",\"publisher\":{\"@id\":\"https:\\\/\\\/droix.eu\\\/lv\\\/#organization\"}}]}\n\t\t<\/script>\n\t\t<!-- All in One SEO Pro -->\r\n\t\t<title>KingSpec 2230 Steam Deck NVMe kr\u0101tuve - DROIX EU<\/title>\n\n","aioseo_head_json":{"title":"KingSpec 2230 Steam Deck NVMe kr\u0101tuve - DROIX EU","description":"\u0100tr\u0101 NVMe \u0101trums Sader\u012bgs ar SteamDeck un GPD WIN Max 2 3 gadu garantija Komplekt\u0101 ietilpst 1x 22*30 NVMe SSD","canonical_url":"https:\/\/droix.eu\/lv\/product\/kingspec-2230-steam-deck-nvme-kratuve\/","robots":"max-image-preview:large","keywords":"","webmasterTools":{"miscellaneous":""},"schema":{"@context":"https:\/\/schema.org","@graph":[{"@type":"BreadcrumbList","@id":"https:\/\/droix.eu\/lv\/product\/kingspec-2230-steam-deck-nvme-kratuve\/#breadcrumblist","itemListElement":[{"@type":"ListItem","@id":"https:\/\/droix.eu\/lv\/#listItem","position":1,"name":"Home","item":"https:\/\/droix.eu\/lv\/","nextItem":{"@type":"ListItem","@id":"https:\/\/droix.eu\/lv\/product-category\/aparatura\/#listItem","name":"Aparat\u016bra"}},{"@type":"ListItem","@id":"https:\/\/droix.eu\/lv\/product-category\/aparatura\/#listItem","position":2,"name":"Aparat\u016bra","item":"https:\/\/droix.eu\/lv\/product-category\/aparatura\/","nextItem":{"@type":"ListItem","@id":"https:\/\/droix.eu\/lv\/product-category\/aparatura\/datortehnika\/#listItem","name":"Datortehnika"},"previousItem":{"@type":"ListItem","@id":"https:\/\/droix.eu\/lv\/#listItem","name":"Home"}},{"@type":"ListItem","@id":"https:\/\/droix.eu\/lv\/product-category\/aparatura\/datortehnika\/#listItem","position":3,"name":"Datortehnika","item":"https:\/\/droix.eu\/lv\/product-category\/aparatura\/datortehnika\/","nextItem":{"@type":"ListItem","@id":"https:\/\/droix.eu\/lv\/product\/kingspec-2230-steam-deck-nvme-kratuve\/#listItem","name":"KingSpec 2230 Steam Deck NVMe kr\u0101tuve"},"previousItem":{"@type":"ListItem","@id":"https:\/\/droix.eu\/lv\/product-category\/aparatura\/#listItem","name":"Aparat\u016bra"}},{"@type":"ListItem","@id":"https:\/\/droix.eu\/lv\/product\/kingspec-2230-steam-deck-nvme-kratuve\/#listItem","position":4,"name":"KingSpec 2230 Steam Deck NVMe kr\u0101tuve","previousItem":{"@type":"ListItem","@id":"https:\/\/droix.eu\/lv\/product-category\/aparatura\/datortehnika\/#listItem","name":"Datortehnika"}}]},{"@type":"Organization","@id":"https:\/\/droix.eu\/lv\/#organization","name":"DroiX \u2013 Trusted EU Tech Retailer with 12+ Years Experience","description":"DroiX is a leading European technology retailer with over 12 years of experience, offering quality mini PCs, handheld gaming consoles, and tech accessories. We provide hassle-free EU delivery with all taxes included, ensuring a smooth and reliable shopping experience for our customers across Europe.","url":"https:\/\/droix.eu\/lv\/","logo":{"@type":"ImageObject","url":"https:\/\/droix.eu\/wp-content\/uploads\/2024\/06\/droix-v2-light-logo.png","@id":"https:\/\/droix.eu\/lv\/product\/kingspec-2230-steam-deck-nvme-kratuve\/#organizationLogo","width":380,"height":118},"image":{"@id":"https:\/\/droix.eu\/lv\/product\/kingspec-2230-steam-deck-nvme-kratuve\/#organizationLogo"},"sameAs":["https:\/\/www.facebook.com\/DroiX.Store","https:\/\/twitter.com\/DroiX_Store","https:\/\/www.instagram.com\/droix.store\/","https:\/\/www.tiktok.com\/@droix.store","https:\/\/www.youtube.com\/c\/DroiX_Store","https:\/\/uk.linkedin.com\/company\/droix"]},{"@type":"ProductGroup","@id":"https:\/\/droix.eu\/lv\/product\/kingspec-2230-steam-deck-nvme-kratuve\/#wooCommerceProduct","name":"KingSpec 2230 Steam Deck NVMe kr\u0101tuve","description":"\u0100tr\u0101 NVMe \u0101trums\n \tSader\u012bgs ar SteamDeck un GPD WIN Max 2  \n \t3 gadu garantija","url":"https:\/\/droix.eu\/lv\/product\/kingspec-2230-steam-deck-nvme-kratuve\/","image":{"@type":"ImageObject","url":"https:\/\/droix.eu\/wp-content\/uploads\/2022\/12\/22_30NVME-LISTING-PICTURE-1TB-1.png","@id":"https:\/\/droix.eu\/lv\/product\/kingspec-2230-steam-deck-nvme-kratuve\/#productImage","width":1500,"height":1500,"caption":"KingSpec 1TB NVME 2230 kr\u0101tuve"},"productGroupID":513578,"hasVariant":[{"@type":"Product","@id":"https:\/\/droix.eu\/lv\/product\/kingspec-2230-steam-deck-nvme-kratuve\/#wooCommerceProduct","name":"KingSpec 2230 Steam Deck NVMe kr\u0101tuve - 512gb","description":"\u0100tr\u0101 NVMe \u0101trums\n \tSader\u012bgs ar SteamDeck un GPD WIN Max 2  \n \t3 gadu garantija","url":"https:\/\/droix.eu\/lv\/product\/kingspec-2230-steam-deck-nvme-kratuve\/","sku":"KINGSPEC-NVME-2230-512GB","image":{"@type":"ImageObject","url":"https:\/\/droix.eu\/wp-content\/uploads\/2022\/12\/22_30NVME-LISTING-PICTURE-512GB-1.png","@id":"https:\/\/droix.eu\/lv\/product\/kingspec-2230-steam-deck-nvme-kratuve\/#productImage","width":1500,"height":1500,"caption":"KingSpec 512 GB NVME 2230 kr\u0101tuve"},"offers":{"@type":"Offer","url":"https:\/\/droix.eu\/lv\/product\/kingspec-2230-steam-deck-nvme-kratuve\/#wooCommerceOffer","price":"59.95","priceCurrency":"EUR","category":"Aparat\u016bra","availability":"https:\/\/schema.org\/OutOfStock","priceSpecification":{"@type":"PriceSpecification","price":59.95,"priceCurrency":"EUR","valueAddedTaxIncluded":"true"}}}]},{"@type":"WebPage","@id":"https:\/\/droix.eu\/lv\/product\/kingspec-2230-steam-deck-nvme-kratuve\/#webpage","url":"https:\/\/droix.eu\/lv\/product\/kingspec-2230-steam-deck-nvme-kratuve\/","name":"KingSpec 2230 Steam Deck NVMe kr\u0101tuve - DROIX EU","description":"\u0100tr\u0101 NVMe \u0101trums Sader\u012bgs ar SteamDeck un GPD WIN Max 2 3 gadu garantija Komplekt\u0101 ietilpst 1x 22*30 NVMe SSD","inLanguage":"lv-LV","isPartOf":{"@id":"https:\/\/droix.eu\/lv\/#website"},"breadcrumb":{"@id":"https:\/\/droix.eu\/lv\/product\/kingspec-2230-steam-deck-nvme-kratuve\/#breadcrumblist"},"image":{"@type":"ImageObject","url":"https:\/\/droix.eu\/wp-content\/uploads\/2022\/12\/22_30NVME-LISTING-PICTURE-1TB-1.png","@id":"https:\/\/droix.eu\/lv\/product\/kingspec-2230-steam-deck-nvme-kratuve\/#mainImage","width":1500,"height":1500,"caption":"KingSpec 1TB NVME 2230 kr\u0101tuve"},"primaryImageOfPage":{"@id":"https:\/\/droix.eu\/lv\/product\/kingspec-2230-steam-deck-nvme-kratuve\/#mainImage"},"datePublished":"2022-12-20T15:00:27+00:00","dateModified":"2025-09-05T14:59:55+01:00"},{"@type":"WebSite","@id":"https:\/\/droix.eu\/lv\/#website","url":"https:\/\/droix.eu\/lv\/","name":"DROIX EU","description":"Get the latest Mini PCs, Ultrabook, PC Gaming Handhelds and more!","inLanguage":"lv-LV","publisher":{"@id":"https:\/\/droix.eu\/lv\/#organization"}}]},"og:locale":"lv_LV","og:site_name":"DROIX EU - Get the latest Mini PCs, Ultrabook, PC Gaming Handhelds and more!","og:type":"article","og:title":"KingSpec 2230 Steam Deck NVMe kr\u0101tuve - DROIX EU","og:description":"\u0100tr\u0101 NVMe \u0101trums Sader\u012bgs ar SteamDeck un GPD WIN Max 2 3 gadu garantija Komplekt\u0101 ietilpst 1x 22*30 NVMe SSD","og:url":"https:\/\/droix.eu\/lv\/product\/kingspec-2230-steam-deck-nvme-kratuve\/","og:image":"https:\/\/droix.eu\/wp-content\/uploads\/2024\/06\/droix-v2-light-logo.png","og:image:secure_url":"https:\/\/droix.eu\/wp-content\/uploads\/2024\/06\/droix-v2-light-logo.png","og:image:width":380,"og:image:height":118,"article:published_time":"2022-12-20T15:00:27+00:00","article:modified_time":"2025-09-05T13:59:55+00:00","article:publisher":"https:\/\/www.facebook.com\/DroiX.Store","twitter:card":"summary_large_image","twitter:site":"@DroiX_Store","twitter:title":"KingSpec 2230 Steam Deck NVMe kr\u0101tuve - DROIX EU","twitter:description":"\u0100tr\u0101 NVMe \u0101trums Sader\u012bgs ar SteamDeck un GPD WIN Max 2 3 gadu garantija Komplekt\u0101 ietilpst 1x 22*30 NVMe SSD","twitter:image":"https:\/\/droix.eu\/wp-content\/uploads\/2024\/06\/droix-v2-light-logo.png"},"aioseo_meta_data":{"post_id":"513578","title":null,"description":null,"keywords":null,"keyphrases":null,"primary_term":null,"canonical_url":null,"og_title":null,"og_description":null,"og_object_type":"default","og_image_type":"default","og_image_url":null,"og_image_width":null,"og_image_height":null,"og_image_custom_url":null,"og_image_custom_fields":null,"og_video":null,"og_custom_url":null,"og_article_section":null,"og_article_tags":null,"twitter_use_og":true,"twitter_card":"default","twitter_image_type":"default","twitter_image_url":null,"twitter_image_custom_url":null,"twitter_image_custom_fields":null,"twitter_title":null,"twitter_description":null,"schema":{"blockGraphs":[],"customGraphs":[],"default":{"data":{"Article":[],"Course":[],"Dataset":[],"FAQPage":[],"Movie":[],"Person":[],"Product":[],"ProductReview":[],"Car":[],"Recipe":[],"Service":[],"SoftwareApplication":[],"WebPage":[]},"graphName":"","isEnabled":true},"graphs":[]},"schema_type":"default","schema_type_options":null,"pillar_content":false,"robots_default":true,"robots_noindex":false,"robots_noarchive":false,"robots_nosnippet":false,"robots_nofollow":false,"robots_noimageindex":false,"robots_noodp":false,"robots_notranslate":false,"robots_max_snippet":null,"robots_max_videopreview":null,"robots_max_imagepreview":"large","priority":null,"frequency":null,"local_seo":null,"seo_analyzer_scan_date":"2025-10-24 12:01:20","breadcrumb_settings":null,"limit_modified_date":false,"reviewed_by":null,"open_ai":null,"ai":null,"created":"2025-10-09 04:05:25","updated":"2025-11-27 02:11:27"},"aioseo_breadcrumb":"<div class=\"aioseo-breadcrumbs\"><span class=\"aioseo-breadcrumb\">\n\t<a href=\"https:\/\/droix.eu\/lv\/\" title=\"Home\">Home<\/a>\n<\/span><span class=\"aioseo-breadcrumb-separator\">&raquo;<\/span><span class=\"aioseo-breadcrumb\">\n\t<a href=\"https:\/\/droix.eu\/lv\/product-category\/aparatura\/\" title=\"Aparat\u016bra\">Aparat\u016bra<\/a>\n<\/span><span class=\"aioseo-breadcrumb-separator\">&raquo;<\/span><span class=\"aioseo-breadcrumb\">\n\t<a href=\"https:\/\/droix.eu\/lv\/product-category\/aparatura\/datortehnika\/\" title=\"Datortehnika\">Datortehnika<\/a>\n<\/span><span class=\"aioseo-breadcrumb-separator\">&raquo;<\/span><span class=\"aioseo-breadcrumb\">\n\tKingSpec 2230 Steam Deck NVMe kr\u0101tuve\n<\/span><\/div>","aioseo_breadcrumb_json":[{"label":"Home","link":"https:\/\/droix.eu\/lv\/"},{"label":"Aparat\u016bra","link":"https:\/\/droix.eu\/lv\/product-category\/aparatura\/"},{"label":"Datortehnika","link":"https:\/\/droix.eu\/lv\/product-category\/aparatura\/datortehnika\/"},{"label":"KingSpec 2230 Steam Deck NVMe kr\u0101tuve","link":"https:\/\/droix.eu\/lv\/product\/kingspec-2230-steam-deck-nvme-kratuve\/"}],"_links":{"self":[{"href":"https:\/\/droix.eu\/lv\/wp-json\/wp\/v2\/product\/513578","targetHints":{"allow":["GET"]}}],"collection":[{"href":"https:\/\/droix.eu\/lv\/wp-json\/wp\/v2\/product"}],"about":[{"href":"https:\/\/droix.eu\/lv\/wp-json\/wp\/v2\/types\/product"}],"version-history":[{"count":0,"href":"https:\/\/droix.eu\/lv\/wp-json\/wp\/v2\/product\/513578\/revisions"}],"wp:featuredmedia":[{"embeddable":true,"href":"https:\/\/droix.eu\/lv\/wp-json\/wp\/v2\/media\/342440"}],"wp:attachment":[{"href":"https:\/\/droix.eu\/lv\/wp-json\/wp\/v2\/media?parent=513578"}],"wp:term":[{"taxonomy":"product_brand","embeddable":true,"href":"https:\/\/droix.eu\/lv\/wp-json\/wp\/v2\/product_brand?post=513578"},{"taxonomy":"product_cat","embeddable":true,"href":"https:\/\/droix.eu\/lv\/wp-json\/wp\/v2\/product_cat?post=513578"},{"taxonomy":"product_tag","embeddable":true,"href":"https:\/\/droix.eu\/lv\/wp-json\/wp\/v2\/product_tag?post=513578"},{"taxonomy":"woo-feed-brand","embeddable":true,"href":"https:\/\/droix.eu\/lv\/wp-json\/wp\/v2\/woo-feed-brand?post=513578"},{"taxonomy":"key-features","embeddable":true,"href":"https:\/\/droix.eu\/lv\/wp-json\/wp\/v2\/key-features?post=513578"}],"curies":[{"name":"wp","href":"https:\/\/api.w.org\/{rel}","templated":true}]}}