{"id":511865,"date":"2023-05-25T09:22:48","date_gmt":"2023-05-25T09:22:48","guid":{"rendered":"https:\/\/droix.eu\/product\/gpd-win-4-cieto-korpusu-futralis\/"},"modified":"2026-01-22T14:38:33","modified_gmt":"2026-01-22T14:38:33","slug":"gpd-win-4-cieto-korpusu-futralis","status":"publish","type":"product","link":"https:\/\/droix.eu\/lv\/product\/gpd-win-4-cieto-korpusu-futralis\/","title":{"rendered":"GPD WIN 4 cieto korpusu futr\u0101lis"},"content":{"rendered":"<p><strong>GPD WIN 4 ir<\/strong> jaud\u012bgi portat\u012bvie sp\u0113\u013cu datori, kas ir izstr\u0101d\u0101ti, lai nodro\u0161in\u0101tu aizraujo\u0161u sp\u0113\u013cu pieredzi, atrodoties ce\u013c\u0101. Lai aizsarg\u0101tu \u0161\u012bs augst\u0101k\u0101s klases ier\u012bces no skr\u0101p\u0113jumiem, triecieniem un citiem \u0101r\u0113jiem boj\u0101jumiem, tiek izmantots  <strong>cieto korpusu aizsargv\u0101ci\u0146\u0161<\/strong>  ir nepiecie\u0161ams. GPD WIN 4 cietais aizsargv\u0101ci\u0146\u0161 ir iztur\u012bgs, viegls un stil\u012bgs futr\u0101lis, kas ir \u012bpa\u0161i izstr\u0101d\u0101ts, lai atbilstu \u0161iem sp\u0113\u013cu portat\u012bvajiem datoriem. Futr\u0101lis ir izgatavots no augstas kvalit\u0101tes materi\u0101liem, piem\u0113ram, polikarbon\u0101ta un ABS plastmasas, kas nodro\u0161ina izcilu aizsardz\u012bbu pret triecieniem, skr\u0101p\u0113jumiem un citiem \u0101r\u0113jiem boj\u0101jumiem. futr\u0101\u013ca iek\u0161puse ir izkl\u0101ta ar m\u012bkstu un gludu audumu, kas nodro\u0161ina papildu aizsardz\u012bbu pret skr\u0101p\u0113jumiem un putek\u013ciem. Futr\u0101l\u012b ir ar\u012b dro\u0161s r\u0101v\u0113jsl\u0113dz\u0113ja aizdare, kas nodro\u0161ina, ka p\u0101rn\u0113s\u0101jamais portat\u012bvais dators paliek sav\u0101 viet\u0101, kam\u0113r to p\u0101rvad\u0101.<\/p>\n","protected":false},"excerpt":{"rendered":"<ul>\n<li><strong>Ofici\u0101lais GPD<\/strong> aizsargv\u0101ci\u0146\u0161 GPD WIN 4<\/li>\n<li><strong>Iztur\u012bgs<\/strong> \u0101r\u0113jais sint\u0113tisk\u0101 polim\u0113ra apvalks<\/li>\n<li>M\u012bksta auduma odere <strong>papildu aizsardz\u012bbai<\/strong>.<\/li>\n<li><strong>Atsevi\u0161\u0137s nodal\u012bjums<\/strong> perif\u0113rijas ier\u012bc\u0113m.<\/li>\n<li>Elegants dizains ar dro\u0161u r\u0101v\u0113jsl\u0113dz\u0113ja aizdari.<\/li>\n<\/ul>\n<p>[droix_global_accordions]<br \/>\n[cg_accordion title=\"Komplekt\u0101 ietilpst\"]<\/p>\n<ul>\n<li>1x GPD WIN 4 cieto korpusu korpuss<\/li>\n<\/ul>\n<p>[\/cg_accordion]<\/p>\n","protected":false},"featured_media":409293,"template":"","meta":{"_acf_changed":false},"product_brand":[],"product_cat":[10083,10596],"product_tag":[],"woo-feed-brand":[2198],"key-features":[],"class_list":{"0":"post-511865","1":"product","2":"type-product","3":"status-publish","4":"has-post-thumbnail","6":"product_cat-aksesuari","7":"product_cat-spelu-aksesuari","8":"product_shipping_class-low-end","9":"pa_accessory-type-protective-case","10":"pa_brands-gpd-lv","11":"woo-feed-brand-gpd","13":"first","14":"outofstock","15":"sale","16":"taxable","17":"shipping-taxable","18":"purchasable","19":"product-type-simple"},"acf":[],"aioseo_notices":[],"aioseo_head":"\n\t\t<!-- All in One SEO Pro 4.9.6.2 - aioseo.com -->\n\t<meta name=\"description\" content=\"Ofici\u0101lais GPD aizsargv\u0101ci\u0146\u0161 GPD WIN 4 Iztur\u012bgs \u0101r\u0113jais sint\u0113tisk\u0101 polim\u0113ra apvalks M\u012bksta auduma odere papildu aizsardz\u012bbai. Atsevi\u0161\u0137s nodal\u012bjums perif\u0113rijas ier\u012bc\u0113m. Elegants dizains ar dro\u0161u r\u0101v\u0113jsl\u0113dz\u0113ja aizdari. Komplekt\u0101 ietilpst 1x GPD WIN 4 cieto korpusu korpuss\" \/>\n\t<meta name=\"robots\" content=\"max-image-preview:large\" \/>\n\t<link rel=\"canonical\" href=\"https:\/\/droix.eu\/lv\/product\/gpd-win-4-cieto-korpusu-futralis\/\" \/>\n\t<meta name=\"generator\" content=\"All in One SEO Pro (AIOSEO) 4.9.6.2\" \/>\n\t\t<meta property=\"og:locale\" content=\"lv_LV\" \/>\n\t\t<meta property=\"og:site_name\" content=\"DROIX EU - Get the latest Mini PCs, Ultrabook, PC Gaming Handhelds and more!\" \/>\n\t\t<meta property=\"og:type\" content=\"article\" \/>\n\t\t<meta property=\"og:title\" content=\"GPD WIN 4 cieto korpusu futr\u0101lis - DROIX EU\" \/>\n\t\t<meta property=\"og:description\" content=\"Ofici\u0101lais GPD aizsargv\u0101ci\u0146\u0161 GPD WIN 4 Iztur\u012bgs \u0101r\u0113jais sint\u0113tisk\u0101 polim\u0113ra apvalks M\u012bksta auduma odere papildu aizsardz\u012bbai. Atsevi\u0161\u0137s nodal\u012bjums perif\u0113rijas ier\u012bc\u0113m. Elegants dizains ar dro\u0161u r\u0101v\u0113jsl\u0113dz\u0113ja aizdari. Komplekt\u0101 ietilpst 1x GPD WIN 4 cieto korpusu korpuss\" \/>\n\t\t<meta property=\"og:url\" content=\"https:\/\/droix.eu\/lv\/product\/gpd-win-4-cieto-korpusu-futralis\/\" \/>\n\t\t<meta property=\"og:image\" content=\"https:\/\/droix.eu\/wp-content\/uploads\/2024\/06\/droix-v2-light-logo.png\" \/>\n\t\t<meta property=\"og:image:secure_url\" content=\"https:\/\/droix.eu\/wp-content\/uploads\/2024\/06\/droix-v2-light-logo.png\" \/>\n\t\t<meta property=\"og:image:width\" content=\"380\" \/>\n\t\t<meta property=\"og:image:height\" content=\"118\" \/>\n\t\t<meta property=\"article:published_time\" content=\"2023-05-25T09:22:48+00:00\" \/>\n\t\t<meta property=\"article:modified_time\" content=\"2026-01-22T14:38:33+00:00\" \/>\n\t\t<meta property=\"article:publisher\" content=\"https:\/\/www.facebook.com\/DroiX.Store\" \/>\n\t\t<meta name=\"twitter:card\" content=\"summary_large_image\" \/>\n\t\t<meta name=\"twitter:site\" content=\"@DroiX_Store\" \/>\n\t\t<meta name=\"twitter:title\" content=\"GPD WIN 4 cieto korpusu futr\u0101lis - DROIX EU\" \/>\n\t\t<meta name=\"twitter:description\" content=\"Ofici\u0101lais GPD aizsargv\u0101ci\u0146\u0161 GPD WIN 4 Iztur\u012bgs \u0101r\u0113jais sint\u0113tisk\u0101 polim\u0113ra apvalks M\u012bksta auduma odere papildu aizsardz\u012bbai. Atsevi\u0161\u0137s nodal\u012bjums perif\u0113rijas ier\u012bc\u0113m. Elegants dizains ar dro\u0161u r\u0101v\u0113jsl\u0113dz\u0113ja aizdari. Komplekt\u0101 ietilpst 1x GPD WIN 4 cieto korpusu korpuss\" \/>\n\t\t<meta name=\"twitter:image\" content=\"https:\/\/droix.eu\/wp-content\/uploads\/2024\/06\/droix-v2-light-logo.png\" \/>\n\t\t<script type=\"application\/ld+json\" class=\"aioseo-schema\">\n\t\t\t{\"@context\":\"https:\\\/\\\/schema.org\",\"@graph\":[{\"@type\":\"BreadcrumbList\",\"@id\":\"https:\\\/\\\/droix.eu\\\/lv\\\/product\\\/gpd-win-4-cieto-korpusu-futralis\\\/#breadcrumblist\",\"itemListElement\":[{\"@type\":\"ListItem\",\"@id\":\"https:\\\/\\\/droix.eu\\\/lv\\\/#listItem\",\"position\":1,\"name\":\"Home\",\"item\":\"https:\\\/\\\/droix.eu\\\/lv\\\/\",\"nextItem\":{\"@type\":\"ListItem\",\"@id\":\"https:\\\/\\\/droix.eu\\\/lv\\\/product-category\\\/aksesuari\\\/#listItem\",\"name\":\"Aksesu\\u0101ri\"}},{\"@type\":\"ListItem\",\"@id\":\"https:\\\/\\\/droix.eu\\\/lv\\\/product-category\\\/aksesuari\\\/#listItem\",\"position\":2,\"name\":\"Aksesu\\u0101ri\",\"item\":\"https:\\\/\\\/droix.eu\\\/lv\\\/product-category\\\/aksesuari\\\/\",\"nextItem\":{\"@type\":\"ListItem\",\"@id\":\"https:\\\/\\\/droix.eu\\\/lv\\\/product-category\\\/aksesuari\\\/spelu-aksesuari\\\/#listItem\",\"name\":\"Sp\\u0113\\u013cu aksesu\\u0101ri\"},\"previousItem\":{\"@type\":\"ListItem\",\"@id\":\"https:\\\/\\\/droix.eu\\\/lv\\\/#listItem\",\"name\":\"Home\"}},{\"@type\":\"ListItem\",\"@id\":\"https:\\\/\\\/droix.eu\\\/lv\\\/product-category\\\/aksesuari\\\/spelu-aksesuari\\\/#listItem\",\"position\":3,\"name\":\"Sp\\u0113\\u013cu aksesu\\u0101ri\",\"item\":\"https:\\\/\\\/droix.eu\\\/lv\\\/product-category\\\/aksesuari\\\/spelu-aksesuari\\\/\",\"nextItem\":{\"@type\":\"ListItem\",\"@id\":\"https:\\\/\\\/droix.eu\\\/lv\\\/product\\\/gpd-win-4-cieto-korpusu-futralis\\\/#listItem\",\"name\":\"GPD WIN 4 cieto korpusu futr\\u0101lis\"},\"previousItem\":{\"@type\":\"ListItem\",\"@id\":\"https:\\\/\\\/droix.eu\\\/lv\\\/product-category\\\/aksesuari\\\/#listItem\",\"name\":\"Aksesu\\u0101ri\"}},{\"@type\":\"ListItem\",\"@id\":\"https:\\\/\\\/droix.eu\\\/lv\\\/product\\\/gpd-win-4-cieto-korpusu-futralis\\\/#listItem\",\"position\":4,\"name\":\"GPD WIN 4 cieto korpusu futr\\u0101lis\",\"previousItem\":{\"@type\":\"ListItem\",\"@id\":\"https:\\\/\\\/droix.eu\\\/lv\\\/product-category\\\/aksesuari\\\/spelu-aksesuari\\\/#listItem\",\"name\":\"Sp\\u0113\\u013cu aksesu\\u0101ri\"}}]},{\"@type\":\"Organization\",\"@id\":\"https:\\\/\\\/droix.eu\\\/lv\\\/#organization\",\"name\":\"DroiX \\u2013 Trusted EU Tech Retailer with 12+ Years Experience\",\"description\":\"DroiX is a leading European technology retailer with over 12 years of experience, offering quality mini PCs, handheld gaming consoles, and tech accessories. We provide hassle-free EU delivery with all taxes included, ensuring a smooth and reliable shopping experience for our customers across Europe.\",\"url\":\"https:\\\/\\\/droix.eu\\\/lv\\\/\",\"logo\":{\"@type\":\"ImageObject\",\"url\":\"https:\\\/\\\/droix.eu\\\/wp-content\\\/uploads\\\/2024\\\/06\\\/droix-v2-light-logo.png\",\"@id\":\"https:\\\/\\\/droix.eu\\\/lv\\\/product\\\/gpd-win-4-cieto-korpusu-futralis\\\/#organizationLogo\",\"width\":380,\"height\":118},\"image\":{\"@id\":\"https:\\\/\\\/droix.eu\\\/lv\\\/product\\\/gpd-win-4-cieto-korpusu-futralis\\\/#organizationLogo\"},\"sameAs\":[\"https:\\\/\\\/www.facebook.com\\\/DroiX.Store\",\"https:\\\/\\\/twitter.com\\\/DroiX_Store\",\"https:\\\/\\\/www.instagram.com\\\/droix.store\\\/\",\"https:\\\/\\\/www.tiktok.com\\\/@droix.store\",\"https:\\\/\\\/www.youtube.com\\\/c\\\/DroiX_Store\",\"https:\\\/\\\/uk.linkedin.com\\\/company\\\/droix\"]},{\"@type\":\"Product\",\"@id\":\"https:\\\/\\\/droix.eu\\\/lv\\\/product\\\/gpd-win-4-cieto-korpusu-futralis\\\/#wooCommerceProduct\",\"name\":\"GPD WIN 4 cieto korpusu futr\\u0101lis\",\"description\":\"Ofici\\u0101lais GPD aizsargv\\u0101ci\\u0146\\u0161 GPD WIN 4\\n \\tIztur\\u012bgs \\u0101r\\u0113jais sint\\u0113tisk\\u0101 polim\\u0113ra apvalks\\n \\tM\\u012bksta auduma odere papildu aizsardz\\u012bbai.\\n \\tAtsevi\\u0161\\u0137s nodal\\u012bjums perif\\u0113rijas ier\\u012bc\\u0113m.\\n \\tElegants dizains ar dro\\u0161u r\\u0101v\\u0113jsl\\u0113dz\\u0113ja aizdari.\",\"url\":\"https:\\\/\\\/droix.eu\\\/lv\\\/product\\\/gpd-win-4-cieto-korpusu-futralis\\\/\",\"sku\":\"GPD-WIN_4-CASE\",\"gtin\":\"5060763675322\",\"image\":{\"@type\":\"ImageObject\",\"url\":\"https:\\\/\\\/droix.eu\\\/wp-content\\\/uploads\\\/2023\\\/05\\\/51y5P54tgzLready-gpd-4.png\",\"@id\":\"https:\\\/\\\/droix.eu\\\/lv\\\/product\\\/gpd-win-4-cieto-korpusu-futralis\\\/#productImage\",\"width\":1000,\"height\":1000},\"offers\":{\"@type\":\"Offer\",\"url\":\"https:\\\/\\\/droix.eu\\\/lv\\\/product\\\/gpd-win-4-cieto-korpusu-futralis\\\/#wooCommerceOffer\",\"price\":27,\"priceCurrency\":\"EUR\",\"category\":\"Aksesu\\u0101ri\",\"availability\":\"https:\\\/\\\/schema.org\\\/OutOfStock\",\"priceSpecification\":{\"@type\":\"PriceSpecification\",\"price\":27,\"priceCurrency\":\"EUR\",\"valueAddedTaxIncluded\":\"true\"},\"seller\":{\"@type\":\"Organization\",\"@id\":\"https:\\\/\\\/droix.eu\\\/lv\\\/#organization\"}}},{\"@type\":\"WebPage\",\"@id\":\"https:\\\/\\\/droix.eu\\\/lv\\\/product\\\/gpd-win-4-cieto-korpusu-futralis\\\/#webpage\",\"url\":\"https:\\\/\\\/droix.eu\\\/lv\\\/product\\\/gpd-win-4-cieto-korpusu-futralis\\\/\",\"name\":\"GPD WIN 4 cieto korpusu futr\\u0101lis - DROIX EU\",\"description\":\"Ofici\\u0101lais GPD aizsargv\\u0101ci\\u0146\\u0161 GPD WIN 4 Iztur\\u012bgs \\u0101r\\u0113jais sint\\u0113tisk\\u0101 polim\\u0113ra apvalks M\\u012bksta auduma odere papildu aizsardz\\u012bbai. Atsevi\\u0161\\u0137s nodal\\u012bjums perif\\u0113rijas ier\\u012bc\\u0113m. Elegants dizains ar dro\\u0161u r\\u0101v\\u0113jsl\\u0113dz\\u0113ja aizdari. Komplekt\\u0101 ietilpst 1x GPD WIN 4 cieto korpusu korpuss\",\"inLanguage\":\"lv-LV\",\"isPartOf\":{\"@id\":\"https:\\\/\\\/droix.eu\\\/lv\\\/#website\"},\"breadcrumb\":{\"@id\":\"https:\\\/\\\/droix.eu\\\/lv\\\/product\\\/gpd-win-4-cieto-korpusu-futralis\\\/#breadcrumblist\"},\"image\":{\"@type\":\"ImageObject\",\"url\":\"https:\\\/\\\/droix.eu\\\/wp-content\\\/uploads\\\/2023\\\/05\\\/51y5P54tgzLready-gpd-4.png\",\"@id\":\"https:\\\/\\\/droix.eu\\\/lv\\\/product\\\/gpd-win-4-cieto-korpusu-futralis\\\/#mainImage\",\"width\":1000,\"height\":1000},\"primaryImageOfPage\":{\"@id\":\"https:\\\/\\\/droix.eu\\\/lv\\\/product\\\/gpd-win-4-cieto-korpusu-futralis\\\/#mainImage\"},\"datePublished\":\"2023-05-25T09:22:48+01:00\",\"dateModified\":\"2026-01-22T14:38:33+00:00\"},{\"@type\":\"WebSite\",\"@id\":\"https:\\\/\\\/droix.eu\\\/lv\\\/#website\",\"url\":\"https:\\\/\\\/droix.eu\\\/lv\\\/\",\"name\":\"DROIX EU\",\"description\":\"Get the latest Mini PCs, Ultrabook, PC Gaming Handhelds and more!\",\"inLanguage\":\"lv-LV\",\"publisher\":{\"@id\":\"https:\\\/\\\/droix.eu\\\/lv\\\/#organization\"}}]}\n\t\t<\/script>\n\t\t<!-- All in One SEO Pro -->\r\n\t\t<title>GPD WIN 4 cieto korpusu futr\u0101lis - DROIX EU<\/title>\n\n","aioseo_head_json":{"title":"GPD WIN 4 cieto korpusu futr\u0101lis - DROIX EU","description":"Ofici\u0101lais GPD aizsargv\u0101ci\u0146\u0161 GPD WIN 4 Iztur\u012bgs \u0101r\u0113jais sint\u0113tisk\u0101 polim\u0113ra apvalks M\u012bksta auduma odere papildu aizsardz\u012bbai. Atsevi\u0161\u0137s nodal\u012bjums perif\u0113rijas ier\u012bc\u0113m. Elegants dizains ar dro\u0161u r\u0101v\u0113jsl\u0113dz\u0113ja aizdari. Komplekt\u0101 ietilpst 1x GPD WIN 4 cieto korpusu korpuss","canonical_url":"https:\/\/droix.eu\/lv\/product\/gpd-win-4-cieto-korpusu-futralis\/","robots":"max-image-preview:large","keywords":"","webmasterTools":{"miscellaneous":""},"schema":{"@context":"https:\/\/schema.org","@graph":[{"@type":"BreadcrumbList","@id":"https:\/\/droix.eu\/lv\/product\/gpd-win-4-cieto-korpusu-futralis\/#breadcrumblist","itemListElement":[{"@type":"ListItem","@id":"https:\/\/droix.eu\/lv\/#listItem","position":1,"name":"Home","item":"https:\/\/droix.eu\/lv\/","nextItem":{"@type":"ListItem","@id":"https:\/\/droix.eu\/lv\/product-category\/aksesuari\/#listItem","name":"Aksesu\u0101ri"}},{"@type":"ListItem","@id":"https:\/\/droix.eu\/lv\/product-category\/aksesuari\/#listItem","position":2,"name":"Aksesu\u0101ri","item":"https:\/\/droix.eu\/lv\/product-category\/aksesuari\/","nextItem":{"@type":"ListItem","@id":"https:\/\/droix.eu\/lv\/product-category\/aksesuari\/spelu-aksesuari\/#listItem","name":"Sp\u0113\u013cu aksesu\u0101ri"},"previousItem":{"@type":"ListItem","@id":"https:\/\/droix.eu\/lv\/#listItem","name":"Home"}},{"@type":"ListItem","@id":"https:\/\/droix.eu\/lv\/product-category\/aksesuari\/spelu-aksesuari\/#listItem","position":3,"name":"Sp\u0113\u013cu aksesu\u0101ri","item":"https:\/\/droix.eu\/lv\/product-category\/aksesuari\/spelu-aksesuari\/","nextItem":{"@type":"ListItem","@id":"https:\/\/droix.eu\/lv\/product\/gpd-win-4-cieto-korpusu-futralis\/#listItem","name":"GPD WIN 4 cieto korpusu futr\u0101lis"},"previousItem":{"@type":"ListItem","@id":"https:\/\/droix.eu\/lv\/product-category\/aksesuari\/#listItem","name":"Aksesu\u0101ri"}},{"@type":"ListItem","@id":"https:\/\/droix.eu\/lv\/product\/gpd-win-4-cieto-korpusu-futralis\/#listItem","position":4,"name":"GPD WIN 4 cieto korpusu futr\u0101lis","previousItem":{"@type":"ListItem","@id":"https:\/\/droix.eu\/lv\/product-category\/aksesuari\/spelu-aksesuari\/#listItem","name":"Sp\u0113\u013cu aksesu\u0101ri"}}]},{"@type":"Organization","@id":"https:\/\/droix.eu\/lv\/#organization","name":"DroiX \u2013 Trusted EU Tech Retailer with 12+ Years Experience","description":"DroiX is a leading European technology retailer with over 12 years of experience, offering quality mini PCs, handheld gaming consoles, and tech accessories. We provide hassle-free EU delivery with all taxes included, ensuring a smooth and reliable shopping experience for our customers across Europe.","url":"https:\/\/droix.eu\/lv\/","logo":{"@type":"ImageObject","url":"https:\/\/droix.eu\/wp-content\/uploads\/2024\/06\/droix-v2-light-logo.png","@id":"https:\/\/droix.eu\/lv\/product\/gpd-win-4-cieto-korpusu-futralis\/#organizationLogo","width":380,"height":118},"image":{"@id":"https:\/\/droix.eu\/lv\/product\/gpd-win-4-cieto-korpusu-futralis\/#organizationLogo"},"sameAs":["https:\/\/www.facebook.com\/DroiX.Store","https:\/\/twitter.com\/DroiX_Store","https:\/\/www.instagram.com\/droix.store\/","https:\/\/www.tiktok.com\/@droix.store","https:\/\/www.youtube.com\/c\/DroiX_Store","https:\/\/uk.linkedin.com\/company\/droix"]},{"@type":"Product","@id":"https:\/\/droix.eu\/lv\/product\/gpd-win-4-cieto-korpusu-futralis\/#wooCommerceProduct","name":"GPD WIN 4 cieto korpusu futr\u0101lis","description":"Ofici\u0101lais GPD aizsargv\u0101ci\u0146\u0161 GPD WIN 4\n \tIztur\u012bgs \u0101r\u0113jais sint\u0113tisk\u0101 polim\u0113ra apvalks\n \tM\u012bksta auduma odere papildu aizsardz\u012bbai.\n \tAtsevi\u0161\u0137s nodal\u012bjums perif\u0113rijas ier\u012bc\u0113m.\n \tElegants dizains ar dro\u0161u r\u0101v\u0113jsl\u0113dz\u0113ja aizdari.","url":"https:\/\/droix.eu\/lv\/product\/gpd-win-4-cieto-korpusu-futralis\/","sku":"GPD-WIN_4-CASE","gtin":"5060763675322","image":{"@type":"ImageObject","url":"https:\/\/droix.eu\/wp-content\/uploads\/2023\/05\/51y5P54tgzLready-gpd-4.png","@id":"https:\/\/droix.eu\/lv\/product\/gpd-win-4-cieto-korpusu-futralis\/#productImage","width":1000,"height":1000},"offers":{"@type":"Offer","url":"https:\/\/droix.eu\/lv\/product\/gpd-win-4-cieto-korpusu-futralis\/#wooCommerceOffer","price":27,"priceCurrency":"EUR","category":"Aksesu\u0101ri","availability":"https:\/\/schema.org\/OutOfStock","priceSpecification":{"@type":"PriceSpecification","price":27,"priceCurrency":"EUR","valueAddedTaxIncluded":"true"},"seller":{"@type":"Organization","@id":"https:\/\/droix.eu\/lv\/#organization"}}},{"@type":"WebPage","@id":"https:\/\/droix.eu\/lv\/product\/gpd-win-4-cieto-korpusu-futralis\/#webpage","url":"https:\/\/droix.eu\/lv\/product\/gpd-win-4-cieto-korpusu-futralis\/","name":"GPD WIN 4 cieto korpusu futr\u0101lis - DROIX EU","description":"Ofici\u0101lais GPD aizsargv\u0101ci\u0146\u0161 GPD WIN 4 Iztur\u012bgs \u0101r\u0113jais sint\u0113tisk\u0101 polim\u0113ra apvalks M\u012bksta auduma odere papildu aizsardz\u012bbai. Atsevi\u0161\u0137s nodal\u012bjums perif\u0113rijas ier\u012bc\u0113m. Elegants dizains ar dro\u0161u r\u0101v\u0113jsl\u0113dz\u0113ja aizdari. Komplekt\u0101 ietilpst 1x GPD WIN 4 cieto korpusu korpuss","inLanguage":"lv-LV","isPartOf":{"@id":"https:\/\/droix.eu\/lv\/#website"},"breadcrumb":{"@id":"https:\/\/droix.eu\/lv\/product\/gpd-win-4-cieto-korpusu-futralis\/#breadcrumblist"},"image":{"@type":"ImageObject","url":"https:\/\/droix.eu\/wp-content\/uploads\/2023\/05\/51y5P54tgzLready-gpd-4.png","@id":"https:\/\/droix.eu\/lv\/product\/gpd-win-4-cieto-korpusu-futralis\/#mainImage","width":1000,"height":1000},"primaryImageOfPage":{"@id":"https:\/\/droix.eu\/lv\/product\/gpd-win-4-cieto-korpusu-futralis\/#mainImage"},"datePublished":"2023-05-25T09:22:48+01:00","dateModified":"2026-01-22T14:38:33+00:00"},{"@type":"WebSite","@id":"https:\/\/droix.eu\/lv\/#website","url":"https:\/\/droix.eu\/lv\/","name":"DROIX EU","description":"Get the latest Mini PCs, Ultrabook, PC Gaming Handhelds and more!","inLanguage":"lv-LV","publisher":{"@id":"https:\/\/droix.eu\/lv\/#organization"}}]},"og:locale":"lv_LV","og:site_name":"DROIX EU - Get the latest Mini PCs, Ultrabook, PC Gaming Handhelds and more!","og:type":"article","og:title":"GPD WIN 4 cieto korpusu futr\u0101lis - DROIX EU","og:description":"Ofici\u0101lais GPD aizsargv\u0101ci\u0146\u0161 GPD WIN 4 Iztur\u012bgs \u0101r\u0113jais sint\u0113tisk\u0101 polim\u0113ra apvalks M\u012bksta auduma odere papildu aizsardz\u012bbai. Atsevi\u0161\u0137s nodal\u012bjums perif\u0113rijas ier\u012bc\u0113m. Elegants dizains ar dro\u0161u r\u0101v\u0113jsl\u0113dz\u0113ja aizdari. Komplekt\u0101 ietilpst 1x GPD WIN 4 cieto korpusu korpuss","og:url":"https:\/\/droix.eu\/lv\/product\/gpd-win-4-cieto-korpusu-futralis\/","og:image":"https:\/\/droix.eu\/wp-content\/uploads\/2024\/06\/droix-v2-light-logo.png","og:image:secure_url":"https:\/\/droix.eu\/wp-content\/uploads\/2024\/06\/droix-v2-light-logo.png","og:image:width":380,"og:image:height":118,"article:published_time":"2023-05-25T09:22:48+00:00","article:modified_time":"2026-01-22T14:38:33+00:00","article:publisher":"https:\/\/www.facebook.com\/DroiX.Store","twitter:card":"summary_large_image","twitter:site":"@DroiX_Store","twitter:title":"GPD WIN 4 cieto korpusu futr\u0101lis - DROIX EU","twitter:description":"Ofici\u0101lais GPD aizsargv\u0101ci\u0146\u0161 GPD WIN 4 Iztur\u012bgs \u0101r\u0113jais sint\u0113tisk\u0101 polim\u0113ra apvalks M\u012bksta auduma odere papildu aizsardz\u012bbai. Atsevi\u0161\u0137s nodal\u012bjums perif\u0113rijas ier\u012bc\u0113m. Elegants dizains ar dro\u0161u r\u0101v\u0113jsl\u0113dz\u0113ja aizdari. Komplekt\u0101 ietilpst 1x GPD WIN 4 cieto korpusu korpuss","twitter:image":"https:\/\/droix.eu\/wp-content\/uploads\/2024\/06\/droix-v2-light-logo.png"},"aioseo_meta_data":{"post_id":"511865","title":null,"description":null,"keywords":null,"keyphrases":null,"primary_term":null,"canonical_url":null,"og_title":null,"og_description":null,"og_object_type":"default","og_image_type":"default","og_image_url":null,"og_image_width":null,"og_image_height":null,"og_image_custom_url":null,"og_image_custom_fields":null,"og_video":null,"og_custom_url":null,"og_article_section":null,"og_article_tags":null,"twitter_use_og":true,"twitter_card":"default","twitter_image_type":"default","twitter_image_url":null,"twitter_image_custom_url":null,"twitter_image_custom_fields":null,"twitter_title":null,"twitter_description":null,"schema":{"blockGraphs":[],"customGraphs":[],"default":{"data":{"Article":[],"Course":[],"Dataset":[],"FAQPage":[],"Movie":[],"Person":[],"Product":[],"ProductReview":[],"Car":[],"Recipe":[],"Service":[],"SoftwareApplication":[],"WebPage":[]},"graphName":"","isEnabled":true},"graphs":[]},"schema_type":"default","schema_type_options":null,"pillar_content":false,"robots_default":true,"robots_noindex":false,"robots_noarchive":false,"robots_nosnippet":false,"robots_nofollow":false,"robots_noimageindex":false,"robots_noodp":false,"robots_notranslate":false,"robots_max_snippet":null,"robots_max_videopreview":null,"robots_max_imagepreview":"large","priority":null,"frequency":null,"local_seo":null,"seo_analyzer_scan_date":"2025-10-24 13:11:33","breadcrumb_settings":null,"limit_modified_date":false,"reviewed_by":null,"open_ai":null,"ai":null,"created":"2025-10-09 04:25:34","updated":"2026-01-24 08:53:24"},"aioseo_breadcrumb":"<div class=\"aioseo-breadcrumbs\"><span class=\"aioseo-breadcrumb\">\n\t<a href=\"https:\/\/droix.eu\/lv\/\" title=\"Home\">Home<\/a>\n<\/span><span class=\"aioseo-breadcrumb-separator\">&raquo;<\/span><span class=\"aioseo-breadcrumb\">\n\t<a href=\"https:\/\/droix.eu\/lv\/product-category\/aksesuari\/\" title=\"Aksesu\u0101ri\">Aksesu\u0101ri<\/a>\n<\/span><span class=\"aioseo-breadcrumb-separator\">&raquo;<\/span><span class=\"aioseo-breadcrumb\">\n\t<a href=\"https:\/\/droix.eu\/lv\/product-category\/aksesuari\/spelu-aksesuari\/\" title=\"Sp\u0113\u013cu aksesu\u0101ri\">Sp\u0113\u013cu aksesu\u0101ri<\/a>\n<\/span><span class=\"aioseo-breadcrumb-separator\">&raquo;<\/span><span class=\"aioseo-breadcrumb\">\n\tGPD WIN 4 cieto korpusu futr\u0101lis\n<\/span><\/div>","aioseo_breadcrumb_json":[{"label":"Home","link":"https:\/\/droix.eu\/lv\/"},{"label":"Aksesu\u0101ri","link":"https:\/\/droix.eu\/lv\/product-category\/aksesuari\/"},{"label":"Sp\u0113\u013cu aksesu\u0101ri","link":"https:\/\/droix.eu\/lv\/product-category\/aksesuari\/spelu-aksesuari\/"},{"label":"GPD WIN 4 cieto korpusu futr\u0101lis","link":"https:\/\/droix.eu\/lv\/product\/gpd-win-4-cieto-korpusu-futralis\/"}],"_links":{"self":[{"href":"https:\/\/droix.eu\/lv\/wp-json\/wp\/v2\/product\/511865","targetHints":{"allow":["GET"]}}],"collection":[{"href":"https:\/\/droix.eu\/lv\/wp-json\/wp\/v2\/product"}],"about":[{"href":"https:\/\/droix.eu\/lv\/wp-json\/wp\/v2\/types\/product"}],"version-history":[{"count":0,"href":"https:\/\/droix.eu\/lv\/wp-json\/wp\/v2\/product\/511865\/revisions"}],"wp:featuredmedia":[{"embeddable":true,"href":"https:\/\/droix.eu\/lv\/wp-json\/wp\/v2\/media\/409293"}],"wp:attachment":[{"href":"https:\/\/droix.eu\/lv\/wp-json\/wp\/v2\/media?parent=511865"}],"wp:term":[{"taxonomy":"product_brand","embeddable":true,"href":"https:\/\/droix.eu\/lv\/wp-json\/wp\/v2\/product_brand?post=511865"},{"taxonomy":"product_cat","embeddable":true,"href":"https:\/\/droix.eu\/lv\/wp-json\/wp\/v2\/product_cat?post=511865"},{"taxonomy":"product_tag","embeddable":true,"href":"https:\/\/droix.eu\/lv\/wp-json\/wp\/v2\/product_tag?post=511865"},{"taxonomy":"woo-feed-brand","embeddable":true,"href":"https:\/\/droix.eu\/lv\/wp-json\/wp\/v2\/woo-feed-brand?post=511865"},{"taxonomy":"key-features","embeddable":true,"href":"https:\/\/droix.eu\/lv\/wp-json\/wp\/v2\/key-features?post=511865"}],"curies":[{"name":"wp","href":"https:\/\/api.w.org\/{rel}","templated":true}]}}